{"id":92334,"date":"2023-12-06T14:21:16","date_gmt":"2023-12-06T14:21:16","guid":{"rendered":"http:\/\/talkpal.ai\/%e8%aa%9e%e8%a8%80%e8%ad%89%e6%9b%b8\/"},"modified":"2026-01-07T14:20:56","modified_gmt":"2026-01-07T14:20:56","slug":"%e8%aa%9e%e8%a8%80%e8%ad%89%e6%9b%b8","status":"publish","type":"page","link":"https:\/\/talkpal.ai\/zh-hant\/%e8%aa%9e%e8%a8%80%e8%ad%89%e6%9b%b8\/","title":{"rendered":"\u8a9e\u8a00\u8b49\u66f8"},"content":{"rendered":"\r\n\r\n\r\n<section class=\"languageChallengeSection\">\r\n    <div class=\"languageInfoWrapper\">\r\n        \r\n        <h1>\u8a9e\u8a00\u8b49\u66f8<\/h1>\r\n        <p>\u5168\u7403\u516c\u8a8d\u7684\u8a9e\u8a00\u8a8d\u8b49\u6975\u5927\u5730\u63d0\u5347\u4e86\u500b\u4eba\u3001\u5c08\u696d\u548c\u5b78\u8853\u4e4b\u65c5\u3002 \u5b83\u5011\u662f\u80fd\u529b\u7684\u91cd\u8981\u8b49\u660e\uff0c\u70ba\u5c31\u696d\u3001\u6559\u80b2\u548c\u6587\u5316\u7406\u89e3\u6253\u958b\u4e86\u5927\u9580\u3002\n\n\u5728\u7af6\u722d\u6fc0\u70c8\u7684\u5c31\u696d\u5e02\u5834\u4e2d\uff0cTOEFL\uff08\u82f1\u8a9e\uff09\u3001DSH\uff08\u5fb7\u8a9e\uff09\u3001DELF\uff08\u6cd5\u8a9e\uff09\u6216DELE\uff08\u897f\u73ed\u7259\u8a9e\uff09\u7b49\u8a8d\u8b49\u53ef\u4ee5\u63d0\u4f9b\u660e\u986f\u7684\u512a\u52e2\u3002 \u9019\u4e9b\u8a8d\u8b49\u8b49\u660e\u77ad\u8a9e\u8a00\u80fd\u529b\uff0c\u5438\u5f15\u4e86\u5546\u696d\u3001\u91ab\u7642\u4fdd\u5065\u548c\u65c5\u904a\u7b49\u5404\u500b\u9818\u57df\u7684\u96c7\u4e3b\u3002 \u63a2\u7d22\u548c\u767c\u73fe\u5404\u7a2e\u8a9e\u8a00\u8a8d\u8b49\uff0c\u4e26\u77ad\u89e3 Talkpal \u5982\u4f55\u8aac\u660e\u60a8\u70ba\u9019\u4e9b\u8a8d\u8b49\u505a\u597d\u6e96\u5099\u3002<\/p>\r\n\r\n                            <a class=\"getStartedHidden\" href=\"https:\/\/app.talkpal.ai\/zh-tw\/signup?lng=\">\u958b\u59cb\u5427<\/a>\r\n        \r\n    <\/div>\r\n\r\n    <figure>\r\n    <img decoding=\"async\" width=\"768\" height=\"768\" src=\"https:\/\/talkpal.ai\/wp-content\/uploads\/2026\/01\/curly-girl-with-phone-yellow-background-768x768.webp\" class=\"languageImage no-lazy\" alt=\"Default alt text\" fetchpriority=\"high\" sizes=\"(max-width: 768px) 150px, 768px\" srcset=\"https:\/\/talkpal.ai\/wp-content\/uploads\/2026\/01\/curly-girl-with-phone-yellow-background-768x768.webp 768w, https:\/\/talkpal.ai\/wp-content\/uploads\/2026\/01\/curly-girl-with-phone-yellow-background-300x300.webp 300w\" \/>\r\n    \r\n\r\n    <\/figure>\r\n\r\n            <a class=\"getStartedVisible\" href=\"https:\/\/app.talkpal.ai\/zh-tw\/signup?lng=\">\u958b\u59cb\u5427<\/a>\r\n    \r\n<\/section>\n<div class=\"wp-block-group pageContainerStyle\"><div class=\"wp-block-group__inner-container is-layout-constrained wp-block-group-is-layout-constrained\">\n<h2 class=\"wp-block-heading\" id=\"h-language-certificates\">\u8a9e\u8a00\u8b49\u66f8<\/h2>\n\n\n\r\n                    <div class=\"methodWraper\">\r\n            <div class=\"methodContent\">\r\n                <img decoding=\"async\" src=\"https:\/\/talkpal.ai\/wp-content\/uploads\/2025\/05\/check_icon.png\" alt=\"Checkmark Icon\">\r\n                <h3>\u82f1\u8a9e\uff1a<\/h3>\r\n            <\/div>\r\n            <p>&#8211; IELTS\uff08\u570b\u969b\u82f1\u8a9e\u8a9e\u8a00\u6e2c\u8a66\u7cfb\u7d71\uff09\n&#8211; TOEFL\uff08\u82f1\u8a9e\u4f5c\u70ba\u5916\u8a9e\u8003\u8a66\uff09\n&#8211; \u528d\u6a4b\u82f1\u8a9e\u8003\u8a66\n&#8211; PTE\uff08\u57f9\u751f\u82f1\u8a9e\u8003\u8a66\uff09\u5b78\u8853\u985e\n&#8211; OET\uff08\u8077\u696d\u82f1\u8a9e\u6e2c\u8a66\uff09\n&#8211; CELPIP\uff08\u52a0\u62ff\u5927\u82f1\u8a9e\u8a9e\u8a00\u80fd\u529b\u6307\u6578\u8a08\u5283\uff09<\/p>\r\n        <\/div>\r\n                    <div class=\"methodWraper\">\r\n            <div class=\"methodContent\">\r\n                <img decoding=\"async\" src=\"https:\/\/talkpal.ai\/wp-content\/uploads\/2025\/05\/check_icon.png\" alt=\"Checkmark Icon\">\r\n                <h3>\u897f\u73ed\u7259\u8a9e\uff1a<\/h3>\r\n            <\/div>\r\n            <p>&#8211; DELE \uff08Diplomas de Espa\u00f1ol como Lengua Extranjera\uff09\n&#8211; SIELE \uff08Servicio Internacional de Evaluaci\u00f3n de la Lengua Espa\u00f1ola\uff09\n&#8211; CELU \uff08Certificado de Espa\u00f1ol\uff1a Lengua y Uso\uff09<\/p>\r\n        <\/div>\r\n                    <div class=\"methodWraper\">\r\n            <div class=\"methodContent\">\r\n                <img decoding=\"async\" src=\"https:\/\/talkpal.ai\/wp-content\/uploads\/2025\/05\/check_icon.png\" alt=\"Checkmark Icon\">\r\n                <h3>\u5fb7\u8a9e\uff1a<\/h3>\r\n            <\/div>\r\n            <p>&#8211; TestDaF \uff08Test Deutsch als Fremdsprache\uff09 \u6b4c\u5fb7-Zertifikat\n&#8211; DSH \uff08Deutsche Sprachpr\u00fcfung f\u00fcr den Hochschulzugang\uff09\n&#8211; \u00d6SD \uff08\u00d6sterreichisches Sprachdiplom Deutsch\uff09\n&#8211; telc \uff08\u6b50\u6d32\u8a9e\u8a00\u6191\u8b49\uff09<\/p>\r\n        <\/div>\r\n                    <div class=\"methodWraper\">\r\n            <div class=\"methodContent\">\r\n                <img decoding=\"async\" src=\"https:\/\/talkpal.ai\/wp-content\/uploads\/2025\/05\/check_icon.png\" alt=\"Checkmark Icon\">\r\n                <h3>\u6cd5\u8a9e\uff1a<\/h3>\r\n            <\/div>\r\n            <p>&#8211; DELF\/DALF \uff08Dipl\u00f4me d&#039;Etudes en Langue Fran\u00e7aise\uff09\n&#8211; TEF \uff08Test d&#039;Evaluation de Fran\u00e7ais\uff09\n&#8211; TCF \uff08Test de Connaissance du Fran\u00e7ais\uff09\n&#8211; TEFAQ \uff08Test d&#039;Evaluation de Fran\u00e7ais adapt\u00e9 au Qu\u00e9bec\uff09<\/p>\r\n        <\/div>\r\n    <\/div><\/div>\n","protected":false},"excerpt":{"rendered":"<p>\u8a9e\u8a00\u8b49\u66f8<\/p>\n","protected":false},"author":8,"featured_media":197947,"parent":0,"menu_order":0,"comment_status":"closed","ping_status":"closed","template":"LearningContentPage.php","meta":{"_acf_changed":false,"footnotes":""},"class_list":["post-92334","page","type-page","status-publish","has-post-thumbnail","hentry"],"acf":[],"yoast_head":"<!-- This site is optimized with the Yoast SEO Premium plugin v27.2 (Yoast SEO v27.2) - https:\/\/yoast.com\/product\/yoast-seo-premium-wordpress\/ -->\n<title>\u8a9e\u8a00\u8b49\u66f8 - Talkpal<\/title>\n<meta name=\"description\" content=\"\u901a\u904e\u516c\u8a8d\u7684\u8a9e\u8a00\u8b49\u66f8\u63a8\u52d5\u60a8\u7684\u8077\u696d\u751f\u6daf - \u9a57\u8b49\u6280\u80fd\u3001\u63d0\u9ad8\u53ef\u4fe1\u5ea6\u4e26\u89e3\u9396\u5168\u7403\u6a5f\u6703\" \/>\n<meta name=\"robots\" content=\"index, follow, max-snippet:-1, max-image-preview:large, max-video-preview:-1\" \/>\n<link rel=\"canonical\" href=\"https:\/\/talkpal.ai\/zh-hant\/%e8%aa%9e%e8%a8%80%e8%ad%89%e6%9b%b8\/\" \/>\n<meta property=\"og:locale\" content=\"zh_TW\" \/>\n<meta property=\"og:type\" content=\"article\" \/>\n<meta property=\"og:title\" content=\"\u8a9e\u8a00\u8b49\u66f8\" \/>\n<meta property=\"og:description\" content=\"\u8a9e\u8a00\u8b49\u66f8\" \/>\n<meta property=\"og:url\" content=\"https:\/\/talkpal.ai\/zh-hant\/%e8%aa%9e%e8%a8%80%e8%ad%89%e6%9b%b8\/\" \/>\n<meta property=\"og:site_name\" content=\"Talkpal\" \/>\n<meta property=\"article:publisher\" content=\"https:\/\/www.facebook.com\/profile.php?id=100090733639311\" \/>\n<meta property=\"article:modified_time\" content=\"2026-01-07T14:20:56+00:00\" \/>\n<meta property=\"og:image\" content=\"https:\/\/talkpal.ai\/wp-content\/uploads\/2024\/03\/Talkpal-Logo-Icon.png\" \/>\n\t<meta property=\"og:image:width\" content=\"5000\" \/>\n\t<meta property=\"og:image:height\" content=\"5000\" \/>\n\t<meta property=\"og:image:type\" content=\"image\/png\" \/>\n<meta name=\"twitter:card\" content=\"summary_large_image\" \/>\n<meta name=\"twitter:site\" content=\"@talkpalai\" \/>\n<script type=\"application\/ld+json\" class=\"yoast-schema-graph\">{\"@context\":\"https:\/\/schema.org\",\"@graph\":[{\"@type\":\"WebPage\",\"@id\":\"https:\/\/talkpal.ai\/zh-hant\/%e8%aa%9e%e8%a8%80%e8%ad%89%e6%9b%b8\/\",\"url\":\"https:\/\/talkpal.ai\/zh-hant\/%e8%aa%9e%e8%a8%80%e8%ad%89%e6%9b%b8\/\",\"name\":\"\u8a9e\u8a00\u8b49\u66f8 - Talkpal\",\"isPartOf\":{\"@id\":\"https:\/\/talkpal.ai\/zh-hant\/#website\"},\"primaryImageOfPage\":{\"@id\":\"https:\/\/talkpal.ai\/zh-hant\/%e8%aa%9e%e8%a8%80%e8%ad%89%e6%9b%b8\/#primaryimage\"},\"image\":{\"@id\":\"https:\/\/talkpal.ai\/zh-hant\/%e8%aa%9e%e8%a8%80%e8%ad%89%e6%9b%b8\/#primaryimage\"},\"thumbnailUrl\":\"https:\/\/talkpal.ai\/wp-content\/uploads\/2024\/03\/Talkpal-Logo-Icon.png\",\"datePublished\":\"2023-12-06T14:21:16+00:00\",\"dateModified\":\"2026-01-07T14:20:56+00:00\",\"description\":\"\u901a\u904e\u516c\u8a8d\u7684\u8a9e\u8a00\u8b49\u66f8\u63a8\u52d5\u60a8\u7684\u8077\u696d\u751f\u6daf - \u9a57\u8b49\u6280\u80fd\u3001\u63d0\u9ad8\u53ef\u4fe1\u5ea6\u4e26\u89e3\u9396\u5168\u7403\u6a5f\u6703\",\"breadcrumb\":{\"@id\":\"https:\/\/talkpal.ai\/zh-hant\/%e8%aa%9e%e8%a8%80%e8%ad%89%e6%9b%b8\/#breadcrumb\"},\"inLanguage\":\"zh-TW\",\"potentialAction\":[{\"@type\":\"ReadAction\",\"target\":[\"https:\/\/talkpal.ai\/zh-hant\/%e8%aa%9e%e8%a8%80%e8%ad%89%e6%9b%b8\/\"]}]},{\"@type\":\"ImageObject\",\"inLanguage\":\"zh-TW\",\"@id\":\"https:\/\/talkpal.ai\/zh-hant\/%e8%aa%9e%e8%a8%80%e8%ad%89%e6%9b%b8\/#primaryimage\",\"url\":\"https:\/\/talkpal.ai\/wp-content\/uploads\/2024\/03\/Talkpal-Logo-Icon.png\",\"contentUrl\":\"https:\/\/talkpal.ai\/wp-content\/uploads\/2024\/03\/Talkpal-Logo-Icon.png\",\"width\":5000,\"height\":5000,\"caption\":\"talkpal logo\"},{\"@type\":\"BreadcrumbList\",\"@id\":\"https:\/\/talkpal.ai\/zh-hant\/%e8%aa%9e%e8%a8%80%e8%ad%89%e6%9b%b8\/#breadcrumb\",\"itemListElement\":[{\"@type\":\"ListItem\",\"position\":1,\"name\":\"Homepage\",\"item\":\"https:\/\/talkpal.ai\/zh-hant\/\"},{\"@type\":\"ListItem\",\"position\":2,\"name\":\"\u8a9e\u8a00\u8b49\u66f8\"}]},{\"@type\":\"WebSite\",\"@id\":\"https:\/\/talkpal.ai\/zh-hant\/#website\",\"url\":\"https:\/\/talkpal.ai\/zh-hant\/\",\"name\":\"Talkpal\",\"description\":\"AI Language Learning\",\"publisher\":{\"@id\":\"https:\/\/talkpal.ai\/zh-hant\/#organization\"},\"alternateName\":\"Talkpal AI\",\"potentialAction\":[{\"@type\":\"SearchAction\",\"target\":{\"@type\":\"EntryPoint\",\"urlTemplate\":\"https:\/\/talkpal.ai\/zh-hant\/?s={search_term_string}\"},\"query-input\":{\"@type\":\"PropertyValueSpecification\",\"valueRequired\":true,\"valueName\":\"search_term_string\"}}],\"inLanguage\":\"zh-TW\"},{\"@type\":\"Organization\",\"@id\":\"https:\/\/talkpal.ai\/zh-hant\/#organization\",\"name\":\"Talkpal, Inc.\",\"alternateName\":\"Talkpal AI\",\"url\":\"https:\/\/talkpal.ai\/zh-hant\/\",\"logo\":{\"@type\":\"ImageObject\",\"inLanguage\":\"zh-TW\",\"@id\":\"https:\/\/talkpal.ai\/zh-hant\/#\/schema\/logo\/image\/\",\"url\":\"https:\/\/talkpal.ai\/wp-content\/uploads\/2024\/03\/Talkpal-Logo-Icon.png\",\"contentUrl\":\"https:\/\/talkpal.ai\/wp-content\/uploads\/2024\/03\/Talkpal-Logo-Icon.png\",\"width\":2880,\"height\":2880,\"caption\":\"Talkpal, Inc.\"},\"image\":{\"@id\":\"https:\/\/talkpal.ai\/zh-hant\/#\/schema\/logo\/image\/\"},\"sameAs\":[\"https:\/\/www.facebook.com\/profile.php?id=100090733639311\",\"https:\/\/x.com\/talkpalai\",\"https:\/\/www.linkedin.com\/company\/talkpal\/\",\"https:\/\/www.youtube.com\/@TalkPal\/\",\"https:\/\/www.tiktok.com\/@talkpal\",\"https:\/\/www.instagram.com\/talkpal_ai\/\",\"https:\/\/www.crunchbase.com\/organization\/talkpal-9cde\",\"https:\/\/www.g2.com\/products\/talkpal-for-business\/\",\"https:\/\/www.trustpilot.com\/review\/talkpal.ai\",\"https:\/\/www.capterra.com\/p\/10006800\/TalkPal\/\"],\"description\":\"Talkpal is a language learning web and mobile education app, powered by the latest AI technologies, that provides engaging experiences to its customers in many different languages to help them improve their language skills. Users can chat about unlimited amount of topics with the app and use other modes to practice their language learning.\",\"email\":\"support@talkpal.ai\",\"legalName\":\"Talkpal, Inc.\",\"foundingDate\":\"2023-04-03\",\"duns\":\"118989042\",\"numberOfEmployees\":{\"@type\":\"QuantitativeValue\",\"minValue\":\"11\",\"maxValue\":\"50\"},\"publishingPrinciples\":\"https:\/\/talkpal.ai\/publishing-principles\/\",\"actionableFeedbackPolicy\":\"https:\/\/talkpal.ai\/actionable-feedback-policy\/\",\"correctionsPolicy\":\"https:\/\/talkpal.ai\/corrections-policy\/\",\"ethicsPolicy\":\"https:\/\/talkpal.ai\/ethics-policy\/\",\"diversityPolicy\":\"https:\/\/talkpal.ai\/diversity-policy\/\",\"diversityStaffingReport\":\"https:\/\/talkpal.ai\/diversity-policy\/\"}]}<\/script>\n<!-- \/ Yoast SEO Premium plugin. -->","yoast_head_json":{"title":"\u8a9e\u8a00\u8b49\u66f8 - Talkpal","description":"\u901a\u904e\u516c\u8a8d\u7684\u8a9e\u8a00\u8b49\u66f8\u63a8\u52d5\u60a8\u7684\u8077\u696d\u751f\u6daf - \u9a57\u8b49\u6280\u80fd\u3001\u63d0\u9ad8\u53ef\u4fe1\u5ea6\u4e26\u89e3\u9396\u5168\u7403\u6a5f\u6703","robots":{"index":"index","follow":"follow","max-snippet":"max-snippet:-1","max-image-preview":"max-image-preview:large","max-video-preview":"max-video-preview:-1"},"canonical":"https:\/\/talkpal.ai\/zh-hant\/%e8%aa%9e%e8%a8%80%e8%ad%89%e6%9b%b8\/","og_locale":"zh_TW","og_type":"article","og_title":"\u8a9e\u8a00\u8b49\u66f8","og_description":"\u8a9e\u8a00\u8b49\u66f8","og_url":"https:\/\/talkpal.ai\/zh-hant\/%e8%aa%9e%e8%a8%80%e8%ad%89%e6%9b%b8\/","og_site_name":"Talkpal","article_publisher":"https:\/\/www.facebook.com\/profile.php?id=100090733639311","article_modified_time":"2026-01-07T14:20:56+00:00","og_image":[{"width":5000,"height":5000,"url":"https:\/\/talkpal.ai\/wp-content\/uploads\/2024\/03\/Talkpal-Logo-Icon.png","type":"image\/png"}],"twitter_card":"summary_large_image","twitter_site":"@talkpalai","schema":{"@context":"https:\/\/schema.org","@graph":[{"@type":"WebPage","@id":"https:\/\/talkpal.ai\/zh-hant\/%e8%aa%9e%e8%a8%80%e8%ad%89%e6%9b%b8\/","url":"https:\/\/talkpal.ai\/zh-hant\/%e8%aa%9e%e8%a8%80%e8%ad%89%e6%9b%b8\/","name":"\u8a9e\u8a00\u8b49\u66f8 - Talkpal","isPartOf":{"@id":"https:\/\/talkpal.ai\/zh-hant\/#website"},"primaryImageOfPage":{"@id":"https:\/\/talkpal.ai\/zh-hant\/%e8%aa%9e%e8%a8%80%e8%ad%89%e6%9b%b8\/#primaryimage"},"image":{"@id":"https:\/\/talkpal.ai\/zh-hant\/%e8%aa%9e%e8%a8%80%e8%ad%89%e6%9b%b8\/#primaryimage"},"thumbnailUrl":"https:\/\/talkpal.ai\/wp-content\/uploads\/2024\/03\/Talkpal-Logo-Icon.png","datePublished":"2023-12-06T14:21:16+00:00","dateModified":"2026-01-07T14:20:56+00:00","description":"\u901a\u904e\u516c\u8a8d\u7684\u8a9e\u8a00\u8b49\u66f8\u63a8\u52d5\u60a8\u7684\u8077\u696d\u751f\u6daf - \u9a57\u8b49\u6280\u80fd\u3001\u63d0\u9ad8\u53ef\u4fe1\u5ea6\u4e26\u89e3\u9396\u5168\u7403\u6a5f\u6703","breadcrumb":{"@id":"https:\/\/talkpal.ai\/zh-hant\/%e8%aa%9e%e8%a8%80%e8%ad%89%e6%9b%b8\/#breadcrumb"},"inLanguage":"zh-TW","potentialAction":[{"@type":"ReadAction","target":["https:\/\/talkpal.ai\/zh-hant\/%e8%aa%9e%e8%a8%80%e8%ad%89%e6%9b%b8\/"]}]},{"@type":"ImageObject","inLanguage":"zh-TW","@id":"https:\/\/talkpal.ai\/zh-hant\/%e8%aa%9e%e8%a8%80%e8%ad%89%e6%9b%b8\/#primaryimage","url":"https:\/\/talkpal.ai\/wp-content\/uploads\/2024\/03\/Talkpal-Logo-Icon.png","contentUrl":"https:\/\/talkpal.ai\/wp-content\/uploads\/2024\/03\/Talkpal-Logo-Icon.png","width":5000,"height":5000,"caption":"talkpal logo"},{"@type":"BreadcrumbList","@id":"https:\/\/talkpal.ai\/zh-hant\/%e8%aa%9e%e8%a8%80%e8%ad%89%e6%9b%b8\/#breadcrumb","itemListElement":[{"@type":"ListItem","position":1,"name":"Homepage","item":"https:\/\/talkpal.ai\/zh-hant\/"},{"@type":"ListItem","position":2,"name":"\u8a9e\u8a00\u8b49\u66f8"}]},{"@type":"WebSite","@id":"https:\/\/talkpal.ai\/zh-hant\/#website","url":"https:\/\/talkpal.ai\/zh-hant\/","name":"Talkpal","description":"AI Language Learning","publisher":{"@id":"https:\/\/talkpal.ai\/zh-hant\/#organization"},"alternateName":"Talkpal AI","potentialAction":[{"@type":"SearchAction","target":{"@type":"EntryPoint","urlTemplate":"https:\/\/talkpal.ai\/zh-hant\/?s={search_term_string}"},"query-input":{"@type":"PropertyValueSpecification","valueRequired":true,"valueName":"search_term_string"}}],"inLanguage":"zh-TW"},{"@type":"Organization","@id":"https:\/\/talkpal.ai\/zh-hant\/#organization","name":"Talkpal, Inc.","alternateName":"Talkpal AI","url":"https:\/\/talkpal.ai\/zh-hant\/","logo":{"@type":"ImageObject","inLanguage":"zh-TW","@id":"https:\/\/talkpal.ai\/zh-hant\/#\/schema\/logo\/image\/","url":"https:\/\/talkpal.ai\/wp-content\/uploads\/2024\/03\/Talkpal-Logo-Icon.png","contentUrl":"https:\/\/talkpal.ai\/wp-content\/uploads\/2024\/03\/Talkpal-Logo-Icon.png","width":2880,"height":2880,"caption":"Talkpal, Inc."},"image":{"@id":"https:\/\/talkpal.ai\/zh-hant\/#\/schema\/logo\/image\/"},"sameAs":["https:\/\/www.facebook.com\/profile.php?id=100090733639311","https:\/\/x.com\/talkpalai","https:\/\/www.linkedin.com\/company\/talkpal\/","https:\/\/www.youtube.com\/@TalkPal\/","https:\/\/www.tiktok.com\/@talkpal","https:\/\/www.instagram.com\/talkpal_ai\/","https:\/\/www.crunchbase.com\/organization\/talkpal-9cde","https:\/\/www.g2.com\/products\/talkpal-for-business\/","https:\/\/www.trustpilot.com\/review\/talkpal.ai","https:\/\/www.capterra.com\/p\/10006800\/TalkPal\/"],"description":"Talkpal is a language learning web and mobile education app, powered by the latest AI technologies, that provides engaging experiences to its customers in many different languages to help them improve their language skills. Users can chat about unlimited amount of topics with the app and use other modes to practice their language learning.","email":"support@talkpal.ai","legalName":"Talkpal, Inc.","foundingDate":"2023-04-03","duns":"118989042","numberOfEmployees":{"@type":"QuantitativeValue","minValue":"11","maxValue":"50"},"publishingPrinciples":"https:\/\/talkpal.ai\/publishing-principles\/","actionableFeedbackPolicy":"https:\/\/talkpal.ai\/actionable-feedback-policy\/","correctionsPolicy":"https:\/\/talkpal.ai\/corrections-policy\/","ethicsPolicy":"https:\/\/talkpal.ai\/ethics-policy\/","diversityPolicy":"https:\/\/talkpal.ai\/diversity-policy\/","diversityStaffingReport":"https:\/\/talkpal.ai\/diversity-policy\/"}]}},"_links":{"self":[{"href":"https:\/\/talkpal.ai\/zh-hant\/wp-json\/wp\/v2\/pages\/92334","targetHints":{"allow":["GET"]}}],"collection":[{"href":"https:\/\/talkpal.ai\/zh-hant\/wp-json\/wp\/v2\/pages"}],"about":[{"href":"https:\/\/talkpal.ai\/zh-hant\/wp-json\/wp\/v2\/types\/page"}],"author":[{"embeddable":true,"href":"https:\/\/talkpal.ai\/zh-hant\/wp-json\/wp\/v2\/users\/8"}],"replies":[{"embeddable":true,"href":"https:\/\/talkpal.ai\/zh-hant\/wp-json\/wp\/v2\/comments?post=92334"}],"version-history":[{"count":0,"href":"https:\/\/talkpal.ai\/zh-hant\/wp-json\/wp\/v2\/pages\/92334\/revisions"}],"wp:featuredmedia":[{"embeddable":true,"href":"https:\/\/talkpal.ai\/zh-hant\/wp-json\/wp\/v2\/media\/197947"}],"wp:attachment":[{"href":"https:\/\/talkpal.ai\/zh-hant\/wp-json\/wp\/v2\/media?parent=92334"}],"curies":[{"name":"wp","href":"https:\/\/api.w.org\/{rel}","templated":true}]}}