{"id":74950,"date":"2023-05-14T13:48:36","date_gmt":"2023-05-14T13:48:36","guid":{"rendered":"http:\/\/talkpal.ai\/%e6%bc%a2%e8%aa%9e%e8%aa%9e%e6%b3%95\/"},"modified":"2025-06-17T16:40:29","modified_gmt":"2025-06-17T16:40:29","slug":"%e6%bc%a2%e8%aa%9e%e8%aa%9e%e6%b3%95","status":"publish","type":"page","link":"https:\/\/talkpal.ai\/zh-hant\/%e6%bc%a2%e8%aa%9e%e8%aa%9e%e6%b3%95\/","title":{"rendered":"\u6f22\u8a9e\u8a9e\u6cd5"},"content":{"rendered":"\r\n\r\n\r\n<section class=\"languageChallengeSection\">\r\n    <div class=\"languageInfoWrapper\">\r\n        \r\n        <h1>\u6f22\u8a9e\u8a9e\u6cd5<\/h1>\r\n        <p>\u901a\u904e\u5b78\u7fd2\u95dc\u9375\u7684\u8a9e\u6cd5\u7d50\u69cb\u548c\u4f7f\u7528\u6a21\u5f0f\u4f86\u52a0\u5f37\u60a8\u7684\u4e2d\u6587\u8a9e\u8a00\u6280\u80fd\u3002 \u4eca\u5929\u5c31\u958b\u59cb\u63d0\u9ad8\u4f60\u7684\u4e2d\u6587\u8a9e\u6cd5\uff0c\u81ea\u4fe1\u5730\u4ea4\u6d41\u5427\uff01<\/p>\r\n\r\n                            <a class=\"getStartedHidden\" href=\"https:\/\/app.talkpal.ai\/zh-tw\/signup?lng=\">\u958b\u59cb\u5427<\/a>\r\n        \r\n    <\/div>\r\n\r\n    <figure>\r\n    <img decoding=\"async\" width=\"768\" height=\"768\" src=\"https:\/\/talkpal.ai\/wp-content\/uploads\/2023\/06\/chinese-768x768.png\" class=\"languageImage no-lazy\" alt=\"Language learning for flexible communication\" fetchpriority=\"high\" sizes=\"(max-width: 768px) 150px, 768px\" srcset=\"https:\/\/talkpal.ai\/wp-content\/uploads\/2023\/06\/chinese-768x768.png 768w, https:\/\/talkpal.ai\/wp-content\/uploads\/2023\/06\/chinese-300x300.png 300w\" \/>\r\n    \r\n\r\n    <\/figure>\r\n\r\n            <a class=\"getStartedVisible\" href=\"https:\/\/app.talkpal.ai\/zh-tw\/signup?lng=\">\u958b\u59cb\u5427<\/a>\r\n    \r\n<\/section>\r\n<section class=\"promotionalBanner\">\r\n    <p class=\"promotionalText\">\u5b78\u7fd2\u8a9e\u8a00\u7684\u6700\u6709\u6548\u65b9\u6cd5<\/p>\r\n    <a class=\"promotionalLink\" href=\"https:\/\/app.talkpal.ai\/zh-tw\/signup?lng=\">\u514d\u8cbb\u8a66\u7528 Talkpal<\/a>\r\n<\/section>\n<div class=\"wp-block-group pageContainerStyle\"><div class=\"wp-block-group__inner-container is-layout-constrained wp-block-group-is-layout-constrained\">\n<h2 class=\"wp-block-heading\" id=\"h-chinese-grammar-the-key-to-mastering-mandarin\">\u6f22\u8a9e\u8a9e\u6cd5\uff1a\u638c\u63e1\u666e\u901a\u8a71\u7684\u95dc\u9375<\/h2>\n\n\n\n<p>\u4f60\u662f\u4e00\u500b\u96c4\u5fc3\u52c3\u52c3\u7684\u8a9e\u8a00\u5b78\u7fd2\u8005\uff0c\u8457\u773c\u65bc\u638c\u63e1\u666e\u901a\u8a71\u55ce\uff1f \u5982\u679c\u662f\u9019\u6a23\uff0c\u606d\u559c\u4f60\uff01 \u5b78\u7fd2\u4e2d\u6587\u662f\u62d3\u5bec\u5168\u7403\u601d\u7dad\u3001\u8207\u5404\u7a2e\u6f14\u8b1b\u8005\u5efa\u7acb\u806f\u7e6b\u4e26\u5728\u667a\u529b\u4e0a\u6311\u6230\u81ea\u6211\u7684\u7d55\u4f73\u65b9\u5f0f\u3002 \u7136\u800c\uff0c\u7531\u65bc\u670912\u5104\u6bcd\u8a9e\u6d88\u8cbb\u8005\u548c\u8207\u897f\u65b9\u8a9e\u8a00\u622a\u7136\u4e0d\u540c\u7684\u8a9e\u8a00\u7cfb\u7d71\uff0c\u6f22\u8a9e\u8a9e\u6cd5\u4f3c\u4e4e\u76f8\u7576\u4ee4\u4eba\u751f\u754f\u3002 \u4e0d\u8981\u5bb3\u6015\uff01 \u8acb\u7e7c\u7e8c\u95b1\u8b80\u9069\u5408\u521d\u5b78\u8005\u7684\u6f22\u8a9e\u8a9e\u6cd5\u901f\u6210\u8ab2\u7a0b\uff0c\u8a72\u8ab2\u7a0b\u65e2\u5f15\u4eba\u5165\u52dd\u53c8\u5167\u5bb9\u8c50\u5bcc\u3002<\/p>\n\n\n\n<p><strong>\u7b2c\u4e00\u4ef6\u4e8b\uff1a\u5fd8\u8a18\u4f60\u5c0d\u6b50\u6d32\u8a9e\u8a00\u7684\u77ad\u89e3\uff01<\/strong><\/p>\n\n\n\n<p>\u8a9e\u8a00\u5b78\u751f\u5c0d\u6f22\u8a9e\u8a9e\u6cd5\u611f\u5230\u5bb3\u6015\u7684\u4e00\u500b\u4e3b\u8981\u539f\u56e0\u662f\uff0c\u5b83\u8207\u6211\u5011\u5728\u82f1\u8a9e\u3001\u897f\u73ed\u7259\u8a9e\u6216\u6cd5\u8a9e\u7b49\u8a9e\u8a00\u4e2d\u7fd2\u6163\u7684\u201c\u4e3b\u8b02\u8cd3\u8a9e\u201d\u7d50\u69cb\u622a\u7136\u4e0d\u540c\u3002 \u56e0\u6b64\uff0c\u6df1\u5438\u4e00\u53e3\u6c23\uff0c\u8b93\u6211\u5011\u6f5b\u5165\u4e00\u500b\u5168\u65b0\u7684\u8a9e\u8a00\u898f\u5247\u548c\u6982\u5ff5\u4e16\u754c\uff01<\/p>\n\n\n\n<h3 class=\"wp-block-heading\" id=\"h-1-word-order-is-king\">1.\u8a5e\u5e8f\u70ba\u738b<\/h3>\n\n\n\n<p>\u96d6\u7136\u6f22\u8a9e\u8a9e\u6cd5\u4e2d\u6c92\u6709\u6642\u614b\u3001\u52d5\u8a5e\u8b8a\u4f4d\u6216\u8907\u6578\uff0c\u4f46\u6b63\u78ba\u7684\u53e5\u5b50\u7d50\u69cb\u81f3\u95dc\u91cd\u8981\u3002 \u90a3\u9ebc\uff0c\u6b63\u78ba\u7684\u8a5e\u5e8f\u662f\u5982\u4f55\u5be6\u73fe\u7684\u5462\uff1f \u5728\u5927\u591a\u6578\u60c5\u6cc1\u4e0b\uff0c\u53ea\u9700\u9075\u5faa\u300c\u4e3b\u8a9e-\u52d5\u8a5e-\u8cd3\u8a9e\u300d\u6a21\u5f0f\uff08\u985e\u4f3c\u65bc\u82f1\u8a9e\uff09\u3002 \u4f8b\u5982\uff1a<\/p>\n\n\n\n<p>\u4e2d\u6587\uff08\u7c21\u9ad4\uff09 \uff1a <a href=\"https:\/\/talkpal.ai\/culture\/how-do-i-say-i-love-you-in-italian\/\">I love you<\/a>.<br\/>\u7c21\u9ad4\u4e2d\u6587\uff1a \u6211\u611b\u4f60\u3002W\u01d2 \u00e0i n\u01d0.<\/p>\n\n\n\n<p>\u6709\u66f4\u8907\u96dc\u7684\u7d50\u69cb\uff0c\u4f46\u7576\u4f60\u9032\u6b65\u6642\uff0c\u5efa\u7acb\u5805\u5be6\u7684\u57fa\u790e\u5c07\u4f7f\u5b83\u5011\u66f4\u5bb9\u6613\u638c\u63e1\u3002<\/p>\n\n\n\n<h3 class=\"wp-block-heading\" id=\"h-2-particles-particles-everywhere\">2.\u9846\u7c92\uff0c\u9846\u7c92\u7121\u8655\u4e0d\u5728\uff01<\/h3>\n\n\n\n<p>\u5728\u6f22\u8a9e\u8a9e\u6cd5\u4e2d\uff0c\u52a9\u8a5e\u5728\u50b3\u9054\u610f\u7fa9\u65b9\u9762\u8d77\u8457\u81f3\u95dc\u91cd\u8981\u7684\u4f5c\u7528\u3002 \u6700\u5e38\u898b\u7684\u52a9\u8a5e\u4e4b\u4e00\u662f\u201c\u4e86\uff08le\uff09\u201d\uff0c\u5b83\u8868\u793a\u4e00\u500b\u5b8c\u6210\u7684\u52d5\u4f5c\u3002 \u4f8b\u5982\uff1a<\/p>\n\n\n\n<p>\u6211\u5403\u4e86\u3002W\u01d2 ch\u012b le.\u2013 \u201c\u6211\u5403\u904e\u4e86\u3002\u201d<\/p>\n\n\n\n<p>\u53e6\u4e00\u500b\u5e38\u898b\u7684\u52a9\u8a5e\u662f\u300c\u5427\uff08ba\uff09\u300d\uff0c\u5b83\u5c07\u9673\u8ff0\u8b8a\u6210\u5efa\u8b70\u6216\u554f\u984c\uff1a<\/p>\n\n\n\n<p>\u8d70\u5427\uff01Z\u01d2u ba\uff01\u2013 \u201c\u6211\u5011\u8d70\u5427\uff01\u201d<\/p>\n\n\n\n<p>\u7406\u89e3\u5404\u7a2e\u52a9\u8a5e\u7684\u529f\u80fd\u662f\u638c\u63e1\u6f22\u8a9e\u8a9e\u6cd5\u7d30\u5fae\u5dee\u5225\u7684\u95dc\u9375\u3002<\/p>\n\n\n\n<h3 class=\"wp-block-heading\" id=\"h-3-measure-words-quality-not-quantity\">3.\u8861\u91cf\u8a5e\u8a9e\uff1a\u54c1\u8cea\uff0c\u800c\u4e0d\u662f\u6578\u91cf<\/h3>\n\n\n\n<p>\u5728\u4e2d\u6587\u4e2d\uff0c\u540d\u8a5e\u6c92\u6709\u8907\u6578\u3002 \u76f8\u53cd\uff0c\u4ed6\u5011\u4f7f\u7528\u91cf\u8a5e\uff08\u4e5f\u7a31\u70ba\u5206\u985e\u5668\uff09\u4f86\u8868\u9054\u6578\u91cf\u3002 \u5728\u6578\u4f4d\u548c\u540d\u8a5e\u4e4b\u9593\u6dfb\u52a0\u91cf\u8a5e\u3002 \u4f8b\u5982\uff1a<\/p>\n\n\n\n<p>\u4e00\u672c\u66f8 \u2013 Y\u012b b\u011bn <a href=\"https:\/\/talkpal.ai\/locations\/language-courses-in-shu\/\">sh\u016b<\/a> \u2013 \u201cone book\u201d<\/p>\n\n\n\n<p>\u8acb\u6ce8\u610f\uff0c\u4f7f\u7528\u672c \uff08b\u011bn\uff09 \u4f5c\u70ba\u66f8\u7c4d\u7684\u91cf\u8a5e\u3002 \u4e0d\u540c\u7684\u540d\u8a5e\u9700\u8981\u4e0d\u540c\u7684\u5ea6\u91cf\u8a5e\uff0c\u96d6\u7136\u9019\u4e4d\u4e00\u770b\u4f3c\u4e4e\u4ee4\u4eba\u56f0\u60d1\uff0c\u4f46\u96a8\u8457\u7df4\u7fd2\uff0c\u5b83\u6703\u6210\u70ba\u7b2c\u4e8c\u5929\u6027\u3002<\/p>\n\n\n\n<h3 class=\"wp-block-heading\" id=\"h-4-the-magic-of-compound-words\">4.\u8907\u5408\u8a5e\u7684\u9b54\u529b<\/h3>\n\n\n\n<p>\u6f22\u8a9e\u5145\u6eff\u4e86\u8907\u5408\u8a5e\uff0c\u9019\u4e9b\u8907\u5408\u8a5e\u662f\u7531\u5169\u500b\u6216\u591a\u500b\u5b57\u5143\u7d44\u5408\u800c\u6210\u7684\u3002 \u9019\u4e0d\u50c5\u7c21\u5316\u4e86\u8a5e\u5f59\u5b78\u7fd2\uff0c\u800c\u4e14\u9084\u5141\u8a31\u751f\u52d5\u7684\u5716\u50cf\u548c\u4e0a\u4e0b\u6587\u3002 \u4f8b\u5982\uff1a<\/p>\n\n\n\n<p>\u706b\u8eca \u2013 Hu\u01d2ch\u0113 \u2013 \u201c\u706b\u8eca\u201d\uff08\u5b57\u9762\u610f\u601d\u662f\uff1a\u201c\u6d88\u9632\u8eca\u201d\uff09<br\/>\u96fb\u8a71 \u2013 Di\u00e0nhu\u00e0 \u2013 \u201c\u96fb\u8a71\u201d\uff08\u5b57\u9762\u610f\u601d\u662f\uff1a\u201c\u96fb\u8a71\u201d\uff09<\/p>\n\n\n\n<p>\u901a\u904e\u7406\u89e3\u55ae\u500b\u5b57\u5143\u7684\u542b\u7fa9\uff0c\u60a8\u53ef\u4ee5\u8f15\u9b06\u63a8\u65b7\u51fa\u4ee5\u524d\u5f9e\u672a\u9047\u5230\u904e\u7684\u8907\u5408\u8a5e\u7684\u542b\u7fa9\u3002<\/p>\n\n\n\n<h3 class=\"wp-block-heading\" id=\"h-5-no-tenses-no-problem\">5. \u6c92\u6709\u6642\u614b\uff1f \u6c92\u95dc\u4fc2\uff01<\/h3>\n\n\n\n<p>\u4e2d\u6587\u6700\u4ee4\u4eba\u8033\u76ee\u4e00\u65b0\u7684\u65b9\u9762\u4e4b\u4e00\u662f\u7f3a\u4e4f\u4e0d\u540c\u6642\u614b\u7684\u52d5\u8a5e\u8b8a\u4f4d\u3002 \u4f46\u662f\u4f60\u5982\u4f55\u8868\u9054\u6642\u9593\u5462\uff1f \u7c21\u55ae\uff01 \u53ea\u9700\u5305\u542b\u6307\u793a\u6642\u9593\u7bc4\u570d\u7684\u8a5e\u8a9e\uff0c\u4f8b\u5982\uff1a<\/p>\n\n\n\n<p>\u6628\u5929 \u2013 Zu\u00f3ti\u0101n \u2013 \u201c\u6628\u5929\u201d<br\/>\u660e\u5929 \u2013 M\u00edngti\u0101n \u2013 \u201c\u660e\u5929\u201d<\/p>\n\n\n\n<p><strong>\u4f8b\u5982\uff1a<\/strong><\/p>\n\n\n\n<p>\u6211\u6628\u5929\u5403\u4e86\u98ef\u3002W\u01d2 zu\u00f3ti\u0101n ch\u012b le f\u00e0n.\u2013 \u201c\u6211\u6628\u5929\u5403\u4e86\u98df\u7269\u3002\u201d<br\/>\u6211\u660e\u5929\u5403\u98ef\u3002W\u01d2 m\u00edngti\u0101n ch\u012b f\u00e0n.\u2013 \u201c\u6211\u660e\u5929\u8981\u5403\u98ef\u3002\u201d<\/p>\n\n\n\n<p>\u795d\u8cc0\uff01 \u4f60\u5df2\u7d93\u9081\u51fa\u4e86\u638c\u63e1\u4e2d\u6587\u8a9e\u6cd5\u7684\u7b2c\u4e00\u6b65\u3002 \u8a18\u4f4f\uff1a\u719f\u80fd\u751f\u5de7\u3002 \u56e0\u6b64\uff0c\u4e0d\u8981\u8ff4\u907f\u63a2\u7d22\u65b0\u7684\u8a9e\u6cd5\u7d50\u69cb\uff0c\u8207\u6bcd\u8a9e\u4eba\u58eb\u4ea4\u8ac7\u4e26\u978f\u56fa\u60a8\u7684\u57fa\u790e\u3002 \u666e\u901a\u8a71\u7684\u4e16\u754c\u7b49\u8457\u4f60\u2014\u2014\u5feb\u6a02\u5b78\u7fd2\uff01<\/p>\n<\/div><\/div>\n\r\n<section class=\"learnNavigationSection\">\r\n            \r\n        <a href=\"https:\/\/talkpal.ai\/zh-hant\/%e5%ad%b8%e7%bf%92%e4%b8%ad%e6%96%87\/\">\r\n            <div class=\"learnNavigationWrapper\">\r\n                <div class=\"learnNavigationContent\">\r\n                    <img decoding=\"async\" src=\"https:\/\/talkpal.ai\/wp-content\/uploads\/2024\/08\/Chinese.jpg\" alt=\"Chinese Flag\u00a0\">\r\n                    <div>\r\n                        <h4>\u95dc\u65bc\u6f22\u8a9e\u5b78\u7fd2<\/h4>\r\n                        <p>\u77ad\u89e3\u6709\u95dc\u6f22\u8a9e\u8a9e\u6cd5\u7684\u6240\u6709\u8cc7\u8a0a \u3002<\/p>\r\n                    <\/div>\r\n                <\/div>\r\n            <\/div>\r\n        <\/a>\r\n\r\n        \r\n        <a href=\"https:\/\/talkpal.ai\/zh-hant\/%e6%bc%a2%e8%aa%9e%e8%aa%9e%e6%b3%95%e7%b7%b4%e7%bf%92\/\">\r\n            <div class=\"learnNavigationWrapper\">\r\n                <div class=\"learnNavigationContent\">\r\n                    <img decoding=\"async\" src=\"https:\/\/talkpal.ai\/wp-content\/uploads\/2024\/08\/Chinese.jpg\" alt=\"Chinese Flag\u00a0\">\r\n                    <div>\r\n                        <h4>\u6f22\u8a9e\u8a9e\u6cd5\u7df4\u7fd2<\/h4>\r\n                        <p>\u7df4\u7fd2\u4e2d\u6587 \u8a9e\u6cd5\u3002<\/p>\r\n                    <\/div>\r\n                <\/div>\r\n            <\/div>\r\n        <\/a>\r\n\r\n        \r\n        <a href=\"https:\/\/talkpal.ai\/vocabulary_language\/chinese\/\">\r\n            <div class=\"learnNavigationWrapper\">\r\n                <div class=\"learnNavigationContent\">\r\n                    <img decoding=\"async\" src=\"https:\/\/talkpal.ai\/wp-content\/uploads\/2024\/08\/Chinese.jpg\" alt=\"Chinese Flag\u00a0\">\r\n                    <div>\r\n                        <h4>\u6f22\u8a9e\u8a5e\u5f59<\/h4>\r\n                        <p>\u64f4\u5927\u4f60\u7684\u4e2d\u6587\u8a5e\u5f59\u91cf\u3002<\/p>\r\n                    <\/div>\r\n                <\/div>\r\n            <\/div>\r\n        <\/a>\r\n\r\n            <\/section>","protected":false},"excerpt":{"rendered":"<p>\u6f22\u8a9e\u8a9e\u6cd5\uff1a\u638c\u63e1\u666e\u901a\u8a71\u7684\u95dc\u9375 \u4f60\u662f\u4e00\u500b\u96c4\u5fc3\u52c3\u52c3\u7684\u8a9e\u8a00\u5b78\u7fd2\u8005\uff0c\u8457\u773c\u65bc\u638c\u63e1\u666e\u901a\u8a71\u55ce\uff1f \u5982\u679c\u662f\u9019\u6a23\uff0c\u606d\u559c\u4f60\uff01 \u5b78\u7fd2\u4e2d\u6587 [&hellip;]<\/p>\n","protected":false},"author":1,"featured_media":71580,"parent":0,"menu_order":0,"comment_status":"closed","ping_status":"closed","template":"LearningContentPage.php","meta":{"_acf_changed":false,"footnotes":""},"class_list":["post-74950","page","type-page","status-publish","has-post-thumbnail","hentry"],"acf":[],"yoast_head":"<!-- This site is optimized with the Yoast SEO Premium plugin v27.2 (Yoast SEO v27.2) - https:\/\/yoast.com\/product\/yoast-seo-premium-wordpress\/ -->\n<title>\u6f22\u8a9e\u8a9e\u6cd5 - Talkpal<\/title>\n<meta name=\"description\" content=\"\u89e3\u958b\u6f22\u8a9e\u8a9e\u6cd5\u7684\u79d8\u5bc6\uff0c\u4ee5\u66f4\u597d\u5730\u7406\u89e3\u4e2d\u570b\u8a9e\u8a00\u548c\u6587\u5316\u3002\" \/>\n<meta name=\"robots\" content=\"index, follow, max-snippet:-1, max-image-preview:large, max-video-preview:-1\" \/>\n<link rel=\"canonical\" href=\"https:\/\/talkpal.ai\/zh-hant\/%e6%bc%a2%e8%aa%9e%e8%aa%9e%e6%b3%95\/\" \/>\n<meta property=\"og:locale\" content=\"zh_TW\" \/>\n<meta property=\"og:type\" content=\"article\" \/>\n<meta property=\"og:title\" content=\"\u6f22\u8a9e\u8a9e\u6cd5\" \/>\n<meta property=\"og:description\" content=\"\u6f22\u8a9e\u8a9e\u6cd5\uff1a\u638c\u63e1\u666e\u901a\u8a71\u7684\u95dc\u9375 \u4f60\u662f\u4e00\u500b\u96c4\u5fc3\u52c3\u52c3\u7684\u8a9e\u8a00\u5b78\u7fd2\u8005\uff0c\u8457\u773c\u65bc\u638c\u63e1\u666e\u901a\u8a71\u55ce\uff1f \u5982\u679c\u662f\u9019\u6a23\uff0c\u606d\u559c\u4f60\uff01 \u5b78\u7fd2\u4e2d\u6587\u662f\u62d3\u5bec\u5168\u7403\u601d\u7dad\u3001\u8207\u5404\u7a2e\u6f14\u8b1b\u8005\u5efa\u7acb\u806f\u7e6b\u4e26\u5728\u667a\u529b\u4e0a\u6311\u6230\u81ea\u6211\u7684\u7d55\u4f73\u65b9\u5f0f\u3002 \u7136\u800c\uff0c\u7531\u65bc\u670912\u5104\u6bcd\u8a9e\u6d88\u8cbb\u8005\u548c\u8207\u897f\u65b9\u8a9e\u8a00\u622a\u7136\u4e0d\u540c\u7684\u8a9e\u8a00\u7cfb\u7d71\uff0c\u6f22\u8a9e\u8a9e\u6cd5\u4f3c\u4e4e\u76f8\u7576\u4ee4\u4eba\u751f\u754f\u3002 \u4e0d\u8981\u5bb3\u6015\uff01\" \/>\n<meta property=\"og:url\" content=\"https:\/\/talkpal.ai\/zh-hant\/%e6%bc%a2%e8%aa%9e%e8%aa%9e%e6%b3%95\/\" \/>\n<meta property=\"og:site_name\" content=\"Talkpal\" \/>\n<meta property=\"article:publisher\" content=\"https:\/\/www.facebook.com\/profile.php?id=100090733639311\" \/>\n<meta property=\"article:modified_time\" content=\"2025-06-17T16:40:29+00:00\" \/>\n<meta property=\"og:image\" content=\"https:\/\/talkpal.ai\/wp-content\/uploads\/2023\/04\/china.png\" \/>\n\t<meta property=\"og:image:width\" content=\"512\" \/>\n\t<meta property=\"og:image:height\" content=\"512\" \/>\n\t<meta property=\"og:image:type\" content=\"image\/png\" \/>\n<meta name=\"twitter:card\" content=\"summary_large_image\" \/>\n<meta name=\"twitter:site\" content=\"@talkpalai\" \/>\n<script type=\"application\/ld+json\" class=\"yoast-schema-graph\">{\"@context\":\"https:\/\/schema.org\",\"@graph\":[{\"@type\":\"WebPage\",\"@id\":\"https:\/\/talkpal.ai\/zh-hant\/%e6%bc%a2%e8%aa%9e%e8%aa%9e%e6%b3%95\/\",\"url\":\"https:\/\/talkpal.ai\/zh-hant\/%e6%bc%a2%e8%aa%9e%e8%aa%9e%e6%b3%95\/\",\"name\":\"\u6f22\u8a9e\u8a9e\u6cd5 - Talkpal\",\"isPartOf\":{\"@id\":\"https:\/\/talkpal.ai\/zh-hant\/#website\"},\"primaryImageOfPage\":{\"@id\":\"https:\/\/talkpal.ai\/zh-hant\/%e6%bc%a2%e8%aa%9e%e8%aa%9e%e6%b3%95\/#primaryimage\"},\"image\":{\"@id\":\"https:\/\/talkpal.ai\/zh-hant\/%e6%bc%a2%e8%aa%9e%e8%aa%9e%e6%b3%95\/#primaryimage\"},\"thumbnailUrl\":\"https:\/\/talkpal.ai\/wp-content\/uploads\/2023\/04\/china.png\",\"datePublished\":\"2023-05-14T13:48:36+00:00\",\"dateModified\":\"2025-06-17T16:40:29+00:00\",\"description\":\"\u89e3\u958b\u6f22\u8a9e\u8a9e\u6cd5\u7684\u79d8\u5bc6\uff0c\u4ee5\u66f4\u597d\u5730\u7406\u89e3\u4e2d\u570b\u8a9e\u8a00\u548c\u6587\u5316\u3002\",\"breadcrumb\":{\"@id\":\"https:\/\/talkpal.ai\/zh-hant\/%e6%bc%a2%e8%aa%9e%e8%aa%9e%e6%b3%95\/#breadcrumb\"},\"inLanguage\":\"zh-TW\",\"potentialAction\":[{\"@type\":\"ReadAction\",\"target\":[\"https:\/\/talkpal.ai\/zh-hant\/%e6%bc%a2%e8%aa%9e%e8%aa%9e%e6%b3%95\/\"]}]},{\"@type\":\"ImageObject\",\"inLanguage\":\"zh-TW\",\"@id\":\"https:\/\/talkpal.ai\/zh-hant\/%e6%bc%a2%e8%aa%9e%e8%aa%9e%e6%b3%95\/#primaryimage\",\"url\":\"https:\/\/talkpal.ai\/wp-content\/uploads\/2023\/04\/china.png\",\"contentUrl\":\"https:\/\/talkpal.ai\/wp-content\/uploads\/2023\/04\/china.png\",\"width\":512,\"height\":512},{\"@type\":\"BreadcrumbList\",\"@id\":\"https:\/\/talkpal.ai\/zh-hant\/%e6%bc%a2%e8%aa%9e%e8%aa%9e%e6%b3%95\/#breadcrumb\",\"itemListElement\":[{\"@type\":\"ListItem\",\"position\":1,\"name\":\"Homepage\",\"item\":\"https:\/\/talkpal.ai\/zh-hant\/\"},{\"@type\":\"ListItem\",\"position\":2,\"name\":\"\u6f22\u8a9e\u8a9e\u6cd5\"}]},{\"@type\":\"WebSite\",\"@id\":\"https:\/\/talkpal.ai\/zh-hant\/#website\",\"url\":\"https:\/\/talkpal.ai\/zh-hant\/\",\"name\":\"Talkpal\",\"description\":\"AI Language Learning\",\"publisher\":{\"@id\":\"https:\/\/talkpal.ai\/zh-hant\/#organization\"},\"alternateName\":\"Talkpal AI\",\"potentialAction\":[{\"@type\":\"SearchAction\",\"target\":{\"@type\":\"EntryPoint\",\"urlTemplate\":\"https:\/\/talkpal.ai\/zh-hant\/?s={search_term_string}\"},\"query-input\":{\"@type\":\"PropertyValueSpecification\",\"valueRequired\":true,\"valueName\":\"search_term_string\"}}],\"inLanguage\":\"zh-TW\"},{\"@type\":\"Organization\",\"@id\":\"https:\/\/talkpal.ai\/zh-hant\/#organization\",\"name\":\"Talkpal, Inc.\",\"alternateName\":\"Talkpal AI\",\"url\":\"https:\/\/talkpal.ai\/zh-hant\/\",\"logo\":{\"@type\":\"ImageObject\",\"inLanguage\":\"zh-TW\",\"@id\":\"https:\/\/talkpal.ai\/zh-hant\/#\/schema\/logo\/image\/\",\"url\":\"https:\/\/talkpal.ai\/wp-content\/uploads\/2024\/03\/Talkpal-Logo-Icon.png\",\"contentUrl\":\"https:\/\/talkpal.ai\/wp-content\/uploads\/2024\/03\/Talkpal-Logo-Icon.png\",\"width\":2880,\"height\":2880,\"caption\":\"Talkpal, Inc.\"},\"image\":{\"@id\":\"https:\/\/talkpal.ai\/zh-hant\/#\/schema\/logo\/image\/\"},\"sameAs\":[\"https:\/\/www.facebook.com\/profile.php?id=100090733639311\",\"https:\/\/x.com\/talkpalai\",\"https:\/\/www.linkedin.com\/company\/talkpal\/\",\"https:\/\/www.youtube.com\/@TalkPal\/\",\"https:\/\/www.tiktok.com\/@talkpal\",\"https:\/\/www.instagram.com\/talkpal_ai\/\",\"https:\/\/www.crunchbase.com\/organization\/talkpal-9cde\",\"https:\/\/www.g2.com\/products\/talkpal-for-business\/\",\"https:\/\/www.trustpilot.com\/review\/talkpal.ai\",\"https:\/\/www.capterra.com\/p\/10006800\/TalkPal\/\"],\"description\":\"Talkpal is a language learning web and mobile education app, powered by the latest AI technologies, that provides engaging experiences to its customers in many different languages to help them improve their language skills. Users can chat about unlimited amount of topics with the app and use other modes to practice their language learning.\",\"email\":\"support@talkpal.ai\",\"legalName\":\"Talkpal, Inc.\",\"foundingDate\":\"2023-04-03\",\"duns\":\"118989042\",\"numberOfEmployees\":{\"@type\":\"QuantitativeValue\",\"minValue\":\"11\",\"maxValue\":\"50\"},\"publishingPrinciples\":\"https:\/\/talkpal.ai\/publishing-principles\/\",\"actionableFeedbackPolicy\":\"https:\/\/talkpal.ai\/actionable-feedback-policy\/\",\"correctionsPolicy\":\"https:\/\/talkpal.ai\/corrections-policy\/\",\"ethicsPolicy\":\"https:\/\/talkpal.ai\/ethics-policy\/\",\"diversityPolicy\":\"https:\/\/talkpal.ai\/diversity-policy\/\",\"diversityStaffingReport\":\"https:\/\/talkpal.ai\/diversity-policy\/\"}]}<\/script>\n<!-- \/ Yoast SEO Premium plugin. -->","yoast_head_json":{"title":"\u6f22\u8a9e\u8a9e\u6cd5 - Talkpal","description":"\u89e3\u958b\u6f22\u8a9e\u8a9e\u6cd5\u7684\u79d8\u5bc6\uff0c\u4ee5\u66f4\u597d\u5730\u7406\u89e3\u4e2d\u570b\u8a9e\u8a00\u548c\u6587\u5316\u3002","robots":{"index":"index","follow":"follow","max-snippet":"max-snippet:-1","max-image-preview":"max-image-preview:large","max-video-preview":"max-video-preview:-1"},"canonical":"https:\/\/talkpal.ai\/zh-hant\/%e6%bc%a2%e8%aa%9e%e8%aa%9e%e6%b3%95\/","og_locale":"zh_TW","og_type":"article","og_title":"\u6f22\u8a9e\u8a9e\u6cd5","og_description":"\u6f22\u8a9e\u8a9e\u6cd5\uff1a\u638c\u63e1\u666e\u901a\u8a71\u7684\u95dc\u9375 \u4f60\u662f\u4e00\u500b\u96c4\u5fc3\u52c3\u52c3\u7684\u8a9e\u8a00\u5b78\u7fd2\u8005\uff0c\u8457\u773c\u65bc\u638c\u63e1\u666e\u901a\u8a71\u55ce\uff1f \u5982\u679c\u662f\u9019\u6a23\uff0c\u606d\u559c\u4f60\uff01 \u5b78\u7fd2\u4e2d\u6587\u662f\u62d3\u5bec\u5168\u7403\u601d\u7dad\u3001\u8207\u5404\u7a2e\u6f14\u8b1b\u8005\u5efa\u7acb\u806f\u7e6b\u4e26\u5728\u667a\u529b\u4e0a\u6311\u6230\u81ea\u6211\u7684\u7d55\u4f73\u65b9\u5f0f\u3002 \u7136\u800c\uff0c\u7531\u65bc\u670912\u5104\u6bcd\u8a9e\u6d88\u8cbb\u8005\u548c\u8207\u897f\u65b9\u8a9e\u8a00\u622a\u7136\u4e0d\u540c\u7684\u8a9e\u8a00\u7cfb\u7d71\uff0c\u6f22\u8a9e\u8a9e\u6cd5\u4f3c\u4e4e\u76f8\u7576\u4ee4\u4eba\u751f\u754f\u3002 \u4e0d\u8981\u5bb3\u6015\uff01","og_url":"https:\/\/talkpal.ai\/zh-hant\/%e6%bc%a2%e8%aa%9e%e8%aa%9e%e6%b3%95\/","og_site_name":"Talkpal","article_publisher":"https:\/\/www.facebook.com\/profile.php?id=100090733639311","article_modified_time":"2025-06-17T16:40:29+00:00","og_image":[{"width":512,"height":512,"url":"https:\/\/talkpal.ai\/wp-content\/uploads\/2023\/04\/china.png","type":"image\/png"}],"twitter_card":"summary_large_image","twitter_site":"@talkpalai","schema":{"@context":"https:\/\/schema.org","@graph":[{"@type":"WebPage","@id":"https:\/\/talkpal.ai\/zh-hant\/%e6%bc%a2%e8%aa%9e%e8%aa%9e%e6%b3%95\/","url":"https:\/\/talkpal.ai\/zh-hant\/%e6%bc%a2%e8%aa%9e%e8%aa%9e%e6%b3%95\/","name":"\u6f22\u8a9e\u8a9e\u6cd5 - Talkpal","isPartOf":{"@id":"https:\/\/talkpal.ai\/zh-hant\/#website"},"primaryImageOfPage":{"@id":"https:\/\/talkpal.ai\/zh-hant\/%e6%bc%a2%e8%aa%9e%e8%aa%9e%e6%b3%95\/#primaryimage"},"image":{"@id":"https:\/\/talkpal.ai\/zh-hant\/%e6%bc%a2%e8%aa%9e%e8%aa%9e%e6%b3%95\/#primaryimage"},"thumbnailUrl":"https:\/\/talkpal.ai\/wp-content\/uploads\/2023\/04\/china.png","datePublished":"2023-05-14T13:48:36+00:00","dateModified":"2025-06-17T16:40:29+00:00","description":"\u89e3\u958b\u6f22\u8a9e\u8a9e\u6cd5\u7684\u79d8\u5bc6\uff0c\u4ee5\u66f4\u597d\u5730\u7406\u89e3\u4e2d\u570b\u8a9e\u8a00\u548c\u6587\u5316\u3002","breadcrumb":{"@id":"https:\/\/talkpal.ai\/zh-hant\/%e6%bc%a2%e8%aa%9e%e8%aa%9e%e6%b3%95\/#breadcrumb"},"inLanguage":"zh-TW","potentialAction":[{"@type":"ReadAction","target":["https:\/\/talkpal.ai\/zh-hant\/%e6%bc%a2%e8%aa%9e%e8%aa%9e%e6%b3%95\/"]}]},{"@type":"ImageObject","inLanguage":"zh-TW","@id":"https:\/\/talkpal.ai\/zh-hant\/%e6%bc%a2%e8%aa%9e%e8%aa%9e%e6%b3%95\/#primaryimage","url":"https:\/\/talkpal.ai\/wp-content\/uploads\/2023\/04\/china.png","contentUrl":"https:\/\/talkpal.ai\/wp-content\/uploads\/2023\/04\/china.png","width":512,"height":512},{"@type":"BreadcrumbList","@id":"https:\/\/talkpal.ai\/zh-hant\/%e6%bc%a2%e8%aa%9e%e8%aa%9e%e6%b3%95\/#breadcrumb","itemListElement":[{"@type":"ListItem","position":1,"name":"Homepage","item":"https:\/\/talkpal.ai\/zh-hant\/"},{"@type":"ListItem","position":2,"name":"\u6f22\u8a9e\u8a9e\u6cd5"}]},{"@type":"WebSite","@id":"https:\/\/talkpal.ai\/zh-hant\/#website","url":"https:\/\/talkpal.ai\/zh-hant\/","name":"Talkpal","description":"AI Language Learning","publisher":{"@id":"https:\/\/talkpal.ai\/zh-hant\/#organization"},"alternateName":"Talkpal AI","potentialAction":[{"@type":"SearchAction","target":{"@type":"EntryPoint","urlTemplate":"https:\/\/talkpal.ai\/zh-hant\/?s={search_term_string}"},"query-input":{"@type":"PropertyValueSpecification","valueRequired":true,"valueName":"search_term_string"}}],"inLanguage":"zh-TW"},{"@type":"Organization","@id":"https:\/\/talkpal.ai\/zh-hant\/#organization","name":"Talkpal, Inc.","alternateName":"Talkpal AI","url":"https:\/\/talkpal.ai\/zh-hant\/","logo":{"@type":"ImageObject","inLanguage":"zh-TW","@id":"https:\/\/talkpal.ai\/zh-hant\/#\/schema\/logo\/image\/","url":"https:\/\/talkpal.ai\/wp-content\/uploads\/2024\/03\/Talkpal-Logo-Icon.png","contentUrl":"https:\/\/talkpal.ai\/wp-content\/uploads\/2024\/03\/Talkpal-Logo-Icon.png","width":2880,"height":2880,"caption":"Talkpal, Inc."},"image":{"@id":"https:\/\/talkpal.ai\/zh-hant\/#\/schema\/logo\/image\/"},"sameAs":["https:\/\/www.facebook.com\/profile.php?id=100090733639311","https:\/\/x.com\/talkpalai","https:\/\/www.linkedin.com\/company\/talkpal\/","https:\/\/www.youtube.com\/@TalkPal\/","https:\/\/www.tiktok.com\/@talkpal","https:\/\/www.instagram.com\/talkpal_ai\/","https:\/\/www.crunchbase.com\/organization\/talkpal-9cde","https:\/\/www.g2.com\/products\/talkpal-for-business\/","https:\/\/www.trustpilot.com\/review\/talkpal.ai","https:\/\/www.capterra.com\/p\/10006800\/TalkPal\/"],"description":"Talkpal is a language learning web and mobile education app, powered by the latest AI technologies, that provides engaging experiences to its customers in many different languages to help them improve their language skills. Users can chat about unlimited amount of topics with the app and use other modes to practice their language learning.","email":"support@talkpal.ai","legalName":"Talkpal, Inc.","foundingDate":"2023-04-03","duns":"118989042","numberOfEmployees":{"@type":"QuantitativeValue","minValue":"11","maxValue":"50"},"publishingPrinciples":"https:\/\/talkpal.ai\/publishing-principles\/","actionableFeedbackPolicy":"https:\/\/talkpal.ai\/actionable-feedback-policy\/","correctionsPolicy":"https:\/\/talkpal.ai\/corrections-policy\/","ethicsPolicy":"https:\/\/talkpal.ai\/ethics-policy\/","diversityPolicy":"https:\/\/talkpal.ai\/diversity-policy\/","diversityStaffingReport":"https:\/\/talkpal.ai\/diversity-policy\/"}]}},"_links":{"self":[{"href":"https:\/\/talkpal.ai\/zh-hant\/wp-json\/wp\/v2\/pages\/74950","targetHints":{"allow":["GET"]}}],"collection":[{"href":"https:\/\/talkpal.ai\/zh-hant\/wp-json\/wp\/v2\/pages"}],"about":[{"href":"https:\/\/talkpal.ai\/zh-hant\/wp-json\/wp\/v2\/types\/page"}],"author":[{"embeddable":true,"href":"https:\/\/talkpal.ai\/zh-hant\/wp-json\/wp\/v2\/users\/1"}],"replies":[{"embeddable":true,"href":"https:\/\/talkpal.ai\/zh-hant\/wp-json\/wp\/v2\/comments?post=74950"}],"version-history":[{"count":0,"href":"https:\/\/talkpal.ai\/zh-hant\/wp-json\/wp\/v2\/pages\/74950\/revisions"}],"wp:featuredmedia":[{"embeddable":true,"href":"https:\/\/talkpal.ai\/zh-hant\/wp-json\/wp\/v2\/media\/71580"}],"wp:attachment":[{"href":"https:\/\/talkpal.ai\/zh-hant\/wp-json\/wp\/v2\/media?parent=74950"}],"curies":[{"name":"wp","href":"https:\/\/api.w.org\/{rel}","templated":true}]}}