{"id":153401,"date":"2023-05-14T14:24:42","date_gmt":"2023-05-14T14:24:42","guid":{"rendered":"http:\/\/talkpal.ai\/%e6%b3%b0%e8%aa%9e%e8%aa%9e%e6%b3%95\/"},"modified":"2025-12-13T15:49:31","modified_gmt":"2025-12-13T15:49:31","slug":"%e6%b3%b0%e8%aa%9e%e8%aa%9e%e6%b3%95","status":"publish","type":"page","link":"https:\/\/talkpal.ai\/zh-hant\/%e6%b3%b0%e8%aa%9e%e8%aa%9e%e6%b3%95\/","title":{"rendered":"\u6cf0\u8a9e\u8a9e\u6cd5"},"content":{"rendered":"\r\n\r\n\r\n<section class=\"languageChallengeSection\">\r\n    <div class=\"languageInfoWrapper\">\r\n        \r\n        <h1>\u6cf0\u8a9e\u8a9e\u6cd5<\/h1>\r\n        <p>\u5b78\u7fd2\u6cf0\u8a9e\u8a9e\u6cd5\uff0c\u9ad4\u9a57\u4e00\u9580\u65e2\u5408\u4e4e\u908f\u8f2f\u53c8\u5bcc\u6709\u8868\u73fe\u529b\u7684\u8a9e\u8a00\u4e4b\u7f8e\u3002 \u958b\u59cb\u4f60\u7684\u65c5\u7a0b\uff0c\u6253\u958b\u4e00\u6247\u901a\u5f80\u8ff7\u4eba\u601d\u7dad\u548c\u8aaa\u8a71\u65b9\u5f0f\u7684\u5927\u9580\uff01<\/p>\r\n\r\n                            <a class=\"getStartedHidden\" href=\"https:\/\/app.talkpal.ai\/zh-tw\/signup?lng=\">\u958b\u59cb\u5427<\/a>\r\n        \r\n    <\/div>\r\n\r\n    <figure>\r\n    <img decoding=\"async\" width=\"768\" height=\"768\" src=\"https:\/\/talkpal.ai\/wp-content\/uploads\/2023\/06\/thai-768x768.png\" class=\"languageImage no-lazy\" alt=\"Language learning for improved thought process\" fetchpriority=\"high\" sizes=\"(max-width: 768px) 150px, 768px\" srcset=\"https:\/\/talkpal.ai\/wp-content\/uploads\/2023\/06\/thai-768x768.png 768w, https:\/\/talkpal.ai\/wp-content\/uploads\/2023\/06\/thai-300x300.png 300w\" \/>\r\n    \r\n\r\n    <\/figure>\r\n\r\n            <a class=\"getStartedVisible\" href=\"https:\/\/app.talkpal.ai\/zh-tw\/signup?lng=\">\u958b\u59cb\u5427<\/a>\r\n    \r\n<\/section>\r\n<section class=\"promotionalBanner\">\r\n    <p class=\"promotionalText\">\u5b78\u7fd2\u8a9e\u8a00\u7684\u6700\u6709\u6548\u65b9\u6cd5<\/p>\r\n    <a class=\"promotionalLink\" href=\"https:\/\/app.talkpal.ai\/zh-tw\/signup?lng=\">\u514d\u8cbb\u8a66\u7528 Talkpal<\/a>\r\n<\/section>\n<div class=\"wp-block-group pageContainerStyle\"><div class=\"wp-block-group__inner-container is-layout-constrained wp-block-group-is-layout-constrained\">\n<h2 class=\"wp-block-heading\" id=\"h-thai-grammar-exploring-a-unique-linguistic-world\">\u6cf0\u8a9e\u8a9e\u6cd5\uff1a\u63a2\u7d22\u7368\u7279\u7684\u8a9e\u8a00\u4e16\u754c<\/h2>\n\n\n\n<p>\u6cf0\u8a9e\u8a9e\u6cd5\u2014\u2014\u770b\u4f3c\u795e\u79d8\u3001\u7570\u570b\u60c5\u8abf\u548c\u8ff7\u4eba\u3002 \u7576\u60a8\u8e0f\u4e0a\u5b78\u7fd2\u6cf0\u8a9e\u7684\u65c5\u7a0b\u6642\uff0c\u60a8\u53ef\u80fd\u6703\u767c\u73fe\u81ea\u5df1\u51fa\u4e4e\u610f\u6599\u5730\u88ab\u5b83\u7684\u8a9e\u6cd5\u6240\u5438\u5f15\u3002 \u4e0d\u8981\u5bb3\u6015\uff0c\u6211\u7684\u8a9e\u8a00\u63a2\u96aa\u5bb6\u5011\uff01 \u6211\u5011\u5728\u9019\u88e1\u70ba\u9019\u500b\u8ff7\u4eba\u7684\u5192\u96aa\u63d0\u4f9b\u6307\u5c0e\u548c\u652f\u63f4\uff01<\/p>\n\n\n\n<p>\u5728\u672c\u6587\u4e2d\uff0c\u6211\u5011\u6df1\u5165\u63a2\u8a0e\u4e86\u6cf0\u8a9e\u8a9e\u6cd5\u7684\u6838\u5fc3\u65b9\u9762\uff0c\u5206\u89e3\u4e86\u95dc\u9375\u6982\u5ff5\uff0c\u89e3\u91cb\u4e86\u898f\u5247\uff0c\u751a\u81f3\u7c21\u5316\u4e86\u8907\u96dc\u6027\u3002 \u52a0\u5165\u6211\u5011\uff0c\u63ed\u958b\u6cf0\u8a9e\u8a9e\u6cd5\u7684\u9762\u7d17\uff0c\u9ede\u71c3\u4f60\u5c0d\u9019\u9580\u5947\u5999\u7368\u7279\u8a9e\u8a00\u7684\u71b1\u60c5\uff01<\/p>\n\n\n\n<h3 class=\"wp-block-heading\" id=\"h-1-nouns-no-plurals-no-genders-no-worries\">1.\u540d\u8a5e\uff1a\u6c92\u6709\u8907\u6578\uff0c\u6c92\u6709\u6027\u5225\uff0c\u6c92\u6709\u5f8c\u9867\u4e4b\u6182\uff01<\/h3>\n\n\n\n<p>\u6cf0\u8a9e\u8a9e\u6cd5\u7684\u7f8e\u5999\u4e4b\u8655\u5728\u65bc\u5b83\u5c0d\u540d\u8a5e\u7684\u7c21\u55ae\u6027\u3002 \u6cf0\u8a9e\u540d\u8a5e\u6c92\u6709\u6027\u5225\u6216\u8907\u6578\u5f62\u5f0f\uff0c\u56e0\u6b64\u6613\u65bc\u4f7f\u7528\u548c\u7406\u89e3\u3002 \u8981\u8868\u793a\u8907\u6578\uff0c\u53ea\u9700\u6dfb\u52a0\u4e00\u500b\u6578\u91cf\u8a5e\uff0c\u5982\u201c\u8a31\u591a\u201d\uff08\u0e21\u0e32\u0e01\uff0cm\u00e2ak\uff09\u6216\u201c\u4e00\u4e9b\u201d\uff08\u0e1a\u0e49\u0e32\u0e07\uff0cb\u00e2ang\uff09\u6216\u91cd\u8907\u540d\u8a5e\u4ee5\u5f37\u8abf\u8907\u6578\u542b\u7fa9\u3002<\/p>\n\n\n\n<h3 class=\"wp-block-heading\" id=\"h-2-pronouns-choose-wisely-based-on-politeness\">2. \u4ee3\u8a5e\uff1a\u6839\u64da\u79ae\u8c8c\u660e\u667a\u5730\u9078\u64c7<\/h3>\n\n\n\n<p>\u5728\u6cf0\u8a9e\u8a9e\u6cd5\u4e2d\uff0c\u9078\u64c7\u5408\u9069\u7684\u4ee3\u8a5e\u5c0d\u65bc\u8868\u793a\u5c0a\u91cd\u548c\u8b19\u905c\u81f3\u95dc\u91cd\u8981\u3002 \u6cf0\u8a9e\u4ee3\u8a5e\u6839\u64da\u8aaa\u8a71\u8005\u548c\u807d\u8005\u7684\u6027\u5225\u3001\u5e74\u9f61\u548c\u95dc\u4fc2\u800c\u6709\u6240\u4e0d\u540c\u3002 \u4f8b\u5982\uff0c\u201c\u0e09\u0e31\u0e19\u201d\uff08ch\u0103n\uff09\u662f\u4e00\u500b\u5e38\u898b\u7684\u975e\u6b63\u5f0f\u7b2c\u4e00\u4eba\u7a31\u4ee3\u8a5e\uff0c\u800c\u201c\u8d0c\u0e21\u201d\uff08p\u014fm\uff09\u5247\u7d93\u5e38\u88ab\u7537\u6027\u5728\u66f4\u6b63\u5f0f\u7684\u5834\u5408\u4f7f\u7528\u3002<\/p>\n\n\n\n<p>\u70ba\u4e86\u79ae\u8c8c\u8d77\u898b\uff0c\u8acb\u4f7f\u7528\u201c\u0e04\u0e38\u0e13\u201d\uff08kun\uff09\u8868\u793a\u201c\u4f60\u201d\uff0c\u4f7f\u7528\u201c\u0e40\u0e02\u0e32\u201d\uff08k\u0103o\uff09\u8868\u793a\u201c\u4ed6\/\u5979\/\u4ed6\u5011\u201d\u3002<\/p>\n\n\n\n<h3 class=\"wp-block-heading\" id=\"h-3-verbs-no-conjugation-or-tenses-only-particles\">3.\u52d5\u8a5e\uff1a\u6c92\u6709\u8b8a\u4f4d\u6216\u6642\u614b\uff0c\u53ea\u6709\u52a9\u8a5e<\/h3>\n\n\n\n<p>\u5728\u6cf0\u8a9e\u8a9e\u6cd5\u4e2d\uff0c\u7121\u8ad6\u6642\u614b\u3001\u60c5\u7dd2\u6216\u4e3b\u8a9e\u5982\u4f55\uff0c\u52d5\u8a5e\u90fd\u4fdd\u6301\u4e0d\u8b8a\u3002 \u53d6\u800c\u4ee3\u4e4b\u7684\u662f\uff0c\u6cf0\u8a9e\u4f9d\u9760\u7a31\u70ba\u52a9\u8a5e\u7684\u7c21\u55ae\u8a5e\u4f86\u8868\u793a\u53e5\u5b50\u7684\u6642\u614b\u6216\u614b\u5ea6\u3002 \u9019\u4e9b\u7c92\u5b50\u88ab\u653e\u5728\u53e5\u5b50\u7684\u672b\u5c3e\u3002<\/p>\n\n\n\n<p>\u4f8b\u5982\uff0c\u52a9\u8a5e\u201c\u0e41\u0e25\u0e49\u0e27\u201d\uff08l\u00e1ew\uff09\u8868\u793a\u904e\u53bb\u6642\u6216\u5df2\u5b8c\u6210\u7684\u52d5\u4f5c\uff0c\u201c\u0e01\u0e4d\u0e32\u0e25\u0e31\u0e07\u201d\uff08gam-lang\uff09\u8868\u793a\u6b63\u5728\u9032\u884c\u7684\u52d5\u4f5c\u3002 \u56e0\u6b64\uff0c\u201c\u0e40\u0e02\u0e32\u0e01\u0e34\u0e19\u201d\uff08k\u0103o gin\uff09\u7684\u610f\u601d\u662f\u201c\u4ed6\/\u5979\u5403\u201d\uff0c\u800c\u201c\u0e40\u0e02\u0e32\u0e01\u0e34\u0e19\u0e41\u0e25\u0e49\u0e27\u201d\uff08k\u0103o gin l\u00e1ew\uff09\u7684\u610f\u601d\u662f\u201c\u4ed6\/\u5979\u5403\u4e86\u201d\u3002<\/p>\n\n\n\n<h3 class=\"wp-block-heading\" id=\"h-4-sentence-structure-clear-and-straightforward\">4.\u53e5\u5b50\u7d50\u69cb\uff1a\u6e05\u6670\u660e\u77ad<\/h3>\n\n\n\n<p>\u6cf0\u8a9e\u8a9e\u6cd5\u9075\u5faa\u4e3b\u8b02\u8cd3 \uff08SVO\uff09 \u53e5\u5b50\u7d50\u69cb\uff0c\u985e\u4f3c\u65bc\u82f1\u8a9e\uff0c\u9019\u7c21\u5316\u4e86\u82f1\u8a9e\u6d88\u8cbb\u8005\u7684\u7406\u89e3\u3002 \u4e3b\u8981\u898f\u5247\u662f\u5f62\u5bb9\u8a5e\u3001\u526f\u8a5e\u548c\u5176\u4ed6\u63cf\u8ff0\u6027\u8a5e\u8ddf\u5728\u5b83\u5011\u6240\u63cf\u8ff0\u7684\u540d\u8a5e\u6216\u52d5\u8a5e\u4e4b\u5f8c\u3002<\/p>\n\n\n\n<p>\u4f8b\u5982\uff0c\u201c\u0e1c\u0e21\u0e0a\u0e2d\u0e1a\u0e2b\u0e19\u0e31\u0e07\u0e2a\u0e37\u0e2d\u0e19\u0e35\u0e49\u201d\uff08p\u014fm ch\u00e2wp n\u0103ng s\u011bu n\u00e9e\uff09\u7ffb\u8b6f\u70ba\u201c\u6211\uff08\u4e3b\u8a9e\uff09\u559c\u6b61\uff08\u52d5\u8a5e\uff09\u9019\u672c\u66f8\uff08\u8cd3\u8a9e\uff09\u201d\u3002<\/p>\n\n\n\n<h3 class=\"wp-block-heading\" id=\"h-5-immerse-yourself-in-thai-practice-makes-perfect\">5. \u6c89\u6d78\u5728\u6cf0\u8a9e\u4e2d\uff1a\u719f\u80fd\u751f\u5de7<\/h3>\n\n\n\n<p>\u7406\u89e3\u548c\u638c\u63e1\u6cf0\u8a9e\u8a9e\u6cd5\u6700\u521d\u53ef\u80fd\u770b\u8d77\u4f86\u5f88\u6709\u6311\u6230\u6027\uff0c\u4f46\u95dc\u9375\u662f\u5805\u6301\u4e0d\u61c8\u548c\u5805\u6301\u7df4\u7fd2\u3002 \u901a\u904e\u8b93\u81ea\u5df1\u6c89\u6d78\u5728\u8a9e\u8a00\u4e2d\u3001\u95b1\u8b80\u3001\u5beb\u4f5c\u3001\u807d\u529b\u4ee5\u53ca\u8207\u6bcd\u8a9e\u4eba\u58eb\u4ea4\u8ac7\u4f86\u8abf\u52d5\u60a8\u7684\u6240\u6709\u611f\u5b98\u3002 \u4f60\u5c0d\u6cf0\u8a9e\u8a9e\u6cd5\u7684\u63a5\u89f8\u8d8a\u591a\uff0c\u9019\u4e9b\u7570\u570b\u60c5\u8abf\u7684\u6982\u5ff5\u5c31\u8d8a\u6703\u611f\u5230\u719f\u6089\u548c\u8212\u9069\u3002<\/p>\n\n\n\n<p>\u90a3\u9ebc\uff0c\u4f60\u6e96\u5099\u597d\u6f5b\u5165\u8ff7\u4eba\u7684\u6cf0\u8a9e\u8a9e\u6cd5\u4e16\u754c\u4e86\u55ce\uff1f \u64c1\u62b1\u6cf0\u8a9e\u8a9e\u6cd5\u7684\u6311\u6230\u548c\u7368\u7279\u7279\u5fb5\uff0c\u901a\u904e\u6642\u9593\u3001\u5949\u737b\u7cbe\u795e\u548c\u5192\u96aa\u7cbe\u795e\uff0c\u60a8\u53ef\u4ee5\u89e3\u9396\u6cf0\u8a9e\u7684\u8ff7\u4eba\u4e4b\u7f8e\u3002<\/p>\n<\/div><\/div>\n\r\n<section class=\"learnNavigationSection\">\r\n            \r\n        <a href=\"https:\/\/talkpal.ai\/zh-hant\/%e5%ad%b8%e7%bf%92%e6%b3%b0%e8%aa%9e\/\">\r\n            <div class=\"learnNavigationWrapper\">\r\n                <div class=\"learnNavigationContent\">\r\n                    <img decoding=\"async\" src=\"https:\/\/talkpal.ai\/wp-content\/uploads\/2024\/08\/Thai.jpg\" alt=\"Thai Flag\">\r\n                    <div>\r\n                        <h4>\u95dc\u65bc\u6cf0\u8a9e\u5b78\u7fd2<\/h4>\r\n                        <p>\u4e86\u89e3\u6709\u95dc\u6cf0\u8a9e\u8a9e\u6cd5\u7684\u6240\u6709\u8cc7\u8a0a \u3002<\/p>\r\n                    <\/div>\r\n                <\/div>\r\n            <\/div>\r\n        <\/a>\r\n\r\n        \r\n        <a href=\"https:\/\/talkpal.ai\/zh-hant\/%e6%b3%b0%e8%aa%9e%e8%aa%9e%e6%b3%95%e7%b7%b4%e7%bf%92\/\">\r\n            <div class=\"learnNavigationWrapper\">\r\n                <div class=\"learnNavigationContent\">\r\n                    <img decoding=\"async\" src=\"https:\/\/talkpal.ai\/wp-content\/uploads\/2024\/08\/Thai.jpg\" alt=\"Thai Flag\">\r\n                    <div>\r\n                        <h4>\u6cf0\u8a9e\u8a9e\u6cd5\u7df4\u7fd2<\/h4>\r\n                        <p>\u7df4\u7fd2\u6cf0\u8a9e \u8a9e\u6cd5\u3002<\/p>\r\n                    <\/div>\r\n                <\/div>\r\n            <\/div>\r\n        <\/a>\r\n\r\n        \r\n        <a href=\"https:\/\/talkpal.ai\/vocabulary_language\/thai\/\">\r\n            <div class=\"learnNavigationWrapper\">\r\n                <div class=\"learnNavigationContent\">\r\n                    <img decoding=\"async\" src=\"https:\/\/talkpal.ai\/wp-content\/uploads\/2024\/08\/Thai.jpg\" alt=\"Thai Flag\">\r\n                    <div>\r\n                        <h4>\u6cf0\u8a9e\u8a5e\u5f59<\/h4>\r\n                        <p>\u64f4\u5927\u4f60\u7684\u6cf0\u8a9e\u8a5e\u5f59\u91cf\u3002<\/p>\r\n                    <\/div>\r\n                <\/div>\r\n            <\/div>\r\n        <\/a>\r\n\r\n            <\/section>","protected":false},"excerpt":{"rendered":"<p>\u6cf0\u8a9e\u8a9e\u6cd5\uff1a\u63a2\u7d22\u7368\u7279\u7684\u8a9e\u8a00\u4e16\u754c \u6cf0\u8a9e\u8a9e\u6cd5\u2014\u2014\u770b\u4f3c\u795e\u79d8\u3001\u7570\u570b\u60c5\u8abf\u548c\u8ff7\u4eba\u3002 \u7576\u60a8\u8e0f\u4e0a\u5b78\u7fd2\u6cf0\u8a9e\u7684\u65c5\u7a0b\u6642\uff0c\u60a8\u53ef\u80fd\u6703\u767c\u73fe\u81ea [&hellip;]<\/p>\n","protected":false},"author":1,"featured_media":120700,"parent":0,"menu_order":0,"comment_status":"closed","ping_status":"closed","template":"LearningContentPage.php","meta":{"_acf_changed":false,"footnotes":""},"class_list":["post-153401","page","type-page","status-publish","has-post-thumbnail","hentry"],"acf":[],"yoast_head":"<!-- This site is optimized with the Yoast SEO Premium plugin v27.2 (Yoast SEO v27.2) - https:\/\/yoast.com\/product\/yoast-seo-premium-wordpress\/ -->\n<title>\u6cf0\u8a9e\u8a9e\u6cd5 - Talkpal<\/title>\n<meta name=\"description\" content=\"\u63a2\u7d22\u6cf0\u8a9e\u8a9e\u6cd5\u7684\u8ff7\u4eba\u4e16\u754c\u3002 \u63a2\u7d22\u5b83\u7684\u7c21\u55ae\u6027\u548c\u7368\u7279\u529f\u80fd\uff0c\u8b93\u5b78\u7fd2\u8b8a\u5f97\u6109\u5feb\u3002\" \/>\n<meta name=\"robots\" content=\"index, follow, max-snippet:-1, max-image-preview:large, max-video-preview:-1\" \/>\n<link rel=\"canonical\" href=\"https:\/\/talkpal.ai\/zh-hant\/%e6%b3%b0%e8%aa%9e%e8%aa%9e%e6%b3%95\/\" \/>\n<meta property=\"og:locale\" content=\"zh_TW\" \/>\n<meta property=\"og:type\" content=\"article\" \/>\n<meta property=\"og:title\" content=\"\u6cf0\u8a9e\u8a9e\u6cd5\" \/>\n<meta property=\"og:description\" content=\"\u6cf0\u8a9e\u8a9e\u6cd5\uff1a\u63a2\u7d22\u7368\u7279\u7684\u8a9e\u8a00\u4e16\u754c \u6cf0\u8a9e\u8a9e\u6cd5\u2014\u2014\u770b\u4f3c\u795e\u79d8\u3001\u7570\u570b\u60c5\u8abf\u548c\u8ff7\u4eba\u3002 \u7576\u60a8\u8e0f\u4e0a\u5b78\u7fd2\u6cf0\u8a9e\u7684\u65c5\u7a0b\u6642\uff0c\u60a8\u53ef\u80fd\u6703\u767c\u73fe\u81ea\u5df1\u51fa\u4e4e\u610f\u6599\u5730\u88ab\u5b83\u7684\u8a9e\u6cd5\u6240\u5438\u5f15\u3002 \u4e0d\u8981\u5bb3\u6015\uff0c\u6211\u7684\u8a9e\u8a00\u63a2\u96aa\u5bb6\u5011\uff01 \u6211\u5011\u5728\u9019\u88e1\u70ba\u9019\u500b\u8ff7\u4eba\u7684\u5192\u96aa\u63d0\u4f9b\u6307\u5c0e\u548c\u652f\u63f4\uff01 \u5728\u672c\u6587\u4e2d\uff0c\u6211\u5011\u6df1\u5165\u63a2\u8a0e\u4e86\u6cf0\u8a9e\u8a9e\u6cd5\u7684\u6838\u5fc3\u65b9\u9762\uff0c\u5206\u89e3\u4e86\u95dc\u9375\u6982\u5ff5\uff0c\u89e3\u91cb\u4e86\u898f\u5247\uff0c\u751a\u81f3\u7c21\u5316\u4e86\u8907\u96dc\u6027\u3002\" \/>\n<meta property=\"og:url\" content=\"https:\/\/talkpal.ai\/zh-hant\/%e6%b3%b0%e8%aa%9e%e8%aa%9e%e6%b3%95\/\" \/>\n<meta property=\"og:site_name\" content=\"Talkpal\" \/>\n<meta property=\"article:publisher\" content=\"https:\/\/www.facebook.com\/profile.php?id=100090733639311\" \/>\n<meta property=\"article:modified_time\" content=\"2025-12-13T15:49:31+00:00\" \/>\n<meta property=\"og:image\" content=\"https:\/\/talkpal.ai\/wp-content\/uploads\/2023\/05\/thailand.png\" \/>\n\t<meta property=\"og:image:width\" content=\"512\" \/>\n\t<meta property=\"og:image:height\" content=\"512\" \/>\n\t<meta property=\"og:image:type\" content=\"image\/png\" \/>\n<meta name=\"twitter:card\" content=\"summary_large_image\" \/>\n<meta name=\"twitter:site\" content=\"@talkpalai\" \/>\n<script type=\"application\/ld+json\" class=\"yoast-schema-graph\">{\"@context\":\"https:\/\/schema.org\",\"@graph\":[{\"@type\":\"WebPage\",\"@id\":\"https:\/\/talkpal.ai\/zh-hant\/%e6%b3%b0%e8%aa%9e%e8%aa%9e%e6%b3%95\/\",\"url\":\"https:\/\/talkpal.ai\/zh-hant\/%e6%b3%b0%e8%aa%9e%e8%aa%9e%e6%b3%95\/\",\"name\":\"\u6cf0\u8a9e\u8a9e\u6cd5 - Talkpal\",\"isPartOf\":{\"@id\":\"https:\/\/talkpal.ai\/zh-hant\/#website\"},\"primaryImageOfPage\":{\"@id\":\"https:\/\/talkpal.ai\/zh-hant\/%e6%b3%b0%e8%aa%9e%e8%aa%9e%e6%b3%95\/#primaryimage\"},\"image\":{\"@id\":\"https:\/\/talkpal.ai\/zh-hant\/%e6%b3%b0%e8%aa%9e%e8%aa%9e%e6%b3%95\/#primaryimage\"},\"thumbnailUrl\":\"https:\/\/talkpal.ai\/wp-content\/uploads\/2023\/05\/thailand.png\",\"datePublished\":\"2023-05-14T14:24:42+00:00\",\"dateModified\":\"2025-12-13T15:49:31+00:00\",\"description\":\"\u63a2\u7d22\u6cf0\u8a9e\u8a9e\u6cd5\u7684\u8ff7\u4eba\u4e16\u754c\u3002 \u63a2\u7d22\u5b83\u7684\u7c21\u55ae\u6027\u548c\u7368\u7279\u529f\u80fd\uff0c\u8b93\u5b78\u7fd2\u8b8a\u5f97\u6109\u5feb\u3002\",\"breadcrumb\":{\"@id\":\"https:\/\/talkpal.ai\/zh-hant\/%e6%b3%b0%e8%aa%9e%e8%aa%9e%e6%b3%95\/#breadcrumb\"},\"inLanguage\":\"zh-TW\",\"potentialAction\":[{\"@type\":\"ReadAction\",\"target\":[\"https:\/\/talkpal.ai\/zh-hant\/%e6%b3%b0%e8%aa%9e%e8%aa%9e%e6%b3%95\/\"]}]},{\"@type\":\"ImageObject\",\"inLanguage\":\"zh-TW\",\"@id\":\"https:\/\/talkpal.ai\/zh-hant\/%e6%b3%b0%e8%aa%9e%e8%aa%9e%e6%b3%95\/#primaryimage\",\"url\":\"https:\/\/talkpal.ai\/wp-content\/uploads\/2023\/05\/thailand.png\",\"contentUrl\":\"https:\/\/talkpal.ai\/wp-content\/uploads\/2023\/05\/thailand.png\",\"width\":512,\"height\":512},{\"@type\":\"BreadcrumbList\",\"@id\":\"https:\/\/talkpal.ai\/zh-hant\/%e6%b3%b0%e8%aa%9e%e8%aa%9e%e6%b3%95\/#breadcrumb\",\"itemListElement\":[{\"@type\":\"ListItem\",\"position\":1,\"name\":\"Homepage\",\"item\":\"https:\/\/talkpal.ai\/zh-hant\/\"},{\"@type\":\"ListItem\",\"position\":2,\"name\":\"\u6cf0\u8a9e\u8a9e\u6cd5\"}]},{\"@type\":\"WebSite\",\"@id\":\"https:\/\/talkpal.ai\/zh-hant\/#website\",\"url\":\"https:\/\/talkpal.ai\/zh-hant\/\",\"name\":\"Talkpal\",\"description\":\"AI Language Learning\",\"publisher\":{\"@id\":\"https:\/\/talkpal.ai\/zh-hant\/#organization\"},\"alternateName\":\"Talkpal AI\",\"potentialAction\":[{\"@type\":\"SearchAction\",\"target\":{\"@type\":\"EntryPoint\",\"urlTemplate\":\"https:\/\/talkpal.ai\/zh-hant\/?s={search_term_string}\"},\"query-input\":{\"@type\":\"PropertyValueSpecification\",\"valueRequired\":true,\"valueName\":\"search_term_string\"}}],\"inLanguage\":\"zh-TW\"},{\"@type\":\"Organization\",\"@id\":\"https:\/\/talkpal.ai\/zh-hant\/#organization\",\"name\":\"Talkpal, Inc.\",\"alternateName\":\"Talkpal AI\",\"url\":\"https:\/\/talkpal.ai\/zh-hant\/\",\"logo\":{\"@type\":\"ImageObject\",\"inLanguage\":\"zh-TW\",\"@id\":\"https:\/\/talkpal.ai\/zh-hant\/#\/schema\/logo\/image\/\",\"url\":\"https:\/\/talkpal.ai\/wp-content\/uploads\/2024\/03\/Talkpal-Logo-Icon.png\",\"contentUrl\":\"https:\/\/talkpal.ai\/wp-content\/uploads\/2024\/03\/Talkpal-Logo-Icon.png\",\"width\":2880,\"height\":2880,\"caption\":\"Talkpal, Inc.\"},\"image\":{\"@id\":\"https:\/\/talkpal.ai\/zh-hant\/#\/schema\/logo\/image\/\"},\"sameAs\":[\"https:\/\/www.facebook.com\/profile.php?id=100090733639311\",\"https:\/\/x.com\/talkpalai\",\"https:\/\/www.linkedin.com\/company\/talkpal\/\",\"https:\/\/www.youtube.com\/@TalkPal\/\",\"https:\/\/www.tiktok.com\/@talkpal\",\"https:\/\/www.instagram.com\/talkpal_ai\/\",\"https:\/\/www.crunchbase.com\/organization\/talkpal-9cde\",\"https:\/\/www.g2.com\/products\/talkpal-for-business\/\",\"https:\/\/www.trustpilot.com\/review\/talkpal.ai\",\"https:\/\/www.capterra.com\/p\/10006800\/TalkPal\/\"],\"description\":\"Talkpal is a language learning web and mobile education app, powered by the latest AI technologies, that provides engaging experiences to its customers in many different languages to help them improve their language skills. Users can chat about unlimited amount of topics with the app and use other modes to practice their language learning.\",\"email\":\"support@talkpal.ai\",\"legalName\":\"Talkpal, Inc.\",\"foundingDate\":\"2023-04-03\",\"duns\":\"118989042\",\"numberOfEmployees\":{\"@type\":\"QuantitativeValue\",\"minValue\":\"11\",\"maxValue\":\"50\"},\"publishingPrinciples\":\"https:\/\/talkpal.ai\/publishing-principles\/\",\"actionableFeedbackPolicy\":\"https:\/\/talkpal.ai\/actionable-feedback-policy\/\",\"correctionsPolicy\":\"https:\/\/talkpal.ai\/corrections-policy\/\",\"ethicsPolicy\":\"https:\/\/talkpal.ai\/ethics-policy\/\",\"diversityPolicy\":\"https:\/\/talkpal.ai\/diversity-policy\/\",\"diversityStaffingReport\":\"https:\/\/talkpal.ai\/diversity-policy\/\"}]}<\/script>\n<!-- \/ Yoast SEO Premium plugin. -->","yoast_head_json":{"title":"\u6cf0\u8a9e\u8a9e\u6cd5 - Talkpal","description":"\u63a2\u7d22\u6cf0\u8a9e\u8a9e\u6cd5\u7684\u8ff7\u4eba\u4e16\u754c\u3002 \u63a2\u7d22\u5b83\u7684\u7c21\u55ae\u6027\u548c\u7368\u7279\u529f\u80fd\uff0c\u8b93\u5b78\u7fd2\u8b8a\u5f97\u6109\u5feb\u3002","robots":{"index":"index","follow":"follow","max-snippet":"max-snippet:-1","max-image-preview":"max-image-preview:large","max-video-preview":"max-video-preview:-1"},"canonical":"https:\/\/talkpal.ai\/zh-hant\/%e6%b3%b0%e8%aa%9e%e8%aa%9e%e6%b3%95\/","og_locale":"zh_TW","og_type":"article","og_title":"\u6cf0\u8a9e\u8a9e\u6cd5","og_description":"\u6cf0\u8a9e\u8a9e\u6cd5\uff1a\u63a2\u7d22\u7368\u7279\u7684\u8a9e\u8a00\u4e16\u754c \u6cf0\u8a9e\u8a9e\u6cd5\u2014\u2014\u770b\u4f3c\u795e\u79d8\u3001\u7570\u570b\u60c5\u8abf\u548c\u8ff7\u4eba\u3002 \u7576\u60a8\u8e0f\u4e0a\u5b78\u7fd2\u6cf0\u8a9e\u7684\u65c5\u7a0b\u6642\uff0c\u60a8\u53ef\u80fd\u6703\u767c\u73fe\u81ea\u5df1\u51fa\u4e4e\u610f\u6599\u5730\u88ab\u5b83\u7684\u8a9e\u6cd5\u6240\u5438\u5f15\u3002 \u4e0d\u8981\u5bb3\u6015\uff0c\u6211\u7684\u8a9e\u8a00\u63a2\u96aa\u5bb6\u5011\uff01 \u6211\u5011\u5728\u9019\u88e1\u70ba\u9019\u500b\u8ff7\u4eba\u7684\u5192\u96aa\u63d0\u4f9b\u6307\u5c0e\u548c\u652f\u63f4\uff01 \u5728\u672c\u6587\u4e2d\uff0c\u6211\u5011\u6df1\u5165\u63a2\u8a0e\u4e86\u6cf0\u8a9e\u8a9e\u6cd5\u7684\u6838\u5fc3\u65b9\u9762\uff0c\u5206\u89e3\u4e86\u95dc\u9375\u6982\u5ff5\uff0c\u89e3\u91cb\u4e86\u898f\u5247\uff0c\u751a\u81f3\u7c21\u5316\u4e86\u8907\u96dc\u6027\u3002","og_url":"https:\/\/talkpal.ai\/zh-hant\/%e6%b3%b0%e8%aa%9e%e8%aa%9e%e6%b3%95\/","og_site_name":"Talkpal","article_publisher":"https:\/\/www.facebook.com\/profile.php?id=100090733639311","article_modified_time":"2025-12-13T15:49:31+00:00","og_image":[{"width":512,"height":512,"url":"https:\/\/talkpal.ai\/wp-content\/uploads\/2023\/05\/thailand.png","type":"image\/png"}],"twitter_card":"summary_large_image","twitter_site":"@talkpalai","schema":{"@context":"https:\/\/schema.org","@graph":[{"@type":"WebPage","@id":"https:\/\/talkpal.ai\/zh-hant\/%e6%b3%b0%e8%aa%9e%e8%aa%9e%e6%b3%95\/","url":"https:\/\/talkpal.ai\/zh-hant\/%e6%b3%b0%e8%aa%9e%e8%aa%9e%e6%b3%95\/","name":"\u6cf0\u8a9e\u8a9e\u6cd5 - Talkpal","isPartOf":{"@id":"https:\/\/talkpal.ai\/zh-hant\/#website"},"primaryImageOfPage":{"@id":"https:\/\/talkpal.ai\/zh-hant\/%e6%b3%b0%e8%aa%9e%e8%aa%9e%e6%b3%95\/#primaryimage"},"image":{"@id":"https:\/\/talkpal.ai\/zh-hant\/%e6%b3%b0%e8%aa%9e%e8%aa%9e%e6%b3%95\/#primaryimage"},"thumbnailUrl":"https:\/\/talkpal.ai\/wp-content\/uploads\/2023\/05\/thailand.png","datePublished":"2023-05-14T14:24:42+00:00","dateModified":"2025-12-13T15:49:31+00:00","description":"\u63a2\u7d22\u6cf0\u8a9e\u8a9e\u6cd5\u7684\u8ff7\u4eba\u4e16\u754c\u3002 \u63a2\u7d22\u5b83\u7684\u7c21\u55ae\u6027\u548c\u7368\u7279\u529f\u80fd\uff0c\u8b93\u5b78\u7fd2\u8b8a\u5f97\u6109\u5feb\u3002","breadcrumb":{"@id":"https:\/\/talkpal.ai\/zh-hant\/%e6%b3%b0%e8%aa%9e%e8%aa%9e%e6%b3%95\/#breadcrumb"},"inLanguage":"zh-TW","potentialAction":[{"@type":"ReadAction","target":["https:\/\/talkpal.ai\/zh-hant\/%e6%b3%b0%e8%aa%9e%e8%aa%9e%e6%b3%95\/"]}]},{"@type":"ImageObject","inLanguage":"zh-TW","@id":"https:\/\/talkpal.ai\/zh-hant\/%e6%b3%b0%e8%aa%9e%e8%aa%9e%e6%b3%95\/#primaryimage","url":"https:\/\/talkpal.ai\/wp-content\/uploads\/2023\/05\/thailand.png","contentUrl":"https:\/\/talkpal.ai\/wp-content\/uploads\/2023\/05\/thailand.png","width":512,"height":512},{"@type":"BreadcrumbList","@id":"https:\/\/talkpal.ai\/zh-hant\/%e6%b3%b0%e8%aa%9e%e8%aa%9e%e6%b3%95\/#breadcrumb","itemListElement":[{"@type":"ListItem","position":1,"name":"Homepage","item":"https:\/\/talkpal.ai\/zh-hant\/"},{"@type":"ListItem","position":2,"name":"\u6cf0\u8a9e\u8a9e\u6cd5"}]},{"@type":"WebSite","@id":"https:\/\/talkpal.ai\/zh-hant\/#website","url":"https:\/\/talkpal.ai\/zh-hant\/","name":"Talkpal","description":"AI Language Learning","publisher":{"@id":"https:\/\/talkpal.ai\/zh-hant\/#organization"},"alternateName":"Talkpal AI","potentialAction":[{"@type":"SearchAction","target":{"@type":"EntryPoint","urlTemplate":"https:\/\/talkpal.ai\/zh-hant\/?s={search_term_string}"},"query-input":{"@type":"PropertyValueSpecification","valueRequired":true,"valueName":"search_term_string"}}],"inLanguage":"zh-TW"},{"@type":"Organization","@id":"https:\/\/talkpal.ai\/zh-hant\/#organization","name":"Talkpal, Inc.","alternateName":"Talkpal AI","url":"https:\/\/talkpal.ai\/zh-hant\/","logo":{"@type":"ImageObject","inLanguage":"zh-TW","@id":"https:\/\/talkpal.ai\/zh-hant\/#\/schema\/logo\/image\/","url":"https:\/\/talkpal.ai\/wp-content\/uploads\/2024\/03\/Talkpal-Logo-Icon.png","contentUrl":"https:\/\/talkpal.ai\/wp-content\/uploads\/2024\/03\/Talkpal-Logo-Icon.png","width":2880,"height":2880,"caption":"Talkpal, Inc."},"image":{"@id":"https:\/\/talkpal.ai\/zh-hant\/#\/schema\/logo\/image\/"},"sameAs":["https:\/\/www.facebook.com\/profile.php?id=100090733639311","https:\/\/x.com\/talkpalai","https:\/\/www.linkedin.com\/company\/talkpal\/","https:\/\/www.youtube.com\/@TalkPal\/","https:\/\/www.tiktok.com\/@talkpal","https:\/\/www.instagram.com\/talkpal_ai\/","https:\/\/www.crunchbase.com\/organization\/talkpal-9cde","https:\/\/www.g2.com\/products\/talkpal-for-business\/","https:\/\/www.trustpilot.com\/review\/talkpal.ai","https:\/\/www.capterra.com\/p\/10006800\/TalkPal\/"],"description":"Talkpal is a language learning web and mobile education app, powered by the latest AI technologies, that provides engaging experiences to its customers in many different languages to help them improve their language skills. Users can chat about unlimited amount of topics with the app and use other modes to practice their language learning.","email":"support@talkpal.ai","legalName":"Talkpal, Inc.","foundingDate":"2023-04-03","duns":"118989042","numberOfEmployees":{"@type":"QuantitativeValue","minValue":"11","maxValue":"50"},"publishingPrinciples":"https:\/\/talkpal.ai\/publishing-principles\/","actionableFeedbackPolicy":"https:\/\/talkpal.ai\/actionable-feedback-policy\/","correctionsPolicy":"https:\/\/talkpal.ai\/corrections-policy\/","ethicsPolicy":"https:\/\/talkpal.ai\/ethics-policy\/","diversityPolicy":"https:\/\/talkpal.ai\/diversity-policy\/","diversityStaffingReport":"https:\/\/talkpal.ai\/diversity-policy\/"}]}},"_links":{"self":[{"href":"https:\/\/talkpal.ai\/zh-hant\/wp-json\/wp\/v2\/pages\/153401","targetHints":{"allow":["GET"]}}],"collection":[{"href":"https:\/\/talkpal.ai\/zh-hant\/wp-json\/wp\/v2\/pages"}],"about":[{"href":"https:\/\/talkpal.ai\/zh-hant\/wp-json\/wp\/v2\/types\/page"}],"author":[{"embeddable":true,"href":"https:\/\/talkpal.ai\/zh-hant\/wp-json\/wp\/v2\/users\/1"}],"replies":[{"embeddable":true,"href":"https:\/\/talkpal.ai\/zh-hant\/wp-json\/wp\/v2\/comments?post=153401"}],"version-history":[{"count":0,"href":"https:\/\/talkpal.ai\/zh-hant\/wp-json\/wp\/v2\/pages\/153401\/revisions"}],"wp:featuredmedia":[{"embeddable":true,"href":"https:\/\/talkpal.ai\/zh-hant\/wp-json\/wp\/v2\/media\/120700"}],"wp:attachment":[{"href":"https:\/\/talkpal.ai\/zh-hant\/wp-json\/wp\/v2\/media?parent=153401"}],"curies":[{"name":"wp","href":"https:\/\/api.w.org\/{rel}","templated":true}]}}