{"id":153380,"date":"2023-05-14T14:24:42","date_gmt":"2023-05-14T14:24:42","guid":{"rendered":"http:\/\/talkpal.ai\/%e6%b3%b0%e8%af%ad%e8%af%ad%e6%b3%95\/"},"modified":"2025-12-13T15:49:31","modified_gmt":"2025-12-13T15:49:31","slug":"%e6%b3%b0%e8%af%ad%e8%af%ad%e6%b3%95","status":"publish","type":"page","link":"https:\/\/talkpal.ai\/zh-hans\/%e6%b3%b0%e8%af%ad%e8%af%ad%e6%b3%95\/","title":{"rendered":"\u6cf0\u8bed\u8bed\u6cd5"},"content":{"rendered":"\r\n\r\n\r\n<section class=\"languageChallengeSection\">\r\n    <div class=\"languageInfoWrapper\">\r\n        \r\n        <h1>\u6cf0\u8bed\u8bed\u6cd5<\/h1>\r\n        <p>\u5b66\u4e60\u6cf0\u8bed\u8bed\u6cd5\uff0c\u4f53\u9a8c\u8bed\u8a00\u7684\u903b\u8f91\u6027\u548c\u8868\u73b0\u529b\u4e4b\u7f8e\u3002 \u5f00\u59cb\u60a8\u7684\u65c5\u7a0b\uff0c\u6253\u5f00\u901a\u5f80\u8ff7\u4eba\u7684\u601d\u7ef4\u548c\u8bf4\u8bdd\u65b9\u5f0f\u7684\u5927\u95e8\uff01<\/p>\r\n\r\n                            <a class=\"getStartedHidden\" href=\"https:\/\/app.talkpal.ai\/zh-cn\/signup?lng=\">\u5f00\u59cb\u5427<\/a>\r\n        \r\n    <\/div>\r\n\r\n    <figure>\r\n    <img decoding=\"async\" width=\"768\" height=\"768\" src=\"https:\/\/talkpal.ai\/wp-content\/uploads\/2023\/06\/thai-768x768.png\" class=\"languageImage no-lazy\" alt=\"Default alt text\" fetchpriority=\"high\" sizes=\"(max-width: 768px) 150px, 768px\" srcset=\"https:\/\/talkpal.ai\/wp-content\/uploads\/2023\/06\/thai-768x768.png 768w, https:\/\/talkpal.ai\/wp-content\/uploads\/2023\/06\/thai-300x300.png 300w\" \/>\r\n    \r\n\r\n    <\/figure>\r\n\r\n            <a class=\"getStartedVisible\" href=\"https:\/\/app.talkpal.ai\/zh-cn\/signup?lng=\">\u5f00\u59cb\u5427<\/a>\r\n    \r\n<\/section>\r\n<section class=\"promotionalBanner\">\r\n    <p class=\"promotionalText\">\u5b66\u4e60\u8bed\u8a00\u6700\u6709\u6548\u7684\u65b9\u6cd5<\/p>\r\n    <a class=\"promotionalLink\" href=\"https:\/\/app.talkpal.ai\/zh-cn\/signup?lng=\">\u514d\u8d39\u8bd5\u7528Talkpal <\/a>\r\n<\/section>\n<div class=\"wp-block-group pageContainerStyle\"><div class=\"wp-block-group__inner-container is-layout-constrained wp-block-group-is-layout-constrained\">\n<h2 class=\"wp-block-heading\" id=\"h-thai-grammar-exploring-a-unique-linguistic-world\">\u6cf0\u8bed\u8bed\u6cd5\uff1a\u63a2\u7d22\u72ec\u7279\u7684\u8bed\u8a00\u4e16\u754c<\/h2>\n\n\n\n<p>\u6cf0\u8bed\u8bed\u6cd5&#8211;\u770b\u4f3c\u795e\u79d8\u3001\u5145\u6ee1\u5f02\u56fd\u60c5\u8c03\u548c\u9b45\u529b\u3002 \u5f53\u60a8\u8e0f\u4e0a\u5b66\u4e60\u6cf0\u8bed\u7684\u65c5\u7a0b\u65f6\uff0c\u60a8\u53ef\u80fd\u4f1a\u53d1\u73b0\u81ea\u5df1\u51fa\u4e4e\u610f\u6599\u5730\u88ab\u5b83\u7684\u8bed\u6cd5\u6240\u5438\u5f15\u3002 \u4e0d\u8981\u5bb3\u6015\uff0c\u6211\u7684\u8bed\u8a00\u63a2\u9669\u5bb6\u4eec\uff01 \u6211\u4eec\u5728\u8fd9\u91cc\u4e3a\u8fd9\u4e2a\u8ff7\u4eba\u7684\u5192\u9669\u63d0\u4f9b\u6307\u5bfc\u548c\u652f\u6301\uff01<\/p>\n\n\n\n<p>\u5728\u672c\u6587\u4e2d\uff0c\u6211\u4eec\u6df1\u5165\u63a2\u8ba8\u4e86\u6cf0\u8bed\u8bed\u6cd5\u7684\u6838\u5fc3\u65b9\u9762\uff0c\u5206\u89e3\u4e86\u5173\u952e\u6982\u5ff5\uff0c\u89e3\u91ca\u4e86\u89c4\u5219\uff0c\u751a\u81f3\u7b80\u5316\u4e86\u590d\u6742\u6027\u3002 \u52a0\u5165\u6211\u4eec\uff0c\u63ed\u5f00\u6cf0\u8bed\u8bed\u6cd5\u7684\u9762\u7eb1\uff0c\u70b9\u71c3\u4f60\u5bf9\u8fd9\u95e8\u5947\u5999\u72ec\u7279\u8bed\u8a00\u7684\u70ed\u60c5\uff01<\/p>\n\n\n\n<h3 class=\"wp-block-heading\" id=\"h-1-nouns-no-plurals-no-genders-no-worries\">1.\u540d\u8bcd\uff1a\u6ca1\u6709\u590d\u6570\uff0c\u6ca1\u6709\u6027\u522b\uff0c\u6ca1\u6709\u540e\u987e\u4e4b\u5fe7\uff01<\/h3>\n\n\n\n<p>\u6cf0\u8bed\u8bed\u6cd5\u7684\u7f8e\u5999\u4e4b\u5904\u5728\u4e8e\u5b83\u5bf9\u540d\u8bcd\u7684\u7b80\u5355\u6027\u3002 \u6cf0\u8bed\u540d\u8bcd\u6ca1\u6709\u6027\u522b\u6216\u590d\u6570\u5f62\u5f0f\uff0c\u56e0\u6b64\u6613\u4e8e\u4f7f\u7528\u548c\u7406\u89e3\u3002 \u8981\u8868\u793a\u590d\u6570\uff0c\u53ea\u9700\u52a0\u4e0a\u4e00\u4e2a\u6570\u91cf\u8bcd\uff0c\u5982 &#8220;\u8bb8\u591a&#8221;\uff08\u0e21\u0e32\u0e01, m\u00e2ak\uff09\u6216 &#8220;\u4e00\u4e9b&#8221;\uff08\u0e1a\u0e49\u0e32\u0e07, b\u00e2ang\uff09\uff0c\u6216\u91cd\u590d\u540d\u8bcd\u4ee5\u5f3a\u8c03\u590d\u6570\u7684\u610f\u601d\u3002<\/p>\n\n\n\n<h3 class=\"wp-block-heading\" id=\"h-2-pronouns-choose-wisely-based-on-politeness\">2. \u4ee3\u8bcd\uff1a\u6839\u636e\u793c\u8c8c\u660e\u667a\u5730\u9009\u62e9<\/h3>\n\n\n\n<p>\u5728\u6cf0\u8bed\u8bed\u6cd5\u4e2d\uff0c\u9009\u62e9\u5408\u9002\u7684\u4ee3\u8bcd\u5bf9\u4e8e\u8868\u793a\u5c0a\u91cd\u548c\u8c26\u900a\u81f3\u5173\u91cd\u8981\u3002 \u6cf0\u8bed\u4ee3\u8bcd\u56e0\u8bf4\u8bdd\u8005\u548c\u542c\u8bdd\u8005\u7684\u6027\u522b\u3001\u5e74\u9f84\u548c\u5173\u7cfb\u800c\u5f02\u3002 \u4f8b\u5982\uff0c&#8221;\u0e09\u0e31\u0e19&#8221;\uff08ch\u0103n\uff09\u662f\u5e38\u7528\u7684\u975e\u6b63\u5f0f\u7b2c\u4e00\u4eba\u79f0\u4ee3\u8bcd\uff0c\u800c &#8220;\u0e1c\u0e21&#8221;\uff08p\u014fm\uff09\u5219\u662f\u7537\u6027\u5728\u8f83\u4e3a\u6b63\u5f0f\u7684\u573a\u5408\u4e2d\u7ecf\u5e38\u4f7f\u7528\u7684\u4ee3\u8bcd\u3002<\/p>\n\n\n\n<p>\u4e3a\u4e86\u793c\u8c8c\u8d77\u89c1\uff0c\u7528 &#8220;\u0e04\u0e38\u0e13&#8221;\uff08kun\uff09\u8868\u793a &#8220;\u60a8&#8221;\uff0c\u7528 &#8220;\u0e40\u0e02\u0e32&#8221;\uff08k\u0103o\uff09\u8868\u793a &#8220;\u4ed6\/\u5979\/\u4ed6\u4eec&#8221;\u3002<\/p>\n\n\n\n<h3 class=\"wp-block-heading\" id=\"h-3-verbs-no-conjugation-or-tenses-only-particles\">3.\u52a8\u8bcd\uff1a\u6ca1\u6709\u53d8\u4f4d\u6216\u65f6\u6001\uff0c\u53ea\u6709\u52a9\u8bcd<\/h3>\n\n\n\n<p>\u5728\u6cf0\u8bed\u8bed\u6cd5\u4e2d\uff0c\u65e0\u8bba\u65f6\u6001\u3001\u60c5\u7eea\u6216\u4e3b\u8bed\u5982\u4f55\uff0c\u52a8\u8bcd\u90fd\u4fdd\u6301\u4e0d\u53d8\u3002 \u53d6\u800c\u4ee3\u4e4b\u7684\u662f\uff0c\u6cf0\u8bed\u4f9d\u9760\u79f0\u4e3a\u52a9\u8bcd\u7684\u7b80\u5355\u8bcd\u6765\u8868\u793a\u53e5\u5b50\u7684\u65f6\u6001\u6216\u6001\u5ea6\u3002 \u8fd9\u4e9b\u7c92\u5b50\u88ab\u653e\u5728\u53e5\u5b50\u7684\u672b\u5c3e\u3002<\/p>\n\n\n\n<p>\u4f8b\u5982\uff0c&#8221;\u0e41\u0e25\u0e49\u0e27&#8221;\uff08l\u00e1ew\uff09\u8868\u793a\u8fc7\u53bb\u5f0f\u6216\u5df2\u5b8c\u6210\u7684\u52a8\u4f5c\uff0c\u800c &#8220;\u0e01\u0e33\u0e25\u0e31\u0e07&#8221;\uff08gam-lang\uff09\u5219\u8868\u793a\u8fdb\u884c\u4e2d\u7684\u52a8\u4f5c\u3002 \u56e0\u6b64\uff0c&#8221;\u0e40\u0e02\u0e32\u0e01\u0e34\u0e19&#8221;\uff08k\u0103o gin\uff09\u7684\u610f\u601d\u662f &#8220;\u4ed6\/\u5979\u5403&#8221;\uff0c\u800c &#8220;\u0e40\u0e02\u0e32\u0e01\u0e34\u0e19\u0e41\u0e25\u0e49\u0e27&#8221;\uff08k\u0103o gin l\u00e1ew\uff09\u7684\u610f\u601d\u662f &#8220;\u4ed6\/\u5979\u5403&#8221;\u3002<\/p>\n\n\n\n<h3 class=\"wp-block-heading\" id=\"h-4-sentence-structure-clear-and-straightforward\">4.\u53e5\u5b50\u7ed3\u6784\uff1a\u6e05\u6670\u660e\u4e86<\/h3>\n\n\n\n<p>\u6cf0\u8bed\u8bed\u6cd5\u9075\u5faa\u4e3b\u8c13\u5bbe \uff08SVO\uff09 \u53e5\u5b50\u7ed3\u6784\uff0c\u7c7b\u4f3c\u4e8e\u82f1\u8bed\uff0c\u8fd9\u7b80\u5316\u4e86\u82f1\u8bed\u4f7f\u7528\u8005\u7684\u7406\u89e3\u3002 \u4e3b\u8981\u89c4\u5219\u662f\u5f62\u5bb9\u8bcd\u3001\u526f\u8bcd\u548c\u5176\u4ed6\u63cf\u8ff0\u6027\u8bcd\u8ddf\u5728\u5b83\u4eec\u6240\u63cf\u8ff0\u7684\u540d\u8bcd\u6216\u52a8\u8bcd\u4e4b\u540e\u3002<\/p>\n\n\n\n<p>\u4f8b\u5982\uff0c&#8221;\u0e1c\u0e21\u0e0a\u0e2d\u0e1a\u0e2b\u0e19\u0e31\u0e07\u0e2a\u0e37\u0e2d\u0e19\u0e35\u0e49&#8221;\uff08p\u014fm ch\u00e2wp n\u0103ng s\u011bu n\u00e9e\uff09\u7ffb\u8bd1\u4e3a &#8220;\u6211\uff08\u4e3b\u8bed\uff09\u559c\u6b22\uff08\u52a8\u8bcd\uff09\u8fd9\u672c\u4e66\uff08\u5bbe\u8bed\uff09&#8221;\u3002<\/p>\n\n\n\n<h3 class=\"wp-block-heading\" id=\"h-5-immerse-yourself-in-thai-practice-makes-perfect\">5. \u6c89\u6d78\u5728\u6cf0\u8bed\u4e2d\uff1a\u719f\u80fd\u751f\u5de7<\/h3>\n\n\n\n<p>\u7406\u89e3\u548c\u638c\u63e1\u6cf0\u8bed\u8bed\u6cd5\u6700\u521d\u53ef\u80fd\u770b\u8d77\u6765\u5f88\u6709\u6311\u6218\u6027\uff0c\u4f46\u5173\u952e\u662f\u575a\u6301\u4e0d\u61c8\u548c\u575a\u6301\u7ec3\u4e60\u3002 \u901a\u8fc7\u8ba9\u81ea\u5df1\u6c89\u6d78\u5728\u8bed\u8a00\u4e2d\u3001\u9605\u8bfb\u3001\u5199\u4f5c\u3001\u542c\u529b\u4ee5\u53ca\u4e0e\u6bcd\u8bed\u4eba\u58eb\u4ea4\u8c08\u6765\u8c03\u52a8\u60a8\u7684\u6240\u6709\u611f\u5b98\u3002 \u4f60\u5bf9\u6cf0\u8bed\u8bed\u6cd5\u7684\u63a5\u89e6\u8d8a\u591a\uff0c\u8fd9\u4e9b\u5f02\u56fd\u60c5\u8c03\u7684\u6982\u5ff5\u5c31\u8d8a\u4f1a\u611f\u5230\u719f\u6089\u548c\u8212\u9002\u3002<\/p>\n\n\n\n<p>\u90a3\u4e48\uff0c\u4f60\u51c6\u5907\u597d\u6f5c\u5165\u8ff7\u4eba\u7684\u6cf0\u8bed\u8bed\u6cd5\u4e16\u754c\u4e86\u5417\uff1f \u62e5\u62b1\u6cf0\u8bed\u8bed\u6cd5\u7684\u6311\u6218\u548c\u72ec\u7279\u7279\u5f81\uff0c\u901a\u8fc7\u65f6\u95f4\u3001\u5949\u732e\u7cbe\u795e\u548c\u5192\u9669\u7cbe\u795e\uff0c\u60a8\u53ef\u4ee5\u89e3\u9501\u6cf0\u8bed\u7684\u8ff7\u4eba\u4e4b\u7f8e\u3002<\/p>\n<\/div><\/div>\n\r\n<section class=\"learnNavigationSection\">\r\n            \r\n        <a href=\"https:\/\/talkpal.ai\/zh-hans\/%e5%ad%a6%e4%b9%a0%e6%b3%b0%e8%af%ad\/\">\r\n            <div class=\"learnNavigationWrapper\">\r\n                <div class=\"learnNavigationContent\">\r\n                    <img decoding=\"async\" src=\"https:\/\/talkpal.ai\/wp-content\/uploads\/2024\/08\/Thai.jpg\" alt=\"Thai Flag\">\r\n                    <div>\r\n                        <h4>\u5173\u4e8e\u6cf0\u8bed\u5b66\u4e60<\/h4>\r\n                        <p>\u4e86\u89e3\u6709\u5173\u6cf0\u8bed\u8bed\u6cd5\u7684\u6240\u6709\u4fe1\u606f \u3002<\/p>\r\n                    <\/div>\r\n                <\/div>\r\n            <\/div>\r\n        <\/a>\r\n\r\n        \r\n        <a href=\"https:\/\/talkpal.ai\/zh-hans\/%e6%b3%b0%e8%af%ad%e8%af%ad%e6%b3%95%e7%bb%83%e4%b9%a0\/\">\r\n            <div class=\"learnNavigationWrapper\">\r\n                <div class=\"learnNavigationContent\">\r\n                    <img decoding=\"async\" src=\"https:\/\/talkpal.ai\/wp-content\/uploads\/2024\/08\/Thai.jpg\" alt=\"Thai Flag\">\r\n                    <div>\r\n                        <h4>\u6cf0\u8bed\u8bed\u6cd5\u7ec3\u4e60<\/h4>\r\n                        <p>\u7ec3\u4e60\u6cf0\u8bed \u8bed\u6cd5\u3002<\/p>\r\n                    <\/div>\r\n                <\/div>\r\n            <\/div>\r\n        <\/a>\r\n\r\n        \r\n        <a href=\"https:\/\/talkpal.ai\/vocabulary_language\/thai\/\">\r\n            <div class=\"learnNavigationWrapper\">\r\n                <div class=\"learnNavigationContent\">\r\n                    <img decoding=\"async\" src=\"https:\/\/talkpal.ai\/wp-content\/uploads\/2024\/08\/Thai.jpg\" alt=\"Thai Flag\">\r\n                    <div>\r\n                        <h4>\u6cf0\u8bed\u8bcd\u6c47<\/h4>\r\n                        <p>\u6269\u5927\u6cf0\u8bed\u8bcd\u6c47\u91cf\u3002<\/p>\r\n                    <\/div>\r\n                <\/div>\r\n            <\/div>\r\n        <\/a>\r\n\r\n            <\/section>","protected":false},"excerpt":{"rendered":"<p>\u6cf0\u8bed\u8bed\u6cd5\uff1a\u63a2\u7d22\u72ec\u7279\u7684\u8bed\u8a00\u4e16\u754c \u6cf0\u8bed\u8bed\u6cd5&#8211;\u770b\u4f3c\u795e\u79d8\u3001\u5145\u6ee1\u5f02\u56fd\u60c5\u8c03\u548c\u9b45\u529b\u3002 \u5f53\u60a8\u8e0f\u4e0a\u5b66\u4e60\u6cf0\u8bed\u7684\u65c5\u7a0b\u65f6\uff0c [&hellip;]<\/p>\n","protected":false},"author":1,"featured_media":28729,"parent":0,"menu_order":0,"comment_status":"closed","ping_status":"closed","template":"LearningContentPage.php","meta":{"_acf_changed":false,"footnotes":""},"class_list":["post-153380","page","type-page","status-publish","has-post-thumbnail","hentry"],"acf":[],"yoast_head":"<!-- This site is optimized with the Yoast SEO Premium plugin v27.2 (Yoast SEO v27.2) - https:\/\/yoast.com\/product\/yoast-seo-premium-wordpress\/ -->\n<title>\u6cf0\u8bed\u8bed\u6cd5 - Talkpal<\/title>\n<meta name=\"description\" content=\"\u63a2\u7d22\u6cf0\u8bed\u8bed\u6cd5\u7684\u8ff7\u4eba\u4e16\u754c\u3002 \u53d1\u73b0\u5b83\u7684\u7b80\u5355\u6027\u548c\u72ec\u7279\u529f\u80fd\uff0c\u8ba9\u5b66\u4e60\u53d8\u5f97\u8f7b\u677e\u6109\u5feb\u3002\" \/>\n<meta name=\"robots\" content=\"index, follow, max-snippet:-1, max-image-preview:large, max-video-preview:-1\" \/>\n<link rel=\"canonical\" href=\"https:\/\/talkpal.ai\/zh-hans\/%e6%b3%b0%e8%af%ad%e8%af%ad%e6%b3%95\/\" \/>\n<meta property=\"og:locale\" content=\"zh_CN\" \/>\n<meta property=\"og:type\" content=\"article\" \/>\n<meta property=\"og:title\" content=\"\u6cf0\u8bed\u8bed\u6cd5\" \/>\n<meta property=\"og:description\" content=\"\u6cf0\u8bed\u8bed\u6cd5\uff1a\u63a2\u7d22\u72ec\u7279\u7684\u8bed\u8a00\u4e16\u754c \u6cf0\u8bed\u8bed\u6cd5--\u770b\u4f3c\u795e\u79d8\u3001\u5145\u6ee1\u5f02\u56fd\u60c5\u8c03\u548c\u9b45\u529b\u3002 \u5f53\u60a8\u8e0f\u4e0a\u5b66\u4e60\u6cf0\u8bed\u7684\u65c5\u7a0b\u65f6\uff0c\u60a8\u53ef\u80fd\u4f1a\u53d1\u73b0\u81ea\u5df1\u51fa\u4e4e\u610f\u6599\u5730\u88ab\u5b83\u7684\u8bed\u6cd5\u6240\u5438\u5f15\u3002 \u4e0d\u8981\u5bb3\u6015\uff0c\u6211\u7684\u8bed\u8a00\u63a2\u9669\u5bb6\u4eec\uff01 \u6211\u4eec\u5728\u8fd9\u91cc\u4e3a\u8fd9\u4e2a\u8ff7\u4eba\u7684\u5192\u9669\u63d0\u4f9b\u6307\u5bfc\u548c\u652f\u6301\uff01\" \/>\n<meta property=\"og:url\" content=\"https:\/\/talkpal.ai\/zh-hans\/%e6%b3%b0%e8%af%ad%e8%af%ad%e6%b3%95\/\" \/>\n<meta property=\"og:site_name\" content=\"Talkpal\" \/>\n<meta property=\"article:publisher\" content=\"https:\/\/www.facebook.com\/profile.php?id=100090733639311\" \/>\n<meta property=\"article:modified_time\" content=\"2025-12-13T15:49:31+00:00\" \/>\n<meta property=\"og:image\" content=\"https:\/\/talkpal.ai\/wp-content\/uploads\/2023\/05\/thailand.png\" \/>\n\t<meta property=\"og:image:width\" content=\"512\" \/>\n\t<meta property=\"og:image:height\" content=\"512\" \/>\n\t<meta property=\"og:image:type\" content=\"image\/png\" \/>\n<meta name=\"twitter:card\" content=\"summary_large_image\" \/>\n<meta name=\"twitter:site\" content=\"@talkpalai\" \/>\n<script type=\"application\/ld+json\" class=\"yoast-schema-graph\">{\"@context\":\"https:\/\/schema.org\",\"@graph\":[{\"@type\":\"WebPage\",\"@id\":\"https:\/\/talkpal.ai\/zh-hans\/%e6%b3%b0%e8%af%ad%e8%af%ad%e6%b3%95\/\",\"url\":\"https:\/\/talkpal.ai\/zh-hans\/%e6%b3%b0%e8%af%ad%e8%af%ad%e6%b3%95\/\",\"name\":\"\u6cf0\u8bed\u8bed\u6cd5 - Talkpal\",\"isPartOf\":{\"@id\":\"https:\/\/talkpal.ai\/zh-hans\/#website\"},\"primaryImageOfPage\":{\"@id\":\"https:\/\/talkpal.ai\/zh-hans\/%e6%b3%b0%e8%af%ad%e8%af%ad%e6%b3%95\/#primaryimage\"},\"image\":{\"@id\":\"https:\/\/talkpal.ai\/zh-hans\/%e6%b3%b0%e8%af%ad%e8%af%ad%e6%b3%95\/#primaryimage\"},\"thumbnailUrl\":\"https:\/\/talkpal.ai\/wp-content\/uploads\/2023\/05\/thailand.png\",\"datePublished\":\"2023-05-14T14:24:42+00:00\",\"dateModified\":\"2025-12-13T15:49:31+00:00\",\"description\":\"\u63a2\u7d22\u6cf0\u8bed\u8bed\u6cd5\u7684\u8ff7\u4eba\u4e16\u754c\u3002 \u53d1\u73b0\u5b83\u7684\u7b80\u5355\u6027\u548c\u72ec\u7279\u529f\u80fd\uff0c\u8ba9\u5b66\u4e60\u53d8\u5f97\u8f7b\u677e\u6109\u5feb\u3002\",\"breadcrumb\":{\"@id\":\"https:\/\/talkpal.ai\/zh-hans\/%e6%b3%b0%e8%af%ad%e8%af%ad%e6%b3%95\/#breadcrumb\"},\"inLanguage\":\"zh-Hans\",\"potentialAction\":[{\"@type\":\"ReadAction\",\"target\":[\"https:\/\/talkpal.ai\/zh-hans\/%e6%b3%b0%e8%af%ad%e8%af%ad%e6%b3%95\/\"]}]},{\"@type\":\"ImageObject\",\"inLanguage\":\"zh-Hans\",\"@id\":\"https:\/\/talkpal.ai\/zh-hans\/%e6%b3%b0%e8%af%ad%e8%af%ad%e6%b3%95\/#primaryimage\",\"url\":\"https:\/\/talkpal.ai\/wp-content\/uploads\/2023\/05\/thailand.png\",\"contentUrl\":\"https:\/\/talkpal.ai\/wp-content\/uploads\/2023\/05\/thailand.png\",\"width\":512,\"height\":512},{\"@type\":\"BreadcrumbList\",\"@id\":\"https:\/\/talkpal.ai\/zh-hans\/%e6%b3%b0%e8%af%ad%e8%af%ad%e6%b3%95\/#breadcrumb\",\"itemListElement\":[{\"@type\":\"ListItem\",\"position\":1,\"name\":\"Homepage\",\"item\":\"https:\/\/talkpal.ai\/zh-hans\/\"},{\"@type\":\"ListItem\",\"position\":2,\"name\":\"\u6cf0\u8bed\u8bed\u6cd5\"}]},{\"@type\":\"WebSite\",\"@id\":\"https:\/\/talkpal.ai\/zh-hans\/#website\",\"url\":\"https:\/\/talkpal.ai\/zh-hans\/\",\"name\":\"Talkpal\",\"description\":\"AI Language Learning\",\"publisher\":{\"@id\":\"https:\/\/talkpal.ai\/zh-hans\/#organization\"},\"alternateName\":\"Talkpal AI\",\"potentialAction\":[{\"@type\":\"SearchAction\",\"target\":{\"@type\":\"EntryPoint\",\"urlTemplate\":\"https:\/\/talkpal.ai\/zh-hans\/?s={search_term_string}\"},\"query-input\":{\"@type\":\"PropertyValueSpecification\",\"valueRequired\":true,\"valueName\":\"search_term_string\"}}],\"inLanguage\":\"zh-Hans\"},{\"@type\":\"Organization\",\"@id\":\"https:\/\/talkpal.ai\/zh-hans\/#organization\",\"name\":\"Talkpal, Inc.\",\"alternateName\":\"Talkpal AI\",\"url\":\"https:\/\/talkpal.ai\/zh-hans\/\",\"logo\":{\"@type\":\"ImageObject\",\"inLanguage\":\"zh-Hans\",\"@id\":\"https:\/\/talkpal.ai\/zh-hans\/#\/schema\/logo\/image\/\",\"url\":\"https:\/\/talkpal.ai\/wp-content\/uploads\/2024\/03\/Talkpal-Logo-Icon.png\",\"contentUrl\":\"https:\/\/talkpal.ai\/wp-content\/uploads\/2024\/03\/Talkpal-Logo-Icon.png\",\"width\":2880,\"height\":2880,\"caption\":\"Talkpal, Inc.\"},\"image\":{\"@id\":\"https:\/\/talkpal.ai\/zh-hans\/#\/schema\/logo\/image\/\"},\"sameAs\":[\"https:\/\/www.facebook.com\/profile.php?id=100090733639311\",\"https:\/\/x.com\/talkpalai\",\"https:\/\/www.linkedin.com\/company\/talkpal\/\",\"https:\/\/www.youtube.com\/@TalkPal\/\",\"https:\/\/www.tiktok.com\/@talkpal\",\"https:\/\/www.instagram.com\/talkpal_ai\/\",\"https:\/\/www.crunchbase.com\/organization\/talkpal-9cde\",\"https:\/\/www.g2.com\/products\/talkpal-for-business\/\",\"https:\/\/www.trustpilot.com\/review\/talkpal.ai\",\"https:\/\/www.capterra.com\/p\/10006800\/TalkPal\/\"],\"description\":\"Talkpal is a language learning web and mobile education app, powered by the latest AI technologies, that provides engaging experiences to its customers in many different languages to help them improve their language skills. Users can chat about unlimited amount of topics with the app and use other modes to practice their language learning.\",\"email\":\"support@talkpal.ai\",\"legalName\":\"Talkpal, Inc.\",\"foundingDate\":\"2023-04-03\",\"duns\":\"118989042\",\"numberOfEmployees\":{\"@type\":\"QuantitativeValue\",\"minValue\":\"11\",\"maxValue\":\"50\"},\"publishingPrinciples\":\"https:\/\/talkpal.ai\/publishing-principles\/\",\"actionableFeedbackPolicy\":\"https:\/\/talkpal.ai\/actionable-feedback-policy\/\",\"correctionsPolicy\":\"https:\/\/talkpal.ai\/corrections-policy\/\",\"ethicsPolicy\":\"https:\/\/talkpal.ai\/ethics-policy\/\",\"diversityPolicy\":\"https:\/\/talkpal.ai\/diversity-policy\/\",\"diversityStaffingReport\":\"https:\/\/talkpal.ai\/diversity-policy\/\"}]}<\/script>\n<!-- \/ Yoast SEO Premium plugin. -->","yoast_head_json":{"title":"\u6cf0\u8bed\u8bed\u6cd5 - Talkpal","description":"\u63a2\u7d22\u6cf0\u8bed\u8bed\u6cd5\u7684\u8ff7\u4eba\u4e16\u754c\u3002 \u53d1\u73b0\u5b83\u7684\u7b80\u5355\u6027\u548c\u72ec\u7279\u529f\u80fd\uff0c\u8ba9\u5b66\u4e60\u53d8\u5f97\u8f7b\u677e\u6109\u5feb\u3002","robots":{"index":"index","follow":"follow","max-snippet":"max-snippet:-1","max-image-preview":"max-image-preview:large","max-video-preview":"max-video-preview:-1"},"canonical":"https:\/\/talkpal.ai\/zh-hans\/%e6%b3%b0%e8%af%ad%e8%af%ad%e6%b3%95\/","og_locale":"zh_CN","og_type":"article","og_title":"\u6cf0\u8bed\u8bed\u6cd5","og_description":"\u6cf0\u8bed\u8bed\u6cd5\uff1a\u63a2\u7d22\u72ec\u7279\u7684\u8bed\u8a00\u4e16\u754c \u6cf0\u8bed\u8bed\u6cd5--\u770b\u4f3c\u795e\u79d8\u3001\u5145\u6ee1\u5f02\u56fd\u60c5\u8c03\u548c\u9b45\u529b\u3002 \u5f53\u60a8\u8e0f\u4e0a\u5b66\u4e60\u6cf0\u8bed\u7684\u65c5\u7a0b\u65f6\uff0c\u60a8\u53ef\u80fd\u4f1a\u53d1\u73b0\u81ea\u5df1\u51fa\u4e4e\u610f\u6599\u5730\u88ab\u5b83\u7684\u8bed\u6cd5\u6240\u5438\u5f15\u3002 \u4e0d\u8981\u5bb3\u6015\uff0c\u6211\u7684\u8bed\u8a00\u63a2\u9669\u5bb6\u4eec\uff01 \u6211\u4eec\u5728\u8fd9\u91cc\u4e3a\u8fd9\u4e2a\u8ff7\u4eba\u7684\u5192\u9669\u63d0\u4f9b\u6307\u5bfc\u548c\u652f\u6301\uff01","og_url":"https:\/\/talkpal.ai\/zh-hans\/%e6%b3%b0%e8%af%ad%e8%af%ad%e6%b3%95\/","og_site_name":"Talkpal","article_publisher":"https:\/\/www.facebook.com\/profile.php?id=100090733639311","article_modified_time":"2025-12-13T15:49:31+00:00","og_image":[{"width":512,"height":512,"url":"https:\/\/talkpal.ai\/wp-content\/uploads\/2023\/05\/thailand.png","type":"image\/png"}],"twitter_card":"summary_large_image","twitter_site":"@talkpalai","schema":{"@context":"https:\/\/schema.org","@graph":[{"@type":"WebPage","@id":"https:\/\/talkpal.ai\/zh-hans\/%e6%b3%b0%e8%af%ad%e8%af%ad%e6%b3%95\/","url":"https:\/\/talkpal.ai\/zh-hans\/%e6%b3%b0%e8%af%ad%e8%af%ad%e6%b3%95\/","name":"\u6cf0\u8bed\u8bed\u6cd5 - Talkpal","isPartOf":{"@id":"https:\/\/talkpal.ai\/zh-hans\/#website"},"primaryImageOfPage":{"@id":"https:\/\/talkpal.ai\/zh-hans\/%e6%b3%b0%e8%af%ad%e8%af%ad%e6%b3%95\/#primaryimage"},"image":{"@id":"https:\/\/talkpal.ai\/zh-hans\/%e6%b3%b0%e8%af%ad%e8%af%ad%e6%b3%95\/#primaryimage"},"thumbnailUrl":"https:\/\/talkpal.ai\/wp-content\/uploads\/2023\/05\/thailand.png","datePublished":"2023-05-14T14:24:42+00:00","dateModified":"2025-12-13T15:49:31+00:00","description":"\u63a2\u7d22\u6cf0\u8bed\u8bed\u6cd5\u7684\u8ff7\u4eba\u4e16\u754c\u3002 \u53d1\u73b0\u5b83\u7684\u7b80\u5355\u6027\u548c\u72ec\u7279\u529f\u80fd\uff0c\u8ba9\u5b66\u4e60\u53d8\u5f97\u8f7b\u677e\u6109\u5feb\u3002","breadcrumb":{"@id":"https:\/\/talkpal.ai\/zh-hans\/%e6%b3%b0%e8%af%ad%e8%af%ad%e6%b3%95\/#breadcrumb"},"inLanguage":"zh-Hans","potentialAction":[{"@type":"ReadAction","target":["https:\/\/talkpal.ai\/zh-hans\/%e6%b3%b0%e8%af%ad%e8%af%ad%e6%b3%95\/"]}]},{"@type":"ImageObject","inLanguage":"zh-Hans","@id":"https:\/\/talkpal.ai\/zh-hans\/%e6%b3%b0%e8%af%ad%e8%af%ad%e6%b3%95\/#primaryimage","url":"https:\/\/talkpal.ai\/wp-content\/uploads\/2023\/05\/thailand.png","contentUrl":"https:\/\/talkpal.ai\/wp-content\/uploads\/2023\/05\/thailand.png","width":512,"height":512},{"@type":"BreadcrumbList","@id":"https:\/\/talkpal.ai\/zh-hans\/%e6%b3%b0%e8%af%ad%e8%af%ad%e6%b3%95\/#breadcrumb","itemListElement":[{"@type":"ListItem","position":1,"name":"Homepage","item":"https:\/\/talkpal.ai\/zh-hans\/"},{"@type":"ListItem","position":2,"name":"\u6cf0\u8bed\u8bed\u6cd5"}]},{"@type":"WebSite","@id":"https:\/\/talkpal.ai\/zh-hans\/#website","url":"https:\/\/talkpal.ai\/zh-hans\/","name":"Talkpal","description":"AI Language Learning","publisher":{"@id":"https:\/\/talkpal.ai\/zh-hans\/#organization"},"alternateName":"Talkpal AI","potentialAction":[{"@type":"SearchAction","target":{"@type":"EntryPoint","urlTemplate":"https:\/\/talkpal.ai\/zh-hans\/?s={search_term_string}"},"query-input":{"@type":"PropertyValueSpecification","valueRequired":true,"valueName":"search_term_string"}}],"inLanguage":"zh-Hans"},{"@type":"Organization","@id":"https:\/\/talkpal.ai\/zh-hans\/#organization","name":"Talkpal, Inc.","alternateName":"Talkpal AI","url":"https:\/\/talkpal.ai\/zh-hans\/","logo":{"@type":"ImageObject","inLanguage":"zh-Hans","@id":"https:\/\/talkpal.ai\/zh-hans\/#\/schema\/logo\/image\/","url":"https:\/\/talkpal.ai\/wp-content\/uploads\/2024\/03\/Talkpal-Logo-Icon.png","contentUrl":"https:\/\/talkpal.ai\/wp-content\/uploads\/2024\/03\/Talkpal-Logo-Icon.png","width":2880,"height":2880,"caption":"Talkpal, Inc."},"image":{"@id":"https:\/\/talkpal.ai\/zh-hans\/#\/schema\/logo\/image\/"},"sameAs":["https:\/\/www.facebook.com\/profile.php?id=100090733639311","https:\/\/x.com\/talkpalai","https:\/\/www.linkedin.com\/company\/talkpal\/","https:\/\/www.youtube.com\/@TalkPal\/","https:\/\/www.tiktok.com\/@talkpal","https:\/\/www.instagram.com\/talkpal_ai\/","https:\/\/www.crunchbase.com\/organization\/talkpal-9cde","https:\/\/www.g2.com\/products\/talkpal-for-business\/","https:\/\/www.trustpilot.com\/review\/talkpal.ai","https:\/\/www.capterra.com\/p\/10006800\/TalkPal\/"],"description":"Talkpal is a language learning web and mobile education app, powered by the latest AI technologies, that provides engaging experiences to its customers in many different languages to help them improve their language skills. Users can chat about unlimited amount of topics with the app and use other modes to practice their language learning.","email":"support@talkpal.ai","legalName":"Talkpal, Inc.","foundingDate":"2023-04-03","duns":"118989042","numberOfEmployees":{"@type":"QuantitativeValue","minValue":"11","maxValue":"50"},"publishingPrinciples":"https:\/\/talkpal.ai\/publishing-principles\/","actionableFeedbackPolicy":"https:\/\/talkpal.ai\/actionable-feedback-policy\/","correctionsPolicy":"https:\/\/talkpal.ai\/corrections-policy\/","ethicsPolicy":"https:\/\/talkpal.ai\/ethics-policy\/","diversityPolicy":"https:\/\/talkpal.ai\/diversity-policy\/","diversityStaffingReport":"https:\/\/talkpal.ai\/diversity-policy\/"}]}},"_links":{"self":[{"href":"https:\/\/talkpal.ai\/zh-hans\/wp-json\/wp\/v2\/pages\/153380","targetHints":{"allow":["GET"]}}],"collection":[{"href":"https:\/\/talkpal.ai\/zh-hans\/wp-json\/wp\/v2\/pages"}],"about":[{"href":"https:\/\/talkpal.ai\/zh-hans\/wp-json\/wp\/v2\/types\/page"}],"author":[{"embeddable":true,"href":"https:\/\/talkpal.ai\/zh-hans\/wp-json\/wp\/v2\/users\/1"}],"replies":[{"embeddable":true,"href":"https:\/\/talkpal.ai\/zh-hans\/wp-json\/wp\/v2\/comments?post=153380"}],"version-history":[{"count":0,"href":"https:\/\/talkpal.ai\/zh-hans\/wp-json\/wp\/v2\/pages\/153380\/revisions"}],"wp:featuredmedia":[{"embeddable":true,"href":"https:\/\/talkpal.ai\/zh-hans\/wp-json\/wp\/v2\/media\/28729"}],"wp:attachment":[{"href":"https:\/\/talkpal.ai\/zh-hans\/wp-json\/wp\/v2\/media?parent=153380"}],"curies":[{"name":"wp","href":"https:\/\/api.w.org\/{rel}","templated":true}]}}