{"id":150129,"date":"2023-05-14T14:19:49","date_gmt":"2023-05-14T14:19:49","guid":{"rendered":"http:\/\/talkpal.ai\/%e6%96%af%e6%b4%9b%e4%bc%90%e5%85%8b%e8%af%ad%e8%af%ad%e6%b3%95\/"},"modified":"2025-12-12T11:13:29","modified_gmt":"2025-12-12T11:13:29","slug":"%e6%96%af%e6%b4%9b%e4%bc%90%e5%85%8b%e8%af%ad%e8%af%ad%e6%b3%95","status":"publish","type":"page","link":"https:\/\/talkpal.ai\/zh-hans\/%e6%96%af%e6%b4%9b%e4%bc%90%e5%85%8b%e8%af%ad%e8%af%ad%e6%b3%95\/","title":{"rendered":"\u65af\u6d1b\u4f10\u514b\u8bed\u8bed\u6cd5"},"content":{"rendered":"\r\n\r\n\r\n<section class=\"languageChallengeSection\">\r\n    <div class=\"languageInfoWrapper\">\r\n        \r\n        <h1>\u65af\u6d1b\u4f10\u514b\u8bed\u8bed\u6cd5<\/h1>\r\n        <p>\u5b66\u4e60\u57fa\u7840\u8bed\u6cd5\u89c4\u5219\uff0c\u9886\u7565\u65af\u6d1b\u4f10\u514b\u8bed\u4e4b\u7f8e\u3002 \u4e86\u89e3\u65af\u6d1b\u4f10\u514b\u8bed\u8bed\u6cd5\u5c06\u5e2e\u52a9\u60a8\u81ea\u4fe1\u5730\u4e0e\u4eba\u4ea4\u6d41\uff0c\u5e76\u66f4\u6df1\u5165\u5730\u4e86\u89e3\u65af\u6d1b\u4f10\u514b\u4e30\u5bcc\u7684\u4f20\u7edf\u3002 \u4eca\u5929\u5c31\u5f00\u59cb\u60a8\u7684\u5b66\u4e60\u4e4b\u65c5\uff0c\u8fc8\u51fa\u638c\u63e1\u65af\u6d1b\u4f10\u514b\u8bed\u7684\u7b2c\u4e00\u6b65\uff01\n\n<\/p>\r\n\r\n                            <a class=\"getStartedHidden\" href=\"https:\/\/app.talkpal.ai\/zh-cn\/signup?lng=\">\u5f00\u59cb\u5427<\/a>\r\n        \r\n    <\/div>\r\n\r\n    <figure>\r\n    <img decoding=\"async\" width=\"768\" height=\"768\" src=\"https:\/\/talkpal.ai\/wp-content\/uploads\/2023\/06\/slovak-768x768.png\" class=\"languageImage no-lazy\" alt=\"Default alt text\" fetchpriority=\"high\" sizes=\"(max-width: 768px) 150px, 768px\" srcset=\"https:\/\/talkpal.ai\/wp-content\/uploads\/2023\/06\/slovak-768x768.png 768w, https:\/\/talkpal.ai\/wp-content\/uploads\/2023\/06\/slovak-300x300.png 300w\" \/>\r\n    \r\n\r\n    <\/figure>\r\n\r\n            <a class=\"getStartedVisible\" href=\"https:\/\/app.talkpal.ai\/zh-cn\/signup?lng=\">\u5f00\u59cb\u5427<\/a>\r\n    \r\n<\/section>\r\n<section class=\"promotionalBanner\">\r\n    <p class=\"promotionalText\">\u5b66\u4e60\u8bed\u8a00\u6700\u6709\u6548\u7684\u65b9\u6cd5<\/p>\r\n    <a class=\"promotionalLink\" href=\"https:\/\/app.talkpal.ai\/zh-cn\/signup?lng=\">\u514d\u8d39\u8bd5\u7528Talkpal <\/a>\r\n<\/section>\n<div class=\"wp-block-group pageContainerStyle\"><div class=\"wp-block-group__inner-container is-layout-constrained wp-block-group-is-layout-constrained\">\n<h2 class=\"wp-block-heading\" id=\"h-slovak-grammar-the-key-to-unlocking-a-beautiful-language\">\u65af\u6d1b\u4f10\u514b\u8bed\u8bed\u6cd5\uff1a\u89e3\u9501\u4e00\u95e8\u7f8e\u4e3d\u8bed\u8a00\u7684\u5173\u952e<\/h2>\n\n\n\n<p>\u60a8\u662f\u6253\u7b97\u5b66\u4e60\u65af\u6d1b\u4f10\u514b\u8bed\u8fd8\u662f\u53ea\u662f\u5bf9\u5176\u72ec\u7279\u7684\u8bed\u6cd5\u611f\u5230\u597d\u5947\uff1f \u4f60\u6765\u5bf9\u5730\u65b9\u4e86 \u65af\u6d1b\u4f10\u514b\u8bed\u7684\u8bed\u6cd5\u4e4d\u4e00\u770b\u53ef\u80fd\u4ee4\u4eba\u751f\u754f\uff0c\u4f46\u4e0d\u7528\u62c5\u5fc3\uff0c\u5b83\u5b9e\u9645\u4e0a\u975e\u5e38\u5408\u7406\uff0c\u800c\u4e14\u6613\u4e8e\u638c\u63e1\u3002 \u5728\u672c\u6587\u4e2d\uff0c\u6211\u4eec\u5c06\u63a2\u8ba8\u65af\u6d1b\u4f10\u514b\u8bed\u8bed\u6cd5\u7684\u6765\u9f99\u53bb\u8109\uff0c\u5e2e\u52a9\u60a8\u66f4\u597d\u5730\u7406\u89e3\u548c\u6b23\u8d4f\u65af\u6d1b\u4f10\u514b\u8bed\u4e4b\u7f8e\u3002<\/p>\n\n\n\n<p>\u9996\u5148\uff0c\u8ba9\u6211\u4eec\u5148\u4e86\u89e3\u4e00\u4e0b\u80cc\u666f\u60c5\u51b5\u3002 \u65af\u6d1b\u4f10\u514b\u8bed\u662f\u4e00\u79cd\u897f\u65af\u62c9\u592b\u8bed\uff0c\u4e3b\u8981\u5728\u65af\u6d1b\u4f10\u514b\u4f7f\u7528\uff0c\u4f46\u60a8\u4e5f\u53ef\u4ee5\u5728\u5468\u8fb9\u56fd\u5bb6\u627e\u5230\u4f7f\u7528\u8005\u3002 \u4f5c\u4e3a\u4e00\u79cd\u65af\u62c9\u592b\u8bed\u8a00\uff0c\u5b83\u4e0e\u8be5\u5730\u533a\u7684\u5176\u4ed6\u8bed\u8a00\u6709\u8bb8\u591a\u76f8\u4f3c\u4e4b\u5904\uff0c\u5982\u6377\u514b\u8bed\u548c\u6ce2\u5170\u8bed\u3002 \u4f46\u662f\uff0c\u5b83\u6709\u81ea\u5df1\u72ec\u7279\u7684\u8bed\u6cd5\u89c4\u5219\u548c\u4f7f\u7528\u6a21\u5f0f\uff0c\u4f7f\u5176\u4e0e\u4f17\u4e0d\u540c\u3002<\/p>\n\n\n\n<p>\u73b0\u5728\uff0c\u8ba9\u6211\u4eec\u6df1\u5165\u4e86\u89e3\u65af\u6d1b\u4f10\u514b\u8bed\u8bed\u6cd5\u4e2d\u6700\u91cd\u8981\u7684\u51e0\u4e2a\u65b9\u9762\u3002<\/p>\n\n\n\n<h3 class=\"wp-block-heading\" id=\"h-1-nouns-and-their-cases\">1. \u540d\u8bcd\u53ca\u5176\u5927\u5c0f\u5199<\/h3>\n\n\n\n<p>\u65af\u6d1b\u4f10\u514b\u8bed\u8bed\u6cd5\u6700\u663e\u7740\u7684\u7279\u5f81\u4e4b\u4e00\u662f\u5176\u590d\u6742\u7684\u5927\u5c0f\u5199\u7cfb\u7edf\u3002 \u5982\u679c\u60a8\u719f\u6089\u5fb7\u8bed\u6216\u4fc4\u8bed\uff0c\u5c31\u4f1a\u660e\u767d\u6211\u4eec\u5728\u8bf4\u4ec0\u4e48\uff1a\u65af\u6d1b\u4f10\u514b\u8bed\u7684\u540d\u8bcd\u4f1a\u6839\u636e\u5176\u5728\u53e5\u5b50\u4e2d\u7684\u529f\u80fd\u6539\u53d8\u5f62\u5f0f\u3002 \u4e00\u5171\u6709\u4e03\u79cd\u60c5\u51b5\uff08\u540d\u8bcd\u6027\u3001\u5c5e\u8bcd\u6027\u3001\u52a9\u8bcd\u6027\u3001\u6307\u4ee3\u8bcd\u6027\u3001\u4f4d\u7f6e\u6027\u3001\u5de5\u5177\u6027\u548c\u8bcd\u6c47\u6027\uff09\uff0c\u4e00\u5f00\u59cb\u53ef\u80fd\u4f1a\u8ba9\u4eba\u4e0d\u77e5\u6240\u63aa\uff0c\u4f46\u4e0d\u8981\u653e\u5f03\uff01 \u4e00\u65e6\u638c\u63e1\u4e86\u7a8d\u95e8\uff0c\u5b83\u5c31\u4f1a\u53d8\u5f97\u975e\u5e38\u5408\u7406\uff0c\u751a\u81f3\u5145\u6ee1\u4e50\u8da3\u3002<\/p>\n\n\n\n<p>\u4ee5\u540d\u8bcd &#8220;chlapec&#8221;\uff08\u7537\u5b69\uff09\u4e3a\u4f8b\u3002 \u5b83\u53ef\u4ee5\u53d8\u4e3a &#8220;chlapca&#8221;\u3001&#8221;chlapcovi&#8221;\u3001&#8221;chlapcom &#8220;\u7b49\uff0c\u53d6\u51b3\u4e8e\u5b83\u662f\u52a8\u4f5c\u7684\u4e3b\u4f53\u3001\u5ba2\u4f53\u8fd8\u662f\u53d7\u4f53\u3002 \u8bcd\u5c3e\u4e5f\u53d6\u51b3\u4e8e\u540d\u8bcd\u7684\u6027\u522b\uff08\u9633\u6027\u3001\u9634\u6027\u6216\u4e2d\u6027\uff09\uff0c\u4ece\u800c\u4f7f\u8bed\u8a00\u66f4\u52a0\u4e30\u5bcc\u591a\u5f69\u3002<\/p>\n\n\n\n<h3 class=\"wp-block-heading\" id=\"h-2-verb-conjugation-and-tenses\">2. \u52a8\u8bcd\u53d8\u4f4d\u548c\u65f6\u6001<\/h3>\n\n\n\n<p>\u65af\u6d1b\u4f10\u514b\u8bed\u52a8\u8bcd\u6839\u636e\u4e3b\u8bed\u7684\u4eba\u79f0\u548c\u6570\u5b57\uff08\u5355\u6570\u6216\u590d\u6570\uff09\u6539\u53d8\u8bcd\u5c3e\u3002 \u4f8b\u5982\uff0c\u52a8\u8bcd &#8220;vidie\u0165&#8221;\uff08\u770b\uff09\u53ef\u4ee5\u53d8\u6210 &#8220;vid\u00edm&#8221;\uff08\u6211\u770b\uff09\u3001&#8221;vid\u00ed\u0161&#8221;\uff08\u4f60\u770b\uff09\u3001&#8221;vidia&#8221;\uff08\u4ed6\u4eec\u770b\uff09\u7b49\u3002<\/p>\n\n\n\n<p>\u65af\u6d1b\u4f10\u514b\u8bed\u6709\u4e09\u79cd\u4e3b\u8981\u65f6\u6001\uff1a\u8fc7\u53bb\u65f6\u3001\u73b0\u5728\u65f6\u548c\u5c06\u6765\u65f6\u3002 \u6709\u8da3\u7684\u662f\uff0c\u4e0e\u82f1\u8bed\u4e0d\u540c\uff0c\u65af\u6d1b\u4f10\u514b\u8bed\u901a\u5e38\u4e0d\u4f7f\u7528\u52a9\u52a8\u8bcd\u6765\u6784\u6210\u8fd9\u4e9b\u65f6\u6001\u3002 \u76f8\u53cd\uff0c\u5b83\u4eec\u662f\u901a\u8fc7\u6539\u53d8\u52a8\u8bcd\u7ed3\u5c3e\u5f62\u6210\u7684\u3002 \u4f8b\u5982\uff0c&#8221;\u6211\u770b\u5230 &#8220;\u662f &#8220;vid\u00edm&#8221;\uff0c&#8221;\u6211\u770b\u89c1 &#8220;\u662f &#8220;videl som&#8221;\uff0c&#8221;\u6211\u4f1a\u770b\u5230 &#8220;\u662f &#8220;uvid\u00edm&#8221;\u3002<\/p>\n\n\n\n<h3 class=\"wp-block-heading\" id=\"h-3-sentence-structure-and-word-order\">3.\u53e5\u5b50\u7ed3\u6784\u548c\u8bcd\u5e8f<\/h3>\n\n\n\n<p>\u65af\u6d1b\u4f10\u514b\u8bed\u7684\u8bcd\u5e8f\u76f8\u5bf9\u7075\u6d3b\uff0c\u8fd9\u8981\u5f52\u529f\u4e8e\u5176\u540d\u8bcd\u5927\u5c0f\u5199\u548c\u52a8\u8bcd\u53d8\u4f4d\u7cfb\u7edf\u3002 \u4f8b\u5982\uff0c&#8221;chlapec vid\u00ed psa&#8221;\uff08\u7537\u5b69\u770b\u5230\u4e86\u72d7\uff09\u4e5f\u53ef\u4ee5\u662f &#8220;psa vid\u00ed chlapec&#8221;\uff0c\u610f\u601d\u4ecd\u7136\u76f8\u540c\u3002<\/p>\n\n\n\n<p>\u4e5f\u5c31\u662f\u8bf4\uff0c\u65af\u6d1b\u4f10\u514b\u8bed\u4e2d\u6700\u5e38\u89c1\u7684\u8bcd\u5e8f\u662f\u4e3b\u8bed-\u52a8\u8bcd-\u5bbe\u8bed\u6216 SVO\u3002 \u8fd9\u4e0e\u82f1\u8bed\u7c7b\u4f3c\uff0c\u662f\u5b66\u4e60\u8005\u7684\u4e00\u4e2a\u5f88\u597d\u7684\u8d77\u70b9\u3002 \u968f\u7740\u60a8\u5bf9\u8bed\u8a00\u8d8a\u6765\u8d8a\u719f\u6089\uff0c\u60a8\u53ef\u4ee5\u5c1d\u8bd5\u4e0d\u540c\u7684\u8bcd\u5e8f\u6765\u4e3a\u60a8\u7684\u53e5\u5b50\u6dfb\u52a0\u91cd\u70b9\u6216\u7ec6\u5fae\u5dee\u522b\u3002<\/p>\n\n\n\n<h3 class=\"wp-block-heading\" id=\"h-4-adjectives-and-adverbs\">4. \u5f62\u5bb9\u8bcd\u548c\u526f\u8bcd<\/h3>\n\n\n\n<p>\u5c31\u50cf\u5728\u8bb8\u591a\u5176\u4ed6\u8bed\u8a00\u4e2d\u4e00\u6837\uff0c\u65af\u6d1b\u4f10\u514b\u8bed\u4e2d\u7684\u5f62\u5bb9\u8bcd\u548c\u526f\u8bcd\u7528\u4e8e\u63cf\u8ff0\u540d\u8bcd\u548c\u52a8\u8bcd\u3002 \u4f46\u662f\uff0c\u5b83\u4eec\u4e5f\u6709\u81ea\u5df1\u7684\u6848\u4f8b\u534f\u8bae\u548c\u6027\u522b\u534f\u8bae\u89c4\u5219\uff0c\u8fd9\u53ef\u80fd\u4f1a\u4f7f\u4e8b\u60c5\u53d8\u5f97\u66f4\u52a0\u590d\u6742\u3002 \u503c\u5f97\u5e86\u5e78\u7684\u662f\uff0c\u4e00\u65e6\u4f60\u638c\u63e1\u4e86\u540d\u8bcd\u5927\u5c0f\u5199\u548c\u52a8\u8bcd\u53d8\u4f4d\uff0c\u8fd9\u4e9b\u89c4\u5219\u5c31\u4f1a\u66f4\u81ea\u7136\u5730\u51fa\u73b0\u3002<\/p>\n\n\n\n<p>\u90a3\u4e48\uff0c\u4f60\u51c6\u5907\u597d\u5904\u7406\u65af\u6d1b\u4f10\u514b\u8bed\u8bed\u6cd5\u4e86\u5417\uff1f \u6709\u4e86\u6b63\u786e\u7684\u5fc3\u6001\u548c\u8d44\u6e90\uff0c\u5b66\u4e60\u65af\u6d1b\u4f10\u514b\u8bed\u662f\u4e00\u79cd\u6709\u76ca\u7684\u7ecf\u5386\uff0c\u53ef\u4ee5\u6253\u5f00\u901a\u5f80\u4e30\u5bcc\u6587\u5316\u548c\u7f8e\u4e3d\u56fd\u5bb6\u7684\u5927\u95e8\u3002 \u5faa\u5e8f\u6e10\u8fdb\uff0c\u5b9a\u671f\u7ec3\u4e60\uff0c\u4e0d\u8981\u5bb3\u6015\u72af\u9519\uff0c\u6bd5\u7adf\u8fd9\u662f\u6211\u4eec\u5b66\u4e60\u7684\u65b9\u5f0f\u3002 Ve\u013ea \u0161\u0165astia\uff01 \uff08\u795d\u4f60\u597d\u8fd0\uff01<\/p>\n<\/div><\/div>\n\r\n<section class=\"learnNavigationSection\">\r\n            \r\n        <a href=\"https:\/\/talkpal.ai\/zh-hans\/%e5%ad%a6%e4%b9%a0%e6%96%af%e6%b4%9b%e4%bc%90%e5%85%8b%e8%af%ad\/\">\r\n            <div class=\"learnNavigationWrapper\">\r\n                <div class=\"learnNavigationContent\">\r\n                    <img decoding=\"async\" src=\"https:\/\/talkpal.ai\/wp-content\/uploads\/2024\/08\/Slovak.jpg\" alt=\"Slovak Flag\">\r\n                    <div>\r\n                        <h4>\u5173\u4e8e\u65af\u6d1b\u4f10\u514b\u8bed\u5b66\u4e60<\/h4>\r\n                        <p>\u4e86\u89e3\u6709\u5173\u65af\u6d1b\u4f10\u514b\u8bed\u8bed\u6cd5\u7684\u6240\u6709\u4fe1\u606f \u3002<\/p>\r\n                    <\/div>\r\n                <\/div>\r\n            <\/div>\r\n        <\/a>\r\n\r\n        \r\n        <a href=\"https:\/\/talkpal.ai\/zh-hans\/%e6%96%af%e6%b4%9b%e4%bc%90%e5%85%8b%e8%af%ad%e8%af%ad%e6%b3%95%e7%bb%83%e4%b9%a0\/\">\r\n            <div class=\"learnNavigationWrapper\">\r\n                <div class=\"learnNavigationContent\">\r\n                    <img decoding=\"async\" src=\"https:\/\/talkpal.ai\/wp-content\/uploads\/2024\/08\/Slovak.jpg\" alt=\"Slovak Flag\">\r\n                    <div>\r\n                        <h4>\u65af\u6d1b\u4f10\u514b\u8bed\u8bed\u6cd5\u7ec3\u4e60<\/h4>\r\n                        <p>\u7ec3\u4e60\u65af\u6d1b\u4f10\u514b\u8bed \u8bed\u6cd5\u3002<\/p>\r\n                    <\/div>\r\n                <\/div>\r\n            <\/div>\r\n        <\/a>\r\n\r\n        \r\n        <a href=\"https:\/\/talkpal.ai\/vocabulary_language\/slovak\/\">\r\n            <div class=\"learnNavigationWrapper\">\r\n                <div class=\"learnNavigationContent\">\r\n                    <img decoding=\"async\" src=\"https:\/\/talkpal.ai\/wp-content\/uploads\/2024\/08\/Slovak.jpg\" alt=\"Slovak Flag\">\r\n                    <div>\r\n                        <h4>\u65af\u6d1b\u4f10\u514b\u8bed\u8bcd\u6c47<\/h4>\r\n                        <p>\u6269\u5927\u60a8\u7684\u65af\u6d1b\u4f10\u514b\u8bed\u8bcd\u6c47\u91cf\u3002<\/p>\r\n                    <\/div>\r\n                <\/div>\r\n            <\/div>\r\n        <\/a>\r\n\r\n            <\/section>","protected":false},"excerpt":{"rendered":"<p>\u65af\u6d1b\u4f10\u514b\u8bed\u8bed\u6cd5\uff1a\u89e3\u9501\u4e00\u95e8\u7f8e\u4e3d\u8bed\u8a00\u7684\u5173\u952e \u60a8\u662f\u6253\u7b97\u5b66\u4e60\u65af\u6d1b\u4f10\u514b\u8bed\u8fd8\u662f\u53ea\u662f\u5bf9\u5176\u72ec\u7279\u7684\u8bed\u6cd5\u611f\u5230\u597d\u5947\uff1f \u4f60\u6765\u5bf9\u5730\u65b9\u4e86  [&hellip;]<\/p>\n","protected":false},"author":1,"featured_media":28633,"parent":0,"menu_order":0,"comment_status":"closed","ping_status":"closed","template":"LearningContentPage.php","meta":{"_acf_changed":false,"footnotes":""},"class_list":["post-150129","page","type-page","status-publish","has-post-thumbnail","hentry"],"acf":[],"yoast_head":"<!-- This site is optimized with the Yoast SEO Premium plugin v27.2 (Yoast SEO v27.2) - https:\/\/yoast.com\/product\/yoast-seo-premium-wordpress\/ -->\n<title>\u65af\u6d1b\u4f10\u514b\u8bed\u8bed\u6cd5 - Talkpal<\/title>\n<meta name=\"description\" content=\"\u901a\u8fc7\u6e05\u6670\u7684\u89e3\u91ca\u3001\u5b9e\u7528\u7684\u793a\u4f8b\u548c\u4e92\u52a8\u7ec3\u4e60\u638c\u63e1\u65af\u6d1b\u4f10\u514b\u8bed\u8bed\u6cd5\u3002 \u63d0\u9ad8\u4f60\u7684\u6280\u80fd\uff01\" \/>\n<meta name=\"robots\" content=\"index, follow, max-snippet:-1, max-image-preview:large, max-video-preview:-1\" \/>\n<link rel=\"canonical\" href=\"https:\/\/talkpal.ai\/zh-hans\/%e6%96%af%e6%b4%9b%e4%bc%90%e5%85%8b%e8%af%ad%e8%af%ad%e6%b3%95\/\" \/>\n<meta property=\"og:locale\" content=\"zh_CN\" \/>\n<meta property=\"og:type\" content=\"article\" \/>\n<meta property=\"og:title\" content=\"\u65af\u6d1b\u4f10\u514b\u8bed\u8bed\u6cd5\" \/>\n<meta property=\"og:description\" content=\"\u65af\u6d1b\u4f10\u514b\u8bed\u8bed\u6cd5\uff1a\u89e3\u9501\u4e00\u95e8\u7f8e\u4e3d\u8bed\u8a00\u7684\u5173\u952e \u60a8\u662f\u6253\u7b97\u5b66\u4e60\u65af\u6d1b\u4f10\u514b\u8bed\u8fd8\u662f\u53ea\u662f\u5bf9\u5176\u72ec\u7279\u7684\u8bed\u6cd5\u611f\u5230\u597d\u5947\uff1f \u4f60\u6765\u5bf9\u5730\u65b9\u4e86 \u65af\u6d1b\u4f10\u514b\u8bed\u7684\u8bed\u6cd5\u4e4d\u4e00\u770b\u53ef\u80fd\u4ee4\u4eba\u751f\u754f\uff0c\u4f46\u4e0d\u7528\u62c5\u5fc3\uff0c\u5b83\u5b9e\u9645\u4e0a\u975e\u5e38\u5408\u7406\uff0c\u800c\u4e14\u6613\u4e8e\u638c\u63e1\u3002 \u5728\u672c\u6587\u4e2d\uff0c\u6211\u4eec\u5c06\u63a2\u8ba8\u65af\u6d1b\u4f10\u514b\u8bed\u8bed\u6cd5\u7684\u6765\u9f99\u53bb\u8109\uff0c\u5e2e\u52a9\u60a8\u66f4\u597d\u5730\u7406\u89e3\u548c\u6b23\u8d4f\u65af\u6d1b\u4f10\u514b\u8bed\u4e4b\u7f8e\u3002\" \/>\n<meta property=\"og:url\" content=\"https:\/\/talkpal.ai\/zh-hans\/%e6%96%af%e6%b4%9b%e4%bc%90%e5%85%8b%e8%af%ad%e8%af%ad%e6%b3%95\/\" \/>\n<meta property=\"og:site_name\" content=\"Talkpal\" \/>\n<meta property=\"article:publisher\" content=\"https:\/\/www.facebook.com\/profile.php?id=100090733639311\" \/>\n<meta property=\"article:modified_time\" content=\"2025-12-12T11:13:29+00:00\" \/>\n<meta property=\"og:image\" content=\"https:\/\/talkpal.ai\/wp-content\/uploads\/2023\/05\/slovakia.png\" \/>\n\t<meta property=\"og:image:width\" content=\"512\" \/>\n\t<meta property=\"og:image:height\" content=\"512\" \/>\n\t<meta property=\"og:image:type\" content=\"image\/png\" \/>\n<meta name=\"twitter:card\" content=\"summary_large_image\" \/>\n<meta name=\"twitter:site\" content=\"@talkpalai\" \/>\n<script type=\"application\/ld+json\" class=\"yoast-schema-graph\">{\"@context\":\"https:\/\/schema.org\",\"@graph\":[{\"@type\":\"WebPage\",\"@id\":\"https:\/\/talkpal.ai\/zh-hans\/%e6%96%af%e6%b4%9b%e4%bc%90%e5%85%8b%e8%af%ad%e8%af%ad%e6%b3%95\/\",\"url\":\"https:\/\/talkpal.ai\/zh-hans\/%e6%96%af%e6%b4%9b%e4%bc%90%e5%85%8b%e8%af%ad%e8%af%ad%e6%b3%95\/\",\"name\":\"\u65af\u6d1b\u4f10\u514b\u8bed\u8bed\u6cd5 - Talkpal\",\"isPartOf\":{\"@id\":\"https:\/\/talkpal.ai\/zh-hans\/#website\"},\"primaryImageOfPage\":{\"@id\":\"https:\/\/talkpal.ai\/zh-hans\/%e6%96%af%e6%b4%9b%e4%bc%90%e5%85%8b%e8%af%ad%e8%af%ad%e6%b3%95\/#primaryimage\"},\"image\":{\"@id\":\"https:\/\/talkpal.ai\/zh-hans\/%e6%96%af%e6%b4%9b%e4%bc%90%e5%85%8b%e8%af%ad%e8%af%ad%e6%b3%95\/#primaryimage\"},\"thumbnailUrl\":\"https:\/\/talkpal.ai\/wp-content\/uploads\/2023\/05\/slovakia.png\",\"datePublished\":\"2023-05-14T14:19:49+00:00\",\"dateModified\":\"2025-12-12T11:13:29+00:00\",\"description\":\"\u901a\u8fc7\u6e05\u6670\u7684\u89e3\u91ca\u3001\u5b9e\u7528\u7684\u793a\u4f8b\u548c\u4e92\u52a8\u7ec3\u4e60\u638c\u63e1\u65af\u6d1b\u4f10\u514b\u8bed\u8bed\u6cd5\u3002 \u63d0\u9ad8\u4f60\u7684\u6280\u80fd\uff01\",\"breadcrumb\":{\"@id\":\"https:\/\/talkpal.ai\/zh-hans\/%e6%96%af%e6%b4%9b%e4%bc%90%e5%85%8b%e8%af%ad%e8%af%ad%e6%b3%95\/#breadcrumb\"},\"inLanguage\":\"zh-Hans\",\"potentialAction\":[{\"@type\":\"ReadAction\",\"target\":[\"https:\/\/talkpal.ai\/zh-hans\/%e6%96%af%e6%b4%9b%e4%bc%90%e5%85%8b%e8%af%ad%e8%af%ad%e6%b3%95\/\"]}]},{\"@type\":\"ImageObject\",\"inLanguage\":\"zh-Hans\",\"@id\":\"https:\/\/talkpal.ai\/zh-hans\/%e6%96%af%e6%b4%9b%e4%bc%90%e5%85%8b%e8%af%ad%e8%af%ad%e6%b3%95\/#primaryimage\",\"url\":\"https:\/\/talkpal.ai\/wp-content\/uploads\/2023\/05\/slovakia.png\",\"contentUrl\":\"https:\/\/talkpal.ai\/wp-content\/uploads\/2023\/05\/slovakia.png\",\"width\":512,\"height\":512},{\"@type\":\"BreadcrumbList\",\"@id\":\"https:\/\/talkpal.ai\/zh-hans\/%e6%96%af%e6%b4%9b%e4%bc%90%e5%85%8b%e8%af%ad%e8%af%ad%e6%b3%95\/#breadcrumb\",\"itemListElement\":[{\"@type\":\"ListItem\",\"position\":1,\"name\":\"Homepage\",\"item\":\"https:\/\/talkpal.ai\/zh-hans\/\"},{\"@type\":\"ListItem\",\"position\":2,\"name\":\"\u65af\u6d1b\u4f10\u514b\u8bed\u8bed\u6cd5\"}]},{\"@type\":\"WebSite\",\"@id\":\"https:\/\/talkpal.ai\/zh-hans\/#website\",\"url\":\"https:\/\/talkpal.ai\/zh-hans\/\",\"name\":\"Talkpal\",\"description\":\"AI Language Learning\",\"publisher\":{\"@id\":\"https:\/\/talkpal.ai\/zh-hans\/#organization\"},\"alternateName\":\"Talkpal AI\",\"potentialAction\":[{\"@type\":\"SearchAction\",\"target\":{\"@type\":\"EntryPoint\",\"urlTemplate\":\"https:\/\/talkpal.ai\/zh-hans\/?s={search_term_string}\"},\"query-input\":{\"@type\":\"PropertyValueSpecification\",\"valueRequired\":true,\"valueName\":\"search_term_string\"}}],\"inLanguage\":\"zh-Hans\"},{\"@type\":\"Organization\",\"@id\":\"https:\/\/talkpal.ai\/zh-hans\/#organization\",\"name\":\"Talkpal, Inc.\",\"alternateName\":\"Talkpal AI\",\"url\":\"https:\/\/talkpal.ai\/zh-hans\/\",\"logo\":{\"@type\":\"ImageObject\",\"inLanguage\":\"zh-Hans\",\"@id\":\"https:\/\/talkpal.ai\/zh-hans\/#\/schema\/logo\/image\/\",\"url\":\"https:\/\/talkpal.ai\/wp-content\/uploads\/2024\/03\/Talkpal-Logo-Icon.png\",\"contentUrl\":\"https:\/\/talkpal.ai\/wp-content\/uploads\/2024\/03\/Talkpal-Logo-Icon.png\",\"width\":2880,\"height\":2880,\"caption\":\"Talkpal, Inc.\"},\"image\":{\"@id\":\"https:\/\/talkpal.ai\/zh-hans\/#\/schema\/logo\/image\/\"},\"sameAs\":[\"https:\/\/www.facebook.com\/profile.php?id=100090733639311\",\"https:\/\/x.com\/talkpalai\",\"https:\/\/www.linkedin.com\/company\/talkpal\/\",\"https:\/\/www.youtube.com\/@TalkPal\/\",\"https:\/\/www.tiktok.com\/@talkpal\",\"https:\/\/www.instagram.com\/talkpal_ai\/\",\"https:\/\/www.crunchbase.com\/organization\/talkpal-9cde\",\"https:\/\/www.g2.com\/products\/talkpal-for-business\/\",\"https:\/\/www.trustpilot.com\/review\/talkpal.ai\",\"https:\/\/www.capterra.com\/p\/10006800\/TalkPal\/\"],\"description\":\"Talkpal is a language learning web and mobile education app, powered by the latest AI technologies, that provides engaging experiences to its customers in many different languages to help them improve their language skills. Users can chat about unlimited amount of topics with the app and use other modes to practice their language learning.\",\"email\":\"support@talkpal.ai\",\"legalName\":\"Talkpal, Inc.\",\"foundingDate\":\"2023-04-03\",\"duns\":\"118989042\",\"numberOfEmployees\":{\"@type\":\"QuantitativeValue\",\"minValue\":\"11\",\"maxValue\":\"50\"},\"publishingPrinciples\":\"https:\/\/talkpal.ai\/publishing-principles\/\",\"actionableFeedbackPolicy\":\"https:\/\/talkpal.ai\/actionable-feedback-policy\/\",\"correctionsPolicy\":\"https:\/\/talkpal.ai\/corrections-policy\/\",\"ethicsPolicy\":\"https:\/\/talkpal.ai\/ethics-policy\/\",\"diversityPolicy\":\"https:\/\/talkpal.ai\/diversity-policy\/\",\"diversityStaffingReport\":\"https:\/\/talkpal.ai\/diversity-policy\/\"}]}<\/script>\n<!-- \/ Yoast SEO Premium plugin. -->","yoast_head_json":{"title":"\u65af\u6d1b\u4f10\u514b\u8bed\u8bed\u6cd5 - Talkpal","description":"\u901a\u8fc7\u6e05\u6670\u7684\u89e3\u91ca\u3001\u5b9e\u7528\u7684\u793a\u4f8b\u548c\u4e92\u52a8\u7ec3\u4e60\u638c\u63e1\u65af\u6d1b\u4f10\u514b\u8bed\u8bed\u6cd5\u3002 \u63d0\u9ad8\u4f60\u7684\u6280\u80fd\uff01","robots":{"index":"index","follow":"follow","max-snippet":"max-snippet:-1","max-image-preview":"max-image-preview:large","max-video-preview":"max-video-preview:-1"},"canonical":"https:\/\/talkpal.ai\/zh-hans\/%e6%96%af%e6%b4%9b%e4%bc%90%e5%85%8b%e8%af%ad%e8%af%ad%e6%b3%95\/","og_locale":"zh_CN","og_type":"article","og_title":"\u65af\u6d1b\u4f10\u514b\u8bed\u8bed\u6cd5","og_description":"\u65af\u6d1b\u4f10\u514b\u8bed\u8bed\u6cd5\uff1a\u89e3\u9501\u4e00\u95e8\u7f8e\u4e3d\u8bed\u8a00\u7684\u5173\u952e \u60a8\u662f\u6253\u7b97\u5b66\u4e60\u65af\u6d1b\u4f10\u514b\u8bed\u8fd8\u662f\u53ea\u662f\u5bf9\u5176\u72ec\u7279\u7684\u8bed\u6cd5\u611f\u5230\u597d\u5947\uff1f \u4f60\u6765\u5bf9\u5730\u65b9\u4e86 \u65af\u6d1b\u4f10\u514b\u8bed\u7684\u8bed\u6cd5\u4e4d\u4e00\u770b\u53ef\u80fd\u4ee4\u4eba\u751f\u754f\uff0c\u4f46\u4e0d\u7528\u62c5\u5fc3\uff0c\u5b83\u5b9e\u9645\u4e0a\u975e\u5e38\u5408\u7406\uff0c\u800c\u4e14\u6613\u4e8e\u638c\u63e1\u3002 \u5728\u672c\u6587\u4e2d\uff0c\u6211\u4eec\u5c06\u63a2\u8ba8\u65af\u6d1b\u4f10\u514b\u8bed\u8bed\u6cd5\u7684\u6765\u9f99\u53bb\u8109\uff0c\u5e2e\u52a9\u60a8\u66f4\u597d\u5730\u7406\u89e3\u548c\u6b23\u8d4f\u65af\u6d1b\u4f10\u514b\u8bed\u4e4b\u7f8e\u3002","og_url":"https:\/\/talkpal.ai\/zh-hans\/%e6%96%af%e6%b4%9b%e4%bc%90%e5%85%8b%e8%af%ad%e8%af%ad%e6%b3%95\/","og_site_name":"Talkpal","article_publisher":"https:\/\/www.facebook.com\/profile.php?id=100090733639311","article_modified_time":"2025-12-12T11:13:29+00:00","og_image":[{"width":512,"height":512,"url":"https:\/\/talkpal.ai\/wp-content\/uploads\/2023\/05\/slovakia.png","type":"image\/png"}],"twitter_card":"summary_large_image","twitter_site":"@talkpalai","schema":{"@context":"https:\/\/schema.org","@graph":[{"@type":"WebPage","@id":"https:\/\/talkpal.ai\/zh-hans\/%e6%96%af%e6%b4%9b%e4%bc%90%e5%85%8b%e8%af%ad%e8%af%ad%e6%b3%95\/","url":"https:\/\/talkpal.ai\/zh-hans\/%e6%96%af%e6%b4%9b%e4%bc%90%e5%85%8b%e8%af%ad%e8%af%ad%e6%b3%95\/","name":"\u65af\u6d1b\u4f10\u514b\u8bed\u8bed\u6cd5 - Talkpal","isPartOf":{"@id":"https:\/\/talkpal.ai\/zh-hans\/#website"},"primaryImageOfPage":{"@id":"https:\/\/talkpal.ai\/zh-hans\/%e6%96%af%e6%b4%9b%e4%bc%90%e5%85%8b%e8%af%ad%e8%af%ad%e6%b3%95\/#primaryimage"},"image":{"@id":"https:\/\/talkpal.ai\/zh-hans\/%e6%96%af%e6%b4%9b%e4%bc%90%e5%85%8b%e8%af%ad%e8%af%ad%e6%b3%95\/#primaryimage"},"thumbnailUrl":"https:\/\/talkpal.ai\/wp-content\/uploads\/2023\/05\/slovakia.png","datePublished":"2023-05-14T14:19:49+00:00","dateModified":"2025-12-12T11:13:29+00:00","description":"\u901a\u8fc7\u6e05\u6670\u7684\u89e3\u91ca\u3001\u5b9e\u7528\u7684\u793a\u4f8b\u548c\u4e92\u52a8\u7ec3\u4e60\u638c\u63e1\u65af\u6d1b\u4f10\u514b\u8bed\u8bed\u6cd5\u3002 \u63d0\u9ad8\u4f60\u7684\u6280\u80fd\uff01","breadcrumb":{"@id":"https:\/\/talkpal.ai\/zh-hans\/%e6%96%af%e6%b4%9b%e4%bc%90%e5%85%8b%e8%af%ad%e8%af%ad%e6%b3%95\/#breadcrumb"},"inLanguage":"zh-Hans","potentialAction":[{"@type":"ReadAction","target":["https:\/\/talkpal.ai\/zh-hans\/%e6%96%af%e6%b4%9b%e4%bc%90%e5%85%8b%e8%af%ad%e8%af%ad%e6%b3%95\/"]}]},{"@type":"ImageObject","inLanguage":"zh-Hans","@id":"https:\/\/talkpal.ai\/zh-hans\/%e6%96%af%e6%b4%9b%e4%bc%90%e5%85%8b%e8%af%ad%e8%af%ad%e6%b3%95\/#primaryimage","url":"https:\/\/talkpal.ai\/wp-content\/uploads\/2023\/05\/slovakia.png","contentUrl":"https:\/\/talkpal.ai\/wp-content\/uploads\/2023\/05\/slovakia.png","width":512,"height":512},{"@type":"BreadcrumbList","@id":"https:\/\/talkpal.ai\/zh-hans\/%e6%96%af%e6%b4%9b%e4%bc%90%e5%85%8b%e8%af%ad%e8%af%ad%e6%b3%95\/#breadcrumb","itemListElement":[{"@type":"ListItem","position":1,"name":"Homepage","item":"https:\/\/talkpal.ai\/zh-hans\/"},{"@type":"ListItem","position":2,"name":"\u65af\u6d1b\u4f10\u514b\u8bed\u8bed\u6cd5"}]},{"@type":"WebSite","@id":"https:\/\/talkpal.ai\/zh-hans\/#website","url":"https:\/\/talkpal.ai\/zh-hans\/","name":"Talkpal","description":"AI Language Learning","publisher":{"@id":"https:\/\/talkpal.ai\/zh-hans\/#organization"},"alternateName":"Talkpal AI","potentialAction":[{"@type":"SearchAction","target":{"@type":"EntryPoint","urlTemplate":"https:\/\/talkpal.ai\/zh-hans\/?s={search_term_string}"},"query-input":{"@type":"PropertyValueSpecification","valueRequired":true,"valueName":"search_term_string"}}],"inLanguage":"zh-Hans"},{"@type":"Organization","@id":"https:\/\/talkpal.ai\/zh-hans\/#organization","name":"Talkpal, Inc.","alternateName":"Talkpal AI","url":"https:\/\/talkpal.ai\/zh-hans\/","logo":{"@type":"ImageObject","inLanguage":"zh-Hans","@id":"https:\/\/talkpal.ai\/zh-hans\/#\/schema\/logo\/image\/","url":"https:\/\/talkpal.ai\/wp-content\/uploads\/2024\/03\/Talkpal-Logo-Icon.png","contentUrl":"https:\/\/talkpal.ai\/wp-content\/uploads\/2024\/03\/Talkpal-Logo-Icon.png","width":2880,"height":2880,"caption":"Talkpal, Inc."},"image":{"@id":"https:\/\/talkpal.ai\/zh-hans\/#\/schema\/logo\/image\/"},"sameAs":["https:\/\/www.facebook.com\/profile.php?id=100090733639311","https:\/\/x.com\/talkpalai","https:\/\/www.linkedin.com\/company\/talkpal\/","https:\/\/www.youtube.com\/@TalkPal\/","https:\/\/www.tiktok.com\/@talkpal","https:\/\/www.instagram.com\/talkpal_ai\/","https:\/\/www.crunchbase.com\/organization\/talkpal-9cde","https:\/\/www.g2.com\/products\/talkpal-for-business\/","https:\/\/www.trustpilot.com\/review\/talkpal.ai","https:\/\/www.capterra.com\/p\/10006800\/TalkPal\/"],"description":"Talkpal is a language learning web and mobile education app, powered by the latest AI technologies, that provides engaging experiences to its customers in many different languages to help them improve their language skills. Users can chat about unlimited amount of topics with the app and use other modes to practice their language learning.","email":"support@talkpal.ai","legalName":"Talkpal, Inc.","foundingDate":"2023-04-03","duns":"118989042","numberOfEmployees":{"@type":"QuantitativeValue","minValue":"11","maxValue":"50"},"publishingPrinciples":"https:\/\/talkpal.ai\/publishing-principles\/","actionableFeedbackPolicy":"https:\/\/talkpal.ai\/actionable-feedback-policy\/","correctionsPolicy":"https:\/\/talkpal.ai\/corrections-policy\/","ethicsPolicy":"https:\/\/talkpal.ai\/ethics-policy\/","diversityPolicy":"https:\/\/talkpal.ai\/diversity-policy\/","diversityStaffingReport":"https:\/\/talkpal.ai\/diversity-policy\/"}]}},"_links":{"self":[{"href":"https:\/\/talkpal.ai\/zh-hans\/wp-json\/wp\/v2\/pages\/150129","targetHints":{"allow":["GET"]}}],"collection":[{"href":"https:\/\/talkpal.ai\/zh-hans\/wp-json\/wp\/v2\/pages"}],"about":[{"href":"https:\/\/talkpal.ai\/zh-hans\/wp-json\/wp\/v2\/types\/page"}],"author":[{"embeddable":true,"href":"https:\/\/talkpal.ai\/zh-hans\/wp-json\/wp\/v2\/users\/1"}],"replies":[{"embeddable":true,"href":"https:\/\/talkpal.ai\/zh-hans\/wp-json\/wp\/v2\/comments?post=150129"}],"version-history":[{"count":0,"href":"https:\/\/talkpal.ai\/zh-hans\/wp-json\/wp\/v2\/pages\/150129\/revisions"}],"wp:featuredmedia":[{"embeddable":true,"href":"https:\/\/talkpal.ai\/zh-hans\/wp-json\/wp\/v2\/media\/28633"}],"wp:attachment":[{"href":"https:\/\/talkpal.ai\/zh-hans\/wp-json\/wp\/v2\/media?parent=150129"}],"curies":[{"name":"wp","href":"https:\/\/api.w.org\/{rel}","templated":true}]}}