{"id":146089,"date":"2023-05-14T14:10:42","date_gmt":"2023-05-14T14:10:42","guid":{"rendered":"http:\/\/talkpal.ai\/%e7%ab%8b%e9%99%b6%e5%ae%9b%e8%af%ad%e8%af%ad%e6%b3%95\/"},"modified":"2025-12-12T10:52:27","modified_gmt":"2025-12-12T10:52:27","slug":"%e7%ab%8b%e9%99%b6%e5%ae%9b%e8%af%ad%e8%af%ad%e6%b3%95","status":"publish","type":"page","link":"https:\/\/talkpal.ai\/zh-hans\/%e7%ab%8b%e9%99%b6%e5%ae%9b%e8%af%ad%e8%af%ad%e6%b3%95\/","title":{"rendered":"\u7acb\u9676\u5b9b\u8bed\u8bed\u6cd5"},"content":{"rendered":"\r\n\r\n\r\n<section class=\"languageChallengeSection\">\r\n    <div class=\"languageInfoWrapper\">\r\n        \r\n        <h1>\u7acb\u9676\u5b9b\u8bed\u8bed\u6cd5<\/h1>\r\n        <p>\u5f00\u59cb\u60a8\u7684\u7acb\u9676\u5b9b\u8bed\u8bed\u6cd5\u4e4b\u65c5\uff0c\u63a2\u7d22\u6b27\u6d32\u6700\u53e4\u8001\u3001\u6700\u8ff7\u4eba\u7684\u8bed\u8a00\u4e4b\u4e00\u3002 \u5b66\u4e60\u57fa\u672c\u89c4\u5219\u548c\u6a21\u5f0f\uff0c\u6253\u4e0b\u575a\u5b9e\u7684\u8bed\u8a00\u57fa\u7840\u3002 \u73b0\u5728\u5c31\u5f00\u59cb\u5b66\u4e60\uff0c\u4ece\u4eca\u5929\u5f00\u59cb\u638c\u63e1\u7acb\u9676\u5b9b\u8bed\uff01<\/p>\r\n\r\n                            <a class=\"getStartedHidden\" href=\"https:\/\/app.talkpal.ai\/zh-cn\/signup?lng=\">\u5f00\u59cb\u5427<\/a>\r\n        \r\n    <\/div>\r\n\r\n    <figure>\r\n    <img decoding=\"async\" width=\"768\" height=\"768\" src=\"https:\/\/talkpal.ai\/wp-content\/uploads\/2023\/06\/lithuenian-768x768.png\" class=\"languageImage no-lazy\" alt=\"Default alt text\" fetchpriority=\"high\" sizes=\"(max-width: 768px) 150px, 768px\" srcset=\"https:\/\/talkpal.ai\/wp-content\/uploads\/2023\/06\/lithuenian-768x768.png 768w, https:\/\/talkpal.ai\/wp-content\/uploads\/2023\/06\/lithuenian-300x300.png 300w\" \/>\r\n    \r\n\r\n    <\/figure>\r\n\r\n            <a class=\"getStartedVisible\" href=\"https:\/\/app.talkpal.ai\/zh-cn\/signup?lng=\">\u5f00\u59cb\u5427<\/a>\r\n    \r\n<\/section>\r\n<section class=\"promotionalBanner\">\r\n    <p class=\"promotionalText\">\u5b66\u4e60\u8bed\u8a00\u6700\u6709\u6548\u7684\u65b9\u6cd5<\/p>\r\n    <a class=\"promotionalLink\" href=\"https:\/\/app.talkpal.ai\/zh-cn\/signup?lng=\">\u514d\u8d39\u8bd5\u7528Talkpal <\/a>\r\n<\/section>\n<div class=\"wp-block-group pageContainerStyle\"><div class=\"wp-block-group__inner-container is-layout-constrained wp-block-group-is-layout-constrained\">\n<h2 class=\"wp-block-heading\" id=\"h-lithuanian-grammar-a-fascinating-journey-through-language\">\u7acb\u9676\u5b9b\u8bed\u8bed\u6cd5\uff1a\u5f15\u4eba\u5165\u80dc\u7684\u8bed\u8a00\u4e4b\u65c5<\/h2>\n\n\n\n<p>\u4f60\u6709\u6ca1\u6709\u8003\u8651\u8fc7\u5b66\u4e60\u7acb\u9676\u5b9b\u8bed\uff0c\u6216\u8005\u53ea\u662f\u53d1\u73b0\u81ea\u5df1\u88ab\u5b83\u72ec\u7279\u7684\u8bed\u6cd5\u6240\u5438\u5f15\uff1f \u90a3\u4f60\u53ef\u8981\u5927\u9971\u773c\u798f\u4e86\uff01 \u7acb\u9676\u5b9b\u8bed\u8bed\u6cd5\u4e4d\u4e00\u770b\u53ef\u80fd\u5f88\u5947\u602a\uff0c\u4f46\u4e0d\u8981\u8bef\u4f1a\u2014\u2014\u5b83\u5c55\u793a\u4e86\u7cbe\u6e5b\u7684\u8bed\u8a00\u903b\u8f91\u3002 \u5728\u672c\u6587\u4e2d\uff0c\u6211\u4eec\u5c06\u5c55\u793a\u7acb\u9676\u5b9b\u8bed\u8bed\u6cd5\u7684\u5404\u4e2a\u65b9\u9762\uff0c\u8ba9\u60a8\u6b23\u8d4f\u5b83\u7684\u9b45\u529b\u3002<\/p>\n\n\n\n<p>\u9996\u5148\uff0c\u7b80\u8981\u4ecb\u7ecd\u4e00\u4e0b\u80cc\u666f\uff1a\u7acb\u9676\u5b9b\u8bed\u662f\u4e00\u79cd\u6ce2\u7f57\u7684\u6d77\u8bed\u8a00\uff0c\u4e3b\u8981\u5728\u7acb\u9676\u5b9b\u4f7f\u7528\uff0c\u4f46\u5728\u90bb\u56fd\u4e5f\u6709\u4f7f\u7528\u3002 \u4f5c\u4e3a\u73b0\u5b58\u6700\u53e4\u8001\u7684\u5370\u6b27\u8bed\u7cfb\u8bed\u8a00\u4e4b\u4e00\uff0c\u5b83\u4fdd\u7559\u4e86\u53e4\u8001\u7684\u7279\u5f81\uff0c\u53ef\u4ee5\u6df1\u5165\u4e86\u89e3\u8be5\u8bed\u7cfb\u4e2d\u5176\u4ed6\u8bed\u8a00\u7684\u53d1\u5c55\u3002 \u8fd9\u79cd\u5386\u53f2\u610f\u4e49\u4f7f\u7acb\u9676\u5b9b\u8bed\u5bf9\u8bed\u8a00\u7231\u597d\u8005\u7279\u522b\u7740\u8ff7\u3002<\/p>\n\n\n\n<p>\u73b0\u5728\u8ba9\u6211\u4eec\u6df1\u5165\u4e86\u89e3\u7acb\u9676\u5b9b\u8bed\u8bed\u6cd5\u7684\u4e00\u4e9b\u5173\u952e\u65b9\u9762\u3002<\/p>\n\n\n\n<h3 class=\"wp-block-heading\" id=\"h-1-nouns-cases-and-declensions\">1. \u540d\u8bcd\u3001\u5927\u5c0f\u5199\u548c\u53d8\u683c<\/h3>\n\n\n\n<p>\u7acb\u9676\u5b9b\u8bed\u8bed\u6cd5\u6700\u7a81\u51fa\u7684\u7279\u5f81\u4e4b\u4e00\u662f\u5176\u9519\u7efc\u590d\u6742\u7684\u5927\u5c0f\u5199\u7cfb\u7edf\u3002 \u540d\u8bcd\u6839\u636e\u5b83\u4eec\u5728\u53e5\u5b50\u4e2d\u7684\u4f5c\u7528\u4ee5\u53ca\u5b83\u4eec\u662f\u5426\u53cd\u6620\u52a8\u4f5c\u7684\u4e3b\u8bed\u3001\u5bbe\u8bed\u6216\u63a5\u53d7\u8005\u800c\u91c7\u7528\u4e0d\u540c\u7684\u5f62\u5f0f\u3002 \u7acb\u9676\u5b9b\u8bed\u6709\u4e03\u79cd\u60c5\u51b5\uff1a\u4e3b\u683c\u3001\u5c5e\u683c\u3001\u683c\u683c\u3001\u5bbe\u683c\u3001\u5de5\u5177\u683c\u3001\u4f4d\u7f6e\u683c\u548c\u58f0\u683c\u3002<\/p>\n\n\n\n<p>\u4ee5\u540d\u8bcd &#8220;vaikas&#8221;\uff08\u5b69\u5b50\uff09\u4e3a\u4f8b\u3002 \u6839\u636e\u5b83\u5728\u53e5\u5b50\u4e2d\u626e\u6f14\u7684\u89d2\u8272\uff0c\u53ef\u4ee5\u8f6c\u5316\u4e3a &#8220;vaiko&#8221;\u3001&#8221;vaikui&#8221;\u3001&#8221;vaik\u0105 &#8220;\u7b49\u3002 \u6b64\u5916\uff0c\u8bcd\u5c3e\u8fd8\u53d7\u540d\u8bcd\u6027\u522b\uff08\u9633\u6027\u6216\u9634\u6027\uff09\u7684\u5f71\u54cd\uff0c\u5e76\u8fdb\u4e00\u6b65\u5206\u4e3a\u964d\u7ea7\uff0c\u4f7f\u8be5\u8bed\u8a00\u66f4\u52a0\u591a\u53d8\u3002<\/p>\n\n\n\n<h3 class=\"wp-block-heading\" id=\"h-2-verb-conjugation-and-tenses\">2. \u52a8\u8bcd\u53d8\u4f4d\u548c\u65f6\u6001<\/h3>\n\n\n\n<p>\u7acb\u9676\u5b9b\u8bed\u52a8\u8bcd\u6839\u636e\u4e3b\u8bed\u7684\u4eba\u79f0\u548c\u6570\u5b57\uff08\u5355\u6570\u6216\u590d\u6570\uff09\u6539\u53d8\u5b83\u4eec\u7684\u8bcd\u5c3e\u3002 \u4f8b\u5982\uff0c\u52a8\u8bcd &#8220;eiti&#8221;\uff08\u53bb\uff09\u53ef\u4ee5\u53d8\u6210 &#8220;einu&#8221;\uff08\u6211\u53bb\uff09\u3001&#8221;einate&#8221;\uff08\u4f60-\u590d\u6570-\u53bb\uff09\u3001&#8221;eina&#8221;\uff08\u4ed6\u4eec\u53bb\uff09\u7b49\u5f62\u5f0f\u3002<\/p>\n\n\n\n<p>\u7acb\u9676\u5b9b\u8bed\u6709\u56db\u79cd\u4e3b\u8981\u65f6\u6001\uff1a\u73b0\u5728\u65f6\u3001\u8fc7\u53bb\u65f6\u3001\u8fc7\u53bb\u65f6\u6001\u548c\u5c06\u6765\u65f6\u6001\u3002 \u6709\u8da3\u7684\u662f\uff0c\u8be5\u8bed\u8a00\u8fd8\u5177\u6709\u65b9\u9762\u6807\u8bb0\uff1a\u5b8c\u7f8e\u548c\u4e0d\u5b8c\u7f8e\u3002 \u8fd9\u4e9b\u6807\u8bb0\u63d0\u4f9b\u6709\u5173\u64cd\u4f5c\u662f\u5df2\u5b8c\u6210\u8fd8\u662f\u6b63\u5728\u8fdb\u884c\u7684\u5176\u4ed6\u4fe1\u606f\u3002 \u4f8b\u5982\uff0c&#8221;ne\u0161ti&#8221;\uff08\u643a\u5e26&#8211;\u975e\u5b8c\u6210\u65f6\uff09\u4e0e &#8220;nat&#8221;\uff08\u643a\u5e26\u8fc7&#8211;\u5b8c\u6210\u65f6\uff09\u3002<\/p>\n\n\n\n<h3 class=\"wp-block-heading\" id=\"h-3-sentence-structure-and-word-order\">3.\u53e5\u5b50\u7ed3\u6784\u548c\u8bcd\u5e8f<\/h3>\n\n\n\n<p>\u5c3d\u7ba1\u7acb\u9676\u5b9b\u8bed\u901a\u5e38\u9075\u5faa SVO\uff08\u4e3b\u8bed-\u52a8\u8bcd-\u5bbe\u8bed\uff09\u8bcd\u5e8f\uff0c\u4f46\u5176\u5927\u5c0f\u5199\u7cfb\u7edf\u5177\u6709\u76f8\u5f53\u5927\u7684\u7075\u6d3b\u6027\u3002 \u5728\u82f1\u8bed\u4e2d\uff0c\u8bcd\u5e8f\u901a\u5e38\u51b3\u5b9a\u4e86\u53e5\u5b50\u7684\u610f\u601d\uff0c\u800c\u5728\u7acb\u9676\u5b9b\u8bed\u4e2d\uff0c\u8bcd\u7684\u79fb\u52a8\u5e76\u4e0d\u4f1a\u6539\u53d8\u53e5\u5b50\u7684\u610f\u601d\u3002 \u4f8b\u5982\uff0c&#8221;kat\u0117 valgo \u017euv\u012f&#8221;\uff08\u732b\u5403\u9c7c\uff09\u4e5f\u53ef\u4ee5\u662f &#8220;\u017euv\u012f valgo kat\u0117&#8221;\uff0c\u800c\u4e0d\u4f1a\u4e22\u5931\u6216\u6539\u53d8\u5176\u542b\u4e49\u3002<\/p>\n\n\n\n<p>\u8fd9\u79cd\u7075\u6d3b\u6027\u4f7f\u60a8\u53ef\u4ee5\u968f\u7740\u8bed\u8a00\u7684\u719f\u7ec3\u7a0b\u5ea6\u63d0\u9ad8\uff0c\u53ef\u4ee5\u8c03\u6574\u53e5\u5b50\u7ed3\u6784\u3001\u5f3a\u8c03\u67d0\u4e9b\u5143\u7d20\u6216\u4ea7\u751f\u7ec6\u5fae\u5dee\u522b\u3002<\/p>\n\n\n\n<h3 class=\"wp-block-heading\" id=\"h-4-adjectives-adverbs-and-agreement-rules\">4. \u5f62\u5bb9\u8bcd\u3001\u526f\u8bcd\u548c\u534f\u8bae\u89c4\u5219<\/h3>\n\n\n\n<p>\u50cf\u8bb8\u591a\u8bed\u8a00\u4e00\u6837\uff0c\u7acb\u9676\u5b9b\u8bed\u4e2d\u7684\u5f62\u5bb9\u8bcd\u548c\u526f\u8bcd\u63cf\u8ff0\u540d\u8bcd\u548c\u52a8\u8bcd\uff0c\u4f46\u5b83\u4eec\u4e5f\u9075\u5faa\u7279\u5b9a\u7684\u534f\u8bae\u89c4\u5219\u3002 \u7279\u522b\u662f\uff0c\u5f62\u5bb9\u8bcd\u5fc5\u987b\u4e0e\u5b83\u4eec\u5728\u5927\u5c0f\u5199\u3001\u6027\u522b\u548c\u6570\u5b57\u4e0a\u4fee\u9970\u7684\u540d\u8bcd\u4e00\u81f4\u3002 \u4e00\u65e6\u4f60\u638c\u63e1\u4e86\u540d\u8bcd\u5927\u5c0f\u5199\u548c\u52a8\u8bcd\u53d8\u4f4d\uff0c\u8fd9\u4e9b\u89c4\u5219\u5c31\u4f1a\u66f4\u81ea\u7136\u5730\u51fa\u73b0\u3002<\/p>\n\n\n\n<p>\u90a3\u4e48\uff0c\u4f60\u51c6\u5907\u597d\u6df1\u5165\u7814\u7a76\u7acb\u9676\u5b9b\u8bed\u8bed\u6cd5\u4e86\u5417\uff1f \u51ed\u501f\u6bc5\u529b\u3001\u5949\u732e\u7cbe\u795e\u548c\u9002\u5f53\u7684\u8d44\u6e90\uff0c\u5b66\u4e60\u7acb\u9676\u5b9b\u8bed\u2014\u2014\u4e30\u5bcc\u7684\u5386\u53f2\u548c\u6587\u5316\u9057\u4ea7\u2014\u2014\u662f\u4e00\u79cd\u975e\u5e38\u6709\u76ca\u7684\u7ecf\u5386\u3002 \u5faa\u5e8f\u6e10\u8fdb\u5730\u5904\u7406\u8bed\u8a00\uff0c\u575a\u6301\u7ec3\u4e60\uff0c\u5e76\u4fdd\u6301\u5f00\u653e\u7684\u6001\u5ea6\uff0c\u4ece\u9519\u8bef\u4e2d\u5438\u53d6\u6559\u8bad\u3002 S\u0117km\u0117s\uff01 \uff08\u795d\u4f60\u597d\u8fd0\uff01<\/p>\n<\/div><\/div>\n\r\n<section class=\"learnNavigationSection\">\r\n            \r\n        <a href=\"https:\/\/talkpal.ai\/zh-hans\/%e5%ad%a6%e4%b9%a0%e7%ab%8b%e9%99%b6%e5%ae%9b%e8%af%ad\/\">\r\n            <div class=\"learnNavigationWrapper\">\r\n                <div class=\"learnNavigationContent\">\r\n                    <img decoding=\"async\" src=\"https:\/\/talkpal.ai\/wp-content\/uploads\/2024\/08\/Lithuanian.jpg\" alt=\"Lithuanian Flag\">\r\n                    <div>\r\n                        <h4>\u5173\u4e8e\u7acb\u9676\u5b9b\u5b66\u4e60<\/h4>\r\n                        <p>\u4e86\u89e3\u6709\u5173\u7acb\u9676\u5b9b\u8bed\u8bed\u6cd5\u7684\u6240\u6709\u4fe1\u606f \u3002<\/p>\r\n                    <\/div>\r\n                <\/div>\r\n            <\/div>\r\n        <\/a>\r\n\r\n        \r\n        <a href=\"https:\/\/talkpal.ai\/zh-hans\/%e7%ab%8b%e9%99%b6%e5%ae%9b%e8%af%ad%e8%af%ad%e6%b3%95%e7%bb%83%e4%b9%a0\/\">\r\n            <div class=\"learnNavigationWrapper\">\r\n                <div class=\"learnNavigationContent\">\r\n                    <img decoding=\"async\" src=\"https:\/\/talkpal.ai\/wp-content\/uploads\/2024\/08\/Lithuanian.jpg\" alt=\"Lithuanian Flag\">\r\n                    <div>\r\n                        <h4>\u7acb\u9676\u5b9b\u8bed\u8bed\u6cd5\u7ec3\u4e60<\/h4>\r\n                        <p>\u7ec3\u4e60\u7acb\u9676\u5b9b\u8bed \u8bed\u6cd5\u3002<\/p>\r\n                    <\/div>\r\n                <\/div>\r\n            <\/div>\r\n        <\/a>\r\n\r\n        \r\n        <a href=\"https:\/\/talkpal.ai\/vocabulary_language\/lithuanian\/\">\r\n            <div class=\"learnNavigationWrapper\">\r\n                <div class=\"learnNavigationContent\">\r\n                    <img decoding=\"async\" src=\"https:\/\/talkpal.ai\/wp-content\/uploads\/2024\/08\/Lithuanian.jpg\" alt=\"Lithuanian Flag\">\r\n                    <div>\r\n                        <h4>\u7acb\u9676\u5b9b\u8bed\u8bcd\u6c47<\/h4>\r\n                        <p>\u6269\u5927\u4f60\u7684\u7acb\u9676\u5b9b\u8bed\u8bcd\u6c47\u91cf\u3002<\/p>\r\n                    <\/div>\r\n                <\/div>\r\n            <\/div>\r\n        <\/a>\r\n\r\n            <\/section>","protected":false},"excerpt":{"rendered":"<p>\u7acb\u9676\u5b9b\u8bed\u8bed\u6cd5\uff1a\u5f15\u4eba\u5165\u80dc\u7684\u8bed\u8a00\u4e4b\u65c5 \u4f60\u6709\u6ca1\u6709\u8003\u8651\u8fc7\u5b66\u4e60\u7acb\u9676\u5b9b\u8bed\uff0c\u6216\u8005\u53ea\u662f\u53d1\u73b0\u81ea\u5df1\u88ab\u5b83\u72ec\u7279\u7684\u8bed\u6cd5\u6240\u5438\u5f15\uff1f \u90a3\u4f60\u53ef\u8981 [&hellip;]<\/p>\n","protected":false},"author":1,"featured_media":28457,"parent":0,"menu_order":0,"comment_status":"closed","ping_status":"closed","template":"LearningContentPage.php","meta":{"_acf_changed":false,"footnotes":""},"class_list":["post-146089","page","type-page","status-publish","has-post-thumbnail","hentry"],"acf":[],"yoast_head":"<!-- This site is optimized with the Yoast SEO Premium plugin v27.2 (Yoast SEO v27.2) - https:\/\/yoast.com\/product\/yoast-seo-premium-wordpress\/ -->\n<title>\u7acb\u9676\u5b9b\u8bed\u8bed\u6cd5 - Talkpal<\/title>\n<meta name=\"description\" content=\"\u4e86\u89e3\u7acb\u9676\u5b9b\u8bed\u8bed\u6cd5\u5982\u4f55\u53cd\u6620\u5386\u53f2\u7684\u4e30\u5bcc\u6027\u548c\u903b\u8f91\u6027\uff0c\u4f7f\u5176\u6210\u4e3a\u8bed\u8a00\u7231\u597d\u8005\u7684\u5b8c\u7f8e\u5b66\u4e60\u5de5\u5177\u3002\" \/>\n<meta name=\"robots\" content=\"index, follow, max-snippet:-1, max-image-preview:large, max-video-preview:-1\" \/>\n<link rel=\"canonical\" href=\"https:\/\/talkpal.ai\/zh-hans\/%e7%ab%8b%e9%99%b6%e5%ae%9b%e8%af%ad%e8%af%ad%e6%b3%95\/\" \/>\n<meta property=\"og:locale\" content=\"zh_CN\" \/>\n<meta property=\"og:type\" content=\"article\" \/>\n<meta property=\"og:title\" content=\"\u7acb\u9676\u5b9b\u8bed\u8bed\u6cd5\" \/>\n<meta property=\"og:description\" content=\"\u7acb\u9676\u5b9b\u8bed\u8bed\u6cd5\uff1a\u5f15\u4eba\u5165\u80dc\u7684\u8bed\u8a00\u4e4b\u65c5 \u4f60\u6709\u6ca1\u6709\u8003\u8651\u8fc7\u5b66\u4e60\u7acb\u9676\u5b9b\u8bed\uff0c\u6216\u8005\u53ea\u662f\u53d1\u73b0\u81ea\u5df1\u88ab\u5b83\u72ec\u7279\u7684\u8bed\u6cd5\u6240\u5438\u5f15\uff1f \u90a3\u4f60\u53ef\u8981\u5927\u9971\u773c\u798f\u4e86\uff01 \u7acb\u9676\u5b9b\u8bed\u8bed\u6cd5\u4e4d\u4e00\u770b\u53ef\u80fd\u5f88\u5947\u602a\uff0c\u4f46\u4e0d\u8981\u8bef\u4f1a\u2014\u2014\u5b83\u5c55\u793a\u4e86\u7cbe\u6e5b\u7684\u8bed\u8a00\u903b\u8f91\u3002 \u5728\u672c\u6587\u4e2d\uff0c\u6211\u4eec\u5c06\u5c55\u793a\u7acb\u9676\u5b9b\u8bed\u8bed\u6cd5\u7684\u5404\u4e2a\u65b9\u9762\uff0c\u8ba9\u60a8\u6b23\u8d4f\u5b83\u7684\u9b45\u529b\u3002\" \/>\n<meta property=\"og:url\" content=\"https:\/\/talkpal.ai\/zh-hans\/%e7%ab%8b%e9%99%b6%e5%ae%9b%e8%af%ad%e8%af%ad%e6%b3%95\/\" \/>\n<meta property=\"og:site_name\" content=\"Talkpal\" \/>\n<meta property=\"article:publisher\" content=\"https:\/\/www.facebook.com\/profile.php?id=100090733639311\" \/>\n<meta property=\"article:modified_time\" content=\"2025-12-12T10:52:27+00:00\" \/>\n<meta property=\"og:image\" content=\"https:\/\/talkpal.ai\/wp-content\/uploads\/2023\/05\/Lithuanian.png\" \/>\n\t<meta property=\"og:image:width\" content=\"512\" \/>\n\t<meta property=\"og:image:height\" content=\"512\" \/>\n\t<meta property=\"og:image:type\" content=\"image\/png\" \/>\n<meta name=\"twitter:card\" content=\"summary_large_image\" \/>\n<meta name=\"twitter:site\" content=\"@talkpalai\" \/>\n<script type=\"application\/ld+json\" class=\"yoast-schema-graph\">{\"@context\":\"https:\/\/schema.org\",\"@graph\":[{\"@type\":\"WebPage\",\"@id\":\"https:\/\/talkpal.ai\/zh-hans\/%e7%ab%8b%e9%99%b6%e5%ae%9b%e8%af%ad%e8%af%ad%e6%b3%95\/\",\"url\":\"https:\/\/talkpal.ai\/zh-hans\/%e7%ab%8b%e9%99%b6%e5%ae%9b%e8%af%ad%e8%af%ad%e6%b3%95\/\",\"name\":\"\u7acb\u9676\u5b9b\u8bed\u8bed\u6cd5 - Talkpal\",\"isPartOf\":{\"@id\":\"https:\/\/talkpal.ai\/zh-hans\/#website\"},\"primaryImageOfPage\":{\"@id\":\"https:\/\/talkpal.ai\/zh-hans\/%e7%ab%8b%e9%99%b6%e5%ae%9b%e8%af%ad%e8%af%ad%e6%b3%95\/#primaryimage\"},\"image\":{\"@id\":\"https:\/\/talkpal.ai\/zh-hans\/%e7%ab%8b%e9%99%b6%e5%ae%9b%e8%af%ad%e8%af%ad%e6%b3%95\/#primaryimage\"},\"thumbnailUrl\":\"https:\/\/talkpal.ai\/wp-content\/uploads\/2023\/05\/Lithuanian.png\",\"datePublished\":\"2023-05-14T14:10:42+00:00\",\"dateModified\":\"2025-12-12T10:52:27+00:00\",\"description\":\"\u4e86\u89e3\u7acb\u9676\u5b9b\u8bed\u8bed\u6cd5\u5982\u4f55\u53cd\u6620\u5386\u53f2\u7684\u4e30\u5bcc\u6027\u548c\u903b\u8f91\u6027\uff0c\u4f7f\u5176\u6210\u4e3a\u8bed\u8a00\u7231\u597d\u8005\u7684\u5b8c\u7f8e\u5b66\u4e60\u5de5\u5177\u3002\",\"breadcrumb\":{\"@id\":\"https:\/\/talkpal.ai\/zh-hans\/%e7%ab%8b%e9%99%b6%e5%ae%9b%e8%af%ad%e8%af%ad%e6%b3%95\/#breadcrumb\"},\"inLanguage\":\"zh-Hans\",\"potentialAction\":[{\"@type\":\"ReadAction\",\"target\":[\"https:\/\/talkpal.ai\/zh-hans\/%e7%ab%8b%e9%99%b6%e5%ae%9b%e8%af%ad%e8%af%ad%e6%b3%95\/\"]}]},{\"@type\":\"ImageObject\",\"inLanguage\":\"zh-Hans\",\"@id\":\"https:\/\/talkpal.ai\/zh-hans\/%e7%ab%8b%e9%99%b6%e5%ae%9b%e8%af%ad%e8%af%ad%e6%b3%95\/#primaryimage\",\"url\":\"https:\/\/talkpal.ai\/wp-content\/uploads\/2023\/05\/Lithuanian.png\",\"contentUrl\":\"https:\/\/talkpal.ai\/wp-content\/uploads\/2023\/05\/Lithuanian.png\",\"width\":512,\"height\":512},{\"@type\":\"BreadcrumbList\",\"@id\":\"https:\/\/talkpal.ai\/zh-hans\/%e7%ab%8b%e9%99%b6%e5%ae%9b%e8%af%ad%e8%af%ad%e6%b3%95\/#breadcrumb\",\"itemListElement\":[{\"@type\":\"ListItem\",\"position\":1,\"name\":\"Homepage\",\"item\":\"https:\/\/talkpal.ai\/zh-hans\/\"},{\"@type\":\"ListItem\",\"position\":2,\"name\":\"\u7acb\u9676\u5b9b\u8bed\u8bed\u6cd5\"}]},{\"@type\":\"WebSite\",\"@id\":\"https:\/\/talkpal.ai\/zh-hans\/#website\",\"url\":\"https:\/\/talkpal.ai\/zh-hans\/\",\"name\":\"Talkpal\",\"description\":\"AI Language Learning\",\"publisher\":{\"@id\":\"https:\/\/talkpal.ai\/zh-hans\/#organization\"},\"alternateName\":\"Talkpal AI\",\"potentialAction\":[{\"@type\":\"SearchAction\",\"target\":{\"@type\":\"EntryPoint\",\"urlTemplate\":\"https:\/\/talkpal.ai\/zh-hans\/?s={search_term_string}\"},\"query-input\":{\"@type\":\"PropertyValueSpecification\",\"valueRequired\":true,\"valueName\":\"search_term_string\"}}],\"inLanguage\":\"zh-Hans\"},{\"@type\":\"Organization\",\"@id\":\"https:\/\/talkpal.ai\/zh-hans\/#organization\",\"name\":\"Talkpal, Inc.\",\"alternateName\":\"Talkpal AI\",\"url\":\"https:\/\/talkpal.ai\/zh-hans\/\",\"logo\":{\"@type\":\"ImageObject\",\"inLanguage\":\"zh-Hans\",\"@id\":\"https:\/\/talkpal.ai\/zh-hans\/#\/schema\/logo\/image\/\",\"url\":\"https:\/\/talkpal.ai\/wp-content\/uploads\/2024\/03\/Talkpal-Logo-Icon.png\",\"contentUrl\":\"https:\/\/talkpal.ai\/wp-content\/uploads\/2024\/03\/Talkpal-Logo-Icon.png\",\"width\":2880,\"height\":2880,\"caption\":\"Talkpal, Inc.\"},\"image\":{\"@id\":\"https:\/\/talkpal.ai\/zh-hans\/#\/schema\/logo\/image\/\"},\"sameAs\":[\"https:\/\/www.facebook.com\/profile.php?id=100090733639311\",\"https:\/\/x.com\/talkpalai\",\"https:\/\/www.linkedin.com\/company\/talkpal\/\",\"https:\/\/www.youtube.com\/@TalkPal\/\",\"https:\/\/www.tiktok.com\/@talkpal\",\"https:\/\/www.instagram.com\/talkpal_ai\/\",\"https:\/\/www.crunchbase.com\/organization\/talkpal-9cde\",\"https:\/\/www.g2.com\/products\/talkpal-for-business\/\",\"https:\/\/www.trustpilot.com\/review\/talkpal.ai\",\"https:\/\/www.capterra.com\/p\/10006800\/TalkPal\/\"],\"description\":\"Talkpal is a language learning web and mobile education app, powered by the latest AI technologies, that provides engaging experiences to its customers in many different languages to help them improve their language skills. Users can chat about unlimited amount of topics with the app and use other modes to practice their language learning.\",\"email\":\"support@talkpal.ai\",\"legalName\":\"Talkpal, Inc.\",\"foundingDate\":\"2023-04-03\",\"duns\":\"118989042\",\"numberOfEmployees\":{\"@type\":\"QuantitativeValue\",\"minValue\":\"11\",\"maxValue\":\"50\"},\"publishingPrinciples\":\"https:\/\/talkpal.ai\/publishing-principles\/\",\"actionableFeedbackPolicy\":\"https:\/\/talkpal.ai\/actionable-feedback-policy\/\",\"correctionsPolicy\":\"https:\/\/talkpal.ai\/corrections-policy\/\",\"ethicsPolicy\":\"https:\/\/talkpal.ai\/ethics-policy\/\",\"diversityPolicy\":\"https:\/\/talkpal.ai\/diversity-policy\/\",\"diversityStaffingReport\":\"https:\/\/talkpal.ai\/diversity-policy\/\"}]}<\/script>\n<!-- \/ Yoast SEO Premium plugin. -->","yoast_head_json":{"title":"\u7acb\u9676\u5b9b\u8bed\u8bed\u6cd5 - Talkpal","description":"\u4e86\u89e3\u7acb\u9676\u5b9b\u8bed\u8bed\u6cd5\u5982\u4f55\u53cd\u6620\u5386\u53f2\u7684\u4e30\u5bcc\u6027\u548c\u903b\u8f91\u6027\uff0c\u4f7f\u5176\u6210\u4e3a\u8bed\u8a00\u7231\u597d\u8005\u7684\u5b8c\u7f8e\u5b66\u4e60\u5de5\u5177\u3002","robots":{"index":"index","follow":"follow","max-snippet":"max-snippet:-1","max-image-preview":"max-image-preview:large","max-video-preview":"max-video-preview:-1"},"canonical":"https:\/\/talkpal.ai\/zh-hans\/%e7%ab%8b%e9%99%b6%e5%ae%9b%e8%af%ad%e8%af%ad%e6%b3%95\/","og_locale":"zh_CN","og_type":"article","og_title":"\u7acb\u9676\u5b9b\u8bed\u8bed\u6cd5","og_description":"\u7acb\u9676\u5b9b\u8bed\u8bed\u6cd5\uff1a\u5f15\u4eba\u5165\u80dc\u7684\u8bed\u8a00\u4e4b\u65c5 \u4f60\u6709\u6ca1\u6709\u8003\u8651\u8fc7\u5b66\u4e60\u7acb\u9676\u5b9b\u8bed\uff0c\u6216\u8005\u53ea\u662f\u53d1\u73b0\u81ea\u5df1\u88ab\u5b83\u72ec\u7279\u7684\u8bed\u6cd5\u6240\u5438\u5f15\uff1f \u90a3\u4f60\u53ef\u8981\u5927\u9971\u773c\u798f\u4e86\uff01 \u7acb\u9676\u5b9b\u8bed\u8bed\u6cd5\u4e4d\u4e00\u770b\u53ef\u80fd\u5f88\u5947\u602a\uff0c\u4f46\u4e0d\u8981\u8bef\u4f1a\u2014\u2014\u5b83\u5c55\u793a\u4e86\u7cbe\u6e5b\u7684\u8bed\u8a00\u903b\u8f91\u3002 \u5728\u672c\u6587\u4e2d\uff0c\u6211\u4eec\u5c06\u5c55\u793a\u7acb\u9676\u5b9b\u8bed\u8bed\u6cd5\u7684\u5404\u4e2a\u65b9\u9762\uff0c\u8ba9\u60a8\u6b23\u8d4f\u5b83\u7684\u9b45\u529b\u3002","og_url":"https:\/\/talkpal.ai\/zh-hans\/%e7%ab%8b%e9%99%b6%e5%ae%9b%e8%af%ad%e8%af%ad%e6%b3%95\/","og_site_name":"Talkpal","article_publisher":"https:\/\/www.facebook.com\/profile.php?id=100090733639311","article_modified_time":"2025-12-12T10:52:27+00:00","og_image":[{"width":512,"height":512,"url":"https:\/\/talkpal.ai\/wp-content\/uploads\/2023\/05\/Lithuanian.png","type":"image\/png"}],"twitter_card":"summary_large_image","twitter_site":"@talkpalai","schema":{"@context":"https:\/\/schema.org","@graph":[{"@type":"WebPage","@id":"https:\/\/talkpal.ai\/zh-hans\/%e7%ab%8b%e9%99%b6%e5%ae%9b%e8%af%ad%e8%af%ad%e6%b3%95\/","url":"https:\/\/talkpal.ai\/zh-hans\/%e7%ab%8b%e9%99%b6%e5%ae%9b%e8%af%ad%e8%af%ad%e6%b3%95\/","name":"\u7acb\u9676\u5b9b\u8bed\u8bed\u6cd5 - Talkpal","isPartOf":{"@id":"https:\/\/talkpal.ai\/zh-hans\/#website"},"primaryImageOfPage":{"@id":"https:\/\/talkpal.ai\/zh-hans\/%e7%ab%8b%e9%99%b6%e5%ae%9b%e8%af%ad%e8%af%ad%e6%b3%95\/#primaryimage"},"image":{"@id":"https:\/\/talkpal.ai\/zh-hans\/%e7%ab%8b%e9%99%b6%e5%ae%9b%e8%af%ad%e8%af%ad%e6%b3%95\/#primaryimage"},"thumbnailUrl":"https:\/\/talkpal.ai\/wp-content\/uploads\/2023\/05\/Lithuanian.png","datePublished":"2023-05-14T14:10:42+00:00","dateModified":"2025-12-12T10:52:27+00:00","description":"\u4e86\u89e3\u7acb\u9676\u5b9b\u8bed\u8bed\u6cd5\u5982\u4f55\u53cd\u6620\u5386\u53f2\u7684\u4e30\u5bcc\u6027\u548c\u903b\u8f91\u6027\uff0c\u4f7f\u5176\u6210\u4e3a\u8bed\u8a00\u7231\u597d\u8005\u7684\u5b8c\u7f8e\u5b66\u4e60\u5de5\u5177\u3002","breadcrumb":{"@id":"https:\/\/talkpal.ai\/zh-hans\/%e7%ab%8b%e9%99%b6%e5%ae%9b%e8%af%ad%e8%af%ad%e6%b3%95\/#breadcrumb"},"inLanguage":"zh-Hans","potentialAction":[{"@type":"ReadAction","target":["https:\/\/talkpal.ai\/zh-hans\/%e7%ab%8b%e9%99%b6%e5%ae%9b%e8%af%ad%e8%af%ad%e6%b3%95\/"]}]},{"@type":"ImageObject","inLanguage":"zh-Hans","@id":"https:\/\/talkpal.ai\/zh-hans\/%e7%ab%8b%e9%99%b6%e5%ae%9b%e8%af%ad%e8%af%ad%e6%b3%95\/#primaryimage","url":"https:\/\/talkpal.ai\/wp-content\/uploads\/2023\/05\/Lithuanian.png","contentUrl":"https:\/\/talkpal.ai\/wp-content\/uploads\/2023\/05\/Lithuanian.png","width":512,"height":512},{"@type":"BreadcrumbList","@id":"https:\/\/talkpal.ai\/zh-hans\/%e7%ab%8b%e9%99%b6%e5%ae%9b%e8%af%ad%e8%af%ad%e6%b3%95\/#breadcrumb","itemListElement":[{"@type":"ListItem","position":1,"name":"Homepage","item":"https:\/\/talkpal.ai\/zh-hans\/"},{"@type":"ListItem","position":2,"name":"\u7acb\u9676\u5b9b\u8bed\u8bed\u6cd5"}]},{"@type":"WebSite","@id":"https:\/\/talkpal.ai\/zh-hans\/#website","url":"https:\/\/talkpal.ai\/zh-hans\/","name":"Talkpal","description":"AI Language Learning","publisher":{"@id":"https:\/\/talkpal.ai\/zh-hans\/#organization"},"alternateName":"Talkpal AI","potentialAction":[{"@type":"SearchAction","target":{"@type":"EntryPoint","urlTemplate":"https:\/\/talkpal.ai\/zh-hans\/?s={search_term_string}"},"query-input":{"@type":"PropertyValueSpecification","valueRequired":true,"valueName":"search_term_string"}}],"inLanguage":"zh-Hans"},{"@type":"Organization","@id":"https:\/\/talkpal.ai\/zh-hans\/#organization","name":"Talkpal, Inc.","alternateName":"Talkpal AI","url":"https:\/\/talkpal.ai\/zh-hans\/","logo":{"@type":"ImageObject","inLanguage":"zh-Hans","@id":"https:\/\/talkpal.ai\/zh-hans\/#\/schema\/logo\/image\/","url":"https:\/\/talkpal.ai\/wp-content\/uploads\/2024\/03\/Talkpal-Logo-Icon.png","contentUrl":"https:\/\/talkpal.ai\/wp-content\/uploads\/2024\/03\/Talkpal-Logo-Icon.png","width":2880,"height":2880,"caption":"Talkpal, Inc."},"image":{"@id":"https:\/\/talkpal.ai\/zh-hans\/#\/schema\/logo\/image\/"},"sameAs":["https:\/\/www.facebook.com\/profile.php?id=100090733639311","https:\/\/x.com\/talkpalai","https:\/\/www.linkedin.com\/company\/talkpal\/","https:\/\/www.youtube.com\/@TalkPal\/","https:\/\/www.tiktok.com\/@talkpal","https:\/\/www.instagram.com\/talkpal_ai\/","https:\/\/www.crunchbase.com\/organization\/talkpal-9cde","https:\/\/www.g2.com\/products\/talkpal-for-business\/","https:\/\/www.trustpilot.com\/review\/talkpal.ai","https:\/\/www.capterra.com\/p\/10006800\/TalkPal\/"],"description":"Talkpal is a language learning web and mobile education app, powered by the latest AI technologies, that provides engaging experiences to its customers in many different languages to help them improve their language skills. Users can chat about unlimited amount of topics with the app and use other modes to practice their language learning.","email":"support@talkpal.ai","legalName":"Talkpal, Inc.","foundingDate":"2023-04-03","duns":"118989042","numberOfEmployees":{"@type":"QuantitativeValue","minValue":"11","maxValue":"50"},"publishingPrinciples":"https:\/\/talkpal.ai\/publishing-principles\/","actionableFeedbackPolicy":"https:\/\/talkpal.ai\/actionable-feedback-policy\/","correctionsPolicy":"https:\/\/talkpal.ai\/corrections-policy\/","ethicsPolicy":"https:\/\/talkpal.ai\/ethics-policy\/","diversityPolicy":"https:\/\/talkpal.ai\/diversity-policy\/","diversityStaffingReport":"https:\/\/talkpal.ai\/diversity-policy\/"}]}},"_links":{"self":[{"href":"https:\/\/talkpal.ai\/zh-hans\/wp-json\/wp\/v2\/pages\/146089","targetHints":{"allow":["GET"]}}],"collection":[{"href":"https:\/\/talkpal.ai\/zh-hans\/wp-json\/wp\/v2\/pages"}],"about":[{"href":"https:\/\/talkpal.ai\/zh-hans\/wp-json\/wp\/v2\/types\/page"}],"author":[{"embeddable":true,"href":"https:\/\/talkpal.ai\/zh-hans\/wp-json\/wp\/v2\/users\/1"}],"replies":[{"embeddable":true,"href":"https:\/\/talkpal.ai\/zh-hans\/wp-json\/wp\/v2\/comments?post=146089"}],"version-history":[{"count":0,"href":"https:\/\/talkpal.ai\/zh-hans\/wp-json\/wp\/v2\/pages\/146089\/revisions"}],"wp:featuredmedia":[{"embeddable":true,"href":"https:\/\/talkpal.ai\/zh-hans\/wp-json\/wp\/v2\/media\/28457"}],"wp:attachment":[{"href":"https:\/\/talkpal.ai\/zh-hans\/wp-json\/wp\/v2\/media?parent=146089"}],"curies":[{"name":"wp","href":"https:\/\/api.w.org\/{rel}","templated":true}]}}