{"id":143216,"date":"2023-05-14T14:03:07","date_gmt":"2023-05-14T14:03:07","guid":{"rendered":"http:\/\/talkpal.ai\/%e6%8d%b7%e5%85%8b%e8%af%ad%e8%af%ad%e6%b3%95\/"},"modified":"2025-12-13T15:24:08","modified_gmt":"2025-12-13T15:24:08","slug":"%e6%8d%b7%e5%85%8b%e8%af%ad%e8%af%ad%e6%b3%95","status":"publish","type":"page","link":"https:\/\/talkpal.ai\/zh-hans\/%e6%8d%b7%e5%85%8b%e8%af%ad%e8%af%ad%e6%b3%95\/","title":{"rendered":"\u6377\u514b\u8bed\u8bed\u6cd5"},"content":{"rendered":"\r\n\r\n\r\n<section class=\"languageChallengeSection\">\r\n    <div class=\"languageInfoWrapper\">\r\n        \r\n        <h1>\u6377\u514b\u8bed\u8bed\u6cd5<\/h1>\r\n        <p>\u63a2\u7d22\u9519\u7efc\u590d\u6742\u7684\u6377\u514b\u8bed\u8bed\u6cd5\uff0c\u6253\u5f00\u4e86\u89e3\u8fd9\u95e8\u4e2d\u6b27\u8bed\u8a00\u7684\u5927\u95e8\u3002 \u638c\u63e1\u4e86\u8fd9\u4e9b\u57fa\u672c\u89c4\u5219\u548c\u6a21\u5f0f\uff0c\u60a8\u5c31\u80fd\u66f4\u6709\u6548\u5730\u8fdb\u884c\u4ea4\u6d41\uff0c\u66f4\u6df1\u5165\u5730\u4e86\u89e3\u6377\u514b\u6587\u5316\u3002 \u4eca\u5929\u5c31\u5f00\u59cb\u5b66\u4e60\u6377\u514b\u8bed\u8bed\u6cd5\uff0c\u8fc8\u51fa\u6d41\u5229\u6377\u514b\u8bed\u7684\u7b2c\u4e00\u6b65\uff01<\/p>\r\n\r\n                            <a class=\"getStartedHidden\" href=\"https:\/\/app.talkpal.ai\/zh-cn\/signup?lng=\">\u5f00\u59cb\u5427<\/a>\r\n        \r\n    <\/div>\r\n\r\n    <figure>\r\n    <img decoding=\"async\" width=\"768\" height=\"768\" src=\"https:\/\/talkpal.ai\/wp-content\/uploads\/2023\/06\/Czech-768x768.png\" class=\"languageImage no-lazy\" alt=\"Default alt text\" fetchpriority=\"high\" sizes=\"(max-width: 768px) 150px, 768px\" srcset=\"https:\/\/talkpal.ai\/wp-content\/uploads\/2023\/06\/Czech-768x768.png 768w, https:\/\/talkpal.ai\/wp-content\/uploads\/2023\/06\/Czech-300x300.png 300w\" \/>\r\n    \r\n\r\n    <\/figure>\r\n\r\n            <a class=\"getStartedVisible\" href=\"https:\/\/app.talkpal.ai\/zh-cn\/signup?lng=\">\u5f00\u59cb\u5427<\/a>\r\n    \r\n<\/section>\r\n<section class=\"promotionalBanner\">\r\n    <p class=\"promotionalText\">\u5b66\u4e60\u8bed\u8a00\u6700\u6709\u6548\u7684\u65b9\u6cd5<\/p>\r\n    <a class=\"promotionalLink\" href=\"https:\/\/app.talkpal.ai\/zh-cn\/signup?lng=\">\u514d\u8d39\u8bd5\u7528Talkpal <\/a>\r\n<\/section>\n<div class=\"wp-block-group pageContainerStyle\"><div class=\"wp-block-group__inner-container is-layout-constrained wp-block-group-is-layout-constrained\">\n<h2 class=\"wp-block-heading\" id=\"h-czech-grammar-making-sense-of-the-czech-language-s-unique-structure\">\u6377\u514b\u8bed\u8bed\u6cd5\uff1a\u4e86\u89e3\u6377\u514b\u8bed\u7684\u72ec\u7279\u7ed3\u6784<\/h2>\n\n\n\n<p>\u5982\u679c\u60a8\u5c1d\u8bd5\u8fc7\u5b66\u4e60\u6377\u514b\u8bed\uff0c\u751a\u81f3\u53ea\u662f\u6d4f\u89c8\u8fc7\u6377\u514b\u8bed\u6587\u7ae0\u6216\u4e66\u7c4d\uff0c\u60a8\u53ef\u80fd\u4f1a\u6ce8\u610f\u5230\u6377\u514b\u8bed\u7684\u8bed\u6cd5\u76f8\u5f53\u5177\u6709\u6311\u6218\u6027\u3002 \u6377\u514b\u8bed\u88ab\u5e7f\u6cdb\u8ba4\u4e3a\u662f\u6700\u590d\u6742\u7684\u8bed\u8a00\u7cfb\u7edf\u4e4b\u4e00\uff0c\u5b83\u8ba9\u8bb8\u591a\u5916\u56fd\u5b66\u751f\u611f\u5230\u56f0\u60d1\u3002 \u4f46\u4e0d\u8981\u56e0\u6b64\u800c\u5bb3\u6015\uff01 \u6377\u514b\u8bed\u8bed\u6cd5\u7684\u7279\u6b8a\u6027\u4f7f\u5b83\u5f15\u4eba\u5165\u80dc\u548c\u72ec\u7279\u3002 \u5728\u672c\u6587\u4e2d\uff0c\u6211\u4eec\u5c06\u4ee5\u5bf9\u8bdd\u7684\u65b9\u5f0f\u4e3a\u60a8\u63ed\u793a\u6377\u514b\u8bed\u8bed\u6cd5\u7684\u51e0\u4e2a\u5173\u952e\u8981\u7d20\uff0c\u5e2e\u52a9\u60a8\u66f4\u6df1\u5165\u5730\u7406\u89e3\u8fd9\u95e8\u7f8e\u4e3d\u7684\u8bed\u8a00\u3002<\/p>\n\n\n\n<h3 class=\"wp-block-heading\" id=\"h-1-nouns-declensions-and-cases-galore\">1. \u540d\u8bcd \u2013 \u53d8\u683c\u548c\u5927\u91cf\u5927\u5c0f\u5199\uff01<\/h3>\n\n\n\n<p>\u5173\u4e8e\u6377\u514b\u8bed\u8bed\u6cd5\uff0c\u60a8\u9996\u5148\u4f1a\u6ce8\u610f\u5230\u5b83\u7684\u540d\u8bcd\u53d8\u683c\u3002 \u53d8\u683c\u662f\u4e00\u7ec4\u5177\u6709\u76f8\u4f3c\u8bed\u6cd5\u7279\u5f81\u7684\u540d\u8bcd\uff0c\u6377\u514b\u8bed\u6709\u591a\u8fbe 14 \u79cd\u4e0d\u540c\u7684\u53d8\u683c\u3002 \u8fd9\u5c31\u662f\u591a\u6837\u6027\uff1f \u6bcf\u4e2a\u53d8\u683c\u90fd\u6709\u4e00\u4e2a\u7279\u5b9a\u7684\u6a21\u5f0f\uff0c\u7528\u4e8e\u8868\u793a\u5355\u6570\u548c\u590d\u6570\u540d\u8bcd\u5f62\u5f0f\u3002<\/p>\n\n\n\n<p>\u6377\u514b\u540d\u8bcd\u4e5f\u6709\u4e03\u79cd\u4e0d\u540c\u7684\u60c5\u51b5\uff1a\u4e3b\u683c\u3001\u5c5e\u683c\u3001\u683c\u683c\u3001\u5bbe\u683c\u3001\u58f0\u8c03\u3001\u5b9a\u4f4d\u548c\u5de5\u5177\u3002 \u867d\u7136\u8fd9\u6837\u7684\u6570\u5b57\u770b\u4f3c\u4ee4\u4eba\u751f\u754f\uff0c\u4f46\u4e86\u89e3\u8fd9\u4e9b\u6848\u4f8b\u5374\u5f88\u6709\u5fc5\u8981\uff0c\u56e0\u4e3a\u5b83\u4eec\u5728\u4f20\u8fbe\u610f\u4e49\u65b9\u9762\u81f3\u5173\u91cd\u8981\u3002 \u4f8b\u5982\uff0c\u5728\u6377\u514b\u8bed\u4e2d\uff0c\u8bcd\u5e8f\u5e76\u4e0d\u50cf\u5728\u82f1\u8bed\u4e2d\u90a3\u4e48\u91cd\u8981&#8211;\u8868\u793a\u8bcd\u4e0e\u8bcd\u4e4b\u95f4\u5173\u7cfb\u7684\u662f\u5927\u5c0f\u5199\u3002<\/p>\n\n\n\n<h3 class=\"wp-block-heading\" id=\"h-2-adjectives-agreeing-with-nouns\">2. \u5f62\u5bb9\u8bcd\u2014\u2014\u540c\u610f\u540d\u8bcd<\/h3>\n\n\n\n<p>\u6377\u514b\u5f62\u5bb9\u8bcd\u6709\u4e00\u4e2a\u7279\u6b8a\u7684\u804c\u8d23\uff1a\u5b83\u4eec\u5fc5\u987b\u4e0e\u5b83\u4eec\u5728\u6027\u522b\u3001\u6570\u91cf\u548c\u5927\u5c0f\u5199\u4e0a\u4fee\u9970\u7684\u540d\u8bcd\u4e00\u81f4\u3002 \u53ef\u4ee5\u628a\u5b83\u60f3\u8c61\u6210\u4e00\u4e2a\u52a8\u6001\u7684\u4e8c\u91cd\u594f\uff0c\u8bed\u6cd5\u63a2\u6208\uff0c\u5176\u4e2d\u4e00\u534a\u4f18\u96c5\u5730\u8c03\u6574\u4ee5\u8865\u5145\u53e6\u4e00\u534a\u3002 \u8fd9\u79cd\u534f\u8bae\u6709\u52a9\u4e8e\u5728\u53e5\u5b50\u4e2d\u521b\u9020\u548c\u8c10\u5e76\u589e\u52a0\u6e05\u6670\u5ea6\u3002<\/p>\n\n\n\n<p>\u4f8b\u5982\uff0c\u5728\u6377\u514b\u8bed\u4e2d\uff0c&#8221;\u7f8e\u4e3d &#8220;\u7684\u610f\u601d\u662f &#8220;kr\u00e1sn\u00fd&#8221;\u3002 \u5982\u679c\u60a8\u63cf\u8ff0\u7684\u662f\u4e00\u5ea7\u6f02\u4eae\u7684\u623f\u5b50\uff08d\u016fm\uff09\uff0c\u8fd9\u662f\u9633\u6027\u8bcd\uff0c\u60a8\u53ef\u4ee5\u4f7f\u7528 &#8220;kr\u00e1sn\u00fd d\u016fm&#8221;\u3002 \u5bf9\u4e8e\u5973\u6027\u5316\u7684\u7f8e\u4e3d\u5973\u5b69\uff08d\u00edvka\uff09\uff0c\u5219\u53d8\u6210 &#8220;kr\u00e1sn\u00e1 d\u00edvka&#8221;\u3002 \u800c &#8220;\u7f8e\u597d\u7684\u4e00\u5929&#8221;\uff08den\uff09\u662f\u4e2d\u6027\u8bcd\uff0c\u60a8\u4f1a\u8bf4 &#8220;kr\u00e1sn\u00fd den&#8221;\u3002 \u770b\u770b\u5f62\u5bb9\u8bcd\u662f\u5982\u4f55\u4e0e\u540d\u8bcd\u4e00\u8d77\u8df3\u821e\u7684\uff1f<\/p>\n\n\n\n<h3 class=\"wp-block-heading\" id=\"h-3-verbs-the-art-of-conjugation\">3. \u52a8\u8bcd\u2014\u2014\u5171\u8f6d\u7684\u827a\u672f<\/h3>\n\n\n\n<p>\u5728\u6377\u514b\u8bed\u4e2d\uff0c\u53d8\u4f4d\u7684\u827a\u672f\u2014\u2014\u5373\u6839\u636e\u65f6\u6001\u3001\u60c5\u7eea\u548c\u4eba\u79f0\u6539\u53d8\u52a8\u8bcd\u5f62\u5f0f\u2014\u2014\u6709\u4e86\u81ea\u5df1\u7684\u751f\u547d\u3002 \u6377\u514b\u8bed\u52a8\u8bcd\u5206\u4e3a\u4e24\u7c7b\uff1a\u5b8c\u6210\u52a8\u8bcd\u548c\u4e0d\u5b8c\u6210\u52a8\u8bcd\u3002 \u5b8c\u6210\u52a8\u8bcd\u8868\u793a\u52a8\u4f5c\u5df2\u7ecf\u5b8c\u6210\uff0c\u800c\u4e0d\u5b8c\u6210\u52a8\u8bcd\u8868\u793a\u6b63\u5728\u8fdb\u884c\u7684\u6216\u4e60\u60ef\u6027\u7684\u52a8\u4f5c\u3002  <\/p>\n\n\n\n<p>\u6377\u514b\u8bed\u8bed\u6cd5\u5728\u52a8\u8bcd\u65b9\u9762\u6709\u4e00\u4e9b\u4ee4\u4eba\u5174\u594b\u7684\u602a\u7656\u3002 \u4f8b\u5982\uff0c\u5c06\u6765\u65f6\u53ea\u4e3a\u4e0d\u5b8c\u5168\u52a8\u8bcd\u6709\u89c4\u5f8b\u5730\u5f62\u6210\u3002 \u5bf9\u4e8e\u5b8c\u6210\u52a8\u8bcd\uff0c\u5b83\u4e0e\u73b0\u5728\u65f6\u5408\u5e76\uff01 \u6b64\u5916\uff0c\u6377\u514b\u8bed\u6ca1\u6709\u7279\u5b9a\u7684\u88ab\u52a8\u8bed\u6001\uff0c\u800c\u662f\u4f7f\u7528\u52a9\u52a8\u8bcd\u5408\u5e76\u88ab\u52a8\u7ed3\u6784\u3002 \u4e0d\u8981\u5fd8\u4e86\u6377\u514b\u8bed\u4e2d\u7684\u53cd\u8eab\u52a8\u8bcd\uff0c\u5373\u52a8\u4f5c\u4f1a\u53cd\u4f5c\u7528\u4e8e\u4e3b\u8bed\uff0c\u8fd9\u4e3a\u8fd9\u95e8\u6709\u8da3\u7684\u8bed\u8a00\u589e\u6dfb\u4e86\u53e6\u4e00\u5c42\u5fae\u5999\u7684\u542b\u4e49\u3002<\/p>\n\n\n\n<h3 class=\"wp-block-heading\" id=\"h-4-pronouns-the-mirror-of-linguistic-diversity\">4. \u4ee3\u8bcd\uff1a\u8bed\u8a00\u591a\u6837\u6027\u7684\u955c\u5b50<\/h3>\n\n\n\n<p>\u6377\u514b\u8bed\u8bed\u6cd5\u4e2d\u7684\u4ee3\u8bcd\uff08\u6211\u4eec\u8bf4\u7684\u662f\u4eba\u79f0\u4ee3\u8bcd\u3001\u7269\u4e3b\u4ee3\u8bcd\u3001\u6307\u793a\u4ee3\u8bcd\u3001\u7591\u95ee\u4ee3\u8bcd\u548c\u5173\u7cfb\u4ee3\u8bcd\uff09\u4e0e\u5176\u4ed6\u8bed\u7bc7\u4e00\u6837\u5177\u6709\u591a\u6837\u6027\u3002 \u4ed6\u4eec\u4e5f\u5fc5\u987b\u5728\u6027\u522b\u3001\u6570\u91cf\u548c\u5927\u5c0f\u5199\u4e0a\u4e0e\u4ed6\u4eec\u66ff\u6362\u6216\u6307\u4ee3\u7684\u540d\u8bcd\u4e00\u81f4\u3002<\/p>\n\n\n\n<p>\u4f8b\u5982\uff0c\u5982\u679c\u60a8\u5728\u8c08\u8bba\u81ea\u5df1\u559c\u6b22\u7684\u4e00\u672c\u4e66\uff0c\u60a8\u4f1a\u8bf4 &#8220;<a href=\"https:\/\/talkpal.ai\/culture\/how-to-say-i-like-in-slovak-using-mam-rad\/\">M\u00e1m r\u00e1d<\/a> tu knihu&#8221;\uff08\u6211\u559c\u6b22\u90a3\u672c\u4e66\uff09\u3002 \u5728\u8fd9\u91cc\uff0c&#8221;tu &#8220;\u662f\u6307\u793a\u4ee3\u8bcd &#8220;\u90a3 &#8220;\u7684\u9634\u6027\u5f62\u5f0f\uff0c\u4e0e\u540c\u6837\u662f\u9634\u6027\u7684 &#8220;kniha&#8221;\uff08\u4e66\uff09\u4e00\u81f4\u3002<\/p>\n\n\n\n<h3 class=\"wp-block-heading\" id=\"h-5-embracing-the-challenge\">5. \u8fce\u63a5\u6311\u6218<\/h3>\n\n\n\n<p>\u6377\u514b\u8bed\u8bed\u6cd5\u53ef\u80fd\u4ee4\u4eba\u56f0\u60d1\u548c\u754f\u60e7\uff0c\u4f46\u4e5f\u6b63\u662f\u5b83\u8ba9\u8fd9\u95e8\u8ff7\u4eba\u7684\u8bed\u8a00\u8131\u9896\u800c\u51fa\u3002 \u4e0d\u8981\u754f\u60e7\u6311\u6218\uff01 \u8bb0\u4f4f\uff0c\u4e0d\u662f\u4e00\u4e0b\u5b50\u638c\u63e1\u6240\u6709\u7684\u4e1c\u897f\uff0c\u800c\u662f\u4e00\u6b65\u4e00\u6b65\u5730\u53d6\u5f97\u8fdb\u6b65\u3002 \u82b1\u70b9\u65f6\u95f4\u4e86\u89e3\u6377\u514b\u8bed\u72ec\u7279\u7684\u8bed\u6cd5\u4f53\u7cfb\uff0c\u60a8\u5c31\u80fd\u5f88\u597d\u5730\u638c\u63e1\u8fd9\u95e8\u7f8e\u4e3d\u800c\u590d\u6742\u7684\u8bed\u8a00\u3002 \u800c\u4e14\uff0c\u5f53\u60a8\u63a5\u53d7\u6377\u514b\u8bed\u8bed\u6cd5\u6240\u63d0\u4f9b\u7684\u4ee4\u4eba\u6109\u60a6\u7684\u7ec6\u5fae\u5dee\u522b\u65f6\uff0c\u60a8\u65e0\u7591\u4f1a\u53d1\u73b0\u5bf9\u5176\u590d\u6742\u6027\u7684\u65b0\u7684\u6b23\u8d4f\u3002 \u795d\u60a8\u5b66\u4e60\u6109\u5feb\uff01<\/p>\n<\/div><\/div>\n\r\n<section class=\"learnNavigationSection\">\r\n            \r\n        <a href=\"https:\/\/talkpal.ai\/zh-hans\/%e5%ad%a6%e4%b9%a0%e6%8d%b7%e5%85%8b%e8%af%ad\/\">\r\n            <div class=\"learnNavigationWrapper\">\r\n                <div class=\"learnNavigationContent\">\r\n                    <img decoding=\"async\" src=\"https:\/\/talkpal.ai\/wp-content\/uploads\/2024\/08\/Czech.jpg\" alt=\"Czech Flag\">\r\n                    <div>\r\n                        <h4>\u5173\u4e8e\u6377\u514b\u8bed\u5b66\u4e60<\/h4>\r\n                        <p>\u4e86\u89e3\u6709\u5173\u6377\u514b\u8bed\u8bed\u6cd5\u7684\u6240\u6709\u4fe1\u606f \u3002<\/p>\r\n                    <\/div>\r\n                <\/div>\r\n            <\/div>\r\n        <\/a>\r\n\r\n        \r\n        <a href=\"https:\/\/talkpal.ai\/zh-hans\/%e6%8d%b7%e5%85%8b%e8%af%ad%e8%af%ad%e6%b3%95%e7%bb%83%e4%b9%a0\/\">\r\n            <div class=\"learnNavigationWrapper\">\r\n                <div class=\"learnNavigationContent\">\r\n                    <img decoding=\"async\" src=\"https:\/\/talkpal.ai\/wp-content\/uploads\/2024\/08\/Czech.jpg\" alt=\"Czech Flag\">\r\n                    <div>\r\n                        <h4>\u6377\u514b\u8bed\u8bed\u6cd5\u7ec3\u4e60<\/h4>\r\n                        <p>\u7ec3\u4e60\u6377\u514b\u8bed \u8bed\u6cd5\u3002<\/p>\r\n                    <\/div>\r\n                <\/div>\r\n            <\/div>\r\n        <\/a>\r\n\r\n        \r\n        <a href=\"https:\/\/talkpal.ai\/vocabulary_language\/czech\/\">\r\n            <div class=\"learnNavigationWrapper\">\r\n                <div class=\"learnNavigationContent\">\r\n                    <img decoding=\"async\" src=\"https:\/\/talkpal.ai\/wp-content\/uploads\/2024\/08\/Czech.jpg\" alt=\"Czech Flag\">\r\n                    <div>\r\n                        <h4>\u6377\u514b\u8bed\u8bcd\u6c47<\/h4>\r\n                        <p>\u6269\u5927\u60a8\u7684\u6377\u514b\u8bed\u8bcd\u6c47\u91cf\u3002<\/p>\r\n                    <\/div>\r\n                <\/div>\r\n            <\/div>\r\n        <\/a>\r\n\r\n            <\/section>","protected":false},"excerpt":{"rendered":"<p>\u6377\u514b\u8bed\u8bed\u6cd5\uff1a\u4e86\u89e3\u6377\u514b\u8bed\u7684\u72ec\u7279\u7ed3\u6784 \u5982\u679c\u60a8\u5c1d\u8bd5\u8fc7\u5b66\u4e60\u6377\u514b\u8bed\uff0c\u751a\u81f3\u53ea\u662f\u6d4f\u89c8\u8fc7\u6377\u514b\u8bed\u6587\u7ae0\u6216\u4e66\u7c4d\uff0c\u60a8\u53ef\u80fd\u4f1a\u6ce8\u610f\u5230\u6377\u514b\u8bed [&hellip;]<\/p>\n","protected":false},"author":1,"featured_media":28265,"parent":0,"menu_order":0,"comment_status":"closed","ping_status":"closed","template":"LearningContentPage.php","meta":{"_acf_changed":false,"footnotes":""},"class_list":["post-143216","page","type-page","status-publish","has-post-thumbnail","hentry"],"acf":[],"yoast_head":"<!-- This site is optimized with the Yoast SEO Premium plugin v27.2 (Yoast SEO v27.2) - https:\/\/yoast.com\/product\/yoast-seo-premium-wordpress\/ -->\n<title>\u6377\u514b\u8bed\u8bed\u6cd5 - Talkpal<\/title>\n<meta name=\"description\" content=\"\u63ed\u5f00\u6377\u514b\u8bed\u8bed\u6cd5\u7684\u795e\u79d8\u9762\u7eb1\u3002 \u4e86\u89e3\u5176\u72ec\u7279\u7684\u590d\u6742\u6027\uff0c\u4ee5\u53ca\u5982\u4f55\u6709\u6548\u5730\u638c\u63e1\u540d\u8bcd\u89e3\u91ca\u3002\" \/>\n<meta name=\"robots\" content=\"index, follow, max-snippet:-1, max-image-preview:large, max-video-preview:-1\" \/>\n<link rel=\"canonical\" href=\"https:\/\/talkpal.ai\/zh-hans\/%e6%8d%b7%e5%85%8b%e8%af%ad%e8%af%ad%e6%b3%95\/\" \/>\n<meta property=\"og:locale\" content=\"zh_CN\" \/>\n<meta property=\"og:type\" content=\"article\" \/>\n<meta property=\"og:title\" content=\"\u6377\u514b\u8bed\u8bed\u6cd5\" \/>\n<meta property=\"og:description\" content=\"\u6377\u514b\u8bed\u8bed\u6cd5\uff1a\u4e86\u89e3\u6377\u514b\u8bed\u7684\u72ec\u7279\u7ed3\u6784 \u5982\u679c\u60a8\u5c1d\u8bd5\u8fc7\u5b66\u4e60\u6377\u514b\u8bed\uff0c\u751a\u81f3\u53ea\u662f\u6d4f\u89c8\u8fc7\u6377\u514b\u8bed\u6587\u7ae0\u6216\u4e66\u7c4d\uff0c\u60a8\u53ef\u80fd\u4f1a\u6ce8\u610f\u5230\u6377\u514b\u8bed\u7684\u8bed\u6cd5\u76f8\u5f53\u5177\u6709\u6311\u6218\u6027\u3002 \u6377\u514b\u8bed\u88ab\u5e7f\u6cdb\u8ba4\u4e3a\u662f\u6700\u590d\u6742\u7684\u8bed\u8a00\u7cfb\u7edf\u4e4b\u4e00\uff0c\u5b83\u8ba9\u8bb8\u591a\u5916\u56fd\u5b66\u751f\u611f\u5230\u56f0\u60d1\u3002 \u4f46\u4e0d\u8981\u56e0\u6b64\u800c\u5bb3\u6015\uff01 \u6377\u514b\u8bed\u8bed\u6cd5\u7684\u7279\u6b8a\u6027\u4f7f\u5b83\u5f15\u4eba\u5165\u80dc\u548c\u72ec\u7279\u3002\" \/>\n<meta property=\"og:url\" content=\"https:\/\/talkpal.ai\/zh-hans\/%e6%8d%b7%e5%85%8b%e8%af%ad%e8%af%ad%e6%b3%95\/\" \/>\n<meta property=\"og:site_name\" content=\"Talkpal\" \/>\n<meta property=\"article:publisher\" content=\"https:\/\/www.facebook.com\/profile.php?id=100090733639311\" \/>\n<meta property=\"article:modified_time\" content=\"2025-12-13T15:24:08+00:00\" \/>\n<meta property=\"og:image\" content=\"https:\/\/talkpal.ai\/wp-content\/uploads\/2023\/05\/czech-republic.png\" \/>\n\t<meta property=\"og:image:width\" content=\"512\" \/>\n\t<meta property=\"og:image:height\" content=\"512\" \/>\n\t<meta property=\"og:image:type\" content=\"image\/png\" \/>\n<meta name=\"twitter:card\" content=\"summary_large_image\" \/>\n<meta name=\"twitter:site\" content=\"@talkpalai\" \/>\n<script type=\"application\/ld+json\" class=\"yoast-schema-graph\">{\"@context\":\"https:\/\/schema.org\",\"@graph\":[{\"@type\":\"WebPage\",\"@id\":\"https:\/\/talkpal.ai\/zh-hans\/%e6%8d%b7%e5%85%8b%e8%af%ad%e8%af%ad%e6%b3%95\/\",\"url\":\"https:\/\/talkpal.ai\/zh-hans\/%e6%8d%b7%e5%85%8b%e8%af%ad%e8%af%ad%e6%b3%95\/\",\"name\":\"\u6377\u514b\u8bed\u8bed\u6cd5 - Talkpal\",\"isPartOf\":{\"@id\":\"https:\/\/talkpal.ai\/zh-hans\/#website\"},\"primaryImageOfPage\":{\"@id\":\"https:\/\/talkpal.ai\/zh-hans\/%e6%8d%b7%e5%85%8b%e8%af%ad%e8%af%ad%e6%b3%95\/#primaryimage\"},\"image\":{\"@id\":\"https:\/\/talkpal.ai\/zh-hans\/%e6%8d%b7%e5%85%8b%e8%af%ad%e8%af%ad%e6%b3%95\/#primaryimage\"},\"thumbnailUrl\":\"https:\/\/talkpal.ai\/wp-content\/uploads\/2023\/05\/czech-republic.png\",\"datePublished\":\"2023-05-14T14:03:07+00:00\",\"dateModified\":\"2025-12-13T15:24:08+00:00\",\"description\":\"\u63ed\u5f00\u6377\u514b\u8bed\u8bed\u6cd5\u7684\u795e\u79d8\u9762\u7eb1\u3002 \u4e86\u89e3\u5176\u72ec\u7279\u7684\u590d\u6742\u6027\uff0c\u4ee5\u53ca\u5982\u4f55\u6709\u6548\u5730\u638c\u63e1\u540d\u8bcd\u89e3\u91ca\u3002\",\"breadcrumb\":{\"@id\":\"https:\/\/talkpal.ai\/zh-hans\/%e6%8d%b7%e5%85%8b%e8%af%ad%e8%af%ad%e6%b3%95\/#breadcrumb\"},\"inLanguage\":\"zh-Hans\",\"potentialAction\":[{\"@type\":\"ReadAction\",\"target\":[\"https:\/\/talkpal.ai\/zh-hans\/%e6%8d%b7%e5%85%8b%e8%af%ad%e8%af%ad%e6%b3%95\/\"]}]},{\"@type\":\"ImageObject\",\"inLanguage\":\"zh-Hans\",\"@id\":\"https:\/\/talkpal.ai\/zh-hans\/%e6%8d%b7%e5%85%8b%e8%af%ad%e8%af%ad%e6%b3%95\/#primaryimage\",\"url\":\"https:\/\/talkpal.ai\/wp-content\/uploads\/2023\/05\/czech-republic.png\",\"contentUrl\":\"https:\/\/talkpal.ai\/wp-content\/uploads\/2023\/05\/czech-republic.png\",\"width\":512,\"height\":512},{\"@type\":\"BreadcrumbList\",\"@id\":\"https:\/\/talkpal.ai\/zh-hans\/%e6%8d%b7%e5%85%8b%e8%af%ad%e8%af%ad%e6%b3%95\/#breadcrumb\",\"itemListElement\":[{\"@type\":\"ListItem\",\"position\":1,\"name\":\"Homepage\",\"item\":\"https:\/\/talkpal.ai\/zh-hans\/\"},{\"@type\":\"ListItem\",\"position\":2,\"name\":\"\u6377\u514b\u8bed\u8bed\u6cd5\"}]},{\"@type\":\"WebSite\",\"@id\":\"https:\/\/talkpal.ai\/zh-hans\/#website\",\"url\":\"https:\/\/talkpal.ai\/zh-hans\/\",\"name\":\"Talkpal\",\"description\":\"AI Language Learning\",\"publisher\":{\"@id\":\"https:\/\/talkpal.ai\/zh-hans\/#organization\"},\"alternateName\":\"Talkpal AI\",\"potentialAction\":[{\"@type\":\"SearchAction\",\"target\":{\"@type\":\"EntryPoint\",\"urlTemplate\":\"https:\/\/talkpal.ai\/zh-hans\/?s={search_term_string}\"},\"query-input\":{\"@type\":\"PropertyValueSpecification\",\"valueRequired\":true,\"valueName\":\"search_term_string\"}}],\"inLanguage\":\"zh-Hans\"},{\"@type\":\"Organization\",\"@id\":\"https:\/\/talkpal.ai\/zh-hans\/#organization\",\"name\":\"Talkpal, Inc.\",\"alternateName\":\"Talkpal AI\",\"url\":\"https:\/\/talkpal.ai\/zh-hans\/\",\"logo\":{\"@type\":\"ImageObject\",\"inLanguage\":\"zh-Hans\",\"@id\":\"https:\/\/talkpal.ai\/zh-hans\/#\/schema\/logo\/image\/\",\"url\":\"https:\/\/talkpal.ai\/wp-content\/uploads\/2024\/03\/Talkpal-Logo-Icon.png\",\"contentUrl\":\"https:\/\/talkpal.ai\/wp-content\/uploads\/2024\/03\/Talkpal-Logo-Icon.png\",\"width\":2880,\"height\":2880,\"caption\":\"Talkpal, Inc.\"},\"image\":{\"@id\":\"https:\/\/talkpal.ai\/zh-hans\/#\/schema\/logo\/image\/\"},\"sameAs\":[\"https:\/\/www.facebook.com\/profile.php?id=100090733639311\",\"https:\/\/x.com\/talkpalai\",\"https:\/\/www.linkedin.com\/company\/talkpal\/\",\"https:\/\/www.youtube.com\/@TalkPal\/\",\"https:\/\/www.tiktok.com\/@talkpal\",\"https:\/\/www.instagram.com\/talkpal_ai\/\",\"https:\/\/www.crunchbase.com\/organization\/talkpal-9cde\",\"https:\/\/www.g2.com\/products\/talkpal-for-business\/\",\"https:\/\/www.trustpilot.com\/review\/talkpal.ai\",\"https:\/\/www.capterra.com\/p\/10006800\/TalkPal\/\"],\"description\":\"Talkpal is a language learning web and mobile education app, powered by the latest AI technologies, that provides engaging experiences to its customers in many different languages to help them improve their language skills. Users can chat about unlimited amount of topics with the app and use other modes to practice their language learning.\",\"email\":\"support@talkpal.ai\",\"legalName\":\"Talkpal, Inc.\",\"foundingDate\":\"2023-04-03\",\"duns\":\"118989042\",\"numberOfEmployees\":{\"@type\":\"QuantitativeValue\",\"minValue\":\"11\",\"maxValue\":\"50\"},\"publishingPrinciples\":\"https:\/\/talkpal.ai\/publishing-principles\/\",\"actionableFeedbackPolicy\":\"https:\/\/talkpal.ai\/actionable-feedback-policy\/\",\"correctionsPolicy\":\"https:\/\/talkpal.ai\/corrections-policy\/\",\"ethicsPolicy\":\"https:\/\/talkpal.ai\/ethics-policy\/\",\"diversityPolicy\":\"https:\/\/talkpal.ai\/diversity-policy\/\",\"diversityStaffingReport\":\"https:\/\/talkpal.ai\/diversity-policy\/\"}]}<\/script>\n<!-- \/ Yoast SEO Premium plugin. -->","yoast_head_json":{"title":"\u6377\u514b\u8bed\u8bed\u6cd5 - Talkpal","description":"\u63ed\u5f00\u6377\u514b\u8bed\u8bed\u6cd5\u7684\u795e\u79d8\u9762\u7eb1\u3002 \u4e86\u89e3\u5176\u72ec\u7279\u7684\u590d\u6742\u6027\uff0c\u4ee5\u53ca\u5982\u4f55\u6709\u6548\u5730\u638c\u63e1\u540d\u8bcd\u89e3\u91ca\u3002","robots":{"index":"index","follow":"follow","max-snippet":"max-snippet:-1","max-image-preview":"max-image-preview:large","max-video-preview":"max-video-preview:-1"},"canonical":"https:\/\/talkpal.ai\/zh-hans\/%e6%8d%b7%e5%85%8b%e8%af%ad%e8%af%ad%e6%b3%95\/","og_locale":"zh_CN","og_type":"article","og_title":"\u6377\u514b\u8bed\u8bed\u6cd5","og_description":"\u6377\u514b\u8bed\u8bed\u6cd5\uff1a\u4e86\u89e3\u6377\u514b\u8bed\u7684\u72ec\u7279\u7ed3\u6784 \u5982\u679c\u60a8\u5c1d\u8bd5\u8fc7\u5b66\u4e60\u6377\u514b\u8bed\uff0c\u751a\u81f3\u53ea\u662f\u6d4f\u89c8\u8fc7\u6377\u514b\u8bed\u6587\u7ae0\u6216\u4e66\u7c4d\uff0c\u60a8\u53ef\u80fd\u4f1a\u6ce8\u610f\u5230\u6377\u514b\u8bed\u7684\u8bed\u6cd5\u76f8\u5f53\u5177\u6709\u6311\u6218\u6027\u3002 \u6377\u514b\u8bed\u88ab\u5e7f\u6cdb\u8ba4\u4e3a\u662f\u6700\u590d\u6742\u7684\u8bed\u8a00\u7cfb\u7edf\u4e4b\u4e00\uff0c\u5b83\u8ba9\u8bb8\u591a\u5916\u56fd\u5b66\u751f\u611f\u5230\u56f0\u60d1\u3002 \u4f46\u4e0d\u8981\u56e0\u6b64\u800c\u5bb3\u6015\uff01 \u6377\u514b\u8bed\u8bed\u6cd5\u7684\u7279\u6b8a\u6027\u4f7f\u5b83\u5f15\u4eba\u5165\u80dc\u548c\u72ec\u7279\u3002","og_url":"https:\/\/talkpal.ai\/zh-hans\/%e6%8d%b7%e5%85%8b%e8%af%ad%e8%af%ad%e6%b3%95\/","og_site_name":"Talkpal","article_publisher":"https:\/\/www.facebook.com\/profile.php?id=100090733639311","article_modified_time":"2025-12-13T15:24:08+00:00","og_image":[{"width":512,"height":512,"url":"https:\/\/talkpal.ai\/wp-content\/uploads\/2023\/05\/czech-republic.png","type":"image\/png"}],"twitter_card":"summary_large_image","twitter_site":"@talkpalai","schema":{"@context":"https:\/\/schema.org","@graph":[{"@type":"WebPage","@id":"https:\/\/talkpal.ai\/zh-hans\/%e6%8d%b7%e5%85%8b%e8%af%ad%e8%af%ad%e6%b3%95\/","url":"https:\/\/talkpal.ai\/zh-hans\/%e6%8d%b7%e5%85%8b%e8%af%ad%e8%af%ad%e6%b3%95\/","name":"\u6377\u514b\u8bed\u8bed\u6cd5 - Talkpal","isPartOf":{"@id":"https:\/\/talkpal.ai\/zh-hans\/#website"},"primaryImageOfPage":{"@id":"https:\/\/talkpal.ai\/zh-hans\/%e6%8d%b7%e5%85%8b%e8%af%ad%e8%af%ad%e6%b3%95\/#primaryimage"},"image":{"@id":"https:\/\/talkpal.ai\/zh-hans\/%e6%8d%b7%e5%85%8b%e8%af%ad%e8%af%ad%e6%b3%95\/#primaryimage"},"thumbnailUrl":"https:\/\/talkpal.ai\/wp-content\/uploads\/2023\/05\/czech-republic.png","datePublished":"2023-05-14T14:03:07+00:00","dateModified":"2025-12-13T15:24:08+00:00","description":"\u63ed\u5f00\u6377\u514b\u8bed\u8bed\u6cd5\u7684\u795e\u79d8\u9762\u7eb1\u3002 \u4e86\u89e3\u5176\u72ec\u7279\u7684\u590d\u6742\u6027\uff0c\u4ee5\u53ca\u5982\u4f55\u6709\u6548\u5730\u638c\u63e1\u540d\u8bcd\u89e3\u91ca\u3002","breadcrumb":{"@id":"https:\/\/talkpal.ai\/zh-hans\/%e6%8d%b7%e5%85%8b%e8%af%ad%e8%af%ad%e6%b3%95\/#breadcrumb"},"inLanguage":"zh-Hans","potentialAction":[{"@type":"ReadAction","target":["https:\/\/talkpal.ai\/zh-hans\/%e6%8d%b7%e5%85%8b%e8%af%ad%e8%af%ad%e6%b3%95\/"]}]},{"@type":"ImageObject","inLanguage":"zh-Hans","@id":"https:\/\/talkpal.ai\/zh-hans\/%e6%8d%b7%e5%85%8b%e8%af%ad%e8%af%ad%e6%b3%95\/#primaryimage","url":"https:\/\/talkpal.ai\/wp-content\/uploads\/2023\/05\/czech-republic.png","contentUrl":"https:\/\/talkpal.ai\/wp-content\/uploads\/2023\/05\/czech-republic.png","width":512,"height":512},{"@type":"BreadcrumbList","@id":"https:\/\/talkpal.ai\/zh-hans\/%e6%8d%b7%e5%85%8b%e8%af%ad%e8%af%ad%e6%b3%95\/#breadcrumb","itemListElement":[{"@type":"ListItem","position":1,"name":"Homepage","item":"https:\/\/talkpal.ai\/zh-hans\/"},{"@type":"ListItem","position":2,"name":"\u6377\u514b\u8bed\u8bed\u6cd5"}]},{"@type":"WebSite","@id":"https:\/\/talkpal.ai\/zh-hans\/#website","url":"https:\/\/talkpal.ai\/zh-hans\/","name":"Talkpal","description":"AI Language Learning","publisher":{"@id":"https:\/\/talkpal.ai\/zh-hans\/#organization"},"alternateName":"Talkpal AI","potentialAction":[{"@type":"SearchAction","target":{"@type":"EntryPoint","urlTemplate":"https:\/\/talkpal.ai\/zh-hans\/?s={search_term_string}"},"query-input":{"@type":"PropertyValueSpecification","valueRequired":true,"valueName":"search_term_string"}}],"inLanguage":"zh-Hans"},{"@type":"Organization","@id":"https:\/\/talkpal.ai\/zh-hans\/#organization","name":"Talkpal, Inc.","alternateName":"Talkpal AI","url":"https:\/\/talkpal.ai\/zh-hans\/","logo":{"@type":"ImageObject","inLanguage":"zh-Hans","@id":"https:\/\/talkpal.ai\/zh-hans\/#\/schema\/logo\/image\/","url":"https:\/\/talkpal.ai\/wp-content\/uploads\/2024\/03\/Talkpal-Logo-Icon.png","contentUrl":"https:\/\/talkpal.ai\/wp-content\/uploads\/2024\/03\/Talkpal-Logo-Icon.png","width":2880,"height":2880,"caption":"Talkpal, Inc."},"image":{"@id":"https:\/\/talkpal.ai\/zh-hans\/#\/schema\/logo\/image\/"},"sameAs":["https:\/\/www.facebook.com\/profile.php?id=100090733639311","https:\/\/x.com\/talkpalai","https:\/\/www.linkedin.com\/company\/talkpal\/","https:\/\/www.youtube.com\/@TalkPal\/","https:\/\/www.tiktok.com\/@talkpal","https:\/\/www.instagram.com\/talkpal_ai\/","https:\/\/www.crunchbase.com\/organization\/talkpal-9cde","https:\/\/www.g2.com\/products\/talkpal-for-business\/","https:\/\/www.trustpilot.com\/review\/talkpal.ai","https:\/\/www.capterra.com\/p\/10006800\/TalkPal\/"],"description":"Talkpal is a language learning web and mobile education app, powered by the latest AI technologies, that provides engaging experiences to its customers in many different languages to help them improve their language skills. Users can chat about unlimited amount of topics with the app and use other modes to practice their language learning.","email":"support@talkpal.ai","legalName":"Talkpal, Inc.","foundingDate":"2023-04-03","duns":"118989042","numberOfEmployees":{"@type":"QuantitativeValue","minValue":"11","maxValue":"50"},"publishingPrinciples":"https:\/\/talkpal.ai\/publishing-principles\/","actionableFeedbackPolicy":"https:\/\/talkpal.ai\/actionable-feedback-policy\/","correctionsPolicy":"https:\/\/talkpal.ai\/corrections-policy\/","ethicsPolicy":"https:\/\/talkpal.ai\/ethics-policy\/","diversityPolicy":"https:\/\/talkpal.ai\/diversity-policy\/","diversityStaffingReport":"https:\/\/talkpal.ai\/diversity-policy\/"}]}},"_links":{"self":[{"href":"https:\/\/talkpal.ai\/zh-hans\/wp-json\/wp\/v2\/pages\/143216","targetHints":{"allow":["GET"]}}],"collection":[{"href":"https:\/\/talkpal.ai\/zh-hans\/wp-json\/wp\/v2\/pages"}],"about":[{"href":"https:\/\/talkpal.ai\/zh-hans\/wp-json\/wp\/v2\/types\/page"}],"author":[{"embeddable":true,"href":"https:\/\/talkpal.ai\/zh-hans\/wp-json\/wp\/v2\/users\/1"}],"replies":[{"embeddable":true,"href":"https:\/\/talkpal.ai\/zh-hans\/wp-json\/wp\/v2\/comments?post=143216"}],"version-history":[{"count":0,"href":"https:\/\/talkpal.ai\/zh-hans\/wp-json\/wp\/v2\/pages\/143216\/revisions"}],"wp:featuredmedia":[{"embeddable":true,"href":"https:\/\/talkpal.ai\/zh-hans\/wp-json\/wp\/v2\/media\/28265"}],"wp:attachment":[{"href":"https:\/\/talkpal.ai\/zh-hans\/wp-json\/wp\/v2\/media?parent=143216"}],"curies":[{"name":"wp","href":"https:\/\/api.w.org\/{rel}","templated":true}]}}