{"id":1481433,"date":"2025-11-27T17:03:24","date_gmt":"2025-11-27T17:03:24","guid":{"rendered":"https:\/\/talkpal.ai\/giam-gia-halloween-cua-talkpal\/"},"modified":"2026-01-22T15:19:37","modified_gmt":"2026-01-22T15:19:37","slug":"giam-gia-halloween-cua-talkpal","status":"publish","type":"page","link":"https:\/\/talkpal.ai\/vi\/giam-gia-halloween-cua-talkpal\/","title":{"rendered":"Gi\u1ea3m gi\u00e1 Halloween c\u1ee7a Talkpal"},"content":{"rendered":"<section class=\"languageChallengeSection\">\r\n    <div class=\"languageInfoWrapper\">\r\n        \r\n        <h1>Gi\u1ea3m gi\u00e1 Halloween c\u1ee7a Talkpal<\/h1>\r\n        <p>B\u1ea1n \u0111\u00e3 s\u1eb5n s\u00e0ng \u0111\u1ec3 c\u1ee7ng c\u1ed1 k\u1ef9 n\u0103ng ng\u00f4n ng\u1eef c\u1ee7a m\u00ecnh ch\u01b0a? Halloween n\u00e0y, Talkpal gi\u1ea3m gi\u00e1 79% \u0111\u1ed9c quy\u1ec1n \u0111\u1ec3 gi\u00fap b\u1ea1n h\u1ecdc nhanh h\u01a1n v\u00e0 th\u00f4ng minh h\u01a1n. M\u1edf kh\u00f3a t\u1ea5t c\u1ea3 c\u00e1c t\u00ednh n\u0103ng cao c\u1ea5p, th\u1ef1c h\u00e0nh c\u00e1c cu\u1ed9c tr\u00f2 chuy\u1ec7n th\u1ef1c t\u1ebf v\u1edbi AI v\u00e0 x\u00e2y d\u1ef1ng s\u1ef1 tr\u00f4i ch\u1ea3y v\u1edbi m\u1ed9t n\u1eeda chi ph\u00ed.<\/p>\r\n\r\n                    <a class=\"getStartedHidden\" href=\"https:\/\/app.talkpal.ai\/signup?discount=50\">\r\n                Nh\u1eadn chi\u1ebft kh\u1ea5u            <\/a>\r\n            <\/div>\r\n\r\n            <figure>\r\n            <img decoding=\"async\" class=\"no-lazy\" src=\"https:\/\/talkpal.ai\/wp-content\/uploads\/2026\/01\/curly-girl-with-phone-light-background.webp\" alt=\"\" fetchpriority=\"high\" \/>\r\n        <\/figure>\r\n        \r\n                    <a class=\"getStartedVisible\" href=\"https:\/\/app.talkpal.ai\/signup?discount=50\">\r\n                Nh\u1eadn chi\u1ebft kh\u1ea5u            <\/a>\r\n        <\/section><section class=\"featureSection\">\r\n    <div class=\"featureIntroduce\">\r\n        <a class=\"introduceLink\" href=\"https:\/\/app.talkpal.ai\/vi\/signup?lng=\">\r\n            <img decoding=\"async\" src=\"https:\/\/talkpal.ai\/wp-content\/themes\/talkpal\/assets\/img\/Sparkle.svg\" alt=\"\" \/>ti\u00ean ti\u1ebfn nh\u1ea5t\r\n  AI<\/a>\r\n        <h3 class=\"featureTitle\">S\u1ef1 kh\u00e1c bi\u1ec7t c\u1ee7a talkpal<\/h3>\r\n    <\/div>\r\n            <div class=\"introduceWrapper\">\r\n                            <a class=\"introducCard\" href=\"https:\/\/app.talkpal.ai\/vi\/signup?lng=\">\r\n\r\n                    \r\n                                                <img decoding=\"async\" src=\"https:\/\/talkpal.ai\/wp-content\/uploads\/2025\/05\/Immersive_conversations.png\" alt=\"Immersive Conversation Screenshot\" \/>\r\n                        <h4 class=\"introduceTitle\">Gi\u00e1o d\u1ee5c c\u00e1 nh\u00e2n h\u00f3a<\/h4>\r\n                        <p class=\"cardText\">Con \u0111\u01b0\u1eddng c\u1ee7a m\u1ed7i ng\u01b0\u1eddi h\u1ecdc l\u00e0 kh\u00e1c nhau, v\u1edbi vi\u1ec7c \u0111i l\u1ea1i, c\u00f4ng vi\u1ec7c v\u00e0 l\u1ecbch tr\u00ecnh b\u1eadn r\u1ed9n trong h\u1ed7n h\u1ee3p. Talkpal s\u1eed d\u1ee5ng AI ti\u00ean ti\u1ebfn \u0111\u1ec3 h\u1ecdc h\u1ecfi t\u1eeb h\u00e0ng tri\u1ec7u m\u1eabu h\u1ecdc t\u1eadp v\u00e0 t\u1ea1o ra tr\u1ea3i nghi\u1ec7m \u0111\u01b0\u1ee3c c\u00e1 nh\u00e2n h\u00f3a, hi\u1ec7u qu\u1ea3 v\u00e0 h\u1ea5p d\u1eabn ph\u00f9 h\u1ee3p v\u1edbi b\u1ea1n.<\/p>\r\n                    \r\n                <\/a>\r\n                            <a class=\"introducCard\" href=\"https:\/\/app.talkpal.ai\/vi\/signup?lng=\">\r\n\r\n                    \r\n                                                <img decoding=\"async\" src=\"https:\/\/talkpal.ai\/wp-content\/uploads\/2025\/05\/Realtime_feedback.png\" alt=\"Feedback Screenshot\" \/>\r\n                        <h4 class=\"introduceTitle\">C\u00f4ng ngh\u1ec7 c\u1eaft c\u1ea1nh<\/h4>\r\n                        <p class=\"cardText\">Nhi\u1ec7m v\u1ee5 c\u1ee7a ch\u00fang t\u00f4i l\u00e0 l\u00e0m cho vi\u1ec7c h\u1ecdc ng\u00f4n ng\u1eef \u0111\u01b0\u1ee3c c\u00e1 nh\u00e2n h\u00f3a c\u00f3 th\u1ec3 ti\u1ebfp c\u1eadn \u0111\u01b0\u1ee3c v\u1edbi t\u1ea5t c\u1ea3 m\u1ecdi ng\u01b0\u1eddi b\u1eb1ng c\u00e1ch k\u1ebft h\u1ee3p AI ti\u00ean ti\u1ebfn v\u1edbi c\u00e1c ph\u01b0\u01a1ng ph\u00e1p gi\u1ea3ng d\u1ea1y \u0111\u00e3 \u0111\u01b0\u1ee3c ch\u1ee9ng minh. Halloween n\u00e0y, n\u00f3 d\u1ec5 ti\u1ebfp c\u1eadn h\u01a1n bao gi\u1edd h\u1ebft. V\u1edbi Talkpal, b\u1ea1n s\u1ebd c\u00f3 \u0111\u01b0\u1ee3c m\u1ed9t h\u00e0nh tr\u00ecnh ph\u00f9 h\u1ee3p v\u1edbi t\u1ed1c \u0111\u1ed9, l\u1ed1i s\u1ed1ng v\u00e0 m\u1ee5c ti\u00eau c\u1ee7a m\u00ecnh, b\u1ea5t k\u1ec3 cu\u1ed9c s\u1ed1ng \u0111\u01b0a b\u1ea1n \u0111\u1ebfn \u0111\u00e2u.<\/p>\r\n                    \r\n                <\/a>\r\n                            <a class=\"introducCard\" href=\"https:\/\/app.talkpal.ai\/vi\/signup?lng=\">\r\n\r\n                    \r\n                                                <img decoding=\"async\" src=\"https:\/\/talkpal.ai\/wp-content\/uploads\/2025\/05\/Personalization.png\" alt=\"Personalization Screenshot\" \/>\r\n                        <h4 class=\"introduceTitle\">L\u00e0m cho vi\u1ec7c h\u1ecdc tr\u1edf n\u00ean th\u00fa v\u1ecb<\/h4>\r\n                        <p class=\"cardText\">Ch\u00fang t\u00f4i tin r\u1eb1ng vi\u1ec7c h\u1ecdc ng\u00f4n ng\u1eef ph\u1ea3i th\u00fa v\u1ecb v\u00e0 t\u1ea1o \u0111\u1ed9ng l\u1ef1c. \u0110\u00f3 l\u00e0 l\u00fd do t\u1ea1i sao Talkpal gi\u00fap b\u1ea1n tham gia v\u00e0 truy\u1ec1n c\u1ea3m h\u1ee9ng, v\u00ec v\u1eady n\u00f3 \u00edt gi\u1ed1ng nh\u01b0 h\u1ecdc t\u1eadp h\u01a1n v\u00e0 gi\u1ed1ng nh\u01b0 m\u1ed9t cu\u1ed9c phi\u00eau l\u01b0u h\u01a1n. Tham gia c\u00f9ng h\u00e0ng ngh\u00ecn ng\u01b0\u1eddi h\u1ecdc tr\u00ean to\u00e0n th\u1ebf gi\u1edbi v\u00e0 t\u1eadn d\u1ee5ng \u01b0u \u0111\u00e3i Halloween c\u1ee7a ch\u00fang t\u00f4i \u0111\u1ec3 b\u1eaft \u0111\u1ea7u th\u00e0nh th\u1ea1o ng\u00f4n ng\u1eef ti\u1ebfp theo c\u1ee7a b\u1ea1n.<\/p>\r\n                    \r\n                <\/a>\r\n                            <\/div>\r\n                     <a class=\"featureSectionLink\" href=\"https:\/\/app.talkpal.ai\/signup?discount=50\">\r\n                Nh\u1eadn chi\u1ebft kh\u1ea5u            <\/a>\r\n                \r\n<\/section>\r\n\r\n\r\n<section class=\"smartFunSection\">\r\n            \r\n            <div class=\"smartFunCard\">\r\n                <div class=\"smartFunWrapper\"><img decoding=\"async\" src=\"https:\/\/talkpal.ai\/wp-content\/uploads\/2025\/05\/1.png\" alt=\"Learning Stats Screenshot\"><\/div>\r\n                <h3>\u0110\u01b0\u1ee3c thi\u1ebft k\u1ebf ri\u00eang cho b\u1ea1n<\/h3>\r\n                <p>Talkpal s\u1eed d\u1ee5ng c\u00f4ng ngh\u1ec7 d\u1ef1a tr\u00ean AI \u0111\u1ec3 cung c\u1ea5p c\u00e1c phi\u00ean \u0111\u01b0\u1ee3c c\u00e1 nh\u00e2n h\u00f3a ph\u00f9 h\u1ee3p v\u1edbi tr\u00ecnh \u0111\u1ed9 v\u00e0 t\u1ed1c \u0111\u1ed9 c\u1ee7a b\u1ea1n. M\u1ed7i b\u00e0i h\u1ecdc \u0111\u1ec1u \u0111\u00e1p \u1ee9ng nhu c\u1ea7u c\u1ee7a b\u1ea1n v\u00e0 gi\u00fap b\u1ea1n ti\u1ebfn b\u1ed9 \u1ed5n \u0111\u1ecbnh, cho d\u00f9 b\u1ea1n \u0111ang \u1edf trong n\u01b0\u1edbc hay \u1edf n\u01b0\u1edbc ngo\u00e0i.<\/p>\r\n            <\/div>\r\n\r\n        \r\n            <div class=\"smartFunCard\">\r\n                <div class=\"smartFunWrapper\"><img decoding=\"async\" src=\"https:\/\/talkpal.ai\/wp-content\/uploads\/2025\/05\/2.png\" alt=\"Pronunciation Score Screenshot\"><\/div>\r\n                <h3>Hi\u1ec7u qu\u1ea3 &amp; Hi\u1ec7u qu\u1ea3<\/h3>\r\n                <p>T\u0103ng c\u01b0\u1eddng k\u1ef9 n\u0103ng \u0111\u1ecdc, nghe v\u00e0 n\u00f3i c\u1ee7a b\u1ea1n m\u1ed9t c\u00e1ch hi\u1ec7u qu\u1ea3 v\u1edbi Talkpal. C\u00e1c c\u00f4ng c\u1ee5 s\u00e1ng t\u1ea1o c\u1ee7a ch\u00fang t\u00f4i gi\u00fap vi\u1ec7c h\u1ecdc ng\u00f4n ng\u1eef tr\u1edf n\u00ean hi\u1ec7u qu\u1ea3 v\u00e0 th\u00fa v\u1ecb \u0111\u1ed1i v\u1edbi ng\u01b0\u1eddi h\u1ecdc v\u1edbi t\u1ea5t c\u1ea3 c\u00e1c lo\u1ea1i l\u1ecbch tr\u00ecnh.<\/p>\r\n            <\/div>\r\n\r\n        \r\n            <div class=\"smartFunCard\">\r\n                <div class=\"smartFunWrapper\"><img decoding=\"async\" src=\"https:\/\/talkpal.ai\/wp-content\/uploads\/2025\/05\/3.png\" alt=\"Chat Topics Screenshot\"><\/div>\r\n                <h3>Gi\u1eef t\u01b0\u01a1ng t\u00e1c<\/h3>\r\n                <p>N\u1ec1n t\u1ea3ng n\u00e0y k\u1ebft h\u1ee3p c\u00e1c y\u1ebfu t\u1ed1 tr\u00f2 ch\u01a1i h\u00f3a, th\u1eed th\u00e1ch h\u1ea5p d\u1eabn v\u00e0 l\u1eddi nh\u1eafc k\u00edch th\u00edch t\u01b0 duy \u0111\u1ec3 gi\u00fap b\u1ea1n c\u00f3 \u0111\u1ed9ng l\u1ef1c v\u00e0 nh\u1ea5t qu\u00e1n. V\u1edbi Talkpal, vi\u1ec7c h\u1ecdc ng\u00f4n ng\u1eef tr\u1edf th\u00e0nh m\u1ed9t th\u00f3i quen vui v\u1ebb h\u00e0ng ng\u00e0y, kh\u00f4ng ph\u1ea3i l\u00e0 m\u1ed9t ngh\u0129a v\u1ee5 kh\u00e1c.<\/p>\r\n            <\/div>\r\n\r\n        \r\n            <div class=\"smartFunCard\">\r\n                <div class=\"smartFunWrapper\"><img decoding=\"async\" src=\"https:\/\/talkpal.ai\/wp-content\/uploads\/2025\/05\/4.png\" alt=\"Dashboard Screenshot\"><\/div>\r\n                <h3>Th\u00edch h\u1ecdc<\/h3>\r\n                <p>Th\u00e0nh th\u1ea1o m\u1ed9t ng\u00f4n ng\u1eef m\u1edbi kh\u00f4ng c\u1ea7n ph\u1ea3i t\u1ebb nh\u1ea1t. Talkpal cung c\u1ea5p c\u00e1c b\u00e0i t\u1eadp t\u01b0\u01a1ng t\u00e1c, nh\u00e2n v\u1eadt s\u1ed1ng \u0111\u1ed9ng v\u00e0 c\u00e1c cu\u1ed9c tr\u00f2 chuy\u1ec7n AI vui v\u1ebb \u0111\u1ec3 bi\u1ebfn vi\u1ec7c h\u1ecdc tr\u1edf th\u00e0nh m\u1ed9t ph\u1ea7n th\u00fa v\u1ecb trong ng\u00e0y c\u1ee7a b\u1ea1n. Kh\u00f3a gi\u1ea3m gi\u00e1 Halloween 79% v\u00e0 b\u1eaft \u0111\u1ea7u ngay h\u00f4m nay.<\/p>\r\n            <\/div>\r\n\r\n            \r\n<\/section>\r\n\r\n<section class=\"promotionalBanner\">\r\n    <p class=\"promotionalText\">Gi\u1ea3m gi\u00e1 Halloween c\u1ee7a Talkpal &#8211; B\u1eaft \u0111\u1ea7u h\u1ecdc v\u1edbi gi\u00e1 chi\u1ebft kh\u1ea5u<\/p>\r\n                <a class=\"promotionalLink\" href=\"https:\/\/app.talkpal.ai\/signup?discount=50\">\r\n                Nh\u1eadn chi\u1ebft kh\u1ea5u            <\/a>\r\n            \r\n<\/section>","protected":false},"excerpt":{"rendered":"","protected":false},"author":20,"featured_media":0,"parent":0,"menu_order":0,"comment_status":"closed","ping_status":"closed","template":"LearningContentPage.php","meta":{"_acf_changed":false,"footnotes":""},"class_list":["post-1481433","page","type-page","status-publish","hentry"],"acf":[],"yoast_head":"<!-- This site is optimized with the Yoast SEO Premium plugin v27.2 (Yoast SEO v27.2) - https:\/\/yoast.com\/product\/yoast-seo-premium-wordpress\/ -->\n<title>Gi\u1ea3m gi\u00e1 Halloween c\u1ee7a Talkpal - Talkpal<\/title>\n<meta name=\"description\" content=\"Ti\u1ebft ki\u1ec7m 79% khi mua Talkpal Premium v\u00e0o Halloween n\u00e0y v\u00e0 th\u00e0nh th\u1ea1o b\u1ea5t k\u1ef3 ng\u00f4n ng\u1eef n\u00e0o v\u1edbi gia s\u01b0 AI ti\u00ean ti\u1ebfn c\u1ee7a ch\u00fang t\u00f4i.\" \/>\n<meta name=\"robots\" content=\"index, follow, max-snippet:-1, max-image-preview:large, max-video-preview:-1\" \/>\n<link rel=\"canonical\" href=\"https:\/\/talkpal.ai\/vi\/giam-gia-halloween-cua-talkpal\/\" \/>\n<meta property=\"og:locale\" content=\"vi_VN\" \/>\n<meta property=\"og:type\" content=\"article\" \/>\n<meta property=\"og:title\" content=\"Gi\u1ea3m gi\u00e1 Halloween c\u1ee7a Talkpal\" \/>\n<meta property=\"og:url\" content=\"https:\/\/talkpal.ai\/vi\/giam-gia-halloween-cua-talkpal\/\" \/>\n<meta property=\"og:site_name\" content=\"Talkpal\" \/>\n<meta property=\"article:publisher\" content=\"https:\/\/www.facebook.com\/profile.php?id=100090733639311\" \/>\n<meta property=\"article:modified_time\" content=\"2026-01-22T15:19:37+00:00\" \/>\n<meta property=\"og:image\" content=\"https:\/\/talkpal.ai\/wp-content\/uploads\/2025\/02\/Progress-tab-16_9.png\" \/>\n\t<meta property=\"og:image:width\" content=\"2880\" \/>\n\t<meta property=\"og:image:height\" content=\"1620\" \/>\n\t<meta property=\"og:image:type\" content=\"image\/png\" \/>\n<meta name=\"twitter:card\" content=\"summary_large_image\" \/>\n<meta name=\"twitter:site\" content=\"@talkpalai\" \/>\n<script type=\"application\/ld+json\" class=\"yoast-schema-graph\">{\"@context\":\"https:\/\/schema.org\",\"@graph\":[{\"@type\":\"WebPage\",\"@id\":\"https:\/\/talkpal.ai\/vi\/giam-gia-halloween-cua-talkpal\/\",\"url\":\"https:\/\/talkpal.ai\/vi\/giam-gia-halloween-cua-talkpal\/\",\"name\":\"Gi\u1ea3m gi\u00e1 Halloween c\u1ee7a Talkpal - Talkpal\",\"isPartOf\":{\"@id\":\"https:\/\/talkpal.ai\/vi\/#website\"},\"datePublished\":\"2025-11-27T17:03:24+00:00\",\"dateModified\":\"2026-01-22T15:19:37+00:00\",\"description\":\"Ti\u1ebft ki\u1ec7m 79% khi mua Talkpal Premium v\u00e0o Halloween n\u00e0y v\u00e0 th\u00e0nh th\u1ea1o b\u1ea5t k\u1ef3 ng\u00f4n ng\u1eef n\u00e0o v\u1edbi gia s\u01b0 AI ti\u00ean ti\u1ebfn c\u1ee7a ch\u00fang t\u00f4i.\",\"breadcrumb\":{\"@id\":\"https:\/\/talkpal.ai\/vi\/giam-gia-halloween-cua-talkpal\/#breadcrumb\"},\"inLanguage\":\"vi-VN\",\"potentialAction\":[{\"@type\":\"ReadAction\",\"target\":[\"https:\/\/talkpal.ai\/vi\/giam-gia-halloween-cua-talkpal\/\"]}]},{\"@type\":\"BreadcrumbList\",\"@id\":\"https:\/\/talkpal.ai\/vi\/giam-gia-halloween-cua-talkpal\/#breadcrumb\",\"itemListElement\":[{\"@type\":\"ListItem\",\"position\":1,\"name\":\"Homepage\",\"item\":\"https:\/\/talkpal.ai\/vi\/giao-vien-ngon-ngu-ai-3\/\"},{\"@type\":\"ListItem\",\"position\":2,\"name\":\"Gi\u1ea3m gi\u00e1 Halloween c\u1ee7a Talkpal\"}]},{\"@type\":\"WebSite\",\"@id\":\"https:\/\/talkpal.ai\/vi\/#website\",\"url\":\"https:\/\/talkpal.ai\/vi\/\",\"name\":\"Talkpal\",\"description\":\"AI Language Learning\",\"publisher\":{\"@id\":\"https:\/\/talkpal.ai\/vi\/#organization\"},\"alternateName\":\"Talkpal AI\",\"potentialAction\":[{\"@type\":\"SearchAction\",\"target\":{\"@type\":\"EntryPoint\",\"urlTemplate\":\"https:\/\/talkpal.ai\/vi\/?s={search_term_string}\"},\"query-input\":{\"@type\":\"PropertyValueSpecification\",\"valueRequired\":true,\"valueName\":\"search_term_string\"}}],\"inLanguage\":\"vi-VN\"},{\"@type\":\"Organization\",\"@id\":\"https:\/\/talkpal.ai\/vi\/#organization\",\"name\":\"Talkpal, Inc.\",\"alternateName\":\"Talkpal AI\",\"url\":\"https:\/\/talkpal.ai\/vi\/\",\"logo\":{\"@type\":\"ImageObject\",\"inLanguage\":\"vi-VN\",\"@id\":\"https:\/\/talkpal.ai\/vi\/#\/schema\/logo\/image\/\",\"url\":\"https:\/\/talkpal.ai\/wp-content\/uploads\/2024\/03\/Talkpal-Logo-Icon.png\",\"contentUrl\":\"https:\/\/talkpal.ai\/wp-content\/uploads\/2024\/03\/Talkpal-Logo-Icon.png\",\"width\":2880,\"height\":2880,\"caption\":\"Talkpal, Inc.\"},\"image\":{\"@id\":\"https:\/\/talkpal.ai\/vi\/#\/schema\/logo\/image\/\"},\"sameAs\":[\"https:\/\/www.facebook.com\/profile.php?id=100090733639311\",\"https:\/\/x.com\/talkpalai\",\"https:\/\/www.linkedin.com\/company\/talkpal\/\",\"https:\/\/www.youtube.com\/@TalkPal\/\",\"https:\/\/www.tiktok.com\/@talkpal\",\"https:\/\/www.instagram.com\/talkpal_ai\/\",\"https:\/\/www.crunchbase.com\/organization\/talkpal-9cde\",\"https:\/\/www.g2.com\/products\/talkpal-for-business\/\",\"https:\/\/www.trustpilot.com\/review\/talkpal.ai\",\"https:\/\/www.capterra.com\/p\/10006800\/TalkPal\/\"],\"description\":\"Talkpal is a language learning web and mobile education app, powered by the latest AI technologies, that provides engaging experiences to its customers in many different languages to help them improve their language skills. Users can chat about unlimited amount of topics with the app and use other modes to practice their language learning.\",\"email\":\"support@talkpal.ai\",\"legalName\":\"Talkpal, Inc.\",\"foundingDate\":\"2023-04-03\",\"duns\":\"118989042\",\"numberOfEmployees\":{\"@type\":\"QuantitativeValue\",\"minValue\":\"11\",\"maxValue\":\"50\"},\"publishingPrinciples\":\"https:\/\/talkpal.ai\/publishing-principles\/\",\"actionableFeedbackPolicy\":\"https:\/\/talkpal.ai\/actionable-feedback-policy\/\",\"correctionsPolicy\":\"https:\/\/talkpal.ai\/corrections-policy\/\",\"ethicsPolicy\":\"https:\/\/talkpal.ai\/ethics-policy\/\",\"diversityPolicy\":\"https:\/\/talkpal.ai\/diversity-policy\/\",\"diversityStaffingReport\":\"https:\/\/talkpal.ai\/diversity-policy\/\"}]}<\/script>\n<!-- \/ Yoast SEO Premium plugin. -->","yoast_head_json":{"title":"Gi\u1ea3m gi\u00e1 Halloween c\u1ee7a Talkpal - Talkpal","description":"Ti\u1ebft ki\u1ec7m 79% khi mua Talkpal Premium v\u00e0o Halloween n\u00e0y v\u00e0 th\u00e0nh th\u1ea1o b\u1ea5t k\u1ef3 ng\u00f4n ng\u1eef n\u00e0o v\u1edbi gia s\u01b0 AI ti\u00ean ti\u1ebfn c\u1ee7a ch\u00fang t\u00f4i.","robots":{"index":"index","follow":"follow","max-snippet":"max-snippet:-1","max-image-preview":"max-image-preview:large","max-video-preview":"max-video-preview:-1"},"canonical":"https:\/\/talkpal.ai\/vi\/giam-gia-halloween-cua-talkpal\/","og_locale":"vi_VN","og_type":"article","og_title":"Gi\u1ea3m gi\u00e1 Halloween c\u1ee7a Talkpal","og_url":"https:\/\/talkpal.ai\/vi\/giam-gia-halloween-cua-talkpal\/","og_site_name":"Talkpal","article_publisher":"https:\/\/www.facebook.com\/profile.php?id=100090733639311","article_modified_time":"2026-01-22T15:19:37+00:00","og_image":[{"width":2880,"height":1620,"url":"https:\/\/talkpal.ai\/wp-content\/uploads\/2025\/02\/Progress-tab-16_9.png","type":"image\/png"}],"twitter_card":"summary_large_image","twitter_site":"@talkpalai","schema":{"@context":"https:\/\/schema.org","@graph":[{"@type":"WebPage","@id":"https:\/\/talkpal.ai\/vi\/giam-gia-halloween-cua-talkpal\/","url":"https:\/\/talkpal.ai\/vi\/giam-gia-halloween-cua-talkpal\/","name":"Gi\u1ea3m gi\u00e1 Halloween c\u1ee7a Talkpal - Talkpal","isPartOf":{"@id":"https:\/\/talkpal.ai\/vi\/#website"},"datePublished":"2025-11-27T17:03:24+00:00","dateModified":"2026-01-22T15:19:37+00:00","description":"Ti\u1ebft ki\u1ec7m 79% khi mua Talkpal Premium v\u00e0o Halloween n\u00e0y v\u00e0 th\u00e0nh th\u1ea1o b\u1ea5t k\u1ef3 ng\u00f4n ng\u1eef n\u00e0o v\u1edbi gia s\u01b0 AI ti\u00ean ti\u1ebfn c\u1ee7a ch\u00fang t\u00f4i.","breadcrumb":{"@id":"https:\/\/talkpal.ai\/vi\/giam-gia-halloween-cua-talkpal\/#breadcrumb"},"inLanguage":"vi-VN","potentialAction":[{"@type":"ReadAction","target":["https:\/\/talkpal.ai\/vi\/giam-gia-halloween-cua-talkpal\/"]}]},{"@type":"BreadcrumbList","@id":"https:\/\/talkpal.ai\/vi\/giam-gia-halloween-cua-talkpal\/#breadcrumb","itemListElement":[{"@type":"ListItem","position":1,"name":"Homepage","item":"https:\/\/talkpal.ai\/vi\/giao-vien-ngon-ngu-ai-3\/"},{"@type":"ListItem","position":2,"name":"Gi\u1ea3m gi\u00e1 Halloween c\u1ee7a Talkpal"}]},{"@type":"WebSite","@id":"https:\/\/talkpal.ai\/vi\/#website","url":"https:\/\/talkpal.ai\/vi\/","name":"Talkpal","description":"AI Language Learning","publisher":{"@id":"https:\/\/talkpal.ai\/vi\/#organization"},"alternateName":"Talkpal AI","potentialAction":[{"@type":"SearchAction","target":{"@type":"EntryPoint","urlTemplate":"https:\/\/talkpal.ai\/vi\/?s={search_term_string}"},"query-input":{"@type":"PropertyValueSpecification","valueRequired":true,"valueName":"search_term_string"}}],"inLanguage":"vi-VN"},{"@type":"Organization","@id":"https:\/\/talkpal.ai\/vi\/#organization","name":"Talkpal, Inc.","alternateName":"Talkpal AI","url":"https:\/\/talkpal.ai\/vi\/","logo":{"@type":"ImageObject","inLanguage":"vi-VN","@id":"https:\/\/talkpal.ai\/vi\/#\/schema\/logo\/image\/","url":"https:\/\/talkpal.ai\/wp-content\/uploads\/2024\/03\/Talkpal-Logo-Icon.png","contentUrl":"https:\/\/talkpal.ai\/wp-content\/uploads\/2024\/03\/Talkpal-Logo-Icon.png","width":2880,"height":2880,"caption":"Talkpal, Inc."},"image":{"@id":"https:\/\/talkpal.ai\/vi\/#\/schema\/logo\/image\/"},"sameAs":["https:\/\/www.facebook.com\/profile.php?id=100090733639311","https:\/\/x.com\/talkpalai","https:\/\/www.linkedin.com\/company\/talkpal\/","https:\/\/www.youtube.com\/@TalkPal\/","https:\/\/www.tiktok.com\/@talkpal","https:\/\/www.instagram.com\/talkpal_ai\/","https:\/\/www.crunchbase.com\/organization\/talkpal-9cde","https:\/\/www.g2.com\/products\/talkpal-for-business\/","https:\/\/www.trustpilot.com\/review\/talkpal.ai","https:\/\/www.capterra.com\/p\/10006800\/TalkPal\/"],"description":"Talkpal is a language learning web and mobile education app, powered by the latest AI technologies, that provides engaging experiences to its customers in many different languages to help them improve their language skills. Users can chat about unlimited amount of topics with the app and use other modes to practice their language learning.","email":"support@talkpal.ai","legalName":"Talkpal, Inc.","foundingDate":"2023-04-03","duns":"118989042","numberOfEmployees":{"@type":"QuantitativeValue","minValue":"11","maxValue":"50"},"publishingPrinciples":"https:\/\/talkpal.ai\/publishing-principles\/","actionableFeedbackPolicy":"https:\/\/talkpal.ai\/actionable-feedback-policy\/","correctionsPolicy":"https:\/\/talkpal.ai\/corrections-policy\/","ethicsPolicy":"https:\/\/talkpal.ai\/ethics-policy\/","diversityPolicy":"https:\/\/talkpal.ai\/diversity-policy\/","diversityStaffingReport":"https:\/\/talkpal.ai\/diversity-policy\/"}]}},"_links":{"self":[{"href":"https:\/\/talkpal.ai\/vi\/wp-json\/wp\/v2\/pages\/1481433","targetHints":{"allow":["GET"]}}],"collection":[{"href":"https:\/\/talkpal.ai\/vi\/wp-json\/wp\/v2\/pages"}],"about":[{"href":"https:\/\/talkpal.ai\/vi\/wp-json\/wp\/v2\/types\/page"}],"author":[{"embeddable":true,"href":"https:\/\/talkpal.ai\/vi\/wp-json\/wp\/v2\/users\/20"}],"replies":[{"embeddable":true,"href":"https:\/\/talkpal.ai\/vi\/wp-json\/wp\/v2\/comments?post=1481433"}],"version-history":[{"count":0,"href":"https:\/\/talkpal.ai\/vi\/wp-json\/wp\/v2\/pages\/1481433\/revisions"}],"wp:attachment":[{"href":"https:\/\/talkpal.ai\/vi\/wp-json\/wp\/v2\/media?parent=1481433"}],"curies":[{"name":"wp","href":"https:\/\/api.w.org\/{rel}","templated":true}]}}