{"id":1475110,"date":"2025-11-12T15:39:07","date_gmt":"2025-11-12T15:39:07","guid":{"rendered":"https:\/\/talkpal.ai\/ngu-phap-tieng-malta\/"},"modified":"2025-12-30T13:59:13","modified_gmt":"2025-12-30T13:59:13","slug":"ngu-phap-tieng-malta","status":"publish","type":"page","link":"https:\/\/talkpal.ai\/vi\/ngu-phap-tieng-malta\/","title":{"rendered":"Ng\u1eef ph\u00e1p ti\u1ebfng Malta"},"content":{"rendered":"\r\n\r\n\r\n<section class=\"languageChallengeSection\">\r\n    <div class=\"languageInfoWrapper\">\r\n        \r\n        <h1>Ng\u1eef ph\u00e1p ti\u1ebfng Malta<\/h1>\r\n        <p><a href=\"https:\/\/talkpal.ai\/maltese-grammar\/\">Ng\u1eef ph\u00e1p ti\u1ebfng Malta<\/a> tho\u1ea1t nghe c\u00f3 v\u1ebb kh\u00f3 kh\u0103n, nh\u01b0ng c\u00e1c t\u00ednh n\u0103ng \u0111\u1ed9c \u0111\u00e1o c\u1ee7a n\u00f3 khi\u1ebfn vi\u1ec7c h\u1ecdc <a href=\"https:\/\/talkpal.ai\/vi\/hoc-ngon-ngu-cho-cac-truong-ngon-ngu\/\">ng\u00f4n ng\u1eef<\/a> tr\u1edf th\u00e0nh m\u1ed9t tr\u1ea3i nghi\u1ec7m b\u1ed5 \u00edch. B\u1eb1ng c\u00e1ch kh\u00e1m ph\u00e1 b\u1ea3ng ch\u1eef c\u00e1i, \u0111\u1ed9t bi\u1ebfn v\u00e0 quy t\u1eafc <a href=\"https:\/\/talkpal.ai\/vi\/ngu-phap\/\">ng\u1eef ph\u00e1p<\/a> c\u1ee7a n\u00f3, b\u1ea1n s\u1ebd hi\u1ec3u r\u00f5 h\u01a1n v\u1ec1 truy\u1ec1n th\u1ed1ng ng\u00f4n ng\u1eef phong ph\u00fa. B\u1eaft \u0111\u1ea7u cu\u1ed9c h\u00e0nh tr\u00ecnh c\u1ee7a b\u1ea1n v\u00e0 kh\u00e1m ph\u00e1 v\u1ebb \u0111\u1eb9p c\u1ee7a <a href=\"https:\/\/talkpal.ai\/learn-maltese\/\">Malta<\/a>!<\/p>\r\n\r\n                            <a class=\"getStartedHidden\" href=\"https:\/\/app.talkpal.ai\/vi\/signup?lng=\">B\u1eaft \u0111\u1ea7u nh\u00e9<\/a>\r\n        \r\n    <\/div>\r\n\r\n    <figure>\r\n    <img decoding=\"async\" width=\"768\" height=\"768\" src=\"https:\/\/talkpal.ai\/wp-content\/uploads\/2023\/06\/welsh-768x768.png\" class=\"languageImage no-lazy\" alt=\"Language learning for better cognitive abilities\" fetchpriority=\"high\" sizes=\"(max-width: 768px) 150px, 768px\" srcset=\"https:\/\/talkpal.ai\/wp-content\/uploads\/2023\/06\/welsh-768x768.png 768w, https:\/\/talkpal.ai\/wp-content\/uploads\/2023\/06\/welsh-300x300.png 300w\" \/>\r\n    \r\n\r\n    <\/figure>\r\n\r\n            <a class=\"getStartedVisible\" href=\"https:\/\/app.talkpal.ai\/vi\/signup?lng=\">B\u1eaft \u0111\u1ea7u nh\u00e9<\/a>\r\n    \r\n<\/section><section class=\"promotionalBanner\">\r\n    <p class=\"promotionalText\">C\u00e1ch hi\u1ec7u qu\u1ea3 nh\u1ea5t \u0111\u1ec3 h\u1ecdc m\u1ed9t ng\u00f4n ng\u1eef<\/p>\r\n    <a class=\"promotionalLink\" href=\"https:\/\/app.talkpal.ai\/vi\/signup?lng=\">D\u00f9ng th\u1eed Talkpal mi\u1ec5n ph\u00ed<\/a>\r\n<\/section>\n<div class=\"wp-block-group pageContainerStyle\"><div class=\"wp-block-group__inner-container is-layout-constrained wp-block-group-is-layout-constrained\">\n<h2 class=\"wp-block-heading\" id=\"h-navigating-the-intricacies-of-maltese-grammar\">\u0110i\u1ec1u h\u01b0\u1edbng s\u1ef1 ph\u1ee9c t\u1ea1p c\u1ee7a ng\u1eef ph\u00e1p ti\u1ebfng Malta<\/h2>\n\n\n\n<p><a href=\"https:\/\/talkpal.ai\/vi\/hoc-tieng-malta\/\">Ti\u1ebfng Malta<\/a>, m\u1ed9t ng\u00f4n ng\u1eef Semitic c\u00f3 ngu\u1ed3n g\u1ed1c \u0110\u1ecba Trung H\u1ea3i s\u00e2u s\u1eafc v\u00e0 \u00fd ngh\u0129a v\u0103n h\u00f3a s\u00f4i \u0111\u1ed9ng, mang \u0111\u1ebfn tr\u1ea3i nghi\u1ec7m ng\u00f4n ng\u1eef th\u00fa v\u1ecb cho nh\u1eefng <a href=\"https:\/\/talkpal.ai\/speaking-with-ai\/\">ai<\/a> mong mu\u1ed1n kh\u00e1m ph\u00e1 h\u1ec7 th\u1ed1ng ng\u1eef ph\u00e1p \u0111\u1ed9c \u0111\u00e1o c\u1ee7a n\u00f3. Khi b\u1ea1n m\u1ea1o hi\u1ec3m v\u00e0o v\u01b0\u01a1ng qu\u1ed1c Malta, b\u1ea1n s\u1ebd kh\u00f4ng ch\u1ec9 l\u00e0m phong ph\u00fa th\u00eam c\u00e1c ti\u1ebft m\u1ee5c ng\u00f4n ng\u1eef c\u1ee7a m\u00ecnh m\u00e0 c\u00f2n n\u1eafm b\u1eaft m\u1ed9t h\u00e0nh tr\u00ecnh v\u0103n h\u00f3a h\u1ea5p d\u1eabn. M\u1eb7c d\u00f9 <a href=\"https:\/\/talkpal.ai\/vi\/ngu-phap-tieng-nga\/\">ng\u1eef ph\u00e1p ti\u1ebfng<\/a> Malta tho\u1ea1t \u0111\u1ea7u c\u00f3 v\u1ebb ph\u1ee9c t\u1ea1p, nh\u01b0ng vi\u1ec7c chia nh\u1ecf n\u00f3 th\u00e0nh c\u00e1c th\u00e0nh ph\u1ea7n c\u1ed1t l\u00f5i s\u1ebd gi\u00fap vi\u1ec7c <a href=\"https:\/\/talkpal.ai\/vi\/ung-dung-mien-phi-de-hoc-ngon-ngu\/\">h\u1ecdc ng\u00f4n ng\u1eef<\/a> tr\u1edf n\u00ean d\u1ec5 ti\u1ebfp c\u1eadn h\u01a1n. Trong b\u00e0i vi\u1ebft n\u00e0y, ch\u00fang ta s\u1ebd kh\u00e1m ph\u00e1 th\u1ebf gi\u1edbi quy\u1ebfn r\u0169 c\u1ee7a ng\u1eef ph\u00e1p ti\u1ebfng Malta v\u00e0 cung c\u1ea5p c\u00e1c m\u1eb9o v\u1ec1 c\u00e1ch l\u00e0m ch\u1ee7 s\u1ef1 ph\u1ee9c t\u1ea1p c\u1ee7a n\u00f3.<\/p>\n\n\n\n<h3 class=\"wp-block-heading\" id=\"h-1-maltese-alphabet-and-phonetics\">1. B\u1ea3ng ch\u1eef c\u00e1i v\u00e0 ng\u1eef \u00e2m ti\u1ebfng Malta<\/h3>\n\n\n\n<p>B\u1ea3ng ch\u1eef c\u00e1i Malta bao g\u1ed3m 30 ch\u1eef c\u00e1i, m\u1ed9t s\u1ed1 trong s\u1ed1 \u0111\u00f3 l\u00e0 duy nh\u1ea5t c\u1ee7a ng\u00f4n ng\u1eef, ch\u1eb3ng h\u1ea1n nh\u01b0 &#8220;g\u0127&#8221;, &#8220;\u0127&#8221;, &#8220;q&#8221;, &#8220;\u010b&#8221;, &#8220;\u0121&#8221;, &#8220;\u017c&#8221; v\u00e0 &#8220;x&#8221;. \u0110\u1ec3 h\u1ecdc ng\u1eef ph\u00e1p ti\u1ebfng Malta, \u0111i\u1ec1u quan tr\u1ecdng l\u00e0 ph\u1ea3i l\u00e0m quen v\u1edbi h\u1ec7 th\u1ed1ng ch\u1eef vi\u1ebft \u0111\u1eb7c bi\u1ec7t n\u00e0y b\u1eb1ng c\u00e1ch th\u1ef1c h\u00e0nh \u0111\u1ecdc v\u00e0 vi\u1ebft b\u1eb1ng ti\u1ebfng Malta.<\/p>\n\n\n\n<h3 class=\"wp-block-heading\" id=\"h-2-assimilation-a-peculiar-maltese-feature\">2. \u0110\u1ed3ng h\u00f3a: M\u1ed9t \u0111\u1eb7c \u0111i\u1ec3m \u0111\u1eb7c bi\u1ec7t c\u1ee7a Malta<\/h3>\n\n\n\n<p>M\u1ed9t kh\u00eda c\u1ea1nh \u0111\u1eb7c bi\u1ec7t c\u1ee7a ng\u1eef ph\u00e1p ti\u1ebfng Malta l\u00e0 s\u1ef1 \u0111\u1ed3ng h\u00f3a m\u1ea1o t\u1eeb x\u00e1c \u0111\u1ecbnh v\u00e0 nh\u1eefng thay \u0111\u1ed5i \u00e2m thanh li\u00ean quan. M\u1ea1o t\u1eeb &#8220;il-&#8221; ho\u1eb7c &#8220;l-&#8221; th\u01b0\u1eddng \u0111\u1ed3ng h\u00f3a v\u1edbi ph\u1ee5 \u00e2m \u0111\u1ea7u ti\u00ean c\u1ee7a m\u1ed9t s\u1ed1 danh t\u1eeb nh\u1ea5t \u0111\u1ecbnh, t\u1ea1o ra \u00e2m k\u00e9p, nh\u01b0 trong il + ra\u0121el = ir-ra\u0121el v\u00e0 il + sieg\u0127a = is-sieg\u0127a. Gi\u1edbi t\u1eeb v\u00e0 m\u1ea1o t\u1eeb c\u0169ng t\u1ea1o th\u00e0nh c\u00e1c t\u1eeb r\u00fat g\u1ecdn, ch\u1eb3ng h\u1ea1n nh\u01b0 ta&#8217; + il = tal. Hi\u1ec3u \u0111\u01b0\u1ee3c th\u1eddi \u0111i\u1ec3m v\u00e0 c\u00e1ch th\u1ee9c \u0111\u1ed3ng h\u00f3a v\u00e0 co th\u1eaft n\u00e0y x\u1ea3y ra l\u00e0 r\u1ea5t quan tr\u1ecdng \u0111\u1ec3 giao ti\u1ebfp ch\u00ednh x\u00e1c b\u1eb1ng ti\u1ebfng Malta.<\/p>\n\n\n\n<h3 class=\"wp-block-heading\" id=\"h-3-nouns-and-pronouns-gender-and-cases\">3. Danh t\u1eeb, \u0111\u1ea1i t\u1eeb: Gi\u1edbi t\u00ednh v\u00e0 tr\u01b0\u1eddng h\u1ee3p<\/h3>\n\n\n\n<p>Danh t\u1eeb ti\u1ebfng Malta c\u00f3 gi\u1edbi t\u00ednh ng\u1eef ph\u00e1p (nam ho\u1eb7c n\u1eef) v\u00e0 s\u1eed d\u1ee5ng nhi\u1ec1u chi\u1ebfn l\u01b0\u1ee3c h\u00ecnh th\u00e0nh s\u1ed1 nhi\u1ec1u, bao g\u1ed3m c\u00e1c h\u1eadu t\u1ed1 nh\u01b0 -i v\u00e0 -ijiet c\u0169ng nh\u01b0 s\u1ed1 nhi\u1ec1u b\u1ecb h\u1ecfng \u0111\u01b0\u1ee3c h\u00ecnh th\u00e0nh b\u1edfi s\u1ef1 thay \u0111\u1ed5i nguy\u00ean \u00e2m b\u00ean trong. \u0110\u1ea1i t\u1eeb trong ti\u1ebfng Malta bao g\u1ed3m c\u00e1 nh\u00e2n (jien, inti, hu, hi, a\u0127na, intom, huma), c\u00e1c h\u00ecnh th\u1ee9c s\u1edf h\u1eefu th\u01b0\u1eddng \u0111\u01b0\u1ee3c x\u00e2y d\u1ef1ng v\u1edbi ta&#8217; ho\u1eb7c h\u1eadu t\u1ed1 \u0111\u1ea1i t\u1eeb, c\u00e1c d\u1ea1ng ph\u1ea3n x\u1ea1 v\u00e0 nh\u1ea5n m\u1ea1nh, bi\u1ec3u th\u1ecb (dan, din, dawn, dak, dik, dawk) v\u00e0 nghi v\u1ea5n (min, x&#8217;, fejn, meta). L\u00e0m quen v\u1edbi nh\u1eefng \u0111\u1ea1i t\u1eeb n\u00e0y v\u00e0 h\u00ecnh th\u1ee9c c\u1ee7a ch\u00fang s\u1ebd n\u00e2ng cao \u0111\u00e1ng k\u1ec3 kh\u1ea3 n\u0103ng n\u1eafm b\u1eaft ng\u1eef ph\u00e1p ti\u1ebfng Malta c\u1ee7a b\u1ea1n.<\/p>\n\n\n\n<h3 class=\"wp-block-heading\" id=\"h-4-verbs-structure-and-conjugation\">4. \u0110\u1ed9ng t\u1eeb: C\u1ea5u tr\u00fac v\u00e0 c\u00e1ch chia \u0111\u1ed9ng t\u1eeb<\/h3>\n\n\n\n<p>\u0110\u1ed9ng t\u1eeb ti\u1ebfng Malta \u0111\u01b0\u1ee3c x\u00e2y d\u1ef1ng d\u1ef1a tr\u00ean g\u1ed1c v\u00e0 hoa v\u0103n v\u00e0 chia \u0111\u1ed9ng t\u1eeb cho ng\u01b0\u1eddi, s\u1ed1 v\u00e0 \u0111\u00f4i khi l\u00e0 gi\u1edbi t\u00ednh. Th\u00e2n l\u00f5i \u0111\u00e1nh d\u1ea5u qu\u00e1 kh\u1ee9 v\u00e0 kh\u00f4ng qu\u00e1 kh\u1ee9, v\u1edbi t\u01b0\u01a1ng lai th\u01b0\u1eddng \u0111\u01b0\u1ee3c bi\u1ec3u th\u1ecb b\u1eb1ng h\u1ea1t se. C\u00e1c y\u1ebfu t\u1ed1 b\u1ed5 sung bao g\u1ed3m c\u00e1c h\u00ecnh th\u1ee9c c\u00f3 \u0111i\u1ec1u ki\u1ec7n v\u1edbi kieku v\u00e0 m\u1ec7nh l\u1ec7nh. \u0110\u1ea1i t\u1eeb t\u00e2n ng\u1eef c\u00f3 th\u1ec3 g\u1eafn v\u00e0o \u0111\u1ed9ng t\u1eeb, nh\u01b0 trong rajtek (T\u00f4i \u0111\u00e3 th\u1ea5y b\u1ea1n). H\u1ecdc c\u00e1c m\u1eabu chia \u0111\u1ed9ng t\u1eeb, h\u1ea1t v\u00e0 ph\u1ee7 \u0111\u1ecbnh v\u1edbi ma&#8230; x s\u1ebd c\u1ea3i thi\u1ec7n kh\u1ea3 n\u0103ng giao ti\u1ebfp hi\u1ec7u qu\u1ea3 c\u1ee7a b\u1ea1n b\u1eb1ng ti\u1ebfng Malta.<\/p>\n\n\n\n<h3 class=\"wp-block-heading\" id=\"h-5-adjectives-agreement-and-placement\">5. T\u00ednh t\u1eeb: Th\u1ecfa thu\u1eadn v\u00e0 V\u1ecb tr\u00ed<\/h3>\n\n\n\n<p>Trong ng\u1eef ph\u00e1p ti\u1ebfng Malta, t\u00ednh t\u1eeb th\u01b0\u1eddng theo sau danh t\u1eeb m\u00e0 ch\u00fang s\u1eeda \u0111\u1ed5i v\u00e0 \u0111\u1ed3ng \u00fd v\u1ec1 gi\u1edbi t\u00ednh v\u00e0 s\u1ed1 l\u01b0\u1ee3ng v\u1edbi danh t\u1eeb. Nhi\u1ec1u t\u00ednh t\u1eeb t\u1ea1o th\u00e0nh c\u00e1c bi\u1ebfn th\u1ec3 n\u1eef t\u00ednh v\u00e0 s\u1ed1 nhi\u1ec1u, v\u00e0 so s\u00e1nh v\u00e0 cao c\u1ea5p th\u01b0\u1eddng \u0111\u01b0\u1ee3c bi\u1ec3u th\u1ecb b\u1eb1ng aktar ho\u1eb7c i\u017cjed, c\u00f9ng v\u1edbi m\u1ed9t s\u1ed1 d\u1ea1ng b\u1ea5t quy t\u1eafc nh\u01b0 a\u0127jar v\u00e0 ag\u0127ar, r\u1ea5t c\u1ea7n thi\u1ebft \u0111\u1ec3 h\u1ecdc c\u00e1ch giao ti\u1ebfp t\u1ef1 nhi\u00ean h\u01a1n.<\/p>\n\n\n\n<p><strong>V\u00ed d\u1ee5:<\/strong><\/p>\n\n\n\n<p><strong>\u2013 Im\u0127abba Kbira (T\u00ecnh y\u00eau l\u1edbn)<\/strong><\/p>\n\n\n\n<p><strong>\u2013 tfal \u017cg\u0127ar (tr\u1ebb nh\u1ecf)<\/strong><\/p>\n\n\n\n<h3 class=\"wp-block-heading\" id=\"h-6-engaging-with-the-language\">6. T\u01b0\u01a1ng t\u00e1c v\u1edbi ng\u00f4n ng\u1eef<\/h3>\n\n\n\n<p>C\u00e1ch hi\u1ec7u qu\u1ea3 nh\u1ea5t \u0111\u1ec3 hi\u1ec3u \u0111\u1ea7y \u0111\u1ee7 v\u00e0 ti\u1ebfp thu ng\u1eef ph\u00e1p ti\u1ebfng Malta l\u00e0 li\u00ean t\u1ee5c t\u01b0\u01a1ng t\u00e1c v\u1edbi ng\u00f4n ng\u1eef. B\u1eb1ng c\u00e1ch \u0111\u1ecdc v\u0103n h\u1ecdc ti\u1ebfng Malta, xem phim ho\u1eb7c phim truy\u1ec1n h\u00ecnh ti\u1ebfng Malta v\u00e0 t\u00edch c\u1ef1c giao ti\u1ebfp v\u1edbi ng\u01b0\u1eddi b\u1ea3n ng\u1eef, b\u1ea1n s\u1ebd c\u1ee7ng c\u1ed1 hi\u1ec3u bi\u1ebft v\u1ec1 ng\u1eef ph\u00e1p \u0111\u1ed3ng th\u1eddi m\u1edf r\u1ed9ng v\u1ed1n t\u1eeb v\u1ef1ng c\u1ee7a m\u00ecnh.<\/p>\n\n\n\n<h3 class=\"wp-block-heading\" id=\"h-conclusion\">Ph\u1ea7n k\u1ebft lu\u1eadn<\/h3>\n\n\n\n<p>M\u1eb7c d\u00f9 ng\u1eef ph\u00e1p ti\u1ebfng Malta c\u00f3 v\u1ebb ph\u1ee9c t\u1ea1p, nh\u01b0ng b\u1ea1n c\u00f3 th\u1ec3 tr\u1edf n\u00ean th\u00e0nh th\u1ea1o ng\u00f4n ng\u1eef tuy\u1ec7t v\u1eddi n\u00e0y v\u1edbi s\u1ef1 c\u1ed1ng hi\u1ebfn, th\u1ef1c h\u00e0nh v\u00e0 nhi\u1ec7t t\u00ecnh. B\u1eb1ng c\u00e1ch t\u1eadp trung v\u00e0o c\u00e1c quy t\u1eafc c\u01a1 b\u1ea3n v\u00e0 t\u01b0\u01a1ng t\u00e1c v\u1edbi ng\u00f4n ng\u1eef trong c\u00e1c ng\u1eef c\u1ea3nh kh\u00e1c nhau, b\u1ea1n s\u1ebd nhanh ch\u00f3ng n\u00e2ng cao <a href=\"https:\/\/talkpal.ai\/vi\/ngu-phap\/\">k\u1ef9 n\u0103ng ng\u1eef ph\u00e1p<\/a> ti\u1ebfng Malta c\u1ee7a m\u00ecnh. Xorti tajba (ch\u00fac may m\u1eafn) v\u1edbi h\u00e0nh tr\u00ecnh ng\u00f4n ng\u1eef Malta c\u1ee7a b\u1ea1n v\u00e0 t\u1eadn h\u01b0\u1edfng vi\u1ec7c l\u00e0m s\u00e1ng t\u1ecf th\u1ebf gi\u1edbi ng\u1eef ph\u00e1p Malta b\u00ed \u1ea9n nh\u01b0ng quy\u1ebfn r\u0169!<\/p>\n<\/div><\/div>\n\r\n<section class=\"learnNavigationSection\">\r\n            \r\n        <a href=\"https:\/\/talkpal.ai\/vi\/hoc-tieng-malta\/\">\r\n            <div class=\"learnNavigationWrapper\">\r\n                <div class=\"learnNavigationContent\">\r\n                    <img decoding=\"async\" src=\"https:\/\/talkpal.ai\/wp-content\/uploads\/2025\/11\/Maltese.png\" alt=\"Maltese Flag\">\r\n                    <div>\r\n                        <h4>Gi\u1edbi thi\u1ec7u v\u1ec1 Maltese Learning<\/h4>\r\n                        <p>T\u00ecm hi\u1ec3u t\u1ea5t c\u1ea3 v\u1ec1 Ng\u1eef ph\u00e1p ti\u1ebfng Malta<\/p>\r\n                    <\/div>\r\n                <\/div>\r\n            <\/div>\r\n        <\/a>\r\n\r\n        \r\n        <a href=\"https:\/\/talkpal.ai\/vi\/bai-tap-ngu-phap-tieng-malta\/\">\r\n            <div class=\"learnNavigationWrapper\">\r\n                <div class=\"learnNavigationContent\">\r\n                    <img decoding=\"async\" src=\"https:\/\/talkpal.ai\/wp-content\/uploads\/2025\/11\/Maltese.png\" alt=\"Maltese Flag\">\r\n                    <div>\r\n                        <h4>B\u00e0i t\u1eadp ng\u1eef ph\u00e1p ti\u1ebfng Malta<\/h4>\r\n                        <p>Th\u1ef1c h\u00e0nh ng\u1eef ph\u00e1p ti\u1ebfng Malta.<\/p>\r\n                    <\/div>\r\n                <\/div>\r\n            <\/div>\r\n        <\/a>\r\n\r\n            <\/section>","protected":false},"excerpt":{"rendered":"<p>\u0110i\u1ec1u h\u01b0\u1edbng s\u1ef1 ph\u1ee9c t\u1ea1p c\u1ee7a ng\u1eef ph\u00e1p ti\u1ebfng Malta Ti\u1ebfng Malta, m\u1ed9t ng\u00f4n ng\u1eef Semitic c\u00f3 ngu\u1ed3n g\u1ed1c \u0110\u1ecba Trung H\u1ea3i s\u00e2u s\u1eafc v\u00e0 \u00fd ngh\u0129a v\u0103n h\u00f3a s\u00f4i \u0111\u1ed9ng, mang \u0111\u1ebfn tr\u1ea3i nghi\u1ec7m ng\u00f4n ng\u1eef th\u00fa v\u1ecb cho nh\u1eefng ai mong mu\u1ed1n kh\u00e1m ph\u00e1 h\u1ec7 th\u1ed1ng ng\u1eef ph\u00e1p \u0111\u1ed9c \u0111\u00e1o c\u1ee7a n\u00f3. Khi [&hellip;]<\/p>\n","protected":false},"author":20,"featured_media":0,"parent":0,"menu_order":0,"comment_status":"closed","ping_status":"closed","template":"LearningContentPage.php","meta":{"_acf_changed":false,"footnotes":""},"class_list":["post-1475110","page","type-page","status-publish","hentry"],"acf":[],"yoast_head":"<!-- This site is optimized with the Yoast SEO Premium plugin v27.2 (Yoast SEO v27.2) - https:\/\/yoast.com\/product\/yoast-seo-premium-wordpress\/ -->\n<title>Ng\u1eef ph\u00e1p ti\u1ebfng Malta - Talkpal<\/title>\n<meta name=\"description\" content=\"Kh\u00e1m ph\u00e1 nh\u1eefng b\u00ed m\u1eadt c\u1ee7a ng\u1eef ph\u00e1p ti\u1ebfng Malta b\u1eb1ng c\u00e1ch n\u1eafm v\u1eefng b\u1ea3ng ch\u1eef c\u00e1i, ng\u1eef \u00e2m, c\u00e1c m\u1eabu \u0111\u1ed9ng t\u1eeb v\u00e0 c\u00e1c quy t\u1eafc thi\u1ebft y\u1ebfu \u0111\u1ec3 n\u00f3i tr\u00f4i ch\u1ea3y.\" \/>\n<meta name=\"robots\" content=\"index, follow, max-snippet:-1, max-image-preview:large, max-video-preview:-1\" \/>\n<link rel=\"canonical\" href=\"https:\/\/talkpal.ai\/vi\/ngu-phap-tieng-malta\/\" \/>\n<meta property=\"og:locale\" content=\"vi_VN\" \/>\n<meta property=\"og:type\" content=\"article\" \/>\n<meta property=\"og:title\" content=\"Ng\u1eef ph\u00e1p ti\u1ebfng Malta\" \/>\n<meta property=\"og:description\" content=\"\u0110i\u1ec1u h\u01b0\u1edbng s\u1ef1 ph\u1ee9c t\u1ea1p c\u1ee7a ng\u1eef ph\u00e1p ti\u1ebfng Malta Ti\u1ebfng Malta, m\u1ed9t ng\u00f4n ng\u1eef Semitic c\u00f3 ngu\u1ed3n g\u1ed1c \u0110\u1ecba Trung H\u1ea3i s\u00e2u s\u1eafc v\u00e0 \u00fd ngh\u0129a v\u0103n h\u00f3a s\u00f4i \u0111\u1ed9ng, mang \u0111\u1ebfn\" \/>\n<meta property=\"og:url\" content=\"https:\/\/talkpal.ai\/vi\/ngu-phap-tieng-malta\/\" \/>\n<meta property=\"og:site_name\" content=\"Talkpal\" \/>\n<meta property=\"article:publisher\" content=\"https:\/\/www.facebook.com\/profile.php?id=100090733639311\" \/>\n<meta property=\"article:modified_time\" content=\"2025-12-30T13:59:13+00:00\" \/>\n<meta property=\"og:image\" content=\"https:\/\/talkpal.ai\/wp-content\/uploads\/2025\/02\/Progress-tab-16_9.png\" \/>\n\t<meta property=\"og:image:width\" content=\"2880\" \/>\n\t<meta property=\"og:image:height\" content=\"1620\" \/>\n\t<meta property=\"og:image:type\" content=\"image\/png\" \/>\n<meta name=\"twitter:card\" content=\"summary_large_image\" \/>\n<meta name=\"twitter:site\" content=\"@talkpalai\" \/>\n<meta name=\"twitter:label1\" content=\"Est. reading time\" \/>\n\t<meta name=\"twitter:data1\" content=\"7 minutes\" \/>\n<script type=\"application\/ld+json\" class=\"yoast-schema-graph\">{\"@context\":\"https:\/\/schema.org\",\"@graph\":[{\"@type\":\"WebPage\",\"@id\":\"https:\/\/talkpal.ai\/vi\/ngu-phap-tieng-malta\/\",\"url\":\"https:\/\/talkpal.ai\/vi\/ngu-phap-tieng-malta\/\",\"name\":\"Ng\u1eef ph\u00e1p ti\u1ebfng Malta - Talkpal\",\"isPartOf\":{\"@id\":\"https:\/\/talkpal.ai\/vi\/#website\"},\"datePublished\":\"2025-11-12T15:39:07+00:00\",\"dateModified\":\"2025-12-30T13:59:13+00:00\",\"description\":\"Kh\u00e1m ph\u00e1 nh\u1eefng b\u00ed m\u1eadt c\u1ee7a ng\u1eef ph\u00e1p ti\u1ebfng Malta b\u1eb1ng c\u00e1ch n\u1eafm v\u1eefng b\u1ea3ng ch\u1eef c\u00e1i, ng\u1eef \u00e2m, c\u00e1c m\u1eabu \u0111\u1ed9ng t\u1eeb v\u00e0 c\u00e1c quy t\u1eafc thi\u1ebft y\u1ebfu \u0111\u1ec3 n\u00f3i tr\u00f4i ch\u1ea3y.\",\"breadcrumb\":{\"@id\":\"https:\/\/talkpal.ai\/vi\/ngu-phap-tieng-malta\/#breadcrumb\"},\"inLanguage\":\"vi-VN\",\"potentialAction\":[{\"@type\":\"ReadAction\",\"target\":[\"https:\/\/talkpal.ai\/vi\/ngu-phap-tieng-malta\/\"]}]},{\"@type\":\"BreadcrumbList\",\"@id\":\"https:\/\/talkpal.ai\/vi\/ngu-phap-tieng-malta\/#breadcrumb\",\"itemListElement\":[{\"@type\":\"ListItem\",\"position\":1,\"name\":\"Homepage\",\"item\":\"https:\/\/talkpal.ai\/vi\/giao-vien-ngon-ngu-ai-3\/\"},{\"@type\":\"ListItem\",\"position\":2,\"name\":\"Ng\u1eef ph\u00e1p ti\u1ebfng Malta\"}]},{\"@type\":\"WebSite\",\"@id\":\"https:\/\/talkpal.ai\/vi\/#website\",\"url\":\"https:\/\/talkpal.ai\/vi\/\",\"name\":\"Talkpal\",\"description\":\"AI Language Learning\",\"publisher\":{\"@id\":\"https:\/\/talkpal.ai\/vi\/#organization\"},\"alternateName\":\"Talkpal AI\",\"potentialAction\":[{\"@type\":\"SearchAction\",\"target\":{\"@type\":\"EntryPoint\",\"urlTemplate\":\"https:\/\/talkpal.ai\/vi\/?s={search_term_string}\"},\"query-input\":{\"@type\":\"PropertyValueSpecification\",\"valueRequired\":true,\"valueName\":\"search_term_string\"}}],\"inLanguage\":\"vi-VN\"},{\"@type\":\"Organization\",\"@id\":\"https:\/\/talkpal.ai\/vi\/#organization\",\"name\":\"Talkpal, Inc.\",\"alternateName\":\"Talkpal AI\",\"url\":\"https:\/\/talkpal.ai\/vi\/\",\"logo\":{\"@type\":\"ImageObject\",\"inLanguage\":\"vi-VN\",\"@id\":\"https:\/\/talkpal.ai\/vi\/#\/schema\/logo\/image\/\",\"url\":\"https:\/\/talkpal.ai\/wp-content\/uploads\/2024\/03\/Talkpal-Logo-Icon.png\",\"contentUrl\":\"https:\/\/talkpal.ai\/wp-content\/uploads\/2024\/03\/Talkpal-Logo-Icon.png\",\"width\":2880,\"height\":2880,\"caption\":\"Talkpal, Inc.\"},\"image\":{\"@id\":\"https:\/\/talkpal.ai\/vi\/#\/schema\/logo\/image\/\"},\"sameAs\":[\"https:\/\/www.facebook.com\/profile.php?id=100090733639311\",\"https:\/\/x.com\/talkpalai\",\"https:\/\/www.linkedin.com\/company\/talkpal\/\",\"https:\/\/www.youtube.com\/@TalkPal\/\",\"https:\/\/www.tiktok.com\/@talkpal\",\"https:\/\/www.instagram.com\/talkpal_ai\/\",\"https:\/\/www.crunchbase.com\/organization\/talkpal-9cde\",\"https:\/\/www.g2.com\/products\/talkpal-for-business\/\",\"https:\/\/www.trustpilot.com\/review\/talkpal.ai\",\"https:\/\/www.capterra.com\/p\/10006800\/TalkPal\/\"],\"description\":\"Talkpal is a language learning web and mobile education app, powered by the latest AI technologies, that provides engaging experiences to its customers in many different languages to help them improve their language skills. Users can chat about unlimited amount of topics with the app and use other modes to practice their language learning.\",\"email\":\"support@talkpal.ai\",\"legalName\":\"Talkpal, Inc.\",\"foundingDate\":\"2023-04-03\",\"duns\":\"118989042\",\"numberOfEmployees\":{\"@type\":\"QuantitativeValue\",\"minValue\":\"11\",\"maxValue\":\"50\"},\"publishingPrinciples\":\"https:\/\/talkpal.ai\/publishing-principles\/\",\"actionableFeedbackPolicy\":\"https:\/\/talkpal.ai\/actionable-feedback-policy\/\",\"correctionsPolicy\":\"https:\/\/talkpal.ai\/corrections-policy\/\",\"ethicsPolicy\":\"https:\/\/talkpal.ai\/ethics-policy\/\",\"diversityPolicy\":\"https:\/\/talkpal.ai\/diversity-policy\/\",\"diversityStaffingReport\":\"https:\/\/talkpal.ai\/diversity-policy\/\"}]}<\/script>\n<!-- \/ Yoast SEO Premium plugin. -->","yoast_head_json":{"title":"Ng\u1eef ph\u00e1p ti\u1ebfng Malta - Talkpal","description":"Kh\u00e1m ph\u00e1 nh\u1eefng b\u00ed m\u1eadt c\u1ee7a ng\u1eef ph\u00e1p ti\u1ebfng Malta b\u1eb1ng c\u00e1ch n\u1eafm v\u1eefng b\u1ea3ng ch\u1eef c\u00e1i, ng\u1eef \u00e2m, c\u00e1c m\u1eabu \u0111\u1ed9ng t\u1eeb v\u00e0 c\u00e1c quy t\u1eafc thi\u1ebft y\u1ebfu \u0111\u1ec3 n\u00f3i tr\u00f4i ch\u1ea3y.","robots":{"index":"index","follow":"follow","max-snippet":"max-snippet:-1","max-image-preview":"max-image-preview:large","max-video-preview":"max-video-preview:-1"},"canonical":"https:\/\/talkpal.ai\/vi\/ngu-phap-tieng-malta\/","og_locale":"vi_VN","og_type":"article","og_title":"Ng\u1eef ph\u00e1p ti\u1ebfng Malta","og_description":"\u0110i\u1ec1u h\u01b0\u1edbng s\u1ef1 ph\u1ee9c t\u1ea1p c\u1ee7a ng\u1eef ph\u00e1p ti\u1ebfng Malta Ti\u1ebfng Malta, m\u1ed9t ng\u00f4n ng\u1eef Semitic c\u00f3 ngu\u1ed3n g\u1ed1c \u0110\u1ecba Trung H\u1ea3i s\u00e2u s\u1eafc v\u00e0 \u00fd ngh\u0129a v\u0103n h\u00f3a s\u00f4i \u0111\u1ed9ng, mang \u0111\u1ebfn","og_url":"https:\/\/talkpal.ai\/vi\/ngu-phap-tieng-malta\/","og_site_name":"Talkpal","article_publisher":"https:\/\/www.facebook.com\/profile.php?id=100090733639311","article_modified_time":"2025-12-30T13:59:13+00:00","og_image":[{"width":2880,"height":1620,"url":"https:\/\/talkpal.ai\/wp-content\/uploads\/2025\/02\/Progress-tab-16_9.png","type":"image\/png"}],"twitter_card":"summary_large_image","twitter_site":"@talkpalai","twitter_misc":{"Est. reading time":"7 minutes"},"schema":{"@context":"https:\/\/schema.org","@graph":[{"@type":"WebPage","@id":"https:\/\/talkpal.ai\/vi\/ngu-phap-tieng-malta\/","url":"https:\/\/talkpal.ai\/vi\/ngu-phap-tieng-malta\/","name":"Ng\u1eef ph\u00e1p ti\u1ebfng Malta - Talkpal","isPartOf":{"@id":"https:\/\/talkpal.ai\/vi\/#website"},"datePublished":"2025-11-12T15:39:07+00:00","dateModified":"2025-12-30T13:59:13+00:00","description":"Kh\u00e1m ph\u00e1 nh\u1eefng b\u00ed m\u1eadt c\u1ee7a ng\u1eef ph\u00e1p ti\u1ebfng Malta b\u1eb1ng c\u00e1ch n\u1eafm v\u1eefng b\u1ea3ng ch\u1eef c\u00e1i, ng\u1eef \u00e2m, c\u00e1c m\u1eabu \u0111\u1ed9ng t\u1eeb v\u00e0 c\u00e1c quy t\u1eafc thi\u1ebft y\u1ebfu \u0111\u1ec3 n\u00f3i tr\u00f4i ch\u1ea3y.","breadcrumb":{"@id":"https:\/\/talkpal.ai\/vi\/ngu-phap-tieng-malta\/#breadcrumb"},"inLanguage":"vi-VN","potentialAction":[{"@type":"ReadAction","target":["https:\/\/talkpal.ai\/vi\/ngu-phap-tieng-malta\/"]}]},{"@type":"BreadcrumbList","@id":"https:\/\/talkpal.ai\/vi\/ngu-phap-tieng-malta\/#breadcrumb","itemListElement":[{"@type":"ListItem","position":1,"name":"Homepage","item":"https:\/\/talkpal.ai\/vi\/giao-vien-ngon-ngu-ai-3\/"},{"@type":"ListItem","position":2,"name":"Ng\u1eef ph\u00e1p ti\u1ebfng Malta"}]},{"@type":"WebSite","@id":"https:\/\/talkpal.ai\/vi\/#website","url":"https:\/\/talkpal.ai\/vi\/","name":"Talkpal","description":"AI Language Learning","publisher":{"@id":"https:\/\/talkpal.ai\/vi\/#organization"},"alternateName":"Talkpal AI","potentialAction":[{"@type":"SearchAction","target":{"@type":"EntryPoint","urlTemplate":"https:\/\/talkpal.ai\/vi\/?s={search_term_string}"},"query-input":{"@type":"PropertyValueSpecification","valueRequired":true,"valueName":"search_term_string"}}],"inLanguage":"vi-VN"},{"@type":"Organization","@id":"https:\/\/talkpal.ai\/vi\/#organization","name":"Talkpal, Inc.","alternateName":"Talkpal AI","url":"https:\/\/talkpal.ai\/vi\/","logo":{"@type":"ImageObject","inLanguage":"vi-VN","@id":"https:\/\/talkpal.ai\/vi\/#\/schema\/logo\/image\/","url":"https:\/\/talkpal.ai\/wp-content\/uploads\/2024\/03\/Talkpal-Logo-Icon.png","contentUrl":"https:\/\/talkpal.ai\/wp-content\/uploads\/2024\/03\/Talkpal-Logo-Icon.png","width":2880,"height":2880,"caption":"Talkpal, Inc."},"image":{"@id":"https:\/\/talkpal.ai\/vi\/#\/schema\/logo\/image\/"},"sameAs":["https:\/\/www.facebook.com\/profile.php?id=100090733639311","https:\/\/x.com\/talkpalai","https:\/\/www.linkedin.com\/company\/talkpal\/","https:\/\/www.youtube.com\/@TalkPal\/","https:\/\/www.tiktok.com\/@talkpal","https:\/\/www.instagram.com\/talkpal_ai\/","https:\/\/www.crunchbase.com\/organization\/talkpal-9cde","https:\/\/www.g2.com\/products\/talkpal-for-business\/","https:\/\/www.trustpilot.com\/review\/talkpal.ai","https:\/\/www.capterra.com\/p\/10006800\/TalkPal\/"],"description":"Talkpal is a language learning web and mobile education app, powered by the latest AI technologies, that provides engaging experiences to its customers in many different languages to help them improve their language skills. Users can chat about unlimited amount of topics with the app and use other modes to practice their language learning.","email":"support@talkpal.ai","legalName":"Talkpal, Inc.","foundingDate":"2023-04-03","duns":"118989042","numberOfEmployees":{"@type":"QuantitativeValue","minValue":"11","maxValue":"50"},"publishingPrinciples":"https:\/\/talkpal.ai\/publishing-principles\/","actionableFeedbackPolicy":"https:\/\/talkpal.ai\/actionable-feedback-policy\/","correctionsPolicy":"https:\/\/talkpal.ai\/corrections-policy\/","ethicsPolicy":"https:\/\/talkpal.ai\/ethics-policy\/","diversityPolicy":"https:\/\/talkpal.ai\/diversity-policy\/","diversityStaffingReport":"https:\/\/talkpal.ai\/diversity-policy\/"}]}},"_links":{"self":[{"href":"https:\/\/talkpal.ai\/vi\/wp-json\/wp\/v2\/pages\/1475110","targetHints":{"allow":["GET"]}}],"collection":[{"href":"https:\/\/talkpal.ai\/vi\/wp-json\/wp\/v2\/pages"}],"about":[{"href":"https:\/\/talkpal.ai\/vi\/wp-json\/wp\/v2\/types\/page"}],"author":[{"embeddable":true,"href":"https:\/\/talkpal.ai\/vi\/wp-json\/wp\/v2\/users\/20"}],"replies":[{"embeddable":true,"href":"https:\/\/talkpal.ai\/vi\/wp-json\/wp\/v2\/comments?post=1475110"}],"version-history":[{"count":0,"href":"https:\/\/talkpal.ai\/vi\/wp-json\/wp\/v2\/pages\/1475110\/revisions"}],"wp:attachment":[{"href":"https:\/\/talkpal.ai\/vi\/wp-json\/wp\/v2\/media?parent=1475110"}],"curies":[{"name":"wp","href":"https:\/\/api.w.org\/{rel}","templated":true}]}}