{"id":1475101,"date":"2025-11-12T15:41:46","date_gmt":"2025-11-12T15:41:46","guid":{"rendered":"https:\/\/talkpal.ai\/bai-tap-ngu-phap-tieng-malta\/"},"modified":"2025-12-30T13:39:45","modified_gmt":"2025-12-30T13:39:45","slug":"bai-tap-ngu-phap-tieng-malta","status":"publish","type":"page","link":"https:\/\/talkpal.ai\/vi\/bai-tap-ngu-phap-tieng-malta\/","title":{"rendered":"B\u00e0i t\u1eadp ng\u1eef ph\u00e1p ti\u1ebfng Malta"},"content":{"rendered":"\r\n\r\n\r\n<section class=\"languageChallengeSection\">\r\n    <div class=\"languageInfoWrapper\">\r\n        \r\n        <h1>B\u00e0i t\u1eadp ng\u1eef ph\u00e1p ti\u1ebfng Malta<\/h1>\r\n        <p>S\u1eb5n s\u00e0ng \u0111i s\u00e2u v\u00e0o <a href=\"https:\/\/talkpal.ai\/maltese-grammar\/\">ng\u1eef ph\u00e1p ti\u1ebfng Malta<\/a>? Th\u1ef1c h\u00e0nh m\u1ed9t v\u00e0i \u0111i\u1ec1u c\u01a1 b\u1ea3n s\u1ebd gi\u00fap b\u1ea1n c\u1ea3m th\u1ea5y tho\u1ea3i m\u00e1i v\u1edbi <a href=\"https:\/\/talkpal.ai\/vi\/hoc-ngon-ngu-cho-cac-truong-ngon-ngu\/\">ng\u00f4n ng\u1eef<\/a> \u0111\u1ed9c \u0111\u00e1o v\u00e0 \u0111\u1eb9p m\u1eaft n\u00e0y. H\u00e3y th\u1eed c\u00e1c b\u00e0i t\u1eadp n\u00e0y \u0111\u1ec3 x\u00e2y d\u1ef1ng s\u1ef1 t\u1ef1 tin c\u1ee7a b\u1ea1n v\u00e0 c\u00f3 m\u1ed9t s\u1ed1 ni\u1ec1m vui tr\u00ean \u0111\u01b0\u1eddng \u0111i!<\/p>\r\n\r\n                            <a class=\"getStartedHidden\" href=\"https:\/\/app.talkpal.ai\/vi\/signup?lng=\">B\u1eaft \u0111\u1ea7u nh\u00e9<\/a>\r\n        \r\n    <\/div>\r\n\r\n    <figure>\r\n    <img decoding=\"async\" width=\"768\" height=\"768\" src=\"https:\/\/talkpal.ai\/wp-content\/uploads\/2023\/06\/welsh-768x768.png\" class=\"languageImage no-lazy\" alt=\"Language learning for better cognitive abilities\" fetchpriority=\"high\" sizes=\"(max-width: 768px) 150px, 768px\" srcset=\"https:\/\/talkpal.ai\/wp-content\/uploads\/2023\/06\/welsh-768x768.png 768w, https:\/\/talkpal.ai\/wp-content\/uploads\/2023\/06\/welsh-300x300.png 300w\" \/>\r\n    \r\n\r\n    <\/figure>\r\n\r\n            <a class=\"getStartedVisible\" href=\"https:\/\/app.talkpal.ai\/vi\/signup?lng=\">B\u1eaft \u0111\u1ea7u nh\u00e9<\/a>\r\n    \r\n<\/section><section class=\"promotionalBanner\">\r\n    <p class=\"promotionalText\">C\u00e1ch hi\u1ec7u qu\u1ea3 nh\u1ea5t \u0111\u1ec3 h\u1ecdc m\u1ed9t ng\u00f4n ng\u1eef<\/p>\r\n    <a class=\"promotionalLink\" href=\"https:\/\/app.talkpal.ai\/vi\/signup?lng=\">D\u00f9ng th\u1eed Talkpal mi\u1ec5n ph\u00ed<\/a>\r\n<\/section>\n<div class=\"wp-block-group pageContainerStyle\"><div class=\"wp-block-group__inner-container is-layout-constrained wp-block-group-is-layout-constrained\">\n<h2 class=\"wp-block-heading\" id=\"h-maltese-grammar-topics\">Ch\u1ee7 \u0111\u1ec1 ng\u1eef ph\u00e1p ti\u1ebfng Malta<\/h2>\n\n\n\n<p><a href=\"https:\/\/talkpal.ai\/vi\/nhung-sai-lam-lon-nhat-can-tranh-khi-hoc-mot-ngon-ngu-moi\/\">H\u1ecdc m\u1ed9t ng\u00f4n ng\u1eef m\u1edbi<\/a> c\u00f3 th\u1ec3 l\u00e0 m\u1ed9t n\u1ed7 l\u1ef1c \u0111\u1ea7y th\u00e1ch th\u1ee9c nh\u01b0ng b\u1ed5 \u00edch. Ti\u1ebfng <a href=\"https:\/\/talkpal.ai\/learn-maltese\/\">Malta<\/a>, m\u1ed9t ng\u00f4n ng\u1eef Semitic c\u00f3 \u1ea3nh h\u01b0\u1edfng m\u1ea1nh m\u1ebd <a href=\"https:\/\/talkpal.ai\/vi\/ve\/\">v\u1ec1<\/a> ti\u1ebfng La M\u00e3 v\u00e0 <a href=\"https:\/\/talkpal.ai\/top-trang-web-luyen-noi-tieng-anh-hieu-qua-nhat-2024\/\">ti\u1ebfng Anh<\/a> \u0111\u01b0\u1ee3c n\u00f3i ch\u1ee7 y\u1ebfu \u1edf Malta, c\u0169ng kh\u00f4ng ngo\u1ea1i l\u1ec7. V\u1edbi c\u00e1c t\u00ednh n\u0103ng v\u00e0 c\u1ea5u tr\u00fac \u0111\u1ed9c \u0111\u00e1o, <a href=\"https:\/\/talkpal.ai\/vi\/talkpal-danh-cho-giao-duc\/\">h\u1ecdc<\/a> ti\u1ebfng Malta \u0111\u00f2i h\u1ecfi m\u1ed9t c\u00e1ch ti\u1ebfp c\u1eadn c\u00f3 h\u1ec7 th\u1ed1ng \u0111\u1ec3 hi\u1ec3u <a href=\"https:\/\/talkpal.ai\/vi\/ngu-phap\/\">ng\u1eef ph\u00e1p<\/a> c\u1ee7a n\u00f3. H\u01b0\u1edbng d\u1eabn n\u00e0y ph\u00e1c th\u1ea3o c\u00e1c l\u0129nh v\u1ef1c ch\u00ednh c\u1ee7a <a href=\"https:\/\/talkpal.ai\/vi\/ngu-phap-tieng-malta\/\">ng\u1eef ph\u00e1p ti\u1ebfng Malta<\/a> theo tr\u00ecnh t\u1ef1 logic \u0111\u1ec3 <a href=\"https:\/\/talkpal.ai\/vi\/talkpal-danh-cho-giao-duc\/\">h\u1ecdc ng\u00f4n ng\u1eef<\/a>, b\u1eaft \u0111\u1ea7u t\u1eeb nh\u1eefng \u0111i\u1ec1u c\u01a1 b\u1ea3n nh\u01b0 danh t\u1eeb v\u00e0 m\u1ea1o t\u1eeb, v\u00e0 ti\u1ebfn t\u1edbi c\u00e1c l\u0129nh v\u1ef1c ph\u1ee9c t\u1ea1p h\u01a1n nh\u01b0 th\u00ec v\u00e0 c\u1ea5u tr\u00fac c\u00e2u.<\/p>\n\n\n\n<h3 class=\"wp-block-heading\" id=\"h-1-nouns\">1. Danh t\u1eeb:<\/h3>\n\n\n\n<p>B\u1eaft \u0111\u1ea7u h\u00e0nh tr\u00ecnh ng\u00f4n ng\u1eef Malta c\u1ee7a b\u1ea1n b\u1eb1ng c\u00e1ch h\u1ecdc c\u00e1c danh t\u1eeb. \u0110i\u1ec1u n\u00e0y bao g\u1ed3m vi\u1ec7c hi\u1ec3u c\u00e1c danh t\u1eeb kh\u00e1c nhau, ch\u1eb3ng h\u1ea1n nh\u01b0 danh t\u1eeb chung v\u00e0 danh t\u1eeb ri\u00eang c\u0169ng nh\u01b0 c\u00e1c d\u1ea1ng s\u1ed1 nhi\u1ec1u c\u1ee7a ch\u00fang.<\/p>\n\n\n\n<h3 class=\"wp-block-heading\" id=\"h-2-articles\">2. B\u00e0i vi\u1ebft:<\/h3>\n\n\n\n<p>C\u00e1c b\u00e0i vi\u1ebft b\u1eb1ng ti\u1ebfng Malta \u0111\u01b0\u1ee3c s\u1eed d\u1ee5ng kh\u00e1c v\u1edbi <a href=\"https:\/\/talkpal.ai\/ai-english-speaking-practice\/\">ti\u1ebfng Anh<\/a>. Hi\u1ec3u c\u00e1ch s\u1eed d\u1ee5ng m\u1ea1o t\u1eeb x\u00e1c \u0111\u1ecbnh il m\u1ed9t c\u00e1ch ch\u00ednh x\u00e1c, bao g\u1ed3m c\u1ea3 s\u1ef1 \u0111\u1ed3ng h\u00f3a c\u1ee7a n\u00f3 v\u00e0 thi\u1ebfu m\u1ea1o t\u1eeb kh\u00f4ng x\u00e1c \u0111\u1ecbnh, l\u00e0 r\u1ea5t quan tr\u1ecdng trong vi\u1ec7c x\u00e2y d\u1ef1ng c\u00e2u.<\/p>\n\n\n\n<h3 class=\"wp-block-heading\" id=\"h-3-adjectives\">3. T\u00ednh t\u1eeb:<\/h3>\n\n\n\n<p>T\u00ednh t\u1eeb trong ti\u1ebfng Malta theo sau danh t\u1eeb c\u1ee7a h\u1ecd, kh\u00e1c v\u1edbi ti\u1ebfng Anh. B\u1ea1n c\u0169ng s\u1ebd c\u1ea7n t\u00ecm hi\u1ec3u c\u00e1c m\u1eabu th\u1ecfa thu\u1eadn v\u00e0 c\u00e1ch h\u00ecnh th\u00e0nh c\u00e1c so s\u00e1nh v\u00e0 cao c\u1ea5p nh\u1ea5t v\u1edbi aktar ho\u1eb7c iktar v\u00e0 c\u00e1c d\u1ea1ng c\u1ed1 \u0111\u1ecbnh nh\u01b0 a\u0127jar.<\/p>\n\n\n\n<h3 class=\"wp-block-heading\" id=\"h-4-pronouns-determiners\">4. \u0110\u1ea1i t\u1eeb\/T\u1eeb \u0111\u1ecbnh \u0111\u1ecbnh:<\/h3>\n\n\n\n<p>\u0110\u1ea1i t\u1eeb v\u00e0 t\u1eeb h\u1ea1n \u0111\u1ecbnh r\u1ea5t c\u1ea7n thi\u1ebft trong ti\u1ebfng Malta; Ch\u00fang thay th\u1ebf danh t\u1eeb v\u00e0 cung c\u1ea5p th\u00f4ng tin v\u1ec1 s\u1ed1 l\u01b0\u1ee3ng, s\u1edf h\u1eefu, v.v. C\u00e1ch s\u1eed d\u1ee5ng ch\u00ednh x\u00e1c c\u1ee7a ch\u00fang bao g\u1ed3m c\u00e1c d\u1ea1ng \u0111\u1ed9c l\u1eadp, clitics t\u00e2n ng\u1eef, s\u1edf h\u1eefu d\u1ef1a tr\u00ean ta&#8217;, v\u00e0 k\u1ebft th\u00fac \u0111\u1ea1i t\u1eeb tr\u00ean gi\u1edbi t\u1eeb.<\/p>\n\n\n\n<h3 class=\"wp-block-heading\" id=\"h-5-verbs\">5. \u0110\u1ed9ng t\u1eeb:<\/h3>\n\n\n\n<p>\u0110\u1ed9ng t\u1eeb ti\u1ebfng Malta c\u00f3 c\u00e1c d\u1ea1ng kh\u00e1c nhau t\u00f9y thu\u1ed9c v\u00e0o th\u00ec, kh\u00eda c\u1ea1nh, t\u00e2m tr\u1ea1ng v\u00e0 gi\u1ecdng n\u00f3i. B\u1eaft \u0111\u1ea7u v\u1edbi \u00fd ngh\u0129a kh\u00f4ng ho\u00e0n h\u1ea3o cho hi\u1ec7n t\u1ea1i v\u00e0 d\u1ea5u \u1ea5n t\u01b0\u01a1ng lai se, sau \u0111\u00f3 kh\u00e1m ph\u00e1 s\u1ef1 ho\u00e0n h\u1ea3o cho qu\u00e1 kh\u1ee9 v\u00e0 m\u1ec7nh l\u1ec7nh.<\/p>\n\n\n\n<h3 class=\"wp-block-heading\" id=\"h-6-tenses\">6. Th\u00ec:<\/h3>\n\n\n\n<p>Sau khi th\u00e0nh th\u1ea1o c\u00e1c d\u1ea1ng \u0111\u1ed9ng t\u1eeb, h\u00e3y t\u00ecm hi\u1ec3u s\u00e2u h\u01a1n v\u1ec1 c\u00e1c th\u00ec v\u00e0 kh\u00eda c\u1ea1nh c\u1ee7a ti\u1ebfng Malta. \u0110i\u1ec1u n\u00e0y bao g\u1ed3m vi\u1ec7c hi\u1ec3u s\u1ef1 kh\u00e1c bi\u1ec7t gi\u1eefa s\u1ef1 ho\u00e0n h\u1ea3o v\u00e0 kh\u00f4ng ho\u00e0n h\u1ea3o, c\u00e1ch \u0111\u00e1nh d\u1ea5u t\u01b0\u01a1ng lai v\u00e0 c\u00e1ch ch\u00fang \u0111\u01b0\u1ee3c s\u1eed d\u1ee5ng trong c\u00e1c b\u1ed1i c\u1ea3nh kh\u00e1c nhau.<\/p>\n\n\n\n<h3 class=\"wp-block-heading\" id=\"h-7-tense-comparison\">7. So s\u00e1nh c\u0103ng th\u1eb3ng:<\/h3>\n\n\n\n<p>So s\u00e1nh th\u00ec trong ti\u1ebfng Malta gi\u00fap hi\u1ec3u tr\u00ecnh t\u1ef1 c\u00e1c s\u1ef1 ki\u1ec7n. So s\u00e1nh c\u00f9ng m\u1ed9t \u0111\u1ed9ng t\u1eeb trong ho\u00e0n h\u1ea3o, kh\u00f4ng ho\u00e0n h\u1ea3o v\u00e0 t\u01b0\u01a1ng lai s\u1ebd gi\u00fap hi\u1ec3u r\u00f5 h\u01a1n v\u1ec1 ng\u00f4n ng\u1eef Malta.<\/p>\n\n\n\n<h3 class=\"wp-block-heading\" id=\"h-8-progressive\">8. Ti\u1ebfn b\u1ed9:<\/h3>\n\n\n\n<p>L\u0169y ti\u1ebfn trong ti\u1ebfng Malta \u0111\u01b0\u1ee3c s\u1eed d\u1ee5ng \u0111\u1ec3 th\u1ec3 hi\u1ec7n c\u00e1c h\u00e0nh \u0111\u1ed9ng \u0111ang di\u1ec5n ra. N\u00f3 \u0111\u01b0\u1ee3c h\u00ecnh th\u00e0nh b\u1eb1ng c\u00e1ch s\u1eed d\u1ee5ng qed theo sau l\u00e0 s\u1ef1 kh\u00f4ng ho\u00e0n h\u1ea3o.<\/p>\n\n\n\n<h3 class=\"wp-block-heading\" id=\"h-9-perfect-progressive\">9. Ti\u1ebfn b\u1ed9 ho\u00e0n h\u1ea3o:<\/h3>\n\n\n\n<p>Th\u00ec n\u00e0y \u0111\u01b0\u1ee3c s\u1eed d\u1ee5ng \u0111\u1ec3 th\u1ec3 hi\u1ec7n c\u00e1c h\u00e0nh \u0111\u1ed9ng \u0111\u00e3 di\u1ec5n ra cho \u0111\u1ebfn m\u1ed9t th\u1eddi \u0111i\u1ec3m c\u1ee5 th\u1ec3. Trong ti\u1ebfng Malta, n\u00f3 th\u01b0\u1eddng \u0111\u01b0\u1ee3c bi\u1ec3u th\u1ecb b\u1eb1ng ilni ho\u1eb7c ilna c\u1ed9ng v\u1edbi m\u1ed9t th\u1eddi gian v\u00e0 qed v\u1edbi s\u1ef1 kh\u00f4ng ho\u00e0n h\u1ea3o.<\/p>\n\n\n\n<h3 class=\"wp-block-heading\" id=\"h-10-conditionals\">10. \u0110i\u1ec1u ki\u1ec7n:<\/h3>\n\n\n\n<p>\u0110i\u1ec1u ki\u1ec7n th\u1ec3 hi\u1ec7n c\u00e1c t\u00ecnh hu\u1ed1ng gi\u1ea3 \u0111\u1ecbnh v\u00e0 k\u1ebft qu\u1ea3 c\u00f3 th\u1ec3 x\u1ea3y ra c\u1ee7a ch\u00fang. Ch\u00fang l\u00e0 m\u1ed9t ph\u1ea7n quan tr\u1ecdng c\u1ee7a ng\u1eef ph\u00e1p ti\u1ebfng Malta v\u00e0 th\u01b0\u1eddng s\u1eed d\u1ee5ng jekk cho if v\u00e0 kieku cho ph\u1ea3n th\u1ef1c t\u1ebf.<\/p>\n\n\n\n<h3 class=\"wp-block-heading\" id=\"h-11-adverbs\">11. Tr\u1ea1ng t\u1eeb:<\/h3>\n\n\n\n<p>Tr\u1ea1ng t\u1eeb trong ti\u1ebfng Malta s\u1eeda \u0111\u1ed5i \u0111\u1ed9ng t\u1eeb, t\u00ednh t\u1eeb ho\u1eb7c c\u00e1c tr\u1ea1ng t\u1eeb kh\u00e1c. H\u1ecd cung c\u1ea5p th\u00f4ng tin v\u1ec1 c\u00e1ch th\u1ee9c, \u0111\u1ecba \u0111i\u1ec3m, th\u1eddi gian, b\u1eb1ng c\u1ea5p, v.v.<\/p>\n\n\n\n<h3 class=\"wp-block-heading\" id=\"h-12-prepositions\">12. Gi\u1edbi t\u1eeb:<\/h3>\n\n\n\n<p>Gi\u1edbi t\u1eeb li\u00ean k\u1ebft c\u00e1c t\u1eeb v\u00e0 c\u1ee5m t\u1eeb v\u1edbi nhau. Ch\u00fang th\u1ec3 hi\u1ec7n c\u00e1c m\u1ed1i quan h\u1ec7 v\u1ec1 th\u1eddi gian, \u0111\u1ecba \u0111i\u1ec3m, h\u01b0\u1edbng, v.v., v\u00e0 trong ti\u1ebfng Malta, ch\u00fang c\u00f3 \u0111u\u00f4i \u0111\u1ea1i t\u1eeb v\u00e0 th\u01b0\u1eddng k\u00fd h\u1ee3p \u0111\u1ed3ng v\u1edbi m\u1ea1o t\u1eeb x\u00e1c \u0111\u1ecbnh.<\/p>\n\n\n\n<h3 class=\"wp-block-heading\" id=\"h-13-sentences\">13. C\u00e2u:<\/h3>\n\n\n\n<p>Cu\u1ed1i c\u00f9ng, th\u1ef1c h\u00e0nh x\u00e2y d\u1ef1ng c\u00e2u. \u0110i\u1ec1u n\u00e0y s\u1ebd li\u00ean quan \u0111\u1ebfn vi\u1ec7c s\u1eed d\u1ee5ng t\u1ea5t c\u1ea3 c\u00e1c \u0111i\u1ec3m ng\u1eef ph\u00e1p \u0111\u00e3 h\u1ecdc tr\u01b0\u1edbc \u0111\u00f3 trong ng\u1eef c\u1ea3nh, do \u0111\u00f3 \u0111\u1ea3m b\u1ea3o s\u1ef1 hi\u1ec3u bi\u1ebft to\u00e0n di\u1ec7n v\u1ec1 ng\u00f4n ng\u1eef Malta.<\/p>\n<\/div><\/div>\n\r\n<section class=\"learnNavigationSection\">\r\n            \r\n        <a href=\"https:\/\/talkpal.ai\/vi\/hoc-tieng-malta\/\">\r\n            <div class=\"learnNavigationWrapper\">\r\n                <div class=\"learnNavigationContent\">\r\n                    <img decoding=\"async\" src=\"https:\/\/talkpal.ai\/wp-content\/uploads\/2025\/11\/Maltese.png\" alt=\"Maltese Flag\">\r\n                    <div>\r\n                        <h4>Gi\u1edbi thi\u1ec7u v\u1ec1 Maltese Learning<\/h4>\r\n                        <p>T\u00ecm hi\u1ec3u t\u1ea5t c\u1ea3 v\u1ec1 Ng\u1eef ph\u00e1p ti\u1ebfng Malta<\/p>\r\n                    <\/div>\r\n                <\/div>\r\n            <\/div>\r\n        <\/a>\r\n\r\n        \r\n        <a href=\"https:\/\/talkpal.ai\/vi\/ngu-phap-tieng-malta\/\">\r\n            <div class=\"learnNavigationWrapper\">\r\n                <div class=\"learnNavigationContent\">\r\n                    <img decoding=\"async\" src=\"https:\/\/talkpal.ai\/wp-content\/uploads\/2025\/11\/Maltese.png\" alt=\"Maltese Flag\">\r\n                    <div>\r\n                        <h4>B\u00e0i h\u1ecdc ng\u1eef ph\u00e1p ti\u1ebfng Malta<\/h4>\r\n                        <p>Th\u1ef1c h\u00e0nh ng\u1eef ph\u00e1p ti\u1ebfng Malta.<\/p>\r\n                    <\/div>\r\n                <\/div>\r\n            <\/div>\r\n        <\/a>\r\n\r\n            <\/section>","protected":false},"excerpt":{"rendered":"<p>Ch\u1ee7 \u0111\u1ec1 ng\u1eef ph\u00e1p ti\u1ebfng Malta H\u1ecdc m\u1ed9t ng\u00f4n ng\u1eef m\u1edbi c\u00f3 th\u1ec3 l\u00e0 m\u1ed9t n\u1ed7 l\u1ef1c \u0111\u1ea7y th\u00e1ch th\u1ee9c nh\u01b0ng b\u1ed5 \u00edch. Ti\u1ebfng Malta, m\u1ed9t ng\u00f4n ng\u1eef Semitic c\u00f3 \u1ea3nh h\u01b0\u1edfng m\u1ea1nh m\u1ebd v\u1ec1 ti\u1ebfng La M\u00e3 v\u00e0 ti\u1ebfng Anh \u0111\u01b0\u1ee3c n\u00f3i ch\u1ee7 y\u1ebfu \u1edf Malta, c\u0169ng kh\u00f4ng ngo\u1ea1i l\u1ec7. V\u1edbi c\u00e1c t\u00ednh n\u0103ng [&hellip;]<\/p>\n","protected":false},"author":20,"featured_media":0,"parent":0,"menu_order":0,"comment_status":"closed","ping_status":"closed","template":"LearningContentPage.php","meta":{"_acf_changed":false,"footnotes":""},"class_list":["post-1475101","page","type-page","status-publish","hentry"],"acf":[],"yoast_head":"<!-- This site is optimized with the Yoast SEO Premium plugin v27.2 (Yoast SEO v27.2) - https:\/\/yoast.com\/product\/yoast-seo-premium-wordpress\/ -->\n<title>B\u00e0i t\u1eadp ng\u1eef ph\u00e1p ti\u1ebfng Malta - Talkpal<\/title>\n<meta name=\"description\" content=\"N\u1eafm v\u1eefng ng\u1eef ph\u00e1p ti\u1ebfng Malta v\u1edbi c\u00e1c b\u00e0i t\u1eadp c\u00f3 c\u1ea5u tr\u00fac bao g\u1ed3m danh t\u1eeb, \u0111\u1ed9ng t\u1eeb v\u00e0 th\u00ec \u0111\u1ec3 x\u00e2y d\u1ef1ng s\u1ef1 t\u1ef1 tin v\u00e0 kh\u1ea3 n\u0103ng n\u00f3i tr\u00f4i ch\u1ea3y c\u1ee7a b\u1ea1n.\" \/>\n<meta name=\"robots\" content=\"index, follow, max-snippet:-1, max-image-preview:large, max-video-preview:-1\" \/>\n<link rel=\"canonical\" href=\"https:\/\/talkpal.ai\/vi\/bai-tap-ngu-phap-tieng-malta\/\" \/>\n<meta property=\"og:locale\" content=\"vi_VN\" \/>\n<meta property=\"og:type\" content=\"article\" \/>\n<meta property=\"og:title\" content=\"B\u00e0i t\u1eadp ng\u1eef ph\u00e1p ti\u1ebfng Malta\" \/>\n<meta property=\"og:description\" content=\"Ch\u1ee7 \u0111\u1ec1 ng\u1eef ph\u00e1p ti\u1ebfng Malta H\u1ecdc m\u1ed9t ng\u00f4n ng\u1eef m\u1edbi c\u00f3 th\u1ec3 l\u00e0 m\u1ed9t n\u1ed7 l\u1ef1c \u0111\u1ea7y th\u00e1ch th\u1ee9c nh\u01b0ng b\u1ed5 \u00edch. Ti\u1ebfng Malta, m\u1ed9t ng\u00f4n ng\u1eef Semitic c\u00f3 \u1ea3nh h\u01b0\u1edfng m\u1ea1nh m\u1ebd\" \/>\n<meta property=\"og:url\" content=\"https:\/\/talkpal.ai\/vi\/bai-tap-ngu-phap-tieng-malta\/\" \/>\n<meta property=\"og:site_name\" content=\"Talkpal\" \/>\n<meta property=\"article:publisher\" content=\"https:\/\/www.facebook.com\/profile.php?id=100090733639311\" \/>\n<meta property=\"article:modified_time\" content=\"2025-12-30T13:39:45+00:00\" \/>\n<meta property=\"og:image\" content=\"https:\/\/talkpal.ai\/wp-content\/uploads\/2025\/02\/Progress-tab-16_9.png\" \/>\n\t<meta property=\"og:image:width\" content=\"2880\" \/>\n\t<meta property=\"og:image:height\" content=\"1620\" \/>\n\t<meta property=\"og:image:type\" content=\"image\/png\" \/>\n<meta name=\"twitter:card\" content=\"summary_large_image\" \/>\n<meta name=\"twitter:site\" content=\"@talkpalai\" \/>\n<meta name=\"twitter:label1\" content=\"Est. reading time\" \/>\n\t<meta name=\"twitter:data1\" content=\"6 minutes\" \/>\n<script type=\"application\/ld+json\" class=\"yoast-schema-graph\">{\"@context\":\"https:\/\/schema.org\",\"@graph\":[{\"@type\":\"WebPage\",\"@id\":\"https:\/\/talkpal.ai\/vi\/bai-tap-ngu-phap-tieng-malta\/\",\"url\":\"https:\/\/talkpal.ai\/vi\/bai-tap-ngu-phap-tieng-malta\/\",\"name\":\"B\u00e0i t\u1eadp ng\u1eef ph\u00e1p ti\u1ebfng Malta - Talkpal\",\"isPartOf\":{\"@id\":\"https:\/\/talkpal.ai\/vi\/#website\"},\"datePublished\":\"2025-11-12T15:41:46+00:00\",\"dateModified\":\"2025-12-30T13:39:45+00:00\",\"description\":\"N\u1eafm v\u1eefng ng\u1eef ph\u00e1p ti\u1ebfng Malta v\u1edbi c\u00e1c b\u00e0i t\u1eadp c\u00f3 c\u1ea5u tr\u00fac bao g\u1ed3m danh t\u1eeb, \u0111\u1ed9ng t\u1eeb v\u00e0 th\u00ec \u0111\u1ec3 x\u00e2y d\u1ef1ng s\u1ef1 t\u1ef1 tin v\u00e0 kh\u1ea3 n\u0103ng n\u00f3i tr\u00f4i ch\u1ea3y c\u1ee7a b\u1ea1n.\",\"breadcrumb\":{\"@id\":\"https:\/\/talkpal.ai\/vi\/bai-tap-ngu-phap-tieng-malta\/#breadcrumb\"},\"inLanguage\":\"vi-VN\",\"potentialAction\":[{\"@type\":\"ReadAction\",\"target\":[\"https:\/\/talkpal.ai\/vi\/bai-tap-ngu-phap-tieng-malta\/\"]}]},{\"@type\":\"BreadcrumbList\",\"@id\":\"https:\/\/talkpal.ai\/vi\/bai-tap-ngu-phap-tieng-malta\/#breadcrumb\",\"itemListElement\":[{\"@type\":\"ListItem\",\"position\":1,\"name\":\"Homepage\",\"item\":\"https:\/\/talkpal.ai\/vi\/giao-vien-ngon-ngu-ai-3\/\"},{\"@type\":\"ListItem\",\"position\":2,\"name\":\"B\u00e0i t\u1eadp ng\u1eef ph\u00e1p ti\u1ebfng Malta\"}]},{\"@type\":\"WebSite\",\"@id\":\"https:\/\/talkpal.ai\/vi\/#website\",\"url\":\"https:\/\/talkpal.ai\/vi\/\",\"name\":\"Talkpal\",\"description\":\"AI Language Learning\",\"publisher\":{\"@id\":\"https:\/\/talkpal.ai\/vi\/#organization\"},\"alternateName\":\"Talkpal AI\",\"potentialAction\":[{\"@type\":\"SearchAction\",\"target\":{\"@type\":\"EntryPoint\",\"urlTemplate\":\"https:\/\/talkpal.ai\/vi\/?s={search_term_string}\"},\"query-input\":{\"@type\":\"PropertyValueSpecification\",\"valueRequired\":true,\"valueName\":\"search_term_string\"}}],\"inLanguage\":\"vi-VN\"},{\"@type\":\"Organization\",\"@id\":\"https:\/\/talkpal.ai\/vi\/#organization\",\"name\":\"Talkpal, Inc.\",\"alternateName\":\"Talkpal AI\",\"url\":\"https:\/\/talkpal.ai\/vi\/\",\"logo\":{\"@type\":\"ImageObject\",\"inLanguage\":\"vi-VN\",\"@id\":\"https:\/\/talkpal.ai\/vi\/#\/schema\/logo\/image\/\",\"url\":\"https:\/\/talkpal.ai\/wp-content\/uploads\/2024\/03\/Talkpal-Logo-Icon.png\",\"contentUrl\":\"https:\/\/talkpal.ai\/wp-content\/uploads\/2024\/03\/Talkpal-Logo-Icon.png\",\"width\":2880,\"height\":2880,\"caption\":\"Talkpal, Inc.\"},\"image\":{\"@id\":\"https:\/\/talkpal.ai\/vi\/#\/schema\/logo\/image\/\"},\"sameAs\":[\"https:\/\/www.facebook.com\/profile.php?id=100090733639311\",\"https:\/\/x.com\/talkpalai\",\"https:\/\/www.linkedin.com\/company\/talkpal\/\",\"https:\/\/www.youtube.com\/@TalkPal\/\",\"https:\/\/www.tiktok.com\/@talkpal\",\"https:\/\/www.instagram.com\/talkpal_ai\/\",\"https:\/\/www.crunchbase.com\/organization\/talkpal-9cde\",\"https:\/\/www.g2.com\/products\/talkpal-for-business\/\",\"https:\/\/www.trustpilot.com\/review\/talkpal.ai\",\"https:\/\/www.capterra.com\/p\/10006800\/TalkPal\/\"],\"description\":\"Talkpal is a language learning web and mobile education app, powered by the latest AI technologies, that provides engaging experiences to its customers in many different languages to help them improve their language skills. Users can chat about unlimited amount of topics with the app and use other modes to practice their language learning.\",\"email\":\"support@talkpal.ai\",\"legalName\":\"Talkpal, Inc.\",\"foundingDate\":\"2023-04-03\",\"duns\":\"118989042\",\"numberOfEmployees\":{\"@type\":\"QuantitativeValue\",\"minValue\":\"11\",\"maxValue\":\"50\"},\"publishingPrinciples\":\"https:\/\/talkpal.ai\/publishing-principles\/\",\"actionableFeedbackPolicy\":\"https:\/\/talkpal.ai\/actionable-feedback-policy\/\",\"correctionsPolicy\":\"https:\/\/talkpal.ai\/corrections-policy\/\",\"ethicsPolicy\":\"https:\/\/talkpal.ai\/ethics-policy\/\",\"diversityPolicy\":\"https:\/\/talkpal.ai\/diversity-policy\/\",\"diversityStaffingReport\":\"https:\/\/talkpal.ai\/diversity-policy\/\"}]}<\/script>\n<!-- \/ Yoast SEO Premium plugin. -->","yoast_head_json":{"title":"B\u00e0i t\u1eadp ng\u1eef ph\u00e1p ti\u1ebfng Malta - Talkpal","description":"N\u1eafm v\u1eefng ng\u1eef ph\u00e1p ti\u1ebfng Malta v\u1edbi c\u00e1c b\u00e0i t\u1eadp c\u00f3 c\u1ea5u tr\u00fac bao g\u1ed3m danh t\u1eeb, \u0111\u1ed9ng t\u1eeb v\u00e0 th\u00ec \u0111\u1ec3 x\u00e2y d\u1ef1ng s\u1ef1 t\u1ef1 tin v\u00e0 kh\u1ea3 n\u0103ng n\u00f3i tr\u00f4i ch\u1ea3y c\u1ee7a b\u1ea1n.","robots":{"index":"index","follow":"follow","max-snippet":"max-snippet:-1","max-image-preview":"max-image-preview:large","max-video-preview":"max-video-preview:-1"},"canonical":"https:\/\/talkpal.ai\/vi\/bai-tap-ngu-phap-tieng-malta\/","og_locale":"vi_VN","og_type":"article","og_title":"B\u00e0i t\u1eadp ng\u1eef ph\u00e1p ti\u1ebfng Malta","og_description":"Ch\u1ee7 \u0111\u1ec1 ng\u1eef ph\u00e1p ti\u1ebfng Malta H\u1ecdc m\u1ed9t ng\u00f4n ng\u1eef m\u1edbi c\u00f3 th\u1ec3 l\u00e0 m\u1ed9t n\u1ed7 l\u1ef1c \u0111\u1ea7y th\u00e1ch th\u1ee9c nh\u01b0ng b\u1ed5 \u00edch. Ti\u1ebfng Malta, m\u1ed9t ng\u00f4n ng\u1eef Semitic c\u00f3 \u1ea3nh h\u01b0\u1edfng m\u1ea1nh m\u1ebd","og_url":"https:\/\/talkpal.ai\/vi\/bai-tap-ngu-phap-tieng-malta\/","og_site_name":"Talkpal","article_publisher":"https:\/\/www.facebook.com\/profile.php?id=100090733639311","article_modified_time":"2025-12-30T13:39:45+00:00","og_image":[{"width":2880,"height":1620,"url":"https:\/\/talkpal.ai\/wp-content\/uploads\/2025\/02\/Progress-tab-16_9.png","type":"image\/png"}],"twitter_card":"summary_large_image","twitter_site":"@talkpalai","twitter_misc":{"Est. reading time":"6 minutes"},"schema":{"@context":"https:\/\/schema.org","@graph":[{"@type":"WebPage","@id":"https:\/\/talkpal.ai\/vi\/bai-tap-ngu-phap-tieng-malta\/","url":"https:\/\/talkpal.ai\/vi\/bai-tap-ngu-phap-tieng-malta\/","name":"B\u00e0i t\u1eadp ng\u1eef ph\u00e1p ti\u1ebfng Malta - Talkpal","isPartOf":{"@id":"https:\/\/talkpal.ai\/vi\/#website"},"datePublished":"2025-11-12T15:41:46+00:00","dateModified":"2025-12-30T13:39:45+00:00","description":"N\u1eafm v\u1eefng ng\u1eef ph\u00e1p ti\u1ebfng Malta v\u1edbi c\u00e1c b\u00e0i t\u1eadp c\u00f3 c\u1ea5u tr\u00fac bao g\u1ed3m danh t\u1eeb, \u0111\u1ed9ng t\u1eeb v\u00e0 th\u00ec \u0111\u1ec3 x\u00e2y d\u1ef1ng s\u1ef1 t\u1ef1 tin v\u00e0 kh\u1ea3 n\u0103ng n\u00f3i tr\u00f4i ch\u1ea3y c\u1ee7a b\u1ea1n.","breadcrumb":{"@id":"https:\/\/talkpal.ai\/vi\/bai-tap-ngu-phap-tieng-malta\/#breadcrumb"},"inLanguage":"vi-VN","potentialAction":[{"@type":"ReadAction","target":["https:\/\/talkpal.ai\/vi\/bai-tap-ngu-phap-tieng-malta\/"]}]},{"@type":"BreadcrumbList","@id":"https:\/\/talkpal.ai\/vi\/bai-tap-ngu-phap-tieng-malta\/#breadcrumb","itemListElement":[{"@type":"ListItem","position":1,"name":"Homepage","item":"https:\/\/talkpal.ai\/vi\/giao-vien-ngon-ngu-ai-3\/"},{"@type":"ListItem","position":2,"name":"B\u00e0i t\u1eadp ng\u1eef ph\u00e1p ti\u1ebfng Malta"}]},{"@type":"WebSite","@id":"https:\/\/talkpal.ai\/vi\/#website","url":"https:\/\/talkpal.ai\/vi\/","name":"Talkpal","description":"AI Language Learning","publisher":{"@id":"https:\/\/talkpal.ai\/vi\/#organization"},"alternateName":"Talkpal AI","potentialAction":[{"@type":"SearchAction","target":{"@type":"EntryPoint","urlTemplate":"https:\/\/talkpal.ai\/vi\/?s={search_term_string}"},"query-input":{"@type":"PropertyValueSpecification","valueRequired":true,"valueName":"search_term_string"}}],"inLanguage":"vi-VN"},{"@type":"Organization","@id":"https:\/\/talkpal.ai\/vi\/#organization","name":"Talkpal, Inc.","alternateName":"Talkpal AI","url":"https:\/\/talkpal.ai\/vi\/","logo":{"@type":"ImageObject","inLanguage":"vi-VN","@id":"https:\/\/talkpal.ai\/vi\/#\/schema\/logo\/image\/","url":"https:\/\/talkpal.ai\/wp-content\/uploads\/2024\/03\/Talkpal-Logo-Icon.png","contentUrl":"https:\/\/talkpal.ai\/wp-content\/uploads\/2024\/03\/Talkpal-Logo-Icon.png","width":2880,"height":2880,"caption":"Talkpal, Inc."},"image":{"@id":"https:\/\/talkpal.ai\/vi\/#\/schema\/logo\/image\/"},"sameAs":["https:\/\/www.facebook.com\/profile.php?id=100090733639311","https:\/\/x.com\/talkpalai","https:\/\/www.linkedin.com\/company\/talkpal\/","https:\/\/www.youtube.com\/@TalkPal\/","https:\/\/www.tiktok.com\/@talkpal","https:\/\/www.instagram.com\/talkpal_ai\/","https:\/\/www.crunchbase.com\/organization\/talkpal-9cde","https:\/\/www.g2.com\/products\/talkpal-for-business\/","https:\/\/www.trustpilot.com\/review\/talkpal.ai","https:\/\/www.capterra.com\/p\/10006800\/TalkPal\/"],"description":"Talkpal is a language learning web and mobile education app, powered by the latest AI technologies, that provides engaging experiences to its customers in many different languages to help them improve their language skills. Users can chat about unlimited amount of topics with the app and use other modes to practice their language learning.","email":"support@talkpal.ai","legalName":"Talkpal, Inc.","foundingDate":"2023-04-03","duns":"118989042","numberOfEmployees":{"@type":"QuantitativeValue","minValue":"11","maxValue":"50"},"publishingPrinciples":"https:\/\/talkpal.ai\/publishing-principles\/","actionableFeedbackPolicy":"https:\/\/talkpal.ai\/actionable-feedback-policy\/","correctionsPolicy":"https:\/\/talkpal.ai\/corrections-policy\/","ethicsPolicy":"https:\/\/talkpal.ai\/ethics-policy\/","diversityPolicy":"https:\/\/talkpal.ai\/diversity-policy\/","diversityStaffingReport":"https:\/\/talkpal.ai\/diversity-policy\/"}]}},"_links":{"self":[{"href":"https:\/\/talkpal.ai\/vi\/wp-json\/wp\/v2\/pages\/1475101","targetHints":{"allow":["GET"]}}],"collection":[{"href":"https:\/\/talkpal.ai\/vi\/wp-json\/wp\/v2\/pages"}],"about":[{"href":"https:\/\/talkpal.ai\/vi\/wp-json\/wp\/v2\/types\/page"}],"author":[{"embeddable":true,"href":"https:\/\/talkpal.ai\/vi\/wp-json\/wp\/v2\/users\/20"}],"replies":[{"embeddable":true,"href":"https:\/\/talkpal.ai\/vi\/wp-json\/wp\/v2\/comments?post=1475101"}],"version-history":[{"count":0,"href":"https:\/\/talkpal.ai\/vi\/wp-json\/wp\/v2\/pages\/1475101\/revisions"}],"wp:attachment":[{"href":"https:\/\/talkpal.ai\/vi\/wp-json\/wp\/v2\/media?parent=1475101"}],"curies":[{"name":"wp","href":"https:\/\/api.w.org\/{rel}","templated":true}]}}