{"id":1475085,"date":"2025-11-12T12:26:29","date_gmt":"2025-11-12T12:26:29","guid":{"rendered":"https:\/\/talkpal.ai\/ngu-phap-malayalam\/"},"modified":"2025-12-30T13:57:49","modified_gmt":"2025-12-30T13:57:49","slug":"ngu-phap-malayalam","status":"publish","type":"page","link":"https:\/\/talkpal.ai\/vi\/ngu-phap-malayalam\/","title":{"rendered":"Ng\u1eef ph\u00e1p Malayalam"},"content":{"rendered":"\r\n\r\n\r\n<section class=\"languageChallengeSection\">\r\n    <div class=\"languageInfoWrapper\">\r\n        \r\n        <h1>Ng\u1eef ph\u00e1p Malayalam<\/h1>\r\n        <p><a href=\"https:\/\/talkpal.ai\/vi\/ngu-phap\/\">Ng\u1eef ph\u00e1p<\/a> <a href=\"https:\/\/talkpal.ai\/learn-malayalam\/\">Malayalam<\/a> tho\u1ea1t nghe c\u00f3 v\u1ebb kh\u00f3 kh\u0103n, nh\u01b0ng c\u00e1c t\u00ednh n\u0103ng \u0111\u1ed9c \u0111\u00e1o c\u1ee7a n\u00f3 khi\u1ebfn vi\u1ec7c h\u1ecdc <a href=\"https:\/\/talkpal.ai\/vi\/hoc-ngon-ngu-cho-cac-truong-ngon-ngu\/\">ng\u00f4n ng\u1eef<\/a> tr\u1edf th\u00e0nh m\u1ed9t tr\u1ea3i nghi\u1ec7m b\u1ed5 \u00edch. B\u1eb1ng c\u00e1ch kh\u00e1m ph\u00e1 b\u1ea3ng ch\u1eef c\u00e1i, \u0111\u1ed9t bi\u1ebfn v\u00e0 quy t\u1eafc ng\u1eef ph\u00e1p c\u1ee7a n\u00f3, b\u1ea1n s\u1ebd hi\u1ec3u r\u00f5 h\u01a1n <a href=\"https:\/\/talkpal.ai\/vi\/ve\/\">v\u1ec1<\/a> truy\u1ec1n th\u1ed1ng ng\u00f4n ng\u1eef phong ph\u00fa. B\u1eaft \u0111\u1ea7u cu\u1ed9c h\u00e0nh tr\u00ecnh c\u1ee7a b\u1ea1n v\u00e0 kh\u00e1m ph\u00e1 v\u1ebb \u0111\u1eb9p c\u1ee7a Malayalam!<\/p>\r\n\r\n                            <a class=\"getStartedHidden\" href=\"https:\/\/app.talkpal.ai\/vi\/signup?lng=\">B\u1eaft \u0111\u1ea7u nh\u00e9<\/a>\r\n        \r\n    <\/div>\r\n\r\n    <figure>\r\n    <img decoding=\"async\" width=\"768\" height=\"768\" src=\"https:\/\/talkpal.ai\/wp-content\/uploads\/2023\/06\/welsh-768x768.png\" class=\"languageImage no-lazy\" alt=\"Language learning for better cognitive abilities\" fetchpriority=\"high\" sizes=\"(max-width: 768px) 150px, 768px\" srcset=\"https:\/\/talkpal.ai\/wp-content\/uploads\/2023\/06\/welsh-768x768.png 768w, https:\/\/talkpal.ai\/wp-content\/uploads\/2023\/06\/welsh-300x300.png 300w\" \/>\r\n    \r\n\r\n    <\/figure>\r\n\r\n            <a class=\"getStartedVisible\" href=\"https:\/\/app.talkpal.ai\/vi\/signup?lng=\">B\u1eaft \u0111\u1ea7u nh\u00e9<\/a>\r\n    \r\n<\/section><section class=\"promotionalBanner\">\r\n    <p class=\"promotionalText\">C\u00e1ch hi\u1ec7u qu\u1ea3 nh\u1ea5t \u0111\u1ec3 h\u1ecdc m\u1ed9t ng\u00f4n ng\u1eef<\/p>\r\n    <a class=\"promotionalLink\" href=\"https:\/\/app.talkpal.ai\/vi\/signup?lng=\">D\u00f9ng th\u1eed Talkpal mi\u1ec5n ph\u00ed<\/a>\r\n<\/section>\n<div class=\"wp-block-group pageContainerStyle\"><div class=\"wp-block-group__inner-container is-layout-constrained wp-block-group-is-layout-constrained\">\n<h2 class=\"wp-block-heading\" id=\"h-navigating-the-intricacies-of-malayalam-grammar\">\u0110i\u1ec1u h\u01b0\u1edbng s\u1ef1 ph\u1ee9c t\u1ea1p c\u1ee7a ng\u1eef ph\u00e1p Malayalam<\/h2>\n\n\n\n<p><a href=\"https:\/\/talkpal.ai\/vi\/hoc-tieng-malayalam\/\">Malayalam<\/a>, m\u1ed9t ng\u00f4n ng\u1eef Dravida c\u00f3 l\u1ecbch s\u1eed phong ph\u00fa v\u00e0 ngu\u1ed3n g\u1ed1c v\u0103n h\u00f3a s\u00e2u s\u1eafc \u1edf Kerala v\u00e0 c\u1ed9ng \u0111\u1ed3ng h\u1ea3i ngo\u1ea1i, mang \u0111\u1ebfn tr\u1ea3i nghi\u1ec7m ng\u00f4n ng\u1eef th\u00fa v\u1ecb cho nh\u1eefng <a href=\"https:\/\/talkpal.ai\/speaking-with-ai\/\">ai<\/a> mong mu\u1ed1n kh\u00e1m ph\u00e1 h\u1ec7 th\u1ed1ng ng\u1eef ph\u00e1p \u0111\u1ed9c \u0111\u00e1o c\u1ee7a n\u00f3. Khi b\u1ea1n m\u1ea1o hi\u1ec3m v\u00e0o v\u01b0\u01a1ng qu\u1ed1c Malayalam, b\u1ea1n s\u1ebd kh\u00f4ng ch\u1ec9 l\u00e0m phong ph\u00fa th\u00eam c\u00e1c ti\u1ebft m\u1ee5c ng\u00f4n ng\u1eef c\u1ee7a m\u00ecnh m\u00e0 c\u00f2n n\u1eafm l\u1ea5y m\u1ed9t h\u00e0nh tr\u00ecnh v\u0103n h\u00f3a h\u1ea5p d\u1eabn. M\u1eb7c d\u00f9 <a href=\"https:\/\/talkpal.ai\/malayalam-grammar\/\">ng\u1eef ph\u00e1p ti\u1ebfng Malayalam<\/a> tho\u1ea1t \u0111\u1ea7u c\u00f3 v\u1ebb ph\u1ee9c t\u1ea1p, nh\u01b0ng vi\u1ec7c chia nh\u1ecf n\u00f3 th\u00e0nh c\u00e1c th\u00e0nh ph\u1ea7n c\u1ed1t l\u00f5i s\u1ebd gi\u00fap vi\u1ec7c <a href=\"https:\/\/talkpal.ai\/vi\/ung-dung-mien-phi-de-hoc-ngon-ngu\/\">h\u1ecdc ng\u00f4n ng\u1eef<\/a> tr\u1edf n\u00ean d\u1ec5 ti\u1ebfp c\u1eadn h\u01a1n. Trong b\u00e0i vi\u1ebft n\u00e0y, ch\u00fang ta s\u1ebd kh\u00e1m ph\u00e1 th\u1ebf gi\u1edbi quy\u1ebfn r\u0169 c\u1ee7a ng\u1eef ph\u00e1p Malayalam v\u00e0 cung c\u1ea5p c\u00e1c m\u1eb9o v\u1ec1 c\u00e1ch l\u00e0m ch\u1ee7 s\u1ef1 ph\u1ee9c t\u1ea1p c\u1ee7a n\u00f3.<\/p>\n\n\n\n<h3 class=\"wp-block-heading\" id=\"h-1-malayalam-alphabet-and-phonetics\">1. B\u1ea3ng ch\u1eef c\u00e1i Malayalam v\u00e0 ng\u1eef \u00e2m<\/h3>\n\n\n\n<p>Ch\u1eef vi\u1ebft Malayalam l\u00e0 m\u1ed9t abugida c\u00f3 c\u00e1c nguy\u00ean \u00e2m \u0111\u1ed9c l\u1eadp, ph\u1ee5 \u00e2m c\u00f3 nguy\u00ean \u00e2m v\u1ed1n c\u00f3 v\u00e0 c\u00e1c d\u1ea5u hi\u1ec7u nguy\u00ean \u00e2m ph\u1ee5 thu\u1ed9c. Ng\u01b0\u1eddi h\u1ecdc n\u00ean l\u00e0m quen v\u1edbi c\u00e1c nguy\u00ean \u00e2m v\u00e0 ph\u1ee5 \u00e2m c\u1ee7a n\u00f3, bao g\u1ed3m c\u00e1c \u00e2m \u0111\u1eb7c bi\u1ec7t nh\u01b0 ph\u1ee5 \u00e2m ph\u1ea3n x\u1ea1 ng\u01b0\u1ee3c v\u00e0 \u00e2m &#8220;zh&#8221; \u0111\u00e1ng ch\u00fa \u00fd. C\u00e1c kh\u00e1i ni\u1ec7m vi\u1ebft ch\u00ednh bao g\u1ed3m nguy\u00ean \u00e2m v\u1ed1n c\u00f3 a, d\u1ea5u hi\u1ec7u virama \u0111\u01b0\u1ee3c g\u1ecdi l\u00e0 chandrakkala \u0111\u1ec3 tri\u1ec7t ti\u00eau nguy\u00ean \u00e2m, ph\u1ee5 \u00e2m li\u00ean k\u1ebft v\u00e0 c\u00e1c ch\u1eef c\u00e1i chillu \u0111\u1eb7c bi\u1ec7t. \u0110\u1ec3 h\u1ecdc ng\u1eef ph\u00e1p Malayalam, \u0111i\u1ec1u quan tr\u1ecdng l\u00e0 ph\u1ea3i th\u1ef1c h\u00e0nh \u0111\u1ecdc v\u00e0 vi\u1ebft b\u1eb1ng ti\u1ebfng Malayalam.<\/p>\n\n\n\n<h3 class=\"wp-block-heading\" id=\"h-2-sandhi-and-assimilation-a-peculiar-malayalam-feature\">2. Sandhi v\u00e0 \u0111\u1ed3ng h\u00f3a: M\u1ed9t \u0111\u1eb7c \u0111i\u1ec3m \u0111\u1eb7c bi\u1ec7t c\u1ee7a Malayalam<\/h3>\n\n\n\n<p>M\u1ed9t trong nh\u1eefng kh\u00eda c\u1ea1nh n\u1ed5i b\u1eadt nh\u1ea5t c\u1ee7a \u00e2m v\u1ecb h\u1ecdc Malayalam l\u00e0 s\u1ef1 ph\u1ed5 bi\u1ebfn c\u1ee7a sandhi, \u0111\u1ed3ng h\u00f3a v\u00e0 ph\u1ee5 \u00e2m gemination \u1edf ranh gi\u1edbi h\u00ecnh v\u1ecb v\u00e0 t\u1eeb. \u00c2m thanh c\u00f3 th\u1ec3 thay \u0111\u1ed5i khi c\u00e1c h\u1eadu t\u1ed1 \u0111\u01b0\u1ee3c th\u00eam v\u00e0o ho\u1eb7c khi c\u00e1c t\u1eeb k\u1ebft h\u1ee3p th\u00e0nh c\u00e1c h\u1ee3p ch\u1ea5t v\u00e0 m\u0169i th\u01b0\u1eddng \u0111\u1ed3ng h\u00f3a v\u1edbi c\u00e1c ph\u1ee5 \u00e2m sau. Hi\u1ec3u \u0111\u01b0\u1ee3c th\u1eddi \u0111i\u1ec3m v\u00e0 c\u00e1ch th\u1ee9c nh\u1eefng thay \u0111\u1ed5i n\u00e0y x\u1ea3y ra l\u00e0 r\u1ea5t quan tr\u1ecdng \u0111\u1ec3 ph\u00e1t \u00e2m t\u1ef1 nhi\u00ean v\u00e0 giao ti\u1ebfp ch\u00ednh x\u00e1c trong ti\u1ebfng Malayalam.<\/p>\n\n\n\n<h3 class=\"wp-block-heading\" id=\"h-3-nouns-and-pronouns-gender-and-cases\">3. Danh t\u1eeb, \u0111\u1ea1i t\u1eeb: Gi\u1edbi t\u00ednh v\u00e0 tr\u01b0\u1eddng h\u1ee3p<\/h3>\n\n\n\n<p>Danh t\u1eeb Malayalam th\u01b0\u1eddng kh\u00f4ng \u0111\u00e1nh d\u1ea5u gi\u1edbi t\u00ednh ng\u1eef ph\u00e1p, v\u00e0 s\u1ef1 h\u00ecnh th\u00e0nh s\u1ed1 nhi\u1ec1u th\u01b0\u1eddng s\u1eed d\u1ee5ng h\u1eadu t\u1ed1 -kal, v\u1edbi m\u1ed9t s\u1ed1 b\u1ea5t th\u01b0\u1eddng v\u00e0 thay th\u1ebf. C\u00e1c quan h\u1ec7 tr\u01b0\u1eddng h\u1ee3p \u0111\u01b0\u1ee3c bi\u1ec3u th\u1ecb b\u1eb1ng h\u1eadu t\u1ed1 v\u00e0 h\u1eadu t\u1eeb, ch\u1eb3ng h\u1ea1n nh\u01b0 c\u00e1o bu\u1ed9c -e, dative -kku ho\u1eb7c -inu, genitive -ude, instrumental -al, locative -il, ablative -il ninnu, sociative -ote v\u00e0 vocative -e. \u0110\u1ea1i t\u1eeb trong ti\u1ebfng Malayalam bao g\u1ed3m c\u00e1c \u0111\u1ea1i t\u1eeb nh\u00e2n x\u01b0ng nh\u01b0 njan, ni, ningal, nammal, avan, aval v\u00e0 k\u00ednh ng\u1eef avar, c\u0169ng nh\u01b0 c\u00e1c d\u1ea1ng s\u1edf h\u1eefu th\u00f4ng qua \u0111\u1ed9ng t\u1eeb, tan ho\u1eb7c tanne ph\u1ea3n x\u1ea1, bi\u1ec3u th\u1ecb nh\u01b0 i v\u00e0 aa, v\u00e0 c\u00e1c c\u00e2u h\u1ecfi nh\u01b0 aar, entu, evide v\u00e0 eppol. L\u00e0m quen v\u1edbi nh\u1eefng \u0111\u1ea1i t\u1eeb n\u00e0y v\u00e0 h\u00ecnh th\u1ee9c c\u1ee7a ch\u00fang s\u1ebd n\u00e2ng cao \u0111\u00e1ng k\u1ec3 kh\u1ea3 n\u0103ng n\u1eafm b\u1eaft ng\u1eef ph\u00e1p ti\u1ebfng Malayalam c\u1ee7a b\u1ea1n.<\/p>\n\n\n\n<h3 class=\"wp-block-heading\" id=\"h-4-verbs-structure-and-conjugation\">4. \u0110\u1ed9ng t\u1eeb: C\u1ea5u tr\u00fac v\u00e0 c\u00e1ch chia \u0111\u1ed9ng t\u1eeb<\/h3>\n\n\n\n<p>\u0110\u1ed9ng t\u1eeb Malayalam ch\u1ee7 y\u1ebfu bi\u1ebfn \u0111\u1ed5i cho th\u00ec, kh\u00eda c\u1ea1nh, t\u00e2m tr\u1ea1ng v\u00e0 ph\u00e2n c\u1ef1c, kh\u00f4ng ph\u1ea3i cho ng\u01b0\u1eddi ho\u1eb7c s\u1ed1. C\u00e1c d\u1ea1ng kh\u00eda c\u1ea1nh th\u00ec c\u1ed1t l\u00f5i bao g\u1ed3m hi\u1ec7n t\u1ea1i ti\u1ebfn b\u1ed9 -unnu, qu\u00e1 kh\u1ee9 -i ho\u1eb7c -u, v\u00e0 t\u01b0\u01a1ng lai -um. Ph\u1ee7 \u0111\u1ecbnh th\u01b0\u1eddng \u0111\u01b0\u1ee3c h\u00ecnh th\u00e0nh v\u1edbi -illa, v\u00e0 c\u00e1c t\u00e2m tr\u1ea1ng quan tr\u1ecdng bao g\u1ed3m m\u1ec7nh l\u1ec7nh v\u00e0 \u0111i\u1ec1u ki\u1ec7n, th\u01b0\u1eddng \u0111\u01b0\u1ee3c x\u00e2y d\u1ef1ng v\u1edbi c\u00e1c k\u1ebft n\u1ed1i nh\u01b0 -enkil ho\u1eb7c -al. Tr\u1ee3 \u0111\u1ed9ng t\u1eeb v\u00e0 ph\u00e2n t\u1eeb l\u00e0 trung t\u00e2m c\u1ee7a ng\u00f4n ng\u1eef, v\u1edbi c\u00e1c d\u1ea1ng nh\u01b0 -unna, -iya v\u00e0 -aya \u0111\u01b0\u1ee3c s\u1eed d\u1ee5ng \u0111\u1ec3 t\u1ea1o m\u1ec7nh \u0111\u1ec1 quan h\u1ec7 v\u00e0 c\u1ea5u tr\u00fac ngo\u1ea1i vi. H\u1ecdc c\u00e1c m\u1eabu n\u00e0y s\u1ebd c\u1ea3i thi\u1ec7n kh\u1ea3 n\u0103ng giao ti\u1ebfp hi\u1ec7u qu\u1ea3 c\u1ee7a b\u1ea1n b\u1eb1ng ti\u1ebfng Malayalam.<\/p>\n\n\n\n<h3 class=\"wp-block-heading\" id=\"h-5-adjectives-agreement-and-placement\">5. T\u00ednh t\u1eeb: Th\u1ecfa thu\u1eadn v\u00e0 V\u1ecb tr\u00ed<\/h3>\n\n\n\n<p>Trong ng\u1eef ph\u00e1p Malayalam, t\u00ednh t\u1eeb th\u01b0\u1eddng \u0111\u1ee9ng tr\u01b0\u1edbc danh t\u1eeb m\u00e0 ch\u00fang s\u1eeda \u0111\u1ed5i v\u00e0 kh\u00f4ng ph\u00f9 h\u1ee3p v\u1ec1 gi\u1edbi t\u00ednh ho\u1eb7c s\u1ed1 v\u1edbi danh t\u1eeb. Nhi\u1ec1u \u00fd ngh\u0129a m\u00f4 t\u1ea3 \u0111\u01b0\u1ee3c th\u1ec3 hi\u1ec7n th\u00f4ng qua c\u00e1c c\u1ea5u tr\u00fac ph\u00e2n t\u1eeb ho\u1eb7c thu\u1ed9c t\u00ednh, v\u00e0 so s\u00e1nh v\u00e0 cao nh\u1ea5t th\u01b0\u1eddng \u0111\u01b0\u1ee3c h\u00ecnh th\u00e0nh m\u1ed9t c\u00e1ch ph\u00e2n t\u00edch, v\u00ed d\u1ee5 v\u1edbi kooduthal cho so s\u00e1nh v\u00e0 etavum cho si\u00eau nh\u1ea5t. Hi\u1ec3u \u0111\u01b0\u1ee3c nh\u1eefng m\u1eabu n\u00e0y l\u00e0 \u0111i\u1ec1u c\u1ea7n thi\u1ebft \u0111\u1ec3 giao ti\u1ebfp t\u1ef1 nhi\u00ean h\u01a1n.<\/p>\n\n\n\n<p><strong>V\u00ed d\u1ee5:<\/strong><\/p>\n\n\n\n<p><strong>&#8211; Valiya Sneham (T\u00ecnh y\u00eau l\u1edbn)<\/strong><\/p>\n\n\n\n<p><strong>\u2013 Cheriya Kuttikal (tr\u1ebb nh\u1ecf)<\/strong><\/p>\n\n\n\n<h3 class=\"wp-block-heading\" id=\"h-6-engaging-with-the-language\">6. T\u01b0\u01a1ng t\u00e1c v\u1edbi ng\u00f4n ng\u1eef<\/h3>\n\n\n\n<p>C\u00e1ch hi\u1ec7u qu\u1ea3 nh\u1ea5t \u0111\u1ec3 hi\u1ec3u \u0111\u1ea7y \u0111\u1ee7 v\u00e0 ti\u1ebfp thu ng\u1eef ph\u00e1p Malayalam l\u00e0 li\u00ean t\u1ee5c t\u01b0\u01a1ng t\u00e1c v\u1edbi ng\u00f4n ng\u1eef. B\u1eb1ng c\u00e1ch \u0111\u1ecdc v\u0103n h\u1ecdc v\u00e0 b\u00e1o Malayalam, xem phim ho\u1eb7c phim truy\u1ec1n h\u00ecnh Malayalam, nghe c\u00e1c b\u00e0i h\u00e1t v\u00e0 \u0111\u00e0i ph\u00e1t thanh, \u0111\u1ed3ng th\u1eddi t\u00edch c\u1ef1c giao ti\u1ebfp v\u1edbi ng\u01b0\u1eddi b\u1ea3n ng\u1eef, b\u1ea1n s\u1ebd c\u1ee7ng c\u1ed1 hi\u1ec3u bi\u1ebft v\u1ec1 ng\u1eef ph\u00e1p \u0111\u1ed3ng th\u1eddi m\u1edf r\u1ed9ng v\u1ed1n t\u1eeb v\u1ef1ng c\u1ee7a m\u00ecnh.<\/p>\n\n\n\n<h3 class=\"wp-block-heading\" id=\"h-conclusion\">Ph\u1ea7n k\u1ebft lu\u1eadn<\/h3>\n\n\n\n<p>M\u1eb7c d\u00f9 ng\u1eef ph\u00e1p ti\u1ebfng Malayalam c\u00f3 v\u1ebb ph\u1ee9c t\u1ea1p, nh\u01b0ng b\u1ea1n c\u00f3 th\u1ec3 tr\u1edf n\u00ean th\u00e0nh th\u1ea1o ng\u00f4n ng\u1eef tuy\u1ec7t v\u1eddi n\u00e0y v\u1edbi s\u1ef1 c\u1ed1ng hi\u1ebfn, th\u1ef1c h\u00e0nh v\u00e0 nhi\u1ec7t t\u00ecnh. B\u1eb1ng c\u00e1ch t\u1eadp trung v\u00e0o c\u00e1c quy t\u1eafc c\u01a1 b\u1ea3n v\u00e0 t\u01b0\u01a1ng t\u00e1c v\u1edbi ng\u00f4n ng\u1eef trong c\u00e1c ng\u1eef c\u1ea3nh kh\u00e1c nhau, b\u1ea1n s\u1ebd nhanh ch\u00f3ng n\u00e2ng cao <a href=\"https:\/\/talkpal.ai\/vi\/ngu-phap\/\">k\u1ef9 n\u0103ng ng\u1eef ph\u00e1p<\/a> ti\u1ebfng Malayalam c\u1ee7a m\u00ecnh. Ashamsakal (ch\u00fac may m\u1eafn) v\u1edbi h\u00e0nh tr\u00ecnh ng\u00f4n ng\u1eef Malayalam c\u1ee7a b\u1ea1n v\u00e0 t\u1eadn h\u01b0\u1edfng vi\u1ec7c l\u00e0m s\u00e1ng t\u1ecf th\u1ebf gi\u1edbi ng\u1eef ph\u00e1p Malayalam b\u00ed \u1ea9n nh\u01b0ng quy\u1ebfn r\u0169!<\/p>\n<\/div><\/div>\n\r\n<section class=\"learnNavigationSection\">\r\n            \r\n        <a href=\"https:\/\/talkpal.ai\/vi\/hoc-tieng-malayalam\/\">\r\n            <div class=\"learnNavigationWrapper\">\r\n                <div class=\"learnNavigationContent\">\r\n                    <img decoding=\"async\" src=\"https:\/\/talkpal.ai\/wp-content\/uploads\/2025\/11\/Malayalam.png\" alt=\"Indian Simplified Flag\">\r\n                    <div>\r\n                        <h4>Gi\u1edbi thi\u1ec7u v\u1ec1 Malayalam Learning<\/h4>\r\n                        <p>T\u00ecm hi\u1ec3u t\u1ea5t c\u1ea3 v\u1ec1 Ng\u1eef ph\u00e1p Malayalam<\/p>\r\n                    <\/div>\r\n                <\/div>\r\n            <\/div>\r\n        <\/a>\r\n\r\n        \r\n        <a href=\"https:\/\/talkpal.ai\/vi\/bai-tap-ngu-phap-tieng-malayalam\/\">\r\n            <div class=\"learnNavigationWrapper\">\r\n                <div class=\"learnNavigationContent\">\r\n                    <img decoding=\"async\" src=\"https:\/\/talkpal.ai\/wp-content\/uploads\/2025\/11\/Malayalam.png\" alt=\"Indian Simplified Flag\">\r\n                    <div>\r\n                        <h4>B\u00e0i t\u1eadp ng\u1eef ph\u00e1p ti\u1ebfng Malayalam<\/h4>\r\n                        <p>Th\u1ef1c h\u00e0nh ng\u1eef ph\u00e1p Malayalam.<\/p>\r\n                    <\/div>\r\n                <\/div>\r\n            <\/div>\r\n        <\/a>\r\n\r\n            <\/section>","protected":false},"excerpt":{"rendered":"<p>\u0110i\u1ec1u h\u01b0\u1edbng s\u1ef1 ph\u1ee9c t\u1ea1p c\u1ee7a ng\u1eef ph\u00e1p Malayalam Malayalam, m\u1ed9t ng\u00f4n ng\u1eef Dravida c\u00f3 l\u1ecbch s\u1eed phong ph\u00fa v\u00e0 ngu\u1ed3n g\u1ed1c v\u0103n h\u00f3a s\u00e2u s\u1eafc \u1edf Kerala v\u00e0 c\u1ed9ng \u0111\u1ed3ng h\u1ea3i ngo\u1ea1i, mang \u0111\u1ebfn tr\u1ea3i nghi\u1ec7m ng\u00f4n ng\u1eef th\u00fa v\u1ecb cho nh\u1eefng ai mong mu\u1ed1n kh\u00e1m ph\u00e1 h\u1ec7 th\u1ed1ng ng\u1eef ph\u00e1p \u0111\u1ed9c \u0111\u00e1o c\u1ee7a [&hellip;]<\/p>\n","protected":false},"author":20,"featured_media":0,"parent":0,"menu_order":0,"comment_status":"closed","ping_status":"closed","template":"LearningContentPage.php","meta":{"_acf_changed":false,"footnotes":""},"class_list":["post-1475085","page","type-page","status-publish","hentry"],"acf":[],"yoast_head":"<!-- This site is optimized with the Yoast SEO Premium plugin v27.2 (Yoast SEO v27.2) - https:\/\/yoast.com\/product\/yoast-seo-premium-wordpress\/ -->\n<title>Ng\u1eef ph\u00e1p Malayalam - Talkpal<\/title>\n<meta name=\"description\" content=\"N\u1eafm v\u1eefng c\u00e1c quy t\u1eafc ng\u1eef ph\u00e1p ti\u1ebfng Malayalam, bao g\u1ed3m b\u1ea3ng ch\u1eef c\u00e1i, danh t\u1eeb v\u00e0 \u0111\u1ed9ng t\u1eeb, v\u1edbi h\u01b0\u1edbng d\u1eabn h\u1ecdc ng\u00f4n ng\u1eef to\u00e0n di\u1ec7n b\u1eb1ng tr\u00ed tu\u1ec7 nh\u00e2n t\u1ea1o c\u1ee7a ch\u00fang t\u00f4i.\" \/>\n<meta name=\"robots\" content=\"index, follow, max-snippet:-1, max-image-preview:large, max-video-preview:-1\" \/>\n<link rel=\"canonical\" href=\"https:\/\/talkpal.ai\/vi\/ngu-phap-malayalam\/\" \/>\n<meta property=\"og:locale\" content=\"vi_VN\" \/>\n<meta property=\"og:type\" content=\"article\" \/>\n<meta property=\"og:title\" content=\"Ng\u1eef ph\u00e1p Malayalam\" \/>\n<meta property=\"og:description\" content=\"\u0110i\u1ec1u h\u01b0\u1edbng s\u1ef1 ph\u1ee9c t\u1ea1p c\u1ee7a ng\u1eef ph\u00e1p Malayalam Malayalam, m\u1ed9t ng\u00f4n ng\u1eef Dravida c\u00f3 l\u1ecbch s\u1eed phong ph\u00fa v\u00e0 ngu\u1ed3n g\u1ed1c v\u0103n h\u00f3a s\u00e2u s\u1eafc \u1edf Kerala v\u00e0 c\u1ed9ng \u0111\u1ed3ng h\u1ea3i\" \/>\n<meta property=\"og:url\" content=\"https:\/\/talkpal.ai\/vi\/ngu-phap-malayalam\/\" \/>\n<meta property=\"og:site_name\" content=\"Talkpal\" \/>\n<meta property=\"article:publisher\" content=\"https:\/\/www.facebook.com\/profile.php?id=100090733639311\" \/>\n<meta property=\"article:modified_time\" content=\"2025-12-30T13:57:49+00:00\" \/>\n<meta property=\"og:image\" content=\"https:\/\/talkpal.ai\/wp-content\/uploads\/2025\/02\/Progress-tab-16_9.png\" \/>\n\t<meta property=\"og:image:width\" content=\"2880\" \/>\n\t<meta property=\"og:image:height\" content=\"1620\" \/>\n\t<meta property=\"og:image:type\" content=\"image\/png\" \/>\n<meta name=\"twitter:card\" content=\"summary_large_image\" \/>\n<meta name=\"twitter:site\" content=\"@talkpalai\" \/>\n<meta name=\"twitter:label1\" content=\"Est. reading time\" \/>\n\t<meta name=\"twitter:data1\" content=\"7 minutes\" \/>\n<script type=\"application\/ld+json\" class=\"yoast-schema-graph\">{\"@context\":\"https:\/\/schema.org\",\"@graph\":[{\"@type\":\"WebPage\",\"@id\":\"https:\/\/talkpal.ai\/vi\/ngu-phap-malayalam\/\",\"url\":\"https:\/\/talkpal.ai\/vi\/ngu-phap-malayalam\/\",\"name\":\"Ng\u1eef ph\u00e1p Malayalam - Talkpal\",\"isPartOf\":{\"@id\":\"https:\/\/talkpal.ai\/vi\/#website\"},\"datePublished\":\"2025-11-12T12:26:29+00:00\",\"dateModified\":\"2025-12-30T13:57:49+00:00\",\"description\":\"N\u1eafm v\u1eefng c\u00e1c quy t\u1eafc ng\u1eef ph\u00e1p ti\u1ebfng Malayalam, bao g\u1ed3m b\u1ea3ng ch\u1eef c\u00e1i, danh t\u1eeb v\u00e0 \u0111\u1ed9ng t\u1eeb, v\u1edbi h\u01b0\u1edbng d\u1eabn h\u1ecdc ng\u00f4n ng\u1eef to\u00e0n di\u1ec7n b\u1eb1ng tr\u00ed tu\u1ec7 nh\u00e2n t\u1ea1o c\u1ee7a ch\u00fang t\u00f4i.\",\"breadcrumb\":{\"@id\":\"https:\/\/talkpal.ai\/vi\/ngu-phap-malayalam\/#breadcrumb\"},\"inLanguage\":\"vi-VN\",\"potentialAction\":[{\"@type\":\"ReadAction\",\"target\":[\"https:\/\/talkpal.ai\/vi\/ngu-phap-malayalam\/\"]}]},{\"@type\":\"BreadcrumbList\",\"@id\":\"https:\/\/talkpal.ai\/vi\/ngu-phap-malayalam\/#breadcrumb\",\"itemListElement\":[{\"@type\":\"ListItem\",\"position\":1,\"name\":\"Homepage\",\"item\":\"https:\/\/talkpal.ai\/vi\/giao-vien-ngon-ngu-ai-3\/\"},{\"@type\":\"ListItem\",\"position\":2,\"name\":\"Ng\u1eef ph\u00e1p Malayalam\"}]},{\"@type\":\"WebSite\",\"@id\":\"https:\/\/talkpal.ai\/vi\/#website\",\"url\":\"https:\/\/talkpal.ai\/vi\/\",\"name\":\"Talkpal\",\"description\":\"AI Language Learning\",\"publisher\":{\"@id\":\"https:\/\/talkpal.ai\/vi\/#organization\"},\"alternateName\":\"Talkpal AI\",\"potentialAction\":[{\"@type\":\"SearchAction\",\"target\":{\"@type\":\"EntryPoint\",\"urlTemplate\":\"https:\/\/talkpal.ai\/vi\/?s={search_term_string}\"},\"query-input\":{\"@type\":\"PropertyValueSpecification\",\"valueRequired\":true,\"valueName\":\"search_term_string\"}}],\"inLanguage\":\"vi-VN\"},{\"@type\":\"Organization\",\"@id\":\"https:\/\/talkpal.ai\/vi\/#organization\",\"name\":\"Talkpal, Inc.\",\"alternateName\":\"Talkpal AI\",\"url\":\"https:\/\/talkpal.ai\/vi\/\",\"logo\":{\"@type\":\"ImageObject\",\"inLanguage\":\"vi-VN\",\"@id\":\"https:\/\/talkpal.ai\/vi\/#\/schema\/logo\/image\/\",\"url\":\"https:\/\/talkpal.ai\/wp-content\/uploads\/2024\/03\/Talkpal-Logo-Icon.png\",\"contentUrl\":\"https:\/\/talkpal.ai\/wp-content\/uploads\/2024\/03\/Talkpal-Logo-Icon.png\",\"width\":2880,\"height\":2880,\"caption\":\"Talkpal, Inc.\"},\"image\":{\"@id\":\"https:\/\/talkpal.ai\/vi\/#\/schema\/logo\/image\/\"},\"sameAs\":[\"https:\/\/www.facebook.com\/profile.php?id=100090733639311\",\"https:\/\/x.com\/talkpalai\",\"https:\/\/www.linkedin.com\/company\/talkpal\/\",\"https:\/\/www.youtube.com\/@TalkPal\/\",\"https:\/\/www.tiktok.com\/@talkpal\",\"https:\/\/www.instagram.com\/talkpal_ai\/\",\"https:\/\/www.crunchbase.com\/organization\/talkpal-9cde\",\"https:\/\/www.g2.com\/products\/talkpal-for-business\/\",\"https:\/\/www.trustpilot.com\/review\/talkpal.ai\",\"https:\/\/www.capterra.com\/p\/10006800\/TalkPal\/\"],\"description\":\"Talkpal is a language learning web and mobile education app, powered by the latest AI technologies, that provides engaging experiences to its customers in many different languages to help them improve their language skills. Users can chat about unlimited amount of topics with the app and use other modes to practice their language learning.\",\"email\":\"support@talkpal.ai\",\"legalName\":\"Talkpal, Inc.\",\"foundingDate\":\"2023-04-03\",\"duns\":\"118989042\",\"numberOfEmployees\":{\"@type\":\"QuantitativeValue\",\"minValue\":\"11\",\"maxValue\":\"50\"},\"publishingPrinciples\":\"https:\/\/talkpal.ai\/publishing-principles\/\",\"actionableFeedbackPolicy\":\"https:\/\/talkpal.ai\/actionable-feedback-policy\/\",\"correctionsPolicy\":\"https:\/\/talkpal.ai\/corrections-policy\/\",\"ethicsPolicy\":\"https:\/\/talkpal.ai\/ethics-policy\/\",\"diversityPolicy\":\"https:\/\/talkpal.ai\/diversity-policy\/\",\"diversityStaffingReport\":\"https:\/\/talkpal.ai\/diversity-policy\/\"}]}<\/script>\n<!-- \/ Yoast SEO Premium plugin. -->","yoast_head_json":{"title":"Ng\u1eef ph\u00e1p Malayalam - Talkpal","description":"N\u1eafm v\u1eefng c\u00e1c quy t\u1eafc ng\u1eef ph\u00e1p ti\u1ebfng Malayalam, bao g\u1ed3m b\u1ea3ng ch\u1eef c\u00e1i, danh t\u1eeb v\u00e0 \u0111\u1ed9ng t\u1eeb, v\u1edbi h\u01b0\u1edbng d\u1eabn h\u1ecdc ng\u00f4n ng\u1eef to\u00e0n di\u1ec7n b\u1eb1ng tr\u00ed tu\u1ec7 nh\u00e2n t\u1ea1o c\u1ee7a ch\u00fang t\u00f4i.","robots":{"index":"index","follow":"follow","max-snippet":"max-snippet:-1","max-image-preview":"max-image-preview:large","max-video-preview":"max-video-preview:-1"},"canonical":"https:\/\/talkpal.ai\/vi\/ngu-phap-malayalam\/","og_locale":"vi_VN","og_type":"article","og_title":"Ng\u1eef ph\u00e1p Malayalam","og_description":"\u0110i\u1ec1u h\u01b0\u1edbng s\u1ef1 ph\u1ee9c t\u1ea1p c\u1ee7a ng\u1eef ph\u00e1p Malayalam Malayalam, m\u1ed9t ng\u00f4n ng\u1eef Dravida c\u00f3 l\u1ecbch s\u1eed phong ph\u00fa v\u00e0 ngu\u1ed3n g\u1ed1c v\u0103n h\u00f3a s\u00e2u s\u1eafc \u1edf Kerala v\u00e0 c\u1ed9ng \u0111\u1ed3ng h\u1ea3i","og_url":"https:\/\/talkpal.ai\/vi\/ngu-phap-malayalam\/","og_site_name":"Talkpal","article_publisher":"https:\/\/www.facebook.com\/profile.php?id=100090733639311","article_modified_time":"2025-12-30T13:57:49+00:00","og_image":[{"width":2880,"height":1620,"url":"https:\/\/talkpal.ai\/wp-content\/uploads\/2025\/02\/Progress-tab-16_9.png","type":"image\/png"}],"twitter_card":"summary_large_image","twitter_site":"@talkpalai","twitter_misc":{"Est. reading time":"7 minutes"},"schema":{"@context":"https:\/\/schema.org","@graph":[{"@type":"WebPage","@id":"https:\/\/talkpal.ai\/vi\/ngu-phap-malayalam\/","url":"https:\/\/talkpal.ai\/vi\/ngu-phap-malayalam\/","name":"Ng\u1eef ph\u00e1p Malayalam - Talkpal","isPartOf":{"@id":"https:\/\/talkpal.ai\/vi\/#website"},"datePublished":"2025-11-12T12:26:29+00:00","dateModified":"2025-12-30T13:57:49+00:00","description":"N\u1eafm v\u1eefng c\u00e1c quy t\u1eafc ng\u1eef ph\u00e1p ti\u1ebfng Malayalam, bao g\u1ed3m b\u1ea3ng ch\u1eef c\u00e1i, danh t\u1eeb v\u00e0 \u0111\u1ed9ng t\u1eeb, v\u1edbi h\u01b0\u1edbng d\u1eabn h\u1ecdc ng\u00f4n ng\u1eef to\u00e0n di\u1ec7n b\u1eb1ng tr\u00ed tu\u1ec7 nh\u00e2n t\u1ea1o c\u1ee7a ch\u00fang t\u00f4i.","breadcrumb":{"@id":"https:\/\/talkpal.ai\/vi\/ngu-phap-malayalam\/#breadcrumb"},"inLanguage":"vi-VN","potentialAction":[{"@type":"ReadAction","target":["https:\/\/talkpal.ai\/vi\/ngu-phap-malayalam\/"]}]},{"@type":"BreadcrumbList","@id":"https:\/\/talkpal.ai\/vi\/ngu-phap-malayalam\/#breadcrumb","itemListElement":[{"@type":"ListItem","position":1,"name":"Homepage","item":"https:\/\/talkpal.ai\/vi\/giao-vien-ngon-ngu-ai-3\/"},{"@type":"ListItem","position":2,"name":"Ng\u1eef ph\u00e1p Malayalam"}]},{"@type":"WebSite","@id":"https:\/\/talkpal.ai\/vi\/#website","url":"https:\/\/talkpal.ai\/vi\/","name":"Talkpal","description":"AI Language Learning","publisher":{"@id":"https:\/\/talkpal.ai\/vi\/#organization"},"alternateName":"Talkpal AI","potentialAction":[{"@type":"SearchAction","target":{"@type":"EntryPoint","urlTemplate":"https:\/\/talkpal.ai\/vi\/?s={search_term_string}"},"query-input":{"@type":"PropertyValueSpecification","valueRequired":true,"valueName":"search_term_string"}}],"inLanguage":"vi-VN"},{"@type":"Organization","@id":"https:\/\/talkpal.ai\/vi\/#organization","name":"Talkpal, Inc.","alternateName":"Talkpal AI","url":"https:\/\/talkpal.ai\/vi\/","logo":{"@type":"ImageObject","inLanguage":"vi-VN","@id":"https:\/\/talkpal.ai\/vi\/#\/schema\/logo\/image\/","url":"https:\/\/talkpal.ai\/wp-content\/uploads\/2024\/03\/Talkpal-Logo-Icon.png","contentUrl":"https:\/\/talkpal.ai\/wp-content\/uploads\/2024\/03\/Talkpal-Logo-Icon.png","width":2880,"height":2880,"caption":"Talkpal, Inc."},"image":{"@id":"https:\/\/talkpal.ai\/vi\/#\/schema\/logo\/image\/"},"sameAs":["https:\/\/www.facebook.com\/profile.php?id=100090733639311","https:\/\/x.com\/talkpalai","https:\/\/www.linkedin.com\/company\/talkpal\/","https:\/\/www.youtube.com\/@TalkPal\/","https:\/\/www.tiktok.com\/@talkpal","https:\/\/www.instagram.com\/talkpal_ai\/","https:\/\/www.crunchbase.com\/organization\/talkpal-9cde","https:\/\/www.g2.com\/products\/talkpal-for-business\/","https:\/\/www.trustpilot.com\/review\/talkpal.ai","https:\/\/www.capterra.com\/p\/10006800\/TalkPal\/"],"description":"Talkpal is a language learning web and mobile education app, powered by the latest AI technologies, that provides engaging experiences to its customers in many different languages to help them improve their language skills. Users can chat about unlimited amount of topics with the app and use other modes to practice their language learning.","email":"support@talkpal.ai","legalName":"Talkpal, Inc.","foundingDate":"2023-04-03","duns":"118989042","numberOfEmployees":{"@type":"QuantitativeValue","minValue":"11","maxValue":"50"},"publishingPrinciples":"https:\/\/talkpal.ai\/publishing-principles\/","actionableFeedbackPolicy":"https:\/\/talkpal.ai\/actionable-feedback-policy\/","correctionsPolicy":"https:\/\/talkpal.ai\/corrections-policy\/","ethicsPolicy":"https:\/\/talkpal.ai\/ethics-policy\/","diversityPolicy":"https:\/\/talkpal.ai\/diversity-policy\/","diversityStaffingReport":"https:\/\/talkpal.ai\/diversity-policy\/"}]}},"_links":{"self":[{"href":"https:\/\/talkpal.ai\/vi\/wp-json\/wp\/v2\/pages\/1475085","targetHints":{"allow":["GET"]}}],"collection":[{"href":"https:\/\/talkpal.ai\/vi\/wp-json\/wp\/v2\/pages"}],"about":[{"href":"https:\/\/talkpal.ai\/vi\/wp-json\/wp\/v2\/types\/page"}],"author":[{"embeddable":true,"href":"https:\/\/talkpal.ai\/vi\/wp-json\/wp\/v2\/users\/20"}],"replies":[{"embeddable":true,"href":"https:\/\/talkpal.ai\/vi\/wp-json\/wp\/v2\/comments?post=1475085"}],"version-history":[{"count":0,"href":"https:\/\/talkpal.ai\/vi\/wp-json\/wp\/v2\/pages\/1475085\/revisions"}],"wp:attachment":[{"href":"https:\/\/talkpal.ai\/vi\/wp-json\/wp\/v2\/media?parent=1475085"}],"curies":[{"name":"wp","href":"https:\/\/api.w.org\/{rel}","templated":true}]}}