{"id":1475068,"date":"2025-11-12T12:14:54","date_gmt":"2025-11-12T12:14:54","guid":{"rendered":"https:\/\/talkpal.ai\/bai-tap-ngu-phap-lao\/"},"modified":"2025-12-30T14:07:51","modified_gmt":"2025-12-30T14:07:51","slug":"bai-tap-ngu-phap-lao","status":"publish","type":"page","link":"https:\/\/talkpal.ai\/vi\/bai-tap-ngu-phap-lao\/","title":{"rendered":"B\u00e0i t\u1eadp ng\u1eef ph\u00e1p L\u00e0o"},"content":{"rendered":"\r\n\r\n\r\n<section class=\"languageChallengeSection\">\r\n    <div class=\"languageInfoWrapper\">\r\n        \r\n        <h1>B\u00e0i t\u1eadp ng\u1eef ph\u00e1p L\u00e0o<\/h1>\r\n        <p>S\u1eb5n s\u00e0ng \u0111i s\u00e2u v\u00e0o <a href=\"https:\/\/talkpal.ai\/vi\/ngu-phap\/\">ng\u1eef ph\u00e1p<\/a> ti\u1ebfng <a href=\"https:\/\/talkpal.ai\/learn-lao\/\">L\u00e0o<\/a>? Th\u1ef1c h\u00e0nh m\u1ed9t v\u00e0i \u0111i\u1ec1u c\u01a1 b\u1ea3n s\u1ebd gi\u00fap b\u1ea1n c\u1ea3m th\u1ea5y tho\u1ea3i m\u00e1i v\u1edbi <a href=\"https:\/\/talkpal.ai\/vi\/hoc-ngon-ngu-cho-cac-truong-ngon-ngu\/\">ng\u00f4n ng\u1eef<\/a> \u0111\u1ed9c \u0111\u00e1o v\u00e0 \u0111\u1eb9p m\u1eaft n\u00e0y. H\u00e3y th\u1eed c\u00e1c b\u00e0i t\u1eadp n\u00e0y \u0111\u1ec3 x\u00e2y d\u1ef1ng s\u1ef1 t\u1ef1 tin c\u1ee7a b\u1ea1n v\u00e0 c\u00f3 m\u1ed9t s\u1ed1 ni\u1ec1m vui tr\u00ean \u0111\u01b0\u1eddng \u0111i!<\/p>\r\n\r\n                            <a class=\"getStartedHidden\" href=\"https:\/\/app.talkpal.ai\/vi\/signup?lng=\">B\u1eaft \u0111\u1ea7u nh\u00e9<\/a>\r\n        \r\n    <\/div>\r\n\r\n    <figure>\r\n    <img decoding=\"async\" width=\"768\" height=\"768\" src=\"https:\/\/talkpal.ai\/wp-content\/uploads\/2023\/06\/welsh-768x768.png\" class=\"languageImage no-lazy\" alt=\"Language learning for better cognitive abilities\" fetchpriority=\"high\" sizes=\"(max-width: 768px) 150px, 768px\" srcset=\"https:\/\/talkpal.ai\/wp-content\/uploads\/2023\/06\/welsh-768x768.png 768w, https:\/\/talkpal.ai\/wp-content\/uploads\/2023\/06\/welsh-300x300.png 300w\" \/>\r\n    \r\n\r\n    <\/figure>\r\n\r\n            <a class=\"getStartedVisible\" href=\"https:\/\/app.talkpal.ai\/vi\/signup?lng=\">B\u1eaft \u0111\u1ea7u nh\u00e9<\/a>\r\n    \r\n<\/section><section class=\"promotionalBanner\">\r\n    <p class=\"promotionalText\">C\u00e1ch hi\u1ec7u qu\u1ea3 nh\u1ea5t \u0111\u1ec3 h\u1ecdc m\u1ed9t ng\u00f4n ng\u1eef<\/p>\r\n    <a class=\"promotionalLink\" href=\"https:\/\/app.talkpal.ai\/vi\/signup?lng=\">D\u00f9ng th\u1eed Talkpal mi\u1ec5n ph\u00ed<\/a>\r\n<\/section>\n<div class=\"wp-block-group pageContainerStyle\"><div class=\"wp-block-group__inner-container is-layout-constrained wp-block-group-is-layout-constrained\">\n<h2 class=\"wp-block-heading\" id=\"h-lao-grammar-topics\">Ch\u1ee7 \u0111\u1ec1 ng\u1eef ph\u00e1p L\u00e0o<\/h2>\n\n\n\n<p><a href=\"https:\/\/talkpal.ai\/vi\/nhung-sai-lam-lon-nhat-can-tranh-khi-hoc-mot-ngon-ngu-moi\/\">H\u1ecdc m\u1ed9t ng\u00f4n ng\u1eef m\u1edbi<\/a> c\u00f3 th\u1ec3 l\u00e0 m\u1ed9t n\u1ed7 l\u1ef1c \u0111\u1ea7y th\u00e1ch th\u1ee9c nh\u01b0ng b\u1ed5 \u00edch. Ti\u1ebfng L\u00e0o, m\u1ed9t ng\u00f4n ng\u1eef Tai-Kadai \u0111\u01b0\u1ee3c n\u00f3i ch\u1ee7 y\u1ebfu \u1edf L\u00e0o, c\u0169ng kh\u00f4ng ngo\u1ea1i l\u1ec7. V\u1edbi c\u00e1c t\u00ednh n\u0103ng v\u00e0 c\u1ea5u tr\u00fac \u0111\u1ed9c \u0111\u00e1o c\u1ee7a n\u00f3, <a href=\"https:\/\/talkpal.ai\/vi\/talkpal-danh-cho-giao-duc\/\">h\u1ecdc<\/a> ti\u1ebfng L\u00e0o \u0111\u00f2i h\u1ecfi m\u1ed9t c\u00e1ch ti\u1ebfp c\u1eadn c\u00f3 h\u1ec7 th\u1ed1ng \u0111\u1ec3 hi\u1ec3u c\u00e1ch \u00fd ngh\u0129a \u0111\u01b0\u1ee3c x\u00e2y d\u1ef1ng b\u1eb1ng c\u00e1c h\u1ea1t, tr\u1eadt t\u1ef1 t\u1eeb v\u00e0 b\u1ed9 ph\u00e2n lo\u1ea1i thay v\u00ec bi\u1ebfn t\u1ea5u. H\u01b0\u1edbng d\u1eabn n\u00e0y ph\u00e1c th\u1ea3o c\u00e1c l\u0129nh v\u1ef1c ch\u00ednh c\u1ee7a <a href=\"https:\/\/talkpal.ai\/vi\/ngu-phap-lao\/\">ng\u1eef ph\u00e1p ti\u1ebfng L\u00e0o<\/a> theo tr\u00ecnh t\u1ef1 logic \u0111\u1ec3 <a href=\"https:\/\/talkpal.ai\/vi\/ai-chatbot-cho-viec-hoc-ngon-ngu\/\">h\u1ecdc ng\u00f4n ng\u1eef<\/a>, b\u1eaft \u0111\u1ea7u t\u1eeb nh\u1eefng \u0111i\u1ec1u c\u01a1 b\u1ea3n nh\u01b0 danh t\u1eeb v\u00e0 ph\u00e2n lo\u1ea1i, v\u00e0 ti\u1ebfn t\u1edbi c\u00e1c l\u0129nh v\u1ef1c ph\u1ee9c t\u1ea1p h\u01a1n nh\u01b0 \u0111i\u1ec3m \u0111\u00e1nh d\u1ea5u kh\u00eda c\u1ea1nh v\u00e0 c\u1ea5u tr\u00fac c\u00e2u.<\/p>\n\n\n\n<h3 class=\"wp-block-heading\" id=\"h-1-nouns\">1. Danh t\u1eeb:<\/h3>\n\n\n\n<p>B\u1eaft \u0111\u1ea7u h\u00e0nh tr\u00ecnh ng\u00f4n ng\u1eef L\u00e0o c\u1ee7a b\u1ea1n b\u1eb1ng c\u00e1ch h\u1ecdc danh t\u1eeb. \u0110i\u1ec1u n\u00e0y bao g\u1ed3m vi\u1ec7c hi\u1ec3u danh t\u1eeb chung v\u00e0 ri\u00eang, c\u00e1ch s\u1ed1 nhi\u1ec1u \u0111\u01b0\u1ee3c th\u1ec3 hi\u1ec7n th\u00f4ng qua ng\u1eef c\u1ea3nh, ch\u1eef s\u1ed1 v\u00e0 c\u00e1c t\u1eeb gi\u1ed1ng nh\u01b0 nhi\u1ec1u, c\u0169ng nh\u01b0 vai tr\u00f2 thi\u1ebft y\u1ebfu c\u1ee7a c\u00e1c t\u1eeb ph\u00e2n lo\u1ea1i sau s\u1ed1 v\u00e0 \u0111\u1ecbnh l\u01b0\u1ee3ng.<\/p>\n\n\n\n<h3 class=\"wp-block-heading\" id=\"h-2-articles\">2. B\u00e0i vi\u1ebft:<\/h3>\n\n\n\n<p>L\u00e0o kh\u00f4ng s\u1eed d\u1ee5ng m\u1ea1o t\u1eeb x\u00e1c \u0111\u1ecbnh ho\u1eb7c kh\u00f4ng x\u00e1c \u0111\u1ecbnh. Thay v\u00e0o \u0111\u00f3, t\u00ednh x\u00e1c \u0111\u1ecbnh v\u00e0 t\u00ednh c\u1ee5 th\u1ec3 \u0111\u01b0\u1ee3c th\u1ec3 hi\u1ec7n th\u00f4ng qua ng\u1eef c\u1ea3nh, c\u00e1c bi\u1ec3u hi\u1ec7n nh\u01b0 th\u1ebf n\u00e0y v\u00e0 c\u00e1i kia, v\u00e0 c\u1ea5u tr\u00fac ph\u00e2n lo\u1ea1i.<\/p>\n\n\n\n<h3 class=\"wp-block-heading\" id=\"h-3-adjectives\">3. T\u00ednh t\u1eeb:<\/h3>\n\n\n\n<p>T\u00ednh t\u1eeb trong ti\u1ebfng L\u00e0o th\u01b0\u1eddng theo sau danh t\u1eeb m\u00e0 ch\u00fang s\u1eeda \u0111\u1ed5i. T\u00ecm hi\u1ec3u c\u00e1ch t\u00ednh t\u1eeb c\u0169ng c\u00f3 th\u1ec3 ho\u1ea1t \u0111\u1ed9ng nh\u01b0 v\u1ecb ng\u1eef v\u00e0 c\u00e1ch h\u00ecnh th\u00e0nh so s\u00e1nh b\u1eb1ng c\u00e1ch s\u1eed d\u1ee5ng c\u00e1c \u0111i\u1ec3m \u0111\u00e1nh d\u1ea5u cho nhi\u1ec1u h\u01a1n v\u00e0 h\u01a1n, c\u0169ng nh\u01b0 c\u00e1c t\u00ednh t\u1eeb cao nh\u1ea5t v\u1edbi nhi\u1ec1u nh\u1ea5t.<\/p>\n\n\n\n<h3 class=\"wp-block-heading\" id=\"h-4-pronouns-determiners\">4. \u0110\u1ea1i t\u1eeb\/T\u1eeb \u0111\u1ecbnh \u0111\u1ecbnh:<\/h3>\n\n\n\n<p>\u0110\u1ea1i t\u1eeb v\u00e0 t\u1eeb h\u1ea1n \u0111\u1ecbnh l\u00e0 \u0111i\u1ec1u c\u1ea7n thi\u1ebft trong ti\u1ebfng L\u00e0o; \u0110\u1ea1i t\u1eeb kh\u00e1c nhau t\u00f9y theo l\u1ecbch s\u1ef1, tu\u1ed5i t\u00e1c v\u00e0 b\u1ed1i c\u1ea3nh x\u00e3 h\u1ed9i. C\u00e1c t\u1eeb h\u1ea1n \u0111\u1ecbnh bao g\u1ed3m c\u00e1c t\u1eeb ch\u1ec9 d\u1eabn v\u00e0 \u0111\u1ecbnh l\u01b0\u1ee3ng, v\u00e0 s\u1edf h\u1eefu th\u01b0\u1eddng \u0111\u01b0\u1ee3c \u0111\u00e1nh d\u1ea5u b\u1eb1ng t\u1eeb for gi\u1eefa ng\u01b0\u1eddi s\u1edf h\u1eefu v\u00e0 danh t\u1eeb.<\/p>\n\n\n\n<h3 class=\"wp-block-heading\" id=\"h-5-verbs\">5. \u0110\u1ed9ng t\u1eeb:<\/h3>\n\n\n\n<p>\u0110\u1ed9ng t\u1eeb L\u00e0o kh\u00f4ng thay \u0111\u1ed5i h\u00ecnh th\u1ee9c cho th\u00ec, ng\u01b0\u1eddi ho\u1eb7c s\u1ed1. Th\u1eddi gian, kh\u00eda c\u1ea1nh v\u00e0 t\u00e2m tr\u1ea1ng \u0111\u01b0\u1ee3c th\u1ec3 hi\u1ec7n b\u1eb1ng c\u00e1c h\u1ea1t v\u00e0 c\u00e1c t\u1eeb ph\u1ee5. B\u1eaft \u0111\u1ea7u v\u1edbi c\u00e1c m\u1eabu \u0111\u1ed9ng t\u1eeb c\u01a1 b\u1ea3n v\u00e0 t\u00ecm hi\u1ec3u c\u00e1c \u0111i\u1ec3m \u0111\u00e1nh d\u1ea5u ph\u1ed5 bi\u1ebfn cho qu\u00e1 kh\u1ee9, ho\u00e0n th\u00e0nh, h\u00e0nh \u0111\u1ed9ng \u0111ang di\u1ec5n ra v\u00e0 \u00fd \u0111\u1ecbnh.<\/p>\n\n\n\n<h3 class=\"wp-block-heading\" id=\"h-6-tenses\">6. Th\u00ec:<\/h3>\n\n\n\n<p>Sau khi n\u1eafm v\u1eefng c\u00e1c m\u1eabu \u0111\u1ed9ng t\u1eeb c\u01a1 b\u1ea3n, h\u00e3y t\u00ecm hi\u1ec3u s\u00e2u h\u01a1n <a href=\"https:\/\/talkpal.ai\/vi\/ve\/\">v\u1ec1<\/a> c\u00e1ch L\u00e0o di\u1ec5n \u0111\u1ea1t th\u1eddi gian m\u00e0 kh\u00f4ng c\u00f3 th\u00ec bi\u1ebfn t\u1ea5u. \u0110i\u1ec1u n\u00e0y bao g\u1ed3m vi\u1ec7c s\u1eed d\u1ee5ng c\u00e1c t\u1eeb th\u1eddi gian v\u00e0 \u0111i\u1ec3m \u0111\u00e1nh d\u1ea5u kh\u00eda c\u1ea1nh \u0111\u1ec3 ph\u00e2n bi\u1ec7t c\u00e1c t\u00ecnh hu\u1ed1ng hi\u1ec7n t\u1ea1i, c\u00e1c s\u1ef1 ki\u1ec7n \u0111\u00e3 ho\u00e0n th\u00e0nh v\u00e0 c\u00e1c h\u00e0nh \u0111\u1ed9ng trong t\u01b0\u01a1ng lai ho\u1eb7c d\u1ef1 \u0111\u1ecbnh trong c\u00e1c ng\u1eef c\u1ea3nh kh\u00e1c nhau.<\/p>\n\n\n\n<h3 class=\"wp-block-heading\" id=\"h-7-tense-comparison\">7. So s\u00e1nh c\u0103ng th\u1eb3ng:<\/h3>\n\n\n\n<p>So s\u00e1nh th\u1eddi gian v\u00e0 \u0111\u00e1nh d\u1ea5u kh\u00eda c\u1ea1nh b\u1eb1ng ti\u1ebfng L\u00e0o gi\u00fap hi\u1ec3u tr\u00ecnh t\u1ef1 v\u00e0 quan \u0111i\u1ec3m c\u1ee7a c\u00e1c s\u1ef1 ki\u1ec7n. So s\u00e1nh c\u00f9ng m\u1ed9t m\u1ec7nh \u0111\u1ec1 v\u1edbi c\u00e1c h\u1ea1t kh\u00e1c nhau \u0111\u1ec3 xem \u00fd ngh\u0129a thay \u0111\u1ed5i nh\u01b0 th\u1ebf n\u00e0o gi\u1eefa c\u00e1c b\u00e0i \u0111\u1ecdc \u0111\u00e3 ho\u00e0n th\u00e0nh, \u0111ang di\u1ec5n ra, theo th\u00f3i quen v\u00e0 t\u01b0\u01a1ng lai.<\/p>\n\n\n\n<h3 class=\"wp-block-heading\" id=\"h-8-progressive\">8. Ti\u1ebfn b\u1ed9:<\/h3>\n\n\n\n<p>T\u1eeb ti\u1ebfn b\u1ed9 trong ti\u1ebfng L\u00e0o \u0111\u01b0\u1ee3c s\u1eed d\u1ee5ng \u0111\u1ec3 th\u1ec3 hi\u1ec7n c\u00e1c h\u00e0nh \u0111\u1ed9ng \u0111ang di\u1ec5n ra. N\u00f3 th\u01b0\u1eddng \u0111\u01b0\u1ee3c h\u00ecnh th\u00e0nh v\u1edbi m\u1ed9t \u0111i\u1ec3m \u0111\u00e1nh d\u1ea5u tr\u01b0\u1edbc l\u1eddi n\u00f3i cho \u0111ang di\u1ec5n ra v\u00e0 c\u00f3 th\u1ec3 \u0111\u01b0\u1ee3c c\u1ee7ng c\u1ed1 b\u1eb1ng m\u1ed9t \u0111i\u1ec3m \u0111\u00e1nh d\u1ea5u cu\u1ed1i c\u00e2u ho\u1eb7c sau l\u1eddi n\u00f3i cho bi\u1ebft tr\u1ea1ng th\u00e1i hi\u1ec7n t\u1ea1i.<\/p>\n\n\n\n<h3 class=\"wp-block-heading\" id=\"h-9-perfect-progressive\">9. Ti\u1ebfn b\u1ed9 ho\u00e0n h\u1ea3o:<\/h3>\n\n\n\n<p>\u00dd ngh\u0129a n\u00e0y \u0111\u01b0\u1ee3c th\u1ec3 hi\u1ec7n b\u1eb1ng c\u00e1c k\u1ebft h\u1ee3p hi\u1ec3n th\u1ecb th\u1eddi l\u01b0\u1ee3ng l\u00ean \u0111\u1ebfn m\u1ed9t \u0111i\u1ec3m tham chi\u1ebfu. Ti\u1ebfng L\u00e0o s\u1eed d\u1ee5ng c\u00e1c \u0111i\u1ec3m \u0111\u00e1nh d\u1ea5u kh\u00eda c\u1ea1nh, bi\u1ec3u th\u1ee9c th\u1eddi gian v\u00e0 c\u00e1c h\u1ea1t bi\u1ec3u th\u1ecb \u0111\u00e3 ho\u1eb7c \u0111\u1ebfn nay \u0111\u1ec3 truy\u1ec1n \u0111\u1ea1t \u0111\u00e3 \u0111\u01b0\u1ee3c th\u1ef1c hi\u1ec7n trong m\u1ed9t kho\u1ea3ng th\u1eddi gian.<\/p>\n\n\n\n<h3 class=\"wp-block-heading\" id=\"h-10-conditionals\">10. \u0110i\u1ec1u ki\u1ec7n:<\/h3>\n\n\n\n<p>\u0110i\u1ec1u ki\u1ec7n th\u1ec3 hi\u1ec7n c\u00e1c t\u00ecnh hu\u1ed1ng gi\u1ea3 \u0111\u1ecbnh v\u00e0 k\u1ebft qu\u1ea3 c\u00f3 th\u1ec3 x\u1ea3y ra c\u1ee7a ch\u00fang. Ch\u00fang \u0111\u01b0\u1ee3c h\u00ecnh th\u00e0nh v\u1edbi m\u1ec7nh \u0111\u1ec1 if theo sau l\u00e0 m\u1ec7nh \u0111\u1ec1 k\u1ebft qu\u1ea3, th\u01b0\u1eddng s\u1eed d\u1ee5ng c\u00e1c h\u1ea1t ph\u01b0\u01a1ng th\u1ee9c \u0111\u1ec3 bi\u1ec3u th\u1ecb kh\u1ea3 n\u0103ng ho\u1eb7c \u00fd \u0111\u1ecbnh h\u01a1n l\u00e0 thay \u0111\u1ed5i th\u00ec.<\/p>\n\n\n\n<h3 class=\"wp-block-heading\" id=\"h-11-adverbs\">11. Tr\u1ea1ng t\u1eeb:<\/h3>\n\n\n\n<p>Tr\u1ea1ng t\u1eeb trong ti\u1ebfng L\u00e0o s\u1eeda \u0111\u1ed5i \u0111\u1ed9ng t\u1eeb, t\u00ednh t\u1eeb ho\u1eb7c c\u00e1c tr\u1ea1ng t\u1eeb kh\u00e1c. Ch\u00fang th\u01b0\u1eddng xu\u1ea5t hi\u1ec7n sau \u0111\u1ed9ng t\u1eeb ho\u1eb7c \u1edf cu\u1ed1i m\u1ec7nh \u0111\u1ec1 v\u00e0 cung c\u1ea5p th\u00f4ng tin v\u1ec1 c\u00e1ch th\u1ee9c, \u0111\u1ecba \u0111i\u1ec3m, th\u1eddi gian, m\u1ee9c \u0111\u1ed9, v.v.<\/p>\n\n\n\n<h3 class=\"wp-block-heading\" id=\"h-12-prepositions\">12. Gi\u1edbi t\u1eeb:<\/h3>\n\n\n\n<p>Gi\u1edbi t\u1eeb li\u00ean k\u1ebft c\u00e1c t\u1eeb v\u00e0 c\u1ee5m t\u1eeb v\u1edbi nhau. Trong ti\u1ebfng L\u00e0o, nhi\u1ec1u trong s\u1ed1 n\u00e0y l\u00e0 c\u00e1c b\u00eca xu\u1ea5t hi\u1ec7n tr\u01b0\u1edbc danh t\u1eeb ho\u1eb7c trong c\u00e1c c\u1ea5u tr\u00fac \u0111\u1ed9ng t\u1eeb n\u1ed1i ti\u1ebfp \u0111\u1ec3 di\u1ec5n \u0111\u1ea1t c\u00e1c m\u1ed1i quan h\u1ec7 v\u1ec1 th\u1eddi gian, \u0111\u1ecba \u0111i\u1ec3m, h\u01b0\u1edbng v\u00e0 \u0111\u1ec7m<\/p>\n\n\n\n<h3 class=\"wp-block-heading\" id=\"h-13-sentences\">13. C\u00e2u:<\/h3>\n\n\n\n<p>Cu\u1ed1i c\u00f9ng, th\u1ef1c h\u00e0nh x\u00e2y d\u1ef1ng c\u00e2u. Ti\u1ebfng L\u00e0o ch\u1ee7 y\u1ebfu l\u00e0 t\u00e2n ng\u1eef \u0111\u1ed9ng t\u1eeb, v\u1edbi ph\u1ee7 \u0111\u1ecbnh tr\u01b0\u1edbc \u0111\u1ed9ng t\u1eeb v\u00e0 c\u00e1c h\u1ea1t c\u00e2u h\u1ecfi ho\u1eb7c c\u00e1c t\u1eeb c\u00e2u h\u1ecfi \u1edf v\u1ecb tr\u00ed. S\u1eed d\u1ee5ng t\u1ea5t c\u1ea3 c\u00e1c \u0111i\u1ec3m ng\u1eef ph\u00e1p \u0111\u00e3 h\u1ecdc tr\u01b0\u1edbc \u0111\u00f3 trong ng\u1eef c\u1ea3nh, bao g\u1ed3m c\u00e1c b\u1ed9 ph\u00e2n lo\u1ea1i, d\u1ea5u hi\u1ec7u kh\u00eda c\u1ea1nh v\u00e0 \u0111\u1ed9ng t\u1eeb n\u1ed1i ti\u1ebfp, \u0111\u1ec3 \u0111\u1ea3m b\u1ea3o hi\u1ec3u to\u00e0n di\u1ec7n v\u1ec1 ti\u1ebfng L\u00e0o.<\/p>\n<\/div><\/div>\n\r\n<section class=\"learnNavigationSection\">\r\n            \r\n        <a href=\"https:\/\/talkpal.ai\/vi\/hoc-tieng-lao\/\">\r\n            <div class=\"learnNavigationWrapper\">\r\n                <div class=\"learnNavigationContent\">\r\n                    <img decoding=\"async\" src=\"https:\/\/talkpal.ai\/wp-content\/uploads\/2025\/11\/Lao-1.png\" alt=\"Laotian Flag\">\r\n                    <div>\r\n                        <h4>Gi\u1edbi thi\u1ec7u v\u1ec1 Lao Learning<\/h4>\r\n                        <p>T\u00ecm hi\u1ec3u t\u1ea5t c\u1ea3 v\u1ec1 Ng\u1eef ph\u00e1p L\u00e0o.<\/p>\r\n                    <\/div>\r\n                <\/div>\r\n            <\/div>\r\n        <\/a>\r\n\r\n        \r\n        <a href=\"https:\/\/talkpal.ai\/vi\/ngu-phap-lao\/\">\r\n            <div class=\"learnNavigationWrapper\">\r\n                <div class=\"learnNavigationContent\">\r\n                    <img decoding=\"async\" src=\"https:\/\/talkpal.ai\/wp-content\/uploads\/2025\/11\/Lao-1.png\" alt=\"Laotian Flag\">\r\n                    <div>\r\n                        <h4>B\u00e0i h\u1ecdc ng\u1eef ph\u00e1p ti\u1ebfng L\u00e0o<\/h4>\r\n                        <p>Th\u1ef1c h\u00e0nh ng\u1eef ph\u00e1p ti\u1ebfng L\u00e0o.<\/p>\r\n                    <\/div>\r\n                <\/div>\r\n            <\/div>\r\n        <\/a>\r\n\r\n            <\/section>","protected":false},"excerpt":{"rendered":"<p>Ch\u1ee7 \u0111\u1ec1 ng\u1eef ph\u00e1p L\u00e0o H\u1ecdc m\u1ed9t ng\u00f4n ng\u1eef m\u1edbi c\u00f3 th\u1ec3 l\u00e0 m\u1ed9t n\u1ed7 l\u1ef1c \u0111\u1ea7y th\u00e1ch th\u1ee9c nh\u01b0ng b\u1ed5 \u00edch. Ti\u1ebfng L\u00e0o, m\u1ed9t ng\u00f4n ng\u1eef Tai-Kadai \u0111\u01b0\u1ee3c n\u00f3i ch\u1ee7 y\u1ebfu \u1edf L\u00e0o, c\u0169ng kh\u00f4ng ngo\u1ea1i l\u1ec7. V\u1edbi c\u00e1c t\u00ednh n\u0103ng v\u00e0 c\u1ea5u tr\u00fac \u0111\u1ed9c \u0111\u00e1o c\u1ee7a n\u00f3, h\u1ecdc ti\u1ebfng L\u00e0o \u0111\u00f2i h\u1ecfi m\u1ed9t [&hellip;]<\/p>\n","protected":false},"author":20,"featured_media":0,"parent":0,"menu_order":0,"comment_status":"closed","ping_status":"closed","template":"LearningContentPage.php","meta":{"_acf_changed":false,"footnotes":""},"class_list":["post-1475068","page","type-page","status-publish","hentry"],"acf":[],"yoast_head":"<!-- This site is optimized with the Yoast SEO Premium plugin v27.2 (Yoast SEO v27.2) - https:\/\/yoast.com\/product\/yoast-seo-premium-wordpress\/ -->\n<title>B\u00e0i t\u1eadp ng\u1eef ph\u00e1p L\u00e0o - Talkpal<\/title>\n<meta name=\"description\" content=\"N\u1eafm v\u1eefng ng\u1eef ph\u00e1p ti\u1ebfng L\u00e0o v\u1edbi c\u00e1c b\u00e0i t\u1eadp t\u01b0\u01a1ng t\u00e1c \u0111\u01b0\u1ee3c thi\u1ebft k\u1ebf \u0111\u1ec3 gi\u00fap b\u1ea1n x\u00e2y d\u1ef1ng s\u1ef1 tr\u00f4i ch\u1ea3y v\u00e0 t\u1ef1 tin khi s\u1eed d\u1ee5ng ng\u00f4n ng\u1eef n\u00e0y.\" \/>\n<meta name=\"robots\" content=\"index, follow, max-snippet:-1, max-image-preview:large, max-video-preview:-1\" \/>\n<link rel=\"canonical\" href=\"https:\/\/talkpal.ai\/vi\/bai-tap-ngu-phap-lao\/\" \/>\n<meta property=\"og:locale\" content=\"vi_VN\" \/>\n<meta property=\"og:type\" content=\"article\" \/>\n<meta property=\"og:title\" content=\"B\u00e0i t\u1eadp ng\u1eef ph\u00e1p L\u00e0o\" \/>\n<meta property=\"og:description\" content=\"Ch\u1ee7 \u0111\u1ec1 ng\u1eef ph\u00e1p L\u00e0o H\u1ecdc m\u1ed9t ng\u00f4n ng\u1eef m\u1edbi c\u00f3 th\u1ec3 l\u00e0 m\u1ed9t n\u1ed7 l\u1ef1c \u0111\u1ea7y th\u00e1ch th\u1ee9c nh\u01b0ng b\u1ed5 \u00edch. Ti\u1ebfng L\u00e0o, m\u1ed9t ng\u00f4n ng\u1eef Tai-Kadai \u0111\u01b0\u1ee3c n\u00f3i ch\u1ee7 y\u1ebfu \u1edf L\u00e0o, c\u0169ng\" \/>\n<meta property=\"og:url\" content=\"https:\/\/talkpal.ai\/vi\/bai-tap-ngu-phap-lao\/\" \/>\n<meta property=\"og:site_name\" content=\"Talkpal\" \/>\n<meta property=\"article:publisher\" content=\"https:\/\/www.facebook.com\/profile.php?id=100090733639311\" \/>\n<meta property=\"article:modified_time\" content=\"2025-12-30T14:07:51+00:00\" \/>\n<meta property=\"og:image\" content=\"https:\/\/talkpal.ai\/wp-content\/uploads\/2025\/02\/Progress-tab-16_9.png\" \/>\n\t<meta property=\"og:image:width\" content=\"2880\" \/>\n\t<meta property=\"og:image:height\" content=\"1620\" \/>\n\t<meta property=\"og:image:type\" content=\"image\/png\" \/>\n<meta name=\"twitter:card\" content=\"summary_large_image\" \/>\n<meta name=\"twitter:site\" content=\"@talkpalai\" \/>\n<meta name=\"twitter:label1\" content=\"Est. reading time\" \/>\n\t<meta name=\"twitter:data1\" content=\"7 minutes\" \/>\n<script type=\"application\/ld+json\" class=\"yoast-schema-graph\">{\"@context\":\"https:\/\/schema.org\",\"@graph\":[{\"@type\":\"WebPage\",\"@id\":\"https:\/\/talkpal.ai\/vi\/bai-tap-ngu-phap-lao\/\",\"url\":\"https:\/\/talkpal.ai\/vi\/bai-tap-ngu-phap-lao\/\",\"name\":\"B\u00e0i t\u1eadp ng\u1eef ph\u00e1p L\u00e0o - Talkpal\",\"isPartOf\":{\"@id\":\"https:\/\/talkpal.ai\/vi\/#website\"},\"datePublished\":\"2025-11-12T12:14:54+00:00\",\"dateModified\":\"2025-12-30T14:07:51+00:00\",\"description\":\"N\u1eafm v\u1eefng ng\u1eef ph\u00e1p ti\u1ebfng L\u00e0o v\u1edbi c\u00e1c b\u00e0i t\u1eadp t\u01b0\u01a1ng t\u00e1c \u0111\u01b0\u1ee3c thi\u1ebft k\u1ebf \u0111\u1ec3 gi\u00fap b\u1ea1n x\u00e2y d\u1ef1ng s\u1ef1 tr\u00f4i ch\u1ea3y v\u00e0 t\u1ef1 tin khi s\u1eed d\u1ee5ng ng\u00f4n ng\u1eef n\u00e0y.\",\"breadcrumb\":{\"@id\":\"https:\/\/talkpal.ai\/vi\/bai-tap-ngu-phap-lao\/#breadcrumb\"},\"inLanguage\":\"vi-VN\",\"potentialAction\":[{\"@type\":\"ReadAction\",\"target\":[\"https:\/\/talkpal.ai\/vi\/bai-tap-ngu-phap-lao\/\"]}]},{\"@type\":\"BreadcrumbList\",\"@id\":\"https:\/\/talkpal.ai\/vi\/bai-tap-ngu-phap-lao\/#breadcrumb\",\"itemListElement\":[{\"@type\":\"ListItem\",\"position\":1,\"name\":\"Homepage\",\"item\":\"https:\/\/talkpal.ai\/vi\/giao-vien-ngon-ngu-ai-3\/\"},{\"@type\":\"ListItem\",\"position\":2,\"name\":\"B\u00e0i t\u1eadp ng\u1eef ph\u00e1p L\u00e0o\"}]},{\"@type\":\"WebSite\",\"@id\":\"https:\/\/talkpal.ai\/vi\/#website\",\"url\":\"https:\/\/talkpal.ai\/vi\/\",\"name\":\"Talkpal\",\"description\":\"AI Language Learning\",\"publisher\":{\"@id\":\"https:\/\/talkpal.ai\/vi\/#organization\"},\"alternateName\":\"Talkpal AI\",\"potentialAction\":[{\"@type\":\"SearchAction\",\"target\":{\"@type\":\"EntryPoint\",\"urlTemplate\":\"https:\/\/talkpal.ai\/vi\/?s={search_term_string}\"},\"query-input\":{\"@type\":\"PropertyValueSpecification\",\"valueRequired\":true,\"valueName\":\"search_term_string\"}}],\"inLanguage\":\"vi-VN\"},{\"@type\":\"Organization\",\"@id\":\"https:\/\/talkpal.ai\/vi\/#organization\",\"name\":\"Talkpal, Inc.\",\"alternateName\":\"Talkpal AI\",\"url\":\"https:\/\/talkpal.ai\/vi\/\",\"logo\":{\"@type\":\"ImageObject\",\"inLanguage\":\"vi-VN\",\"@id\":\"https:\/\/talkpal.ai\/vi\/#\/schema\/logo\/image\/\",\"url\":\"https:\/\/talkpal.ai\/wp-content\/uploads\/2024\/03\/Talkpal-Logo-Icon.png\",\"contentUrl\":\"https:\/\/talkpal.ai\/wp-content\/uploads\/2024\/03\/Talkpal-Logo-Icon.png\",\"width\":2880,\"height\":2880,\"caption\":\"Talkpal, Inc.\"},\"image\":{\"@id\":\"https:\/\/talkpal.ai\/vi\/#\/schema\/logo\/image\/\"},\"sameAs\":[\"https:\/\/www.facebook.com\/profile.php?id=100090733639311\",\"https:\/\/x.com\/talkpalai\",\"https:\/\/www.linkedin.com\/company\/talkpal\/\",\"https:\/\/www.youtube.com\/@TalkPal\/\",\"https:\/\/www.tiktok.com\/@talkpal\",\"https:\/\/www.instagram.com\/talkpal_ai\/\",\"https:\/\/www.crunchbase.com\/organization\/talkpal-9cde\",\"https:\/\/www.g2.com\/products\/talkpal-for-business\/\",\"https:\/\/www.trustpilot.com\/review\/talkpal.ai\",\"https:\/\/www.capterra.com\/p\/10006800\/TalkPal\/\"],\"description\":\"Talkpal is a language learning web and mobile education app, powered by the latest AI technologies, that provides engaging experiences to its customers in many different languages to help them improve their language skills. Users can chat about unlimited amount of topics with the app and use other modes to practice their language learning.\",\"email\":\"support@talkpal.ai\",\"legalName\":\"Talkpal, Inc.\",\"foundingDate\":\"2023-04-03\",\"duns\":\"118989042\",\"numberOfEmployees\":{\"@type\":\"QuantitativeValue\",\"minValue\":\"11\",\"maxValue\":\"50\"},\"publishingPrinciples\":\"https:\/\/talkpal.ai\/publishing-principles\/\",\"actionableFeedbackPolicy\":\"https:\/\/talkpal.ai\/actionable-feedback-policy\/\",\"correctionsPolicy\":\"https:\/\/talkpal.ai\/corrections-policy\/\",\"ethicsPolicy\":\"https:\/\/talkpal.ai\/ethics-policy\/\",\"diversityPolicy\":\"https:\/\/talkpal.ai\/diversity-policy\/\",\"diversityStaffingReport\":\"https:\/\/talkpal.ai\/diversity-policy\/\"}]}<\/script>\n<!-- \/ Yoast SEO Premium plugin. -->","yoast_head_json":{"title":"B\u00e0i t\u1eadp ng\u1eef ph\u00e1p L\u00e0o - Talkpal","description":"N\u1eafm v\u1eefng ng\u1eef ph\u00e1p ti\u1ebfng L\u00e0o v\u1edbi c\u00e1c b\u00e0i t\u1eadp t\u01b0\u01a1ng t\u00e1c \u0111\u01b0\u1ee3c thi\u1ebft k\u1ebf \u0111\u1ec3 gi\u00fap b\u1ea1n x\u00e2y d\u1ef1ng s\u1ef1 tr\u00f4i ch\u1ea3y v\u00e0 t\u1ef1 tin khi s\u1eed d\u1ee5ng ng\u00f4n ng\u1eef n\u00e0y.","robots":{"index":"index","follow":"follow","max-snippet":"max-snippet:-1","max-image-preview":"max-image-preview:large","max-video-preview":"max-video-preview:-1"},"canonical":"https:\/\/talkpal.ai\/vi\/bai-tap-ngu-phap-lao\/","og_locale":"vi_VN","og_type":"article","og_title":"B\u00e0i t\u1eadp ng\u1eef ph\u00e1p L\u00e0o","og_description":"Ch\u1ee7 \u0111\u1ec1 ng\u1eef ph\u00e1p L\u00e0o H\u1ecdc m\u1ed9t ng\u00f4n ng\u1eef m\u1edbi c\u00f3 th\u1ec3 l\u00e0 m\u1ed9t n\u1ed7 l\u1ef1c \u0111\u1ea7y th\u00e1ch th\u1ee9c nh\u01b0ng b\u1ed5 \u00edch. Ti\u1ebfng L\u00e0o, m\u1ed9t ng\u00f4n ng\u1eef Tai-Kadai \u0111\u01b0\u1ee3c n\u00f3i ch\u1ee7 y\u1ebfu \u1edf L\u00e0o, c\u0169ng","og_url":"https:\/\/talkpal.ai\/vi\/bai-tap-ngu-phap-lao\/","og_site_name":"Talkpal","article_publisher":"https:\/\/www.facebook.com\/profile.php?id=100090733639311","article_modified_time":"2025-12-30T14:07:51+00:00","og_image":[{"width":2880,"height":1620,"url":"https:\/\/talkpal.ai\/wp-content\/uploads\/2025\/02\/Progress-tab-16_9.png","type":"image\/png"}],"twitter_card":"summary_large_image","twitter_site":"@talkpalai","twitter_misc":{"Est. reading time":"7 minutes"},"schema":{"@context":"https:\/\/schema.org","@graph":[{"@type":"WebPage","@id":"https:\/\/talkpal.ai\/vi\/bai-tap-ngu-phap-lao\/","url":"https:\/\/talkpal.ai\/vi\/bai-tap-ngu-phap-lao\/","name":"B\u00e0i t\u1eadp ng\u1eef ph\u00e1p L\u00e0o - Talkpal","isPartOf":{"@id":"https:\/\/talkpal.ai\/vi\/#website"},"datePublished":"2025-11-12T12:14:54+00:00","dateModified":"2025-12-30T14:07:51+00:00","description":"N\u1eafm v\u1eefng ng\u1eef ph\u00e1p ti\u1ebfng L\u00e0o v\u1edbi c\u00e1c b\u00e0i t\u1eadp t\u01b0\u01a1ng t\u00e1c \u0111\u01b0\u1ee3c thi\u1ebft k\u1ebf \u0111\u1ec3 gi\u00fap b\u1ea1n x\u00e2y d\u1ef1ng s\u1ef1 tr\u00f4i ch\u1ea3y v\u00e0 t\u1ef1 tin khi s\u1eed d\u1ee5ng ng\u00f4n ng\u1eef n\u00e0y.","breadcrumb":{"@id":"https:\/\/talkpal.ai\/vi\/bai-tap-ngu-phap-lao\/#breadcrumb"},"inLanguage":"vi-VN","potentialAction":[{"@type":"ReadAction","target":["https:\/\/talkpal.ai\/vi\/bai-tap-ngu-phap-lao\/"]}]},{"@type":"BreadcrumbList","@id":"https:\/\/talkpal.ai\/vi\/bai-tap-ngu-phap-lao\/#breadcrumb","itemListElement":[{"@type":"ListItem","position":1,"name":"Homepage","item":"https:\/\/talkpal.ai\/vi\/giao-vien-ngon-ngu-ai-3\/"},{"@type":"ListItem","position":2,"name":"B\u00e0i t\u1eadp ng\u1eef ph\u00e1p L\u00e0o"}]},{"@type":"WebSite","@id":"https:\/\/talkpal.ai\/vi\/#website","url":"https:\/\/talkpal.ai\/vi\/","name":"Talkpal","description":"AI Language Learning","publisher":{"@id":"https:\/\/talkpal.ai\/vi\/#organization"},"alternateName":"Talkpal AI","potentialAction":[{"@type":"SearchAction","target":{"@type":"EntryPoint","urlTemplate":"https:\/\/talkpal.ai\/vi\/?s={search_term_string}"},"query-input":{"@type":"PropertyValueSpecification","valueRequired":true,"valueName":"search_term_string"}}],"inLanguage":"vi-VN"},{"@type":"Organization","@id":"https:\/\/talkpal.ai\/vi\/#organization","name":"Talkpal, Inc.","alternateName":"Talkpal AI","url":"https:\/\/talkpal.ai\/vi\/","logo":{"@type":"ImageObject","inLanguage":"vi-VN","@id":"https:\/\/talkpal.ai\/vi\/#\/schema\/logo\/image\/","url":"https:\/\/talkpal.ai\/wp-content\/uploads\/2024\/03\/Talkpal-Logo-Icon.png","contentUrl":"https:\/\/talkpal.ai\/wp-content\/uploads\/2024\/03\/Talkpal-Logo-Icon.png","width":2880,"height":2880,"caption":"Talkpal, Inc."},"image":{"@id":"https:\/\/talkpal.ai\/vi\/#\/schema\/logo\/image\/"},"sameAs":["https:\/\/www.facebook.com\/profile.php?id=100090733639311","https:\/\/x.com\/talkpalai","https:\/\/www.linkedin.com\/company\/talkpal\/","https:\/\/www.youtube.com\/@TalkPal\/","https:\/\/www.tiktok.com\/@talkpal","https:\/\/www.instagram.com\/talkpal_ai\/","https:\/\/www.crunchbase.com\/organization\/talkpal-9cde","https:\/\/www.g2.com\/products\/talkpal-for-business\/","https:\/\/www.trustpilot.com\/review\/talkpal.ai","https:\/\/www.capterra.com\/p\/10006800\/TalkPal\/"],"description":"Talkpal is a language learning web and mobile education app, powered by the latest AI technologies, that provides engaging experiences to its customers in many different languages to help them improve their language skills. Users can chat about unlimited amount of topics with the app and use other modes to practice their language learning.","email":"support@talkpal.ai","legalName":"Talkpal, Inc.","foundingDate":"2023-04-03","duns":"118989042","numberOfEmployees":{"@type":"QuantitativeValue","minValue":"11","maxValue":"50"},"publishingPrinciples":"https:\/\/talkpal.ai\/publishing-principles\/","actionableFeedbackPolicy":"https:\/\/talkpal.ai\/actionable-feedback-policy\/","correctionsPolicy":"https:\/\/talkpal.ai\/corrections-policy\/","ethicsPolicy":"https:\/\/talkpal.ai\/ethics-policy\/","diversityPolicy":"https:\/\/talkpal.ai\/diversity-policy\/","diversityStaffingReport":"https:\/\/talkpal.ai\/diversity-policy\/"}]}},"_links":{"self":[{"href":"https:\/\/talkpal.ai\/vi\/wp-json\/wp\/v2\/pages\/1475068","targetHints":{"allow":["GET"]}}],"collection":[{"href":"https:\/\/talkpal.ai\/vi\/wp-json\/wp\/v2\/pages"}],"about":[{"href":"https:\/\/talkpal.ai\/vi\/wp-json\/wp\/v2\/types\/page"}],"author":[{"embeddable":true,"href":"https:\/\/talkpal.ai\/vi\/wp-json\/wp\/v2\/users\/20"}],"replies":[{"embeddable":true,"href":"https:\/\/talkpal.ai\/vi\/wp-json\/wp\/v2\/comments?post=1475068"}],"version-history":[{"count":0,"href":"https:\/\/talkpal.ai\/vi\/wp-json\/wp\/v2\/pages\/1475068\/revisions"}],"wp:attachment":[{"href":"https:\/\/talkpal.ai\/vi\/wp-json\/wp\/v2\/media?parent=1475068"}],"curies":[{"name":"wp","href":"https:\/\/api.w.org\/{rel}","templated":true}]}}