{"id":1474877,"date":"2025-11-11T15:33:17","date_gmt":"2025-11-11T15:33:17","guid":{"rendered":"https:\/\/talkpal.ai\/ngu-phap-tieng-basque\/"},"modified":"2025-12-30T15:31:59","modified_gmt":"2025-12-30T15:31:59","slug":"ngu-phap-tieng-basque","status":"publish","type":"page","link":"https:\/\/talkpal.ai\/vi\/ngu-phap-tieng-basque\/","title":{"rendered":"Ng\u1eef ph\u00e1p ti\u1ebfng Basque"},"content":{"rendered":"\r\n\r\n\r\n<section class=\"languageChallengeSection\">\r\n    <div class=\"languageInfoWrapper\">\r\n        \r\n        <h1>Ng\u1eef ph\u00e1p ti\u1ebfng Basque<\/h1>\r\n        <p><a href=\"https:\/\/talkpal.ai\/vi\/ngu-phap\/\">Ng\u1eef ph\u00e1p<\/a> ti\u1ebfng <a href=\"https:\/\/talkpal.ai\/learn-basque\/\">Basque<\/a> tho\u1ea1t nghe c\u00f3 v\u1ebb kh\u00f3 kh\u0103n, nh\u01b0ng c\u00e1c t\u00ednh n\u0103ng \u0111\u1ed9c \u0111\u00e1o c\u1ee7a n\u00f3 khi\u1ebfn vi\u1ec7c h\u1ecdc <a href=\"https:\/\/talkpal.ai\/vi\/hoc-ngon-ngu-cho-cac-truong-ngon-ngu\/\">ng\u00f4n ng\u1eef<\/a> tr\u1edf th\u00e0nh m\u1ed9t tr\u1ea3i nghi\u1ec7m b\u1ed5 \u00edch. B\u1eb1ng c\u00e1ch kh\u00e1m ph\u00e1 b\u1ea3ng ch\u1eef c\u00e1i, \u0111\u1ed9t bi\u1ebfn v\u00e0 quy t\u1eafc ng\u1eef ph\u00e1p c\u1ee7a n\u00f3, b\u1ea1n s\u1ebd hi\u1ec3u r\u00f5 h\u01a1n <a href=\"https:\/\/talkpal.ai\/vi\/ve\/\">v\u1ec1<\/a> truy\u1ec1n th\u1ed1ng ng\u00f4n ng\u1eef phong ph\u00fa. B\u1eaft \u0111\u1ea7u cu\u1ed9c h\u00e0nh tr\u00ecnh c\u1ee7a b\u1ea1n v\u00e0 kh\u00e1m ph\u00e1 v\u1ebb \u0111\u1eb9p c\u1ee7a x\u1ee9 Basque!<\/p>\r\n\r\n                            <a class=\"getStartedHidden\" href=\"https:\/\/app.talkpal.ai\/vi\/signup?lng=\">B\u1eaft \u0111\u1ea7u nh\u00e9<\/a>\r\n        \r\n    <\/div>\r\n\r\n    <figure>\r\n    <img decoding=\"async\" width=\"768\" height=\"768\" src=\"https:\/\/talkpal.ai\/wp-content\/uploads\/2023\/06\/welsh-768x768.png\" class=\"languageImage no-lazy\" alt=\"Language learning for better cognitive abilities\" fetchpriority=\"high\" sizes=\"(max-width: 768px) 150px, 768px\" srcset=\"https:\/\/talkpal.ai\/wp-content\/uploads\/2023\/06\/welsh-768x768.png 768w, https:\/\/talkpal.ai\/wp-content\/uploads\/2023\/06\/welsh-300x300.png 300w\" \/>\r\n    \r\n\r\n    <\/figure>\r\n\r\n            <a class=\"getStartedVisible\" href=\"https:\/\/app.talkpal.ai\/vi\/signup?lng=\">B\u1eaft \u0111\u1ea7u nh\u00e9<\/a>\r\n    \r\n<\/section><section class=\"promotionalBanner\">\r\n    <p class=\"promotionalText\">C\u00e1ch hi\u1ec7u qu\u1ea3 nh\u1ea5t \u0111\u1ec3 h\u1ecdc m\u1ed9t ng\u00f4n ng\u1eef<\/p>\r\n    <a class=\"promotionalLink\" href=\"https:\/\/app.talkpal.ai\/vi\/signup?lng=\">D\u00f9ng th\u1eed Talkpal mi\u1ec5n ph\u00ed<\/a>\r\n<\/section>\n<div class=\"wp-block-group pageContainerStyle\"><div class=\"wp-block-group__inner-container is-layout-constrained wp-block-group-is-layout-constrained\">\n<h2 class=\"wp-block-heading\" id=\"h-navigating-the-intricacies-of-basque-grammar\">\u0110i\u1ec1u h\u01b0\u1edbng s\u1ef1 ph\u1ee9c t\u1ea1p c\u1ee7a ng\u1eef ph\u00e1p Basque<\/h2>\n\n\n\n<p><a href=\"https:\/\/talkpal.ai\/vi\/hoc-tieng-basque\/\">Ti\u1ebfng Basque<\/a>, m\u1ed9t ng\u00f4n ng\u1eef c\u00f4 l\u1eadp v\u1edbi l\u1ecbch s\u1eed phong ph\u00fa v\u00e0 \u00fd ngh\u0129a v\u0103n h\u00f3a, mang \u0111\u1ebfn tr\u1ea3i nghi\u1ec7m ng\u00f4n ng\u1eef th\u00fa v\u1ecb cho nh\u1eefng <a href=\"https:\/\/talkpal.ai\/speaking-with-ai\/\">ai<\/a> mong mu\u1ed1n kh\u00e1m ph\u00e1 h\u1ec7 th\u1ed1ng ng\u1eef ph\u00e1p \u0111\u1ed9c \u0111\u00e1o c\u1ee7a n\u00f3. Khi b\u1ea1n m\u1ea1o hi\u1ec3m v\u00e0o v\u01b0\u01a1ng qu\u1ed1c Basque, b\u1ea1n s\u1ebd kh\u00f4ng ch\u1ec9 l\u00e0m phong ph\u00fa th\u00eam c\u00e1c ti\u1ebft m\u1ee5c ng\u00f4n ng\u1eef c\u1ee7a m\u00ecnh m\u00e0 c\u00f2n \u0111\u00f3n nh\u1eadn m\u1ed9t h\u00e0nh tr\u00ecnh v\u0103n h\u00f3a h\u1ea5p d\u1eabn. M\u1eb7c d\u00f9 <a href=\"https:\/\/talkpal.ai\/basque-grammar\/\">ng\u1eef ph\u00e1p ti\u1ebfng Basque<\/a> tho\u1ea1t \u0111\u1ea7u c\u00f3 v\u1ebb ph\u1ee9c t\u1ea1p, nh\u01b0ng vi\u1ec7c chia nh\u1ecf n\u00f3 th\u00e0nh c\u00e1c th\u00e0nh ph\u1ea7n c\u1ed1t l\u00f5i s\u1ebd gi\u00fap vi\u1ec7c <a href=\"https:\/\/talkpal.ai\/vi\/ung-dung-mien-phi-de-hoc-ngon-ngu\/\">h\u1ecdc ng\u00f4n ng\u1eef<\/a> tr\u1edf n\u00ean d\u1ec5 ti\u1ebfp c\u1eadn h\u01a1n. Trong b\u00e0i vi\u1ebft n\u00e0y, ch\u00fang ta s\u1ebd kh\u00e1m ph\u00e1 th\u1ebf gi\u1edbi quy\u1ebfn r\u0169 c\u1ee7a ng\u1eef ph\u00e1p Basque v\u00e0 cung c\u1ea5p c\u00e1c m\u1eb9o v\u1ec1 c\u00e1ch l\u00e0m ch\u1ee7 s\u1ef1 ph\u1ee9c t\u1ea1p c\u1ee7a n\u00f3.<\/p>\n\n\n\n<h3 class=\"wp-block-heading\" id=\"h-1-basque-alphabet-and-phonetics\">1. B\u1ea3ng ch\u1eef c\u00e1i v\u00e0 ng\u1eef \u00e2m ti\u1ebfng Basque<\/h3>\n\n\n\n<p>B\u1ea3ng ch\u1eef c\u00e1i Basque trong ti\u1ebfng Basque chu\u1ea9n bao g\u1ed3m 27 ch\u1eef c\u00e1i. C\u00e1c t\u00ednh n\u0103ng \u0111\u1eb7c bi\u1ec7t bao g\u1ed3m c\u00e1c ch\u1eef c\u00e1i &#8220;tx&#8221;, &#8220;tz&#8221; v\u00e0 &#8220;ts&#8221;, \u0111\u1ea1i di\u1ec7n cho c\u00e1c \u00e2m \u0111\u1ed9c \u0111\u00e1o, ch\u1eef &#8220;x&#8221; \u0111\u01b0\u1ee3c ph\u00e1t \u00e2m gi\u1ed1ng nh\u01b0 ti\u1ebfng Anh &#8220;sh&#8221; v\u00e0 s\u1ef1 t\u01b0\u01a1ng ph\u1ea3n gi\u1eefa &#8220;r&#8221; \u0111\u01a1n v\u00e0 k\u00e9p &#8220;rr&#8221;. M\u1ed9t s\u1ed1 ch\u1eef c\u00e1i nh\u01b0 &#8220;c&#8221;, &#8220;q&#8221;, &#8220;v&#8221;, &#8220;w&#8221; v\u00e0 &#8220;y&#8221; xu\u1ea5t hi\u1ec7n ch\u1ee7 y\u1ebfu trong c\u00e1c t\u1eeb m\u01b0\u1ee3n. \u0110\u1ec3 h\u1ecdc ng\u1eef ph\u00e1p ti\u1ebfng Basque, \u0111i\u1ec1u quan tr\u1ecdng l\u00e0 ph\u1ea3i l\u00e0m quen v\u1edbi h\u1ec7 th\u1ed1ng ch\u1eef vi\u1ebft n\u00e0y b\u1eb1ng c\u00e1ch th\u1ef1c h\u00e0nh \u0111\u1ecdc v\u00e0 vi\u1ebft b\u1eb1ng ti\u1ebfng Basque.<\/p>\n\n\n\n<h3 class=\"wp-block-heading\" id=\"h-2-case-suffixes-and-ergativity-a-core-basque-feature\">2. H\u1eadu t\u1ed1 ch\u1eef hoa v\u00e0 t\u00ednh n\u0103ng c\u1ee7a Ergativity: M\u1ed9t t\u00ednh n\u0103ng c\u1ed1t l\u00f5i c\u1ee7a x\u1ee9 Basque<\/h3>\n\n\n\n<p>M\u1ed9t trong nh\u1eefng kh\u00eda c\u1ea1nh n\u1ed5i b\u1eadt nh\u1ea5t c\u1ee7a ng\u1eef ph\u00e1p Basque l\u00e0 s\u1ef1 li\u00ean k\u1ebft tuy\u1ec7t \u0111\u1ed1i v\u00e0 h\u1ec7 th\u1ed1ng h\u1eadu t\u1ed1 ch\u1eef hoa phong ph\u00fa. Danh t\u1eeb v\u00e0 c\u1ee5m danh t\u1eeb \u0111\u1ea7y \u0111\u1ee7 l\u1ea5y c\u00e1c \u0111u\u00f4i \u0111\u00e1nh d\u1ea5u vai tr\u00f2 c\u1ee7a ch\u00fang trong c\u00e2u, ch\u1eb3ng h\u1ea1n nh\u01b0 tuy\u1ec7t \u0111\u1ed1i (th\u01b0\u1eddng l\u00e0 kh\u00f4ng, ho\u1eb7c -a\/-ak v\u1edbi m\u1ea1o t\u1eeb x\u00e1c \u0111\u1ecbnh), ergative (-k ho\u1eb7c -ek), dative (-ri ho\u1eb7c -ei), genitive (-ren), inessive (-n), allative (-ra), ablative (-tik), instrumental (-z) v\u00e0 comitative (-ekin). Hi\u1ec3u \u0111\u01b0\u1ee3c th\u1eddi \u0111i\u1ec3m v\u00e0 c\u00e1ch th\u1ee9c s\u1eed d\u1ee5ng c\u00e1c k\u1ebft th\u00fac n\u00e0y, v\u00e0 ch\u00fang g\u1eafn li\u1ec1n v\u1edbi t\u1eeb cu\u1ed1i c\u00f9ng c\u1ee7a c\u1ee5m danh t\u1eeb, l\u00e0 r\u1ea5t quan tr\u1ecdng \u0111\u1ec3 giao ti\u1ebfp ch\u00ednh x\u00e1c b\u1eb1ng ti\u1ebfng Basque.<\/p>\n\n\n\n<h3 class=\"wp-block-heading\" id=\"h-3-nouns-and-pronouns-gender-and-cases\">3. Danh t\u1eeb, \u0111\u1ea1i t\u1eeb: Gi\u1edbi t\u00ednh v\u00e0 tr\u01b0\u1eddng h\u1ee3p<\/h3>\n\n\n\n<p>Danh t\u1eeb ti\u1ebfng Basque kh\u00f4ng c\u00f3 gi\u1edbi t\u00ednh ng\u1eef ph\u00e1p, \u0111i\u1ec1u n\u00e0y gi\u00fap \u0111\u01a1n gi\u1ea3n h\u00f3a s\u1ef1 \u0111\u1ed3ng \u00fd, nh\u01b0ng ch\u00fang t\u01b0\u01a1ng t\u00e1c v\u1edbi m\u1ed9t h\u1ec7 th\u1ed1ng tr\u01b0\u1eddng h\u1ee3p m\u1edf r\u1ed9ng v\u00e0 t\u00ednh x\u00e1c \u0111\u1ecbnh. S\u1ed1 l\u01b0\u1ee3ng v\u00e0 t\u00ednh x\u00e1c \u0111\u1ecbnh th\u01b0\u1eddng \u0111\u01b0\u1ee3c bi\u1ec3u th\u1ecb b\u1eb1ng h\u1eadu t\u1ed1 m\u1ea1o t\u1eeb -a (s\u1ed1 \u00edt x\u00e1c \u0111\u1ecbnh) v\u00e0 -ak (s\u1ed1 nhi\u1ec1u x\u00e1c \u0111\u1ecbnh ho\u1eb7c s\u1ed1 \u00edt ergative s\u1ed1 \u00edt). \u0110\u1ea1i t\u1eeb trong ti\u1ebfng Basque bao g\u1ed3m \u0111\u1ea1i t\u1eeb nh\u00e2n x\u01b0ng (ni, hi, zu, zuek, gu, bera, haiek), s\u1edf h\u1eefu (nire, zure, bere, gure, zuen, haien), ph\u1ea3n x\u1ea1 (bere burua), bi\u1ec3u th\u1ecb (hau, hori, hura) v\u00e0 nghi v\u1ea5n (nor, zer, zein). L\u00e0m quen v\u1edbi nh\u1eefng \u0111\u1ea1i t\u1eeb n\u00e0y v\u00e0 h\u00ecnh th\u1ee9c c\u1ee7a ch\u00fang trong c\u00e1c tr\u01b0\u1eddng h\u1ee3p s\u1ebd n\u00e2ng cao \u0111\u00e1ng k\u1ec3 kh\u1ea3 n\u0103ng n\u1eafm b\u1eaft ng\u1eef ph\u00e1p ti\u1ebfng Basque c\u1ee7a b\u1ea1n.<\/p>\n\n\n\n<h3 class=\"wp-block-heading\" id=\"h-4-verbs-structure-and-conjugation\">4. \u0110\u1ed9ng t\u1eeb: C\u1ea5u tr\u00fac v\u00e0 c\u00e1ch chia \u0111\u1ed9ng t\u1eeb<\/h3>\n\n\n\n<p>\u0110\u1ed9ng t\u1eeb Basque ph\u1ee5 thu\u1ed9c nhi\u1ec1u v\u00e0o c\u00e1c t\u1eeb tr\u1ee3 v\u00e0 th\u1ec3 hi\u1ec7n s\u1ef1 \u0111\u1ed3ng \u00fd v\u1edbi ch\u1ee7 ng\u1eef v\u00e0 th\u01b0\u1eddng v\u1edbi c\u00e1c t\u00e2n ng\u1eef tr\u1ef1c ti\u1ebfp v\u00e0 gi\u00e1n ti\u1ebfp. Nhi\u1ec1u th\u00ec l\u00e0 ngo\u1ea1i vi, \u0111\u01b0\u1ee3c x\u00e2y d\u1ef1ng v\u1edbi ph\u00e2n t\u1eeb v\u00e0 c\u00e1c tr\u1ee3 t\u1eeb izan v\u00e0 edun, trong khi m\u1ed9t t\u1eadp h\u1ee3p h\u1ea1n ch\u1ebf c\u00e1c \u0111\u1ed9ng t\u1eeb c\u0169ng c\u00f3 d\u1ea1ng t\u1ed5ng h\u1ee3p. C\u00e1c th\u00ec c\u01a1 b\u1ea3n trong ti\u1ebfng Basque l\u00e0 hi\u1ec7n t\u1ea1i, qu\u00e1 kh\u1ee9 v\u00e0 t\u01b0\u01a1ng lai, v\u1edbi c\u00e1c y\u1ebfu t\u1ed1 b\u1ed5 sung nh\u01b0 t\u00e2m tr\u1ea1ng c\u00f3 \u0111i\u1ec1u ki\u1ec7n v\u00e0 m\u1ec7nh l\u1ec7nh. T\u00ecm hi\u1ec3u c\u00e1ch ho\u1ea1t \u0111\u1ed9ng c\u1ee7a l\u1ef1a ch\u1ecdn ph\u1ee5 tr\u1ee3, c\u00f9ng v\u1edbi c\u00e1c m\u1eabu chia \u0111\u1ed9ng t\u1eeb c\u1ed1t l\u00f5i, s\u1ebd c\u1ea3i thi\u1ec7n kh\u1ea3 n\u0103ng giao ti\u1ebfp hi\u1ec7u qu\u1ea3 c\u1ee7a b\u1ea1n b\u1eb1ng ti\u1ebfng Basque.<\/p>\n\n\n\n<h3 class=\"wp-block-heading\" id=\"h-5-adjectives-agreement-and-placement\">5. T\u00ednh t\u1eeb: Th\u1ecfa thu\u1eadn v\u00e0 V\u1ecb tr\u00ed<\/h3>\n\n\n\n<p>Trong ng\u1eef ph\u00e1p ti\u1ebfng Basque, t\u00ednh t\u1eeb th\u01b0\u1eddng theo sau danh t\u1eeb m\u00e0 ch\u00fang s\u1eeda \u0111\u1ed5i. B\u1ea3n th\u00e2n t\u00ednh t\u1eeb kh\u00f4ng thay \u0111\u1ed5i theo s\u1ed1 ho\u1eb7c gi\u1edbi t\u00ednh, nh\u01b0ng t\u1eeb h\u1ea1n \u0111\u1ecbnh v\u00e0 h\u1eadu t\u1ed1 tr\u01b0\u1eddng h\u1ee3p cho to\u00e0n b\u1ed9 c\u1ee5m danh t\u1eeb xu\u1ea5t hi\u1ec7n tr\u00ean ph\u1ea7n t\u1eed cu\u1ed1i c\u00f9ng, th\u01b0\u1eddng l\u00e0 t\u00ednh t\u1eeb. So s\u00e1nh v\u00e0 cao c\u1ea5p th\u01b0\u1eddng \u0111\u01b0\u1ee3c h\u00ecnh th\u00e0nh v\u1edbi -ago v\u00e0 -en ho\u1eb7c -ena, r\u1ea5t c\u1ea7n thi\u1ebft \u0111\u1ec3 h\u1ecdc c\u00e1ch giao ti\u1ebfp t\u1ef1 nhi\u00ean h\u01a1n.<\/p>\n\n\n\n<p><strong>V\u00ed d\u1ee5:<\/strong><\/p>\n\n\n\n<p><strong>\u2013 ume txikiak (tr\u1ebb nh\u1ecf)<\/strong><\/p>\n\n\n\n<p><strong>\u2013 Maitasun Handi (T\u00ecnh y\u00eau l\u1edbn)<\/strong><\/p>\n\n\n\n<h3 class=\"wp-block-heading\" id=\"h-6-engaging-with-the-language\">6. T\u01b0\u01a1ng t\u00e1c v\u1edbi ng\u00f4n ng\u1eef<\/h3>\n\n\n\n<p>C\u00e1ch hi\u1ec7u qu\u1ea3 nh\u1ea5t \u0111\u1ec3 hi\u1ec3u \u0111\u1ea7y \u0111\u1ee7 v\u00e0 ti\u1ebfp thu ng\u1eef ph\u00e1p ti\u1ebfng Basque l\u00e0 li\u00ean t\u1ee5c t\u01b0\u01a1ng t\u00e1c v\u1edbi ng\u00f4n ng\u1eef. B\u1eb1ng c\u00e1ch \u0111\u1ecdc v\u0103n h\u1ecdc ti\u1ebfng Basque, xem phim ho\u1eb7c phim truy\u1ec1n h\u00ecnh ti\u1ebfng Basque, nghe \u0111\u00e0i ph\u00e1t thanh ti\u1ebfng Basque v\u00e0 t\u00edch c\u1ef1c giao ti\u1ebfp v\u1edbi ng\u01b0\u1eddi b\u1ea3n ng\u1eef, b\u1ea1n s\u1ebd c\u1ee7ng c\u1ed1 hi\u1ec3u bi\u1ebft v\u1ec1 ng\u1eef ph\u00e1p \u0111\u1ed3ng th\u1eddi m\u1edf r\u1ed9ng v\u1ed1n t\u1eeb v\u1ef1ng c\u1ee7a m\u00ecnh.<\/p>\n\n\n\n<h3 class=\"wp-block-heading\" id=\"h-conclusion\">Ph\u1ea7n k\u1ebft lu\u1eadn<\/h3>\n\n\n\n<p>M\u1eb7c d\u00f9 ng\u1eef ph\u00e1p ti\u1ebfng Basque c\u00f3 v\u1ebb ph\u1ee9c t\u1ea1p, nh\u01b0ng b\u1ea1n c\u00f3 th\u1ec3 tr\u1edf n\u00ean th\u00e0nh th\u1ea1o ng\u00f4n ng\u1eef \u0111\u1eb9p n\u00e0y v\u1edbi s\u1ef1 c\u1ed1ng hi\u1ebfn, th\u1ef1c h\u00e0nh v\u00e0 nhi\u1ec7t t\u00ecnh. B\u1eb1ng c\u00e1ch t\u1eadp trung v\u00e0o c\u00e1c quy t\u1eafc c\u01a1 b\u1ea3n v\u00e0 t\u01b0\u01a1ng t\u00e1c v\u1edbi ng\u00f4n ng\u1eef trong c\u00e1c ng\u1eef c\u1ea3nh kh\u00e1c nhau, b\u1ea1n s\u1ebd nhanh ch\u00f3ng n\u00e2ng cao <a href=\"https:\/\/talkpal.ai\/vi\/ngu-phap\/\">k\u1ef9 n\u0103ng ng\u1eef ph\u00e1p<\/a> ti\u1ebfng Basque c\u1ee7a m\u00ecnh. Zorte ti\u1ebfp t\u1ee5c (ch\u00fac may m\u1eafn) v\u1edbi h\u00e0nh tr\u00ecnh ng\u00f4n ng\u1eef Basque c\u1ee7a b\u1ea1n v\u00e0 t\u1eadn h\u01b0\u1edfng vi\u1ec7c l\u00e0m s\u00e1ng t\u1ecf th\u1ebf gi\u1edbi ng\u1eef ph\u00e1p Basque b\u00ed \u1ea9n nh\u01b0ng quy\u1ebfn r\u0169!<\/p>\n<\/div><\/div>\n\r\n<section class=\"learnNavigationSection\">\r\n            \r\n        <a href=\"https:\/\/talkpal.ai\/vi\/hoc-tieng-basque\/\">\r\n            <div class=\"learnNavigationWrapper\">\r\n                <div class=\"learnNavigationContent\">\r\n                    <img decoding=\"async\" src=\"https:\/\/talkpal.ai\/wp-content\/uploads\/2025\/11\/Basque.png\" alt=\"Basque Flag\">\r\n                    <div>\r\n                        <h4>Gi\u1edbi thi\u1ec7u v\u1ec1 Basque Learning<\/h4>\r\n                        <p>T\u00ecm hi\u1ec3u t\u1ea5t c\u1ea3 v\u1ec1 Ng\u1eef ph\u00e1p Basque<\/p>\r\n                    <\/div>\r\n                <\/div>\r\n            <\/div>\r\n        <\/a>\r\n\r\n        \r\n        <a href=\"https:\/\/talkpal.ai\/vi\/bai-tap-ngu-phap-tieng-basque\/\">\r\n            <div class=\"learnNavigationWrapper\">\r\n                <div class=\"learnNavigationContent\">\r\n                    <img decoding=\"async\" src=\"https:\/\/talkpal.ai\/wp-content\/uploads\/2025\/11\/Basque.png\" alt=\"Basque Flag\">\r\n                    <div>\r\n                        <h4>B\u00e0i t\u1eadp ng\u1eef ph\u00e1p ti\u1ebfng Basque<\/h4>\r\n                        <p>Th\u1ef1c h\u00e0nh ng\u1eef ph\u00e1p ti\u1ebfng Basque.<\/p>\r\n                    <\/div>\r\n                <\/div>\r\n            <\/div>\r\n        <\/a>\r\n\r\n            <\/section>\n<p><\/p>\n","protected":false},"excerpt":{"rendered":"<p>\u0110i\u1ec1u h\u01b0\u1edbng s\u1ef1 ph\u1ee9c t\u1ea1p c\u1ee7a ng\u1eef ph\u00e1p Basque Ti\u1ebfng Basque, m\u1ed9t ng\u00f4n ng\u1eef c\u00f4 l\u1eadp v\u1edbi l\u1ecbch s\u1eed phong ph\u00fa v\u00e0 \u00fd ngh\u0129a v\u0103n h\u00f3a, mang \u0111\u1ebfn tr\u1ea3i nghi\u1ec7m ng\u00f4n ng\u1eef th\u00fa v\u1ecb cho nh\u1eefng ai mong mu\u1ed1n kh\u00e1m ph\u00e1 h\u1ec7 th\u1ed1ng ng\u1eef ph\u00e1p \u0111\u1ed9c \u0111\u00e1o c\u1ee7a n\u00f3. Khi b\u1ea1n m\u1ea1o hi\u1ec3m v\u00e0o v\u01b0\u01a1ng [&hellip;]<\/p>\n","protected":false},"author":20,"featured_media":0,"parent":0,"menu_order":0,"comment_status":"closed","ping_status":"closed","template":"LearningContentPage.php","meta":{"_acf_changed":false,"footnotes":""},"class_list":["post-1474877","page","type-page","status-publish","hentry"],"acf":[],"yoast_head":"<!-- This site is optimized with the Yoast SEO Premium plugin v27.2 (Yoast SEO v27.2) - https:\/\/yoast.com\/product\/yoast-seo-premium-wordpress\/ -->\n<title>Ng\u1eef ph\u00e1p ti\u1ebfng Basque - Talkpal<\/title>\n<meta name=\"description\" content=\"N\u1eafm v\u1eefng ng\u1eef ph\u00e1p ti\u1ebfng Basque v\u1edbi h\u01b0\u1edbng d\u1eabn n\u00e0y, bao g\u1ed3m b\u1ea3ng ch\u1eef c\u00e1i, ng\u1eef \u00e2m, h\u1eadu t\u1ed1 c\u00e1ch v\u00e0 c\u00e1c quy t\u1eafc chia \u0111\u1ed9ng t\u1eeb.\" \/>\n<meta name=\"robots\" content=\"index, follow, max-snippet:-1, max-image-preview:large, max-video-preview:-1\" \/>\n<link rel=\"canonical\" href=\"https:\/\/talkpal.ai\/vi\/ngu-phap-tieng-basque\/\" \/>\n<meta property=\"og:locale\" content=\"vi_VN\" \/>\n<meta property=\"og:type\" content=\"article\" \/>\n<meta property=\"og:title\" content=\"Ng\u1eef ph\u00e1p ti\u1ebfng Basque\" \/>\n<meta property=\"og:description\" content=\"\u0110i\u1ec1u h\u01b0\u1edbng s\u1ef1 ph\u1ee9c t\u1ea1p c\u1ee7a ng\u1eef ph\u00e1p Basque Ti\u1ebfng Basque, m\u1ed9t ng\u00f4n ng\u1eef c\u00f4 l\u1eadp v\u1edbi l\u1ecbch s\u1eed phong ph\u00fa v\u00e0 \u00fd ngh\u0129a v\u0103n h\u00f3a, mang \u0111\u1ebfn tr\u1ea3i nghi\u1ec7m ng\u00f4n ng\u1eef th\u00fa\" \/>\n<meta property=\"og:url\" content=\"https:\/\/talkpal.ai\/vi\/ngu-phap-tieng-basque\/\" \/>\n<meta property=\"og:site_name\" content=\"Talkpal\" \/>\n<meta property=\"article:publisher\" content=\"https:\/\/www.facebook.com\/profile.php?id=100090733639311\" \/>\n<meta property=\"article:modified_time\" content=\"2025-12-30T15:31:59+00:00\" \/>\n<meta property=\"og:image\" content=\"https:\/\/talkpal.ai\/wp-content\/uploads\/2025\/02\/Progress-tab-16_9.png\" \/>\n\t<meta property=\"og:image:width\" content=\"2880\" \/>\n\t<meta property=\"og:image:height\" content=\"1620\" \/>\n\t<meta property=\"og:image:type\" content=\"image\/png\" \/>\n<meta name=\"twitter:card\" content=\"summary_large_image\" \/>\n<meta name=\"twitter:site\" content=\"@talkpalai\" \/>\n<meta name=\"twitter:label1\" content=\"Est. reading time\" \/>\n\t<meta name=\"twitter:data1\" content=\"7 minutes\" \/>\n<script type=\"application\/ld+json\" class=\"yoast-schema-graph\">{\"@context\":\"https:\/\/schema.org\",\"@graph\":[{\"@type\":\"WebPage\",\"@id\":\"https:\/\/talkpal.ai\/vi\/ngu-phap-tieng-basque\/\",\"url\":\"https:\/\/talkpal.ai\/vi\/ngu-phap-tieng-basque\/\",\"name\":\"Ng\u1eef ph\u00e1p ti\u1ebfng Basque - Talkpal\",\"isPartOf\":{\"@id\":\"https:\/\/talkpal.ai\/vi\/#website\"},\"datePublished\":\"2025-11-11T15:33:17+00:00\",\"dateModified\":\"2025-12-30T15:31:59+00:00\",\"description\":\"N\u1eafm v\u1eefng ng\u1eef ph\u00e1p ti\u1ebfng Basque v\u1edbi h\u01b0\u1edbng d\u1eabn n\u00e0y, bao g\u1ed3m b\u1ea3ng ch\u1eef c\u00e1i, ng\u1eef \u00e2m, h\u1eadu t\u1ed1 c\u00e1ch v\u00e0 c\u00e1c quy t\u1eafc chia \u0111\u1ed9ng t\u1eeb.\",\"breadcrumb\":{\"@id\":\"https:\/\/talkpal.ai\/vi\/ngu-phap-tieng-basque\/#breadcrumb\"},\"inLanguage\":\"vi-VN\",\"potentialAction\":[{\"@type\":\"ReadAction\",\"target\":[\"https:\/\/talkpal.ai\/vi\/ngu-phap-tieng-basque\/\"]}]},{\"@type\":\"BreadcrumbList\",\"@id\":\"https:\/\/talkpal.ai\/vi\/ngu-phap-tieng-basque\/#breadcrumb\",\"itemListElement\":[{\"@type\":\"ListItem\",\"position\":1,\"name\":\"Homepage\",\"item\":\"https:\/\/talkpal.ai\/vi\/giao-vien-ngon-ngu-ai-3\/\"},{\"@type\":\"ListItem\",\"position\":2,\"name\":\"Ng\u1eef ph\u00e1p ti\u1ebfng Basque\"}]},{\"@type\":\"WebSite\",\"@id\":\"https:\/\/talkpal.ai\/vi\/#website\",\"url\":\"https:\/\/talkpal.ai\/vi\/\",\"name\":\"Talkpal\",\"description\":\"AI Language Learning\",\"publisher\":{\"@id\":\"https:\/\/talkpal.ai\/vi\/#organization\"},\"alternateName\":\"Talkpal AI\",\"potentialAction\":[{\"@type\":\"SearchAction\",\"target\":{\"@type\":\"EntryPoint\",\"urlTemplate\":\"https:\/\/talkpal.ai\/vi\/?s={search_term_string}\"},\"query-input\":{\"@type\":\"PropertyValueSpecification\",\"valueRequired\":true,\"valueName\":\"search_term_string\"}}],\"inLanguage\":\"vi-VN\"},{\"@type\":\"Organization\",\"@id\":\"https:\/\/talkpal.ai\/vi\/#organization\",\"name\":\"Talkpal, Inc.\",\"alternateName\":\"Talkpal AI\",\"url\":\"https:\/\/talkpal.ai\/vi\/\",\"logo\":{\"@type\":\"ImageObject\",\"inLanguage\":\"vi-VN\",\"@id\":\"https:\/\/talkpal.ai\/vi\/#\/schema\/logo\/image\/\",\"url\":\"https:\/\/talkpal.ai\/wp-content\/uploads\/2024\/03\/Talkpal-Logo-Icon.png\",\"contentUrl\":\"https:\/\/talkpal.ai\/wp-content\/uploads\/2024\/03\/Talkpal-Logo-Icon.png\",\"width\":2880,\"height\":2880,\"caption\":\"Talkpal, Inc.\"},\"image\":{\"@id\":\"https:\/\/talkpal.ai\/vi\/#\/schema\/logo\/image\/\"},\"sameAs\":[\"https:\/\/www.facebook.com\/profile.php?id=100090733639311\",\"https:\/\/x.com\/talkpalai\",\"https:\/\/www.linkedin.com\/company\/talkpal\/\",\"https:\/\/www.youtube.com\/@TalkPal\/\",\"https:\/\/www.tiktok.com\/@talkpal\",\"https:\/\/www.instagram.com\/talkpal_ai\/\",\"https:\/\/www.crunchbase.com\/organization\/talkpal-9cde\",\"https:\/\/www.g2.com\/products\/talkpal-for-business\/\",\"https:\/\/www.trustpilot.com\/review\/talkpal.ai\",\"https:\/\/www.capterra.com\/p\/10006800\/TalkPal\/\"],\"description\":\"Talkpal is a language learning web and mobile education app, powered by the latest AI technologies, that provides engaging experiences to its customers in many different languages to help them improve their language skills. Users can chat about unlimited amount of topics with the app and use other modes to practice their language learning.\",\"email\":\"support@talkpal.ai\",\"legalName\":\"Talkpal, Inc.\",\"foundingDate\":\"2023-04-03\",\"duns\":\"118989042\",\"numberOfEmployees\":{\"@type\":\"QuantitativeValue\",\"minValue\":\"11\",\"maxValue\":\"50\"},\"publishingPrinciples\":\"https:\/\/talkpal.ai\/publishing-principles\/\",\"actionableFeedbackPolicy\":\"https:\/\/talkpal.ai\/actionable-feedback-policy\/\",\"correctionsPolicy\":\"https:\/\/talkpal.ai\/corrections-policy\/\",\"ethicsPolicy\":\"https:\/\/talkpal.ai\/ethics-policy\/\",\"diversityPolicy\":\"https:\/\/talkpal.ai\/diversity-policy\/\",\"diversityStaffingReport\":\"https:\/\/talkpal.ai\/diversity-policy\/\"}]}<\/script>\n<!-- \/ Yoast SEO Premium plugin. -->","yoast_head_json":{"title":"Ng\u1eef ph\u00e1p ti\u1ebfng Basque - Talkpal","description":"N\u1eafm v\u1eefng ng\u1eef ph\u00e1p ti\u1ebfng Basque v\u1edbi h\u01b0\u1edbng d\u1eabn n\u00e0y, bao g\u1ed3m b\u1ea3ng ch\u1eef c\u00e1i, ng\u1eef \u00e2m, h\u1eadu t\u1ed1 c\u00e1ch v\u00e0 c\u00e1c quy t\u1eafc chia \u0111\u1ed9ng t\u1eeb.","robots":{"index":"index","follow":"follow","max-snippet":"max-snippet:-1","max-image-preview":"max-image-preview:large","max-video-preview":"max-video-preview:-1"},"canonical":"https:\/\/talkpal.ai\/vi\/ngu-phap-tieng-basque\/","og_locale":"vi_VN","og_type":"article","og_title":"Ng\u1eef ph\u00e1p ti\u1ebfng Basque","og_description":"\u0110i\u1ec1u h\u01b0\u1edbng s\u1ef1 ph\u1ee9c t\u1ea1p c\u1ee7a ng\u1eef ph\u00e1p Basque Ti\u1ebfng Basque, m\u1ed9t ng\u00f4n ng\u1eef c\u00f4 l\u1eadp v\u1edbi l\u1ecbch s\u1eed phong ph\u00fa v\u00e0 \u00fd ngh\u0129a v\u0103n h\u00f3a, mang \u0111\u1ebfn tr\u1ea3i nghi\u1ec7m ng\u00f4n ng\u1eef th\u00fa","og_url":"https:\/\/talkpal.ai\/vi\/ngu-phap-tieng-basque\/","og_site_name":"Talkpal","article_publisher":"https:\/\/www.facebook.com\/profile.php?id=100090733639311","article_modified_time":"2025-12-30T15:31:59+00:00","og_image":[{"width":2880,"height":1620,"url":"https:\/\/talkpal.ai\/wp-content\/uploads\/2025\/02\/Progress-tab-16_9.png","type":"image\/png"}],"twitter_card":"summary_large_image","twitter_site":"@talkpalai","twitter_misc":{"Est. reading time":"7 minutes"},"schema":{"@context":"https:\/\/schema.org","@graph":[{"@type":"WebPage","@id":"https:\/\/talkpal.ai\/vi\/ngu-phap-tieng-basque\/","url":"https:\/\/talkpal.ai\/vi\/ngu-phap-tieng-basque\/","name":"Ng\u1eef ph\u00e1p ti\u1ebfng Basque - Talkpal","isPartOf":{"@id":"https:\/\/talkpal.ai\/vi\/#website"},"datePublished":"2025-11-11T15:33:17+00:00","dateModified":"2025-12-30T15:31:59+00:00","description":"N\u1eafm v\u1eefng ng\u1eef ph\u00e1p ti\u1ebfng Basque v\u1edbi h\u01b0\u1edbng d\u1eabn n\u00e0y, bao g\u1ed3m b\u1ea3ng ch\u1eef c\u00e1i, ng\u1eef \u00e2m, h\u1eadu t\u1ed1 c\u00e1ch v\u00e0 c\u00e1c quy t\u1eafc chia \u0111\u1ed9ng t\u1eeb.","breadcrumb":{"@id":"https:\/\/talkpal.ai\/vi\/ngu-phap-tieng-basque\/#breadcrumb"},"inLanguage":"vi-VN","potentialAction":[{"@type":"ReadAction","target":["https:\/\/talkpal.ai\/vi\/ngu-phap-tieng-basque\/"]}]},{"@type":"BreadcrumbList","@id":"https:\/\/talkpal.ai\/vi\/ngu-phap-tieng-basque\/#breadcrumb","itemListElement":[{"@type":"ListItem","position":1,"name":"Homepage","item":"https:\/\/talkpal.ai\/vi\/giao-vien-ngon-ngu-ai-3\/"},{"@type":"ListItem","position":2,"name":"Ng\u1eef ph\u00e1p ti\u1ebfng Basque"}]},{"@type":"WebSite","@id":"https:\/\/talkpal.ai\/vi\/#website","url":"https:\/\/talkpal.ai\/vi\/","name":"Talkpal","description":"AI Language Learning","publisher":{"@id":"https:\/\/talkpal.ai\/vi\/#organization"},"alternateName":"Talkpal AI","potentialAction":[{"@type":"SearchAction","target":{"@type":"EntryPoint","urlTemplate":"https:\/\/talkpal.ai\/vi\/?s={search_term_string}"},"query-input":{"@type":"PropertyValueSpecification","valueRequired":true,"valueName":"search_term_string"}}],"inLanguage":"vi-VN"},{"@type":"Organization","@id":"https:\/\/talkpal.ai\/vi\/#organization","name":"Talkpal, Inc.","alternateName":"Talkpal AI","url":"https:\/\/talkpal.ai\/vi\/","logo":{"@type":"ImageObject","inLanguage":"vi-VN","@id":"https:\/\/talkpal.ai\/vi\/#\/schema\/logo\/image\/","url":"https:\/\/talkpal.ai\/wp-content\/uploads\/2024\/03\/Talkpal-Logo-Icon.png","contentUrl":"https:\/\/talkpal.ai\/wp-content\/uploads\/2024\/03\/Talkpal-Logo-Icon.png","width":2880,"height":2880,"caption":"Talkpal, Inc."},"image":{"@id":"https:\/\/talkpal.ai\/vi\/#\/schema\/logo\/image\/"},"sameAs":["https:\/\/www.facebook.com\/profile.php?id=100090733639311","https:\/\/x.com\/talkpalai","https:\/\/www.linkedin.com\/company\/talkpal\/","https:\/\/www.youtube.com\/@TalkPal\/","https:\/\/www.tiktok.com\/@talkpal","https:\/\/www.instagram.com\/talkpal_ai\/","https:\/\/www.crunchbase.com\/organization\/talkpal-9cde","https:\/\/www.g2.com\/products\/talkpal-for-business\/","https:\/\/www.trustpilot.com\/review\/talkpal.ai","https:\/\/www.capterra.com\/p\/10006800\/TalkPal\/"],"description":"Talkpal is a language learning web and mobile education app, powered by the latest AI technologies, that provides engaging experiences to its customers in many different languages to help them improve their language skills. Users can chat about unlimited amount of topics with the app and use other modes to practice their language learning.","email":"support@talkpal.ai","legalName":"Talkpal, Inc.","foundingDate":"2023-04-03","duns":"118989042","numberOfEmployees":{"@type":"QuantitativeValue","minValue":"11","maxValue":"50"},"publishingPrinciples":"https:\/\/talkpal.ai\/publishing-principles\/","actionableFeedbackPolicy":"https:\/\/talkpal.ai\/actionable-feedback-policy\/","correctionsPolicy":"https:\/\/talkpal.ai\/corrections-policy\/","ethicsPolicy":"https:\/\/talkpal.ai\/ethics-policy\/","diversityPolicy":"https:\/\/talkpal.ai\/diversity-policy\/","diversityStaffingReport":"https:\/\/talkpal.ai\/diversity-policy\/"}]}},"_links":{"self":[{"href":"https:\/\/talkpal.ai\/vi\/wp-json\/wp\/v2\/pages\/1474877","targetHints":{"allow":["GET"]}}],"collection":[{"href":"https:\/\/talkpal.ai\/vi\/wp-json\/wp\/v2\/pages"}],"about":[{"href":"https:\/\/talkpal.ai\/vi\/wp-json\/wp\/v2\/types\/page"}],"author":[{"embeddable":true,"href":"https:\/\/talkpal.ai\/vi\/wp-json\/wp\/v2\/users\/20"}],"replies":[{"embeddable":true,"href":"https:\/\/talkpal.ai\/vi\/wp-json\/wp\/v2\/comments?post=1474877"}],"version-history":[{"count":0,"href":"https:\/\/talkpal.ai\/vi\/wp-json\/wp\/v2\/pages\/1474877\/revisions"}],"wp:attachment":[{"href":"https:\/\/talkpal.ai\/vi\/wp-json\/wp\/v2\/media?parent=1474877"}],"curies":[{"name":"wp","href":"https:\/\/api.w.org\/{rel}","templated":true}]}}