{"id":1474822,"date":"2025-11-11T12:01:19","date_gmt":"2025-11-11T12:01:19","guid":{"rendered":"https:\/\/talkpal.ai\/ngu-phap-tieng-albania\/"},"modified":"2025-12-30T15:33:46","modified_gmt":"2025-12-30T15:33:46","slug":"ngu-phap-tieng-albania","status":"publish","type":"page","link":"https:\/\/talkpal.ai\/vi\/ngu-phap-tieng-albania\/","title":{"rendered":"Ng\u1eef ph\u00e1p ti\u1ebfng Albania"},"content":{"rendered":"\r\n\r\n\r\n<section class=\"languageChallengeSection\">\r\n    <div class=\"languageInfoWrapper\">\r\n        \r\n        <h1>Ng\u1eef ph\u00e1p ti\u1ebfng Albania<\/h1>\r\n        <p><a href=\"https:\/\/talkpal.ai\/albanian-grammar\/\">Ng\u1eef ph\u00e1p ti\u1ebfng Albania<\/a> tho\u1ea1t nghe c\u00f3 v\u1ebb kh\u00f3 kh\u0103n, nh\u01b0ng c\u00e1c t\u00ednh n\u0103ng \u0111\u1ed9c \u0111\u00e1o c\u1ee7a n\u00f3 khi\u1ebfn vi\u1ec7c h\u1ecdc <a href=\"https:\/\/talkpal.ai\/vi\/hoc-ngon-ngu-cho-cac-truong-ngon-ngu\/\">ng\u00f4n ng\u1eef<\/a> tr\u1edf th\u00e0nh m\u1ed9t tr\u1ea3i nghi\u1ec7m b\u1ed5 \u00edch. B\u1eb1ng c\u00e1ch kh\u00e1m ph\u00e1 b\u1ea3ng ch\u1eef c\u00e1i, \u0111\u1ed9t bi\u1ebfn v\u00e0 quy t\u1eafc <a href=\"https:\/\/talkpal.ai\/vi\/ngu-phap\/\">ng\u1eef ph\u00e1p<\/a> c\u1ee7a n\u00f3, b\u1ea1n s\u1ebd hi\u1ec3u r\u00f5 h\u01a1n <a href=\"https:\/\/talkpal.ai\/vi\/ve\/\">v\u1ec1<\/a> <a href=\"https:\/\/talkpal.ai\/will-ai-kill-traditional-language-learning\/\">truy\u1ec1n th\u1ed1ng<\/a> ng\u00f4n ng\u1eef phong ph\u00fa. B\u1eaft \u0111\u1ea7u cu\u1ed9c h\u00e0nh tr\u00ecnh c\u1ee7a b\u1ea1n v\u00e0 kh\u00e1m ph\u00e1 v\u1ebb \u0111\u1eb9p c\u1ee7a <a href=\"https:\/\/talkpal.ai\/locations\/language-courses-in-albania\/\">Albania<\/a>!<\/p>\r\n\r\n                            <a class=\"getStartedHidden\" href=\"https:\/\/app.talkpal.ai\/vi\/signup?lng=\">B\u1eaft \u0111\u1ea7u nh\u00e9<\/a>\r\n        \r\n    <\/div>\r\n\r\n    <figure>\r\n    <img decoding=\"async\" width=\"768\" height=\"768\" src=\"https:\/\/talkpal.ai\/wp-content\/uploads\/2023\/06\/welsh-768x768.png\" class=\"languageImage no-lazy\" alt=\"Language learning for better cognitive abilities\" fetchpriority=\"high\" sizes=\"(max-width: 768px) 150px, 768px\" srcset=\"https:\/\/talkpal.ai\/wp-content\/uploads\/2023\/06\/welsh-768x768.png 768w, https:\/\/talkpal.ai\/wp-content\/uploads\/2023\/06\/welsh-300x300.png 300w\" \/>\r\n    \r\n\r\n    <\/figure>\r\n\r\n            <a class=\"getStartedVisible\" href=\"https:\/\/app.talkpal.ai\/vi\/signup?lng=\">B\u1eaft \u0111\u1ea7u nh\u00e9<\/a>\r\n    \r\n<\/section><section class=\"promotionalBanner\">\r\n    <p class=\"promotionalText\">C\u00e1ch hi\u1ec7u qu\u1ea3 nh\u1ea5t \u0111\u1ec3 h\u1ecdc m\u1ed9t ng\u00f4n ng\u1eef<\/p>\r\n    <a class=\"promotionalLink\" href=\"https:\/\/app.talkpal.ai\/vi\/signup?lng=\">D\u00f9ng th\u1eed Talkpal mi\u1ec5n ph\u00ed<\/a>\r\n<\/section>\n<div class=\"wp-block-group pageContainerStyle\"><div class=\"wp-block-group__inner-container is-layout-constrained wp-block-group-is-layout-constrained\">\n<h2 class=\"wp-block-heading\" id=\"h-navigating-the-intricacies-of-albanian-grammar\">\u0110i\u1ec1u h\u01b0\u1edbng s\u1ef1 ph\u1ee9c t\u1ea1p c\u1ee7a ng\u1eef ph\u00e1p ti\u1ebfng Albania<\/h2>\n\n\n\n<p><a href=\"https:\/\/talkpal.ai\/vi\/hoc-tieng-albania\/\">Ti\u1ebfng Albania<\/a>, m\u1ed9t ng\u00f4n ng\u1eef \u1ea4n-\u00c2u v\u1edbi m\u1ed9t nh\u00e1nh ri\u00eang bi\u1ec7t v\u00e0 ngu\u1ed3n g\u1ed1c v\u0103n h\u00f3a s\u00e2u s\u1eafc, mang \u0111\u1ebfn m\u1ed9t h\u00e0nh tr\u00ecnh b\u1ed5 \u00edch cho nh\u1eefng ng\u01b0\u1eddi h\u1ecdc b\u1ecb thu h\u00fat b\u1edfi h\u1ec7 th\u1ed1ng ng\u1eef ph\u00e1p v\u00e0 \u00e2m thanh \u0111\u1ed9c \u0111\u00e1o c\u1ee7a n\u00f3. Khi kh\u00e1m ph\u00e1 ti\u1ebfng Albania, b\u1ea1n s\u1ebd m\u1edf r\u1ed9ng b\u1ed9 c\u00f4ng c\u1ee5 ng\u00f4n ng\u1eef c\u1ee7a m\u00ecnh \u0111\u1ed3ng th\u1eddi k\u1ebft n\u1ed1i v\u1edbi v\u0103n h\u00f3a c\u1ee7a Albania v\u00e0 th\u1ebf gi\u1edbi n\u00f3i ti\u1ebfng Albania r\u1ed9ng l\u1edbn h\u01a1n. <a href=\"https:\/\/talkpal.ai\/albanian-grammar\/\">Ng\u1eef ph\u00e1p ti\u1ebfng Albania<\/a> tho\u1ea1t nh\u00ecn c\u00f3 v\u1ebb ph\u1ee9c t\u1ea1p, nh\u01b0ng vi\u1ec7c chia n\u00f3 th\u00e0nh c\u00e1c ph\u1ea7n c\u1ed1t l\u00f5i s\u1ebd gi\u00fap ti\u1ebfn tr\u00ecnh tr\u1edf n\u00ean \u0111\u01a1n gi\u1ea3n. D\u01b0\u1edbi \u0111\u00e2y l\u00e0 h\u01b0\u1edbng d\u1eabn t\u1eadp trung v\u1ec1 nh\u1eefng \u0111i\u1ec1u c\u1ea7n thi\u1ebft, v\u1edbi c\u00e1c m\u1eb9o gi\u00fap b\u1ea1n th\u00e0nh th\u1ea1o ch\u00fang.<\/p>\n\n\n\n<h3 class=\"wp-block-heading\" id=\"h-1-albanian-alphabet-and-phonetics\">1. B\u1ea3ng ch\u1eef c\u00e1i v\u00e0 ng\u1eef \u00e2m ti\u1ebfng Albania<\/h3>\n\n\n\n<p>B\u1ea3ng ch\u1eef c\u00e1i Albania c\u00f3 36 ch\u1eef c\u00e1i, trong \u0111\u00f3 c\u00f3 m\u1ed9t s\u1ed1 ch\u1eef c\u00e1i \u0111\u01b0\u1ee3c vi\u1ebft d\u01b0\u1edbi d\u1ea1ng ch\u1eef c\u00e1i nh\u01b0ng \u0111\u01b0\u1ee3c t\u00ednh l\u00e0 c\u00e1c ch\u1eef c\u00e1i \u0111\u01a1n l\u1ebb, ch\u1eb3ng h\u1ea1n nh\u01b0 dh, gj, ll, nj, rr, sh, th, xh, zh. N\u00f3 c\u0169ng s\u1eed d\u1ee5ng \u00e7 v\u00e0 \u00eb, v\u00e0 nguy\u00ean \u00e2m y \u0111\u1ea1i di\u1ec7n cho \u00e2m tr\u00f2n ph\u00eda tr\u01b0\u1edbc g\u1ea7n. S\u1ef1 t\u01b0\u01a1ng ph\u1ea3n gi\u1eefa r v\u00e0 rr c\u00f3 \u00fd ngh\u0129a, v\u00e0 q v\u00e0 gj l\u00e0 c\u00e1c \u0111i\u1ec3m d\u1eebng v\u00f2m mi\u1ec7ng kh\u00e1c v\u1edbi k v\u00e0 g. L\u00e0m quen v\u1edbi nh\u1eefng \u00e2m thanh v\u00e0 ch\u1eef c\u00e1i n\u00e0y th\u00f4ng qua vi\u1ec7c \u0111\u1ecdc to v\u00e0 th\u1ef1c h\u00e0nh nghe l\u00e0 b\u01b0\u1edbc \u0111\u1ea7u ti\u00ean quan tr\u1ecdng.<\/p>\n\n\n\n<h3 class=\"wp-block-heading\" id=\"h-2-definite-articles-and-linkers-a-distinctive-albanian-feature\">2. M\u1ea1o t\u1eeb v\u00e0 li\u00ean k\u1ebft x\u00e1c \u0111\u1ecbnh: M\u1ed9t \u0111\u1eb7c \u0111i\u1ec3m \u0111\u1eb7c bi\u1ec7t c\u1ee7a Albania<\/h3>\n\n\n\n<p>M\u1ed9t d\u1ea5u hi\u1ec7u n\u1ed5i b\u1eadt c\u1ee7a ti\u1ebfng Albania l\u00e0 m\u1ea1o t\u1eeb x\u00e1c \u0111\u1ecbnh c\u00f3 h\u1eadu t\u1ed1, g\u1eafn li\u1ec1n v\u1edbi danh t\u1eeb v\u00e0 thay \u0111\u1ed5i theo gi\u1edbi t\u00ednh v\u00e0 s\u1ed1 l\u01b0\u1ee3ng. M\u1ed9t \u0111\u1eb7c \u0111i\u1ec3m \u0111\u00e1ng ch\u00fa \u00fd kh\u00e1c l\u00e0 h\u1ea1t li\u00ean k\u1ebft trong c\u1ee5m danh t\u1eeb, \u0111i\u1ec3n h\u00ecnh l\u00e0 i ho\u1eb7c e trong kh\u00f4ng x\u00e1c \u0111\u1ecbnh v\u00e0 t\u00eb ho\u1eb7c s\u00eb trong ng\u1eef c\u1ea3nh x\u00e1c \u0111\u1ecbnh v\u00e0 tr\u01b0\u1eddng h\u1ee3p, \u0111\u01b0\u1ee3c s\u1eed d\u1ee5ng tr\u01b0\u1edbc t\u00ednh t\u1eeb v\u00e0 m\u1ed9t s\u1ed1 b\u1ed5 ng\u1eef. Hi\u1ec3u \u0111\u01b0\u1ee3c khi n\u00e0o v\u00e0 l\u00e0m th\u1ebf n\u00e0o s\u1ef1 x\u00e1c \u0111\u1ecbnh v\u00e0 li\u00ean k\u1ebft xu\u1ea5t hi\u1ec7n l\u00e0 r\u1ea5t quan tr\u1ecdng \u0111\u1ec3 giao ti\u1ebfp ch\u00ednh x\u00e1c b\u1eb1ng ti\u1ebfng Albania.<\/p>\n\n\n\n<h3 class=\"wp-block-heading\" id=\"h-3-nouns-and-pronouns-gender-and-cases\">3. Danh t\u1eeb, \u0111\u1ea1i t\u1eeb: Gi\u1edbi t\u00ednh v\u00e0 tr\u01b0\u1eddng h\u1ee3p<\/h3>\n\n\n\n<p>Danh t\u1eeb ti\u1ebfng Albania c\u00f3 gi\u1edbi t\u00ednh ng\u1eef ph\u00e1p (nam ho\u1eb7c n\u1eef) v\u00e0 tu\u00e2n theo c\u00e1c m\u1eabu h\u00ecnh th\u00e0nh s\u1ed1 nhi\u1ec1u kh\u00e1c nhau. Ng\u00f4n ng\u1eef \u0111\u00e1nh d\u1ea5u c\u00e1c m\u1ed1i quan h\u1ec7 tr\u01b0\u1eddng h\u1ee3p trong c\u1ee5m danh t\u1eeb, theo truy\u1ec1n th\u1ed1ng l\u00e0 n\u0103m tr\u01b0\u1eddng h\u1ee3p trong ng\u00f4n ng\u1eef ti\u00eau chu\u1ea9n. \u0110\u1ea1i t\u1eeb bao g\u1ed3m c\u00e1c h\u00ecnh th\u1ee9c c\u00e1 nh\u00e2n, s\u1edf h\u1eefu, ph\u1ea3n x\u1ea1, bi\u1ec3u th\u1ecb v\u00e0 nghi v\u1ea5n, c\u0169ng nh\u01b0 c\u00e1c h\u00ecnh th\u1ee9c \u0111\u1ed1i t\u01b0\u1ee3ng g\u1eafn li\u1ec1n v\u1edbi \u0111\u1ed9ng t\u1eeb. L\u00e0m quen v\u1edbi nh\u1eefng \u0111\u1ea1i t\u1eeb n\u00e0y v\u00e0 v\u1ecb tr\u00ed c\u1ee7a ch\u00fang s\u1ebd n\u00e2ng cao \u0111\u00e1ng k\u1ec3 kh\u1ea3 n\u0103ng n\u1eafm b\u1eaft ng\u1eef ph\u00e1p ti\u1ebfng Albania c\u1ee7a b\u1ea1n.<\/p>\n\n\n\n<h3 class=\"wp-block-heading\" id=\"h-4-verbs-structure-and-conjugation\">4. \u0110\u1ed9ng t\u1eeb: C\u1ea5u tr\u00fac v\u00e0 c\u00e1ch chia \u0111\u1ed9ng t\u1eeb<\/h3>\n\n\n\n<p>\u0110\u1ed9ng t\u1eeb ti\u1ebfng Albania tu\u00e2n theo m\u1ed9t c\u1ea5u tr\u00fac v\u00e0 m\u00f4 h\u00ecnh chia \u0111\u1ed9ng t\u1eeb ri\u00eang bi\u1ec7t t\u00f9y thu\u1ed9c v\u00e0o th\u00ec, t\u00e2m tr\u1ea1ng v\u00e0 con ng\u01b0\u1eddi. C\u00e1c th\u00ec thi\u1ebft y\u1ebfu bao g\u1ed3m hi\u1ec7n t\u1ea1i, qu\u00e1 kh\u1ee9 \u0111\u01a1n gi\u1ea3n, kh\u00f4ng ho\u00e0n h\u1ea3o v\u00e0 gh\u00e9p ho\u00e0n th\u00e0nh, c\u00f9ng v\u1edbi t\u01b0\u01a1ng lai \u0111\u01b0\u1ee3c h\u00ecnh th\u00e0nh v\u1edbi do t\u00eb c\u1ed9ng v\u1edbi gi\u1ea3 t\u1eeb. Ti\u1ebfng Albania c\u0169ng s\u1eed d\u1ee5ng r\u1ed9ng r\u00e3i gi\u1ea3 t\u1eeb, v\u00e0 bao g\u1ed3m c\u00e1c t\u00e2m tr\u1ea1ng c\u00f3 \u0111i\u1ec1u ki\u1ec7n v\u00e0 m\u1ec7nh l\u1ec7nh. H\u1ecdc c\u00e1c quy t\u1eafc chia \u0111\u1ed9ng t\u1eeb cho c\u00e1c \u0111\u1ed9ng t\u1eeb th\u00f4ng th\u01b0\u1eddng s\u1ebd c\u1ea3i thi\u1ec7n kh\u1ea3 n\u0103ng giao ti\u1ebfp hi\u1ec7u qu\u1ea3 b\u1eb1ng ti\u1ebfng Albania c\u1ee7a b\u1ea1n.<\/p>\n\n\n\n<h3 class=\"wp-block-heading\" id=\"h-5-adjectives-agreement-and-placement\">5. T\u00ednh t\u1eeb: Th\u1ecfa thu\u1eadn v\u00e0 V\u1ecb tr\u00ed<\/h3>\n\n\n\n<p>Trong ng\u1eef ph\u00e1p ti\u1ebfng Albania, t\u00ednh t\u1eeb th\u01b0\u1eddng theo sau danh t\u1eeb m\u00e0 ch\u00fang s\u1eeda \u0111\u1ed5i v\u00e0 \u0111\u1ed3ng \u00fd th\u00f4ng qua m\u1ed9t h\u1ea1t li\u00ean k\u1ebft hi\u1ec3n th\u1ecb gi\u1edbi t\u00ednh v\u00e0 s\u1ed1. M\u1ed9t s\u1ed1 t\u00ednh t\u1eeb c\u00f3 c\u00e1c m\u1eabu so s\u00e1nh v\u00e0 cao c\u1ea5p kh\u00f4ng \u0111\u1ec1u, v\u00e0 t\u00ednh t\u1eeb so s\u00e1nh th\u01b0\u1eddng s\u1eed d\u1ee5ng m\u00eb c\u1ed9ng v\u1edbi t\u00ednh t\u1eeb, trong khi t\u00ednh t\u1eeb cao c\u1ea5p th\u00eam m\u1ea1o t\u1eeb \u0111\u1ed3ng \u00fd. N\u1eafm v\u1eefng th\u1ecfa thu\u1eadn v\u00e0 v\u1ecb tr\u00ed gi\u00fap b\u1ea1n nghe t\u1ef1 nhi\u00ean.<\/p>\n\n\n\n<p><strong>V\u00ed d\u1ee5:<\/strong><\/p>\n\n\n\n<p><strong>\u2013 Dashuri e Madhe (T\u00ecnh y\u00eau l\u1edbn)<\/strong><\/p>\n\n\n\n<p><strong>\u2013 f\u00ebmij\u00eb t\u00eb vegj\u00ebl (tr\u1ebb nh\u1ecf)<\/strong><\/p>\n\n\n\n<h3 class=\"wp-block-heading\" id=\"h-6-engaging-with-the-language\">6. T\u01b0\u01a1ng t\u00e1c v\u1edbi ng\u00f4n ng\u1eef<\/h3>\n\n\n\n<p>C\u00e1ch hi\u1ec7u qu\u1ea3 nh\u1ea5t \u0111\u1ec3 hi\u1ec3u \u0111\u1ea7y \u0111\u1ee7 v\u00e0 ti\u1ebfp thu ng\u1eef ph\u00e1p ti\u1ebfng Albania l\u00e0 li\u00ean t\u1ee5c t\u01b0\u01a1ng t\u00e1c v\u1edbi ng\u00f4n ng\u1eef. B\u1eb1ng c\u00e1ch \u0111\u1ecdc v\u0103n h\u1ecdc Albania, xem phim ho\u1eb7c phim truy\u1ec1n h\u00ecnh Albania, theo d\u00f5i tin t\u1ee9c v\u00e0 podcast c\u0169ng nh\u01b0 t\u00edch c\u1ef1c giao ti\u1ebfp v\u1edbi ng\u01b0\u1eddi b\u1ea3n ng\u1eef, b\u1ea1n s\u1ebd c\u1ee7ng c\u1ed1 hi\u1ec3u bi\u1ebft v\u1ec1 ng\u1eef ph\u00e1p \u0111\u1ed3ng th\u1eddi m\u1edf r\u1ed9ng v\u1ed1n t\u1eeb v\u1ef1ng c\u1ee7a m\u00ecnh.<\/p>\n\n\n\n<h3 class=\"wp-block-heading\" id=\"h-conclusion\">Ph\u1ea7n k\u1ebft lu\u1eadn<\/h3>\n\n\n\n<p>M\u1eb7c d\u00f9 ng\u1eef ph\u00e1p ti\u1ebfng Albania c\u00f3 v\u1ebb ph\u1ee9c t\u1ea1p, nh\u01b0ng b\u1ea1n c\u00f3 th\u1ec3 tr\u1edf n\u00ean th\u00e0nh th\u1ea1o ng\u00f4n ng\u1eef tuy\u1ec7t v\u1eddi n\u00e0y v\u1edbi s\u1ef1 c\u1ed1ng hi\u1ebfn, th\u1ef1c h\u00e0nh v\u00e0 nhi\u1ec7t t\u00ecnh. B\u1eb1ng c\u00e1ch t\u1eadp trung v\u00e0o c\u00e1c quy t\u1eafc c\u01a1 b\u1ea3n v\u00e0 t\u01b0\u01a1ng t\u00e1c v\u1edbi ng\u00f4n ng\u1eef trong c\u00e1c ng\u1eef c\u1ea3nh kh\u00e1c nhau, b\u1ea1n s\u1ebd nhanh ch\u00f3ng n\u00e2ng cao <a href=\"https:\/\/talkpal.ai\/vi\/ngu-phap\/\">k\u1ef9 n\u0103ng ng\u1eef ph\u00e1p<\/a> ti\u1ebfng Albania c\u1ee7a m\u00ecnh. Suksese v\u1edbi h\u00e0nh tr\u00ecnh ng\u00f4n ng\u1eef Albania c\u1ee7a b\u1ea1n v\u00e0 t\u1eadn h\u01b0\u1edfng vi\u1ec7c l\u00e0m s\u00e1ng t\u1ecf th\u1ebf gi\u1edbi ng\u1eef ph\u00e1p Albania \u0111\u1ea7y bi\u1ec3u c\u1ea3m v\u00e0 quy\u1ebfn r\u0169.<\/p>\n<\/div><\/div>\n\r\n<section class=\"learnNavigationSection\">\r\n            \r\n        <a href=\"https:\/\/talkpal.ai\/vi\/hoc-tieng-albania\/\">\r\n            <div class=\"learnNavigationWrapper\">\r\n                <div class=\"learnNavigationContent\">\r\n                    <img decoding=\"async\" src=\"https:\/\/talkpal.ai\/wp-content\/uploads\/2025\/11\/Albanian.png\" alt=\"Albanian Flag\">\r\n                    <div>\r\n                        <h4>Gi\u1edbi thi\u1ec7u v\u1ec1 Albanian Learning<\/h4>\r\n                        <p>T\u00ecm hi\u1ec3u t\u1ea5t c\u1ea3 v\u1ec1 Ng\u1eef ph\u00e1p ti\u1ebfng Albania<\/p>\r\n                    <\/div>\r\n                <\/div>\r\n            <\/div>\r\n        <\/a>\r\n\r\n        \r\n        <a href=\"https:\/\/talkpal.ai\/vi\/bai-tap-ngu-phap-tieng-albania\/\">\r\n            <div class=\"learnNavigationWrapper\">\r\n                <div class=\"learnNavigationContent\">\r\n                    <img decoding=\"async\" src=\"https:\/\/talkpal.ai\/wp-content\/uploads\/2025\/11\/Albanian.png\" alt=\"Albanian Flag\">\r\n                    <div>\r\n                        <h4>B\u00e0i t\u1eadp ng\u1eef ph\u00e1p ti\u1ebfng Albania<\/h4>\r\n                        <p>Th\u1ef1c h\u00e0nh ng\u1eef ph\u00e1p ti\u1ebfng Albania.<\/p>\r\n                    <\/div>\r\n                <\/div>\r\n            <\/div>\r\n        <\/a>\r\n\r\n            <\/section>","protected":false},"excerpt":{"rendered":"<p>\u0110i\u1ec1u h\u01b0\u1edbng s\u1ef1 ph\u1ee9c t\u1ea1p c\u1ee7a ng\u1eef ph\u00e1p ti\u1ebfng Albania Ti\u1ebfng Albania, m\u1ed9t ng\u00f4n ng\u1eef \u1ea4n-\u00c2u v\u1edbi m\u1ed9t nh\u00e1nh ri\u00eang bi\u1ec7t v\u00e0 ngu\u1ed3n g\u1ed1c v\u0103n h\u00f3a s\u00e2u s\u1eafc, mang \u0111\u1ebfn m\u1ed9t h\u00e0nh tr\u00ecnh b\u1ed5 \u00edch cho nh\u1eefng ng\u01b0\u1eddi h\u1ecdc b\u1ecb thu h\u00fat b\u1edfi h\u1ec7 th\u1ed1ng ng\u1eef ph\u00e1p v\u00e0 \u00e2m thanh \u0111\u1ed9c \u0111\u00e1o c\u1ee7a n\u00f3. Khi [&hellip;]<\/p>\n","protected":false},"author":20,"featured_media":0,"parent":0,"menu_order":0,"comment_status":"closed","ping_status":"closed","template":"LearningContentPage.php","meta":{"_acf_changed":false,"footnotes":""},"class_list":["post-1474822","page","type-page","status-publish","hentry"],"acf":[],"yoast_head":"<!-- This site is optimized with the Yoast SEO Premium plugin v27.2 (Yoast SEO v27.2) - https:\/\/yoast.com\/product\/yoast-seo-premium-wordpress\/ -->\n<title>Ng\u1eef ph\u00e1p ti\u1ebfng Albania - Talkpal<\/title>\n<meta name=\"description\" content=\"N\u1eafm v\u1eefng nh\u1eefng ki\u1ebfn th\u1ee9c ng\u1eef ph\u00e1p c\u01a1 b\u1ea3n c\u1ee7a ti\u1ebfng Albania, bao g\u1ed3m c\u00e1ch chia \u0111\u1ed9ng t\u1eeb v\u00e0 bi\u1ebfn c\u00e1ch, v\u1edbi h\u01b0\u1edbng d\u1eabn h\u1ecdc ng\u00f4n ng\u1eef t\u01b0\u01a1ng t\u00e1c b\u1eb1ng tr\u00ed tu\u1ec7 nh\u00e2n t\u1ea1o c\u1ee7a Talkpal.\" \/>\n<meta name=\"robots\" content=\"index, follow, max-snippet:-1, max-image-preview:large, max-video-preview:-1\" \/>\n<link rel=\"canonical\" href=\"https:\/\/talkpal.ai\/vi\/ngu-phap-tieng-albania\/\" \/>\n<meta property=\"og:locale\" content=\"vi_VN\" \/>\n<meta property=\"og:type\" content=\"article\" \/>\n<meta property=\"og:title\" content=\"Ng\u1eef ph\u00e1p ti\u1ebfng Albania\" \/>\n<meta property=\"og:description\" content=\"\u0110i\u1ec1u h\u01b0\u1edbng s\u1ef1 ph\u1ee9c t\u1ea1p c\u1ee7a ng\u1eef ph\u00e1p ti\u1ebfng Albania Ti\u1ebfng Albania, m\u1ed9t ng\u00f4n ng\u1eef \u1ea4n-\u00c2u v\u1edbi m\u1ed9t nh\u00e1nh ri\u00eang bi\u1ec7t v\u00e0 ngu\u1ed3n g\u1ed1c v\u0103n h\u00f3a s\u00e2u s\u1eafc, mang \u0111\u1ebfn m\u1ed9t\" \/>\n<meta property=\"og:url\" content=\"https:\/\/talkpal.ai\/vi\/ngu-phap-tieng-albania\/\" \/>\n<meta property=\"og:site_name\" content=\"Talkpal\" \/>\n<meta property=\"article:publisher\" content=\"https:\/\/www.facebook.com\/profile.php?id=100090733639311\" \/>\n<meta property=\"article:modified_time\" content=\"2025-12-30T15:33:46+00:00\" \/>\n<meta property=\"og:image\" content=\"https:\/\/talkpal.ai\/wp-content\/uploads\/2025\/02\/Progress-tab-16_9.png\" \/>\n\t<meta property=\"og:image:width\" content=\"2880\" \/>\n\t<meta property=\"og:image:height\" content=\"1620\" \/>\n\t<meta property=\"og:image:type\" content=\"image\/png\" \/>\n<meta name=\"twitter:card\" content=\"summary_large_image\" \/>\n<meta name=\"twitter:site\" content=\"@talkpalai\" \/>\n<meta name=\"twitter:label1\" content=\"Est. reading time\" \/>\n\t<meta name=\"twitter:data1\" content=\"7 minutes\" \/>\n<script type=\"application\/ld+json\" class=\"yoast-schema-graph\">{\"@context\":\"https:\/\/schema.org\",\"@graph\":[{\"@type\":\"WebPage\",\"@id\":\"https:\/\/talkpal.ai\/vi\/ngu-phap-tieng-albania\/\",\"url\":\"https:\/\/talkpal.ai\/vi\/ngu-phap-tieng-albania\/\",\"name\":\"Ng\u1eef ph\u00e1p ti\u1ebfng Albania - Talkpal\",\"isPartOf\":{\"@id\":\"https:\/\/talkpal.ai\/vi\/#website\"},\"datePublished\":\"2025-11-11T12:01:19+00:00\",\"dateModified\":\"2025-12-30T15:33:46+00:00\",\"description\":\"N\u1eafm v\u1eefng nh\u1eefng ki\u1ebfn th\u1ee9c ng\u1eef ph\u00e1p c\u01a1 b\u1ea3n c\u1ee7a ti\u1ebfng Albania, bao g\u1ed3m c\u00e1ch chia \u0111\u1ed9ng t\u1eeb v\u00e0 bi\u1ebfn c\u00e1ch, v\u1edbi h\u01b0\u1edbng d\u1eabn h\u1ecdc ng\u00f4n ng\u1eef t\u01b0\u01a1ng t\u00e1c b\u1eb1ng tr\u00ed tu\u1ec7 nh\u00e2n t\u1ea1o c\u1ee7a Talkpal.\",\"breadcrumb\":{\"@id\":\"https:\/\/talkpal.ai\/vi\/ngu-phap-tieng-albania\/#breadcrumb\"},\"inLanguage\":\"vi-VN\",\"potentialAction\":[{\"@type\":\"ReadAction\",\"target\":[\"https:\/\/talkpal.ai\/vi\/ngu-phap-tieng-albania\/\"]}]},{\"@type\":\"BreadcrumbList\",\"@id\":\"https:\/\/talkpal.ai\/vi\/ngu-phap-tieng-albania\/#breadcrumb\",\"itemListElement\":[{\"@type\":\"ListItem\",\"position\":1,\"name\":\"Homepage\",\"item\":\"https:\/\/talkpal.ai\/vi\/giao-vien-ngon-ngu-ai-3\/\"},{\"@type\":\"ListItem\",\"position\":2,\"name\":\"Ng\u1eef ph\u00e1p ti\u1ebfng Albania\"}]},{\"@type\":\"WebSite\",\"@id\":\"https:\/\/talkpal.ai\/vi\/#website\",\"url\":\"https:\/\/talkpal.ai\/vi\/\",\"name\":\"Talkpal\",\"description\":\"AI Language Learning\",\"publisher\":{\"@id\":\"https:\/\/talkpal.ai\/vi\/#organization\"},\"alternateName\":\"Talkpal AI\",\"potentialAction\":[{\"@type\":\"SearchAction\",\"target\":{\"@type\":\"EntryPoint\",\"urlTemplate\":\"https:\/\/talkpal.ai\/vi\/?s={search_term_string}\"},\"query-input\":{\"@type\":\"PropertyValueSpecification\",\"valueRequired\":true,\"valueName\":\"search_term_string\"}}],\"inLanguage\":\"vi-VN\"},{\"@type\":\"Organization\",\"@id\":\"https:\/\/talkpal.ai\/vi\/#organization\",\"name\":\"Talkpal, Inc.\",\"alternateName\":\"Talkpal AI\",\"url\":\"https:\/\/talkpal.ai\/vi\/\",\"logo\":{\"@type\":\"ImageObject\",\"inLanguage\":\"vi-VN\",\"@id\":\"https:\/\/talkpal.ai\/vi\/#\/schema\/logo\/image\/\",\"url\":\"https:\/\/talkpal.ai\/wp-content\/uploads\/2024\/03\/Talkpal-Logo-Icon.png\",\"contentUrl\":\"https:\/\/talkpal.ai\/wp-content\/uploads\/2024\/03\/Talkpal-Logo-Icon.png\",\"width\":2880,\"height\":2880,\"caption\":\"Talkpal, Inc.\"},\"image\":{\"@id\":\"https:\/\/talkpal.ai\/vi\/#\/schema\/logo\/image\/\"},\"sameAs\":[\"https:\/\/www.facebook.com\/profile.php?id=100090733639311\",\"https:\/\/x.com\/talkpalai\",\"https:\/\/www.linkedin.com\/company\/talkpal\/\",\"https:\/\/www.youtube.com\/@TalkPal\/\",\"https:\/\/www.tiktok.com\/@talkpal\",\"https:\/\/www.instagram.com\/talkpal_ai\/\",\"https:\/\/www.crunchbase.com\/organization\/talkpal-9cde\",\"https:\/\/www.g2.com\/products\/talkpal-for-business\/\",\"https:\/\/www.trustpilot.com\/review\/talkpal.ai\",\"https:\/\/www.capterra.com\/p\/10006800\/TalkPal\/\"],\"description\":\"Talkpal is a language learning web and mobile education app, powered by the latest AI technologies, that provides engaging experiences to its customers in many different languages to help them improve their language skills. Users can chat about unlimited amount of topics with the app and use other modes to practice their language learning.\",\"email\":\"support@talkpal.ai\",\"legalName\":\"Talkpal, Inc.\",\"foundingDate\":\"2023-04-03\",\"duns\":\"118989042\",\"numberOfEmployees\":{\"@type\":\"QuantitativeValue\",\"minValue\":\"11\",\"maxValue\":\"50\"},\"publishingPrinciples\":\"https:\/\/talkpal.ai\/publishing-principles\/\",\"actionableFeedbackPolicy\":\"https:\/\/talkpal.ai\/actionable-feedback-policy\/\",\"correctionsPolicy\":\"https:\/\/talkpal.ai\/corrections-policy\/\",\"ethicsPolicy\":\"https:\/\/talkpal.ai\/ethics-policy\/\",\"diversityPolicy\":\"https:\/\/talkpal.ai\/diversity-policy\/\",\"diversityStaffingReport\":\"https:\/\/talkpal.ai\/diversity-policy\/\"}]}<\/script>\n<!-- \/ Yoast SEO Premium plugin. -->","yoast_head_json":{"title":"Ng\u1eef ph\u00e1p ti\u1ebfng Albania - Talkpal","description":"N\u1eafm v\u1eefng nh\u1eefng ki\u1ebfn th\u1ee9c ng\u1eef ph\u00e1p c\u01a1 b\u1ea3n c\u1ee7a ti\u1ebfng Albania, bao g\u1ed3m c\u00e1ch chia \u0111\u1ed9ng t\u1eeb v\u00e0 bi\u1ebfn c\u00e1ch, v\u1edbi h\u01b0\u1edbng d\u1eabn h\u1ecdc ng\u00f4n ng\u1eef t\u01b0\u01a1ng t\u00e1c b\u1eb1ng tr\u00ed tu\u1ec7 nh\u00e2n t\u1ea1o c\u1ee7a Talkpal.","robots":{"index":"index","follow":"follow","max-snippet":"max-snippet:-1","max-image-preview":"max-image-preview:large","max-video-preview":"max-video-preview:-1"},"canonical":"https:\/\/talkpal.ai\/vi\/ngu-phap-tieng-albania\/","og_locale":"vi_VN","og_type":"article","og_title":"Ng\u1eef ph\u00e1p ti\u1ebfng Albania","og_description":"\u0110i\u1ec1u h\u01b0\u1edbng s\u1ef1 ph\u1ee9c t\u1ea1p c\u1ee7a ng\u1eef ph\u00e1p ti\u1ebfng Albania Ti\u1ebfng Albania, m\u1ed9t ng\u00f4n ng\u1eef \u1ea4n-\u00c2u v\u1edbi m\u1ed9t nh\u00e1nh ri\u00eang bi\u1ec7t v\u00e0 ngu\u1ed3n g\u1ed1c v\u0103n h\u00f3a s\u00e2u s\u1eafc, mang \u0111\u1ebfn m\u1ed9t","og_url":"https:\/\/talkpal.ai\/vi\/ngu-phap-tieng-albania\/","og_site_name":"Talkpal","article_publisher":"https:\/\/www.facebook.com\/profile.php?id=100090733639311","article_modified_time":"2025-12-30T15:33:46+00:00","og_image":[{"width":2880,"height":1620,"url":"https:\/\/talkpal.ai\/wp-content\/uploads\/2025\/02\/Progress-tab-16_9.png","type":"image\/png"}],"twitter_card":"summary_large_image","twitter_site":"@talkpalai","twitter_misc":{"Est. reading time":"7 minutes"},"schema":{"@context":"https:\/\/schema.org","@graph":[{"@type":"WebPage","@id":"https:\/\/talkpal.ai\/vi\/ngu-phap-tieng-albania\/","url":"https:\/\/talkpal.ai\/vi\/ngu-phap-tieng-albania\/","name":"Ng\u1eef ph\u00e1p ti\u1ebfng Albania - Talkpal","isPartOf":{"@id":"https:\/\/talkpal.ai\/vi\/#website"},"datePublished":"2025-11-11T12:01:19+00:00","dateModified":"2025-12-30T15:33:46+00:00","description":"N\u1eafm v\u1eefng nh\u1eefng ki\u1ebfn th\u1ee9c ng\u1eef ph\u00e1p c\u01a1 b\u1ea3n c\u1ee7a ti\u1ebfng Albania, bao g\u1ed3m c\u00e1ch chia \u0111\u1ed9ng t\u1eeb v\u00e0 bi\u1ebfn c\u00e1ch, v\u1edbi h\u01b0\u1edbng d\u1eabn h\u1ecdc ng\u00f4n ng\u1eef t\u01b0\u01a1ng t\u00e1c b\u1eb1ng tr\u00ed tu\u1ec7 nh\u00e2n t\u1ea1o c\u1ee7a Talkpal.","breadcrumb":{"@id":"https:\/\/talkpal.ai\/vi\/ngu-phap-tieng-albania\/#breadcrumb"},"inLanguage":"vi-VN","potentialAction":[{"@type":"ReadAction","target":["https:\/\/talkpal.ai\/vi\/ngu-phap-tieng-albania\/"]}]},{"@type":"BreadcrumbList","@id":"https:\/\/talkpal.ai\/vi\/ngu-phap-tieng-albania\/#breadcrumb","itemListElement":[{"@type":"ListItem","position":1,"name":"Homepage","item":"https:\/\/talkpal.ai\/vi\/giao-vien-ngon-ngu-ai-3\/"},{"@type":"ListItem","position":2,"name":"Ng\u1eef ph\u00e1p ti\u1ebfng Albania"}]},{"@type":"WebSite","@id":"https:\/\/talkpal.ai\/vi\/#website","url":"https:\/\/talkpal.ai\/vi\/","name":"Talkpal","description":"AI Language Learning","publisher":{"@id":"https:\/\/talkpal.ai\/vi\/#organization"},"alternateName":"Talkpal AI","potentialAction":[{"@type":"SearchAction","target":{"@type":"EntryPoint","urlTemplate":"https:\/\/talkpal.ai\/vi\/?s={search_term_string}"},"query-input":{"@type":"PropertyValueSpecification","valueRequired":true,"valueName":"search_term_string"}}],"inLanguage":"vi-VN"},{"@type":"Organization","@id":"https:\/\/talkpal.ai\/vi\/#organization","name":"Talkpal, Inc.","alternateName":"Talkpal AI","url":"https:\/\/talkpal.ai\/vi\/","logo":{"@type":"ImageObject","inLanguage":"vi-VN","@id":"https:\/\/talkpal.ai\/vi\/#\/schema\/logo\/image\/","url":"https:\/\/talkpal.ai\/wp-content\/uploads\/2024\/03\/Talkpal-Logo-Icon.png","contentUrl":"https:\/\/talkpal.ai\/wp-content\/uploads\/2024\/03\/Talkpal-Logo-Icon.png","width":2880,"height":2880,"caption":"Talkpal, Inc."},"image":{"@id":"https:\/\/talkpal.ai\/vi\/#\/schema\/logo\/image\/"},"sameAs":["https:\/\/www.facebook.com\/profile.php?id=100090733639311","https:\/\/x.com\/talkpalai","https:\/\/www.linkedin.com\/company\/talkpal\/","https:\/\/www.youtube.com\/@TalkPal\/","https:\/\/www.tiktok.com\/@talkpal","https:\/\/www.instagram.com\/talkpal_ai\/","https:\/\/www.crunchbase.com\/organization\/talkpal-9cde","https:\/\/www.g2.com\/products\/talkpal-for-business\/","https:\/\/www.trustpilot.com\/review\/talkpal.ai","https:\/\/www.capterra.com\/p\/10006800\/TalkPal\/"],"description":"Talkpal is a language learning web and mobile education app, powered by the latest AI technologies, that provides engaging experiences to its customers in many different languages to help them improve their language skills. Users can chat about unlimited amount of topics with the app and use other modes to practice their language learning.","email":"support@talkpal.ai","legalName":"Talkpal, Inc.","foundingDate":"2023-04-03","duns":"118989042","numberOfEmployees":{"@type":"QuantitativeValue","minValue":"11","maxValue":"50"},"publishingPrinciples":"https:\/\/talkpal.ai\/publishing-principles\/","actionableFeedbackPolicy":"https:\/\/talkpal.ai\/actionable-feedback-policy\/","correctionsPolicy":"https:\/\/talkpal.ai\/corrections-policy\/","ethicsPolicy":"https:\/\/talkpal.ai\/ethics-policy\/","diversityPolicy":"https:\/\/talkpal.ai\/diversity-policy\/","diversityStaffingReport":"https:\/\/talkpal.ai\/diversity-policy\/"}]}},"_links":{"self":[{"href":"https:\/\/talkpal.ai\/vi\/wp-json\/wp\/v2\/pages\/1474822","targetHints":{"allow":["GET"]}}],"collection":[{"href":"https:\/\/talkpal.ai\/vi\/wp-json\/wp\/v2\/pages"}],"about":[{"href":"https:\/\/talkpal.ai\/vi\/wp-json\/wp\/v2\/types\/page"}],"author":[{"embeddable":true,"href":"https:\/\/talkpal.ai\/vi\/wp-json\/wp\/v2\/users\/20"}],"replies":[{"embeddable":true,"href":"https:\/\/talkpal.ai\/vi\/wp-json\/wp\/v2\/comments?post=1474822"}],"version-history":[{"count":0,"href":"https:\/\/talkpal.ai\/vi\/wp-json\/wp\/v2\/pages\/1474822\/revisions"}],"wp:attachment":[{"href":"https:\/\/talkpal.ai\/vi\/wp-json\/wp\/v2\/media?parent=1474822"}],"curies":[{"name":"wp","href":"https:\/\/api.w.org\/{rel}","templated":true}]}}