{"id":1447770,"date":"2023-06-21T14:29:48","date_gmt":"2023-06-21T14:29:48","guid":{"rendered":"https:\/\/talkpal.ai\/bai-tap-ngu-phap-hungary\/"},"modified":"2025-12-17T16:06:13","modified_gmt":"2025-12-17T16:06:13","slug":"bai-tap-ngu-phap-hungary","status":"publish","type":"page","link":"https:\/\/talkpal.ai\/vi\/bai-tap-ngu-phap-hungary\/","title":{"rendered":"B\u00e0i t\u1eadp ng\u1eef ph\u00e1p Hungary"},"content":{"rendered":"\r\n\r\n\r\n<section class=\"languageChallengeSection\">\r\n    <div class=\"languageInfoWrapper\">\r\n        \r\n        <h1>B\u00e0i t\u1eadp ng\u1eef ph\u00e1p Hungary<\/h1>\r\n        <p>S\u1eb5n s\u00e0ng c\u1ee7ng c\u1ed1 k\u1ef9 n\u0103ng ti\u1ebfng Hungary c\u1ee7a b\u1ea1n? Th\u1ef1c h\u00e0nh c\u00e1c b\u00e0i t\u1eadp <a href=\"https:\/\/talkpal.ai\/vi\/ngu-phap\/\">ng\u1eef ph\u00e1p<\/a> l\u00e0 m\u1ed9t c\u00e1ch tuy\u1ec7t v\u1eddi \u0111\u1ec3 n\u1eafm v\u1eefng th\u1ee9 t\u1ef1 t\u1eeb, \u0111u\u00f4i \u0111\u1ed9ng t\u1eeb v\u00e0 c\u1ea5u tr\u00fac \u0111\u1ed9c \u0111\u00e1o c\u1ee7a ti\u1ebfng Hungary. \u0110i s\u00e2u v\u00e0o <a href=\"https:\/\/talkpal.ai\/hungarian-grammar\/\">ng\u1eef ph\u00e1p ti\u1ebfng Hungary<\/a> ngay h\u00f4m nay v\u00e0 xem s\u1ef1 t\u1ef1 tin v\u00e0 l\u01b0u lo\u00e1t c\u1ee7a b\u1ea1n ph\u00e1t tri\u1ec3n v\u1edbi m\u1ed7i b\u00e0i t\u1eadp!<\/p>\r\n\r\n                            <a class=\"getStartedHidden\" href=\"https:\/\/app.talkpal.ai\/vi\/signup?lng=\">B\u1eaft \u0111\u1ea7u nh\u00e9<\/a>\r\n        \r\n    <\/div>\r\n\r\n    <figure>\r\n    <img decoding=\"async\" width=\"768\" height=\"768\" src=\"https:\/\/talkpal.ai\/wp-content\/uploads\/2023\/06\/hungarian-768x768.png\" class=\"languageImage no-lazy\" alt=\"Language learning strategies for advanced learners\" fetchpriority=\"high\" sizes=\"(max-width: 768px) 150px, 768px\" srcset=\"https:\/\/talkpal.ai\/wp-content\/uploads\/2023\/06\/hungarian-768x768.png 768w, https:\/\/talkpal.ai\/wp-content\/uploads\/2023\/06\/hungarian-300x300.png 300w\" \/>\r\n    \r\n\r\n    <\/figure>\r\n\r\n            <a class=\"getStartedVisible\" href=\"https:\/\/app.talkpal.ai\/vi\/signup?lng=\">B\u1eaft \u0111\u1ea7u nh\u00e9<\/a>\r\n    \r\n<\/section>\r\n\r\n\r\n<!-- <section class=\"grammarSection\">\r\n    <div class=\"grammarLinks\">\r\n            <\/div>\r\n<\/section> -->\r\n\r\n\r\n\r\n\r\n<section class=\"promotionalBanner\">\r\n    <p class=\"promotionalText\">C\u00e1ch hi\u1ec7u qu\u1ea3 nh\u1ea5t \u0111\u1ec3 h\u1ecdc m\u1ed9t <a href=\"https:\/\/talkpal.ai\/vi\/hoc-ngon-ngu-cho-cac-truong-ngon-ngu\/\">ng\u00f4n ng\u1eef<\/a><\/p>\r\n    <a class=\"promotionalLink\" href=\"https:\/\/app.talkpal.ai\/vi\/signup?lng=\">D\u00f9ng th\u1eed Talkpal mi\u1ec5n ph\u00ed<\/a>\r\n<\/section>\n<div class=\"wp-block-group pageContainerStyle\"><div class=\"wp-block-group__inner-container is-layout-constrained wp-block-group-is-layout-constrained\">\n<h2 class=\"wp-block-heading\" id=\"h-hungarian-grammar-topics\">Ch\u1ee7 \u0111\u1ec1 ng\u1eef ph\u00e1p ti\u1ebfng Hungary<\/h2>\n\n\n\n<p>H\u1ecdc m\u1ed9t ng\u00f4n ng\u1eef m\u1edbi c\u00f3 th\u1ec3 l\u00e0 m\u1ed9t tr\u1ea3i nghi\u1ec7m ly k\u1ef3 v\u00e0 b\u1ed5 \u00edch. Tuy nhi\u00ean, n\u00f3 c\u0169ng c\u00f3 th\u1ec3 kh\u00e1 cho\u00e1ng ng\u1ee3p, \u0111\u1eb7c bi\u1ec7t l\u00e0 khi hi\u1ec3u v\u00e0 n\u1eafm v\u1eefng c\u00e1c ch\u1ee7 \u0111\u1ec1 ng\u1eef ph\u00e1p. M\u1ed9t c\u00e1ch ti\u1ebfp c\u1eadn c\u00f3 c\u1ea5u tr\u00fac t\u1ed1t \u0111\u1ec3 <a href=\"https:\/\/talkpal.ai\/grammar\/\">h\u1ecdc ng\u1eef ph\u00e1p<\/a> l\u00e0 r\u1ea5t quan tr\u1ecdng \u0111\u1ec3 th\u00e0nh c\u00f4ng trong vi\u1ec7c ti\u1ebfp thu m\u1ed9t ng\u00f4n ng\u1eef m\u1edbi. Trong h\u01b0\u1edbng d\u1eabn n\u00e0y, ch\u00fang t\u00f4i \u0111\u00e3 nh\u00f3m c\u00e1c ch\u1ee7 \u0111\u1ec1 ng\u1eef ph\u00e1p theo tr\u00ecnh t\u1ef1 s\u1ebd gi\u00fap b\u1ea1n <a href=\"https:\/\/talkpal.ai\/vi\/ung-dung-mien-phi-de-hoc-ngon-ngu\/\">h\u1ecdc ng\u00f4n ng\u1eef<\/a> hi\u1ec7u qu\u1ea3 h\u01a1n. B\u1eb1ng c\u00e1ch hi\u1ec3u v\u00e0 n\u1eafm v\u1eefng c\u00e1c ch\u1ee7 \u0111\u1ec1 n\u00e0y, b\u1ea1n s\u1ebd tr\u00ean con \u0111\u01b0\u1eddng tr\u1edf n\u00ean th\u00e0nh th\u1ea1o ng\u00f4n ng\u1eef m\u1ee5c ti\u00eau c\u1ee7a m\u00ecnh.<\/p>\n\n\n\n<h3 class=\"wp-block-heading\" id=\"h-1-nouns-and-articles\">1. Danh t\u1eeb v\u00e0 m\u1ea1o t\u1eeb<\/h3>\n\n\n\n<p>B\u1eaft \u0111\u1ea7u h\u00e0nh tr\u00ecnh h\u1ecdc ng\u00f4n ng\u1eef c\u1ee7a b\u1ea1n b\u1eb1ng c\u00e1ch hi\u1ec3u nh\u1eefng \u0111i\u1ec1u c\u01a1 b\u1ea3n <a href=\"https:\/\/talkpal.ai\/vi\/ve\/\">v\u1ec1<\/a> danh t\u1eeb v\u00e0 m\u1ea1o t\u1eeb. Danh t\u1eeb l\u00e0 nh\u1eefng t\u1eeb \u0111\u1ea1i di\u1ec7n cho con ng\u01b0\u1eddi, \u0111\u1ecba \u0111i\u1ec3m, s\u1ef1 v\u1eadt ho\u1eb7c \u00fd t\u01b0\u1edfng. C\u00e1c m\u1ea1o t\u1eeb \u0111\u01b0\u1ee3c s\u1eed d\u1ee5ng \u0111\u1ec3 ch\u1ec9 t\u00ednh \u0111\u1eb7c th\u00f9 c\u1ee7a m\u1ed9t danh t\u1eeb. H\u1ecdc nh\u1eefng \u0111i\u1ec1u n\u00e0y s\u1ebd gi\u00fap b\u1ea1n h\u00ecnh th\u00e0nh c\u00e1c c\u00e2u \u0111\u01a1n gi\u1ea3n v\u00e0 hi\u1ec3u c\u1ea5u tr\u00fac c\u1ee7a ng\u00f4n ng\u1eef.<\/p>\n\n\n\n<h3 class=\"wp-block-heading\" id=\"h-2-pronouns-determiners\">2. \u0110\u1ea1i t\u1eeb\/X\u00e1c \u0111\u1ecbnh<\/h3>\n\n\n\n<p>\u0110\u1ea1i t\u1eeb thay th\u1ebf danh t\u1eeb trong c\u00e2u v\u00e0 gi\u00fap tr\u00e1nh l\u1eb7p l\u1ea1i, trong khi c\u00e1c t\u1eeb x\u00e1c \u0111\u1ecbnh cung c\u1ea5p th\u00f4ng tin v\u1ec1 s\u1ed1 l\u01b0\u1ee3ng ho\u1eb7c \u0111\u1ed9 x\u00e1c \u0111\u1ecbnh c\u1ee7a danh t\u1eeb. N\u1eafm v\u1eefng nh\u1eefng ch\u1ee7 \u0111\u1ec1 n\u00e0y s\u1ebd c\u1ea3i thi\u1ec7n kh\u1ea3 n\u0103ng l\u01b0u lo\u00e1t v\u00e0 hi\u1ec3u c\u1ee7a b\u1ea1n.<\/p>\n\n\n\n<h3 class=\"wp-block-heading\" id=\"h-3-adjectives-and-adverbs\">3. T\u00ednh t\u1eeb v\u00e0 tr\u1ea1ng t\u1eeb<\/h3>\n\n\n\n<p>T\u00ednh t\u1eeb m\u00f4 t\u1ea3 danh t\u1eeb, trong khi tr\u1ea1ng t\u1eeb s\u1eeda \u0111\u1ed5i \u0111\u1ed9ng t\u1eeb, t\u00ednh t\u1eeb ho\u1eb7c c\u00e1c tr\u1ea1ng t\u1eeb kh\u00e1c. B\u1eb1ng c\u00e1ch h\u1ecdc nh\u1eefng \u0111i\u1ec1u n\u00e0y, b\u1ea1n c\u00f3 th\u1ec3 th\u00eam chi ti\u1ebft v\u00e0 r\u00f5 r\u00e0ng h\u01a1n cho c\u00e2u c\u1ee7a m\u00ecnh, l\u00e0m cho k\u1ef9 n\u0103ng ng\u00f4n ng\u1eef c\u1ee7a b\u1ea1n bi\u1ec3u c\u1ea3m v\u00e0 h\u1ea5p d\u1eabn h\u01a1n.<\/p>\n\n\n\n<h3 class=\"wp-block-heading\" id=\"h-4-verbs-tenses-and-tense-comparison\">4. So s\u00e1nh \u0111\u1ed9ng t\u1eeb, th\u00ec v\u00e0 th\u00ec<\/h3>\n\n\n\n<p>\u0110\u1ed9ng t\u1eeb truy\u1ec1n \u0111\u1ea1t h\u00e0nh \u0111\u1ed9ng ho\u1eb7c tr\u1ea1ng th\u00e1i t\u1ed3n t\u1ea1i, v\u00e0 th\u00ec ch\u1ec9 th\u1eddi gian m\u1ed9t h\u00e0nh \u0111\u1ed9ng di\u1ec5n ra. Hi\u1ec3u so s\u00e1nh th\u00ec cho ph\u00e9p b\u1ea1n th\u1ea3o lu\u1eadn ch\u00ednh x\u00e1c v\u1ec1 c\u00e1c h\u00e0nh \u0111\u1ed9ng trong qu\u00e1 kh\u1ee9, hi\u1ec7n t\u1ea1i v\u00e0 t\u01b0\u01a1ng lai.<\/p>\n\n\n\n<h3 class=\"wp-block-heading\" id=\"h-5-progressive-and-perfect-progressive\">5. Ti\u1ebfn b\u1ed9 v\u00e0 ti\u1ebfn b\u1ed9 ho\u00e0n h\u1ea3o<\/h3>\n\n\n\n<p>Th\u00ec l\u0169y ti\u1ebfn t\u1eadp trung v\u00e0o c\u00e1c h\u00e0nh \u0111\u1ed9ng \u0111ang ti\u1ebfn h\u00e0nh, trong khi th\u00ec l\u0169y ti\u1ebfn ho\u00e0n h\u1ea3o nh\u1ea5n m\u1ea1nh th\u1eddi gian c\u1ee7a m\u1ed9t h\u00e0nh \u0111\u1ed9ng cho \u0111\u1ebfn m\u1ed9t th\u1eddi \u0111i\u1ec3m c\u1ee5 th\u1ec3. Nh\u1eefng th\u00ec n\u00e0y n\u00e2ng cao kh\u1ea3 n\u0103ng th\u1ec3 hi\u1ec7n nh\u1eefng suy ngh\u0129 v\u00e0 \u00fd t\u01b0\u1edfng ph\u1ee9c t\u1ea1p b\u1eb1ng ng\u00f4n ng\u1eef c\u1ee7a b\u1ea1n.<\/p>\n\n\n\n<h3 class=\"wp-block-heading\" id=\"h-6-conditionals\">6. \u0110i\u1ec1u ki\u1ec7n<\/h3>\n\n\n\n<p>\u0110i\u1ec1u ki\u1ec7n m\u00f4 t\u1ea3 c\u00e1c t\u00ecnh hu\u1ed1ng gi\u1ea3 \u0111\u1ecbnh ho\u1eb7c c\u00f3 th\u1ec3 x\u1ea3y ra v\u00e0 h\u1eadu qu\u1ea3 c\u1ee7a ch\u00fang. N\u1eafm v\u1eefng c\u00e1c \u0111i\u1ec1u ki\u1ec7n gi\u00fap b\u1ea1n th\u1ec3 hi\u1ec7n nh\u1eefng suy ngh\u0129 chi ti\u1ebft v\u00e0 s\u1eafc th\u00e1i h\u01a1n b\u1eb1ng ng\u00f4n ng\u1eef m\u1ee5c ti\u00eau c\u1ee7a m\u00ecnh.<\/p>\n\n\n\n<h3 class=\"wp-block-heading\" id=\"h-7-prepositions\">7. Gi\u1edbi t\u1eeb<\/h3>\n\n\n\n<p>Gi\u1edbi t\u1eeb cho th\u1ea5y m\u1ed1i quan h\u1ec7 gi\u1eefa c\u00e1c t\u1eeb trong c\u00e2u, ch\u1eb3ng h\u1ea1n nh\u01b0 v\u1ecb tr\u00ed, h\u01b0\u1edbng ho\u1eb7c th\u1eddi gian. Nh\u1eefng t\u1eeb nh\u1ecf n\u00e0y \u0111\u00f3ng m\u1ed9t vai tr\u00f2 quan tr\u1ecdng trong vi\u1ec7c \u0111\u1ecbnh h\u00ecnh \u00fd ngh\u0129a c\u1ee7a m\u1ed9t c\u00e2u.<\/p>\n\n\n\n<h3 class=\"wp-block-heading\" id=\"h-8-sentences\">8. C\u00e2u<\/h3>\n\n\n\n<p>Cu\u1ed1i c\u00f9ng, hi\u1ec3u c\u1ea5u tr\u00fac c\u00e2u v\u00e0 c\u00f3 th\u1ec3 x\u00e2y d\u1ef1ng c\u00e1c lo\u1ea1i c\u00e2u kh\u00e1c nhau l\u00e0 \u0111i\u1ec1u c\u1ea7n thi\u1ebft \u0111\u1ec3 giao ti\u1ebfp r\u00f5 r\u00e0ng v\u00e0 hi\u1ec7u qu\u1ea3 trong b\u1ea5t k\u1ef3 ng\u00f4n ng\u1eef n\u00e0o. H\u1ecdc c\u00e1ch t\u1ea1o th\u00e0nh c\u00e1c c\u00e2u \u0111\u01a1n gi\u1ea3n, gh\u00e9p v\u00e0 ph\u1ee9c t\u1ea1p, \u0111\u1ed3ng th\u1eddi th\u1ef1c h\u00e0nh s\u1eed d\u1ee5ng c\u00e1c c\u1ea5u tr\u00fac c\u00e2u kh\u00e1c nhau \u0111\u1ec3 truy\u1ec1n \u0111\u1ea1t suy ngh\u0129 c\u1ee7a b\u1ea1n m\u1ed9t c\u00e1ch ch\u00ednh x\u00e1c.<\/p>\n<\/div><\/div>\n\r\n<section class=\"learnNavigationSection\">\r\n            \r\n        <a href=\"https:\/\/talkpal.ai\/vi\/hoc-tieng-hungary\/\">\r\n            <div class=\"learnNavigationWrapper\">\r\n                <div class=\"learnNavigationContent\">\r\n                    <img decoding=\"async\" src=\"https:\/\/talkpal.ai\/wp-content\/uploads\/2024\/08\/Hungarian.jpg\" alt=\"Hungarian Flag\">\r\n                    <div>\r\n                        <h4>Gi\u1edbi thi\u1ec7u v\u1ec1 H\u1ecdc ti\u1ebfng Hungary<\/h4>\r\n                        <p>T\u00ecm hi\u1ec3u t\u1ea5t c\u1ea3 v\u1ec1 ng\u1eef ph\u00e1p ti\u1ebfng Hungary.<\/p>\r\n                    <\/div>\r\n                <\/div>\r\n            <\/div>\r\n        <\/a>\r\n\r\n        \r\n        <a href=\"https:\/\/talkpal.ai\/vi\/ngu-phap-tieng-hungary\/\">\r\n            <div class=\"learnNavigationWrapper\">\r\n                <div class=\"learnNavigationContent\">\r\n                    <img decoding=\"async\" src=\"https:\/\/talkpal.ai\/wp-content\/uploads\/2024\/08\/Hungarian.jpg\" alt=\"Hungarian Flag\">\r\n                    <div>\r\n                        <h4>B\u00e0i h\u1ecdc ng\u1eef ph\u00e1p ti\u1ebfng Hungary<\/h4>\r\n                        <p>Th\u1ef1c h\u00e0nh ng\u1eef ph\u00e1p ti\u1ebfng Hungary.<\/p>\r\n                    <\/div>\r\n                <\/div>\r\n            <\/div>\r\n        <\/a>\r\n\r\n        \r\n        <a href=\"https:\/\/talkpal.ai\/vocabulary_language\/hungarian\/\">\r\n            <div class=\"learnNavigationWrapper\">\r\n                <div class=\"learnNavigationContent\">\r\n                    <img decoding=\"async\" src=\"https:\/\/talkpal.ai\/wp-content\/uploads\/2024\/08\/Hungarian.jpg\" alt=\"Hungarian Flag\">\r\n                    <div>\r\n                        <h4>T\u1eeb v\u1ef1ng ti\u1ebfng Hungary<\/h4>\r\n                        <p>M\u1edf r\u1ed9ng v\u1ed1n t\u1eeb v\u1ef1ng ti\u1ebfng Hungary c\u1ee7a b\u1ea1n.<\/p>\r\n                    <\/div>\r\n                <\/div>\r\n            <\/div>\r\n        <\/a>\r\n\r\n            <\/section>","protected":false},"excerpt":{"rendered":"<p>Ch\u1ee7 \u0111\u1ec1 ng\u1eef ph\u00e1p ti\u1ebfng Hungary H\u1ecdc m\u1ed9t ng\u00f4n ng\u1eef m\u1edbi c\u00f3 th\u1ec3 l\u00e0 m\u1ed9t tr\u1ea3i nghi\u1ec7m ly k\u1ef3 v\u00e0 b\u1ed5 \u00edch. Tuy nhi\u00ean, n\u00f3 c\u0169ng c\u00f3 th\u1ec3 kh\u00e1 cho\u00e1ng ng\u1ee3p, \u0111\u1eb7c bi\u1ec7t l\u00e0 khi hi\u1ec3u v\u00e0 n\u1eafm v\u1eefng c\u00e1c ch\u1ee7 \u0111\u1ec1 ng\u1eef ph\u00e1p. M\u1ed9t c\u00e1ch ti\u1ebfp c\u1eadn c\u00f3 c\u1ea5u tr\u00fac t\u1ed1t \u0111\u1ec3 h\u1ecdc ng\u1eef [&hellip;]<\/p>\n","protected":false},"author":6,"featured_media":1442278,"parent":0,"menu_order":0,"comment_status":"closed","ping_status":"closed","template":"LearningContentPage.php","meta":{"_acf_changed":false,"footnotes":""},"class_list":["post-1447770","page","type-page","status-publish","has-post-thumbnail","hentry"],"acf":[],"yoast_head":"<!-- This site is optimized with the Yoast SEO Premium plugin v27.2 (Yoast SEO v27.2) - https:\/\/yoast.com\/product\/yoast-seo-premium-wordpress\/ -->\n<title>B\u00e0i t\u1eadp ng\u1eef ph\u00e1p Hungary - Talkpal<\/title>\n<meta name=\"description\" content=\"N\u00e2ng cao k\u1ef9 n\u0103ng ng\u1eef ph\u00e1p ti\u1ebfng Hungary c\u1ee7a b\u1ea1n m\u1ed9t c\u00e1ch d\u1ec5 d\u00e0ng - ho\u00e0n th\u00e0nh c\u00e1c b\u00e0i t\u1eadp th\u1ef1c h\u00e0nh, th\u1ef1c h\u00e0nh t\u01b0\u01a1ng t\u00e1c v\u00e0 nh\u1eadn ph\u1ea3n h\u1ed3i \u0111\u01b0\u1ee3c c\u00e1 nh\u00e2n h\u00f3a\" \/>\n<meta name=\"robots\" content=\"index, follow, max-snippet:-1, max-image-preview:large, max-video-preview:-1\" \/>\n<link rel=\"canonical\" href=\"https:\/\/talkpal.ai\/vi\/bai-tap-ngu-phap-hungary\/\" \/>\n<meta property=\"og:locale\" content=\"vi_VN\" \/>\n<meta property=\"og:type\" content=\"article\" \/>\n<meta property=\"og:title\" content=\"B\u00e0i t\u1eadp ng\u1eef ph\u00e1p Hungary\" \/>\n<meta property=\"og:description\" content=\"Ch\u1ee7 \u0111\u1ec1 ng\u1eef ph\u00e1p ti\u1ebfng Hungary H\u1ecdc m\u1ed9t ng\u00f4n ng\u1eef m\u1edbi c\u00f3 th\u1ec3 l\u00e0 m\u1ed9t tr\u1ea3i nghi\u1ec7m ly k\u1ef3 v\u00e0 b\u1ed5 \u00edch. Tuy nhi\u00ean, n\u00f3 c\u0169ng c\u00f3 th\u1ec3 kh\u00e1 cho\u00e1ng ng\u1ee3p, \u0111\u1eb7c bi\u1ec7t l\u00e0 khi\" \/>\n<meta property=\"og:url\" content=\"https:\/\/talkpal.ai\/vi\/bai-tap-ngu-phap-hungary\/\" \/>\n<meta property=\"og:site_name\" content=\"Talkpal\" \/>\n<meta property=\"article:publisher\" content=\"https:\/\/www.facebook.com\/profile.php?id=100090733639311\" \/>\n<meta property=\"article:modified_time\" content=\"2025-12-17T16:06:13+00:00\" \/>\n<meta property=\"og:image\" content=\"https:\/\/talkpal.ai\/wp-content\/uploads\/2023\/05\/Hungarian.png\" \/>\n\t<meta property=\"og:image:width\" content=\"512\" \/>\n\t<meta property=\"og:image:height\" content=\"512\" \/>\n\t<meta property=\"og:image:type\" content=\"image\/png\" \/>\n<meta name=\"twitter:card\" content=\"summary_large_image\" \/>\n<meta name=\"twitter:site\" content=\"@talkpalai\" \/>\n<meta name=\"twitter:label1\" content=\"Est. reading time\" \/>\n\t<meta name=\"twitter:data1\" content=\"5 minutes\" \/>\n<script type=\"application\/ld+json\" class=\"yoast-schema-graph\">{\"@context\":\"https:\/\/schema.org\",\"@graph\":[{\"@type\":\"WebPage\",\"@id\":\"https:\/\/talkpal.ai\/vi\/bai-tap-ngu-phap-hungary\/\",\"url\":\"https:\/\/talkpal.ai\/vi\/bai-tap-ngu-phap-hungary\/\",\"name\":\"B\u00e0i t\u1eadp ng\u1eef ph\u00e1p Hungary - Talkpal\",\"isPartOf\":{\"@id\":\"https:\/\/talkpal.ai\/vi\/#website\"},\"primaryImageOfPage\":{\"@id\":\"https:\/\/talkpal.ai\/vi\/bai-tap-ngu-phap-hungary\/#primaryimage\"},\"image\":{\"@id\":\"https:\/\/talkpal.ai\/vi\/bai-tap-ngu-phap-hungary\/#primaryimage\"},\"thumbnailUrl\":\"https:\/\/talkpal.ai\/wp-content\/uploads\/2023\/05\/Hungarian.png\",\"datePublished\":\"2023-06-21T14:29:48+00:00\",\"dateModified\":\"2025-12-17T16:06:13+00:00\",\"description\":\"N\u00e2ng cao k\u1ef9 n\u0103ng ng\u1eef ph\u00e1p ti\u1ebfng Hungary c\u1ee7a b\u1ea1n m\u1ed9t c\u00e1ch d\u1ec5 d\u00e0ng - ho\u00e0n th\u00e0nh c\u00e1c b\u00e0i t\u1eadp th\u1ef1c h\u00e0nh, th\u1ef1c h\u00e0nh t\u01b0\u01a1ng t\u00e1c v\u00e0 nh\u1eadn ph\u1ea3n h\u1ed3i \u0111\u01b0\u1ee3c c\u00e1 nh\u00e2n h\u00f3a\",\"breadcrumb\":{\"@id\":\"https:\/\/talkpal.ai\/vi\/bai-tap-ngu-phap-hungary\/#breadcrumb\"},\"inLanguage\":\"vi-VN\",\"potentialAction\":[{\"@type\":\"ReadAction\",\"target\":[\"https:\/\/talkpal.ai\/vi\/bai-tap-ngu-phap-hungary\/\"]}]},{\"@type\":\"ImageObject\",\"inLanguage\":\"vi-VN\",\"@id\":\"https:\/\/talkpal.ai\/vi\/bai-tap-ngu-phap-hungary\/#primaryimage\",\"url\":\"https:\/\/talkpal.ai\/wp-content\/uploads\/2023\/05\/Hungarian.png\",\"contentUrl\":\"https:\/\/talkpal.ai\/wp-content\/uploads\/2023\/05\/Hungarian.png\",\"width\":512,\"height\":512,\"caption\":\"TalkPal Hungarian Flag\"},{\"@type\":\"BreadcrumbList\",\"@id\":\"https:\/\/talkpal.ai\/vi\/bai-tap-ngu-phap-hungary\/#breadcrumb\",\"itemListElement\":[{\"@type\":\"ListItem\",\"position\":1,\"name\":\"Homepage\",\"item\":\"https:\/\/talkpal.ai\/vi\/giao-vien-ngon-ngu-ai-3\/\"},{\"@type\":\"ListItem\",\"position\":2,\"name\":\"B\u00e0i t\u1eadp ng\u1eef ph\u00e1p Hungary\"}]},{\"@type\":\"WebSite\",\"@id\":\"https:\/\/talkpal.ai\/vi\/#website\",\"url\":\"https:\/\/talkpal.ai\/vi\/\",\"name\":\"Talkpal\",\"description\":\"AI Language Learning\",\"publisher\":{\"@id\":\"https:\/\/talkpal.ai\/vi\/#organization\"},\"alternateName\":\"Talkpal AI\",\"potentialAction\":[{\"@type\":\"SearchAction\",\"target\":{\"@type\":\"EntryPoint\",\"urlTemplate\":\"https:\/\/talkpal.ai\/vi\/?s={search_term_string}\"},\"query-input\":{\"@type\":\"PropertyValueSpecification\",\"valueRequired\":true,\"valueName\":\"search_term_string\"}}],\"inLanguage\":\"vi-VN\"},{\"@type\":\"Organization\",\"@id\":\"https:\/\/talkpal.ai\/vi\/#organization\",\"name\":\"Talkpal, Inc.\",\"alternateName\":\"Talkpal AI\",\"url\":\"https:\/\/talkpal.ai\/vi\/\",\"logo\":{\"@type\":\"ImageObject\",\"inLanguage\":\"vi-VN\",\"@id\":\"https:\/\/talkpal.ai\/vi\/#\/schema\/logo\/image\/\",\"url\":\"https:\/\/talkpal.ai\/wp-content\/uploads\/2024\/03\/Talkpal-Logo-Icon.png\",\"contentUrl\":\"https:\/\/talkpal.ai\/wp-content\/uploads\/2024\/03\/Talkpal-Logo-Icon.png\",\"width\":2880,\"height\":2880,\"caption\":\"Talkpal, Inc.\"},\"image\":{\"@id\":\"https:\/\/talkpal.ai\/vi\/#\/schema\/logo\/image\/\"},\"sameAs\":[\"https:\/\/www.facebook.com\/profile.php?id=100090733639311\",\"https:\/\/x.com\/talkpalai\",\"https:\/\/www.linkedin.com\/company\/talkpal\/\",\"https:\/\/www.youtube.com\/@TalkPal\/\",\"https:\/\/www.tiktok.com\/@talkpal\",\"https:\/\/www.instagram.com\/talkpal_ai\/\",\"https:\/\/www.crunchbase.com\/organization\/talkpal-9cde\",\"https:\/\/www.g2.com\/products\/talkpal-for-business\/\",\"https:\/\/www.trustpilot.com\/review\/talkpal.ai\",\"https:\/\/www.capterra.com\/p\/10006800\/TalkPal\/\"],\"description\":\"Talkpal is a language learning web and mobile education app, powered by the latest AI technologies, that provides engaging experiences to its customers in many different languages to help them improve their language skills. Users can chat about unlimited amount of topics with the app and use other modes to practice their language learning.\",\"email\":\"support@talkpal.ai\",\"legalName\":\"Talkpal, Inc.\",\"foundingDate\":\"2023-04-03\",\"duns\":\"118989042\",\"numberOfEmployees\":{\"@type\":\"QuantitativeValue\",\"minValue\":\"11\",\"maxValue\":\"50\"},\"publishingPrinciples\":\"https:\/\/talkpal.ai\/publishing-principles\/\",\"actionableFeedbackPolicy\":\"https:\/\/talkpal.ai\/actionable-feedback-policy\/\",\"correctionsPolicy\":\"https:\/\/talkpal.ai\/corrections-policy\/\",\"ethicsPolicy\":\"https:\/\/talkpal.ai\/ethics-policy\/\",\"diversityPolicy\":\"https:\/\/talkpal.ai\/diversity-policy\/\",\"diversityStaffingReport\":\"https:\/\/talkpal.ai\/diversity-policy\/\"}]}<\/script>\n<!-- \/ Yoast SEO Premium plugin. -->","yoast_head_json":{"title":"B\u00e0i t\u1eadp ng\u1eef ph\u00e1p Hungary - Talkpal","description":"N\u00e2ng cao k\u1ef9 n\u0103ng ng\u1eef ph\u00e1p ti\u1ebfng Hungary c\u1ee7a b\u1ea1n m\u1ed9t c\u00e1ch d\u1ec5 d\u00e0ng - ho\u00e0n th\u00e0nh c\u00e1c b\u00e0i t\u1eadp th\u1ef1c h\u00e0nh, th\u1ef1c h\u00e0nh t\u01b0\u01a1ng t\u00e1c v\u00e0 nh\u1eadn ph\u1ea3n h\u1ed3i \u0111\u01b0\u1ee3c c\u00e1 nh\u00e2n h\u00f3a","robots":{"index":"index","follow":"follow","max-snippet":"max-snippet:-1","max-image-preview":"max-image-preview:large","max-video-preview":"max-video-preview:-1"},"canonical":"https:\/\/talkpal.ai\/vi\/bai-tap-ngu-phap-hungary\/","og_locale":"vi_VN","og_type":"article","og_title":"B\u00e0i t\u1eadp ng\u1eef ph\u00e1p Hungary","og_description":"Ch\u1ee7 \u0111\u1ec1 ng\u1eef ph\u00e1p ti\u1ebfng Hungary H\u1ecdc m\u1ed9t ng\u00f4n ng\u1eef m\u1edbi c\u00f3 th\u1ec3 l\u00e0 m\u1ed9t tr\u1ea3i nghi\u1ec7m ly k\u1ef3 v\u00e0 b\u1ed5 \u00edch. Tuy nhi\u00ean, n\u00f3 c\u0169ng c\u00f3 th\u1ec3 kh\u00e1 cho\u00e1ng ng\u1ee3p, \u0111\u1eb7c bi\u1ec7t l\u00e0 khi","og_url":"https:\/\/talkpal.ai\/vi\/bai-tap-ngu-phap-hungary\/","og_site_name":"Talkpal","article_publisher":"https:\/\/www.facebook.com\/profile.php?id=100090733639311","article_modified_time":"2025-12-17T16:06:13+00:00","og_image":[{"width":512,"height":512,"url":"https:\/\/talkpal.ai\/wp-content\/uploads\/2023\/05\/Hungarian.png","type":"image\/png"}],"twitter_card":"summary_large_image","twitter_site":"@talkpalai","twitter_misc":{"Est. reading time":"5 minutes"},"schema":{"@context":"https:\/\/schema.org","@graph":[{"@type":"WebPage","@id":"https:\/\/talkpal.ai\/vi\/bai-tap-ngu-phap-hungary\/","url":"https:\/\/talkpal.ai\/vi\/bai-tap-ngu-phap-hungary\/","name":"B\u00e0i t\u1eadp ng\u1eef ph\u00e1p Hungary - Talkpal","isPartOf":{"@id":"https:\/\/talkpal.ai\/vi\/#website"},"primaryImageOfPage":{"@id":"https:\/\/talkpal.ai\/vi\/bai-tap-ngu-phap-hungary\/#primaryimage"},"image":{"@id":"https:\/\/talkpal.ai\/vi\/bai-tap-ngu-phap-hungary\/#primaryimage"},"thumbnailUrl":"https:\/\/talkpal.ai\/wp-content\/uploads\/2023\/05\/Hungarian.png","datePublished":"2023-06-21T14:29:48+00:00","dateModified":"2025-12-17T16:06:13+00:00","description":"N\u00e2ng cao k\u1ef9 n\u0103ng ng\u1eef ph\u00e1p ti\u1ebfng Hungary c\u1ee7a b\u1ea1n m\u1ed9t c\u00e1ch d\u1ec5 d\u00e0ng - ho\u00e0n th\u00e0nh c\u00e1c b\u00e0i t\u1eadp th\u1ef1c h\u00e0nh, th\u1ef1c h\u00e0nh t\u01b0\u01a1ng t\u00e1c v\u00e0 nh\u1eadn ph\u1ea3n h\u1ed3i \u0111\u01b0\u1ee3c c\u00e1 nh\u00e2n h\u00f3a","breadcrumb":{"@id":"https:\/\/talkpal.ai\/vi\/bai-tap-ngu-phap-hungary\/#breadcrumb"},"inLanguage":"vi-VN","potentialAction":[{"@type":"ReadAction","target":["https:\/\/talkpal.ai\/vi\/bai-tap-ngu-phap-hungary\/"]}]},{"@type":"ImageObject","inLanguage":"vi-VN","@id":"https:\/\/talkpal.ai\/vi\/bai-tap-ngu-phap-hungary\/#primaryimage","url":"https:\/\/talkpal.ai\/wp-content\/uploads\/2023\/05\/Hungarian.png","contentUrl":"https:\/\/talkpal.ai\/wp-content\/uploads\/2023\/05\/Hungarian.png","width":512,"height":512,"caption":"TalkPal Hungarian Flag"},{"@type":"BreadcrumbList","@id":"https:\/\/talkpal.ai\/vi\/bai-tap-ngu-phap-hungary\/#breadcrumb","itemListElement":[{"@type":"ListItem","position":1,"name":"Homepage","item":"https:\/\/talkpal.ai\/vi\/giao-vien-ngon-ngu-ai-3\/"},{"@type":"ListItem","position":2,"name":"B\u00e0i t\u1eadp ng\u1eef ph\u00e1p Hungary"}]},{"@type":"WebSite","@id":"https:\/\/talkpal.ai\/vi\/#website","url":"https:\/\/talkpal.ai\/vi\/","name":"Talkpal","description":"AI Language Learning","publisher":{"@id":"https:\/\/talkpal.ai\/vi\/#organization"},"alternateName":"Talkpal AI","potentialAction":[{"@type":"SearchAction","target":{"@type":"EntryPoint","urlTemplate":"https:\/\/talkpal.ai\/vi\/?s={search_term_string}"},"query-input":{"@type":"PropertyValueSpecification","valueRequired":true,"valueName":"search_term_string"}}],"inLanguage":"vi-VN"},{"@type":"Organization","@id":"https:\/\/talkpal.ai\/vi\/#organization","name":"Talkpal, Inc.","alternateName":"Talkpal AI","url":"https:\/\/talkpal.ai\/vi\/","logo":{"@type":"ImageObject","inLanguage":"vi-VN","@id":"https:\/\/talkpal.ai\/vi\/#\/schema\/logo\/image\/","url":"https:\/\/talkpal.ai\/wp-content\/uploads\/2024\/03\/Talkpal-Logo-Icon.png","contentUrl":"https:\/\/talkpal.ai\/wp-content\/uploads\/2024\/03\/Talkpal-Logo-Icon.png","width":2880,"height":2880,"caption":"Talkpal, Inc."},"image":{"@id":"https:\/\/talkpal.ai\/vi\/#\/schema\/logo\/image\/"},"sameAs":["https:\/\/www.facebook.com\/profile.php?id=100090733639311","https:\/\/x.com\/talkpalai","https:\/\/www.linkedin.com\/company\/talkpal\/","https:\/\/www.youtube.com\/@TalkPal\/","https:\/\/www.tiktok.com\/@talkpal","https:\/\/www.instagram.com\/talkpal_ai\/","https:\/\/www.crunchbase.com\/organization\/talkpal-9cde","https:\/\/www.g2.com\/products\/talkpal-for-business\/","https:\/\/www.trustpilot.com\/review\/talkpal.ai","https:\/\/www.capterra.com\/p\/10006800\/TalkPal\/"],"description":"Talkpal is a language learning web and mobile education app, powered by the latest AI technologies, that provides engaging experiences to its customers in many different languages to help them improve their language skills. Users can chat about unlimited amount of topics with the app and use other modes to practice their language learning.","email":"support@talkpal.ai","legalName":"Talkpal, Inc.","foundingDate":"2023-04-03","duns":"118989042","numberOfEmployees":{"@type":"QuantitativeValue","minValue":"11","maxValue":"50"},"publishingPrinciples":"https:\/\/talkpal.ai\/publishing-principles\/","actionableFeedbackPolicy":"https:\/\/talkpal.ai\/actionable-feedback-policy\/","correctionsPolicy":"https:\/\/talkpal.ai\/corrections-policy\/","ethicsPolicy":"https:\/\/talkpal.ai\/ethics-policy\/","diversityPolicy":"https:\/\/talkpal.ai\/diversity-policy\/","diversityStaffingReport":"https:\/\/talkpal.ai\/diversity-policy\/"}]}},"_links":{"self":[{"href":"https:\/\/talkpal.ai\/vi\/wp-json\/wp\/v2\/pages\/1447770","targetHints":{"allow":["GET"]}}],"collection":[{"href":"https:\/\/talkpal.ai\/vi\/wp-json\/wp\/v2\/pages"}],"about":[{"href":"https:\/\/talkpal.ai\/vi\/wp-json\/wp\/v2\/types\/page"}],"author":[{"embeddable":true,"href":"https:\/\/talkpal.ai\/vi\/wp-json\/wp\/v2\/users\/6"}],"replies":[{"embeddable":true,"href":"https:\/\/talkpal.ai\/vi\/wp-json\/wp\/v2\/comments?post=1447770"}],"version-history":[{"count":0,"href":"https:\/\/talkpal.ai\/vi\/wp-json\/wp\/v2\/pages\/1447770\/revisions"}],"wp:featuredmedia":[{"embeddable":true,"href":"https:\/\/talkpal.ai\/vi\/wp-json\/wp\/v2\/media\/1442278"}],"wp:attachment":[{"href":"https:\/\/talkpal.ai\/vi\/wp-json\/wp\/v2\/media?parent=1447770"}],"curies":[{"name":"wp","href":"https:\/\/api.w.org\/{rel}","templated":true}]}}