{"id":1447759,"date":"2023-06-22T07:25:42","date_gmt":"2023-06-22T07:25:42","guid":{"rendered":"https:\/\/talkpal.ai\/bai-tap-ngu-phap-tieng-indonesia\/"},"modified":"2025-12-17T14:53:03","modified_gmt":"2025-12-17T14:53:03","slug":"bai-tap-ngu-phap-tieng-indonesia","status":"publish","type":"page","link":"https:\/\/talkpal.ai\/vi\/bai-tap-ngu-phap-tieng-indonesia\/","title":{"rendered":"B\u00e0i t\u1eadp ng\u1eef ph\u00e1p ti\u1ebfng Indonesia"},"content":{"rendered":"\r\n\r\n\r\n<section class=\"languageChallengeSection\">\r\n    <div class=\"languageInfoWrapper\">\r\n        \r\n        <h1>B\u00e0i t\u1eadp ng\u1eef ph\u00e1p ti\u1ebfng Indonesia<\/h1>\r\n        <p>B\u1ea1n \u0111ang t\u00ecm c\u00e1ch t\u0103ng c\u01b0\u1eddng s\u1ef1 t\u1ef1 tin c\u1ee7a m\u00ecnh v\u1ec1 <a href=\"https:\/\/talkpal.ai\/learn-indonesian\/\">ti\u1ebfng Indonesia<\/a>? B\u00e0i t\u1eadp <a href=\"https:\/\/talkpal.ai\/vi\/ngu-phap\/\">ng\u1eef ph\u00e1p<\/a> l\u00e0 m\u1ed9t c\u00e1ch tuy\u1ec7t v\u1eddi \u0111\u1ec3 n\u1eafm v\u1eefng c\u1ea5u tr\u00fac c\u00e2u, d\u1ea1ng \u0111\u1ed9ng t\u1eeb v\u00e0 c\u00e1c m\u1eabu ch\u00ednh s\u1ebd gi\u00fap b\u1ea1n giao ti\u1ebfp t\u1ef1 nhi\u00ean h\u01a1n. B\u1eaft \u0111\u1ea7u th\u1ef1c h\u00e0nh <a href=\"https:\/\/talkpal.ai\/indonesian-grammar\/\">ng\u1eef ph\u00e1p ti\u1ebfng Indonesia<\/a> ngay h\u00f4m nay v\u00e0 xem c\u00e1c k\u1ef9 n\u0103ng v\u00e0 hi\u1ec3u bi\u1ebft c\u1ee7a b\u1ea1n ph\u00e1t tri\u1ec3n qua m\u1ed7i bu\u1ed5i h\u1ecdc!<\/p>\r\n\r\n                            <a class=\"getStartedHidden\" href=\"https:\/\/app.talkpal.ai\/vi\/signup?lng=\">B\u1eaft \u0111\u1ea7u nh\u00e9<\/a>\r\n        \r\n    <\/div>\r\n\r\n    <figure>\r\n    <img decoding=\"async\" width=\"768\" height=\"768\" src=\"https:\/\/talkpal.ai\/wp-content\/uploads\/2023\/06\/indonesia-768x768.png\" class=\"languageImage no-lazy\" alt=\"Language learning for personal achievement\" fetchpriority=\"high\" sizes=\"(max-width: 768px) 150px, 768px\" srcset=\"https:\/\/talkpal.ai\/wp-content\/uploads\/2023\/06\/indonesia-768x768.png 768w, https:\/\/talkpal.ai\/wp-content\/uploads\/2023\/06\/indonesia-300x300.png 300w\" \/>\r\n    \r\n\r\n    <\/figure>\r\n\r\n            <a class=\"getStartedVisible\" href=\"https:\/\/app.talkpal.ai\/vi\/signup?lng=\">B\u1eaft \u0111\u1ea7u nh\u00e9<\/a>\r\n    \r\n<\/section>\r\n\r\n\r\n<!-- <section class=\"grammarSection\">\r\n    <div class=\"grammarLinks\">\r\n            <\/div>\r\n<\/section> -->\r\n\r\n\r\n\r\n\r\n<section class=\"promotionalBanner\">\r\n    <p class=\"promotionalText\">C\u00e1ch hi\u1ec7u qu\u1ea3 nh\u1ea5t \u0111\u1ec3 h\u1ecdc m\u1ed9t <a href=\"https:\/\/talkpal.ai\/vi\/hoc-ngon-ngu-cho-cac-truong-ngon-ngu\/\">ng\u00f4n ng\u1eef<\/a><\/p>\r\n    <a class=\"promotionalLink\" href=\"https:\/\/app.talkpal.ai\/vi\/signup?lng=\">D\u00f9ng th\u1eed Talkpal mi\u1ec5n ph\u00ed<\/a>\r\n<\/section>\n<div class=\"wp-block-group pageContainerStyle\"><div class=\"wp-block-group__inner-container is-layout-constrained wp-block-group-is-layout-constrained\">\n<h2 class=\"wp-block-heading\" id=\"h-indonesian-grammar-topics\">Ch\u1ee7 \u0111\u1ec1 ng\u1eef ph\u00e1p ti\u1ebfng Indonesia<\/h2>\n\n\n\n<p>Ti\u1ebfng <a href=\"https:\/\/talkpal.ai\/learn-indonesian\/\">Indonesia<\/a>, hay <a href=\"https:\/\/talkpal.ai\/id\/belajar-bahasa-indonesia\/\">Bahasa Indonesia<\/a>, l\u00e0 ng\u00f4n ng\u1eef ch\u00ednh th\u1ee9c c\u1ee7a Indonesia v\u00e0 \u0111\u00f3ng vai tr\u00f2 l\u00e0 ng\u00f4n ng\u1eef th\u1ed1ng nh\u1ea5t \u1edf m\u1ed9t qu\u1ed1c gia c\u00f3 h\u01a1n 700 ng\u00f4n ng\u1eef n\u00f3i. L\u00e0 m\u1ed9t s\u1ed5 <a href=\"https:\/\/talkpal.ai\/vi\/dang-ky\/\">\u0111\u0103ng k\u00fd<\/a> ti\u00eau chu\u1ea9n h\u00f3a c\u1ee7a ti\u1ebfng <a href=\"https:\/\/talkpal.ai\/learn-malay\/\">M\u00e3 Lai<\/a>, n\u00f3 l\u00e0 m\u1ed9t ng\u00f4n ng\u1eef Austronesia v\u1edbi h\u1ec7 th\u1ed1ng ng\u1eef ph\u00e1p d\u1ec5 h\u1ecdc. Trong khi <a href=\"https:\/\/talkpal.ai\/vi\/hoc-tieng-han-truc-tuyen-voi-ai\/\">h\u1ecdc ti\u1ebfng<\/a> Indonesia, \u0111i\u1ec1u c\u1ea7n thi\u1ebft l\u00e0 ph\u1ea3i hi\u1ec3u c\u00e1c quy t\u1eafc v\u00e0 c\u1ea5u tr\u00fac ng\u1eef ph\u00e1p c\u1ee7a n\u00f3 \u0111\u1ec3 giao ti\u1ebfp hi\u1ec7u qu\u1ea3. Trong h\u01b0\u1edbng d\u1eabn n\u00e0y, ch\u00fang t\u00f4i s\u1ebd t\u1eadp trung v\u00e0o tr\u00ecnh t\u1ef1 h\u1ecdc c\u00e1c ch\u1ee7 \u0111\u1ec1 ng\u1eef ph\u00e1p ti\u1ebfng Indonesia kh\u00e1c nhau nh\u01b0 th\u00ec, \u0111\u1ed9ng t\u1eeb, danh t\u1eeb, m\u1ea1o t\u1eeb, \u0111\u1ea1i t\u1eeb, t\u00ednh t\u1eeb, tr\u1ea1ng t\u1eeb, \u0111i\u1ec1u ki\u1ec7n, gi\u1edbi t\u1eeb v\u00e0 c\u1ea5u tr\u00fac c\u00e2u.<\/p>\n\n\n\n<h3 class=\"wp-block-heading\" id=\"h-1-nouns\">1. Danh t\u1eeb<\/h3>\n\n\n\n<p>B\u1eaft \u0111\u1ea7u b\u1eb1ng c\u00e1ch h\u1ecdc danh t\u1eeb ti\u1ebfng Indonesia, v\u00ec ch\u00fang l\u00e0 nh\u1eefng kh\u1ed1i x\u00e2y d\u1ef1ng \u0111\u01a1n gi\u1ea3n nh\u1ea5t c\u1ee7a ng\u00f4n ng\u1eef. Danh t\u1eeb ti\u1ebfng Indonesia kh\u00f4ng \u0111\u01b0\u1ee3c ph\u00e2n bi\u1ec7t gi\u1edbi t\u00ednh ho\u1eb7c s\u1ed1 nhi\u1ec1u, gi\u00fap ch\u00fang d\u1ec5 n\u1eafm b\u1eaft. L\u00e0m quen v\u1edbi c\u00e1c danh t\u1eeb chung v\u00e0 c\u00e1ch s\u1eed d\u1ee5ng ch\u00fang trong ng\u1eef c\u1ea3nh.<\/p>\n\n\n\n<h3 class=\"wp-block-heading\" id=\"h-2-pronouns-determiners\">2. \u0110\u1ea1i t\u1eeb\/X\u00e1c \u0111\u1ecbnh<\/h3>\n\n\n\n<p>Sau khi hi\u1ec3u danh t\u1eeb, h\u00e3y h\u1ecdc \u0111\u1ea1i t\u1eeb v\u00e0 t\u1eeb quy\u1ebft \u0111\u1ecbnh. Ti\u1ebfng Indonesia c\u00f3 nhi\u1ec1u \u0111\u1ea1i t\u1eeb nh\u00e2n x\u01b0ng v\u00e0 c\u00e1c t\u1eeb quy\u1ebft \u0111\u1ecbnh s\u1edf h\u1eefu t\u01b0\u01a1ng \u1ee9ng v\u1edbi c\u00e1c t\u1eeb t\u01b0\u01a1ng \u0111\u01b0\u01a1ng ti\u1ebfng Anh. Th\u1ef1c h\u00e0nh s\u1eed d\u1ee5ng ch\u00fang trong c\u00e1c ng\u1eef c\u1ea3nh kh\u00e1c nhau \u0111\u1ec3 x\u00e2y d\u1ef1ng n\u1ec1n t\u1ea3ng c\u1ee7a b\u1ea1n trong vi\u1ec7c x\u00e2y d\u1ef1ng c\u00e2u.<\/p>\n\n\n\n<h3 class=\"wp-block-heading\" id=\"h-3-adjectives\">3. T\u00ednh t\u1eeb<\/h3>\n\n\n\n<p>T\u00ednh t\u1eeb r\u1ea5t c\u1ea7n thi\u1ebft \u0111\u1ec3 m\u00f4 t\u1ea3 v\u00e0 ph\u00e2n bi\u1ec7t danh t\u1eeb trong ti\u1ebfng Indonesia. T\u00ecm hi\u1ec3u c\u00e1ch s\u1eed d\u1ee5ng t\u00ednh t\u1eeb trong c\u00e1c c\u00e2u \u0111\u01a1n gi\u1ea3n v\u00e0 hi\u1ec3u v\u1ecb tr\u00ed c\u1ee7a ch\u00fang trong m\u1ed1i quan h\u1ec7 v\u1edbi danh t\u1eeb.<\/p>\n\n\n\n<h3 class=\"wp-block-heading\" id=\"h-4-verbs\">4. \u0110\u1ed9ng t\u1eeb<\/h3>\n\n\n\n<p>\u0110\u1ed9ng t\u1eeb ti\u1ebfng Indonesia kh\u00f4ng \u0111\u01b0\u1ee3c chia \u0111\u1ed9ng t\u1eeb, khi\u1ebfn ch\u00fang t\u01b0\u01a1ng \u0111\u1ed1i d\u1ec5 h\u1ecdc h\u01a1n so v\u1edbi c\u00e1c ng\u00f4n ng\u1eef kh\u00e1c. Nghi\u00ean c\u1ee9u c\u00e1c d\u1ea1ng \u0111\u1ed9ng t\u1eeb c\u01a1 b\u1ea3n v\u00e0 c\u00e1ch s\u1eed d\u1ee5ng ch\u00fang trong c\u00e2u.<\/p>\n\n\n\n<h3 class=\"wp-block-heading\" id=\"h-5-tenses\">5. Th\u00ec<\/h3>\n\n\n\n<p>Ti\u1ebfng Indonesia kh\u00f4ng c\u00f3 t\u01b0\u01a1ng \u0111\u01b0\u01a1ng tr\u1ef1c ti\u1ebfp v\u1edbi th\u00ec ti\u1ebfng Anh. Thay v\u00e0o \u0111\u00f3, th\u1eddi gian \u0111\u01b0\u1ee3c th\u1ec3 hi\u1ec7n th\u00f4ng qua ng\u1eef c\u1ea3nh ho\u1eb7c b\u1eb1ng c\u00e1ch s\u1eed d\u1ee5ng c\u00e1c t\u1eeb c\u1ee5 th\u1ec3. T\u00ecm hi\u1ec3u c\u00e1ch truy\u1ec1n \u0111\u1ea1t c\u00e1c s\u1ef1 ki\u1ec7n trong qu\u00e1 kh\u1ee9, hi\u1ec7n t\u1ea1i v\u00e0 t\u01b0\u01a1ng lai b\u1eb1ng ti\u1ebfng Indonesia b\u1eb1ng c\u00e1ch s\u1eed d\u1ee5ng c\u00e1c tr\u1ea1ng t\u1eeb v\u00e0 c\u1ee5m t\u1eeb kh\u00e1c nhau.<\/p>\n\n\n\n<h3 class=\"wp-block-heading\" id=\"h-6-tense-comparison-progressive-perfect-progressive\">6. So s\u00e1nh c\u0103ng th\u1eb3ng, ti\u1ebfn b\u1ed9, ti\u1ebfn b\u1ed9 ho\u00e0n h\u1ea3o<\/h3>\n\n\n\n<p>V\u00ec ti\u1ebfng Indonesia kh\u00f4ng c\u00f3 h\u1ec7 th\u1ed1ng th\u00ec, n\u00ean vi\u1ec7c hi\u1ec3u kh\u00e1i ni\u1ec7m so s\u00e1nh th\u00ec, ti\u1ebfn b\u1ed9 v\u00e0 ti\u1ebfn b\u1ed9 ho\u00e0n h\u1ea3o l\u00e0 r\u1ea5t quan tr\u1ecdng. H\u1ecdc c\u00e1ch di\u1ec5n \u0111\u1ea1t nh\u1eefng kh\u00eda c\u1ea1nh n\u00e0y b\u1eb1ng c\u00e1ch s\u1eed d\u1ee5ng c\u00e1c t\u1eeb v\u00e0 c\u1ee5m t\u1eeb kh\u00e1c nhau.<\/p>\n\n\n\n<h3 class=\"wp-block-heading\" id=\"h-7-adverbs\">7. Tr\u1ea1ng t\u1eeb<\/h3>\n\n\n\n<p>K\u1ebft h\u1ee3p tr\u1ea1ng t\u1eeb trong v\u1ed1n t\u1eeb v\u1ef1ng ti\u1ebfng Indonesia c\u1ee7a b\u1ea1n \u0111\u1ec3 th\u00eam chi ti\u1ebft v\u00e0 chi\u1ec1u s\u00e2u cho c\u00e2u c\u1ee7a b\u1ea1n. T\u00ecm hi\u1ec3u c\u00e1c quy t\u1eafc \u0111i\u1ec1u ch\u1ec9nh v\u1ecb tr\u00ed v\u00e0 c\u00e1ch s\u1eed d\u1ee5ng tr\u1ea1ng t\u1eeb.<\/p>\n\n\n\n<h3 class=\"wp-block-heading\" id=\"h-8-prepositions\">8. Gi\u1edbi t\u1eeb<\/h3>\n\n\n\n<p>Gi\u1edbi t\u1eeb \u0111\u01b0\u1ee3c s\u1eed d\u1ee5ng \u0111\u1ec3 ch\u1ec9 m\u1ed1i quan h\u1ec7 gi\u1eefa c\u00e1c t\u1eeb trong c\u00e2u. T\u00ecm hi\u1ec3u gi\u1edbi t\u1eeb ti\u1ebfng Indonesia ph\u1ed5 bi\u1ebfn v\u00e0 c\u00e1ch s\u1eed d\u1ee5ng ch\u00fang trong c\u00e1c ng\u1eef c\u1ea3nh kh\u00e1c nhau.<\/p>\n\n\n\n<h3 class=\"wp-block-heading\" id=\"h-9-conditionals\">9. \u0110i\u1ec1u ki\u1ec7n<\/h3>\n\n\n\n<p>Nghi\u00ean c\u1ee9u c\u00e1c c\u00e2u c\u00f3 \u0111i\u1ec1u ki\u1ec7n b\u1eb1ng ti\u1ebfng Indonesia, th\u1ec3 hi\u1ec7n c\u00e1c t\u00ecnh hu\u1ed1ng gi\u1ea3 \u0111\u1ecbnh v\u00e0 h\u1eadu qu\u1ea3 c\u1ee7a ch\u00fang. T\u00ecm hi\u1ec3u c\u00e1ch h\u00ecnh th\u00e0nh v\u00e0 s\u1eed d\u1ee5ng m\u1ec7nh \u0111\u1ec1 &#8220;n\u1ebfu&#8221; v\u00e0 c\u00e1c c\u1ea5u tr\u00fac c\u00f3 \u0111i\u1ec1u ki\u1ec7n kh\u00e1c.<\/p>\n\n\n\n<h3 class=\"wp-block-heading\" id=\"h-10-sentences\">10. C\u00e2u<\/h3>\n\n\n\n<p>Cu\u1ed1i c\u00f9ng, th\u1ef1c h\u00e0nh x\u00e2y d\u1ef1ng c\u00e2u b\u1eb1ng c\u00e1ch s\u1eed d\u1ee5ng c\u00e1c quy t\u1eafc ng\u1eef ph\u00e1p v\u00e0 ch\u1ee7 \u0111\u1ec1 \u0111\u01b0\u1ee3c \u0111\u1ec1 c\u1eadp \u1edf tr\u00ean. L\u00e0m quen v\u1edbi c\u00e1c lo\u1ea1i c\u00e2u ti\u1ebfng Indonesia kh\u00e1c nhau, ch\u1eb3ng h\u1ea1n nh\u01b0 khai b\u00e1o, nghi v\u1ea5n, m\u1ec7nh l\u1ec7nh v\u00e0 c\u1ea3m th\u00e1n, \u0111\u1ec3 c\u1ea3i thi\u1ec7n k\u1ef9 n\u0103ng giao ti\u1ebfp t\u1ed5ng th\u1ec3 c\u1ee7a b\u1ea1n b\u1eb1ng ng\u00f4n ng\u1eef n\u00e0y.<\/p>\n<\/div><\/div>\n\r\n<section class=\"learnNavigationSection\">\r\n            \r\n        <a href=\"https:\/\/talkpal.ai\/vi\/hoc-tieng-indonesia\/\">\r\n            <div class=\"learnNavigationWrapper\">\r\n                <div class=\"learnNavigationContent\">\r\n                    <img decoding=\"async\" src=\"https:\/\/talkpal.ai\/wp-content\/uploads\/2024\/08\/Indonesian.jpg\" alt=\"Indonesian Flag\">\r\n                    <div>\r\n                        <h4>Gi\u1edbi thi\u1ec7u v\u1ec1 H\u1ecdc ti\u1ebfng Indonesia<\/h4>\r\n                        <p>T\u00ecm hi\u1ec3u t\u1ea5t c\u1ea3 v\u1ec1 ng\u1eef ph\u00e1p ti\u1ebfng Indonesia.<\/p>\r\n                    <\/div>\r\n                <\/div>\r\n            <\/div>\r\n        <\/a>\r\n\r\n        \r\n        <a href=\"https:\/\/talkpal.ai\/vi\/ngu-phap-tieng-indonesia\/\">\r\n            <div class=\"learnNavigationWrapper\">\r\n                <div class=\"learnNavigationContent\">\r\n                    <img decoding=\"async\" src=\"https:\/\/talkpal.ai\/wp-content\/uploads\/2024\/08\/Indonesian.jpg\" alt=\"Indonesian Flag\">\r\n                    <div>\r\n                        <h4>B\u00e0i h\u1ecdc ng\u1eef ph\u00e1p ti\u1ebfng Indonesia<\/h4>\r\n                        <p>Th\u1ef1c h\u00e0nh ng\u1eef ph\u00e1p ti\u1ebfng Indonesia.<\/p>\r\n                    <\/div>\r\n                <\/div>\r\n            <\/div>\r\n        <\/a>\r\n\r\n        \r\n        <a href=\"https:\/\/talkpal.ai\/vocabulary_language\/indonesian\/\">\r\n            <div class=\"learnNavigationWrapper\">\r\n                <div class=\"learnNavigationContent\">\r\n                    <img decoding=\"async\" src=\"https:\/\/talkpal.ai\/wp-content\/uploads\/2024\/08\/Indonesian.jpg\" alt=\"Indonesian Flag\">\r\n                    <div>\r\n                        <h4>T\u1eeb v\u1ef1ng ti\u1ebfng Indonesia<\/h4>\r\n                        <p>M\u1edf r\u1ed9ng v\u1ed1n t\u1eeb v\u1ef1ng ti\u1ebfng Indonesia c\u1ee7a b\u1ea1n.<\/p>\r\n                    <\/div>\r\n                <\/div>\r\n            <\/div>\r\n        <\/a>\r\n\r\n            <\/section>","protected":false},"excerpt":{"rendered":"<p>Ch\u1ee7 \u0111\u1ec1 ng\u1eef ph\u00e1p ti\u1ebfng Indonesia Ti\u1ebfng Indonesia, hay Bahasa Indonesia, l\u00e0 ng\u00f4n ng\u1eef ch\u00ednh th\u1ee9c c\u1ee7a Indonesia v\u00e0 \u0111\u00f3ng vai tr\u00f2 l\u00e0 ng\u00f4n ng\u1eef th\u1ed1ng nh\u1ea5t \u1edf m\u1ed9t qu\u1ed1c gia c\u00f3 h\u01a1n 700 ng\u00f4n ng\u1eef n\u00f3i. L\u00e0 m\u1ed9t s\u1ed5 \u0111\u0103ng k\u00fd ti\u00eau chu\u1ea9n h\u00f3a c\u1ee7a ti\u1ebfng M\u00e3 Lai, n\u00f3 l\u00e0 m\u1ed9t ng\u00f4n ng\u1eef Austronesia [&hellip;]<\/p>\n","protected":false},"author":6,"featured_media":1443740,"parent":0,"menu_order":0,"comment_status":"closed","ping_status":"closed","template":"LearningContentPage.php","meta":{"_acf_changed":false,"footnotes":""},"class_list":["post-1447759","page","type-page","status-publish","has-post-thumbnail","hentry"],"acf":[],"yoast_head":"<!-- This site is optimized with the Yoast SEO Premium plugin v27.2 (Yoast SEO v27.2) - https:\/\/yoast.com\/product\/yoast-seo-premium-wordpress\/ -->\n<title>B\u00e0i t\u1eadp ng\u1eef ph\u00e1p ti\u1ebfng Indonesia - Talkpal<\/title>\n<meta name=\"description\" content=\"C\u1ea3i thi\u1ec7n ng\u1eef ph\u00e1p ti\u1ebfng Indonesia c\u1ee7a b\u1ea1n - th\u1ef1c h\u00e0nh v\u1edbi c\u00e1c b\u00e0i t\u1eadp \u0111\u01a1n gi\u1ea3n, v\u00ed d\u1ee5 t\u01b0\u01a1ng t\u00e1c v\u00e0 ph\u1ea3n h\u1ed3i r\u00f5 r\u00e0ng b\u1eb1ng TalkPal AI.\" \/>\n<meta name=\"robots\" content=\"index, follow, max-snippet:-1, max-image-preview:large, max-video-preview:-1\" \/>\n<link rel=\"canonical\" href=\"https:\/\/talkpal.ai\/vi\/bai-tap-ngu-phap-tieng-indonesia\/\" \/>\n<meta property=\"og:locale\" content=\"vi_VN\" \/>\n<meta property=\"og:type\" content=\"article\" \/>\n<meta property=\"og:title\" content=\"B\u00e0i t\u1eadp ng\u1eef ph\u00e1p ti\u1ebfng Indonesia\" \/>\n<meta property=\"og:description\" content=\"Ch\u1ee7 \u0111\u1ec1 ng\u1eef ph\u00e1p ti\u1ebfng Indonesia Ti\u1ebfng Indonesia, hay Bahasa Indonesia, l\u00e0 ng\u00f4n ng\u1eef ch\u00ednh th\u1ee9c c\u1ee7a Indonesia v\u00e0 \u0111\u00f3ng vai tr\u00f2 l\u00e0 ng\u00f4n ng\u1eef th\u1ed1ng nh\u1ea5t \u1edf m\u1ed9t\" \/>\n<meta property=\"og:url\" content=\"https:\/\/talkpal.ai\/vi\/bai-tap-ngu-phap-tieng-indonesia\/\" \/>\n<meta property=\"og:site_name\" content=\"Talkpal\" \/>\n<meta property=\"article:publisher\" content=\"https:\/\/www.facebook.com\/profile.php?id=100090733639311\" \/>\n<meta property=\"article:modified_time\" content=\"2025-12-17T14:53:03+00:00\" \/>\n<meta property=\"og:image\" content=\"https:\/\/talkpal.ai\/wp-content\/uploads\/2023\/05\/indonesia.png\" \/>\n\t<meta property=\"og:image:width\" content=\"512\" \/>\n\t<meta property=\"og:image:height\" content=\"512\" \/>\n\t<meta property=\"og:image:type\" content=\"image\/png\" \/>\n<meta name=\"twitter:card\" content=\"summary_large_image\" \/>\n<meta name=\"twitter:site\" content=\"@talkpalai\" \/>\n<meta name=\"twitter:label1\" content=\"Est. reading time\" \/>\n\t<meta name=\"twitter:data1\" content=\"5 minutes\" \/>\n<script type=\"application\/ld+json\" class=\"yoast-schema-graph\">{\"@context\":\"https:\/\/schema.org\",\"@graph\":[{\"@type\":\"WebPage\",\"@id\":\"https:\/\/talkpal.ai\/vi\/bai-tap-ngu-phap-tieng-indonesia\/\",\"url\":\"https:\/\/talkpal.ai\/vi\/bai-tap-ngu-phap-tieng-indonesia\/\",\"name\":\"B\u00e0i t\u1eadp ng\u1eef ph\u00e1p ti\u1ebfng Indonesia - Talkpal\",\"isPartOf\":{\"@id\":\"https:\/\/talkpal.ai\/vi\/#website\"},\"primaryImageOfPage\":{\"@id\":\"https:\/\/talkpal.ai\/vi\/bai-tap-ngu-phap-tieng-indonesia\/#primaryimage\"},\"image\":{\"@id\":\"https:\/\/talkpal.ai\/vi\/bai-tap-ngu-phap-tieng-indonesia\/#primaryimage\"},\"thumbnailUrl\":\"https:\/\/talkpal.ai\/wp-content\/uploads\/2023\/05\/indonesia.png\",\"datePublished\":\"2023-06-22T07:25:42+00:00\",\"dateModified\":\"2025-12-17T14:53:03+00:00\",\"description\":\"C\u1ea3i thi\u1ec7n ng\u1eef ph\u00e1p ti\u1ebfng Indonesia c\u1ee7a b\u1ea1n - th\u1ef1c h\u00e0nh v\u1edbi c\u00e1c b\u00e0i t\u1eadp \u0111\u01a1n gi\u1ea3n, v\u00ed d\u1ee5 t\u01b0\u01a1ng t\u00e1c v\u00e0 ph\u1ea3n h\u1ed3i r\u00f5 r\u00e0ng b\u1eb1ng TalkPal AI.\",\"breadcrumb\":{\"@id\":\"https:\/\/talkpal.ai\/vi\/bai-tap-ngu-phap-tieng-indonesia\/#breadcrumb\"},\"inLanguage\":\"vi-VN\",\"potentialAction\":[{\"@type\":\"ReadAction\",\"target\":[\"https:\/\/talkpal.ai\/vi\/bai-tap-ngu-phap-tieng-indonesia\/\"]}]},{\"@type\":\"ImageObject\",\"inLanguage\":\"vi-VN\",\"@id\":\"https:\/\/talkpal.ai\/vi\/bai-tap-ngu-phap-tieng-indonesia\/#primaryimage\",\"url\":\"https:\/\/talkpal.ai\/wp-content\/uploads\/2023\/05\/indonesia.png\",\"contentUrl\":\"https:\/\/talkpal.ai\/wp-content\/uploads\/2023\/05\/indonesia.png\",\"width\":512,\"height\":512,\"caption\":\"TalkPal Indonesia Flag\"},{\"@type\":\"BreadcrumbList\",\"@id\":\"https:\/\/talkpal.ai\/vi\/bai-tap-ngu-phap-tieng-indonesia\/#breadcrumb\",\"itemListElement\":[{\"@type\":\"ListItem\",\"position\":1,\"name\":\"Homepage\",\"item\":\"https:\/\/talkpal.ai\/vi\/giao-vien-ngon-ngu-ai-3\/\"},{\"@type\":\"ListItem\",\"position\":2,\"name\":\"B\u00e0i t\u1eadp ng\u1eef ph\u00e1p ti\u1ebfng Indonesia\"}]},{\"@type\":\"WebSite\",\"@id\":\"https:\/\/talkpal.ai\/vi\/#website\",\"url\":\"https:\/\/talkpal.ai\/vi\/\",\"name\":\"Talkpal\",\"description\":\"AI Language Learning\",\"publisher\":{\"@id\":\"https:\/\/talkpal.ai\/vi\/#organization\"},\"alternateName\":\"Talkpal AI\",\"potentialAction\":[{\"@type\":\"SearchAction\",\"target\":{\"@type\":\"EntryPoint\",\"urlTemplate\":\"https:\/\/talkpal.ai\/vi\/?s={search_term_string}\"},\"query-input\":{\"@type\":\"PropertyValueSpecification\",\"valueRequired\":true,\"valueName\":\"search_term_string\"}}],\"inLanguage\":\"vi-VN\"},{\"@type\":\"Organization\",\"@id\":\"https:\/\/talkpal.ai\/vi\/#organization\",\"name\":\"Talkpal, Inc.\",\"alternateName\":\"Talkpal AI\",\"url\":\"https:\/\/talkpal.ai\/vi\/\",\"logo\":{\"@type\":\"ImageObject\",\"inLanguage\":\"vi-VN\",\"@id\":\"https:\/\/talkpal.ai\/vi\/#\/schema\/logo\/image\/\",\"url\":\"https:\/\/talkpal.ai\/wp-content\/uploads\/2024\/03\/Talkpal-Logo-Icon.png\",\"contentUrl\":\"https:\/\/talkpal.ai\/wp-content\/uploads\/2024\/03\/Talkpal-Logo-Icon.png\",\"width\":2880,\"height\":2880,\"caption\":\"Talkpal, Inc.\"},\"image\":{\"@id\":\"https:\/\/talkpal.ai\/vi\/#\/schema\/logo\/image\/\"},\"sameAs\":[\"https:\/\/www.facebook.com\/profile.php?id=100090733639311\",\"https:\/\/x.com\/talkpalai\",\"https:\/\/www.linkedin.com\/company\/talkpal\/\",\"https:\/\/www.youtube.com\/@TalkPal\/\",\"https:\/\/www.tiktok.com\/@talkpal\",\"https:\/\/www.instagram.com\/talkpal_ai\/\",\"https:\/\/www.crunchbase.com\/organization\/talkpal-9cde\",\"https:\/\/www.g2.com\/products\/talkpal-for-business\/\",\"https:\/\/www.trustpilot.com\/review\/talkpal.ai\",\"https:\/\/www.capterra.com\/p\/10006800\/TalkPal\/\"],\"description\":\"Talkpal is a language learning web and mobile education app, powered by the latest AI technologies, that provides engaging experiences to its customers in many different languages to help them improve their language skills. Users can chat about unlimited amount of topics with the app and use other modes to practice their language learning.\",\"email\":\"support@talkpal.ai\",\"legalName\":\"Talkpal, Inc.\",\"foundingDate\":\"2023-04-03\",\"duns\":\"118989042\",\"numberOfEmployees\":{\"@type\":\"QuantitativeValue\",\"minValue\":\"11\",\"maxValue\":\"50\"},\"publishingPrinciples\":\"https:\/\/talkpal.ai\/publishing-principles\/\",\"actionableFeedbackPolicy\":\"https:\/\/talkpal.ai\/actionable-feedback-policy\/\",\"correctionsPolicy\":\"https:\/\/talkpal.ai\/corrections-policy\/\",\"ethicsPolicy\":\"https:\/\/talkpal.ai\/ethics-policy\/\",\"diversityPolicy\":\"https:\/\/talkpal.ai\/diversity-policy\/\",\"diversityStaffingReport\":\"https:\/\/talkpal.ai\/diversity-policy\/\"}]}<\/script>\n<!-- \/ Yoast SEO Premium plugin. -->","yoast_head_json":{"title":"B\u00e0i t\u1eadp ng\u1eef ph\u00e1p ti\u1ebfng Indonesia - Talkpal","description":"C\u1ea3i thi\u1ec7n ng\u1eef ph\u00e1p ti\u1ebfng Indonesia c\u1ee7a b\u1ea1n - th\u1ef1c h\u00e0nh v\u1edbi c\u00e1c b\u00e0i t\u1eadp \u0111\u01a1n gi\u1ea3n, v\u00ed d\u1ee5 t\u01b0\u01a1ng t\u00e1c v\u00e0 ph\u1ea3n h\u1ed3i r\u00f5 r\u00e0ng b\u1eb1ng TalkPal AI.","robots":{"index":"index","follow":"follow","max-snippet":"max-snippet:-1","max-image-preview":"max-image-preview:large","max-video-preview":"max-video-preview:-1"},"canonical":"https:\/\/talkpal.ai\/vi\/bai-tap-ngu-phap-tieng-indonesia\/","og_locale":"vi_VN","og_type":"article","og_title":"B\u00e0i t\u1eadp ng\u1eef ph\u00e1p ti\u1ebfng Indonesia","og_description":"Ch\u1ee7 \u0111\u1ec1 ng\u1eef ph\u00e1p ti\u1ebfng Indonesia Ti\u1ebfng Indonesia, hay Bahasa Indonesia, l\u00e0 ng\u00f4n ng\u1eef ch\u00ednh th\u1ee9c c\u1ee7a Indonesia v\u00e0 \u0111\u00f3ng vai tr\u00f2 l\u00e0 ng\u00f4n ng\u1eef th\u1ed1ng nh\u1ea5t \u1edf m\u1ed9t","og_url":"https:\/\/talkpal.ai\/vi\/bai-tap-ngu-phap-tieng-indonesia\/","og_site_name":"Talkpal","article_publisher":"https:\/\/www.facebook.com\/profile.php?id=100090733639311","article_modified_time":"2025-12-17T14:53:03+00:00","og_image":[{"width":512,"height":512,"url":"https:\/\/talkpal.ai\/wp-content\/uploads\/2023\/05\/indonesia.png","type":"image\/png"}],"twitter_card":"summary_large_image","twitter_site":"@talkpalai","twitter_misc":{"Est. reading time":"5 minutes"},"schema":{"@context":"https:\/\/schema.org","@graph":[{"@type":"WebPage","@id":"https:\/\/talkpal.ai\/vi\/bai-tap-ngu-phap-tieng-indonesia\/","url":"https:\/\/talkpal.ai\/vi\/bai-tap-ngu-phap-tieng-indonesia\/","name":"B\u00e0i t\u1eadp ng\u1eef ph\u00e1p ti\u1ebfng Indonesia - Talkpal","isPartOf":{"@id":"https:\/\/talkpal.ai\/vi\/#website"},"primaryImageOfPage":{"@id":"https:\/\/talkpal.ai\/vi\/bai-tap-ngu-phap-tieng-indonesia\/#primaryimage"},"image":{"@id":"https:\/\/talkpal.ai\/vi\/bai-tap-ngu-phap-tieng-indonesia\/#primaryimage"},"thumbnailUrl":"https:\/\/talkpal.ai\/wp-content\/uploads\/2023\/05\/indonesia.png","datePublished":"2023-06-22T07:25:42+00:00","dateModified":"2025-12-17T14:53:03+00:00","description":"C\u1ea3i thi\u1ec7n ng\u1eef ph\u00e1p ti\u1ebfng Indonesia c\u1ee7a b\u1ea1n - th\u1ef1c h\u00e0nh v\u1edbi c\u00e1c b\u00e0i t\u1eadp \u0111\u01a1n gi\u1ea3n, v\u00ed d\u1ee5 t\u01b0\u01a1ng t\u00e1c v\u00e0 ph\u1ea3n h\u1ed3i r\u00f5 r\u00e0ng b\u1eb1ng TalkPal AI.","breadcrumb":{"@id":"https:\/\/talkpal.ai\/vi\/bai-tap-ngu-phap-tieng-indonesia\/#breadcrumb"},"inLanguage":"vi-VN","potentialAction":[{"@type":"ReadAction","target":["https:\/\/talkpal.ai\/vi\/bai-tap-ngu-phap-tieng-indonesia\/"]}]},{"@type":"ImageObject","inLanguage":"vi-VN","@id":"https:\/\/talkpal.ai\/vi\/bai-tap-ngu-phap-tieng-indonesia\/#primaryimage","url":"https:\/\/talkpal.ai\/wp-content\/uploads\/2023\/05\/indonesia.png","contentUrl":"https:\/\/talkpal.ai\/wp-content\/uploads\/2023\/05\/indonesia.png","width":512,"height":512,"caption":"TalkPal Indonesia Flag"},{"@type":"BreadcrumbList","@id":"https:\/\/talkpal.ai\/vi\/bai-tap-ngu-phap-tieng-indonesia\/#breadcrumb","itemListElement":[{"@type":"ListItem","position":1,"name":"Homepage","item":"https:\/\/talkpal.ai\/vi\/giao-vien-ngon-ngu-ai-3\/"},{"@type":"ListItem","position":2,"name":"B\u00e0i t\u1eadp ng\u1eef ph\u00e1p ti\u1ebfng Indonesia"}]},{"@type":"WebSite","@id":"https:\/\/talkpal.ai\/vi\/#website","url":"https:\/\/talkpal.ai\/vi\/","name":"Talkpal","description":"AI Language Learning","publisher":{"@id":"https:\/\/talkpal.ai\/vi\/#organization"},"alternateName":"Talkpal AI","potentialAction":[{"@type":"SearchAction","target":{"@type":"EntryPoint","urlTemplate":"https:\/\/talkpal.ai\/vi\/?s={search_term_string}"},"query-input":{"@type":"PropertyValueSpecification","valueRequired":true,"valueName":"search_term_string"}}],"inLanguage":"vi-VN"},{"@type":"Organization","@id":"https:\/\/talkpal.ai\/vi\/#organization","name":"Talkpal, Inc.","alternateName":"Talkpal AI","url":"https:\/\/talkpal.ai\/vi\/","logo":{"@type":"ImageObject","inLanguage":"vi-VN","@id":"https:\/\/talkpal.ai\/vi\/#\/schema\/logo\/image\/","url":"https:\/\/talkpal.ai\/wp-content\/uploads\/2024\/03\/Talkpal-Logo-Icon.png","contentUrl":"https:\/\/talkpal.ai\/wp-content\/uploads\/2024\/03\/Talkpal-Logo-Icon.png","width":2880,"height":2880,"caption":"Talkpal, Inc."},"image":{"@id":"https:\/\/talkpal.ai\/vi\/#\/schema\/logo\/image\/"},"sameAs":["https:\/\/www.facebook.com\/profile.php?id=100090733639311","https:\/\/x.com\/talkpalai","https:\/\/www.linkedin.com\/company\/talkpal\/","https:\/\/www.youtube.com\/@TalkPal\/","https:\/\/www.tiktok.com\/@talkpal","https:\/\/www.instagram.com\/talkpal_ai\/","https:\/\/www.crunchbase.com\/organization\/talkpal-9cde","https:\/\/www.g2.com\/products\/talkpal-for-business\/","https:\/\/www.trustpilot.com\/review\/talkpal.ai","https:\/\/www.capterra.com\/p\/10006800\/TalkPal\/"],"description":"Talkpal is a language learning web and mobile education app, powered by the latest AI technologies, that provides engaging experiences to its customers in many different languages to help them improve their language skills. Users can chat about unlimited amount of topics with the app and use other modes to practice their language learning.","email":"support@talkpal.ai","legalName":"Talkpal, Inc.","foundingDate":"2023-04-03","duns":"118989042","numberOfEmployees":{"@type":"QuantitativeValue","minValue":"11","maxValue":"50"},"publishingPrinciples":"https:\/\/talkpal.ai\/publishing-principles\/","actionableFeedbackPolicy":"https:\/\/talkpal.ai\/actionable-feedback-policy\/","correctionsPolicy":"https:\/\/talkpal.ai\/corrections-policy\/","ethicsPolicy":"https:\/\/talkpal.ai\/ethics-policy\/","diversityPolicy":"https:\/\/talkpal.ai\/diversity-policy\/","diversityStaffingReport":"https:\/\/talkpal.ai\/diversity-policy\/"}]}},"_links":{"self":[{"href":"https:\/\/talkpal.ai\/vi\/wp-json\/wp\/v2\/pages\/1447759","targetHints":{"allow":["GET"]}}],"collection":[{"href":"https:\/\/talkpal.ai\/vi\/wp-json\/wp\/v2\/pages"}],"about":[{"href":"https:\/\/talkpal.ai\/vi\/wp-json\/wp\/v2\/types\/page"}],"author":[{"embeddable":true,"href":"https:\/\/talkpal.ai\/vi\/wp-json\/wp\/v2\/users\/6"}],"replies":[{"embeddable":true,"href":"https:\/\/talkpal.ai\/vi\/wp-json\/wp\/v2\/comments?post=1447759"}],"version-history":[{"count":0,"href":"https:\/\/talkpal.ai\/vi\/wp-json\/wp\/v2\/pages\/1447759\/revisions"}],"wp:featuredmedia":[{"embeddable":true,"href":"https:\/\/talkpal.ai\/vi\/wp-json\/wp\/v2\/media\/1443740"}],"wp:attachment":[{"href":"https:\/\/talkpal.ai\/vi\/wp-json\/wp\/v2\/media?parent=1447759"}],"curies":[{"name":"wp","href":"https:\/\/api.w.org\/{rel}","templated":true}]}}