{"id":1447746,"date":"2023-06-22T08:07:24","date_gmt":"2023-06-22T08:07:24","guid":{"rendered":"https:\/\/talkpal.ai\/bai-tap-ngu-phap-tieng-latvia\/"},"modified":"2025-12-17T15:50:29","modified_gmt":"2025-12-17T15:50:29","slug":"bai-tap-ngu-phap-tieng-latvia","status":"publish","type":"page","link":"https:\/\/talkpal.ai\/vi\/bai-tap-ngu-phap-tieng-latvia\/","title":{"rendered":"B\u00e0i t\u1eadp ng\u1eef ph\u00e1p ti\u1ebfng Latvia"},"content":{"rendered":"\r\n\r\n\r\n<section class=\"languageChallengeSection\">\r\n    <div class=\"languageInfoWrapper\">\r\n        \r\n        <h1>B\u00e0i t\u1eadp ng\u1eef ph\u00e1p ti\u1ebfng Latvia<\/h1>\r\n        <p>B\u1ea1n mu\u1ed1n c\u1ea3m th\u1ea5y t\u1ef1 tin h\u01a1n khi s\u1eed d\u1ee5ng <a href=\"https:\/\/talkpal.ai\/learn-latvian\/\">ti\u1ebfng Latvia<\/a>? Th\u1ef1c h\u00e0nh c\u00e1c b\u00e0i t\u1eadp <a href=\"https:\/\/talkpal.ai\/vi\/ngu-phap\/\">ng\u1eef ph\u00e1p<\/a> l\u00e0 m\u1ed9t c\u00e1ch tuy\u1ec7t v\u1eddi \u0111\u1ec3 n\u1eafm v\u1eefng c\u1ea5u tr\u00fac c\u00e2u, d\u1ea1ng \u0111\u1ed9ng t\u1eeb v\u00e0 c\u00e1c m\u1eabu \u0111\u1eb7c bi\u1ec7t c\u1ee7a <a href=\"https:\/\/talkpal.ai\/vi\/hoc-ngon-ngu-cho-cac-truong-ngon-ngu\/\">ng\u00f4n ng\u1eef<\/a> <a href=\"https:\/\/talkpal.ai\/learn-latvian\/\">Latvia<\/a>. B\u1eaft \u0111\u1ea7u kh\u00e1m ph\u00e1 <a href=\"https:\/\/talkpal.ai\/latvian-grammar\/\">ng\u1eef ph\u00e1p ti\u1ebfng Latvia<\/a> ngay h\u00f4m nay v\u00e0 xem k\u1ef9 n\u0103ng v\u00e0 s\u1ef1 l\u01b0u lo\u00e1t c\u1ee7a b\u1ea1n \u0111\u01b0\u1ee3c c\u1ea3i thi\u1ec7n sau m\u1ed7i b\u00e0i t\u1eadp!<\/p>\r\n\r\n                            <a class=\"getStartedHidden\" href=\"https:\/\/app.talkpal.ai\/vi\/signup?lng=\">B\u1eaft \u0111\u1ea7u nh\u00e9<\/a>\r\n        \r\n    <\/div>\r\n\r\n    <figure>\r\n    <img decoding=\"async\" width=\"768\" height=\"768\" src=\"https:\/\/talkpal.ai\/wp-content\/uploads\/2023\/06\/latvian-768x768.png\" class=\"languageImage no-lazy\" alt=\"Language learning to access more cultures\" fetchpriority=\"high\" sizes=\"(max-width: 768px) 150px, 768px\" srcset=\"https:\/\/talkpal.ai\/wp-content\/uploads\/2023\/06\/latvian-768x768.png 768w, https:\/\/talkpal.ai\/wp-content\/uploads\/2023\/06\/latvian-300x300.png 300w\" \/>\r\n    \r\n\r\n    <\/figure>\r\n\r\n            <a class=\"getStartedVisible\" href=\"https:\/\/app.talkpal.ai\/vi\/signup?lng=\">B\u1eaft \u0111\u1ea7u nh\u00e9<\/a>\r\n    \r\n<\/section>\r\n\r\n\r\n<!-- <section class=\"grammarSection\">\r\n    <div class=\"grammarLinks\">\r\n            <\/div>\r\n<\/section> -->\r\n\r\n\r\n\r\n\r\n<section class=\"promotionalBanner\">\r\n    <p class=\"promotionalText\">C\u00e1ch hi\u1ec7u qu\u1ea3 nh\u1ea5t \u0111\u1ec3 h\u1ecdc m\u1ed9t ng\u00f4n ng\u1eef<\/p>\r\n    <a class=\"promotionalLink\" href=\"https:\/\/app.talkpal.ai\/vi\/signup?lng=\">D\u00f9ng th\u1eed Talkpal mi\u1ec5n ph\u00ed<\/a>\r\n<\/section>\n<div class=\"wp-block-group pageContainerStyle\"><div class=\"wp-block-group__inner-container is-layout-constrained wp-block-group-is-layout-constrained\">\n<h2 class=\"wp-block-heading\" id=\"h-latvian-grammar-topics\">Ch\u1ee7 \u0111\u1ec1 ng\u1eef ph\u00e1p ti\u1ebfng Latvia<\/h2>\n\n\n\n<p>H\u1ecdc m\u1ed9t ng\u00f4n ng\u1eef m\u1edbi c\u00f3 th\u1ec3 l\u00e0 m\u1ed9t tr\u1ea3i nghi\u1ec7m th\u00fa v\u1ecb v\u00e0 b\u1ed5 \u00edch, v\u00e0 ti\u1ebfng Latvia c\u0169ng kh\u00f4ng ngo\u1ea1i l\u1ec7. L\u00e0 ng\u00f4n ng\u1eef ch\u00ednh th\u1ee9c c\u1ee7a Latvia v\u00e0 l\u00e0 m\u1ed9t trong nh\u1eefng ng\u00f4n ng\u1eef Baltic, ti\u1ebfng Latvia c\u00f3 c\u1ea5u tr\u00fac ng\u1eef ph\u00e1p v\u00e0 quy t\u1eafc \u0111\u1ed9c \u0111\u00e1o ri\u00eang khi\u1ebfn n\u00f3 kh\u00e1c bi\u1ec7t v\u1edbi c\u00e1c ng\u00f4n ng\u1eef ch\u00e2u \u00c2u kh\u00e1c. \u0110\u1ec3 <a href=\"https:\/\/talkpal.ai\/vi\/hoc-tieng-han-truc-tuyen-voi-ai\/\">h\u1ecdc ti\u1ebfng<\/a> Latvia m\u1ed9t c\u00e1ch hi\u1ec7u qu\u1ea3, \u0111i\u1ec1u quan tr\u1ecdng l\u00e0 ph\u1ea3i hi\u1ec3u v\u00e0 n\u1eafm v\u1eefng c\u00e1c ch\u1ee7 \u0111\u1ec1 ng\u1eef ph\u00e1p kh\u00e1c nhau theo tr\u00ecnh t\u1ef1 logic. H\u01b0\u1edbng d\u1eabn n\u00e0y s\u1ebd cung c\u1ea5p m\u1ed9t c\u00e1i nh\u00ecn t\u1ed5ng quan <a href=\"https:\/\/talkpal.ai\/vi\/ve\/\">v\u1ec1<\/a> c\u00e1c ch\u1ee7 \u0111\u1ec1 ng\u1eef ph\u00e1p ch\u00ednh c\u1ee7a Latvia, bao g\u1ed3m th\u00ec, \u0111\u1ed9ng t\u1eeb, danh t\u1eeb, m\u1ea1o t\u1eeb, \u0111\u1ea1i t\u1eeb, t\u1eeb quy\u1ebft \u0111\u1ecbnh, t\u00ednh t\u1eeb, tr\u1ea1ng t\u1eeb, \u0111i\u1ec1u ki\u1ec7n, gi\u1edbi t\u1eeb v\u00e0 c\u1ea5u tr\u00fac c\u00e2u, \u0111\u1ec3 gi\u00fap b\u1ea1n x\u00e2y d\u1ef1ng n\u1ec1n t\u1ea3ng v\u1eefng ch\u1eafc trong ng\u00f4n ng\u1eef.<\/p>\n\n\n\n<h3 class=\"wp-block-heading\" id=\"h-1-nouns-and-articles\">1. Danh t\u1eeb v\u00e0 m\u1ea1o t\u1eeb:<\/h3>\n\n\n\n<p>Trong ti\u1ebfng Latvia, danh t\u1eeb c\u00f3 hai gi\u1edbi t\u00ednh: nam v\u00e0 n\u1eef. H\u1ecd c\u0169ng c\u00f3 b\u1ea3y tr\u01b0\u1eddng h\u1ee3p, x\u00e1c \u0111\u1ecbnh ch\u1ee9c n\u0103ng c\u1ee7a danh t\u1eeb trong m\u1ed9t c\u00e2u. C\u00e1c b\u00e0i vi\u1ebft kh\u00f4ng c\u00f3 trong ti\u1ebfng Latvia, v\u00ec v\u1eady vi\u1ec7c hi\u1ec3u gi\u1edbi t\u00ednh v\u00e0 tr\u01b0\u1eddng h\u1ee3p danh t\u1eeb l\u00e0 r\u1ea5t quan tr\u1ecdng \u0111\u1ec3 giao ti\u1ebfp \u0111\u00fang c\u00e1ch.<\/p>\n\n\n\n<h3 class=\"wp-block-heading\" id=\"h-2-adjectives\">2. T\u00ednh t\u1eeb:<\/h3>\n\n\n\n<p>T\u00ednh t\u1eeb trong ti\u1ebfng Latvia \u0111\u1ed3ng \u00fd v\u1edbi c\u00e1c danh t\u1eeb m\u00e0 ch\u00fang s\u1eeda \u0111\u1ed5i v\u1ec1 gi\u1edbi t\u00ednh, s\u1ed1 l\u01b0\u1ee3ng v\u00e0 ch\u1eef hoa ch\u1eef th\u01b0\u1eddng. H\u1ecdc c\u00e1ch suy gi\u1ea3m t\u00ednh t\u1eeb r\u1ea5t quan tr\u1ecdng \u0111\u1ec3 h\u00ecnh th\u00e0nh c\u00e1c m\u00f4 t\u1ea3 v\u00e0 so s\u00e1nh ch\u00ednh x\u00e1c.<\/p>\n\n\n\n<h3 class=\"wp-block-heading\" id=\"h-3-pronouns-and-determiners\">3. \u0110\u1ea1i t\u1eeb v\u00e0 T\u1eeb quy\u1ebft \u0111\u1ecbnh:<\/h3>\n\n\n\n<p>\u0110\u1ea1i t\u1eeb thay th\u1ebf danh t\u1eeb trong c\u00e2u, trong khi c\u00e1c t\u1eeb x\u00e1c \u0111\u1ecbnh x\u00e1c \u0111\u1ecbnh ho\u1eb7c \u0111\u1ecbnh l\u01b0\u1ee3ng danh t\u1eeb. C\u1ea3 hai \u0111\u1ec1u l\u00e0 nh\u1eefng y\u1ebfu t\u1ed1 thi\u1ebft y\u1ebfu c\u1ee7a ng\u1eef ph\u00e1p ti\u1ebfng Latvia v\u00e0 n\u00ean \u0111\u01b0\u1ee3c h\u1ecdc s\u1edbm \u0111\u1ec3 t\u1ea1o th\u00e0nh c\u00e2u ch\u00ednh x\u00e1c.<\/p>\n\n\n\n<h3 class=\"wp-block-heading\" id=\"h-4-verbs-and-tenses\">4. \u0110\u1ed9ng t\u1eeb v\u00e0 th\u00ec:<\/h3>\n\n\n\n<p>\u0110\u1ed9ng t\u1eeb ti\u1ebfng Latvia c\u00f3 ba th\u00ec: qu\u00e1 kh\u1ee9, hi\u1ec7n t\u1ea1i v\u00e0 t\u01b0\u01a1ng lai. Hi\u1ec3u c\u00e1ch chia \u0111\u1ed9ng t\u1eeb trong c\u00e1c th\u00ec n\u00e0y l\u00e0 \u0111i\u1ec1u c\u1ea7n thi\u1ebft \u0111\u1ec3 th\u1ec3 hi\u1ec7n h\u00e0nh \u0111\u1ed9ng v\u00e0 s\u1ef1 ki\u1ec7n. Ngo\u00e0i ra, \u0111\u1ed9ng t\u1eeb c\u00f3 ba t\u00e2m tr\u1ea1ng: ch\u1ec9 \u0111\u1ecbnh, m\u1ec7nh l\u1ec7nh v\u00e0 gi\u1ea3 \u0111\u1ecbnh.<\/p>\n\n\n\n<h3 class=\"wp-block-heading\" id=\"h-5-progressive-and-perfect-progressive\">5. Ti\u1ebfn b\u1ed9 v\u00e0 Ti\u1ebfn b\u1ed9 ho\u00e0n h\u1ea3o:<\/h3>\n\n\n\n<p>Nh\u1eefng kh\u00eda c\u1ea1nh n\u00e0y th\u1ec3 hi\u1ec7n c\u00e1c h\u00e0nh \u0111\u1ed9ng li\u00ean t\u1ee5c ho\u1eb7c li\u00ean t\u1ee5c. T\u00ecm hi\u1ec3u c\u00e1c h\u00e0nh \u0111\u1ed9ng n\u00e0y s\u1ebd gi\u00fap em m\u00f4 t\u1ea3 c\u00e1c h\u00e0nh \u0111\u1ed9ng \u0111ang \u0111\u01b0\u1ee3c ti\u1ebfn h\u00e0nh ho\u1eb7c \u0111\u00e3 di\u1ec5n ra trong m\u1ed9t kho\u1ea3ng th\u1eddi gian.<\/p>\n\n\n\n<h3 class=\"wp-block-heading\" id=\"h-6-tense-comparison\">6. So s\u00e1nh c\u0103ng th\u1eb3ng:<\/h3>\n\n\n\n<p>Hi\u1ec3u c\u00e1ch c\u00e1c th\u00ec li\u00ean quan \u0111\u1ebfn nhau l\u00e0 \u0111i\u1ec1u c\u1ea7n thi\u1ebft \u0111\u1ec3 th\u1ec3 hi\u1ec7n h\u00e0nh \u0111\u1ed9ng v\u00e0 s\u1ef1 ki\u1ec7n m\u1ed9t c\u00e1ch ch\u00ednh x\u00e1c trong c\u00e1c khung th\u1eddi gian kh\u00e1c nhau.<\/p>\n\n\n\n<h3 class=\"wp-block-heading\" id=\"h-7-adverbs\">7. Tr\u1ea1ng t\u1eeb:<\/h3>\n\n\n\n<p>Tr\u1ea1ng t\u1eeb s\u1eeda \u0111\u1ed5i \u0111\u1ed9ng t\u1eeb, t\u00ednh t\u1eeb ho\u1eb7c tr\u1ea1ng t\u1eeb kh\u00e1c, cung c\u1ea5p th\u00f4ng tin b\u1ed5 sung v\u1ec1 h\u00e0nh \u0111\u1ed9ng ho\u1eb7c ph\u1ea9m ch\u1ea5t \u0111\u01b0\u1ee3c m\u00f4 t\u1ea3. Ch\u00fang r\u1ea5t c\u1ea7n thi\u1ebft \u0111\u1ec3 th\u00eam chi ti\u1ebft v\u00e0 s\u1eafc th\u00e1i cho c\u00e2u c\u1ee7a b\u1ea1n.<\/p>\n\n\n\n<h3 class=\"wp-block-heading\" id=\"h-8-prepositions\">8. Gi\u1edbi t\u1eeb:<\/h3>\n\n\n\n<p>Gi\u1edbi t\u1eeb cho th\u1ea5y m\u1ed1i quan h\u1ec7 gi\u1eefa c\u00e1c t\u1eeb trong c\u00e2u, ch\u1eb3ng h\u1ea1n nh\u01b0 v\u1ecb tr\u00ed, h\u01b0\u1edbng ho\u1eb7c th\u1eddi gian. N\u1eafm v\u1eefng gi\u1edbi t\u1eeb l\u00e0 r\u1ea5t quan tr\u1ecdng \u0111\u1ec3 x\u00e2y d\u1ef1ng c\u00e1c c\u00e2u m\u1ea1ch l\u1ea1c v\u00e0 c\u00f3 \u00fd ngh\u0129a.<\/p>\n\n\n\n<h3 class=\"wp-block-heading\" id=\"h-9-conditionals\">9. \u0110i\u1ec1u ki\u1ec7n:<\/h3>\n\n\n\n<p>C\u00e2u \u0111i\u1ec1u ki\u1ec7n th\u1ec3 hi\u1ec7n c\u00e1c t\u00ecnh hu\u1ed1ng gi\u1ea3 \u0111\u1ecbnh v\u00e0 k\u1ebft qu\u1ea3 c\u00f3 th\u1ec3 x\u1ea3y ra c\u1ee7a ch\u00fang. H\u1ecdc c\u00e1ch h\u00ecnh th\u00e0nh v\u00e0 s\u1eed d\u1ee5ng c\u00e1c \u0111i\u1ec1u ki\u1ec7n l\u00e0 \u0111i\u1ec1u c\u1ea7n thi\u1ebft \u0111\u1ec3 th\u1ec3 hi\u1ec7n c\u00e1c \u00fd t\u01b0\u1edfng v\u00e0 kh\u1ea3 n\u0103ng ph\u1ee9c t\u1ea1p.<\/p>\n\n\n\n<h3 class=\"wp-block-heading\" id=\"h-10-sentences\">10. C\u00e2u:<\/h3>\n\n\n\n<p>Hi\u1ec3u c\u1ea5u tr\u00fac c\u00e2u, tr\u1eadt t\u1ef1 t\u1eeb v\u00e0 d\u1ea5u c\u00e2u ti\u1ebfng Latvia l\u00e0 r\u1ea5t quan tr\u1ecdng \u0111\u1ec3 h\u00ecnh th\u00e0nh c\u00e1c c\u00e2u l\u1ec7nh, c\u00e2u h\u1ecfi v\u00e0 l\u1ec7nh r\u00f5 r\u00e0ng v\u00e0 ch\u00ednh x\u00e1c. B\u1eb1ng c\u00e1ch n\u1eafm v\u1eefng t\u1ea5t c\u1ea3 c\u00e1c ch\u1ee7 \u0111\u1ec1 ng\u1eef ph\u00e1p \u0111\u01b0\u1ee3c n\u00eau \u1edf tr\u00ean, b\u1ea1n s\u1ebd tr\u00ean con \u0111\u01b0\u1eddng tr\u1edf n\u00ean th\u00e0nh th\u1ea1o ti\u1ebfng Latvia.<\/p>\n<\/div><\/div>\n\r\n<section class=\"learnNavigationSection\">\r\n            \r\n        <a href=\"https:\/\/talkpal.ai\/vi\/hoc-tieng-latvia\/\">\r\n            <div class=\"learnNavigationWrapper\">\r\n                <div class=\"learnNavigationContent\">\r\n                    <img decoding=\"async\" src=\"https:\/\/talkpal.ai\/wp-content\/uploads\/2024\/08\/Latvian.jpg\" alt=\"Latvian Flag\">\r\n                    <div>\r\n                        <h4>Gi\u1edbi thi\u1ec7u v\u1ec1 Latvian Learning<\/h4>\r\n                        <p>T\u00ecm hi\u1ec3u t\u1ea5t c\u1ea3 v\u1ec1 ng\u1eef ph\u00e1p ti\u1ebfng Latvia.<\/p>\r\n                    <\/div>\r\n                <\/div>\r\n            <\/div>\r\n        <\/a>\r\n\r\n        \r\n        <a href=\"https:\/\/talkpal.ai\/vi\/ngu-phap-tieng-latvia\/\">\r\n            <div class=\"learnNavigationWrapper\">\r\n                <div class=\"learnNavigationContent\">\r\n                    <img decoding=\"async\" src=\"https:\/\/talkpal.ai\/wp-content\/uploads\/2024\/08\/Latvian.jpg\" alt=\"Latvian Flag\">\r\n                    <div>\r\n                        <h4>B\u00e0i h\u1ecdc ng\u1eef ph\u00e1p ti\u1ebfng Latvia<\/h4>\r\n                        <p>Th\u1ef1c h\u00e0nh ng\u1eef ph\u00e1p ti\u1ebfng Latvia.<\/p>\r\n                    <\/div>\r\n                <\/div>\r\n            <\/div>\r\n        <\/a>\r\n\r\n        \r\n        <a href=\"https:\/\/talkpal.ai\/vocabulary_language\/latvian\/\">\r\n            <div class=\"learnNavigationWrapper\">\r\n                <div class=\"learnNavigationContent\">\r\n                    <img decoding=\"async\" src=\"https:\/\/talkpal.ai\/wp-content\/uploads\/2024\/08\/Latvian.jpg\" alt=\"Latvian Flag\">\r\n                    <div>\r\n                        <h4>T\u1eeb v\u1ef1ng ti\u1ebfng Latvia<\/h4>\r\n                        <p>M\u1edf r\u1ed9ng v\u1ed1n t\u1eeb v\u1ef1ng ti\u1ebfng Latvia c\u1ee7a b\u1ea1n.<\/p>\r\n                    <\/div>\r\n                <\/div>\r\n            <\/div>\r\n        <\/a>\r\n\r\n            <\/section>","protected":false},"excerpt":{"rendered":"<p>Ch\u1ee7 \u0111\u1ec1 ng\u1eef ph\u00e1p ti\u1ebfng Latvia H\u1ecdc m\u1ed9t ng\u00f4n ng\u1eef m\u1edbi c\u00f3 th\u1ec3 l\u00e0 m\u1ed9t tr\u1ea3i nghi\u1ec7m th\u00fa v\u1ecb v\u00e0 b\u1ed5 \u00edch, v\u00e0 ti\u1ebfng Latvia c\u0169ng kh\u00f4ng ngo\u1ea1i l\u1ec7. L\u00e0 ng\u00f4n ng\u1eef ch\u00ednh th\u1ee9c c\u1ee7a Latvia v\u00e0 l\u00e0 m\u1ed9t trong nh\u1eefng ng\u00f4n ng\u1eef Baltic, ti\u1ebfng Latvia c\u00f3 c\u1ea5u tr\u00fac ng\u1eef ph\u00e1p v\u00e0 quy t\u1eafc \u0111\u1ed9c [&hellip;]<\/p>\n","protected":false},"author":6,"featured_media":1443783,"parent":0,"menu_order":0,"comment_status":"closed","ping_status":"closed","template":"LearningContentPage.php","meta":{"_acf_changed":false,"footnotes":""},"class_list":["post-1447746","page","type-page","status-publish","has-post-thumbnail","hentry"],"acf":[],"yoast_head":"<!-- This site is optimized with the Yoast SEO Premium plugin v27.2 (Yoast SEO v27.2) - https:\/\/yoast.com\/product\/yoast-seo-premium-wordpress\/ -->\n<title>B\u00e0i t\u1eadp ng\u1eef ph\u00e1p ti\u1ebfng Latvia - Talkpal<\/title>\n<meta name=\"description\" content=\"C\u1ea3i thi\u1ec7n ng\u1eef ph\u00e1p ti\u1ebfng Latvia c\u1ee7a b\u1ea1n th\u00f4ng qua c\u00e1c b\u00e0i t\u1eadp TalkPal h\u1ea5p d\u1eabn - c\u1ea3i thi\u1ec7n \u0111\u1ed9 ch\u00ednh x\u00e1c v\u00e0 n\u00e2ng cao k\u1ef9 n\u0103ng hi\u1ec7u qu\u1ea3 v\u1edbi c\u00e1c b\u00e0i h\u1ecdc AI t\u01b0\u01a1ng t\u00e1c.\" \/>\n<meta name=\"robots\" content=\"index, follow, max-snippet:-1, max-image-preview:large, max-video-preview:-1\" \/>\n<link rel=\"canonical\" href=\"https:\/\/talkpal.ai\/vi\/bai-tap-ngu-phap-tieng-latvia\/\" \/>\n<meta property=\"og:locale\" content=\"vi_VN\" \/>\n<meta property=\"og:type\" content=\"article\" \/>\n<meta property=\"og:title\" content=\"B\u00e0i t\u1eadp ng\u1eef ph\u00e1p ti\u1ebfng Latvia\" \/>\n<meta property=\"og:description\" content=\"Ch\u1ee7 \u0111\u1ec1 ng\u1eef ph\u00e1p ti\u1ebfng Latvia H\u1ecdc m\u1ed9t ng\u00f4n ng\u1eef m\u1edbi c\u00f3 th\u1ec3 l\u00e0 m\u1ed9t tr\u1ea3i nghi\u1ec7m th\u00fa v\u1ecb v\u00e0 b\u1ed5 \u00edch, v\u00e0 ti\u1ebfng Latvia c\u0169ng kh\u00f4ng ngo\u1ea1i l\u1ec7. L\u00e0 ng\u00f4n ng\u1eef ch\u00ednh th\u1ee9c\" \/>\n<meta property=\"og:url\" content=\"https:\/\/talkpal.ai\/vi\/bai-tap-ngu-phap-tieng-latvia\/\" \/>\n<meta property=\"og:site_name\" content=\"Talkpal\" \/>\n<meta property=\"article:publisher\" content=\"https:\/\/www.facebook.com\/profile.php?id=100090733639311\" \/>\n<meta property=\"article:modified_time\" content=\"2025-12-17T15:50:29+00:00\" \/>\n<meta property=\"og:image\" content=\"https:\/\/talkpal.ai\/wp-content\/uploads\/2023\/05\/latvia.png\" \/>\n\t<meta property=\"og:image:width\" content=\"512\" \/>\n\t<meta property=\"og:image:height\" content=\"512\" \/>\n\t<meta property=\"og:image:type\" content=\"image\/png\" \/>\n<meta name=\"twitter:card\" content=\"summary_large_image\" \/>\n<meta name=\"twitter:site\" content=\"@talkpalai\" \/>\n<meta name=\"twitter:label1\" content=\"Est. reading time\" \/>\n\t<meta name=\"twitter:data1\" content=\"5 minutes\" \/>\n<script type=\"application\/ld+json\" class=\"yoast-schema-graph\">{\"@context\":\"https:\/\/schema.org\",\"@graph\":[{\"@type\":\"WebPage\",\"@id\":\"https:\/\/talkpal.ai\/vi\/bai-tap-ngu-phap-tieng-latvia\/\",\"url\":\"https:\/\/talkpal.ai\/vi\/bai-tap-ngu-phap-tieng-latvia\/\",\"name\":\"B\u00e0i t\u1eadp ng\u1eef ph\u00e1p ti\u1ebfng Latvia - Talkpal\",\"isPartOf\":{\"@id\":\"https:\/\/talkpal.ai\/vi\/#website\"},\"primaryImageOfPage\":{\"@id\":\"https:\/\/talkpal.ai\/vi\/bai-tap-ngu-phap-tieng-latvia\/#primaryimage\"},\"image\":{\"@id\":\"https:\/\/talkpal.ai\/vi\/bai-tap-ngu-phap-tieng-latvia\/#primaryimage\"},\"thumbnailUrl\":\"https:\/\/talkpal.ai\/wp-content\/uploads\/2023\/05\/latvia.png\",\"datePublished\":\"2023-06-22T08:07:24+00:00\",\"dateModified\":\"2025-12-17T15:50:29+00:00\",\"description\":\"C\u1ea3i thi\u1ec7n ng\u1eef ph\u00e1p ti\u1ebfng Latvia c\u1ee7a b\u1ea1n th\u00f4ng qua c\u00e1c b\u00e0i t\u1eadp TalkPal h\u1ea5p d\u1eabn - c\u1ea3i thi\u1ec7n \u0111\u1ed9 ch\u00ednh x\u00e1c v\u00e0 n\u00e2ng cao k\u1ef9 n\u0103ng hi\u1ec7u qu\u1ea3 v\u1edbi c\u00e1c b\u00e0i h\u1ecdc AI t\u01b0\u01a1ng t\u00e1c.\",\"breadcrumb\":{\"@id\":\"https:\/\/talkpal.ai\/vi\/bai-tap-ngu-phap-tieng-latvia\/#breadcrumb\"},\"inLanguage\":\"vi-VN\",\"potentialAction\":[{\"@type\":\"ReadAction\",\"target\":[\"https:\/\/talkpal.ai\/vi\/bai-tap-ngu-phap-tieng-latvia\/\"]}]},{\"@type\":\"ImageObject\",\"inLanguage\":\"vi-VN\",\"@id\":\"https:\/\/talkpal.ai\/vi\/bai-tap-ngu-phap-tieng-latvia\/#primaryimage\",\"url\":\"https:\/\/talkpal.ai\/wp-content\/uploads\/2023\/05\/latvia.png\",\"contentUrl\":\"https:\/\/talkpal.ai\/wp-content\/uploads\/2023\/05\/latvia.png\",\"width\":512,\"height\":512,\"caption\":\"TalkPal Latvia Flag\"},{\"@type\":\"BreadcrumbList\",\"@id\":\"https:\/\/talkpal.ai\/vi\/bai-tap-ngu-phap-tieng-latvia\/#breadcrumb\",\"itemListElement\":[{\"@type\":\"ListItem\",\"position\":1,\"name\":\"Homepage\",\"item\":\"https:\/\/talkpal.ai\/vi\/giao-vien-ngon-ngu-ai-3\/\"},{\"@type\":\"ListItem\",\"position\":2,\"name\":\"B\u00e0i t\u1eadp ng\u1eef ph\u00e1p ti\u1ebfng Latvia\"}]},{\"@type\":\"WebSite\",\"@id\":\"https:\/\/talkpal.ai\/vi\/#website\",\"url\":\"https:\/\/talkpal.ai\/vi\/\",\"name\":\"Talkpal\",\"description\":\"AI Language Learning\",\"publisher\":{\"@id\":\"https:\/\/talkpal.ai\/vi\/#organization\"},\"alternateName\":\"Talkpal AI\",\"potentialAction\":[{\"@type\":\"SearchAction\",\"target\":{\"@type\":\"EntryPoint\",\"urlTemplate\":\"https:\/\/talkpal.ai\/vi\/?s={search_term_string}\"},\"query-input\":{\"@type\":\"PropertyValueSpecification\",\"valueRequired\":true,\"valueName\":\"search_term_string\"}}],\"inLanguage\":\"vi-VN\"},{\"@type\":\"Organization\",\"@id\":\"https:\/\/talkpal.ai\/vi\/#organization\",\"name\":\"Talkpal, Inc.\",\"alternateName\":\"Talkpal AI\",\"url\":\"https:\/\/talkpal.ai\/vi\/\",\"logo\":{\"@type\":\"ImageObject\",\"inLanguage\":\"vi-VN\",\"@id\":\"https:\/\/talkpal.ai\/vi\/#\/schema\/logo\/image\/\",\"url\":\"https:\/\/talkpal.ai\/wp-content\/uploads\/2024\/03\/Talkpal-Logo-Icon.png\",\"contentUrl\":\"https:\/\/talkpal.ai\/wp-content\/uploads\/2024\/03\/Talkpal-Logo-Icon.png\",\"width\":2880,\"height\":2880,\"caption\":\"Talkpal, Inc.\"},\"image\":{\"@id\":\"https:\/\/talkpal.ai\/vi\/#\/schema\/logo\/image\/\"},\"sameAs\":[\"https:\/\/www.facebook.com\/profile.php?id=100090733639311\",\"https:\/\/x.com\/talkpalai\",\"https:\/\/www.linkedin.com\/company\/talkpal\/\",\"https:\/\/www.youtube.com\/@TalkPal\/\",\"https:\/\/www.tiktok.com\/@talkpal\",\"https:\/\/www.instagram.com\/talkpal_ai\/\",\"https:\/\/www.crunchbase.com\/organization\/talkpal-9cde\",\"https:\/\/www.g2.com\/products\/talkpal-for-business\/\",\"https:\/\/www.trustpilot.com\/review\/talkpal.ai\",\"https:\/\/www.capterra.com\/p\/10006800\/TalkPal\/\"],\"description\":\"Talkpal is a language learning web and mobile education app, powered by the latest AI technologies, that provides engaging experiences to its customers in many different languages to help them improve their language skills. Users can chat about unlimited amount of topics with the app and use other modes to practice their language learning.\",\"email\":\"support@talkpal.ai\",\"legalName\":\"Talkpal, Inc.\",\"foundingDate\":\"2023-04-03\",\"duns\":\"118989042\",\"numberOfEmployees\":{\"@type\":\"QuantitativeValue\",\"minValue\":\"11\",\"maxValue\":\"50\"},\"publishingPrinciples\":\"https:\/\/talkpal.ai\/publishing-principles\/\",\"actionableFeedbackPolicy\":\"https:\/\/talkpal.ai\/actionable-feedback-policy\/\",\"correctionsPolicy\":\"https:\/\/talkpal.ai\/corrections-policy\/\",\"ethicsPolicy\":\"https:\/\/talkpal.ai\/ethics-policy\/\",\"diversityPolicy\":\"https:\/\/talkpal.ai\/diversity-policy\/\",\"diversityStaffingReport\":\"https:\/\/talkpal.ai\/diversity-policy\/\"}]}<\/script>\n<!-- \/ Yoast SEO Premium plugin. -->","yoast_head_json":{"title":"B\u00e0i t\u1eadp ng\u1eef ph\u00e1p ti\u1ebfng Latvia - Talkpal","description":"C\u1ea3i thi\u1ec7n ng\u1eef ph\u00e1p ti\u1ebfng Latvia c\u1ee7a b\u1ea1n th\u00f4ng qua c\u00e1c b\u00e0i t\u1eadp TalkPal h\u1ea5p d\u1eabn - c\u1ea3i thi\u1ec7n \u0111\u1ed9 ch\u00ednh x\u00e1c v\u00e0 n\u00e2ng cao k\u1ef9 n\u0103ng hi\u1ec7u qu\u1ea3 v\u1edbi c\u00e1c b\u00e0i h\u1ecdc AI t\u01b0\u01a1ng t\u00e1c.","robots":{"index":"index","follow":"follow","max-snippet":"max-snippet:-1","max-image-preview":"max-image-preview:large","max-video-preview":"max-video-preview:-1"},"canonical":"https:\/\/talkpal.ai\/vi\/bai-tap-ngu-phap-tieng-latvia\/","og_locale":"vi_VN","og_type":"article","og_title":"B\u00e0i t\u1eadp ng\u1eef ph\u00e1p ti\u1ebfng Latvia","og_description":"Ch\u1ee7 \u0111\u1ec1 ng\u1eef ph\u00e1p ti\u1ebfng Latvia H\u1ecdc m\u1ed9t ng\u00f4n ng\u1eef m\u1edbi c\u00f3 th\u1ec3 l\u00e0 m\u1ed9t tr\u1ea3i nghi\u1ec7m th\u00fa v\u1ecb v\u00e0 b\u1ed5 \u00edch, v\u00e0 ti\u1ebfng Latvia c\u0169ng kh\u00f4ng ngo\u1ea1i l\u1ec7. L\u00e0 ng\u00f4n ng\u1eef ch\u00ednh th\u1ee9c","og_url":"https:\/\/talkpal.ai\/vi\/bai-tap-ngu-phap-tieng-latvia\/","og_site_name":"Talkpal","article_publisher":"https:\/\/www.facebook.com\/profile.php?id=100090733639311","article_modified_time":"2025-12-17T15:50:29+00:00","og_image":[{"width":512,"height":512,"url":"https:\/\/talkpal.ai\/wp-content\/uploads\/2023\/05\/latvia.png","type":"image\/png"}],"twitter_card":"summary_large_image","twitter_site":"@talkpalai","twitter_misc":{"Est. reading time":"5 minutes"},"schema":{"@context":"https:\/\/schema.org","@graph":[{"@type":"WebPage","@id":"https:\/\/talkpal.ai\/vi\/bai-tap-ngu-phap-tieng-latvia\/","url":"https:\/\/talkpal.ai\/vi\/bai-tap-ngu-phap-tieng-latvia\/","name":"B\u00e0i t\u1eadp ng\u1eef ph\u00e1p ti\u1ebfng Latvia - Talkpal","isPartOf":{"@id":"https:\/\/talkpal.ai\/vi\/#website"},"primaryImageOfPage":{"@id":"https:\/\/talkpal.ai\/vi\/bai-tap-ngu-phap-tieng-latvia\/#primaryimage"},"image":{"@id":"https:\/\/talkpal.ai\/vi\/bai-tap-ngu-phap-tieng-latvia\/#primaryimage"},"thumbnailUrl":"https:\/\/talkpal.ai\/wp-content\/uploads\/2023\/05\/latvia.png","datePublished":"2023-06-22T08:07:24+00:00","dateModified":"2025-12-17T15:50:29+00:00","description":"C\u1ea3i thi\u1ec7n ng\u1eef ph\u00e1p ti\u1ebfng Latvia c\u1ee7a b\u1ea1n th\u00f4ng qua c\u00e1c b\u00e0i t\u1eadp TalkPal h\u1ea5p d\u1eabn - c\u1ea3i thi\u1ec7n \u0111\u1ed9 ch\u00ednh x\u00e1c v\u00e0 n\u00e2ng cao k\u1ef9 n\u0103ng hi\u1ec7u qu\u1ea3 v\u1edbi c\u00e1c b\u00e0i h\u1ecdc AI t\u01b0\u01a1ng t\u00e1c.","breadcrumb":{"@id":"https:\/\/talkpal.ai\/vi\/bai-tap-ngu-phap-tieng-latvia\/#breadcrumb"},"inLanguage":"vi-VN","potentialAction":[{"@type":"ReadAction","target":["https:\/\/talkpal.ai\/vi\/bai-tap-ngu-phap-tieng-latvia\/"]}]},{"@type":"ImageObject","inLanguage":"vi-VN","@id":"https:\/\/talkpal.ai\/vi\/bai-tap-ngu-phap-tieng-latvia\/#primaryimage","url":"https:\/\/talkpal.ai\/wp-content\/uploads\/2023\/05\/latvia.png","contentUrl":"https:\/\/talkpal.ai\/wp-content\/uploads\/2023\/05\/latvia.png","width":512,"height":512,"caption":"TalkPal Latvia Flag"},{"@type":"BreadcrumbList","@id":"https:\/\/talkpal.ai\/vi\/bai-tap-ngu-phap-tieng-latvia\/#breadcrumb","itemListElement":[{"@type":"ListItem","position":1,"name":"Homepage","item":"https:\/\/talkpal.ai\/vi\/giao-vien-ngon-ngu-ai-3\/"},{"@type":"ListItem","position":2,"name":"B\u00e0i t\u1eadp ng\u1eef ph\u00e1p ti\u1ebfng Latvia"}]},{"@type":"WebSite","@id":"https:\/\/talkpal.ai\/vi\/#website","url":"https:\/\/talkpal.ai\/vi\/","name":"Talkpal","description":"AI Language Learning","publisher":{"@id":"https:\/\/talkpal.ai\/vi\/#organization"},"alternateName":"Talkpal AI","potentialAction":[{"@type":"SearchAction","target":{"@type":"EntryPoint","urlTemplate":"https:\/\/talkpal.ai\/vi\/?s={search_term_string}"},"query-input":{"@type":"PropertyValueSpecification","valueRequired":true,"valueName":"search_term_string"}}],"inLanguage":"vi-VN"},{"@type":"Organization","@id":"https:\/\/talkpal.ai\/vi\/#organization","name":"Talkpal, Inc.","alternateName":"Talkpal AI","url":"https:\/\/talkpal.ai\/vi\/","logo":{"@type":"ImageObject","inLanguage":"vi-VN","@id":"https:\/\/talkpal.ai\/vi\/#\/schema\/logo\/image\/","url":"https:\/\/talkpal.ai\/wp-content\/uploads\/2024\/03\/Talkpal-Logo-Icon.png","contentUrl":"https:\/\/talkpal.ai\/wp-content\/uploads\/2024\/03\/Talkpal-Logo-Icon.png","width":2880,"height":2880,"caption":"Talkpal, Inc."},"image":{"@id":"https:\/\/talkpal.ai\/vi\/#\/schema\/logo\/image\/"},"sameAs":["https:\/\/www.facebook.com\/profile.php?id=100090733639311","https:\/\/x.com\/talkpalai","https:\/\/www.linkedin.com\/company\/talkpal\/","https:\/\/www.youtube.com\/@TalkPal\/","https:\/\/www.tiktok.com\/@talkpal","https:\/\/www.instagram.com\/talkpal_ai\/","https:\/\/www.crunchbase.com\/organization\/talkpal-9cde","https:\/\/www.g2.com\/products\/talkpal-for-business\/","https:\/\/www.trustpilot.com\/review\/talkpal.ai","https:\/\/www.capterra.com\/p\/10006800\/TalkPal\/"],"description":"Talkpal is a language learning web and mobile education app, powered by the latest AI technologies, that provides engaging experiences to its customers in many different languages to help them improve their language skills. Users can chat about unlimited amount of topics with the app and use other modes to practice their language learning.","email":"support@talkpal.ai","legalName":"Talkpal, Inc.","foundingDate":"2023-04-03","duns":"118989042","numberOfEmployees":{"@type":"QuantitativeValue","minValue":"11","maxValue":"50"},"publishingPrinciples":"https:\/\/talkpal.ai\/publishing-principles\/","actionableFeedbackPolicy":"https:\/\/talkpal.ai\/actionable-feedback-policy\/","correctionsPolicy":"https:\/\/talkpal.ai\/corrections-policy\/","ethicsPolicy":"https:\/\/talkpal.ai\/ethics-policy\/","diversityPolicy":"https:\/\/talkpal.ai\/diversity-policy\/","diversityStaffingReport":"https:\/\/talkpal.ai\/diversity-policy\/"}]}},"_links":{"self":[{"href":"https:\/\/talkpal.ai\/vi\/wp-json\/wp\/v2\/pages\/1447746","targetHints":{"allow":["GET"]}}],"collection":[{"href":"https:\/\/talkpal.ai\/vi\/wp-json\/wp\/v2\/pages"}],"about":[{"href":"https:\/\/talkpal.ai\/vi\/wp-json\/wp\/v2\/types\/page"}],"author":[{"embeddable":true,"href":"https:\/\/talkpal.ai\/vi\/wp-json\/wp\/v2\/users\/6"}],"replies":[{"embeddable":true,"href":"https:\/\/talkpal.ai\/vi\/wp-json\/wp\/v2\/comments?post=1447746"}],"version-history":[{"count":0,"href":"https:\/\/talkpal.ai\/vi\/wp-json\/wp\/v2\/pages\/1447746\/revisions"}],"wp:featuredmedia":[{"embeddable":true,"href":"https:\/\/talkpal.ai\/vi\/wp-json\/wp\/v2\/media\/1443783"}],"wp:attachment":[{"href":"https:\/\/talkpal.ai\/vi\/wp-json\/wp\/v2\/media?parent=1447746"}],"curies":[{"name":"wp","href":"https:\/\/api.w.org\/{rel}","templated":true}]}}