{"id":1447743,"date":"2023-06-22T07:53:19","date_gmt":"2023-06-22T07:53:19","guid":{"rendered":"https:\/\/talkpal.ai\/bai-tap-ngu-phap-kannada\/"},"modified":"2025-12-17T15:09:22","modified_gmt":"2025-12-17T15:09:22","slug":"bai-tap-ngu-phap-kannada","status":"publish","type":"page","link":"https:\/\/talkpal.ai\/vi\/bai-tap-ngu-phap-kannada\/","title":{"rendered":"B\u00e0i t\u1eadp ng\u1eef ph\u00e1p Kannada"},"content":{"rendered":"\r\n\r\n\r\n<section class=\"languageChallengeSection\">\r\n    <div class=\"languageInfoWrapper\">\r\n        \r\n        <h1>B\u00e0i t\u1eadp ng\u1eef ph\u00e1p Kannada<\/h1>\r\n        <p>H\u00e1o h\u1ee9c c\u1ea3i thi\u1ec7n k\u1ef9 n\u0103ng ti\u1ebfng <a href=\"https:\/\/talkpal.ai\/learn-kannada\/\">Kannada<\/a> c\u1ee7a b\u1ea1n? Th\u1ef1c h\u00e0nh c\u00e1c b\u00e0i t\u1eadp <a href=\"https:\/\/talkpal.ai\/vi\/ngu-phap\/\">ng\u1eef ph\u00e1p<\/a> l\u00e0 m\u1ed9t c\u00e1ch tuy\u1ec7t v\u1eddi \u0111\u1ec3 t\u00ecm hi\u1ec3u c\u1ea5u tr\u00fac c\u00e2u, d\u1ea1ng \u0111\u1ed9ng t\u1eeb v\u00e0 c\u00e1c t\u00ednh n\u0103ng \u0111\u1ed9c \u0111\u00e1o c\u1ee7a <a href=\"https:\/\/talkpal.ai\/vi\/hoc-ngon-ngu-cho-cac-truong-ngon-ngu\/\">ng\u00f4n ng\u1eef<\/a> Kannada. B\u1eaft \u0111\u1ea7u l\u00e0m vi\u1ec7c v\u1edbi ng\u1eef ph\u00e1p Kannada ngay h\u00f4m nay v\u00e0 th\u1ea5y s\u1ef1 t\u1ef1 tin v\u00e0 l\u01b0u lo\u00e1t c\u1ee7a b\u1ea1n ph\u00e1t tri\u1ec3n v\u1edbi m\u1ed7i b\u00e0i t\u1eadp m\u1edbi!<\/p>\r\n\r\n                            <a class=\"getStartedHidden\" href=\"https:\/\/app.talkpal.ai\/vi\/signup?lng=\">B\u1eaft \u0111\u1ea7u nh\u00e9<\/a>\r\n        \r\n    <\/div>\r\n\r\n    <figure>\r\n    <img decoding=\"async\" width=\"768\" height=\"768\" src=\"https:\/\/talkpal.ai\/wp-content\/uploads\/2023\/06\/Kannada-768x768.png\" class=\"languageImage no-lazy\" alt=\"Language learning for increased mental flexibility\" fetchpriority=\"high\" sizes=\"(max-width: 768px) 150px, 768px\" srcset=\"https:\/\/talkpal.ai\/wp-content\/uploads\/2023\/06\/Kannada-768x768.png 768w, https:\/\/talkpal.ai\/wp-content\/uploads\/2023\/06\/Kannada-300x300.png 300w\" \/>\r\n    \r\n\r\n    <\/figure>\r\n\r\n            <a class=\"getStartedVisible\" href=\"https:\/\/app.talkpal.ai\/vi\/signup?lng=\">B\u1eaft \u0111\u1ea7u nh\u00e9<\/a>\r\n    \r\n<\/section>\r\n\r\n\r\n<!-- <section class=\"grammarSection\">\r\n    <div class=\"grammarLinks\">\r\n            <\/div>\r\n<\/section> -->\r\n\r\n\r\n\r\n\r\n<section class=\"promotionalBanner\">\r\n    <p class=\"promotionalText\">C\u00e1ch hi\u1ec7u qu\u1ea3 nh\u1ea5t \u0111\u1ec3 h\u1ecdc m\u1ed9t ng\u00f4n ng\u1eef<\/p>\r\n    <a class=\"promotionalLink\" href=\"https:\/\/app.talkpal.ai\/vi\/signup?lng=\">D\u00f9ng th\u1eed Talkpal mi\u1ec5n ph\u00ed<\/a>\r\n<\/section>\n<div class=\"wp-block-group pageContainerStyle\"><div class=\"wp-block-group__inner-container is-layout-constrained wp-block-group-is-layout-constrained\">\n<h2 class=\"wp-block-heading\" id=\"h-kannada-grammar-topics\">Ch\u1ee7 \u0111\u1ec1 ng\u1eef ph\u00e1p Kannada<\/h2>\n\n\n\n<p>Ti\u1ebfng Kannada l\u00e0 m\u1ed9t ng\u00f4n ng\u1eef Dravida ch\u1ee7 y\u1ebfu \u0111\u01b0\u1ee3c s\u1eed d\u1ee5ng \u1edf bang Karnataka c\u1ee7a \u1ea4n \u0110\u1ed9 b\u1edfi kho\u1ea3ng 44 tri\u1ec7u ng\u01b0\u1eddi. \u0110\u00e2y l\u00e0 m\u1ed9t trong 22 ng\u00f4n ng\u1eef theo l\u1ecbch tr\u00ecnh c\u1ee7a \u1ea4n \u0110\u1ed9 v\u00e0 l\u00e0 ng\u00f4n ng\u1eef ch\u00ednh th\u1ee9c c\u1ee7a bang Karnataka. <a href=\"https:\/\/talkpal.ai\/vi\/hoc-tieng-han-truc-tuyen-voi-ai\/\">H\u1ecdc ti\u1ebfng<\/a> Kannada kh\u00f4ng ch\u1ec9 c\u1ea7n thi\u1ebft \u0111\u1ec3 hi\u1ec3u v\u0103n h\u00f3a v\u00e0 l\u1ecbch s\u1eed phong ph\u00fa c\u1ee7a Karnataka m\u00e0 c\u00f2n gi\u00fap giao ti\u1ebfp hi\u1ec7u qu\u1ea3 v\u1edbi ng\u01b0\u1eddi d\u00e2n \u0111\u1ecba ph\u01b0\u01a1ng. B\u00e0i vi\u1ebft n\u00e0y nh\u1eb1m m\u1ee5c \u0111\u00edch cung c\u1ea5p m\u1ed9t c\u00e1ch ti\u1ebfp c\u1eadn c\u00f3 c\u1ea5u tr\u00fac \u0111\u1ec3 h\u1ecdc c\u00e1c ch\u1ee7 \u0111\u1ec1 ng\u1eef ph\u00e1p Kannada kh\u00e1c nhau, \u0111i\u1ec1u n\u00e0y s\u1ebd gi\u00fap b\u1ea1n x\u00e2y d\u1ef1ng n\u1ec1n t\u1ea3ng v\u1eefng ch\u1eafc <a href=\"https:\/\/talkpal.ai\/vi\/ve\/\">v\u1ec1<\/a> ng\u00f4n ng\u1eef n\u00e0y.<\/p>\n\n\n\n<h3 class=\"wp-block-heading\" id=\"h-1-nouns\">1. Danh t\u1eeb<\/h3>\n\n\n\n<p>L\u00e0 kh\u1ed1i x\u00e2y d\u1ef1ng c\u1ee7a b\u1ea5t k\u1ef3 ng\u00f4n ng\u1eef n\u00e0o, danh t\u1eeb trong ti\u1ebfng Kannada l\u00e0 \u0111i\u1ec1u c\u1ea7n thi\u1ebft \u0111\u1ec3 h\u1ecdc tr\u01b0\u1edbc. Danh t\u1eeb Kannada c\u00f3 c\u00e1c d\u1ea1ng kh\u00e1c nhau d\u1ef1a tr\u00ean gi\u1edbi t\u00ednh, s\u1ed1 l\u01b0\u1ee3ng v\u00e0 tr\u01b0\u1eddng h\u1ee3p, \u1ea3nh h\u01b0\u1edfng \u0111\u1ebfn h\u00ecnh th\u1ee9c c\u1ee7a danh t\u1eeb. B\u1eaft \u0111\u1ea7u b\u1eb1ng c\u00e1ch hi\u1ec3u c\u00e1c kh\u00e1i ni\u1ec7m c\u01a1 b\u1ea3n v\u1ec1 d\u1ea1ng danh t\u1eeb v\u00e0 c\u00e1ch s\u1eed d\u1ee5ng ch\u00fang trong ng\u00f4n ng\u1eef.<\/p>\n\n\n\n<h3 class=\"wp-block-heading\" id=\"h-2-pronouns-determiners\">2. \u0110\u1ea1i t\u1eeb\/X\u00e1c \u0111\u1ecbnh<\/h3>\n\n\n\n<p>\u0110\u1ea1i t\u1eeb l\u00e0 t\u1eeb thay th\u1ebf danh t\u1eeb trong c\u00e2u, trong khi c\u00e1c t\u1eeb \u0111\u1ecbnh ngh\u0129a s\u1eeda \u0111\u1ed5i danh t\u1eeb. T\u00ecm hi\u1ec3u v\u1ec1 c\u00e1c lo\u1ea1i \u0111\u1ea1i t\u1eeb v\u00e0 t\u1eeb x\u00e1c \u0111\u1ecbnh kh\u00e1c nhau trong ti\u1ebfng Kannada, c\u00e1ch s\u1eed d\u1ee5ng ch\u00fang v\u00e0 c\u00e1ch ch\u00fang thay \u0111\u1ed5i t\u00f9y thu\u1ed9c v\u00e0o gi\u1edbi t\u00ednh, s\u1ed1 l\u01b0\u1ee3ng v\u00e0 ch\u1eef hoa ch\u1eef th\u01b0\u1eddng.<\/p>\n\n\n\n<h3 class=\"wp-block-heading\" id=\"h-3-articles\">3. B\u00e0i vi\u1ebft<\/h3>\n\n\n\n<p>Ti\u1ebfng Kannada kh\u00f4ng c\u00f3 m\u1ea1o t\u1eeb nh\u01b0 <a href=\"https:\/\/talkpal.ai\/top-trang-web-luyen-noi-tieng-anh-hieu-qua-nhat-2024\/\">ti\u1ebfng Anh<\/a>, nh\u01b0ng n\u00f3 c\u00f3 c\u00e1c t\u1eeb t\u01b0\u01a1ng t\u1ef1 gi\u00fap x\u00e1c \u0111\u1ecbnh \u0111\u1ed9 x\u00e1c \u0111\u1ecbnh c\u1ee7a danh t\u1eeb. L\u00e0m quen v\u1edbi nh\u1eefng t\u1eeb n\u00e0y v\u00e0 c\u00e1ch s\u1eed d\u1ee5ng ch\u00fang trong ti\u1ebfng Kannada.<\/p>\n\n\n\n<h3 class=\"wp-block-heading\" id=\"h-4-adjectives\">4. T\u00ednh t\u1eeb<\/h3>\n\n\n\n<p>T\u00ednh t\u1eeb m\u00f4 t\u1ea3 danh t\u1eeb v\u00e0 cung c\u1ea5p th\u00eam th\u00f4ng tin v\u1ec1 ch\u00fang. T\u00ecm hi\u1ec3u c\u00e1ch h\u00ecnh th\u00e0nh v\u00e0 s\u1eed d\u1ee5ng t\u00ednh t\u1eeb trong ti\u1ebfng Kannada, c\u0169ng nh\u01b0 c\u00e1c quy t\u1eafc th\u1ecfa thu\u1eadn c\u1ee7a ch\u00fang v\u1edbi danh t\u1eeb.<\/p>\n\n\n\n<h3 class=\"wp-block-heading\" id=\"h-5-verbs\">5. \u0110\u1ed9ng t\u1eeb<\/h3>\n\n\n\n<p>\u0110\u1ed9ng t\u1eeb l\u00e0 nh\u1eefng t\u1eeb h\u00e0nh \u0111\u1ed9ng cho bi\u1ebft ch\u1ee7 th\u1ec3 \u0111ang l\u00e0m g\u00ec. T\u00ecm hi\u1ec3u v\u1ec1 c\u00e1c lo\u1ea1i \u0111\u1ed9ng t\u1eeb kh\u00e1c nhau trong ti\u1ebfng Kannada, h\u00ecnh th\u1ee9c c\u1ee7a ch\u00fang v\u00e0 quy t\u1eafc chia \u0111\u1ed9ng t\u1eeb d\u1ef1a tr\u00ean th\u00ec, kh\u00eda c\u1ea1nh v\u00e0 t\u00e2m tr\u1ea1ng.<\/p>\n\n\n\n<h3 class=\"wp-block-heading\" id=\"h-6-tenses\">6. Th\u00ec<\/h3>\n\n\n\n<p>C\u00e1c th\u00ec trong ti\u1ebfng Kannada gi\u00fap th\u1ec3 hi\u1ec7n khi m\u1ed9t h\u00e0nh \u0111\u1ed9ng di\u1ec5n ra. L\u00e0m quen v\u1edbi ba th\u00ec ch\u00ednh &#8211; qu\u00e1 kh\u1ee9, hi\u1ec7n t\u1ea1i v\u00e0 t\u01b0\u01a1ng lai &#8211; v\u00e0 c\u00e1c h\u00ecnh th\u1ee9c kh\u00e1c nhau c\u1ee7a ch\u00fang.<\/p>\n\n\n\n<h3 class=\"wp-block-heading\" id=\"h-7-tense-comparison\">7. So s\u00e1nh c\u0103ng th\u1eb3ng<\/h3>\n\n\n\n<p>Hi\u1ec3u c\u00e1ch so s\u00e1nh c\u00e1c h\u00e0nh \u0111\u1ed9ng gi\u1eefa c\u00e1c th\u00ec kh\u00e1c nhau trong ti\u1ebfng Kannada. \u0110i\u1ec1u n\u00e0y s\u1ebd gi\u00fap b\u1ea1n x\u00e2y d\u1ef1ng c\u00e1c c\u00e2u ph\u1ee9c t\u1ea1p h\u01a1n v\u00e0 di\u1ec5n \u0111\u1ea1t suy ngh\u0129 c\u1ee7a m\u00ecnh ch\u00ednh x\u00e1c h\u01a1n.<\/p>\n\n\n\n<h3 class=\"wp-block-heading\" id=\"h-8-progressive-and-perfect-progressive\">8. Ti\u1ebfn b\u1ed9 v\u00e0 Ti\u1ebfn b\u1ed9 ho\u00e0n h\u1ea3o<\/h3>\n\n\n\n<p>Nh\u1eefng kh\u00eda c\u1ea1nh n\u00e0y c\u1ee7a \u0111\u1ed9ng t\u1eeb Kannada ch\u1ec9 ra c\u00e1c h\u00e0nh \u0111\u1ed9ng \u0111ang di\u1ec5n ra ho\u1eb7c c\u00e1c h\u00e0nh \u0111\u1ed9ng \u0111ang di\u1ec5n ra nh\u01b0ng b\u00e2y gi\u1edd \u0111\u00e3 ho\u00e0n th\u00e0nh. T\u00ecm hi\u1ec3u c\u00e1ch h\u00ecnh th\u00e0nh v\u00e0 s\u1eed d\u1ee5ng c\u00e1c \u0111\u1ed9ng t\u1eeb ti\u1ebfn b\u1ed9 v\u00e0 ho\u00e0n h\u1ea3o trong ti\u1ebfng Kannada.<\/p>\n\n\n\n<h3 class=\"wp-block-heading\" id=\"h-9-adverbs\">9. Tr\u1ea1ng t\u1eeb<\/h3>\n\n\n\n<p>Tr\u1ea1ng t\u1eeb cung c\u1ea5p th\u00f4ng tin b\u1ed5 sung v\u1ec1 \u0111\u1ed9ng t\u1eeb, t\u00ednh t\u1eeb ho\u1eb7c c\u00e1c tr\u1ea1ng t\u1eeb kh\u00e1c. T\u00ecm hi\u1ec3u c\u00e1c lo\u1ea1i tr\u1ea1ng t\u1eeb kh\u00e1c nhau trong ti\u1ebfng Kannada v\u00e0 v\u1ecb tr\u00ed c\u1ee7a ch\u00fang trong c\u00e2u.<\/p>\n\n\n\n<h3 class=\"wp-block-heading\" id=\"h-10-conditionals\">10. \u0110i\u1ec1u ki\u1ec7n<\/h3>\n\n\n\n<p>\u0110i\u1ec1u ki\u1ec7n l\u00e0 c\u00e2u th\u1ec3 hi\u1ec7n m\u1ed9t \u0111i\u1ec1u ki\u1ec7n v\u00e0 k\u1ebft qu\u1ea3 c\u00f3 th\u1ec3 x\u1ea3y ra c\u1ee7a n\u00f3. T\u00ecm hi\u1ec3u c\u00e1ch h\u00ecnh th\u00e0nh v\u00e0 s\u1eed d\u1ee5ng c\u00e1c c\u00e2u c\u00f3 \u0111i\u1ec1u ki\u1ec7n trong ti\u1ebfng Kannada b\u1eb1ng c\u00e1ch s\u1eed d\u1ee5ng c\u00e1c d\u1ea1ng \u0111\u1ed9ng t\u1eeb v\u00e0 li\u00ean t\u1eeb th\u00edch h\u1ee3p.<\/p>\n\n\n\n<h3 class=\"wp-block-heading\" id=\"h-11-prepositions\">11. Gi\u1edbi t\u1eeb<\/h3>\n\n\n\n<p>Gi\u1edbi t\u1eeb l\u00e0 nh\u1eefng t\u1eeb th\u1ec3 hi\u1ec7n m\u1ed1i quan h\u1ec7 gi\u1eefa danh t\u1eeb ho\u1eb7c \u0111\u1ea1i t\u1eeb v\u00e0 c\u00e1c t\u1eeb kh\u00e1c trong c\u00e2u. T\u00ecm hi\u1ec3u c\u00e1c gi\u1edbi t\u1eeb Kannada ph\u1ed5 bi\u1ebfn v\u00e0 c\u00e1ch s\u1eed d\u1ee5ng ch\u00fang.<\/p>\n\n\n\n<h3 class=\"wp-block-heading\" id=\"h-12-sentences\">12. C\u00e2u<\/h3>\n\n\n\n<p>Cu\u1ed1i c\u00f9ng, th\u1ef1c h\u00e0nh k\u1ebft h\u1ee3p t\u1ea5t c\u1ea3 c\u00e1c ch\u1ee7 \u0111\u1ec1 ng\u1eef ph\u00e1p b\u1ea1n \u0111\u00e3 h\u1ecdc \u0111\u1ec3 t\u1ea1o th\u00e0nh c\u00e1c c\u00e2u ho\u00e0n ch\u1ec9nh b\u1eb1ng ti\u1ebfng Kannada. \u0110i\u1ec1u n\u00e0y s\u1ebd gi\u00fap b\u1ea1n c\u1ea3i thi\u1ec7n tr\u00ecnh \u0111\u1ed9 ng\u00f4n ng\u1eef t\u1ed5ng th\u1ec3 v\u00e0 k\u1ef9 n\u0103ng giao ti\u1ebfp.<\/p>\n<\/div><\/div>\n\r\n<section class=\"learnNavigationSection\">\r\n            \r\n        <a href=\"https:\/\/talkpal.ai\/vi\/hoc-tieng-kannada\/\">\r\n            <div class=\"learnNavigationWrapper\">\r\n                <div class=\"learnNavigationContent\">\r\n                    <img decoding=\"async\" src=\"https:\/\/talkpal.ai\/wp-content\/uploads\/2024\/08\/Kannada.jpg\" alt=\"Indian Simplified Flag\">\r\n                    <div>\r\n                        <h4>Gi\u1edbi thi\u1ec7u v\u1ec1 H\u1ecdc ti\u1ebfng Kannada<\/h4>\r\n                        <p>T\u00ecm hi\u1ec3u t\u1ea5t c\u1ea3 v\u1ec1 ng\u1eef ph\u00e1p ti\u1ebfng Kannada.<\/p>\r\n                    <\/div>\r\n                <\/div>\r\n            <\/div>\r\n        <\/a>\r\n\r\n        \r\n        <a href=\"https:\/\/talkpal.ai\/vi\/ngu-phap-kannada\/\">\r\n            <div class=\"learnNavigationWrapper\">\r\n                <div class=\"learnNavigationContent\">\r\n                    <img decoding=\"async\" src=\"https:\/\/talkpal.ai\/wp-content\/uploads\/2024\/08\/Kannada.jpg\" alt=\"Indian Simplified Flag\">\r\n                    <div>\r\n                        <h4>B\u00e0i h\u1ecdc ng\u1eef ph\u00e1p Kannada<\/h4>\r\n                        <p>Th\u1ef1c h\u00e0nh ng\u1eef ph\u00e1p ti\u1ebfng Kannada.<\/p>\r\n                    <\/div>\r\n                <\/div>\r\n            <\/div>\r\n        <\/a>\r\n\r\n        \r\n        <a href=\"https:\/\/talkpal.ai\/vocabulary_language\/kannada\/\">\r\n            <div class=\"learnNavigationWrapper\">\r\n                <div class=\"learnNavigationContent\">\r\n                    <img decoding=\"async\" src=\"https:\/\/talkpal.ai\/wp-content\/uploads\/2024\/08\/Kannada.jpg\" alt=\"Indian Simplified Flag\">\r\n                    <div>\r\n                        <h4>T\u1eeb v\u1ef1ng Kannada<\/h4>\r\n                        <p>M\u1edf r\u1ed9ng v\u1ed1n t\u1eeb v\u1ef1ng ti\u1ebfng Kannada c\u1ee7a b\u1ea1n.<\/p>\r\n                    <\/div>\r\n                <\/div>\r\n            <\/div>\r\n        <\/a>\r\n\r\n            <\/section>","protected":false},"excerpt":{"rendered":"<p>Ch\u1ee7 \u0111\u1ec1 ng\u1eef ph\u00e1p Kannada Ti\u1ebfng Kannada l\u00e0 m\u1ed9t ng\u00f4n ng\u1eef Dravida ch\u1ee7 y\u1ebfu \u0111\u01b0\u1ee3c s\u1eed d\u1ee5ng \u1edf bang Karnataka c\u1ee7a \u1ea4n \u0110\u1ed9 b\u1edfi kho\u1ea3ng 44 tri\u1ec7u ng\u01b0\u1eddi. \u0110\u00e2y l\u00e0 m\u1ed9t trong 22 ng\u00f4n ng\u1eef theo l\u1ecbch tr\u00ecnh c\u1ee7a \u1ea4n \u0110\u1ed9 v\u00e0 l\u00e0 ng\u00f4n ng\u1eef ch\u00ednh th\u1ee9c c\u1ee7a bang Karnataka. H\u1ecdc ti\u1ebfng Kannada kh\u00f4ng ch\u1ec9 [&hellip;]<\/p>\n","protected":false},"author":6,"featured_media":1442216,"parent":0,"menu_order":0,"comment_status":"closed","ping_status":"closed","template":"LearningContentPage.php","meta":{"_acf_changed":false,"footnotes":""},"class_list":["post-1447743","page","type-page","status-publish","has-post-thumbnail","hentry"],"acf":[],"yoast_head":"<!-- This site is optimized with the Yoast SEO Premium plugin v27.2 (Yoast SEO v27.2) - https:\/\/yoast.com\/product\/yoast-seo-premium-wordpress\/ -->\n<title>B\u00e0i t\u1eadp ng\u1eef ph\u00e1p Kannada - Talkpal<\/title>\n<meta name=\"description\" content=\"T\u0103ng c\u01b0\u1eddng ng\u1eef ph\u00e1p ti\u1ebfng Kannada c\u1ee7a b\u1ea1n - tham gia v\u00e0o c\u00e1c b\u00e0i t\u1eadp t\u01b0\u01a1ng t\u00e1c, n\u1eafm v\u1eefng c\u00e1c m\u1eabu c\u00e2u v\u00e0 c\u1ea3i thi\u1ec7n s\u1ef1 tr\u00f4i ch\u1ea3y v\u1edbi gia s\u01b0 AI c\u1ee7a TalkPal.\" \/>\n<meta name=\"robots\" content=\"index, follow, max-snippet:-1, max-image-preview:large, max-video-preview:-1\" \/>\n<link rel=\"canonical\" href=\"https:\/\/talkpal.ai\/vi\/bai-tap-ngu-phap-kannada\/\" \/>\n<meta property=\"og:locale\" content=\"vi_VN\" \/>\n<meta property=\"og:type\" content=\"article\" \/>\n<meta property=\"og:title\" content=\"B\u00e0i t\u1eadp ng\u1eef ph\u00e1p Kannada\" \/>\n<meta property=\"og:description\" content=\"Ch\u1ee7 \u0111\u1ec1 ng\u1eef ph\u00e1p Kannada Ti\u1ebfng Kannada l\u00e0 m\u1ed9t ng\u00f4n ng\u1eef Dravida ch\u1ee7 y\u1ebfu \u0111\u01b0\u1ee3c s\u1eed d\u1ee5ng \u1edf bang Karnataka c\u1ee7a \u1ea4n \u0110\u1ed9 b\u1edfi kho\u1ea3ng 44 tri\u1ec7u ng\u01b0\u1eddi. \u0110\u00e2y l\u00e0 m\u1ed9t trong\" \/>\n<meta property=\"og:url\" content=\"https:\/\/talkpal.ai\/vi\/bai-tap-ngu-phap-kannada\/\" \/>\n<meta property=\"og:site_name\" content=\"Talkpal\" \/>\n<meta property=\"article:publisher\" content=\"https:\/\/www.facebook.com\/profile.php?id=100090733639311\" \/>\n<meta property=\"article:modified_time\" content=\"2025-12-17T15:09:22+00:00\" \/>\n<meta property=\"og:image\" content=\"https:\/\/talkpal.ai\/wp-content\/uploads\/2023\/05\/Kannada-india.png\" \/>\n\t<meta property=\"og:image:width\" content=\"512\" \/>\n\t<meta property=\"og:image:height\" content=\"512\" \/>\n\t<meta property=\"og:image:type\" content=\"image\/png\" \/>\n<meta name=\"twitter:card\" content=\"summary_large_image\" \/>\n<meta name=\"twitter:site\" content=\"@talkpalai\" \/>\n<meta name=\"twitter:label1\" content=\"Est. reading time\" \/>\n\t<meta name=\"twitter:data1\" content=\"5 minutes\" \/>\n<script type=\"application\/ld+json\" class=\"yoast-schema-graph\">{\"@context\":\"https:\/\/schema.org\",\"@graph\":[{\"@type\":\"WebPage\",\"@id\":\"https:\/\/talkpal.ai\/vi\/bai-tap-ngu-phap-kannada\/\",\"url\":\"https:\/\/talkpal.ai\/vi\/bai-tap-ngu-phap-kannada\/\",\"name\":\"B\u00e0i t\u1eadp ng\u1eef ph\u00e1p Kannada - Talkpal\",\"isPartOf\":{\"@id\":\"https:\/\/talkpal.ai\/vi\/#website\"},\"primaryImageOfPage\":{\"@id\":\"https:\/\/talkpal.ai\/vi\/bai-tap-ngu-phap-kannada\/#primaryimage\"},\"image\":{\"@id\":\"https:\/\/talkpal.ai\/vi\/bai-tap-ngu-phap-kannada\/#primaryimage\"},\"thumbnailUrl\":\"https:\/\/talkpal.ai\/wp-content\/uploads\/2023\/05\/Kannada-india.png\",\"datePublished\":\"2023-06-22T07:53:19+00:00\",\"dateModified\":\"2025-12-17T15:09:22+00:00\",\"description\":\"T\u0103ng c\u01b0\u1eddng ng\u1eef ph\u00e1p ti\u1ebfng Kannada c\u1ee7a b\u1ea1n - tham gia v\u00e0o c\u00e1c b\u00e0i t\u1eadp t\u01b0\u01a1ng t\u00e1c, n\u1eafm v\u1eefng c\u00e1c m\u1eabu c\u00e2u v\u00e0 c\u1ea3i thi\u1ec7n s\u1ef1 tr\u00f4i ch\u1ea3y v\u1edbi gia s\u01b0 AI c\u1ee7a TalkPal.\",\"breadcrumb\":{\"@id\":\"https:\/\/talkpal.ai\/vi\/bai-tap-ngu-phap-kannada\/#breadcrumb\"},\"inLanguage\":\"vi-VN\",\"potentialAction\":[{\"@type\":\"ReadAction\",\"target\":[\"https:\/\/talkpal.ai\/vi\/bai-tap-ngu-phap-kannada\/\"]}]},{\"@type\":\"ImageObject\",\"inLanguage\":\"vi-VN\",\"@id\":\"https:\/\/talkpal.ai\/vi\/bai-tap-ngu-phap-kannada\/#primaryimage\",\"url\":\"https:\/\/talkpal.ai\/wp-content\/uploads\/2023\/05\/Kannada-india.png\",\"contentUrl\":\"https:\/\/talkpal.ai\/wp-content\/uploads\/2023\/05\/Kannada-india.png\",\"width\":512,\"height\":512,\"caption\":\"TalkPal Kannada Flag\"},{\"@type\":\"BreadcrumbList\",\"@id\":\"https:\/\/talkpal.ai\/vi\/bai-tap-ngu-phap-kannada\/#breadcrumb\",\"itemListElement\":[{\"@type\":\"ListItem\",\"position\":1,\"name\":\"Homepage\",\"item\":\"https:\/\/talkpal.ai\/vi\/giao-vien-ngon-ngu-ai-3\/\"},{\"@type\":\"ListItem\",\"position\":2,\"name\":\"B\u00e0i t\u1eadp ng\u1eef ph\u00e1p Kannada\"}]},{\"@type\":\"WebSite\",\"@id\":\"https:\/\/talkpal.ai\/vi\/#website\",\"url\":\"https:\/\/talkpal.ai\/vi\/\",\"name\":\"Talkpal\",\"description\":\"AI Language Learning\",\"publisher\":{\"@id\":\"https:\/\/talkpal.ai\/vi\/#organization\"},\"alternateName\":\"Talkpal AI\",\"potentialAction\":[{\"@type\":\"SearchAction\",\"target\":{\"@type\":\"EntryPoint\",\"urlTemplate\":\"https:\/\/talkpal.ai\/vi\/?s={search_term_string}\"},\"query-input\":{\"@type\":\"PropertyValueSpecification\",\"valueRequired\":true,\"valueName\":\"search_term_string\"}}],\"inLanguage\":\"vi-VN\"},{\"@type\":\"Organization\",\"@id\":\"https:\/\/talkpal.ai\/vi\/#organization\",\"name\":\"Talkpal, Inc.\",\"alternateName\":\"Talkpal AI\",\"url\":\"https:\/\/talkpal.ai\/vi\/\",\"logo\":{\"@type\":\"ImageObject\",\"inLanguage\":\"vi-VN\",\"@id\":\"https:\/\/talkpal.ai\/vi\/#\/schema\/logo\/image\/\",\"url\":\"https:\/\/talkpal.ai\/wp-content\/uploads\/2024\/03\/Talkpal-Logo-Icon.png\",\"contentUrl\":\"https:\/\/talkpal.ai\/wp-content\/uploads\/2024\/03\/Talkpal-Logo-Icon.png\",\"width\":2880,\"height\":2880,\"caption\":\"Talkpal, Inc.\"},\"image\":{\"@id\":\"https:\/\/talkpal.ai\/vi\/#\/schema\/logo\/image\/\"},\"sameAs\":[\"https:\/\/www.facebook.com\/profile.php?id=100090733639311\",\"https:\/\/x.com\/talkpalai\",\"https:\/\/www.linkedin.com\/company\/talkpal\/\",\"https:\/\/www.youtube.com\/@TalkPal\/\",\"https:\/\/www.tiktok.com\/@talkpal\",\"https:\/\/www.instagram.com\/talkpal_ai\/\",\"https:\/\/www.crunchbase.com\/organization\/talkpal-9cde\",\"https:\/\/www.g2.com\/products\/talkpal-for-business\/\",\"https:\/\/www.trustpilot.com\/review\/talkpal.ai\",\"https:\/\/www.capterra.com\/p\/10006800\/TalkPal\/\"],\"description\":\"Talkpal is a language learning web and mobile education app, powered by the latest AI technologies, that provides engaging experiences to its customers in many different languages to help them improve their language skills. Users can chat about unlimited amount of topics with the app and use other modes to practice their language learning.\",\"email\":\"support@talkpal.ai\",\"legalName\":\"Talkpal, Inc.\",\"foundingDate\":\"2023-04-03\",\"duns\":\"118989042\",\"numberOfEmployees\":{\"@type\":\"QuantitativeValue\",\"minValue\":\"11\",\"maxValue\":\"50\"},\"publishingPrinciples\":\"https:\/\/talkpal.ai\/publishing-principles\/\",\"actionableFeedbackPolicy\":\"https:\/\/talkpal.ai\/actionable-feedback-policy\/\",\"correctionsPolicy\":\"https:\/\/talkpal.ai\/corrections-policy\/\",\"ethicsPolicy\":\"https:\/\/talkpal.ai\/ethics-policy\/\",\"diversityPolicy\":\"https:\/\/talkpal.ai\/diversity-policy\/\",\"diversityStaffingReport\":\"https:\/\/talkpal.ai\/diversity-policy\/\"}]}<\/script>\n<!-- \/ Yoast SEO Premium plugin. -->","yoast_head_json":{"title":"B\u00e0i t\u1eadp ng\u1eef ph\u00e1p Kannada - Talkpal","description":"T\u0103ng c\u01b0\u1eddng ng\u1eef ph\u00e1p ti\u1ebfng Kannada c\u1ee7a b\u1ea1n - tham gia v\u00e0o c\u00e1c b\u00e0i t\u1eadp t\u01b0\u01a1ng t\u00e1c, n\u1eafm v\u1eefng c\u00e1c m\u1eabu c\u00e2u v\u00e0 c\u1ea3i thi\u1ec7n s\u1ef1 tr\u00f4i ch\u1ea3y v\u1edbi gia s\u01b0 AI c\u1ee7a TalkPal.","robots":{"index":"index","follow":"follow","max-snippet":"max-snippet:-1","max-image-preview":"max-image-preview:large","max-video-preview":"max-video-preview:-1"},"canonical":"https:\/\/talkpal.ai\/vi\/bai-tap-ngu-phap-kannada\/","og_locale":"vi_VN","og_type":"article","og_title":"B\u00e0i t\u1eadp ng\u1eef ph\u00e1p Kannada","og_description":"Ch\u1ee7 \u0111\u1ec1 ng\u1eef ph\u00e1p Kannada Ti\u1ebfng Kannada l\u00e0 m\u1ed9t ng\u00f4n ng\u1eef Dravida ch\u1ee7 y\u1ebfu \u0111\u01b0\u1ee3c s\u1eed d\u1ee5ng \u1edf bang Karnataka c\u1ee7a \u1ea4n \u0110\u1ed9 b\u1edfi kho\u1ea3ng 44 tri\u1ec7u ng\u01b0\u1eddi. \u0110\u00e2y l\u00e0 m\u1ed9t trong","og_url":"https:\/\/talkpal.ai\/vi\/bai-tap-ngu-phap-kannada\/","og_site_name":"Talkpal","article_publisher":"https:\/\/www.facebook.com\/profile.php?id=100090733639311","article_modified_time":"2025-12-17T15:09:22+00:00","og_image":[{"width":512,"height":512,"url":"https:\/\/talkpal.ai\/wp-content\/uploads\/2023\/05\/Kannada-india.png","type":"image\/png"}],"twitter_card":"summary_large_image","twitter_site":"@talkpalai","twitter_misc":{"Est. reading time":"5 minutes"},"schema":{"@context":"https:\/\/schema.org","@graph":[{"@type":"WebPage","@id":"https:\/\/talkpal.ai\/vi\/bai-tap-ngu-phap-kannada\/","url":"https:\/\/talkpal.ai\/vi\/bai-tap-ngu-phap-kannada\/","name":"B\u00e0i t\u1eadp ng\u1eef ph\u00e1p Kannada - Talkpal","isPartOf":{"@id":"https:\/\/talkpal.ai\/vi\/#website"},"primaryImageOfPage":{"@id":"https:\/\/talkpal.ai\/vi\/bai-tap-ngu-phap-kannada\/#primaryimage"},"image":{"@id":"https:\/\/talkpal.ai\/vi\/bai-tap-ngu-phap-kannada\/#primaryimage"},"thumbnailUrl":"https:\/\/talkpal.ai\/wp-content\/uploads\/2023\/05\/Kannada-india.png","datePublished":"2023-06-22T07:53:19+00:00","dateModified":"2025-12-17T15:09:22+00:00","description":"T\u0103ng c\u01b0\u1eddng ng\u1eef ph\u00e1p ti\u1ebfng Kannada c\u1ee7a b\u1ea1n - tham gia v\u00e0o c\u00e1c b\u00e0i t\u1eadp t\u01b0\u01a1ng t\u00e1c, n\u1eafm v\u1eefng c\u00e1c m\u1eabu c\u00e2u v\u00e0 c\u1ea3i thi\u1ec7n s\u1ef1 tr\u00f4i ch\u1ea3y v\u1edbi gia s\u01b0 AI c\u1ee7a TalkPal.","breadcrumb":{"@id":"https:\/\/talkpal.ai\/vi\/bai-tap-ngu-phap-kannada\/#breadcrumb"},"inLanguage":"vi-VN","potentialAction":[{"@type":"ReadAction","target":["https:\/\/talkpal.ai\/vi\/bai-tap-ngu-phap-kannada\/"]}]},{"@type":"ImageObject","inLanguage":"vi-VN","@id":"https:\/\/talkpal.ai\/vi\/bai-tap-ngu-phap-kannada\/#primaryimage","url":"https:\/\/talkpal.ai\/wp-content\/uploads\/2023\/05\/Kannada-india.png","contentUrl":"https:\/\/talkpal.ai\/wp-content\/uploads\/2023\/05\/Kannada-india.png","width":512,"height":512,"caption":"TalkPal Kannada Flag"},{"@type":"BreadcrumbList","@id":"https:\/\/talkpal.ai\/vi\/bai-tap-ngu-phap-kannada\/#breadcrumb","itemListElement":[{"@type":"ListItem","position":1,"name":"Homepage","item":"https:\/\/talkpal.ai\/vi\/giao-vien-ngon-ngu-ai-3\/"},{"@type":"ListItem","position":2,"name":"B\u00e0i t\u1eadp ng\u1eef ph\u00e1p Kannada"}]},{"@type":"WebSite","@id":"https:\/\/talkpal.ai\/vi\/#website","url":"https:\/\/talkpal.ai\/vi\/","name":"Talkpal","description":"AI Language Learning","publisher":{"@id":"https:\/\/talkpal.ai\/vi\/#organization"},"alternateName":"Talkpal AI","potentialAction":[{"@type":"SearchAction","target":{"@type":"EntryPoint","urlTemplate":"https:\/\/talkpal.ai\/vi\/?s={search_term_string}"},"query-input":{"@type":"PropertyValueSpecification","valueRequired":true,"valueName":"search_term_string"}}],"inLanguage":"vi-VN"},{"@type":"Organization","@id":"https:\/\/talkpal.ai\/vi\/#organization","name":"Talkpal, Inc.","alternateName":"Talkpal AI","url":"https:\/\/talkpal.ai\/vi\/","logo":{"@type":"ImageObject","inLanguage":"vi-VN","@id":"https:\/\/talkpal.ai\/vi\/#\/schema\/logo\/image\/","url":"https:\/\/talkpal.ai\/wp-content\/uploads\/2024\/03\/Talkpal-Logo-Icon.png","contentUrl":"https:\/\/talkpal.ai\/wp-content\/uploads\/2024\/03\/Talkpal-Logo-Icon.png","width":2880,"height":2880,"caption":"Talkpal, Inc."},"image":{"@id":"https:\/\/talkpal.ai\/vi\/#\/schema\/logo\/image\/"},"sameAs":["https:\/\/www.facebook.com\/profile.php?id=100090733639311","https:\/\/x.com\/talkpalai","https:\/\/www.linkedin.com\/company\/talkpal\/","https:\/\/www.youtube.com\/@TalkPal\/","https:\/\/www.tiktok.com\/@talkpal","https:\/\/www.instagram.com\/talkpal_ai\/","https:\/\/www.crunchbase.com\/organization\/talkpal-9cde","https:\/\/www.g2.com\/products\/talkpal-for-business\/","https:\/\/www.trustpilot.com\/review\/talkpal.ai","https:\/\/www.capterra.com\/p\/10006800\/TalkPal\/"],"description":"Talkpal is a language learning web and mobile education app, powered by the latest AI technologies, that provides engaging experiences to its customers in many different languages to help them improve their language skills. Users can chat about unlimited amount of topics with the app and use other modes to practice their language learning.","email":"support@talkpal.ai","legalName":"Talkpal, Inc.","foundingDate":"2023-04-03","duns":"118989042","numberOfEmployees":{"@type":"QuantitativeValue","minValue":"11","maxValue":"50"},"publishingPrinciples":"https:\/\/talkpal.ai\/publishing-principles\/","actionableFeedbackPolicy":"https:\/\/talkpal.ai\/actionable-feedback-policy\/","correctionsPolicy":"https:\/\/talkpal.ai\/corrections-policy\/","ethicsPolicy":"https:\/\/talkpal.ai\/ethics-policy\/","diversityPolicy":"https:\/\/talkpal.ai\/diversity-policy\/","diversityStaffingReport":"https:\/\/talkpal.ai\/diversity-policy\/"}]}},"_links":{"self":[{"href":"https:\/\/talkpal.ai\/vi\/wp-json\/wp\/v2\/pages\/1447743","targetHints":{"allow":["GET"]}}],"collection":[{"href":"https:\/\/talkpal.ai\/vi\/wp-json\/wp\/v2\/pages"}],"about":[{"href":"https:\/\/talkpal.ai\/vi\/wp-json\/wp\/v2\/types\/page"}],"author":[{"embeddable":true,"href":"https:\/\/talkpal.ai\/vi\/wp-json\/wp\/v2\/users\/6"}],"replies":[{"embeddable":true,"href":"https:\/\/talkpal.ai\/vi\/wp-json\/wp\/v2\/comments?post=1447743"}],"version-history":[{"count":0,"href":"https:\/\/talkpal.ai\/vi\/wp-json\/wp\/v2\/pages\/1447743\/revisions"}],"wp:featuredmedia":[{"embeddable":true,"href":"https:\/\/talkpal.ai\/vi\/wp-json\/wp\/v2\/media\/1442216"}],"wp:attachment":[{"href":"https:\/\/talkpal.ai\/vi\/wp-json\/wp\/v2\/media?parent=1447743"}],"curies":[{"name":"wp","href":"https:\/\/api.w.org\/{rel}","templated":true}]}}