{"id":1447734,"date":"2023-06-22T08:12:52","date_gmt":"2023-06-22T08:12:52","guid":{"rendered":"https:\/\/talkpal.ai\/bai-tap-ngu-phap-tieng-litva\/"},"modified":"2025-12-17T15:52:16","modified_gmt":"2025-12-17T15:52:16","slug":"bai-tap-ngu-phap-tieng-litva","status":"publish","type":"page","link":"https:\/\/talkpal.ai\/vi\/bai-tap-ngu-phap-tieng-litva\/","title":{"rendered":"B\u00e0i t\u1eadp ng\u1eef ph\u00e1p ti\u1ebfng Litva"},"content":{"rendered":"\r\n\r\n\r\n<section class=\"languageChallengeSection\">\r\n    <div class=\"languageInfoWrapper\">\r\n        \r\n        <h1>B\u00e0i t\u1eadp ng\u1eef ph\u00e1p ti\u1ebfng Litva<\/h1>\r\n        <p>S\u1eb5n s\u00e0ng \u0111\u01b0a ti\u1ebfng Lithuania c\u1ee7a b\u1ea1n l\u00ean m\u1ed9t t\u1ea7m cao m\u1edbi? Th\u1ef1c h\u00e0nh c\u00e1c b\u00e0i t\u1eadp <a href=\"https:\/\/talkpal.ai\/vi\/ngu-phap\/\">ng\u1eef ph\u00e1p<\/a> l\u00e0 m\u1ed9t c\u00e1ch tuy\u1ec7t v\u1eddi \u0111\u1ec3 n\u1eafm v\u1eefng c\u1ea5u tr\u00fac c\u00e2u, d\u1ea1ng \u0111\u1ed9ng t\u1eeb v\u00e0 c\u00e1c m\u1eabu \u0111\u1ed9c \u0111\u00e1o c\u1ee7a <a href=\"https:\/\/talkpal.ai\/vi\/hoc-ngon-ngu-cho-cac-truong-ngon-ngu\/\">ng\u00f4n ng\u1eef<\/a> Litva. B\u1eaft \u0111\u1ea7u kh\u00e1m ph\u00e1 <a href=\"https:\/\/talkpal.ai\/lithuanian-grammar\/\">ng\u1eef ph\u00e1p ti\u1ebfng Litva<\/a> ngay h\u00f4m nay v\u00e0 xem c\u00e1c k\u1ef9 n\u0103ng v\u00e0 s\u1ef1 t\u1ef1 tin c\u1ee7a b\u1ea1n ph\u00e1t tri\u1ec3n v\u1edbi m\u1ed7i b\u00e0i t\u1eadp!<\/p>\r\n\r\n                            <a class=\"getStartedHidden\" href=\"https:\/\/app.talkpal.ai\/vi\/signup?lng=\">B\u1eaft \u0111\u1ea7u nh\u00e9<\/a>\r\n        \r\n    <\/div>\r\n\r\n    <figure>\r\n    <img decoding=\"async\" width=\"768\" height=\"768\" src=\"https:\/\/talkpal.ai\/wp-content\/uploads\/2023\/06\/lithuenian-768x768.png\" class=\"languageImage no-lazy\" alt=\"Language learning for boosting creativity\" fetchpriority=\"high\" sizes=\"(max-width: 768px) 150px, 768px\" srcset=\"https:\/\/talkpal.ai\/wp-content\/uploads\/2023\/06\/lithuenian-768x768.png 768w, https:\/\/talkpal.ai\/wp-content\/uploads\/2023\/06\/lithuenian-300x300.png 300w\" \/>\r\n    \r\n\r\n    <\/figure>\r\n\r\n            <a class=\"getStartedVisible\" href=\"https:\/\/app.talkpal.ai\/vi\/signup?lng=\">B\u1eaft \u0111\u1ea7u nh\u00e9<\/a>\r\n    \r\n<\/section>\r\n\r\n\r\n<!-- <section class=\"grammarSection\">\r\n    <div class=\"grammarLinks\">\r\n            <\/div>\r\n<\/section> -->\r\n\r\n\r\n\r\n\r\n<section class=\"promotionalBanner\">\r\n    <p class=\"promotionalText\">C\u00e1ch hi\u1ec7u qu\u1ea3 nh\u1ea5t \u0111\u1ec3 h\u1ecdc m\u1ed9t ng\u00f4n ng\u1eef<\/p>\r\n    <a class=\"promotionalLink\" href=\"https:\/\/app.talkpal.ai\/vi\/signup?lng=\">D\u00f9ng th\u1eed Talkpal mi\u1ec5n ph\u00ed<\/a>\r\n<\/section>\n<div class=\"wp-block-group pageContainerStyle\"><div class=\"wp-block-group__inner-container is-layout-constrained wp-block-group-is-layout-constrained\">\n<h2 class=\"wp-block-heading\" id=\"h-lithuanian-grammar-topics\">Ch\u1ee7 \u0111\u1ec1 ng\u1eef ph\u00e1p ti\u1ebfng Litva<\/h2>\n\n\n\n<p><a href=\"https:\/\/talkpal.ai\/learn-lithuanian\/\">H\u1ecdc ti\u1ebfng Litva<\/a> kh\u00f4ng ch\u1ec9 l\u00e0 m\u1ed9t tr\u1ea3i nghi\u1ec7m \u0111\u1ed9c \u0111\u00e1o v\u00e0 b\u1ed5 \u00edch m\u00e0 c\u00f2n m\u1edf ra m\u1ed9t th\u1ebf gi\u1edbi kh\u00e1m ph\u00e1 v\u0103n h\u00f3a ho\u00e0n to\u00e0n m\u1edbi. <a href=\"https:\/\/talkpal.ai\/learn-lithuanian\/\">Ti\u1ebfng Litva<\/a>, l\u00e0 m\u1ed9t ng\u00f4n ng\u1eef Baltic, \u0111\u00e3 gi\u1eef \u0111\u01b0\u1ee3c nhi\u1ec1u \u0111\u1eb7c \u0111i\u1ec3m c\u1ee7a c\u00e1c ng\u00f4n ng\u1eef \u1ea4n-\u00c2u c\u1ed5 \u0111\u1ea1i, khi\u1ebfn n\u00f3 tr\u1edf th\u00e0nh m\u1ed9t ng\u00f4n ng\u1eef quan tr\u1ecdng cho c\u00e1c nghi\u00ean c\u1ee9u l\u1ecbch s\u1eed v\u00e0 ng\u00f4n ng\u1eef. <a href=\"https:\/\/talkpal.ai\/vi\/ngu-phap\/\">Ng\u1eef ph\u00e1p<\/a> c\u1ee7a ti\u1ebfng Litva c\u00f3 v\u1ebb ph\u1ee9c t\u1ea1p, nh\u01b0ng chia nh\u1ecf n\u00f3 th\u00e0nh c\u00e1c ch\u1ee7 \u0111\u1ec1 nh\u1ecf h\u01a1n v\u00e0 h\u1ecdc ch\u00fang theo tr\u00ecnh t\u1ef1 h\u1ee3p l\u00fd s\u1ebd gi\u00fap h\u00e0nh tr\u00ecnh c\u1ee7a b\u1ea1n su\u00f4n s\u1ebb v\u00e0 th\u00fa v\u1ecb h\u01a1n. Trong h\u01b0\u1edbng d\u1eabn n\u00e0y, ch\u00fang t\u00f4i s\u1ebd tr\u00ecnh b\u00e0y c\u00e1c ch\u1ee7 \u0111\u1ec1 ng\u1eef ph\u00e1p ti\u1ebfng Litva theo th\u1ee9 t\u1ef1 b\u1ea1n n\u00ean h\u1ecdc, cung c\u1ea5p m\u1ed9t c\u00e1i nh\u00ecn t\u1ed5ng quan ng\u1eafn g\u1ecdn <a href=\"https:\/\/talkpal.ai\/vi\/ve\/\">v\u1ec1<\/a> t\u1eebng ch\u1ee7 \u0111\u1ec1.<\/p>\n\n\n\n<h3 class=\"wp-block-heading\" id=\"h-1-nouns\">1. Danh t\u1eeb:<\/h3>\n\n\n\n<p>Danh t\u1eeb t\u1ea1o th\u00e0nh x\u01b0\u01a1ng s\u1ed1ng c\u1ee7a h\u1ea7u h\u1ebft c\u00e1c c\u00e2u, v\u00ec v\u1eady h\u00e3y b\u1eaft \u0111\u1ea7u b\u1eb1ng c\u00e1ch h\u1ecdc h\u1ec7 th\u1ed1ng bi\u1ebfn d\u1ea1ng danh t\u1eeb trong ti\u1ebfng Litva. C\u00f3 n\u0103m bi\u1ebfn d\u1ea1ng danh t\u1eeb, m\u1ed7i d\u1ea1ng c\u00f3 b\u1ed9 k\u1ebft th\u00fac ri\u00eang cho c\u00e1c d\u1ea1ng s\u1ed1 \u00edt v\u00e0 s\u1ed1 nhi\u1ec1u. H\u00e3y ch\u00fa \u00fd \u0111\u1ebfn gi\u1edbi t\u00ednh c\u1ee7a danh t\u1eeb, v\u00ec \u0111i\u1ec1u n\u00e0y s\u1ebd \u1ea3nh h\u01b0\u1edfng \u0111\u1ebfn c\u00e1c k\u1ebft th\u00fac \u0111\u01b0\u1ee3c s\u1eed d\u1ee5ng trong s\u1ef1 bi\u1ebfn d\u1ea1ng.<\/p>\n\n\n\n<h3 class=\"wp-block-heading\" id=\"h-2-articles\">2. B\u00e0i vi\u1ebft:<\/h3>\n\n\n\n<p>Kh\u00f4ng gi\u1ed1ng nh\u01b0 <a href=\"https:\/\/talkpal.ai\/top-trang-web-luyen-noi-tieng-anh-hieu-qua-nhat-2024\/\">ti\u1ebfng Anh<\/a>, ti\u1ebfng Litva kh\u00f4ng c\u00f3 m\u1ea1o t\u1eeb x\u00e1c \u0111\u1ecbnh ho\u1eb7c kh\u00f4ng x\u00e1c \u0111\u1ecbnh, v\u00ec v\u1eady b\u1ea1n s\u1ebd c\u00f3 \u00edt m\u1ed9t th\u00e0nh ph\u1ea7n ng\u1eef ph\u00e1p h\u01a1n \u0111\u1ec3 lo l\u1eafng!<\/p>\n\n\n\n<h3 class=\"wp-block-heading\" id=\"h-3-adjectives\">3. T\u00ednh t\u1eeb:<\/h3>\n\n\n\n<p>T\u00ednh t\u1eeb \u0111\u1ed3ng \u00fd v\u1edbi danh t\u1eeb v\u1ec1 gi\u1edbi t\u00ednh, tr\u01b0\u1eddng h\u1ee3p v\u00e0 s\u1ed1. T\u00ecm hi\u1ec3u c\u00e1c k\u1ebft th\u00fac t\u00ednh t\u1eeb kh\u00e1c nhau v\u00e0 c\u00e1ch ch\u00fang thay \u0111\u1ed5i t\u00f9y thu\u1ed9c v\u00e0o danh t\u1eeb m\u00e0 ch\u00fang s\u1eeda \u0111\u1ed5i.<\/p>\n\n\n\n<h3 class=\"wp-block-heading\" id=\"h-4-pronouns-determiners\">4. \u0110\u1ea1i t\u1eeb\/T\u1eeb \u0111\u1ecbnh \u0111\u1ecbnh:<\/h3>\n\n\n\n<p>Nh\u01b0 trong c\u00e1c ng\u00f4n ng\u1eef kh\u00e1c, \u0111\u1ea1i t\u1eeb v\u00e0 t\u1eeb x\u00e1c \u0111\u1ecbnh gi\u00fap cung c\u1ea5p s\u1ef1 r\u00f5 r\u00e0ng v\u00e0 c\u1ee5 th\u1ec3 trong c\u00e2u. T\u00ecm hi\u1ec3u c\u00e1c lo\u1ea1i \u0111\u1ea1i t\u1eeb v\u00e0 t\u1eeb quy\u1ebft \u0111\u1ecbnh kh\u00e1c nhau, c\u0169ng nh\u01b0 c\u00e1c h\u00ecnh th\u1ee9c v\u00e0 c\u00e1ch s\u1eed d\u1ee5ng kh\u00e1c nhau c\u1ee7a ch\u00fang trong ti\u1ebfng Litva.<\/p>\n\n\n\n<h3 class=\"wp-block-heading\" id=\"h-5-verbs\">5. \u0110\u1ed9ng t\u1eeb:<\/h3>\n\n\n\n<p>\u0110\u1ed9ng t\u1eeb r\u1ea5t c\u1ea7n thi\u1ebft \u0111\u1ec3 truy\u1ec1n \u0111\u1ea1t h\u00e0nh \u0111\u1ed9ng v\u00e0 tr\u1ea1ng th\u00e1i t\u1ed3n t\u1ea1i. B\u1eaft \u0111\u1ea7u v\u1edbi th\u00ec hi\u1ec7n t\u1ea1i, v\u00e0 sau \u0111\u00f3 chuy\u1ec3n sang th\u00ec qu\u00e1 kh\u1ee9 v\u00e0 t\u01b0\u01a1ng lai. Ch\u00fa \u00fd \u0111\u1ebfn c\u00e1c m\u1eabu chia \u0111\u1ed9ng, c\u0169ng nh\u01b0 c\u00e1c \u0111\u1ed9ng t\u1eeb b\u1ea5t quy t\u1eafc.<\/p>\n\n\n\n<h3 class=\"wp-block-heading\" id=\"h-6-tense-comparison\">6. So s\u00e1nh c\u0103ng th\u1eb3ng:<\/h3>\n\n\n\n<p>Sau khi n\u1eafm v\u1eefng c\u00e1c th\u00ec c\u01a1 b\u1ea3n, h\u00e3y h\u1ecdc c\u00e1ch so s\u00e1nh ch\u00fang v\u00e0 hi\u1ec3u c\u00e1c s\u1eafc th\u00e1i c\u00e1ch s\u1eed d\u1ee5ng ch\u00fang. \u0110i\u1ec1u n\u00e0y bao g\u1ed3m vi\u1ec7c hi\u1ec3u s\u1ef1 kh\u00e1c bi\u1ec7t gi\u1eefa th\u00ec \u0111\u01a1n gi\u1ea3n v\u00e0 th\u00ec gh\u00e9p, c\u0169ng nh\u01b0 th\u00ec ti\u1ebfn b\u1ed9 ho\u00e0n h\u1ea3o.<\/p>\n\n\n\n<h3 class=\"wp-block-heading\" id=\"h-7-progressive-and-perfect-progressive\">7. Ti\u1ebfn b\u1ed9 v\u00e0 Ti\u1ebfn b\u1ed9 ho\u00e0n h\u1ea3o:<\/h3>\n\n\n\n<p>Ti\u1ebfng Litva kh\u00f4ng c\u00f3 c\u00e1c h\u00ecnh th\u1ee9c ti\u1ebfn b\u1ed9 c\u1ee5 th\u1ec3 nh\u01b0 ti\u1ebfng Anh, nh\u01b0ng b\u1ea1n c\u00f3 th\u1ec3 th\u1ec3 hi\u1ec7n c\u00e1c h\u00e0nh \u0111\u1ed9ng \u0111ang di\u1ec5n ra v\u00e0 ho\u00e0n th\u00e0nh b\u1eb1ng c\u00e1ch s\u1eed d\u1ee5ng c\u00e1c c\u1ea5u tr\u00fac c\u1ee5 th\u1ec3. T\u00ecm hi\u1ec3u c\u00e1c c\u1ea5u tr\u00fac n\u00e0y v\u00e0 c\u00e1ch s\u1eed d\u1ee5ng ch\u00fang m\u1ed9t c\u00e1ch hi\u1ec7u qu\u1ea3.<\/p>\n\n\n\n<h3 class=\"wp-block-heading\" id=\"h-8-adverbs\">8. Tr\u1ea1ng t\u1eeb:<\/h3>\n\n\n\n<p>T\u00ednh t\u1eeb s\u1eeda \u0111\u1ed5i danh t\u1eeb, trong khi tr\u1ea1ng t\u1eeb s\u1eeda \u0111\u1ed5i \u0111\u1ed9ng t\u1eeb, t\u00ednh t\u1eeb ho\u1eb7c tr\u1ea1ng t\u1eeb kh\u00e1c. T\u00ecm hi\u1ec3u c\u00e1c lo\u1ea1i tr\u1ea1ng t\u1eeb kh\u00e1c nhau v\u00e0 v\u1ecb tr\u00ed c\u1ee7a ch\u00fang trong c\u00e2u.<\/p>\n\n\n\n<h3 class=\"wp-block-heading\" id=\"h-9-prepositions\">9. Gi\u1edbi t\u1eeb:<\/h3>\n\n\n\n<p>Gi\u1edbi t\u1eeb cho th\u1ea5y m\u1ed1i quan h\u1ec7 gi\u1eefa c\u00e1c t\u1eeb trong c\u00e2u. T\u00ecm hi\u1ec3u c\u00e1c gi\u1edbi t\u1eeb kh\u00e1c nhau v\u00e0 c\u00e1ch s\u1eed d\u1ee5ng ch\u00fang trong c\u00e1c ng\u1eef c\u1ea3nh kh\u00e1c nhau.<\/p>\n\n\n\n<h3 class=\"wp-block-heading\" id=\"h-10-conditionals\">10. \u0110i\u1ec1u ki\u1ec7n:<\/h3>\n\n\n\n<p>\u0110i\u1ec1u ki\u1ec7n th\u1ec3 hi\u1ec7n c\u00e1c t\u00ecnh hu\u1ed1ng gi\u1ea3 \u0111\u1ecbnh ho\u1eb7c kh\u00f4ng th\u1ef1c. T\u00ecm hi\u1ec3u c\u00e1c lo\u1ea1i \u0111i\u1ec1u ki\u1ec7n kh\u00e1c nhau v\u00e0 c\u1ea5u tr\u00fac t\u01b0\u01a1ng \u1ee9ng c\u1ee7a ch\u00fang b\u1eb1ng ti\u1ebfng Litva.<\/p>\n\n\n\n<h3 class=\"wp-block-heading\" id=\"h-11-sentences\">11. C\u00e2u:<\/h3>\n\n\n\n<p>Cu\u1ed1i c\u00f9ng, k\u1ebft h\u1ee3p m\u1ecdi th\u1ee9 l\u1ea1i v\u1edbi nhau b\u1eb1ng c\u00e1ch t\u00ecm hi\u1ec3u v\u1ec1 c\u1ea5u tr\u00fac c\u00e2u b\u1eb1ng ti\u1ebfng Litva. Hi\u1ec3u th\u1ee9 t\u1ef1 t\u1eeb c\u01a1 b\u1ea3n v\u00e0 c\u00e1ch n\u00f3 c\u00f3 th\u1ec3 \u0111\u01b0\u1ee3c \u0111i\u1ec1u ch\u1ec9nh \u0111\u1ec3 nh\u1ea5n m\u1ea1nh ho\u1eb7c r\u00f5 r\u00e0ng. Th\u1ef1c h\u00e0nh t\u1ea1o c\u00e2u b\u1eb1ng c\u00e1ch s\u1eed d\u1ee5ng t\u1ea5t c\u1ea3 c\u00e1c th\u00e0nh ph\u1ea7n ng\u1eef ph\u00e1p m\u00e0 b\u1ea1n \u0111\u00e3 h\u1ecdc cho \u0111\u1ebfn nay.<\/p>\n\n\n\n<p>B\u1eb1ng c\u00e1ch l\u00e0m theo chu\u1ed7i ch\u1ee7 \u0111\u1ec1 n\u00e0y, b\u1ea1n s\u1ebd ph\u00e1t tri\u1ec3n s\u1ef1 hi\u1ec3u bi\u1ebft v\u1eefng ch\u1eafc v\u1ec1 ng\u1eef ph\u00e1p ti\u1ebfng Litva v\u00e0 tr\u00ean con \u0111\u01b0\u1eddng th\u00f4ng th\u1ea1o ng\u00f4n ng\u1eef n\u00e0y.<\/p>\n<\/div><\/div>\n\r\n<section class=\"learnNavigationSection\">\r\n            \r\n        <a href=\"https:\/\/talkpal.ai\/vi\/hoc-tieng-litva\/\">\r\n            <div class=\"learnNavigationWrapper\">\r\n                <div class=\"learnNavigationContent\">\r\n                    <img decoding=\"async\" src=\"https:\/\/talkpal.ai\/wp-content\/uploads\/2024\/08\/Lithuanian.jpg\" alt=\"Lithuanian Flag\">\r\n                    <div>\r\n                        <h4>Gi\u1edbi thi\u1ec7u v\u1ec1 H\u1ecdc t\u1eadp ti\u1ebfng Lithuania<\/h4>\r\n                        <p>T\u00ecm hi\u1ec3u t\u1ea5t c\u1ea3 v\u1ec1 ng\u1eef ph\u00e1p ti\u1ebfng Litva.<\/p>\r\n                    <\/div>\r\n                <\/div>\r\n            <\/div>\r\n        <\/a>\r\n\r\n        \r\n        <a href=\"https:\/\/talkpal.ai\/vi\/ngu-phap-tieng-litva\/\">\r\n            <div class=\"learnNavigationWrapper\">\r\n                <div class=\"learnNavigationContent\">\r\n                    <img decoding=\"async\" src=\"https:\/\/talkpal.ai\/wp-content\/uploads\/2024\/08\/Lithuanian.jpg\" alt=\"Lithuanian Flag\">\r\n                    <div>\r\n                        <h4>B\u00e0i h\u1ecdc ng\u1eef ph\u00e1p ti\u1ebfng Litva<\/h4>\r\n                        <p>Th\u1ef1c h\u00e0nh ng\u1eef ph\u00e1p ti\u1ebfng Litva.<\/p>\r\n                    <\/div>\r\n                <\/div>\r\n            <\/div>\r\n        <\/a>\r\n\r\n        \r\n        <a href=\"https:\/\/talkpal.ai\/vocabulary_language\/lithuanian\/\">\r\n            <div class=\"learnNavigationWrapper\">\r\n                <div class=\"learnNavigationContent\">\r\n                    <img decoding=\"async\" src=\"https:\/\/talkpal.ai\/wp-content\/uploads\/2024\/08\/Lithuanian.jpg\" alt=\"Lithuanian Flag\">\r\n                    <div>\r\n                        <h4>T\u1eeb v\u1ef1ng ti\u1ebfng Litva<\/h4>\r\n                        <p>M\u1edf r\u1ed9ng v\u1ed1n t\u1eeb v\u1ef1ng ti\u1ebfng Litva c\u1ee7a b\u1ea1n.<\/p>\r\n                    <\/div>\r\n                <\/div>\r\n            <\/div>\r\n        <\/a>\r\n\r\n            <\/section>","protected":false},"excerpt":{"rendered":"<p>Ch\u1ee7 \u0111\u1ec1 ng\u1eef ph\u00e1p ti\u1ebfng Litva H\u1ecdc ti\u1ebfng Litva kh\u00f4ng ch\u1ec9 l\u00e0 m\u1ed9t tr\u1ea3i nghi\u1ec7m \u0111\u1ed9c \u0111\u00e1o v\u00e0 b\u1ed5 \u00edch m\u00e0 c\u00f2n m\u1edf ra m\u1ed9t th\u1ebf gi\u1edbi kh\u00e1m ph\u00e1 v\u0103n h\u00f3a ho\u00e0n to\u00e0n m\u1edbi. Ti\u1ebfng Litva, l\u00e0 m\u1ed9t ng\u00f4n ng\u1eef Baltic, \u0111\u00e3 gi\u1eef \u0111\u01b0\u1ee3c nhi\u1ec1u \u0111\u1eb7c \u0111i\u1ec3m c\u1ee7a c\u00e1c ng\u00f4n ng\u1eef \u1ea4n-\u00c2u c\u1ed5 \u0111\u1ea1i, khi\u1ebfn [&hellip;]<\/p>\n","protected":false},"author":6,"featured_media":1443812,"parent":0,"menu_order":0,"comment_status":"closed","ping_status":"closed","template":"LearningContentPage.php","meta":{"_acf_changed":false,"footnotes":""},"class_list":["post-1447734","page","type-page","status-publish","has-post-thumbnail","hentry"],"acf":[],"yoast_head":"<!-- This site is optimized with the Yoast SEO Premium plugin v27.2 (Yoast SEO v27.2) - https:\/\/yoast.com\/product\/yoast-seo-premium-wordpress\/ -->\n<title>B\u00e0i t\u1eadp ng\u1eef ph\u00e1p ti\u1ebfng Litva - Talkpal<\/title>\n<meta name=\"description\" content=\"N\u1eafm v\u1eefng s\u1ef1 ph\u1ee9c t\u1ea1p c\u1ee7a ng\u00f4n ng\u1eef v\u1edbi c\u00e1c B\u00e0i t\u1eadp ng\u1eef ph\u00e1p ti\u1ebfng Litva h\u1ea5p d\u1eabn gi\u00fap n\u00e2ng cao tr\u00ecnh \u0111\u1ed9 c\u1ee7a b\u1ea1n.\" \/>\n<meta name=\"robots\" content=\"index, follow, max-snippet:-1, max-image-preview:large, max-video-preview:-1\" \/>\n<link rel=\"canonical\" href=\"https:\/\/talkpal.ai\/vi\/bai-tap-ngu-phap-tieng-litva\/\" \/>\n<meta property=\"og:locale\" content=\"vi_VN\" \/>\n<meta property=\"og:type\" content=\"article\" \/>\n<meta property=\"og:title\" content=\"B\u00e0i t\u1eadp ng\u1eef ph\u00e1p ti\u1ebfng Litva\" \/>\n<meta property=\"og:description\" content=\"Ch\u1ee7 \u0111\u1ec1 ng\u1eef ph\u00e1p ti\u1ebfng Litva H\u1ecdc ti\u1ebfng Litva kh\u00f4ng ch\u1ec9 l\u00e0 m\u1ed9t tr\u1ea3i nghi\u1ec7m \u0111\u1ed9c \u0111\u00e1o v\u00e0 b\u1ed5 \u00edch m\u00e0 c\u00f2n m\u1edf ra m\u1ed9t th\u1ebf gi\u1edbi kh\u00e1m ph\u00e1 v\u0103n h\u00f3a ho\u00e0n to\u00e0n m\u1edbi. Ti\u1ebfng\" \/>\n<meta property=\"og:url\" content=\"https:\/\/talkpal.ai\/vi\/bai-tap-ngu-phap-tieng-litva\/\" \/>\n<meta property=\"og:site_name\" content=\"Talkpal\" \/>\n<meta property=\"article:publisher\" content=\"https:\/\/www.facebook.com\/profile.php?id=100090733639311\" \/>\n<meta property=\"article:modified_time\" content=\"2025-12-17T15:52:16+00:00\" \/>\n<meta property=\"og:image\" content=\"https:\/\/talkpal.ai\/wp-content\/uploads\/2023\/05\/Lithuanian.png\" \/>\n\t<meta property=\"og:image:width\" content=\"512\" \/>\n\t<meta property=\"og:image:height\" content=\"512\" \/>\n\t<meta property=\"og:image:type\" content=\"image\/png\" \/>\n<meta name=\"twitter:card\" content=\"summary_large_image\" \/>\n<meta name=\"twitter:site\" content=\"@talkpalai\" \/>\n<meta name=\"twitter:label1\" content=\"Est. reading time\" \/>\n\t<meta name=\"twitter:data1\" content=\"5 minutes\" \/>\n<script type=\"application\/ld+json\" class=\"yoast-schema-graph\">{\"@context\":\"https:\/\/schema.org\",\"@graph\":[{\"@type\":\"WebPage\",\"@id\":\"https:\/\/talkpal.ai\/vi\/bai-tap-ngu-phap-tieng-litva\/\",\"url\":\"https:\/\/talkpal.ai\/vi\/bai-tap-ngu-phap-tieng-litva\/\",\"name\":\"B\u00e0i t\u1eadp ng\u1eef ph\u00e1p ti\u1ebfng Litva - Talkpal\",\"isPartOf\":{\"@id\":\"https:\/\/talkpal.ai\/vi\/#website\"},\"primaryImageOfPage\":{\"@id\":\"https:\/\/talkpal.ai\/vi\/bai-tap-ngu-phap-tieng-litva\/#primaryimage\"},\"image\":{\"@id\":\"https:\/\/talkpal.ai\/vi\/bai-tap-ngu-phap-tieng-litva\/#primaryimage\"},\"thumbnailUrl\":\"https:\/\/talkpal.ai\/wp-content\/uploads\/2023\/05\/Lithuanian.png\",\"datePublished\":\"2023-06-22T08:12:52+00:00\",\"dateModified\":\"2025-12-17T15:52:16+00:00\",\"description\":\"N\u1eafm v\u1eefng s\u1ef1 ph\u1ee9c t\u1ea1p c\u1ee7a ng\u00f4n ng\u1eef v\u1edbi c\u00e1c B\u00e0i t\u1eadp ng\u1eef ph\u00e1p ti\u1ebfng Litva h\u1ea5p d\u1eabn gi\u00fap n\u00e2ng cao tr\u00ecnh \u0111\u1ed9 c\u1ee7a b\u1ea1n.\",\"breadcrumb\":{\"@id\":\"https:\/\/talkpal.ai\/vi\/bai-tap-ngu-phap-tieng-litva\/#breadcrumb\"},\"inLanguage\":\"vi-VN\",\"potentialAction\":[{\"@type\":\"ReadAction\",\"target\":[\"https:\/\/talkpal.ai\/vi\/bai-tap-ngu-phap-tieng-litva\/\"]}]},{\"@type\":\"ImageObject\",\"inLanguage\":\"vi-VN\",\"@id\":\"https:\/\/talkpal.ai\/vi\/bai-tap-ngu-phap-tieng-litva\/#primaryimage\",\"url\":\"https:\/\/talkpal.ai\/wp-content\/uploads\/2023\/05\/Lithuanian.png\",\"contentUrl\":\"https:\/\/talkpal.ai\/wp-content\/uploads\/2023\/05\/Lithuanian.png\",\"width\":512,\"height\":512,\"caption\":\"TalkPal Lithuanian Flag\"},{\"@type\":\"BreadcrumbList\",\"@id\":\"https:\/\/talkpal.ai\/vi\/bai-tap-ngu-phap-tieng-litva\/#breadcrumb\",\"itemListElement\":[{\"@type\":\"ListItem\",\"position\":1,\"name\":\"Homepage\",\"item\":\"https:\/\/talkpal.ai\/vi\/giao-vien-ngon-ngu-ai-3\/\"},{\"@type\":\"ListItem\",\"position\":2,\"name\":\"B\u00e0i t\u1eadp ng\u1eef ph\u00e1p ti\u1ebfng Litva\"}]},{\"@type\":\"WebSite\",\"@id\":\"https:\/\/talkpal.ai\/vi\/#website\",\"url\":\"https:\/\/talkpal.ai\/vi\/\",\"name\":\"Talkpal\",\"description\":\"AI Language Learning\",\"publisher\":{\"@id\":\"https:\/\/talkpal.ai\/vi\/#organization\"},\"alternateName\":\"Talkpal AI\",\"potentialAction\":[{\"@type\":\"SearchAction\",\"target\":{\"@type\":\"EntryPoint\",\"urlTemplate\":\"https:\/\/talkpal.ai\/vi\/?s={search_term_string}\"},\"query-input\":{\"@type\":\"PropertyValueSpecification\",\"valueRequired\":true,\"valueName\":\"search_term_string\"}}],\"inLanguage\":\"vi-VN\"},{\"@type\":\"Organization\",\"@id\":\"https:\/\/talkpal.ai\/vi\/#organization\",\"name\":\"Talkpal, Inc.\",\"alternateName\":\"Talkpal AI\",\"url\":\"https:\/\/talkpal.ai\/vi\/\",\"logo\":{\"@type\":\"ImageObject\",\"inLanguage\":\"vi-VN\",\"@id\":\"https:\/\/talkpal.ai\/vi\/#\/schema\/logo\/image\/\",\"url\":\"https:\/\/talkpal.ai\/wp-content\/uploads\/2024\/03\/Talkpal-Logo-Icon.png\",\"contentUrl\":\"https:\/\/talkpal.ai\/wp-content\/uploads\/2024\/03\/Talkpal-Logo-Icon.png\",\"width\":2880,\"height\":2880,\"caption\":\"Talkpal, Inc.\"},\"image\":{\"@id\":\"https:\/\/talkpal.ai\/vi\/#\/schema\/logo\/image\/\"},\"sameAs\":[\"https:\/\/www.facebook.com\/profile.php?id=100090733639311\",\"https:\/\/x.com\/talkpalai\",\"https:\/\/www.linkedin.com\/company\/talkpal\/\",\"https:\/\/www.youtube.com\/@TalkPal\/\",\"https:\/\/www.tiktok.com\/@talkpal\",\"https:\/\/www.instagram.com\/talkpal_ai\/\",\"https:\/\/www.crunchbase.com\/organization\/talkpal-9cde\",\"https:\/\/www.g2.com\/products\/talkpal-for-business\/\",\"https:\/\/www.trustpilot.com\/review\/talkpal.ai\",\"https:\/\/www.capterra.com\/p\/10006800\/TalkPal\/\"],\"description\":\"Talkpal is a language learning web and mobile education app, powered by the latest AI technologies, that provides engaging experiences to its customers in many different languages to help them improve their language skills. Users can chat about unlimited amount of topics with the app and use other modes to practice their language learning.\",\"email\":\"support@talkpal.ai\",\"legalName\":\"Talkpal, Inc.\",\"foundingDate\":\"2023-04-03\",\"duns\":\"118989042\",\"numberOfEmployees\":{\"@type\":\"QuantitativeValue\",\"minValue\":\"11\",\"maxValue\":\"50\"},\"publishingPrinciples\":\"https:\/\/talkpal.ai\/publishing-principles\/\",\"actionableFeedbackPolicy\":\"https:\/\/talkpal.ai\/actionable-feedback-policy\/\",\"correctionsPolicy\":\"https:\/\/talkpal.ai\/corrections-policy\/\",\"ethicsPolicy\":\"https:\/\/talkpal.ai\/ethics-policy\/\",\"diversityPolicy\":\"https:\/\/talkpal.ai\/diversity-policy\/\",\"diversityStaffingReport\":\"https:\/\/talkpal.ai\/diversity-policy\/\"}]}<\/script>\n<!-- \/ Yoast SEO Premium plugin. -->","yoast_head_json":{"title":"B\u00e0i t\u1eadp ng\u1eef ph\u00e1p ti\u1ebfng Litva - Talkpal","description":"N\u1eafm v\u1eefng s\u1ef1 ph\u1ee9c t\u1ea1p c\u1ee7a ng\u00f4n ng\u1eef v\u1edbi c\u00e1c B\u00e0i t\u1eadp ng\u1eef ph\u00e1p ti\u1ebfng Litva h\u1ea5p d\u1eabn gi\u00fap n\u00e2ng cao tr\u00ecnh \u0111\u1ed9 c\u1ee7a b\u1ea1n.","robots":{"index":"index","follow":"follow","max-snippet":"max-snippet:-1","max-image-preview":"max-image-preview:large","max-video-preview":"max-video-preview:-1"},"canonical":"https:\/\/talkpal.ai\/vi\/bai-tap-ngu-phap-tieng-litva\/","og_locale":"vi_VN","og_type":"article","og_title":"B\u00e0i t\u1eadp ng\u1eef ph\u00e1p ti\u1ebfng Litva","og_description":"Ch\u1ee7 \u0111\u1ec1 ng\u1eef ph\u00e1p ti\u1ebfng Litva H\u1ecdc ti\u1ebfng Litva kh\u00f4ng ch\u1ec9 l\u00e0 m\u1ed9t tr\u1ea3i nghi\u1ec7m \u0111\u1ed9c \u0111\u00e1o v\u00e0 b\u1ed5 \u00edch m\u00e0 c\u00f2n m\u1edf ra m\u1ed9t th\u1ebf gi\u1edbi kh\u00e1m ph\u00e1 v\u0103n h\u00f3a ho\u00e0n to\u00e0n m\u1edbi. Ti\u1ebfng","og_url":"https:\/\/talkpal.ai\/vi\/bai-tap-ngu-phap-tieng-litva\/","og_site_name":"Talkpal","article_publisher":"https:\/\/www.facebook.com\/profile.php?id=100090733639311","article_modified_time":"2025-12-17T15:52:16+00:00","og_image":[{"width":512,"height":512,"url":"https:\/\/talkpal.ai\/wp-content\/uploads\/2023\/05\/Lithuanian.png","type":"image\/png"}],"twitter_card":"summary_large_image","twitter_site":"@talkpalai","twitter_misc":{"Est. reading time":"5 minutes"},"schema":{"@context":"https:\/\/schema.org","@graph":[{"@type":"WebPage","@id":"https:\/\/talkpal.ai\/vi\/bai-tap-ngu-phap-tieng-litva\/","url":"https:\/\/talkpal.ai\/vi\/bai-tap-ngu-phap-tieng-litva\/","name":"B\u00e0i t\u1eadp ng\u1eef ph\u00e1p ti\u1ebfng Litva - Talkpal","isPartOf":{"@id":"https:\/\/talkpal.ai\/vi\/#website"},"primaryImageOfPage":{"@id":"https:\/\/talkpal.ai\/vi\/bai-tap-ngu-phap-tieng-litva\/#primaryimage"},"image":{"@id":"https:\/\/talkpal.ai\/vi\/bai-tap-ngu-phap-tieng-litva\/#primaryimage"},"thumbnailUrl":"https:\/\/talkpal.ai\/wp-content\/uploads\/2023\/05\/Lithuanian.png","datePublished":"2023-06-22T08:12:52+00:00","dateModified":"2025-12-17T15:52:16+00:00","description":"N\u1eafm v\u1eefng s\u1ef1 ph\u1ee9c t\u1ea1p c\u1ee7a ng\u00f4n ng\u1eef v\u1edbi c\u00e1c B\u00e0i t\u1eadp ng\u1eef ph\u00e1p ti\u1ebfng Litva h\u1ea5p d\u1eabn gi\u00fap n\u00e2ng cao tr\u00ecnh \u0111\u1ed9 c\u1ee7a b\u1ea1n.","breadcrumb":{"@id":"https:\/\/talkpal.ai\/vi\/bai-tap-ngu-phap-tieng-litva\/#breadcrumb"},"inLanguage":"vi-VN","potentialAction":[{"@type":"ReadAction","target":["https:\/\/talkpal.ai\/vi\/bai-tap-ngu-phap-tieng-litva\/"]}]},{"@type":"ImageObject","inLanguage":"vi-VN","@id":"https:\/\/talkpal.ai\/vi\/bai-tap-ngu-phap-tieng-litva\/#primaryimage","url":"https:\/\/talkpal.ai\/wp-content\/uploads\/2023\/05\/Lithuanian.png","contentUrl":"https:\/\/talkpal.ai\/wp-content\/uploads\/2023\/05\/Lithuanian.png","width":512,"height":512,"caption":"TalkPal Lithuanian Flag"},{"@type":"BreadcrumbList","@id":"https:\/\/talkpal.ai\/vi\/bai-tap-ngu-phap-tieng-litva\/#breadcrumb","itemListElement":[{"@type":"ListItem","position":1,"name":"Homepage","item":"https:\/\/talkpal.ai\/vi\/giao-vien-ngon-ngu-ai-3\/"},{"@type":"ListItem","position":2,"name":"B\u00e0i t\u1eadp ng\u1eef ph\u00e1p ti\u1ebfng Litva"}]},{"@type":"WebSite","@id":"https:\/\/talkpal.ai\/vi\/#website","url":"https:\/\/talkpal.ai\/vi\/","name":"Talkpal","description":"AI Language Learning","publisher":{"@id":"https:\/\/talkpal.ai\/vi\/#organization"},"alternateName":"Talkpal AI","potentialAction":[{"@type":"SearchAction","target":{"@type":"EntryPoint","urlTemplate":"https:\/\/talkpal.ai\/vi\/?s={search_term_string}"},"query-input":{"@type":"PropertyValueSpecification","valueRequired":true,"valueName":"search_term_string"}}],"inLanguage":"vi-VN"},{"@type":"Organization","@id":"https:\/\/talkpal.ai\/vi\/#organization","name":"Talkpal, Inc.","alternateName":"Talkpal AI","url":"https:\/\/talkpal.ai\/vi\/","logo":{"@type":"ImageObject","inLanguage":"vi-VN","@id":"https:\/\/talkpal.ai\/vi\/#\/schema\/logo\/image\/","url":"https:\/\/talkpal.ai\/wp-content\/uploads\/2024\/03\/Talkpal-Logo-Icon.png","contentUrl":"https:\/\/talkpal.ai\/wp-content\/uploads\/2024\/03\/Talkpal-Logo-Icon.png","width":2880,"height":2880,"caption":"Talkpal, Inc."},"image":{"@id":"https:\/\/talkpal.ai\/vi\/#\/schema\/logo\/image\/"},"sameAs":["https:\/\/www.facebook.com\/profile.php?id=100090733639311","https:\/\/x.com\/talkpalai","https:\/\/www.linkedin.com\/company\/talkpal\/","https:\/\/www.youtube.com\/@TalkPal\/","https:\/\/www.tiktok.com\/@talkpal","https:\/\/www.instagram.com\/talkpal_ai\/","https:\/\/www.crunchbase.com\/organization\/talkpal-9cde","https:\/\/www.g2.com\/products\/talkpal-for-business\/","https:\/\/www.trustpilot.com\/review\/talkpal.ai","https:\/\/www.capterra.com\/p\/10006800\/TalkPal\/"],"description":"Talkpal is a language learning web and mobile education app, powered by the latest AI technologies, that provides engaging experiences to its customers in many different languages to help them improve their language skills. Users can chat about unlimited amount of topics with the app and use other modes to practice their language learning.","email":"support@talkpal.ai","legalName":"Talkpal, Inc.","foundingDate":"2023-04-03","duns":"118989042","numberOfEmployees":{"@type":"QuantitativeValue","minValue":"11","maxValue":"50"},"publishingPrinciples":"https:\/\/talkpal.ai\/publishing-principles\/","actionableFeedbackPolicy":"https:\/\/talkpal.ai\/actionable-feedback-policy\/","correctionsPolicy":"https:\/\/talkpal.ai\/corrections-policy\/","ethicsPolicy":"https:\/\/talkpal.ai\/ethics-policy\/","diversityPolicy":"https:\/\/talkpal.ai\/diversity-policy\/","diversityStaffingReport":"https:\/\/talkpal.ai\/diversity-policy\/"}]}},"_links":{"self":[{"href":"https:\/\/talkpal.ai\/vi\/wp-json\/wp\/v2\/pages\/1447734","targetHints":{"allow":["GET"]}}],"collection":[{"href":"https:\/\/talkpal.ai\/vi\/wp-json\/wp\/v2\/pages"}],"about":[{"href":"https:\/\/talkpal.ai\/vi\/wp-json\/wp\/v2\/types\/page"}],"author":[{"embeddable":true,"href":"https:\/\/talkpal.ai\/vi\/wp-json\/wp\/v2\/users\/6"}],"replies":[{"embeddable":true,"href":"https:\/\/talkpal.ai\/vi\/wp-json\/wp\/v2\/comments?post=1447734"}],"version-history":[{"count":0,"href":"https:\/\/talkpal.ai\/vi\/wp-json\/wp\/v2\/pages\/1447734\/revisions"}],"wp:featuredmedia":[{"embeddable":true,"href":"https:\/\/talkpal.ai\/vi\/wp-json\/wp\/v2\/media\/1443812"}],"wp:attachment":[{"href":"https:\/\/talkpal.ai\/vi\/wp-json\/wp\/v2\/media?parent=1447734"}],"curies":[{"name":"wp","href":"https:\/\/api.w.org\/{rel}","templated":true}]}}