{"id":1447718,"date":"2023-06-22T08:24:14","date_gmt":"2023-06-22T08:24:14","guid":{"rendered":"https:\/\/talkpal.ai\/bai-tap-ngu-phap-tieng-macedonia\/"},"modified":"2025-12-17T15:54:57","modified_gmt":"2025-12-17T15:54:57","slug":"bai-tap-ngu-phap-tieng-macedonia","status":"publish","type":"page","link":"https:\/\/talkpal.ai\/vi\/bai-tap-ngu-phap-tieng-macedonia\/","title":{"rendered":"B\u00e0i t\u1eadp ng\u1eef ph\u00e1p ti\u1ebfng Macedonia"},"content":{"rendered":"\r\n\r\n\r\n<section class=\"languageChallengeSection\">\r\n    <div class=\"languageInfoWrapper\">\r\n        \r\n        <h1>B\u00e0i t\u1eadp ng\u1eef ph\u00e1p ti\u1ebfng Macedonia<\/h1>\r\n        <p>T\u00ecm c\u00e1ch x\u00e2y d\u1ef1ng s\u1ef1 t\u1ef1 tin v\u00e0o ti\u1ebfng <a href=\"https:\/\/talkpal.ai\/learn-macedonian\/\">Macedonia<\/a>? Th\u1ef1c h\u00e0nh c\u00e1c b\u00e0i t\u1eadp <a href=\"https:\/\/talkpal.ai\/vi\/ngu-phap\/\">ng\u1eef ph\u00e1p<\/a> l\u00e0 m\u1ed9t c\u00e1ch tuy\u1ec7t v\u1eddi \u0111\u1ec3 hi\u1ec3u c\u1ea5u tr\u00fac c\u00e2u, d\u1ea1ng \u0111\u1ed9ng t\u1eeb v\u00e0 c\u00e1c \u0111\u1eb7c \u0111i\u1ec3m \u0111\u1ed9c \u0111\u00e1o c\u1ee7a <a href=\"https:\/\/talkpal.ai\/vi\/hoc-ngon-ngu-cho-cac-truong-ngon-ngu\/\">ng\u00f4n ng\u1eef<\/a> Macedonia. B\u1eaft \u0111\u1ea7u kh\u00e1m ph\u00e1 <a href=\"https:\/\/talkpal.ai\/macedonian-grammar\/\">ng\u1eef ph\u00e1p ti\u1ebfng Macedonia<\/a> ngay h\u00f4m nay v\u00e0 xem c\u00e1c k\u1ef9 n\u0103ng v\u00e0 s\u1ef1 l\u01b0u lo\u00e1t c\u1ee7a b\u1ea1n ph\u00e1t tri\u1ec3n sau m\u1ed7i b\u00e0i t\u1eadp!<\/p>\r\n\r\n                            <a class=\"getStartedHidden\" href=\"https:\/\/app.talkpal.ai\/vi\/signup?lng=\">B\u1eaft \u0111\u1ea7u nh\u00e9<\/a>\r\n        \r\n    <\/div>\r\n\r\n    <figure>\r\n    <img decoding=\"async\" width=\"768\" height=\"768\" src=\"https:\/\/talkpal.ai\/wp-content\/uploads\/2023\/06\/macedonian-768x768.png\" class=\"languageImage no-lazy\" alt=\"Language learning through conversational practice\" fetchpriority=\"high\" sizes=\"(max-width: 768px) 150px, 768px\" srcset=\"https:\/\/talkpal.ai\/wp-content\/uploads\/2023\/06\/macedonian-768x768.png 768w, https:\/\/talkpal.ai\/wp-content\/uploads\/2023\/06\/macedonian-300x300.png 300w\" \/>\r\n    \r\n\r\n    <\/figure>\r\n\r\n            <a class=\"getStartedVisible\" href=\"https:\/\/app.talkpal.ai\/vi\/signup?lng=\">B\u1eaft \u0111\u1ea7u nh\u00e9<\/a>\r\n    \r\n<\/section>\r\n\r\n\r\n<!-- <section class=\"grammarSection\">\r\n    <div class=\"grammarLinks\">\r\n            <\/div>\r\n<\/section> -->\r\n\r\n\r\n\r\n\r\n<section class=\"promotionalBanner\">\r\n    <p class=\"promotionalText\">C\u00e1ch hi\u1ec7u qu\u1ea3 nh\u1ea5t \u0111\u1ec3 h\u1ecdc m\u1ed9t ng\u00f4n ng\u1eef<\/p>\r\n    <a class=\"promotionalLink\" href=\"https:\/\/app.talkpal.ai\/vi\/signup?lng=\">D\u00f9ng th\u1eed Talkpal mi\u1ec5n ph\u00ed<\/a>\r\n<\/section>\n<div class=\"wp-block-group pageContainerStyle\"><div class=\"wp-block-group__inner-container is-layout-constrained wp-block-group-is-layout-constrained\">\n<h2 class=\"wp-block-heading\" id=\"h-macedonian-grammar-topics\">Ch\u1ee7 \u0111\u1ec1 ng\u1eef ph\u00e1p ti\u1ebfng Macedonia<\/h2>\n\n\n\n<header id=\"main-header\" data-height-onload=\"80\" data-height-loaded=\"true\" data-fixed-height-onload=\"80\">\n<p>Ti\u1ebfng Macedonia, m\u1ed9t ng\u00f4n ng\u1eef Nam Slav, l\u00e0 ng\u00f4n ng\u1eef ch\u00ednh th\u1ee9c c\u1ee7a B\u1eafc Macedonia. N\u00f3 \u0111\u01b0\u1ee3c s\u1eed d\u1ee5ng b\u1edfi h\u01a1n hai tri\u1ec7u ng\u01b0\u1eddi tr\u00ean to\u00e0n th\u1ebf gi\u1edbi v\u00e0 mang \u0111\u1ebfn tr\u1ea3i nghi\u1ec7m ng\u00f4n ng\u1eef \u0111\u1ed9c \u0111\u00e1o do c\u00e1c quy t\u1eafc ng\u1eef ph\u00e1p c\u1ee5 th\u1ec3 v\u00e0 v\u1ed1n <a href=\"https:\/\/talkpal.ai\/vi\/tu-vung-tieng-anh\/\">t\u1eeb v\u1ef1ng<\/a> phong ph\u00fa. H\u01b0\u1edbng d\u1eabn n\u00e0y s\u1ebd cung c\u1ea5p cho b\u1ea1n c\u00e1i nh\u00ecn t\u1ed5ng quan <a href=\"https:\/\/talkpal.ai\/vi\/ve\/\">v\u1ec1<\/a> c\u00e1c ch\u1ee7 \u0111\u1ec1 ng\u1eef ph\u00e1p ti\u1ebfng Macedonia c\u1ea7n thi\u1ebft, \u0111\u01b0\u1ee3c s\u1eafp x\u1ebfp theo tr\u00ecnh t\u1ef1 s\u1ebd t\u1ea1o \u0111i\u1ec1u ki\u1ec7n thu\u1eadn l\u1ee3i cho qu\u00e1 tr\u00ecnh h\u1ecdc t\u1eadp c\u1ee7a b\u1ea1n. T\u1eeb th\u00ec \u0111\u1ebfn c\u1ea5u tr\u00fac c\u00e2u, ch\u00fang t\u00f4i s\u1ebd bao g\u1ed3m t\u1ea5t c\u1ea3 c\u00e1c th\u00f4ng tin c\u1ea7n thi\u1ebft \u0111\u1ec3 gi\u00fap b\u1ea1n b\u1eaft \u0111\u1ea7u h\u00e0nh tr\u00ecnh th\u00e0nh th\u1ea1o ng\u00f4n ng\u1eef Macedonia.<\/p>\n<h3>1. Danh t\u1eeb:<\/h3>\n<p>Gi\u1ed1ng nh\u01b0 c\u00e1c ng\u00f4n ng\u1eef Slav kh\u00e1c, danh t\u1eeb Macedonia c\u00f3 ba gi\u1edbi t\u00ednh (nam, n\u1eef v\u00e0 trung t\u00ednh) v\u00e0 \u0111\u01b0\u1ee3c bi\u1ebfn \u0111\u1ed5i cho tr\u01b0\u1eddng h\u1ee3p v\u00e0 s\u1ed1. H\u1ecdc gi\u1edbi t\u00ednh v\u00e0 bi\u1ebfn \u0111\u1ed5i ch\u00ednh x\u00e1c l\u00e0 r\u1ea5t quan tr\u1ecdng \u0111\u1ec3 h\u00ecnh th\u00e0nh c\u00e1c c\u00e2u \u0111\u00fang ng\u1eef ph\u00e1p.<\/p>\n<h3>2. B\u00e0i vi\u1ebft:<\/h3>\n<p>ng\u00f4n ng\u1eef Macedonia ch\u1ec9 c\u00f3 m\u1ed9t m\u1ea1o t\u1eeb x\u00e1c \u0111\u1ecbnh, thay \u0111\u1ed5i theo gi\u1edbi t\u00ednh v\u00e0 tr\u01b0\u1eddng h\u1ee3p. Kh\u00f4ng c\u00f3 m\u1ea1o t\u1eeb kh\u00f4ng x\u00e1c \u0111\u1ecbnh trong ti\u1ebfng Macedonia, nh\u01b0ng ch\u1eef s\u1ed1 &#8220;m\u1ed9t&#8221; c\u00f3 th\u1ec3 \u0111\u01b0\u1ee3c s\u1eed d\u1ee5ng t\u01b0\u01a1ng t\u1ef1.<\/p>\n<h3>3. T\u00ednh t\u1eeb:<\/h3>\n<p>T\u00ednh t\u1eeb trong ti\u1ebfng Macedonia \u0111\u1ed3ng \u00fd v\u1edbi c\u00e1c danh t\u1eeb m\u00e0 ch\u00fang s\u1eeda \u0111\u1ed5i v\u1ec1 gi\u1edbi t\u00ednh, s\u1ed1 l\u01b0\u1ee3ng v\u00e0 ch\u1eef th\u01b0\u1eddng. Ch\u00fang c\u00f3 c\u1ea3 d\u1ea1ng d\u00e0i v\u00e0 ng\u1eafn, \u0111\u01b0\u1ee3c s\u1eed d\u1ee5ng trong c\u00e1c ng\u1eef c\u1ea3nh kh\u00e1c nhau.<\/p>\n<h3>4. \u0110\u1ea1i t\u1eeb\/T\u1eeb \u0111\u1ecbnh \u0111\u1ecbnh:<\/h3>\n<p>Ti\u1ebfng Macedonia c\u00f3 nhi\u1ec1u \u0111\u1ea1i t\u1eeb v\u00e0 t\u1eeb quy\u1ebft \u0111\u1ecbnh, r\u1ea5t c\u1ea7n thi\u1ebft trong vi\u1ec7c h\u00ecnh th\u00e0nh c\u00e2u. H\u1ecd thay th\u1ebf ho\u1eb7c s\u1eeda \u0111\u1ed5i danh t\u1eeb v\u00e0 \u0111\u1ed3ng \u00fd v\u1edbi ch\u00fang v\u1ec1 gi\u1edbi t\u00ednh, s\u1ed1 l\u01b0\u1ee3ng v\u00e0 ch\u1eef hoa ch\u1eef th\u01b0\u1eddng.<\/p>\n<h3>5. \u0110\u1ed9ng t\u1eeb:<\/h3>\n<p>\u0110\u1ed9ng t\u1eeb l\u00e0 trung t\u00e2m c\u1ee7a ng\u1eef ph\u00e1p Macedonia. Ch\u00fang li\u00ean h\u1ee3p cho ng\u01b0\u1eddi v\u00e0 s\u1ed1 v\u00e0 c\u00f3 nhi\u1ec1u th\u00ec, kh\u00eda c\u1ea1nh v\u00e0 t\u00e2m tr\u1ea1ng kh\u00e1c nhau.<\/p>\n<h3>6. Th\u00ec:<\/h3>\n<p>Ti\u1ebfng Macedonia c\u00f3 ba th\u00ec c\u01a1 b\u1ea3n &#8211; qu\u00e1 kh\u1ee9, hi\u1ec7n t\u1ea1i v\u00e0 t\u01b0\u01a1ng lai. Ch\u00fang \u0111\u01b0\u1ee3c h\u00ecnh th\u00e0nh b\u1eb1ng c\u00e1ch s\u1eed d\u1ee5ng c\u00e1ch chia \u0111\u1ed9ng t\u1eeb v\u00e0 \u0111\u1ed9ng t\u1eeb ph\u1ee5 \u0111\u1ed9ng t\u1eeb kh\u00e1c nhau. \u0110i\u1ec1u c\u1ea7n thi\u1ebft l\u00e0 ph\u1ea3i hi\u1ec3u s\u1ef1 h\u00ecnh th\u00e0nh v\u00e0 c\u00e1ch s\u1eed d\u1ee5ng c\u1ee7a t\u1eebng th\u00ec \u0111\u1ec3 di\u1ec5n \u0111\u1ea1t h\u00e0nh \u0111\u1ed9ng v\u00e0 s\u1ef1 ki\u1ec7n m\u1ed9t c\u00e1ch ch\u00ednh x\u00e1c.<\/p>\n<h3>7. So s\u00e1nh c\u0103ng th\u1eb3ng:<\/h3>\n<p>So s\u00e1nh c\u00e1c h\u00e0nh \u0111\u1ed9ng v\u00e0 s\u1ef1 ki\u1ec7n \u1edf c\u00e1c th\u00ec kh\u00e1c nhau l\u00e0 \u0111i\u1ec1u c\u1ea7n thi\u1ebft \u0111\u1ec3 truy\u1ec1n \u0111\u1ea1t \u00fd ngh\u0129a. Trong ti\u1ebfng Macedonia, s\u1ef1 so s\u00e1nh n\u00e0y \u0111\u1ea1t \u0111\u01b0\u1ee3c b\u1eb1ng c\u00e1ch s\u1eed d\u1ee5ng c\u00e1c d\u1ea1ng \u0111\u1ed9ng t\u1eeb c\u1ee5 th\u1ec3 v\u00e0 tr\u1ee3 \u0111\u1ed9ng t\u1eeb.<\/p>\n<h3>8. Ti\u1ebfn b\u1ed9:<\/h3>\n<p>Kh\u00eda c\u1ea1nh ti\u1ebfn b\u1ed9 trong ti\u1ebfng Macedonia \u0111\u01b0\u1ee3c s\u1eed d\u1ee5ng \u0111\u1ec3 ch\u1ec9 c\u00e1c h\u00e0nh \u0111\u1ed9ng \u0111ang di\u1ec5n ra. N\u00f3 \u0111\u01b0\u1ee3c h\u00ecnh th\u00e0nh b\u1eb1ng c\u00e1ch s\u1eed d\u1ee5ng th\u00ec hi\u1ec7n t\u1ea1i c\u1ee7a \u0111\u1ed9ng t\u1eeb &#8220;to be&#8221; v\u00e0 ph\u00e2n t\u1eeb ho\u1ea1t \u0111\u1ed9ng hi\u1ec7n t\u1ea1i c\u1ee7a \u0111\u1ed9ng t\u1eeb ch\u00ednh.<\/p>\n<h3>9. Ti\u1ebfn b\u1ed9 ho\u00e0n h\u1ea3o:<\/h3>\n<p>Kh\u00eda c\u1ea1nh n\u00e0y k\u1ebft h\u1ee3p c\u00e1c kh\u00eda c\u1ea1nh ti\u1ebfn b\u1ed9 v\u00e0 ho\u00e0n h\u1ea3o \u0111\u1ec3 m\u00f4 t\u1ea3 c\u00e1c h\u00e0nh \u0111\u1ed9ng \u0111ang di\u1ec5n ra trong qu\u00e1 kh\u1ee9 v\u00e0 c\u00f3 m\u1ed1i li\u00ean h\u1ec7 v\u1edbi hi\u1ec7n t\u1ea1i. N\u00f3 \u0111\u01b0\u1ee3c h\u00ecnh th\u00e0nh b\u1eb1ng c\u00e1ch s\u1eed d\u1ee5ng th\u00ec hi\u1ec7n t\u1ea1i c\u1ee7a \u0111\u1ed9ng t\u1eeb &#8220;to be&#8221; v\u00e0 ph\u00e2n t\u1eeb ho\u1ea1t \u0111\u1ed9ng qu\u00e1 kh\u1ee9 c\u1ee7a \u0111\u1ed9ng t\u1eeb ch\u00ednh.<\/p>\n<h3>10. Tr\u1ea1ng t\u1eeb:<\/h3>\n<p>Tr\u1ea1ng t\u1eeb trong ti\u1ebfng Macedonia \u0111\u01b0\u1ee3c s\u1eed d\u1ee5ng \u0111\u1ec3 s\u1eeda \u0111\u1ed5i \u0111\u1ed9ng t\u1eeb, t\u00ednh t\u1eeb ho\u1eb7c c\u00e1c tr\u1ea1ng t\u1eeb kh\u00e1c. Ch\u00fang th\u01b0\u1eddng kh\u00f4ng thay \u0111\u1ed5i h\u00ecnh d\u1ea1ng v\u00e0 c\u00f3 th\u1ec3 d\u1ec5 d\u00e0ng nh\u1eadn ra b\u1eb1ng nh\u1eefng k\u1ebft th\u00fac \u0111i\u1ec3n h\u00ecnh c\u1ee7a ch\u00fang.<\/p>\n<h3>11. \u0110i\u1ec1u ki\u1ec7n:<\/h3>\n<p>Ti\u1ebfng Macedonia c\u00f3 ba lo\u1ea1i \u0111i\u1ec1u ki\u1ec7n &#8211; th\u1ef1c, kh\u00f4ng th\u1ef1c v\u00e0 ti\u1ec1m n\u0103ng. Ch\u00fang \u0111\u01b0\u1ee3c s\u1eed d\u1ee5ng \u0111\u1ec3 th\u1ec3 hi\u1ec7n c\u00e1c t\u00ecnh hu\u1ed1ng gi\u1ea3 \u0111\u1ecbnh v\u00e0 h\u1eadu qu\u1ea3 c\u1ee7a ch\u00fang.<\/p>\n<h3>12. Gi\u1edbi t\u1eeb:<\/h3>\n<p>Gi\u1edbi t\u1eeb trong ti\u1ebfng Macedonia r\u1ea5t c\u1ea7n thi\u1ebft trong vi\u1ec7c h\u00ecnh th\u00e0nh c\u00e1c c\u1ee5m t\u1eeb v\u00e0 c\u00e2u. Ch\u00fang ch\u1ec9 ra c\u00e1c m\u1ed1i quan h\u1ec7 kh\u00e1c nhau gi\u1eefa c\u00e1c t\u1eeb, ch\u1eb3ng h\u1ea1n nh\u01b0 v\u1ecb tr\u00ed, h\u01b0\u1edbng, th\u1eddi gian ho\u1eb7c nguy\u00ean nh\u00e2n.<\/p>\n<h3>13. C\u00e2u:<\/h3>\n<p>Hi\u1ec3u c\u1ea5u tr\u00fac c\u1ee7a c\u00e1c c\u00e2u ti\u1ebfng Macedonia l\u00e0 r\u1ea5t quan tr\u1ecdng \u0111\u1ec3 giao ti\u1ebfp hi\u1ec7u qu\u1ea3. C\u00e1c c\u00e2u ti\u1ebfng Macedonia th\u01b0\u1eddng tu\u00e2n theo tr\u1eadt t\u1ef1 t\u1eeb ch\u1ee7 ng\u1eef-\u0111\u1ed9ng t\u1eeb-t\u00e2n ng\u1eef (SVO), nh\u01b0ng c\u00e1c bi\u1ebfn th\u1ec3 c\u00f3 th\u1ec3 x\u1ea3y ra t\u00f9y thu\u1ed9c v\u00e0o s\u1ef1 nh\u1ea5n m\u1ea1nh v\u00e0 ng\u1eef c\u1ea3nh.<\/p>\n<\/header>\n\n\n\n<footer> <\/footer>\n<\/div><\/div>\n\r\n<section class=\"learnNavigationSection\">\r\n            \r\n        <a href=\"https:\/\/talkpal.ai\/vi\/hoc-tieng-macedonia\/\">\r\n            <div class=\"learnNavigationWrapper\">\r\n                <div class=\"learnNavigationContent\">\r\n                    <img decoding=\"async\" src=\"https:\/\/talkpal.ai\/wp-content\/uploads\/2024\/08\/Macedonian.jpg\" alt=\"Macedonian Flag\">\r\n                    <div>\r\n                        <h4>Gi\u1edbi thi\u1ec7u v\u1ec1 vi\u1ec7c h\u1ecdc ti\u1ebfng Macedonia<\/h4>\r\n                        <p>T\u00ecm hi\u1ec3u t\u1ea5t c\u1ea3 v\u1ec1 ng\u1eef ph\u00e1p ti\u1ebfng Macedonia.<\/p>\r\n                    <\/div>\r\n                <\/div>\r\n            <\/div>\r\n        <\/a>\r\n\r\n        \r\n        <a href=\"https:\/\/talkpal.ai\/vi\/ngu-phap-tieng-macedonia\/\">\r\n            <div class=\"learnNavigationWrapper\">\r\n                <div class=\"learnNavigationContent\">\r\n                    <img decoding=\"async\" src=\"https:\/\/talkpal.ai\/wp-content\/uploads\/2024\/08\/Macedonian.jpg\" alt=\"Macedonian Flag\">\r\n                    <div>\r\n                        <h4>B\u00e0i h\u1ecdc ng\u1eef ph\u00e1p ti\u1ebfng Macedonia<\/h4>\r\n                        <p>Th\u1ef1c h\u00e0nh ng\u1eef ph\u00e1p ti\u1ebfng Macedonia.<\/p>\r\n                    <\/div>\r\n                <\/div>\r\n            <\/div>\r\n        <\/a>\r\n\r\n        \r\n        <a href=\"https:\/\/talkpal.ai\/vocabulary_language\/macedonian\/\">\r\n            <div class=\"learnNavigationWrapper\">\r\n                <div class=\"learnNavigationContent\">\r\n                    <img decoding=\"async\" src=\"https:\/\/talkpal.ai\/wp-content\/uploads\/2024\/08\/Macedonian.jpg\" alt=\"Macedonian Flag\">\r\n                    <div>\r\n                        <h4>T\u1eeb v\u1ef1ng ti\u1ebfng Macedonia<\/h4>\r\n                        <p>M\u1edf r\u1ed9ng v\u1ed1n t\u1eeb v\u1ef1ng ti\u1ebfng Macedonia c\u1ee7a b\u1ea1n.<\/p>\r\n                    <\/div>\r\n                <\/div>\r\n            <\/div>\r\n        <\/a>\r\n\r\n            <\/section>","protected":false},"excerpt":{"rendered":"<p>Ch\u1ee7 \u0111\u1ec1 ng\u1eef ph\u00e1p ti\u1ebfng Macedonia Ti\u1ebfng Macedonia, m\u1ed9t ng\u00f4n ng\u1eef Nam Slav, l\u00e0 ng\u00f4n ng\u1eef ch\u00ednh th\u1ee9c c\u1ee7a B\u1eafc Macedonia. N\u00f3 \u0111\u01b0\u1ee3c s\u1eed d\u1ee5ng b\u1edfi h\u01a1n hai tri\u1ec7u ng\u01b0\u1eddi tr\u00ean to\u00e0n th\u1ebf gi\u1edbi v\u00e0 mang \u0111\u1ebfn tr\u1ea3i nghi\u1ec7m ng\u00f4n ng\u1eef \u0111\u1ed9c \u0111\u00e1o do c\u00e1c quy t\u1eafc ng\u1eef ph\u00e1p c\u1ee5 th\u1ec3 v\u00e0 v\u1ed1n t\u1eeb v\u1ef1ng [&hellip;]<\/p>\n","protected":false},"author":6,"featured_media":1442228,"parent":0,"menu_order":0,"comment_status":"closed","ping_status":"closed","template":"LearningContentPage.php","meta":{"_acf_changed":false,"footnotes":""},"class_list":["post-1447718","page","type-page","status-publish","has-post-thumbnail","hentry"],"acf":[],"yoast_head":"<!-- This site is optimized with the Yoast SEO Premium plugin v27.2 (Yoast SEO v27.2) - https:\/\/yoast.com\/product\/yoast-seo-premium-wordpress\/ -->\n<title>B\u00e0i t\u1eadp ng\u1eef ph\u00e1p ti\u1ebfng Macedonia - Talkpal<\/title>\n<meta name=\"description\" content=\"N\u1eafm v\u1eefng ng\u1eef ph\u00e1p ti\u1ebfng Macedonia v\u1edbi B\u00e0i t\u1eadp ng\u1eef ph\u00e1p ti\u1ebfng Macedonia t\u01b0\u01a1ng t\u00e1c t\u1eeb TalkPal, gia s\u01b0 ng\u00f4n ng\u1eef \u0111\u01b0\u1ee3c h\u1ed7 tr\u1ee3 b\u1edfi AI c\u1ee7a b\u1ea1n.\" \/>\n<meta name=\"robots\" content=\"index, follow, max-snippet:-1, max-image-preview:large, max-video-preview:-1\" \/>\n<link rel=\"canonical\" href=\"https:\/\/talkpal.ai\/vi\/bai-tap-ngu-phap-tieng-macedonia\/\" \/>\n<meta property=\"og:locale\" content=\"vi_VN\" \/>\n<meta property=\"og:type\" content=\"article\" \/>\n<meta property=\"og:title\" content=\"B\u00e0i t\u1eadp ng\u1eef ph\u00e1p ti\u1ebfng Macedonia\" \/>\n<meta property=\"og:description\" content=\"Ch\u1ee7 \u0111\u1ec1 ng\u1eef ph\u00e1p ti\u1ebfng Macedonia Ti\u1ebfng Macedonia, m\u1ed9t ng\u00f4n ng\u1eef Nam Slav, l\u00e0 ng\u00f4n ng\u1eef ch\u00ednh th\u1ee9c c\u1ee7a B\u1eafc Macedonia. N\u00f3 \u0111\u01b0\u1ee3c s\u1eed d\u1ee5ng b\u1edfi h\u01a1n hai tri\u1ec7u ng\u01b0\u1eddi\" \/>\n<meta property=\"og:url\" content=\"https:\/\/talkpal.ai\/vi\/bai-tap-ngu-phap-tieng-macedonia\/\" \/>\n<meta property=\"og:site_name\" content=\"Talkpal\" \/>\n<meta property=\"article:publisher\" content=\"https:\/\/www.facebook.com\/profile.php?id=100090733639311\" \/>\n<meta property=\"article:modified_time\" content=\"2025-12-17T15:54:57+00:00\" \/>\n<meta property=\"og:image\" content=\"https:\/\/talkpal.ai\/wp-content\/uploads\/2023\/05\/republic-of-macedonia.png\" \/>\n\t<meta property=\"og:image:width\" content=\"512\" \/>\n\t<meta property=\"og:image:height\" content=\"512\" \/>\n\t<meta property=\"og:image:type\" content=\"image\/png\" \/>\n<meta name=\"twitter:card\" content=\"summary_large_image\" \/>\n<meta name=\"twitter:site\" content=\"@talkpalai\" \/>\n<meta name=\"twitter:label1\" content=\"Est. reading time\" \/>\n\t<meta name=\"twitter:data1\" content=\"5 minutes\" \/>\n<script type=\"application\/ld+json\" class=\"yoast-schema-graph\">{\"@context\":\"https:\/\/schema.org\",\"@graph\":[{\"@type\":\"WebPage\",\"@id\":\"https:\/\/talkpal.ai\/vi\/bai-tap-ngu-phap-tieng-macedonia\/\",\"url\":\"https:\/\/talkpal.ai\/vi\/bai-tap-ngu-phap-tieng-macedonia\/\",\"name\":\"B\u00e0i t\u1eadp ng\u1eef ph\u00e1p ti\u1ebfng Macedonia - Talkpal\",\"isPartOf\":{\"@id\":\"https:\/\/talkpal.ai\/vi\/#website\"},\"primaryImageOfPage\":{\"@id\":\"https:\/\/talkpal.ai\/vi\/bai-tap-ngu-phap-tieng-macedonia\/#primaryimage\"},\"image\":{\"@id\":\"https:\/\/talkpal.ai\/vi\/bai-tap-ngu-phap-tieng-macedonia\/#primaryimage\"},\"thumbnailUrl\":\"https:\/\/talkpal.ai\/wp-content\/uploads\/2023\/05\/republic-of-macedonia.png\",\"datePublished\":\"2023-06-22T08:24:14+00:00\",\"dateModified\":\"2025-12-17T15:54:57+00:00\",\"description\":\"N\u1eafm v\u1eefng ng\u1eef ph\u00e1p ti\u1ebfng Macedonia v\u1edbi B\u00e0i t\u1eadp ng\u1eef ph\u00e1p ti\u1ebfng Macedonia t\u01b0\u01a1ng t\u00e1c t\u1eeb TalkPal, gia s\u01b0 ng\u00f4n ng\u1eef \u0111\u01b0\u1ee3c h\u1ed7 tr\u1ee3 b\u1edfi AI c\u1ee7a b\u1ea1n.\",\"breadcrumb\":{\"@id\":\"https:\/\/talkpal.ai\/vi\/bai-tap-ngu-phap-tieng-macedonia\/#breadcrumb\"},\"inLanguage\":\"vi-VN\",\"potentialAction\":[{\"@type\":\"ReadAction\",\"target\":[\"https:\/\/talkpal.ai\/vi\/bai-tap-ngu-phap-tieng-macedonia\/\"]}]},{\"@type\":\"ImageObject\",\"inLanguage\":\"vi-VN\",\"@id\":\"https:\/\/talkpal.ai\/vi\/bai-tap-ngu-phap-tieng-macedonia\/#primaryimage\",\"url\":\"https:\/\/talkpal.ai\/wp-content\/uploads\/2023\/05\/republic-of-macedonia.png\",\"contentUrl\":\"https:\/\/talkpal.ai\/wp-content\/uploads\/2023\/05\/republic-of-macedonia.png\",\"width\":512,\"height\":512,\"caption\":\"TalkPal Republic of Macedonia Flag\"},{\"@type\":\"BreadcrumbList\",\"@id\":\"https:\/\/talkpal.ai\/vi\/bai-tap-ngu-phap-tieng-macedonia\/#breadcrumb\",\"itemListElement\":[{\"@type\":\"ListItem\",\"position\":1,\"name\":\"Homepage\",\"item\":\"https:\/\/talkpal.ai\/vi\/giao-vien-ngon-ngu-ai-3\/\"},{\"@type\":\"ListItem\",\"position\":2,\"name\":\"B\u00e0i t\u1eadp ng\u1eef ph\u00e1p ti\u1ebfng Macedonia\"}]},{\"@type\":\"WebSite\",\"@id\":\"https:\/\/talkpal.ai\/vi\/#website\",\"url\":\"https:\/\/talkpal.ai\/vi\/\",\"name\":\"Talkpal\",\"description\":\"AI Language Learning\",\"publisher\":{\"@id\":\"https:\/\/talkpal.ai\/vi\/#organization\"},\"alternateName\":\"Talkpal AI\",\"potentialAction\":[{\"@type\":\"SearchAction\",\"target\":{\"@type\":\"EntryPoint\",\"urlTemplate\":\"https:\/\/talkpal.ai\/vi\/?s={search_term_string}\"},\"query-input\":{\"@type\":\"PropertyValueSpecification\",\"valueRequired\":true,\"valueName\":\"search_term_string\"}}],\"inLanguage\":\"vi-VN\"},{\"@type\":\"Organization\",\"@id\":\"https:\/\/talkpal.ai\/vi\/#organization\",\"name\":\"Talkpal, Inc.\",\"alternateName\":\"Talkpal AI\",\"url\":\"https:\/\/talkpal.ai\/vi\/\",\"logo\":{\"@type\":\"ImageObject\",\"inLanguage\":\"vi-VN\",\"@id\":\"https:\/\/talkpal.ai\/vi\/#\/schema\/logo\/image\/\",\"url\":\"https:\/\/talkpal.ai\/wp-content\/uploads\/2024\/03\/Talkpal-Logo-Icon.png\",\"contentUrl\":\"https:\/\/talkpal.ai\/wp-content\/uploads\/2024\/03\/Talkpal-Logo-Icon.png\",\"width\":2880,\"height\":2880,\"caption\":\"Talkpal, Inc.\"},\"image\":{\"@id\":\"https:\/\/talkpal.ai\/vi\/#\/schema\/logo\/image\/\"},\"sameAs\":[\"https:\/\/www.facebook.com\/profile.php?id=100090733639311\",\"https:\/\/x.com\/talkpalai\",\"https:\/\/www.linkedin.com\/company\/talkpal\/\",\"https:\/\/www.youtube.com\/@TalkPal\/\",\"https:\/\/www.tiktok.com\/@talkpal\",\"https:\/\/www.instagram.com\/talkpal_ai\/\",\"https:\/\/www.crunchbase.com\/organization\/talkpal-9cde\",\"https:\/\/www.g2.com\/products\/talkpal-for-business\/\",\"https:\/\/www.trustpilot.com\/review\/talkpal.ai\",\"https:\/\/www.capterra.com\/p\/10006800\/TalkPal\/\"],\"description\":\"Talkpal is a language learning web and mobile education app, powered by the latest AI technologies, that provides engaging experiences to its customers in many different languages to help them improve their language skills. Users can chat about unlimited amount of topics with the app and use other modes to practice their language learning.\",\"email\":\"support@talkpal.ai\",\"legalName\":\"Talkpal, Inc.\",\"foundingDate\":\"2023-04-03\",\"duns\":\"118989042\",\"numberOfEmployees\":{\"@type\":\"QuantitativeValue\",\"minValue\":\"11\",\"maxValue\":\"50\"},\"publishingPrinciples\":\"https:\/\/talkpal.ai\/publishing-principles\/\",\"actionableFeedbackPolicy\":\"https:\/\/talkpal.ai\/actionable-feedback-policy\/\",\"correctionsPolicy\":\"https:\/\/talkpal.ai\/corrections-policy\/\",\"ethicsPolicy\":\"https:\/\/talkpal.ai\/ethics-policy\/\",\"diversityPolicy\":\"https:\/\/talkpal.ai\/diversity-policy\/\",\"diversityStaffingReport\":\"https:\/\/talkpal.ai\/diversity-policy\/\"}]}<\/script>\n<!-- \/ Yoast SEO Premium plugin. -->","yoast_head_json":{"title":"B\u00e0i t\u1eadp ng\u1eef ph\u00e1p ti\u1ebfng Macedonia - Talkpal","description":"N\u1eafm v\u1eefng ng\u1eef ph\u00e1p ti\u1ebfng Macedonia v\u1edbi B\u00e0i t\u1eadp ng\u1eef ph\u00e1p ti\u1ebfng Macedonia t\u01b0\u01a1ng t\u00e1c t\u1eeb TalkPal, gia s\u01b0 ng\u00f4n ng\u1eef \u0111\u01b0\u1ee3c h\u1ed7 tr\u1ee3 b\u1edfi AI c\u1ee7a b\u1ea1n.","robots":{"index":"index","follow":"follow","max-snippet":"max-snippet:-1","max-image-preview":"max-image-preview:large","max-video-preview":"max-video-preview:-1"},"canonical":"https:\/\/talkpal.ai\/vi\/bai-tap-ngu-phap-tieng-macedonia\/","og_locale":"vi_VN","og_type":"article","og_title":"B\u00e0i t\u1eadp ng\u1eef ph\u00e1p ti\u1ebfng Macedonia","og_description":"Ch\u1ee7 \u0111\u1ec1 ng\u1eef ph\u00e1p ti\u1ebfng Macedonia Ti\u1ebfng Macedonia, m\u1ed9t ng\u00f4n ng\u1eef Nam Slav, l\u00e0 ng\u00f4n ng\u1eef ch\u00ednh th\u1ee9c c\u1ee7a B\u1eafc Macedonia. N\u00f3 \u0111\u01b0\u1ee3c s\u1eed d\u1ee5ng b\u1edfi h\u01a1n hai tri\u1ec7u ng\u01b0\u1eddi","og_url":"https:\/\/talkpal.ai\/vi\/bai-tap-ngu-phap-tieng-macedonia\/","og_site_name":"Talkpal","article_publisher":"https:\/\/www.facebook.com\/profile.php?id=100090733639311","article_modified_time":"2025-12-17T15:54:57+00:00","og_image":[{"width":512,"height":512,"url":"https:\/\/talkpal.ai\/wp-content\/uploads\/2023\/05\/republic-of-macedonia.png","type":"image\/png"}],"twitter_card":"summary_large_image","twitter_site":"@talkpalai","twitter_misc":{"Est. reading time":"5 minutes"},"schema":{"@context":"https:\/\/schema.org","@graph":[{"@type":"WebPage","@id":"https:\/\/talkpal.ai\/vi\/bai-tap-ngu-phap-tieng-macedonia\/","url":"https:\/\/talkpal.ai\/vi\/bai-tap-ngu-phap-tieng-macedonia\/","name":"B\u00e0i t\u1eadp ng\u1eef ph\u00e1p ti\u1ebfng Macedonia - Talkpal","isPartOf":{"@id":"https:\/\/talkpal.ai\/vi\/#website"},"primaryImageOfPage":{"@id":"https:\/\/talkpal.ai\/vi\/bai-tap-ngu-phap-tieng-macedonia\/#primaryimage"},"image":{"@id":"https:\/\/talkpal.ai\/vi\/bai-tap-ngu-phap-tieng-macedonia\/#primaryimage"},"thumbnailUrl":"https:\/\/talkpal.ai\/wp-content\/uploads\/2023\/05\/republic-of-macedonia.png","datePublished":"2023-06-22T08:24:14+00:00","dateModified":"2025-12-17T15:54:57+00:00","description":"N\u1eafm v\u1eefng ng\u1eef ph\u00e1p ti\u1ebfng Macedonia v\u1edbi B\u00e0i t\u1eadp ng\u1eef ph\u00e1p ti\u1ebfng Macedonia t\u01b0\u01a1ng t\u00e1c t\u1eeb TalkPal, gia s\u01b0 ng\u00f4n ng\u1eef \u0111\u01b0\u1ee3c h\u1ed7 tr\u1ee3 b\u1edfi AI c\u1ee7a b\u1ea1n.","breadcrumb":{"@id":"https:\/\/talkpal.ai\/vi\/bai-tap-ngu-phap-tieng-macedonia\/#breadcrumb"},"inLanguage":"vi-VN","potentialAction":[{"@type":"ReadAction","target":["https:\/\/talkpal.ai\/vi\/bai-tap-ngu-phap-tieng-macedonia\/"]}]},{"@type":"ImageObject","inLanguage":"vi-VN","@id":"https:\/\/talkpal.ai\/vi\/bai-tap-ngu-phap-tieng-macedonia\/#primaryimage","url":"https:\/\/talkpal.ai\/wp-content\/uploads\/2023\/05\/republic-of-macedonia.png","contentUrl":"https:\/\/talkpal.ai\/wp-content\/uploads\/2023\/05\/republic-of-macedonia.png","width":512,"height":512,"caption":"TalkPal Republic of Macedonia Flag"},{"@type":"BreadcrumbList","@id":"https:\/\/talkpal.ai\/vi\/bai-tap-ngu-phap-tieng-macedonia\/#breadcrumb","itemListElement":[{"@type":"ListItem","position":1,"name":"Homepage","item":"https:\/\/talkpal.ai\/vi\/giao-vien-ngon-ngu-ai-3\/"},{"@type":"ListItem","position":2,"name":"B\u00e0i t\u1eadp ng\u1eef ph\u00e1p ti\u1ebfng Macedonia"}]},{"@type":"WebSite","@id":"https:\/\/talkpal.ai\/vi\/#website","url":"https:\/\/talkpal.ai\/vi\/","name":"Talkpal","description":"AI Language Learning","publisher":{"@id":"https:\/\/talkpal.ai\/vi\/#organization"},"alternateName":"Talkpal AI","potentialAction":[{"@type":"SearchAction","target":{"@type":"EntryPoint","urlTemplate":"https:\/\/talkpal.ai\/vi\/?s={search_term_string}"},"query-input":{"@type":"PropertyValueSpecification","valueRequired":true,"valueName":"search_term_string"}}],"inLanguage":"vi-VN"},{"@type":"Organization","@id":"https:\/\/talkpal.ai\/vi\/#organization","name":"Talkpal, Inc.","alternateName":"Talkpal AI","url":"https:\/\/talkpal.ai\/vi\/","logo":{"@type":"ImageObject","inLanguage":"vi-VN","@id":"https:\/\/talkpal.ai\/vi\/#\/schema\/logo\/image\/","url":"https:\/\/talkpal.ai\/wp-content\/uploads\/2024\/03\/Talkpal-Logo-Icon.png","contentUrl":"https:\/\/talkpal.ai\/wp-content\/uploads\/2024\/03\/Talkpal-Logo-Icon.png","width":2880,"height":2880,"caption":"Talkpal, Inc."},"image":{"@id":"https:\/\/talkpal.ai\/vi\/#\/schema\/logo\/image\/"},"sameAs":["https:\/\/www.facebook.com\/profile.php?id=100090733639311","https:\/\/x.com\/talkpalai","https:\/\/www.linkedin.com\/company\/talkpal\/","https:\/\/www.youtube.com\/@TalkPal\/","https:\/\/www.tiktok.com\/@talkpal","https:\/\/www.instagram.com\/talkpal_ai\/","https:\/\/www.crunchbase.com\/organization\/talkpal-9cde","https:\/\/www.g2.com\/products\/talkpal-for-business\/","https:\/\/www.trustpilot.com\/review\/talkpal.ai","https:\/\/www.capterra.com\/p\/10006800\/TalkPal\/"],"description":"Talkpal is a language learning web and mobile education app, powered by the latest AI technologies, that provides engaging experiences to its customers in many different languages to help them improve their language skills. Users can chat about unlimited amount of topics with the app and use other modes to practice their language learning.","email":"support@talkpal.ai","legalName":"Talkpal, Inc.","foundingDate":"2023-04-03","duns":"118989042","numberOfEmployees":{"@type":"QuantitativeValue","minValue":"11","maxValue":"50"},"publishingPrinciples":"https:\/\/talkpal.ai\/publishing-principles\/","actionableFeedbackPolicy":"https:\/\/talkpal.ai\/actionable-feedback-policy\/","correctionsPolicy":"https:\/\/talkpal.ai\/corrections-policy\/","ethicsPolicy":"https:\/\/talkpal.ai\/ethics-policy\/","diversityPolicy":"https:\/\/talkpal.ai\/diversity-policy\/","diversityStaffingReport":"https:\/\/talkpal.ai\/diversity-policy\/"}]}},"_links":{"self":[{"href":"https:\/\/talkpal.ai\/vi\/wp-json\/wp\/v2\/pages\/1447718","targetHints":{"allow":["GET"]}}],"collection":[{"href":"https:\/\/talkpal.ai\/vi\/wp-json\/wp\/v2\/pages"}],"about":[{"href":"https:\/\/talkpal.ai\/vi\/wp-json\/wp\/v2\/types\/page"}],"author":[{"embeddable":true,"href":"https:\/\/talkpal.ai\/vi\/wp-json\/wp\/v2\/users\/6"}],"replies":[{"embeddable":true,"href":"https:\/\/talkpal.ai\/vi\/wp-json\/wp\/v2\/comments?post=1447718"}],"version-history":[{"count":0,"href":"https:\/\/talkpal.ai\/vi\/wp-json\/wp\/v2\/pages\/1447718\/revisions"}],"wp:featuredmedia":[{"embeddable":true,"href":"https:\/\/talkpal.ai\/vi\/wp-json\/wp\/v2\/media\/1442228"}],"wp:attachment":[{"href":"https:\/\/talkpal.ai\/vi\/wp-json\/wp\/v2\/media?parent=1447718"}],"curies":[{"name":"wp","href":"https:\/\/api.w.org\/{rel}","templated":true}]}}