{"id":1447663,"date":"2023-06-27T08:51:37","date_gmt":"2023-06-27T08:51:37","guid":{"rendered":"https:\/\/talkpal.ai\/bai-tap-ngu-phap-tieng-ba-tu\/"},"modified":"2025-12-17T15:13:35","modified_gmt":"2025-12-17T15:13:35","slug":"bai-tap-ngu-phap-tieng-ba-tu","status":"publish","type":"page","link":"https:\/\/talkpal.ai\/vi\/bai-tap-ngu-phap-tieng-ba-tu\/","title":{"rendered":"B\u00e0i t\u1eadp ng\u1eef ph\u00e1p ti\u1ebfng Ba T\u01b0"},"content":{"rendered":"\r\n\r\n\r\n<section class=\"languageChallengeSection\">\r\n    <div class=\"languageInfoWrapper\">\r\n        \r\n        <h1>B\u00e0i t\u1eadp ng\u1eef ph\u00e1p ti\u1ebfng Ba T\u01b0<\/h1>\r\n        <p>S\u1eb5n s\u00e0ng n\u00e2ng cao k\u1ef9 n\u0103ng <a href=\"https:\/\/talkpal.ai\/vi\/hoc-tieng-ba-tu\/\">ti\u1ebfng Ba T\u01b0<\/a> c\u1ee7a b\u1ea1n? Th\u1ef1c h\u00e0nh c\u00e1c b\u00e0i t\u1eadp <a href=\"https:\/\/talkpal.ai\/vi\/ngu-phap\/\">ng\u1eef ph\u00e1p<\/a> l\u00e0 m\u1ed9t c\u00e1ch tuy\u1ec7t v\u1eddi \u0111\u1ec3 n\u1eafm v\u1eefng c\u1ea5u tr\u00fac c\u00e2u, d\u1ea1ng \u0111\u1ed9ng t\u1eeb v\u00e0 c\u00e1c m\u1eabu ch\u00ednh c\u1ee7a <a href=\"https:\/\/talkpal.ai\/vi\/hoc-ngon-ngu-cho-cac-truong-ngon-ngu\/\">ng\u00f4n ng\u1eef<\/a> <a href=\"https:\/\/talkpal.ai\/vi\/ngu-phap-ba-tu\/\">Ba T\u01b0<\/a>. B\u1eaft \u0111\u1ea7u l\u00e0m vi\u1ec7c v\u1edbi <a href=\"https:\/\/talkpal.ai\/persian-grammar\/\">ng\u1eef ph\u00e1p ti\u1ebfng Ba T\u01b0<\/a> ngay h\u00f4m nay v\u00e0 xem s\u1ef1 hi\u1ec3u bi\u1ebft v\u00e0 s\u1ef1 t\u1ef1 tin c\u1ee7a b\u1ea1n ph\u00e1t tri\u1ec3n v\u1edbi m\u1ed7i b\u00e0i t\u1eadp m\u1edbi!<\/p>\r\n\r\n                            <a class=\"getStartedHidden\" href=\"https:\/\/app.talkpal.ai\/vi\/signup?lng=\">B\u1eaft \u0111\u1ea7u nh\u00e9<\/a>\r\n        \r\n    <\/div>\r\n\r\n    <figure>\r\n    <img decoding=\"async\" width=\"768\" height=\"768\" src=\"https:\/\/talkpal.ai\/wp-content\/uploads\/2023\/06\/persian-768x768.png\" class=\"languageImage no-lazy\" alt=\"Language learning to comprehend global news\" fetchpriority=\"high\" sizes=\"(max-width: 768px) 150px, 768px\" srcset=\"https:\/\/talkpal.ai\/wp-content\/uploads\/2023\/06\/persian-768x768.png 768w, https:\/\/talkpal.ai\/wp-content\/uploads\/2023\/06\/persian-300x300.png 300w\" \/>\r\n    \r\n\r\n    <\/figure>\r\n\r\n            <a class=\"getStartedVisible\" href=\"https:\/\/app.talkpal.ai\/vi\/signup?lng=\">B\u1eaft \u0111\u1ea7u nh\u00e9<\/a>\r\n    \r\n<\/section>\r\n\r\n\r\n<!-- <section class=\"grammarSection\">\r\n    <div class=\"grammarLinks\">\r\n            <\/div>\r\n<\/section> -->\r\n\r\n\r\n\r\n\r\n<section class=\"promotionalBanner\">\r\n    <p class=\"promotionalText\">C\u00e1ch hi\u1ec7u qu\u1ea3 nh\u1ea5t \u0111\u1ec3 h\u1ecdc m\u1ed9t ng\u00f4n ng\u1eef<\/p>\r\n    <a class=\"promotionalLink\" href=\"https:\/\/app.talkpal.ai\/vi\/signup?lng=\">D\u00f9ng th\u1eed Talkpal mi\u1ec5n ph\u00ed<\/a>\r\n<\/section>\n<div class=\"wp-block-group pageContainerStyle\"><div class=\"wp-block-group__inner-container is-layout-constrained wp-block-group-is-layout-constrained\">\n<h2 class=\"wp-block-heading\" id=\"h-persian-grammar-topics\">Ch\u1ee7 \u0111\u1ec1 ng\u1eef ph\u00e1p ti\u1ebfng Ba T\u01b0<\/h2>\n\n\n\n<p><a href=\"https:\/\/talkpal.ai\/learn-persian\/\">H\u1ecdc ti\u1ebfng Ba T\u01b0<\/a>, c\u00f2n \u0111\u01b0\u1ee3c g\u1ecdi l\u00e0 ti\u1ebfng Ba T\u01b0, c\u00f3 th\u1ec3 l\u00e0 m\u1ed9t h\u00e0nh tr\u00ecnh th\u00fa v\u1ecb v\u00e0 b\u1ed5 \u00edch, m\u1edf ra c\u01a1 h\u1ed9i m\u1edbi \u0111\u1ec3 hi\u1ec3u <a href=\"https:\/\/talkpal.ai\/vi\/ve\/\">v\u1ec1<\/a> v\u0103n h\u00f3a v\u00e0 l\u1ecbch s\u1eed phong ph\u00fa c\u1ee7a Iran v\u00e0 c\u00e1c khu v\u1ef1c n\u00f3i ti\u1ebfng Ba T\u01b0 kh\u00e1c. L\u00e0 m\u1ed9t ng\u01b0\u1eddi h\u1ecdc, vi\u1ec7c n\u1eafm v\u1eefng c\u00e1c kh\u00eda c\u1ea1nh kh\u00e1c nhau c\u1ee7a ng\u1eef ph\u00e1p ti\u1ebfng Ba T\u01b0 l\u00e0 \u0111i\u1ec1u c\u1ea7n thi\u1ebft \u0111\u1ec3 x\u00e2y d\u1ef1ng n\u1ec1n t\u1ea3ng v\u1eefng ch\u1eafc v\u1ec1 ng\u00f4n ng\u1eef n\u00e0y. Trong h\u01b0\u1edbng d\u1eabn n\u00e0y, ch\u00fang ta s\u1ebd kh\u00e1m ph\u00e1 c\u00e1c kh\u00eda c\u1ea1nh kh\u00e1c nhau c\u1ee7a ng\u1eef ph\u00e1p Ba T\u01b0, bao g\u1ed3m th\u00ec, \u0111\u1ed9ng t\u1eeb, danh t\u1eeb, m\u1ea1o t\u1eeb v\u00e0 c\u00e1c y\u1ebfu t\u1ed1 thi\u1ebft y\u1ebfu kh\u00e1c, \u0111\u1ec3 gi\u00fap b\u1ea1n c\u1ea5u tr\u00fac qu\u00e1 tr\u00ecnh h\u1ecdc t\u1eadp c\u1ee7a m\u00ecnh m\u1ed9t c\u00e1ch c\u00f3 h\u1ec7 th\u1ed1ng v\u00e0 hi\u1ec7u qu\u1ea3.<\/p>\n\n\n\n<h3 class=\"wp-block-heading\" id=\"h-1-nouns\">1. Danh t\u1eeb:<\/h3>\n\n\n\n<p>B\u1eaft \u0111\u1ea7u b\u1eb1ng c\u00e1ch t\u00ecm hi\u1ec3u nh\u1eefng \u0111i\u1ec1u c\u01a1 b\u1ea3n v\u1ec1 danh t\u1eeb Ba T\u01b0, bao g\u1ed3m gi\u1edbi t\u00ednh c\u1ee7a ch\u00fang (t\u1ea5t c\u1ea3 c\u00e1c danh t\u1eeb Ba T\u01b0 \u0111\u1ec1u trung l\u1eadp v\u1ec1 gi\u1edbi t\u00ednh), d\u1ea1ng s\u1ed1 \u00edt v\u00e0 s\u1ed1 nhi\u1ec1u, v\u00e0 vi\u1ec7c s\u1eed d\u1ee5ng &#8220;ezafe&#8221; \u0111\u1ec3 th\u1ec3 hi\u1ec7n s\u1ef1 s\u1edf h\u1eefu v\u00e0 m\u1ed1i quan h\u1ec7 gi\u1eefa c\u00e1c danh t\u1eeb.<\/p>\n\n\n\n<h3 class=\"wp-block-heading\" id=\"h-2-pronouns-determiners\">2. \u0110\u1ea1i t\u1eeb\/X\u00e1c \u0111\u1ecbnh:<\/h3>\n\n\n\n<p>Khi b\u1ea1n \u0111\u00e3 quen thu\u1ed9c v\u1edbi danh t\u1eeb, h\u00e3y chuy\u1ec3n sang h\u1ecdc \u0111\u1ea1i t\u1eeb v\u00e0 t\u1eeb quy\u1ebft \u0111\u1ecbnh. \u0110i\u1ec1u n\u00e0y s\u1ebd gi\u00fap b\u1ea1n hi\u1ec3u c\u00e1ch ch\u1ec9 ng\u01b0\u1eddi v\u00e0 \u0111\u1ed3 v\u1eadt trong ti\u1ebfng Ba T\u01b0 v\u00e0 s\u1eed d\u1ee5ng c\u00e1c t\u1eeb ch\u1ee9ng minh, s\u1edf h\u1eefu v\u00e0 \u0111\u1ecbnh l\u01b0\u1ee3ng.<\/p>\n\n\n\n<h3 class=\"wp-block-heading\" id=\"h-3-adjectives\">3. T\u00ednh t\u1eeb:<\/h3>\n\n\n\n<p>T\u00ecm hi\u1ec3u c\u00e1ch m\u00f4 t\u1ea3 danh t\u1eeb b\u1eb1ng c\u00e1ch s\u1eed d\u1ee5ng t\u00ednh t\u1eeb, bao g\u1ed3m v\u1ecb tr\u00ed c\u1ee7a ch\u00fang trong c\u00e2u v\u00e0 c\u00e1ch ch\u00fang \u0111\u1ed3ng \u00fd v\u1edbi danh t\u1eeb m\u00e0 ch\u00fang s\u1eeda \u0111\u1ed5i.<\/p>\n\n\n\n<h3 class=\"wp-block-heading\" id=\"h-4-verbs\">4. \u0110\u1ed9ng t\u1eeb:<\/h3>\n\n\n\n<p>\u0110\u1ed9ng t\u1eeb l\u00e0 x\u01b0\u01a1ng s\u1ed1ng c\u1ee7a b\u1ea5t k\u1ef3 ng\u00f4n ng\u1eef n\u00e0o, v\u00e0 ti\u1ebfng Ba T\u01b0 c\u0169ng kh\u00f4ng ngo\u1ea1i l\u1ec7. B\u1eaft \u0111\u1ea7u v\u1edbi vi\u1ec7c hi\u1ec3u c\u1ea5u tr\u00fac \u0111\u1ed9ng t\u1eeb Ba T\u01b0 v\u00e0 th\u00ec hi\u1ec7n t\u1ea1i \u0111\u01a1n gi\u1ea3n, tr\u01b0\u1edbc khi chuy\u1ec3n sang c\u00e1c th\u00ec v\u00e0 t\u00e2m tr\u1ea1ng kh\u00e1c.<\/p>\n\n\n\n<h3 class=\"wp-block-heading\" id=\"h-5-tense-comparison\">5. So s\u00e1nh c\u0103ng th\u1eb3ng:<\/h3>\n\n\n\n<p>Sau khi t\u00ecm hi\u1ec3u nh\u1eefng \u0111i\u1ec1u c\u01a1 b\u1ea3n v\u1ec1 \u0111\u1ed9ng t\u1eeb v\u00e0 th\u00ec hi\u1ec7n t\u1ea1i \u0111\u01a1n gi\u1ea3n, h\u00e3y so s\u00e1nh v\u00e0 \u0111\u1ed1i chi\u1ebfu c\u00e1c th\u00ec kh\u00e1c nhau \u0111\u1ec3 hi\u1ec3u c\u00e1ch ch\u00fang \u0111\u01b0\u1ee3c s\u1eed d\u1ee5ng trong ti\u1ebfng Ba T\u01b0. \u0110i\u1ec1u n\u00e0y bao g\u1ed3m th\u00ec qu\u00e1 kh\u1ee9, t\u01b0\u01a1ng lai v\u00e0 c\u00f3 \u0111i\u1ec1u ki\u1ec7n.<\/p>\n\n\n\n<h3 class=\"wp-block-heading\" id=\"h-6-progressive-and-perfect-progressive\">6. Ti\u1ebfn b\u1ed9 v\u00e0 Ti\u1ebfn b\u1ed9 ho\u00e0n h\u1ea3o:<\/h3>\n\n\n\n<p>T\u00ecm hi\u1ec3u c\u00e1c kh\u00eda c\u1ea1nh ti\u1ebfn b\u1ed9 v\u00e0 ho\u00e0n h\u1ea3o c\u1ee7a \u0111\u1ed9ng t\u1eeb Ba T\u01b0 \u0111\u1ec3 th\u1ec3 hi\u1ec7n c\u00e1c h\u00e0nh \u0111\u1ed9ng \u0111ang di\u1ec5n ra ho\u1eb7c \u0111\u00e3 ho\u00e0n th\u00e0nh.<\/p>\n\n\n\n<h3 class=\"wp-block-heading\" id=\"h-7-adverbs\">7. Tr\u1ea1ng t\u1eeb:<\/h3>\n\n\n\n<p>Tr\u1ea1ng t\u1eeb r\u1ea5t c\u1ea7n thi\u1ebft \u0111\u1ec3 th\u00eam s\u1eafc th\u00e1i v\u00e0 ng\u1eef c\u1ea3nh v\u00e0o c\u00e2u ti\u1ebfng Ba T\u01b0 c\u1ee7a b\u1ea1n. T\u00ecm hi\u1ec3u v\u1ecb tr\u00ed c\u1ee7a ch\u00fang v\u00e0 c\u00e1ch ch\u00fang s\u1eeda \u0111\u1ed5i \u0111\u1ed9ng t\u1eeb, t\u00ednh t\u1eeb v\u00e0 c\u00e1c tr\u1ea1ng t\u1eeb kh\u00e1c.<\/p>\n\n\n\n<h3 class=\"wp-block-heading\" id=\"h-8-conditionals\">8. \u0110i\u1ec1u ki\u1ec7n:<\/h3>\n\n\n\n<p>Hi\u1ec3u c\u00e1ch th\u1ec3 hi\u1ec7n c\u00e1c t\u00ecnh hu\u1ed1ng gi\u1ea3 \u0111\u1ecbnh v\u00e0 h\u1eadu qu\u1ea3 b\u1eb1ng c\u00e1ch h\u1ecdc c\u00e1c c\u00e2u \u0111i\u1ec1u ki\u1ec7n ti\u1ebfng Ba T\u01b0.<\/p>\n\n\n\n<h3 class=\"wp-block-heading\" id=\"h-9-prepositions\">9. Gi\u1edbi t\u1eeb:<\/h3>\n\n\n\n<p>Gi\u1edbi t\u1eeb l\u00e0 c\u1ea7n thi\u1ebft \u0111\u1ec3 th\u1ec3 hi\u1ec7n m\u1ed1i quan h\u1ec7 gi\u1eefa c\u00e1c t\u1eeb v\u00e0 c\u1ee5m t\u1eeb trong c\u00e2u. T\u00ecm hi\u1ec3u c\u00e1c gi\u1edbi t\u1eeb Ba T\u01b0 ph\u1ed5 bi\u1ebfn nh\u1ea5t v\u00e0 c\u00e1ch s\u1eed d\u1ee5ng ch\u00fang m\u1ed9t c\u00e1ch ch\u00ednh x\u00e1c.<\/p>\n\n\n\n<h3 class=\"wp-block-heading\" id=\"h-10-sentences\">10. C\u00e2u:<\/h3>\n\n\n\n<p>Cu\u1ed1i c\u00f9ng, th\u1ef1c h\u00e0nh k\u1ebft h\u1ee3p t\u1ea5t c\u1ea3 c\u00e1c y\u1ebfu t\u1ed1 c\u1ee7a ng\u1eef ph\u00e1p Ba T\u01b0 l\u1ea1i v\u1edbi nhau b\u1eb1ng c\u00e1ch t\u1ea1o th\u00e0nh c\u00e1c c\u00e2u ho\u00e0n ch\u1ec9nh. T\u1eadp trung v\u00e0o c\u00e1c c\u1ea5u tr\u00fac c\u00e2u kh\u00e1c nhau, bao g\u1ed3m c\u00e1c c\u00e2u \u0111\u01a1n gi\u1ea3n, c\u00e2u gh\u00e9p v\u00e0 ph\u1ee9c t\u1ea1p, c\u0169ng nh\u01b0 c\u00e1c c\u00e2u h\u1ecfi v\u00e0 c\u00e2u m\u1ec7nh l\u1ec7nh.<\/p>\n\n\n\n<p>B\u1eb1ng c\u00e1ch l\u00e0m theo tr\u00ecnh t\u1ef1 h\u1ecdc c\u00e1c ch\u1ee7 \u0111\u1ec1 ng\u1eef ph\u00e1p ti\u1ebfng Ba T\u01b0 n\u00e0y, b\u1ea1n s\u1ebd x\u00e2y d\u1ef1ng m\u1ed9t n\u1ec1n t\u1ea3ng v\u1eefng ch\u1eafc v\u1ec1 ng\u00f4n ng\u1eef cho ph\u00e9p b\u1ea1n giao ti\u1ebfp hi\u1ec7u qu\u1ea3 v\u00e0 \u0111\u00e1nh gi\u00e1 cao v\u1ebb \u0111\u1eb9p c\u1ee7a v\u0103n h\u1ecdc v\u00e0 v\u0103n h\u00f3a Ba T\u01b0.<\/p>\n<\/div><\/div>\n\r\n<section class=\"learnNavigationSection\">\r\n            \r\n        <a href=\"https:\/\/talkpal.ai\/vi\/hoc-tieng-ba-tu\/\">\r\n            <div class=\"learnNavigationWrapper\">\r\n                <div class=\"learnNavigationContent\">\r\n                    <img decoding=\"async\" src=\"https:\/\/talkpal.ai\/wp-content\/uploads\/2024\/08\/Persian.jpg\" alt=\"Persian Flag\">\r\n                    <div>\r\n                        <h4>Gi\u1edbi thi\u1ec7u v\u1ec1 H\u1ecdc ti\u1ebfng Ba T\u01b0<\/h4>\r\n                        <p>T\u00ecm hi\u1ec3u t\u1ea5t c\u1ea3 v\u1ec1 ng\u1eef ph\u00e1p Ba T\u01b0.<\/p>\r\n                    <\/div>\r\n                <\/div>\r\n            <\/div>\r\n        <\/a>\r\n\r\n        \r\n        <a href=\"https:\/\/talkpal.ai\/vi\/ngu-phap-ba-tu\/\">\r\n            <div class=\"learnNavigationWrapper\">\r\n                <div class=\"learnNavigationContent\">\r\n                    <img decoding=\"async\" src=\"https:\/\/talkpal.ai\/wp-content\/uploads\/2024\/08\/Persian.jpg\" alt=\"Persian Flag\">\r\n                    <div>\r\n                        <h4>B\u00e0i h\u1ecdc ng\u1eef ph\u00e1p ti\u1ebfng Ba T\u01b0<\/h4>\r\n                        <p>Th\u1ef1c h\u00e0nh ng\u1eef ph\u00e1p Ba T\u01b0.<\/p>\r\n                    <\/div>\r\n                <\/div>\r\n            <\/div>\r\n        <\/a>\r\n\r\n        \r\n        <a href=\"https:\/\/talkpal.ai\/vocabulary_language\/persian\/\">\r\n            <div class=\"learnNavigationWrapper\">\r\n                <div class=\"learnNavigationContent\">\r\n                    <img decoding=\"async\" src=\"https:\/\/talkpal.ai\/wp-content\/uploads\/2024\/08\/Persian.jpg\" alt=\"Persian Flag\">\r\n                    <div>\r\n                        <h4>T\u1eeb v\u1ef1ng ti\u1ebfng Ba T\u01b0<\/h4>\r\n                        <p>M\u1edf r\u1ed9ng v\u1ed1n t\u1eeb v\u1ef1ng ti\u1ebfng Ba T\u01b0 c\u1ee7a b\u1ea1n.<\/p>\r\n                    <\/div>\r\n                <\/div>\r\n            <\/div>\r\n        <\/a>\r\n\r\n            <\/section>","protected":false},"excerpt":{"rendered":"<p>Ch\u1ee7 \u0111\u1ec1 ng\u1eef ph\u00e1p ti\u1ebfng Ba T\u01b0 H\u1ecdc ti\u1ebfng Ba T\u01b0, c\u00f2n \u0111\u01b0\u1ee3c g\u1ecdi l\u00e0 ti\u1ebfng Ba T\u01b0, c\u00f3 th\u1ec3 l\u00e0 m\u1ed9t h\u00e0nh tr\u00ecnh th\u00fa v\u1ecb v\u00e0 b\u1ed5 \u00edch, m\u1edf ra c\u01a1 h\u1ed9i m\u1edbi \u0111\u1ec3 hi\u1ec3u v\u1ec1 v\u0103n h\u00f3a v\u00e0 l\u1ecbch s\u1eed phong ph\u00fa c\u1ee7a Iran v\u00e0 c\u00e1c khu v\u1ef1c n\u00f3i ti\u1ebfng Ba T\u01b0 kh\u00e1c. [&hellip;]<\/p>\n","protected":false},"author":6,"featured_media":1442195,"parent":0,"menu_order":0,"comment_status":"closed","ping_status":"closed","template":"LearningContentPage.php","meta":{"_acf_changed":false,"footnotes":""},"class_list":["post-1447663","page","type-page","status-publish","has-post-thumbnail","hentry"],"acf":[],"yoast_head":"<!-- This site is optimized with the Yoast SEO Premium plugin v27.2 (Yoast SEO v27.2) - https:\/\/yoast.com\/product\/yoast-seo-premium-wordpress\/ -->\n<title>B\u00e0i t\u1eadp ng\u1eef ph\u00e1p ti\u1ebfng Ba T\u01b0 - Talkpal<\/title>\n<meta name=\"description\" content=\"N\u1eafm v\u1eefng c\u00e1c b\u00e0i t\u1eadp ng\u1eef ph\u00e1p ti\u1ebfng Ba T\u01b0 \u0111\u1ec3 c\u1ee7ng c\u1ed1 k\u1ef9 n\u0103ng ng\u00f4n ng\u1eef c\u1ee7a b\u1ea1n v\u00e0 kh\u00e1m ph\u00e1 v\u0103n h\u00f3a c\u1ee7a c\u00e1c v\u00f9ng n\u00f3i ti\u1ebfng Ba T\u01b0.\" \/>\n<meta name=\"robots\" content=\"index, follow, max-snippet:-1, max-image-preview:large, max-video-preview:-1\" \/>\n<link rel=\"canonical\" href=\"https:\/\/talkpal.ai\/vi\/bai-tap-ngu-phap-tieng-ba-tu\/\" \/>\n<meta property=\"og:locale\" content=\"vi_VN\" \/>\n<meta property=\"og:type\" content=\"article\" \/>\n<meta property=\"og:title\" content=\"B\u00e0i t\u1eadp ng\u1eef ph\u00e1p ti\u1ebfng Ba T\u01b0\" \/>\n<meta property=\"og:description\" content=\"Ch\u1ee7 \u0111\u1ec1 ng\u1eef ph\u00e1p ti\u1ebfng Ba T\u01b0 H\u1ecdc ti\u1ebfng Ba T\u01b0, c\u00f2n \u0111\u01b0\u1ee3c g\u1ecdi l\u00e0 ti\u1ebfng Ba T\u01b0, c\u00f3 th\u1ec3 l\u00e0 m\u1ed9t h\u00e0nh tr\u00ecnh th\u00fa v\u1ecb v\u00e0 b\u1ed5 \u00edch, m\u1edf ra c\u01a1 h\u1ed9i m\u1edbi \u0111\u1ec3 hi\u1ec3u v\u1ec1 v\u0103n h\u00f3a\" \/>\n<meta property=\"og:url\" content=\"https:\/\/talkpal.ai\/vi\/bai-tap-ngu-phap-tieng-ba-tu\/\" \/>\n<meta property=\"og:site_name\" content=\"Talkpal\" \/>\n<meta property=\"article:publisher\" content=\"https:\/\/www.facebook.com\/profile.php?id=100090733639311\" \/>\n<meta property=\"article:modified_time\" content=\"2025-12-17T15:13:35+00:00\" \/>\n<meta property=\"og:image\" content=\"https:\/\/talkpal.ai\/wp-content\/uploads\/2023\/05\/Persian-iran.png\" \/>\n\t<meta property=\"og:image:width\" content=\"512\" \/>\n\t<meta property=\"og:image:height\" content=\"512\" \/>\n\t<meta property=\"og:image:type\" content=\"image\/png\" \/>\n<meta name=\"twitter:card\" content=\"summary_large_image\" \/>\n<meta name=\"twitter:site\" content=\"@talkpalai\" \/>\n<meta name=\"twitter:label1\" content=\"Est. reading time\" \/>\n\t<meta name=\"twitter:data1\" content=\"5 minutes\" \/>\n<script type=\"application\/ld+json\" class=\"yoast-schema-graph\">{\"@context\":\"https:\/\/schema.org\",\"@graph\":[{\"@type\":\"WebPage\",\"@id\":\"https:\/\/talkpal.ai\/vi\/bai-tap-ngu-phap-tieng-ba-tu\/\",\"url\":\"https:\/\/talkpal.ai\/vi\/bai-tap-ngu-phap-tieng-ba-tu\/\",\"name\":\"B\u00e0i t\u1eadp ng\u1eef ph\u00e1p ti\u1ebfng Ba T\u01b0 - Talkpal\",\"isPartOf\":{\"@id\":\"https:\/\/talkpal.ai\/vi\/#website\"},\"primaryImageOfPage\":{\"@id\":\"https:\/\/talkpal.ai\/vi\/bai-tap-ngu-phap-tieng-ba-tu\/#primaryimage\"},\"image\":{\"@id\":\"https:\/\/talkpal.ai\/vi\/bai-tap-ngu-phap-tieng-ba-tu\/#primaryimage\"},\"thumbnailUrl\":\"https:\/\/talkpal.ai\/wp-content\/uploads\/2023\/05\/Persian-iran.png\",\"datePublished\":\"2023-06-27T08:51:37+00:00\",\"dateModified\":\"2025-12-17T15:13:35+00:00\",\"description\":\"N\u1eafm v\u1eefng c\u00e1c b\u00e0i t\u1eadp ng\u1eef ph\u00e1p ti\u1ebfng Ba T\u01b0 \u0111\u1ec3 c\u1ee7ng c\u1ed1 k\u1ef9 n\u0103ng ng\u00f4n ng\u1eef c\u1ee7a b\u1ea1n v\u00e0 kh\u00e1m ph\u00e1 v\u0103n h\u00f3a c\u1ee7a c\u00e1c v\u00f9ng n\u00f3i ti\u1ebfng Ba T\u01b0.\",\"breadcrumb\":{\"@id\":\"https:\/\/talkpal.ai\/vi\/bai-tap-ngu-phap-tieng-ba-tu\/#breadcrumb\"},\"inLanguage\":\"vi-VN\",\"potentialAction\":[{\"@type\":\"ReadAction\",\"target\":[\"https:\/\/talkpal.ai\/vi\/bai-tap-ngu-phap-tieng-ba-tu\/\"]}]},{\"@type\":\"ImageObject\",\"inLanguage\":\"vi-VN\",\"@id\":\"https:\/\/talkpal.ai\/vi\/bai-tap-ngu-phap-tieng-ba-tu\/#primaryimage\",\"url\":\"https:\/\/talkpal.ai\/wp-content\/uploads\/2023\/05\/Persian-iran.png\",\"contentUrl\":\"https:\/\/talkpal.ai\/wp-content\/uploads\/2023\/05\/Persian-iran.png\",\"width\":512,\"height\":512,\"caption\":\"TalkPal Persian - Iran Flag\"},{\"@type\":\"BreadcrumbList\",\"@id\":\"https:\/\/talkpal.ai\/vi\/bai-tap-ngu-phap-tieng-ba-tu\/#breadcrumb\",\"itemListElement\":[{\"@type\":\"ListItem\",\"position\":1,\"name\":\"Homepage\",\"item\":\"https:\/\/talkpal.ai\/vi\/giao-vien-ngon-ngu-ai-3\/\"},{\"@type\":\"ListItem\",\"position\":2,\"name\":\"B\u00e0i t\u1eadp ng\u1eef ph\u00e1p ti\u1ebfng Ba T\u01b0\"}]},{\"@type\":\"WebSite\",\"@id\":\"https:\/\/talkpal.ai\/vi\/#website\",\"url\":\"https:\/\/talkpal.ai\/vi\/\",\"name\":\"Talkpal\",\"description\":\"AI Language Learning\",\"publisher\":{\"@id\":\"https:\/\/talkpal.ai\/vi\/#organization\"},\"alternateName\":\"Talkpal AI\",\"potentialAction\":[{\"@type\":\"SearchAction\",\"target\":{\"@type\":\"EntryPoint\",\"urlTemplate\":\"https:\/\/talkpal.ai\/vi\/?s={search_term_string}\"},\"query-input\":{\"@type\":\"PropertyValueSpecification\",\"valueRequired\":true,\"valueName\":\"search_term_string\"}}],\"inLanguage\":\"vi-VN\"},{\"@type\":\"Organization\",\"@id\":\"https:\/\/talkpal.ai\/vi\/#organization\",\"name\":\"Talkpal, Inc.\",\"alternateName\":\"Talkpal AI\",\"url\":\"https:\/\/talkpal.ai\/vi\/\",\"logo\":{\"@type\":\"ImageObject\",\"inLanguage\":\"vi-VN\",\"@id\":\"https:\/\/talkpal.ai\/vi\/#\/schema\/logo\/image\/\",\"url\":\"https:\/\/talkpal.ai\/wp-content\/uploads\/2024\/03\/Talkpal-Logo-Icon.png\",\"contentUrl\":\"https:\/\/talkpal.ai\/wp-content\/uploads\/2024\/03\/Talkpal-Logo-Icon.png\",\"width\":2880,\"height\":2880,\"caption\":\"Talkpal, Inc.\"},\"image\":{\"@id\":\"https:\/\/talkpal.ai\/vi\/#\/schema\/logo\/image\/\"},\"sameAs\":[\"https:\/\/www.facebook.com\/profile.php?id=100090733639311\",\"https:\/\/x.com\/talkpalai\",\"https:\/\/www.linkedin.com\/company\/talkpal\/\",\"https:\/\/www.youtube.com\/@TalkPal\/\",\"https:\/\/www.tiktok.com\/@talkpal\",\"https:\/\/www.instagram.com\/talkpal_ai\/\",\"https:\/\/www.crunchbase.com\/organization\/talkpal-9cde\",\"https:\/\/www.g2.com\/products\/talkpal-for-business\/\",\"https:\/\/www.trustpilot.com\/review\/talkpal.ai\",\"https:\/\/www.capterra.com\/p\/10006800\/TalkPal\/\"],\"description\":\"Talkpal is a language learning web and mobile education app, powered by the latest AI technologies, that provides engaging experiences to its customers in many different languages to help them improve their language skills. Users can chat about unlimited amount of topics with the app and use other modes to practice their language learning.\",\"email\":\"support@talkpal.ai\",\"legalName\":\"Talkpal, Inc.\",\"foundingDate\":\"2023-04-03\",\"duns\":\"118989042\",\"numberOfEmployees\":{\"@type\":\"QuantitativeValue\",\"minValue\":\"11\",\"maxValue\":\"50\"},\"publishingPrinciples\":\"https:\/\/talkpal.ai\/publishing-principles\/\",\"actionableFeedbackPolicy\":\"https:\/\/talkpal.ai\/actionable-feedback-policy\/\",\"correctionsPolicy\":\"https:\/\/talkpal.ai\/corrections-policy\/\",\"ethicsPolicy\":\"https:\/\/talkpal.ai\/ethics-policy\/\",\"diversityPolicy\":\"https:\/\/talkpal.ai\/diversity-policy\/\",\"diversityStaffingReport\":\"https:\/\/talkpal.ai\/diversity-policy\/\"}]}<\/script>\n<!-- \/ Yoast SEO Premium plugin. -->","yoast_head_json":{"title":"B\u00e0i t\u1eadp ng\u1eef ph\u00e1p ti\u1ebfng Ba T\u01b0 - Talkpal","description":"N\u1eafm v\u1eefng c\u00e1c b\u00e0i t\u1eadp ng\u1eef ph\u00e1p ti\u1ebfng Ba T\u01b0 \u0111\u1ec3 c\u1ee7ng c\u1ed1 k\u1ef9 n\u0103ng ng\u00f4n ng\u1eef c\u1ee7a b\u1ea1n v\u00e0 kh\u00e1m ph\u00e1 v\u0103n h\u00f3a c\u1ee7a c\u00e1c v\u00f9ng n\u00f3i ti\u1ebfng Ba T\u01b0.","robots":{"index":"index","follow":"follow","max-snippet":"max-snippet:-1","max-image-preview":"max-image-preview:large","max-video-preview":"max-video-preview:-1"},"canonical":"https:\/\/talkpal.ai\/vi\/bai-tap-ngu-phap-tieng-ba-tu\/","og_locale":"vi_VN","og_type":"article","og_title":"B\u00e0i t\u1eadp ng\u1eef ph\u00e1p ti\u1ebfng Ba T\u01b0","og_description":"Ch\u1ee7 \u0111\u1ec1 ng\u1eef ph\u00e1p ti\u1ebfng Ba T\u01b0 H\u1ecdc ti\u1ebfng Ba T\u01b0, c\u00f2n \u0111\u01b0\u1ee3c g\u1ecdi l\u00e0 ti\u1ebfng Ba T\u01b0, c\u00f3 th\u1ec3 l\u00e0 m\u1ed9t h\u00e0nh tr\u00ecnh th\u00fa v\u1ecb v\u00e0 b\u1ed5 \u00edch, m\u1edf ra c\u01a1 h\u1ed9i m\u1edbi \u0111\u1ec3 hi\u1ec3u v\u1ec1 v\u0103n h\u00f3a","og_url":"https:\/\/talkpal.ai\/vi\/bai-tap-ngu-phap-tieng-ba-tu\/","og_site_name":"Talkpal","article_publisher":"https:\/\/www.facebook.com\/profile.php?id=100090733639311","article_modified_time":"2025-12-17T15:13:35+00:00","og_image":[{"width":512,"height":512,"url":"https:\/\/talkpal.ai\/wp-content\/uploads\/2023\/05\/Persian-iran.png","type":"image\/png"}],"twitter_card":"summary_large_image","twitter_site":"@talkpalai","twitter_misc":{"Est. reading time":"5 minutes"},"schema":{"@context":"https:\/\/schema.org","@graph":[{"@type":"WebPage","@id":"https:\/\/talkpal.ai\/vi\/bai-tap-ngu-phap-tieng-ba-tu\/","url":"https:\/\/talkpal.ai\/vi\/bai-tap-ngu-phap-tieng-ba-tu\/","name":"B\u00e0i t\u1eadp ng\u1eef ph\u00e1p ti\u1ebfng Ba T\u01b0 - Talkpal","isPartOf":{"@id":"https:\/\/talkpal.ai\/vi\/#website"},"primaryImageOfPage":{"@id":"https:\/\/talkpal.ai\/vi\/bai-tap-ngu-phap-tieng-ba-tu\/#primaryimage"},"image":{"@id":"https:\/\/talkpal.ai\/vi\/bai-tap-ngu-phap-tieng-ba-tu\/#primaryimage"},"thumbnailUrl":"https:\/\/talkpal.ai\/wp-content\/uploads\/2023\/05\/Persian-iran.png","datePublished":"2023-06-27T08:51:37+00:00","dateModified":"2025-12-17T15:13:35+00:00","description":"N\u1eafm v\u1eefng c\u00e1c b\u00e0i t\u1eadp ng\u1eef ph\u00e1p ti\u1ebfng Ba T\u01b0 \u0111\u1ec3 c\u1ee7ng c\u1ed1 k\u1ef9 n\u0103ng ng\u00f4n ng\u1eef c\u1ee7a b\u1ea1n v\u00e0 kh\u00e1m ph\u00e1 v\u0103n h\u00f3a c\u1ee7a c\u00e1c v\u00f9ng n\u00f3i ti\u1ebfng Ba T\u01b0.","breadcrumb":{"@id":"https:\/\/talkpal.ai\/vi\/bai-tap-ngu-phap-tieng-ba-tu\/#breadcrumb"},"inLanguage":"vi-VN","potentialAction":[{"@type":"ReadAction","target":["https:\/\/talkpal.ai\/vi\/bai-tap-ngu-phap-tieng-ba-tu\/"]}]},{"@type":"ImageObject","inLanguage":"vi-VN","@id":"https:\/\/talkpal.ai\/vi\/bai-tap-ngu-phap-tieng-ba-tu\/#primaryimage","url":"https:\/\/talkpal.ai\/wp-content\/uploads\/2023\/05\/Persian-iran.png","contentUrl":"https:\/\/talkpal.ai\/wp-content\/uploads\/2023\/05\/Persian-iran.png","width":512,"height":512,"caption":"TalkPal Persian - Iran Flag"},{"@type":"BreadcrumbList","@id":"https:\/\/talkpal.ai\/vi\/bai-tap-ngu-phap-tieng-ba-tu\/#breadcrumb","itemListElement":[{"@type":"ListItem","position":1,"name":"Homepage","item":"https:\/\/talkpal.ai\/vi\/giao-vien-ngon-ngu-ai-3\/"},{"@type":"ListItem","position":2,"name":"B\u00e0i t\u1eadp ng\u1eef ph\u00e1p ti\u1ebfng Ba T\u01b0"}]},{"@type":"WebSite","@id":"https:\/\/talkpal.ai\/vi\/#website","url":"https:\/\/talkpal.ai\/vi\/","name":"Talkpal","description":"AI Language Learning","publisher":{"@id":"https:\/\/talkpal.ai\/vi\/#organization"},"alternateName":"Talkpal AI","potentialAction":[{"@type":"SearchAction","target":{"@type":"EntryPoint","urlTemplate":"https:\/\/talkpal.ai\/vi\/?s={search_term_string}"},"query-input":{"@type":"PropertyValueSpecification","valueRequired":true,"valueName":"search_term_string"}}],"inLanguage":"vi-VN"},{"@type":"Organization","@id":"https:\/\/talkpal.ai\/vi\/#organization","name":"Talkpal, Inc.","alternateName":"Talkpal AI","url":"https:\/\/talkpal.ai\/vi\/","logo":{"@type":"ImageObject","inLanguage":"vi-VN","@id":"https:\/\/talkpal.ai\/vi\/#\/schema\/logo\/image\/","url":"https:\/\/talkpal.ai\/wp-content\/uploads\/2024\/03\/Talkpal-Logo-Icon.png","contentUrl":"https:\/\/talkpal.ai\/wp-content\/uploads\/2024\/03\/Talkpal-Logo-Icon.png","width":2880,"height":2880,"caption":"Talkpal, Inc."},"image":{"@id":"https:\/\/talkpal.ai\/vi\/#\/schema\/logo\/image\/"},"sameAs":["https:\/\/www.facebook.com\/profile.php?id=100090733639311","https:\/\/x.com\/talkpalai","https:\/\/www.linkedin.com\/company\/talkpal\/","https:\/\/www.youtube.com\/@TalkPal\/","https:\/\/www.tiktok.com\/@talkpal","https:\/\/www.instagram.com\/talkpal_ai\/","https:\/\/www.crunchbase.com\/organization\/talkpal-9cde","https:\/\/www.g2.com\/products\/talkpal-for-business\/","https:\/\/www.trustpilot.com\/review\/talkpal.ai","https:\/\/www.capterra.com\/p\/10006800\/TalkPal\/"],"description":"Talkpal is a language learning web and mobile education app, powered by the latest AI technologies, that provides engaging experiences to its customers in many different languages to help them improve their language skills. Users can chat about unlimited amount of topics with the app and use other modes to practice their language learning.","email":"support@talkpal.ai","legalName":"Talkpal, Inc.","foundingDate":"2023-04-03","duns":"118989042","numberOfEmployees":{"@type":"QuantitativeValue","minValue":"11","maxValue":"50"},"publishingPrinciples":"https:\/\/talkpal.ai\/publishing-principles\/","actionableFeedbackPolicy":"https:\/\/talkpal.ai\/actionable-feedback-policy\/","correctionsPolicy":"https:\/\/talkpal.ai\/corrections-policy\/","ethicsPolicy":"https:\/\/talkpal.ai\/ethics-policy\/","diversityPolicy":"https:\/\/talkpal.ai\/diversity-policy\/","diversityStaffingReport":"https:\/\/talkpal.ai\/diversity-policy\/"}]}},"_links":{"self":[{"href":"https:\/\/talkpal.ai\/vi\/wp-json\/wp\/v2\/pages\/1447663","targetHints":{"allow":["GET"]}}],"collection":[{"href":"https:\/\/talkpal.ai\/vi\/wp-json\/wp\/v2\/pages"}],"about":[{"href":"https:\/\/talkpal.ai\/vi\/wp-json\/wp\/v2\/types\/page"}],"author":[{"embeddable":true,"href":"https:\/\/talkpal.ai\/vi\/wp-json\/wp\/v2\/users\/6"}],"replies":[{"embeddable":true,"href":"https:\/\/talkpal.ai\/vi\/wp-json\/wp\/v2\/comments?post=1447663"}],"version-history":[{"count":0,"href":"https:\/\/talkpal.ai\/vi\/wp-json\/wp\/v2\/pages\/1447663\/revisions"}],"wp:featuredmedia":[{"embeddable":true,"href":"https:\/\/talkpal.ai\/vi\/wp-json\/wp\/v2\/media\/1442195"}],"wp:attachment":[{"href":"https:\/\/talkpal.ai\/vi\/wp-json\/wp\/v2\/media?parent=1447663"}],"curies":[{"name":"wp","href":"https:\/\/api.w.org\/{rel}","templated":true}]}}