{"id":1447654,"date":"2023-06-28T11:41:23","date_gmt":"2023-06-28T11:41:23","guid":{"rendered":"https:\/\/talkpal.ai\/bai-tap-ngu-phap-tieng-serbia\/"},"modified":"2025-12-17T09:58:20","modified_gmt":"2025-12-17T09:58:20","slug":"bai-tap-ngu-phap-tieng-serbia","status":"publish","type":"page","link":"https:\/\/talkpal.ai\/vi\/bai-tap-ngu-phap-tieng-serbia\/","title":{"rendered":"B\u00e0i t\u1eadp ng\u1eef ph\u00e1p ti\u1ebfng Serbia"},"content":{"rendered":"\r\n\r\n\r\n<section class=\"languageChallengeSection\">\r\n    <div class=\"languageInfoWrapper\">\r\n        \r\n        <h1>B\u00e0i t\u1eadp ng\u1eef ph\u00e1p ti\u1ebfng Serbia<\/h1>\r\n        <p>B\u1ea1n mu\u1ed1n t\u1ef1 tin h\u01a1n <a href=\"https:\/\/talkpal.ai\/vi\/ve\/\">v\u1ec1<\/a> <a href=\"https:\/\/talkpal.ai\/vi\/ngu-phap-tieng-serbia\/\">ti\u1ebfng Serbia<\/a>? Th\u1ef1c h\u00e0nh c\u00e1c b\u00e0i t\u1eadp <a href=\"https:\/\/talkpal.ai\/vi\/ngu-phap\/\">ng\u1eef ph\u00e1p<\/a> l\u00e0 m\u1ed9t c\u00e1ch tuy\u1ec7t v\u1eddi \u0111\u1ec3 n\u1eafm v\u1eefng c\u1ea5u tr\u00fac c\u00e2u, d\u1ea1ng \u0111\u1ed9ng t\u1eeb v\u00e0 c\u00e1c quy t\u1eafc \u0111\u1ed9c \u0111\u00e1o c\u1ee7a <a href=\"https:\/\/talkpal.ai\/vi\/hoc-ngon-ngu-cho-cac-truong-ngon-ngu\/\">ng\u00f4n ng\u1eef<\/a> Serbia. B\u1eaft \u0111\u1ea7u l\u00e0m vi\u1ec7c v\u1edbi <a href=\"https:\/\/talkpal.ai\/serbian-grammar\/\">ng\u1eef ph\u00e1p ti\u1ebfng Serbia<\/a> ngay h\u00f4m nay v\u00e0 xem c\u00e1c k\u1ef9 n\u0103ng v\u00e0 s\u1ef1 l\u01b0u lo\u00e1t c\u1ee7a b\u1ea1n ph\u00e1t tri\u1ec3n v\u1edbi m\u1ed7i b\u00e0i t\u1eadp!\n\n<\/p>\r\n\r\n                            <a class=\"getStartedHidden\" href=\"https:\/\/app.talkpal.ai\/vi\/signup?lng=\">B\u1eaft \u0111\u1ea7u nh\u00e9<\/a>\r\n        \r\n    <\/div>\r\n\r\n    <figure>\r\n    <img decoding=\"async\" width=\"768\" height=\"768\" src=\"https:\/\/talkpal.ai\/wp-content\/uploads\/2023\/06\/serbian-768x768.png\" class=\"languageImage no-lazy\" alt=\"Fast-track to fluency with language learning\" fetchpriority=\"high\" sizes=\"(max-width: 768px) 150px, 768px\" srcset=\"https:\/\/talkpal.ai\/wp-content\/uploads\/2023\/06\/serbian-768x768.png 768w, https:\/\/talkpal.ai\/wp-content\/uploads\/2023\/06\/serbian-300x300.png 300w\" \/>\r\n    \r\n\r\n    <\/figure>\r\n\r\n            <a class=\"getStartedVisible\" href=\"https:\/\/app.talkpal.ai\/vi\/signup?lng=\">B\u1eaft \u0111\u1ea7u nh\u00e9<\/a>\r\n    \r\n<\/section>\r\n\r\n\r\n<!-- <section class=\"grammarSection\">\r\n    <div class=\"grammarLinks\">\r\n            <\/div>\r\n<\/section> -->\r\n\r\n\r\n\r\n\r\n<section class=\"promotionalBanner\">\r\n    <p class=\"promotionalText\">C\u00e1ch hi\u1ec7u qu\u1ea3 nh\u1ea5t \u0111\u1ec3 h\u1ecdc m\u1ed9t ng\u00f4n ng\u1eef<\/p>\r\n    <a class=\"promotionalLink\" href=\"https:\/\/app.talkpal.ai\/vi\/signup?lng=\">D\u00f9ng th\u1eed Talkpal mi\u1ec5n ph\u00ed<\/a>\r\n<\/section>\n<div class=\"wp-block-group pageContainerStyle\"><div class=\"wp-block-group__inner-container is-layout-constrained wp-block-group-is-layout-constrained\">\n<h2 class=\"wp-block-heading\" id=\"h-serbian-grammar-topics\">Ch\u1ee7 \u0111\u1ec1 ng\u1eef ph\u00e1p ti\u1ebfng Serbia<\/h2>\n\n\n\n<p><a href=\"https:\/\/talkpal.ai\/learn-serbian\/\">H\u1ecdc ti\u1ebfng Serbia<\/a> c\u00f3 th\u1ec3 l\u00e0 m\u1ed9t tr\u1ea3i nghi\u1ec7m phong ph\u00fa v\u00ec n\u00f3 m\u1edf ra m\u1ed9t g\u00f3c nh\u00ecn v\u0103n h\u00f3a m\u1edbi, cho ph\u00e9p ti\u1ebfp c\u1eadn v\u1edbi m\u1ed9t <a href=\"https:\/\/talkpal.ai\/will-ai-kill-traditional-language-learning\/\">truy\u1ec1n th\u1ed1ng<\/a> v\u0103n h\u1ecdc phong ph\u00fa v\u00e0 c\u00f3 th\u1ec3 c\u00f3 l\u1ee3i cho nh\u1eefng ng\u01b0\u1eddi \u0111i <a href=\"https:\/\/talkpal.ai\/culture\/what-does-di-du-lich-qua-man-anh-nho-mean\/\">du l\u1ecbch<\/a> ho\u1eb7c kinh doanh \u1edf Balkan. Tuy nhi\u00ean, gi\u1ed1ng nh\u01b0 b\u1ea5t k\u1ef3 ng\u00f4n ng\u1eef n\u00e0o, ti\u1ebfng Serbia c\u00f3 s\u1ef1 ph\u1ee9c t\u1ea1p c\u1ee7a n\u00f3, \u0111\u1eb7c bi\u1ec7t l\u00e0 v\u1ec1 ng\u1eef ph\u00e1p. \u0110\u1ec3 x\u00e2y d\u1ef1ng m\u1ed9t n\u1ec1n t\u1ea3ng v\u1eefng ch\u1eafc, \u0111i\u1ec1u c\u1ea7n thi\u1ebft l\u00e0 ph\u1ea3i tu\u00e2n theo m\u1ed9t tr\u00ecnh t\u1ef1 gi\u00fap d\u1ec5 d\u00e0ng chuy\u1ec3n \u0111\u1ed5i t\u1eeb ch\u1ee7 \u0111\u1ec1 n\u00e0y sang ch\u1ee7 \u0111\u1ec1 kh\u00e1c.<\/p>\n\n\n\n<h3 class=\"wp-block-heading\" id=\"h-1-nouns\">1. Danh t\u1eeb:<\/h3>\n\n\n\n<p>B\u1eaft \u0111\u1ea7u b\u1eb1ng vi\u1ec7c hi\u1ec3u danh t\u1eeb ti\u1ebfng Serbia v\u00ec ch\u00fang l\u00e0 kh\u1ed1i x\u00e2y d\u1ef1ng c\u1ee7a ng\u00f4n ng\u1eef. Ch\u00fang thay \u0111\u1ed5i theo gi\u1edbi t\u00ednh, s\u1ed1 l\u01b0\u1ee3ng v\u00e0 tr\u01b0\u1eddng h\u1ee3p. Ti\u1ebfng Serbia c\u00f3 b\u1ea3y tr\u01b0\u1eddng h\u1ee3p, x\u00e1c \u0111\u1ecbnh vai tr\u00f2 c\u1ee7a danh t\u1eeb trong c\u00e2u.<\/p>\n\n\n\n<h3 class=\"wp-block-heading\" id=\"h-2-articles\">2. B\u00e0i vi\u1ebft:<\/h3>\n\n\n\n<p>Ti\u1ebfng Serbia kh\u00f4ng c\u00f3 m\u1ea1o t\u1eeb x\u00e1c \u0111\u1ecbnh v\u00e0 kh\u00f4ng x\u00e1c \u0111\u1ecbnh nh\u01b0 ti\u1ebfng Anh. L\u00e0m quen v\u1edbi kh\u00e1i ni\u1ec7m n\u00e0y s\u1edbm c\u00f3 th\u1ec3 tr\u00e1nh nh\u1ea7m l\u1eabn sau n\u00e0y.<\/p>\n\n\n\n<h3 class=\"wp-block-heading\" id=\"h-3-adjectives\">3. T\u00ednh t\u1eeb:<\/h3>\n\n\n\n<p>T\u00ednh t\u1eeb trong ti\u1ebfng Serbia \u0111\u1ed3ng \u00fd v\u1edbi c\u00e1c danh t\u1eeb m\u00e0 ch\u00fang s\u1eeda \u0111\u1ed5i v\u1ec1 gi\u1edbi t\u00ednh, s\u1ed1 l\u01b0\u1ee3ng v\u00e0 tr\u01b0\u1eddng h\u1ee3p. \u0110i\u1ec1u quan tr\u1ecdng l\u00e0 ph\u1ea3i h\u1ecdc ch\u00fang c\u00f9ng v\u1edbi danh t\u1eeb \u0111\u1ec3 t\u1ea1o th\u00e0nh c\u00e1c c\u00e2u m\u00f4 t\u1ea3.<\/p>\n\n\n\n<h3 class=\"wp-block-heading\" id=\"h-4-pronouns-determiners\">4. \u0110\u1ea1i t\u1eeb\/T\u1eeb \u0111\u1ecbnh \u0111\u1ecbnh:<\/h3>\n\n\n\n<p>T\u00ecm hi\u1ec3u v\u1ec1 \u0111\u1ea1i t\u1eeb c\u00e1 nh\u00e2n, s\u1edf h\u1eefu, bi\u1ec3u th\u1ecb v\u00e0 quan h\u1ec7. Ch\u00fang c\u0169ng thay \u0111\u1ed5i theo gi\u1edbi t\u00ednh, s\u1ed1 l\u01b0\u1ee3ng v\u00e0 tr\u01b0\u1eddng h\u1ee3p, gi\u1ed1ng nh\u01b0 danh t\u1eeb v\u00e0 t\u00ednh t\u1eeb.<\/p>\n\n\n\n<h3 class=\"wp-block-heading\" id=\"h-5-verbs\">5. \u0110\u1ed9ng t\u1eeb:<\/h3>\n\n\n\n<p>Hi\u1ec3u \u0111\u1ed9ng t\u1eeb l\u00e0 n\u1ec1n t\u1ea3ng v\u00ec ch\u00fang ch\u1ec9 h\u00e0nh \u0111\u1ed9ng. \u0110\u1ed9ng t\u1eeb ti\u1ebfng Serbia chia \u0111\u1ed9ng t\u1eeb theo th\u00ec, t\u00e2m tr\u1ea1ng, kh\u00eda c\u1ea1nh v\u00e0 ng\u01b0\u1eddi.<\/p>\n\n\n\n<h3 class=\"wp-block-heading\" id=\"h-6-tenses\">6. Th\u00ec:<\/h3>\n\n\n\n<p>Ti\u1ebfng Serbia c\u00f3 c\u00e1c th\u00ec kh\u00e1c nhau: hi\u1ec7n t\u1ea1i, qu\u00e1 kh\u1ee9 v\u00e0 t\u01b0\u01a1ng lai. Hi\u1ec3u nh\u1eefng th\u00ec n\u00e0y gi\u00fap th\u1ec3 hi\u1ec7n c\u00e1c h\u00e0nh \u0111\u1ed9ng x\u1ea3y ra v\u00e0o c\u00e1c th\u1eddi \u0111i\u1ec3m kh\u00e1c nhau.<\/p>\n\n\n\n<h3 class=\"wp-block-heading\" id=\"h-7-tense-comparison\">7. So s\u00e1nh c\u0103ng th\u1eb3ng:<\/h3>\n\n\n\n<p>So s\u00e1nh c\u00e1c th\u00ec gi\u00fap hi\u1ec3u s\u1ef1 kh\u00e1c bi\u1ec7t tinh t\u1ebf trong vi\u1ec7c di\u1ec5n \u0111\u1ea1t th\u1eddi gian trong ti\u1ebfng Serbia. N\u00f3 r\u1ea5t c\u1ea7n thi\u1ebft \u0111\u1ec3 th\u00e0nh th\u1ea1o c\u00e1c \u0111\u1ed9ng t\u1eeb.<\/p>\n\n\n\n<h3 class=\"wp-block-heading\" id=\"h-8-progressive-and-perfect-progressive\">8. Ti\u1ebfn b\u1ed9 v\u00e0 Ti\u1ebfn b\u1ed9 ho\u00e0n h\u1ea3o:<\/h3>\n\n\n\n<p>Ti\u1ebfng Serbia kh\u00f4ng c\u00f3 s\u1ef1 t\u01b0\u01a1ng \u0111\u01b0\u01a1ng tr\u1ef1c ti\u1ebfp v\u1edbi th\u00ec l\u0169y ti\u1ebfn ti\u1ebfng Anh, nh\u01b0ng n\u00f3 c\u00f3 c\u00e1c kh\u00eda c\u1ea1nh (ho\u00e0n h\u1ea3o v\u00e0 kh\u00f4ng ho\u00e0n h\u1ea3o) c\u00f3 th\u1ec3 di\u1ec5n \u0111\u1ea1t \u00fd ngh\u0129a t\u01b0\u01a1ng t\u1ef1.<\/p>\n\n\n\n<h3 class=\"wp-block-heading\" id=\"h-9-adverbs\">9. Tr\u1ea1ng t\u1eeb:<\/h3>\n\n\n\n<p>Tr\u1ea1ng t\u1eeb b\u1ed5 sung th\u00eam th\u00f4ng tin cho \u0111\u1ed9ng t\u1eeb, t\u00ednh t\u1eeb v\u00e0 c\u00e1c tr\u1ea1ng t\u1eeb kh\u00e1c. Ch\u00fang r\u1ea5t c\u1ea7n thi\u1ebft \u0111\u1ec3 m\u00f4 t\u1ea3 c\u00e1ch th\u1ee9c, th\u1eddi gian ho\u1eb7c \u0111\u1ecba \u0111i\u1ec3m m\u1ed9t h\u00e0nh \u0111\u1ed9ng di\u1ec5n ra.<\/p>\n\n\n\n<h3 class=\"wp-block-heading\" id=\"h-10-prepositions\">10. Gi\u1edbi t\u1eeb:<\/h3>\n\n\n\n<p>Gi\u1edbi t\u1eeb trong ti\u1ebfng Serbia \u0111\u01b0\u1ee3c s\u1eed d\u1ee5ng \u0111\u1ec3 bi\u1ec3u th\u1ecb v\u1ecb tr\u00ed, th\u1eddi gian, h\u01b0\u1edbng, l\u00fd do, v.v. Ch\u00fang y\u00eau c\u1ea7u m\u1ed9t danh t\u1eeb trong m\u1ed9t tr\u01b0\u1eddng h\u1ee3p c\u1ee5 th\u1ec3.<\/p>\n\n\n\n<h3 class=\"wp-block-heading\" id=\"h-11-conditionals\">11. \u0110i\u1ec1u ki\u1ec7n:<\/h3>\n\n\n\n<p>C\u00f3 ba lo\u1ea1i \u0111i\u1ec1u ki\u1ec7n trong ti\u1ebfng Serbia, v\u00e0 ch\u00fang \u0111\u01b0\u1ee3c s\u1eed d\u1ee5ng \u0111\u1ec3 th\u1ec3 hi\u1ec7n c\u00e1c t\u00ecnh hu\u1ed1ng c\u00f3 th\u1ec3 x\u1ea3y ra, gi\u1ea3 \u0111\u1ecbnh ho\u1eb7c kh\u00f4ng th\u1ef1c.<\/p>\n\n\n\n<p>12. C\u00e2u:<\/p>\n\n\n\n<p>Cu\u1ed1i c\u00f9ng, hi\u1ec3u c\u00e1ch t\u1ea1o c\u00e2u b\u1eb1ng ti\u1ebfng Serbia b\u1eb1ng c\u00e1ch k\u1ebft h\u1ee3p t\u1ea5t c\u1ea3 c\u00e1c y\u1ebfu t\u1ed1 tr\u00ean l\u00e0 r\u1ea5t quan tr\u1ecdng \u0111\u1ec3 b\u1eaft \u0111\u1ea7u giao ti\u1ebfp hi\u1ec7u qu\u1ea3 b\u1eb1ng ng\u00f4n ng\u1eef n\u00e0y.<\/p>\n<\/div><\/div>\n\r\n<section class=\"learnNavigationSection\">\r\n            \r\n        <a href=\"https:\/\/talkpal.ai\/vi\/hoc-tieng-serbia\/\">\r\n            <div class=\"learnNavigationWrapper\">\r\n                <div class=\"learnNavigationContent\">\r\n                    <img decoding=\"async\" src=\"https:\/\/talkpal.ai\/wp-content\/uploads\/2024\/08\/Serbian.jpg\" alt=\"Serbian Flag\">\r\n                    <div>\r\n                        <h4>Gi\u1edbi thi\u1ec7u v\u1ec1 Serbia Learning<\/h4>\r\n                        <p>T\u00ecm hi\u1ec3u t\u1ea5t c\u1ea3 v\u1ec1 ng\u1eef ph\u00e1p Serbia.<\/p>\r\n                    <\/div>\r\n                <\/div>\r\n            <\/div>\r\n        <\/a>\r\n\r\n        \r\n        <a href=\"https:\/\/talkpal.ai\/vi\/ngu-phap-tieng-serbia\/\">\r\n            <div class=\"learnNavigationWrapper\">\r\n                <div class=\"learnNavigationContent\">\r\n                    <img decoding=\"async\" src=\"https:\/\/talkpal.ai\/wp-content\/uploads\/2024\/08\/Serbian.jpg\" alt=\"Serbian Flag\">\r\n                    <div>\r\n                        <h4>B\u00e0i h\u1ecdc ng\u1eef ph\u00e1p ti\u1ebfng Serbia<\/h4>\r\n                        <p>Th\u1ef1c h\u00e0nh ng\u1eef ph\u00e1p ti\u1ebfng Serbia.<\/p>\r\n                    <\/div>\r\n                <\/div>\r\n            <\/div>\r\n        <\/a>\r\n\r\n        \r\n        <a href=\"https:\/\/talkpal.ai\/vocabulary_language\/serbian\/\">\r\n            <div class=\"learnNavigationWrapper\">\r\n                <div class=\"learnNavigationContent\">\r\n                    <img decoding=\"async\" src=\"https:\/\/talkpal.ai\/wp-content\/uploads\/2024\/08\/Serbian.jpg\" alt=\"Serbian Flag\">\r\n                    <div>\r\n                        <h4>T\u1eeb v\u1ef1ng ti\u1ebfng Serbia<\/h4>\r\n                        <p>M\u1edf r\u1ed9ng v\u1ed1n t\u1eeb v\u1ef1ng ti\u1ebfng Serbia c\u1ee7a b\u1ea1n.<\/p>\r\n                    <\/div>\r\n                <\/div>\r\n            <\/div>\r\n        <\/a>\r\n\r\n            <\/section>","protected":false},"excerpt":{"rendered":"<p>Ch\u1ee7 \u0111\u1ec1 ng\u1eef ph\u00e1p ti\u1ebfng Serbia H\u1ecdc ti\u1ebfng Serbia c\u00f3 th\u1ec3 l\u00e0 m\u1ed9t tr\u1ea3i nghi\u1ec7m phong ph\u00fa v\u00ec n\u00f3 m\u1edf ra m\u1ed9t g\u00f3c nh\u00ecn v\u0103n h\u00f3a m\u1edbi, cho ph\u00e9p ti\u1ebfp c\u1eadn v\u1edbi m\u1ed9t truy\u1ec1n th\u1ed1ng v\u0103n h\u1ecdc phong ph\u00fa v\u00e0 c\u00f3 th\u1ec3 c\u00f3 l\u1ee3i cho nh\u1eefng ng\u01b0\u1eddi \u0111i du l\u1ecbch ho\u1eb7c kinh doanh \u1edf Balkan. [&hellip;]<\/p>\n","protected":false},"author":6,"featured_media":1442189,"parent":0,"menu_order":0,"comment_status":"closed","ping_status":"closed","template":"LearningContentPage.php","meta":{"_acf_changed":false,"footnotes":""},"class_list":["post-1447654","page","type-page","status-publish","has-post-thumbnail","hentry"],"acf":[],"yoast_head":"<!-- This site is optimized with the Yoast SEO Premium plugin v27.2 (Yoast SEO v27.2) - https:\/\/yoast.com\/product\/yoast-seo-premium-wordpress\/ -->\n<title>B\u00e0i t\u1eadp ng\u1eef ph\u00e1p ti\u1ebfng Serbia - Talkpal<\/title>\n<meta name=\"description\" content=\"Th\u1ef1c h\u00e0nh ng\u1eef ph\u00e1p ti\u1ebfng Serbia v\u1edbi c\u00e1c b\u00e0i t\u1eadp h\u1ea5p d\u1eabn \u0111\u01b0\u1ee3c thi\u1ebft k\u1ebf \u0111\u1ec3 c\u1ea3i thi\u1ec7n tr\u00ecnh \u0111\u1ed9 c\u1ee7a b\u1ea1n. Kh\u00e1m ph\u00e1 c\u00e1c b\u00e0i h\u1ecdc t\u01b0\u01a1ng t\u00e1c!\" \/>\n<meta name=\"robots\" content=\"index, follow, max-snippet:-1, max-image-preview:large, max-video-preview:-1\" \/>\n<link rel=\"canonical\" href=\"https:\/\/talkpal.ai\/vi\/bai-tap-ngu-phap-tieng-serbia\/\" \/>\n<meta property=\"og:locale\" content=\"vi_VN\" \/>\n<meta property=\"og:type\" content=\"article\" \/>\n<meta property=\"og:title\" content=\"B\u00e0i t\u1eadp ng\u1eef ph\u00e1p ti\u1ebfng Serbia\" \/>\n<meta property=\"og:description\" content=\"Ch\u1ee7 \u0111\u1ec1 ng\u1eef ph\u00e1p ti\u1ebfng Serbia H\u1ecdc ti\u1ebfng Serbia c\u00f3 th\u1ec3 l\u00e0 m\u1ed9t tr\u1ea3i nghi\u1ec7m phong ph\u00fa v\u00ec n\u00f3 m\u1edf ra m\u1ed9t g\u00f3c nh\u00ecn v\u0103n h\u00f3a m\u1edbi, cho ph\u00e9p ti\u1ebfp c\u1eadn v\u1edbi m\u1ed9t truy\u1ec1n\" \/>\n<meta property=\"og:url\" content=\"https:\/\/talkpal.ai\/vi\/bai-tap-ngu-phap-tieng-serbia\/\" \/>\n<meta property=\"og:site_name\" content=\"Talkpal\" \/>\n<meta property=\"article:publisher\" content=\"https:\/\/www.facebook.com\/profile.php?id=100090733639311\" \/>\n<meta property=\"article:modified_time\" content=\"2025-12-17T09:58:20+00:00\" \/>\n<meta property=\"og:image\" content=\"https:\/\/talkpal.ai\/wp-content\/uploads\/2023\/05\/serbia.png\" \/>\n\t<meta property=\"og:image:width\" content=\"512\" \/>\n\t<meta property=\"og:image:height\" content=\"512\" \/>\n\t<meta property=\"og:image:type\" content=\"image\/png\" \/>\n<meta name=\"twitter:card\" content=\"summary_large_image\" \/>\n<meta name=\"twitter:site\" content=\"@talkpalai\" \/>\n<meta name=\"twitter:label1\" content=\"Est. reading time\" \/>\n\t<meta name=\"twitter:data1\" content=\"4 minutes\" \/>\n<script type=\"application\/ld+json\" class=\"yoast-schema-graph\">{\"@context\":\"https:\/\/schema.org\",\"@graph\":[{\"@type\":\"WebPage\",\"@id\":\"https:\/\/talkpal.ai\/vi\/bai-tap-ngu-phap-tieng-serbia\/\",\"url\":\"https:\/\/talkpal.ai\/vi\/bai-tap-ngu-phap-tieng-serbia\/\",\"name\":\"B\u00e0i t\u1eadp ng\u1eef ph\u00e1p ti\u1ebfng Serbia - Talkpal\",\"isPartOf\":{\"@id\":\"https:\/\/talkpal.ai\/vi\/#website\"},\"primaryImageOfPage\":{\"@id\":\"https:\/\/talkpal.ai\/vi\/bai-tap-ngu-phap-tieng-serbia\/#primaryimage\"},\"image\":{\"@id\":\"https:\/\/talkpal.ai\/vi\/bai-tap-ngu-phap-tieng-serbia\/#primaryimage\"},\"thumbnailUrl\":\"https:\/\/talkpal.ai\/wp-content\/uploads\/2023\/05\/serbia.png\",\"datePublished\":\"2023-06-28T11:41:23+00:00\",\"dateModified\":\"2025-12-17T09:58:20+00:00\",\"description\":\"Th\u1ef1c h\u00e0nh ng\u1eef ph\u00e1p ti\u1ebfng Serbia v\u1edbi c\u00e1c b\u00e0i t\u1eadp h\u1ea5p d\u1eabn \u0111\u01b0\u1ee3c thi\u1ebft k\u1ebf \u0111\u1ec3 c\u1ea3i thi\u1ec7n tr\u00ecnh \u0111\u1ed9 c\u1ee7a b\u1ea1n. Kh\u00e1m ph\u00e1 c\u00e1c b\u00e0i h\u1ecdc t\u01b0\u01a1ng t\u00e1c!\",\"breadcrumb\":{\"@id\":\"https:\/\/talkpal.ai\/vi\/bai-tap-ngu-phap-tieng-serbia\/#breadcrumb\"},\"inLanguage\":\"vi-VN\",\"potentialAction\":[{\"@type\":\"ReadAction\",\"target\":[\"https:\/\/talkpal.ai\/vi\/bai-tap-ngu-phap-tieng-serbia\/\"]}]},{\"@type\":\"ImageObject\",\"inLanguage\":\"vi-VN\",\"@id\":\"https:\/\/talkpal.ai\/vi\/bai-tap-ngu-phap-tieng-serbia\/#primaryimage\",\"url\":\"https:\/\/talkpal.ai\/wp-content\/uploads\/2023\/05\/serbia.png\",\"contentUrl\":\"https:\/\/talkpal.ai\/wp-content\/uploads\/2023\/05\/serbia.png\",\"width\":512,\"height\":512,\"caption\":\"TalkPal Serbia Flag\"},{\"@type\":\"BreadcrumbList\",\"@id\":\"https:\/\/talkpal.ai\/vi\/bai-tap-ngu-phap-tieng-serbia\/#breadcrumb\",\"itemListElement\":[{\"@type\":\"ListItem\",\"position\":1,\"name\":\"Homepage\",\"item\":\"https:\/\/talkpal.ai\/vi\/giao-vien-ngon-ngu-ai-3\/\"},{\"@type\":\"ListItem\",\"position\":2,\"name\":\"B\u00e0i t\u1eadp ng\u1eef ph\u00e1p ti\u1ebfng Serbia\"}]},{\"@type\":\"WebSite\",\"@id\":\"https:\/\/talkpal.ai\/vi\/#website\",\"url\":\"https:\/\/talkpal.ai\/vi\/\",\"name\":\"Talkpal\",\"description\":\"AI Language Learning\",\"publisher\":{\"@id\":\"https:\/\/talkpal.ai\/vi\/#organization\"},\"alternateName\":\"Talkpal AI\",\"potentialAction\":[{\"@type\":\"SearchAction\",\"target\":{\"@type\":\"EntryPoint\",\"urlTemplate\":\"https:\/\/talkpal.ai\/vi\/?s={search_term_string}\"},\"query-input\":{\"@type\":\"PropertyValueSpecification\",\"valueRequired\":true,\"valueName\":\"search_term_string\"}}],\"inLanguage\":\"vi-VN\"},{\"@type\":\"Organization\",\"@id\":\"https:\/\/talkpal.ai\/vi\/#organization\",\"name\":\"Talkpal, Inc.\",\"alternateName\":\"Talkpal AI\",\"url\":\"https:\/\/talkpal.ai\/vi\/\",\"logo\":{\"@type\":\"ImageObject\",\"inLanguage\":\"vi-VN\",\"@id\":\"https:\/\/talkpal.ai\/vi\/#\/schema\/logo\/image\/\",\"url\":\"https:\/\/talkpal.ai\/wp-content\/uploads\/2024\/03\/Talkpal-Logo-Icon.png\",\"contentUrl\":\"https:\/\/talkpal.ai\/wp-content\/uploads\/2024\/03\/Talkpal-Logo-Icon.png\",\"width\":2880,\"height\":2880,\"caption\":\"Talkpal, Inc.\"},\"image\":{\"@id\":\"https:\/\/talkpal.ai\/vi\/#\/schema\/logo\/image\/\"},\"sameAs\":[\"https:\/\/www.facebook.com\/profile.php?id=100090733639311\",\"https:\/\/x.com\/talkpalai\",\"https:\/\/www.linkedin.com\/company\/talkpal\/\",\"https:\/\/www.youtube.com\/@TalkPal\/\",\"https:\/\/www.tiktok.com\/@talkpal\",\"https:\/\/www.instagram.com\/talkpal_ai\/\",\"https:\/\/www.crunchbase.com\/organization\/talkpal-9cde\",\"https:\/\/www.g2.com\/products\/talkpal-for-business\/\",\"https:\/\/www.trustpilot.com\/review\/talkpal.ai\",\"https:\/\/www.capterra.com\/p\/10006800\/TalkPal\/\"],\"description\":\"Talkpal is a language learning web and mobile education app, powered by the latest AI technologies, that provides engaging experiences to its customers in many different languages to help them improve their language skills. Users can chat about unlimited amount of topics with the app and use other modes to practice their language learning.\",\"email\":\"support@talkpal.ai\",\"legalName\":\"Talkpal, Inc.\",\"foundingDate\":\"2023-04-03\",\"duns\":\"118989042\",\"numberOfEmployees\":{\"@type\":\"QuantitativeValue\",\"minValue\":\"11\",\"maxValue\":\"50\"},\"publishingPrinciples\":\"https:\/\/talkpal.ai\/publishing-principles\/\",\"actionableFeedbackPolicy\":\"https:\/\/talkpal.ai\/actionable-feedback-policy\/\",\"correctionsPolicy\":\"https:\/\/talkpal.ai\/corrections-policy\/\",\"ethicsPolicy\":\"https:\/\/talkpal.ai\/ethics-policy\/\",\"diversityPolicy\":\"https:\/\/talkpal.ai\/diversity-policy\/\",\"diversityStaffingReport\":\"https:\/\/talkpal.ai\/diversity-policy\/\"}]}<\/script>\n<!-- \/ Yoast SEO Premium plugin. -->","yoast_head_json":{"title":"B\u00e0i t\u1eadp ng\u1eef ph\u00e1p ti\u1ebfng Serbia - Talkpal","description":"Th\u1ef1c h\u00e0nh ng\u1eef ph\u00e1p ti\u1ebfng Serbia v\u1edbi c\u00e1c b\u00e0i t\u1eadp h\u1ea5p d\u1eabn \u0111\u01b0\u1ee3c thi\u1ebft k\u1ebf \u0111\u1ec3 c\u1ea3i thi\u1ec7n tr\u00ecnh \u0111\u1ed9 c\u1ee7a b\u1ea1n. Kh\u00e1m ph\u00e1 c\u00e1c b\u00e0i h\u1ecdc t\u01b0\u01a1ng t\u00e1c!","robots":{"index":"index","follow":"follow","max-snippet":"max-snippet:-1","max-image-preview":"max-image-preview:large","max-video-preview":"max-video-preview:-1"},"canonical":"https:\/\/talkpal.ai\/vi\/bai-tap-ngu-phap-tieng-serbia\/","og_locale":"vi_VN","og_type":"article","og_title":"B\u00e0i t\u1eadp ng\u1eef ph\u00e1p ti\u1ebfng Serbia","og_description":"Ch\u1ee7 \u0111\u1ec1 ng\u1eef ph\u00e1p ti\u1ebfng Serbia H\u1ecdc ti\u1ebfng Serbia c\u00f3 th\u1ec3 l\u00e0 m\u1ed9t tr\u1ea3i nghi\u1ec7m phong ph\u00fa v\u00ec n\u00f3 m\u1edf ra m\u1ed9t g\u00f3c nh\u00ecn v\u0103n h\u00f3a m\u1edbi, cho ph\u00e9p ti\u1ebfp c\u1eadn v\u1edbi m\u1ed9t truy\u1ec1n","og_url":"https:\/\/talkpal.ai\/vi\/bai-tap-ngu-phap-tieng-serbia\/","og_site_name":"Talkpal","article_publisher":"https:\/\/www.facebook.com\/profile.php?id=100090733639311","article_modified_time":"2025-12-17T09:58:20+00:00","og_image":[{"width":512,"height":512,"url":"https:\/\/talkpal.ai\/wp-content\/uploads\/2023\/05\/serbia.png","type":"image\/png"}],"twitter_card":"summary_large_image","twitter_site":"@talkpalai","twitter_misc":{"Est. reading time":"4 minutes"},"schema":{"@context":"https:\/\/schema.org","@graph":[{"@type":"WebPage","@id":"https:\/\/talkpal.ai\/vi\/bai-tap-ngu-phap-tieng-serbia\/","url":"https:\/\/talkpal.ai\/vi\/bai-tap-ngu-phap-tieng-serbia\/","name":"B\u00e0i t\u1eadp ng\u1eef ph\u00e1p ti\u1ebfng Serbia - Talkpal","isPartOf":{"@id":"https:\/\/talkpal.ai\/vi\/#website"},"primaryImageOfPage":{"@id":"https:\/\/talkpal.ai\/vi\/bai-tap-ngu-phap-tieng-serbia\/#primaryimage"},"image":{"@id":"https:\/\/talkpal.ai\/vi\/bai-tap-ngu-phap-tieng-serbia\/#primaryimage"},"thumbnailUrl":"https:\/\/talkpal.ai\/wp-content\/uploads\/2023\/05\/serbia.png","datePublished":"2023-06-28T11:41:23+00:00","dateModified":"2025-12-17T09:58:20+00:00","description":"Th\u1ef1c h\u00e0nh ng\u1eef ph\u00e1p ti\u1ebfng Serbia v\u1edbi c\u00e1c b\u00e0i t\u1eadp h\u1ea5p d\u1eabn \u0111\u01b0\u1ee3c thi\u1ebft k\u1ebf \u0111\u1ec3 c\u1ea3i thi\u1ec7n tr\u00ecnh \u0111\u1ed9 c\u1ee7a b\u1ea1n. Kh\u00e1m ph\u00e1 c\u00e1c b\u00e0i h\u1ecdc t\u01b0\u01a1ng t\u00e1c!","breadcrumb":{"@id":"https:\/\/talkpal.ai\/vi\/bai-tap-ngu-phap-tieng-serbia\/#breadcrumb"},"inLanguage":"vi-VN","potentialAction":[{"@type":"ReadAction","target":["https:\/\/talkpal.ai\/vi\/bai-tap-ngu-phap-tieng-serbia\/"]}]},{"@type":"ImageObject","inLanguage":"vi-VN","@id":"https:\/\/talkpal.ai\/vi\/bai-tap-ngu-phap-tieng-serbia\/#primaryimage","url":"https:\/\/talkpal.ai\/wp-content\/uploads\/2023\/05\/serbia.png","contentUrl":"https:\/\/talkpal.ai\/wp-content\/uploads\/2023\/05\/serbia.png","width":512,"height":512,"caption":"TalkPal Serbia Flag"},{"@type":"BreadcrumbList","@id":"https:\/\/talkpal.ai\/vi\/bai-tap-ngu-phap-tieng-serbia\/#breadcrumb","itemListElement":[{"@type":"ListItem","position":1,"name":"Homepage","item":"https:\/\/talkpal.ai\/vi\/giao-vien-ngon-ngu-ai-3\/"},{"@type":"ListItem","position":2,"name":"B\u00e0i t\u1eadp ng\u1eef ph\u00e1p ti\u1ebfng Serbia"}]},{"@type":"WebSite","@id":"https:\/\/talkpal.ai\/vi\/#website","url":"https:\/\/talkpal.ai\/vi\/","name":"Talkpal","description":"AI Language Learning","publisher":{"@id":"https:\/\/talkpal.ai\/vi\/#organization"},"alternateName":"Talkpal AI","potentialAction":[{"@type":"SearchAction","target":{"@type":"EntryPoint","urlTemplate":"https:\/\/talkpal.ai\/vi\/?s={search_term_string}"},"query-input":{"@type":"PropertyValueSpecification","valueRequired":true,"valueName":"search_term_string"}}],"inLanguage":"vi-VN"},{"@type":"Organization","@id":"https:\/\/talkpal.ai\/vi\/#organization","name":"Talkpal, Inc.","alternateName":"Talkpal AI","url":"https:\/\/talkpal.ai\/vi\/","logo":{"@type":"ImageObject","inLanguage":"vi-VN","@id":"https:\/\/talkpal.ai\/vi\/#\/schema\/logo\/image\/","url":"https:\/\/talkpal.ai\/wp-content\/uploads\/2024\/03\/Talkpal-Logo-Icon.png","contentUrl":"https:\/\/talkpal.ai\/wp-content\/uploads\/2024\/03\/Talkpal-Logo-Icon.png","width":2880,"height":2880,"caption":"Talkpal, Inc."},"image":{"@id":"https:\/\/talkpal.ai\/vi\/#\/schema\/logo\/image\/"},"sameAs":["https:\/\/www.facebook.com\/profile.php?id=100090733639311","https:\/\/x.com\/talkpalai","https:\/\/www.linkedin.com\/company\/talkpal\/","https:\/\/www.youtube.com\/@TalkPal\/","https:\/\/www.tiktok.com\/@talkpal","https:\/\/www.instagram.com\/talkpal_ai\/","https:\/\/www.crunchbase.com\/organization\/talkpal-9cde","https:\/\/www.g2.com\/products\/talkpal-for-business\/","https:\/\/www.trustpilot.com\/review\/talkpal.ai","https:\/\/www.capterra.com\/p\/10006800\/TalkPal\/"],"description":"Talkpal is a language learning web and mobile education app, powered by the latest AI technologies, that provides engaging experiences to its customers in many different languages to help them improve their language skills. Users can chat about unlimited amount of topics with the app and use other modes to practice their language learning.","email":"support@talkpal.ai","legalName":"Talkpal, Inc.","foundingDate":"2023-04-03","duns":"118989042","numberOfEmployees":{"@type":"QuantitativeValue","minValue":"11","maxValue":"50"},"publishingPrinciples":"https:\/\/talkpal.ai\/publishing-principles\/","actionableFeedbackPolicy":"https:\/\/talkpal.ai\/actionable-feedback-policy\/","correctionsPolicy":"https:\/\/talkpal.ai\/corrections-policy\/","ethicsPolicy":"https:\/\/talkpal.ai\/ethics-policy\/","diversityPolicy":"https:\/\/talkpal.ai\/diversity-policy\/","diversityStaffingReport":"https:\/\/talkpal.ai\/diversity-policy\/"}]}},"_links":{"self":[{"href":"https:\/\/talkpal.ai\/vi\/wp-json\/wp\/v2\/pages\/1447654","targetHints":{"allow":["GET"]}}],"collection":[{"href":"https:\/\/talkpal.ai\/vi\/wp-json\/wp\/v2\/pages"}],"about":[{"href":"https:\/\/talkpal.ai\/vi\/wp-json\/wp\/v2\/types\/page"}],"author":[{"embeddable":true,"href":"https:\/\/talkpal.ai\/vi\/wp-json\/wp\/v2\/users\/6"}],"replies":[{"embeddable":true,"href":"https:\/\/talkpal.ai\/vi\/wp-json\/wp\/v2\/comments?post=1447654"}],"version-history":[{"count":0,"href":"https:\/\/talkpal.ai\/vi\/wp-json\/wp\/v2\/pages\/1447654\/revisions"}],"wp:featuredmedia":[{"embeddable":true,"href":"https:\/\/talkpal.ai\/vi\/wp-json\/wp\/v2\/media\/1442189"}],"wp:attachment":[{"href":"https:\/\/talkpal.ai\/vi\/wp-json\/wp\/v2\/media?parent=1447654"}],"curies":[{"name":"wp","href":"https:\/\/api.w.org\/{rel}","templated":true}]}}