{"id":1447651,"date":"2023-06-28T09:53:38","date_gmt":"2023-06-28T09:53:38","guid":{"rendered":"https:\/\/talkpal.ai\/bai-tap-ngu-phap-rumani\/"},"modified":"2025-12-17T09:55:19","modified_gmt":"2025-12-17T09:55:19","slug":"bai-tap-ngu-phap-rumani","status":"publish","type":"page","link":"https:\/\/talkpal.ai\/vi\/bai-tap-ngu-phap-rumani\/","title":{"rendered":"B\u00e0i t\u1eadp ng\u1eef ph\u00e1p Rumani"},"content":{"rendered":"\r\n\r\n\r\n<section class=\"languageChallengeSection\">\r\n    <div class=\"languageInfoWrapper\">\r\n        \r\n        <h1>B\u00e0i t\u1eadp ng\u1eef ph\u00e1p Rumani<\/h1>\r\n        <p>B\u1ea1n mu\u1ed1n c\u1ea3i thi\u1ec7n k\u1ef9 n\u0103ng ti\u1ebfng Romania c\u1ee7a m\u00ecnh? Th\u1ef1c h\u00e0nh c\u00e1c b\u00e0i t\u1eadp ng\u1eef ph\u00e1p l\u00e0 m\u1ed9t c\u00e1ch ch\u1eafc ch\u1eafn \u0111\u1ec3 n\u1eafm v\u1eefng c\u1ea5u tr\u00fac c\u00e2u, c\u00e1ch chia \u0111\u1ed9ng t\u1eeb v\u00e0 c\u00e1c t\u00ednh n\u0103ng \u0111\u1ed9c \u0111\u00e1o c\u1ee7a <a href=\"https:\/\/talkpal.ai\/vi\/hoc-ngon-ngu-cho-cac-truong-ngon-ngu\/\">ng\u00f4n ng\u1eef<\/a> Romania. B\u1eaft \u0111\u1ea7u l\u00e0m vi\u1ec7c v\u1edbi <a href=\"https:\/\/talkpal.ai\/romanian-grammar\/\">ng\u1eef ph\u00e1p ti\u1ebfng Romania<\/a> ngay h\u00f4m nay v\u00e0 xem s\u1ef1 t\u1ef1 tin v\u00e0 l\u01b0u lo\u00e1t c\u1ee7a b\u1ea1n ph\u00e1t tri\u1ec3n sau m\u1ed7i b\u00e0i t\u1eadp!\n\n<\/p>\r\n\r\n                            <a class=\"getStartedHidden\" href=\"https:\/\/app.talkpal.ai\/vi\/signup?lng=\">B\u1eaft \u0111\u1ea7u nh\u00e9<\/a>\r\n        \r\n    <\/div>\r\n\r\n    <figure>\r\n    <img decoding=\"async\" width=\"768\" height=\"768\" src=\"https:\/\/talkpal.ai\/wp-content\/uploads\/2023\/06\/romanian-768x768.png\" class=\"languageImage no-lazy\" alt=\"Language learning for intellectual challenge\" fetchpriority=\"high\" sizes=\"(max-width: 768px) 150px, 768px\" srcset=\"https:\/\/talkpal.ai\/wp-content\/uploads\/2023\/06\/romanian-768x768.png 768w, https:\/\/talkpal.ai\/wp-content\/uploads\/2023\/06\/romanian-300x300.png 300w\" \/>\r\n    \r\n\r\n    <\/figure>\r\n\r\n            <a class=\"getStartedVisible\" href=\"https:\/\/app.talkpal.ai\/vi\/signup?lng=\">B\u1eaft \u0111\u1ea7u nh\u00e9<\/a>\r\n    \r\n<\/section>\r\n\r\n\r\n<!-- <section class=\"grammarSection\">\r\n    <div class=\"grammarLinks\">\r\n            <\/div>\r\n<\/section> -->\r\n\r\n\r\n\r\n\r\n<section class=\"promotionalBanner\">\r\n    <p class=\"promotionalText\">C\u00e1ch hi\u1ec7u qu\u1ea3 nh\u1ea5t \u0111\u1ec3 h\u1ecdc m\u1ed9t ng\u00f4n ng\u1eef<\/p>\r\n    <a class=\"promotionalLink\" href=\"https:\/\/app.talkpal.ai\/vi\/signup?lng=\">D\u00f9ng th\u1eed Talkpal mi\u1ec5n ph\u00ed<\/a>\r\n<\/section>\n<div class=\"wp-block-group pageContainerStyle\"><div class=\"wp-block-group__inner-container is-layout-constrained wp-block-group-is-layout-constrained\">\n<h2 class=\"wp-block-heading\" id=\"h-romanian-grammar-topics\">Ch\u1ee7 \u0111\u1ec1 ng\u1eef ph\u00e1p ti\u1ebfng Romania<\/h2>\n\n\n\n<p><a href=\"https:\/\/talkpal.ai\/vi\/hoc-tieng-han-truc-tuyen-voi-ai\/\">H\u1ecdc ti\u1ebfng<\/a> Rumani l\u00e0 m\u1ed9t n\u1ed7 l\u1ef1c b\u1ed5 \u00edch, cung c\u1ea5p nh\u1eefng hi\u1ec3u bi\u1ebft s\u00e2u s\u1eafc <a href=\"https:\/\/talkpal.ai\/vi\/ve\/\">v\u1ec1<\/a> m\u1ed9t n\u1ec1n v\u0103n h\u00f3a v\u00e0 l\u1ecbch s\u1eed phong ph\u00fa. M\u1eb7c d\u00f9 ng\u1eef ph\u00e1p ti\u1ebfng Romania r\u1ea5t ph\u1ee9c t\u1ea1p, nh\u01b0ng m\u1ed9t c\u00e1ch ti\u1ebfp c\u1eadn c\u00f3 h\u1ec7 th\u1ed1ng c\u00f3 th\u1ec3 l\u00e0m cho n\u00f3 c\u00f3 th\u1ec3 qu\u1ea3n l\u00fd \u0111\u01b0\u1ee3c. \u0110i\u1ec1u quan tr\u1ecdng l\u00e0 hi\u1ec3u c\u1ea5u tr\u00fac v\u00e0 quy t\u1eafc c\u1ee7a n\u00f3, b\u1eaft \u0111\u1ea7u v\u1edbi c\u00e1c y\u1ebfu t\u1ed1 c\u01a1 b\u1ea3n v\u00e0 d\u1ea7n d\u1ea7n chuy\u1ec3n sang c\u00e1c ch\u1ee7 \u0111\u1ec1 <a href=\"https:\/\/talkpal.ai\/vi\/hoc-tieng-anh-nang-cao\/\">n\u00e2ng cao<\/a>. H\u01b0\u1edbng d\u1eabn n\u00e0y cung c\u1ea5p m\u1ed9t tr\u00ecnh t\u1ef1 t\u1ed1i \u01b0u \u0111\u1ec3 <a href=\"https:\/\/talkpal.ai\/grammar\/\">h\u1ecdc ng\u1eef ph\u00e1p<\/a> <a href=\"https:\/\/talkpal.ai\/vi\/hoc-tieng-rumani\/\">ti\u1ebfng Rumani<\/a>, t\u1eadp trung v\u00e0o th\u00ec, \u0111\u1ed9ng t\u1eeb, danh t\u1eeb, m\u1ea1o t\u1eeb, \u0111\u1ea1i t\u1eeb\/x\u00e1c \u0111\u1ecbnh, t\u00ednh t\u1eeb, tr\u1ea1ng t\u1eeb, \u0111i\u1ec1u ki\u1ec7n, gi\u1edbi t\u1eeb v\u00e0 c\u1ea5u tr\u00fac c\u00e2u.<\/p>\n\n\n\n<h3 class=\"wp-block-heading\" id=\"h-1-nouns\">1. Danh t\u1eeb:<\/h3>\n\n\n\n<p>B\u1eaft \u0111\u1ea7u b\u1eb1ng c\u00e1ch h\u1ecdc danh t\u1eeb ti\u1ebfng Rumani, c\u00f3 gi\u1edbi t\u00ednh v\u00e0 tr\u01b0\u1eddng h\u1ee3p. L\u00e0m quen v\u1edbi c\u00e1c d\u1ea1ng danh t\u1eeb gi\u00fap hi\u1ec3u nh\u1eefng \u0111i\u1ec1u c\u01a1 b\u1ea3n c\u1ee7a ng\u00f4n ng\u1eef.<\/p>\n\n\n\n<h3 class=\"wp-block-heading\" id=\"h-2-articles\">2. B\u00e0i vi\u1ebft:<\/h3>\n\n\n\n<p>Ti\u1ebfp theo, t\u00ecm hi\u1ec3u v\u1ec1 c\u00e1c m\u1ea1o t\u1eeb, \u0111\u01b0\u1ee3c s\u1eed d\u1ee5ng v\u1edbi danh t\u1eeb. Ti\u1ebfng Romania c\u00f3 m\u1ea1o t\u1eeb x\u00e1c \u0111\u1ecbnh v\u00e0 kh\u00f4ng x\u00e1c \u0111\u1ecbnh ph\u00f9 h\u1ee3p v\u1edbi gi\u1edbi t\u00ednh, s\u1ed1 l\u01b0\u1ee3ng v\u00e0 tr\u01b0\u1eddng h\u1ee3p c\u1ee7a danh t\u1eeb.<\/p>\n\n\n\n<h3 class=\"wp-block-heading\" id=\"h-3-adjectives\">3. T\u00ednh t\u1eeb:<\/h3>\n\n\n\n<p>T\u00ednh t\u1eeb trong ti\u1ebfng Romania \u0111\u1ed3ng \u00fd v\u1ec1 gi\u1edbi t\u00ednh, s\u1ed1 l\u01b0\u1ee3ng v\u00e0 tr\u01b0\u1eddng h\u1ee3p v\u1edbi danh t\u1eeb m\u00e0 ch\u00fang s\u1eeda \u0111\u1ed5i. H\u1ecdc ch\u1ee7 \u0111\u1ec1 n\u00e0y s\u1ebd gi\u00fap n\u00e2ng cao v\u1ed1n t\u1eeb v\u1ef1ng v\u00e0 x\u00e2y d\u1ef1ng c\u00e2u.<\/p>\n\n\n\n<h3 class=\"wp-block-heading\" id=\"h-4-pronouns-determiners\">4. \u0110\u1ea1i t\u1eeb\/T\u1eeb \u0111\u1ecbnh \u0111\u1ecbnh:<\/h3>\n\n\n\n<p>Nh\u1eefng th\u1ee9 n\u00e0y thay th\u1ebf ho\u1eb7c \u0111i k\u00e8m v\u1edbi danh t\u1eeb. H\u1ecdc ch\u00fang s\u1ebd gi\u00fap b\u1ea1n tr\u00e1nh l\u1eb7p l\u1ea1i v\u00e0 l\u00e0m cho c\u00e2u c\u1ee7a b\u1ea1n \u0111a d\u1ea1ng h\u01a1n.<\/p>\n\n\n\n<h3 class=\"wp-block-heading\" id=\"h-5-verbs\">5. \u0110\u1ed9ng t\u1eeb:<\/h3>\n\n\n\n<p>\u0110\u1ed9ng t\u1eeb l\u00e0 trung t\u00e2m c\u1ee7a c\u00e2u. Ch\u00fang ch\u1ec9 ra h\u00e0nh \u0111\u1ed9ng ho\u1eb7c tr\u1ea1ng th\u00e1i t\u1ed3n t\u1ea1i. \u0110\u1ed9ng t\u1eeb ti\u1ebfng Romania \u0111\u01b0\u1ee3c chia \u0111\u1ed9ng t\u1eeb theo t\u00e2m tr\u1ea1ng, th\u00ec, ng\u01b0\u1eddi v\u00e0 s\u1ed1.<\/p>\n\n\n\n<h3 class=\"wp-block-heading\" id=\"h-6-tenses\">6. Th\u00ec:<\/h3>\n\n\n\n<p>Ti\u1ebfng Romania c\u00f3 m\u1ed9t s\u1ed1 th\u00ec \u0111\u1ec3 th\u1ec3 hi\u1ec7n h\u00e0nh \u0111\u1ed9ng trong qu\u00e1 kh\u1ee9, hi\u1ec7n t\u1ea1i v\u00e0 t\u01b0\u01a1ng lai. H\u1ecdc ch\u00fang theo th\u1ee9 t\u1ef1 &#8211; hi\u1ec7n t\u1ea1i, qu\u00e1 kh\u1ee9 v\u00e0 t\u01b0\u01a1ng lai &#8211; s\u1ebd gi\u00fap b\u1ea1n hi\u1ec3u v\u00e0 th\u1ec3 hi\u1ec7n c\u00e1c khung th\u1eddi gian kh\u00e1c nhau.<\/p>\n\n\n\n<h3 class=\"wp-block-heading\" id=\"h-7-tense-comparison\">7. So s\u00e1nh c\u0103ng th\u1eb3ng:<\/h3>\n\n\n\n<p>Hi\u1ec3u c\u00e1ch c\u00e1c th\u00ec kh\u00e1c nhau so s\u00e1nh v\u00e0 t\u01b0\u01a1ng ph\u1ea3n l\u00e0 ch\u00eca kh\u00f3a \u0111\u1ec3 s\u1eed d\u1ee5ng ch\u00fang m\u1ed9t c\u00e1ch ch\u00ednh x\u00e1c. B\u01b0\u1edbc n\u00e0y s\u1ebd gi\u00fap n\u00e2ng cao c\u00e1ch s\u1eed d\u1ee5ng \u0111\u1ed9ng t\u1eeb c\u1ee7a b\u1ea1n.<\/p>\n\n\n\n<h3 class=\"wp-block-heading\" id=\"h-8-progressive-and-perfect-progressive\">8. Ti\u1ebfn b\u1ed9 v\u00e0 Ti\u1ebfn b\u1ed9 ho\u00e0n h\u1ea3o:<\/h3>\n\n\n\n<p>\u0110\u00e2y l\u00e0 nh\u1eefng d\u1ea1ng \u0111\u1ed9ng t\u1eeb n\u00e2ng cao h\u01a1n cho ph\u00e9p b\u1ea1n th\u1ec3 hi\u1ec7n c\u00e1c h\u00e0nh \u0111\u1ed9ng \u0111ang di\u1ec5n ra ho\u1eb7c \u0111\u00e3 ho\u00e0n th\u00e0nh.<\/p>\n\n\n\n<h3 class=\"wp-block-heading\" id=\"h-9-adverbs\">9. Tr\u1ea1ng t\u1eeb:<\/h3>\n\n\n\n<p>Tr\u1ea1ng t\u1eeb s\u1eeda \u0111\u1ed5i \u0111\u1ed9ng t\u1eeb, t\u00ednh t\u1eeb ho\u1eb7c c\u00e1c tr\u1ea1ng t\u1eeb kh\u00e1c. Ch\u00fang th\u00eam chi ti\u1ebft v\u00e0o c\u00e2u c\u1ee7a b\u1ea1n, cho ph\u00e9p b\u1ea1n th\u1ec3 hi\u1ec7n c\u00e1ch th\u1ee9c, \u0111\u1ecba \u0111i\u1ec3m, th\u1eddi gian, t\u1ea7n su\u1ea5t, m\u1ee9c \u0111\u1ed9, v.v.<\/p>\n\n\n\n<h3 class=\"wp-block-heading\" id=\"h-10-conditionals\">10. \u0110i\u1ec1u ki\u1ec7n:<\/h3>\n\n\n\n<p>\u0110i\u1ec1u ki\u1ec7n th\u1ec3 hi\u1ec7n c\u00e1c t\u00ecnh hu\u1ed1ng gi\u1ea3 \u0111\u1ecbnh v\u00e0 k\u1ebft qu\u1ea3 c\u00f3 th\u1ec3 x\u1ea3y ra c\u1ee7a ch\u00fang. Ch\u00fang r\u1ea5t c\u1ea7n thi\u1ebft \u0111\u1ec3 th\u1ec3 hi\u1ec7n nh\u1eefng \u00fd t\u01b0\u1edfng ph\u1ee9c t\u1ea1p.<\/p>\n\n\n\n<h3 class=\"wp-block-heading\" id=\"h-11-prepositions\">11. Gi\u1edbi t\u1eeb:<\/h3>\n\n\n\n<p>Gi\u1edbi t\u1eeb li\u00ean k\u1ebft c\u00e1c t\u1eeb v\u00e0 c\u1ee5m t\u1eeb, cung c\u1ea5p ng\u1eef c\u1ea3nh. Ch\u00fang ch\u1ec9 ra v\u1ecb tr\u00ed, h\u01b0\u1edbng, th\u1eddi gian v\u00e0 c\u00e1c m\u1ed1i quan h\u1ec7 kh\u00e1c.<\/p>\n\n\n\n<h3 class=\"wp-block-heading\" id=\"h-12-sentences\">12. C\u00e2u:<\/h3>\n\n\n\n<p>Cu\u1ed1i c\u00f9ng, hi\u1ec3u c\u00e1ch t\u1ea5t c\u1ea3 c\u00e1c y\u1ebfu t\u1ed1 n\u00e0y k\u1ebft h\u1ee3p v\u1edbi nhau \u0111\u1ec3 t\u1ea1o th\u00e0nh c\u00e2u s\u1ebd c\u1ee7ng c\u1ed1 s\u1ef1 hi\u1ec3u bi\u1ebft c\u1ee7a b\u1ea1n v\u1ec1 ng\u1eef ph\u00e1p ti\u1ebfng Romania. Giai \u0111o\u1ea1n cu\u1ed1i c\u00f9ng n\u00e0y li\u00ean quan \u0111\u1ebfn vi\u1ec7c t\u00ecm hi\u1ec3u v\u1ec1 c\u1ea5u tr\u00fac c\u00e2u, c\u00e1c lo\u1ea1i c\u00e2u v\u00e0 d\u1ea5u c\u00e2u.<\/p>\n<\/div><\/div>\n\r\n<section class=\"learnNavigationSection\">\r\n            \r\n        <a href=\"https:\/\/talkpal.ai\/vi\/hoc-tieng-rumani\/\">\r\n            <div class=\"learnNavigationWrapper\">\r\n                <div class=\"learnNavigationContent\">\r\n                    <img decoding=\"async\" src=\"https:\/\/talkpal.ai\/wp-content\/uploads\/2024\/08\/Romanian.jpg\" alt=\"Romanian Flag\">\r\n                    <div>\r\n                        <h4>Gi\u1edbi thi\u1ec7u v\u1ec1 Romanian Learning<\/h4>\r\n                        <p>T\u00ecm hi\u1ec3u t\u1ea5t c\u1ea3 v\u1ec1 ng\u1eef ph\u00e1p ti\u1ebfng Rumani.<\/p>\r\n                    <\/div>\r\n                <\/div>\r\n            <\/div>\r\n        <\/a>\r\n\r\n        \r\n        <a href=\"https:\/\/talkpal.ai\/vi\/ngu-phap-tieng-romania\/\">\r\n            <div class=\"learnNavigationWrapper\">\r\n                <div class=\"learnNavigationContent\">\r\n                    <img decoding=\"async\" src=\"https:\/\/talkpal.ai\/wp-content\/uploads\/2024\/08\/Romanian.jpg\" alt=\"Romanian Flag\">\r\n                    <div>\r\n                        <h4>B\u00e0i h\u1ecdc ng\u1eef ph\u00e1p ti\u1ebfng Romania<\/h4>\r\n                        <p>Th\u1ef1c h\u00e0nh ng\u1eef ph\u00e1p ti\u1ebfng Rumani.<\/p>\r\n                    <\/div>\r\n                <\/div>\r\n            <\/div>\r\n        <\/a>\r\n\r\n        \r\n        <a href=\"https:\/\/talkpal.ai\/vocabulary_language\/romanian\/\">\r\n            <div class=\"learnNavigationWrapper\">\r\n                <div class=\"learnNavigationContent\">\r\n                    <img decoding=\"async\" src=\"https:\/\/talkpal.ai\/wp-content\/uploads\/2024\/08\/Romanian.jpg\" alt=\"Romanian Flag\">\r\n                    <div>\r\n                        <h4>T\u1eeb v\u1ef1ng ti\u1ebfng Romania<\/h4>\r\n                        <p>M\u1edf r\u1ed9ng v\u1ed1n t\u1eeb v\u1ef1ng ti\u1ebfng Rumani c\u1ee7a b\u1ea1n.<\/p>\r\n                    <\/div>\r\n                <\/div>\r\n            <\/div>\r\n        <\/a>\r\n\r\n            <\/section>","protected":false},"excerpt":{"rendered":"<p>Ch\u1ee7 \u0111\u1ec1 ng\u1eef ph\u00e1p ti\u1ebfng Romania H\u1ecdc ti\u1ebfng Rumani l\u00e0 m\u1ed9t n\u1ed7 l\u1ef1c b\u1ed5 \u00edch, cung c\u1ea5p nh\u1eefng hi\u1ec3u bi\u1ebft s\u00e2u s\u1eafc v\u1ec1 m\u1ed9t n\u1ec1n v\u0103n h\u00f3a v\u00e0 l\u1ecbch s\u1eed phong ph\u00fa. M\u1eb7c d\u00f9 ng\u1eef ph\u00e1p ti\u1ebfng Romania r\u1ea5t ph\u1ee9c t\u1ea1p, nh\u01b0ng m\u1ed9t c\u00e1ch ti\u1ebfp c\u1eadn c\u00f3 h\u1ec7 th\u1ed1ng c\u00f3 th\u1ec3 l\u00e0m cho n\u00f3 c\u00f3 [&hellip;]<\/p>\n","protected":false},"author":6,"featured_media":1442186,"parent":0,"menu_order":0,"comment_status":"closed","ping_status":"closed","template":"LearningContentPage.php","meta":{"_acf_changed":false,"footnotes":""},"class_list":["post-1447651","page","type-page","status-publish","has-post-thumbnail","hentry"],"acf":[],"yoast_head":"<!-- This site is optimized with the Yoast SEO Premium plugin v27.2 (Yoast SEO v27.2) - https:\/\/yoast.com\/product\/yoast-seo-premium-wordpress\/ -->\n<title>B\u00e0i t\u1eadp ng\u1eef ph\u00e1p Rumani - Talkpal<\/title>\n<meta name=\"description\" content=\"N\u1eafm v\u1eefng ng\u1eef ph\u00e1p ti\u1ebfng Romania v\u1edbi c\u00e1c b\u00e0i t\u1eadp c\u00f3 m\u1ee5c ti\u00eau. C\u00e1c b\u00e0i t\u1eadp ng\u1eef ph\u00e1p ti\u1ebfng Romania c\u1ee7a ch\u00fang t\u00f4i gi\u00fap vi\u1ec7c h\u1ecdc c\u00f3 h\u1ec7 th\u1ed1ng v\u00e0 hi\u1ec7u qu\u1ea3.\" \/>\n<meta name=\"robots\" content=\"index, follow, max-snippet:-1, max-image-preview:large, max-video-preview:-1\" \/>\n<link rel=\"canonical\" href=\"https:\/\/talkpal.ai\/vi\/bai-tap-ngu-phap-rumani\/\" \/>\n<meta property=\"og:locale\" content=\"vi_VN\" \/>\n<meta property=\"og:type\" content=\"article\" \/>\n<meta property=\"og:title\" content=\"B\u00e0i t\u1eadp ng\u1eef ph\u00e1p Rumani\" \/>\n<meta property=\"og:description\" content=\"Ch\u1ee7 \u0111\u1ec1 ng\u1eef ph\u00e1p ti\u1ebfng Romania H\u1ecdc ti\u1ebfng Rumani l\u00e0 m\u1ed9t n\u1ed7 l\u1ef1c b\u1ed5 \u00edch, cung c\u1ea5p nh\u1eefng hi\u1ec3u bi\u1ebft s\u00e2u s\u1eafc v\u1ec1 m\u1ed9t n\u1ec1n v\u0103n h\u00f3a v\u00e0 l\u1ecbch s\u1eed phong ph\u00fa. M\u1eb7c d\u00f9 ng\u1eef\" \/>\n<meta property=\"og:url\" content=\"https:\/\/talkpal.ai\/vi\/bai-tap-ngu-phap-rumani\/\" \/>\n<meta property=\"og:site_name\" content=\"Talkpal\" \/>\n<meta property=\"article:publisher\" content=\"https:\/\/www.facebook.com\/profile.php?id=100090733639311\" \/>\n<meta property=\"article:modified_time\" content=\"2025-12-17T09:55:19+00:00\" \/>\n<meta property=\"og:image\" content=\"https:\/\/talkpal.ai\/wp-content\/uploads\/2023\/05\/romania.png\" \/>\n\t<meta property=\"og:image:width\" content=\"512\" \/>\n\t<meta property=\"og:image:height\" content=\"512\" \/>\n\t<meta property=\"og:image:type\" content=\"image\/png\" \/>\n<meta name=\"twitter:card\" content=\"summary_large_image\" \/>\n<meta name=\"twitter:site\" content=\"@talkpalai\" \/>\n<meta name=\"twitter:label1\" content=\"Est. reading time\" \/>\n\t<meta name=\"twitter:data1\" content=\"4 minutes\" \/>\n<script type=\"application\/ld+json\" class=\"yoast-schema-graph\">{\"@context\":\"https:\/\/schema.org\",\"@graph\":[{\"@type\":\"WebPage\",\"@id\":\"https:\/\/talkpal.ai\/vi\/bai-tap-ngu-phap-rumani\/\",\"url\":\"https:\/\/talkpal.ai\/vi\/bai-tap-ngu-phap-rumani\/\",\"name\":\"B\u00e0i t\u1eadp ng\u1eef ph\u00e1p Rumani - Talkpal\",\"isPartOf\":{\"@id\":\"https:\/\/talkpal.ai\/vi\/#website\"},\"primaryImageOfPage\":{\"@id\":\"https:\/\/talkpal.ai\/vi\/bai-tap-ngu-phap-rumani\/#primaryimage\"},\"image\":{\"@id\":\"https:\/\/talkpal.ai\/vi\/bai-tap-ngu-phap-rumani\/#primaryimage\"},\"thumbnailUrl\":\"https:\/\/talkpal.ai\/wp-content\/uploads\/2023\/05\/romania.png\",\"datePublished\":\"2023-06-28T09:53:38+00:00\",\"dateModified\":\"2025-12-17T09:55:19+00:00\",\"description\":\"N\u1eafm v\u1eefng ng\u1eef ph\u00e1p ti\u1ebfng Romania v\u1edbi c\u00e1c b\u00e0i t\u1eadp c\u00f3 m\u1ee5c ti\u00eau. C\u00e1c b\u00e0i t\u1eadp ng\u1eef ph\u00e1p ti\u1ebfng Romania c\u1ee7a ch\u00fang t\u00f4i gi\u00fap vi\u1ec7c h\u1ecdc c\u00f3 h\u1ec7 th\u1ed1ng v\u00e0 hi\u1ec7u qu\u1ea3.\",\"breadcrumb\":{\"@id\":\"https:\/\/talkpal.ai\/vi\/bai-tap-ngu-phap-rumani\/#breadcrumb\"},\"inLanguage\":\"vi-VN\",\"potentialAction\":[{\"@type\":\"ReadAction\",\"target\":[\"https:\/\/talkpal.ai\/vi\/bai-tap-ngu-phap-rumani\/\"]}]},{\"@type\":\"ImageObject\",\"inLanguage\":\"vi-VN\",\"@id\":\"https:\/\/talkpal.ai\/vi\/bai-tap-ngu-phap-rumani\/#primaryimage\",\"url\":\"https:\/\/talkpal.ai\/wp-content\/uploads\/2023\/05\/romania.png\",\"contentUrl\":\"https:\/\/talkpal.ai\/wp-content\/uploads\/2023\/05\/romania.png\",\"width\":512,\"height\":512,\"caption\":\"TalkPal Romania Flag\"},{\"@type\":\"BreadcrumbList\",\"@id\":\"https:\/\/talkpal.ai\/vi\/bai-tap-ngu-phap-rumani\/#breadcrumb\",\"itemListElement\":[{\"@type\":\"ListItem\",\"position\":1,\"name\":\"Homepage\",\"item\":\"https:\/\/talkpal.ai\/vi\/giao-vien-ngon-ngu-ai-3\/\"},{\"@type\":\"ListItem\",\"position\":2,\"name\":\"B\u00e0i t\u1eadp ng\u1eef ph\u00e1p Rumani\"}]},{\"@type\":\"WebSite\",\"@id\":\"https:\/\/talkpal.ai\/vi\/#website\",\"url\":\"https:\/\/talkpal.ai\/vi\/\",\"name\":\"Talkpal\",\"description\":\"AI Language Learning\",\"publisher\":{\"@id\":\"https:\/\/talkpal.ai\/vi\/#organization\"},\"alternateName\":\"Talkpal AI\",\"potentialAction\":[{\"@type\":\"SearchAction\",\"target\":{\"@type\":\"EntryPoint\",\"urlTemplate\":\"https:\/\/talkpal.ai\/vi\/?s={search_term_string}\"},\"query-input\":{\"@type\":\"PropertyValueSpecification\",\"valueRequired\":true,\"valueName\":\"search_term_string\"}}],\"inLanguage\":\"vi-VN\"},{\"@type\":\"Organization\",\"@id\":\"https:\/\/talkpal.ai\/vi\/#organization\",\"name\":\"Talkpal, Inc.\",\"alternateName\":\"Talkpal AI\",\"url\":\"https:\/\/talkpal.ai\/vi\/\",\"logo\":{\"@type\":\"ImageObject\",\"inLanguage\":\"vi-VN\",\"@id\":\"https:\/\/talkpal.ai\/vi\/#\/schema\/logo\/image\/\",\"url\":\"https:\/\/talkpal.ai\/wp-content\/uploads\/2024\/03\/Talkpal-Logo-Icon.png\",\"contentUrl\":\"https:\/\/talkpal.ai\/wp-content\/uploads\/2024\/03\/Talkpal-Logo-Icon.png\",\"width\":2880,\"height\":2880,\"caption\":\"Talkpal, Inc.\"},\"image\":{\"@id\":\"https:\/\/talkpal.ai\/vi\/#\/schema\/logo\/image\/\"},\"sameAs\":[\"https:\/\/www.facebook.com\/profile.php?id=100090733639311\",\"https:\/\/x.com\/talkpalai\",\"https:\/\/www.linkedin.com\/company\/talkpal\/\",\"https:\/\/www.youtube.com\/@TalkPal\/\",\"https:\/\/www.tiktok.com\/@talkpal\",\"https:\/\/www.instagram.com\/talkpal_ai\/\",\"https:\/\/www.crunchbase.com\/organization\/talkpal-9cde\",\"https:\/\/www.g2.com\/products\/talkpal-for-business\/\",\"https:\/\/www.trustpilot.com\/review\/talkpal.ai\",\"https:\/\/www.capterra.com\/p\/10006800\/TalkPal\/\"],\"description\":\"Talkpal is a language learning web and mobile education app, powered by the latest AI technologies, that provides engaging experiences to its customers in many different languages to help them improve their language skills. Users can chat about unlimited amount of topics with the app and use other modes to practice their language learning.\",\"email\":\"support@talkpal.ai\",\"legalName\":\"Talkpal, Inc.\",\"foundingDate\":\"2023-04-03\",\"duns\":\"118989042\",\"numberOfEmployees\":{\"@type\":\"QuantitativeValue\",\"minValue\":\"11\",\"maxValue\":\"50\"},\"publishingPrinciples\":\"https:\/\/talkpal.ai\/publishing-principles\/\",\"actionableFeedbackPolicy\":\"https:\/\/talkpal.ai\/actionable-feedback-policy\/\",\"correctionsPolicy\":\"https:\/\/talkpal.ai\/corrections-policy\/\",\"ethicsPolicy\":\"https:\/\/talkpal.ai\/ethics-policy\/\",\"diversityPolicy\":\"https:\/\/talkpal.ai\/diversity-policy\/\",\"diversityStaffingReport\":\"https:\/\/talkpal.ai\/diversity-policy\/\"}]}<\/script>\n<!-- \/ Yoast SEO Premium plugin. -->","yoast_head_json":{"title":"B\u00e0i t\u1eadp ng\u1eef ph\u00e1p Rumani - Talkpal","description":"N\u1eafm v\u1eefng ng\u1eef ph\u00e1p ti\u1ebfng Romania v\u1edbi c\u00e1c b\u00e0i t\u1eadp c\u00f3 m\u1ee5c ti\u00eau. C\u00e1c b\u00e0i t\u1eadp ng\u1eef ph\u00e1p ti\u1ebfng Romania c\u1ee7a ch\u00fang t\u00f4i gi\u00fap vi\u1ec7c h\u1ecdc c\u00f3 h\u1ec7 th\u1ed1ng v\u00e0 hi\u1ec7u qu\u1ea3.","robots":{"index":"index","follow":"follow","max-snippet":"max-snippet:-1","max-image-preview":"max-image-preview:large","max-video-preview":"max-video-preview:-1"},"canonical":"https:\/\/talkpal.ai\/vi\/bai-tap-ngu-phap-rumani\/","og_locale":"vi_VN","og_type":"article","og_title":"B\u00e0i t\u1eadp ng\u1eef ph\u00e1p Rumani","og_description":"Ch\u1ee7 \u0111\u1ec1 ng\u1eef ph\u00e1p ti\u1ebfng Romania H\u1ecdc ti\u1ebfng Rumani l\u00e0 m\u1ed9t n\u1ed7 l\u1ef1c b\u1ed5 \u00edch, cung c\u1ea5p nh\u1eefng hi\u1ec3u bi\u1ebft s\u00e2u s\u1eafc v\u1ec1 m\u1ed9t n\u1ec1n v\u0103n h\u00f3a v\u00e0 l\u1ecbch s\u1eed phong ph\u00fa. M\u1eb7c d\u00f9 ng\u1eef","og_url":"https:\/\/talkpal.ai\/vi\/bai-tap-ngu-phap-rumani\/","og_site_name":"Talkpal","article_publisher":"https:\/\/www.facebook.com\/profile.php?id=100090733639311","article_modified_time":"2025-12-17T09:55:19+00:00","og_image":[{"width":512,"height":512,"url":"https:\/\/talkpal.ai\/wp-content\/uploads\/2023\/05\/romania.png","type":"image\/png"}],"twitter_card":"summary_large_image","twitter_site":"@talkpalai","twitter_misc":{"Est. reading time":"4 minutes"},"schema":{"@context":"https:\/\/schema.org","@graph":[{"@type":"WebPage","@id":"https:\/\/talkpal.ai\/vi\/bai-tap-ngu-phap-rumani\/","url":"https:\/\/talkpal.ai\/vi\/bai-tap-ngu-phap-rumani\/","name":"B\u00e0i t\u1eadp ng\u1eef ph\u00e1p Rumani - Talkpal","isPartOf":{"@id":"https:\/\/talkpal.ai\/vi\/#website"},"primaryImageOfPage":{"@id":"https:\/\/talkpal.ai\/vi\/bai-tap-ngu-phap-rumani\/#primaryimage"},"image":{"@id":"https:\/\/talkpal.ai\/vi\/bai-tap-ngu-phap-rumani\/#primaryimage"},"thumbnailUrl":"https:\/\/talkpal.ai\/wp-content\/uploads\/2023\/05\/romania.png","datePublished":"2023-06-28T09:53:38+00:00","dateModified":"2025-12-17T09:55:19+00:00","description":"N\u1eafm v\u1eefng ng\u1eef ph\u00e1p ti\u1ebfng Romania v\u1edbi c\u00e1c b\u00e0i t\u1eadp c\u00f3 m\u1ee5c ti\u00eau. C\u00e1c b\u00e0i t\u1eadp ng\u1eef ph\u00e1p ti\u1ebfng Romania c\u1ee7a ch\u00fang t\u00f4i gi\u00fap vi\u1ec7c h\u1ecdc c\u00f3 h\u1ec7 th\u1ed1ng v\u00e0 hi\u1ec7u qu\u1ea3.","breadcrumb":{"@id":"https:\/\/talkpal.ai\/vi\/bai-tap-ngu-phap-rumani\/#breadcrumb"},"inLanguage":"vi-VN","potentialAction":[{"@type":"ReadAction","target":["https:\/\/talkpal.ai\/vi\/bai-tap-ngu-phap-rumani\/"]}]},{"@type":"ImageObject","inLanguage":"vi-VN","@id":"https:\/\/talkpal.ai\/vi\/bai-tap-ngu-phap-rumani\/#primaryimage","url":"https:\/\/talkpal.ai\/wp-content\/uploads\/2023\/05\/romania.png","contentUrl":"https:\/\/talkpal.ai\/wp-content\/uploads\/2023\/05\/romania.png","width":512,"height":512,"caption":"TalkPal Romania Flag"},{"@type":"BreadcrumbList","@id":"https:\/\/talkpal.ai\/vi\/bai-tap-ngu-phap-rumani\/#breadcrumb","itemListElement":[{"@type":"ListItem","position":1,"name":"Homepage","item":"https:\/\/talkpal.ai\/vi\/giao-vien-ngon-ngu-ai-3\/"},{"@type":"ListItem","position":2,"name":"B\u00e0i t\u1eadp ng\u1eef ph\u00e1p Rumani"}]},{"@type":"WebSite","@id":"https:\/\/talkpal.ai\/vi\/#website","url":"https:\/\/talkpal.ai\/vi\/","name":"Talkpal","description":"AI Language Learning","publisher":{"@id":"https:\/\/talkpal.ai\/vi\/#organization"},"alternateName":"Talkpal AI","potentialAction":[{"@type":"SearchAction","target":{"@type":"EntryPoint","urlTemplate":"https:\/\/talkpal.ai\/vi\/?s={search_term_string}"},"query-input":{"@type":"PropertyValueSpecification","valueRequired":true,"valueName":"search_term_string"}}],"inLanguage":"vi-VN"},{"@type":"Organization","@id":"https:\/\/talkpal.ai\/vi\/#organization","name":"Talkpal, Inc.","alternateName":"Talkpal AI","url":"https:\/\/talkpal.ai\/vi\/","logo":{"@type":"ImageObject","inLanguage":"vi-VN","@id":"https:\/\/talkpal.ai\/vi\/#\/schema\/logo\/image\/","url":"https:\/\/talkpal.ai\/wp-content\/uploads\/2024\/03\/Talkpal-Logo-Icon.png","contentUrl":"https:\/\/talkpal.ai\/wp-content\/uploads\/2024\/03\/Talkpal-Logo-Icon.png","width":2880,"height":2880,"caption":"Talkpal, Inc."},"image":{"@id":"https:\/\/talkpal.ai\/vi\/#\/schema\/logo\/image\/"},"sameAs":["https:\/\/www.facebook.com\/profile.php?id=100090733639311","https:\/\/x.com\/talkpalai","https:\/\/www.linkedin.com\/company\/talkpal\/","https:\/\/www.youtube.com\/@TalkPal\/","https:\/\/www.tiktok.com\/@talkpal","https:\/\/www.instagram.com\/talkpal_ai\/","https:\/\/www.crunchbase.com\/organization\/talkpal-9cde","https:\/\/www.g2.com\/products\/talkpal-for-business\/","https:\/\/www.trustpilot.com\/review\/talkpal.ai","https:\/\/www.capterra.com\/p\/10006800\/TalkPal\/"],"description":"Talkpal is a language learning web and mobile education app, powered by the latest AI technologies, that provides engaging experiences to its customers in many different languages to help them improve their language skills. Users can chat about unlimited amount of topics with the app and use other modes to practice their language learning.","email":"support@talkpal.ai","legalName":"Talkpal, Inc.","foundingDate":"2023-04-03","duns":"118989042","numberOfEmployees":{"@type":"QuantitativeValue","minValue":"11","maxValue":"50"},"publishingPrinciples":"https:\/\/talkpal.ai\/publishing-principles\/","actionableFeedbackPolicy":"https:\/\/talkpal.ai\/actionable-feedback-policy\/","correctionsPolicy":"https:\/\/talkpal.ai\/corrections-policy\/","ethicsPolicy":"https:\/\/talkpal.ai\/ethics-policy\/","diversityPolicy":"https:\/\/talkpal.ai\/diversity-policy\/","diversityStaffingReport":"https:\/\/talkpal.ai\/diversity-policy\/"}]}},"_links":{"self":[{"href":"https:\/\/talkpal.ai\/vi\/wp-json\/wp\/v2\/pages\/1447651","targetHints":{"allow":["GET"]}}],"collection":[{"href":"https:\/\/talkpal.ai\/vi\/wp-json\/wp\/v2\/pages"}],"about":[{"href":"https:\/\/talkpal.ai\/vi\/wp-json\/wp\/v2\/types\/page"}],"author":[{"embeddable":true,"href":"https:\/\/talkpal.ai\/vi\/wp-json\/wp\/v2\/users\/6"}],"replies":[{"embeddable":true,"href":"https:\/\/talkpal.ai\/vi\/wp-json\/wp\/v2\/comments?post=1447651"}],"version-history":[{"count":0,"href":"https:\/\/talkpal.ai\/vi\/wp-json\/wp\/v2\/pages\/1447651\/revisions"}],"wp:featuredmedia":[{"embeddable":true,"href":"https:\/\/talkpal.ai\/vi\/wp-json\/wp\/v2\/media\/1442186"}],"wp:attachment":[{"href":"https:\/\/talkpal.ai\/vi\/wp-json\/wp\/v2\/media?parent=1447651"}],"curies":[{"name":"wp","href":"https:\/\/api.w.org\/{rel}","templated":true}]}}