{"id":1447480,"date":"2023-07-05T11:05:37","date_gmt":"2023-07-05T11:05:37","guid":{"rendered":"https:\/\/talkpal.ai\/bai-tap-ngu-phap-tieng-viet\/"},"modified":"2025-12-17T14:42:36","modified_gmt":"2025-12-17T14:42:36","slug":"bai-tap-ngu-phap-tieng-viet","status":"publish","type":"page","link":"https:\/\/talkpal.ai\/vi\/bai-tap-ngu-phap-tieng-viet\/","title":{"rendered":"B\u00e0i t\u1eadp ng\u1eef ph\u00e1p ti\u1ebfng Vi\u1ec7t"},"content":{"rendered":"\r\n\r\n\r\n<section class=\"languageChallengeSection\">\r\n    <div class=\"languageInfoWrapper\">\r\n        \r\n        <h1>B\u00e0i t\u1eadp ng\u1eef ph\u00e1p ti\u1ebfng Vi\u1ec7t<\/h1>\r\n        <p>H\u00e3y vui v\u1ebb v\u1edbi ng\u1eef ph\u00e1p Slovakia! Nh\u1eefng b\u00e0i t\u1eadp \u0111\u01a1n gi\u1ea3n n\u00e0y s\u1ebd gi\u00fap b\u1ea1n l\u00e0m quen v\u1edbi c\u00e1ch ho\u1ea1t \u0111\u1ed9ng c\u1ee7a <a href=\"https:\/\/talkpal.ai\/vi\/hoc-ngon-ngu-cho-cac-truong-ngon-ngu\/\">ng\u00f4n ng\u1eef<\/a> v\u00e0 t\u0103ng c\u01b0\u1eddng s\u1ef1 t\u1ef1 tin khi h\u1ecdc. S\u1eb5n s\u00e0ng? B\u1eaft \u0111\u1ea7u n\u00e0o!<\/p>\r\n\r\n                            <a class=\"getStartedHidden\" href=\"https:\/\/app.talkpal.ai\/vi\/signup?lng=\">B\u1eaft \u0111\u1ea7u nh\u00e9<\/a>\r\n        \r\n    <\/div>\r\n\r\n    <figure>\r\n    <img decoding=\"async\" width=\"768\" height=\"768\" src=\"https:\/\/talkpal.ai\/wp-content\/uploads\/2023\/06\/vietnamese-768x768.png\" class=\"languageImage no-lazy\" alt=\"Language learning for extensive cultural knowledge\" fetchpriority=\"high\" sizes=\"(max-width: 768px) 150px, 768px\" srcset=\"https:\/\/talkpal.ai\/wp-content\/uploads\/2023\/06\/vietnamese-768x768.png 768w, https:\/\/talkpal.ai\/wp-content\/uploads\/2023\/06\/vietnamese-300x300.png 300w\" \/>\r\n    \r\n\r\n    <\/figure>\r\n\r\n            <a class=\"getStartedVisible\" href=\"https:\/\/app.talkpal.ai\/vi\/signup?lng=\">B\u1eaft \u0111\u1ea7u nh\u00e9<\/a>\r\n    \r\n<\/section>\r\n\r\n\r\n<!-- <section class=\"grammarSection\">\r\n    <div class=\"grammarLinks\">\r\n            <\/div>\r\n<\/section> -->\r\n\r\n\r\n\r\n\r\n<section class=\"promotionalBanner\">\r\n    <p class=\"promotionalText\">C\u00e1ch hi\u1ec7u qu\u1ea3 nh\u1ea5t \u0111\u1ec3 h\u1ecdc m\u1ed9t ng\u00f4n ng\u1eef<\/p>\r\n    <a class=\"promotionalLink\" href=\"https:\/\/app.talkpal.ai\/vi\/signup?lng=\">D\u00f9ng th\u1eed Talkpal mi\u1ec5n ph\u00ed<\/a>\r\n<\/section>\n<div class=\"wp-block-group pageContainerStyle\"><div class=\"wp-block-group__inner-container is-layout-constrained wp-block-group-is-layout-constrained\">\n<h2 class=\"wp-block-heading\" id=\"h-vietnamese-grammar-topics\">Ch\u1ee7 \u0111\u1ec1 ng\u1eef ph\u00e1p ti\u1ebfng Vi\u1ec7t<\/h2>\n\n\n\n<p>H\u1ecdc m\u1ed9t ng\u00f4n ng\u1eef m\u1edbi c\u00f3 th\u1ec3 l\u00e0 m\u1ed9t n\u1ed7 l\u1ef1c th\u00fa v\u1ecb v\u00e0 \u0111\u1ea7y th\u1eed th\u00e1ch. Hi\u1ec3u <a href=\"https:\/\/talkpal.ai\/vi\/ngu-phap-tieng-viet\/\">ng\u1eef ph\u00e1p ti\u1ebfng Vi\u1ec7t<\/a> l\u00e0 ch\u00eca kh\u00f3a \u0111\u1ec3 m\u1edf kh\u00f3a ng\u00f4n ng\u1eef h\u1ea5p d\u1eabn n\u00e0y. \u1ede \u0111\u00e2y, ch\u00fang ta s\u1ebd th\u1ea3o lu\u1eadn v\u00e0 t\u1eadp h\u1ee3p c\u00e1c ch\u1ee7 \u0111\u1ec1 quan tr\u1ecdng theo tr\u00ecnh t\u1ef1 l\u00fd t\u01b0\u1edfng m\u00e0 ch\u00fang n\u00ean \u0111\u01b0\u1ee3c h\u1ecdc, cho ph\u00e9p t\u00edch t\u1ee5 d\u1ea7n d\u1ea7n s\u1ef1 ph\u1ee9c t\u1ea1p. H\u01b0\u1edbng d\u1eabn n\u00e0y s\u1ebd bao g\u1ed3m m\u1ecdi th\u1ee9 t\u1eeb c\u00e1c y\u1ebfu t\u1ed1 c\u01a1 b\u1ea3n nh\u01b0 danh t\u1eeb v\u00e0 \u0111\u1ed9ng t\u1eeb \u0111\u1ebfn c\u00e1c c\u1ea5u tr\u00fac ph\u1ee9c t\u1ea1p h\u01a1n nh\u01b0 th\u00ec v\u00e0 \u0111i\u1ec1u ki\u1ec7n.<\/p>\n\n\n\n<h3 class=\"wp-block-heading\" id=\"h-1-nouns\">1. Danh t\u1eeb:<\/h3>\n\n\n\n<p>B\u1eaft \u0111\u1ea7u v\u1edbi nh\u1eefng \u0111i\u1ec1u c\u01a1 b\u1ea3n b\u1eb1ng c\u00e1ch h\u1ecdc danh t\u1eeb <a href=\"https:\/\/talkpal.ai\/hoc-tieng-nhat-mien-phi-bi-quyet-nhanh-chong-va-hieu-qua\/\">ti\u1ebfng Vi\u1ec7t<\/a>. \u0110\u00e2y l\u00e0 t\u00ean c\u1ee7a con ng\u01b0\u1eddi, \u0111\u1ecba \u0111i\u1ec3m, s\u1ef1 v\u1eadt ho\u1eb7c \u00fd t\u01b0\u1edfng. Danh t\u1eeb ti\u1ebfng Vi\u1ec7t kh\u00f4ng c\u00f3 gi\u1edbi t\u00ednh n\u00ean \u0111\u01a1n gi\u1ea3n h\u01a1n so v\u1edbi m\u1ed9t s\u1ed1 ng\u00f4n ng\u1eef kh\u00e1c.<\/p>\n\n\n\n<h3 class=\"wp-block-heading\" id=\"h-2-pronouns-determiners\">2. \u0110\u1ea1i t\u1eeb\/X\u00e1c \u0111\u1ecbnh:<\/h3>\n\n\n\n<p>Khi b\u1ea1n c\u1ea3m th\u1ea5y tho\u1ea3i m\u00e1i v\u1edbi danh t\u1eeb, h\u00e3y chuy\u1ec3n sang \u0111\u1ea1i t\u1eeb v\u00e0 t\u1eeb x\u00e1c \u0111\u1ecbnh. Nh\u1eefng t\u1eeb n\u00e0y thay th\u1ebf ho\u1eb7c s\u1eeda \u0111\u1ed5i danh t\u1eeb, gi\u00fap l\u00e0m cho c\u00e2u ng\u1eafn g\u1ecdn h\u01a1n v\u00e0 tr\u00e1nh l\u1eb7p l\u1ea1i.<\/p>\n\n\n\n<h3 class=\"wp-block-heading\" id=\"h-3-verbs\">3. \u0110\u1ed9ng t\u1eeb:<\/h3>\n\n\n\n<p>\u0110\u1ed9ng t\u1eeb \u0111\u01b0\u1ee3c s\u1eed d\u1ee5ng \u0111\u1ec3 m\u00f4 t\u1ea3 c\u00e1c h\u00e0nh \u0111\u1ed9ng ho\u1eb7c tr\u1ea1ng th\u00e1i t\u1ed3n t\u1ea1i. Trong ti\u1ebfng Vi\u1ec7t, \u0111\u1ed9ng t\u1eeb kh\u00f4ng thay \u0111\u1ed5i h\u00ecnh th\u1ee9c c\u1ee7a ch\u00fang theo ch\u1ee7 ng\u1eef ho\u1eb7c th\u00ec, \u0111i\u1ec1u n\u00e0y l\u00e0m cho ch\u00fang \u00edt ph\u1ee9c t\u1ea1p h\u01a1n so v\u1edbi m\u1ed9t s\u1ed1 ng\u00f4n ng\u1eef kh\u00e1c.<\/p>\n\n\n\n<h3 class=\"wp-block-heading\" id=\"h-4-adjectives\">4. T\u00ednh t\u1eeb:<\/h3>\n\n\n\n<p>H\u1ecdc t\u00ednh t\u1eeb s\u1ebd cho ph\u00e9p b\u1ea1n m\u00f4 t\u1ea3 danh t\u1eeb chi ti\u1ebft h\u01a1n. Trong ti\u1ebfng Vi\u1ec7t, t\u00ednh t\u1eeb theo sau danh t\u1eeb m\u00e0 ch\u00fang s\u1eeda \u0111\u1ed5i, kh\u00e1c v\u1edbi <a href=\"https:\/\/talkpal.ai\/top-trang-web-luyen-noi-tieng-anh-hieu-qua-nhat-2024\/\">ti\u1ebfng Anh<\/a>.<\/p>\n\n\n\n<h3 class=\"wp-block-heading\" id=\"h-5-articles\">5. B\u00e0i vi\u1ebft:<\/h3>\n\n\n\n<p>Ti\u1ebfng Vi\u1ec7t kh\u00f4ng c\u00f3 m\u1ea1o t\u1eeb gi\u1ed1ng nh\u01b0 ti\u1ebfng Anh. Tuy nhi\u00ean, \u0111i\u1ec1u quan tr\u1ecdng l\u00e0 ph\u1ea3i hi\u1ec3u c\u00e1ch ch\u1ec9 ra t\u00ednh x\u00e1c \u0111\u1ecbnh ho\u1eb7c kh\u00f4ng x\u00e1c \u0111\u1ecbnh c\u1ee7a m\u1ed9t danh t\u1eeb.<\/p>\n\n\n\n<h3 class=\"wp-block-heading\" id=\"h-6-adverbs\">6. Tr\u1ea1ng t\u1eeb:<\/h3>\n\n\n\n<p>Tr\u1ea1ng t\u1eeb \u0111\u01b0\u1ee3c s\u1eed d\u1ee5ng \u0111\u1ec3 s\u1eeda \u0111\u1ed5i \u0111\u1ed9ng t\u1eeb, t\u00ednh t\u1eeb ho\u1eb7c c\u00e1c tr\u1ea1ng t\u1eeb kh\u00e1c. H\u1ecd c\u00f3 th\u1ec3 cung c\u1ea5p th\u00f4ng tin <a href=\"https:\/\/talkpal.ai\/vi\/ve\/\">v\u1ec1<\/a> c\u00e1ch th\u1ee9c, \u0111\u1ecba \u0111i\u1ec3m, th\u1eddi gian, t\u1ea7n su\u1ea5t, m\u1ee9c \u0111\u1ed9 v\u00e0 nh\u1eefng th\u00f4ng tin kh\u00e1c.<\/p>\n\n\n\n<h3 class=\"wp-block-heading\" id=\"h-7-prepositions\">7. Gi\u1edbi t\u1eeb:<\/h3>\n\n\n\n<p>\u0110\u00e2y l\u00e0 nh\u1eefng t\u1eeb th\u1ec3 hi\u1ec7n m\u1ed1i quan h\u1ec7 c\u1ee7a danh t\u1eeb ho\u1eb7c \u0111\u1ea1i t\u1eeb v\u1edbi m\u1ed9t t\u1eeb kh\u00e1c trong c\u00e2u. Ch\u00fang c\u00f3 th\u1ec3 ch\u1ec9 ra v\u1ecb tr\u00ed, h\u01b0\u1edbng, th\u1eddi gian, nguy\u00ean nh\u00e2n v\u00e0 c\u00e1c m\u1ed1i quan h\u1ec7 kh\u00e1c.<\/p>\n\n\n\n<h3 class=\"wp-block-heading\" id=\"h-8-tenses\">8. Th\u00ec:<\/h3>\n\n\n\n<p>Ti\u1ebfng Vi\u1ec7t kh\u00f4ng c\u00f3 th\u00ec theo ngh\u0129a <a href=\"https:\/\/talkpal.ai\/will-ai-kill-traditional-language-learning\/\">truy\u1ec1n th\u1ed1ng<\/a>. Thay v\u00e0o \u0111\u00f3, n\u00f3 s\u1eed d\u1ee5ng t\u1eeb ng\u1eef v\u00e0 ng\u1eef c\u1ea3nh \u0111\u1ec3 ch\u1ec9 ra th\u1eddi \u0111i\u1ec3m m\u1ed9t h\u00e0nh \u0111\u1ed9ng di\u1ec5n ra.<\/p>\n\n\n\n<h3 class=\"wp-block-heading\" id=\"h-9-tense-comparison\">9. So s\u00e1nh c\u0103ng th\u1eb3ng:<\/h3>\n\n\n\n<p>Hi\u1ec3u c\u00e1ch so s\u00e1nh th\u00ec trong ti\u1ebfng Vi\u1ec7t l\u00e0 r\u1ea5t quan tr\u1ecdng. \u0110i\u1ec1u n\u00e0y li\u00ean quan \u0111\u1ebfn vi\u1ec7c h\u1ecdc c\u00e1c t\u1eeb v\u00e0 c\u1ea5u tr\u00fac c\u1ee5 th\u1ec3 \u0111\u01b0\u1ee3c s\u1eed d\u1ee5ng \u0111\u1ec3 ch\u1ec9 ra nh\u1eefng thay \u0111\u1ed5i theo th\u1eddi gian.<\/p>\n\n\n\n<h3 class=\"wp-block-heading\" id=\"h-10-progressive\">10. Ti\u1ebfn b\u1ed9:<\/h3>\n\n\n\n<p>Kh\u00eda c\u1ea1nh ti\u1ebfn b\u1ed9 trong ti\u1ebfng Vi\u1ec7t \u0111\u01b0\u1ee3c s\u1eed d\u1ee5ng \u0111\u1ec3 ch\u1ec9 c\u00e1c h\u00e0nh \u0111\u1ed9ng \u0111ang di\u1ec5n ra. N\u00f3 c\u00f3 th\u1ec3 \u00e1p d\u1ee5ng cho qu\u00e1 kh\u1ee9, hi\u1ec7n t\u1ea1i ho\u1eb7c t\u01b0\u01a1ng lai.<\/p>\n\n\n\n<h3 class=\"wp-block-heading\" id=\"h-11-perfect-progressive\">11. Ti\u1ebfn b\u1ed9 ho\u00e0n h\u1ea3o:<\/h3>\n\n\n\n<p>Th\u00ec n\u00e0y \u0111\u01b0\u1ee3c s\u1eed d\u1ee5ng \u0111\u1ec3 th\u1ec3 hi\u1ec7n c\u00e1c h\u00e0nh \u0111\u1ed9ng \u0111ang di\u1ec5n ra trong qu\u00e1 kh\u1ee9 v\u00e0 c\u00f3 m\u1ed9t s\u1ed1 li\u00ean quan \u0111\u1ebfn hi\u1ec7n t\u1ea1i.<\/p>\n\n\n\n<h3 class=\"wp-block-heading\" id=\"h-12-conditionals\">12. \u0110i\u1ec1u ki\u1ec7n:<\/h3>\n\n\n\n<p>\u0110i\u1ec1u ki\u1ec7n l\u00e0 c\u00e2u th\u1ec3 hi\u1ec7n c\u00e1c t\u00ecnh hu\u1ed1ng gi\u1ea3 \u0111\u1ecbnh v\u00e0 h\u1eadu qu\u1ea3 sau \u0111\u00f3.<\/p>\n\n\n\n<h3 class=\"wp-block-heading\" id=\"h-13-sentences\">13. C\u00e2u:<\/h3>\n\n\n\n<p>Khi b\u1ea1n \u0111\u00e3 n\u1eafm b\u1eaft \u0111\u01b0\u1ee3c t\u1ea5t c\u1ea3 c\u00e1c y\u1ebfu t\u1ed1 n\u00e0y, b\u1ea1n c\u00f3 th\u1ec3 b\u1eaft \u0111\u1ea7u t\u1ea1o th\u00e0nh c\u00e1c c\u00e2u ho\u00e0n ch\u1ec9nh b\u1eb1ng ti\u1ebfng Vi\u1ec7t. \u0110i\u1ec1u n\u00e0y li\u00ean quan \u0111\u1ebfn vi\u1ec7c hi\u1ec3u c\u1ea5u tr\u00fac c\u00e2u c\u01a1 b\u1ea3n, th\u01b0\u1eddng l\u00e0 ch\u1ee7 ng\u1eef-\u0111\u1ed9ng t\u1eeb-t\u00e2n ng\u1eef.<\/p>\n<\/div><\/div>\n\r\n<section class=\"learnNavigationSection\">\r\n            \r\n        <a href=\"https:\/\/talkpal.ai\/vi\/hoc-tieng-viet\/\">\r\n            <div class=\"learnNavigationWrapper\">\r\n                <div class=\"learnNavigationContent\">\r\n                    <img decoding=\"async\" src=\"https:\/\/talkpal.ai\/wp-content\/uploads\/2024\/08\/Vietnamese.jpg\" alt=\"Vietnamise Flag\">\r\n                    <div>\r\n                        <h4>Gi\u1edbi thi\u1ec7u v\u1ec1 H\u1ecdc ti\u1ebfng Vi\u1ec7t<\/h4>\r\n                        <p>T\u00ecm hi\u1ec3u t\u1ea5t c\u1ea3 v\u1ec1 ng\u1eef ph\u00e1p ti\u1ebfng Vi\u1ec7t.<\/p>\r\n                    <\/div>\r\n                <\/div>\r\n            <\/div>\r\n        <\/a>\r\n\r\n        \r\n        <a href=\"https:\/\/talkpal.ai\/vi\/ngu-phap-tieng-viet\/\">\r\n            <div class=\"learnNavigationWrapper\">\r\n                <div class=\"learnNavigationContent\">\r\n                    <img decoding=\"async\" src=\"https:\/\/talkpal.ai\/wp-content\/uploads\/2024\/08\/Vietnamese.jpg\" alt=\"Vietnamise Flag\">\r\n                    <div>\r\n                        <h4>B\u00e0i h\u1ecdc ng\u1eef ph\u00e1p ti\u1ebfng Vi\u1ec7t<\/h4>\r\n                        <p>Th\u1ef1c h\u00e0nh ng\u1eef ph\u00e1p ti\u1ebfng Vi\u1ec7t.<\/p>\r\n                    <\/div>\r\n                <\/div>\r\n            <\/div>\r\n        <\/a>\r\n\r\n        \r\n        <a href=\"https:\/\/talkpal.ai\/vocabulary_language\/vietnamese\/\">\r\n            <div class=\"learnNavigationWrapper\">\r\n                <div class=\"learnNavigationContent\">\r\n                    <img decoding=\"async\" src=\"https:\/\/talkpal.ai\/wp-content\/uploads\/2024\/08\/Vietnamese.jpg\" alt=\"Vietnamise Flag\">\r\n                    <div>\r\n                        <h4>T\u1eeb v\u1ef1ng ti\u1ebfng Vi\u1ec7t<\/h4>\r\n                        <p>M\u1edf r\u1ed9ng v\u1ed1n t\u1eeb v\u1ef1ng ti\u1ebfng Vi\u1ec7t c\u1ee7a b\u1ea1n.<\/p>\r\n                    <\/div>\r\n                <\/div>\r\n            <\/div>\r\n        <\/a>\r\n\r\n            <\/section>","protected":false},"excerpt":{"rendered":"<p>Ch\u1ee7 \u0111\u1ec1 ng\u1eef ph\u00e1p ti\u1ebfng Vi\u1ec7t H\u1ecdc m\u1ed9t ng\u00f4n ng\u1eef m\u1edbi c\u00f3 th\u1ec3 l\u00e0 m\u1ed9t n\u1ed7 l\u1ef1c th\u00fa v\u1ecb v\u00e0 \u0111\u1ea7y th\u1eed th\u00e1ch. Hi\u1ec3u ng\u1eef ph\u00e1p ti\u1ebfng Vi\u1ec7t l\u00e0 ch\u00eca kh\u00f3a \u0111\u1ec3 m\u1edf kh\u00f3a ng\u00f4n ng\u1eef h\u1ea5p d\u1eabn n\u00e0y. \u1ede \u0111\u00e2y, ch\u00fang ta s\u1ebd th\u1ea3o lu\u1eadn v\u00e0 t\u1eadp h\u1ee3p c\u00e1c ch\u1ee7 \u0111\u1ec1 quan tr\u1ecdng theo [&hellip;]<\/p>\n","protected":false},"author":6,"featured_media":1444886,"parent":0,"menu_order":0,"comment_status":"closed","ping_status":"closed","template":"LearningContentPage.php","meta":{"_acf_changed":false,"footnotes":""},"class_list":["post-1447480","page","type-page","status-publish","has-post-thumbnail","hentry"],"acf":[],"yoast_head":"<!-- This site is optimized with the Yoast SEO Premium plugin v27.2 (Yoast SEO v27.2) - https:\/\/yoast.com\/product\/yoast-seo-premium-wordpress\/ -->\n<title>B\u00e0i t\u1eadp ng\u1eef ph\u00e1p ti\u1ebfng Vi\u1ec7t - Talkpal<\/title>\n<meta name=\"description\" content=\"M\u1edf kh\u00f3a b\u00ed m\u1eadt c\u1ee7a ng\u00f4n ng\u1eef Vi\u1ec7t Nam v\u1edbi c\u00e1c b\u00e0i t\u1eadp ng\u1eef ph\u00e1p ti\u1ebfng Vi\u1ec7t c\u1ee7a ch\u00fang t\u00f4i \u0111\u01b0\u1ee3c thi\u1ebft k\u1ebf \u0111\u1ec3 h\u1ecdc d\u1ea7n d\u1ea7n.\" \/>\n<meta name=\"robots\" content=\"index, follow, max-snippet:-1, max-image-preview:large, max-video-preview:-1\" \/>\n<link rel=\"canonical\" href=\"https:\/\/talkpal.ai\/vi\/bai-tap-ngu-phap-tieng-viet\/\" \/>\n<meta property=\"og:locale\" content=\"vi_VN\" \/>\n<meta property=\"og:type\" content=\"article\" \/>\n<meta property=\"og:title\" content=\"B\u00e0i t\u1eadp ng\u1eef ph\u00e1p ti\u1ebfng Vi\u1ec7t\" \/>\n<meta property=\"og:description\" content=\"Ch\u1ee7 \u0111\u1ec1 ng\u1eef ph\u00e1p ti\u1ebfng Vi\u1ec7t H\u1ecdc m\u1ed9t ng\u00f4n ng\u1eef m\u1edbi c\u00f3 th\u1ec3 l\u00e0 m\u1ed9t n\u1ed7 l\u1ef1c th\u00fa v\u1ecb v\u00e0 \u0111\u1ea7y th\u1eed th\u00e1ch. Hi\u1ec3u ng\u1eef ph\u00e1p ti\u1ebfng Vi\u1ec7t l\u00e0 ch\u00eca kh\u00f3a \u0111\u1ec3 m\u1edf kh\u00f3a ng\u00f4n ng\u1eef\" \/>\n<meta property=\"og:url\" content=\"https:\/\/talkpal.ai\/vi\/bai-tap-ngu-phap-tieng-viet\/\" \/>\n<meta property=\"og:site_name\" content=\"Talkpal\" \/>\n<meta property=\"article:publisher\" content=\"https:\/\/www.facebook.com\/profile.php?id=100090733639311\" \/>\n<meta property=\"article:modified_time\" content=\"2025-12-17T14:42:36+00:00\" \/>\n<meta property=\"og:image\" content=\"https:\/\/talkpal.ai\/wp-content\/uploads\/2023\/05\/vietnam.png\" \/>\n\t<meta property=\"og:image:width\" content=\"512\" \/>\n\t<meta property=\"og:image:height\" content=\"512\" \/>\n\t<meta property=\"og:image:type\" content=\"image\/png\" \/>\n<meta name=\"twitter:card\" content=\"summary_large_image\" \/>\n<meta name=\"twitter:site\" content=\"@talkpalai\" \/>\n<meta name=\"twitter:label1\" content=\"Est. reading time\" \/>\n\t<meta name=\"twitter:data1\" content=\"4 minutes\" \/>\n<script type=\"application\/ld+json\" class=\"yoast-schema-graph\">{\"@context\":\"https:\/\/schema.org\",\"@graph\":[{\"@type\":\"WebPage\",\"@id\":\"https:\/\/talkpal.ai\/vi\/bai-tap-ngu-phap-tieng-viet\/\",\"url\":\"https:\/\/talkpal.ai\/vi\/bai-tap-ngu-phap-tieng-viet\/\",\"name\":\"B\u00e0i t\u1eadp ng\u1eef ph\u00e1p ti\u1ebfng Vi\u1ec7t - Talkpal\",\"isPartOf\":{\"@id\":\"https:\/\/talkpal.ai\/vi\/#website\"},\"primaryImageOfPage\":{\"@id\":\"https:\/\/talkpal.ai\/vi\/bai-tap-ngu-phap-tieng-viet\/#primaryimage\"},\"image\":{\"@id\":\"https:\/\/talkpal.ai\/vi\/bai-tap-ngu-phap-tieng-viet\/#primaryimage\"},\"thumbnailUrl\":\"https:\/\/talkpal.ai\/wp-content\/uploads\/2023\/05\/vietnam.png\",\"datePublished\":\"2023-07-05T11:05:37+00:00\",\"dateModified\":\"2025-12-17T14:42:36+00:00\",\"description\":\"M\u1edf kh\u00f3a b\u00ed m\u1eadt c\u1ee7a ng\u00f4n ng\u1eef Vi\u1ec7t Nam v\u1edbi c\u00e1c b\u00e0i t\u1eadp ng\u1eef ph\u00e1p ti\u1ebfng Vi\u1ec7t c\u1ee7a ch\u00fang t\u00f4i \u0111\u01b0\u1ee3c thi\u1ebft k\u1ebf \u0111\u1ec3 h\u1ecdc d\u1ea7n d\u1ea7n.\",\"breadcrumb\":{\"@id\":\"https:\/\/talkpal.ai\/vi\/bai-tap-ngu-phap-tieng-viet\/#breadcrumb\"},\"inLanguage\":\"vi-VN\",\"potentialAction\":[{\"@type\":\"ReadAction\",\"target\":[\"https:\/\/talkpal.ai\/vi\/bai-tap-ngu-phap-tieng-viet\/\"]}]},{\"@type\":\"ImageObject\",\"inLanguage\":\"vi-VN\",\"@id\":\"https:\/\/talkpal.ai\/vi\/bai-tap-ngu-phap-tieng-viet\/#primaryimage\",\"url\":\"https:\/\/talkpal.ai\/wp-content\/uploads\/2023\/05\/vietnam.png\",\"contentUrl\":\"https:\/\/talkpal.ai\/wp-content\/uploads\/2023\/05\/vietnam.png\",\"width\":512,\"height\":512,\"caption\":\"TalkPal Vietnam Flag\"},{\"@type\":\"BreadcrumbList\",\"@id\":\"https:\/\/talkpal.ai\/vi\/bai-tap-ngu-phap-tieng-viet\/#breadcrumb\",\"itemListElement\":[{\"@type\":\"ListItem\",\"position\":1,\"name\":\"Homepage\",\"item\":\"https:\/\/talkpal.ai\/vi\/giao-vien-ngon-ngu-ai-3\/\"},{\"@type\":\"ListItem\",\"position\":2,\"name\":\"B\u00e0i t\u1eadp ng\u1eef ph\u00e1p ti\u1ebfng Vi\u1ec7t\"}]},{\"@type\":\"WebSite\",\"@id\":\"https:\/\/talkpal.ai\/vi\/#website\",\"url\":\"https:\/\/talkpal.ai\/vi\/\",\"name\":\"Talkpal\",\"description\":\"AI Language Learning\",\"publisher\":{\"@id\":\"https:\/\/talkpal.ai\/vi\/#organization\"},\"alternateName\":\"Talkpal AI\",\"potentialAction\":[{\"@type\":\"SearchAction\",\"target\":{\"@type\":\"EntryPoint\",\"urlTemplate\":\"https:\/\/talkpal.ai\/vi\/?s={search_term_string}\"},\"query-input\":{\"@type\":\"PropertyValueSpecification\",\"valueRequired\":true,\"valueName\":\"search_term_string\"}}],\"inLanguage\":\"vi-VN\"},{\"@type\":\"Organization\",\"@id\":\"https:\/\/talkpal.ai\/vi\/#organization\",\"name\":\"Talkpal, Inc.\",\"alternateName\":\"Talkpal AI\",\"url\":\"https:\/\/talkpal.ai\/vi\/\",\"logo\":{\"@type\":\"ImageObject\",\"inLanguage\":\"vi-VN\",\"@id\":\"https:\/\/talkpal.ai\/vi\/#\/schema\/logo\/image\/\",\"url\":\"https:\/\/talkpal.ai\/wp-content\/uploads\/2024\/03\/Talkpal-Logo-Icon.png\",\"contentUrl\":\"https:\/\/talkpal.ai\/wp-content\/uploads\/2024\/03\/Talkpal-Logo-Icon.png\",\"width\":2880,\"height\":2880,\"caption\":\"Talkpal, Inc.\"},\"image\":{\"@id\":\"https:\/\/talkpal.ai\/vi\/#\/schema\/logo\/image\/\"},\"sameAs\":[\"https:\/\/www.facebook.com\/profile.php?id=100090733639311\",\"https:\/\/x.com\/talkpalai\",\"https:\/\/www.linkedin.com\/company\/talkpal\/\",\"https:\/\/www.youtube.com\/@TalkPal\/\",\"https:\/\/www.tiktok.com\/@talkpal\",\"https:\/\/www.instagram.com\/talkpal_ai\/\",\"https:\/\/www.crunchbase.com\/organization\/talkpal-9cde\",\"https:\/\/www.g2.com\/products\/talkpal-for-business\/\",\"https:\/\/www.trustpilot.com\/review\/talkpal.ai\",\"https:\/\/www.capterra.com\/p\/10006800\/TalkPal\/\"],\"description\":\"Talkpal is a language learning web and mobile education app, powered by the latest AI technologies, that provides engaging experiences to its customers in many different languages to help them improve their language skills. Users can chat about unlimited amount of topics with the app and use other modes to practice their language learning.\",\"email\":\"support@talkpal.ai\",\"legalName\":\"Talkpal, Inc.\",\"foundingDate\":\"2023-04-03\",\"duns\":\"118989042\",\"numberOfEmployees\":{\"@type\":\"QuantitativeValue\",\"minValue\":\"11\",\"maxValue\":\"50\"},\"publishingPrinciples\":\"https:\/\/talkpal.ai\/publishing-principles\/\",\"actionableFeedbackPolicy\":\"https:\/\/talkpal.ai\/actionable-feedback-policy\/\",\"correctionsPolicy\":\"https:\/\/talkpal.ai\/corrections-policy\/\",\"ethicsPolicy\":\"https:\/\/talkpal.ai\/ethics-policy\/\",\"diversityPolicy\":\"https:\/\/talkpal.ai\/diversity-policy\/\",\"diversityStaffingReport\":\"https:\/\/talkpal.ai\/diversity-policy\/\"}]}<\/script>\n<!-- \/ Yoast SEO Premium plugin. -->","yoast_head_json":{"title":"B\u00e0i t\u1eadp ng\u1eef ph\u00e1p ti\u1ebfng Vi\u1ec7t - Talkpal","description":"M\u1edf kh\u00f3a b\u00ed m\u1eadt c\u1ee7a ng\u00f4n ng\u1eef Vi\u1ec7t Nam v\u1edbi c\u00e1c b\u00e0i t\u1eadp ng\u1eef ph\u00e1p ti\u1ebfng Vi\u1ec7t c\u1ee7a ch\u00fang t\u00f4i \u0111\u01b0\u1ee3c thi\u1ebft k\u1ebf \u0111\u1ec3 h\u1ecdc d\u1ea7n d\u1ea7n.","robots":{"index":"index","follow":"follow","max-snippet":"max-snippet:-1","max-image-preview":"max-image-preview:large","max-video-preview":"max-video-preview:-1"},"canonical":"https:\/\/talkpal.ai\/vi\/bai-tap-ngu-phap-tieng-viet\/","og_locale":"vi_VN","og_type":"article","og_title":"B\u00e0i t\u1eadp ng\u1eef ph\u00e1p ti\u1ebfng Vi\u1ec7t","og_description":"Ch\u1ee7 \u0111\u1ec1 ng\u1eef ph\u00e1p ti\u1ebfng Vi\u1ec7t H\u1ecdc m\u1ed9t ng\u00f4n ng\u1eef m\u1edbi c\u00f3 th\u1ec3 l\u00e0 m\u1ed9t n\u1ed7 l\u1ef1c th\u00fa v\u1ecb v\u00e0 \u0111\u1ea7y th\u1eed th\u00e1ch. Hi\u1ec3u ng\u1eef ph\u00e1p ti\u1ebfng Vi\u1ec7t l\u00e0 ch\u00eca kh\u00f3a \u0111\u1ec3 m\u1edf kh\u00f3a ng\u00f4n ng\u1eef","og_url":"https:\/\/talkpal.ai\/vi\/bai-tap-ngu-phap-tieng-viet\/","og_site_name":"Talkpal","article_publisher":"https:\/\/www.facebook.com\/profile.php?id=100090733639311","article_modified_time":"2025-12-17T14:42:36+00:00","og_image":[{"width":512,"height":512,"url":"https:\/\/talkpal.ai\/wp-content\/uploads\/2023\/05\/vietnam.png","type":"image\/png"}],"twitter_card":"summary_large_image","twitter_site":"@talkpalai","twitter_misc":{"Est. reading time":"4 minutes"},"schema":{"@context":"https:\/\/schema.org","@graph":[{"@type":"WebPage","@id":"https:\/\/talkpal.ai\/vi\/bai-tap-ngu-phap-tieng-viet\/","url":"https:\/\/talkpal.ai\/vi\/bai-tap-ngu-phap-tieng-viet\/","name":"B\u00e0i t\u1eadp ng\u1eef ph\u00e1p ti\u1ebfng Vi\u1ec7t - Talkpal","isPartOf":{"@id":"https:\/\/talkpal.ai\/vi\/#website"},"primaryImageOfPage":{"@id":"https:\/\/talkpal.ai\/vi\/bai-tap-ngu-phap-tieng-viet\/#primaryimage"},"image":{"@id":"https:\/\/talkpal.ai\/vi\/bai-tap-ngu-phap-tieng-viet\/#primaryimage"},"thumbnailUrl":"https:\/\/talkpal.ai\/wp-content\/uploads\/2023\/05\/vietnam.png","datePublished":"2023-07-05T11:05:37+00:00","dateModified":"2025-12-17T14:42:36+00:00","description":"M\u1edf kh\u00f3a b\u00ed m\u1eadt c\u1ee7a ng\u00f4n ng\u1eef Vi\u1ec7t Nam v\u1edbi c\u00e1c b\u00e0i t\u1eadp ng\u1eef ph\u00e1p ti\u1ebfng Vi\u1ec7t c\u1ee7a ch\u00fang t\u00f4i \u0111\u01b0\u1ee3c thi\u1ebft k\u1ebf \u0111\u1ec3 h\u1ecdc d\u1ea7n d\u1ea7n.","breadcrumb":{"@id":"https:\/\/talkpal.ai\/vi\/bai-tap-ngu-phap-tieng-viet\/#breadcrumb"},"inLanguage":"vi-VN","potentialAction":[{"@type":"ReadAction","target":["https:\/\/talkpal.ai\/vi\/bai-tap-ngu-phap-tieng-viet\/"]}]},{"@type":"ImageObject","inLanguage":"vi-VN","@id":"https:\/\/talkpal.ai\/vi\/bai-tap-ngu-phap-tieng-viet\/#primaryimage","url":"https:\/\/talkpal.ai\/wp-content\/uploads\/2023\/05\/vietnam.png","contentUrl":"https:\/\/talkpal.ai\/wp-content\/uploads\/2023\/05\/vietnam.png","width":512,"height":512,"caption":"TalkPal Vietnam Flag"},{"@type":"BreadcrumbList","@id":"https:\/\/talkpal.ai\/vi\/bai-tap-ngu-phap-tieng-viet\/#breadcrumb","itemListElement":[{"@type":"ListItem","position":1,"name":"Homepage","item":"https:\/\/talkpal.ai\/vi\/giao-vien-ngon-ngu-ai-3\/"},{"@type":"ListItem","position":2,"name":"B\u00e0i t\u1eadp ng\u1eef ph\u00e1p ti\u1ebfng Vi\u1ec7t"}]},{"@type":"WebSite","@id":"https:\/\/talkpal.ai\/vi\/#website","url":"https:\/\/talkpal.ai\/vi\/","name":"Talkpal","description":"AI Language Learning","publisher":{"@id":"https:\/\/talkpal.ai\/vi\/#organization"},"alternateName":"Talkpal AI","potentialAction":[{"@type":"SearchAction","target":{"@type":"EntryPoint","urlTemplate":"https:\/\/talkpal.ai\/vi\/?s={search_term_string}"},"query-input":{"@type":"PropertyValueSpecification","valueRequired":true,"valueName":"search_term_string"}}],"inLanguage":"vi-VN"},{"@type":"Organization","@id":"https:\/\/talkpal.ai\/vi\/#organization","name":"Talkpal, Inc.","alternateName":"Talkpal AI","url":"https:\/\/talkpal.ai\/vi\/","logo":{"@type":"ImageObject","inLanguage":"vi-VN","@id":"https:\/\/talkpal.ai\/vi\/#\/schema\/logo\/image\/","url":"https:\/\/talkpal.ai\/wp-content\/uploads\/2024\/03\/Talkpal-Logo-Icon.png","contentUrl":"https:\/\/talkpal.ai\/wp-content\/uploads\/2024\/03\/Talkpal-Logo-Icon.png","width":2880,"height":2880,"caption":"Talkpal, Inc."},"image":{"@id":"https:\/\/talkpal.ai\/vi\/#\/schema\/logo\/image\/"},"sameAs":["https:\/\/www.facebook.com\/profile.php?id=100090733639311","https:\/\/x.com\/talkpalai","https:\/\/www.linkedin.com\/company\/talkpal\/","https:\/\/www.youtube.com\/@TalkPal\/","https:\/\/www.tiktok.com\/@talkpal","https:\/\/www.instagram.com\/talkpal_ai\/","https:\/\/www.crunchbase.com\/organization\/talkpal-9cde","https:\/\/www.g2.com\/products\/talkpal-for-business\/","https:\/\/www.trustpilot.com\/review\/talkpal.ai","https:\/\/www.capterra.com\/p\/10006800\/TalkPal\/"],"description":"Talkpal is a language learning web and mobile education app, powered by the latest AI technologies, that provides engaging experiences to its customers in many different languages to help them improve their language skills. Users can chat about unlimited amount of topics with the app and use other modes to practice their language learning.","email":"support@talkpal.ai","legalName":"Talkpal, Inc.","foundingDate":"2023-04-03","duns":"118989042","numberOfEmployees":{"@type":"QuantitativeValue","minValue":"11","maxValue":"50"},"publishingPrinciples":"https:\/\/talkpal.ai\/publishing-principles\/","actionableFeedbackPolicy":"https:\/\/talkpal.ai\/actionable-feedback-policy\/","correctionsPolicy":"https:\/\/talkpal.ai\/corrections-policy\/","ethicsPolicy":"https:\/\/talkpal.ai\/ethics-policy\/","diversityPolicy":"https:\/\/talkpal.ai\/diversity-policy\/","diversityStaffingReport":"https:\/\/talkpal.ai\/diversity-policy\/"}]}},"_links":{"self":[{"href":"https:\/\/talkpal.ai\/vi\/wp-json\/wp\/v2\/pages\/1447480","targetHints":{"allow":["GET"]}}],"collection":[{"href":"https:\/\/talkpal.ai\/vi\/wp-json\/wp\/v2\/pages"}],"about":[{"href":"https:\/\/talkpal.ai\/vi\/wp-json\/wp\/v2\/types\/page"}],"author":[{"embeddable":true,"href":"https:\/\/talkpal.ai\/vi\/wp-json\/wp\/v2\/users\/6"}],"replies":[{"embeddable":true,"href":"https:\/\/talkpal.ai\/vi\/wp-json\/wp\/v2\/comments?post=1447480"}],"version-history":[{"count":0,"href":"https:\/\/talkpal.ai\/vi\/wp-json\/wp\/v2\/pages\/1447480\/revisions"}],"wp:featuredmedia":[{"embeddable":true,"href":"https:\/\/talkpal.ai\/vi\/wp-json\/wp\/v2\/media\/1444886"}],"wp:attachment":[{"href":"https:\/\/talkpal.ai\/vi\/wp-json\/wp\/v2\/media?parent=1447480"}],"curies":[{"name":"wp","href":"https:\/\/api.w.org\/{rel}","templated":true}]}}