{"id":1447456,"date":"2023-05-14T14:20:10","date_gmt":"2023-05-14T14:20:10","guid":{"rendered":"https:\/\/talkpal.ai\/ngu-phap-tieng-slovenia\/"},"modified":"2025-12-12T11:13:29","modified_gmt":"2025-12-12T11:13:29","slug":"ngu-phap-tieng-slovenia","status":"publish","type":"page","link":"https:\/\/talkpal.ai\/vi\/ngu-phap-tieng-slovenia\/","title":{"rendered":"Ng\u1eef ph\u00e1p ti\u1ebfng Slovenia"},"content":{"rendered":"\r\n\r\n\r\n<section class=\"languageChallengeSection\">\r\n    <div class=\"languageInfoWrapper\">\r\n        \r\n        <h1>Ng\u1eef ph\u00e1p ti\u1ebfng Slovenia<\/h1>\r\n        <p>M\u1edf kh\u00f3a s\u1ef1 quy\u1ebfn r\u0169 \u0111\u1eb7c bi\u1ec7t c\u1ee7a <a href=\"https:\/\/talkpal.ai\/vi\/hoc-ngon-ngu-cho-cac-truong-ngon-ngu\/\">ng\u00f4n ng\u1eef<\/a> <a href=\"https:\/\/talkpal.ai\/learn-slovenian\/\">Slovenia<\/a> b\u1eb1ng c\u00e1ch n\u1eafm v\u1eefng c\u00e1c quy t\u1eafc ng\u1eef ph\u00e1p thi\u1ebft y\u1ebfu c\u1ee7a n\u00f3. V\u1edbi s\u1ef1 n\u1eafm v\u1eefng <a href=\"https:\/\/talkpal.ai\/slovenian-grammar\/\">ng\u1eef ph\u00e1p ti\u1ebfng Slovenia<\/a>, b\u1ea1n s\u1ebd c\u00f3 th\u1ec3 k\u1ebft n\u1ed1i v\u1edbi ng\u01b0\u1eddi b\u1ea3n ng\u1eef v\u00e0 \u0111\u00e1nh gi\u00e1 cao h\u01a1n di s\u1ea3n v\u0103n h\u00f3a phong ph\u00fa c\u1ee7a \u0111\u1ea5t n\u01b0\u1edbc. B\u1eaft \u0111\u1ea7u h\u1ecdc ng\u1eef ph\u00e1p <a href=\"https:\/\/talkpal.ai\/learn-slovenian\/\">ti\u1ebfng Slovenia<\/a> ngay h\u00f4m nay v\u00e0 th\u1ef1c hi\u1ec7n b\u01b0\u1edbc \u0111\u1ea7u ti\u00ean c\u1ee7a b\u1ea1n \u0111\u1ec3 tr\u1edf n\u00ean tr\u00f4i ch\u1ea3y!<\/p>\r\n\r\n                            <a class=\"getStartedHidden\" href=\"https:\/\/app.talkpal.ai\/vi\/signup?lng=\">B\u1eaft \u0111\u1ea7u nh\u00e9<\/a>\r\n        \r\n    <\/div>\r\n\r\n    <figure>\r\n    <img decoding=\"async\" width=\"768\" height=\"768\" src=\"https:\/\/talkpal.ai\/wp-content\/uploads\/2023\/06\/slovenian-768x768.png\" class=\"languageImage no-lazy\" alt=\"Language learning for broader perspectives\" fetchpriority=\"high\" sizes=\"(max-width: 768px) 150px, 768px\" srcset=\"https:\/\/talkpal.ai\/wp-content\/uploads\/2023\/06\/slovenian-768x768.png 768w, https:\/\/talkpal.ai\/wp-content\/uploads\/2023\/06\/slovenian-300x300.png 300w\" \/>\r\n    \r\n\r\n    <\/figure>\r\n\r\n            <a class=\"getStartedVisible\" href=\"https:\/\/app.talkpal.ai\/vi\/signup?lng=\">B\u1eaft \u0111\u1ea7u nh\u00e9<\/a>\r\n    \r\n<\/section>\r\n<section class=\"promotionalBanner\">\r\n    <p class=\"promotionalText\">C\u00e1ch hi\u1ec7u qu\u1ea3 nh\u1ea5t \u0111\u1ec3 h\u1ecdc m\u1ed9t ng\u00f4n ng\u1eef<\/p>\r\n    <a class=\"promotionalLink\" href=\"https:\/\/app.talkpal.ai\/vi\/signup?lng=\">D\u00f9ng th\u1eed Talkpal mi\u1ec5n ph\u00ed<\/a>\r\n<\/section>\n<div class=\"wp-block-group pageContainerStyle\"><div class=\"wp-block-group__inner-container is-layout-constrained wp-block-group-is-layout-constrained\">\n<h1 class=\"wp-block-heading\" id=\"h-slovenian-grammar-a-short-introduction-for-language-lovers\">Ng\u1eef ph\u00e1p ti\u1ebfng Slovenia: Gi\u1edbi thi\u1ec7u ng\u1eafn cho nh\u1eefng ng\u01b0\u1eddi y\u00eau th\u00edch ng\u00f4n ng\u1eef<\/h1>\n\n\n\n<p>B\u1ea1n \u0111\u00e3 s\u1eb5n s\u00e0ng \u0111i s\u00e2u v\u00e0o th\u1ebf gi\u1edbi m\u00ea ho\u1eb7c c\u1ee7a ti\u1ebfng Slovenia, m\u1ed9t ng\u00f4n ng\u1eef Slav tuy\u1ec7t \u0111\u1eb9p ch\u01b0a? B\u1ea1n \u0111ang \u0111\u01b0\u1ee3c chi\u00eau \u0111\u00e3i! H\u01b0\u1edbng d\u1eabn ng\u1eafn n\u00e0y s\u1ebd cung c\u1ea5p cho b\u1ea1n c\u00e1i nh\u00ecn tho\u00e1ng qua <a href=\"https:\/\/talkpal.ai\/vi\/ve\/\">v\u1ec1<\/a> <a href=\"https:\/\/talkpal.ai\/slovenian-grammar\/\">ng\u1eef ph\u00e1p ti\u1ebfng Slovenia<\/a>, \u0111i\u1ec1u c\u1ea7n thi\u1ebft \u0111\u1ec3 hi\u1ec3u v\u00e0 th\u00e0nh th\u1ea1o ng\u00f4n ng\u1eef quy\u1ebfn r\u0169 n\u00e0y. V\u00ec v\u1eady, h\u00e3y b\u1eaft <a href=\"https:\/\/talkpal.ai\/learn-thai\/\">tay<\/a> v\u00e0o cu\u1ed9c phi\u00eau l\u01b0u ng\u00f4n ng\u1eef n\u00e0y v\u00e0 kh\u00e1m ph\u00e1 t\u1eebng b\u01b0\u1edbc s\u1ef1 ph\u1ee9c t\u1ea1p c\u1ee7a <a href=\"https:\/\/talkpal.ai\/vi\/ngu-phap-tieng-nga\/\">ng\u1eef ph\u00e1p ti\u1ebfng<\/a> Slovenia.<\/p>\n\n\n\n<p>Ti\u1ebfng Slovenia, c\u00f2n \u0111\u01b0\u1ee3c g\u1ecdi l\u00e0 ti\u1ebfng Slovenia, \u0111\u01b0\u1ee3c s\u1eed d\u1ee5ng ch\u1ee7 y\u1ebfu \u1edf Slovenia b\u1edfi kho\u1ea3ng 2,5 tri\u1ec7u ng\u01b0\u1eddi. L\u00e0 m\u1ed9t ng\u00f4n ng\u1eef Nam Slav, n\u00f3 c\u00f3 m\u1ed9t s\u1ed1 \u0111\u1eb7c \u0111i\u1ec3m chung v\u1edbi h\u1ecd h\u00e0ng g\u1ea7n c\u1ee7a n\u00f3, ch\u1eb3ng h\u1ea1n nh\u01b0 <a href=\"https:\/\/talkpal.ai\/vi\/ngu-phap-tieng-serbia\/\">ti\u1ebfng Serbia<\/a>, ti\u1ebfng Croatia v\u00e0 ti\u1ebfng Bulgaria. Tuy nhi\u00ean, Slovenia t\u1ef1 h\u00e0o c\u00f3 nh\u1eefng kh\u00fac quanh v\u00e0 s\u1ef1 tinh t\u1ebf \u0111\u1ed9c \u0111\u00e1o c\u1ee7a n\u00f3.<\/p>\n\n\n\n<p>Kh\u00f4ng c\u1ea7n qu\u1ea3ng c\u00e1o th\u00eam, ch\u00fang ta h\u00e3y \u0111i s\u00e2u v\u00e0o c\u00e1c kh\u00eda c\u1ea1nh ch\u00ednh c\u1ee7a ng\u1eef ph\u00e1p ti\u1ebfng Slovenia:<\/p>\n\n\n\n<h3 class=\"wp-block-heading\" id=\"h-1-nouns-and-cases\">1. Danh t\u1eeb v\u00e0 tr\u01b0\u1eddng h\u1ee3p:<\/h3>\n\n\n\n<p>Danh t\u1eeb Slovenia c\u00f3 ba gi\u1edbi t\u00ednh &#8211; nam t\u00ednh, n\u1eef t\u00ednh v\u00e0 trung t\u00ednh. M\u1ed7i danh t\u1eeb c\u00f3 th\u1ec3 \u0111\u01b0\u1ee3c s\u1eed d\u1ee5ng trong m\u1ed9t trong s\u00e1u tr\u01b0\u1eddng h\u1ee3p ti\u1ebfng Slovenia: nominative, geniitive, dative, accusative, locative v\u00e0 instrumental. Nh\u1eefng tr\u01b0\u1eddng h\u1ee3p n\u00e0y th\u1ec3 hi\u1ec7n c\u00e1c ch\u1ee9c n\u0103ng ng\u1eef ph\u00e1p ho\u1eb7c m\u1ed1i quan h\u1ec7 kh\u00e1c nhau gi\u1eefa c\u00e1c t\u1eeb, v\u00ec v\u1eady \u0111i\u1ec1u quan tr\u1ecdng l\u00e0 ph\u1ea3i t\u00ecm hi\u1ec3u c\u00e1ch s\u1eed d\u1ee5ng ch\u00fang \u0111\u00fang trong ng\u1eef c\u1ea3nh.<\/p>\n\n\n\n<h3 class=\"wp-block-heading\" id=\"h-2-articles\">2. B\u00e0i vi\u1ebft:<\/h3>\n\n\n\n<p>\u0110\u00e2y l\u00e0 m\u1ed9t s\u1ed1 tin t\u1ed1t &#8211; ti\u1ebfng Slovenia kh\u00f4ng s\u1eed d\u1ee5ng c\u00e1c b\u00e0i vi\u1ebft nh\u01b0 &#8220;the&#8221; ho\u1eb7c &#8220;a&#8221;! Thay v\u00e0o \u0111\u00f3, \u00fd ngh\u0129a \u0111\u01b0\u1ee3c truy\u1ec1n t\u1ea3i th\u00f4ng qua vi\u1ec7c s\u1eed d\u1ee5ng c\u00e1c tr\u01b0\u1eddng h\u1ee3p v\u00e0 th\u1ee9 t\u1ef1 t\u1eeb. \u0110i\u1ec1u n\u00e0y c\u00f3 th\u1ec3 l\u00e0m cho tr\u1ea3i nghi\u1ec7m h\u1ecdc ti\u1ebfng Slovenia c\u1ee7a b\u1ea1n d\u1ec5 d\u00e0ng h\u01a1n m\u1ed9t ch\u00fat, \u0111\u1eb7c bi\u1ec7t n\u1ebfu b\u1ea1n kh\u00f4ng quen v\u1edbi c\u00e1c ng\u00f4n ng\u1eef c\u00f3 h\u1ec7 th\u1ed1ng b\u00e0i vi\u1ebft ph\u1ee9c t\u1ea1p.<\/p>\n\n\n\n<h3 class=\"wp-block-heading\" id=\"h-3-adjectives\">3. T\u00ednh t\u1eeb:<\/h3>\n\n\n\n<p>C\u0169ng gi\u1ed1ng nh\u01b0 danh t\u1eeb, t\u00ednh t\u1eeb trong ti\u1ebfng Slovenia \u0111\u1ed3ng \u00fd v\u1ec1 gi\u1edbi t\u00ednh, s\u1ed1 l\u01b0\u1ee3ng v\u00e0 tr\u01b0\u1eddng h\u1ee3p v\u1edbi danh t\u1eeb m\u00e0 ch\u00fang s\u1eeda \u0111\u1ed5i. \u0110i\u1ec1u n\u00e0y l\u00e0m cho vi\u1ec7c s\u1eed d\u1ee5ng t\u00ednh t\u1eeb ph\u1ee9c t\u1ea1p h\u01a1n m\u1ed9t ch\u00fat so v\u1edbi ti\u1ebfng Anh, nh\u01b0ng \u0111\u1eebng s\u1ee3 &#8211; v\u1edbi th\u1ef1c h\u00e0nh, b\u1ea1n s\u1ebd th\u00e0nh th\u1ea1o t\u00ednh t\u1eeb ti\u1ebfng Slovenia ngay l\u1eadp t\u1ee9c!<\/p>\n\n\n\n<h3 class=\"wp-block-heading\" id=\"h-4-verbs\">4. \u0110\u1ed9ng t\u1eeb:<\/h3>\n\n\n\n<p>Ng\u00f4n ng\u1eef Slovenia c\u00f3 h\u1ec7 th\u1ed1ng \u0111\u1ed9ng t\u1eeb ba t\u1ea7ng: ba nh\u00f3m chia \u0111\u1ed9ng t\u1eeb t\u00f9y thu\u1ed9c v\u00e0o th\u00e2n \u0111\u1ed9ng t\u1eeb k\u1ebft th\u00fac \u1edf d\u1ea1ng v\u00f4 \u0111\u1ecbnh. \u0110\u1ed9ng t\u1eeb ti\u1ebfng Slovenia c\u0169ng c\u00f3 nhi\u1ec1u th\u00ec v\u00e0 t\u00e2m tr\u1ea1ng kh\u00e1c nhau, bao g\u1ed3m c\u1ea3 d\u1ea1ng k\u00e9p \u0111\u1ed9c \u0111\u00e1o, \u0111\u01b0\u1ee3c s\u1eed d\u1ee5ng khi \u0111\u1ec1 c\u1eadp \u0111\u1ebfn hai ch\u1ee7 ng\u1eef ho\u1eb7c \u0111\u1ed1i t\u01b0\u1ee3ng. H\u00e3y chu\u1ea9n b\u1ecb d\u00e0nh th\u1eddi gian h\u1ecdc v\u00e0 th\u1ef1c h\u00e0nh c\u00e1ch chia \u0111\u1ed9ng t\u1eeb ti\u1ebfng Slovenia \u0111\u1ec3 c\u00f3 \u0111\u01b0\u1ee3c s\u1ef1 t\u1ef1 tin v\u00e0o k\u1ef9 n\u0103ng ng\u00f4n ng\u1eef c\u1ee7a b\u1ea1n.<\/p>\n\n\n\n<h3 class=\"wp-block-heading\" id=\"h-5-word-order\">5. Th\u1ee9 t\u1ef1 t\u1eeb:<\/h3>\n\n\n\n<p>Ti\u1ebfng Slovenia th\u01b0\u1eddng tu\u00e2n theo th\u1ee9 t\u1ef1 t\u1eeb ch\u1ee7 ng\u1eef-\u0111\u1ed9ng t\u1eeb-t\u00e2n ng\u1eef (SVO), \u0111i\u1ec1u n\u00e0y n\u00ean quen thu\u1ed9c v\u1edbi ng\u01b0\u1eddi n\u00f3i ti\u1ebfng Anh. Tuy nhi\u00ean, ng\u00f4n ng\u1eef n\u00e0y c\u00f3 m\u1ed9t m\u1ee9c \u0111\u1ed9 linh ho\u1ea1t nh\u1ea5t \u0111\u1ecbnh, cho ph\u00e9p b\u1ea1n nh\u1ea5n m\u1ea1nh c\u00e1c ph\u1ea7n c\u1ee5 th\u1ec3 c\u1ee7a c\u00e2u b\u1eb1ng c\u00e1ch chuy\u1ec3n \u0111\u1ed5i th\u1ee9 t\u1ef1 t\u1eeb. \u0110i\u1ec1u c\u1ea7n thi\u1ebft l\u00e0 s\u1eed d\u1ee5ng c\u00e1c tr\u01b0\u1eddng h\u1ee3p m\u1ed9t c\u00e1ch ch\u00ednh x\u00e1c \u0111\u1ec3 tr\u00e1nh nh\u1ea7m l\u1eabn v\u00e0 truy\u1ec1n \u0111\u1ea1t \u00fd ngh\u0129a d\u1ef1 ki\u1ebfn.<\/p>\n\n\n\n<h3 class=\"wp-block-heading\" id=\"h-6-pronouns-and-prepositions\">6. \u0110\u1ea1i t\u1eeb v\u00e0 gi\u1edbi t\u1eeb:<\/h3>\n\n\n\n<p>\u0110\u1ea1i t\u1eeb ti\u1ebfng Slovenia, gi\u1ed1ng nh\u01b0 c\u00e1c y\u1ebfu t\u1ed1 kh\u00e1c c\u1ee7a ng\u00f4n ng\u1eef, b\u1ecb \u1ea3nh h\u01b0\u1edfng b\u1edfi gi\u1edbi t\u00ednh, s\u1ed1 l\u01b0\u1ee3ng v\u00e0 ch\u1eef hoa ch\u1eef th\u01b0\u1eddng. Ch\u00fang c\u00f3 nhi\u1ec1u h\u00ecnh th\u1ee9c kh\u00e1c nhau, ch\u1eb3ng h\u1ea1n nh\u01b0 c\u00e1 nh\u00e2n, s\u1edf h\u1eefu, bi\u1ec3u hi\u1ec7n v\u00e0 ph\u1ea3n x\u1ea1. L\u00e0m quen v\u1edbi gi\u1edbi t\u1eeb ti\u1ebfng Slovenia c\u0169ng s\u1ebd gi\u00fap b\u1ea1n k\u1ebft n\u1ed1i c\u00e1c t\u1eeb v\u00e0 c\u1ee5m t\u1eeb \u0111\u1ec3 t\u1ea1o ra c\u00e1c c\u00e2u ph\u1ee9c t\u1ea1p h\u01a1n.<\/p>\n\n\n\n<p>V\u00ec v\u1eady, b\u00e2y gi\u1edd, b\u1ea1n \u0111\u00e3 c\u00f3 m\u1ed9t hi\u1ec3u bi\u1ebft c\u01a1 b\u1ea3n v\u1ec1 ng\u1eef ph\u00e1p ti\u1ebfng Slovenia! H\u00e3y nh\u1edb r\u1eb1ng tr\u1edf n\u00ean th\u00e0nh th\u1ea1o b\u1ea5t k\u1ef3 ng\u00f4n ng\u1eef n\u00e0o \u0111\u00f2i h\u1ecfi s\u1ef1 c\u1ed1ng hi\u1ebfn v\u00e0 luy\u1ec7n t\u1eadp. H\u00e3y \u0111\u00f3n nh\u1eadn nh\u1eefng th\u00e1ch th\u1ee9c v\u00e0 \u0111\u1eebng ng\u1ea7n ng\u1ea1i h\u1ecdc h\u1ecfi t\u1eeb nh\u1eefng sai l\u1ea7m c\u1ee7a b\u1ea1n. H\u00e3y nh\u1edb r\u1eb1ng, h\u1ecdc m\u1ed9t ng\u00f4n ng\u1eef m\u1edbi l\u00e0 m\u1ed9t h\u00e0nh tr\u00ecnh th\u00fa v\u1ecb ch\u1ee9a \u0111\u1ea7y nh\u1eefng tr\u1ea3i nghi\u1ec7m \u0111\u00e1ng nh\u1edb v\u00e0 nh\u1eefng kh\u00e1m ph\u00e1 b\u1ed5 \u00edch. Sre\u010dno!<\/p>\n<\/div><\/div>\n\r\n<section class=\"learnNavigationSection\">\r\n            \r\n        <a href=\"https:\/\/talkpal.ai\/vi\/hoc-tieng-slovenia\/\">\r\n            <div class=\"learnNavigationWrapper\">\r\n                <div class=\"learnNavigationContent\">\r\n                    <img decoding=\"async\" src=\"https:\/\/talkpal.ai\/wp-content\/uploads\/2024\/08\/Slovenian.jpg\" alt=\"Slovenian Flag\">\r\n                    <div>\r\n                        <h4>Gi\u1edbi thi\u1ec7u v\u1ec1 ti\u1ebfng Slovenia Learning<\/h4>\r\n                        <p>T\u00ecm hi\u1ec3u t\u1ea5t c\u1ea3 v\u1ec1 ng\u1eef ph\u00e1p ti\u1ebfng Slovenia.<\/p>\r\n                    <\/div>\r\n                <\/div>\r\n            <\/div>\r\n        <\/a>\r\n\r\n        \r\n        <a href=\"https:\/\/talkpal.ai\/vi\/bai-tap-ngu-phap-tieng-slovenia\/\">\r\n            <div class=\"learnNavigationWrapper\">\r\n                <div class=\"learnNavigationContent\">\r\n                    <img decoding=\"async\" src=\"https:\/\/talkpal.ai\/wp-content\/uploads\/2024\/08\/Slovenian.jpg\" alt=\"Slovenian Flag\">\r\n                    <div>\r\n                        <h4>B\u00e0i t\u1eadp ng\u1eef ph\u00e1p ti\u1ebfng Slovenia<\/h4>\r\n                        <p>Th\u1ef1c h\u00e0nh ng\u1eef ph\u00e1p ti\u1ebfng Slovenia.<\/p>\r\n                    <\/div>\r\n                <\/div>\r\n            <\/div>\r\n        <\/a>\r\n\r\n        \r\n        <a href=\"https:\/\/talkpal.ai\/vocabulary_language\/slovenian\/\">\r\n            <div class=\"learnNavigationWrapper\">\r\n                <div class=\"learnNavigationContent\">\r\n                    <img decoding=\"async\" src=\"https:\/\/talkpal.ai\/wp-content\/uploads\/2024\/08\/Slovenian.jpg\" alt=\"Slovenian Flag\">\r\n                    <div>\r\n                        <h4>T\u1eeb v\u1ef1ng ti\u1ebfng Slovenia<\/h4>\r\n                        <p>M\u1edf r\u1ed9ng v\u1ed1n t\u1eeb v\u1ef1ng ti\u1ebfng Slovenia c\u1ee7a b\u1ea1n.<\/p>\r\n                    <\/div>\r\n                <\/div>\r\n            <\/div>\r\n        <\/a>\r\n\r\n            <\/section>","protected":false},"excerpt":{"rendered":"<p>Ng\u1eef ph\u00e1p ti\u1ebfng Slovenia: Gi\u1edbi thi\u1ec7u ng\u1eafn cho nh\u1eefng ng\u01b0\u1eddi y\u00eau th\u00edch ng\u00f4n ng\u1eef B\u1ea1n \u0111\u00e3 s\u1eb5n s\u00e0ng \u0111i s\u00e2u v\u00e0o th\u1ebf gi\u1edbi m\u00ea ho\u1eb7c c\u1ee7a ti\u1ebfng Slovenia, m\u1ed9t ng\u00f4n ng\u1eef Slav tuy\u1ec7t \u0111\u1eb9p ch\u01b0a? B\u1ea1n \u0111ang \u0111\u01b0\u1ee3c chi\u00eau \u0111\u00e3i! H\u01b0\u1edbng d\u1eabn ng\u1eafn n\u00e0y s\u1ebd cung c\u1ea5p cho b\u1ea1n c\u00e1i nh\u00ecn tho\u00e1ng qua v\u1ec1 ng\u1eef [&hellip;]<\/p>\n","protected":false},"author":1,"featured_media":1445410,"parent":0,"menu_order":0,"comment_status":"closed","ping_status":"closed","template":"LearningContentPage.php","meta":{"_acf_changed":false,"footnotes":""},"class_list":["post-1447456","page","type-page","status-publish","has-post-thumbnail","hentry"],"acf":[],"yoast_head":"<!-- This site is optimized with the Yoast SEO Premium plugin v27.2 (Yoast SEO v27.2) - https:\/\/yoast.com\/product\/yoast-seo-premium-wordpress\/ -->\n<title>Ng\u1eef ph\u00e1p ti\u1ebfng Slovenia - Talkpal<\/title>\n<meta name=\"description\" content=\"Kh\u00e1m ph\u00e1 s\u1ef1 ph\u1ee9c t\u1ea1p c\u1ee7a Ng\u1eef ph\u00e1p ti\u1ebfng Slovenia \u0111\u1ec3 c\u00f3 k\u1ef9 n\u0103ng v\u00e0 hi\u1ec3u bi\u1ebft ng\u00f4n ng\u1eef t\u1ed1t h\u01a1n. N\u1eafm v\u1eefng ngh\u1ec7 thu\u1eadt ng\u1eef ph\u00e1p ngay h\u00f4m nay.\" \/>\n<meta name=\"robots\" content=\"index, follow, max-snippet:-1, max-image-preview:large, max-video-preview:-1\" \/>\n<link rel=\"canonical\" href=\"https:\/\/talkpal.ai\/vi\/ngu-phap-tieng-slovenia\/\" \/>\n<meta property=\"og:locale\" content=\"vi_VN\" \/>\n<meta property=\"og:type\" content=\"article\" \/>\n<meta property=\"og:title\" content=\"Ng\u1eef ph\u00e1p ti\u1ebfng Slovenia\" \/>\n<meta property=\"og:description\" content=\"Ng\u1eef ph\u00e1p ti\u1ebfng Slovenia: Gi\u1edbi thi\u1ec7u ng\u1eafn cho nh\u1eefng ng\u01b0\u1eddi y\u00eau th\u00edch ng\u00f4n ng\u1eef B\u1ea1n \u0111\u00e3 s\u1eb5n s\u00e0ng \u0111i s\u00e2u v\u00e0o th\u1ebf gi\u1edbi m\u00ea ho\u1eb7c c\u1ee7a ti\u1ebfng Slovenia, m\u1ed9t ng\u00f4n ng\u1eef\" \/>\n<meta property=\"og:url\" content=\"https:\/\/talkpal.ai\/vi\/ngu-phap-tieng-slovenia\/\" \/>\n<meta property=\"og:site_name\" content=\"Talkpal\" \/>\n<meta property=\"article:publisher\" content=\"https:\/\/www.facebook.com\/profile.php?id=100090733639311\" \/>\n<meta property=\"article:modified_time\" content=\"2025-12-12T11:13:29+00:00\" \/>\n<meta property=\"og:image\" content=\"https:\/\/talkpal.ai\/wp-content\/uploads\/2023\/05\/slovenia.png\" \/>\n\t<meta property=\"og:image:width\" content=\"512\" \/>\n\t<meta property=\"og:image:height\" content=\"512\" \/>\n\t<meta property=\"og:image:type\" content=\"image\/png\" \/>\n<meta name=\"twitter:card\" content=\"summary_large_image\" \/>\n<meta name=\"twitter:site\" content=\"@talkpalai\" \/>\n<meta name=\"twitter:label1\" content=\"Est. reading time\" \/>\n\t<meta name=\"twitter:data1\" content=\"6 minutes\" \/>\n<script type=\"application\/ld+json\" class=\"yoast-schema-graph\">{\"@context\":\"https:\/\/schema.org\",\"@graph\":[{\"@type\":\"WebPage\",\"@id\":\"https:\/\/talkpal.ai\/vi\/ngu-phap-tieng-slovenia\/\",\"url\":\"https:\/\/talkpal.ai\/vi\/ngu-phap-tieng-slovenia\/\",\"name\":\"Ng\u1eef ph\u00e1p ti\u1ebfng Slovenia - Talkpal\",\"isPartOf\":{\"@id\":\"https:\/\/talkpal.ai\/vi\/#website\"},\"primaryImageOfPage\":{\"@id\":\"https:\/\/talkpal.ai\/vi\/ngu-phap-tieng-slovenia\/#primaryimage\"},\"image\":{\"@id\":\"https:\/\/talkpal.ai\/vi\/ngu-phap-tieng-slovenia\/#primaryimage\"},\"thumbnailUrl\":\"https:\/\/talkpal.ai\/wp-content\/uploads\/2023\/05\/slovenia.png\",\"datePublished\":\"2023-05-14T14:20:10+00:00\",\"dateModified\":\"2025-12-12T11:13:29+00:00\",\"description\":\"Kh\u00e1m ph\u00e1 s\u1ef1 ph\u1ee9c t\u1ea1p c\u1ee7a Ng\u1eef ph\u00e1p ti\u1ebfng Slovenia \u0111\u1ec3 c\u00f3 k\u1ef9 n\u0103ng v\u00e0 hi\u1ec3u bi\u1ebft ng\u00f4n ng\u1eef t\u1ed1t h\u01a1n. N\u1eafm v\u1eefng ngh\u1ec7 thu\u1eadt ng\u1eef ph\u00e1p ngay h\u00f4m nay.\",\"breadcrumb\":{\"@id\":\"https:\/\/talkpal.ai\/vi\/ngu-phap-tieng-slovenia\/#breadcrumb\"},\"inLanguage\":\"vi-VN\",\"potentialAction\":[{\"@type\":\"ReadAction\",\"target\":[\"https:\/\/talkpal.ai\/vi\/ngu-phap-tieng-slovenia\/\"]}]},{\"@type\":\"ImageObject\",\"inLanguage\":\"vi-VN\",\"@id\":\"https:\/\/talkpal.ai\/vi\/ngu-phap-tieng-slovenia\/#primaryimage\",\"url\":\"https:\/\/talkpal.ai\/wp-content\/uploads\/2023\/05\/slovenia.png\",\"contentUrl\":\"https:\/\/talkpal.ai\/wp-content\/uploads\/2023\/05\/slovenia.png\",\"width\":512,\"height\":512,\"caption\":\"TalkPal Slovenia Flag\"},{\"@type\":\"BreadcrumbList\",\"@id\":\"https:\/\/talkpal.ai\/vi\/ngu-phap-tieng-slovenia\/#breadcrumb\",\"itemListElement\":[{\"@type\":\"ListItem\",\"position\":1,\"name\":\"Homepage\",\"item\":\"https:\/\/talkpal.ai\/vi\/giao-vien-ngon-ngu-ai-3\/\"},{\"@type\":\"ListItem\",\"position\":2,\"name\":\"Ng\u1eef ph\u00e1p ti\u1ebfng Slovenia\"}]},{\"@type\":\"WebSite\",\"@id\":\"https:\/\/talkpal.ai\/vi\/#website\",\"url\":\"https:\/\/talkpal.ai\/vi\/\",\"name\":\"Talkpal\",\"description\":\"AI Language Learning\",\"publisher\":{\"@id\":\"https:\/\/talkpal.ai\/vi\/#organization\"},\"alternateName\":\"Talkpal AI\",\"potentialAction\":[{\"@type\":\"SearchAction\",\"target\":{\"@type\":\"EntryPoint\",\"urlTemplate\":\"https:\/\/talkpal.ai\/vi\/?s={search_term_string}\"},\"query-input\":{\"@type\":\"PropertyValueSpecification\",\"valueRequired\":true,\"valueName\":\"search_term_string\"}}],\"inLanguage\":\"vi-VN\"},{\"@type\":\"Organization\",\"@id\":\"https:\/\/talkpal.ai\/vi\/#organization\",\"name\":\"Talkpal, Inc.\",\"alternateName\":\"Talkpal AI\",\"url\":\"https:\/\/talkpal.ai\/vi\/\",\"logo\":{\"@type\":\"ImageObject\",\"inLanguage\":\"vi-VN\",\"@id\":\"https:\/\/talkpal.ai\/vi\/#\/schema\/logo\/image\/\",\"url\":\"https:\/\/talkpal.ai\/wp-content\/uploads\/2024\/03\/Talkpal-Logo-Icon.png\",\"contentUrl\":\"https:\/\/talkpal.ai\/wp-content\/uploads\/2024\/03\/Talkpal-Logo-Icon.png\",\"width\":2880,\"height\":2880,\"caption\":\"Talkpal, Inc.\"},\"image\":{\"@id\":\"https:\/\/talkpal.ai\/vi\/#\/schema\/logo\/image\/\"},\"sameAs\":[\"https:\/\/www.facebook.com\/profile.php?id=100090733639311\",\"https:\/\/x.com\/talkpalai\",\"https:\/\/www.linkedin.com\/company\/talkpal\/\",\"https:\/\/www.youtube.com\/@TalkPal\/\",\"https:\/\/www.tiktok.com\/@talkpal\",\"https:\/\/www.instagram.com\/talkpal_ai\/\",\"https:\/\/www.crunchbase.com\/organization\/talkpal-9cde\",\"https:\/\/www.g2.com\/products\/talkpal-for-business\/\",\"https:\/\/www.trustpilot.com\/review\/talkpal.ai\",\"https:\/\/www.capterra.com\/p\/10006800\/TalkPal\/\"],\"description\":\"Talkpal is a language learning web and mobile education app, powered by the latest AI technologies, that provides engaging experiences to its customers in many different languages to help them improve their language skills. Users can chat about unlimited amount of topics with the app and use other modes to practice their language learning.\",\"email\":\"support@talkpal.ai\",\"legalName\":\"Talkpal, Inc.\",\"foundingDate\":\"2023-04-03\",\"duns\":\"118989042\",\"numberOfEmployees\":{\"@type\":\"QuantitativeValue\",\"minValue\":\"11\",\"maxValue\":\"50\"},\"publishingPrinciples\":\"https:\/\/talkpal.ai\/publishing-principles\/\",\"actionableFeedbackPolicy\":\"https:\/\/talkpal.ai\/actionable-feedback-policy\/\",\"correctionsPolicy\":\"https:\/\/talkpal.ai\/corrections-policy\/\",\"ethicsPolicy\":\"https:\/\/talkpal.ai\/ethics-policy\/\",\"diversityPolicy\":\"https:\/\/talkpal.ai\/diversity-policy\/\",\"diversityStaffingReport\":\"https:\/\/talkpal.ai\/diversity-policy\/\"}]}<\/script>\n<!-- \/ Yoast SEO Premium plugin. -->","yoast_head_json":{"title":"Ng\u1eef ph\u00e1p ti\u1ebfng Slovenia - Talkpal","description":"Kh\u00e1m ph\u00e1 s\u1ef1 ph\u1ee9c t\u1ea1p c\u1ee7a Ng\u1eef ph\u00e1p ti\u1ebfng Slovenia \u0111\u1ec3 c\u00f3 k\u1ef9 n\u0103ng v\u00e0 hi\u1ec3u bi\u1ebft ng\u00f4n ng\u1eef t\u1ed1t h\u01a1n. N\u1eafm v\u1eefng ngh\u1ec7 thu\u1eadt ng\u1eef ph\u00e1p ngay h\u00f4m nay.","robots":{"index":"index","follow":"follow","max-snippet":"max-snippet:-1","max-image-preview":"max-image-preview:large","max-video-preview":"max-video-preview:-1"},"canonical":"https:\/\/talkpal.ai\/vi\/ngu-phap-tieng-slovenia\/","og_locale":"vi_VN","og_type":"article","og_title":"Ng\u1eef ph\u00e1p ti\u1ebfng Slovenia","og_description":"Ng\u1eef ph\u00e1p ti\u1ebfng Slovenia: Gi\u1edbi thi\u1ec7u ng\u1eafn cho nh\u1eefng ng\u01b0\u1eddi y\u00eau th\u00edch ng\u00f4n ng\u1eef B\u1ea1n \u0111\u00e3 s\u1eb5n s\u00e0ng \u0111i s\u00e2u v\u00e0o th\u1ebf gi\u1edbi m\u00ea ho\u1eb7c c\u1ee7a ti\u1ebfng Slovenia, m\u1ed9t ng\u00f4n ng\u1eef","og_url":"https:\/\/talkpal.ai\/vi\/ngu-phap-tieng-slovenia\/","og_site_name":"Talkpal","article_publisher":"https:\/\/www.facebook.com\/profile.php?id=100090733639311","article_modified_time":"2025-12-12T11:13:29+00:00","og_image":[{"width":512,"height":512,"url":"https:\/\/talkpal.ai\/wp-content\/uploads\/2023\/05\/slovenia.png","type":"image\/png"}],"twitter_card":"summary_large_image","twitter_site":"@talkpalai","twitter_misc":{"Est. reading time":"6 minutes"},"schema":{"@context":"https:\/\/schema.org","@graph":[{"@type":"WebPage","@id":"https:\/\/talkpal.ai\/vi\/ngu-phap-tieng-slovenia\/","url":"https:\/\/talkpal.ai\/vi\/ngu-phap-tieng-slovenia\/","name":"Ng\u1eef ph\u00e1p ti\u1ebfng Slovenia - Talkpal","isPartOf":{"@id":"https:\/\/talkpal.ai\/vi\/#website"},"primaryImageOfPage":{"@id":"https:\/\/talkpal.ai\/vi\/ngu-phap-tieng-slovenia\/#primaryimage"},"image":{"@id":"https:\/\/talkpal.ai\/vi\/ngu-phap-tieng-slovenia\/#primaryimage"},"thumbnailUrl":"https:\/\/talkpal.ai\/wp-content\/uploads\/2023\/05\/slovenia.png","datePublished":"2023-05-14T14:20:10+00:00","dateModified":"2025-12-12T11:13:29+00:00","description":"Kh\u00e1m ph\u00e1 s\u1ef1 ph\u1ee9c t\u1ea1p c\u1ee7a Ng\u1eef ph\u00e1p ti\u1ebfng Slovenia \u0111\u1ec3 c\u00f3 k\u1ef9 n\u0103ng v\u00e0 hi\u1ec3u bi\u1ebft ng\u00f4n ng\u1eef t\u1ed1t h\u01a1n. N\u1eafm v\u1eefng ngh\u1ec7 thu\u1eadt ng\u1eef ph\u00e1p ngay h\u00f4m nay.","breadcrumb":{"@id":"https:\/\/talkpal.ai\/vi\/ngu-phap-tieng-slovenia\/#breadcrumb"},"inLanguage":"vi-VN","potentialAction":[{"@type":"ReadAction","target":["https:\/\/talkpal.ai\/vi\/ngu-phap-tieng-slovenia\/"]}]},{"@type":"ImageObject","inLanguage":"vi-VN","@id":"https:\/\/talkpal.ai\/vi\/ngu-phap-tieng-slovenia\/#primaryimage","url":"https:\/\/talkpal.ai\/wp-content\/uploads\/2023\/05\/slovenia.png","contentUrl":"https:\/\/talkpal.ai\/wp-content\/uploads\/2023\/05\/slovenia.png","width":512,"height":512,"caption":"TalkPal Slovenia Flag"},{"@type":"BreadcrumbList","@id":"https:\/\/talkpal.ai\/vi\/ngu-phap-tieng-slovenia\/#breadcrumb","itemListElement":[{"@type":"ListItem","position":1,"name":"Homepage","item":"https:\/\/talkpal.ai\/vi\/giao-vien-ngon-ngu-ai-3\/"},{"@type":"ListItem","position":2,"name":"Ng\u1eef ph\u00e1p ti\u1ebfng Slovenia"}]},{"@type":"WebSite","@id":"https:\/\/talkpal.ai\/vi\/#website","url":"https:\/\/talkpal.ai\/vi\/","name":"Talkpal","description":"AI Language Learning","publisher":{"@id":"https:\/\/talkpal.ai\/vi\/#organization"},"alternateName":"Talkpal AI","potentialAction":[{"@type":"SearchAction","target":{"@type":"EntryPoint","urlTemplate":"https:\/\/talkpal.ai\/vi\/?s={search_term_string}"},"query-input":{"@type":"PropertyValueSpecification","valueRequired":true,"valueName":"search_term_string"}}],"inLanguage":"vi-VN"},{"@type":"Organization","@id":"https:\/\/talkpal.ai\/vi\/#organization","name":"Talkpal, Inc.","alternateName":"Talkpal AI","url":"https:\/\/talkpal.ai\/vi\/","logo":{"@type":"ImageObject","inLanguage":"vi-VN","@id":"https:\/\/talkpal.ai\/vi\/#\/schema\/logo\/image\/","url":"https:\/\/talkpal.ai\/wp-content\/uploads\/2024\/03\/Talkpal-Logo-Icon.png","contentUrl":"https:\/\/talkpal.ai\/wp-content\/uploads\/2024\/03\/Talkpal-Logo-Icon.png","width":2880,"height":2880,"caption":"Talkpal, Inc."},"image":{"@id":"https:\/\/talkpal.ai\/vi\/#\/schema\/logo\/image\/"},"sameAs":["https:\/\/www.facebook.com\/profile.php?id=100090733639311","https:\/\/x.com\/talkpalai","https:\/\/www.linkedin.com\/company\/talkpal\/","https:\/\/www.youtube.com\/@TalkPal\/","https:\/\/www.tiktok.com\/@talkpal","https:\/\/www.instagram.com\/talkpal_ai\/","https:\/\/www.crunchbase.com\/organization\/talkpal-9cde","https:\/\/www.g2.com\/products\/talkpal-for-business\/","https:\/\/www.trustpilot.com\/review\/talkpal.ai","https:\/\/www.capterra.com\/p\/10006800\/TalkPal\/"],"description":"Talkpal is a language learning web and mobile education app, powered by the latest AI technologies, that provides engaging experiences to its customers in many different languages to help them improve their language skills. Users can chat about unlimited amount of topics with the app and use other modes to practice their language learning.","email":"support@talkpal.ai","legalName":"Talkpal, Inc.","foundingDate":"2023-04-03","duns":"118989042","numberOfEmployees":{"@type":"QuantitativeValue","minValue":"11","maxValue":"50"},"publishingPrinciples":"https:\/\/talkpal.ai\/publishing-principles\/","actionableFeedbackPolicy":"https:\/\/talkpal.ai\/actionable-feedback-policy\/","correctionsPolicy":"https:\/\/talkpal.ai\/corrections-policy\/","ethicsPolicy":"https:\/\/talkpal.ai\/ethics-policy\/","diversityPolicy":"https:\/\/talkpal.ai\/diversity-policy\/","diversityStaffingReport":"https:\/\/talkpal.ai\/diversity-policy\/"}]}},"_links":{"self":[{"href":"https:\/\/talkpal.ai\/vi\/wp-json\/wp\/v2\/pages\/1447456","targetHints":{"allow":["GET"]}}],"collection":[{"href":"https:\/\/talkpal.ai\/vi\/wp-json\/wp\/v2\/pages"}],"about":[{"href":"https:\/\/talkpal.ai\/vi\/wp-json\/wp\/v2\/types\/page"}],"author":[{"embeddable":true,"href":"https:\/\/talkpal.ai\/vi\/wp-json\/wp\/v2\/users\/1"}],"replies":[{"embeddable":true,"href":"https:\/\/talkpal.ai\/vi\/wp-json\/wp\/v2\/comments?post=1447456"}],"version-history":[{"count":0,"href":"https:\/\/talkpal.ai\/vi\/wp-json\/wp\/v2\/pages\/1447456\/revisions"}],"wp:featuredmedia":[{"embeddable":true,"href":"https:\/\/talkpal.ai\/vi\/wp-json\/wp\/v2\/media\/1445410"}],"wp:attachment":[{"href":"https:\/\/talkpal.ai\/vi\/wp-json\/wp\/v2\/media?parent=1447456"}],"curies":[{"name":"wp","href":"https:\/\/api.w.org\/{rel}","templated":true}]}}