{"id":1447452,"date":"2023-05-14T14:22:16","date_gmt":"2023-05-14T14:22:16","guid":{"rendered":"https:\/\/talkpal.ai\/ngu-phap-tamil\/"},"modified":"2025-12-12T11:00:57","modified_gmt":"2025-12-12T11:00:57","slug":"ngu-phap-tamil","status":"publish","type":"page","link":"https:\/\/talkpal.ai\/vi\/ngu-phap-tamil\/","title":{"rendered":"Ng\u1eef ph\u00e1p Tamil"},"content":{"rendered":"\r\n\r\n\r\n<section class=\"languageChallengeSection\">\r\n    <div class=\"languageInfoWrapper\">\r\n        \r\n        <h1>Ng\u1eef ph\u00e1p Tamil<\/h1>\r\n        <p>\u0110\u01b0a c\u00e1c k\u1ef9 n\u0103ng ti\u1ebfng <a href=\"https:\/\/talkpal.ai\/learn-tamil\/\">Tamil<\/a> c\u1ee7a b\u1ea1n l\u00ean m\u1ed9t t\u1ea7m cao m\u1edbi b\u1eb1ng c\u00e1ch n\u1eafm v\u1eefng nh\u1eefng ki\u1ebfn th\u1ee9c c\u01a1 b\u1ea3n <a href=\"https:\/\/talkpal.ai\/vi\/ve\/\">v\u1ec1<\/a> <a href=\"https:\/\/talkpal.ai\/vi\/ngu-phap\/\">ng\u1eef ph\u00e1p<\/a> v\u00e0 c\u00e1c kh\u00e1i ni\u1ec7m n\u00e2ng cao. Kh\u00e1m ph\u00e1 nh\u1eefng l\u1eddi gi\u1ea3i th\u00edch r\u00f5 r\u00e0ng, v\u00ed d\u1ee5 th\u1ef1c t\u1ebf v\u00e0 c\u00e1c b\u00e0i t\u1eadp t\u01b0\u01a1ng t\u00e1c \u0111\u01b0\u1ee3c thi\u1ebft k\u1ebf \u0111\u1ec3 x\u00e2y d\u1ef1ng s\u1ef1 t\u1ef1 tin c\u1ee7a b\u1ea1n. B\u1eaft \u0111\u1ea7u t\u00ecm hi\u1ec3u v\u1ec1 c\u1ea5u tr\u00fac c\u00e2u, c\u00e1ch chia \u0111\u1ed9ng t\u1eeb v\u00e0 c\u00e1c quy t\u1eafc c\u1ea7n thi\u1ebft ngay h\u00f4m nay. B\u1eaft \u0111\u1ea7u h\u00e0nh tr\u00ecnh n\u00f3i v\u00e0 vi\u1ebft ti\u1ebfng Tamil c\u1ee7a b\u1ea1n m\u1ed9t c\u00e1ch ch\u00ednh x\u00e1c v\u00e0 d\u1ec5 d\u00e0ng!<\/p>\r\n\r\n                            <a class=\"getStartedHidden\" href=\"https:\/\/app.talkpal.ai\/vi\/signup?lng=\">B\u1eaft \u0111\u1ea7u nh\u00e9<\/a>\r\n        \r\n    <\/div>\r\n\r\n    <figure>\r\n    <img decoding=\"async\" width=\"768\" height=\"768\" src=\"https:\/\/talkpal.ai\/wp-content\/uploads\/2023\/06\/tamil-768x768.png\" class=\"languageImage no-lazy\" alt=\"Language learning for enhanced creativity\" fetchpriority=\"high\" sizes=\"(max-width: 768px) 150px, 768px\" srcset=\"https:\/\/talkpal.ai\/wp-content\/uploads\/2023\/06\/tamil-768x768.png 768w, https:\/\/talkpal.ai\/wp-content\/uploads\/2023\/06\/tamil-300x300.png 300w\" \/>\r\n    \r\n\r\n    <\/figure>\r\n\r\n            <a class=\"getStartedVisible\" href=\"https:\/\/app.talkpal.ai\/vi\/signup?lng=\">B\u1eaft \u0111\u1ea7u nh\u00e9<\/a>\r\n    \r\n<\/section>\r\n<section class=\"promotionalBanner\">\r\n    <p class=\"promotionalText\">C\u00e1ch hi\u1ec7u qu\u1ea3 nh\u1ea5t \u0111\u1ec3 h\u1ecdc m\u1ed9t <a href=\"https:\/\/talkpal.ai\/vi\/hoc-ngon-ngu-cho-cac-truong-ngon-ngu\/\">ng\u00f4n ng\u1eef<\/a><\/p>\r\n    <a class=\"promotionalLink\" href=\"https:\/\/app.talkpal.ai\/vi\/signup?lng=\">D\u00f9ng th\u1eed Talkpal mi\u1ec5n ph\u00ed<\/a>\r\n<\/section>\n<div class=\"wp-block-group pageContainerStyle\"><div class=\"wp-block-group__inner-container is-layout-constrained wp-block-group-is-layout-constrained\">\n<h2 class=\"wp-block-heading\" id=\"h-tamil-grammar-understanding-the-richness-of-the-tamil-language\">Ng\u1eef ph\u00e1p Tamil: Hi\u1ec3u \u0111\u01b0\u1ee3c s\u1ef1 phong ph\u00fa c\u1ee7a ng\u00f4n ng\u1eef Tamil<\/h2>\n\n\n\n<p>Khi b\u1ea1n b\u1eaft \u0111\u1ea7u <a href=\"https:\/\/talkpal.ai\/vi\/hoc-tieng-han-truc-tuyen-voi-ai\/\">h\u1ecdc ti\u1ebfng<\/a> Tamil &#8211; m\u1ed9t trong nh\u1eefng ng\u00f4n ng\u1eef c\u00f2n s\u1ed1ng l\u00e2u \u0111\u1eddi nh\u1ea5t th\u1ebf gi\u1edbi &#8211; l\u00e0m s\u00e1ng t\u1ecf s\u1ef1 ph\u1ee9c t\u1ea1p v\u00e0 phong ph\u00fa c\u1ee7a <a href=\"https:\/\/talkpal.ai\/vi\/ngu-phap\/\">ng\u1eef ph\u00e1p<\/a> c\u1ee7a n\u00f3 l\u00e0 \u0111i\u1ec1u c\u1ea7n thi\u1ebft. Ti\u1ebfng Tamil, t\u1ef1 h\u00e0o c\u00f3 <a href=\"https:\/\/talkpal.ai\/will-ai-kill-traditional-language-learning\/\">truy\u1ec1n th\u1ed1ng<\/a> vi\u1ebft t\u1eeb h\u01a1n 2.000 n\u0103m, v\u1eabn l\u00e0 ng\u00f4n ng\u1eef ch\u00ednh c\u1ee7a 70 tri\u1ec7u ng\u01b0\u1eddi n\u00f3i tr\u00ean to\u00e0n th\u1ebf gi\u1edbi. \u0110\u1ec3 gi\u00fap b\u1ea1n b\u1eaft \u0111\u1ea7u, b\u00e0i vi\u1ebft n\u00e0y ph\u00e1c th\u1ea3o m\u1ed9t s\u1ed1 kh\u00eda c\u1ea1nh ch\u00ednh c\u1ee7a ng\u1eef ph\u00e1p Tamil v\u1edbi c\u00e1ch ti\u1ebfp c\u1eadn \u0111\u00e0m tho\u1ea1i v\u00e0 kh\u00f4ng ch\u00ednh th\u1ee9c.<\/p>\n\n\n\n<h3 class=\"wp-block-heading\" id=\"h-1-nouns-classifications-and-cases\">1. Danh t\u1eeb &#8211; Ph\u00e2n lo\u1ea1i v\u00e0 tr\u01b0\u1eddng h\u1ee3p<\/h3>\n\n\n\n<p>M\u1ed9t kh\u00eda c\u1ea1nh quan tr\u1ecdng c\u1ee7a ng\u1eef ph\u00e1p Tamil l\u00e0 danh t\u1eeb c\u1ee7a n\u00f3, \u0111\u01b0\u1ee3c ph\u00e2n lo\u1ea1i d\u1ef1a tr\u00ean gi\u1edbi t\u00ednh (nam t\u00ednh, n\u1eef t\u00ednh v\u00e0 trung t\u00ednh), s\u1ed1 (s\u1ed1 \u00edt v\u00e0 s\u1ed1 nhi\u1ec1u) v\u00e0 tr\u01b0\u1eddng h\u1ee3p (danh ngh\u0129a, c\u00e1o t\u1eeb, dative, genitive, locative, instrumental, comitative, abessive v\u00e0 vocative). M\u1eb7c d\u00f9 \u0111i\u1ec1u n\u00e0y c\u00f3 v\u1ebb cho\u00e1ng ng\u1ee3p, nh\u01b0ng \u0111i\u1ec1u c\u1ea7n thi\u1ebft l\u00e0 ph\u1ea3i hi\u1ec3u m\u1ed1i quan h\u1ec7 gi\u1eefa c\u00e1c t\u1eeb trong c\u00e2u v\u00e0 gi\u1ea3i m\u00e3 logic v\u1ed1n c\u00f3 c\u1ee7a ti\u1ebfng Tamil.<\/p>\n\n\n\n<p>V\u00ed d\u1ee5, t\u1eeb &#8220;s\u00e1ch&#8221; trong ti\u1ebfng Tamil l\u00e0 &#8220;\u0baa\u0bc1\u0ba4\u0bcd\u0ba4\u0b95\u0bae\u0bcd&#8221; (puththakam). \u0110\u1ec3 n\u00f3i &#8220;T\u00f4i \u0111\u00e3 \u0111\u1ecdc cu\u1ed1n s\u00e1ch&#8221;, b\u1ea1n s\u1ebd s\u1eed d\u1ee5ng tr\u01b0\u1eddng h\u1ee3p c\u00e1o bu\u1ed9c, ng\u1ee5 \u00fd r\u1eb1ng cu\u1ed1n s\u00e1ch l\u00e0 \u0111\u1ed1i t\u01b0\u1ee3ng c\u1ee7a h\u00e0nh \u0111\u1ed9ng: &#8220;\u0ba8\u0bbe\u0ba9\u0bcd \u0baa\u0bc1\u0ba4\u0bcd\u0ba4\u0b95\u0ba4\u0bcd\u0ba4\u0bc8 \u0bb5\u0bbe\u0b9a\u0bbf\u0b95\u0bcd\u0b95\u0bbf\u0ba9\u0bcd\u0bb1\u0bc7\u0ba9\u0bcd&#8221; (Naan puththakaththai vaasikkiren).<\/p>\n\n\n\n<h3 class=\"wp-block-heading\" id=\"h-2-adjectives-and-pronouns-consistent-harmony\">2. T\u00ednh t\u1eeb v\u00e0 \u0111\u1ea1i t\u1eeb &#8211; H\u00e0i h\u00f2a nh\u1ea5t qu\u00e1n<\/h3>\n\n\n\n<p>Trong ti\u1ebfng Tamil, t\u00ednh t\u1eeb (\u0baa\u0ba3\u0bcd\u0baa\u0bc1\u0b9f\u0bc8\u0bae\u0bc8) v\u00e0 \u0111\u1ea1i t\u1eeb (\u0ba4\u0ba9\u0bbf\u0baa\u0bcd\u0baa\u0bca\u0bb0\u0bc1\u0bb3\u0bcd) tu\u00e2n theo m\u1ed9t quy t\u1eafc quan tr\u1ecdng: h\u1ecd ph\u1ea3i \u0111\u1ed3ng \u00fd v\u1ec1 gi\u1edbi t\u00ednh v\u00e0 s\u1ed1 l\u01b0\u1ee3ng v\u1edbi danh t\u1eeb m\u00e0 h\u1ecd s\u1eeda \u0111\u1ed5i. T\u00ednh nh\u1ea5t qu\u00e1n n\u00e0y th\u00fac \u0111\u1ea9y s\u1ef1 h\u00e0i h\u00f2a ng\u00f4n ng\u1eef v\u00e0 t\u0103ng c\u01b0\u1eddng s\u1ef1 r\u00f5 r\u00e0ng c\u1ee7a c\u00e1ch di\u1ec5n \u0111\u1ea1t.<\/p>\n\n\n\n<h3 class=\"wp-block-heading\" id=\"h-3-verbs-conjugation-and-tenses\">3. \u0110\u1ed9ng t\u1eeb &#8211; Chia \u0111\u1ed9ng t\u1eeb v\u00e0 th\u00ec<\/h3>\n\n\n\n<p>\u0110\u1ed9ng t\u1eeb Tamil \u0111\u00f3ng m\u1ed9t vai tr\u00f2 quan tr\u1ecdng trong vi\u1ec7c \u0111\u1ecbnh h\u00ecnh c\u00e2u. \u0110\u1ed9ng t\u1eeb tr\u1ea3i qua c\u00e1ch chia \u0111\u1ed9ng t\u1eeb d\u1ef1a tr\u00ean ng\u01b0\u1eddi, s\u1ed1, th\u00ec, gi\u1ecdng n\u00f3i v\u00e0 t\u00e2m tr\u1ea1ng. Ti\u1ebfng Tamil c\u00f3 ba th\u00ec ch\u00ednh (qu\u00e1 kh\u1ee9, hi\u1ec7n t\u1ea1i v\u00e0 t\u01b0\u01a1ng lai) v\u00e0 ba t\u00e2m tr\u1ea1ng (ch\u1ec9 \u0111\u1ecbnh, m\u1ec7nh l\u1ec7nh v\u00e0 gi\u1ea3 \u0111\u1ecbnh). Chia \u0111\u1ed9ng t\u1eeb tho\u1ea1t \u0111\u1ea7u c\u00f3 v\u1ebb kh\u00f3 kh\u0103n, nh\u01b0ng th\u00e0nh th\u1ea1o n\u00f3 s\u1ebd gi\u00fap b\u1ea1n th\u1ec3 hi\u1ec7n v\u00f4 s\u1ed1 c\u1ea3m x\u00fac, h\u00e0nh \u0111\u1ed9ng v\u00e0 s\u1eafc th\u00e1i.<\/p>\n\n\n\n<h3 class=\"wp-block-heading\" id=\"h-4-sentence-structure-word-order-and-agreement\">4. C\u1ea5u tr\u00fac c\u00e2u \u2013 Th\u1ee9 t\u1ef1 t\u1eeb v\u00e0 th\u1ecfa thu\u1eadn<\/h3>\n\n\n\n<p>Ti\u1ebfng Tamil tu\u00e2n theo tr\u1eadt t\u1ef1 t\u1eeb Ch\u1ee7 ng\u1eef-\u0110\u1ed1i t\u01b0\u1ee3ng-\u0110\u1ed9ng t\u1eeb (SOV), khi\u1ebfn n\u00f3 kh\u00e1c v\u1edbi <a href=\"https:\/\/talkpal.ai\/top-trang-web-luyen-noi-tieng-anh-hieu-qua-nhat-2024\/\">ti\u1ebfng Anh<\/a>, tu\u00e2n theo c\u1ea5u tr\u00fac Ch\u1ee7 ng\u1eef-\u0110\u1ed9ng t\u1eeb-\u0110\u1ed1i t\u01b0\u1ee3ng (SVO). H\u01a1n n\u1eefa, ng\u1eef ph\u00e1p Tamil nh\u1ea5n m\u1ea1nh s\u1ef1 ph\u00f9 h\u1ee3p t\u1eeb, \u0111\u1ea3m b\u1ea3o t\u00ednh nh\u1ea5t qu\u00e1n gi\u1eefa danh t\u1eeb, t\u00ednh t\u1eeb v\u00e0 \u0111\u1ea1i t\u1eeb.<\/p>\n\n\n\n<p>V\u00ed d\u1ee5, trong ti\u1ebfng Tamil, c\u00e2u &#8220;C\u00f4 \u1ea5y \u0103n m\u1ed9t qu\u1ea3 t\u00e1o&#8221; \u0111\u01b0\u1ee3c vi\u1ebft l\u00e0 &#8220;\u0b85\u0bb5\u0bb3\u0bcd \u0b92\u0bb0\u0bc1 \u0b86\u0baa\u0bcd\u0baa\u0bbf\u0bb3\u0bcd \u0b9a\u0bbe\u0baa\u0bcd\u0baa\u0bbf\u0b9f\u0bc1\u0b95\u0bbf\u0bb1\u0bbe\u0bb3\u0bcd&#8221; (Ava\u1e37 oru \u0101ppi\u1e37 s\u0101ppi\u1e6dugi\u1e5f\u0101\u1e37), trong \u0111\u00f3 danh t\u1eeb v\u00e0 \u0111\u1ed9ng t\u1eeb ph\u00f9 h\u1ee3p v\u1ec1 gi\u1edbi t\u00ednh v\u00e0 s\u1ed1 l\u01b0\u1ee3ng.<\/p>\n\n\n\n<h3 class=\"wp-block-heading\" id=\"h-5-embrace-the-journey\">5. \u0110\u00f3n nh\u1eadn h\u00e0nh tr\u00ecnh<\/h3>\n\n\n\n<p>H\u1ecdc ng\u1eef ph\u00e1p Tamil c\u00f3 th\u1ec3 l\u00e0 m\u1ed9t th\u00e1ch th\u1ee9c, nh\u01b0ng n\u00f3 cung c\u1ea5p m\u1ed9t c\u1eeda ng\u00f5 d\u1eabn \u0111\u1ebfn m\u1ed9t truy\u1ec1n th\u1ed1ng v\u0103n h\u1ecdc s\u00f4i \u0111\u1ed9ng v\u00e0 m\u1ed9t di s\u1ea3n v\u0103n h\u00f3a phong ph\u00fa. H\u00e3y nh\u1edb r\u1eb1ng, \u0111i\u1ec1u quan tr\u1ecdng l\u00e0 ph\u1ea3i t\u1eebng b\u01b0\u1edbc m\u1ed9t v\u00e0 \u0111\u00e1nh gi\u00e1 cao s\u1ef1 ph\u1ee9c t\u1ea1p khi\u1ebfn ng\u00f4n ng\u1eef Tamil tr\u1edf n\u00ean \u0111\u1eb7c bi\u1ec7t.<\/p>\n\n\n\n<p>Khi b\u1ea1n kh\u00e1m ph\u00e1 s\u1ef1 ph\u1ee9c t\u1ea1p c\u1ee7a ng\u1eef ph\u00e1p Tamil, h\u00e3y \u0111\u1ea3m b\u1ea3o th\u1ef1c h\u00e0nh th\u01b0\u1eddng xuy\u00ean, t\u01b0\u01a1ng t\u00e1c v\u1edbi ng\u01b0\u1eddi b\u1ea3n ng\u1eef v\u00e0 ki\u00ean nh\u1eabn v\u1edbi b\u1ea3n th\u00e2n. V\u1edbi s\u1ef1 t\u1eadn t\u00e2m, b\u1ea1n s\u1ebd m\u1edf kh\u00f3a v\u1ebb \u0111\u1eb9p v\u00e0 s\u1ef1 phong ph\u00fa c\u1ee7a ng\u00f4n ng\u1eef c\u1ed5 n\u00e0y. \u0b87\u0ba9\u0bbf\u0baf \u0b95\u0bb1\u0bcd\u0bb1\u0bb2\u0bcd \u2013 Iniy ka\u1e5f\u1e5fal (h\u1ecdc t\u1eadp vui v\u1ebb)!<\/p>\n<\/div><\/div>\n\r\n<section class=\"learnNavigationSection\">\r\n            \r\n        <a href=\"https:\/\/talkpal.ai\/vi\/hoc-tieng-tamil\/\">\r\n            <div class=\"learnNavigationWrapper\">\r\n                <div class=\"learnNavigationContent\">\r\n                    <img decoding=\"async\" src=\"https:\/\/talkpal.ai\/wp-content\/uploads\/2024\/08\/Tamil.jpg\" alt=\"Indian Simplified Flag\">\r\n                    <div>\r\n                        <h4>Gi\u1edbi thi\u1ec7u v\u1ec1 Tamil Learning<\/h4>\r\n                        <p>T\u00ecm hi\u1ec3u t\u1ea5t c\u1ea3 v\u1ec1 ng\u1eef ph\u00e1p Tamil.<\/p>\r\n                    <\/div>\r\n                <\/div>\r\n            <\/div>\r\n        <\/a>\r\n\r\n        \r\n        <a href=\"https:\/\/talkpal.ai\/vi\/bai-tap-ngu-phap-tamil\/\">\r\n            <div class=\"learnNavigationWrapper\">\r\n                <div class=\"learnNavigationContent\">\r\n                    <img decoding=\"async\" src=\"https:\/\/talkpal.ai\/wp-content\/uploads\/2024\/08\/Tamil.jpg\" alt=\"Indian Simplified Flag\">\r\n                    <div>\r\n                        <h4>B\u00e0i t\u1eadp ng\u1eef ph\u00e1p Tamil<\/h4>\r\n                        <p>Th\u1ef1c h\u00e0nh ng\u1eef ph\u00e1p Tamil.<\/p>\r\n                    <\/div>\r\n                <\/div>\r\n            <\/div>\r\n        <\/a>\r\n\r\n        \r\n        <a href=\"https:\/\/talkpal.ai\/vocabulary_language\/tamil\/\">\r\n            <div class=\"learnNavigationWrapper\">\r\n                <div class=\"learnNavigationContent\">\r\n                    <img decoding=\"async\" src=\"https:\/\/talkpal.ai\/wp-content\/uploads\/2024\/08\/Tamil.jpg\" alt=\"Indian Simplified Flag\">\r\n                    <div>\r\n                        <h4>T\u1eeb v\u1ef1ng Tamil<\/h4>\r\n                        <p>M\u1edf r\u1ed9ng v\u1ed1n t\u1eeb v\u1ef1ng ti\u1ebfng Tamil c\u1ee7a b\u1ea1n.<\/p>\r\n                    <\/div>\r\n                <\/div>\r\n            <\/div>\r\n        <\/a>\r\n\r\n            <\/section>","protected":false},"excerpt":{"rendered":"<p>Ng\u1eef ph\u00e1p Tamil: Hi\u1ec3u \u0111\u01b0\u1ee3c s\u1ef1 phong ph\u00fa c\u1ee7a ng\u00f4n ng\u1eef Tamil Khi b\u1ea1n b\u1eaft \u0111\u1ea7u h\u1ecdc ti\u1ebfng Tamil &#8211; m\u1ed9t trong nh\u1eefng ng\u00f4n ng\u1eef c\u00f2n s\u1ed1ng l\u00e2u \u0111\u1eddi nh\u1ea5t th\u1ebf gi\u1edbi &#8211; l\u00e0m s\u00e1ng t\u1ecf s\u1ef1 ph\u1ee9c t\u1ea1p v\u00e0 phong ph\u00fa c\u1ee7a ng\u1eef ph\u00e1p c\u1ee7a n\u00f3 l\u00e0 \u0111i\u1ec1u c\u1ea7n thi\u1ebft. Ti\u1ebfng Tamil, t\u1ef1 h\u00e0o [&hellip;]<\/p>\n","protected":false},"author":1,"featured_media":1444860,"parent":0,"menu_order":0,"comment_status":"closed","ping_status":"closed","template":"LearningContentPage.php","meta":{"_acf_changed":false,"footnotes":""},"class_list":["post-1447452","page","type-page","status-publish","has-post-thumbnail","hentry"],"acf":[],"yoast_head":"<!-- This site is optimized with the Yoast SEO Premium plugin v27.2 (Yoast SEO v27.2) - https:\/\/yoast.com\/product\/yoast-seo-premium-wordpress\/ -->\n<title>Ng\u1eef ph\u00e1p Tamil - Talkpal<\/title>\n<meta name=\"description\" content=\"Kh\u00e1m ph\u00e1 c\u00e1c nguy\u00ean t\u1eafc c\u01a1 b\u1ea3n c\u1ee7a Ng\u1eef ph\u00e1p Tamil v\u00e0 n\u00e2ng cao hi\u1ec3u bi\u1ebft c\u1ee7a b\u1ea1n v\u1ec1 ng\u00f4n ng\u1eef phong ph\u00fa n\u00e0y.\" \/>\n<meta name=\"robots\" content=\"index, follow, max-snippet:-1, max-image-preview:large, max-video-preview:-1\" \/>\n<link rel=\"canonical\" href=\"https:\/\/talkpal.ai\/vi\/ngu-phap-tamil\/\" \/>\n<meta property=\"og:locale\" content=\"vi_VN\" \/>\n<meta property=\"og:type\" content=\"article\" \/>\n<meta property=\"og:title\" content=\"Ng\u1eef ph\u00e1p Tamil\" \/>\n<meta property=\"og:description\" content=\"Ng\u1eef ph\u00e1p Tamil: Hi\u1ec3u \u0111\u01b0\u1ee3c s\u1ef1 phong ph\u00fa c\u1ee7a ng\u00f4n ng\u1eef Tamil Khi b\u1ea1n b\u1eaft \u0111\u1ea7u h\u1ecdc ti\u1ebfng Tamil - m\u1ed9t trong nh\u1eefng ng\u00f4n ng\u1eef c\u00f2n s\u1ed1ng l\u00e2u \u0111\u1eddi nh\u1ea5t th\u1ebf gi\u1edbi - l\u00e0m\" \/>\n<meta property=\"og:url\" content=\"https:\/\/talkpal.ai\/vi\/ngu-phap-tamil\/\" \/>\n<meta property=\"og:site_name\" content=\"Talkpal\" \/>\n<meta property=\"article:publisher\" content=\"https:\/\/www.facebook.com\/profile.php?id=100090733639311\" \/>\n<meta property=\"article:modified_time\" content=\"2025-12-12T11:00:57+00:00\" \/>\n<meta property=\"og:image\" content=\"https:\/\/talkpal.ai\/wp-content\/uploads\/2023\/05\/Tamil-india.png\" \/>\n\t<meta property=\"og:image:width\" content=\"512\" \/>\n\t<meta property=\"og:image:height\" content=\"512\" \/>\n\t<meta property=\"og:image:type\" content=\"image\/png\" \/>\n<meta name=\"twitter:card\" content=\"summary_large_image\" \/>\n<meta name=\"twitter:site\" content=\"@talkpalai\" \/>\n<meta name=\"twitter:label1\" content=\"Est. reading time\" \/>\n\t<meta name=\"twitter:data1\" content=\"5 minutes\" \/>\n<script type=\"application\/ld+json\" class=\"yoast-schema-graph\">{\"@context\":\"https:\/\/schema.org\",\"@graph\":[{\"@type\":\"WebPage\",\"@id\":\"https:\/\/talkpal.ai\/vi\/ngu-phap-tamil\/\",\"url\":\"https:\/\/talkpal.ai\/vi\/ngu-phap-tamil\/\",\"name\":\"Ng\u1eef ph\u00e1p Tamil - Talkpal\",\"isPartOf\":{\"@id\":\"https:\/\/talkpal.ai\/vi\/#website\"},\"primaryImageOfPage\":{\"@id\":\"https:\/\/talkpal.ai\/vi\/ngu-phap-tamil\/#primaryimage\"},\"image\":{\"@id\":\"https:\/\/talkpal.ai\/vi\/ngu-phap-tamil\/#primaryimage\"},\"thumbnailUrl\":\"https:\/\/talkpal.ai\/wp-content\/uploads\/2023\/05\/Tamil-india.png\",\"datePublished\":\"2023-05-14T14:22:16+00:00\",\"dateModified\":\"2025-12-12T11:00:57+00:00\",\"description\":\"Kh\u00e1m ph\u00e1 c\u00e1c nguy\u00ean t\u1eafc c\u01a1 b\u1ea3n c\u1ee7a Ng\u1eef ph\u00e1p Tamil v\u00e0 n\u00e2ng cao hi\u1ec3u bi\u1ebft c\u1ee7a b\u1ea1n v\u1ec1 ng\u00f4n ng\u1eef phong ph\u00fa n\u00e0y.\",\"breadcrumb\":{\"@id\":\"https:\/\/talkpal.ai\/vi\/ngu-phap-tamil\/#breadcrumb\"},\"inLanguage\":\"vi-VN\",\"potentialAction\":[{\"@type\":\"ReadAction\",\"target\":[\"https:\/\/talkpal.ai\/vi\/ngu-phap-tamil\/\"]}]},{\"@type\":\"ImageObject\",\"inLanguage\":\"vi-VN\",\"@id\":\"https:\/\/talkpal.ai\/vi\/ngu-phap-tamil\/#primaryimage\",\"url\":\"https:\/\/talkpal.ai\/wp-content\/uploads\/2023\/05\/Tamil-india.png\",\"contentUrl\":\"https:\/\/talkpal.ai\/wp-content\/uploads\/2023\/05\/Tamil-india.png\",\"width\":512,\"height\":512,\"caption\":\"TalkPal Tamil - India Flag\"},{\"@type\":\"BreadcrumbList\",\"@id\":\"https:\/\/talkpal.ai\/vi\/ngu-phap-tamil\/#breadcrumb\",\"itemListElement\":[{\"@type\":\"ListItem\",\"position\":1,\"name\":\"Homepage\",\"item\":\"https:\/\/talkpal.ai\/vi\/giao-vien-ngon-ngu-ai-3\/\"},{\"@type\":\"ListItem\",\"position\":2,\"name\":\"Ng\u1eef ph\u00e1p Tamil\"}]},{\"@type\":\"WebSite\",\"@id\":\"https:\/\/talkpal.ai\/vi\/#website\",\"url\":\"https:\/\/talkpal.ai\/vi\/\",\"name\":\"Talkpal\",\"description\":\"AI Language Learning\",\"publisher\":{\"@id\":\"https:\/\/talkpal.ai\/vi\/#organization\"},\"alternateName\":\"Talkpal AI\",\"potentialAction\":[{\"@type\":\"SearchAction\",\"target\":{\"@type\":\"EntryPoint\",\"urlTemplate\":\"https:\/\/talkpal.ai\/vi\/?s={search_term_string}\"},\"query-input\":{\"@type\":\"PropertyValueSpecification\",\"valueRequired\":true,\"valueName\":\"search_term_string\"}}],\"inLanguage\":\"vi-VN\"},{\"@type\":\"Organization\",\"@id\":\"https:\/\/talkpal.ai\/vi\/#organization\",\"name\":\"Talkpal, Inc.\",\"alternateName\":\"Talkpal AI\",\"url\":\"https:\/\/talkpal.ai\/vi\/\",\"logo\":{\"@type\":\"ImageObject\",\"inLanguage\":\"vi-VN\",\"@id\":\"https:\/\/talkpal.ai\/vi\/#\/schema\/logo\/image\/\",\"url\":\"https:\/\/talkpal.ai\/wp-content\/uploads\/2024\/03\/Talkpal-Logo-Icon.png\",\"contentUrl\":\"https:\/\/talkpal.ai\/wp-content\/uploads\/2024\/03\/Talkpal-Logo-Icon.png\",\"width\":2880,\"height\":2880,\"caption\":\"Talkpal, Inc.\"},\"image\":{\"@id\":\"https:\/\/talkpal.ai\/vi\/#\/schema\/logo\/image\/\"},\"sameAs\":[\"https:\/\/www.facebook.com\/profile.php?id=100090733639311\",\"https:\/\/x.com\/talkpalai\",\"https:\/\/www.linkedin.com\/company\/talkpal\/\",\"https:\/\/www.youtube.com\/@TalkPal\/\",\"https:\/\/www.tiktok.com\/@talkpal\",\"https:\/\/www.instagram.com\/talkpal_ai\/\",\"https:\/\/www.crunchbase.com\/organization\/talkpal-9cde\",\"https:\/\/www.g2.com\/products\/talkpal-for-business\/\",\"https:\/\/www.trustpilot.com\/review\/talkpal.ai\",\"https:\/\/www.capterra.com\/p\/10006800\/TalkPal\/\"],\"description\":\"Talkpal is a language learning web and mobile education app, powered by the latest AI technologies, that provides engaging experiences to its customers in many different languages to help them improve their language skills. Users can chat about unlimited amount of topics with the app and use other modes to practice their language learning.\",\"email\":\"support@talkpal.ai\",\"legalName\":\"Talkpal, Inc.\",\"foundingDate\":\"2023-04-03\",\"duns\":\"118989042\",\"numberOfEmployees\":{\"@type\":\"QuantitativeValue\",\"minValue\":\"11\",\"maxValue\":\"50\"},\"publishingPrinciples\":\"https:\/\/talkpal.ai\/publishing-principles\/\",\"actionableFeedbackPolicy\":\"https:\/\/talkpal.ai\/actionable-feedback-policy\/\",\"correctionsPolicy\":\"https:\/\/talkpal.ai\/corrections-policy\/\",\"ethicsPolicy\":\"https:\/\/talkpal.ai\/ethics-policy\/\",\"diversityPolicy\":\"https:\/\/talkpal.ai\/diversity-policy\/\",\"diversityStaffingReport\":\"https:\/\/talkpal.ai\/diversity-policy\/\"}]}<\/script>\n<!-- \/ Yoast SEO Premium plugin. -->","yoast_head_json":{"title":"Ng\u1eef ph\u00e1p Tamil - Talkpal","description":"Kh\u00e1m ph\u00e1 c\u00e1c nguy\u00ean t\u1eafc c\u01a1 b\u1ea3n c\u1ee7a Ng\u1eef ph\u00e1p Tamil v\u00e0 n\u00e2ng cao hi\u1ec3u bi\u1ebft c\u1ee7a b\u1ea1n v\u1ec1 ng\u00f4n ng\u1eef phong ph\u00fa n\u00e0y.","robots":{"index":"index","follow":"follow","max-snippet":"max-snippet:-1","max-image-preview":"max-image-preview:large","max-video-preview":"max-video-preview:-1"},"canonical":"https:\/\/talkpal.ai\/vi\/ngu-phap-tamil\/","og_locale":"vi_VN","og_type":"article","og_title":"Ng\u1eef ph\u00e1p Tamil","og_description":"Ng\u1eef ph\u00e1p Tamil: Hi\u1ec3u \u0111\u01b0\u1ee3c s\u1ef1 phong ph\u00fa c\u1ee7a ng\u00f4n ng\u1eef Tamil Khi b\u1ea1n b\u1eaft \u0111\u1ea7u h\u1ecdc ti\u1ebfng Tamil - m\u1ed9t trong nh\u1eefng ng\u00f4n ng\u1eef c\u00f2n s\u1ed1ng l\u00e2u \u0111\u1eddi nh\u1ea5t th\u1ebf gi\u1edbi - l\u00e0m","og_url":"https:\/\/talkpal.ai\/vi\/ngu-phap-tamil\/","og_site_name":"Talkpal","article_publisher":"https:\/\/www.facebook.com\/profile.php?id=100090733639311","article_modified_time":"2025-12-12T11:00:57+00:00","og_image":[{"width":512,"height":512,"url":"https:\/\/talkpal.ai\/wp-content\/uploads\/2023\/05\/Tamil-india.png","type":"image\/png"}],"twitter_card":"summary_large_image","twitter_site":"@talkpalai","twitter_misc":{"Est. reading time":"5 minutes"},"schema":{"@context":"https:\/\/schema.org","@graph":[{"@type":"WebPage","@id":"https:\/\/talkpal.ai\/vi\/ngu-phap-tamil\/","url":"https:\/\/talkpal.ai\/vi\/ngu-phap-tamil\/","name":"Ng\u1eef ph\u00e1p Tamil - Talkpal","isPartOf":{"@id":"https:\/\/talkpal.ai\/vi\/#website"},"primaryImageOfPage":{"@id":"https:\/\/talkpal.ai\/vi\/ngu-phap-tamil\/#primaryimage"},"image":{"@id":"https:\/\/talkpal.ai\/vi\/ngu-phap-tamil\/#primaryimage"},"thumbnailUrl":"https:\/\/talkpal.ai\/wp-content\/uploads\/2023\/05\/Tamil-india.png","datePublished":"2023-05-14T14:22:16+00:00","dateModified":"2025-12-12T11:00:57+00:00","description":"Kh\u00e1m ph\u00e1 c\u00e1c nguy\u00ean t\u1eafc c\u01a1 b\u1ea3n c\u1ee7a Ng\u1eef ph\u00e1p Tamil v\u00e0 n\u00e2ng cao hi\u1ec3u bi\u1ebft c\u1ee7a b\u1ea1n v\u1ec1 ng\u00f4n ng\u1eef phong ph\u00fa n\u00e0y.","breadcrumb":{"@id":"https:\/\/talkpal.ai\/vi\/ngu-phap-tamil\/#breadcrumb"},"inLanguage":"vi-VN","potentialAction":[{"@type":"ReadAction","target":["https:\/\/talkpal.ai\/vi\/ngu-phap-tamil\/"]}]},{"@type":"ImageObject","inLanguage":"vi-VN","@id":"https:\/\/talkpal.ai\/vi\/ngu-phap-tamil\/#primaryimage","url":"https:\/\/talkpal.ai\/wp-content\/uploads\/2023\/05\/Tamil-india.png","contentUrl":"https:\/\/talkpal.ai\/wp-content\/uploads\/2023\/05\/Tamil-india.png","width":512,"height":512,"caption":"TalkPal Tamil - India Flag"},{"@type":"BreadcrumbList","@id":"https:\/\/talkpal.ai\/vi\/ngu-phap-tamil\/#breadcrumb","itemListElement":[{"@type":"ListItem","position":1,"name":"Homepage","item":"https:\/\/talkpal.ai\/vi\/giao-vien-ngon-ngu-ai-3\/"},{"@type":"ListItem","position":2,"name":"Ng\u1eef ph\u00e1p Tamil"}]},{"@type":"WebSite","@id":"https:\/\/talkpal.ai\/vi\/#website","url":"https:\/\/talkpal.ai\/vi\/","name":"Talkpal","description":"AI Language Learning","publisher":{"@id":"https:\/\/talkpal.ai\/vi\/#organization"},"alternateName":"Talkpal AI","potentialAction":[{"@type":"SearchAction","target":{"@type":"EntryPoint","urlTemplate":"https:\/\/talkpal.ai\/vi\/?s={search_term_string}"},"query-input":{"@type":"PropertyValueSpecification","valueRequired":true,"valueName":"search_term_string"}}],"inLanguage":"vi-VN"},{"@type":"Organization","@id":"https:\/\/talkpal.ai\/vi\/#organization","name":"Talkpal, Inc.","alternateName":"Talkpal AI","url":"https:\/\/talkpal.ai\/vi\/","logo":{"@type":"ImageObject","inLanguage":"vi-VN","@id":"https:\/\/talkpal.ai\/vi\/#\/schema\/logo\/image\/","url":"https:\/\/talkpal.ai\/wp-content\/uploads\/2024\/03\/Talkpal-Logo-Icon.png","contentUrl":"https:\/\/talkpal.ai\/wp-content\/uploads\/2024\/03\/Talkpal-Logo-Icon.png","width":2880,"height":2880,"caption":"Talkpal, Inc."},"image":{"@id":"https:\/\/talkpal.ai\/vi\/#\/schema\/logo\/image\/"},"sameAs":["https:\/\/www.facebook.com\/profile.php?id=100090733639311","https:\/\/x.com\/talkpalai","https:\/\/www.linkedin.com\/company\/talkpal\/","https:\/\/www.youtube.com\/@TalkPal\/","https:\/\/www.tiktok.com\/@talkpal","https:\/\/www.instagram.com\/talkpal_ai\/","https:\/\/www.crunchbase.com\/organization\/talkpal-9cde","https:\/\/www.g2.com\/products\/talkpal-for-business\/","https:\/\/www.trustpilot.com\/review\/talkpal.ai","https:\/\/www.capterra.com\/p\/10006800\/TalkPal\/"],"description":"Talkpal is a language learning web and mobile education app, powered by the latest AI technologies, that provides engaging experiences to its customers in many different languages to help them improve their language skills. Users can chat about unlimited amount of topics with the app and use other modes to practice their language learning.","email":"support@talkpal.ai","legalName":"Talkpal, Inc.","foundingDate":"2023-04-03","duns":"118989042","numberOfEmployees":{"@type":"QuantitativeValue","minValue":"11","maxValue":"50"},"publishingPrinciples":"https:\/\/talkpal.ai\/publishing-principles\/","actionableFeedbackPolicy":"https:\/\/talkpal.ai\/actionable-feedback-policy\/","correctionsPolicy":"https:\/\/talkpal.ai\/corrections-policy\/","ethicsPolicy":"https:\/\/talkpal.ai\/ethics-policy\/","diversityPolicy":"https:\/\/talkpal.ai\/diversity-policy\/","diversityStaffingReport":"https:\/\/talkpal.ai\/diversity-policy\/"}]}},"_links":{"self":[{"href":"https:\/\/talkpal.ai\/vi\/wp-json\/wp\/v2\/pages\/1447452","targetHints":{"allow":["GET"]}}],"collection":[{"href":"https:\/\/talkpal.ai\/vi\/wp-json\/wp\/v2\/pages"}],"about":[{"href":"https:\/\/talkpal.ai\/vi\/wp-json\/wp\/v2\/types\/page"}],"author":[{"embeddable":true,"href":"https:\/\/talkpal.ai\/vi\/wp-json\/wp\/v2\/users\/1"}],"replies":[{"embeddable":true,"href":"https:\/\/talkpal.ai\/vi\/wp-json\/wp\/v2\/comments?post=1447452"}],"version-history":[{"count":0,"href":"https:\/\/talkpal.ai\/vi\/wp-json\/wp\/v2\/pages\/1447452\/revisions"}],"wp:featuredmedia":[{"embeddable":true,"href":"https:\/\/talkpal.ai\/vi\/wp-json\/wp\/v2\/media\/1444860"}],"wp:attachment":[{"href":"https:\/\/talkpal.ai\/vi\/wp-json\/wp\/v2\/media?parent=1447452"}],"curies":[{"name":"wp","href":"https:\/\/api.w.org\/{rel}","templated":true}]}}