{"id":1447444,"date":"2023-05-14T14:23:00","date_gmt":"2023-05-14T14:23:00","guid":{"rendered":"https:\/\/talkpal.ai\/ngu-phap-tieng-viet\/"},"modified":"2025-12-12T11:04:00","modified_gmt":"2025-12-12T11:04:00","slug":"ngu-phap-tieng-viet","status":"publish","type":"page","link":"https:\/\/talkpal.ai\/vi\/ngu-phap-tieng-viet\/","title":{"rendered":"Ng\u1eef ph\u00e1p ti\u1ebfng Vi\u1ec7t"},"content":{"rendered":"\r\n\r\n\r\n<section class=\"languageChallengeSection\">\r\n    <div class=\"languageInfoWrapper\">\r\n        \r\n        <h1>Ng\u1eef ph\u00e1p ti\u1ebfng Vi\u1ec7t<\/h1>\r\n        <p><a href=\"https:\/\/talkpal.ai\/vi\/ngu-phap-tieng-nga\/\">Ng\u1eef ph\u00e1p ti\u1ebfng<\/a> Vi\u1ec7t \u0111\u01b0\u1ee3c bi\u1ebft \u0111\u1ebfn v\u1edbi s\u1ef1 \u0111\u01a1n gi\u1ea3n v\u00e0 c\u1ea5u tr\u00fac logic, gi\u00fap ng\u01b0\u1eddi m\u1edbi h\u1ecdc d\u1ec5 ti\u1ebfp c\u1eadn. V\u1edbi b\u1ea3ng ch\u1eef c\u00e1i La M\u00e3, kh\u00f4ng chia \u0111\u1ed9ng t\u1eeb v\u00e0 s\u1eed d\u1ee5ng s\u1ed1 nhi\u1ec1u t\u1ed1i thi\u1ec3u, h\u1ecdc sinh c\u00f3 th\u1ec3 nhanh ch\u00f3ng t\u1eadp trung v\u00e0o vi\u1ec7c x\u00e2y d\u1ef1ng v\u1ed1n t\u1eeb v\u1ef1ng v\u00e0 k\u1ef9 n\u0103ng \u0111\u00e0m tho\u1ea1i. Kh\u00e1m ph\u00e1 <a href=\"https:\/\/talkpal.ai\/hoc-tieng-nhat-mien-phi-bi-quyet-nhanh-chong-va-hieu-qua\/\">ti\u1ebfng Vi\u1ec7t<\/a> kh\u00f4ng ch\u1ec9 l\u00e0 h\u1ecdc <a href=\"https:\/\/talkpal.ai\/vi\/hoc-ngon-ngu-cho-cac-truong-ngon-ngu\/\">ng\u00f4n ng\u1eef<\/a> m\u00e0 c\u00f2n m\u1edf ra m\u1ed9t c\u00e1nh c\u1eeda v\u00e0o v\u0103n h\u00f3a v\u00e0 l\u1ecbch s\u1eed phong ph\u00fa c\u1ee7a \u0111\u1ea5t n\u01b0\u1edbc.<\/p>\r\n\r\n                            <a class=\"getStartedHidden\" href=\"https:\/\/app.talkpal.ai\/vi\/signup?lng=\">B\u1eaft \u0111\u1ea7u nh\u00e9<\/a>\r\n        \r\n    <\/div>\r\n\r\n    <figure>\r\n    <img decoding=\"async\" width=\"768\" height=\"768\" src=\"https:\/\/talkpal.ai\/wp-content\/uploads\/2023\/06\/vietnamese-768x768.png\" class=\"languageImage no-lazy\" alt=\"Language learning for extensive cultural knowledge\" fetchpriority=\"high\" sizes=\"(max-width: 768px) 150px, 768px\" srcset=\"https:\/\/talkpal.ai\/wp-content\/uploads\/2023\/06\/vietnamese-768x768.png 768w, https:\/\/talkpal.ai\/wp-content\/uploads\/2023\/06\/vietnamese-300x300.png 300w\" \/>\r\n    \r\n\r\n    <\/figure>\r\n\r\n            <a class=\"getStartedVisible\" href=\"https:\/\/app.talkpal.ai\/vi\/signup?lng=\">B\u1eaft \u0111\u1ea7u nh\u00e9<\/a>\r\n    \r\n<\/section>\r\n<section class=\"promotionalBanner\">\r\n    <p class=\"promotionalText\">C\u00e1ch hi\u1ec7u qu\u1ea3 nh\u1ea5t \u0111\u1ec3 h\u1ecdc m\u1ed9t <a href=\"https:\/\/talkpal.ai\/vi\/hoc-ngon-ngu-cho-cac-truong-ngon-ngu\/\">ng\u00f4n ng\u1eef<\/a><\/p>\r\n    <a class=\"promotionalLink\" href=\"https:\/\/app.talkpal.ai\/vi\/signup?lng=\">D\u00f9ng th\u1eed Talkpal mi\u1ec5n ph\u00ed<\/a>\r\n<\/section>\n<div class=\"wp-block-group pageContainerStyle\"><div class=\"wp-block-group__inner-container is-layout-constrained wp-block-group-is-layout-constrained\">\n<h2 class=\"wp-block-heading\" id=\"h-the-intricacies-of-vietnamese-grammar-an-engaging-exploration\">S\u1ef1 ph\u1ee9c t\u1ea1p c\u1ee7a ng\u1eef ph\u00e1p ti\u1ebfng Vi\u1ec7t: Kh\u00e1m ph\u00e1 h\u1ea5p d\u1eabn<\/h2>\n\n\n\n<p>Ng\u00f4n ng\u1eef Vi\u1ec7t Nam, v\u1edbi ngu\u1ed3n g\u1ed1c l\u1ecbch s\u1eed s\u00e2u s\u1eafc v\u00e0 b\u1ed1i c\u1ea3nh v\u0103n h\u00f3a \u0111\u1ed9c \u0111\u00e1o, mang \u0111\u1ebfn m\u1ed9t cu\u1ed9c phi\u00eau l\u01b0u h\u1ea5p d\u1eabn cho c\u00e1c nh\u00e0 ng\u00f4n ng\u1eef h\u1ecdc c\u0169ng nh\u01b0 ng\u01b0\u1eddi <a href=\"https:\/\/talkpal.ai\/vi\/ung-dung-mien-phi-de-hoc-ngon-ngu\/\">h\u1ecdc ng\u00f4n ng\u1eef<\/a>. M\u1eb7c d\u00f9 <a href=\"https:\/\/talkpal.ai\/vi\/ngu-phap\/\">ng\u1eef ph\u00e1p<\/a> ti\u1ebfng Vi\u1ec7t ban \u0111\u1ea7u c\u00f3 th\u1ec3 n\u1ed5i l\u00ean nh\u01b0 m\u1ed9t th\u00e1ch th\u1ee9c, nh\u01b0ng logic \u0111\u01a1n gi\u1ea3n v\u00e0 nh\u1ea5t qu\u00e1n c\u1ee7a n\u00f3 m\u1edf \u0111\u01b0\u1eddng cho m\u1ed9t tr\u1ea3i nghi\u1ec7m h\u1ecdc t\u1eadp th\u00fa v\u1ecb. V\u00ec v\u1eady, h\u00e3y chu\u1ea9n b\u1ecb tinh th\u1ea7n cho m\u1ed9t h\u00e0nh tr\u00ecnh ng\u00f4n ng\u1eef h\u1ea5p d\u1eabn khi ch\u00fang ta \u0111i s\u00e2u v\u00e0o nh\u1eefng \u0111\u1eb7c th\u00f9 c\u1ee7a ng\u1eef ph\u00e1p ti\u1ebfng Vi\u1ec7t.<\/p>\n\n\n\n<h3 class=\"wp-block-heading\" id=\"h-1-the-alphabet-a-gift-from-the-past\">1. B\u1ea3ng ch\u1eef c\u00e1i: M\u00f3n qu\u00e0 t\u1eeb qu\u00e1 kh\u1ee9<\/h3>\n\n\n\n<p>B\u1ea3ng ch\u1eef c\u00e1i ti\u1ebfng Vi\u1ec7t, bao g\u1ed3m 29 ch\u1eef c\u00e1i, ch\u1ee7 y\u1ebfu b\u1eaft ngu\u1ed3n t\u1eeb ch\u1eef Latinh, v\u1edbi ngu\u1ed3n g\u1ed1c <a href=\"https:\/\/talkpal.ai\/learn-portuguese\/\">ti\u1ebfng B\u1ed3 \u0110\u00e0o Nha<\/a> v\u00e0 Ph\u00e1p. Nh\u1edd ch\u1eef vi\u1ebft Qu\u1ed1c Ng\u1eef, vi\u1ec7c chuy\u1ec3n \u0111\u1ed5i sang ch\u1eef vi\u1ebft La M\u00e3 h\u00f3a \u0111\u00e3 l\u00e0m cho b\u1ea3ng ch\u1eef c\u00e1i tr\u1edf n\u00ean quen thu\u1ed9c v\u00e0 d\u1ec5 d\u00e0ng ti\u1ebfp c\u1eadn v\u1edbi nh\u1eefng ng\u01b0\u1eddi n\u00f3i c\u00e1c ng\u00f4n ng\u1eef d\u1ef1a tr\u00ean ti\u1ebfng Latinh kh\u00e1c. \u0110i\u1ec1u n\u00e0y cho ph\u00e9p m\u1ed9t \u0111i\u1ec3m v\u00e0o su\u00f4n s\u1ebb cho ng\u01b0\u1eddi m\u1edbi b\u1eaft \u0111\u1ea7u t\u1eadp trung v\u00e0o \u00e2m thanh v\u00e0 c\u00e1ch ph\u00e1t \u00e2m \u0111\u1ed9c \u0111\u00e1o c\u1ee7a ng\u00f4n ng\u1eef.<\/p>\n\n\n\n<h3 class=\"wp-block-heading\" id=\"h-2-tones-vietnamese-s-musical-notation\">2. Giai \u0111i\u1ec7u: K\u00fd hi\u1ec7u \u00e2m nh\u1ea1c c\u1ee7a ng\u01b0\u1eddi Vi\u1ec7t<\/h3>\n\n\n\n<p>Ti\u1ebfng Vi\u1ec7t l\u00e0 m\u1ed9t ng\u00f4n ng\u1eef thanh \u0111i\u1ec7u, c\u00f3 s\u00e1u \u00e2m \u0111\u1eb7c bi\u1ec7t l\u00e0m thay \u0111\u1ed5i \u00fd ngh\u0129a c\u1ee7a m\u1ed9t t\u1eeb th\u00f4ng qua vi\u1ec7c s\u1eed d\u1ee5ng c\u00e1c d\u1ea5u ph\u1ee5 kh\u00e1c nhau. C\u00f3 \u0111\u01b0\u1ee3c s\u1ef1 th\u00e0nh th\u1ea1o c\u1ee7a nh\u1eefng giai \u0111i\u1ec7u \u0111\u00f3 c\u00f3 th\u1ec3 l\u00e0 m\u1ed9t th\u00e1ch th\u1ee9c, nh\u01b0ng n\u00f3 b\u1ed5 sung th\u00eam t\u00ednh \u00e2m nh\u1ea1c v\u00e0 s\u1eafc th\u00e1i cho ng\u00f4n ng\u1eef khi\u1ebfn n\u00f3 tr\u1edf n\u00ean quy\u1ebfn r\u0169 h\u01a1n. S\u1ef1 ki\u00ean nh\u1eabn v\u00e0 luy\u1ec7n t\u1eadp s\u1ebd l\u00e0m cho n\u00f3 tr\u1edf n\u00ean ho\u00e0n h\u1ea3o, cho ph\u00e9p b\u1ea1n \u0111\u00e1nh gi\u00e1 tr\u1ecdn v\u1eb9n v\u1ebb \u0111\u1eb9p giai \u0111i\u1ec7u c\u1ee7a ng\u01b0\u1eddi Vi\u1ec7t.<\/p>\n\n\n\n<h3 class=\"wp-block-heading\" id=\"h-3-word-order-unraveling-the-vietnamese-sentence-structure\">3. Tr\u1eadt t\u1ef1 t\u1eeb: L\u00e0m s\u00e1ng t\u1ecf c\u1ea5u tr\u00fac c\u00e2u ti\u1ebfng Vi\u1ec7t<\/h3>\n\n\n\n<p>R\u1ea5t may, th\u1ee9 t\u1ef1 t\u1eeb ti\u1ebfng Vi\u1ec7t kh\u00e1 \u0111\u01a1n gi\u1ea3n, theo \u0111\u1ecbnh d\u1ea1ng Ch\u1ee7 ng\u1eef-\u0110\u1ed9ng t\u1eeb-\u0110\u1ed1i t\u01b0\u1ee3ng (SVO) quen thu\u1ed9c. C\u1ea5u tr\u00fac d\u1ec5 ti\u1ebfp c\u1eadn n\u00e0y gi\u00fap ng\u01b0\u1eddi n\u00f3i <a href=\"https:\/\/talkpal.ai\/top-trang-web-luyen-noi-tieng-anh-hieu-qua-nhat-2024\/\">ti\u1ebfng Anh<\/a> d\u1ec5 d\u00e0ng t\u1ea1o c\u00e2u b\u1eb1ng ti\u1ebfng Vi\u1ec7t m\u00e0 kh\u00f4ng g\u1eb7p ph\u1ea3i s\u1ef1 thay \u0111\u1ed5i l\u1edbn trong ng\u00f4n ng\u1eef h\u1ecdc. L\u1ea5y v\u00ed d\u1ee5 v\u1ec1 &#8220;T\u00f4i y\u00eau Vi\u1ec7t Nam!&#8221; (T\u00f4i y\u00eau Vi\u1ec7t Nam!), n\u01a1i c\u1ea3 hai ng\u00f4n ng\u1eef \u0111\u1ec1u c\u00f3 chung c\u1ea5u tr\u00fac song song.<\/p>\n\n\n\n<h3 class=\"wp-block-heading\" id=\"h-4-no-more-plural-nouns-or-verb-conjugations\">4. Kh\u00f4ng c\u00f2n danh t\u1eeb s\u1ed1 nhi\u1ec1u ho\u1eb7c c\u00e1ch chia \u0111\u1ed9ng t\u1eeb<\/h3>\n\n\n\n<p>Trong ti\u1ebfng Vi\u1ec7t, danh t\u1eeb kh\u00f4ng thay \u0111\u1ed5i h\u00ecnh th\u1ee9c c\u1ee7a ch\u00fang \u0111\u1ec3 bi\u1ec3u th\u1ecb s\u1ed1 nhi\u1ec1u, v\u00e0 \u0111\u1ed9ng t\u1eeb v\u1eabn nh\u1ea5t qu\u00e1n b\u1ea5t k\u1ec3 th\u00ec hay ch\u1ee7 ng\u1eef. M\u1eb7c d\u00f9 \u0111i\u1ec1u n\u00e0y tho\u1ea1t nghe c\u00f3 v\u1ebb kh\u00f3 hi\u1ec3u, nh\u01b0ng n\u00f3 \u0111\u01a1n gi\u1ea3n h\u00f3a \u0111\u00e1ng k\u1ec3 vi\u1ec7c h\u1ecdc c\u00e1c quy t\u1eafc ng\u1eef ph\u00e1p. Thay v\u00e0o \u0111\u00f3, ng\u1eef c\u1ea3nh v\u00e0 vi\u1ec7c s\u1eed d\u1ee5ng c\u00e1c t\u1eeb b\u1ed5 sung l\u00e0m r\u00f5 \u00fd ngh\u0129a c\u1ee7a c\u00e2u. V\u00ec v\u1eady, h\u00e3y th\u1edf ph\u00e0o nh\u1eb9 nh\u00f5m khi b\u1ea1n t\u1ea1m bi\u1ec7t nh\u1eefng r\u1eafc r\u1ed1i c\u1ee7a vi\u1ec7c chia h\u1ee3p.<\/p>\n\n\n\n<h3 class=\"wp-block-heading\" id=\"h-5-immerse-yourself-in-the-vietnamese-mindset\">5. \u0110\u1eafm ch\u00ecm trong t\u01b0 duy Vi\u1ec7t Nam<\/h3>\n\n\n\n<p>H\u1ecdc ti\u1ebfng Vi\u1ec7t kh\u00f4ng ch\u1ec9 l\u00e0 n\u1eafm v\u1eefng ng\u1eef ph\u00e1p m\u00e0 c\u00f2n l\u00e0 n\u1eafm b\u1eaft b\u1ed1i c\u1ea3nh v\u0103n h\u00f3a, l\u1ecbch s\u1eed v\u00e0 x\u00e3 h\u1ed9i \u0111\u00e3 \u0111\u1ecbnh h\u00ecnh ng\u00f4n ng\u1eef. T\u01b0\u01a1ng t\u00e1c v\u1edbi ng\u01b0\u1eddi b\u1ea3n ng\u1eef, kh\u00e1m ph\u00e1 v\u0103n h\u1ecdc v\u00e0 ngh\u1ec7 thu\u1eadt Vi\u1ec7t Nam, v\u00e0 c\u1ed1 g\u1eafng k\u1ebft n\u1ed1i v\u1edbi c\u00e1c gi\u00e1 tr\u1ecb v\u00e0 phong t\u1ee5c c\u1ee7a qu\u1ed1c gia. C\u00e1ch ti\u1ebfp c\u1eadn to\u00e0n di\u1ec7n n\u00e0y s\u1ebd kh\u00f4ng ch\u1ec9 n\u00e2ng cao k\u1ef9 n\u0103ng ng\u00f4n ng\u1eef c\u1ee7a b\u1ea1n m\u00e0 c\u00f2n hi\u1ec3u s\u00e2u h\u01a1n v\u1ec1 v\u1ebb \u0111\u1eb9p \u0111a di\u1ec7n c\u1ee7a Vi\u1ec7t Nam.<\/p>\n\n\n\n<h3 class=\"wp-block-heading\" id=\"h-in-conclusion-relish-the-charm-of-vietnamese-grammar\">K\u1ebft lu\u1eadn: T\u1eadn h\u01b0\u1edfng s\u1ef1 quy\u1ebfn r\u0169 c\u1ee7a ng\u1eef ph\u00e1p ti\u1ebfng Vi\u1ec7t<\/h3>\n\n\n\n<p>M\u1eb7c d\u00f9 ng\u1eef ph\u00e1p ti\u1ebfng Vi\u1ec7t c\u00f3 v\u1ebb kh\u00f3 hi\u1ec3u nh\u01b0ng c\u1ea5u tr\u00fac h\u1ea5p d\u1eabn v\u00e0 s\u1ef1 \u0111\u01a1n gi\u1ea3n v\u1ed1n c\u00f3 c\u1ee7a n\u00f3 m\u1eddi g\u1ecdi ng\u01b0\u1eddi h\u1ecdc b\u1eaft \u0111\u1ea7u m\u1ed9t h\u00e0nh tr\u00ecnh ng\u00f4n ng\u1eef b\u1ed5 \u00edch. Khi b\u1ea1n \u0111i s\u00e2u v\u00e0o th\u1ebf gi\u1edbi ti\u1ebfng Vi\u1ec7t, b\u1ea1n s\u1ebd ng\u1ea1c nhi\u00ean tr\u01b0\u1edbc s\u1ef1 sang tr\u1ecdng v\u00e0 v\u1ebb \u0111\u1eb9p c\u1ee7a ng\u1eef ph\u00e1p v\u00e0 t\u1ea5m th\u1ea3m v\u0103n h\u00f3a phong ph\u00fa \u0111\u00e3 \u0111\u1ecbnh h\u00ecnh ng\u00f4n ng\u1eef n\u00e0y qua nhi\u1ec1u th\u1ebf k\u1ef7. V\u00ec v\u1eady, h\u00e3y ti\u1ebfp t\u1ee5c v\u00e0 kh\u00e1m ph\u00e1 nh\u1eefng \u0111i\u1ec1u k\u1ef3 di\u1ec7u c\u1ee7a ng\u1eef ph\u00e1p ti\u1ebfng Vi\u1ec7t khi b\u1ea1n \u0111i\u1ec1u h\u01b0\u1edbng b\u1ed1i c\u1ea3nh ng\u00f4n ng\u1eef c\u1ee7a ng\u00f4n ng\u1eef m\u00ea ho\u1eb7c n\u00e0y.<\/p>\n<\/div><\/div>\n\r\n<section class=\"learnNavigationSection\">\r\n            \r\n        <a href=\"https:\/\/talkpal.ai\/vi\/hoc-tieng-viet\/\">\r\n            <div class=\"learnNavigationWrapper\">\r\n                <div class=\"learnNavigationContent\">\r\n                    <img decoding=\"async\" src=\"https:\/\/talkpal.ai\/wp-content\/uploads\/2024\/08\/Vietnamese.jpg\" alt=\"Vietnamise Flag\">\r\n                    <div>\r\n                        <h4>Gi\u1edbi thi\u1ec7u v\u1ec1 H\u1ecdc ti\u1ebfng Vi\u1ec7t<\/h4>\r\n                        <p>T\u00ecm hi\u1ec3u t\u1ea5t c\u1ea3 v\u1ec1 ng\u1eef ph\u00e1p ti\u1ebfng Vi\u1ec7t.<\/p>\r\n                    <\/div>\r\n                <\/div>\r\n            <\/div>\r\n        <\/a>\r\n\r\n        \r\n        <a href=\"https:\/\/talkpal.ai\/vi\/bai-tap-ngu-phap-tieng-viet\/\">\r\n            <div class=\"learnNavigationWrapper\">\r\n                <div class=\"learnNavigationContent\">\r\n                    <img decoding=\"async\" src=\"https:\/\/talkpal.ai\/wp-content\/uploads\/2024\/08\/Vietnamese.jpg\" alt=\"Vietnamise Flag\">\r\n                    <div>\r\n                        <h4>B\u00e0i t\u1eadp ng\u1eef ph\u00e1p ti\u1ebfng Vi\u1ec7t<\/h4>\r\n                        <p>Th\u1ef1c h\u00e0nh ng\u1eef ph\u00e1p ti\u1ebfng Vi\u1ec7t.<\/p>\r\n                    <\/div>\r\n                <\/div>\r\n            <\/div>\r\n        <\/a>\r\n\r\n        \r\n        <a href=\"https:\/\/talkpal.ai\/vocabulary_language\/vietnamese\/\">\r\n            <div class=\"learnNavigationWrapper\">\r\n                <div class=\"learnNavigationContent\">\r\n                    <img decoding=\"async\" src=\"https:\/\/talkpal.ai\/wp-content\/uploads\/2024\/08\/Vietnamese.jpg\" alt=\"Vietnamise Flag\">\r\n                    <div>\r\n                        <h4>T\u1eeb v\u1ef1ng ti\u1ebfng Vi\u1ec7t<\/h4>\r\n                        <p>M\u1edf r\u1ed9ng v\u1ed1n t\u1eeb v\u1ef1ng ti\u1ebfng Vi\u1ec7t c\u1ee7a b\u1ea1n.<\/p>\r\n                    <\/div>\r\n                <\/div>\r\n            <\/div>\r\n        <\/a>\r\n\r\n            <\/section>","protected":false},"excerpt":{"rendered":"<p>S\u1ef1 ph\u1ee9c t\u1ea1p c\u1ee7a ng\u1eef ph\u00e1p ti\u1ebfng Vi\u1ec7t: Kh\u00e1m ph\u00e1 h\u1ea5p d\u1eabn Ng\u00f4n ng\u1eef Vi\u1ec7t Nam, v\u1edbi ngu\u1ed3n g\u1ed1c l\u1ecbch s\u1eed s\u00e2u s\u1eafc v\u00e0 b\u1ed1i c\u1ea3nh v\u0103n h\u00f3a \u0111\u1ed9c \u0111\u00e1o, mang \u0111\u1ebfn m\u1ed9t cu\u1ed9c phi\u00eau l\u01b0u h\u1ea5p d\u1eabn cho c\u00e1c nh\u00e0 ng\u00f4n ng\u1eef h\u1ecdc c\u0169ng nh\u01b0 ng\u01b0\u1eddi h\u1ecdc ng\u00f4n ng\u1eef. M\u1eb7c d\u00f9 ng\u1eef ph\u00e1p ti\u1ebfng [&hellip;]<\/p>\n","protected":false},"author":1,"featured_media":1444886,"parent":0,"menu_order":0,"comment_status":"closed","ping_status":"closed","template":"LearningContentPage.php","meta":{"_acf_changed":false,"footnotes":""},"class_list":["post-1447444","page","type-page","status-publish","has-post-thumbnail","hentry"],"acf":[],"yoast_head":"<!-- This site is optimized with the Yoast SEO Premium plugin v27.2 (Yoast SEO v27.2) - https:\/\/yoast.com\/product\/yoast-seo-premium-wordpress\/ -->\n<title>Ng\u1eef ph\u00e1p ti\u1ebfng Vi\u1ec7t - Talkpal<\/title>\n<meta name=\"description\" content=\"Kh\u00e1m ph\u00e1 nh\u1eefng kh\u00eda c\u1ea1nh h\u1ea5p d\u1eabn c\u1ee7a ng\u1eef ph\u00e1p ti\u1ebfng Vi\u1ec7t v\u00e0 kh\u00e1m ph\u00e1 ni\u1ec1m vui khi h\u1ecdc ng\u00f4n ng\u1eef \u0111\u1ed9c \u0111\u00e1o n\u00e0y.\" \/>\n<meta name=\"robots\" content=\"index, follow, max-snippet:-1, max-image-preview:large, max-video-preview:-1\" \/>\n<link rel=\"canonical\" href=\"https:\/\/talkpal.ai\/vi\/ngu-phap-tieng-viet\/\" \/>\n<meta property=\"og:locale\" content=\"vi_VN\" \/>\n<meta property=\"og:type\" content=\"article\" \/>\n<meta property=\"og:title\" content=\"Ng\u1eef ph\u00e1p ti\u1ebfng Vi\u1ec7t\" \/>\n<meta property=\"og:description\" content=\"S\u1ef1 ph\u1ee9c t\u1ea1p c\u1ee7a ng\u1eef ph\u00e1p ti\u1ebfng Vi\u1ec7t: Kh\u00e1m ph\u00e1 h\u1ea5p d\u1eabn Ng\u00f4n ng\u1eef Vi\u1ec7t Nam, v\u1edbi ngu\u1ed3n g\u1ed1c l\u1ecbch s\u1eed s\u00e2u s\u1eafc v\u00e0 b\u1ed1i c\u1ea3nh v\u0103n h\u00f3a \u0111\u1ed9c \u0111\u00e1o, mang \u0111\u1ebfn m\u1ed9t cu\u1ed9c\" \/>\n<meta property=\"og:url\" content=\"https:\/\/talkpal.ai\/vi\/ngu-phap-tieng-viet\/\" \/>\n<meta property=\"og:site_name\" content=\"Talkpal\" \/>\n<meta property=\"article:publisher\" content=\"https:\/\/www.facebook.com\/profile.php?id=100090733639311\" \/>\n<meta property=\"article:modified_time\" content=\"2025-12-12T11:04:00+00:00\" \/>\n<meta property=\"og:image\" content=\"https:\/\/talkpal.ai\/wp-content\/uploads\/2023\/05\/vietnam.png\" \/>\n\t<meta property=\"og:image:width\" content=\"512\" \/>\n\t<meta property=\"og:image:height\" content=\"512\" \/>\n\t<meta property=\"og:image:type\" content=\"image\/png\" \/>\n<meta name=\"twitter:card\" content=\"summary_large_image\" \/>\n<meta name=\"twitter:site\" content=\"@talkpalai\" \/>\n<meta name=\"twitter:label1\" content=\"Est. reading time\" \/>\n\t<meta name=\"twitter:data1\" content=\"6 minutes\" \/>\n<script type=\"application\/ld+json\" class=\"yoast-schema-graph\">{\"@context\":\"https:\/\/schema.org\",\"@graph\":[{\"@type\":\"WebPage\",\"@id\":\"https:\/\/talkpal.ai\/vi\/ngu-phap-tieng-viet\/\",\"url\":\"https:\/\/talkpal.ai\/vi\/ngu-phap-tieng-viet\/\",\"name\":\"Ng\u1eef ph\u00e1p ti\u1ebfng Vi\u1ec7t - Talkpal\",\"isPartOf\":{\"@id\":\"https:\/\/talkpal.ai\/vi\/#website\"},\"primaryImageOfPage\":{\"@id\":\"https:\/\/talkpal.ai\/vi\/ngu-phap-tieng-viet\/#primaryimage\"},\"image\":{\"@id\":\"https:\/\/talkpal.ai\/vi\/ngu-phap-tieng-viet\/#primaryimage\"},\"thumbnailUrl\":\"https:\/\/talkpal.ai\/wp-content\/uploads\/2023\/05\/vietnam.png\",\"datePublished\":\"2023-05-14T14:23:00+00:00\",\"dateModified\":\"2025-12-12T11:04:00+00:00\",\"description\":\"Kh\u00e1m ph\u00e1 nh\u1eefng kh\u00eda c\u1ea1nh h\u1ea5p d\u1eabn c\u1ee7a ng\u1eef ph\u00e1p ti\u1ebfng Vi\u1ec7t v\u00e0 kh\u00e1m ph\u00e1 ni\u1ec1m vui khi h\u1ecdc ng\u00f4n ng\u1eef \u0111\u1ed9c \u0111\u00e1o n\u00e0y.\",\"breadcrumb\":{\"@id\":\"https:\/\/talkpal.ai\/vi\/ngu-phap-tieng-viet\/#breadcrumb\"},\"inLanguage\":\"vi-VN\",\"potentialAction\":[{\"@type\":\"ReadAction\",\"target\":[\"https:\/\/talkpal.ai\/vi\/ngu-phap-tieng-viet\/\"]}]},{\"@type\":\"ImageObject\",\"inLanguage\":\"vi-VN\",\"@id\":\"https:\/\/talkpal.ai\/vi\/ngu-phap-tieng-viet\/#primaryimage\",\"url\":\"https:\/\/talkpal.ai\/wp-content\/uploads\/2023\/05\/vietnam.png\",\"contentUrl\":\"https:\/\/talkpal.ai\/wp-content\/uploads\/2023\/05\/vietnam.png\",\"width\":512,\"height\":512,\"caption\":\"TalkPal Vietnam Flag\"},{\"@type\":\"BreadcrumbList\",\"@id\":\"https:\/\/talkpal.ai\/vi\/ngu-phap-tieng-viet\/#breadcrumb\",\"itemListElement\":[{\"@type\":\"ListItem\",\"position\":1,\"name\":\"Homepage\",\"item\":\"https:\/\/talkpal.ai\/vi\/giao-vien-ngon-ngu-ai-3\/\"},{\"@type\":\"ListItem\",\"position\":2,\"name\":\"Ng\u1eef ph\u00e1p ti\u1ebfng Vi\u1ec7t\"}]},{\"@type\":\"WebSite\",\"@id\":\"https:\/\/talkpal.ai\/vi\/#website\",\"url\":\"https:\/\/talkpal.ai\/vi\/\",\"name\":\"Talkpal\",\"description\":\"AI Language Learning\",\"publisher\":{\"@id\":\"https:\/\/talkpal.ai\/vi\/#organization\"},\"alternateName\":\"Talkpal AI\",\"potentialAction\":[{\"@type\":\"SearchAction\",\"target\":{\"@type\":\"EntryPoint\",\"urlTemplate\":\"https:\/\/talkpal.ai\/vi\/?s={search_term_string}\"},\"query-input\":{\"@type\":\"PropertyValueSpecification\",\"valueRequired\":true,\"valueName\":\"search_term_string\"}}],\"inLanguage\":\"vi-VN\"},{\"@type\":\"Organization\",\"@id\":\"https:\/\/talkpal.ai\/vi\/#organization\",\"name\":\"Talkpal, Inc.\",\"alternateName\":\"Talkpal AI\",\"url\":\"https:\/\/talkpal.ai\/vi\/\",\"logo\":{\"@type\":\"ImageObject\",\"inLanguage\":\"vi-VN\",\"@id\":\"https:\/\/talkpal.ai\/vi\/#\/schema\/logo\/image\/\",\"url\":\"https:\/\/talkpal.ai\/wp-content\/uploads\/2024\/03\/Talkpal-Logo-Icon.png\",\"contentUrl\":\"https:\/\/talkpal.ai\/wp-content\/uploads\/2024\/03\/Talkpal-Logo-Icon.png\",\"width\":2880,\"height\":2880,\"caption\":\"Talkpal, Inc.\"},\"image\":{\"@id\":\"https:\/\/talkpal.ai\/vi\/#\/schema\/logo\/image\/\"},\"sameAs\":[\"https:\/\/www.facebook.com\/profile.php?id=100090733639311\",\"https:\/\/x.com\/talkpalai\",\"https:\/\/www.linkedin.com\/company\/talkpal\/\",\"https:\/\/www.youtube.com\/@TalkPal\/\",\"https:\/\/www.tiktok.com\/@talkpal\",\"https:\/\/www.instagram.com\/talkpal_ai\/\",\"https:\/\/www.crunchbase.com\/organization\/talkpal-9cde\",\"https:\/\/www.g2.com\/products\/talkpal-for-business\/\",\"https:\/\/www.trustpilot.com\/review\/talkpal.ai\",\"https:\/\/www.capterra.com\/p\/10006800\/TalkPal\/\"],\"description\":\"Talkpal is a language learning web and mobile education app, powered by the latest AI technologies, that provides engaging experiences to its customers in many different languages to help them improve their language skills. Users can chat about unlimited amount of topics with the app and use other modes to practice their language learning.\",\"email\":\"support@talkpal.ai\",\"legalName\":\"Talkpal, Inc.\",\"foundingDate\":\"2023-04-03\",\"duns\":\"118989042\",\"numberOfEmployees\":{\"@type\":\"QuantitativeValue\",\"minValue\":\"11\",\"maxValue\":\"50\"},\"publishingPrinciples\":\"https:\/\/talkpal.ai\/publishing-principles\/\",\"actionableFeedbackPolicy\":\"https:\/\/talkpal.ai\/actionable-feedback-policy\/\",\"correctionsPolicy\":\"https:\/\/talkpal.ai\/corrections-policy\/\",\"ethicsPolicy\":\"https:\/\/talkpal.ai\/ethics-policy\/\",\"diversityPolicy\":\"https:\/\/talkpal.ai\/diversity-policy\/\",\"diversityStaffingReport\":\"https:\/\/talkpal.ai\/diversity-policy\/\"}]}<\/script>\n<!-- \/ Yoast SEO Premium plugin. -->","yoast_head_json":{"title":"Ng\u1eef ph\u00e1p ti\u1ebfng Vi\u1ec7t - Talkpal","description":"Kh\u00e1m ph\u00e1 nh\u1eefng kh\u00eda c\u1ea1nh h\u1ea5p d\u1eabn c\u1ee7a ng\u1eef ph\u00e1p ti\u1ebfng Vi\u1ec7t v\u00e0 kh\u00e1m ph\u00e1 ni\u1ec1m vui khi h\u1ecdc ng\u00f4n ng\u1eef \u0111\u1ed9c \u0111\u00e1o n\u00e0y.","robots":{"index":"index","follow":"follow","max-snippet":"max-snippet:-1","max-image-preview":"max-image-preview:large","max-video-preview":"max-video-preview:-1"},"canonical":"https:\/\/talkpal.ai\/vi\/ngu-phap-tieng-viet\/","og_locale":"vi_VN","og_type":"article","og_title":"Ng\u1eef ph\u00e1p ti\u1ebfng Vi\u1ec7t","og_description":"S\u1ef1 ph\u1ee9c t\u1ea1p c\u1ee7a ng\u1eef ph\u00e1p ti\u1ebfng Vi\u1ec7t: Kh\u00e1m ph\u00e1 h\u1ea5p d\u1eabn Ng\u00f4n ng\u1eef Vi\u1ec7t Nam, v\u1edbi ngu\u1ed3n g\u1ed1c l\u1ecbch s\u1eed s\u00e2u s\u1eafc v\u00e0 b\u1ed1i c\u1ea3nh v\u0103n h\u00f3a \u0111\u1ed9c \u0111\u00e1o, mang \u0111\u1ebfn m\u1ed9t cu\u1ed9c","og_url":"https:\/\/talkpal.ai\/vi\/ngu-phap-tieng-viet\/","og_site_name":"Talkpal","article_publisher":"https:\/\/www.facebook.com\/profile.php?id=100090733639311","article_modified_time":"2025-12-12T11:04:00+00:00","og_image":[{"width":512,"height":512,"url":"https:\/\/talkpal.ai\/wp-content\/uploads\/2023\/05\/vietnam.png","type":"image\/png"}],"twitter_card":"summary_large_image","twitter_site":"@talkpalai","twitter_misc":{"Est. reading time":"6 minutes"},"schema":{"@context":"https:\/\/schema.org","@graph":[{"@type":"WebPage","@id":"https:\/\/talkpal.ai\/vi\/ngu-phap-tieng-viet\/","url":"https:\/\/talkpal.ai\/vi\/ngu-phap-tieng-viet\/","name":"Ng\u1eef ph\u00e1p ti\u1ebfng Vi\u1ec7t - Talkpal","isPartOf":{"@id":"https:\/\/talkpal.ai\/vi\/#website"},"primaryImageOfPage":{"@id":"https:\/\/talkpal.ai\/vi\/ngu-phap-tieng-viet\/#primaryimage"},"image":{"@id":"https:\/\/talkpal.ai\/vi\/ngu-phap-tieng-viet\/#primaryimage"},"thumbnailUrl":"https:\/\/talkpal.ai\/wp-content\/uploads\/2023\/05\/vietnam.png","datePublished":"2023-05-14T14:23:00+00:00","dateModified":"2025-12-12T11:04:00+00:00","description":"Kh\u00e1m ph\u00e1 nh\u1eefng kh\u00eda c\u1ea1nh h\u1ea5p d\u1eabn c\u1ee7a ng\u1eef ph\u00e1p ti\u1ebfng Vi\u1ec7t v\u00e0 kh\u00e1m ph\u00e1 ni\u1ec1m vui khi h\u1ecdc ng\u00f4n ng\u1eef \u0111\u1ed9c \u0111\u00e1o n\u00e0y.","breadcrumb":{"@id":"https:\/\/talkpal.ai\/vi\/ngu-phap-tieng-viet\/#breadcrumb"},"inLanguage":"vi-VN","potentialAction":[{"@type":"ReadAction","target":["https:\/\/talkpal.ai\/vi\/ngu-phap-tieng-viet\/"]}]},{"@type":"ImageObject","inLanguage":"vi-VN","@id":"https:\/\/talkpal.ai\/vi\/ngu-phap-tieng-viet\/#primaryimage","url":"https:\/\/talkpal.ai\/wp-content\/uploads\/2023\/05\/vietnam.png","contentUrl":"https:\/\/talkpal.ai\/wp-content\/uploads\/2023\/05\/vietnam.png","width":512,"height":512,"caption":"TalkPal Vietnam Flag"},{"@type":"BreadcrumbList","@id":"https:\/\/talkpal.ai\/vi\/ngu-phap-tieng-viet\/#breadcrumb","itemListElement":[{"@type":"ListItem","position":1,"name":"Homepage","item":"https:\/\/talkpal.ai\/vi\/giao-vien-ngon-ngu-ai-3\/"},{"@type":"ListItem","position":2,"name":"Ng\u1eef ph\u00e1p ti\u1ebfng Vi\u1ec7t"}]},{"@type":"WebSite","@id":"https:\/\/talkpal.ai\/vi\/#website","url":"https:\/\/talkpal.ai\/vi\/","name":"Talkpal","description":"AI Language Learning","publisher":{"@id":"https:\/\/talkpal.ai\/vi\/#organization"},"alternateName":"Talkpal AI","potentialAction":[{"@type":"SearchAction","target":{"@type":"EntryPoint","urlTemplate":"https:\/\/talkpal.ai\/vi\/?s={search_term_string}"},"query-input":{"@type":"PropertyValueSpecification","valueRequired":true,"valueName":"search_term_string"}}],"inLanguage":"vi-VN"},{"@type":"Organization","@id":"https:\/\/talkpal.ai\/vi\/#organization","name":"Talkpal, Inc.","alternateName":"Talkpal AI","url":"https:\/\/talkpal.ai\/vi\/","logo":{"@type":"ImageObject","inLanguage":"vi-VN","@id":"https:\/\/talkpal.ai\/vi\/#\/schema\/logo\/image\/","url":"https:\/\/talkpal.ai\/wp-content\/uploads\/2024\/03\/Talkpal-Logo-Icon.png","contentUrl":"https:\/\/talkpal.ai\/wp-content\/uploads\/2024\/03\/Talkpal-Logo-Icon.png","width":2880,"height":2880,"caption":"Talkpal, Inc."},"image":{"@id":"https:\/\/talkpal.ai\/vi\/#\/schema\/logo\/image\/"},"sameAs":["https:\/\/www.facebook.com\/profile.php?id=100090733639311","https:\/\/x.com\/talkpalai","https:\/\/www.linkedin.com\/company\/talkpal\/","https:\/\/www.youtube.com\/@TalkPal\/","https:\/\/www.tiktok.com\/@talkpal","https:\/\/www.instagram.com\/talkpal_ai\/","https:\/\/www.crunchbase.com\/organization\/talkpal-9cde","https:\/\/www.g2.com\/products\/talkpal-for-business\/","https:\/\/www.trustpilot.com\/review\/talkpal.ai","https:\/\/www.capterra.com\/p\/10006800\/TalkPal\/"],"description":"Talkpal is a language learning web and mobile education app, powered by the latest AI technologies, that provides engaging experiences to its customers in many different languages to help them improve their language skills. Users can chat about unlimited amount of topics with the app and use other modes to practice their language learning.","email":"support@talkpal.ai","legalName":"Talkpal, Inc.","foundingDate":"2023-04-03","duns":"118989042","numberOfEmployees":{"@type":"QuantitativeValue","minValue":"11","maxValue":"50"},"publishingPrinciples":"https:\/\/talkpal.ai\/publishing-principles\/","actionableFeedbackPolicy":"https:\/\/talkpal.ai\/actionable-feedback-policy\/","correctionsPolicy":"https:\/\/talkpal.ai\/corrections-policy\/","ethicsPolicy":"https:\/\/talkpal.ai\/ethics-policy\/","diversityPolicy":"https:\/\/talkpal.ai\/diversity-policy\/","diversityStaffingReport":"https:\/\/talkpal.ai\/diversity-policy\/"}]}},"_links":{"self":[{"href":"https:\/\/talkpal.ai\/vi\/wp-json\/wp\/v2\/pages\/1447444","targetHints":{"allow":["GET"]}}],"collection":[{"href":"https:\/\/talkpal.ai\/vi\/wp-json\/wp\/v2\/pages"}],"about":[{"href":"https:\/\/talkpal.ai\/vi\/wp-json\/wp\/v2\/types\/page"}],"author":[{"embeddable":true,"href":"https:\/\/talkpal.ai\/vi\/wp-json\/wp\/v2\/users\/1"}],"replies":[{"embeddable":true,"href":"https:\/\/talkpal.ai\/vi\/wp-json\/wp\/v2\/comments?post=1447444"}],"version-history":[{"count":0,"href":"https:\/\/talkpal.ai\/vi\/wp-json\/wp\/v2\/pages\/1447444\/revisions"}],"wp:featuredmedia":[{"embeddable":true,"href":"https:\/\/talkpal.ai\/vi\/wp-json\/wp\/v2\/media\/1444886"}],"wp:attachment":[{"href":"https:\/\/talkpal.ai\/vi\/wp-json\/wp\/v2\/media?parent=1447444"}],"curies":[{"name":"wp","href":"https:\/\/api.w.org\/{rel}","templated":true}]}}