{"id":1447429,"date":"2023-05-14T14:24:42","date_gmt":"2023-05-14T14:24:42","guid":{"rendered":"https:\/\/talkpal.ai\/ngu-phap-tieng-thai\/"},"modified":"2025-12-13T15:46:24","modified_gmt":"2025-12-13T15:46:24","slug":"ngu-phap-tieng-thai","status":"publish","type":"page","link":"https:\/\/talkpal.ai\/vi\/ngu-phap-tieng-thai\/","title":{"rendered":"Ng\u1eef ph\u00e1p ti\u1ebfng Th\u00e1i"},"content":{"rendered":"\r\n\r\n\r\n<section class=\"languageChallengeSection\">\r\n    <div class=\"languageInfoWrapper\">\r\n        \r\n        <h1>Ng\u1eef ph\u00e1p ti\u1ebfng Th\u00e1i<\/h1>\r\n        <p>H\u1ecdc <a href=\"https:\/\/talkpal.ai\/thai-grammar\/\">ng\u1eef ph\u00e1p ti\u1ebfng Th\u00e1i<\/a> v\u00e0 tr\u1ea3i nghi\u1ec7m v\u1ebb \u0111\u1eb9p c\u1ee7a m\u1ed9t <a href=\"https:\/\/talkpal.ai\/vi\/hoc-ngon-ngu-cho-cac-truong-ngon-ngu\/\">ng\u00f4n ng\u1eef<\/a> v\u1eeba logic v\u1eeba bi\u1ec3u c\u1ea3m. B\u1eaft \u0111\u1ea7u h\u00e0nh tr\u00ecnh c\u1ee7a b\u1ea1n v\u00e0 m\u1edf ra c\u00e1nh c\u1eeda cho m\u1ed9t c\u00e1ch suy ngh\u0129 v\u00e0 n\u00f3i chuy\u1ec7n h\u1ea5p d\u1eabn!<\/p>\r\n\r\n                            <a class=\"getStartedHidden\" href=\"https:\/\/app.talkpal.ai\/vi\/signup?lng=\">B\u1eaft \u0111\u1ea7u nh\u00e9<\/a>\r\n        \r\n    <\/div>\r\n\r\n    <figure>\r\n    <img decoding=\"async\" width=\"768\" height=\"768\" src=\"https:\/\/talkpal.ai\/wp-content\/uploads\/2023\/06\/thai-768x768.png\" class=\"languageImage no-lazy\" alt=\"Language learning for improved thought process\" fetchpriority=\"high\" sizes=\"(max-width: 768px) 150px, 768px\" srcset=\"https:\/\/talkpal.ai\/wp-content\/uploads\/2023\/06\/thai-768x768.png 768w, https:\/\/talkpal.ai\/wp-content\/uploads\/2023\/06\/thai-300x300.png 300w\" \/>\r\n    \r\n\r\n    <\/figure>\r\n\r\n            <a class=\"getStartedVisible\" href=\"https:\/\/app.talkpal.ai\/vi\/signup?lng=\">B\u1eaft \u0111\u1ea7u nh\u00e9<\/a>\r\n    \r\n<\/section>\r\n<section class=\"promotionalBanner\">\r\n    <p class=\"promotionalText\">C\u00e1ch hi\u1ec7u qu\u1ea3 nh\u1ea5t \u0111\u1ec3 h\u1ecdc m\u1ed9t ng\u00f4n ng\u1eef<\/p>\r\n    <a class=\"promotionalLink\" href=\"https:\/\/app.talkpal.ai\/vi\/signup?lng=\">D\u00f9ng th\u1eed Talkpal mi\u1ec5n ph\u00ed<\/a>\r\n<\/section>\n<div class=\"wp-block-group pageContainerStyle\"><div class=\"wp-block-group__inner-container is-layout-constrained wp-block-group-is-layout-constrained\">\n<h2 class=\"wp-block-heading\" id=\"h-thai-grammar-exploring-a-unique-linguistic-world\">Ng\u1eef ph\u00e1p ti\u1ebfng Th\u00e1i: Kh\u00e1m ph\u00e1 m\u1ed9t th\u1ebf gi\u1edbi ng\u00f4n ng\u1eef \u0111\u1ed9c \u0111\u00e1o<\/h2>\n\n\n\n<p><a href=\"https:\/\/talkpal.ai\/vi\/ngu-phap\/\">Ng\u1eef ph\u00e1p<\/a> <a href=\"https:\/\/talkpal.ai\/learn-thai\/\">Th\u00e1i Lan<\/a> &#8211; c\u00f3 v\u1ebb b\u00ed \u1ea9n, k\u1ef3 l\u1ea1 v\u00e0 quy\u1ebfn r\u0169. Khi b\u1ea1n b\u1eaft \u0111\u1ea7u h\u00e0nh tr\u00ecnh <a href=\"https:\/\/talkpal.ai\/learn-thai\/\">h\u1ecdc ti\u1ebfng Th\u00e1i<\/a>, b\u1ea1n c\u00f3 th\u1ec3 th\u1ea5y m\u00ecnh b\u1ea5t ng\u1edd b\u1ecb m\u00ea ho\u1eb7c b\u1edfi <a href=\"https:\/\/talkpal.ai\/vi\/ngu-phap\/\">ng\u1eef ph\u00e1p<\/a> c\u1ee7a n\u00f3. \u0110\u1eebng s\u1ee3, c\u00e1c nh\u00e0 th\u00e1m hi\u1ec3m ng\u00f4n ng\u1eef <a href=\"https:\/\/talkpal.ai\/culture\/how-do-you-say-colleague-in-vietnamese\/\">\u0111\u1ed3ng nghi\u1ec7p<\/a> c\u1ee7a t\u00f4i! Ch\u00fang t\u00f4i \u1edf \u0111\u00e2y \u0111\u1ec3 cung c\u1ea5p h\u01b0\u1edbng d\u1eabn v\u00e0 h\u1ed7 tr\u1ee3 cho cu\u1ed9c phi\u00eau l\u01b0u h\u1ea5p d\u1eabn n\u00e0y!<\/p>\n\n\n\n<p>Trong b\u00e0i vi\u1ebft n\u00e0y, ch\u00fang t\u00f4i \u0111i s\u00e2u v\u00e0o c\u00e1c kh\u00eda c\u1ea1nh c\u1ed1t l\u00f5i c\u1ee7a <a href=\"https:\/\/talkpal.ai\/thai-grammar\/\">ng\u1eef ph\u00e1p ti\u1ebfng Th\u00e1i<\/a>, chia nh\u1ecf c\u00e1c kh\u00e1i ni\u1ec7m ch\u00ednh, gi\u1ea3i th\u00edch c\u00e1c quy t\u1eafc v\u00e0 th\u1eadm ch\u00ed \u0111\u01a1n gi\u1ea3n h\u00f3a s\u1ef1 ph\u1ee9c t\u1ea1p. H\u00e3y tham gia c\u00f9ng ch\u00fang t\u00f4i khi ch\u00fang t\u00f4i v\u00e9n b\u1ee9c m\u00e0n <a href=\"https:\/\/talkpal.ai\/vi\/ve\/\">v\u1ec1<\/a> ng\u1eef ph\u00e1p ti\u1ebfng Th\u00e1i v\u00e0 kh\u01a1i d\u1eady ni\u1ec1m \u0111am m\u00ea c\u1ee7a b\u1ea1n \u0111\u1ed1i v\u1edbi ng\u00f4n ng\u1eef \u0111\u1ed9c \u0111\u00e1o tuy\u1ec7t v\u1eddi n\u00e0y!<\/p>\n\n\n\n<h3 class=\"wp-block-heading\" id=\"h-1-nouns-no-plurals-no-genders-no-worries\">1. Danh t\u1eeb: Kh\u00f4ng s\u1ed1 nhi\u1ec1u, kh\u00f4ng gi\u1edbi t\u00ednh, kh\u00f4ng lo l\u1eafng!<\/h3>\n\n\n\n<p>V\u1ebb \u0111\u1eb9p c\u1ee7a ng\u1eef ph\u00e1p ti\u1ebfng Th\u00e1i n\u1eb1m \u1edf s\u1ef1 \u0111\u01a1n gi\u1ea3n li\u00ean quan \u0111\u1ebfn danh t\u1eeb. Danh t\u1eeb ti\u1ebfng Th\u00e1i kh\u00f4ng c\u00f3 gi\u1edbi t\u00ednh ho\u1eb7c d\u1ea1ng s\u1ed1 nhi\u1ec1u, gi\u00fap ch\u00fang d\u1ec5 s\u1eed d\u1ee5ng v\u00e0 d\u1ec5 hi\u1ec3u. \u0110\u1ec3 bi\u1ec3u th\u1ecb s\u1ed1 nhi\u1ec1u, ch\u1ec9 c\u1ea7n th\u00eam m\u1ed9t t\u1eeb s\u1ed1 l\u01b0\u1ee3ng nh\u01b0 &#8220;nhi\u1ec1u&#8221; (\u0e21\u0e32\u0e01, m\u00e2ak) ho\u1eb7c &#8220;m\u1ed9t s\u1ed1&#8221; (\u0e1a\u0e49\u0e32\u0e07, b\u00e2ang) ho\u1eb7c l\u1eb7p l\u1ea1i danh t\u1eeb \u0111\u1ec3 nh\u1ea5n m\u1ea1nh \u00fd ngh\u0129a s\u1ed1 nhi\u1ec1u.<\/p>\n\n\n\n<h3 class=\"wp-block-heading\" id=\"h-2-pronouns-choose-wisely-based-on-politeness\">2. \u0110\u1ea1i t\u1eeb: L\u1ef1a ch\u1ecdn kh\u00f4n ngoan d\u1ef1a tr\u00ean s\u1ef1 l\u1ecbch s\u1ef1<\/h3>\n\n\n\n<p>Ch\u1ecdn \u0111\u1ea1i t\u1eeb th\u00edch h\u1ee3p l\u00e0 \u0111i\u1ec1u c\u1ea7n thi\u1ebft trong ng\u1eef ph\u00e1p ti\u1ebfng Th\u00e1i \u0111\u1ec3 th\u1ec3 hi\u1ec7n s\u1ef1 t\u00f4n tr\u1ecdng v\u00e0 khi\u00eam t\u1ed1n. \u0110\u1ea1i t\u1eeb ti\u1ebfng Th\u00e1i kh\u00e1c nhau t\u00f9y theo gi\u1edbi t\u00ednh, tu\u1ed5i t\u00e1c v\u00e0 m\u1ed1i quan h\u1ec7 c\u1ee7a ng\u01b0\u1eddi n\u00f3i v\u00e0 ng\u01b0\u1eddi nghe. V\u00ed d\u1ee5, &#8220;\u0e09\u0e31\u0e19&#8221; (ch\u0103n) l\u00e0 m\u1ed9t \u0111\u1ea1i t\u1eeb ng\u00f4i th\u1ee9 nh\u1ea5t kh\u00f4ng ch\u00ednh th\u1ee9c ph\u1ed5 bi\u1ebfn, trong khi &#8220;\u0e1c\u0e21&#8221; (p\u014fm) th\u01b0\u1eddng \u0111\u01b0\u1ee3c nam gi\u1edbi s\u1eed d\u1ee5ng trong c\u00e1c t\u00ecnh hu\u1ed1ng trang tr\u1ecdng h\u01a1n.<\/p>\n\n\n\n<p>\u0110\u1ec3 sai l\u1ea7m v\u1ec1 m\u1eb7t l\u1ecbch s\u1ef1, h\u00e3y s\u1eed d\u1ee5ng &#8220;b\u1ea1n&#8221; (kun) cho &#8220;b\u1ea1n&#8221; v\u00e0 &#8220;anh \u1ea5y&#8221; (k\u0103o) cho &#8220;anh \u1ea5y\/c\u00f4 \u1ea5y\/h\u1ecd&#8221;.<\/p>\n\n\n\n<h3 class=\"wp-block-heading\" id=\"h-3-verbs-no-conjugation-or-tenses-only-particles\">3. \u0110\u1ed9ng t\u1eeb: Kh\u00f4ng chia \u0111\u1ed9ng t\u1eeb ho\u1eb7c th\u00ec, ch\u1ec9 c\u00f3 c\u00e1c h\u1ea1t<\/h3>\n\n\n\n<p>Trong ng\u1eef ph\u00e1p ti\u1ebfng Th\u00e1i, \u0111\u1ed9ng t\u1eeb kh\u00f4ng thay \u0111\u1ed5i b\u1ea5t k\u1ec3 th\u00ec, t\u00e2m tr\u1ea1ng hay ch\u1ee7 \u0111\u1ec1. Thay v\u00e0o \u0111\u00f3, ti\u1ebfng Th\u00e1i d\u1ef1a v\u00e0o c\u00e1c t\u1eeb \u0111\u01a1n gi\u1ea3n \u0111\u01b0\u1ee3c g\u1ecdi l\u00e0 h\u1ea1t \u0111\u1ec3 bi\u1ec3u th\u1ecb th\u00ec ho\u1eb7c th\u00e1i \u0111\u1ed9 c\u1ee7a c\u00e2u. C\u00e1c h\u1ea1t n\u00e0y \u0111\u01b0\u1ee3c \u0111\u1eb7t \u1edf cu\u1ed1i c\u00e2u.<\/p>\n\n\n\n<p>V\u00ed d\u1ee5, h\u1ea1t &#8220;r\u1ed3i&#8221; (l\u00e1ew) bi\u1ec3u th\u1ecb th\u00ec qu\u00e1 kh\u1ee9 ho\u1eb7c h\u00e0nh \u0111\u1ed9ng \u0111\u00e3 ho\u00e0n th\u00e0nh v\u00e0 &#8220;\u0e01\u0e4d\u0e32\u0e25\u0e31\u0e07&#8221; (gam-lang) \u0111\u01b0\u1ee3c s\u1eed d\u1ee5ng cho c\u00e1c h\u00e0nh \u0111\u1ed9ng \u0111ang di\u1ec5n ra. Do \u0111\u00f3, &#8220;anh \u1ea5y \u0e01\u0e34\u0e19&#8221; (k\u0103o gin) c\u00f3 ngh\u0129a l\u00e0 &#8220;anh \u1ea5y \/ c\u00f4 \u1ea5y \u0103n&#8221;, trong khi &#8220;anh \u1ea5y \u0e01\u0e34\u0e19\u0e41\u0e25\u0e49\u0e27&#8221; (k\u0103o gin l\u00e1ew) c\u00f3 ngh\u0129a l\u00e0 &#8220;anh \u1ea5y \/ c\u00f4 \u1ea5y \u0111\u00e3 \u0103n&#8221;.<\/p>\n\n\n\n<h3 class=\"wp-block-heading\" id=\"h-4-sentence-structure-clear-and-straightforward\">4. C\u1ea5u tr\u00fac c\u00e2u: R\u00f5 r\u00e0ng v\u00e0 \u0111\u01a1n gi\u1ea3n<\/h3>\n\n\n\n<p>Ng\u1eef ph\u00e1p ti\u1ebfng Th\u00e1i tu\u00e2n theo c\u1ea5u tr\u00fac c\u00e2u Ch\u1ee7 ng\u1eef-\u0110\u1ed9ng t\u1eeb-\u0110\u1ed1i t\u01b0\u1ee3ng (SVO), t\u01b0\u01a1ng t\u1ef1 nh\u01b0 ti\u1ebfng Anh, gi\u00fap \u0111\u01a1n gi\u1ea3n h\u00f3a vi\u1ec7c hi\u1ec3u cho ng\u01b0\u1eddi n\u00f3i ti\u1ebfng Anh. Quy t\u1eafc ch\u00ednh l\u00e0 t\u00ednh t\u1eeb, tr\u1ea1ng t\u1eeb v\u00e0 c\u00e1c t\u1eeb m\u00f4 t\u1ea3 kh\u00e1c theo sau danh t\u1eeb ho\u1eb7c \u0111\u1ed9ng t\u1eeb m\u00e0 ch\u00fang m\u00f4 t\u1ea3.<\/p>\n\n\n\n<p>V\u00ed d\u1ee5, &#8220;\u0e1c\u0e21\u0e0a\u0e2d\u0e1a\u0e2b\u0e19\u0e31\u0e07\u0e2a\u0e37\u0e2d\u0e19\u0e35\u0e49&#8221; (p\u014fm ch\u00e2wp n\u0103ng s\u011bu n\u00e9e) d\u1ecbch l\u00e0 &#8220;T\u00f4i (ch\u1ee7 ng\u1eef) gi\u1ed1ng (\u0111\u1ed9ng t\u1eeb) cu\u1ed1n s\u00e1ch n\u00e0y (\u0111\u1ed1i t\u01b0\u1ee3ng).&#8221;<\/p>\n\n\n\n<h3 class=\"wp-block-heading\" id=\"h-5-immerse-yourself-in-thai-practice-makes-perfect\">5. \u0110\u1eafm ch\u00ecm trong ti\u1ebfng Th\u00e1i: Th\u1ef1c h\u00e0nh l\u00e0m cho ho\u00e0n h\u1ea3o<\/h3>\n\n\n\n<p>Hi\u1ec3u v\u00e0 n\u1eafm v\u1eefng ng\u1eef ph\u00e1p ti\u1ebfng Th\u00e1i ban \u0111\u1ea7u c\u00f3 v\u1ebb kh\u00f3 kh\u0103n, nh\u01b0ng ch\u00eca kh\u00f3a l\u00e0 s\u1ef1 ki\u00ean tr\u00ec v\u00e0 th\u1ef1c h\u00e0nh nh\u1ea5t qu\u00e1n. Thu h\u00fat t\u1ea5t c\u1ea3 c\u00e1c gi\u00e1c quan c\u1ee7a b\u1ea1n b\u1eb1ng c\u00e1ch \u0111\u1eafm m\u00ecnh trong ng\u00f4n ng\u1eef, \u0111\u1ecdc, vi\u1ebft, nghe v\u00e0 tr\u00f2 chuy\u1ec7n v\u1edbi ng\u01b0\u1eddi b\u1ea3n ng\u1eef. B\u1ea1n c\u00e0ng ti\u1ebfp x\u00fac nhi\u1ec1u v\u1edbi ng\u1eef ph\u00e1p ti\u1ebfng Th\u00e1i, nh\u1eefng kh\u00e1i ni\u1ec7m k\u1ef3 l\u1ea1 n\u00e0y s\u1ebd c\u00e0ng c\u1ea3m th\u1ea5y quen thu\u1ed9c v\u00e0 tho\u1ea3i m\u00e1i.<\/p>\n\n\n\n<p>V\u00ec v\u1eady, b\u1ea1n \u0111\u00e3 s\u1eb5n s\u00e0ng \u0111i s\u00e2u v\u00e0o th\u1ebf gi\u1edbi h\u1ea5p d\u1eabn c\u1ee7a ng\u1eef ph\u00e1p ti\u1ebfng Th\u00e1i ch\u01b0a? N\u1eafm b\u1eaft th\u1eed th\u00e1ch v\u00e0 nh\u1eefng \u0111\u1eb7c \u0111i\u1ec3m \u0111\u1ed9c \u0111\u00e1o c\u1ee7a ng\u1eef ph\u00e1p ti\u1ebfng Th\u00e1i, v\u00e0 v\u1edbi th\u1eddi gian, s\u1ef1 c\u1ed1ng hi\u1ebfn v\u00e0 c\u1ea3m gi\u00e1c phi\u00eau l\u01b0u, b\u1ea1n c\u00f3 th\u1ec3 m\u1edf kh\u00f3a v\u1ebb \u0111\u1eb9p quy\u1ebfn r\u0169 c\u1ee7a ng\u00f4n ng\u1eef Th\u00e1i.<\/p>\n<\/div><\/div>\n\r\n<section class=\"learnNavigationSection\">\r\n            \r\n        <a href=\"https:\/\/talkpal.ai\/vi\/hoc-tieng-thai\/\">\r\n            <div class=\"learnNavigationWrapper\">\r\n                <div class=\"learnNavigationContent\">\r\n                    <img decoding=\"async\" src=\"https:\/\/talkpal.ai\/wp-content\/uploads\/2024\/08\/Thai.jpg\" alt=\"Thai Flag\">\r\n                    <div>\r\n                        <h4>Gi\u1edbi thi\u1ec7u v\u1ec1 Thai Learning<\/h4>\r\n                        <p>T\u00ecm hi\u1ec3u t\u1ea5t c\u1ea3 v\u1ec1 ng\u1eef ph\u00e1p ti\u1ebfng Th\u00e1i.<\/p>\r\n                    <\/div>\r\n                <\/div>\r\n            <\/div>\r\n        <\/a>\r\n\r\n        \r\n        <a href=\"https:\/\/talkpal.ai\/vi\/bai-tap-ngu-phap-tieng-thai\/\">\r\n            <div class=\"learnNavigationWrapper\">\r\n                <div class=\"learnNavigationContent\">\r\n                    <img decoding=\"async\" src=\"https:\/\/talkpal.ai\/wp-content\/uploads\/2024\/08\/Thai.jpg\" alt=\"Thai Flag\">\r\n                    <div>\r\n                        <h4>B\u00e0i t\u1eadp ng\u1eef ph\u00e1p ti\u1ebfng Th\u00e1i<\/h4>\r\n                        <p>Th\u1ef1c h\u00e0nh ng\u1eef ph\u00e1p ti\u1ebfng Th\u00e1i.<\/p>\r\n                    <\/div>\r\n                <\/div>\r\n            <\/div>\r\n        <\/a>\r\n\r\n        \r\n        <a href=\"https:\/\/talkpal.ai\/vocabulary_language\/thai\/\">\r\n            <div class=\"learnNavigationWrapper\">\r\n                <div class=\"learnNavigationContent\">\r\n                    <img decoding=\"async\" src=\"https:\/\/talkpal.ai\/wp-content\/uploads\/2024\/08\/Thai.jpg\" alt=\"Thai Flag\">\r\n                    <div>\r\n                        <h4>T\u1eeb v\u1ef1ng ti\u1ebfng Th\u00e1i<\/h4>\r\n                        <p>M\u1edf r\u1ed9ng v\u1ed1n t\u1eeb v\u1ef1ng ti\u1ebfng Th\u00e1i c\u1ee7a b\u1ea1n.<\/p>\r\n                    <\/div>\r\n                <\/div>\r\n            <\/div>\r\n        <\/a>\r\n\r\n            <\/section>","protected":false},"excerpt":{"rendered":"<p>Ng\u1eef ph\u00e1p ti\u1ebfng Th\u00e1i: Kh\u00e1m ph\u00e1 m\u1ed9t th\u1ebf gi\u1edbi ng\u00f4n ng\u1eef \u0111\u1ed9c \u0111\u00e1o Ng\u1eef ph\u00e1p Th\u00e1i Lan &#8211; c\u00f3 v\u1ebb b\u00ed \u1ea9n, k\u1ef3 l\u1ea1 v\u00e0 quy\u1ebfn r\u0169. Khi b\u1ea1n b\u1eaft \u0111\u1ea7u h\u00e0nh tr\u00ecnh h\u1ecdc ti\u1ebfng Th\u00e1i, b\u1ea1n c\u00f3 th\u1ec3 th\u1ea5y m\u00ecnh b\u1ea5t ng\u1edd b\u1ecb m\u00ea ho\u1eb7c b\u1edfi ng\u1eef ph\u00e1p c\u1ee7a n\u00f3. \u0110\u1eebng s\u1ee3, c\u00e1c nh\u00e0 [&hellip;]<\/p>\n","protected":false},"author":1,"featured_media":1444913,"parent":0,"menu_order":0,"comment_status":"closed","ping_status":"closed","template":"LearningContentPage.php","meta":{"_acf_changed":false,"footnotes":""},"class_list":["post-1447429","page","type-page","status-publish","has-post-thumbnail","hentry"],"acf":[],"yoast_head":"<!-- This site is optimized with the Yoast SEO Premium plugin v27.2 (Yoast SEO v27.2) - https:\/\/yoast.com\/product\/yoast-seo-premium-wordpress\/ -->\n<title>Ng\u1eef ph\u00e1p ti\u1ebfng Th\u00e1i - Talkpal<\/title>\n<meta name=\"description\" content=\"Kh\u00e1m ph\u00e1 th\u1ebf gi\u1edbi h\u1ea5p d\u1eabn c\u1ee7a ng\u1eef ph\u00e1p ti\u1ebfng Th\u00e1i. Kh\u00e1m ph\u00e1 s\u1ef1 \u0111\u01a1n gi\u1ea3n v\u00e0 c\u00e1c t\u00ednh n\u0103ng \u0111\u1ed9c \u0111\u00e1o c\u1ee7a n\u00f3 gi\u00fap vi\u1ec7c h\u1ecdc tr\u1edf n\u00ean th\u00fa v\u1ecb.\" \/>\n<meta name=\"robots\" content=\"index, follow, max-snippet:-1, max-image-preview:large, max-video-preview:-1\" \/>\n<link rel=\"canonical\" href=\"https:\/\/talkpal.ai\/vi\/ngu-phap-tieng-thai\/\" \/>\n<meta property=\"og:locale\" content=\"vi_VN\" \/>\n<meta property=\"og:type\" content=\"article\" \/>\n<meta property=\"og:title\" content=\"Ng\u1eef ph\u00e1p ti\u1ebfng Th\u00e1i\" \/>\n<meta property=\"og:description\" content=\"Ng\u1eef ph\u00e1p ti\u1ebfng Th\u00e1i: Kh\u00e1m ph\u00e1 m\u1ed9t th\u1ebf gi\u1edbi ng\u00f4n ng\u1eef \u0111\u1ed9c \u0111\u00e1o Ng\u1eef ph\u00e1p Th\u00e1i Lan - c\u00f3 v\u1ebb b\u00ed \u1ea9n, k\u1ef3 l\u1ea1 v\u00e0 quy\u1ebfn r\u0169. Khi b\u1ea1n b\u1eaft \u0111\u1ea7u h\u00e0nh tr\u00ecnh h\u1ecdc ti\u1ebfng Th\u00e1i,\" \/>\n<meta property=\"og:url\" content=\"https:\/\/talkpal.ai\/vi\/ngu-phap-tieng-thai\/\" \/>\n<meta property=\"og:site_name\" content=\"Talkpal\" \/>\n<meta property=\"article:publisher\" content=\"https:\/\/www.facebook.com\/profile.php?id=100090733639311\" \/>\n<meta property=\"article:modified_time\" content=\"2025-12-13T15:46:24+00:00\" \/>\n<meta property=\"og:image\" content=\"https:\/\/talkpal.ai\/wp-content\/uploads\/2023\/05\/thailand.png\" \/>\n\t<meta property=\"og:image:width\" content=\"512\" \/>\n\t<meta property=\"og:image:height\" content=\"512\" \/>\n\t<meta property=\"og:image:type\" content=\"image\/png\" \/>\n<meta name=\"twitter:card\" content=\"summary_large_image\" \/>\n<meta name=\"twitter:site\" content=\"@talkpalai\" \/>\n<meta name=\"twitter:label1\" content=\"Est. reading time\" \/>\n\t<meta name=\"twitter:data1\" content=\"5 minutes\" \/>\n<script type=\"application\/ld+json\" class=\"yoast-schema-graph\">{\"@context\":\"https:\/\/schema.org\",\"@graph\":[{\"@type\":\"WebPage\",\"@id\":\"https:\/\/talkpal.ai\/vi\/ngu-phap-tieng-thai\/\",\"url\":\"https:\/\/talkpal.ai\/vi\/ngu-phap-tieng-thai\/\",\"name\":\"Ng\u1eef ph\u00e1p ti\u1ebfng Th\u00e1i - Talkpal\",\"isPartOf\":{\"@id\":\"https:\/\/talkpal.ai\/vi\/#website\"},\"primaryImageOfPage\":{\"@id\":\"https:\/\/talkpal.ai\/vi\/ngu-phap-tieng-thai\/#primaryimage\"},\"image\":{\"@id\":\"https:\/\/talkpal.ai\/vi\/ngu-phap-tieng-thai\/#primaryimage\"},\"thumbnailUrl\":\"https:\/\/talkpal.ai\/wp-content\/uploads\/2023\/05\/thailand.png\",\"datePublished\":\"2023-05-14T14:24:42+00:00\",\"dateModified\":\"2025-12-13T15:46:24+00:00\",\"description\":\"Kh\u00e1m ph\u00e1 th\u1ebf gi\u1edbi h\u1ea5p d\u1eabn c\u1ee7a ng\u1eef ph\u00e1p ti\u1ebfng Th\u00e1i. Kh\u00e1m ph\u00e1 s\u1ef1 \u0111\u01a1n gi\u1ea3n v\u00e0 c\u00e1c t\u00ednh n\u0103ng \u0111\u1ed9c \u0111\u00e1o c\u1ee7a n\u00f3 gi\u00fap vi\u1ec7c h\u1ecdc tr\u1edf n\u00ean th\u00fa v\u1ecb.\",\"breadcrumb\":{\"@id\":\"https:\/\/talkpal.ai\/vi\/ngu-phap-tieng-thai\/#breadcrumb\"},\"inLanguage\":\"vi-VN\",\"potentialAction\":[{\"@type\":\"ReadAction\",\"target\":[\"https:\/\/talkpal.ai\/vi\/ngu-phap-tieng-thai\/\"]}]},{\"@type\":\"ImageObject\",\"inLanguage\":\"vi-VN\",\"@id\":\"https:\/\/talkpal.ai\/vi\/ngu-phap-tieng-thai\/#primaryimage\",\"url\":\"https:\/\/talkpal.ai\/wp-content\/uploads\/2023\/05\/thailand.png\",\"contentUrl\":\"https:\/\/talkpal.ai\/wp-content\/uploads\/2023\/05\/thailand.png\",\"width\":512,\"height\":512,\"caption\":\"TalkPal Thailand Flag\"},{\"@type\":\"BreadcrumbList\",\"@id\":\"https:\/\/talkpal.ai\/vi\/ngu-phap-tieng-thai\/#breadcrumb\",\"itemListElement\":[{\"@type\":\"ListItem\",\"position\":1,\"name\":\"Homepage\",\"item\":\"https:\/\/talkpal.ai\/vi\/giao-vien-ngon-ngu-ai-3\/\"},{\"@type\":\"ListItem\",\"position\":2,\"name\":\"Ng\u1eef ph\u00e1p ti\u1ebfng Th\u00e1i\"}]},{\"@type\":\"WebSite\",\"@id\":\"https:\/\/talkpal.ai\/vi\/#website\",\"url\":\"https:\/\/talkpal.ai\/vi\/\",\"name\":\"Talkpal\",\"description\":\"AI Language Learning\",\"publisher\":{\"@id\":\"https:\/\/talkpal.ai\/vi\/#organization\"},\"alternateName\":\"Talkpal AI\",\"potentialAction\":[{\"@type\":\"SearchAction\",\"target\":{\"@type\":\"EntryPoint\",\"urlTemplate\":\"https:\/\/talkpal.ai\/vi\/?s={search_term_string}\"},\"query-input\":{\"@type\":\"PropertyValueSpecification\",\"valueRequired\":true,\"valueName\":\"search_term_string\"}}],\"inLanguage\":\"vi-VN\"},{\"@type\":\"Organization\",\"@id\":\"https:\/\/talkpal.ai\/vi\/#organization\",\"name\":\"Talkpal, Inc.\",\"alternateName\":\"Talkpal AI\",\"url\":\"https:\/\/talkpal.ai\/vi\/\",\"logo\":{\"@type\":\"ImageObject\",\"inLanguage\":\"vi-VN\",\"@id\":\"https:\/\/talkpal.ai\/vi\/#\/schema\/logo\/image\/\",\"url\":\"https:\/\/talkpal.ai\/wp-content\/uploads\/2024\/03\/Talkpal-Logo-Icon.png\",\"contentUrl\":\"https:\/\/talkpal.ai\/wp-content\/uploads\/2024\/03\/Talkpal-Logo-Icon.png\",\"width\":2880,\"height\":2880,\"caption\":\"Talkpal, Inc.\"},\"image\":{\"@id\":\"https:\/\/talkpal.ai\/vi\/#\/schema\/logo\/image\/\"},\"sameAs\":[\"https:\/\/www.facebook.com\/profile.php?id=100090733639311\",\"https:\/\/x.com\/talkpalai\",\"https:\/\/www.linkedin.com\/company\/talkpal\/\",\"https:\/\/www.youtube.com\/@TalkPal\/\",\"https:\/\/www.tiktok.com\/@talkpal\",\"https:\/\/www.instagram.com\/talkpal_ai\/\",\"https:\/\/www.crunchbase.com\/organization\/talkpal-9cde\",\"https:\/\/www.g2.com\/products\/talkpal-for-business\/\",\"https:\/\/www.trustpilot.com\/review\/talkpal.ai\",\"https:\/\/www.capterra.com\/p\/10006800\/TalkPal\/\"],\"description\":\"Talkpal is a language learning web and mobile education app, powered by the latest AI technologies, that provides engaging experiences to its customers in many different languages to help them improve their language skills. Users can chat about unlimited amount of topics with the app and use other modes to practice their language learning.\",\"email\":\"support@talkpal.ai\",\"legalName\":\"Talkpal, Inc.\",\"foundingDate\":\"2023-04-03\",\"duns\":\"118989042\",\"numberOfEmployees\":{\"@type\":\"QuantitativeValue\",\"minValue\":\"11\",\"maxValue\":\"50\"},\"publishingPrinciples\":\"https:\/\/talkpal.ai\/publishing-principles\/\",\"actionableFeedbackPolicy\":\"https:\/\/talkpal.ai\/actionable-feedback-policy\/\",\"correctionsPolicy\":\"https:\/\/talkpal.ai\/corrections-policy\/\",\"ethicsPolicy\":\"https:\/\/talkpal.ai\/ethics-policy\/\",\"diversityPolicy\":\"https:\/\/talkpal.ai\/diversity-policy\/\",\"diversityStaffingReport\":\"https:\/\/talkpal.ai\/diversity-policy\/\"}]}<\/script>\n<!-- \/ Yoast SEO Premium plugin. -->","yoast_head_json":{"title":"Ng\u1eef ph\u00e1p ti\u1ebfng Th\u00e1i - Talkpal","description":"Kh\u00e1m ph\u00e1 th\u1ebf gi\u1edbi h\u1ea5p d\u1eabn c\u1ee7a ng\u1eef ph\u00e1p ti\u1ebfng Th\u00e1i. Kh\u00e1m ph\u00e1 s\u1ef1 \u0111\u01a1n gi\u1ea3n v\u00e0 c\u00e1c t\u00ednh n\u0103ng \u0111\u1ed9c \u0111\u00e1o c\u1ee7a n\u00f3 gi\u00fap vi\u1ec7c h\u1ecdc tr\u1edf n\u00ean th\u00fa v\u1ecb.","robots":{"index":"index","follow":"follow","max-snippet":"max-snippet:-1","max-image-preview":"max-image-preview:large","max-video-preview":"max-video-preview:-1"},"canonical":"https:\/\/talkpal.ai\/vi\/ngu-phap-tieng-thai\/","og_locale":"vi_VN","og_type":"article","og_title":"Ng\u1eef ph\u00e1p ti\u1ebfng Th\u00e1i","og_description":"Ng\u1eef ph\u00e1p ti\u1ebfng Th\u00e1i: Kh\u00e1m ph\u00e1 m\u1ed9t th\u1ebf gi\u1edbi ng\u00f4n ng\u1eef \u0111\u1ed9c \u0111\u00e1o Ng\u1eef ph\u00e1p Th\u00e1i Lan - c\u00f3 v\u1ebb b\u00ed \u1ea9n, k\u1ef3 l\u1ea1 v\u00e0 quy\u1ebfn r\u0169. Khi b\u1ea1n b\u1eaft \u0111\u1ea7u h\u00e0nh tr\u00ecnh h\u1ecdc ti\u1ebfng Th\u00e1i,","og_url":"https:\/\/talkpal.ai\/vi\/ngu-phap-tieng-thai\/","og_site_name":"Talkpal","article_publisher":"https:\/\/www.facebook.com\/profile.php?id=100090733639311","article_modified_time":"2025-12-13T15:46:24+00:00","og_image":[{"width":512,"height":512,"url":"https:\/\/talkpal.ai\/wp-content\/uploads\/2023\/05\/thailand.png","type":"image\/png"}],"twitter_card":"summary_large_image","twitter_site":"@talkpalai","twitter_misc":{"Est. reading time":"5 minutes"},"schema":{"@context":"https:\/\/schema.org","@graph":[{"@type":"WebPage","@id":"https:\/\/talkpal.ai\/vi\/ngu-phap-tieng-thai\/","url":"https:\/\/talkpal.ai\/vi\/ngu-phap-tieng-thai\/","name":"Ng\u1eef ph\u00e1p ti\u1ebfng Th\u00e1i - Talkpal","isPartOf":{"@id":"https:\/\/talkpal.ai\/vi\/#website"},"primaryImageOfPage":{"@id":"https:\/\/talkpal.ai\/vi\/ngu-phap-tieng-thai\/#primaryimage"},"image":{"@id":"https:\/\/talkpal.ai\/vi\/ngu-phap-tieng-thai\/#primaryimage"},"thumbnailUrl":"https:\/\/talkpal.ai\/wp-content\/uploads\/2023\/05\/thailand.png","datePublished":"2023-05-14T14:24:42+00:00","dateModified":"2025-12-13T15:46:24+00:00","description":"Kh\u00e1m ph\u00e1 th\u1ebf gi\u1edbi h\u1ea5p d\u1eabn c\u1ee7a ng\u1eef ph\u00e1p ti\u1ebfng Th\u00e1i. Kh\u00e1m ph\u00e1 s\u1ef1 \u0111\u01a1n gi\u1ea3n v\u00e0 c\u00e1c t\u00ednh n\u0103ng \u0111\u1ed9c \u0111\u00e1o c\u1ee7a n\u00f3 gi\u00fap vi\u1ec7c h\u1ecdc tr\u1edf n\u00ean th\u00fa v\u1ecb.","breadcrumb":{"@id":"https:\/\/talkpal.ai\/vi\/ngu-phap-tieng-thai\/#breadcrumb"},"inLanguage":"vi-VN","potentialAction":[{"@type":"ReadAction","target":["https:\/\/talkpal.ai\/vi\/ngu-phap-tieng-thai\/"]}]},{"@type":"ImageObject","inLanguage":"vi-VN","@id":"https:\/\/talkpal.ai\/vi\/ngu-phap-tieng-thai\/#primaryimage","url":"https:\/\/talkpal.ai\/wp-content\/uploads\/2023\/05\/thailand.png","contentUrl":"https:\/\/talkpal.ai\/wp-content\/uploads\/2023\/05\/thailand.png","width":512,"height":512,"caption":"TalkPal Thailand Flag"},{"@type":"BreadcrumbList","@id":"https:\/\/talkpal.ai\/vi\/ngu-phap-tieng-thai\/#breadcrumb","itemListElement":[{"@type":"ListItem","position":1,"name":"Homepage","item":"https:\/\/talkpal.ai\/vi\/giao-vien-ngon-ngu-ai-3\/"},{"@type":"ListItem","position":2,"name":"Ng\u1eef ph\u00e1p ti\u1ebfng Th\u00e1i"}]},{"@type":"WebSite","@id":"https:\/\/talkpal.ai\/vi\/#website","url":"https:\/\/talkpal.ai\/vi\/","name":"Talkpal","description":"AI Language Learning","publisher":{"@id":"https:\/\/talkpal.ai\/vi\/#organization"},"alternateName":"Talkpal AI","potentialAction":[{"@type":"SearchAction","target":{"@type":"EntryPoint","urlTemplate":"https:\/\/talkpal.ai\/vi\/?s={search_term_string}"},"query-input":{"@type":"PropertyValueSpecification","valueRequired":true,"valueName":"search_term_string"}}],"inLanguage":"vi-VN"},{"@type":"Organization","@id":"https:\/\/talkpal.ai\/vi\/#organization","name":"Talkpal, Inc.","alternateName":"Talkpal AI","url":"https:\/\/talkpal.ai\/vi\/","logo":{"@type":"ImageObject","inLanguage":"vi-VN","@id":"https:\/\/talkpal.ai\/vi\/#\/schema\/logo\/image\/","url":"https:\/\/talkpal.ai\/wp-content\/uploads\/2024\/03\/Talkpal-Logo-Icon.png","contentUrl":"https:\/\/talkpal.ai\/wp-content\/uploads\/2024\/03\/Talkpal-Logo-Icon.png","width":2880,"height":2880,"caption":"Talkpal, Inc."},"image":{"@id":"https:\/\/talkpal.ai\/vi\/#\/schema\/logo\/image\/"},"sameAs":["https:\/\/www.facebook.com\/profile.php?id=100090733639311","https:\/\/x.com\/talkpalai","https:\/\/www.linkedin.com\/company\/talkpal\/","https:\/\/www.youtube.com\/@TalkPal\/","https:\/\/www.tiktok.com\/@talkpal","https:\/\/www.instagram.com\/talkpal_ai\/","https:\/\/www.crunchbase.com\/organization\/talkpal-9cde","https:\/\/www.g2.com\/products\/talkpal-for-business\/","https:\/\/www.trustpilot.com\/review\/talkpal.ai","https:\/\/www.capterra.com\/p\/10006800\/TalkPal\/"],"description":"Talkpal is a language learning web and mobile education app, powered by the latest AI technologies, that provides engaging experiences to its customers in many different languages to help them improve their language skills. Users can chat about unlimited amount of topics with the app and use other modes to practice their language learning.","email":"support@talkpal.ai","legalName":"Talkpal, Inc.","foundingDate":"2023-04-03","duns":"118989042","numberOfEmployees":{"@type":"QuantitativeValue","minValue":"11","maxValue":"50"},"publishingPrinciples":"https:\/\/talkpal.ai\/publishing-principles\/","actionableFeedbackPolicy":"https:\/\/talkpal.ai\/actionable-feedback-policy\/","correctionsPolicy":"https:\/\/talkpal.ai\/corrections-policy\/","ethicsPolicy":"https:\/\/talkpal.ai\/ethics-policy\/","diversityPolicy":"https:\/\/talkpal.ai\/diversity-policy\/","diversityStaffingReport":"https:\/\/talkpal.ai\/diversity-policy\/"}]}},"_links":{"self":[{"href":"https:\/\/talkpal.ai\/vi\/wp-json\/wp\/v2\/pages\/1447429","targetHints":{"allow":["GET"]}}],"collection":[{"href":"https:\/\/talkpal.ai\/vi\/wp-json\/wp\/v2\/pages"}],"about":[{"href":"https:\/\/talkpal.ai\/vi\/wp-json\/wp\/v2\/types\/page"}],"author":[{"embeddable":true,"href":"https:\/\/talkpal.ai\/vi\/wp-json\/wp\/v2\/users\/1"}],"replies":[{"embeddable":true,"href":"https:\/\/talkpal.ai\/vi\/wp-json\/wp\/v2\/comments?post=1447429"}],"version-history":[{"count":0,"href":"https:\/\/talkpal.ai\/vi\/wp-json\/wp\/v2\/pages\/1447429\/revisions"}],"wp:featuredmedia":[{"embeddable":true,"href":"https:\/\/talkpal.ai\/vi\/wp-json\/wp\/v2\/media\/1444913"}],"wp:attachment":[{"href":"https:\/\/talkpal.ai\/vi\/wp-json\/wp\/v2\/media?parent=1447429"}],"curies":[{"name":"wp","href":"https:\/\/api.w.org\/{rel}","templated":true}]}}