{"id":1447417,"date":"2023-05-14T14:23:21","date_gmt":"2023-05-14T14:23:21","guid":{"rendered":"https:\/\/talkpal.ai\/ngu-phap-tagalog\/"},"modified":"2025-12-17T15:37:58","modified_gmt":"2025-12-17T15:37:58","slug":"ngu-phap-tagalog","status":"publish","type":"page","link":"https:\/\/talkpal.ai\/vi\/ngu-phap-tagalog\/","title":{"rendered":"Ng\u1eef ph\u00e1p Tagalog"},"content":{"rendered":"\r\n\r\n\r\n<section class=\"languageChallengeSection\">\r\n    <div class=\"languageInfoWrapper\">\r\n        \r\n        <h1>Ng\u1eef ph\u00e1p Tagalog<\/h1>\r\n        <p>B\u1ea1n h\u00e0o h\u1ee9ng khi h\u1ecdc <a href=\"https:\/\/talkpal.ai\/learn-tagalog\/\">ti\u1ebfng Tagalog<\/a>? Kh\u00e1m ph\u00e1 <a href=\"https:\/\/talkpal.ai\/vi\/bai-tap-ngu-phap-tagalog\/\">ng\u1eef ph\u00e1p Tagalog<\/a>, n\u01a1i c\u00e1c h\u1ec7 th\u1ed1ng t\u1eadp trung \u0111\u1ed9ng t\u1eeb \u0111\u1ed9c \u0111\u00e1o, th\u1ee9 t\u1ef1 c\u00e2u linh ho\u1ea1t v\u00e0 c\u00e1c h\u1ea1t h\u1eefu \u00edch t\u1ea1o ra m\u1ed9t <a href=\"https:\/\/talkpal.ai\/vi\/hoc-ngon-ngu-cho-cac-truong-ngon-ngu\/\">ng\u00f4n ng\u1eef<\/a> bi\u1ec3u c\u1ea3m v\u1eeba th\u00fa v\u1ecb. B\u1eaft \u0111\u1ea7u h\u00e0nh tr\u00ecnh c\u1ee7a b\u1ea1n ngay b\u00e2y gi\u1edd &#8211; n\u1eafm v\u1eefng <a href=\"https:\/\/talkpal.ai\/vi\/ngu-phap\/\">ng\u1eef ph\u00e1p<\/a> ti\u1ebfng Tagalog s\u1ebd gi\u00fap b\u1ea1n giao ti\u1ebfp t\u1ef1 tin v\u00e0 \u0111\u1eafm m\u00ecnh trong n\u1ec1n v\u0103n h\u00f3a s\u00f4i \u0111\u1ed9ng c\u1ee7a Philippines!<\/p>\r\n\r\n                            <a class=\"getStartedHidden\" href=\"https:\/\/app.talkpal.ai\/vi\/signup?lng=\">B\u1eaft \u0111\u1ea7u nh\u00e9<\/a>\r\n        \r\n    <\/div>\r\n\r\n    <figure>\r\n    <img decoding=\"async\" width=\"768\" height=\"768\" src=\"https:\/\/talkpal.ai\/wp-content\/uploads\/2023\/06\/tagalog-768x768.png\" class=\"languageImage no-lazy\" alt=\"Overcoming challenges in language learning\" fetchpriority=\"high\" sizes=\"(max-width: 768px) 150px, 768px\" srcset=\"https:\/\/talkpal.ai\/wp-content\/uploads\/2023\/06\/tagalog-768x768.png 768w, https:\/\/talkpal.ai\/wp-content\/uploads\/2023\/06\/tagalog-300x300.png 300w\" \/>\r\n    \r\n\r\n    <\/figure>\r\n\r\n            <a class=\"getStartedVisible\" href=\"https:\/\/app.talkpal.ai\/vi\/signup?lng=\">B\u1eaft \u0111\u1ea7u nh\u00e9<\/a>\r\n    \r\n<\/section>\r\n<section class=\"promotionalBanner\">\r\n    <p class=\"promotionalText\">C\u00e1ch hi\u1ec7u qu\u1ea3 nh\u1ea5t \u0111\u1ec3 h\u1ecdc m\u1ed9t ng\u00f4n ng\u1eef<\/p>\r\n    <a class=\"promotionalLink\" href=\"https:\/\/app.talkpal.ai\/vi\/signup?lng=\">D\u00f9ng th\u1eed Talkpal mi\u1ec5n ph\u00ed<\/a>\r\n<\/section>\n<div class=\"wp-block-group pageContainerStyle\"><div class=\"wp-block-group__inner-container is-layout-constrained wp-block-group-is-layout-constrained\">\n<h1 class=\"wp-block-heading\" id=\"h-tagalog-grammar-get-to-know-the-heart-of-filipino-language\">Ng\u1eef ph\u00e1p Tagalog: T\u00ecm hi\u1ec3u tr\u00e1i tim c\u1ee7a ng\u00f4n ng\u1eef Philippines<\/h1>\n\n\n\n<p>Ti\u1ebfng Tagalog, c\u01a1 s\u1edf cho ng\u00f4n ng\u1eef qu\u1ed1c gia c\u1ee7a Philippines, Philippines, \u0111\u01b0\u1ee3c s\u1eed d\u1ee5ng b\u1edfi h\u00e0ng tri\u1ec7u ng\u01b0\u1eddi tr\u00ean to\u00e0n th\u1ebf gi\u1edbi. \u0110\u1ec3 <a href=\"https:\/\/talkpal.ai\/learn-tagalog\/\">h\u1ecdc ti\u1ebfng Tagalog<\/a>, tr\u01b0\u1edbc ti\u00ean b\u1ea1n ph\u1ea3i hi\u1ec3u <a href=\"https:\/\/talkpal.ai\/vi\/ngu-phap\/\">ng\u1eef ph\u00e1p<\/a> ph\u1ee9c t\u1ea1p v\u00e0 h\u1ea5p d\u1eabn c\u1ee7a n\u00f3. Trong b\u00e0i vi\u1ebft n\u00e0y, ch\u00fang t\u00f4i s\u1ebd \u0111i s\u00e2u v\u00e0o c\u00e1c kh\u00eda c\u1ea1nh thi\u1ebft y\u1ebfu c\u1ee7a <a href=\"https:\/\/talkpal.ai\/vi\/bai-tap-ngu-phap-tagalog\/\">ng\u1eef ph\u00e1p Tagalog<\/a>, gi\u00fap b\u1ea1n \u0111\u00e1nh gi\u00e1 cao ng\u00f4n ng\u1eef tuy\u1ec7t v\u1eddi n\u00e0y m\u1ed9t c\u00e1ch \u0111\u00e0m tho\u1ea1i v\u00e0 th\u00e2n thi\u1ec7n.<\/p>\n\n\n\n<h3 class=\"wp-block-heading\" id=\"h-1-nouns-genderless-countable-and-uncountable\">1. Danh t\u1eeb &#8211; Kh\u00f4ng gi\u1edbi t\u00ednh, C\u00f3 th\u1ec3 \u0111\u1ebfm \u0111\u01b0\u1ee3c v\u00e0 Kh\u00f4ng \u0111\u1ebfm \u0111\u01b0\u1ee3c<\/h3>\n\n\n\n<p>Trong ti\u1ebfng Tagalog, danh t\u1eeb (pangngalan) kh\u00f4ng \u0111\u01b0\u1ee3c ph\u00e2n lo\u1ea1i theo gi\u1edbi t\u00ednh, gi\u00fap qu\u1ea3n l\u00fd d\u1ec5 d\u00e0ng h\u01a1n m\u1ed9t s\u1ed1 ng\u00f4n ng\u1eef kh\u00e1c. Danh t\u1eeb chung \u0111\u1ec1 c\u1eadp \u0111\u1ebfn con ng\u01b0\u1eddi, \u0111\u1ed9ng v\u1eadt, \u0111\u1ecba \u0111i\u1ec3m, s\u1ef1 v\u1eadt ho\u1eb7c \u00fd t\u01b0\u1edfng, v\u1edbi danh t\u1eeb ri\u00eang bi\u1ec3u th\u1ecb t\u00ean c\u1ee5 th\u1ec3. B\u1ea1n s\u1ebd b\u1eaft g\u1eb7p c\u1ea3 danh t\u1eeb \u0111\u1ebfm \u0111\u01b0\u1ee3c (tahanan, c\u00f3 ngh\u0129a l\u00e0 &#8220;nh\u00e0&#8221;) v\u00e0 danh t\u1eeb kh\u00f4ng \u0111\u1ebfm \u0111\u01b0\u1ee3c (tubig, c\u00f3 ngh\u0129a l\u00e0 &#8220;n\u01b0\u1edbc&#8221;). Danh t\u1eeb c\u0169ng c\u00f3 th\u1ec3 \u0111\u01b0\u1ee3c chuy\u1ec3n th\u00e0nh d\u1ea1ng s\u1ed1 nhi\u1ec1u b\u1eb1ng c\u00e1ch th\u00eam c\u00e1c d\u1ea5u hi\u1ec7u c\u1ee5 th\u1ec3 nh\u01b0 &#8220;mga&#8221;.<\/p>\n\n\n\n<h3 class=\"wp-block-heading\" id=\"h-2-adjectives-describing-with-flair\">2. T\u00ednh t\u1eeb &#8211; M\u00f4 t\u1ea3 v\u1edbi s\u1ef1 tinh t\u1ebf<\/h3>\n\n\n\n<p>T\u00ednh t\u1eeb (pang-uri) cung c\u1ea5p th\u00eam th\u00f4ng tin <a href=\"https:\/\/talkpal.ai\/vi\/ve\/\">v\u1ec1<\/a> danh t\u1eeb, v\u1edbi m\u1ed9t s\u1ed1 c\u00e1ch \u0111\u1ec3 s\u1eed d\u1ee5ng t\u00ednh t\u1eeb trong ti\u1ebfng Tagalog. So s\u00e1nh danh t\u1eeb \u0111\u1ea1t \u0111\u01b0\u1ee3c th\u00f4ng qua t\u00ednh t\u1eeb b\u1eb1ng c\u00e1ch s\u1eed d\u1ee5ng c\u00e1c d\u1ea5u hi\u1ec7u &#8220;mas&#8221; v\u00e0 &#8220;pinaka&#8221; \u0111\u1ec3 t\u1ea1o ra c\u00e1c m\u1ee9c \u0111\u1ed9 so s\u00e1nh v\u00e0 cao nh\u1ea5t. V\u00ed d\u1ee5, &#8220;maganda&#8221; c\u00f3 ngh\u0129a l\u00e0 &#8220;\u0111\u1eb9p&#8221;, trong khi &#8220;mas maganda&#8221; c\u00f3 ngh\u0129a l\u00e0 &#8220;\u0111\u1eb9p h\u01a1n&#8221; v\u00e0 &#8220;pinakamaganda&#8221; c\u00f3 ngh\u0129a l\u00e0 &#8220;\u0111\u1eb9p nh\u1ea5t&#8221;.<\/p>\n\n\n\n<h3 class=\"wp-block-heading\" id=\"h-3-pronouns-keeping-it-personal\">3. \u0110\u1ea1i t\u1eeb &#8211; Gi\u1eef n\u00f3 c\u00e1 nh\u00e2n<\/h3>\n\n\n\n<p>Ng\u1eef ph\u00e1p Tagalog bao g\u1ed3m c\u00e1c \u0111\u1ea1i t\u1eeb c\u00e1 nh\u00e2n, s\u1edf h\u1eefu, bi\u1ec3u di\u1ec5n, nghi v\u1ea5n v\u00e0 \u0111\u1ea1i t\u1eeb t\u01b0\u01a1ng \u0111\u1ed1i. \u0110\u1ea1i t\u1eeb nh\u00e2n x\u01b0ng c\u00f3 ba tr\u01b0\u1eddng h\u1ee3p: danh t\u1eeb (ch\u1ec9 ch\u1ee7 ng\u1eef), genitive (bi\u1ec3u th\u1ecb s\u1edf h\u1eefu) v\u00e0 c\u00e1o t\u1eeb (ch\u1ec9 \u0111\u1ed1i t\u01b0\u1ee3ng). C\u00e1c \u0111\u1ea1i t\u1eeb ch\u1ec9 \u0111\u1ecbnh, nh\u01b0 &#8220;ito&#8221; (this) v\u00e0 &#8220;iyan&#8221; (that), \u0111\u01b0\u1ee3c s\u1eed d\u1ee5ng \u0111\u1ec3 ch\u1ec9 ra nh\u1eefng \u0111i\u1ec1u c\u1ee5 th\u1ec3, trong khi \u0111\u1ea1i t\u1eeb nghi v\u1ea5n \u0111\u01b0\u1ee3c s\u1eed d\u1ee5ng \u0111\u1ec3 \u0111\u1eb7t c\u00e2u h\u1ecfi.<\/p>\n\n\n\n<h3 class=\"wp-block-heading\" id=\"h-4-verbs-conjugation-and-focus\">4. \u0110\u1ed9ng t\u1eeb &#8211; Chia \u0111\u1ed9ng t\u1eeb v\u00e0 t\u1eadp trung<\/h3>\n\n\n\n<p>\u0110\u1ed9ng t\u1eeb Tagalog (pandiwa) \u0111\u00f3ng m\u1ed9t vai tr\u00f2 quan tr\u1ecdng trong vi\u1ec7c x\u00e2y d\u1ef1ng c\u00e2u v\u00e0 c\u00e1ch chia \u0111\u1ed9ng t\u1eeb c\u1ee7a ch\u00fang l\u00e0 kh\u00e1c bi\u1ec7t. Thay v\u00ec thay \u0111\u1ed5i th\u00ec, c\u00e1ch chia \u0111\u1ed9ng t\u1eeb trong ti\u1ebfng Tagalog li\u00ean quan \u0111\u1ebfn nh\u1eefng thay \u0111\u1ed5i kh\u00eda c\u1ea1nh. C\u00f3 ba kh\u00eda c\u1ea1nh \u0111\u1ed9ng t\u1eeb: ho\u00e0n th\u00e0nh (ho\u00e0n h\u1ea3o), ch\u01b0a ho\u00e0n th\u00e0nh (kh\u00f4ng ho\u00e0n h\u1ea3o) v\u00e0 suy ng\u1eabm (t\u01b0\u01a1ng lai).  <\/p>\n\n\n\n<p>H\u01a1n n\u1eefa, ti\u1ebfng Tagalog c\u00f3 m\u1ed9t h\u1ec7 th\u1ed1ng t\u1eadp trung \u0111\u1ed9c \u0111\u00e1o li\u00ean quan \u0111\u1ebfn \u0111\u1ed9ng t\u1eeb. Trong h\u1ec7 th\u1ed1ng n\u00e0y, d\u1ea1ng \u0111\u1ed9ng t\u1eeb thay \u0111\u1ed5i t\u00f9y thu\u1ed9c v\u00e0o ph\u1ea7n n\u00e0o c\u1ee7a c\u00e2u \u0111\u01b0\u1ee3c t\u1eadp trung v\u00e0o, ch\u1eb3ng h\u1ea1n nh\u01b0 \u0111\u1ed1i t\u01b0\u1ee3ng, ch\u1ee7 ng\u1eef ho\u1eb7c h\u01b0\u1edbng c\u1ee7a h\u00e0nh \u0111\u1ed9ng. C\u00e1c d\u1ea5u ch\u00ednh nh\u01b0 &#8220;um-&#8220;, &#8220;mag-&#8221; v\u00e0 &#8220;-in&#8221; gi\u00fap truy\u1ec1n t\u1ea3i c\u00e1c s\u1eafc th\u00e1i kh\u00e1c nhau trong c\u00e2u.<\/p>\n\n\n\n<h3 class=\"wp-block-heading\" id=\"h-5-embracing-the-journey\">5. \u0110\u00f3n nh\u1eadn h\u00e0nh tr\u00ecnh<\/h3>\n\n\n\n<p><a href=\"https:\/\/talkpal.ai\/grammar\/\">H\u1ecdc ng\u1eef ph\u00e1p<\/a> Tagalog \u0111\u00f2i h\u1ecfi th\u1eddi gian, c\u00f4ng s\u1ee9c v\u00e0 m\u1ed9t ch\u00fat ki\u00ean nh\u1eabn. Tuy nhi\u00ean, s\u1ef1 \u0111\u1ed9c \u0111\u00e1o c\u1ee7a n\u00f3, m\u1ed9t khi \u0111\u00e3 th\u00e0nh th\u1ea1o, s\u1ebd cung c\u1ea5p nh\u1eefng hi\u1ec3u bi\u1ebft s\u00e2u s\u1eafc v\u00f4 song v\u1ec1 v\u0103n h\u00f3a v\u00e0 di s\u1ea3n Philippines. Gi\u1eef m\u1ed9t t\u00e2m tr\u00ed c\u1edfi m\u1edf, luy\u1ec7n t\u1eadp nh\u1ea5t qu\u00e1n v\u00e0 \u0111\u1eebng ng\u1ea1i m\u1eafc l\u1ed7i khi n\u00f3i.<\/p>\n\n\n\n<p>Khi b\u1ea1n \u0111i s\u00e2u h\u01a1n v\u00e0o c\u00e1c s\u1eafc th\u00e1i c\u1ee7a ng\u1eef ph\u00e1p Tagalog, h\u00e3y d\u00e0nh th\u1eddi gian \u0111\u1ec3 t\u1eadn h\u01b0\u1edfng s\u1ef1 s\u1ed1ng \u0111\u1ed9ng v\u00e0 phong ph\u00fa m\u00e0 n\u00f3 mang l\u1ea1i. Th\u01b0\u1edfng th\u1ee9c s\u1ef1 hi\u1ec3u bi\u1ebft c\u1ee7a b\u1ea1n v\u1ec1 s\u1ef1 ph\u1ee9c t\u1ea1p l\u00e0m cho ng\u00f4n ng\u1eef n\u00e0y th\u1ef1c s\u1ef1 \u0111\u1eb7c bi\u1ec7t. Maligayang pag-aral\u2014vui v\u1ebb h\u1ecdc t\u1eadp!<\/p>\n<\/div><\/div>\n\r\n<section class=\"learnNavigationSection\">\r\n            \r\n        <a href=\"https:\/\/talkpal.ai\/vi\/hoc-tieng-tagalog\/\">\r\n            <div class=\"learnNavigationWrapper\">\r\n                <div class=\"learnNavigationContent\">\r\n                    <img decoding=\"async\" src=\"https:\/\/talkpal.ai\/wp-content\/uploads\/2024\/08\/Tagalog.jpg\" alt=\"Philippines Flag\">\r\n                    <div>\r\n                        <h4>Gi\u1edbi thi\u1ec7u v\u1ec1 Tagalog Learning<\/h4>\r\n                        <p>T\u00ecm hi\u1ec3u t\u1ea5t c\u1ea3 v\u1ec1 ng\u1eef ph\u00e1p ti\u1ebfng Tagalog.<\/p>\r\n                    <\/div>\r\n                <\/div>\r\n            <\/div>\r\n        <\/a>\r\n\r\n        \r\n        <a href=\"https:\/\/talkpal.ai\/vi\/bai-tap-ngu-phap-tagalog\/\">\r\n            <div class=\"learnNavigationWrapper\">\r\n                <div class=\"learnNavigationContent\">\r\n                    <img decoding=\"async\" src=\"https:\/\/talkpal.ai\/wp-content\/uploads\/2024\/08\/Tagalog.jpg\" alt=\"Philippines Flag\">\r\n                    <div>\r\n                        <h4>B\u00e0i t\u1eadp ng\u1eef ph\u00e1p ti\u1ebfng Tagalog<\/h4>\r\n                        <p>Th\u1ef1c h\u00e0nh ng\u1eef ph\u00e1p Tagalog.<\/p>\r\n                    <\/div>\r\n                <\/div>\r\n            <\/div>\r\n        <\/a>\r\n\r\n        \r\n        <a href=\"https:\/\/talkpal.ai\/vocabulary_language\/tagalog\/\">\r\n            <div class=\"learnNavigationWrapper\">\r\n                <div class=\"learnNavigationContent\">\r\n                    <img decoding=\"async\" src=\"https:\/\/talkpal.ai\/wp-content\/uploads\/2024\/08\/Tagalog.jpg\" alt=\"Philippines Flag\">\r\n                    <div>\r\n                        <h4>T\u1eeb v\u1ef1ng ti\u1ebfng Tagalog<\/h4>\r\n                        <p>M\u1edf r\u1ed9ng v\u1ed1n t\u1eeb v\u1ef1ng ti\u1ebfng Tagalog c\u1ee7a b\u1ea1n.<\/p>\r\n                    <\/div>\r\n                <\/div>\r\n            <\/div>\r\n        <\/a>\r\n\r\n            <\/section>","protected":false},"excerpt":{"rendered":"<p>Ng\u1eef ph\u00e1p Tagalog: T\u00ecm hi\u1ec3u tr\u00e1i tim c\u1ee7a ng\u00f4n ng\u1eef Philippines Ti\u1ebfng Tagalog, c\u01a1 s\u1edf cho ng\u00f4n ng\u1eef qu\u1ed1c gia c\u1ee7a Philippines, Philippines, \u0111\u01b0\u1ee3c s\u1eed d\u1ee5ng b\u1edfi h\u00e0ng tri\u1ec7u ng\u01b0\u1eddi tr\u00ean to\u00e0n th\u1ebf gi\u1edbi. \u0110\u1ec3 h\u1ecdc ti\u1ebfng Tagalog, tr\u01b0\u1edbc ti\u00ean b\u1ea1n ph\u1ea3i hi\u1ec3u ng\u1eef ph\u00e1p ph\u1ee9c t\u1ea1p v\u00e0 h\u1ea5p d\u1eabn c\u1ee7a n\u00f3. Trong b\u00e0i vi\u1ebft [&hellip;]<\/p>\n","protected":false},"author":1,"featured_media":1445398,"parent":0,"menu_order":0,"comment_status":"closed","ping_status":"closed","template":"LearningContentPage.php","meta":{"_acf_changed":false,"footnotes":""},"class_list":["post-1447417","page","type-page","status-publish","has-post-thumbnail","hentry"],"acf":[],"yoast_head":"<!-- This site is optimized with the Yoast SEO Premium plugin v27.2 (Yoast SEO v27.2) - https:\/\/yoast.com\/product\/yoast-seo-premium-wordpress\/ -->\n<title>Ng\u1eef ph\u00e1p Tagalog - Talkpal<\/title>\n<meta name=\"description\" content=\"Kh\u00e1m ph\u00e1 c\u00e1c y\u1ebfu t\u1ed1 c\u1ea7n thi\u1ebft v\u1ec1 ng\u1eef ph\u00e1p ti\u1ebfng Tagalog v\u00e0 h\u1ecdc c\u00e1ch \u0111\u00e1nh gi\u00e1 cao ng\u00f4n ng\u1eef tuy\u1ec7t v\u1eddi n\u00e0y m\u1ed9t c\u00e1ch \u0111\u01a1n gi\u1ea3n v\u00e0 th\u00e2n thi\u1ec7n.\" \/>\n<meta name=\"robots\" content=\"index, follow, max-snippet:-1, max-image-preview:large, max-video-preview:-1\" \/>\n<link rel=\"canonical\" href=\"https:\/\/talkpal.ai\/vi\/ngu-phap-tagalog\/\" \/>\n<meta property=\"og:locale\" content=\"vi_VN\" \/>\n<meta property=\"og:type\" content=\"article\" \/>\n<meta property=\"og:title\" content=\"Ng\u1eef ph\u00e1p Tagalog\" \/>\n<meta property=\"og:description\" content=\"Ng\u1eef ph\u00e1p Tagalog: T\u00ecm hi\u1ec3u tr\u00e1i tim c\u1ee7a ng\u00f4n ng\u1eef Philippines Ti\u1ebfng Tagalog, c\u01a1 s\u1edf cho ng\u00f4n ng\u1eef qu\u1ed1c gia c\u1ee7a Philippines, Philippines, \u0111\u01b0\u1ee3c s\u1eed d\u1ee5ng b\u1edfi\" \/>\n<meta property=\"og:url\" content=\"https:\/\/talkpal.ai\/vi\/ngu-phap-tagalog\/\" \/>\n<meta property=\"og:site_name\" content=\"Talkpal\" \/>\n<meta property=\"article:publisher\" content=\"https:\/\/www.facebook.com\/profile.php?id=100090733639311\" \/>\n<meta property=\"article:modified_time\" content=\"2025-12-17T15:37:58+00:00\" \/>\n<meta property=\"og:image\" content=\"https:\/\/talkpal.ai\/wp-content\/uploads\/2023\/05\/Tagalog-philippines.png\" \/>\n\t<meta property=\"og:image:width\" content=\"512\" \/>\n\t<meta property=\"og:image:height\" content=\"512\" \/>\n\t<meta property=\"og:image:type\" content=\"image\/png\" \/>\n<meta name=\"twitter:card\" content=\"summary_large_image\" \/>\n<meta name=\"twitter:site\" content=\"@talkpalai\" \/>\n<meta name=\"twitter:label1\" content=\"Est. reading time\" \/>\n\t<meta name=\"twitter:data1\" content=\"5 minutes\" \/>\n<script type=\"application\/ld+json\" class=\"yoast-schema-graph\">{\"@context\":\"https:\/\/schema.org\",\"@graph\":[{\"@type\":\"WebPage\",\"@id\":\"https:\/\/talkpal.ai\/vi\/ngu-phap-tagalog\/\",\"url\":\"https:\/\/talkpal.ai\/vi\/ngu-phap-tagalog\/\",\"name\":\"Ng\u1eef ph\u00e1p Tagalog - Talkpal\",\"isPartOf\":{\"@id\":\"https:\/\/talkpal.ai\/vi\/#website\"},\"primaryImageOfPage\":{\"@id\":\"https:\/\/talkpal.ai\/vi\/ngu-phap-tagalog\/#primaryimage\"},\"image\":{\"@id\":\"https:\/\/talkpal.ai\/vi\/ngu-phap-tagalog\/#primaryimage\"},\"thumbnailUrl\":\"https:\/\/talkpal.ai\/wp-content\/uploads\/2023\/05\/Tagalog-philippines.png\",\"datePublished\":\"2023-05-14T14:23:21+00:00\",\"dateModified\":\"2025-12-17T15:37:58+00:00\",\"description\":\"Kh\u00e1m ph\u00e1 c\u00e1c y\u1ebfu t\u1ed1 c\u1ea7n thi\u1ebft v\u1ec1 ng\u1eef ph\u00e1p ti\u1ebfng Tagalog v\u00e0 h\u1ecdc c\u00e1ch \u0111\u00e1nh gi\u00e1 cao ng\u00f4n ng\u1eef tuy\u1ec7t v\u1eddi n\u00e0y m\u1ed9t c\u00e1ch \u0111\u01a1n gi\u1ea3n v\u00e0 th\u00e2n thi\u1ec7n.\",\"breadcrumb\":{\"@id\":\"https:\/\/talkpal.ai\/vi\/ngu-phap-tagalog\/#breadcrumb\"},\"inLanguage\":\"vi-VN\",\"potentialAction\":[{\"@type\":\"ReadAction\",\"target\":[\"https:\/\/talkpal.ai\/vi\/ngu-phap-tagalog\/\"]}]},{\"@type\":\"ImageObject\",\"inLanguage\":\"vi-VN\",\"@id\":\"https:\/\/talkpal.ai\/vi\/ngu-phap-tagalog\/#primaryimage\",\"url\":\"https:\/\/talkpal.ai\/wp-content\/uploads\/2023\/05\/Tagalog-philippines.png\",\"contentUrl\":\"https:\/\/talkpal.ai\/wp-content\/uploads\/2023\/05\/Tagalog-philippines.png\",\"width\":512,\"height\":512,\"caption\":\"TalkPal Tagalog Flag\"},{\"@type\":\"BreadcrumbList\",\"@id\":\"https:\/\/talkpal.ai\/vi\/ngu-phap-tagalog\/#breadcrumb\",\"itemListElement\":[{\"@type\":\"ListItem\",\"position\":1,\"name\":\"Homepage\",\"item\":\"https:\/\/talkpal.ai\/vi\/giao-vien-ngon-ngu-ai-3\/\"},{\"@type\":\"ListItem\",\"position\":2,\"name\":\"Ng\u1eef ph\u00e1p Tagalog\"}]},{\"@type\":\"WebSite\",\"@id\":\"https:\/\/talkpal.ai\/vi\/#website\",\"url\":\"https:\/\/talkpal.ai\/vi\/\",\"name\":\"Talkpal\",\"description\":\"AI Language Learning\",\"publisher\":{\"@id\":\"https:\/\/talkpal.ai\/vi\/#organization\"},\"alternateName\":\"Talkpal AI\",\"potentialAction\":[{\"@type\":\"SearchAction\",\"target\":{\"@type\":\"EntryPoint\",\"urlTemplate\":\"https:\/\/talkpal.ai\/vi\/?s={search_term_string}\"},\"query-input\":{\"@type\":\"PropertyValueSpecification\",\"valueRequired\":true,\"valueName\":\"search_term_string\"}}],\"inLanguage\":\"vi-VN\"},{\"@type\":\"Organization\",\"@id\":\"https:\/\/talkpal.ai\/vi\/#organization\",\"name\":\"Talkpal, Inc.\",\"alternateName\":\"Talkpal AI\",\"url\":\"https:\/\/talkpal.ai\/vi\/\",\"logo\":{\"@type\":\"ImageObject\",\"inLanguage\":\"vi-VN\",\"@id\":\"https:\/\/talkpal.ai\/vi\/#\/schema\/logo\/image\/\",\"url\":\"https:\/\/talkpal.ai\/wp-content\/uploads\/2024\/03\/Talkpal-Logo-Icon.png\",\"contentUrl\":\"https:\/\/talkpal.ai\/wp-content\/uploads\/2024\/03\/Talkpal-Logo-Icon.png\",\"width\":2880,\"height\":2880,\"caption\":\"Talkpal, Inc.\"},\"image\":{\"@id\":\"https:\/\/talkpal.ai\/vi\/#\/schema\/logo\/image\/\"},\"sameAs\":[\"https:\/\/www.facebook.com\/profile.php?id=100090733639311\",\"https:\/\/x.com\/talkpalai\",\"https:\/\/www.linkedin.com\/company\/talkpal\/\",\"https:\/\/www.youtube.com\/@TalkPal\/\",\"https:\/\/www.tiktok.com\/@talkpal\",\"https:\/\/www.instagram.com\/talkpal_ai\/\",\"https:\/\/www.crunchbase.com\/organization\/talkpal-9cde\",\"https:\/\/www.g2.com\/products\/talkpal-for-business\/\",\"https:\/\/www.trustpilot.com\/review\/talkpal.ai\",\"https:\/\/www.capterra.com\/p\/10006800\/TalkPal\/\"],\"description\":\"Talkpal is a language learning web and mobile education app, powered by the latest AI technologies, that provides engaging experiences to its customers in many different languages to help them improve their language skills. Users can chat about unlimited amount of topics with the app and use other modes to practice their language learning.\",\"email\":\"support@talkpal.ai\",\"legalName\":\"Talkpal, Inc.\",\"foundingDate\":\"2023-04-03\",\"duns\":\"118989042\",\"numberOfEmployees\":{\"@type\":\"QuantitativeValue\",\"minValue\":\"11\",\"maxValue\":\"50\"},\"publishingPrinciples\":\"https:\/\/talkpal.ai\/publishing-principles\/\",\"actionableFeedbackPolicy\":\"https:\/\/talkpal.ai\/actionable-feedback-policy\/\",\"correctionsPolicy\":\"https:\/\/talkpal.ai\/corrections-policy\/\",\"ethicsPolicy\":\"https:\/\/talkpal.ai\/ethics-policy\/\",\"diversityPolicy\":\"https:\/\/talkpal.ai\/diversity-policy\/\",\"diversityStaffingReport\":\"https:\/\/talkpal.ai\/diversity-policy\/\"}]}<\/script>\n<!-- \/ Yoast SEO Premium plugin. -->","yoast_head_json":{"title":"Ng\u1eef ph\u00e1p Tagalog - Talkpal","description":"Kh\u00e1m ph\u00e1 c\u00e1c y\u1ebfu t\u1ed1 c\u1ea7n thi\u1ebft v\u1ec1 ng\u1eef ph\u00e1p ti\u1ebfng Tagalog v\u00e0 h\u1ecdc c\u00e1ch \u0111\u00e1nh gi\u00e1 cao ng\u00f4n ng\u1eef tuy\u1ec7t v\u1eddi n\u00e0y m\u1ed9t c\u00e1ch \u0111\u01a1n gi\u1ea3n v\u00e0 th\u00e2n thi\u1ec7n.","robots":{"index":"index","follow":"follow","max-snippet":"max-snippet:-1","max-image-preview":"max-image-preview:large","max-video-preview":"max-video-preview:-1"},"canonical":"https:\/\/talkpal.ai\/vi\/ngu-phap-tagalog\/","og_locale":"vi_VN","og_type":"article","og_title":"Ng\u1eef ph\u00e1p Tagalog","og_description":"Ng\u1eef ph\u00e1p Tagalog: T\u00ecm hi\u1ec3u tr\u00e1i tim c\u1ee7a ng\u00f4n ng\u1eef Philippines Ti\u1ebfng Tagalog, c\u01a1 s\u1edf cho ng\u00f4n ng\u1eef qu\u1ed1c gia c\u1ee7a Philippines, Philippines, \u0111\u01b0\u1ee3c s\u1eed d\u1ee5ng b\u1edfi","og_url":"https:\/\/talkpal.ai\/vi\/ngu-phap-tagalog\/","og_site_name":"Talkpal","article_publisher":"https:\/\/www.facebook.com\/profile.php?id=100090733639311","article_modified_time":"2025-12-17T15:37:58+00:00","og_image":[{"width":512,"height":512,"url":"https:\/\/talkpal.ai\/wp-content\/uploads\/2023\/05\/Tagalog-philippines.png","type":"image\/png"}],"twitter_card":"summary_large_image","twitter_site":"@talkpalai","twitter_misc":{"Est. reading time":"5 minutes"},"schema":{"@context":"https:\/\/schema.org","@graph":[{"@type":"WebPage","@id":"https:\/\/talkpal.ai\/vi\/ngu-phap-tagalog\/","url":"https:\/\/talkpal.ai\/vi\/ngu-phap-tagalog\/","name":"Ng\u1eef ph\u00e1p Tagalog - Talkpal","isPartOf":{"@id":"https:\/\/talkpal.ai\/vi\/#website"},"primaryImageOfPage":{"@id":"https:\/\/talkpal.ai\/vi\/ngu-phap-tagalog\/#primaryimage"},"image":{"@id":"https:\/\/talkpal.ai\/vi\/ngu-phap-tagalog\/#primaryimage"},"thumbnailUrl":"https:\/\/talkpal.ai\/wp-content\/uploads\/2023\/05\/Tagalog-philippines.png","datePublished":"2023-05-14T14:23:21+00:00","dateModified":"2025-12-17T15:37:58+00:00","description":"Kh\u00e1m ph\u00e1 c\u00e1c y\u1ebfu t\u1ed1 c\u1ea7n thi\u1ebft v\u1ec1 ng\u1eef ph\u00e1p ti\u1ebfng Tagalog v\u00e0 h\u1ecdc c\u00e1ch \u0111\u00e1nh gi\u00e1 cao ng\u00f4n ng\u1eef tuy\u1ec7t v\u1eddi n\u00e0y m\u1ed9t c\u00e1ch \u0111\u01a1n gi\u1ea3n v\u00e0 th\u00e2n thi\u1ec7n.","breadcrumb":{"@id":"https:\/\/talkpal.ai\/vi\/ngu-phap-tagalog\/#breadcrumb"},"inLanguage":"vi-VN","potentialAction":[{"@type":"ReadAction","target":["https:\/\/talkpal.ai\/vi\/ngu-phap-tagalog\/"]}]},{"@type":"ImageObject","inLanguage":"vi-VN","@id":"https:\/\/talkpal.ai\/vi\/ngu-phap-tagalog\/#primaryimage","url":"https:\/\/talkpal.ai\/wp-content\/uploads\/2023\/05\/Tagalog-philippines.png","contentUrl":"https:\/\/talkpal.ai\/wp-content\/uploads\/2023\/05\/Tagalog-philippines.png","width":512,"height":512,"caption":"TalkPal Tagalog Flag"},{"@type":"BreadcrumbList","@id":"https:\/\/talkpal.ai\/vi\/ngu-phap-tagalog\/#breadcrumb","itemListElement":[{"@type":"ListItem","position":1,"name":"Homepage","item":"https:\/\/talkpal.ai\/vi\/giao-vien-ngon-ngu-ai-3\/"},{"@type":"ListItem","position":2,"name":"Ng\u1eef ph\u00e1p Tagalog"}]},{"@type":"WebSite","@id":"https:\/\/talkpal.ai\/vi\/#website","url":"https:\/\/talkpal.ai\/vi\/","name":"Talkpal","description":"AI Language Learning","publisher":{"@id":"https:\/\/talkpal.ai\/vi\/#organization"},"alternateName":"Talkpal AI","potentialAction":[{"@type":"SearchAction","target":{"@type":"EntryPoint","urlTemplate":"https:\/\/talkpal.ai\/vi\/?s={search_term_string}"},"query-input":{"@type":"PropertyValueSpecification","valueRequired":true,"valueName":"search_term_string"}}],"inLanguage":"vi-VN"},{"@type":"Organization","@id":"https:\/\/talkpal.ai\/vi\/#organization","name":"Talkpal, Inc.","alternateName":"Talkpal AI","url":"https:\/\/talkpal.ai\/vi\/","logo":{"@type":"ImageObject","inLanguage":"vi-VN","@id":"https:\/\/talkpal.ai\/vi\/#\/schema\/logo\/image\/","url":"https:\/\/talkpal.ai\/wp-content\/uploads\/2024\/03\/Talkpal-Logo-Icon.png","contentUrl":"https:\/\/talkpal.ai\/wp-content\/uploads\/2024\/03\/Talkpal-Logo-Icon.png","width":2880,"height":2880,"caption":"Talkpal, Inc."},"image":{"@id":"https:\/\/talkpal.ai\/vi\/#\/schema\/logo\/image\/"},"sameAs":["https:\/\/www.facebook.com\/profile.php?id=100090733639311","https:\/\/x.com\/talkpalai","https:\/\/www.linkedin.com\/company\/talkpal\/","https:\/\/www.youtube.com\/@TalkPal\/","https:\/\/www.tiktok.com\/@talkpal","https:\/\/www.instagram.com\/talkpal_ai\/","https:\/\/www.crunchbase.com\/organization\/talkpal-9cde","https:\/\/www.g2.com\/products\/talkpal-for-business\/","https:\/\/www.trustpilot.com\/review\/talkpal.ai","https:\/\/www.capterra.com\/p\/10006800\/TalkPal\/"],"description":"Talkpal is a language learning web and mobile education app, powered by the latest AI technologies, that provides engaging experiences to its customers in many different languages to help them improve their language skills. Users can chat about unlimited amount of topics with the app and use other modes to practice their language learning.","email":"support@talkpal.ai","legalName":"Talkpal, Inc.","foundingDate":"2023-04-03","duns":"118989042","numberOfEmployees":{"@type":"QuantitativeValue","minValue":"11","maxValue":"50"},"publishingPrinciples":"https:\/\/talkpal.ai\/publishing-principles\/","actionableFeedbackPolicy":"https:\/\/talkpal.ai\/actionable-feedback-policy\/","correctionsPolicy":"https:\/\/talkpal.ai\/corrections-policy\/","ethicsPolicy":"https:\/\/talkpal.ai\/ethics-policy\/","diversityPolicy":"https:\/\/talkpal.ai\/diversity-policy\/","diversityStaffingReport":"https:\/\/talkpal.ai\/diversity-policy\/"}]}},"_links":{"self":[{"href":"https:\/\/talkpal.ai\/vi\/wp-json\/wp\/v2\/pages\/1447417","targetHints":{"allow":["GET"]}}],"collection":[{"href":"https:\/\/talkpal.ai\/vi\/wp-json\/wp\/v2\/pages"}],"about":[{"href":"https:\/\/talkpal.ai\/vi\/wp-json\/wp\/v2\/types\/page"}],"author":[{"embeddable":true,"href":"https:\/\/talkpal.ai\/vi\/wp-json\/wp\/v2\/users\/1"}],"replies":[{"embeddable":true,"href":"https:\/\/talkpal.ai\/vi\/wp-json\/wp\/v2\/comments?post=1447417"}],"version-history":[{"count":0,"href":"https:\/\/talkpal.ai\/vi\/wp-json\/wp\/v2\/pages\/1447417\/revisions"}],"wp:featuredmedia":[{"embeddable":true,"href":"https:\/\/talkpal.ai\/vi\/wp-json\/wp\/v2\/media\/1445398"}],"wp:attachment":[{"href":"https:\/\/talkpal.ai\/vi\/wp-json\/wp\/v2\/media?parent=1447417"}],"curies":[{"name":"wp","href":"https:\/\/api.w.org\/{rel}","templated":true}]}}