{"id":1447388,"date":"2023-06-14T13:25:23","date_gmt":"2023-06-14T13:25:23","guid":{"rendered":"https:\/\/talkpal.ai\/bai-tap-ngu-phap-tieng-anh\/"},"modified":"2025-12-17T16:33:48","modified_gmt":"2025-12-17T16:33:48","slug":"bai-tap-ngu-phap-tieng-anh","status":"publish","type":"page","link":"https:\/\/talkpal.ai\/vi\/bai-tap-ngu-phap-tieng-anh\/","title":{"rendered":"B\u00e0i t\u1eadp ng\u1eef ph\u00e1p ti\u1ebfng Anh"},"content":{"rendered":"\r\n\r\n\r\n<section class=\"languageChallengeSection\">\r\n    <div class=\"languageInfoWrapper\">\r\n        \r\n        <h1>B\u00e0i t\u1eadp ng\u1eef ph\u00e1p ti\u1ebfng Anh<\/h1>\r\n        <p>B\u1ea1n mu\u1ed1n t\u0103ng c\u01b0\u1eddng s\u1ef1 t\u1ef1 tin c\u1ee7a m\u00ecnh trong <a href=\"https:\/\/talkpal.ai\/top-trang-web-luyen-noi-tieng-anh-hieu-qua-nhat-2024\/\">ti\u1ebfng Anh<\/a>? Th\u1ef1c h\u00e0nh c\u00e1c b\u00e0i t\u1eadp <a href=\"https:\/\/talkpal.ai\/vi\/ngu-phap\/\">ng\u1eef ph\u00e1p<\/a> l\u00e0 m\u1ed9t c\u00e1ch tuy\u1ec7t v\u1eddi \u0111\u1ec3 c\u1ea3i thi\u1ec7n s\u1ef1 hi\u1ec3u bi\u1ebft c\u1ee7a b\u1ea1n v\u1ec1 c\u00e1c quy t\u1eafc ng\u1eef ph\u00e1p, s\u1eed d\u1ee5ng \u0111\u1ed9ng t\u1eeb m\u1ed9t c\u00e1ch ch\u00ednh x\u00e1c v\u00e0 m\u1edf r\u1ed9ng v\u1ed1n t\u1eeb v\u1ef1ng c\u1ee7a b\u1ea1n. B\u1eaft \u0111\u1ea7u luy\u1ec7n t\u1eadp <a href=\"https:\/\/talkpal.ai\/vi\/ngu-phap-tieng-nga\/\">ng\u1eef ph\u00e1p ti\u1ebfng<\/a> Anh c\u1ee7a b\u1ea1n ngay h\u00f4m nay v\u00e0 xem c\u00e1c k\u1ef9 n\u0103ng v\u00e0 s\u1ef1 l\u01b0u lo\u00e1t c\u1ee7a b\u1ea1n ph\u00e1t tri\u1ec3n v\u1edbi m\u1ed7i b\u00e0i t\u1eadp!\n\n<\/p>\r\n\r\n                            <a class=\"getStartedHidden\" href=\"https:\/\/app.talkpal.ai\/vi\/signup?lng=\">B\u1eaft \u0111\u1ea7u nh\u00e9<\/a>\r\n        \r\n    <\/div>\r\n\r\n    <figure>\r\n    <img decoding=\"async\" width=\"768\" height=\"768\" src=\"https:\/\/talkpal.ai\/wp-content\/uploads\/2023\/06\/English-768x768.png\" class=\"languageImage no-lazy\" alt=\"Language learning for improved multitasking\" fetchpriority=\"high\" sizes=\"(max-width: 768px) 150px, 768px\" srcset=\"https:\/\/talkpal.ai\/wp-content\/uploads\/2023\/06\/English-768x768.png 768w, https:\/\/talkpal.ai\/wp-content\/uploads\/2023\/06\/English-300x300.png 300w\" \/>\r\n    \r\n\r\n    <\/figure>\r\n\r\n            <a class=\"getStartedVisible\" href=\"https:\/\/app.talkpal.ai\/vi\/signup?lng=\">B\u1eaft \u0111\u1ea7u nh\u00e9<\/a>\r\n    \r\n<\/section>\r\n\r\n\r\n<!-- <section class=\"grammarSection\">\r\n    <div class=\"grammarLinks\">\r\n            <\/div>\r\n<\/section> -->\r\n\r\n\r\n\r\n\r\n<section class=\"promotionalBanner\">\r\n    <p class=\"promotionalText\">C\u00e1ch hi\u1ec7u qu\u1ea3 nh\u1ea5t \u0111\u1ec3 h\u1ecdc m\u1ed9t <a href=\"https:\/\/talkpal.ai\/vi\/hoc-ngon-ngu-cho-cac-truong-ngon-ngu\/\">ng\u00f4n ng\u1eef<\/a><\/p>\r\n    <a class=\"promotionalLink\" href=\"https:\/\/app.talkpal.ai\/vi\/signup?lng=\">D\u00f9ng th\u1eed Talkpal mi\u1ec5n ph\u00ed<\/a>\r\n<\/section>\n<div class=\"wp-block-group pageContainerStyle\"><div class=\"wp-block-group__inner-container is-layout-constrained wp-block-group-is-layout-constrained\">\n<h2 class=\"wp-block-heading\" id=\"h-english-grammar-topics\">Ch\u1ee7 \u0111\u1ec1 ng\u1eef ph\u00e1p ti\u1ebfng Anh<\/h2>\n\n\n\n<p><a href=\"https:\/\/talkpal.ai\/vi\/ngu-phap-tieng-nga\/\">Ng\u1eef ph\u00e1p ti\u1ebfng<\/a> Anh l\u00e0 m\u1ed9t t\u1eadp h\u1ee3p c\u00e1c quy t\u1eafc v\u00e0 h\u01b0\u1edbng d\u1eabn x\u00e1c \u0111\u1ecbnh c\u1ea5u tr\u00fac c\u1ee7a ng\u00f4n ng\u1eef ti\u1ebfng Anh. N\u00f3 cho ph\u00e9p ch\u00fang ta giao ti\u1ebfp v\u1edbi nhau m\u1ed9t c\u00e1ch r\u00f5 r\u00e0ng v\u00e0 hi\u1ec7u qu\u1ea3. Khi <a href=\"https:\/\/talkpal.ai\/vi\/10-chien-luoc-da-duoc-chung-minh-de-hoc-tieng-anh-nhanh-hon-va-vuot-troi-so-voi-doi-thu-canh-tranh\/\">h\u1ecdc ti\u1ebfng Anh<\/a>, hi\u1ec3u ng\u1eef ph\u00e1p l\u00e0 \u0111i\u1ec1u c\u1ea7n thi\u1ebft \u0111\u1ec3 ph\u00e1t tri\u1ec3n c\u00e1c k\u1ef9 n\u0103ng \u0111\u1ecdc, vi\u1ebft v\u00e0 n\u00f3i t\u1ed1t. H\u00e0nh tr\u00ecnh n\u00e0y s\u1ebd bao g\u1ed3m c\u00e1c th\u00e0nh ph\u1ea7n kh\u00e1c nhau c\u1ee7a ng\u1eef ph\u00e1p nh\u01b0 t\u00ednh t\u1eeb, tr\u1ea1ng t\u1eeb, m\u1ea1o t\u1eeb, \u0111i\u1ec1u ki\u1ec7n, danh t\u1eeb, gi\u1edbi t\u1eeb, \u0111\u1ea1i t\u1eeb \/ x\u00e1c \u0111\u1ecbnh, c\u00e2u, so s\u00e1nh th\u00ec, th\u00ec v\u00e0 \u0111\u1ed9ng t\u1eeb. H\u00e3y c\u00f9ng kh\u00e1m ph\u00e1 t\u1eebng ch\u1ee7 \u0111\u1ec1 n\u00e0y theo m\u1ed9t tr\u00ecnh t\u1ef1 \u0111\u01b0\u1ee3c \u0111\u1ec1 xu\u1ea5t \u0111\u1ec3 <a href=\"https:\/\/talkpal.ai\/grammar\/\">h\u1ecdc ng\u1eef ph\u00e1p<\/a> ti\u1ebfng Anh hi\u1ec7u qu\u1ea3 v\u00e0 th\u00fa v\u1ecb h\u01a1n.<\/p>\n\n\n\n<h3 class=\"wp-block-heading\" id=\"h-1-nouns\">1. Danh t\u1eeb:<\/h3>\n\n\n\n<p>Danh t\u1eeb l\u00e0 kh\u1ed1i x\u00e2y d\u1ef1ng c\u01a1 b\u1ea3n nh\u1ea5t c\u1ee7a ng\u1eef ph\u00e1p ti\u1ebfng Anh. Ch\u00fang l\u00e0 nh\u1eefng t\u1eeb \u0111\u1ea1i di\u1ec7n cho con ng\u01b0\u1eddi, \u0111\u1ecba \u0111i\u1ec3m, s\u1ef1 v\u1eadt ho\u1eb7c \u00fd t\u01b0\u1edfng. Hi\u1ec3u danh t\u1eeb l\u00e0 \u0111i\u1ec1u c\u1ea7n thi\u1ebft \u0111\u1ec3 h\u00ecnh th\u00e0nh c\u00e2u v\u00e0 truy\u1ec1n \u0111\u1ea1t \u00fd ngh\u0129a trong ng\u00f4n ng\u1eef.<\/p>\n\n\n\n<h3 class=\"wp-block-heading\" id=\"h-2-pronouns-determiners\">2. \u0110\u1ea1i t\u1eeb\/X\u00e1c \u0111\u1ecbnh:<\/h3>\n\n\n\n<p>Khi b\u1ea1n \u0111\u00e3 n\u1eafm b\u1eaft \u0111\u01b0\u1ee3c danh t\u1eeb, t\u00ecm hi\u1ec3u v\u1ec1 \u0111\u1ea1i t\u1eeb v\u00e0 t\u1eeb quy\u1ebft \u0111\u1ecbnh l\u00e0 b\u01b0\u1edbc ti\u1ebfp theo. \u0110\u1ea1i t\u1eeb thay th\u1ebf danh t\u1eeb trong c\u00e2u \u0111\u1ec3 tr\u00e1nh l\u1eb7p l\u1ea1i, trong khi c\u00e1c t\u1eeb x\u00e1c \u0111\u1ecbnh cung c\u1ea5p th\u00f4ng tin v\u1ec1 danh t\u1eeb, ch\u1eb3ng h\u1ea1n nh\u01b0 s\u1ed1 l\u01b0\u1ee3ng ho\u1eb7c s\u1edf h\u1eefu.<\/p>\n\n\n\n<h3 class=\"wp-block-heading\" id=\"h-3-verbs\">3. \u0110\u1ed9ng t\u1eeb:<\/h3>\n\n\n\n<p>\u0110\u1ed9ng t\u1eeb l\u00e0 nh\u1eefng t\u1eeb h\u00e0nh \u0111\u1ed9ng th\u1ec3 hi\u1ec7n nh\u1eefng g\u00ec m\u1ed9t danh t\u1eeb \u0111ang l\u00e0m ho\u1eb7c tr\u1ea3i nghi\u1ec7m. Ch\u00fang l\u00e0 m\u1ed9t ph\u1ea7n quan tr\u1ecdng c\u1ee7a b\u1ea5t k\u1ef3 c\u00e2u n\u00e0o, v\u00e0 hi\u1ec3u c\u00e1ch ch\u00fang ho\u1ea1t \u0111\u1ed9ng l\u00e0 \u0111i\u1ec1u c\u1ea7n thi\u1ebft \u0111\u1ec3 t\u1ea1o ra c\u00e1c tuy\u00ean b\u1ed1 r\u00f5 r\u00e0ng v\u00e0 ng\u1eafn g\u1ecdn.<\/p>\n\n\n\n<h3 class=\"wp-block-heading\" id=\"h-4-adjectives\">4. T\u00ednh t\u1eeb:<\/h3>\n\n\n\n<p>T\u00ednh t\u1eeb m\u00f4 t\u1ea3 ho\u1eb7c s\u1eeda \u0111\u1ed5i danh t\u1eeb, cung c\u1ea5p th\u00eam th\u00f4ng tin v\u1ec1 ph\u1ea9m ch\u1ea5t ho\u1eb7c \u0111\u1eb7c \u0111i\u1ec3m c\u1ee7a ch\u00fang. H\u1ecdc c\u00e1ch s\u1eed d\u1ee5ng t\u00ednh t\u1eeb hi\u1ec7u qu\u1ea3 s\u1ebd n\u00e2ng cao kh\u1ea3 n\u0103ng giao ti\u1ebfp b\u1eb1ng ti\u1ebfng Anh c\u1ee7a b\u1ea1n.<\/p>\n\n\n\n<h3 class=\"wp-block-heading\" id=\"h-5-adverbs\">5. Tr\u1ea1ng t\u1eeb:<\/h3>\n\n\n\n<p>Tr\u1ea1ng t\u1eeb t\u01b0\u01a1ng t\u1ef1 nh\u01b0 t\u00ednh t\u1eeb nh\u01b0ng s\u1eeda \u0111\u1ed5i \u0111\u1ed9ng t\u1eeb, t\u00ednh t\u1eeb ho\u1eb7c c\u00e1c tr\u1ea1ng t\u1eeb kh\u00e1c. Ch\u00fang th\u01b0\u1eddng m\u00f4 t\u1ea3 c\u00e1ch th\u1ee9c, th\u1eddi gian ho\u1eb7c n\u01a1i m\u1ed9t h\u00e0nh \u0111\u1ed9ng x\u1ea3y ra. Bi\u1ebft c\u00e1ch s\u1eed d\u1ee5ng tr\u1ea1ng t\u1eeb s\u1ebd t\u0103ng th\u00eam chi\u1ec1u s\u00e2u v\u00e0 chi ti\u1ebft cho giao ti\u1ebfp ti\u1ebfng Anh c\u1ee7a b\u1ea1n.<\/p>\n\n\n\n<h3 class=\"wp-block-heading\" id=\"h-6-prepositions\">6. Gi\u1edbi t\u1eeb:<\/h3>\n\n\n\n<p>Gi\u1edbi t\u1eeb l\u00e0 nh\u1eefng t\u1eeb th\u1ec3 hi\u1ec7n m\u1ed1i quan h\u1ec7 gi\u1eefa danh t\u1eeb, \u0111\u1ea1i t\u1eeb v\u00e0 c\u00e1c t\u1eeb kh\u00e1c trong c\u00e2u. Ch\u00fang gi\u00fap cung c\u1ea5p b\u1ed1i c\u1ea3nh, ch\u1eb3ng h\u1ea1n nh\u01b0 v\u1ecb tr\u00ed, th\u1eddi gian ho\u1eb7c h\u01b0\u1edbng.<\/p>\n\n\n\n<h3 class=\"wp-block-heading\" id=\"h-7-articles\">7. B\u00e0i vi\u1ebft:<\/h3>\n\n\n\n<p>M\u1ea1o t\u1eeb l\u00e0 m\u1ed9t lo\u1ea1i t\u1eeb x\u00e1c \u0111\u1ecbnh x\u00e1c \u0111\u1ecbnh danh t\u1eeb l\u00e0 x\u00e1c \u0111\u1ecbnh hay kh\u00f4ng x\u00e1c \u0111\u1ecbnh. Ch\u00fang r\u1ea5t quan tr\u1ecdng \u0111\u1ec3 h\u00ecnh th\u00e0nh c\u00e2u th\u00edch h\u1ee3p v\u00e0 gi\u00fap l\u00e0m r\u00f5 \u00fd ngh\u0129a c\u1ee7a m\u1ed9t c\u00e2u n\u00f3i.<\/p>\n\n\n\n<h3 class=\"wp-block-heading\" id=\"h-8-tenses\">8. Th\u00ec:<\/h3>\n\n\n\n<p>Th\u00ec ch\u1ec9 th\u1eddi gian c\u1ee7a m\u1ed9t h\u00e0nh \u0111\u1ed9ng ho\u1eb7c tr\u1ea1ng th\u00e1i t\u1ed3n t\u1ea1i. H\u1ecdc c\u00e1c th\u00ec kh\u00e1c nhau trong ti\u1ebfng Anh s\u1ebd cho ph\u00e9p b\u1ea1n th\u1ec3 hi\u1ec7n b\u1ea3n th\u00e2n m\u1ed9t c\u00e1ch ch\u00ednh x\u00e1c, cho d\u00f9 b\u1ea1n \u0111ang th\u1ea3o lu\u1eadn v\u1ec1 qu\u00e1 kh\u1ee9, hi\u1ec7n t\u1ea1i hay t\u01b0\u01a1ng lai.<\/p>\n\n\n\n<h3 class=\"wp-block-heading\" id=\"h-9-tense-comparison\">9. So s\u00e1nh c\u0103ng th\u1eb3ng:<\/h3>\n\n\n\n<p>Hi\u1ec3u so s\u00e1nh th\u00ec l\u00e0 r\u1ea5t quan tr\u1ecdng \u0111\u1ec3 so s\u00e1nh c\u00e1c h\u00e0nh \u0111\u1ed9ng ho\u1eb7c tr\u1ea1ng th\u00e1i trong c\u00e1c khung th\u1eddi gian kh\u00e1c nhau. K\u1ef9 n\u0103ng n\u00e0y s\u1ebd gi\u00fap b\u1ea1n truy\u1ec1n \u0111\u1ea1t nh\u1eefng \u00fd t\u01b0\u1edfng ph\u1ee9c t\u1ea1p v\u00e0 ph\u00e1t tri\u1ec3n s\u1ef1 hi\u1ec3u bi\u1ebft n\u00e2ng cao h\u01a1n v\u1ec1 ng\u1eef ph\u00e1p ti\u1ebfng Anh.<\/p>\n\n\n\n<h3 class=\"wp-block-heading\" id=\"h-10-sentences\">10. C\u00e2u:<\/h3>\n\n\n\n<p>C\u00e2u l\u00e0 n\u1ec1n t\u1ea3ng c\u1ee7a giao ti\u1ebfp b\u1eb1ng v\u0103n b\u1ea3n v\u00e0 n\u00f3i b\u1eb1ng ti\u1ebfng Anh. D\u1ef1a tr\u00ean ki\u1ebfn th\u1ee9c c\u1ee7a b\u1ea1n v\u1ec1 danh t\u1eeb, \u0111\u1ed9ng t\u1eeb v\u00e0 c\u00e1c th\u00e0nh ph\u1ea7n ng\u1eef ph\u00e1p kh\u00e1c, t\u00ecm hi\u1ec3u v\u1ec1 c\u1ea5u tr\u00fac c\u00e2u s\u1ebd cho ph\u00e9p b\u1ea1n truy\u1ec1n \u0111\u1ea1t suy ngh\u0129 c\u1ee7a m\u00ecnh m\u1ed9t c\u00e1ch hi\u1ec7u qu\u1ea3 b\u1eb1ng ng\u00f4n ng\u1eef.<\/p>\n\n\n\n<h3 class=\"wp-block-heading\" id=\"h-11-conditionals\">11. \u0110i\u1ec1u ki\u1ec7n:<\/h3>\n\n\n\n<p>\u0110i\u1ec1u ki\u1ec7n l\u00e0 c\u00e2u th\u1ec3 hi\u1ec7n m\u1ed9t \u0111i\u1ec1u ki\u1ec7n v\u00e0 h\u1eadu qu\u1ea3 ti\u1ec1m \u1ea9n c\u1ee7a n\u00f3. Ch\u00fang l\u00e0 m\u1ed9t kh\u00eda c\u1ea1nh n\u00e2ng cao c\u1ee7a ng\u1eef ph\u00e1p ti\u1ebfng Anh s\u1ebd gi\u00fap b\u1ea1n th\u1ec3 hi\u1ec7n c\u00e1c t\u00ecnh hu\u1ed1ng gi\u1ea3 \u0111\u1ecbnh v\u00e0 \u00fd t\u01b0\u1edfng ph\u1ee9c t\u1ea1p.<\/p>\n<\/div><\/div>\n\r\n<section class=\"learnNavigationSection\">\r\n            \r\n        <a href=\"https:\/\/talkpal.ai\/vi\/hoc-tieng-anh\/\">\r\n            <div class=\"learnNavigationWrapper\">\r\n                <div class=\"learnNavigationContent\">\r\n                    <img decoding=\"async\" src=\"https:\/\/talkpal.ai\/wp-content\/uploads\/2024\/08\/English.jpg\" alt=\"English Flag\">\r\n                    <div>\r\n                        <h4>Gi\u1edbi thi\u1ec7u v\u1ec1 H\u1ecdc ti\u1ebfng Anh<\/h4>\r\n                        <p>T\u00ecm hi\u1ec3u t\u1ea5t c\u1ea3 v\u1ec1 ng\u1eef ph\u00e1p ti\u1ebfng Anh.<\/p>\r\n                    <\/div>\r\n                <\/div>\r\n            <\/div>\r\n        <\/a>\r\n\r\n        \r\n        <a href=\"https:\/\/talkpal.ai\/vi\/ngu-phap-tieng-anh\/\">\r\n            <div class=\"learnNavigationWrapper\">\r\n                <div class=\"learnNavigationContent\">\r\n                    <img decoding=\"async\" src=\"https:\/\/talkpal.ai\/wp-content\/uploads\/2024\/08\/English.jpg\" alt=\"English Flag\">\r\n                    <div>\r\n                        <h4>B\u00e0i h\u1ecdc ng\u1eef ph\u00e1p ti\u1ebfng Anh<\/h4>\r\n                        <p>Th\u1ef1c h\u00e0nh ng\u1eef ph\u00e1p ti\u1ebfng Anh.<\/p>\r\n                    <\/div>\r\n                <\/div>\r\n            <\/div>\r\n        <\/a>\r\n\r\n        \r\n        <a href=\"https:\/\/talkpal.ai\/vocabulary_language\/english\/\">\r\n            <div class=\"learnNavigationWrapper\">\r\n                <div class=\"learnNavigationContent\">\r\n                    <img decoding=\"async\" src=\"https:\/\/talkpal.ai\/wp-content\/uploads\/2024\/08\/English.jpg\" alt=\"English Flag\">\r\n                    <div>\r\n                        <h4>T\u1eeb v\u1ef1ng ti\u1ebfng Anh<\/h4>\r\n                        <p>M\u1edf r\u1ed9ng v\u1ed1n t\u1eeb v\u1ef1ng ti\u1ebfng Anh c\u1ee7a b\u1ea1n.<\/p>\r\n                    <\/div>\r\n                <\/div>\r\n            <\/div>\r\n        <\/a>\r\n\r\n            <\/section>","protected":false},"excerpt":{"rendered":"<p>Ch\u1ee7 \u0111\u1ec1 ng\u1eef ph\u00e1p ti\u1ebfng Anh Ng\u1eef ph\u00e1p ti\u1ebfng Anh l\u00e0 m\u1ed9t t\u1eadp h\u1ee3p c\u00e1c quy t\u1eafc v\u00e0 h\u01b0\u1edbng d\u1eabn x\u00e1c \u0111\u1ecbnh c\u1ea5u tr\u00fac c\u1ee7a ng\u00f4n ng\u1eef ti\u1ebfng Anh. N\u00f3 cho ph\u00e9p ch\u00fang ta giao ti\u1ebfp v\u1edbi nhau m\u1ed9t c\u00e1ch r\u00f5 r\u00e0ng v\u00e0 hi\u1ec7u qu\u1ea3. Khi h\u1ecdc ti\u1ebfng Anh, hi\u1ec3u ng\u1eef ph\u00e1p l\u00e0 \u0111i\u1ec1u c\u1ea7n [&hellip;]<\/p>\n","protected":false},"author":1,"featured_media":1440123,"parent":0,"menu_order":0,"comment_status":"closed","ping_status":"closed","template":"LearningContentPage.php","meta":{"_acf_changed":false,"footnotes":""},"class_list":["post-1447388","page","type-page","status-publish","has-post-thumbnail","hentry"],"acf":[],"yoast_head":"<!-- This site is optimized with the Yoast SEO Premium plugin v27.2 (Yoast SEO v27.2) - https:\/\/yoast.com\/product\/yoast-seo-premium-wordpress\/ -->\n<title>B\u00e0i t\u1eadp ng\u1eef ph\u00e1p ti\u1ebfng Anh - Talkpal<\/title>\n<meta name=\"description\" content=\"N\u00e2ng cao k\u1ef9 n\u0103ng ti\u1ebfng Anh c\u1ee7a b\u1ea1n v\u1edbi c\u00e1c b\u00e0i t\u1eadp ng\u1eef ph\u00e1p hi\u1ec7u qu\u1ea3 c\u1ee7a Talkpal. C\u1ea3i thi\u1ec7n tr\u00ecnh \u0111\u1ed9 ng\u00f4n ng\u1eef c\u1ee7a b\u1ea1n ngay b\u00e2y gi\u1edd!\" \/>\n<meta name=\"robots\" content=\"index, follow, max-snippet:-1, max-image-preview:large, max-video-preview:-1\" \/>\n<link rel=\"canonical\" href=\"https:\/\/talkpal.ai\/vi\/bai-tap-ngu-phap-tieng-anh\/\" \/>\n<meta property=\"og:locale\" content=\"vi_VN\" \/>\n<meta property=\"og:type\" content=\"article\" \/>\n<meta property=\"og:title\" content=\"B\u00e0i t\u1eadp ng\u1eef ph\u00e1p ti\u1ebfng Anh\" \/>\n<meta property=\"og:description\" content=\"Ch\u1ee7 \u0111\u1ec1 ng\u1eef ph\u00e1p ti\u1ebfng Anh Ng\u1eef ph\u00e1p ti\u1ebfng Anh l\u00e0 m\u1ed9t t\u1eadp h\u1ee3p c\u00e1c quy t\u1eafc v\u00e0 h\u01b0\u1edbng d\u1eabn x\u00e1c \u0111\u1ecbnh c\u1ea5u tr\u00fac c\u1ee7a ng\u00f4n ng\u1eef ti\u1ebfng Anh. N\u00f3 cho ph\u00e9p ch\u00fang ta giao\" \/>\n<meta property=\"og:url\" content=\"https:\/\/talkpal.ai\/vi\/bai-tap-ngu-phap-tieng-anh\/\" \/>\n<meta property=\"og:site_name\" content=\"Talkpal\" \/>\n<meta property=\"article:publisher\" content=\"https:\/\/www.facebook.com\/profile.php?id=100090733639311\" \/>\n<meta property=\"article:modified_time\" content=\"2025-12-17T16:33:48+00:00\" \/>\n<meta property=\"og:image\" content=\"https:\/\/talkpal.ai\/wp-content\/uploads\/2023\/03\/united-kingdom.png\" \/>\n\t<meta property=\"og:image:width\" content=\"512\" \/>\n\t<meta property=\"og:image:height\" content=\"512\" \/>\n\t<meta property=\"og:image:type\" content=\"image\/png\" \/>\n<meta name=\"twitter:card\" content=\"summary_large_image\" \/>\n<meta name=\"twitter:site\" content=\"@talkpalai\" \/>\n<meta name=\"twitter:label1\" content=\"Est. reading time\" \/>\n\t<meta name=\"twitter:data1\" content=\"5 minutes\" \/>\n<script type=\"application\/ld+json\" class=\"yoast-schema-graph\">{\"@context\":\"https:\/\/schema.org\",\"@graph\":[{\"@type\":\"WebPage\",\"@id\":\"https:\/\/talkpal.ai\/vi\/bai-tap-ngu-phap-tieng-anh\/\",\"url\":\"https:\/\/talkpal.ai\/vi\/bai-tap-ngu-phap-tieng-anh\/\",\"name\":\"B\u00e0i t\u1eadp ng\u1eef ph\u00e1p ti\u1ebfng Anh - Talkpal\",\"isPartOf\":{\"@id\":\"https:\/\/talkpal.ai\/vi\/#website\"},\"primaryImageOfPage\":{\"@id\":\"https:\/\/talkpal.ai\/vi\/bai-tap-ngu-phap-tieng-anh\/#primaryimage\"},\"image\":{\"@id\":\"https:\/\/talkpal.ai\/vi\/bai-tap-ngu-phap-tieng-anh\/#primaryimage\"},\"thumbnailUrl\":\"https:\/\/talkpal.ai\/wp-content\/uploads\/2023\/03\/united-kingdom.png\",\"datePublished\":\"2023-06-14T13:25:23+00:00\",\"dateModified\":\"2025-12-17T16:33:48+00:00\",\"description\":\"N\u00e2ng cao k\u1ef9 n\u0103ng ti\u1ebfng Anh c\u1ee7a b\u1ea1n v\u1edbi c\u00e1c b\u00e0i t\u1eadp ng\u1eef ph\u00e1p hi\u1ec7u qu\u1ea3 c\u1ee7a Talkpal. C\u1ea3i thi\u1ec7n tr\u00ecnh \u0111\u1ed9 ng\u00f4n ng\u1eef c\u1ee7a b\u1ea1n ngay b\u00e2y gi\u1edd!\",\"breadcrumb\":{\"@id\":\"https:\/\/talkpal.ai\/vi\/bai-tap-ngu-phap-tieng-anh\/#breadcrumb\"},\"inLanguage\":\"vi-VN\",\"potentialAction\":[{\"@type\":\"ReadAction\",\"target\":[\"https:\/\/talkpal.ai\/vi\/bai-tap-ngu-phap-tieng-anh\/\"]}]},{\"@type\":\"ImageObject\",\"inLanguage\":\"vi-VN\",\"@id\":\"https:\/\/talkpal.ai\/vi\/bai-tap-ngu-phap-tieng-anh\/#primaryimage\",\"url\":\"https:\/\/talkpal.ai\/wp-content\/uploads\/2023\/03\/united-kingdom.png\",\"contentUrl\":\"https:\/\/talkpal.ai\/wp-content\/uploads\/2023\/03\/united-kingdom.png\",\"width\":512,\"height\":512,\"caption\":\"TalkPal AI learn English\"},{\"@type\":\"BreadcrumbList\",\"@id\":\"https:\/\/talkpal.ai\/vi\/bai-tap-ngu-phap-tieng-anh\/#breadcrumb\",\"itemListElement\":[{\"@type\":\"ListItem\",\"position\":1,\"name\":\"Homepage\",\"item\":\"https:\/\/talkpal.ai\/vi\/giao-vien-ngon-ngu-ai-3\/\"},{\"@type\":\"ListItem\",\"position\":2,\"name\":\"B\u00e0i t\u1eadp ng\u1eef ph\u00e1p ti\u1ebfng Anh\"}]},{\"@type\":\"WebSite\",\"@id\":\"https:\/\/talkpal.ai\/vi\/#website\",\"url\":\"https:\/\/talkpal.ai\/vi\/\",\"name\":\"Talkpal\",\"description\":\"AI Language Learning\",\"publisher\":{\"@id\":\"https:\/\/talkpal.ai\/vi\/#organization\"},\"alternateName\":\"Talkpal AI\",\"potentialAction\":[{\"@type\":\"SearchAction\",\"target\":{\"@type\":\"EntryPoint\",\"urlTemplate\":\"https:\/\/talkpal.ai\/vi\/?s={search_term_string}\"},\"query-input\":{\"@type\":\"PropertyValueSpecification\",\"valueRequired\":true,\"valueName\":\"search_term_string\"}}],\"inLanguage\":\"vi-VN\"},{\"@type\":\"Organization\",\"@id\":\"https:\/\/talkpal.ai\/vi\/#organization\",\"name\":\"Talkpal, Inc.\",\"alternateName\":\"Talkpal AI\",\"url\":\"https:\/\/talkpal.ai\/vi\/\",\"logo\":{\"@type\":\"ImageObject\",\"inLanguage\":\"vi-VN\",\"@id\":\"https:\/\/talkpal.ai\/vi\/#\/schema\/logo\/image\/\",\"url\":\"https:\/\/talkpal.ai\/wp-content\/uploads\/2024\/03\/Talkpal-Logo-Icon.png\",\"contentUrl\":\"https:\/\/talkpal.ai\/wp-content\/uploads\/2024\/03\/Talkpal-Logo-Icon.png\",\"width\":2880,\"height\":2880,\"caption\":\"Talkpal, Inc.\"},\"image\":{\"@id\":\"https:\/\/talkpal.ai\/vi\/#\/schema\/logo\/image\/\"},\"sameAs\":[\"https:\/\/www.facebook.com\/profile.php?id=100090733639311\",\"https:\/\/x.com\/talkpalai\",\"https:\/\/www.linkedin.com\/company\/talkpal\/\",\"https:\/\/www.youtube.com\/@TalkPal\/\",\"https:\/\/www.tiktok.com\/@talkpal\",\"https:\/\/www.instagram.com\/talkpal_ai\/\",\"https:\/\/www.crunchbase.com\/organization\/talkpal-9cde\",\"https:\/\/www.g2.com\/products\/talkpal-for-business\/\",\"https:\/\/www.trustpilot.com\/review\/talkpal.ai\",\"https:\/\/www.capterra.com\/p\/10006800\/TalkPal\/\"],\"description\":\"Talkpal is a language learning web and mobile education app, powered by the latest AI technologies, that provides engaging experiences to its customers in many different languages to help them improve their language skills. Users can chat about unlimited amount of topics with the app and use other modes to practice their language learning.\",\"email\":\"support@talkpal.ai\",\"legalName\":\"Talkpal, Inc.\",\"foundingDate\":\"2023-04-03\",\"duns\":\"118989042\",\"numberOfEmployees\":{\"@type\":\"QuantitativeValue\",\"minValue\":\"11\",\"maxValue\":\"50\"},\"publishingPrinciples\":\"https:\/\/talkpal.ai\/publishing-principles\/\",\"actionableFeedbackPolicy\":\"https:\/\/talkpal.ai\/actionable-feedback-policy\/\",\"correctionsPolicy\":\"https:\/\/talkpal.ai\/corrections-policy\/\",\"ethicsPolicy\":\"https:\/\/talkpal.ai\/ethics-policy\/\",\"diversityPolicy\":\"https:\/\/talkpal.ai\/diversity-policy\/\",\"diversityStaffingReport\":\"https:\/\/talkpal.ai\/diversity-policy\/\"}]}<\/script>\n<!-- \/ Yoast SEO Premium plugin. -->","yoast_head_json":{"title":"B\u00e0i t\u1eadp ng\u1eef ph\u00e1p ti\u1ebfng Anh - Talkpal","description":"N\u00e2ng cao k\u1ef9 n\u0103ng ti\u1ebfng Anh c\u1ee7a b\u1ea1n v\u1edbi c\u00e1c b\u00e0i t\u1eadp ng\u1eef ph\u00e1p hi\u1ec7u qu\u1ea3 c\u1ee7a Talkpal. C\u1ea3i thi\u1ec7n tr\u00ecnh \u0111\u1ed9 ng\u00f4n ng\u1eef c\u1ee7a b\u1ea1n ngay b\u00e2y gi\u1edd!","robots":{"index":"index","follow":"follow","max-snippet":"max-snippet:-1","max-image-preview":"max-image-preview:large","max-video-preview":"max-video-preview:-1"},"canonical":"https:\/\/talkpal.ai\/vi\/bai-tap-ngu-phap-tieng-anh\/","og_locale":"vi_VN","og_type":"article","og_title":"B\u00e0i t\u1eadp ng\u1eef ph\u00e1p ti\u1ebfng Anh","og_description":"Ch\u1ee7 \u0111\u1ec1 ng\u1eef ph\u00e1p ti\u1ebfng Anh Ng\u1eef ph\u00e1p ti\u1ebfng Anh l\u00e0 m\u1ed9t t\u1eadp h\u1ee3p c\u00e1c quy t\u1eafc v\u00e0 h\u01b0\u1edbng d\u1eabn x\u00e1c \u0111\u1ecbnh c\u1ea5u tr\u00fac c\u1ee7a ng\u00f4n ng\u1eef ti\u1ebfng Anh. N\u00f3 cho ph\u00e9p ch\u00fang ta giao","og_url":"https:\/\/talkpal.ai\/vi\/bai-tap-ngu-phap-tieng-anh\/","og_site_name":"Talkpal","article_publisher":"https:\/\/www.facebook.com\/profile.php?id=100090733639311","article_modified_time":"2025-12-17T16:33:48+00:00","og_image":[{"width":512,"height":512,"url":"https:\/\/talkpal.ai\/wp-content\/uploads\/2023\/03\/united-kingdom.png","type":"image\/png"}],"twitter_card":"summary_large_image","twitter_site":"@talkpalai","twitter_misc":{"Est. reading time":"5 minutes"},"schema":{"@context":"https:\/\/schema.org","@graph":[{"@type":"WebPage","@id":"https:\/\/talkpal.ai\/vi\/bai-tap-ngu-phap-tieng-anh\/","url":"https:\/\/talkpal.ai\/vi\/bai-tap-ngu-phap-tieng-anh\/","name":"B\u00e0i t\u1eadp ng\u1eef ph\u00e1p ti\u1ebfng Anh - Talkpal","isPartOf":{"@id":"https:\/\/talkpal.ai\/vi\/#website"},"primaryImageOfPage":{"@id":"https:\/\/talkpal.ai\/vi\/bai-tap-ngu-phap-tieng-anh\/#primaryimage"},"image":{"@id":"https:\/\/talkpal.ai\/vi\/bai-tap-ngu-phap-tieng-anh\/#primaryimage"},"thumbnailUrl":"https:\/\/talkpal.ai\/wp-content\/uploads\/2023\/03\/united-kingdom.png","datePublished":"2023-06-14T13:25:23+00:00","dateModified":"2025-12-17T16:33:48+00:00","description":"N\u00e2ng cao k\u1ef9 n\u0103ng ti\u1ebfng Anh c\u1ee7a b\u1ea1n v\u1edbi c\u00e1c b\u00e0i t\u1eadp ng\u1eef ph\u00e1p hi\u1ec7u qu\u1ea3 c\u1ee7a Talkpal. C\u1ea3i thi\u1ec7n tr\u00ecnh \u0111\u1ed9 ng\u00f4n ng\u1eef c\u1ee7a b\u1ea1n ngay b\u00e2y gi\u1edd!","breadcrumb":{"@id":"https:\/\/talkpal.ai\/vi\/bai-tap-ngu-phap-tieng-anh\/#breadcrumb"},"inLanguage":"vi-VN","potentialAction":[{"@type":"ReadAction","target":["https:\/\/talkpal.ai\/vi\/bai-tap-ngu-phap-tieng-anh\/"]}]},{"@type":"ImageObject","inLanguage":"vi-VN","@id":"https:\/\/talkpal.ai\/vi\/bai-tap-ngu-phap-tieng-anh\/#primaryimage","url":"https:\/\/talkpal.ai\/wp-content\/uploads\/2023\/03\/united-kingdom.png","contentUrl":"https:\/\/talkpal.ai\/wp-content\/uploads\/2023\/03\/united-kingdom.png","width":512,"height":512,"caption":"TalkPal AI learn English"},{"@type":"BreadcrumbList","@id":"https:\/\/talkpal.ai\/vi\/bai-tap-ngu-phap-tieng-anh\/#breadcrumb","itemListElement":[{"@type":"ListItem","position":1,"name":"Homepage","item":"https:\/\/talkpal.ai\/vi\/giao-vien-ngon-ngu-ai-3\/"},{"@type":"ListItem","position":2,"name":"B\u00e0i t\u1eadp ng\u1eef ph\u00e1p ti\u1ebfng Anh"}]},{"@type":"WebSite","@id":"https:\/\/talkpal.ai\/vi\/#website","url":"https:\/\/talkpal.ai\/vi\/","name":"Talkpal","description":"AI Language Learning","publisher":{"@id":"https:\/\/talkpal.ai\/vi\/#organization"},"alternateName":"Talkpal AI","potentialAction":[{"@type":"SearchAction","target":{"@type":"EntryPoint","urlTemplate":"https:\/\/talkpal.ai\/vi\/?s={search_term_string}"},"query-input":{"@type":"PropertyValueSpecification","valueRequired":true,"valueName":"search_term_string"}}],"inLanguage":"vi-VN"},{"@type":"Organization","@id":"https:\/\/talkpal.ai\/vi\/#organization","name":"Talkpal, Inc.","alternateName":"Talkpal AI","url":"https:\/\/talkpal.ai\/vi\/","logo":{"@type":"ImageObject","inLanguage":"vi-VN","@id":"https:\/\/talkpal.ai\/vi\/#\/schema\/logo\/image\/","url":"https:\/\/talkpal.ai\/wp-content\/uploads\/2024\/03\/Talkpal-Logo-Icon.png","contentUrl":"https:\/\/talkpal.ai\/wp-content\/uploads\/2024\/03\/Talkpal-Logo-Icon.png","width":2880,"height":2880,"caption":"Talkpal, Inc."},"image":{"@id":"https:\/\/talkpal.ai\/vi\/#\/schema\/logo\/image\/"},"sameAs":["https:\/\/www.facebook.com\/profile.php?id=100090733639311","https:\/\/x.com\/talkpalai","https:\/\/www.linkedin.com\/company\/talkpal\/","https:\/\/www.youtube.com\/@TalkPal\/","https:\/\/www.tiktok.com\/@talkpal","https:\/\/www.instagram.com\/talkpal_ai\/","https:\/\/www.crunchbase.com\/organization\/talkpal-9cde","https:\/\/www.g2.com\/products\/talkpal-for-business\/","https:\/\/www.trustpilot.com\/review\/talkpal.ai","https:\/\/www.capterra.com\/p\/10006800\/TalkPal\/"],"description":"Talkpal is a language learning web and mobile education app, powered by the latest AI technologies, that provides engaging experiences to its customers in many different languages to help them improve their language skills. Users can chat about unlimited amount of topics with the app and use other modes to practice their language learning.","email":"support@talkpal.ai","legalName":"Talkpal, Inc.","foundingDate":"2023-04-03","duns":"118989042","numberOfEmployees":{"@type":"QuantitativeValue","minValue":"11","maxValue":"50"},"publishingPrinciples":"https:\/\/talkpal.ai\/publishing-principles\/","actionableFeedbackPolicy":"https:\/\/talkpal.ai\/actionable-feedback-policy\/","correctionsPolicy":"https:\/\/talkpal.ai\/corrections-policy\/","ethicsPolicy":"https:\/\/talkpal.ai\/ethics-policy\/","diversityPolicy":"https:\/\/talkpal.ai\/diversity-policy\/","diversityStaffingReport":"https:\/\/talkpal.ai\/diversity-policy\/"}]}},"_links":{"self":[{"href":"https:\/\/talkpal.ai\/vi\/wp-json\/wp\/v2\/pages\/1447388","targetHints":{"allow":["GET"]}}],"collection":[{"href":"https:\/\/talkpal.ai\/vi\/wp-json\/wp\/v2\/pages"}],"about":[{"href":"https:\/\/talkpal.ai\/vi\/wp-json\/wp\/v2\/types\/page"}],"author":[{"embeddable":true,"href":"https:\/\/talkpal.ai\/vi\/wp-json\/wp\/v2\/users\/1"}],"replies":[{"embeddable":true,"href":"https:\/\/talkpal.ai\/vi\/wp-json\/wp\/v2\/comments?post=1447388"}],"version-history":[{"count":0,"href":"https:\/\/talkpal.ai\/vi\/wp-json\/wp\/v2\/pages\/1447388\/revisions"}],"wp:featuredmedia":[{"embeddable":true,"href":"https:\/\/talkpal.ai\/vi\/wp-json\/wp\/v2\/media\/1440123"}],"wp:attachment":[{"href":"https:\/\/talkpal.ai\/vi\/wp-json\/wp\/v2\/media?parent=1447388"}],"curies":[{"name":"wp","href":"https:\/\/api.w.org\/{rel}","templated":true}]}}