{"id":1447322,"date":"2023-06-16T10:07:13","date_gmt":"2023-06-16T10:07:13","guid":{"rendered":"https:\/\/talkpal.ai\/bai-tap-ngu-phap-phan-lan\/"},"modified":"2025-12-17T15:31:21","modified_gmt":"2025-12-17T15:31:21","slug":"bai-tap-ngu-phap-phan-lan","status":"publish","type":"page","link":"https:\/\/talkpal.ai\/vi\/bai-tap-ngu-phap-phan-lan\/","title":{"rendered":"B\u00e0i t\u1eadp ng\u1eef ph\u00e1p Ph\u1ea7n Lan"},"content":{"rendered":"\r\n\r\n\r\n<section class=\"languageChallengeSection\">\r\n    <div class=\"languageInfoWrapper\">\r\n        \r\n        <h1>B\u00e0i t\u1eadp ng\u1eef ph\u00e1p Ph\u1ea7n Lan<\/h1>\r\n        <p>S\u1eb5n s\u00e0ng gi\u1ea3i quy\u1ebft c\u1ea5u tr\u00fac \u0111\u1ed9c \u0111\u00e1o c\u1ee7a ti\u1ebfng <a href=\"https:\/\/talkpal.ai\/learn-finnish\/\">Ph\u1ea7n Lan<\/a>? Th\u1ef1c h\u00e0nh c\u00e1c b\u00e0i t\u1eadp <a href=\"https:\/\/talkpal.ai\/vi\/ngu-phap\/\">ng\u1eef ph\u00e1p<\/a> l\u00e0 m\u1ed9t c\u00e1ch tuy\u1ec7t v\u1eddi \u0111\u1ec3 l\u00e0m quen v\u1edbi c\u00e1c k\u1ebft th\u00fac t\u1eeb, tr\u01b0\u1eddng h\u1ee3p v\u00e0 m\u1eabu c\u00e2u l\u00e0m cho ti\u1ebfng Ph\u1ea7n Lan tr\u1edf n\u00ean \u0111\u1eb7c bi\u1ec7t. \u0110i s\u00e2u v\u00e0o <a href=\"https:\/\/talkpal.ai\/finnish-grammar\/\">ng\u1eef ph\u00e1p ti\u1ebfng Ph\u1ea7n Lan<\/a> ngay h\u00f4m nay v\u00e0 xem k\u1ef9 n\u0103ng v\u00e0 s\u1ef1 t\u1ef1 tin c\u1ee7a b\u1ea1n ph\u00e1t tri\u1ec3n sau m\u1ed7i b\u00e0i t\u1eadp!<\/p>\r\n\r\n                            <a class=\"getStartedHidden\" href=\"https:\/\/app.talkpal.ai\/vi\/signup?lng=\">B\u1eaft \u0111\u1ea7u nh\u00e9<\/a>\r\n        \r\n    <\/div>\r\n\r\n    <figure>\r\n    <img decoding=\"async\" width=\"768\" height=\"768\" src=\"https:\/\/talkpal.ai\/wp-content\/uploads\/2023\/06\/Finnish-768x768.png\" class=\"languageImage no-lazy\" alt=\"Develop your language aptitude learning\" fetchpriority=\"high\" sizes=\"(max-width: 768px) 150px, 768px\" srcset=\"https:\/\/talkpal.ai\/wp-content\/uploads\/2023\/06\/Finnish-768x768.png 768w, https:\/\/talkpal.ai\/wp-content\/uploads\/2023\/06\/Finnish-300x300.png 300w\" \/>\r\n    \r\n\r\n    <\/figure>\r\n\r\n            <a class=\"getStartedVisible\" href=\"https:\/\/app.talkpal.ai\/vi\/signup?lng=\">B\u1eaft \u0111\u1ea7u nh\u00e9<\/a>\r\n    \r\n<\/section>\r\n\r\n\r\n<!-- <section class=\"grammarSection\">\r\n    <div class=\"grammarLinks\">\r\n            <\/div>\r\n<\/section> -->\r\n\r\n\r\n\r\n\r\n<section class=\"promotionalBanner\">\r\n    <p class=\"promotionalText\">C\u00e1ch hi\u1ec7u qu\u1ea3 nh\u1ea5t \u0111\u1ec3 h\u1ecdc m\u1ed9t <a href=\"https:\/\/talkpal.ai\/vi\/hoc-ngon-ngu-cho-cac-truong-ngon-ngu\/\">ng\u00f4n ng\u1eef<\/a><\/p>\r\n    <a class=\"promotionalLink\" href=\"https:\/\/app.talkpal.ai\/vi\/signup?lng=\">D\u00f9ng th\u1eed Talkpal mi\u1ec5n ph\u00ed<\/a>\r\n<\/section>\n<div class=\"wp-block-group pageContainerStyle\"><div class=\"wp-block-group__inner-container is-layout-constrained wp-block-group-is-layout-constrained\">\n<h2 class=\"wp-block-heading\" id=\"h-finnish-grammar-topics\">Ch\u1ee7 \u0111\u1ec1 ng\u1eef ph\u00e1p Ph\u1ea7n Lan<\/h2>\n\n\n\n<p><a href=\"https:\/\/talkpal.ai\/learn-finnish\/\">H\u1ecdc ti\u1ebfng Ph\u1ea7n Lan<\/a> c\u00f3 th\u1ec3 l\u00e0 m\u1ed9t tr\u1ea3i nghi\u1ec7m b\u1ed5 \u00edch cho <a href=\"https:\/\/talkpal.ai\/talkpal-discount-for-language-enthusiasts\/\">nh\u1eefng ng\u01b0\u1eddi \u0111am m\u00ea ng\u00f4n ng\u1eef<\/a>, v\u00ec \u0111\u00e2y l\u00e0 m\u1ed9t ng\u00f4n ng\u1eef \u0111\u1ed9c \u0111\u00e1o v\u00e0 h\u1ea5p d\u1eabn v\u1edbi l\u1ecbch s\u1eed v\u0103n h\u00f3a phong ph\u00fa. <a href=\"https:\/\/talkpal.ai\/finnish-grammar\/\">Ng\u1eef ph\u00e1p ti\u1ebfng Ph\u1ea7n Lan<\/a> tho\u1ea1t nghe c\u00f3 v\u1ebb kh\u00f3 kh\u0103n, nh\u01b0ng v\u1edbi c\u00e1ch ti\u1ebfp c\u1eadn c\u00f3 h\u1ec7 th\u1ed1ng v\u00e0 t\u1eadp trung v\u00e0o c\u00e1c ch\u1ee7 \u0111\u1ec1 thi\u1ebft y\u1ebfu, b\u1ea1n c\u00f3 th\u1ec3 \u0111\u1ea1t \u0111\u01b0\u1ee3c ti\u1ebfn b\u1ed9 \u1ed5n \u0111\u1ecbnh v\u00e0 cu\u1ed1i c\u00f9ng tr\u1edf n\u00ean th\u00f4ng th\u1ea1o ng\u00f4n ng\u1eef tuy\u1ec7t v\u1eddi n\u00e0y. Trong h\u01b0\u1edbng d\u1eabn n\u00e0y, ch\u00fang ta s\u1ebd th\u1ea3o lu\u1eadn <a href=\"https:\/\/talkpal.ai\/vi\/ve\/\">v\u1ec1<\/a> c\u00e1c ch\u1ee7 \u0111\u1ec1 ng\u1eef ph\u00e1p ti\u1ebfng Ph\u1ea7n Lan theo tr\u00ecnh t\u1ef1 s\u1ebd gi\u00fap b\u1ea1n <a href=\"https:\/\/talkpal.ai\/vi\/ung-dung-mien-phi-de-hoc-ngon-ngu\/\">h\u1ecdc ng\u00f4n ng\u1eef<\/a> m\u1ed9t c\u00e1ch hi\u1ec7u qu\u1ea3, bao g\u1ed3m th\u00ec, \u0111\u1ed9ng t\u1eeb, danh t\u1eeb, m\u1ea1o t\u1eeb, t\u00ednh t\u1eeb, tr\u1ea1ng t\u1eeb, h\u1eadu t\u1eeb v\u00e0 c\u1ea5u tr\u00fac c\u00e2u.<\/p>\n\n\n\n<h3 class=\"wp-block-heading\" id=\"h-1-nouns\">1. Danh t\u1eeb:<\/h3>\n\n\n\n<p>B\u1eaft \u0111\u1ea7u b\u1eb1ng c\u00e1ch h\u1ecdc danh t\u1eeb ti\u1ebfng Ph\u1ea7n Lan, v\u00ec ch\u00fang t\u1ea1o th\u00e0nh n\u1ec1n t\u1ea3ng cho vi\u1ec7c x\u00e2y d\u1ef1ng c\u00e2u. Danh t\u1eeb Ph\u1ea7n Lan c\u00f3 15 tr\u01b0\u1eddng h\u1ee3p, r\u1ea5t c\u1ea7n thi\u1ebft \u0111\u1ec3 hi\u1ec3u c\u1ea5u tr\u00fac c\u1ee7a ng\u00f4n ng\u1eef. L\u00e0m quen v\u1edbi c\u00e1c tr\u01b0\u1eddng h\u1ee3p danh t\u1eeb kh\u00e1c nhau v\u00e0 vai tr\u00f2 c\u1ee7a ch\u00fang trong m\u1ed9t c\u00e2u.<\/p>\n\n\n\n<h3 class=\"wp-block-heading\" id=\"h-2-articles\">2. B\u00e0i vi\u1ebft:<\/h3>\n\n\n\n<p>Ti\u1ebfng Ph\u1ea7n Lan kh\u00f4ng c\u00f3 c\u00e1c b\u00e0i vi\u1ebft nh\u01b0 &#8220;the&#8221; ho\u1eb7c &#8220;a&#8221; trong ti\u1ebfng Anh, gi\u00fap ng\u01b0\u1eddi h\u1ecdc d\u1ec5 d\u00e0ng h\u01a1n. Thay v\u00e0o \u0111\u00f3, \u00fd ngh\u0129a c\u1ee7a danh t\u1eeb \u0111\u01b0\u1ee3c x\u00e1c \u0111\u1ecbnh b\u1edfi ng\u1eef c\u1ea3nh v\u00e0 k\u1ebft th\u00fac tr\u01b0\u1eddng h\u1ee3p.<\/p>\n\n\n\n<h3 class=\"wp-block-heading\" id=\"h-3-adjectives\">3. T\u00ednh t\u1eeb:<\/h3>\n\n\n\n<p>T\u00ednh t\u1eeb m\u00f4 t\u1ea3 danh t\u1eeb v\u00e0 \u0111\u1ed3ng \u00fd v\u1edbi ch\u00fang v\u1ec1 tr\u01b0\u1eddng h\u1ee3p v\u00e0 s\u1ed1. T\u00ecm hi\u1ec3u c\u00e1ch h\u00ecnh th\u00e0nh v\u00e0 s\u1eed d\u1ee5ng t\u00ednh t\u1eeb \u0111\u1ec3 l\u00e0m cho c\u00e2u c\u1ee7a b\u1ea1n c\u00f3 t\u00ednh m\u00f4 t\u1ea3 v\u00e0 bi\u1ec3u c\u1ea3m h\u01a1n.<\/p>\n\n\n\n<h3 class=\"wp-block-heading\" id=\"h-4-verbs\">4. \u0110\u1ed9ng t\u1eeb:<\/h3>\n\n\n\n<p>\u0110\u1ed9ng t\u1eeb Ph\u1ea7n Lan r\u1ea5t quan tr\u1ecdng \u0111\u1ec3 th\u1ec3 hi\u1ec7n h\u00e0nh \u0111\u1ed9ng v\u00e0 tr\u1ea1ng th\u00e1i. L\u00e0m quen v\u1edbi c\u00e1c m\u1eabu chia \u0111\u1ed9ng t\u1eeb c\u01a1 b\u1ea3n v\u00e0 c\u00e1c \u0111\u1ed9ng t\u1eeb b\u1ea5t quy t\u1eafc ph\u1ed5 bi\u1ebfn nh\u1ea5t.<\/p>\n\n\n\n<h3 class=\"wp-block-heading\" id=\"h-5-tenses-indicative\">5. Th\u00ec ch\u1ec9 \u0111\u1ecbnh:<\/h3>\n\n\n\n<p>Hi\u1ec3u t\u00e2m tr\u1ea1ng ch\u1ec9 \u0111\u1ecbnh, \u0111\u01b0\u1ee3c s\u1eed d\u1ee5ng \u0111\u1ec3 th\u1ec3 hi\u1ec7n c\u00e1c tuy\u00ean b\u1ed1, s\u1ef1 ki\u1ec7n v\u00e0 \u00fd ki\u1ebfn. Ti\u1ebfng Ph\u1ea7n Lan c\u00f3 b\u1ed1n th\u00ec ch\u00ednh trong t\u00e2m tr\u1ea1ng bi\u1ec3u th\u1ecb: hi\u1ec7n t\u1ea1i, qu\u00e1 kh\u1ee9 (kh\u00f4ng ho\u00e0n h\u1ea3o), ho\u00e0n h\u1ea3o v\u00e0 pluperfect. T\u00ecm hi\u1ec3u c\u00e1ch h\u00ecnh th\u00e0nh v\u00e0 s\u1eed d\u1ee5ng c\u00e1c th\u00ec n\u00e0y m\u1ed9t c\u00e1ch ch\u00ednh x\u00e1c.<\/p>\n\n\n\n<h3 class=\"wp-block-heading\" id=\"h-6-tenses-potential\">6. Ti\u1ec1m n\u0103ng th\u00ec:<\/h3>\n\n\n\n<p>T\u00e2m tr\u1ea1ng ti\u1ec1m n\u0103ng \u0111\u01b0\u1ee3c s\u1eed d\u1ee5ng \u0111\u1ec3 th\u1ec3 hi\u1ec7n kh\u1ea3 n\u0103ng, x\u00e1c su\u1ea5t ho\u1eb7c nghi ng\u1edd. N\u00f3 c\u00f3 hai th\u00ec: ti\u1ec1m n\u0103ng hi\u1ec7n t\u1ea1i v\u00e0 ti\u1ec1m n\u0103ng qu\u00e1 kh\u1ee9. T\u00ecm hi\u1ec3u c\u00e1ch h\u00ecnh th\u00e0nh v\u00e0 s\u1eed d\u1ee5ng c\u00e1c th\u00ec n\u00e0y \u0111\u1ec3 th\u00eam s\u1eafc th\u00e1i cho c\u00e2u c\u1ee7a b\u1ea1n.<\/p>\n\n\n\n<h3 class=\"wp-block-heading\" id=\"h-7-tenses-imperative\">7. M\u1ec7nh l\u1ec7nh th\u00ec th\u00ec:<\/h3>\n\n\n\n<p>T\u00e2m tr\u1ea1ng m\u1ec7nh l\u1ec7nh \u0111\u01b0\u1ee3c s\u1eed d\u1ee5ng \u0111\u1ec3 ra l\u1ec7nh v\u00e0 \u0111\u01b0a ra y\u00eau c\u1ea7u. H\u1ecdc c\u00e1ch h\u00ecnh th\u00e0nh m\u1ec7nh l\u1ec7nh b\u1eb1ng ti\u1ebfng Ph\u1ea7n Lan v\u00e0 s\u1eed d\u1ee5ng n\u00f3 m\u1ed9t c\u00e1ch th\u00edch h\u1ee3p trong c\u00e1c t\u00ecnh hu\u1ed1ng kh\u00e1c nhau.<\/p>\n\n\n\n<h3 class=\"wp-block-heading\" id=\"h-8-tense-comparison\">8. So s\u00e1nh c\u0103ng th\u1eb3ng:<\/h3>\n\n\n\n<p>Hi\u1ec3u c\u00e1ch so s\u00e1nh c\u00e1c th\u00ec v\u00e0 t\u00e2m tr\u1ea1ng kh\u00e1c nhau b\u1eb1ng ti\u1ebfng Ph\u1ea7n Lan. K\u1ef9 n\u0103ng n\u00e0y s\u1ebd cho ph\u00e9p b\u1ea1n th\u1ec3 hi\u1ec7n nh\u1eefng \u00fd t\u01b0\u1edfng ph\u1ee9c t\u1ea1p v\u00e0 m\u1ed1i quan h\u1ec7 gi\u1eefa c\u00e1c s\u1ef1 ki\u1ec7n.<\/p>\n\n\n\n<h3 class=\"wp-block-heading\" id=\"h-9-adverbs\">9. Tr\u1ea1ng t\u1eeb:<\/h3>\n\n\n\n<p>Tr\u1ea1ng t\u1eeb s\u1eeda \u0111\u1ed5i \u0111\u1ed9ng t\u1eeb, t\u00ednh t\u1eeb ho\u1eb7c tr\u1ea1ng t\u1eeb kh\u00e1c, cung c\u1ea5p th\u00f4ng tin b\u1ed5 sung v\u1ec1 h\u00e0nh \u0111\u1ed9ng ho\u1eb7c ph\u1ea9m ch\u1ea5t. T\u00ecm hi\u1ec3u c\u00e1c lo\u1ea1i tr\u1ea1ng t\u1eeb kh\u00e1c nhau v\u00e0 c\u00e1ch s\u1eed d\u1ee5ng ch\u00fang m\u1ed9t c\u00e1ch hi\u1ec7u qu\u1ea3 trong c\u00e2u c\u1ee7a b\u1ea1n.<\/p>\n\n\n\n<h3 class=\"wp-block-heading\" id=\"h-10-postpositions\">10. V\u1ecb sau:<\/h3>\n\n\n\n<p>Ti\u1ebfng Ph\u1ea7n Lan s\u1eed d\u1ee5ng h\u1eadu t\u1eeb thay v\u00ec gi\u1edbi t\u1eeb \u0111\u1ec3 ch\u1ec9 m\u1ed1i quan h\u1ec7 gi\u1eefa c\u00e1c t\u1eeb. T\u00ecm hi\u1ec3u c\u00e1c h\u1eadu t\u1eeb ph\u1ed5 bi\u1ebfn nh\u1ea5t v\u00e0 c\u00e1ch ch\u00fang ho\u1ea1t \u0111\u1ed9ng trong m\u1ed9t c\u00e2u.<\/p>\n\n\n\n<h3 class=\"wp-block-heading\" id=\"h-11-sentence-structure\">11. C\u1ea5u tr\u00fac c\u00e2u:<\/h3>\n\n\n\n<p>Cu\u1ed1i c\u00f9ng, nghi\u00ean c\u1ee9u c\u1ea5u tr\u00fac c\u00e2u c\u01a1 b\u1ea3n c\u1ee7a ti\u1ebfng Ph\u1ea7n Lan, tu\u00e2n theo m\u00f4 h\u00ecnh ch\u1ee7 ng\u1eef-\u0111\u1ed9ng t\u1eeb-t\u00e2n ng\u1eef (SVO). H\u1ecdc c\u00e1ch t\u1ea1o c\u00e1c c\u00e2u \u0111\u01a1n gi\u1ea3n v\u00e0 ph\u1ee9c t\u1ea1p b\u1eb1ng c\u00e1ch s\u1eed d\u1ee5ng c\u00e1c ch\u1ee7 \u0111\u1ec1 ng\u1eef ph\u00e1p b\u1ea1n \u0111\u00e3 h\u1ecdc v\u00e0 th\u1ef1c h\u00e0nh k\u1ebft h\u1ee3p ch\u00fang \u0111\u1ec3 di\u1ec5n \u0111\u1ea1t suy ngh\u0129 c\u1ee7a b\u1ea1n m\u1ed9t c\u00e1ch ch\u00ednh x\u00e1c v\u00e0 tr\u00f4i ch\u1ea3y.<\/p>\n<\/div><\/div>\n\r\n<section class=\"learnNavigationSection\">\r\n            \r\n        <a href=\"https:\/\/talkpal.ai\/vi\/hoc-tieng-phan-lan\/\">\r\n            <div class=\"learnNavigationWrapper\">\r\n                <div class=\"learnNavigationContent\">\r\n                    <img decoding=\"async\" src=\"https:\/\/talkpal.ai\/wp-content\/uploads\/2024\/08\/Finnish.jpg\" alt=\"Finnish Flag\">\r\n                    <div>\r\n                        <h4>Gi\u1edbi thi\u1ec7u v\u1ec1 H\u1ecdc ti\u1ebfng Ph\u1ea7n Lan<\/h4>\r\n                        <p>T\u00ecm hi\u1ec3u t\u1ea5t c\u1ea3 v\u1ec1 ng\u1eef ph\u00e1p ti\u1ebfng Ph\u1ea7n Lan.<\/p>\r\n                    <\/div>\r\n                <\/div>\r\n            <\/div>\r\n        <\/a>\r\n\r\n        \r\n        <a href=\"https:\/\/talkpal.ai\/vi\/ngu-phap-tieng-phan-lan\/\">\r\n            <div class=\"learnNavigationWrapper\">\r\n                <div class=\"learnNavigationContent\">\r\n                    <img decoding=\"async\" src=\"https:\/\/talkpal.ai\/wp-content\/uploads\/2024\/08\/Finnish.jpg\" alt=\"Finnish Flag\">\r\n                    <div>\r\n                        <h4>B\u00e0i h\u1ecdc ng\u1eef ph\u00e1p ti\u1ebfng Ph\u1ea7n Lan<\/h4>\r\n                        <p>Th\u1ef1c h\u00e0nh ng\u1eef ph\u00e1p Ph\u1ea7n Lan.<\/p>\r\n                    <\/div>\r\n                <\/div>\r\n            <\/div>\r\n        <\/a>\r\n\r\n        \r\n        <a href=\"https:\/\/talkpal.ai\/vocabulary_language\/finnish\/\">\r\n            <div class=\"learnNavigationWrapper\">\r\n                <div class=\"learnNavigationContent\">\r\n                    <img decoding=\"async\" src=\"https:\/\/talkpal.ai\/wp-content\/uploads\/2024\/08\/Finnish.jpg\" alt=\"Finnish Flag\">\r\n                    <div>\r\n                        <h4>T\u1eeb v\u1ef1ng ti\u1ebfng Ph\u1ea7n Lan<\/h4>\r\n                        <p>M\u1edf r\u1ed9ng v\u1ed1n t\u1eeb v\u1ef1ng ti\u1ebfng Ph\u1ea7n Lan c\u1ee7a b\u1ea1n.<\/p>\r\n                    <\/div>\r\n                <\/div>\r\n            <\/div>\r\n        <\/a>\r\n\r\n            <\/section>\n<p><\/p>\n","protected":false},"excerpt":{"rendered":"<p>Ch\u1ee7 \u0111\u1ec1 ng\u1eef ph\u00e1p Ph\u1ea7n Lan H\u1ecdc ti\u1ebfng Ph\u1ea7n Lan c\u00f3 th\u1ec3 l\u00e0 m\u1ed9t tr\u1ea3i nghi\u1ec7m b\u1ed5 \u00edch cho nh\u1eefng ng\u01b0\u1eddi \u0111am m\u00ea ng\u00f4n ng\u1eef, v\u00ec \u0111\u00e2y l\u00e0 m\u1ed9t ng\u00f4n ng\u1eef \u0111\u1ed9c \u0111\u00e1o v\u00e0 h\u1ea5p d\u1eabn v\u1edbi l\u1ecbch s\u1eed v\u0103n h\u00f3a phong ph\u00fa. Ng\u1eef ph\u00e1p ti\u1ebfng Ph\u1ea7n Lan tho\u1ea1t nghe c\u00f3 v\u1ebb kh\u00f3 kh\u0103n, nh\u01b0ng [&hellip;]<\/p>\n","protected":false},"author":6,"featured_media":1441008,"parent":0,"menu_order":0,"comment_status":"closed","ping_status":"closed","template":"LearningContentPage.php","meta":{"_acf_changed":false,"footnotes":""},"class_list":["post-1447322","page","type-page","status-publish","has-post-thumbnail","hentry"],"acf":[],"yoast_head":"<!-- This site is optimized with the Yoast SEO Premium plugin v27.2 (Yoast SEO v27.2) - https:\/\/yoast.com\/product\/yoast-seo-premium-wordpress\/ -->\n<title>B\u00e0i t\u1eadp ng\u1eef ph\u00e1p Ph\u1ea7n Lan - Talkpal<\/title>\n<meta name=\"description\" content=\"Th\u1ef1c h\u00e0nh v\u00e0 c\u1ea3i thi\u1ec7n k\u1ef9 n\u0103ng ng\u1eef ph\u00e1p ti\u1ebfng Ph\u1ea7n Lan c\u1ee7a b\u1ea1n v\u1edbi c\u00e1c b\u00e0i t\u1eadp t\u01b0\u01a1ng t\u00e1c v\u00e0 hi\u1ec7u qu\u1ea3 n\u00e0y. Ph\u00f9 h\u1ee3p v\u1edbi m\u1ecdi c\u1ea5p \u0111\u1ed9 h\u1ecdc t\u1eadp.\" \/>\n<meta name=\"robots\" content=\"index, follow, max-snippet:-1, max-image-preview:large, max-video-preview:-1\" \/>\n<link rel=\"canonical\" href=\"https:\/\/talkpal.ai\/vi\/bai-tap-ngu-phap-phan-lan\/\" \/>\n<meta property=\"og:locale\" content=\"vi_VN\" \/>\n<meta property=\"og:type\" content=\"article\" \/>\n<meta property=\"og:title\" content=\"B\u00e0i t\u1eadp ng\u1eef ph\u00e1p Ph\u1ea7n Lan\" \/>\n<meta property=\"og:description\" content=\"Ch\u1ee7 \u0111\u1ec1 ng\u1eef ph\u00e1p Ph\u1ea7n Lan H\u1ecdc ti\u1ebfng Ph\u1ea7n Lan c\u00f3 th\u1ec3 l\u00e0 m\u1ed9t tr\u1ea3i nghi\u1ec7m b\u1ed5 \u00edch cho nh\u1eefng ng\u01b0\u1eddi \u0111am m\u00ea ng\u00f4n ng\u1eef, v\u00ec \u0111\u00e2y l\u00e0 m\u1ed9t ng\u00f4n ng\u1eef \u0111\u1ed9c \u0111\u00e1o v\u00e0 h\u1ea5p d\u1eabn\" \/>\n<meta property=\"og:url\" content=\"https:\/\/talkpal.ai\/vi\/bai-tap-ngu-phap-phan-lan\/\" \/>\n<meta property=\"og:site_name\" content=\"Talkpal\" \/>\n<meta property=\"article:publisher\" content=\"https:\/\/www.facebook.com\/profile.php?id=100090733639311\" \/>\n<meta property=\"article:modified_time\" content=\"2025-12-17T15:31:21+00:00\" \/>\n<meta property=\"og:image\" content=\"https:\/\/talkpal.ai\/wp-content\/uploads\/2023\/04\/finland.png\" \/>\n\t<meta property=\"og:image:width\" content=\"512\" \/>\n\t<meta property=\"og:image:height\" content=\"512\" \/>\n\t<meta property=\"og:image:type\" content=\"image\/png\" \/>\n<meta name=\"twitter:card\" content=\"summary_large_image\" \/>\n<meta name=\"twitter:site\" content=\"@talkpalai\" \/>\n<meta name=\"twitter:label1\" content=\"Est. reading time\" \/>\n\t<meta name=\"twitter:data1\" content=\"5 minutes\" \/>\n<script type=\"application\/ld+json\" class=\"yoast-schema-graph\">{\"@context\":\"https:\/\/schema.org\",\"@graph\":[{\"@type\":\"WebPage\",\"@id\":\"https:\/\/talkpal.ai\/vi\/bai-tap-ngu-phap-phan-lan\/\",\"url\":\"https:\/\/talkpal.ai\/vi\/bai-tap-ngu-phap-phan-lan\/\",\"name\":\"B\u00e0i t\u1eadp ng\u1eef ph\u00e1p Ph\u1ea7n Lan - Talkpal\",\"isPartOf\":{\"@id\":\"https:\/\/talkpal.ai\/vi\/#website\"},\"primaryImageOfPage\":{\"@id\":\"https:\/\/talkpal.ai\/vi\/bai-tap-ngu-phap-phan-lan\/#primaryimage\"},\"image\":{\"@id\":\"https:\/\/talkpal.ai\/vi\/bai-tap-ngu-phap-phan-lan\/#primaryimage\"},\"thumbnailUrl\":\"https:\/\/talkpal.ai\/wp-content\/uploads\/2023\/04\/finland.png\",\"datePublished\":\"2023-06-16T10:07:13+00:00\",\"dateModified\":\"2025-12-17T15:31:21+00:00\",\"description\":\"Th\u1ef1c h\u00e0nh v\u00e0 c\u1ea3i thi\u1ec7n k\u1ef9 n\u0103ng ng\u1eef ph\u00e1p ti\u1ebfng Ph\u1ea7n Lan c\u1ee7a b\u1ea1n v\u1edbi c\u00e1c b\u00e0i t\u1eadp t\u01b0\u01a1ng t\u00e1c v\u00e0 hi\u1ec7u qu\u1ea3 n\u00e0y. Ph\u00f9 h\u1ee3p v\u1edbi m\u1ecdi c\u1ea5p \u0111\u1ed9 h\u1ecdc t\u1eadp.\",\"breadcrumb\":{\"@id\":\"https:\/\/talkpal.ai\/vi\/bai-tap-ngu-phap-phan-lan\/#breadcrumb\"},\"inLanguage\":\"vi-VN\",\"potentialAction\":[{\"@type\":\"ReadAction\",\"target\":[\"https:\/\/talkpal.ai\/vi\/bai-tap-ngu-phap-phan-lan\/\"]}]},{\"@type\":\"ImageObject\",\"inLanguage\":\"vi-VN\",\"@id\":\"https:\/\/talkpal.ai\/vi\/bai-tap-ngu-phap-phan-lan\/#primaryimage\",\"url\":\"https:\/\/talkpal.ai\/wp-content\/uploads\/2023\/04\/finland.png\",\"contentUrl\":\"https:\/\/talkpal.ai\/wp-content\/uploads\/2023\/04\/finland.png\",\"width\":512,\"height\":512,\"caption\":\"TalkPal Catalan Flag\"},{\"@type\":\"BreadcrumbList\",\"@id\":\"https:\/\/talkpal.ai\/vi\/bai-tap-ngu-phap-phan-lan\/#breadcrumb\",\"itemListElement\":[{\"@type\":\"ListItem\",\"position\":1,\"name\":\"Homepage\",\"item\":\"https:\/\/talkpal.ai\/vi\/giao-vien-ngon-ngu-ai-3\/\"},{\"@type\":\"ListItem\",\"position\":2,\"name\":\"B\u00e0i t\u1eadp ng\u1eef ph\u00e1p Ph\u1ea7n Lan\"}]},{\"@type\":\"WebSite\",\"@id\":\"https:\/\/talkpal.ai\/vi\/#website\",\"url\":\"https:\/\/talkpal.ai\/vi\/\",\"name\":\"Talkpal\",\"description\":\"AI Language Learning\",\"publisher\":{\"@id\":\"https:\/\/talkpal.ai\/vi\/#organization\"},\"alternateName\":\"Talkpal AI\",\"potentialAction\":[{\"@type\":\"SearchAction\",\"target\":{\"@type\":\"EntryPoint\",\"urlTemplate\":\"https:\/\/talkpal.ai\/vi\/?s={search_term_string}\"},\"query-input\":{\"@type\":\"PropertyValueSpecification\",\"valueRequired\":true,\"valueName\":\"search_term_string\"}}],\"inLanguage\":\"vi-VN\"},{\"@type\":\"Organization\",\"@id\":\"https:\/\/talkpal.ai\/vi\/#organization\",\"name\":\"Talkpal, Inc.\",\"alternateName\":\"Talkpal AI\",\"url\":\"https:\/\/talkpal.ai\/vi\/\",\"logo\":{\"@type\":\"ImageObject\",\"inLanguage\":\"vi-VN\",\"@id\":\"https:\/\/talkpal.ai\/vi\/#\/schema\/logo\/image\/\",\"url\":\"https:\/\/talkpal.ai\/wp-content\/uploads\/2024\/03\/Talkpal-Logo-Icon.png\",\"contentUrl\":\"https:\/\/talkpal.ai\/wp-content\/uploads\/2024\/03\/Talkpal-Logo-Icon.png\",\"width\":2880,\"height\":2880,\"caption\":\"Talkpal, Inc.\"},\"image\":{\"@id\":\"https:\/\/talkpal.ai\/vi\/#\/schema\/logo\/image\/\"},\"sameAs\":[\"https:\/\/www.facebook.com\/profile.php?id=100090733639311\",\"https:\/\/x.com\/talkpalai\",\"https:\/\/www.linkedin.com\/company\/talkpal\/\",\"https:\/\/www.youtube.com\/@TalkPal\/\",\"https:\/\/www.tiktok.com\/@talkpal\",\"https:\/\/www.instagram.com\/talkpal_ai\/\",\"https:\/\/www.crunchbase.com\/organization\/talkpal-9cde\",\"https:\/\/www.g2.com\/products\/talkpal-for-business\/\",\"https:\/\/www.trustpilot.com\/review\/talkpal.ai\",\"https:\/\/www.capterra.com\/p\/10006800\/TalkPal\/\"],\"description\":\"Talkpal is a language learning web and mobile education app, powered by the latest AI technologies, that provides engaging experiences to its customers in many different languages to help them improve their language skills. Users can chat about unlimited amount of topics with the app and use other modes to practice their language learning.\",\"email\":\"support@talkpal.ai\",\"legalName\":\"Talkpal, Inc.\",\"foundingDate\":\"2023-04-03\",\"duns\":\"118989042\",\"numberOfEmployees\":{\"@type\":\"QuantitativeValue\",\"minValue\":\"11\",\"maxValue\":\"50\"},\"publishingPrinciples\":\"https:\/\/talkpal.ai\/publishing-principles\/\",\"actionableFeedbackPolicy\":\"https:\/\/talkpal.ai\/actionable-feedback-policy\/\",\"correctionsPolicy\":\"https:\/\/talkpal.ai\/corrections-policy\/\",\"ethicsPolicy\":\"https:\/\/talkpal.ai\/ethics-policy\/\",\"diversityPolicy\":\"https:\/\/talkpal.ai\/diversity-policy\/\",\"diversityStaffingReport\":\"https:\/\/talkpal.ai\/diversity-policy\/\"}]}<\/script>\n<!-- \/ Yoast SEO Premium plugin. -->","yoast_head_json":{"title":"B\u00e0i t\u1eadp ng\u1eef ph\u00e1p Ph\u1ea7n Lan - Talkpal","description":"Th\u1ef1c h\u00e0nh v\u00e0 c\u1ea3i thi\u1ec7n k\u1ef9 n\u0103ng ng\u1eef ph\u00e1p ti\u1ebfng Ph\u1ea7n Lan c\u1ee7a b\u1ea1n v\u1edbi c\u00e1c b\u00e0i t\u1eadp t\u01b0\u01a1ng t\u00e1c v\u00e0 hi\u1ec7u qu\u1ea3 n\u00e0y. Ph\u00f9 h\u1ee3p v\u1edbi m\u1ecdi c\u1ea5p \u0111\u1ed9 h\u1ecdc t\u1eadp.","robots":{"index":"index","follow":"follow","max-snippet":"max-snippet:-1","max-image-preview":"max-image-preview:large","max-video-preview":"max-video-preview:-1"},"canonical":"https:\/\/talkpal.ai\/vi\/bai-tap-ngu-phap-phan-lan\/","og_locale":"vi_VN","og_type":"article","og_title":"B\u00e0i t\u1eadp ng\u1eef ph\u00e1p Ph\u1ea7n Lan","og_description":"Ch\u1ee7 \u0111\u1ec1 ng\u1eef ph\u00e1p Ph\u1ea7n Lan H\u1ecdc ti\u1ebfng Ph\u1ea7n Lan c\u00f3 th\u1ec3 l\u00e0 m\u1ed9t tr\u1ea3i nghi\u1ec7m b\u1ed5 \u00edch cho nh\u1eefng ng\u01b0\u1eddi \u0111am m\u00ea ng\u00f4n ng\u1eef, v\u00ec \u0111\u00e2y l\u00e0 m\u1ed9t ng\u00f4n ng\u1eef \u0111\u1ed9c \u0111\u00e1o v\u00e0 h\u1ea5p d\u1eabn","og_url":"https:\/\/talkpal.ai\/vi\/bai-tap-ngu-phap-phan-lan\/","og_site_name":"Talkpal","article_publisher":"https:\/\/www.facebook.com\/profile.php?id=100090733639311","article_modified_time":"2025-12-17T15:31:21+00:00","og_image":[{"width":512,"height":512,"url":"https:\/\/talkpal.ai\/wp-content\/uploads\/2023\/04\/finland.png","type":"image\/png"}],"twitter_card":"summary_large_image","twitter_site":"@talkpalai","twitter_misc":{"Est. reading time":"5 minutes"},"schema":{"@context":"https:\/\/schema.org","@graph":[{"@type":"WebPage","@id":"https:\/\/talkpal.ai\/vi\/bai-tap-ngu-phap-phan-lan\/","url":"https:\/\/talkpal.ai\/vi\/bai-tap-ngu-phap-phan-lan\/","name":"B\u00e0i t\u1eadp ng\u1eef ph\u00e1p Ph\u1ea7n Lan - Talkpal","isPartOf":{"@id":"https:\/\/talkpal.ai\/vi\/#website"},"primaryImageOfPage":{"@id":"https:\/\/talkpal.ai\/vi\/bai-tap-ngu-phap-phan-lan\/#primaryimage"},"image":{"@id":"https:\/\/talkpal.ai\/vi\/bai-tap-ngu-phap-phan-lan\/#primaryimage"},"thumbnailUrl":"https:\/\/talkpal.ai\/wp-content\/uploads\/2023\/04\/finland.png","datePublished":"2023-06-16T10:07:13+00:00","dateModified":"2025-12-17T15:31:21+00:00","description":"Th\u1ef1c h\u00e0nh v\u00e0 c\u1ea3i thi\u1ec7n k\u1ef9 n\u0103ng ng\u1eef ph\u00e1p ti\u1ebfng Ph\u1ea7n Lan c\u1ee7a b\u1ea1n v\u1edbi c\u00e1c b\u00e0i t\u1eadp t\u01b0\u01a1ng t\u00e1c v\u00e0 hi\u1ec7u qu\u1ea3 n\u00e0y. Ph\u00f9 h\u1ee3p v\u1edbi m\u1ecdi c\u1ea5p \u0111\u1ed9 h\u1ecdc t\u1eadp.","breadcrumb":{"@id":"https:\/\/talkpal.ai\/vi\/bai-tap-ngu-phap-phan-lan\/#breadcrumb"},"inLanguage":"vi-VN","potentialAction":[{"@type":"ReadAction","target":["https:\/\/talkpal.ai\/vi\/bai-tap-ngu-phap-phan-lan\/"]}]},{"@type":"ImageObject","inLanguage":"vi-VN","@id":"https:\/\/talkpal.ai\/vi\/bai-tap-ngu-phap-phan-lan\/#primaryimage","url":"https:\/\/talkpal.ai\/wp-content\/uploads\/2023\/04\/finland.png","contentUrl":"https:\/\/talkpal.ai\/wp-content\/uploads\/2023\/04\/finland.png","width":512,"height":512,"caption":"TalkPal Catalan Flag"},{"@type":"BreadcrumbList","@id":"https:\/\/talkpal.ai\/vi\/bai-tap-ngu-phap-phan-lan\/#breadcrumb","itemListElement":[{"@type":"ListItem","position":1,"name":"Homepage","item":"https:\/\/talkpal.ai\/vi\/giao-vien-ngon-ngu-ai-3\/"},{"@type":"ListItem","position":2,"name":"B\u00e0i t\u1eadp ng\u1eef ph\u00e1p Ph\u1ea7n Lan"}]},{"@type":"WebSite","@id":"https:\/\/talkpal.ai\/vi\/#website","url":"https:\/\/talkpal.ai\/vi\/","name":"Talkpal","description":"AI Language Learning","publisher":{"@id":"https:\/\/talkpal.ai\/vi\/#organization"},"alternateName":"Talkpal AI","potentialAction":[{"@type":"SearchAction","target":{"@type":"EntryPoint","urlTemplate":"https:\/\/talkpal.ai\/vi\/?s={search_term_string}"},"query-input":{"@type":"PropertyValueSpecification","valueRequired":true,"valueName":"search_term_string"}}],"inLanguage":"vi-VN"},{"@type":"Organization","@id":"https:\/\/talkpal.ai\/vi\/#organization","name":"Talkpal, Inc.","alternateName":"Talkpal AI","url":"https:\/\/talkpal.ai\/vi\/","logo":{"@type":"ImageObject","inLanguage":"vi-VN","@id":"https:\/\/talkpal.ai\/vi\/#\/schema\/logo\/image\/","url":"https:\/\/talkpal.ai\/wp-content\/uploads\/2024\/03\/Talkpal-Logo-Icon.png","contentUrl":"https:\/\/talkpal.ai\/wp-content\/uploads\/2024\/03\/Talkpal-Logo-Icon.png","width":2880,"height":2880,"caption":"Talkpal, Inc."},"image":{"@id":"https:\/\/talkpal.ai\/vi\/#\/schema\/logo\/image\/"},"sameAs":["https:\/\/www.facebook.com\/profile.php?id=100090733639311","https:\/\/x.com\/talkpalai","https:\/\/www.linkedin.com\/company\/talkpal\/","https:\/\/www.youtube.com\/@TalkPal\/","https:\/\/www.tiktok.com\/@talkpal","https:\/\/www.instagram.com\/talkpal_ai\/","https:\/\/www.crunchbase.com\/organization\/talkpal-9cde","https:\/\/www.g2.com\/products\/talkpal-for-business\/","https:\/\/www.trustpilot.com\/review\/talkpal.ai","https:\/\/www.capterra.com\/p\/10006800\/TalkPal\/"],"description":"Talkpal is a language learning web and mobile education app, powered by the latest AI technologies, that provides engaging experiences to its customers in many different languages to help them improve their language skills. Users can chat about unlimited amount of topics with the app and use other modes to practice their language learning.","email":"support@talkpal.ai","legalName":"Talkpal, Inc.","foundingDate":"2023-04-03","duns":"118989042","numberOfEmployees":{"@type":"QuantitativeValue","minValue":"11","maxValue":"50"},"publishingPrinciples":"https:\/\/talkpal.ai\/publishing-principles\/","actionableFeedbackPolicy":"https:\/\/talkpal.ai\/actionable-feedback-policy\/","correctionsPolicy":"https:\/\/talkpal.ai\/corrections-policy\/","ethicsPolicy":"https:\/\/talkpal.ai\/ethics-policy\/","diversityPolicy":"https:\/\/talkpal.ai\/diversity-policy\/","diversityStaffingReport":"https:\/\/talkpal.ai\/diversity-policy\/"}]}},"_links":{"self":[{"href":"https:\/\/talkpal.ai\/vi\/wp-json\/wp\/v2\/pages\/1447322","targetHints":{"allow":["GET"]}}],"collection":[{"href":"https:\/\/talkpal.ai\/vi\/wp-json\/wp\/v2\/pages"}],"about":[{"href":"https:\/\/talkpal.ai\/vi\/wp-json\/wp\/v2\/types\/page"}],"author":[{"embeddable":true,"href":"https:\/\/talkpal.ai\/vi\/wp-json\/wp\/v2\/users\/6"}],"replies":[{"embeddable":true,"href":"https:\/\/talkpal.ai\/vi\/wp-json\/wp\/v2\/comments?post=1447322"}],"version-history":[{"count":0,"href":"https:\/\/talkpal.ai\/vi\/wp-json\/wp\/v2\/pages\/1447322\/revisions"}],"wp:featuredmedia":[{"embeddable":true,"href":"https:\/\/talkpal.ai\/vi\/wp-json\/wp\/v2\/media\/1441008"}],"wp:attachment":[{"href":"https:\/\/talkpal.ai\/vi\/wp-json\/wp\/v2\/media?parent=1447322"}],"curies":[{"name":"wp","href":"https:\/\/api.w.org\/{rel}","templated":true}]}}