{"id":1447299,"date":"2023-07-05T10:41:01","date_gmt":"2023-07-05T10:41:01","guid":{"rendered":"https:\/\/talkpal.ai\/bai-tap-ngu-phap-tieng-urdu\/"},"modified":"2025-12-17T15:21:20","modified_gmt":"2025-12-17T15:21:20","slug":"bai-tap-ngu-phap-tieng-urdu","status":"publish","type":"page","link":"https:\/\/talkpal.ai\/vi\/bai-tap-ngu-phap-tieng-urdu\/","title":{"rendered":"B\u00e0i t\u1eadp ng\u1eef ph\u00e1p ti\u1ebfng Urdu"},"content":{"rendered":"\r\n\r\n\r\n<section class=\"languageChallengeSection\">\r\n    <div class=\"languageInfoWrapper\">\r\n        \r\n        <h1>B\u00e0i t\u1eadp ng\u1eef ph\u00e1p ti\u1ebfng Urdu<\/h1>\r\n        <p>B\u1ea1n mu\u1ed1n c\u1ea3m th\u1ea5y t\u1ef1 tin h\u01a1n khi s\u1eed d\u1ee5ng <a href=\"https:\/\/talkpal.ai\/learn-urdu\/\">ti\u1ebfng Urdu<\/a>? Th\u1ef1c h\u00e0nh c\u00e1c b\u00e0i t\u1eadp <a href=\"https:\/\/talkpal.ai\/vi\/ngu-phap\/\">ng\u1eef ph\u00e1p<\/a> l\u00e0 m\u1ed9t c\u00e1ch tuy\u1ec7t v\u1eddi \u0111\u1ec3 n\u1eafm v\u1eefng c\u1ea5u tr\u00fac c\u00e2u, d\u1ea1ng \u0111\u1ed9ng t\u1eeb v\u00e0 c\u00e1c t\u00ednh n\u0103ng \u0111\u1ed9c \u0111\u00e1o c\u1ee7a <a href=\"https:\/\/talkpal.ai\/vi\/hoc-ngon-ngu-cho-cac-truong-ngon-ngu\/\">ng\u00f4n ng\u1eef<\/a> Urdu. B\u1eaft \u0111\u1ea7u l\u00e0m vi\u1ec7c v\u1edbi <a href=\"https:\/\/talkpal.ai\/urdu-grammar\/\">ng\u1eef ph\u00e1p ti\u1ebfng Urdu<\/a> c\u1ee7a b\u1ea1n ngay h\u00f4m nay v\u00e0 xem s\u1ef1 hi\u1ec3u bi\u1ebft v\u00e0 s\u1ef1 tr\u00f4i ch\u1ea3y c\u1ee7a b\u1ea1n \u0111\u01b0\u1ee3c c\u1ea3i thi\u1ec7n v\u1edbi m\u1ed7i b\u00e0i t\u1eadp!<\/p>\r\n\r\n                            <a class=\"getStartedHidden\" href=\"https:\/\/app.talkpal.ai\/vi\/signup?lng=\">B\u1eaft \u0111\u1ea7u nh\u00e9<\/a>\r\n        \r\n    <\/div>\r\n\r\n    <figure>\r\n    <img decoding=\"async\" width=\"768\" height=\"768\" src=\"https:\/\/talkpal.ai\/wp-content\/uploads\/2023\/06\/urdu-768x768.png\" class=\"languageImage no-lazy\" alt=\"Language learning for global understanding\" fetchpriority=\"high\" sizes=\"(max-width: 768px) 150px, 768px\" srcset=\"https:\/\/talkpal.ai\/wp-content\/uploads\/2023\/06\/urdu-768x768.png 768w, https:\/\/talkpal.ai\/wp-content\/uploads\/2023\/06\/urdu-300x300.png 300w\" \/>\r\n    \r\n\r\n    <\/figure>\r\n\r\n            <a class=\"getStartedVisible\" href=\"https:\/\/app.talkpal.ai\/vi\/signup?lng=\">B\u1eaft \u0111\u1ea7u nh\u00e9<\/a>\r\n    \r\n<\/section>\r\n\r\n\r\n<!-- <section class=\"grammarSection\">\r\n    <div class=\"grammarLinks\">\r\n            <\/div>\r\n<\/section> -->\r\n\r\n\r\n\r\n\r\n<section class=\"promotionalBanner\">\r\n    <p class=\"promotionalText\">C\u00e1ch hi\u1ec7u qu\u1ea3 nh\u1ea5t \u0111\u1ec3 h\u1ecdc m\u1ed9t ng\u00f4n ng\u1eef<\/p>\r\n    <a class=\"promotionalLink\" href=\"https:\/\/app.talkpal.ai\/vi\/signup?lng=\">D\u00f9ng th\u1eed Talkpal mi\u1ec5n ph\u00ed<\/a>\r\n<\/section>\n<div class=\"wp-block-group pageContainerStyle\"><div class=\"wp-block-group__inner-container is-layout-constrained wp-block-group-is-layout-constrained\">\n<h2 class=\"wp-block-heading\" id=\"h-urdu-grammar-topics\">Ch\u1ee7 \u0111\u1ec1 ng\u1eef ph\u00e1p ti\u1ebfng Urdu<\/h2>\n\n\n\n<p><a href=\"https:\/\/talkpal.ai\/learn-urdu\/\">H\u1ecdc ti\u1ebfng Urdu<\/a>, m\u1ed9t ng\u00f4n ng\u1eef phong ph\u00fa v\u1edbi nhi\u1ec1u c\u00e1ch di\u1ec5n \u0111\u1ea1t \u0111a d\u1ea1ng, \u00fd ngh\u0129a s\u00e2u s\u1eafc v\u00e0 c\u1ea5u tr\u00fac ng\u1eef ph\u00e1p ph\u1ee9c t\u1ea1p, c\u00f3 th\u1ec3 l\u00e0 m\u1ed9t h\u00e0nh tr\u00ecnh h\u1ea5p d\u1eabn. Tuy nhi\u00ean, vi\u1ec7c n\u1eafm v\u1eefng ng\u1eef ph\u00e1p c\u1ee7a n\u00f3 \u0111\u00f2i h\u1ecfi m\u1ed9t c\u00e1ch ti\u1ebfp c\u1eadn c\u00f3 h\u1ec7 th\u1ed1ng. D\u01b0\u1edbi \u0111\u00e2y l\u00e0 tr\u00ecnh t\u1ef1 \u0111\u01b0\u1ee3c \u0111\u1ec1 xu\u1ea5t v\u00e0 m\u00f4 t\u1ea3 ng\u1eafn g\u1ecdn <a href=\"https:\/\/talkpal.ai\/vi\/ve\/\">v\u1ec1<\/a> c\u00e1c ch\u1ee7 \u0111\u1ec1 ng\u1eef ph\u00e1p ti\u1ebfng Urdu \u0111\u1ec3 h\u1ed7 tr\u1ee3 b\u1ea1n <a href=\"https:\/\/talkpal.ai\/vi\/ung-dung-mien-phi-de-hoc-ngon-ngu\/\">h\u1ecdc ng\u00f4n ng\u1eef<\/a> m\u1ed9t c\u00e1ch d\u1ec5 d\u00e0ng v\u00e0 hi\u1ec7u qu\u1ea3.<\/p>\n\n\n\n<h3 class=\"wp-block-heading\" id=\"h-1-nouns\">1. Danh t\u1eeb:<\/h3>\n\n\n\n<p>B\u1eaft \u0111\u1ea7u v\u1edbi vi\u1ec7c x\u00e1c \u0111\u1ecbnh danh t\u1eeb ho\u1eb7c &#8220;ch\u1ee7 ngh\u0129a&#8221; trong ti\u1ebfng Urdu, hi\u1ec3u c\u00e1ch ch\u00fang t\u1ea1o th\u00e0nh n\u1ec1n t\u1ea3ng c\u1ee7a c\u00e2u. H\u1ecdc c\u00e1ch x\u00e1c \u0111\u1ecbnh c\u00e1c danh t\u1eeb chung, th\u00edch h\u1ee3p, c\u00f3 th\u1ec3 \u0111\u1ebfm \u0111\u01b0\u1ee3c v\u00e0 kh\u00f4ng th\u1ec3 \u0111\u1ebfm \u0111\u01b0\u1ee3c.<\/p>\n\n\n\n<h3 class=\"wp-block-heading\" id=\"h-2-pronouns-determiners\">2. \u0110\u1ea1i t\u1eeb\/X\u00e1c \u0111\u1ecbnh:<\/h3>\n\n\n\n<p>Di chuy\u1ec3n b\u00ean c\u1ea1nh \u0111\u1ea1i t\u1eeb ho\u1eb7c &#8220;zaameer&#8221; v\u00e0 c\u00e1c t\u1eeb \u0111\u1ecbnh ngh\u0129a ho\u1eb7c &#8220;muarref&#8221;. Ch\u00fang thay th\u1ebf danh t\u1eeb trong c\u00e2u v\u00e0 ch\u1ec9 s\u1ef1 s\u1edf h\u1eefu, s\u1ed1 l\u01b0\u1ee3ng ho\u1eb7c danh t\u00ednh t\u01b0\u01a1ng \u1ee9ng.<\/p>\n\n\n\n<h3 class=\"wp-block-heading\" id=\"h-3-articles\">3. B\u00e0i vi\u1ebft:<\/h3>\n\n\n\n<p>Trong ti\u1ebfng Urdu, kh\u00e1i ni\u1ec7m b\u00e0i vi\u1ebft kh\u00f4ng n\u1ed5i b\u1eadt nh\u01b0 trong <a href=\"https:\/\/talkpal.ai\/top-trang-web-luyen-noi-tieng-anh-hieu-qua-nhat-2024\/\">ti\u1ebfng Anh<\/a>. Tuy nhi\u00ean, hi\u1ec3u \u0111\u01b0\u1ee3c s\u1ef1 t\u1ed3n t\u1ea1i tinh t\u1ebf c\u1ee7a ch\u00fang d\u01b0\u1edbi d\u1ea1ng c\u00e1c v\u1ecb tr\u00ed nh\u1ea5t \u0111\u1ecbnh l\u00e0 r\u1ea5t quan tr\u1ecdng.<\/p>\n\n\n\n<h3 class=\"wp-block-heading\" id=\"h-4-adjectives\">4. T\u00ednh t\u1eeb:<\/h3>\n\n\n\n<p>T\u00ednh t\u1eeb ho\u1eb7c &#8220;s\u00e0ng l\u1ecdc&#8221; m\u00f4 t\u1ea3 ho\u1eb7c s\u1eeda \u0111\u1ed5i danh t\u1eeb. T\u00ecm hi\u1ec3u v\u1ecb tr\u00ed c\u1ee7a h\u1ecd trong c\u00e2u v\u00e0 s\u1ef1 \u0111\u1ed3ng \u00fd c\u1ee7a h\u1ecd v\u1edbi danh t\u1eeb m\u00e0 h\u1ecd s\u1eeda \u0111\u1ed5i.<\/p>\n\n\n\n<h3 class=\"wp-block-heading\" id=\"h-5-verbs\">5. \u0110\u1ed9ng t\u1eeb:<\/h3>\n\n\n\n<p>\u0110\u1ed9ng t\u1eeb ho\u1eb7c &#8220;th\u1ea5t b\u1ea1i&#8221; l\u00e0 n\u1ec1n t\u1ea3ng c\u1ee7a c\u1ea5u tr\u00fac c\u00e2u. T\u00ecm hi\u1ec3u c\u00e1c lo\u1ea1i \u0111\u1ed9ng t\u1eeb kh\u00e1c nhau v\u00e0 quy t\u1eafc chia \u0111\u1ed9ng t\u1eeb c\u1ee7a ch\u00fang.<\/p>\n\n\n\n<h3 class=\"wp-block-heading\" id=\"h-6-adverbs\">6. Tr\u1ea1ng t\u1eeb:<\/h3>\n\n\n\n<p>Tr\u1ea1ng t\u1eeb ho\u1eb7c &#8220;h\u0101l&#8221; s\u1eeda \u0111\u1ed5i \u0111\u1ed9ng t\u1eeb, t\u00ednh t\u1eeb ho\u1eb7c tr\u1ea1ng t\u1eeb kh\u00e1c. Hi\u1ec3u v\u1ecb tr\u00ed c\u1ee7a h\u1ecd v\u00e0 c\u00e1c lo\u1ea1i kh\u00e1c nhau.<\/p>\n\n\n\n<h3 class=\"wp-block-heading\" id=\"h-7-prepositions\">7. Gi\u1edbi t\u1eeb:<\/h3>\n\n\n\n<p>Gi\u1edbi t\u1eeb ho\u1eb7c &#8220;harf-e-jarr&#8221; k\u1ebft n\u1ed1i danh t\u1eeb ho\u1eb7c \u0111\u1ea1i t\u1eeb v\u1edbi c\u00e1c t\u1eeb kh\u00e1c trong c\u00e2u. Ch\u00fang th\u1ec3 hi\u1ec7n c\u00e1c m\u1ed1i quan h\u1ec7 kh\u00e1c nhau nh\u01b0 h\u01b0\u1edbng, \u0111\u1ecba \u0111i\u1ec3m, th\u1eddi gian, nguy\u00ean nh\u00e2n, c\u00e1ch th\u1ee9c v\u00e0 s\u1ed1 l\u01b0\u1ee3ng.<\/p>\n\n\n\n<h3 class=\"wp-block-heading\" id=\"h-8-tenses\">8. Th\u00ec:<\/h3>\n\n\n\n<p>Th\u00ec ho\u1eb7c &#8220;zam\u0101n&#8221; ch\u1ec9 ra khi n\u00e0o m\u1ed9t h\u00e0nh \u0111\u1ed9ng x\u1ea3y ra. C\u00f3 ba th\u00ec c\u01a1 b\u1ea3n trong ti\u1ebfng Urdu: Qu\u00e1 kh\u1ee9, Hi\u1ec7n t\u1ea1i v\u00e0 T\u01b0\u01a1ng lai, m\u1ed7i th\u00ec c\u00f3 c\u00e1c lo\u1ea1i ph\u1ee5 ri\u00eang.<\/p>\n\n\n\n<h3 class=\"wp-block-heading\" id=\"h-9-tense-comparison\">9. So s\u00e1nh c\u0103ng th\u1eb3ng:<\/h3>\n\n\n\n<p>H\u1ecdc c\u00e1ch so s\u00e1nh c\u00e1c th\u00ec \u0111\u1ec3 hi\u1ec3u s\u1ef1 kh\u00e1c bi\u1ec7t tinh t\u1ebf v\u1ec1 \u00fd ngh\u0129a gi\u1eefa c\u00e1c c\u1ea5u tr\u00fac c\u00e2u t\u01b0\u01a1ng t\u1ef1 \u1edf c\u00e1c th\u00ec kh\u00e1c nhau.<\/p>\n\n\n\n<h3 class=\"wp-block-heading\" id=\"h-10-progressive\">10. Ti\u1ebfn b\u1ed9:<\/h3>\n\n\n\n<p>Th\u00ec l\u0169y ti\u1ebfn bi\u1ec3u th\u1ecb c\u00e1c h\u00e0nh \u0111\u1ed9ng \u0111ang di\u1ec5n ra. Kh\u00e1i ni\u1ec7m n\u00e0y \u0111\u01b0\u1ee3c th\u1ec3 hi\u1ec7n b\u1eb1ng ti\u1ebfng Urdu th\u00f4ng qua vi\u1ec7c s\u1eed d\u1ee5ng tr\u1ee3 \u0111\u1ed9ng t\u1eeb.<\/p>\n\n\n\n<h3 class=\"wp-block-heading\" id=\"h-11-perfect-progressive\">11. Ti\u1ebfn b\u1ed9 ho\u00e0n h\u1ea3o:<\/h3>\n\n\n\n<p>Th\u00ec Perfect Progressive th\u1ec3 hi\u1ec7n m\u1ed9t h\u00e0nh \u0111\u1ed9ng \u0111\u00e3 b\u1eaft \u0111\u1ea7u trong qu\u00e1 kh\u1ee9, ti\u1ebfp t\u1ee5c trong m\u1ed9t th\u1eddi gian v\u00e0 c\u00f3 th\u1ec3 v\u1eabn \u0111ang x\u1ea3y ra. Trong ti\u1ebfng Urdu, \u0111i\u1ec1u n\u00e0y \u0111\u01b0\u1ee3c th\u1ec3 hi\u1ec7n th\u00f4ng qua s\u1ef1 k\u1ebft h\u1ee3p c\u1ee7a c\u00e1c tr\u1ee3 \u0111\u1ed9ng t\u1eeb.<\/p>\n\n\n\n<h3 class=\"wp-block-heading\" id=\"h-12-conditionals\">12. \u0110i\u1ec1u ki\u1ec7n:<\/h3>\n\n\n\n<p>\u0110i\u1ec1u ki\u1ec7n ho\u1eb7c &#8220;shartia&#8221; th\u1ec3 hi\u1ec7n c\u00e1c t\u00ecnh hu\u1ed1ng gi\u1ea3 \u0111\u1ecbnh v\u00e0 k\u1ebft qu\u1ea3 c\u00f3 th\u1ec3 x\u1ea3y ra c\u1ee7a ch\u00fang. Nh\u1eefng c\u00e2u ph\u1ee9c t\u1ea1p n\u00e0y \u0111\u00f2i h\u1ecfi ph\u1ea3i n\u1eafm b\u1eaft t\u1ed1t \u0111\u1ed9ng t\u1eeb v\u00e0 th\u00ec.<\/p>\n\n\n\n<h3 class=\"wp-block-heading\" id=\"h-13-sentences\">13. C\u00e2u:<\/h3>\n\n\n\n<p>Cu\u1ed1i c\u00f9ng, \u00e1p d\u1ee5ng t\u1ea5t c\u1ea3 c\u00e1c kh\u00e1i ni\u1ec7m n\u00e0y \u0111\u1ec3 t\u1ea1o th\u00e0nh c\u00e2u ho\u1eb7c &#8220;jumley&#8221;. Hi\u1ec3u c\u00e1c lo\u1ea1i c\u00e2u kh\u00e1c nhau v\u00e0 c\u1ea5u tr\u00fac c\u1ee7a ch\u00fang trong ti\u1ebfng Urdu.<\/p>\n<\/div><\/div>\n\r\n<section class=\"learnNavigationSection\">\r\n            \r\n        <a href=\"https:\/\/talkpal.ai\/vi\/hoc-tieng-urdu\/\">\r\n            <div class=\"learnNavigationWrapper\">\r\n                <div class=\"learnNavigationContent\">\r\n                    <img decoding=\"async\" src=\"https:\/\/talkpal.ai\/wp-content\/uploads\/2024\/08\/Urdu.jpg\" alt=\"Pakistani Flag\">\r\n                    <div>\r\n                        <h4>Gi\u1edbi thi\u1ec7u v\u1ec1 H\u1ecdc ti\u1ebfng Urdu<\/h4>\r\n                        <p>T\u00ecm hi\u1ec3u t\u1ea5t c\u1ea3 v\u1ec1 ng\u1eef ph\u00e1p ti\u1ebfng Urdu.<\/p>\r\n                    <\/div>\r\n                <\/div>\r\n            <\/div>\r\n        <\/a>\r\n\r\n        \r\n        <a href=\"https:\/\/talkpal.ai\/vi\/ngu-phap-tieng-urdu\/\">\r\n            <div class=\"learnNavigationWrapper\">\r\n                <div class=\"learnNavigationContent\">\r\n                    <img decoding=\"async\" src=\"https:\/\/talkpal.ai\/wp-content\/uploads\/2024\/08\/Urdu.jpg\" alt=\"Pakistani Flag\">\r\n                    <div>\r\n                        <h4>B\u00e0i h\u1ecdc ng\u1eef ph\u00e1p ti\u1ebfng Urdu<\/h4>\r\n                        <p>Th\u1ef1c h\u00e0nh ng\u1eef ph\u00e1p ti\u1ebfng Urdu.<\/p>\r\n                    <\/div>\r\n                <\/div>\r\n            <\/div>\r\n        <\/a>\r\n\r\n        \r\n        <a href=\"https:\/\/talkpal.ai\/vocabulary_language\/urdu\/\">\r\n            <div class=\"learnNavigationWrapper\">\r\n                <div class=\"learnNavigationContent\">\r\n                    <img decoding=\"async\" src=\"https:\/\/talkpal.ai\/wp-content\/uploads\/2024\/08\/Urdu.jpg\" alt=\"Pakistani Flag\">\r\n                    <div>\r\n                        <h4>T\u1eeb v\u1ef1ng ti\u1ebfng Urdu<\/h4>\r\n                        <p>M\u1edf r\u1ed9ng v\u1ed1n t\u1eeb v\u1ef1ng ti\u1ebfng Urdu c\u1ee7a b\u1ea1n.<\/p>\r\n                    <\/div>\r\n                <\/div>\r\n            <\/div>\r\n        <\/a>\r\n\r\n            <\/section>","protected":false},"excerpt":{"rendered":"<p>Ch\u1ee7 \u0111\u1ec1 ng\u1eef ph\u00e1p ti\u1ebfng Urdu H\u1ecdc ti\u1ebfng Urdu, m\u1ed9t ng\u00f4n ng\u1eef phong ph\u00fa v\u1edbi nhi\u1ec1u c\u00e1ch di\u1ec5n \u0111\u1ea1t \u0111a d\u1ea1ng, \u00fd ngh\u0129a s\u00e2u s\u1eafc v\u00e0 c\u1ea5u tr\u00fac ng\u1eef ph\u00e1p ph\u1ee9c t\u1ea1p, c\u00f3 th\u1ec3 l\u00e0 m\u1ed9t h\u00e0nh tr\u00ecnh h\u1ea5p d\u1eabn. Tuy nhi\u00ean, vi\u1ec7c n\u1eafm v\u1eefng ng\u1eef ph\u00e1p c\u1ee7a n\u00f3 \u0111\u00f2i h\u1ecfi m\u1ed9t c\u00e1ch ti\u1ebfp c\u1eadn [&hellip;]<\/p>\n","protected":false},"author":6,"featured_media":1444934,"parent":0,"menu_order":0,"comment_status":"closed","ping_status":"closed","template":"LearningContentPage.php","meta":{"_acf_changed":false,"footnotes":""},"class_list":["post-1447299","page","type-page","status-publish","has-post-thumbnail","hentry"],"acf":[],"yoast_head":"<!-- This site is optimized with the Yoast SEO Premium plugin v27.2 (Yoast SEO v27.2) - https:\/\/yoast.com\/product\/yoast-seo-premium-wordpress\/ -->\n<title>B\u00e0i t\u1eadp ng\u1eef ph\u00e1p ti\u1ebfng Urdu - Talkpal<\/title>\n<meta name=\"description\" content=\"N\u1eafm v\u1eefng ti\u1ebfng Urdu v\u1edbi c\u00e1c b\u00e0i t\u1eadp ng\u1eef ph\u00e1p ti\u1ebfng Urdu to\u00e0n di\u1ec7n c\u1ee7a ch\u00fang t\u00f4i \u0111\u1ec3 n\u00e2ng cao hi\u1ec3u bi\u1ebft c\u1ee7a b\u1ea1n v\u1ec1 danh t\u1eeb, \u0111\u1ea1i t\u1eeb, v.v.\" \/>\n<meta name=\"robots\" content=\"index, follow, max-snippet:-1, max-image-preview:large, max-video-preview:-1\" \/>\n<link rel=\"canonical\" href=\"https:\/\/talkpal.ai\/vi\/bai-tap-ngu-phap-tieng-urdu\/\" \/>\n<meta property=\"og:locale\" content=\"vi_VN\" \/>\n<meta property=\"og:type\" content=\"article\" \/>\n<meta property=\"og:title\" content=\"B\u00e0i t\u1eadp ng\u1eef ph\u00e1p ti\u1ebfng Urdu\" \/>\n<meta property=\"og:description\" content=\"Ch\u1ee7 \u0111\u1ec1 ng\u1eef ph\u00e1p ti\u1ebfng Urdu H\u1ecdc ti\u1ebfng Urdu, m\u1ed9t ng\u00f4n ng\u1eef phong ph\u00fa v\u1edbi nhi\u1ec1u c\u00e1ch di\u1ec5n \u0111\u1ea1t \u0111a d\u1ea1ng, \u00fd ngh\u0129a s\u00e2u s\u1eafc v\u00e0 c\u1ea5u tr\u00fac ng\u1eef ph\u00e1p ph\u1ee9c t\u1ea1p, c\u00f3 th\u1ec3\" \/>\n<meta property=\"og:url\" content=\"https:\/\/talkpal.ai\/vi\/bai-tap-ngu-phap-tieng-urdu\/\" \/>\n<meta property=\"og:site_name\" content=\"Talkpal\" \/>\n<meta property=\"article:publisher\" content=\"https:\/\/www.facebook.com\/profile.php?id=100090733639311\" \/>\n<meta property=\"article:modified_time\" content=\"2025-12-17T15:21:20+00:00\" \/>\n<meta property=\"og:image\" content=\"https:\/\/talkpal.ai\/wp-content\/uploads\/2023\/05\/Urdu-pakistan.png\" \/>\n\t<meta property=\"og:image:width\" content=\"512\" \/>\n\t<meta property=\"og:image:height\" content=\"512\" \/>\n\t<meta property=\"og:image:type\" content=\"image\/png\" \/>\n<meta name=\"twitter:card\" content=\"summary_large_image\" \/>\n<meta name=\"twitter:site\" content=\"@talkpalai\" \/>\n<meta name=\"twitter:label1\" content=\"Est. reading time\" \/>\n\t<meta name=\"twitter:data1\" content=\"4 minutes\" \/>\n<script type=\"application\/ld+json\" class=\"yoast-schema-graph\">{\"@context\":\"https:\/\/schema.org\",\"@graph\":[{\"@type\":\"WebPage\",\"@id\":\"https:\/\/talkpal.ai\/vi\/bai-tap-ngu-phap-tieng-urdu\/\",\"url\":\"https:\/\/talkpal.ai\/vi\/bai-tap-ngu-phap-tieng-urdu\/\",\"name\":\"B\u00e0i t\u1eadp ng\u1eef ph\u00e1p ti\u1ebfng Urdu - Talkpal\",\"isPartOf\":{\"@id\":\"https:\/\/talkpal.ai\/vi\/#website\"},\"primaryImageOfPage\":{\"@id\":\"https:\/\/talkpal.ai\/vi\/bai-tap-ngu-phap-tieng-urdu\/#primaryimage\"},\"image\":{\"@id\":\"https:\/\/talkpal.ai\/vi\/bai-tap-ngu-phap-tieng-urdu\/#primaryimage\"},\"thumbnailUrl\":\"https:\/\/talkpal.ai\/wp-content\/uploads\/2023\/05\/Urdu-pakistan.png\",\"datePublished\":\"2023-07-05T10:41:01+00:00\",\"dateModified\":\"2025-12-17T15:21:20+00:00\",\"description\":\"N\u1eafm v\u1eefng ti\u1ebfng Urdu v\u1edbi c\u00e1c b\u00e0i t\u1eadp ng\u1eef ph\u00e1p ti\u1ebfng Urdu to\u00e0n di\u1ec7n c\u1ee7a ch\u00fang t\u00f4i \u0111\u1ec3 n\u00e2ng cao hi\u1ec3u bi\u1ebft c\u1ee7a b\u1ea1n v\u1ec1 danh t\u1eeb, \u0111\u1ea1i t\u1eeb, v.v.\",\"breadcrumb\":{\"@id\":\"https:\/\/talkpal.ai\/vi\/bai-tap-ngu-phap-tieng-urdu\/#breadcrumb\"},\"inLanguage\":\"vi-VN\",\"potentialAction\":[{\"@type\":\"ReadAction\",\"target\":[\"https:\/\/talkpal.ai\/vi\/bai-tap-ngu-phap-tieng-urdu\/\"]}]},{\"@type\":\"ImageObject\",\"inLanguage\":\"vi-VN\",\"@id\":\"https:\/\/talkpal.ai\/vi\/bai-tap-ngu-phap-tieng-urdu\/#primaryimage\",\"url\":\"https:\/\/talkpal.ai\/wp-content\/uploads\/2023\/05\/Urdu-pakistan.png\",\"contentUrl\":\"https:\/\/talkpal.ai\/wp-content\/uploads\/2023\/05\/Urdu-pakistan.png\",\"width\":512,\"height\":512,\"caption\":\"TalkPal Urdu -Pakistan Flag\"},{\"@type\":\"BreadcrumbList\",\"@id\":\"https:\/\/talkpal.ai\/vi\/bai-tap-ngu-phap-tieng-urdu\/#breadcrumb\",\"itemListElement\":[{\"@type\":\"ListItem\",\"position\":1,\"name\":\"Homepage\",\"item\":\"https:\/\/talkpal.ai\/vi\/giao-vien-ngon-ngu-ai-3\/\"},{\"@type\":\"ListItem\",\"position\":2,\"name\":\"B\u00e0i t\u1eadp ng\u1eef ph\u00e1p ti\u1ebfng Urdu\"}]},{\"@type\":\"WebSite\",\"@id\":\"https:\/\/talkpal.ai\/vi\/#website\",\"url\":\"https:\/\/talkpal.ai\/vi\/\",\"name\":\"Talkpal\",\"description\":\"AI Language Learning\",\"publisher\":{\"@id\":\"https:\/\/talkpal.ai\/vi\/#organization\"},\"alternateName\":\"Talkpal AI\",\"potentialAction\":[{\"@type\":\"SearchAction\",\"target\":{\"@type\":\"EntryPoint\",\"urlTemplate\":\"https:\/\/talkpal.ai\/vi\/?s={search_term_string}\"},\"query-input\":{\"@type\":\"PropertyValueSpecification\",\"valueRequired\":true,\"valueName\":\"search_term_string\"}}],\"inLanguage\":\"vi-VN\"},{\"@type\":\"Organization\",\"@id\":\"https:\/\/talkpal.ai\/vi\/#organization\",\"name\":\"Talkpal, Inc.\",\"alternateName\":\"Talkpal AI\",\"url\":\"https:\/\/talkpal.ai\/vi\/\",\"logo\":{\"@type\":\"ImageObject\",\"inLanguage\":\"vi-VN\",\"@id\":\"https:\/\/talkpal.ai\/vi\/#\/schema\/logo\/image\/\",\"url\":\"https:\/\/talkpal.ai\/wp-content\/uploads\/2024\/03\/Talkpal-Logo-Icon.png\",\"contentUrl\":\"https:\/\/talkpal.ai\/wp-content\/uploads\/2024\/03\/Talkpal-Logo-Icon.png\",\"width\":2880,\"height\":2880,\"caption\":\"Talkpal, Inc.\"},\"image\":{\"@id\":\"https:\/\/talkpal.ai\/vi\/#\/schema\/logo\/image\/\"},\"sameAs\":[\"https:\/\/www.facebook.com\/profile.php?id=100090733639311\",\"https:\/\/x.com\/talkpalai\",\"https:\/\/www.linkedin.com\/company\/talkpal\/\",\"https:\/\/www.youtube.com\/@TalkPal\/\",\"https:\/\/www.tiktok.com\/@talkpal\",\"https:\/\/www.instagram.com\/talkpal_ai\/\",\"https:\/\/www.crunchbase.com\/organization\/talkpal-9cde\",\"https:\/\/www.g2.com\/products\/talkpal-for-business\/\",\"https:\/\/www.trustpilot.com\/review\/talkpal.ai\",\"https:\/\/www.capterra.com\/p\/10006800\/TalkPal\/\"],\"description\":\"Talkpal is a language learning web and mobile education app, powered by the latest AI technologies, that provides engaging experiences to its customers in many different languages to help them improve their language skills. Users can chat about unlimited amount of topics with the app and use other modes to practice their language learning.\",\"email\":\"support@talkpal.ai\",\"legalName\":\"Talkpal, Inc.\",\"foundingDate\":\"2023-04-03\",\"duns\":\"118989042\",\"numberOfEmployees\":{\"@type\":\"QuantitativeValue\",\"minValue\":\"11\",\"maxValue\":\"50\"},\"publishingPrinciples\":\"https:\/\/talkpal.ai\/publishing-principles\/\",\"actionableFeedbackPolicy\":\"https:\/\/talkpal.ai\/actionable-feedback-policy\/\",\"correctionsPolicy\":\"https:\/\/talkpal.ai\/corrections-policy\/\",\"ethicsPolicy\":\"https:\/\/talkpal.ai\/ethics-policy\/\",\"diversityPolicy\":\"https:\/\/talkpal.ai\/diversity-policy\/\",\"diversityStaffingReport\":\"https:\/\/talkpal.ai\/diversity-policy\/\"}]}<\/script>\n<!-- \/ Yoast SEO Premium plugin. -->","yoast_head_json":{"title":"B\u00e0i t\u1eadp ng\u1eef ph\u00e1p ti\u1ebfng Urdu - Talkpal","description":"N\u1eafm v\u1eefng ti\u1ebfng Urdu v\u1edbi c\u00e1c b\u00e0i t\u1eadp ng\u1eef ph\u00e1p ti\u1ebfng Urdu to\u00e0n di\u1ec7n c\u1ee7a ch\u00fang t\u00f4i \u0111\u1ec3 n\u00e2ng cao hi\u1ec3u bi\u1ebft c\u1ee7a b\u1ea1n v\u1ec1 danh t\u1eeb, \u0111\u1ea1i t\u1eeb, v.v.","robots":{"index":"index","follow":"follow","max-snippet":"max-snippet:-1","max-image-preview":"max-image-preview:large","max-video-preview":"max-video-preview:-1"},"canonical":"https:\/\/talkpal.ai\/vi\/bai-tap-ngu-phap-tieng-urdu\/","og_locale":"vi_VN","og_type":"article","og_title":"B\u00e0i t\u1eadp ng\u1eef ph\u00e1p ti\u1ebfng Urdu","og_description":"Ch\u1ee7 \u0111\u1ec1 ng\u1eef ph\u00e1p ti\u1ebfng Urdu H\u1ecdc ti\u1ebfng Urdu, m\u1ed9t ng\u00f4n ng\u1eef phong ph\u00fa v\u1edbi nhi\u1ec1u c\u00e1ch di\u1ec5n \u0111\u1ea1t \u0111a d\u1ea1ng, \u00fd ngh\u0129a s\u00e2u s\u1eafc v\u00e0 c\u1ea5u tr\u00fac ng\u1eef ph\u00e1p ph\u1ee9c t\u1ea1p, c\u00f3 th\u1ec3","og_url":"https:\/\/talkpal.ai\/vi\/bai-tap-ngu-phap-tieng-urdu\/","og_site_name":"Talkpal","article_publisher":"https:\/\/www.facebook.com\/profile.php?id=100090733639311","article_modified_time":"2025-12-17T15:21:20+00:00","og_image":[{"width":512,"height":512,"url":"https:\/\/talkpal.ai\/wp-content\/uploads\/2023\/05\/Urdu-pakistan.png","type":"image\/png"}],"twitter_card":"summary_large_image","twitter_site":"@talkpalai","twitter_misc":{"Est. reading time":"4 minutes"},"schema":{"@context":"https:\/\/schema.org","@graph":[{"@type":"WebPage","@id":"https:\/\/talkpal.ai\/vi\/bai-tap-ngu-phap-tieng-urdu\/","url":"https:\/\/talkpal.ai\/vi\/bai-tap-ngu-phap-tieng-urdu\/","name":"B\u00e0i t\u1eadp ng\u1eef ph\u00e1p ti\u1ebfng Urdu - Talkpal","isPartOf":{"@id":"https:\/\/talkpal.ai\/vi\/#website"},"primaryImageOfPage":{"@id":"https:\/\/talkpal.ai\/vi\/bai-tap-ngu-phap-tieng-urdu\/#primaryimage"},"image":{"@id":"https:\/\/talkpal.ai\/vi\/bai-tap-ngu-phap-tieng-urdu\/#primaryimage"},"thumbnailUrl":"https:\/\/talkpal.ai\/wp-content\/uploads\/2023\/05\/Urdu-pakistan.png","datePublished":"2023-07-05T10:41:01+00:00","dateModified":"2025-12-17T15:21:20+00:00","description":"N\u1eafm v\u1eefng ti\u1ebfng Urdu v\u1edbi c\u00e1c b\u00e0i t\u1eadp ng\u1eef ph\u00e1p ti\u1ebfng Urdu to\u00e0n di\u1ec7n c\u1ee7a ch\u00fang t\u00f4i \u0111\u1ec3 n\u00e2ng cao hi\u1ec3u bi\u1ebft c\u1ee7a b\u1ea1n v\u1ec1 danh t\u1eeb, \u0111\u1ea1i t\u1eeb, v.v.","breadcrumb":{"@id":"https:\/\/talkpal.ai\/vi\/bai-tap-ngu-phap-tieng-urdu\/#breadcrumb"},"inLanguage":"vi-VN","potentialAction":[{"@type":"ReadAction","target":["https:\/\/talkpal.ai\/vi\/bai-tap-ngu-phap-tieng-urdu\/"]}]},{"@type":"ImageObject","inLanguage":"vi-VN","@id":"https:\/\/talkpal.ai\/vi\/bai-tap-ngu-phap-tieng-urdu\/#primaryimage","url":"https:\/\/talkpal.ai\/wp-content\/uploads\/2023\/05\/Urdu-pakistan.png","contentUrl":"https:\/\/talkpal.ai\/wp-content\/uploads\/2023\/05\/Urdu-pakistan.png","width":512,"height":512,"caption":"TalkPal Urdu -Pakistan Flag"},{"@type":"BreadcrumbList","@id":"https:\/\/talkpal.ai\/vi\/bai-tap-ngu-phap-tieng-urdu\/#breadcrumb","itemListElement":[{"@type":"ListItem","position":1,"name":"Homepage","item":"https:\/\/talkpal.ai\/vi\/giao-vien-ngon-ngu-ai-3\/"},{"@type":"ListItem","position":2,"name":"B\u00e0i t\u1eadp ng\u1eef ph\u00e1p ti\u1ebfng Urdu"}]},{"@type":"WebSite","@id":"https:\/\/talkpal.ai\/vi\/#website","url":"https:\/\/talkpal.ai\/vi\/","name":"Talkpal","description":"AI Language Learning","publisher":{"@id":"https:\/\/talkpal.ai\/vi\/#organization"},"alternateName":"Talkpal AI","potentialAction":[{"@type":"SearchAction","target":{"@type":"EntryPoint","urlTemplate":"https:\/\/talkpal.ai\/vi\/?s={search_term_string}"},"query-input":{"@type":"PropertyValueSpecification","valueRequired":true,"valueName":"search_term_string"}}],"inLanguage":"vi-VN"},{"@type":"Organization","@id":"https:\/\/talkpal.ai\/vi\/#organization","name":"Talkpal, Inc.","alternateName":"Talkpal AI","url":"https:\/\/talkpal.ai\/vi\/","logo":{"@type":"ImageObject","inLanguage":"vi-VN","@id":"https:\/\/talkpal.ai\/vi\/#\/schema\/logo\/image\/","url":"https:\/\/talkpal.ai\/wp-content\/uploads\/2024\/03\/Talkpal-Logo-Icon.png","contentUrl":"https:\/\/talkpal.ai\/wp-content\/uploads\/2024\/03\/Talkpal-Logo-Icon.png","width":2880,"height":2880,"caption":"Talkpal, Inc."},"image":{"@id":"https:\/\/talkpal.ai\/vi\/#\/schema\/logo\/image\/"},"sameAs":["https:\/\/www.facebook.com\/profile.php?id=100090733639311","https:\/\/x.com\/talkpalai","https:\/\/www.linkedin.com\/company\/talkpal\/","https:\/\/www.youtube.com\/@TalkPal\/","https:\/\/www.tiktok.com\/@talkpal","https:\/\/www.instagram.com\/talkpal_ai\/","https:\/\/www.crunchbase.com\/organization\/talkpal-9cde","https:\/\/www.g2.com\/products\/talkpal-for-business\/","https:\/\/www.trustpilot.com\/review\/talkpal.ai","https:\/\/www.capterra.com\/p\/10006800\/TalkPal\/"],"description":"Talkpal is a language learning web and mobile education app, powered by the latest AI technologies, that provides engaging experiences to its customers in many different languages to help them improve their language skills. Users can chat about unlimited amount of topics with the app and use other modes to practice their language learning.","email":"support@talkpal.ai","legalName":"Talkpal, Inc.","foundingDate":"2023-04-03","duns":"118989042","numberOfEmployees":{"@type":"QuantitativeValue","minValue":"11","maxValue":"50"},"publishingPrinciples":"https:\/\/talkpal.ai\/publishing-principles\/","actionableFeedbackPolicy":"https:\/\/talkpal.ai\/actionable-feedback-policy\/","correctionsPolicy":"https:\/\/talkpal.ai\/corrections-policy\/","ethicsPolicy":"https:\/\/talkpal.ai\/ethics-policy\/","diversityPolicy":"https:\/\/talkpal.ai\/diversity-policy\/","diversityStaffingReport":"https:\/\/talkpal.ai\/diversity-policy\/"}]}},"_links":{"self":[{"href":"https:\/\/talkpal.ai\/vi\/wp-json\/wp\/v2\/pages\/1447299","targetHints":{"allow":["GET"]}}],"collection":[{"href":"https:\/\/talkpal.ai\/vi\/wp-json\/wp\/v2\/pages"}],"about":[{"href":"https:\/\/talkpal.ai\/vi\/wp-json\/wp\/v2\/types\/page"}],"author":[{"embeddable":true,"href":"https:\/\/talkpal.ai\/vi\/wp-json\/wp\/v2\/users\/6"}],"replies":[{"embeddable":true,"href":"https:\/\/talkpal.ai\/vi\/wp-json\/wp\/v2\/comments?post=1447299"}],"version-history":[{"count":0,"href":"https:\/\/talkpal.ai\/vi\/wp-json\/wp\/v2\/pages\/1447299\/revisions"}],"wp:featuredmedia":[{"embeddable":true,"href":"https:\/\/talkpal.ai\/vi\/wp-json\/wp\/v2\/media\/1444934"}],"wp:attachment":[{"href":"https:\/\/talkpal.ai\/vi\/wp-json\/wp\/v2\/media?parent=1447299"}],"curies":[{"name":"wp","href":"https:\/\/api.w.org\/{rel}","templated":true}]}}