{"id":1447288,"date":"2023-07-05T10:24:06","date_gmt":"2023-07-05T10:24:06","guid":{"rendered":"https:\/\/talkpal.ai\/bai-tap-ngu-phap-tieng-thai\/"},"modified":"2025-12-17T15:03:17","modified_gmt":"2025-12-17T15:03:17","slug":"bai-tap-ngu-phap-tieng-thai","status":"publish","type":"page","link":"https:\/\/talkpal.ai\/vi\/bai-tap-ngu-phap-tieng-thai\/","title":{"rendered":"B\u00e0i t\u1eadp ng\u1eef ph\u00e1p ti\u1ebfng Th\u00e1i"},"content":{"rendered":"\r\n\r\n\r\n<section class=\"languageChallengeSection\">\r\n    <div class=\"languageInfoWrapper\">\r\n        \r\n        <h1>B\u00e0i t\u1eadp ng\u1eef ph\u00e1p ti\u1ebfng Th\u00e1i<\/h1>\r\n        <p>S\u1eb5n s\u00e0ng l\u00e0m cho vi\u1ec7c <a href=\"https:\/\/talkpal.ai\/learn-thai\/\">h\u1ecdc ti\u1ebfng Th\u00e1i<\/a> tr\u1edf n\u00ean th\u00fa v\u1ecb v\u00e0 thi\u1ebft th\u1ef1c? C\u00e1c b\u00e0i t\u1eadp t\u01b0\u01a1ng t\u00e1c c\u1ee7a ch\u00fang t\u00f4i \u0111\u01b0\u1ee3c thi\u1ebft k\u1ebf \u0111\u1ec3 gi\u00fap b\u1ea1n n\u1eafm v\u1eefng nh\u1eefng ki\u1ebfn th\u1ee9c c\u01a1 b\u1ea3n v\u1ec1 <a href=\"https:\/\/talkpal.ai\/thai-grammar\/\">ng\u1eef ph\u00e1p ti\u1ebfng Th\u00e1i<\/a>, x\u00e2y d\u1ef1ng s\u1ef1 t\u1ef1 tin v\u00e0 b\u1eaft \u0111\u1ea7u h\u00ecnh th\u00e0nh c\u00e1c c\u00e2u th\u1ef1c s\u1ef1. Tham gia, luy\u1ec7n t\u1eadp bao nhi\u00eau t\u00f9y th\u00edch v\u00e0 xem c\u00e1c k\u1ef9 n\u0103ng <a href=\"https:\/\/talkpal.ai\/vi\/hoc-tieng-thai\/\">ti\u1ebfng Th\u00e1i<\/a> c\u1ee7a b\u1ea1n ph\u00e1t tri\u1ec3n &#8211; h\u00e3y b\u1eaft \u0111\u1ea7u h\u1ecdc!<\/p>\r\n\r\n                            <a class=\"getStartedHidden\" href=\"https:\/\/app.talkpal.ai\/vi\/signup?lng=\">B\u1eaft \u0111\u1ea7u nh\u00e9<\/a>\r\n        \r\n    <\/div>\r\n\r\n    <figure>\r\n    <img decoding=\"async\" width=\"768\" height=\"768\" src=\"https:\/\/talkpal.ai\/wp-content\/uploads\/2023\/06\/thai-768x768.png\" class=\"languageImage no-lazy\" alt=\"Language learning for improved thought process\" fetchpriority=\"high\" sizes=\"(max-width: 768px) 150px, 768px\" srcset=\"https:\/\/talkpal.ai\/wp-content\/uploads\/2023\/06\/thai-768x768.png 768w, https:\/\/talkpal.ai\/wp-content\/uploads\/2023\/06\/thai-300x300.png 300w\" \/>\r\n    \r\n\r\n    <\/figure>\r\n\r\n            <a class=\"getStartedVisible\" href=\"https:\/\/app.talkpal.ai\/vi\/signup?lng=\">B\u1eaft \u0111\u1ea7u nh\u00e9<\/a>\r\n    \r\n<\/section>\r\n\r\n\r\n<!-- <section class=\"grammarSection\">\r\n    <div class=\"grammarLinks\">\r\n            <\/div>\r\n<\/section> -->\r\n\r\n\r\n\r\n\r\n<section class=\"promotionalBanner\">\r\n    <p class=\"promotionalText\">C\u00e1ch hi\u1ec7u qu\u1ea3 nh\u1ea5t \u0111\u1ec3 h\u1ecdc m\u1ed9t <a href=\"https:\/\/talkpal.ai\/vi\/hoc-ngon-ngu-cho-cac-truong-ngon-ngu\/\">ng\u00f4n ng\u1eef<\/a><\/p>\r\n    <a class=\"promotionalLink\" href=\"https:\/\/app.talkpal.ai\/vi\/signup?lng=\">D\u00f9ng th\u1eed Talkpal mi\u1ec5n ph\u00ed<\/a>\r\n<\/section>\n<div class=\"wp-block-group pageContainerStyle\"><div class=\"wp-block-group__inner-container is-layout-constrained wp-block-group-is-layout-constrained\">\n<h2 class=\"wp-block-heading\" id=\"h-thai-grammar-topics\">Ch\u1ee7 \u0111\u1ec1 ng\u1eef ph\u00e1p ti\u1ebfng Th\u00e1i<\/h2>\n\n\n\n<p>H\u1ecdc ti\u1ebfng Th\u00e1i c\u00f3 th\u1ec3 l\u00e0 m\u1ed9t h\u00e0nh tr\u00ecnh h\u1ea5p d\u1eabn. Tuy nhi\u00ean, \u0111i\u1ec1u c\u1ea7n thi\u1ebft l\u00e0 ph\u1ea3i hi\u1ec3u <a href=\"https:\/\/talkpal.ai\/vi\/ngu-phap-tieng-nga\/\">ng\u1eef ph\u00e1p ti\u1ebfng<\/a> Th\u00e1i \u0111\u1ec3 hi\u1ec3u \u0111\u1ea7y \u0111\u1ee7 ng\u00f4n ng\u1eef v\u00e0 tr\u1edf n\u00ean tr\u00f4i ch\u1ea3y. Danh s\u00e1ch sau \u0111\u00e2y cung c\u1ea5p m\u1ed9t chu\u1ed7i c\u00e1c ch\u1ee7 \u0111\u1ec1 ng\u1eef ph\u00e1p ti\u1ebfng Th\u00e1i c\u1ea7n xem x\u00e9t khi <a href=\"https:\/\/talkpal.ai\/vi\/ung-dung-mien-phi-de-hoc-ngon-ngu\/\">h\u1ecdc ng\u00f4n ng\u1eef<\/a>. Danh s\u00e1ch n\u00e0y b\u1eaft \u0111\u1ea7u v\u1edbi c\u00e1c ch\u1ee7 \u0111\u1ec1 c\u01a1 b\u1ea3n v\u00e0 ti\u1ebfn t\u1edbi c\u00e1c ch\u1ee7 \u0111\u1ec1 ph\u1ee9c t\u1ea1p h\u01a1n.<\/p>\n\n\n\n<h3 class=\"wp-block-heading\" id=\"h-1-nouns\">1. Danh t\u1eeb:<\/h3>\n\n\n\n<p>B\u1eaft \u0111\u1ea7u v\u1edbi vi\u1ec7c h\u1ecdc danh t\u1eeb ti\u1ebfng Th\u00e1i v\u00ec ch\u00fang l\u00e0 kh\u1ed1i x\u00e2y d\u1ef1ng c\u1ee7a ng\u00f4n ng\u1eef. L\u00e0m quen v\u1edbi c\u00e1c danh t\u1eeb chung v\u00e0 c\u00e1c c\u00f4ng c\u1ee5 s\u1eeda \u0111\u1ed5i c\u1ee7a ch\u00fang, v\u00ec danh t\u1eeb ti\u1ebfng Th\u00e1i kh\u00f4ng thay \u0111\u1ed5i h\u00ecnh th\u1ee9c \u0111\u1ec3 bi\u1ec3u th\u1ecb s\u1ed1 ho\u1eb7c gi\u1edbi t\u00ednh.<\/p>\n\n\n\n<h3 class=\"wp-block-heading\" id=\"h-2-pronouns-determiners\">2. \u0110\u1ea1i t\u1eeb\/X\u00e1c \u0111\u1ecbnh:<\/h3>\n\n\n\n<p>Sau khi th\u00e0nh th\u1ea1o danh t\u1eeb, h\u00e3y chuy\u1ec3n tr\u1ecdng t\u00e2m c\u1ee7a b\u1ea1n sang \u0111\u1ea1i t\u1eeb v\u00e0 t\u1eeb x\u00e1c \u0111\u1ecbnh. \u0110\u1ea1i t\u1eeb ti\u1ebfng Th\u00e1i th\u01b0\u1eddng b\u1ecb b\u1ecf qua trong cu\u1ed9c tr\u00f2 chuy\u1ec7n, nh\u01b0ng hi\u1ec3u ch\u00fang l\u00e0 r\u1ea5t quan tr\u1ecdng \u0111\u1ed1i v\u1edbi ti\u1ebfng Th\u00e1i ch\u00ednh th\u1ee9c.<\/p>\n\n\n\n<h3 class=\"wp-block-heading\" id=\"h-3-verbs\">3. \u0110\u1ed9ng t\u1eeb:<\/h3>\n\n\n\n<p>\u0110\u1ed9ng t\u1eeb trong ti\u1ebfng Th\u00e1i l\u00e0 kh\u00f4ng bi\u1ebfn \u0111\u1ed5i, c\u00f3 ngh\u0129a l\u00e0 ch\u00fang kh\u00f4ng thay \u0111\u1ed5i \u0111\u1ec3 bi\u1ec3u th\u1ecb th\u00ec, s\u1ed1 ho\u1eb7c ng\u01b0\u1eddi. \u0110i\u1ec1u n\u00e0y l\u00e0m cho ch\u00fang t\u01b0\u01a1ng \u0111\u1ed1i d\u1ec5 th\u00e0nh th\u1ea1o sau khi hi\u1ec3u danh t\u1eeb v\u00e0 \u0111\u1ea1i t\u1eeb.<\/p>\n\n\n\n<h3 class=\"wp-block-heading\" id=\"h-4-adjectives\">4. T\u00ednh t\u1eeb:<\/h3>\n\n\n\n<p>T\u00ednh t\u1eeb ti\u1ebfng Th\u00e1i xu\u1ea5t hi\u1ec7n sau danh t\u1eeb m\u00e0 ch\u00fang s\u1eeda \u0111\u1ed5i, kh\u00f4ng gi\u1ed1ng nh\u01b0 <a href=\"https:\/\/talkpal.ai\/top-trang-web-luyen-noi-tieng-anh-hieu-qua-nhat-2024\/\">ti\u1ebfng Anh<\/a>. H\u1ecdc t\u00ednh t\u1eeb s\u1ebd gi\u00fap b\u1ea1n m\u00f4 t\u1ea3 \u0111\u1ed3 v\u1eadt, con ng\u01b0\u1eddi v\u00e0 t\u00ecnh hu\u1ed1ng ch\u00ednh x\u00e1c h\u01a1n.<\/p>\n\n\n\n<h3 class=\"wp-block-heading\" id=\"h-5-prepositions\">5. Gi\u1edbi t\u1eeb:<\/h3>\n\n\n\n<p>Gi\u1edbi t\u1eeb trong ti\u1ebfng Th\u00e1i th\u01b0\u1eddng xu\u1ea5t hi\u1ec7n tr\u01b0\u1edbc danh t\u1eeb ho\u1eb7c \u0111\u1ea1i t\u1eeb \u0111\u1ec3 ch\u1ec9 h\u01b0\u1edbng, \u0111\u1ecba \u0111i\u1ec3m, th\u1eddi gian ho\u1eb7c ph\u01b0\u01a1ng ph\u00e1p.<\/p>\n\n\n\n<h3 class=\"wp-block-heading\" id=\"h-6-adverbs\">6. Tr\u1ea1ng t\u1eeb:<\/h3>\n\n\n\n<p>H\u1ecdc tr\u1ea1ng t\u1eeb ti\u1ebfng Th\u00e1i \u0111\u1ec3 s\u1eeda \u0111\u1ed5i \u0111\u1ed9ng t\u1eeb, t\u00ednh t\u1eeb ho\u1eb7c tr\u1ea1ng t\u1eeb kh\u00e1c. H\u1ecd c\u00f3 th\u1ec3 cung c\u1ea5p th\u00eam chi ti\u1ebft v\u1ec1 c\u00e1c h\u00e0nh \u0111\u1ed9ng ho\u1eb7c t\u00ecnh hu\u1ed1ng.<\/p>\n\n\n\n<h3 class=\"wp-block-heading\" id=\"h-7-sentences\">7. C\u00e2u:<\/h3>\n\n\n\n<p>Khi b\u1ea1n \u0111\u00e3 n\u1eafm v\u1eefng nh\u1eefng \u0111i\u1ec1u c\u01a1 b\u1ea3n, b\u1ea1n c\u00f3 th\u1ec3 b\u1eaft \u0111\u1ea7u x\u00e2y d\u1ef1ng c\u00e2u b\u1eb1ng ti\u1ebfng Th\u00e1i. Hi\u1ec3u c\u1ea5u tr\u00fac c\u00e2u l\u00e0 r\u1ea5t quan tr\u1ecdng \u0111\u1ec3 truy\u1ec1n \u0111\u1ea1t suy ngh\u0129 c\u1ee7a b\u1ea1n m\u1ed9t c\u00e1ch ch\u00ednh x\u00e1c.<\/p>\n\n\n\n<h3 class=\"wp-block-heading\" id=\"h-8-conditionals\">8. \u0110i\u1ec1u ki\u1ec7n:<\/h3>\n\n\n\n<p>C\u00e1c \u0111i\u1ec1u ki\u1ec7n Th\u00e1i Lan th\u1ec3 hi\u1ec7n c\u00e1c t\u00ecnh hu\u1ed1ng gi\u1ea3 \u0111\u1ecbnh v\u00e0 h\u1eadu qu\u1ea3 c\u1ee7a ch\u00fang. Ch\u00fang n\u00e2ng cao h\u01a1n nh\u01b0ng c\u1ea7n thi\u1ebft cho c\u00e1c cu\u1ed9c tr\u00f2 chuy\u1ec7n ph\u1ee9c t\u1ea1p.<\/p>\n\n\n\n<h3 class=\"wp-block-heading\" id=\"h-9-tenses\">9. Th\u00ec:<\/h3>\n\n\n\n<p>Ti\u1ebfng Th\u00e1i kh\u00f4ng s\u1eed d\u1ee5ng th\u00ec gi\u1ed1ng nh\u01b0 ti\u1ebfng Anh. Tuy nhi\u00ean, c\u00f3 nh\u1eefng c\u1ee5m t\u1eeb v\u00e0 t\u1eeb ng\u1eef c\u00f3 th\u1ec3 ch\u1ec9 ra qu\u00e1 kh\u1ee9, hi\u1ec7n t\u1ea1i ho\u1eb7c t\u01b0\u01a1ng lai.<\/p>\n\n\n\n<h3 class=\"wp-block-heading\" id=\"h-10-tense-comparison\">10. So s\u00e1nh c\u0103ng th\u1eb3ng:<\/h3>\n\n\n\n<p>\u0110\u00e2y l\u00e0 m\u1ed9t ch\u1ee7 \u0111\u1ec1 n\u00e2ng cao n\u01a1i b\u1ea1n so s\u00e1nh c\u00e1c th\u00ec kh\u00e1c nhau. N\u00f3 s\u1ebd gi\u00fap b\u1ea1n hi\u1ec3u \u0111\u01b0\u1ee3c s\u1ef1 kh\u00e1c bi\u1ec7t tinh t\u1ebf trong bi\u1ec3u th\u1ee9c th\u1eddi gian.<\/p>\n\n\n\n<h3 class=\"wp-block-heading\" id=\"h-11-progressive\">11. Ti\u1ebfn b\u1ed9:<\/h3>\n\n\n\n<p>Ch\u1ee7 \u0111\u1ec1 n\u00e0y li\u00ean quan \u0111\u1ebfn vi\u1ec7c th\u1ec3 hi\u1ec7n c\u00e1c h\u00e0nh \u0111\u1ed9ng \u0111ang di\u1ec5n ra. N\u00f3 cao c\u1ea5p h\u01a1n nh\u01b0ng s\u1ebd gi\u00fap b\u1ea1n n\u00f3i ti\u1ebfng Th\u00e1i tr\u00f4i ch\u1ea3y h\u01a1n.<\/p>\n\n\n\n<h3 class=\"wp-block-heading\" id=\"h-12-perfect-progressive\">12. Ti\u1ebfn b\u1ed9 ho\u00e0n h\u1ea3o:<\/h3>\n\n\n\n<p>Th\u00ec ti\u1ebfn b\u1ed9 ho\u00e0n h\u1ea3o l\u00e0 m\u1ed9t kh\u00eda c\u1ea1nh ph\u1ee9c t\u1ea1p c\u1ee7a ng\u1eef ph\u00e1p ti\u1ebfng Th\u00e1i. N\u00f3 \u0111\u01b0\u1ee3c s\u1eed d\u1ee5ng \u0111\u1ec3 m\u00f4 t\u1ea3 c\u00e1c h\u00e0nh \u0111\u1ed9ng \u0111\u00e3 di\u1ec5n ra cho \u0111\u1ebfn m\u1ed9t th\u1eddi \u0111i\u1ec3m nh\u1ea5t \u0111\u1ecbnh.<\/p>\n\n\n\n<h3 class=\"wp-block-heading\" id=\"h-13-articles\">13. B\u00e0i vi\u1ebft:<\/h3>\n\n\n\n<p>Ti\u1ebfng Th\u00e1i kh\u00f4ng c\u00f3 m\u1ea1o t\u1eeb x\u00e1c \u0111\u1ecbnh ho\u1eb7c kh\u00f4ng x\u00e1c \u0111\u1ecbnh nh\u01b0 ti\u1ebfng Anh. Tuy nhi\u00ean, c\u00f3 nh\u1eefng c\u00e1ch kh\u00e1c \u0111\u1ec3 x\u00e1c \u0111\u1ecbnh ho\u1eb7c kh\u00e1i qu\u00e1t h\u00f3a danh t\u1eeb m\u00e0 b\u1ea1n c\u00f3 th\u1ec3 h\u1ecdc \u1edf giai \u0111o\u1ea1n n\u00e2ng cao h\u01a1n.<\/p>\n<\/div><\/div>\n\r\n<section class=\"learnNavigationSection\">\r\n            \r\n        <a href=\"https:\/\/talkpal.ai\/vi\/hoc-tieng-thai\/\">\r\n            <div class=\"learnNavigationWrapper\">\r\n                <div class=\"learnNavigationContent\">\r\n                    <img decoding=\"async\" src=\"https:\/\/talkpal.ai\/wp-content\/uploads\/2024\/08\/Thai.jpg\" alt=\"Thai Flag\">\r\n                    <div>\r\n                        <h4>Gi\u1edbi thi\u1ec7u v\u1ec1 Thai Learning<\/h4>\r\n                        <p>T\u00ecm hi\u1ec3u t\u1ea5t c\u1ea3 v\u1ec1 ng\u1eef ph\u00e1p ti\u1ebfng Th\u00e1i.<\/p>\r\n                    <\/div>\r\n                <\/div>\r\n            <\/div>\r\n        <\/a>\r\n\r\n        \r\n        <a href=\"https:\/\/talkpal.ai\/vi\/ngu-phap-tieng-thai\/\">\r\n            <div class=\"learnNavigationWrapper\">\r\n                <div class=\"learnNavigationContent\">\r\n                    <img decoding=\"async\" src=\"https:\/\/talkpal.ai\/wp-content\/uploads\/2024\/08\/Thai.jpg\" alt=\"Thai Flag\">\r\n                    <div>\r\n                        <h4>B\u00e0i h\u1ecdc ng\u1eef ph\u00e1p ti\u1ebfng Th\u00e1i<\/h4>\r\n                        <p>Th\u1ef1c h\u00e0nh ng\u1eef ph\u00e1p ti\u1ebfng Th\u00e1i.<\/p>\r\n                    <\/div>\r\n                <\/div>\r\n            <\/div>\r\n        <\/a>\r\n\r\n        \r\n        <a href=\"https:\/\/talkpal.ai\/vocabulary_language\/thai\/\">\r\n            <div class=\"learnNavigationWrapper\">\r\n                <div class=\"learnNavigationContent\">\r\n                    <img decoding=\"async\" src=\"https:\/\/talkpal.ai\/wp-content\/uploads\/2024\/08\/Thai.jpg\" alt=\"Thai Flag\">\r\n                    <div>\r\n                        <h4>T\u1eeb v\u1ef1ng ti\u1ebfng Th\u00e1i<\/h4>\r\n                        <p>M\u1edf r\u1ed9ng v\u1ed1n t\u1eeb v\u1ef1ng ti\u1ebfng Th\u00e1i c\u1ee7a b\u1ea1n.<\/p>\r\n                    <\/div>\r\n                <\/div>\r\n            <\/div>\r\n        <\/a>\r\n\r\n            <\/section>","protected":false},"excerpt":{"rendered":"<p>Ch\u1ee7 \u0111\u1ec1 ng\u1eef ph\u00e1p ti\u1ebfng Th\u00e1i H\u1ecdc ti\u1ebfng Th\u00e1i c\u00f3 th\u1ec3 l\u00e0 m\u1ed9t h\u00e0nh tr\u00ecnh h\u1ea5p d\u1eabn. Tuy nhi\u00ean, \u0111i\u1ec1u c\u1ea7n thi\u1ebft l\u00e0 ph\u1ea3i hi\u1ec3u ng\u1eef ph\u00e1p ti\u1ebfng Th\u00e1i \u0111\u1ec3 hi\u1ec3u \u0111\u1ea7y \u0111\u1ee7 ng\u00f4n ng\u1eef v\u00e0 tr\u1edf n\u00ean tr\u00f4i ch\u1ea3y. Danh s\u00e1ch sau \u0111\u00e2y cung c\u1ea5p m\u1ed9t chu\u1ed7i c\u00e1c ch\u1ee7 \u0111\u1ec1 ng\u1eef ph\u00e1p ti\u1ebfng Th\u00e1i [&hellip;]<\/p>\n","protected":false},"author":6,"featured_media":1444913,"parent":0,"menu_order":0,"comment_status":"closed","ping_status":"closed","template":"LearningContentPage.php","meta":{"_acf_changed":false,"footnotes":""},"class_list":["post-1447288","page","type-page","status-publish","has-post-thumbnail","hentry"],"acf":[],"yoast_head":"<!-- This site is optimized with the Yoast SEO Premium plugin v27.2 (Yoast SEO v27.2) - https:\/\/yoast.com\/product\/yoast-seo-premium-wordpress\/ -->\n<title>B\u00e0i t\u1eadp ng\u1eef ph\u00e1p ti\u1ebfng Th\u00e1i - Talkpal<\/title>\n<meta name=\"description\" content=\"N\u00e2ng cao k\u1ef9 n\u0103ng ti\u1ebfng Th\u00e1i c\u1ee7a b\u1ea1n v\u1edbi c\u00e1c b\u00e0i t\u1eadp ng\u1eef ph\u00e1p ti\u1ebfng Th\u00e1i c\u1ee7a ch\u00fang t\u00f4i v\u00e0 b\u1eaft \u0111\u1ea7u n\u1eafm v\u1eefng c\u00e1c kh\u1ed1i x\u00e2y d\u1ef1ng c\u1ee7a ng\u00f4n ng\u1eef.\" \/>\n<meta name=\"robots\" content=\"index, follow, max-snippet:-1, max-image-preview:large, max-video-preview:-1\" \/>\n<link rel=\"canonical\" href=\"https:\/\/talkpal.ai\/vi\/bai-tap-ngu-phap-tieng-thai\/\" \/>\n<meta property=\"og:locale\" content=\"vi_VN\" \/>\n<meta property=\"og:type\" content=\"article\" \/>\n<meta property=\"og:title\" content=\"B\u00e0i t\u1eadp ng\u1eef ph\u00e1p ti\u1ebfng Th\u00e1i\" \/>\n<meta property=\"og:description\" content=\"Ch\u1ee7 \u0111\u1ec1 ng\u1eef ph\u00e1p ti\u1ebfng Th\u00e1i H\u1ecdc ti\u1ebfng Th\u00e1i c\u00f3 th\u1ec3 l\u00e0 m\u1ed9t h\u00e0nh tr\u00ecnh h\u1ea5p d\u1eabn. Tuy nhi\u00ean, \u0111i\u1ec1u c\u1ea7n thi\u1ebft l\u00e0 ph\u1ea3i hi\u1ec3u ng\u1eef ph\u00e1p ti\u1ebfng Th\u00e1i \u0111\u1ec3 hi\u1ec3u \u0111\u1ea7y \u0111\u1ee7 ng\u00f4n\" \/>\n<meta property=\"og:url\" content=\"https:\/\/talkpal.ai\/vi\/bai-tap-ngu-phap-tieng-thai\/\" \/>\n<meta property=\"og:site_name\" content=\"Talkpal\" \/>\n<meta property=\"article:publisher\" content=\"https:\/\/www.facebook.com\/profile.php?id=100090733639311\" \/>\n<meta property=\"article:modified_time\" content=\"2025-12-17T15:03:17+00:00\" \/>\n<meta property=\"og:image\" content=\"https:\/\/talkpal.ai\/wp-content\/uploads\/2023\/05\/thailand.png\" \/>\n\t<meta property=\"og:image:width\" content=\"512\" \/>\n\t<meta property=\"og:image:height\" content=\"512\" \/>\n\t<meta property=\"og:image:type\" content=\"image\/png\" \/>\n<meta name=\"twitter:card\" content=\"summary_large_image\" \/>\n<meta name=\"twitter:site\" content=\"@talkpalai\" \/>\n<meta name=\"twitter:label1\" content=\"Est. reading time\" \/>\n\t<meta name=\"twitter:data1\" content=\"4 minutes\" \/>\n<script type=\"application\/ld+json\" class=\"yoast-schema-graph\">{\"@context\":\"https:\/\/schema.org\",\"@graph\":[{\"@type\":\"WebPage\",\"@id\":\"https:\/\/talkpal.ai\/vi\/bai-tap-ngu-phap-tieng-thai\/\",\"url\":\"https:\/\/talkpal.ai\/vi\/bai-tap-ngu-phap-tieng-thai\/\",\"name\":\"B\u00e0i t\u1eadp ng\u1eef ph\u00e1p ti\u1ebfng Th\u00e1i - Talkpal\",\"isPartOf\":{\"@id\":\"https:\/\/talkpal.ai\/vi\/#website\"},\"primaryImageOfPage\":{\"@id\":\"https:\/\/talkpal.ai\/vi\/bai-tap-ngu-phap-tieng-thai\/#primaryimage\"},\"image\":{\"@id\":\"https:\/\/talkpal.ai\/vi\/bai-tap-ngu-phap-tieng-thai\/#primaryimage\"},\"thumbnailUrl\":\"https:\/\/talkpal.ai\/wp-content\/uploads\/2023\/05\/thailand.png\",\"datePublished\":\"2023-07-05T10:24:06+00:00\",\"dateModified\":\"2025-12-17T15:03:17+00:00\",\"description\":\"N\u00e2ng cao k\u1ef9 n\u0103ng ti\u1ebfng Th\u00e1i c\u1ee7a b\u1ea1n v\u1edbi c\u00e1c b\u00e0i t\u1eadp ng\u1eef ph\u00e1p ti\u1ebfng Th\u00e1i c\u1ee7a ch\u00fang t\u00f4i v\u00e0 b\u1eaft \u0111\u1ea7u n\u1eafm v\u1eefng c\u00e1c kh\u1ed1i x\u00e2y d\u1ef1ng c\u1ee7a ng\u00f4n ng\u1eef.\",\"breadcrumb\":{\"@id\":\"https:\/\/talkpal.ai\/vi\/bai-tap-ngu-phap-tieng-thai\/#breadcrumb\"},\"inLanguage\":\"vi-VN\",\"potentialAction\":[{\"@type\":\"ReadAction\",\"target\":[\"https:\/\/talkpal.ai\/vi\/bai-tap-ngu-phap-tieng-thai\/\"]}]},{\"@type\":\"ImageObject\",\"inLanguage\":\"vi-VN\",\"@id\":\"https:\/\/talkpal.ai\/vi\/bai-tap-ngu-phap-tieng-thai\/#primaryimage\",\"url\":\"https:\/\/talkpal.ai\/wp-content\/uploads\/2023\/05\/thailand.png\",\"contentUrl\":\"https:\/\/talkpal.ai\/wp-content\/uploads\/2023\/05\/thailand.png\",\"width\":512,\"height\":512,\"caption\":\"TalkPal Thailand Flag\"},{\"@type\":\"BreadcrumbList\",\"@id\":\"https:\/\/talkpal.ai\/vi\/bai-tap-ngu-phap-tieng-thai\/#breadcrumb\",\"itemListElement\":[{\"@type\":\"ListItem\",\"position\":1,\"name\":\"Homepage\",\"item\":\"https:\/\/talkpal.ai\/vi\/giao-vien-ngon-ngu-ai-3\/\"},{\"@type\":\"ListItem\",\"position\":2,\"name\":\"B\u00e0i t\u1eadp ng\u1eef ph\u00e1p ti\u1ebfng Th\u00e1i\"}]},{\"@type\":\"WebSite\",\"@id\":\"https:\/\/talkpal.ai\/vi\/#website\",\"url\":\"https:\/\/talkpal.ai\/vi\/\",\"name\":\"Talkpal\",\"description\":\"AI Language Learning\",\"publisher\":{\"@id\":\"https:\/\/talkpal.ai\/vi\/#organization\"},\"alternateName\":\"Talkpal AI\",\"potentialAction\":[{\"@type\":\"SearchAction\",\"target\":{\"@type\":\"EntryPoint\",\"urlTemplate\":\"https:\/\/talkpal.ai\/vi\/?s={search_term_string}\"},\"query-input\":{\"@type\":\"PropertyValueSpecification\",\"valueRequired\":true,\"valueName\":\"search_term_string\"}}],\"inLanguage\":\"vi-VN\"},{\"@type\":\"Organization\",\"@id\":\"https:\/\/talkpal.ai\/vi\/#organization\",\"name\":\"Talkpal, Inc.\",\"alternateName\":\"Talkpal AI\",\"url\":\"https:\/\/talkpal.ai\/vi\/\",\"logo\":{\"@type\":\"ImageObject\",\"inLanguage\":\"vi-VN\",\"@id\":\"https:\/\/talkpal.ai\/vi\/#\/schema\/logo\/image\/\",\"url\":\"https:\/\/talkpal.ai\/wp-content\/uploads\/2024\/03\/Talkpal-Logo-Icon.png\",\"contentUrl\":\"https:\/\/talkpal.ai\/wp-content\/uploads\/2024\/03\/Talkpal-Logo-Icon.png\",\"width\":2880,\"height\":2880,\"caption\":\"Talkpal, Inc.\"},\"image\":{\"@id\":\"https:\/\/talkpal.ai\/vi\/#\/schema\/logo\/image\/\"},\"sameAs\":[\"https:\/\/www.facebook.com\/profile.php?id=100090733639311\",\"https:\/\/x.com\/talkpalai\",\"https:\/\/www.linkedin.com\/company\/talkpal\/\",\"https:\/\/www.youtube.com\/@TalkPal\/\",\"https:\/\/www.tiktok.com\/@talkpal\",\"https:\/\/www.instagram.com\/talkpal_ai\/\",\"https:\/\/www.crunchbase.com\/organization\/talkpal-9cde\",\"https:\/\/www.g2.com\/products\/talkpal-for-business\/\",\"https:\/\/www.trustpilot.com\/review\/talkpal.ai\",\"https:\/\/www.capterra.com\/p\/10006800\/TalkPal\/\"],\"description\":\"Talkpal is a language learning web and mobile education app, powered by the latest AI technologies, that provides engaging experiences to its customers in many different languages to help them improve their language skills. Users can chat about unlimited amount of topics with the app and use other modes to practice their language learning.\",\"email\":\"support@talkpal.ai\",\"legalName\":\"Talkpal, Inc.\",\"foundingDate\":\"2023-04-03\",\"duns\":\"118989042\",\"numberOfEmployees\":{\"@type\":\"QuantitativeValue\",\"minValue\":\"11\",\"maxValue\":\"50\"},\"publishingPrinciples\":\"https:\/\/talkpal.ai\/publishing-principles\/\",\"actionableFeedbackPolicy\":\"https:\/\/talkpal.ai\/actionable-feedback-policy\/\",\"correctionsPolicy\":\"https:\/\/talkpal.ai\/corrections-policy\/\",\"ethicsPolicy\":\"https:\/\/talkpal.ai\/ethics-policy\/\",\"diversityPolicy\":\"https:\/\/talkpal.ai\/diversity-policy\/\",\"diversityStaffingReport\":\"https:\/\/talkpal.ai\/diversity-policy\/\"}]}<\/script>\n<!-- \/ Yoast SEO Premium plugin. -->","yoast_head_json":{"title":"B\u00e0i t\u1eadp ng\u1eef ph\u00e1p ti\u1ebfng Th\u00e1i - Talkpal","description":"N\u00e2ng cao k\u1ef9 n\u0103ng ti\u1ebfng Th\u00e1i c\u1ee7a b\u1ea1n v\u1edbi c\u00e1c b\u00e0i t\u1eadp ng\u1eef ph\u00e1p ti\u1ebfng Th\u00e1i c\u1ee7a ch\u00fang t\u00f4i v\u00e0 b\u1eaft \u0111\u1ea7u n\u1eafm v\u1eefng c\u00e1c kh\u1ed1i x\u00e2y d\u1ef1ng c\u1ee7a ng\u00f4n ng\u1eef.","robots":{"index":"index","follow":"follow","max-snippet":"max-snippet:-1","max-image-preview":"max-image-preview:large","max-video-preview":"max-video-preview:-1"},"canonical":"https:\/\/talkpal.ai\/vi\/bai-tap-ngu-phap-tieng-thai\/","og_locale":"vi_VN","og_type":"article","og_title":"B\u00e0i t\u1eadp ng\u1eef ph\u00e1p ti\u1ebfng Th\u00e1i","og_description":"Ch\u1ee7 \u0111\u1ec1 ng\u1eef ph\u00e1p ti\u1ebfng Th\u00e1i H\u1ecdc ti\u1ebfng Th\u00e1i c\u00f3 th\u1ec3 l\u00e0 m\u1ed9t h\u00e0nh tr\u00ecnh h\u1ea5p d\u1eabn. Tuy nhi\u00ean, \u0111i\u1ec1u c\u1ea7n thi\u1ebft l\u00e0 ph\u1ea3i hi\u1ec3u ng\u1eef ph\u00e1p ti\u1ebfng Th\u00e1i \u0111\u1ec3 hi\u1ec3u \u0111\u1ea7y \u0111\u1ee7 ng\u00f4n","og_url":"https:\/\/talkpal.ai\/vi\/bai-tap-ngu-phap-tieng-thai\/","og_site_name":"Talkpal","article_publisher":"https:\/\/www.facebook.com\/profile.php?id=100090733639311","article_modified_time":"2025-12-17T15:03:17+00:00","og_image":[{"width":512,"height":512,"url":"https:\/\/talkpal.ai\/wp-content\/uploads\/2023\/05\/thailand.png","type":"image\/png"}],"twitter_card":"summary_large_image","twitter_site":"@talkpalai","twitter_misc":{"Est. reading time":"4 minutes"},"schema":{"@context":"https:\/\/schema.org","@graph":[{"@type":"WebPage","@id":"https:\/\/talkpal.ai\/vi\/bai-tap-ngu-phap-tieng-thai\/","url":"https:\/\/talkpal.ai\/vi\/bai-tap-ngu-phap-tieng-thai\/","name":"B\u00e0i t\u1eadp ng\u1eef ph\u00e1p ti\u1ebfng Th\u00e1i - Talkpal","isPartOf":{"@id":"https:\/\/talkpal.ai\/vi\/#website"},"primaryImageOfPage":{"@id":"https:\/\/talkpal.ai\/vi\/bai-tap-ngu-phap-tieng-thai\/#primaryimage"},"image":{"@id":"https:\/\/talkpal.ai\/vi\/bai-tap-ngu-phap-tieng-thai\/#primaryimage"},"thumbnailUrl":"https:\/\/talkpal.ai\/wp-content\/uploads\/2023\/05\/thailand.png","datePublished":"2023-07-05T10:24:06+00:00","dateModified":"2025-12-17T15:03:17+00:00","description":"N\u00e2ng cao k\u1ef9 n\u0103ng ti\u1ebfng Th\u00e1i c\u1ee7a b\u1ea1n v\u1edbi c\u00e1c b\u00e0i t\u1eadp ng\u1eef ph\u00e1p ti\u1ebfng Th\u00e1i c\u1ee7a ch\u00fang t\u00f4i v\u00e0 b\u1eaft \u0111\u1ea7u n\u1eafm v\u1eefng c\u00e1c kh\u1ed1i x\u00e2y d\u1ef1ng c\u1ee7a ng\u00f4n ng\u1eef.","breadcrumb":{"@id":"https:\/\/talkpal.ai\/vi\/bai-tap-ngu-phap-tieng-thai\/#breadcrumb"},"inLanguage":"vi-VN","potentialAction":[{"@type":"ReadAction","target":["https:\/\/talkpal.ai\/vi\/bai-tap-ngu-phap-tieng-thai\/"]}]},{"@type":"ImageObject","inLanguage":"vi-VN","@id":"https:\/\/talkpal.ai\/vi\/bai-tap-ngu-phap-tieng-thai\/#primaryimage","url":"https:\/\/talkpal.ai\/wp-content\/uploads\/2023\/05\/thailand.png","contentUrl":"https:\/\/talkpal.ai\/wp-content\/uploads\/2023\/05\/thailand.png","width":512,"height":512,"caption":"TalkPal Thailand Flag"},{"@type":"BreadcrumbList","@id":"https:\/\/talkpal.ai\/vi\/bai-tap-ngu-phap-tieng-thai\/#breadcrumb","itemListElement":[{"@type":"ListItem","position":1,"name":"Homepage","item":"https:\/\/talkpal.ai\/vi\/giao-vien-ngon-ngu-ai-3\/"},{"@type":"ListItem","position":2,"name":"B\u00e0i t\u1eadp ng\u1eef ph\u00e1p ti\u1ebfng Th\u00e1i"}]},{"@type":"WebSite","@id":"https:\/\/talkpal.ai\/vi\/#website","url":"https:\/\/talkpal.ai\/vi\/","name":"Talkpal","description":"AI Language Learning","publisher":{"@id":"https:\/\/talkpal.ai\/vi\/#organization"},"alternateName":"Talkpal AI","potentialAction":[{"@type":"SearchAction","target":{"@type":"EntryPoint","urlTemplate":"https:\/\/talkpal.ai\/vi\/?s={search_term_string}"},"query-input":{"@type":"PropertyValueSpecification","valueRequired":true,"valueName":"search_term_string"}}],"inLanguage":"vi-VN"},{"@type":"Organization","@id":"https:\/\/talkpal.ai\/vi\/#organization","name":"Talkpal, Inc.","alternateName":"Talkpal AI","url":"https:\/\/talkpal.ai\/vi\/","logo":{"@type":"ImageObject","inLanguage":"vi-VN","@id":"https:\/\/talkpal.ai\/vi\/#\/schema\/logo\/image\/","url":"https:\/\/talkpal.ai\/wp-content\/uploads\/2024\/03\/Talkpal-Logo-Icon.png","contentUrl":"https:\/\/talkpal.ai\/wp-content\/uploads\/2024\/03\/Talkpal-Logo-Icon.png","width":2880,"height":2880,"caption":"Talkpal, Inc."},"image":{"@id":"https:\/\/talkpal.ai\/vi\/#\/schema\/logo\/image\/"},"sameAs":["https:\/\/www.facebook.com\/profile.php?id=100090733639311","https:\/\/x.com\/talkpalai","https:\/\/www.linkedin.com\/company\/talkpal\/","https:\/\/www.youtube.com\/@TalkPal\/","https:\/\/www.tiktok.com\/@talkpal","https:\/\/www.instagram.com\/talkpal_ai\/","https:\/\/www.crunchbase.com\/organization\/talkpal-9cde","https:\/\/www.g2.com\/products\/talkpal-for-business\/","https:\/\/www.trustpilot.com\/review\/talkpal.ai","https:\/\/www.capterra.com\/p\/10006800\/TalkPal\/"],"description":"Talkpal is a language learning web and mobile education app, powered by the latest AI technologies, that provides engaging experiences to its customers in many different languages to help them improve their language skills. Users can chat about unlimited amount of topics with the app and use other modes to practice their language learning.","email":"support@talkpal.ai","legalName":"Talkpal, Inc.","foundingDate":"2023-04-03","duns":"118989042","numberOfEmployees":{"@type":"QuantitativeValue","minValue":"11","maxValue":"50"},"publishingPrinciples":"https:\/\/talkpal.ai\/publishing-principles\/","actionableFeedbackPolicy":"https:\/\/talkpal.ai\/actionable-feedback-policy\/","correctionsPolicy":"https:\/\/talkpal.ai\/corrections-policy\/","ethicsPolicy":"https:\/\/talkpal.ai\/ethics-policy\/","diversityPolicy":"https:\/\/talkpal.ai\/diversity-policy\/","diversityStaffingReport":"https:\/\/talkpal.ai\/diversity-policy\/"}]}},"_links":{"self":[{"href":"https:\/\/talkpal.ai\/vi\/wp-json\/wp\/v2\/pages\/1447288","targetHints":{"allow":["GET"]}}],"collection":[{"href":"https:\/\/talkpal.ai\/vi\/wp-json\/wp\/v2\/pages"}],"about":[{"href":"https:\/\/talkpal.ai\/vi\/wp-json\/wp\/v2\/types\/page"}],"author":[{"embeddable":true,"href":"https:\/\/talkpal.ai\/vi\/wp-json\/wp\/v2\/users\/6"}],"replies":[{"embeddable":true,"href":"https:\/\/talkpal.ai\/vi\/wp-json\/wp\/v2\/comments?post=1447288"}],"version-history":[{"count":0,"href":"https:\/\/talkpal.ai\/vi\/wp-json\/wp\/v2\/pages\/1447288\/revisions"}],"wp:featuredmedia":[{"embeddable":true,"href":"https:\/\/talkpal.ai\/vi\/wp-json\/wp\/v2\/media\/1444913"}],"wp:attachment":[{"href":"https:\/\/talkpal.ai\/vi\/wp-json\/wp\/v2\/media?parent=1447288"}],"curies":[{"name":"wp","href":"https:\/\/api.w.org\/{rel}","templated":true}]}}