{"id":1447271,"date":"2023-07-05T10:17:13","date_gmt":"2023-07-05T10:17:13","guid":{"rendered":"https:\/\/talkpal.ai\/bai-tap-ngu-phap-tamil\/"},"modified":"2025-12-17T15:06:37","modified_gmt":"2025-12-17T15:06:37","slug":"bai-tap-ngu-phap-tamil","status":"publish","type":"page","link":"https:\/\/talkpal.ai\/vi\/bai-tap-ngu-phap-tamil\/","title":{"rendered":"B\u00e0i t\u1eadp ng\u1eef ph\u00e1p Tamil"},"content":{"rendered":"\r\n\r\n\r\n<section class=\"languageChallengeSection\">\r\n    <div class=\"languageInfoWrapper\">\r\n        \r\n        <h1>B\u00e0i t\u1eadp ng\u1eef ph\u00e1p Tamil<\/h1>\r\n        <p>N\u1ebfu b\u1ea1n mu\u1ed1n th\u00e0nh th\u1ea1o ti\u1ebfng <a href=\"https:\/\/talkpal.ai\/learn-tamil\/\">Tamil<\/a>, th\u1ef1c h\u00e0nh <a href=\"https:\/\/talkpal.ai\/vi\/ngu-phap\/\">ng\u1eef ph\u00e1p<\/a> th\u00f4ng qua c\u00e1c b\u00e0i t\u1eadp c\u00f3 m\u1ee5c ti\u00eau l\u00e0 m\u1ed9t b\u01b0\u1edbc quan tr\u1ecdng tr\u00ean h\u00e0nh tr\u00ecnh c\u1ee7a b\u1ea1n. B\u1eaft \u0111\u1ea7u ngay h\u00f4m nay, th\u1eed th\u00e1ch b\u1ea3n th\u00e2n v\u1edbi c\u00e1c m\u1eabu ng\u1eef ph\u00e1p m\u1edbi v\u00e0 xem c\u00e1c k\u1ef9 n\u0103ng Tamil c\u1ee7a b\u1ea1n ph\u00e1t tri\u1ec3n sau m\u1ed7i b\u00e0i t\u1eadp!<\/p>\r\n\r\n                            <a class=\"getStartedHidden\" href=\"https:\/\/app.talkpal.ai\/vi\/signup?lng=\">B\u1eaft \u0111\u1ea7u nh\u00e9<\/a>\r\n        \r\n    <\/div>\r\n\r\n    <figure>\r\n    <img decoding=\"async\" width=\"768\" height=\"768\" src=\"https:\/\/talkpal.ai\/wp-content\/uploads\/2023\/06\/tamil-768x768.png\" class=\"languageImage no-lazy\" alt=\"Language learning for enhanced creativity\" fetchpriority=\"high\" sizes=\"(max-width: 768px) 150px, 768px\" srcset=\"https:\/\/talkpal.ai\/wp-content\/uploads\/2023\/06\/tamil-768x768.png 768w, https:\/\/talkpal.ai\/wp-content\/uploads\/2023\/06\/tamil-300x300.png 300w\" \/>\r\n    \r\n\r\n    <\/figure>\r\n\r\n            <a class=\"getStartedVisible\" href=\"https:\/\/app.talkpal.ai\/vi\/signup?lng=\">B\u1eaft \u0111\u1ea7u nh\u00e9<\/a>\r\n    \r\n<\/section>\r\n\r\n\r\n<!-- <section class=\"grammarSection\">\r\n    <div class=\"grammarLinks\">\r\n            <\/div>\r\n<\/section> -->\r\n\r\n\r\n\r\n\r\n<section class=\"promotionalBanner\">\r\n    <p class=\"promotionalText\">C\u00e1ch hi\u1ec7u qu\u1ea3 nh\u1ea5t \u0111\u1ec3 h\u1ecdc m\u1ed9t <a href=\"https:\/\/talkpal.ai\/vi\/hoc-ngon-ngu-cho-cac-truong-ngon-ngu\/\">ng\u00f4n ng\u1eef<\/a><\/p>\r\n    <a class=\"promotionalLink\" href=\"https:\/\/app.talkpal.ai\/vi\/signup?lng=\">D\u00f9ng th\u1eed Talkpal mi\u1ec5n ph\u00ed<\/a>\r\n<\/section>\n<div class=\"wp-block-group pageContainerStyle\"><div class=\"wp-block-group__inner-container is-layout-constrained wp-block-group-is-layout-constrained\">\n<h2 class=\"wp-block-heading\" id=\"h-tamil-grammar-topics\">Ch\u1ee7 \u0111\u1ec1 ng\u1eef ph\u00e1p Tamil<\/h2>\n\n\n\n<p><a href=\"https:\/\/talkpal.ai\/learn-tamil\/\">Ti\u1ebfng Tamil<\/a> l\u00e0 m\u1ed9t ng\u00f4n ng\u1eef s\u00f4i \u0111\u1ed9ng v\u00e0 phong ph\u00fa \u0111\u01b0\u1ee3c s\u1eed d\u1ee5ng ch\u1ee7 y\u1ebfu \u1edf Nam \u1ea4n \u0110\u1ed9 v\u00e0 Sri Lanka. N\u00f3 \u0111\u01b0\u1ee3c bi\u1ebft \u0111\u1ebfn v\u1edbi ch\u1eef vi\u1ebft \u0111\u1ed9c \u0111\u00e1o v\u00e0 h\u1ec7 th\u1ed1ng ng\u1eef ph\u00e1p ph\u1ee9c t\u1ea1p. <a href=\"https:\/\/talkpal.ai\/vi\/hoc-tieng-han-truc-tuyen-voi-ai\/\">H\u1ecdc ti\u1ebfng<\/a> Tamil c\u00f3 th\u1ec3 l\u00e0 m\u1ed9t tr\u1ea3i nghi\u1ec7m h\u1ea5p d\u1eabn, nh\u01b0ng n\u00f3 \u0111\u00f2i h\u1ecfi m\u1ed9t c\u00e1ch ti\u1ebfp c\u1eadn c\u00f3 c\u1ea5u tr\u00fac \u0111\u1ec3 hi\u1ec3u ng\u1eef ph\u00e1p c\u1ee7a n\u00f3. \u0110i\u1ec1u n\u00e0y bao g\u1ed3m hi\u1ec3u th\u00ec, \u0111\u1ed9ng t\u1eeb, danh t\u1eeb, m\u1ea1o t\u1eeb, \u0111\u1ea1i t\u1eeb\/t\u1eeb quy\u1ebft \u0111\u1ecbnh, t\u00ednh t\u1eeb, tr\u1ea1ng t\u1eeb, \u0111i\u1ec1u ki\u1ec7n, gi\u1edbi t\u1eeb v\u00e0 c\u1ea5u tr\u00fac c\u00e2u.<\/p>\n\n\n\n<h3 class=\"wp-block-heading\" id=\"h-1-nouns\">1. Danh t\u1eeb:<\/h3>\n\n\n\n<p>B\u1eaft \u0111\u1ea7u <a href=\"https:\/\/talkpal.ai\/vi\/hoc-tieng-han-truc-tuyen-voi-ai\/\">h\u1ecdc ti\u1ebfng<\/a> Tamil c\u1ee7a b\u1ea1n v\u1edbi danh t\u1eeb, v\u00ec ch\u00fang l\u00e0 kh\u1ed1i x\u00e2y d\u1ef1ng c\u1ee7a b\u1ea5t k\u1ef3 ng\u00f4n ng\u1eef n\u00e0o. Trong ti\u1ebfng Tamil, danh t\u1eeb \u0111\u01b0\u1ee3c ph\u00e2n th\u00e0nh hai lo\u1ea1i: uyirmei (s\u1ed1ng) v\u00e0 mei (kh\u00f4ng s\u1ed1ng). Ch\u00fang c\u0169ng c\u00f3 c\u00e1c bi\u1ebfn d\u1ea1ng kh\u00e1c nhau d\u1ef1a tr\u00ean s\u1ed1 l\u01b0\u1ee3ng v\u00e0 ch\u1eef th\u01b0\u1eddng.<\/p>\n\n\n\n<h3 class=\"wp-block-heading\" id=\"h-2-pronouns-determiners\">2. \u0110\u1ea1i t\u1eeb\/X\u00e1c \u0111\u1ecbnh:<\/h3>\n\n\n\n<p>Sau khi th\u00e0nh th\u1ea1o danh t\u1eeb, h\u00e3y chuy\u1ec3n sang \u0111\u1ea1i t\u1eeb v\u00e0 t\u1eeb quy\u1ebft \u0111\u1ecbnh. Ch\u00fang \u0111\u01b0\u1ee3c s\u1eed d\u1ee5ng \u0111\u1ec3 ch\u1ec9 <a href=\"https:\/\/talkpal.ai\/speaking-with-ai\/\">ai<\/a> \u0111\u00f3 ho\u1eb7c \u0111i\u1ec1u g\u00ec \u0111\u00f3 \u0111\u00e3 \u0111\u01b0\u1ee3c \u0111\u1ec1 c\u1eadp ho\u1eb7c d\u1ec5 d\u00e0ng x\u00e1c \u0111\u1ecbnh. Trong ti\u1ebfng Tamil, \u0111\u1ea1i t\u1eeb l\u00e0 trung l\u1eadp <a href=\"https:\/\/talkpal.ai\/vi\/ve\/\">v\u1ec1<\/a> gi\u1edbi t\u00ednh v\u00e0 bi\u1ebfn \u0111\u1ed5i cho s\u1ed1 v\u00e0 ch\u1eef th\u01b0\u1eddng.<\/p>\n\n\n\n<h3 class=\"wp-block-heading\" id=\"h-3-verbs\">3. \u0110\u1ed9ng t\u1eeb:<\/h3>\n\n\n\n<p>\u0110\u1ed9ng t\u1eeb trong ti\u1ebfng Tamil \u0111\u01b0\u1ee3c chia th\u00e0nh hai lo\u1ea1i: \u0111\u1ed9ng t\u1eeb chuy\u1ec3n \u0111\u1ed9ng v\u00e0 \u0111\u1ed9ng t\u1eeb n\u1ed9i \u0111\u1ed9ng. Hi\u1ec3u c\u00e1ch ch\u00fang ho\u1ea1t \u0111\u1ed9ng l\u00e0 r\u1ea5t quan tr\u1ecdng v\u00ec ch\u00fang bi\u1ec3u th\u1ecb h\u00e0nh \u0111\u1ed9ng trong m\u1ed9t c\u00e2u.<\/p>\n\n\n\n<h3 class=\"wp-block-heading\" id=\"h-4-tenses\">4. Th\u00ec:<\/h3>\n\n\n\n<p>Ti\u1ebfng Tamil c\u00f3 ba th\u00ec c\u01a1 b\u1ea3n: qu\u00e1 kh\u1ee9, hi\u1ec7n t\u1ea1i v\u00e0 t\u01b0\u01a1ng lai. M\u1ed7i th\u00ec c\u00f3 c\u00e1c d\u1ea1ng kh\u00e1c nhau cho s\u1ed1 \u00edt v\u00e0 s\u1ed1 nhi\u1ec1u, c\u0169ng nh\u01b0 cho nh\u1eefng ng\u01b0\u1eddi kh\u00e1c nhau. Hi\u1ec3u \u0111\u01b0\u1ee3c nh\u1eefng thay \u0111\u1ed5i n\u00e0y l\u00e0 r\u1ea5t quan tr\u1ecdng \u0111\u1ec3 h\u00ecnh th\u00e0nh c\u00e2u ch\u00ednh x\u00e1c.<\/p>\n\n\n\n<h3 class=\"wp-block-heading\" id=\"h-5-tense-comparison\">5. So s\u00e1nh c\u0103ng th\u1eb3ng:<\/h3>\n\n\n\n<p>Khi b\u1ea1n hi\u1ec3u c\u00e1c th\u00ec c\u01a1 b\u1ea3n, b\u1ea1n c\u00f3 th\u1ec3 chuy\u1ec3n sang so s\u00e1nh th\u00ec. \u0110i\u1ec1u n\u00e0y \u0111\u00f2i h\u1ecfi ph\u1ea3i so s\u00e1nh c\u00e1c h\u00e0nh \u0111\u1ed9ng kh\u00e1c nhau \u1edf c\u00e1c th\u00ec kh\u00e1c nhau, \u0111i\u1ec1u n\u00e0y r\u1ea5t quan tr\u1ecdng \u0111\u1ed1i v\u1edbi vi\u1ec7c s\u1eed d\u1ee5ng ng\u00f4n ng\u1eef n\u00e2ng cao.<\/p>\n\n\n\n<h3 class=\"wp-block-heading\" id=\"h-6-adjectives\">6. T\u00ednh t\u1eeb:<\/h3>\n\n\n\n<p>T\u00ednh t\u1eeb trong ti\u1ebfng Tamil, gi\u1ed1ng nh\u01b0 trong ti\u1ebfng Anh, m\u00f4 t\u1ea3 ho\u1eb7c s\u1eeda \u0111\u1ed5i danh t\u1eeb. H\u1ecd \u0111\u1ed3ng \u00fd v\u1edbi danh t\u1eeb m\u00e0 h\u1ecd s\u1eeda \u0111\u1ed5i v\u1ec1 ch\u1eef hoa, s\u1ed1 l\u01b0\u1ee3ng v\u00e0 gi\u1edbi t\u00ednh.<\/p>\n\n\n\n<h3 class=\"wp-block-heading\" id=\"h-7-articles\">7. B\u00e0i vi\u1ebft:<\/h3>\n\n\n\n<p>Ti\u1ebfng Tamil kh\u00f4ng c\u00f3 m\u1ea1o t\u1eeb x\u00e1c \u0111\u1ecbnh ho\u1eb7c kh\u00f4ng x\u00e1c \u0111\u1ecbnh nh\u01b0 &#8216;a&#8217;, &#8216;an&#8217; ho\u1eb7c &#8216;the&#8217;. Tuy nhi\u00ean, hi\u1ec3u c\u00e1ch thay th\u1ebf ch\u00fang l\u00e0 r\u1ea5t quan tr\u1ecdng \u0111\u1ec3 h\u00ecnh th\u00e0nh c\u00e2u.<\/p>\n\n\n\n<h3 class=\"wp-block-heading\" id=\"h-8-adverbs\">8. Tr\u1ea1ng t\u1eeb:<\/h3>\n\n\n\n<p>Tr\u1ea1ng t\u1eeb s\u1eeda \u0111\u1ed5i \u0111\u1ed9ng t\u1eeb, t\u00ednh t\u1eeb ho\u1eb7c c\u00e1c tr\u1ea1ng t\u1eeb kh\u00e1c. H\u1ecd c\u00f3 th\u1ec3 th\u1ec3 hi\u1ec7n c\u00e1ch th\u1ee9c, \u0111\u1ecba \u0111i\u1ec3m, th\u1eddi gian, t\u1ea7n su\u1ea5t, m\u1ee9c \u0111\u1ed9, v.v.<\/p>\n\n\n\n<h3 class=\"wp-block-heading\" id=\"h-9-prepositions\">9. Gi\u1edbi t\u1eeb:<\/h3>\n\n\n\n<p>Gi\u1edbi t\u1eeb \u0111\u01b0\u1ee3c s\u1eed d\u1ee5ng \u0111\u1ec3 li\u00ean k\u1ebft danh t\u1eeb, \u0111\u1ea1i t\u1eeb ho\u1eb7c c\u1ee5m t\u1eeb v\u1edbi c\u00e1c t\u1eeb kh\u00e1c trong c\u00e2u. Ch\u00fang th\u1ec3 hi\u1ec7n c\u00e1c m\u1ed1i quan h\u1ec7 v\u1ec1 \u0111\u1ecba \u0111i\u1ec3m, ph\u01b0\u01a1ng h\u01b0\u1edbng, th\u1eddi gian, c\u00e1ch th\u1ee9c, nguy\u00ean nh\u00e2n v\u00e0 m\u1ee9c \u0111\u1ed9.<\/p>\n\n\n\n<h3 class=\"wp-block-heading\" id=\"h-10-conditionals\">10. \u0110i\u1ec1u ki\u1ec7n:<\/h3>\n\n\n\n<p>\u0110i\u1ec1u ki\u1ec7n l\u00e0 c\u00e2u th\u1ec3 hi\u1ec7n c\u00e1c t\u00ecnh hu\u1ed1ng gi\u1ea3 \u0111\u1ecbnh v\u00e0 h\u1eadu qu\u1ea3 c\u1ee7a ch\u00fang. Trong ti\u1ebfng Tamil, \u0111i\u1ec1u ki\u1ec7n \u0111\u01b0\u1ee3c h\u00ecnh th\u00e0nh b\u1edfi c\u00e1c d\u1ea1ng \u0111\u1ed9ng t\u1eeb v\u00e0 li\u00ean t\u1eeb c\u1ee5 th\u1ec3.<\/p>\n\n\n\n<h3 class=\"wp-block-heading\" id=\"h-11-progressive-and-perfect-progressive\">11. Ti\u1ebfn b\u1ed9 v\u00e0 Ti\u1ebfn b\u1ed9 ho\u00e0n h\u1ea3o:<\/h3>\n\n\n\n<p>\u0110\u00e2y l\u00e0 nh\u1eefng kh\u00eda c\u1ea1nh c\u1ee7a th\u00ec bi\u1ec3u th\u1ecb c\u00e1c h\u00e0nh \u0111\u1ed9ng \u0111ang di\u1ec5n ra ho\u1eb7c c\u00e1c h\u00e0nh \u0111\u1ed9ng \u0111ang di\u1ec5n ra nh\u01b0ng hi\u1ec7n \u0111\u00e3 ho\u00e0n th\u00e0nh. Ch\u00fang r\u1ea5t c\u1ea7n thi\u1ebft \u0111\u1ec3 th\u1ec3 hi\u1ec7n th\u1eddi gian v\u00e0 t\u00ednh li\u00ean t\u1ee5c c\u1ee7a c\u00e1c h\u00e0nh \u0111\u1ed9ng.<\/p>\n\n\n\n<h3 class=\"wp-block-heading\" id=\"h-12-sentences\">12. C\u00e2u:<\/h3>\n\n\n\n<p>Cu\u1ed1i c\u00f9ng, hi\u1ec3u c\u1ea5u tr\u00fac c\u1ee7a c\u00e1c c\u00e2u trong ti\u1ebfng Tamil l\u00e0 r\u1ea5t quan tr\u1ecdng. Ti\u1ebfng Tamil tu\u00e2n theo tr\u1eadt t\u1ef1 t\u1eeb Ch\u1ee7 ng\u1eef-\u0110\u1ed1i t\u01b0\u1ee3ng-\u0110\u1ed9ng t\u1eeb (SOV). Ngo\u00e0i ra, hi\u1ec3u c\u00e1c c\u00e2u gh\u00e9p v\u00e0 ph\u1ee9c t\u1ea1p s\u1ebd c\u1ea3i thi\u1ec7n kh\u1ea3 n\u0103ng s\u1eed d\u1ee5ng ng\u00f4n ng\u1eef t\u1ed5ng th\u1ec3 c\u1ee7a b\u1ea1n.<\/p>\n<\/div><\/div>\n\r\n<section class=\"learnNavigationSection\">\r\n            \r\n        <a href=\"https:\/\/talkpal.ai\/vi\/hoc-tieng-tamil\/\">\r\n            <div class=\"learnNavigationWrapper\">\r\n                <div class=\"learnNavigationContent\">\r\n                    <img decoding=\"async\" src=\"https:\/\/talkpal.ai\/wp-content\/uploads\/2024\/08\/Tamil.jpg\" alt=\"Indian Simplified Flag\">\r\n                    <div>\r\n                        <h4>Gi\u1edbi thi\u1ec7u v\u1ec1 Tamil Learning<\/h4>\r\n                        <p>T\u00ecm hi\u1ec3u t\u1ea5t c\u1ea3 v\u1ec1 ng\u1eef ph\u00e1p Tamil.<\/p>\r\n                    <\/div>\r\n                <\/div>\r\n            <\/div>\r\n        <\/a>\r\n\r\n        \r\n        <a href=\"https:\/\/talkpal.ai\/vi\/ngu-phap-tamil\/\">\r\n            <div class=\"learnNavigationWrapper\">\r\n                <div class=\"learnNavigationContent\">\r\n                    <img decoding=\"async\" src=\"https:\/\/talkpal.ai\/wp-content\/uploads\/2024\/08\/Tamil.jpg\" alt=\"Indian Simplified Flag\">\r\n                    <div>\r\n                        <h4>B\u00e0i h\u1ecdc ng\u1eef ph\u00e1p Tamil<\/h4>\r\n                        <p>Th\u1ef1c h\u00e0nh ng\u1eef ph\u00e1p Tamil.<\/p>\r\n                    <\/div>\r\n                <\/div>\r\n            <\/div>\r\n        <\/a>\r\n\r\n        \r\n        <a href=\"https:\/\/talkpal.ai\/vocabulary_language\/tamil\/\">\r\n            <div class=\"learnNavigationWrapper\">\r\n                <div class=\"learnNavigationContent\">\r\n                    <img decoding=\"async\" src=\"https:\/\/talkpal.ai\/wp-content\/uploads\/2024\/08\/Tamil.jpg\" alt=\"Indian Simplified Flag\">\r\n                    <div>\r\n                        <h4>T\u1eeb v\u1ef1ng Tamil<\/h4>\r\n                        <p>M\u1edf r\u1ed9ng v\u1ed1n t\u1eeb v\u1ef1ng ti\u1ebfng Tamil c\u1ee7a b\u1ea1n.<\/p>\r\n                    <\/div>\r\n                <\/div>\r\n            <\/div>\r\n        <\/a>\r\n\r\n            <\/section>","protected":false},"excerpt":{"rendered":"<p>Ch\u1ee7 \u0111\u1ec1 ng\u1eef ph\u00e1p Tamil Ti\u1ebfng Tamil l\u00e0 m\u1ed9t ng\u00f4n ng\u1eef s\u00f4i \u0111\u1ed9ng v\u00e0 phong ph\u00fa \u0111\u01b0\u1ee3c s\u1eed d\u1ee5ng ch\u1ee7 y\u1ebfu \u1edf Nam \u1ea4n \u0110\u1ed9 v\u00e0 Sri Lanka. N\u00f3 \u0111\u01b0\u1ee3c bi\u1ebft \u0111\u1ebfn v\u1edbi ch\u1eef vi\u1ebft \u0111\u1ed9c \u0111\u00e1o v\u00e0 h\u1ec7 th\u1ed1ng ng\u1eef ph\u00e1p ph\u1ee9c t\u1ea1p. H\u1ecdc ti\u1ebfng Tamil c\u00f3 th\u1ec3 l\u00e0 m\u1ed9t tr\u1ea3i nghi\u1ec7m h\u1ea5p d\u1eabn, [&hellip;]<\/p>\n","protected":false},"author":6,"featured_media":1444860,"parent":0,"menu_order":0,"comment_status":"closed","ping_status":"closed","template":"LearningContentPage.php","meta":{"_acf_changed":false,"footnotes":""},"class_list":["post-1447271","page","type-page","status-publish","has-post-thumbnail","hentry"],"acf":[],"yoast_head":"<!-- This site is optimized with the Yoast SEO Premium plugin v27.2 (Yoast SEO v27.2) - https:\/\/yoast.com\/product\/yoast-seo-premium-wordpress\/ -->\n<title>B\u00e0i t\u1eadp ng\u1eef ph\u00e1p Tamil - Talkpal<\/title>\n<meta name=\"description\" content=\"Kh\u00e1m ph\u00e1 c\u00e1c b\u00e0i t\u1eadp ng\u1eef ph\u00e1p Tamil hi\u1ec7u qu\u1ea3 \u0111\u1ec3 n\u00e2ng cao k\u1ef9 n\u0103ng ng\u00f4n ng\u1eef c\u1ee7a b\u1ea1n v\u00e0 t\u0103ng c\u01b0\u1eddng kh\u1ea3 n\u0103ng hi\u1ec3u.\" \/>\n<meta name=\"robots\" content=\"index, follow, max-snippet:-1, max-image-preview:large, max-video-preview:-1\" \/>\n<link rel=\"canonical\" href=\"https:\/\/talkpal.ai\/vi\/bai-tap-ngu-phap-tamil\/\" \/>\n<meta property=\"og:locale\" content=\"vi_VN\" \/>\n<meta property=\"og:type\" content=\"article\" \/>\n<meta property=\"og:title\" content=\"B\u00e0i t\u1eadp ng\u1eef ph\u00e1p Tamil\" \/>\n<meta property=\"og:description\" content=\"Ch\u1ee7 \u0111\u1ec1 ng\u1eef ph\u00e1p Tamil Ti\u1ebfng Tamil l\u00e0 m\u1ed9t ng\u00f4n ng\u1eef s\u00f4i \u0111\u1ed9ng v\u00e0 phong ph\u00fa \u0111\u01b0\u1ee3c s\u1eed d\u1ee5ng ch\u1ee7 y\u1ebfu \u1edf Nam \u1ea4n \u0110\u1ed9 v\u00e0 Sri Lanka. N\u00f3 \u0111\u01b0\u1ee3c bi\u1ebft \u0111\u1ebfn v\u1edbi ch\u1eef vi\u1ebft \u0111\u1ed9c\" \/>\n<meta property=\"og:url\" content=\"https:\/\/talkpal.ai\/vi\/bai-tap-ngu-phap-tamil\/\" \/>\n<meta property=\"og:site_name\" content=\"Talkpal\" \/>\n<meta property=\"article:publisher\" content=\"https:\/\/www.facebook.com\/profile.php?id=100090733639311\" \/>\n<meta property=\"article:modified_time\" content=\"2025-12-17T15:06:37+00:00\" \/>\n<meta property=\"og:image\" content=\"https:\/\/talkpal.ai\/wp-content\/uploads\/2023\/05\/Tamil-india.png\" \/>\n\t<meta property=\"og:image:width\" content=\"512\" \/>\n\t<meta property=\"og:image:height\" content=\"512\" \/>\n\t<meta property=\"og:image:type\" content=\"image\/png\" \/>\n<meta name=\"twitter:card\" content=\"summary_large_image\" \/>\n<meta name=\"twitter:site\" content=\"@talkpalai\" \/>\n<meta name=\"twitter:label1\" content=\"Est. reading time\" \/>\n\t<meta name=\"twitter:data1\" content=\"5 minutes\" \/>\n<script type=\"application\/ld+json\" class=\"yoast-schema-graph\">{\"@context\":\"https:\/\/schema.org\",\"@graph\":[{\"@type\":\"WebPage\",\"@id\":\"https:\/\/talkpal.ai\/vi\/bai-tap-ngu-phap-tamil\/\",\"url\":\"https:\/\/talkpal.ai\/vi\/bai-tap-ngu-phap-tamil\/\",\"name\":\"B\u00e0i t\u1eadp ng\u1eef ph\u00e1p Tamil - Talkpal\",\"isPartOf\":{\"@id\":\"https:\/\/talkpal.ai\/vi\/#website\"},\"primaryImageOfPage\":{\"@id\":\"https:\/\/talkpal.ai\/vi\/bai-tap-ngu-phap-tamil\/#primaryimage\"},\"image\":{\"@id\":\"https:\/\/talkpal.ai\/vi\/bai-tap-ngu-phap-tamil\/#primaryimage\"},\"thumbnailUrl\":\"https:\/\/talkpal.ai\/wp-content\/uploads\/2023\/05\/Tamil-india.png\",\"datePublished\":\"2023-07-05T10:17:13+00:00\",\"dateModified\":\"2025-12-17T15:06:37+00:00\",\"description\":\"Kh\u00e1m ph\u00e1 c\u00e1c b\u00e0i t\u1eadp ng\u1eef ph\u00e1p Tamil hi\u1ec7u qu\u1ea3 \u0111\u1ec3 n\u00e2ng cao k\u1ef9 n\u0103ng ng\u00f4n ng\u1eef c\u1ee7a b\u1ea1n v\u00e0 t\u0103ng c\u01b0\u1eddng kh\u1ea3 n\u0103ng hi\u1ec3u.\",\"breadcrumb\":{\"@id\":\"https:\/\/talkpal.ai\/vi\/bai-tap-ngu-phap-tamil\/#breadcrumb\"},\"inLanguage\":\"vi-VN\",\"potentialAction\":[{\"@type\":\"ReadAction\",\"target\":[\"https:\/\/talkpal.ai\/vi\/bai-tap-ngu-phap-tamil\/\"]}]},{\"@type\":\"ImageObject\",\"inLanguage\":\"vi-VN\",\"@id\":\"https:\/\/talkpal.ai\/vi\/bai-tap-ngu-phap-tamil\/#primaryimage\",\"url\":\"https:\/\/talkpal.ai\/wp-content\/uploads\/2023\/05\/Tamil-india.png\",\"contentUrl\":\"https:\/\/talkpal.ai\/wp-content\/uploads\/2023\/05\/Tamil-india.png\",\"width\":512,\"height\":512,\"caption\":\"TalkPal Tamil - India Flag\"},{\"@type\":\"BreadcrumbList\",\"@id\":\"https:\/\/talkpal.ai\/vi\/bai-tap-ngu-phap-tamil\/#breadcrumb\",\"itemListElement\":[{\"@type\":\"ListItem\",\"position\":1,\"name\":\"Homepage\",\"item\":\"https:\/\/talkpal.ai\/vi\/giao-vien-ngon-ngu-ai-3\/\"},{\"@type\":\"ListItem\",\"position\":2,\"name\":\"B\u00e0i t\u1eadp ng\u1eef ph\u00e1p Tamil\"}]},{\"@type\":\"WebSite\",\"@id\":\"https:\/\/talkpal.ai\/vi\/#website\",\"url\":\"https:\/\/talkpal.ai\/vi\/\",\"name\":\"Talkpal\",\"description\":\"AI Language Learning\",\"publisher\":{\"@id\":\"https:\/\/talkpal.ai\/vi\/#organization\"},\"alternateName\":\"Talkpal AI\",\"potentialAction\":[{\"@type\":\"SearchAction\",\"target\":{\"@type\":\"EntryPoint\",\"urlTemplate\":\"https:\/\/talkpal.ai\/vi\/?s={search_term_string}\"},\"query-input\":{\"@type\":\"PropertyValueSpecification\",\"valueRequired\":true,\"valueName\":\"search_term_string\"}}],\"inLanguage\":\"vi-VN\"},{\"@type\":\"Organization\",\"@id\":\"https:\/\/talkpal.ai\/vi\/#organization\",\"name\":\"Talkpal, Inc.\",\"alternateName\":\"Talkpal AI\",\"url\":\"https:\/\/talkpal.ai\/vi\/\",\"logo\":{\"@type\":\"ImageObject\",\"inLanguage\":\"vi-VN\",\"@id\":\"https:\/\/talkpal.ai\/vi\/#\/schema\/logo\/image\/\",\"url\":\"https:\/\/talkpal.ai\/wp-content\/uploads\/2024\/03\/Talkpal-Logo-Icon.png\",\"contentUrl\":\"https:\/\/talkpal.ai\/wp-content\/uploads\/2024\/03\/Talkpal-Logo-Icon.png\",\"width\":2880,\"height\":2880,\"caption\":\"Talkpal, Inc.\"},\"image\":{\"@id\":\"https:\/\/talkpal.ai\/vi\/#\/schema\/logo\/image\/\"},\"sameAs\":[\"https:\/\/www.facebook.com\/profile.php?id=100090733639311\",\"https:\/\/x.com\/talkpalai\",\"https:\/\/www.linkedin.com\/company\/talkpal\/\",\"https:\/\/www.youtube.com\/@TalkPal\/\",\"https:\/\/www.tiktok.com\/@talkpal\",\"https:\/\/www.instagram.com\/talkpal_ai\/\",\"https:\/\/www.crunchbase.com\/organization\/talkpal-9cde\",\"https:\/\/www.g2.com\/products\/talkpal-for-business\/\",\"https:\/\/www.trustpilot.com\/review\/talkpal.ai\",\"https:\/\/www.capterra.com\/p\/10006800\/TalkPal\/\"],\"description\":\"Talkpal is a language learning web and mobile education app, powered by the latest AI technologies, that provides engaging experiences to its customers in many different languages to help them improve their language skills. Users can chat about unlimited amount of topics with the app and use other modes to practice their language learning.\",\"email\":\"support@talkpal.ai\",\"legalName\":\"Talkpal, Inc.\",\"foundingDate\":\"2023-04-03\",\"duns\":\"118989042\",\"numberOfEmployees\":{\"@type\":\"QuantitativeValue\",\"minValue\":\"11\",\"maxValue\":\"50\"},\"publishingPrinciples\":\"https:\/\/talkpal.ai\/publishing-principles\/\",\"actionableFeedbackPolicy\":\"https:\/\/talkpal.ai\/actionable-feedback-policy\/\",\"correctionsPolicy\":\"https:\/\/talkpal.ai\/corrections-policy\/\",\"ethicsPolicy\":\"https:\/\/talkpal.ai\/ethics-policy\/\",\"diversityPolicy\":\"https:\/\/talkpal.ai\/diversity-policy\/\",\"diversityStaffingReport\":\"https:\/\/talkpal.ai\/diversity-policy\/\"}]}<\/script>\n<!-- \/ Yoast SEO Premium plugin. -->","yoast_head_json":{"title":"B\u00e0i t\u1eadp ng\u1eef ph\u00e1p Tamil - Talkpal","description":"Kh\u00e1m ph\u00e1 c\u00e1c b\u00e0i t\u1eadp ng\u1eef ph\u00e1p Tamil hi\u1ec7u qu\u1ea3 \u0111\u1ec3 n\u00e2ng cao k\u1ef9 n\u0103ng ng\u00f4n ng\u1eef c\u1ee7a b\u1ea1n v\u00e0 t\u0103ng c\u01b0\u1eddng kh\u1ea3 n\u0103ng hi\u1ec3u.","robots":{"index":"index","follow":"follow","max-snippet":"max-snippet:-1","max-image-preview":"max-image-preview:large","max-video-preview":"max-video-preview:-1"},"canonical":"https:\/\/talkpal.ai\/vi\/bai-tap-ngu-phap-tamil\/","og_locale":"vi_VN","og_type":"article","og_title":"B\u00e0i t\u1eadp ng\u1eef ph\u00e1p Tamil","og_description":"Ch\u1ee7 \u0111\u1ec1 ng\u1eef ph\u00e1p Tamil Ti\u1ebfng Tamil l\u00e0 m\u1ed9t ng\u00f4n ng\u1eef s\u00f4i \u0111\u1ed9ng v\u00e0 phong ph\u00fa \u0111\u01b0\u1ee3c s\u1eed d\u1ee5ng ch\u1ee7 y\u1ebfu \u1edf Nam \u1ea4n \u0110\u1ed9 v\u00e0 Sri Lanka. N\u00f3 \u0111\u01b0\u1ee3c bi\u1ebft \u0111\u1ebfn v\u1edbi ch\u1eef vi\u1ebft \u0111\u1ed9c","og_url":"https:\/\/talkpal.ai\/vi\/bai-tap-ngu-phap-tamil\/","og_site_name":"Talkpal","article_publisher":"https:\/\/www.facebook.com\/profile.php?id=100090733639311","article_modified_time":"2025-12-17T15:06:37+00:00","og_image":[{"width":512,"height":512,"url":"https:\/\/talkpal.ai\/wp-content\/uploads\/2023\/05\/Tamil-india.png","type":"image\/png"}],"twitter_card":"summary_large_image","twitter_site":"@talkpalai","twitter_misc":{"Est. reading time":"5 minutes"},"schema":{"@context":"https:\/\/schema.org","@graph":[{"@type":"WebPage","@id":"https:\/\/talkpal.ai\/vi\/bai-tap-ngu-phap-tamil\/","url":"https:\/\/talkpal.ai\/vi\/bai-tap-ngu-phap-tamil\/","name":"B\u00e0i t\u1eadp ng\u1eef ph\u00e1p Tamil - Talkpal","isPartOf":{"@id":"https:\/\/talkpal.ai\/vi\/#website"},"primaryImageOfPage":{"@id":"https:\/\/talkpal.ai\/vi\/bai-tap-ngu-phap-tamil\/#primaryimage"},"image":{"@id":"https:\/\/talkpal.ai\/vi\/bai-tap-ngu-phap-tamil\/#primaryimage"},"thumbnailUrl":"https:\/\/talkpal.ai\/wp-content\/uploads\/2023\/05\/Tamil-india.png","datePublished":"2023-07-05T10:17:13+00:00","dateModified":"2025-12-17T15:06:37+00:00","description":"Kh\u00e1m ph\u00e1 c\u00e1c b\u00e0i t\u1eadp ng\u1eef ph\u00e1p Tamil hi\u1ec7u qu\u1ea3 \u0111\u1ec3 n\u00e2ng cao k\u1ef9 n\u0103ng ng\u00f4n ng\u1eef c\u1ee7a b\u1ea1n v\u00e0 t\u0103ng c\u01b0\u1eddng kh\u1ea3 n\u0103ng hi\u1ec3u.","breadcrumb":{"@id":"https:\/\/talkpal.ai\/vi\/bai-tap-ngu-phap-tamil\/#breadcrumb"},"inLanguage":"vi-VN","potentialAction":[{"@type":"ReadAction","target":["https:\/\/talkpal.ai\/vi\/bai-tap-ngu-phap-tamil\/"]}]},{"@type":"ImageObject","inLanguage":"vi-VN","@id":"https:\/\/talkpal.ai\/vi\/bai-tap-ngu-phap-tamil\/#primaryimage","url":"https:\/\/talkpal.ai\/wp-content\/uploads\/2023\/05\/Tamil-india.png","contentUrl":"https:\/\/talkpal.ai\/wp-content\/uploads\/2023\/05\/Tamil-india.png","width":512,"height":512,"caption":"TalkPal Tamil - India Flag"},{"@type":"BreadcrumbList","@id":"https:\/\/talkpal.ai\/vi\/bai-tap-ngu-phap-tamil\/#breadcrumb","itemListElement":[{"@type":"ListItem","position":1,"name":"Homepage","item":"https:\/\/talkpal.ai\/vi\/giao-vien-ngon-ngu-ai-3\/"},{"@type":"ListItem","position":2,"name":"B\u00e0i t\u1eadp ng\u1eef ph\u00e1p Tamil"}]},{"@type":"WebSite","@id":"https:\/\/talkpal.ai\/vi\/#website","url":"https:\/\/talkpal.ai\/vi\/","name":"Talkpal","description":"AI Language Learning","publisher":{"@id":"https:\/\/talkpal.ai\/vi\/#organization"},"alternateName":"Talkpal AI","potentialAction":[{"@type":"SearchAction","target":{"@type":"EntryPoint","urlTemplate":"https:\/\/talkpal.ai\/vi\/?s={search_term_string}"},"query-input":{"@type":"PropertyValueSpecification","valueRequired":true,"valueName":"search_term_string"}}],"inLanguage":"vi-VN"},{"@type":"Organization","@id":"https:\/\/talkpal.ai\/vi\/#organization","name":"Talkpal, Inc.","alternateName":"Talkpal AI","url":"https:\/\/talkpal.ai\/vi\/","logo":{"@type":"ImageObject","inLanguage":"vi-VN","@id":"https:\/\/talkpal.ai\/vi\/#\/schema\/logo\/image\/","url":"https:\/\/talkpal.ai\/wp-content\/uploads\/2024\/03\/Talkpal-Logo-Icon.png","contentUrl":"https:\/\/talkpal.ai\/wp-content\/uploads\/2024\/03\/Talkpal-Logo-Icon.png","width":2880,"height":2880,"caption":"Talkpal, Inc."},"image":{"@id":"https:\/\/talkpal.ai\/vi\/#\/schema\/logo\/image\/"},"sameAs":["https:\/\/www.facebook.com\/profile.php?id=100090733639311","https:\/\/x.com\/talkpalai","https:\/\/www.linkedin.com\/company\/talkpal\/","https:\/\/www.youtube.com\/@TalkPal\/","https:\/\/www.tiktok.com\/@talkpal","https:\/\/www.instagram.com\/talkpal_ai\/","https:\/\/www.crunchbase.com\/organization\/talkpal-9cde","https:\/\/www.g2.com\/products\/talkpal-for-business\/","https:\/\/www.trustpilot.com\/review\/talkpal.ai","https:\/\/www.capterra.com\/p\/10006800\/TalkPal\/"],"description":"Talkpal is a language learning web and mobile education app, powered by the latest AI technologies, that provides engaging experiences to its customers in many different languages to help them improve their language skills. Users can chat about unlimited amount of topics with the app and use other modes to practice their language learning.","email":"support@talkpal.ai","legalName":"Talkpal, Inc.","foundingDate":"2023-04-03","duns":"118989042","numberOfEmployees":{"@type":"QuantitativeValue","minValue":"11","maxValue":"50"},"publishingPrinciples":"https:\/\/talkpal.ai\/publishing-principles\/","actionableFeedbackPolicy":"https:\/\/talkpal.ai\/actionable-feedback-policy\/","correctionsPolicy":"https:\/\/talkpal.ai\/corrections-policy\/","ethicsPolicy":"https:\/\/talkpal.ai\/ethics-policy\/","diversityPolicy":"https:\/\/talkpal.ai\/diversity-policy\/","diversityStaffingReport":"https:\/\/talkpal.ai\/diversity-policy\/"}]}},"_links":{"self":[{"href":"https:\/\/talkpal.ai\/vi\/wp-json\/wp\/v2\/pages\/1447271","targetHints":{"allow":["GET"]}}],"collection":[{"href":"https:\/\/talkpal.ai\/vi\/wp-json\/wp\/v2\/pages"}],"about":[{"href":"https:\/\/talkpal.ai\/vi\/wp-json\/wp\/v2\/types\/page"}],"author":[{"embeddable":true,"href":"https:\/\/talkpal.ai\/vi\/wp-json\/wp\/v2\/users\/6"}],"replies":[{"embeddable":true,"href":"https:\/\/talkpal.ai\/vi\/wp-json\/wp\/v2\/comments?post=1447271"}],"version-history":[{"count":0,"href":"https:\/\/talkpal.ai\/vi\/wp-json\/wp\/v2\/pages\/1447271\/revisions"}],"wp:featuredmedia":[{"embeddable":true,"href":"https:\/\/talkpal.ai\/vi\/wp-json\/wp\/v2\/media\/1444860"}],"wp:attachment":[{"href":"https:\/\/talkpal.ai\/vi\/wp-json\/wp\/v2\/media?parent=1447271"}],"curies":[{"name":"wp","href":"https:\/\/api.w.org\/{rel}","templated":true}]}}