{"id":1447240,"date":"2023-06-16T10:42:00","date_gmt":"2023-06-16T10:42:00","guid":{"rendered":"https:\/\/talkpal.ai\/bai-tap-ngu-phap-tieng-bo-dao-nha\/"},"modified":"2025-12-17T16:16:04","modified_gmt":"2025-12-17T16:16:04","slug":"bai-tap-ngu-phap-tieng-bo-dao-nha","status":"publish","type":"page","link":"https:\/\/talkpal.ai\/vi\/bai-tap-ngu-phap-tieng-bo-dao-nha\/","title":{"rendered":"B\u00e0i t\u1eadp ng\u1eef ph\u00e1p ti\u1ebfng B\u1ed3 \u0110\u00e0o Nha"},"content":{"rendered":"\r\n\r\n\r\n<section class=\"languageChallengeSection\">\r\n    <div class=\"languageInfoWrapper\">\r\n        \r\n        <h1>B\u00e0i t\u1eadp ng\u1eef ph\u00e1p ti\u1ebfng B\u1ed3 \u0110\u00e0o Nha<\/h1>\r\n        <p>H\u00e1o h\u1ee9c c\u1ee7ng c\u1ed1 k\u1ef9 n\u0103ng <a href=\"https:\/\/talkpal.ai\/learn-portuguese\/\">ti\u1ebfng B\u1ed3 \u0110\u00e0o Nha<\/a> c\u1ee7a b\u1ea1n? Tham gia th\u1ef1c h\u00e0nh <a href=\"https:\/\/talkpal.ai\/vi\/ngu-phap\/\">ng\u1eef ph\u00e1p<\/a> \u0111\u1ec3 n\u1eafm v\u1eefng c\u1ea5u tr\u00fac c\u00e2u, c\u00e1ch chia \u0111\u1ed9ng t\u1eeb v\u00e0 c\u00e1c m\u1eabu \u0111\u1ed9c \u0111\u00e1o c\u1ee7a <a href=\"https:\/\/talkpal.ai\/vi\/hoc-ngon-ngu-cho-cac-truong-ngon-ngu\/\">ng\u00f4n ng\u1eef<\/a> B\u1ed3 \u0110\u00e0o Nha. B\u1eaft \u0111\u1ea7u th\u1ef1c h\u00e0nh <a href=\"https:\/\/talkpal.ai\/portuguese-grammar\/\">ng\u1eef ph\u00e1p ti\u1ebfng B\u1ed3 \u0110\u00e0o Nha<\/a> ngay b\u00e2y gi\u1edd v\u00e0 th\u1ea5y s\u1ef1 t\u1ef1 tin v\u00e0 l\u01b0u lo\u00e1t c\u1ee7a b\u1ea1n ph\u00e1t tri\u1ec3n sau m\u1ed7i b\u00e0i t\u1eadp!<\/p>\r\n\r\n                            <a class=\"getStartedHidden\" href=\"https:\/\/app.talkpal.ai\/vi\/signup?lng=\">B\u1eaft \u0111\u1ea7u nh\u00e9<\/a>\r\n        \r\n    <\/div>\r\n\r\n    <figure>\r\n    <img decoding=\"async\" width=\"768\" height=\"768\" src=\"https:\/\/talkpal.ai\/wp-content\/uploads\/2023\/06\/portuguese-768x768.png\" class=\"languageImage no-lazy\" alt=\"Language learning for broader world view\" fetchpriority=\"high\" sizes=\"(max-width: 768px) 150px, 768px\" srcset=\"https:\/\/talkpal.ai\/wp-content\/uploads\/2023\/06\/portuguese-768x768.png 768w, https:\/\/talkpal.ai\/wp-content\/uploads\/2023\/06\/portuguese-300x300.png 300w\" \/>\r\n    \r\n\r\n    <\/figure>\r\n\r\n            <a class=\"getStartedVisible\" href=\"https:\/\/app.talkpal.ai\/vi\/signup?lng=\">B\u1eaft \u0111\u1ea7u nh\u00e9<\/a>\r\n    \r\n<\/section>\r\n\r\n\r\n<!-- <section class=\"grammarSection\">\r\n    <div class=\"grammarLinks\">\r\n            <\/div>\r\n<\/section> -->\r\n\r\n\r\n\r\n\r\n<section class=\"promotionalBanner\">\r\n    <p class=\"promotionalText\">C\u00e1ch hi\u1ec7u qu\u1ea3 nh\u1ea5t \u0111\u1ec3 h\u1ecdc m\u1ed9t ng\u00f4n ng\u1eef<\/p>\r\n    <a class=\"promotionalLink\" href=\"https:\/\/app.talkpal.ai\/vi\/signup?lng=\">D\u00f9ng th\u1eed Talkpal mi\u1ec5n ph\u00ed<\/a>\r\n<\/section>\n<div class=\"wp-block-group pageContainerStyle\"><div class=\"wp-block-group__inner-container is-layout-constrained wp-block-group-is-layout-constrained\">\n<h2 class=\"wp-block-heading\" id=\"h-portuguese-grammar-topics\">Ch\u1ee7 \u0111\u1ec1 ng\u1eef ph\u00e1p ti\u1ebfng B\u1ed3 \u0110\u00e0o Nha<\/h2>\n\n\n\n<p>H\u1ecdc m\u1ed9t ng\u00f4n ng\u1eef m\u1edbi c\u00f3 th\u1ec3 l\u00e0 m\u1ed9t tr\u1ea3i nghi\u1ec7m th\u00fa v\u1ecb v\u00e0 b\u1ed5 \u00edch, v\u00e0 <a href=\"https:\/\/talkpal.ai\/vi\/noi-tieng-bo-dao-nha\/\">ti\u1ebfng B\u1ed3<\/a> \u0110\u00e0o Nha c\u0169ng kh\u00f4ng ngo\u1ea1i l\u1ec7. L\u00e0 ng\u00f4n ng\u1eef \u0111\u01b0\u1ee3c s\u1eed d\u1ee5ng nhi\u1ec1u th\u1ee9 s\u00e1u tr\u00ean th\u1ebf gi\u1edbi, n\u00f3 mang \u0111\u1ebfn nhi\u1ec1u c\u01a1 h\u1ed9i \u0111\u1ec3 ph\u00e1t tri\u1ec3n c\u00e1 nh\u00e2n v\u00e0 ngh\u1ec1 nghi\u1ec7p. Hi\u1ec3u v\u00e0 n\u1eafm v\u1eefng s\u1ef1 ph\u1ee9c t\u1ea1p <a href=\"https:\/\/talkpal.ai\/vi\/ve\/\">v\u1ec1<\/a> ng\u00f4n ng\u1eef v\u00e0 ng\u1eef ph\u00e1p c\u1ee7a n\u00f3 c\u00f3 th\u1ec3 m\u1edf ra c\u00e1nh c\u1eeda cho nh\u1eefng tr\u1ea3i nghi\u1ec7m v\u0103n h\u00f3a phong ph\u00fa \u1edf c\u00e1c qu\u1ed1c gia nh\u01b0 B\u1ed3 \u0110\u00e0o Nha, <a href=\"https:\/\/talkpal.ai\/locations\/language-courses-in-brazil\/\">Brazil<\/a> v\u00e0 c\u00e1c qu\u1ed1c gia ch\u00e2u Phi kh\u00e1c nhau. \u0110\u1ec3 d\u1ec5 d\u00e0ng h\u00e0nh tr\u00ecnh c\u1ee7a b\u1ea1n v\u00e0o th\u1ebf gi\u1edbi ti\u1ebfng B\u1ed3 \u0110\u00e0o Nha, h\u01b0\u1edbng d\u1eabn n\u00e0y ph\u00e1c th\u1ea3o tr\u00ecnh t\u1ef1 c\u00e1c ch\u1ee7 \u0111\u1ec1 ng\u1eef ph\u00e1p b\u1ea1n n\u00ean tu\u00e2n theo, \u0111\u1ea3m b\u1ea3o b\u1ea1n x\u00e2y d\u1ef1ng n\u1ec1n t\u1ea3ng v\u1eefng ch\u1eafc v\u00e0 ti\u1ebfn b\u1ed9 v\u1edbi t\u1ed1c \u0111\u1ed9 tho\u1ea3i m\u00e1i.<\/p>\n\n\n\n<h3 class=\"wp-block-heading\" id=\"h-1-articles\">1. B\u00e0i vi\u1ebft:<\/h3>\n\n\n\n<p>B\u1eaft \u0111\u1ea7u b\u1eb1ng vi\u1ec7c h\u1ecdc c\u00e1c m\u1ea1o t\u1eeb x\u00e1c \u0111\u1ecbnh v\u00e0 kh\u00f4ng x\u00e1c \u0111\u1ecbnh, l\u00e0 nh\u1eefng kh\u1ed1i x\u00e2y d\u1ef1ng thi\u1ebft y\u1ebfu c\u1ee7a ng\u00f4n ng\u1eef. Nh\u1eefng \u0111i\u1ec1u n\u00e0y cung c\u1ea5p m\u1ed9t khu\u00f4n kh\u1ed5 \u0111\u1ec3 hi\u1ec3u gi\u1edbi t\u00ednh v\u00e0 s\u1ed1 l\u01b0\u1ee3ng danh t\u1eeb trong c\u00e2u.<\/p>\n\n\n\n<h3 class=\"wp-block-heading\" id=\"h-2-nouns\">2. Danh t\u1eeb:<\/h3>\n\n\n\n<p>L\u00e0m quen v\u1edbi danh t\u1eeb ti\u1ebfng B\u1ed3 \u0110\u00e0o Nha, bao g\u1ed3m gi\u1edbi t\u00ednh (nam ho\u1eb7c n\u1eef) v\u00e0 s\u1ed1 (s\u1ed1 \u00edt ho\u1eb7c s\u1ed1 nhi\u1ec1u). Ki\u1ebfn th\u1ee9c n\u00e0y s\u1ebd r\u1ea5t quan tr\u1ecdng \u0111\u1ec3 h\u00ecnh th\u00e0nh c\u00e1c c\u00e2u m\u1ea1ch l\u1ea1c v\u00e0 th\u1ecfa thu\u1eadn v\u1edbi c\u00e1c y\u1ebfu t\u1ed1 kh\u00e1c, ch\u1eb3ng h\u1ea1n nh\u01b0 t\u00ednh t\u1eeb.<\/p>\n\n\n\n<h3 class=\"wp-block-heading\" id=\"h-3-adjectives\">3. T\u00ednh t\u1eeb:<\/h3>\n\n\n\n<p>H\u1ecdc c\u00e1ch m\u00f4 t\u1ea3 danh t\u1eeb b\u1eb1ng c\u00e1ch s\u1eed d\u1ee5ng t\u00ednh t\u1eeb, t\u00ednh t\u1eeb n\u00e0y ph\u1ea3i ph\u00f9 h\u1ee3p v\u1edbi danh t\u1eeb v\u1ec1 gi\u1edbi t\u00ednh v\u00e0 s\u1ed1. \u0110i\u1ec1u n\u00e0y s\u1ebd n\u00e2ng cao kh\u1ea3 n\u0103ng th\u1ec3 hi\u1ec7n \u00fd t\u01b0\u1edfng v\u00e0 m\u00f4 t\u1ea3 \u0111\u1ed3 v\u1eadt ho\u1eb7c con ng\u01b0\u1eddi b\u1eb1ng ti\u1ebfng B\u1ed3 \u0110\u00e0o Nha.<\/p>\n\n\n\n<h3 class=\"wp-block-heading\" id=\"h-4-pronouns\">4. \u0110\u1ea1i t\u1eeb:<\/h3>\n\n\n\n<p>\u0110i s\u00e2u v\u00e0o th\u1ebf gi\u1edbi c\u1ee7a c\u00e1c \u0111\u1ea1i t\u1eeb, bao g\u1ed3m c\u00e1c \u0111\u1ea1i t\u1eeb c\u00e1 nh\u00e2n, s\u1edf h\u1eefu, bi\u1ec3u th\u1ecb v\u00e0 \u0111\u1ea1i t\u1eeb t\u01b0\u01a1ng \u0111\u1ed1i. Nh\u1eefng \u0111i\u1ec1u n\u00e0y thay th\u1ebf danh t\u1eeb trong c\u00e2u v\u00e0 gi\u00fap tr\u00e1nh s\u1ef1 l\u1eb7p l\u1ea1i kh\u00f4ng c\u1ea7n thi\u1ebft.<\/p>\n\n\n\n<h3 class=\"wp-block-heading\" id=\"h-5-verbs\">5. \u0110\u1ed9ng t\u1eeb:<\/h3>\n\n\n\n<p>Hi\u1ec3u c\u00e1c c\u00e1ch chia \u0111\u1ed9ng t\u1eeb kh\u00e1c nhau trong ti\u1ebfng B\u1ed3 \u0110\u00e0o Nha, r\u1ea5t c\u1ea7n thi\u1ebft \u0111\u1ec3 th\u1ec3 hi\u1ec7n h\u00e0nh \u0111\u1ed9ng, s\u1ef1 ki\u1ec7n v\u00e0 tr\u1ea1ng th\u00e1i. B\u1eaft \u0111\u1ea7u v\u1edbi c\u00e1c \u0111\u1ed9ng t\u1eeb th\u00f4ng th\u01b0\u1eddng, v\u00e0 sau \u0111\u00f3 chuy\u1ec3n sang c\u00e1c \u0111\u1ed9ng t\u1eeb b\u1ea5t quy t\u1eafc v\u00e0 c\u00e1c c\u00e1ch chia \u0111\u1ed9ng t\u1eeb kh\u00e1c nhau c\u1ee7a ch\u00fang.<\/p>\n\n\n\n<h3 class=\"wp-block-heading\" id=\"h-6-tenses-indicative\">6. Th\u00ec ch\u1ec9 \u0111\u1ecbnh:<\/h3>\n\n\n\n<p>T\u00ecm hi\u1ec3u t\u00e2m tr\u1ea1ng ch\u1ec9 \u0111\u1ecbnh, \u0111\u01b0\u1ee3c s\u1eed d\u1ee5ng \u0111\u1ec3 th\u1ec3 hi\u1ec7n s\u1ef1 th\u1eadt ho\u1eb7c s\u1ef1 ch\u1eafc ch\u1eafn. \u0110i\u1ec1u n\u00e0y bao g\u1ed3m vi\u1ec7c hi\u1ec3u c\u00e1c th\u00ec kh\u00e1c nhau nh\u01b0 hi\u1ec7n t\u1ea1i, qu\u00e1 kh\u1ee9 v\u00e0 t\u01b0\u01a1ng lai, c\u0169ng nh\u01b0 c\u00e1ch chia \u0111\u1ed9ng t\u1eeb c\u1ee7a ch\u00fang cho c\u00e1c lo\u1ea1i \u0111\u1ed9ng t\u1eeb kh\u00e1c nhau.<\/p>\n\n\n\n<h3 class=\"wp-block-heading\" id=\"h-7-tenses-subjunctive\">7. Th\u00ec \u0110\u1ecbnh t\u1eeb:<\/h3>\n\n\n\n<p>\u0110i s\u00e2u v\u00e0o t\u00e2m tr\u1ea1ng gi\u1ea3 \u0111\u1ecbnh, truy\u1ec1n t\u1ea3i s\u1ef1 nghi ng\u1edd, kh\u1ea3 n\u0103ng ho\u1eb7c s\u1ef1 kh\u00f4ng ch\u1eafc ch\u1eafn. \u0110i\u1ec1u n\u00e0y bao g\u1ed3m vi\u1ec7c h\u1ecdc th\u00ec gi\u1ea3 \u0111\u1ecbnh hi\u1ec7n t\u1ea1i, qu\u00e1 kh\u1ee9 v\u00e0 t\u01b0\u01a1ng lai, v\u00e0 c\u00e1c c\u00e1ch chia t\u01b0\u01a1ng \u1ee9ng c\u1ee7a ch\u00fang.<\/p>\n\n\n\n<h3 class=\"wp-block-heading\" id=\"h-8-tense-comparison\">8. So s\u00e1nh c\u0103ng th\u1eb3ng:<\/h3>\n\n\n\n<p>Nghi\u00ean c\u1ee9u c\u00e1ch so s\u00e1nh v\u00e0 \u0111\u1ed1i chi\u1ebfu c\u00e1c th\u00ec kh\u00e1c nhau trong c\u1ea3 t\u00e2m tr\u1ea1ng ch\u1ec9 \u0111\u1ecbnh v\u00e0 gi\u1ea3 \u0111\u1ecbnh. \u0110i\u1ec1u n\u00e0y s\u1ebd gi\u00fap b\u1ea1n ch\u1ecdn th\u00ec th\u00edch h\u1ee3p cho c\u00e1c ng\u1eef c\u1ea3nh v\u00e0 t\u00ecnh hu\u1ed1ng kh\u00e1c nhau.<\/p>\n\n\n\n<h3 class=\"wp-block-heading\" id=\"h-9-adverbs\">9. Tr\u1ea1ng t\u1eeb:<\/h3>\n\n\n\n<p>T\u00ecm hi\u1ec3u v\u1ec1 tr\u1ea1ng t\u1eeb, s\u1eeda \u0111\u1ed5i \u0111\u1ed9ng t\u1eeb, t\u00ednh t\u1eeb ho\u1eb7c tr\u1ea1ng t\u1eeb kh\u00e1c, cung c\u1ea5p th\u00f4ng tin b\u1ed5 sung v\u1ec1 c\u00e1ch th\u1ee9c, \u0111\u1ecba \u0111i\u1ec3m ho\u1eb7c th\u1eddi gian c\u1ee7a m\u1ed9t h\u00e0nh \u0111\u1ed9ng.<\/p>\n\n\n\n<h3 class=\"wp-block-heading\" id=\"h-10-prepositions\">10. Gi\u1edbi t\u1eeb:<\/h3>\n\n\n\n<p>L\u00e0m quen v\u1edbi vi\u1ec7c s\u1eed d\u1ee5ng gi\u1edbi t\u1eeb, thi\u1ebft l\u1eadp m\u1ed1i quan h\u1ec7 gi\u1eefa c\u00e1c t\u1eeb trong c\u00e2u, ch\u1eb3ng h\u1ea1n nh\u01b0 v\u1ecb tr\u00ed, h\u01b0\u1edbng, th\u1eddi gian ho\u1eb7c m\u1ee5c \u0111\u00edch.<\/p>\n\n\n\n<h3 class=\"wp-block-heading\" id=\"h-11-sentence-structure\">11. C\u1ea5u tr\u00fac c\u00e2u:<\/h3>\n\n\n\n<p>Cu\u1ed1i c\u00f9ng, hi\u1ec3u c\u1ea5u tr\u00fac c\u00e2u c\u01a1 b\u1ea3n trong ti\u1ebfng B\u1ed3 \u0110\u00e0o Nha, bao g\u1ed3m tr\u1eadt t\u1ef1 t\u1eeb, ph\u1ee7 \u0111\u1ecbnh v\u00e0 h\u00ecnh th\u00e0nh c\u00e2u h\u1ecfi. \u0110i\u1ec1u n\u00e0y s\u1ebd cho ph\u00e9p b\u1ea1n x\u00e2y d\u1ef1ng c\u00e1c c\u00e2u c\u00f3 \u00fd ngh\u0129a v\u00e0 \u0111\u00fang ng\u1eef ph\u00e1p, cho ph\u00e9p giao ti\u1ebfp hi\u1ec7u qu\u1ea3 b\u1eb1ng ti\u1ebfng B\u1ed3 \u0110\u00e0o Nha.<\/p>\n<\/div><\/div>\n\r\n<section class=\"learnNavigationSection\">\r\n            \r\n        <a href=\"https:\/\/talkpal.ai\/vi\/hoc-tieng-bo-dao-nha\/\">\r\n            <div class=\"learnNavigationWrapper\">\r\n                <div class=\"learnNavigationContent\">\r\n                    <img decoding=\"async\" src=\"https:\/\/talkpal.ai\/wp-content\/uploads\/2024\/08\/Portuguese.jpg\" alt=\"Portuguese Flag\">\r\n                    <div>\r\n                        <h4>Gi\u1edbi thi\u1ec7u v\u1ec1 \u0111\u00e0o t\u1ea1o B\u1ed3 \u0110\u00e0o Nha<\/h4>\r\n                        <p>T\u00ecm hi\u1ec3u t\u1ea5t c\u1ea3 v\u1ec1 ng\u1eef ph\u00e1p B\u1ed3 \u0110\u00e0o Nha.<\/p>\r\n                    <\/div>\r\n                <\/div>\r\n            <\/div>\r\n        <\/a>\r\n\r\n        \r\n        <a href=\"https:\/\/talkpal.ai\/vi\/ngu-phap-tieng-bo-dao-nha\/\">\r\n            <div class=\"learnNavigationWrapper\">\r\n                <div class=\"learnNavigationContent\">\r\n                    <img decoding=\"async\" src=\"https:\/\/talkpal.ai\/wp-content\/uploads\/2024\/08\/Portuguese.jpg\" alt=\"Portuguese Flag\">\r\n                    <div>\r\n                        <h4>B\u00e0i h\u1ecdc ng\u1eef ph\u00e1p ti\u1ebfng B\u1ed3 \u0110\u00e0o Nha<\/h4>\r\n                        <p>Th\u1ef1c h\u00e0nh ng\u1eef ph\u00e1p ti\u1ebfng B\u1ed3 \u0110\u00e0o Nha.<\/p>\r\n                    <\/div>\r\n                <\/div>\r\n            <\/div>\r\n        <\/a>\r\n\r\n        \r\n        <a href=\"https:\/\/talkpal.ai\/vocabulary_language\/portuguese\/\">\r\n            <div class=\"learnNavigationWrapper\">\r\n                <div class=\"learnNavigationContent\">\r\n                    <img decoding=\"async\" src=\"https:\/\/talkpal.ai\/wp-content\/uploads\/2024\/08\/Portuguese.jpg\" alt=\"Portuguese Flag\">\r\n                    <div>\r\n                        <h4>T\u1eeb v\u1ef1ng ti\u1ebfng B\u1ed3 \u0110\u00e0o Nha<\/h4>\r\n                        <p>M\u1edf r\u1ed9ng v\u1ed1n t\u1eeb v\u1ef1ng ti\u1ebfng B\u1ed3 \u0110\u00e0o Nha c\u1ee7a b\u1ea1n.<\/p>\r\n                    <\/div>\r\n                <\/div>\r\n            <\/div>\r\n        <\/a>\r\n\r\n            <\/section>","protected":false},"excerpt":{"rendered":"<p>Ch\u1ee7 \u0111\u1ec1 ng\u1eef ph\u00e1p ti\u1ebfng B\u1ed3 \u0110\u00e0o Nha H\u1ecdc m\u1ed9t ng\u00f4n ng\u1eef m\u1edbi c\u00f3 th\u1ec3 l\u00e0 m\u1ed9t tr\u1ea3i nghi\u1ec7m th\u00fa v\u1ecb v\u00e0 b\u1ed5 \u00edch, v\u00e0 ti\u1ebfng B\u1ed3 \u0110\u00e0o Nha c\u0169ng kh\u00f4ng ngo\u1ea1i l\u1ec7. L\u00e0 ng\u00f4n ng\u1eef \u0111\u01b0\u1ee3c s\u1eed d\u1ee5ng nhi\u1ec1u th\u1ee9 s\u00e1u tr\u00ean th\u1ebf gi\u1edbi, n\u00f3 mang \u0111\u1ebfn nhi\u1ec1u c\u01a1 h\u1ed9i \u0111\u1ec3 ph\u00e1t tri\u1ec3n c\u00e1 [&hellip;]<\/p>\n","protected":false},"author":6,"featured_media":1440118,"parent":0,"menu_order":0,"comment_status":"closed","ping_status":"closed","template":"LearningContentPage.php","meta":{"_acf_changed":false,"footnotes":""},"class_list":["post-1447240","page","type-page","status-publish","has-post-thumbnail","hentry"],"acf":[],"yoast_head":"<!-- This site is optimized with the Yoast SEO Premium plugin v27.2 (Yoast SEO v27.2) - https:\/\/yoast.com\/product\/yoast-seo-premium-wordpress\/ -->\n<title>B\u00e0i t\u1eadp ng\u1eef ph\u00e1p ti\u1ebfng B\u1ed3 \u0110\u00e0o Nha - Talkpal<\/title>\n<meta name=\"description\" content=\"T\u0103ng c\u01b0\u1eddng k\u1ef9 n\u0103ng ng\u1eef ph\u00e1p ti\u1ebfng B\u1ed3 \u0110\u00e0o Nha c\u1ee7a b\u1ea1n v\u1edbi c\u00e1c b\u00e0i t\u1eadp t\u01b0\u01a1ng t\u00e1c \u0111\u01b0\u1ee3c thi\u1ebft k\u1ebf cho m\u1ecdi c\u1ea5p \u0111\u1ed9.\" \/>\n<meta name=\"robots\" content=\"index, follow, max-snippet:-1, max-image-preview:large, max-video-preview:-1\" \/>\n<link rel=\"canonical\" href=\"https:\/\/talkpal.ai\/vi\/bai-tap-ngu-phap-tieng-bo-dao-nha\/\" \/>\n<meta property=\"og:locale\" content=\"vi_VN\" \/>\n<meta property=\"og:type\" content=\"article\" \/>\n<meta property=\"og:title\" content=\"B\u00e0i t\u1eadp ng\u1eef ph\u00e1p ti\u1ebfng B\u1ed3 \u0110\u00e0o Nha\" \/>\n<meta property=\"og:description\" content=\"Ch\u1ee7 \u0111\u1ec1 ng\u1eef ph\u00e1p ti\u1ebfng B\u1ed3 \u0110\u00e0o Nha H\u1ecdc m\u1ed9t ng\u00f4n ng\u1eef m\u1edbi c\u00f3 th\u1ec3 l\u00e0 m\u1ed9t tr\u1ea3i nghi\u1ec7m th\u00fa v\u1ecb v\u00e0 b\u1ed5 \u00edch, v\u00e0 ti\u1ebfng B\u1ed3 \u0110\u00e0o Nha c\u0169ng kh\u00f4ng ngo\u1ea1i l\u1ec7. L\u00e0 ng\u00f4n ng\u1eef\" \/>\n<meta property=\"og:url\" content=\"https:\/\/talkpal.ai\/vi\/bai-tap-ngu-phap-tieng-bo-dao-nha\/\" \/>\n<meta property=\"og:site_name\" content=\"Talkpal\" \/>\n<meta property=\"article:publisher\" content=\"https:\/\/www.facebook.com\/profile.php?id=100090733639311\" \/>\n<meta property=\"article:modified_time\" content=\"2025-12-17T16:16:04+00:00\" \/>\n<meta property=\"og:image\" content=\"https:\/\/talkpal.ai\/wp-content\/uploads\/2023\/04\/portugal.png\" \/>\n\t<meta property=\"og:image:width\" content=\"512\" \/>\n\t<meta property=\"og:image:height\" content=\"512\" \/>\n\t<meta property=\"og:image:type\" content=\"image\/png\" \/>\n<meta name=\"twitter:card\" content=\"summary_large_image\" \/>\n<meta name=\"twitter:site\" content=\"@talkpalai\" \/>\n<meta name=\"twitter:label1\" content=\"Est. reading time\" \/>\n\t<meta name=\"twitter:data1\" content=\"5 minutes\" \/>\n<script type=\"application\/ld+json\" class=\"yoast-schema-graph\">{\"@context\":\"https:\/\/schema.org\",\"@graph\":[{\"@type\":\"WebPage\",\"@id\":\"https:\/\/talkpal.ai\/vi\/bai-tap-ngu-phap-tieng-bo-dao-nha\/\",\"url\":\"https:\/\/talkpal.ai\/vi\/bai-tap-ngu-phap-tieng-bo-dao-nha\/\",\"name\":\"B\u00e0i t\u1eadp ng\u1eef ph\u00e1p ti\u1ebfng B\u1ed3 \u0110\u00e0o Nha - Talkpal\",\"isPartOf\":{\"@id\":\"https:\/\/talkpal.ai\/vi\/#website\"},\"primaryImageOfPage\":{\"@id\":\"https:\/\/talkpal.ai\/vi\/bai-tap-ngu-phap-tieng-bo-dao-nha\/#primaryimage\"},\"image\":{\"@id\":\"https:\/\/talkpal.ai\/vi\/bai-tap-ngu-phap-tieng-bo-dao-nha\/#primaryimage\"},\"thumbnailUrl\":\"https:\/\/talkpal.ai\/wp-content\/uploads\/2023\/04\/portugal.png\",\"datePublished\":\"2023-06-16T10:42:00+00:00\",\"dateModified\":\"2025-12-17T16:16:04+00:00\",\"description\":\"T\u0103ng c\u01b0\u1eddng k\u1ef9 n\u0103ng ng\u1eef ph\u00e1p ti\u1ebfng B\u1ed3 \u0110\u00e0o Nha c\u1ee7a b\u1ea1n v\u1edbi c\u00e1c b\u00e0i t\u1eadp t\u01b0\u01a1ng t\u00e1c \u0111\u01b0\u1ee3c thi\u1ebft k\u1ebf cho m\u1ecdi c\u1ea5p \u0111\u1ed9.\",\"breadcrumb\":{\"@id\":\"https:\/\/talkpal.ai\/vi\/bai-tap-ngu-phap-tieng-bo-dao-nha\/#breadcrumb\"},\"inLanguage\":\"vi-VN\",\"potentialAction\":[{\"@type\":\"ReadAction\",\"target\":[\"https:\/\/talkpal.ai\/vi\/bai-tap-ngu-phap-tieng-bo-dao-nha\/\"]}]},{\"@type\":\"ImageObject\",\"inLanguage\":\"vi-VN\",\"@id\":\"https:\/\/talkpal.ai\/vi\/bai-tap-ngu-phap-tieng-bo-dao-nha\/#primaryimage\",\"url\":\"https:\/\/talkpal.ai\/wp-content\/uploads\/2023\/04\/portugal.png\",\"contentUrl\":\"https:\/\/talkpal.ai\/wp-content\/uploads\/2023\/04\/portugal.png\",\"width\":512,\"height\":512,\"caption\":\"TalkPal Catalan Flag\"},{\"@type\":\"BreadcrumbList\",\"@id\":\"https:\/\/talkpal.ai\/vi\/bai-tap-ngu-phap-tieng-bo-dao-nha\/#breadcrumb\",\"itemListElement\":[{\"@type\":\"ListItem\",\"position\":1,\"name\":\"Homepage\",\"item\":\"https:\/\/talkpal.ai\/vi\/giao-vien-ngon-ngu-ai-3\/\"},{\"@type\":\"ListItem\",\"position\":2,\"name\":\"B\u00e0i t\u1eadp ng\u1eef ph\u00e1p ti\u1ebfng B\u1ed3 \u0110\u00e0o Nha\"}]},{\"@type\":\"WebSite\",\"@id\":\"https:\/\/talkpal.ai\/vi\/#website\",\"url\":\"https:\/\/talkpal.ai\/vi\/\",\"name\":\"Talkpal\",\"description\":\"AI Language Learning\",\"publisher\":{\"@id\":\"https:\/\/talkpal.ai\/vi\/#organization\"},\"alternateName\":\"Talkpal AI\",\"potentialAction\":[{\"@type\":\"SearchAction\",\"target\":{\"@type\":\"EntryPoint\",\"urlTemplate\":\"https:\/\/talkpal.ai\/vi\/?s={search_term_string}\"},\"query-input\":{\"@type\":\"PropertyValueSpecification\",\"valueRequired\":true,\"valueName\":\"search_term_string\"}}],\"inLanguage\":\"vi-VN\"},{\"@type\":\"Organization\",\"@id\":\"https:\/\/talkpal.ai\/vi\/#organization\",\"name\":\"Talkpal, Inc.\",\"alternateName\":\"Talkpal AI\",\"url\":\"https:\/\/talkpal.ai\/vi\/\",\"logo\":{\"@type\":\"ImageObject\",\"inLanguage\":\"vi-VN\",\"@id\":\"https:\/\/talkpal.ai\/vi\/#\/schema\/logo\/image\/\",\"url\":\"https:\/\/talkpal.ai\/wp-content\/uploads\/2024\/03\/Talkpal-Logo-Icon.png\",\"contentUrl\":\"https:\/\/talkpal.ai\/wp-content\/uploads\/2024\/03\/Talkpal-Logo-Icon.png\",\"width\":2880,\"height\":2880,\"caption\":\"Talkpal, Inc.\"},\"image\":{\"@id\":\"https:\/\/talkpal.ai\/vi\/#\/schema\/logo\/image\/\"},\"sameAs\":[\"https:\/\/www.facebook.com\/profile.php?id=100090733639311\",\"https:\/\/x.com\/talkpalai\",\"https:\/\/www.linkedin.com\/company\/talkpal\/\",\"https:\/\/www.youtube.com\/@TalkPal\/\",\"https:\/\/www.tiktok.com\/@talkpal\",\"https:\/\/www.instagram.com\/talkpal_ai\/\",\"https:\/\/www.crunchbase.com\/organization\/talkpal-9cde\",\"https:\/\/www.g2.com\/products\/talkpal-for-business\/\",\"https:\/\/www.trustpilot.com\/review\/talkpal.ai\",\"https:\/\/www.capterra.com\/p\/10006800\/TalkPal\/\"],\"description\":\"Talkpal is a language learning web and mobile education app, powered by the latest AI technologies, that provides engaging experiences to its customers in many different languages to help them improve their language skills. Users can chat about unlimited amount of topics with the app and use other modes to practice their language learning.\",\"email\":\"support@talkpal.ai\",\"legalName\":\"Talkpal, Inc.\",\"foundingDate\":\"2023-04-03\",\"duns\":\"118989042\",\"numberOfEmployees\":{\"@type\":\"QuantitativeValue\",\"minValue\":\"11\",\"maxValue\":\"50\"},\"publishingPrinciples\":\"https:\/\/talkpal.ai\/publishing-principles\/\",\"actionableFeedbackPolicy\":\"https:\/\/talkpal.ai\/actionable-feedback-policy\/\",\"correctionsPolicy\":\"https:\/\/talkpal.ai\/corrections-policy\/\",\"ethicsPolicy\":\"https:\/\/talkpal.ai\/ethics-policy\/\",\"diversityPolicy\":\"https:\/\/talkpal.ai\/diversity-policy\/\",\"diversityStaffingReport\":\"https:\/\/talkpal.ai\/diversity-policy\/\"}]}<\/script>\n<!-- \/ Yoast SEO Premium plugin. -->","yoast_head_json":{"title":"B\u00e0i t\u1eadp ng\u1eef ph\u00e1p ti\u1ebfng B\u1ed3 \u0110\u00e0o Nha - Talkpal","description":"T\u0103ng c\u01b0\u1eddng k\u1ef9 n\u0103ng ng\u1eef ph\u00e1p ti\u1ebfng B\u1ed3 \u0110\u00e0o Nha c\u1ee7a b\u1ea1n v\u1edbi c\u00e1c b\u00e0i t\u1eadp t\u01b0\u01a1ng t\u00e1c \u0111\u01b0\u1ee3c thi\u1ebft k\u1ebf cho m\u1ecdi c\u1ea5p \u0111\u1ed9.","robots":{"index":"index","follow":"follow","max-snippet":"max-snippet:-1","max-image-preview":"max-image-preview:large","max-video-preview":"max-video-preview:-1"},"canonical":"https:\/\/talkpal.ai\/vi\/bai-tap-ngu-phap-tieng-bo-dao-nha\/","og_locale":"vi_VN","og_type":"article","og_title":"B\u00e0i t\u1eadp ng\u1eef ph\u00e1p ti\u1ebfng B\u1ed3 \u0110\u00e0o Nha","og_description":"Ch\u1ee7 \u0111\u1ec1 ng\u1eef ph\u00e1p ti\u1ebfng B\u1ed3 \u0110\u00e0o Nha H\u1ecdc m\u1ed9t ng\u00f4n ng\u1eef m\u1edbi c\u00f3 th\u1ec3 l\u00e0 m\u1ed9t tr\u1ea3i nghi\u1ec7m th\u00fa v\u1ecb v\u00e0 b\u1ed5 \u00edch, v\u00e0 ti\u1ebfng B\u1ed3 \u0110\u00e0o Nha c\u0169ng kh\u00f4ng ngo\u1ea1i l\u1ec7. L\u00e0 ng\u00f4n ng\u1eef","og_url":"https:\/\/talkpal.ai\/vi\/bai-tap-ngu-phap-tieng-bo-dao-nha\/","og_site_name":"Talkpal","article_publisher":"https:\/\/www.facebook.com\/profile.php?id=100090733639311","article_modified_time":"2025-12-17T16:16:04+00:00","og_image":[{"width":512,"height":512,"url":"https:\/\/talkpal.ai\/wp-content\/uploads\/2023\/04\/portugal.png","type":"image\/png"}],"twitter_card":"summary_large_image","twitter_site":"@talkpalai","twitter_misc":{"Est. reading time":"5 minutes"},"schema":{"@context":"https:\/\/schema.org","@graph":[{"@type":"WebPage","@id":"https:\/\/talkpal.ai\/vi\/bai-tap-ngu-phap-tieng-bo-dao-nha\/","url":"https:\/\/talkpal.ai\/vi\/bai-tap-ngu-phap-tieng-bo-dao-nha\/","name":"B\u00e0i t\u1eadp ng\u1eef ph\u00e1p ti\u1ebfng B\u1ed3 \u0110\u00e0o Nha - Talkpal","isPartOf":{"@id":"https:\/\/talkpal.ai\/vi\/#website"},"primaryImageOfPage":{"@id":"https:\/\/talkpal.ai\/vi\/bai-tap-ngu-phap-tieng-bo-dao-nha\/#primaryimage"},"image":{"@id":"https:\/\/talkpal.ai\/vi\/bai-tap-ngu-phap-tieng-bo-dao-nha\/#primaryimage"},"thumbnailUrl":"https:\/\/talkpal.ai\/wp-content\/uploads\/2023\/04\/portugal.png","datePublished":"2023-06-16T10:42:00+00:00","dateModified":"2025-12-17T16:16:04+00:00","description":"T\u0103ng c\u01b0\u1eddng k\u1ef9 n\u0103ng ng\u1eef ph\u00e1p ti\u1ebfng B\u1ed3 \u0110\u00e0o Nha c\u1ee7a b\u1ea1n v\u1edbi c\u00e1c b\u00e0i t\u1eadp t\u01b0\u01a1ng t\u00e1c \u0111\u01b0\u1ee3c thi\u1ebft k\u1ebf cho m\u1ecdi c\u1ea5p \u0111\u1ed9.","breadcrumb":{"@id":"https:\/\/talkpal.ai\/vi\/bai-tap-ngu-phap-tieng-bo-dao-nha\/#breadcrumb"},"inLanguage":"vi-VN","potentialAction":[{"@type":"ReadAction","target":["https:\/\/talkpal.ai\/vi\/bai-tap-ngu-phap-tieng-bo-dao-nha\/"]}]},{"@type":"ImageObject","inLanguage":"vi-VN","@id":"https:\/\/talkpal.ai\/vi\/bai-tap-ngu-phap-tieng-bo-dao-nha\/#primaryimage","url":"https:\/\/talkpal.ai\/wp-content\/uploads\/2023\/04\/portugal.png","contentUrl":"https:\/\/talkpal.ai\/wp-content\/uploads\/2023\/04\/portugal.png","width":512,"height":512,"caption":"TalkPal Catalan Flag"},{"@type":"BreadcrumbList","@id":"https:\/\/talkpal.ai\/vi\/bai-tap-ngu-phap-tieng-bo-dao-nha\/#breadcrumb","itemListElement":[{"@type":"ListItem","position":1,"name":"Homepage","item":"https:\/\/talkpal.ai\/vi\/giao-vien-ngon-ngu-ai-3\/"},{"@type":"ListItem","position":2,"name":"B\u00e0i t\u1eadp ng\u1eef ph\u00e1p ti\u1ebfng B\u1ed3 \u0110\u00e0o Nha"}]},{"@type":"WebSite","@id":"https:\/\/talkpal.ai\/vi\/#website","url":"https:\/\/talkpal.ai\/vi\/","name":"Talkpal","description":"AI Language Learning","publisher":{"@id":"https:\/\/talkpal.ai\/vi\/#organization"},"alternateName":"Talkpal AI","potentialAction":[{"@type":"SearchAction","target":{"@type":"EntryPoint","urlTemplate":"https:\/\/talkpal.ai\/vi\/?s={search_term_string}"},"query-input":{"@type":"PropertyValueSpecification","valueRequired":true,"valueName":"search_term_string"}}],"inLanguage":"vi-VN"},{"@type":"Organization","@id":"https:\/\/talkpal.ai\/vi\/#organization","name":"Talkpal, Inc.","alternateName":"Talkpal AI","url":"https:\/\/talkpal.ai\/vi\/","logo":{"@type":"ImageObject","inLanguage":"vi-VN","@id":"https:\/\/talkpal.ai\/vi\/#\/schema\/logo\/image\/","url":"https:\/\/talkpal.ai\/wp-content\/uploads\/2024\/03\/Talkpal-Logo-Icon.png","contentUrl":"https:\/\/talkpal.ai\/wp-content\/uploads\/2024\/03\/Talkpal-Logo-Icon.png","width":2880,"height":2880,"caption":"Talkpal, Inc."},"image":{"@id":"https:\/\/talkpal.ai\/vi\/#\/schema\/logo\/image\/"},"sameAs":["https:\/\/www.facebook.com\/profile.php?id=100090733639311","https:\/\/x.com\/talkpalai","https:\/\/www.linkedin.com\/company\/talkpal\/","https:\/\/www.youtube.com\/@TalkPal\/","https:\/\/www.tiktok.com\/@talkpal","https:\/\/www.instagram.com\/talkpal_ai\/","https:\/\/www.crunchbase.com\/organization\/talkpal-9cde","https:\/\/www.g2.com\/products\/talkpal-for-business\/","https:\/\/www.trustpilot.com\/review\/talkpal.ai","https:\/\/www.capterra.com\/p\/10006800\/TalkPal\/"],"description":"Talkpal is a language learning web and mobile education app, powered by the latest AI technologies, that provides engaging experiences to its customers in many different languages to help them improve their language skills. Users can chat about unlimited amount of topics with the app and use other modes to practice their language learning.","email":"support@talkpal.ai","legalName":"Talkpal, Inc.","foundingDate":"2023-04-03","duns":"118989042","numberOfEmployees":{"@type":"QuantitativeValue","minValue":"11","maxValue":"50"},"publishingPrinciples":"https:\/\/talkpal.ai\/publishing-principles\/","actionableFeedbackPolicy":"https:\/\/talkpal.ai\/actionable-feedback-policy\/","correctionsPolicy":"https:\/\/talkpal.ai\/corrections-policy\/","ethicsPolicy":"https:\/\/talkpal.ai\/ethics-policy\/","diversityPolicy":"https:\/\/talkpal.ai\/diversity-policy\/","diversityStaffingReport":"https:\/\/talkpal.ai\/diversity-policy\/"}]}},"_links":{"self":[{"href":"https:\/\/talkpal.ai\/vi\/wp-json\/wp\/v2\/pages\/1447240","targetHints":{"allow":["GET"]}}],"collection":[{"href":"https:\/\/talkpal.ai\/vi\/wp-json\/wp\/v2\/pages"}],"about":[{"href":"https:\/\/talkpal.ai\/vi\/wp-json\/wp\/v2\/types\/page"}],"author":[{"embeddable":true,"href":"https:\/\/talkpal.ai\/vi\/wp-json\/wp\/v2\/users\/6"}],"replies":[{"embeddable":true,"href":"https:\/\/talkpal.ai\/vi\/wp-json\/wp\/v2\/comments?post=1447240"}],"version-history":[{"count":0,"href":"https:\/\/talkpal.ai\/vi\/wp-json\/wp\/v2\/pages\/1447240\/revisions"}],"wp:featuredmedia":[{"embeddable":true,"href":"https:\/\/talkpal.ai\/vi\/wp-json\/wp\/v2\/media\/1440118"}],"wp:attachment":[{"href":"https:\/\/talkpal.ai\/vi\/wp-json\/wp\/v2\/media?parent=1447240"}],"curies":[{"name":"wp","href":"https:\/\/api.w.org\/{rel}","templated":true}]}}