{"id":1447212,"date":"2023-06-16T11:18:42","date_gmt":"2023-06-16T11:18:42","guid":{"rendered":"https:\/\/talkpal.ai\/bai-tap-ngu-phap-tieng-afrikaans\/"},"modified":"2025-09-06T21:20:35","modified_gmt":"2025-09-06T21:20:35","slug":"bai-tap-ngu-phap-tieng-afrikaans","status":"publish","type":"page","link":"https:\/\/talkpal.ai\/vi\/bai-tap-ngu-phap-tieng-afrikaans\/","title":{"rendered":"B\u00e0i t\u1eadp ng\u1eef ph\u00e1p ti\u1ebfng Afrikaans"},"content":{"rendered":"\r\n\r\n\r\n<section class=\"languageChallengeSection\">\r\n    <div class=\"languageInfoWrapper\">\r\n        \r\n        <h1>B\u00e0i t\u1eadp ng\u1eef ph\u00e1p ti\u1ebfng Afrikaans<\/h1>\r\n        <p>S\u1eb5n s\u00e0ng x\u00e2y d\u1ef1ng c\u00e1c k\u1ef9 n\u0103ng ti\u1ebfng <a href=\"https:\/\/talkpal.ai\/learn-afrikaans\/\">Afrikaans<\/a> c\u1ee7a b\u1ea1n? Th\u1ef1c h\u00e0nh c\u00e1c b\u00e0i t\u1eadp <a href=\"https:\/\/talkpal.ai\/vi\/ngu-phap\/\">ng\u1eef ph\u00e1p<\/a> l\u00e0 m\u1ed9t c\u00e1ch tuy\u1ec7t v\u1eddi \u0111\u1ec3 n\u1eafm v\u1eefng c\u1ea5u tr\u00fac c\u00e2u, d\u1ea1ng \u0111\u1ed9ng t\u1eeb v\u00e0 c\u00e1c t\u00ednh n\u0103ng \u0111\u1ed9c \u0111\u00e1o c\u1ee7a <a href=\"https:\/\/talkpal.ai\/vi\/hoc-ngon-ngu-cho-cac-truong-ngon-ngu\/\">ng\u00f4n ng\u1eef<\/a> Afrikaans. B\u1eaft \u0111\u1ea7u l\u00e0m vi\u1ec7c v\u1edbi <a href=\"https:\/\/talkpal.ai\/vi\/ngu-phap-tieng-nga\/\">ng\u1eef ph\u00e1p ti\u1ebfng<\/a> Afrikaans ngay h\u00f4m nay v\u00e0 xem s\u1ef1 t\u1ef1 tin v\u00e0 l\u01b0u lo\u00e1t c\u1ee7a b\u1ea1n ph\u00e1t tri\u1ec3n v\u1edbi m\u1ed7i b\u00e0i t\u1eadp!\r\n\r\n<\/p>\r\n\r\n                            <a class=\"getStartedHidden\" href=\"https:\/\/app.talkpal.ai\/vi\/signup?lng=\">B\u1eaft \u0111\u1ea7u nh\u00e9<\/a>\r\n        \r\n    <\/div>\r\n\r\n    <figure>\r\n    <img decoding=\"async\" width=\"768\" height=\"768\" src=\"https:\/\/talkpal.ai\/wp-content\/uploads\/2023\/06\/afrikaans-768x768.png\" class=\"languageImage no-lazy\" alt=\"Language learning for improved focus\" fetchpriority=\"high\" sizes=\"(max-width: 768px) 150px, 768px\" srcset=\"https:\/\/talkpal.ai\/wp-content\/uploads\/2023\/06\/afrikaans-768x768.png 768w, https:\/\/talkpal.ai\/wp-content\/uploads\/2023\/06\/afrikaans-300x300.png 300w\" \/>\r\n    \r\n\r\n    <\/figure>\r\n\r\n            <a class=\"getStartedVisible\" href=\"https:\/\/app.talkpal.ai\/vi\/signup?lng=\">B\u1eaft \u0111\u1ea7u nh\u00e9<\/a>\r\n    \r\n<\/section>\r\n\r\n\r\n<!-- <section class=\"grammarSection\">\r\n    <div class=\"grammarLinks\">\r\n            <\/div>\r\n<\/section> -->\r\n\r\n\r\n\r\n\r\n<section class=\"promotionalBanner\">\r\n    <p class=\"promotionalText\">C\u00e1ch hi\u1ec7u qu\u1ea3 nh\u1ea5t \u0111\u1ec3 h\u1ecdc m\u1ed9t ng\u00f4n ng\u1eef<\/p>\r\n    <a class=\"promotionalLink\" href=\"https:\/\/app.talkpal.ai\/vi\/signup?lng=\">D\u00f9ng th\u1eed Talkpal mi\u1ec5n ph\u00ed<\/a>\r\n<\/section>\n<div class=\"wp-block-group pageContainerStyle\"><div class=\"wp-block-group__inner-container is-layout-constrained wp-block-group-is-layout-constrained\">\n<h2 class=\"wp-block-heading\" id=\"h-afrikaans-grammar-topics\">Ch\u1ee7 \u0111\u1ec1 ng\u1eef ph\u00e1p ti\u1ebfng Afrikaans<\/h2>\n\n\n\n<p><a href=\"https:\/\/talkpal.ai\/learn-afrikaans\/\">Ti\u1ebfng Afrikaans<\/a>, m\u1ed9t ng\u00f4n ng\u1eef T\u00e2y \u0110\u1ee9c, l\u00e0 m\u1ed9t trong m\u01b0\u1eddi m\u1ed9t ng\u00f4n ng\u1eef ch\u00ednh th\u1ee9c c\u1ee7a Nam Phi v\u00e0 \u0111\u01b0\u1ee3c s\u1eed d\u1ee5ng b\u1edfi kho\u1ea3ng 6 tri\u1ec7u ng\u01b0\u1eddi. <a href=\"https:\/\/talkpal.ai\/vi\/hoc-tieng-han-truc-tuyen-voi-ai\/\">H\u1ecdc ti\u1ebfng<\/a> Afrikaans c\u00f3 th\u1ec3 l\u00e0 m\u1ed9t tr\u1ea3i nghi\u1ec7m phong ph\u00fa v\u00e0 b\u1ed5 \u00edch, v\u00ec n\u00f3 kh\u00f4ng ch\u1ec9 \u0111\u01b0\u1ee3c n\u00f3i \u1edf Nam Phi m\u00e0 c\u00f2n \u1edf Namibia v\u00e0 \u1edf m\u1ee9c \u0111\u1ed9 th\u1ea5p h\u01a1n \u1edf Zimbabwe v\u00e0 Botswana. Ng\u00f4n ng\u1eef n\u00e0y t\u01b0\u01a1ng \u0111\u1ed1i d\u1ec5 h\u1ecdc, \u0111\u1eb7c bi\u1ec7t l\u00e0 \u0111\u1ed1i v\u1edbi nh\u1eefng ng\u01b0\u1eddi n\u00f3i <a href=\"https:\/\/talkpal.ai\/top-trang-web-luyen-noi-tieng-anh-hieu-qua-nhat-2024\/\">ti\u1ebfng Anh<\/a>, v\u00ec n\u00f3 c\u00f3 ng\u1eef ph\u00e1p \u0111\u01a1n gi\u1ea3n v\u00e0 chia s\u1ebb nhi\u1ec1u t\u1eeb v\u1edbi ti\u1ebfng Anh v\u00e0 <a href=\"https:\/\/talkpal.ai\/learn-dutch\/\">ti\u1ebfng H\u00e0 Lan<\/a>. Trong h\u01b0\u1edbng d\u1eabn n\u00e0y, ch\u00fang t\u00f4i s\u1ebd \u0111\u01b0a b\u1ea1n qua c\u00e1c ch\u1ee7 \u0111\u1ec1 ng\u1eef ph\u00e1p ti\u1ebfng Afrikaans c\u1ea7n thi\u1ebft m\u00e0 b\u1ea1n c\u1ea7n n\u1eafm v\u1eefng \u0111\u1ec3 n\u00f3i v\u00e0 hi\u1ec3u ng\u00f4n ng\u1eef m\u1ed9t c\u00e1ch tr\u00f4i ch\u1ea3y.<\/p>\n\n\n\n<h3 class=\"wp-block-heading\" id=\"h-1-nouns-and-articles\">1. Danh t\u1eeb v\u00e0 m\u1ea1o t\u1eeb:<\/h3>\n\n\n\n<p>Trong ti\u1ebfng Afrikaans, danh t\u1eeb kh\u00f4ng c\u00f3 gi\u1edbi t\u00ednh, \u0111i\u1ec1u n\u00e0y gi\u00fap h\u1ecdc d\u1ec5 d\u00e0ng h\u01a1n so v\u1edbi c\u00e1c ng\u00f4n ng\u1eef \u0110\u1ee9c kh\u00e1c. C\u00e1c m\u1ea1o t\u1eeb c\u0169ng \u0111\u01a1n gi\u1ea3n, v\u1edbi &#8216;die&#8217; l\u00e0 m\u1ea1o t\u1eeb x\u00e1c \u0111\u1ecbnh v\u00e0 &#8216;n&#8217; ho\u1eb7c &#8216;een&#8217; l\u00e0 m\u1ea1o t\u1eeb kh\u00f4ng x\u00e1c \u0111\u1ecbnh.<\/p>\n\n\n\n<h3 class=\"wp-block-heading\" id=\"h-2-pronouns-determiners\">2. \u0110\u1ea1i t\u1eeb\/X\u00e1c \u0111\u1ecbnh:<\/h3>\n\n\n\n<p>\u0110\u1ea1i t\u1eeb l\u00e0 nh\u1eefng t\u1eeb thay th\u1ebf danh t\u1eeb v\u00e0 gi\u00fap tr\u00e1nh l\u1eb7p l\u1ea1i trong c\u00e2u. Ti\u1ebfng Afrikaans c\u00f3 \u0111\u1ea1i t\u1eeb c\u00e1 nh\u00e2n, s\u1edf h\u1eefu, bi\u1ec3u di\u1ec5n v\u00e0 nghi v\u1ea5n, r\u1ea5t c\u1ea7n thi\u1ebft trong vi\u1ec7c h\u00ecnh th\u00e0nh c\u00e2u.<\/p>\n\n\n\n<h3 class=\"wp-block-heading\" id=\"h-3-adjectives\">3. T\u00ednh t\u1eeb:<\/h3>\n\n\n\n<p>T\u00ednh t\u1eeb m\u00f4 t\u1ea3 ho\u1eb7c s\u1eeda \u0111\u1ed5i danh t\u1eeb. Trong ti\u1ebfng Afrikaans, ch\u00fang th\u01b0\u1eddng \u0111\u1ee9ng tr\u01b0\u1edbc danh t\u1eeb v\u00e0 \u0111\u1ed3ng \u00fd v\u1ec1 s\u1ed1 l\u01b0\u1ee3ng v\u1edbi n\u00f3. Kh\u00f4ng c\u00f3 th\u1ecfa thu\u1eadn gi\u1edbi t\u00ednh, gi\u00fap vi\u1ec7c h\u1ecdc tr\u1edf n\u00ean \u0111\u01a1n gi\u1ea3n h\u01a1n.<\/p>\n\n\n\n<h3 class=\"wp-block-heading\" id=\"h-4-verbs\">4. \u0110\u1ed9ng t\u1eeb:<\/h3>\n\n\n\n<p>\u0110\u1ed9ng t\u1eeb l\u00e0 t\u1eeb h\u00e0nh \u0111\u1ed9ng v\u00e0 r\u1ea5t c\u1ea7n thi\u1ebft trong vi\u1ec7c h\u00ecnh th\u00e0nh c\u00e2u. Trong ti\u1ebfng Afrikaans, \u0111\u1ed9ng t\u1eeb kh\u00f4ng chia \u0111\u1ed9ng t\u1eeb theo ch\u1ee7 ng\u1eef, l\u00e0m cho n\u00f3 d\u1ec5 h\u1ecdc h\u01a1n c\u00e1c ng\u00f4n ng\u1eef kh\u00e1c. \u0110\u1ed9ng t\u1eeb th\u00f4ng th\u01b0\u1eddng tu\u00e2n theo m\u1ed9t khu\u00f4n m\u1eabu \u0111\u01a1n gi\u1ea3n, trong khi c\u00e1c \u0111\u1ed9ng t\u1eeb b\u1ea5t quy t\u1eafc c\u1ea7n \u0111\u01b0\u1ee3c ghi nh\u1edb.<\/p>\n\n\n\n<h3 class=\"wp-block-heading\" id=\"h-5-tenses-and-tense-comparison\">5. So s\u00e1nh th\u00ec v\u00e0 th\u00ec:<\/h3>\n\n\n\n<p>Ti\u1ebfng Afrikaans c\u00f3 ba th\u00ec ch\u00ednh: qu\u00e1 kh\u1ee9, hi\u1ec7n t\u1ea1i v\u00e0 t\u01b0\u01a1ng lai. H\u1ecdc c\u00e1ch h\u00ecnh th\u00e0nh v\u00e0 so s\u00e1nh c\u00e1c th\u00ec n\u00e0y l\u00e0 r\u1ea5t quan tr\u1ecdng \u0111\u1ec3 hi\u1ec3u v\u00e0 n\u00f3i ng\u00f4n ng\u1eef.<\/p>\n\n\n\n<h3 class=\"wp-block-heading\" id=\"h-6-progressive-and-perfect-progressive\">6. Ti\u1ebfn b\u1ed9 v\u00e0 Ti\u1ebfn b\u1ed9 ho\u00e0n h\u1ea3o:<\/h3>\n\n\n\n<p>Th\u00ec l\u0169y ti\u1ebfn \u0111\u01b0\u1ee3c s\u1eed d\u1ee5ng \u0111\u1ec3 m\u00f4 t\u1ea3 c\u00e1c h\u00e0nh \u0111\u1ed9ng \u0111ang di\u1ec5n ra, trong khi th\u00ec l\u0169y ti\u1ebfn ho\u00e0n h\u1ea3o ch\u1ec9 ra c\u00e1c h\u00e0nh \u0111\u1ed9ng \u0111\u00e3 \u0111\u01b0\u1ee3c ho\u00e0n th\u00e0nh. H\u1ecdc nh\u1eefng th\u00ec n\u00e0y gi\u00fap th\u1ec3 hi\u1ec7n h\u00e0nh \u0111\u1ed9ng m\u1ed9t c\u00e1ch r\u00f5 r\u00e0ng.<\/p>\n\n\n\n<h3 class=\"wp-block-heading\" id=\"h-7-adverbs\">7. Tr\u1ea1ng t\u1eeb:<\/h3>\n\n\n\n<p>Tr\u1ea1ng t\u1eeb s\u1eeda \u0111\u1ed5i \u0111\u1ed9ng t\u1eeb, t\u00ednh t\u1eeb ho\u1eb7c tr\u1ea1ng t\u1eeb kh\u00e1c, cung c\u1ea5p th\u00eam th\u00f4ng tin v\u1ec1 h\u00e0nh \u0111\u1ed9ng, ch\u1ea5t l\u01b0\u1ee3ng ho\u1eb7c c\u00e1ch th\u1ee9c. Ch\u00fang r\u1ea5t quan tr\u1ecdng \u0111\u1ec3 th\u00eam chi ti\u1ebft v\u00e0o c\u00e2u c\u1ee7a b\u1ea1n.<\/p>\n\n\n\n<h3 class=\"wp-block-heading\" id=\"h-8-prepositions\">8. Gi\u1edbi t\u1eeb:<\/h3>\n\n\n\n<p>Gi\u1edbi t\u1eeb l\u00e0 nh\u1eefng t\u1eeb th\u1ec3 hi\u1ec7n m\u1ed1i quan h\u1ec7 gi\u1eefa danh t\u1eeb ho\u1eb7c \u0111\u1ea1i t\u1eeb v\u00e0 c\u00e1c t\u1eeb kh\u00e1c trong c\u00e2u. Ch\u00fang r\u1ea5t quan tr\u1ecdng \u0111\u1ec3 th\u1ec3 hi\u1ec7n v\u1ecb tr\u00ed, h\u01b0\u1edbng, th\u1eddi gian v\u00e0 c\u00e1c m\u1ed1i quan h\u1ec7 kh\u00e1c.<\/p>\n\n\n\n<h3 class=\"wp-block-heading\" id=\"h-9-conditionals\">9. \u0110i\u1ec1u ki\u1ec7n:<\/h3>\n\n\n\n<p>C\u00e1c c\u00e2u c\u00f3 \u0111i\u1ec1u ki\u1ec7n th\u1ec3 hi\u1ec7n m\u1ed9t h\u00e0nh \u0111\u1ed9ng ho\u1eb7c tr\u1ea1ng th\u00e1i ph\u1ee5 thu\u1ed9c v\u00e0o m\u1ed9t \u0111i\u1ec1u ki\u1ec7n \u0111\u01b0\u1ee3c \u0111\u00e1p \u1ee9ng. H\u1ecdc c\u00e1c \u0111i\u1ec1u ki\u1ec7n gi\u00fap b\u1ea1n th\u1ec3 hi\u1ec7n c\u00e1c t\u00ecnh hu\u1ed1ng v\u00e0 h\u1eadu qu\u1ea3 gi\u1ea3 \u0111\u1ecbnh.<\/p>\n\n\n\n<h3 class=\"wp-block-heading\" id=\"h-10-sentences\">10. C\u00e2u:<\/h3>\n\n\n\n<p>Hi\u1ec3u c\u1ea5u tr\u00fac c\u1ee7a c\u00e1c c\u00e2u ti\u1ebfng Afrikaans l\u00e0 r\u1ea5t quan tr\u1ecdng \u0111\u1ec3 h\u00ecnh th\u00e0nh c\u00e2u c\u1ee7a ri\u00eang b\u1ea1n v\u00e0 hi\u1ec3u nh\u1eefng g\u00ec ng\u01b0\u1eddi kh\u00e1c \u0111ang n\u00f3i. Bi\u1ebft c\u00e1ch s\u1eed d\u1ee5ng t\u1ea5t c\u1ea3 c\u00e1c th\u00e0nh ph\u1ea7n ng\u1eef ph\u00e1p n\u00eau tr\u00ean s\u1ebd gi\u00fap b\u1ea1n t\u1ea1o ra nh\u1eefng c\u00e2u r\u00f5 r\u00e0ng v\u00e0 m\u1ea1ch l\u1ea1c.<\/p>\n<\/div><\/div>\n\r\n<section class=\"learnNavigationSection\">\r\n            \r\n        <a href=\"https:\/\/talkpal.ai\/vi\/hoc-tieng-afrikaans\/\">\r\n            <div class=\"learnNavigationWrapper\">\r\n                <div class=\"learnNavigationContent\">\r\n                    <img decoding=\"async\" src=\"https:\/\/talkpal.ai\/wp-content\/uploads\/2024\/08\/Afrikaans.jpg\" alt=\"South Africa Flag\">\r\n                    <div>\r\n                        <h4>Gi\u1edbi thi\u1ec7u v\u1ec1 ti\u1ebfng Afrikaans Learning<\/h4>\r\n                        <p>T\u00ecm hi\u1ec3u t\u1ea5t c\u1ea3 v\u1ec1 ng\u1eef ph\u00e1p ti\u1ebfng Afrikaans.<\/p>\r\n                    <\/div>\r\n                <\/div>\r\n            <\/div>\r\n        <\/a>\r\n\r\n        \r\n        <a href=\"https:\/\/talkpal.ai\/vi\/ngu-phap-tieng-afrikaans\/\">\r\n            <div class=\"learnNavigationWrapper\">\r\n                <div class=\"learnNavigationContent\">\r\n                    <img decoding=\"async\" src=\"https:\/\/talkpal.ai\/wp-content\/uploads\/2024\/08\/Afrikaans.jpg\" alt=\"South Africa Flag\">\r\n                    <div>\r\n                        <h4>B\u00e0i h\u1ecdc ng\u1eef ph\u00e1p ti\u1ebfng Afrikaans<\/h4>\r\n                        <p>Th\u1ef1c h\u00e0nh ng\u1eef ph\u00e1p ti\u1ebfng Afrikaans.<\/p>\r\n                    <\/div>\r\n                <\/div>\r\n            <\/div>\r\n        <\/a>\r\n\r\n        \r\n        <a href=\"https:\/\/talkpal.ai\/vocabulary_language\/afrikaans\/\">\r\n            <div class=\"learnNavigationWrapper\">\r\n                <div class=\"learnNavigationContent\">\r\n                    <img decoding=\"async\" src=\"https:\/\/talkpal.ai\/wp-content\/uploads\/2024\/08\/Afrikaans.jpg\" alt=\"South Africa Flag\">\r\n                    <div>\r\n                        <h4>T\u1eeb v\u1ef1ng ti\u1ebfng Afrikaans<\/h4>\r\n                        <p>M\u1edf r\u1ed9ng v\u1ed1n t\u1eeb v\u1ef1ng ti\u1ebfng Afrikaans c\u1ee7a b\u1ea1n.<\/p>\r\n                    <\/div>\r\n                <\/div>\r\n            <\/div>\r\n        <\/a>\r\n\r\n            <\/section>","protected":false},"excerpt":{"rendered":"<p>Ch\u1ee7 \u0111\u1ec1 ng\u1eef ph\u00e1p ti\u1ebfng Afrikaans Ti\u1ebfng Afrikaans, m\u1ed9t ng\u00f4n ng\u1eef T\u00e2y \u0110\u1ee9c, l\u00e0 m\u1ed9t trong m\u01b0\u1eddi m\u1ed9t ng\u00f4n ng\u1eef ch\u00ednh th\u1ee9c c\u1ee7a Nam Phi v\u00e0 \u0111\u01b0\u1ee3c s\u1eed d\u1ee5ng b\u1edfi kho\u1ea3ng 6 tri\u1ec7u ng\u01b0\u1eddi. H\u1ecdc ti\u1ebfng Afrikaans c\u00f3 th\u1ec3 l\u00e0 m\u1ed9t tr\u1ea3i nghi\u1ec7m phong ph\u00fa v\u00e0 b\u1ed5 \u00edch, v\u00ec n\u00f3 kh\u00f4ng ch\u1ec9 \u0111\u01b0\u1ee3c n\u00f3i \u1edf [&hellip;]<\/p>\n","protected":false},"author":6,"featured_media":1445053,"parent":0,"menu_order":0,"comment_status":"closed","ping_status":"closed","template":"LearningContentPage.php","meta":{"_acf_changed":false,"footnotes":""},"class_list":["post-1447212","page","type-page","status-publish","has-post-thumbnail","hentry"],"acf":[],"yoast_head":"<!-- This site is optimized with the Yoast SEO Premium plugin v27.2 (Yoast SEO v27.2) - https:\/\/yoast.com\/product\/yoast-seo-premium-wordpress\/ -->\n<title>B\u00e0i t\u1eadp ng\u1eef ph\u00e1p ti\u1ebfng Afrikaans - Talkpal<\/title>\n<meta name=\"description\" content=\"N\u1eafm v\u1eefng ti\u1ebfng Afrikaans v\u1edbi c\u00e1c b\u00e0i t\u1eadp ng\u1eef ph\u00e1p ti\u1ebfng Afrikaans h\u1ea5p d\u1eabn \u0111\u01b0\u1ee3c thi\u1ebft k\u1ebf \u0111\u1ec3 n\u00e2ng cao k\u1ef9 n\u0103ng ng\u00f4n ng\u1eef v\u00e0 s\u1ef1 tr\u00f4i ch\u1ea3y c\u1ee7a b\u1ea1n.\" \/>\n<meta name=\"robots\" content=\"index, follow, max-snippet:-1, max-image-preview:large, max-video-preview:-1\" \/>\n<link rel=\"canonical\" href=\"https:\/\/talkpal.ai\/vi\/bai-tap-ngu-phap-tieng-afrikaans\/\" \/>\n<meta property=\"og:locale\" content=\"vi_VN\" \/>\n<meta property=\"og:type\" content=\"article\" \/>\n<meta property=\"og:title\" content=\"B\u00e0i t\u1eadp ng\u1eef ph\u00e1p ti\u1ebfng Afrikaans\" \/>\n<meta property=\"og:description\" content=\"Ch\u1ee7 \u0111\u1ec1 ng\u1eef ph\u00e1p ti\u1ebfng Afrikaans Ti\u1ebfng Afrikaans, m\u1ed9t ng\u00f4n ng\u1eef T\u00e2y \u0110\u1ee9c, l\u00e0 m\u1ed9t trong m\u01b0\u1eddi m\u1ed9t ng\u00f4n ng\u1eef ch\u00ednh th\u1ee9c c\u1ee7a Nam Phi v\u00e0 \u0111\u01b0\u1ee3c s\u1eed d\u1ee5ng b\u1edfi kho\u1ea3ng 6\" \/>\n<meta property=\"og:url\" content=\"https:\/\/talkpal.ai\/vi\/bai-tap-ngu-phap-tieng-afrikaans\/\" \/>\n<meta property=\"og:site_name\" content=\"Talkpal\" \/>\n<meta property=\"article:publisher\" content=\"https:\/\/www.facebook.com\/profile.php?id=100090733639311\" \/>\n<meta property=\"article:modified_time\" content=\"2025-09-06T21:20:35+00:00\" \/>\n<meta property=\"og:image\" content=\"https:\/\/talkpal.ai\/wp-content\/uploads\/2023\/05\/south-africa.png\" \/>\n\t<meta property=\"og:image:width\" content=\"512\" \/>\n\t<meta property=\"og:image:height\" content=\"512\" \/>\n\t<meta property=\"og:image:type\" content=\"image\/png\" \/>\n<meta name=\"twitter:card\" content=\"summary_large_image\" \/>\n<meta name=\"twitter:site\" content=\"@talkpalai\" \/>\n<meta name=\"twitter:label1\" content=\"Est. reading time\" \/>\n\t<meta name=\"twitter:data1\" content=\"5 minutes\" \/>\n<script type=\"application\/ld+json\" class=\"yoast-schema-graph\">{\"@context\":\"https:\/\/schema.org\",\"@graph\":[{\"@type\":\"WebPage\",\"@id\":\"https:\/\/talkpal.ai\/vi\/bai-tap-ngu-phap-tieng-afrikaans\/\",\"url\":\"https:\/\/talkpal.ai\/vi\/bai-tap-ngu-phap-tieng-afrikaans\/\",\"name\":\"B\u00e0i t\u1eadp ng\u1eef ph\u00e1p ti\u1ebfng Afrikaans - Talkpal\",\"isPartOf\":{\"@id\":\"https:\/\/talkpal.ai\/vi\/#website\"},\"primaryImageOfPage\":{\"@id\":\"https:\/\/talkpal.ai\/vi\/bai-tap-ngu-phap-tieng-afrikaans\/#primaryimage\"},\"image\":{\"@id\":\"https:\/\/talkpal.ai\/vi\/bai-tap-ngu-phap-tieng-afrikaans\/#primaryimage\"},\"thumbnailUrl\":\"https:\/\/talkpal.ai\/wp-content\/uploads\/2023\/05\/south-africa.png\",\"datePublished\":\"2023-06-16T11:18:42+00:00\",\"dateModified\":\"2025-09-06T21:20:35+00:00\",\"description\":\"N\u1eafm v\u1eefng ti\u1ebfng Afrikaans v\u1edbi c\u00e1c b\u00e0i t\u1eadp ng\u1eef ph\u00e1p ti\u1ebfng Afrikaans h\u1ea5p d\u1eabn \u0111\u01b0\u1ee3c thi\u1ebft k\u1ebf \u0111\u1ec3 n\u00e2ng cao k\u1ef9 n\u0103ng ng\u00f4n ng\u1eef v\u00e0 s\u1ef1 tr\u00f4i ch\u1ea3y c\u1ee7a b\u1ea1n.\",\"breadcrumb\":{\"@id\":\"https:\/\/talkpal.ai\/vi\/bai-tap-ngu-phap-tieng-afrikaans\/#breadcrumb\"},\"inLanguage\":\"vi-VN\",\"potentialAction\":[{\"@type\":\"ReadAction\",\"target\":[\"https:\/\/talkpal.ai\/vi\/bai-tap-ngu-phap-tieng-afrikaans\/\"]}]},{\"@type\":\"ImageObject\",\"inLanguage\":\"vi-VN\",\"@id\":\"https:\/\/talkpal.ai\/vi\/bai-tap-ngu-phap-tieng-afrikaans\/#primaryimage\",\"url\":\"https:\/\/talkpal.ai\/wp-content\/uploads\/2023\/05\/south-africa.png\",\"contentUrl\":\"https:\/\/talkpal.ai\/wp-content\/uploads\/2023\/05\/south-africa.png\",\"width\":512,\"height\":512,\"caption\":\"TalkPal South Arica Flag\"},{\"@type\":\"BreadcrumbList\",\"@id\":\"https:\/\/talkpal.ai\/vi\/bai-tap-ngu-phap-tieng-afrikaans\/#breadcrumb\",\"itemListElement\":[{\"@type\":\"ListItem\",\"position\":1,\"name\":\"Homepage\",\"item\":\"https:\/\/talkpal.ai\/vi\/giao-vien-ngon-ngu-ai-3\/\"},{\"@type\":\"ListItem\",\"position\":2,\"name\":\"B\u00e0i t\u1eadp ng\u1eef ph\u00e1p ti\u1ebfng Afrikaans\"}]},{\"@type\":\"WebSite\",\"@id\":\"https:\/\/talkpal.ai\/vi\/#website\",\"url\":\"https:\/\/talkpal.ai\/vi\/\",\"name\":\"Talkpal\",\"description\":\"AI Language Learning\",\"publisher\":{\"@id\":\"https:\/\/talkpal.ai\/vi\/#organization\"},\"alternateName\":\"Talkpal AI\",\"potentialAction\":[{\"@type\":\"SearchAction\",\"target\":{\"@type\":\"EntryPoint\",\"urlTemplate\":\"https:\/\/talkpal.ai\/vi\/?s={search_term_string}\"},\"query-input\":{\"@type\":\"PropertyValueSpecification\",\"valueRequired\":true,\"valueName\":\"search_term_string\"}}],\"inLanguage\":\"vi-VN\"},{\"@type\":\"Organization\",\"@id\":\"https:\/\/talkpal.ai\/vi\/#organization\",\"name\":\"Talkpal, Inc.\",\"alternateName\":\"Talkpal AI\",\"url\":\"https:\/\/talkpal.ai\/vi\/\",\"logo\":{\"@type\":\"ImageObject\",\"inLanguage\":\"vi-VN\",\"@id\":\"https:\/\/talkpal.ai\/vi\/#\/schema\/logo\/image\/\",\"url\":\"https:\/\/talkpal.ai\/wp-content\/uploads\/2024\/03\/Talkpal-Logo-Icon.png\",\"contentUrl\":\"https:\/\/talkpal.ai\/wp-content\/uploads\/2024\/03\/Talkpal-Logo-Icon.png\",\"width\":2880,\"height\":2880,\"caption\":\"Talkpal, Inc.\"},\"image\":{\"@id\":\"https:\/\/talkpal.ai\/vi\/#\/schema\/logo\/image\/\"},\"sameAs\":[\"https:\/\/www.facebook.com\/profile.php?id=100090733639311\",\"https:\/\/x.com\/talkpalai\",\"https:\/\/www.linkedin.com\/company\/talkpal\/\",\"https:\/\/www.youtube.com\/@TalkPal\/\",\"https:\/\/www.tiktok.com\/@talkpal\",\"https:\/\/www.instagram.com\/talkpal_ai\/\",\"https:\/\/www.crunchbase.com\/organization\/talkpal-9cde\",\"https:\/\/www.g2.com\/products\/talkpal-for-business\/\",\"https:\/\/www.trustpilot.com\/review\/talkpal.ai\",\"https:\/\/www.capterra.com\/p\/10006800\/TalkPal\/\"],\"description\":\"Talkpal is a language learning web and mobile education app, powered by the latest AI technologies, that provides engaging experiences to its customers in many different languages to help them improve their language skills. Users can chat about unlimited amount of topics with the app and use other modes to practice their language learning.\",\"email\":\"support@talkpal.ai\",\"legalName\":\"Talkpal, Inc.\",\"foundingDate\":\"2023-04-03\",\"duns\":\"118989042\",\"numberOfEmployees\":{\"@type\":\"QuantitativeValue\",\"minValue\":\"11\",\"maxValue\":\"50\"},\"publishingPrinciples\":\"https:\/\/talkpal.ai\/publishing-principles\/\",\"actionableFeedbackPolicy\":\"https:\/\/talkpal.ai\/actionable-feedback-policy\/\",\"correctionsPolicy\":\"https:\/\/talkpal.ai\/corrections-policy\/\",\"ethicsPolicy\":\"https:\/\/talkpal.ai\/ethics-policy\/\",\"diversityPolicy\":\"https:\/\/talkpal.ai\/diversity-policy\/\",\"diversityStaffingReport\":\"https:\/\/talkpal.ai\/diversity-policy\/\"}]}<\/script>\n<!-- \/ Yoast SEO Premium plugin. -->","yoast_head_json":{"title":"B\u00e0i t\u1eadp ng\u1eef ph\u00e1p ti\u1ebfng Afrikaans - Talkpal","description":"N\u1eafm v\u1eefng ti\u1ebfng Afrikaans v\u1edbi c\u00e1c b\u00e0i t\u1eadp ng\u1eef ph\u00e1p ti\u1ebfng Afrikaans h\u1ea5p d\u1eabn \u0111\u01b0\u1ee3c thi\u1ebft k\u1ebf \u0111\u1ec3 n\u00e2ng cao k\u1ef9 n\u0103ng ng\u00f4n ng\u1eef v\u00e0 s\u1ef1 tr\u00f4i ch\u1ea3y c\u1ee7a b\u1ea1n.","robots":{"index":"index","follow":"follow","max-snippet":"max-snippet:-1","max-image-preview":"max-image-preview:large","max-video-preview":"max-video-preview:-1"},"canonical":"https:\/\/talkpal.ai\/vi\/bai-tap-ngu-phap-tieng-afrikaans\/","og_locale":"vi_VN","og_type":"article","og_title":"B\u00e0i t\u1eadp ng\u1eef ph\u00e1p ti\u1ebfng Afrikaans","og_description":"Ch\u1ee7 \u0111\u1ec1 ng\u1eef ph\u00e1p ti\u1ebfng Afrikaans Ti\u1ebfng Afrikaans, m\u1ed9t ng\u00f4n ng\u1eef T\u00e2y \u0110\u1ee9c, l\u00e0 m\u1ed9t trong m\u01b0\u1eddi m\u1ed9t ng\u00f4n ng\u1eef ch\u00ednh th\u1ee9c c\u1ee7a Nam Phi v\u00e0 \u0111\u01b0\u1ee3c s\u1eed d\u1ee5ng b\u1edfi kho\u1ea3ng 6","og_url":"https:\/\/talkpal.ai\/vi\/bai-tap-ngu-phap-tieng-afrikaans\/","og_site_name":"Talkpal","article_publisher":"https:\/\/www.facebook.com\/profile.php?id=100090733639311","article_modified_time":"2025-09-06T21:20:35+00:00","og_image":[{"width":512,"height":512,"url":"https:\/\/talkpal.ai\/wp-content\/uploads\/2023\/05\/south-africa.png","type":"image\/png"}],"twitter_card":"summary_large_image","twitter_site":"@talkpalai","twitter_misc":{"Est. reading time":"5 minutes"},"schema":{"@context":"https:\/\/schema.org","@graph":[{"@type":"WebPage","@id":"https:\/\/talkpal.ai\/vi\/bai-tap-ngu-phap-tieng-afrikaans\/","url":"https:\/\/talkpal.ai\/vi\/bai-tap-ngu-phap-tieng-afrikaans\/","name":"B\u00e0i t\u1eadp ng\u1eef ph\u00e1p ti\u1ebfng Afrikaans - Talkpal","isPartOf":{"@id":"https:\/\/talkpal.ai\/vi\/#website"},"primaryImageOfPage":{"@id":"https:\/\/talkpal.ai\/vi\/bai-tap-ngu-phap-tieng-afrikaans\/#primaryimage"},"image":{"@id":"https:\/\/talkpal.ai\/vi\/bai-tap-ngu-phap-tieng-afrikaans\/#primaryimage"},"thumbnailUrl":"https:\/\/talkpal.ai\/wp-content\/uploads\/2023\/05\/south-africa.png","datePublished":"2023-06-16T11:18:42+00:00","dateModified":"2025-09-06T21:20:35+00:00","description":"N\u1eafm v\u1eefng ti\u1ebfng Afrikaans v\u1edbi c\u00e1c b\u00e0i t\u1eadp ng\u1eef ph\u00e1p ti\u1ebfng Afrikaans h\u1ea5p d\u1eabn \u0111\u01b0\u1ee3c thi\u1ebft k\u1ebf \u0111\u1ec3 n\u00e2ng cao k\u1ef9 n\u0103ng ng\u00f4n ng\u1eef v\u00e0 s\u1ef1 tr\u00f4i ch\u1ea3y c\u1ee7a b\u1ea1n.","breadcrumb":{"@id":"https:\/\/talkpal.ai\/vi\/bai-tap-ngu-phap-tieng-afrikaans\/#breadcrumb"},"inLanguage":"vi-VN","potentialAction":[{"@type":"ReadAction","target":["https:\/\/talkpal.ai\/vi\/bai-tap-ngu-phap-tieng-afrikaans\/"]}]},{"@type":"ImageObject","inLanguage":"vi-VN","@id":"https:\/\/talkpal.ai\/vi\/bai-tap-ngu-phap-tieng-afrikaans\/#primaryimage","url":"https:\/\/talkpal.ai\/wp-content\/uploads\/2023\/05\/south-africa.png","contentUrl":"https:\/\/talkpal.ai\/wp-content\/uploads\/2023\/05\/south-africa.png","width":512,"height":512,"caption":"TalkPal South Arica Flag"},{"@type":"BreadcrumbList","@id":"https:\/\/talkpal.ai\/vi\/bai-tap-ngu-phap-tieng-afrikaans\/#breadcrumb","itemListElement":[{"@type":"ListItem","position":1,"name":"Homepage","item":"https:\/\/talkpal.ai\/vi\/giao-vien-ngon-ngu-ai-3\/"},{"@type":"ListItem","position":2,"name":"B\u00e0i t\u1eadp ng\u1eef ph\u00e1p ti\u1ebfng Afrikaans"}]},{"@type":"WebSite","@id":"https:\/\/talkpal.ai\/vi\/#website","url":"https:\/\/talkpal.ai\/vi\/","name":"Talkpal","description":"AI Language Learning","publisher":{"@id":"https:\/\/talkpal.ai\/vi\/#organization"},"alternateName":"Talkpal AI","potentialAction":[{"@type":"SearchAction","target":{"@type":"EntryPoint","urlTemplate":"https:\/\/talkpal.ai\/vi\/?s={search_term_string}"},"query-input":{"@type":"PropertyValueSpecification","valueRequired":true,"valueName":"search_term_string"}}],"inLanguage":"vi-VN"},{"@type":"Organization","@id":"https:\/\/talkpal.ai\/vi\/#organization","name":"Talkpal, Inc.","alternateName":"Talkpal AI","url":"https:\/\/talkpal.ai\/vi\/","logo":{"@type":"ImageObject","inLanguage":"vi-VN","@id":"https:\/\/talkpal.ai\/vi\/#\/schema\/logo\/image\/","url":"https:\/\/talkpal.ai\/wp-content\/uploads\/2024\/03\/Talkpal-Logo-Icon.png","contentUrl":"https:\/\/talkpal.ai\/wp-content\/uploads\/2024\/03\/Talkpal-Logo-Icon.png","width":2880,"height":2880,"caption":"Talkpal, Inc."},"image":{"@id":"https:\/\/talkpal.ai\/vi\/#\/schema\/logo\/image\/"},"sameAs":["https:\/\/www.facebook.com\/profile.php?id=100090733639311","https:\/\/x.com\/talkpalai","https:\/\/www.linkedin.com\/company\/talkpal\/","https:\/\/www.youtube.com\/@TalkPal\/","https:\/\/www.tiktok.com\/@talkpal","https:\/\/www.instagram.com\/talkpal_ai\/","https:\/\/www.crunchbase.com\/organization\/talkpal-9cde","https:\/\/www.g2.com\/products\/talkpal-for-business\/","https:\/\/www.trustpilot.com\/review\/talkpal.ai","https:\/\/www.capterra.com\/p\/10006800\/TalkPal\/"],"description":"Talkpal is a language learning web and mobile education app, powered by the latest AI technologies, that provides engaging experiences to its customers in many different languages to help them improve their language skills. Users can chat about unlimited amount of topics with the app and use other modes to practice their language learning.","email":"support@talkpal.ai","legalName":"Talkpal, Inc.","foundingDate":"2023-04-03","duns":"118989042","numberOfEmployees":{"@type":"QuantitativeValue","minValue":"11","maxValue":"50"},"publishingPrinciples":"https:\/\/talkpal.ai\/publishing-principles\/","actionableFeedbackPolicy":"https:\/\/talkpal.ai\/actionable-feedback-policy\/","correctionsPolicy":"https:\/\/talkpal.ai\/corrections-policy\/","ethicsPolicy":"https:\/\/talkpal.ai\/ethics-policy\/","diversityPolicy":"https:\/\/talkpal.ai\/diversity-policy\/","diversityStaffingReport":"https:\/\/talkpal.ai\/diversity-policy\/"}]}},"_links":{"self":[{"href":"https:\/\/talkpal.ai\/vi\/wp-json\/wp\/v2\/pages\/1447212","targetHints":{"allow":["GET"]}}],"collection":[{"href":"https:\/\/talkpal.ai\/vi\/wp-json\/wp\/v2\/pages"}],"about":[{"href":"https:\/\/talkpal.ai\/vi\/wp-json\/wp\/v2\/types\/page"}],"author":[{"embeddable":true,"href":"https:\/\/talkpal.ai\/vi\/wp-json\/wp\/v2\/users\/6"}],"replies":[{"embeddable":true,"href":"https:\/\/talkpal.ai\/vi\/wp-json\/wp\/v2\/comments?post=1447212"}],"version-history":[{"count":0,"href":"https:\/\/talkpal.ai\/vi\/wp-json\/wp\/v2\/pages\/1447212\/revisions"}],"wp:featuredmedia":[{"embeddable":true,"href":"https:\/\/talkpal.ai\/vi\/wp-json\/wp\/v2\/media\/1445053"}],"wp:attachment":[{"href":"https:\/\/talkpal.ai\/vi\/wp-json\/wp\/v2\/media?parent=1447212"}],"curies":[{"name":"wp","href":"https:\/\/api.w.org\/{rel}","templated":true}]}}