{"id":1447175,"date":"2023-06-16T12:49:04","date_gmt":"2023-06-16T12:49:04","guid":{"rendered":"https:\/\/talkpal.ai\/bai-tap-ngu-phap-tieng-catalan\/"},"modified":"2025-09-06T21:19:01","modified_gmt":"2025-09-06T21:19:01","slug":"bai-tap-ngu-phap-tieng-catalan","status":"publish","type":"page","link":"https:\/\/talkpal.ai\/vi\/bai-tap-ngu-phap-tieng-catalan\/","title":{"rendered":"B\u00e0i t\u1eadp ng\u1eef ph\u00e1p ti\u1ebfng Catalan"},"content":{"rendered":"\r\n\r\n\r\n<section class=\"languageChallengeSection\">\r\n    <div class=\"languageInfoWrapper\">\r\n        \r\n        <h1>B\u00e0i t\u1eadp ng\u1eef ph\u00e1p ti\u1ebfng Catalan<\/h1>\r\n        <p>B\u1ea1n mu\u1ed1n t\u1ef1 tin h\u01a1n <a href=\"https:\/\/talkpal.ai\/vi\/ve\/\">v\u1ec1<\/a> ti\u1ebfng <a href=\"https:\/\/talkpal.ai\/learn-catalan\/\">Catalan<\/a>? Th\u1ef1c h\u00e0nh c\u00e1c b\u00e0i t\u1eadp <a href=\"https:\/\/talkpal.ai\/vi\/ngu-phap\/\">ng\u1eef ph\u00e1p<\/a> l\u00e0 m\u1ed9t c\u00e1ch tuy\u1ec7t v\u1eddi \u0111\u1ec3 n\u1eafm v\u1eefng c\u1ea5u tr\u00fac c\u00e2u, d\u1ea1ng \u0111\u1ed9ng t\u1eeb v\u00e0 c\u00e1c m\u1eabu \u0111\u1eb7c bi\u1ec7t c\u1ee7a <a href=\"https:\/\/talkpal.ai\/vi\/hoc-ngon-ngu-cho-cac-truong-ngon-ngu\/\">ng\u00f4n ng\u1eef<\/a> Catalan. B\u1eaft \u0111\u1ea7u l\u00e0m vi\u1ec7c v\u1edbi ng\u1eef ph\u00e1p Catalan ngay h\u00f4m nay v\u00e0 xem s\u1ef1 hi\u1ec3u bi\u1ebft v\u00e0 s\u1ef1 tr\u00f4i ch\u1ea3y c\u1ee7a b\u1ea1n ph\u00e1t tri\u1ec3n v\u1edbi m\u1ed7i b\u00e0i t\u1eadp!<\/p>\r\n\r\n                            <a class=\"getStartedHidden\" href=\"https:\/\/app.talkpal.ai\/vi\/signup?lng=\">B\u1eaft \u0111\u1ea7u nh\u00e9<\/a>\r\n        \r\n    <\/div>\r\n\r\n    <figure>\r\n    <img decoding=\"async\" width=\"768\" height=\"768\" src=\"https:\/\/talkpal.ai\/wp-content\/uploads\/2023\/06\/catalan-768x768.png\" class=\"languageImage no-lazy\" alt=\"Language learning techniques for fast learning\" fetchpriority=\"high\" sizes=\"(max-width: 768px) 150px, 768px\" srcset=\"https:\/\/talkpal.ai\/wp-content\/uploads\/2023\/06\/catalan-768x768.png 768w, https:\/\/talkpal.ai\/wp-content\/uploads\/2023\/06\/catalan-300x300.png 300w\" \/>\r\n    \r\n\r\n    <\/figure>\r\n\r\n            <a class=\"getStartedVisible\" href=\"https:\/\/app.talkpal.ai\/vi\/signup?lng=\">B\u1eaft \u0111\u1ea7u nh\u00e9<\/a>\r\n    \r\n<\/section>\r\n\r\n\r\n<!-- <section class=\"grammarSection\">\r\n    <div class=\"grammarLinks\">\r\n            <\/div>\r\n<\/section> -->\r\n\r\n\r\n\r\n\r\n<section class=\"promotionalBanner\">\r\n    <p class=\"promotionalText\">C\u00e1ch hi\u1ec7u qu\u1ea3 nh\u1ea5t \u0111\u1ec3 h\u1ecdc m\u1ed9t ng\u00f4n ng\u1eef<\/p>\r\n    <a class=\"promotionalLink\" href=\"https:\/\/app.talkpal.ai\/vi\/signup?lng=\">D\u00f9ng th\u1eed Talkpal mi\u1ec5n ph\u00ed<\/a>\r\n<\/section>\n<div class=\"wp-block-group pageContainerStyle\"><div class=\"wp-block-group__inner-container is-layout-constrained wp-block-group-is-layout-constrained\">\n<h2 class=\"wp-block-heading\" id=\"h-catalan-grammar-topics\">Ch\u1ee7 \u0111\u1ec1 ng\u1eef ph\u00e1p Catalan<\/h2>\n\n\n\n<p><a href=\"https:\/\/talkpal.ai\/learn-catalan\/\">Ti\u1ebfng Catalan<\/a>, m\u1ed9t ng\u00f4n ng\u1eef l\u00e3ng m\u1ea1n \u0111\u01b0\u1ee3c s\u1eed d\u1ee5ng b\u1edfi h\u00e0ng tri\u1ec7u ng\u01b0\u1eddi \u1edf v\u00f9ng Catalonia c\u1ee7a T\u00e2y Ban Nha v\u00e0 m\u1ed9t ph\u1ea7n c\u1ee7a \u00dd v\u00e0 Ph\u00e1p, l\u00e0 m\u1ed9t ng\u00f4n ng\u1eef \u0111\u1eb9p v\u00e0 s\u00f4i \u0111\u1ed9ng v\u1edbi l\u1ecbch s\u1eed phong ph\u00fa. <a href=\"https:\/\/talkpal.ai\/vi\/hoc-tieng-han-truc-tuyen-voi-ai\/\">H\u1ecdc ti\u1ebfng<\/a> Catalan c\u00f3 th\u1ec3 l\u00e0 m\u1ed9t tr\u1ea3i nghi\u1ec7m th\u00fa v\u1ecb v\u00e0 b\u1ed5 \u00edch, m\u1edf ra nh\u1eefng ch\u00e2n tr\u1eddi v\u0103n h\u00f3a v\u00e0 ng\u00f4n ng\u1eef m\u1edbi. \u0110\u1ec3 h\u1ecdc \u0111\u00fang ng\u00f4n ng\u1eef n\u00e0y, vi\u1ec7c n\u1eafm v\u1eefng ng\u1eef ph\u00e1p c\u1ee7a n\u00f3 l\u00e0 \u0111i\u1ec1u c\u1ea7n thi\u1ebft. Ng\u1eef ph\u00e1p Catalan, gi\u1ed1ng nh\u01b0 b\u1ea5t k\u1ef3 ng\u00f4n ng\u1eef n\u00e0o kh\u00e1c, l\u00e0 m\u1ed9t h\u1ec7 th\u1ed1ng c\u00e1c quy t\u1eafc chi ph\u1ed1i vi\u1ec7c x\u00e2y d\u1ef1ng c\u00e1c c\u1ee5m t\u1eeb v\u00e0 c\u00e2u. Trong b\u00e0i vi\u1ebft n\u00e0y, ch\u00fang ta s\u1ebd kh\u00e1m ph\u00e1 c\u00e1c kh\u00eda c\u1ea1nh ch\u00ednh c\u1ee7a ng\u1eef ph\u00e1p Catalan theo tr\u00ecnh t\u1ef1 logic, cung c\u1ea5p n\u1ec1n t\u1ea3ng v\u1eefng ch\u1eafc cho h\u00e0nh tr\u00ecnh <a href=\"https:\/\/talkpal.ai\/vi\/ung-dung-mien-phi-de-hoc-ngon-ngu\/\">h\u1ecdc ng\u00f4n ng\u1eef<\/a> c\u1ee7a b\u1ea1n.<\/p>\n\n\n\n<h3 class=\"wp-block-heading\" id=\"h-1-nouns-and-articles\">1. Danh t\u1eeb v\u00e0 m\u1ea1o t\u1eeb:<\/h3>\n\n\n\n<p>B\u1eaft \u0111\u1ea7u b\u1eb1ng c\u00e1ch h\u1ecdc danh t\u1eeb Catalan, c\u00f3 gi\u1edbi t\u00ednh (nam ho\u1eb7c n\u1eef) v\u00e0 s\u1ed1 (s\u1ed1 \u00edt ho\u1eb7c s\u1ed1 nhi\u1ec1u). C\u00e1c m\u1ea1o t\u1eeb x\u00e1c \u0111\u1ecbnh v\u00e0 kh\u00f4ng x\u00e1c \u0111\u1ecbnh trong ti\u1ebfng Catalan c\u0169ng thay \u0111\u1ed5i theo gi\u1edbi t\u00ednh v\u00e0 s\u1ed1 l\u01b0\u1ee3ng, khi\u1ebfn ch\u00fang tr\u1edf th\u00e0nh \u0111i\u1ec3m kh\u1edfi \u0111\u1ea7u thi\u1ebft y\u1ebfu \u0111\u1ec3 x\u00e2y d\u1ef1ng c\u00e2u.<\/p>\n\n\n\n<h3 class=\"wp-block-heading\" id=\"h-2-adjectives\">2. T\u00ednh t\u1eeb:<\/h3>\n\n\n\n<p>T\u00ednh t\u1eeb trong ti\u1ebfng Catalan \u0111\u1ed3ng \u00fd v\u1edbi c\u00e1c danh t\u1eeb m\u00e0 ch\u00fang s\u1eeda \u0111\u1ed5i v\u1ec1 gi\u1edbi t\u00ednh v\u00e0 s\u1ed1 l\u01b0\u1ee3ng. H\u1ecdc c\u00e1ch h\u00ecnh th\u00e0nh v\u00e0 \u0111\u1ecbnh v\u1ecb t\u00ednh t\u1eeb \u0111\u1ec3 m\u00f4 t\u1ea3 ch\u00ednh x\u00e1c c\u00e1c \u0111\u1eb7c \u0111i\u1ec3m c\u1ee7a danh t\u1eeb.<\/p>\n\n\n\n<h3 class=\"wp-block-heading\" id=\"h-3-pronouns-determiners\">3. \u0110\u1ea1i t\u1eeb\/X\u00e1c \u0111\u1ecbnh:<\/h3>\n\n\n\n<p>\u0110\u1ea1i t\u1eeb thay th\u1ebf danh t\u1eeb \u0111\u1ec3 tr\u00e1nh l\u1eb7p l\u1ea1i, trong khi c\u00e1c t\u1eeb x\u00e1c \u0111\u1ecbnh x\u00e1c \u0111\u1ecbnh ho\u1eb7c \u0111\u1ecbnh l\u01b0\u1ee3ng ch\u00fang. N\u1eafm v\u1eefng c\u00e1c lo\u1ea1i \u0111\u1ea1i t\u1eeb kh\u00e1c nhau (ch\u1ee7 ng\u1eef, t\u00e2n ng\u1eef, ph\u1ea3n x\u1ea1) v\u00e0 t\u1eeb x\u00e1c \u0111\u1ecbnh (bi\u1ec3u di\u1ec5n, s\u1edf h\u1eefu, nghi v\u1ea5n) \u0111\u1ec3 th\u00eam s\u1ef1 \u0111a d\u1ea1ng cho c\u00e2u c\u1ee7a b\u1ea1n.<\/p>\n\n\n\n<h3 class=\"wp-block-heading\" id=\"h-4-verbs-and-tenses\">4. \u0110\u1ed9ng t\u1eeb v\u00e0 th\u00ec:<\/h3>\n\n\n\n<p>\u0110\u1ed9ng t\u1eeb Catalan \u0111\u01b0\u1ee3c chia \u0111\u1ed9ng t\u1eeb theo th\u00ec, t\u00e2m tr\u1ea1ng v\u00e0 con ng\u01b0\u1eddi c\u1ee7a ch\u00fang. T\u00ecm hi\u1ec3u c\u00e1c d\u1ea1ng \u0111\u1ed9ng t\u1eeb th\u00f4ng th\u01b0\u1eddng v\u00e0 b\u1ea5t quy t\u1eafc \u1edf th\u00ec hi\u1ec7n t\u1ea1i, qu\u00e1 kh\u1ee9 v\u00e0 t\u01b0\u01a1ng lai, c\u0169ng nh\u01b0 t\u00e2m tr\u1ea1ng m\u1ec7nh l\u1ec7nh khi ra l\u1ec7nh.<\/p>\n\n\n\n<h3 class=\"wp-block-heading\" id=\"h-5-tense-comparison\">5. So s\u00e1nh c\u0103ng th\u1eb3ng:<\/h3>\n\n\n\n<p>Hi\u1ec3u c\u00e1ch so s\u00e1nh c\u00e1c th\u00ec kh\u00e1c nhau trong ti\u1ebfng Catalan \u0111\u1ec3 th\u1ec3 hi\u1ec7n c\u00e1c h\u00e0nh \u0111\u1ed9ng ho\u1eb7c tr\u1ea1ng th\u00e1i x\u1ea3y ra v\u00e0o c\u00e1c th\u1eddi \u0111i\u1ec3m kh\u00e1c nhau.<\/p>\n\n\n\n<h3 class=\"wp-block-heading\" id=\"h-6-progressive-and-perfect-progressive\">6. Ti\u1ebfn b\u1ed9 v\u00e0 Ti\u1ebfn b\u1ed9 ho\u00e0n h\u1ea3o:<\/h3>\n\n\n\n<p>H\u00ecnh th\u1ee9c ti\u1ebfn b\u1ed9 bi\u1ec3u th\u1ecb m\u1ed9t h\u00e0nh \u0111\u1ed9ng \u0111ang di\u1ec5n ra, trong khi ti\u1ebfn b\u1ed9 ho\u00e0n h\u1ea3o k\u1ebft h\u1ee3p c\u00e1c kh\u00eda c\u1ea1nh ti\u1ebfn b\u1ed9 v\u00e0 ho\u00e0n h\u1ea3o. T\u00ecm hi\u1ec3u c\u00e1ch h\u00ecnh th\u00e0nh v\u00e0 s\u1eed d\u1ee5ng c\u00e1c c\u1ea5u tr\u00fac n\u00e0y \u0111\u1ec3 th\u1ec3 hi\u1ec7n c\u00e1c h\u00e0nh \u0111\u1ed9ng \u0111ang ti\u1ebfn h\u00e0nh ho\u1eb7c c\u00e1c h\u00e0nh \u0111\u1ed9ng \u0111\u00e3 ho\u00e0n th\u00e0nh c\u00f3 li\u00ean quan li\u00ean t\u1ee5c.<\/p>\n\n\n\n<h3 class=\"wp-block-heading\" id=\"h-7-adverbs\">7. Tr\u1ea1ng t\u1eeb:<\/h3>\n\n\n\n<p>Tr\u1ea1ng t\u1eeb s\u1eeda \u0111\u1ed5i \u0111\u1ed9ng t\u1eeb, t\u00ednh t\u1eeb ho\u1eb7c tr\u1ea1ng t\u1eeb kh\u00e1c \u0111\u1ec3 cung c\u1ea5p th\u00eam th\u00f4ng tin v\u1ec1 h\u00e0nh \u0111\u1ed9ng ho\u1eb7c ph\u1ea9m ch\u1ea5t. T\u00ecm hi\u1ec3u c\u00e1c lo\u1ea1i tr\u1ea1ng t\u1eeb kh\u00e1c nhau v\u00e0 v\u1ecb tr\u00ed c\u1ee7a ch\u00fang trong c\u00e2u.<\/p>\n\n\n\n<h3 class=\"wp-block-heading\" id=\"h-8-prepositions\">8. Gi\u1edbi t\u1eeb:<\/h3>\n\n\n\n<p>Gi\u1edbi t\u1eeb li\u00ean k\u1ebft danh t\u1eeb, \u0111\u1ea1i t\u1eeb ho\u1eb7c c\u00e1c y\u1ebfu t\u1ed1 kh\u00e1c trong c\u00e2u \u0111\u1ec3 ch\u1ec9 c\u00e1c m\u1ed1i quan h\u1ec7 nh\u01b0 v\u1ecb tr\u00ed, th\u1eddi gian ho\u1eb7c h\u01b0\u1edbng. L\u00e0m quen v\u1edbi c\u00e1c gi\u1edbi t\u1eeb Catalan ph\u1ed5 bi\u1ebfn nh\u1ea5t v\u00e0 c\u00e1ch s\u1eed d\u1ee5ng ch\u00fang.<\/p>\n\n\n\n<h3 class=\"wp-block-heading\" id=\"h-9-conditionals\">9. \u0110i\u1ec1u ki\u1ec7n:<\/h3>\n\n\n\n<p>\u0110i\u1ec1u ki\u1ec7n th\u1ec3 hi\u1ec7n c\u00e1c t\u00ecnh hu\u1ed1ng ho\u1eb7c \u0111i\u1ec1u ki\u1ec7n gi\u1ea3 \u0111\u1ecbnh v\u00e0 h\u1eadu qu\u1ea3 c\u1ee7a ch\u00fang. T\u00ecm hi\u1ec3u c\u00e1c lo\u1ea1i \u0111i\u1ec1u ki\u1ec7n kh\u00e1c nhau (kh\u00f4ng, th\u1ee9 nh\u1ea5t, th\u1ee9 hai, th\u1ee9 ba) v\u00e0 c\u00e1ch h\u00ecnh th\u00e0nh v\u00e0 s\u1eed d\u1ee5ng ch\u00fang m\u1ed9t c\u00e1ch ch\u00ednh x\u00e1c.<\/p>\n\n\n\n<h3 class=\"wp-block-heading\" id=\"h-10-sentences\">10. C\u00e2u:<\/h3>\n\n\n\n<p>Cu\u1ed1i c\u00f9ng, th\u1ef1c h\u00e0nh k\u1ebft h\u1ee3p t\u1ea5t c\u1ea3 c\u00e1c y\u1ebfu t\u1ed1 b\u1ea1n \u0111\u00e3 h\u1ecdc \u0111\u1ec3 t\u1ea1o th\u00e0nh c\u00e1c c\u00e2u ho\u00e0n ch\u1ec9nh, m\u1ea1ch l\u1ea1c trong ti\u1ebfng Catalan. Th\u1eed nghi\u1ec7m v\u1edbi c\u00e1c c\u1ea5u tr\u00fac c\u00e2u kh\u00e1c nhau v\u00e0 th\u1ef1c h\u00e0nh t\u1ea1o ra c\u00e1c lo\u1ea1i c\u00e2u kh\u00e1c nhau, ch\u1eb3ng h\u1ea1n nh\u01b0 khai b\u00e1o, nghi v\u1ea5n v\u00e0 c\u1ea3m th\u00e1n.<\/p>\n\n\n\n<p>B\u1eb1ng c\u00e1ch h\u1ecdc c\u00e1c ch\u1ee7 \u0111\u1ec1 n\u00e0y theo tr\u00ecnh t\u1ef1 \u0111\u01b0\u1ee3c \u0111\u1ec1 xu\u1ea5t, b\u1ea1n s\u1ebd ph\u00e1t tri\u1ec3n m\u1ed9t n\u1ec1n t\u1ea3ng v\u1eefng ch\u1eafc v\u1ec1 ng\u1eef ph\u00e1p Catalan, cho ph\u00e9p b\u1ea1n giao ti\u1ebfp hi\u1ec7u qu\u1ea3 v\u00e0 t\u1ef1 tin b\u1eb1ng ng\u00f4n ng\u1eef h\u1ea5p d\u1eabn n\u00e0y.<\/p>\n<\/div><\/div>\n\r\n<section class=\"learnNavigationSection\">\r\n            \r\n        <a href=\"https:\/\/talkpal.ai\/vi\/hoc-tieng-catalan\/\">\r\n            <div class=\"learnNavigationWrapper\">\r\n                <div class=\"learnNavigationContent\">\r\n                    <img decoding=\"async\" src=\"https:\/\/talkpal.ai\/wp-content\/uploads\/2024\/08\/Catalan.jpg\" alt=\"Catalan Flag\">\r\n                    <div>\r\n                        <h4>Gi\u1edbi thi\u1ec7u v\u1ec1 Catalan Learning<\/h4>\r\n                        <p>T\u00ecm hi\u1ec3u t\u1ea5t c\u1ea3 v\u1ec1 ng\u1eef ph\u00e1p Catalan.<\/p>\r\n                    <\/div>\r\n                <\/div>\r\n            <\/div>\r\n        <\/a>\r\n\r\n        \r\n        <a href=\"https:\/\/talkpal.ai\/vi\/ngu-phap-catalan\/\">\r\n            <div class=\"learnNavigationWrapper\">\r\n                <div class=\"learnNavigationContent\">\r\n                    <img decoding=\"async\" src=\"https:\/\/talkpal.ai\/wp-content\/uploads\/2024\/08\/Catalan.jpg\" alt=\"Catalan Flag\">\r\n                    <div>\r\n                        <h4>B\u00e0i h\u1ecdc ng\u1eef ph\u00e1p Catalan<\/h4>\r\n                        <p>Th\u1ef1c h\u00e0nh ng\u1eef ph\u00e1p Catalan.<\/p>\r\n                    <\/div>\r\n                <\/div>\r\n            <\/div>\r\n        <\/a>\r\n\r\n        \r\n        <a href=\"https:\/\/talkpal.ai\/vocabulary_language\/catalan\/\">\r\n            <div class=\"learnNavigationWrapper\">\r\n                <div class=\"learnNavigationContent\">\r\n                    <img decoding=\"async\" src=\"https:\/\/talkpal.ai\/wp-content\/uploads\/2024\/08\/Catalan.jpg\" alt=\"Catalan Flag\">\r\n                    <div>\r\n                        <h4>T\u1eeb v\u1ef1ng Catalan<\/h4>\r\n                        <p>M\u1edf r\u1ed9ng v\u1ed1n t\u1eeb v\u1ef1ng Catalan c\u1ee7a b\u1ea1n.<\/p>\r\n                    <\/div>\r\n                <\/div>\r\n            <\/div>\r\n        <\/a>\r\n\r\n            <\/section>","protected":false},"excerpt":{"rendered":"<p>Ch\u1ee7 \u0111\u1ec1 ng\u1eef ph\u00e1p Catalan Ti\u1ebfng Catalan, m\u1ed9t ng\u00f4n ng\u1eef l\u00e3ng m\u1ea1n \u0111\u01b0\u1ee3c s\u1eed d\u1ee5ng b\u1edfi h\u00e0ng tri\u1ec7u ng\u01b0\u1eddi \u1edf v\u00f9ng Catalonia c\u1ee7a T\u00e2y Ban Nha v\u00e0 m\u1ed9t ph\u1ea7n c\u1ee7a \u00dd v\u00e0 Ph\u00e1p, l\u00e0 m\u1ed9t ng\u00f4n ng\u1eef \u0111\u1eb9p v\u00e0 s\u00f4i \u0111\u1ed9ng v\u1edbi l\u1ecbch s\u1eed phong ph\u00fa. H\u1ecdc ti\u1ebfng Catalan c\u00f3 th\u1ec3 l\u00e0 m\u1ed9t tr\u1ea3i nghi\u1ec7m [&hellip;]<\/p>\n","protected":false},"author":6,"featured_media":1445089,"parent":0,"menu_order":0,"comment_status":"closed","ping_status":"closed","template":"LearningContentPage.php","meta":{"_acf_changed":false,"footnotes":""},"class_list":["post-1447175","page","type-page","status-publish","has-post-thumbnail","hentry"],"acf":[],"yoast_head":"<!-- This site is optimized with the Yoast SEO Premium plugin v27.2 (Yoast SEO v27.2) - https:\/\/yoast.com\/product\/yoast-seo-premium-wordpress\/ -->\n<title>B\u00e0i t\u1eadp ng\u1eef ph\u00e1p ti\u1ebfng Catalan - Talkpal<\/title>\n<meta name=\"description\" content=\"Kh\u00e1m ph\u00e1 c\u00e1c b\u00e0i t\u1eadp ng\u1eef ph\u00e1p Catalan c\u1ea7n thi\u1ebft \u0111\u1ec3 n\u00e2ng cao hi\u1ec3u bi\u1ebft c\u1ee7a b\u1ea1n v\u1ec1 ng\u00f4n ng\u1eef \u0111\u1eb9p n\u00e0y v\u00e0 c\u1ea5u tr\u00fac c\u1ee7a n\u00f3.\" \/>\n<meta name=\"robots\" content=\"index, follow, max-snippet:-1, max-image-preview:large, max-video-preview:-1\" \/>\n<link rel=\"canonical\" href=\"https:\/\/talkpal.ai\/vi\/bai-tap-ngu-phap-tieng-catalan\/\" \/>\n<meta property=\"og:locale\" content=\"vi_VN\" \/>\n<meta property=\"og:type\" content=\"article\" \/>\n<meta property=\"og:title\" content=\"B\u00e0i t\u1eadp ng\u1eef ph\u00e1p ti\u1ebfng Catalan\" \/>\n<meta property=\"og:description\" content=\"Ch\u1ee7 \u0111\u1ec1 ng\u1eef ph\u00e1p Catalan Ti\u1ebfng Catalan, m\u1ed9t ng\u00f4n ng\u1eef l\u00e3ng m\u1ea1n \u0111\u01b0\u1ee3c s\u1eed d\u1ee5ng b\u1edfi h\u00e0ng tri\u1ec7u ng\u01b0\u1eddi \u1edf v\u00f9ng Catalonia c\u1ee7a T\u00e2y Ban Nha v\u00e0 m\u1ed9t ph\u1ea7n c\u1ee7a \u00dd v\u00e0 Ph\u00e1p,\" \/>\n<meta property=\"og:url\" content=\"https:\/\/talkpal.ai\/vi\/bai-tap-ngu-phap-tieng-catalan\/\" \/>\n<meta property=\"og:site_name\" content=\"Talkpal\" \/>\n<meta property=\"article:publisher\" content=\"https:\/\/www.facebook.com\/profile.php?id=100090733639311\" \/>\n<meta property=\"article:modified_time\" content=\"2025-09-06T21:19:01+00:00\" \/>\n<meta property=\"og:image\" content=\"https:\/\/talkpal.ai\/wp-content\/uploads\/2023\/08\/Catalan.png\" \/>\n\t<meta property=\"og:image:width\" content=\"479\" \/>\n\t<meta property=\"og:image:height\" content=\"479\" \/>\n\t<meta property=\"og:image:type\" content=\"image\/png\" \/>\n<meta name=\"twitter:card\" content=\"summary_large_image\" \/>\n<meta name=\"twitter:site\" content=\"@talkpalai\" \/>\n<meta name=\"twitter:label1\" content=\"Est. reading time\" \/>\n\t<meta name=\"twitter:data1\" content=\"5 minutes\" \/>\n<script type=\"application\/ld+json\" class=\"yoast-schema-graph\">{\"@context\":\"https:\/\/schema.org\",\"@graph\":[{\"@type\":\"WebPage\",\"@id\":\"https:\/\/talkpal.ai\/vi\/bai-tap-ngu-phap-tieng-catalan\/\",\"url\":\"https:\/\/talkpal.ai\/vi\/bai-tap-ngu-phap-tieng-catalan\/\",\"name\":\"B\u00e0i t\u1eadp ng\u1eef ph\u00e1p ti\u1ebfng Catalan - Talkpal\",\"isPartOf\":{\"@id\":\"https:\/\/talkpal.ai\/vi\/#website\"},\"primaryImageOfPage\":{\"@id\":\"https:\/\/talkpal.ai\/vi\/bai-tap-ngu-phap-tieng-catalan\/#primaryimage\"},\"image\":{\"@id\":\"https:\/\/talkpal.ai\/vi\/bai-tap-ngu-phap-tieng-catalan\/#primaryimage\"},\"thumbnailUrl\":\"https:\/\/talkpal.ai\/wp-content\/uploads\/2023\/08\/Catalan.png\",\"datePublished\":\"2023-06-16T12:49:04+00:00\",\"dateModified\":\"2025-09-06T21:19:01+00:00\",\"description\":\"Kh\u00e1m ph\u00e1 c\u00e1c b\u00e0i t\u1eadp ng\u1eef ph\u00e1p Catalan c\u1ea7n thi\u1ebft \u0111\u1ec3 n\u00e2ng cao hi\u1ec3u bi\u1ebft c\u1ee7a b\u1ea1n v\u1ec1 ng\u00f4n ng\u1eef \u0111\u1eb9p n\u00e0y v\u00e0 c\u1ea5u tr\u00fac c\u1ee7a n\u00f3.\",\"breadcrumb\":{\"@id\":\"https:\/\/talkpal.ai\/vi\/bai-tap-ngu-phap-tieng-catalan\/#breadcrumb\"},\"inLanguage\":\"vi-VN\",\"potentialAction\":[{\"@type\":\"ReadAction\",\"target\":[\"https:\/\/talkpal.ai\/vi\/bai-tap-ngu-phap-tieng-catalan\/\"]}]},{\"@type\":\"ImageObject\",\"inLanguage\":\"vi-VN\",\"@id\":\"https:\/\/talkpal.ai\/vi\/bai-tap-ngu-phap-tieng-catalan\/#primaryimage\",\"url\":\"https:\/\/talkpal.ai\/wp-content\/uploads\/2023\/08\/Catalan.png\",\"contentUrl\":\"https:\/\/talkpal.ai\/wp-content\/uploads\/2023\/08\/Catalan.png\",\"width\":479,\"height\":479,\"caption\":\"TalkPal Catalan Flag\"},{\"@type\":\"BreadcrumbList\",\"@id\":\"https:\/\/talkpal.ai\/vi\/bai-tap-ngu-phap-tieng-catalan\/#breadcrumb\",\"itemListElement\":[{\"@type\":\"ListItem\",\"position\":1,\"name\":\"Homepage\",\"item\":\"https:\/\/talkpal.ai\/vi\/giao-vien-ngon-ngu-ai-3\/\"},{\"@type\":\"ListItem\",\"position\":2,\"name\":\"B\u00e0i t\u1eadp ng\u1eef ph\u00e1p ti\u1ebfng Catalan\"}]},{\"@type\":\"WebSite\",\"@id\":\"https:\/\/talkpal.ai\/vi\/#website\",\"url\":\"https:\/\/talkpal.ai\/vi\/\",\"name\":\"Talkpal\",\"description\":\"AI Language Learning\",\"publisher\":{\"@id\":\"https:\/\/talkpal.ai\/vi\/#organization\"},\"alternateName\":\"Talkpal AI\",\"potentialAction\":[{\"@type\":\"SearchAction\",\"target\":{\"@type\":\"EntryPoint\",\"urlTemplate\":\"https:\/\/talkpal.ai\/vi\/?s={search_term_string}\"},\"query-input\":{\"@type\":\"PropertyValueSpecification\",\"valueRequired\":true,\"valueName\":\"search_term_string\"}}],\"inLanguage\":\"vi-VN\"},{\"@type\":\"Organization\",\"@id\":\"https:\/\/talkpal.ai\/vi\/#organization\",\"name\":\"Talkpal, Inc.\",\"alternateName\":\"Talkpal AI\",\"url\":\"https:\/\/talkpal.ai\/vi\/\",\"logo\":{\"@type\":\"ImageObject\",\"inLanguage\":\"vi-VN\",\"@id\":\"https:\/\/talkpal.ai\/vi\/#\/schema\/logo\/image\/\",\"url\":\"https:\/\/talkpal.ai\/wp-content\/uploads\/2024\/03\/Talkpal-Logo-Icon.png\",\"contentUrl\":\"https:\/\/talkpal.ai\/wp-content\/uploads\/2024\/03\/Talkpal-Logo-Icon.png\",\"width\":2880,\"height\":2880,\"caption\":\"Talkpal, Inc.\"},\"image\":{\"@id\":\"https:\/\/talkpal.ai\/vi\/#\/schema\/logo\/image\/\"},\"sameAs\":[\"https:\/\/www.facebook.com\/profile.php?id=100090733639311\",\"https:\/\/x.com\/talkpalai\",\"https:\/\/www.linkedin.com\/company\/talkpal\/\",\"https:\/\/www.youtube.com\/@TalkPal\/\",\"https:\/\/www.tiktok.com\/@talkpal\",\"https:\/\/www.instagram.com\/talkpal_ai\/\",\"https:\/\/www.crunchbase.com\/organization\/talkpal-9cde\",\"https:\/\/www.g2.com\/products\/talkpal-for-business\/\",\"https:\/\/www.trustpilot.com\/review\/talkpal.ai\",\"https:\/\/www.capterra.com\/p\/10006800\/TalkPal\/\"],\"description\":\"Talkpal is a language learning web and mobile education app, powered by the latest AI technologies, that provides engaging experiences to its customers in many different languages to help them improve their language skills. Users can chat about unlimited amount of topics with the app and use other modes to practice their language learning.\",\"email\":\"support@talkpal.ai\",\"legalName\":\"Talkpal, Inc.\",\"foundingDate\":\"2023-04-03\",\"duns\":\"118989042\",\"numberOfEmployees\":{\"@type\":\"QuantitativeValue\",\"minValue\":\"11\",\"maxValue\":\"50\"},\"publishingPrinciples\":\"https:\/\/talkpal.ai\/publishing-principles\/\",\"actionableFeedbackPolicy\":\"https:\/\/talkpal.ai\/actionable-feedback-policy\/\",\"correctionsPolicy\":\"https:\/\/talkpal.ai\/corrections-policy\/\",\"ethicsPolicy\":\"https:\/\/talkpal.ai\/ethics-policy\/\",\"diversityPolicy\":\"https:\/\/talkpal.ai\/diversity-policy\/\",\"diversityStaffingReport\":\"https:\/\/talkpal.ai\/diversity-policy\/\"}]}<\/script>\n<!-- \/ Yoast SEO Premium plugin. -->","yoast_head_json":{"title":"B\u00e0i t\u1eadp ng\u1eef ph\u00e1p ti\u1ebfng Catalan - Talkpal","description":"Kh\u00e1m ph\u00e1 c\u00e1c b\u00e0i t\u1eadp ng\u1eef ph\u00e1p Catalan c\u1ea7n thi\u1ebft \u0111\u1ec3 n\u00e2ng cao hi\u1ec3u bi\u1ebft c\u1ee7a b\u1ea1n v\u1ec1 ng\u00f4n ng\u1eef \u0111\u1eb9p n\u00e0y v\u00e0 c\u1ea5u tr\u00fac c\u1ee7a n\u00f3.","robots":{"index":"index","follow":"follow","max-snippet":"max-snippet:-1","max-image-preview":"max-image-preview:large","max-video-preview":"max-video-preview:-1"},"canonical":"https:\/\/talkpal.ai\/vi\/bai-tap-ngu-phap-tieng-catalan\/","og_locale":"vi_VN","og_type":"article","og_title":"B\u00e0i t\u1eadp ng\u1eef ph\u00e1p ti\u1ebfng Catalan","og_description":"Ch\u1ee7 \u0111\u1ec1 ng\u1eef ph\u00e1p Catalan Ti\u1ebfng Catalan, m\u1ed9t ng\u00f4n ng\u1eef l\u00e3ng m\u1ea1n \u0111\u01b0\u1ee3c s\u1eed d\u1ee5ng b\u1edfi h\u00e0ng tri\u1ec7u ng\u01b0\u1eddi \u1edf v\u00f9ng Catalonia c\u1ee7a T\u00e2y Ban Nha v\u00e0 m\u1ed9t ph\u1ea7n c\u1ee7a \u00dd v\u00e0 Ph\u00e1p,","og_url":"https:\/\/talkpal.ai\/vi\/bai-tap-ngu-phap-tieng-catalan\/","og_site_name":"Talkpal","article_publisher":"https:\/\/www.facebook.com\/profile.php?id=100090733639311","article_modified_time":"2025-09-06T21:19:01+00:00","og_image":[{"width":479,"height":479,"url":"https:\/\/talkpal.ai\/wp-content\/uploads\/2023\/08\/Catalan.png","type":"image\/png"}],"twitter_card":"summary_large_image","twitter_site":"@talkpalai","twitter_misc":{"Est. reading time":"5 minutes"},"schema":{"@context":"https:\/\/schema.org","@graph":[{"@type":"WebPage","@id":"https:\/\/talkpal.ai\/vi\/bai-tap-ngu-phap-tieng-catalan\/","url":"https:\/\/talkpal.ai\/vi\/bai-tap-ngu-phap-tieng-catalan\/","name":"B\u00e0i t\u1eadp ng\u1eef ph\u00e1p ti\u1ebfng Catalan - Talkpal","isPartOf":{"@id":"https:\/\/talkpal.ai\/vi\/#website"},"primaryImageOfPage":{"@id":"https:\/\/talkpal.ai\/vi\/bai-tap-ngu-phap-tieng-catalan\/#primaryimage"},"image":{"@id":"https:\/\/talkpal.ai\/vi\/bai-tap-ngu-phap-tieng-catalan\/#primaryimage"},"thumbnailUrl":"https:\/\/talkpal.ai\/wp-content\/uploads\/2023\/08\/Catalan.png","datePublished":"2023-06-16T12:49:04+00:00","dateModified":"2025-09-06T21:19:01+00:00","description":"Kh\u00e1m ph\u00e1 c\u00e1c b\u00e0i t\u1eadp ng\u1eef ph\u00e1p Catalan c\u1ea7n thi\u1ebft \u0111\u1ec3 n\u00e2ng cao hi\u1ec3u bi\u1ebft c\u1ee7a b\u1ea1n v\u1ec1 ng\u00f4n ng\u1eef \u0111\u1eb9p n\u00e0y v\u00e0 c\u1ea5u tr\u00fac c\u1ee7a n\u00f3.","breadcrumb":{"@id":"https:\/\/talkpal.ai\/vi\/bai-tap-ngu-phap-tieng-catalan\/#breadcrumb"},"inLanguage":"vi-VN","potentialAction":[{"@type":"ReadAction","target":["https:\/\/talkpal.ai\/vi\/bai-tap-ngu-phap-tieng-catalan\/"]}]},{"@type":"ImageObject","inLanguage":"vi-VN","@id":"https:\/\/talkpal.ai\/vi\/bai-tap-ngu-phap-tieng-catalan\/#primaryimage","url":"https:\/\/talkpal.ai\/wp-content\/uploads\/2023\/08\/Catalan.png","contentUrl":"https:\/\/talkpal.ai\/wp-content\/uploads\/2023\/08\/Catalan.png","width":479,"height":479,"caption":"TalkPal Catalan Flag"},{"@type":"BreadcrumbList","@id":"https:\/\/talkpal.ai\/vi\/bai-tap-ngu-phap-tieng-catalan\/#breadcrumb","itemListElement":[{"@type":"ListItem","position":1,"name":"Homepage","item":"https:\/\/talkpal.ai\/vi\/giao-vien-ngon-ngu-ai-3\/"},{"@type":"ListItem","position":2,"name":"B\u00e0i t\u1eadp ng\u1eef ph\u00e1p ti\u1ebfng Catalan"}]},{"@type":"WebSite","@id":"https:\/\/talkpal.ai\/vi\/#website","url":"https:\/\/talkpal.ai\/vi\/","name":"Talkpal","description":"AI Language Learning","publisher":{"@id":"https:\/\/talkpal.ai\/vi\/#organization"},"alternateName":"Talkpal AI","potentialAction":[{"@type":"SearchAction","target":{"@type":"EntryPoint","urlTemplate":"https:\/\/talkpal.ai\/vi\/?s={search_term_string}"},"query-input":{"@type":"PropertyValueSpecification","valueRequired":true,"valueName":"search_term_string"}}],"inLanguage":"vi-VN"},{"@type":"Organization","@id":"https:\/\/talkpal.ai\/vi\/#organization","name":"Talkpal, Inc.","alternateName":"Talkpal AI","url":"https:\/\/talkpal.ai\/vi\/","logo":{"@type":"ImageObject","inLanguage":"vi-VN","@id":"https:\/\/talkpal.ai\/vi\/#\/schema\/logo\/image\/","url":"https:\/\/talkpal.ai\/wp-content\/uploads\/2024\/03\/Talkpal-Logo-Icon.png","contentUrl":"https:\/\/talkpal.ai\/wp-content\/uploads\/2024\/03\/Talkpal-Logo-Icon.png","width":2880,"height":2880,"caption":"Talkpal, Inc."},"image":{"@id":"https:\/\/talkpal.ai\/vi\/#\/schema\/logo\/image\/"},"sameAs":["https:\/\/www.facebook.com\/profile.php?id=100090733639311","https:\/\/x.com\/talkpalai","https:\/\/www.linkedin.com\/company\/talkpal\/","https:\/\/www.youtube.com\/@TalkPal\/","https:\/\/www.tiktok.com\/@talkpal","https:\/\/www.instagram.com\/talkpal_ai\/","https:\/\/www.crunchbase.com\/organization\/talkpal-9cde","https:\/\/www.g2.com\/products\/talkpal-for-business\/","https:\/\/www.trustpilot.com\/review\/talkpal.ai","https:\/\/www.capterra.com\/p\/10006800\/TalkPal\/"],"description":"Talkpal is a language learning web and mobile education app, powered by the latest AI technologies, that provides engaging experiences to its customers in many different languages to help them improve their language skills. Users can chat about unlimited amount of topics with the app and use other modes to practice their language learning.","email":"support@talkpal.ai","legalName":"Talkpal, Inc.","foundingDate":"2023-04-03","duns":"118989042","numberOfEmployees":{"@type":"QuantitativeValue","minValue":"11","maxValue":"50"},"publishingPrinciples":"https:\/\/talkpal.ai\/publishing-principles\/","actionableFeedbackPolicy":"https:\/\/talkpal.ai\/actionable-feedback-policy\/","correctionsPolicy":"https:\/\/talkpal.ai\/corrections-policy\/","ethicsPolicy":"https:\/\/talkpal.ai\/ethics-policy\/","diversityPolicy":"https:\/\/talkpal.ai\/diversity-policy\/","diversityStaffingReport":"https:\/\/talkpal.ai\/diversity-policy\/"}]}},"_links":{"self":[{"href":"https:\/\/talkpal.ai\/vi\/wp-json\/wp\/v2\/pages\/1447175","targetHints":{"allow":["GET"]}}],"collection":[{"href":"https:\/\/talkpal.ai\/vi\/wp-json\/wp\/v2\/pages"}],"about":[{"href":"https:\/\/talkpal.ai\/vi\/wp-json\/wp\/v2\/types\/page"}],"author":[{"embeddable":true,"href":"https:\/\/talkpal.ai\/vi\/wp-json\/wp\/v2\/users\/6"}],"replies":[{"embeddable":true,"href":"https:\/\/talkpal.ai\/vi\/wp-json\/wp\/v2\/comments?post=1447175"}],"version-history":[{"count":0,"href":"https:\/\/talkpal.ai\/vi\/wp-json\/wp\/v2\/pages\/1447175\/revisions"}],"wp:featuredmedia":[{"embeddable":true,"href":"https:\/\/talkpal.ai\/vi\/wp-json\/wp\/v2\/media\/1445089"}],"wp:attachment":[{"href":"https:\/\/talkpal.ai\/vi\/wp-json\/wp\/v2\/media?parent=1447175"}],"curies":[{"name":"wp","href":"https:\/\/api.w.org\/{rel}","templated":true}]}}