{"id":1447164,"date":"2023-06-16T13:10:39","date_gmt":"2023-06-16T13:10:39","guid":{"rendered":"https:\/\/talkpal.ai\/bai-tap-ngu-phap-tieng-sec\/"},"modified":"2025-12-17T16:27:28","modified_gmt":"2025-12-17T16:27:28","slug":"bai-tap-ngu-phap-tieng-sec","status":"publish","type":"page","link":"https:\/\/talkpal.ai\/vi\/bai-tap-ngu-phap-tieng-sec\/","title":{"rendered":"B\u00e0i t\u1eadp ng\u1eef ph\u00e1p ti\u1ebfng S\u00e9c"},"content":{"rendered":"\r\n\r\n\r\n<section class=\"languageChallengeSection\">\r\n    <div class=\"languageInfoWrapper\">\r\n        \r\n        <h1>B\u00e0i t\u1eadp ng\u1eef ph\u00e1p ti\u1ebfng S\u00e9c<\/h1>\r\n        <p>S\u1eb5n s\u00e0ng m\u00e0i gi\u0169a k\u1ef9 n\u0103ng <a href=\"https:\/\/talkpal.ai\/learn-czech\/\">ti\u1ebfng S\u00e9c<\/a> c\u1ee7a b\u1ea1n? Th\u1ef1c h\u00e0nh c\u00e1c b\u00e0i t\u1eadp <a href=\"https:\/\/talkpal.ai\/vi\/ngu-phap\/\">ng\u1eef ph\u00e1p<\/a> l\u00e0 c\u00e1ch ho\u00e0n h\u1ea3o \u0111\u1ec3 n\u1eafm v\u1eefng c\u1ea5u tr\u00fac c\u00e2u, \u0111u\u00f4i \u0111\u1ed9ng t\u1eeb v\u00e0 c\u00e1c m\u1eabu \u0111\u1eb7c bi\u1ec7t c\u1ee7a ti\u1ebfng S\u00e9c. B\u1eaft \u0111\u1ea7u l\u00e0m vi\u1ec7c v\u1edbi <a href=\"https:\/\/talkpal.ai\/czech-grammar\/\">ng\u1eef ph\u00e1p ti\u1ebfng S\u00e9c<\/a> ngay h\u00f4m nay v\u00e0 xem s\u1ef1 t\u1ef1 tin v\u00e0 l\u01b0u lo\u00e1t c\u1ee7a b\u1ea1n ph\u00e1t tri\u1ec3n v\u1edbi m\u1ed7i b\u00e0i t\u1eadp!\n\n<\/p>\r\n\r\n                            <a class=\"getStartedHidden\" href=\"https:\/\/app.talkpal.ai\/vi\/signup?lng=\">B\u1eaft \u0111\u1ea7u nh\u00e9<\/a>\r\n        \r\n    <\/div>\r\n\r\n    <figure>\r\n    <img decoding=\"async\" width=\"768\" height=\"768\" src=\"https:\/\/talkpal.ai\/wp-content\/uploads\/2023\/06\/Czech-768x768.png\" class=\"languageImage no-lazy\" alt=\"Language learning for intellectual development\" fetchpriority=\"high\" sizes=\"(max-width: 768px) 150px, 768px\" srcset=\"https:\/\/talkpal.ai\/wp-content\/uploads\/2023\/06\/Czech-768x768.png 768w, https:\/\/talkpal.ai\/wp-content\/uploads\/2023\/06\/Czech-300x300.png 300w\" \/>\r\n    \r\n\r\n    <\/figure>\r\n\r\n            <a class=\"getStartedVisible\" href=\"https:\/\/app.talkpal.ai\/vi\/signup?lng=\">B\u1eaft \u0111\u1ea7u nh\u00e9<\/a>\r\n    \r\n<\/section>\r\n\r\n\r\n<!-- <section class=\"grammarSection\">\r\n    <div class=\"grammarLinks\">\r\n            <\/div>\r\n<\/section> -->\r\n\r\n\r\n\r\n\r\n<section class=\"promotionalBanner\">\r\n    <p class=\"promotionalText\">C\u00e1ch hi\u1ec7u qu\u1ea3 nh\u1ea5t \u0111\u1ec3 h\u1ecdc m\u1ed9t <a href=\"https:\/\/talkpal.ai\/vi\/hoc-ngon-ngu-cho-cac-truong-ngon-ngu\/\">ng\u00f4n ng\u1eef<\/a><\/p>\r\n    <a class=\"promotionalLink\" href=\"https:\/\/app.talkpal.ai\/vi\/signup?lng=\">D\u00f9ng th\u1eed Talkpal mi\u1ec5n ph\u00ed<\/a>\r\n<\/section>\n<div class=\"wp-block-group pageContainerStyle\"><div class=\"wp-block-group__inner-container is-layout-constrained wp-block-group-is-layout-constrained\">\n<h2 class=\"wp-block-heading\" id=\"h-czech-grammar-topics\">Ch\u1ee7 \u0111\u1ec1 ng\u1eef ph\u00e1p ti\u1ebfng S\u00e9c<\/h2>\n\n\n\n<p>H\u1ecdc m\u1ed9t ng\u00f4n ng\u1eef m\u1edbi c\u00f3 th\u1ec3 l\u00e0 m\u1ed9t tr\u1ea3i nghi\u1ec7m th\u00fa v\u1ecb v\u00e0 phong ph\u00fa, v\u00e0 ti\u1ebfng S\u00e9c c\u0169ng kh\u00f4ng ngo\u1ea1i l\u1ec7. V\u1edbi l\u1ecbch s\u1eed phong ph\u00fa v\u00e0 n\u00e9t quy\u1ebfn r\u0169 \u0111\u1ed9c \u0111\u00e1o c\u1ee7a ng\u01b0\u1eddi Slav, ng\u00f4n ng\u1eef S\u00e9c mang \u0111\u1ebfn cho ng\u01b0\u1eddi h\u1ecdc m\u1ed9t c\u1eeda ng\u00f5 v\u00e0o trung t\u00e2m Trung \u00c2u. \u0110\u1ec3 t\u1eadn d\u1ee5ng t\u1ed1i \u0111a h\u00e0nh tr\u00ecnh ng\u00f4n ng\u1eef S\u00e9c c\u1ee7a b\u1ea1n, \u0111i\u1ec1u c\u1ea7n thi\u1ebft l\u00e0 ph\u1ea3i hi\u1ec3u v\u00e0 n\u1eafm v\u1eefng ng\u1eef ph\u00e1p c\u1ee7a n\u00f3, l\u00e0 x\u01b0\u01a1ng s\u1ed1ng c\u1ee7a b\u1ea5t k\u1ef3 ng\u00f4n ng\u1eef n\u00e0o. T\u1eeb th\u00ec v\u00e0 \u0111\u1ed9ng t\u1eeb \u0111\u1ebfn t\u00ednh t\u1eeb v\u00e0 gi\u1edbi t\u1eeb, bi\u1ebft c\u00e1c ch\u1ee7 \u0111\u1ec1 ng\u1eef ph\u00e1p n\u00e0y s\u1ebd gi\u00fap b\u1ea1n giao ti\u1ebfp hi\u1ec7u qu\u1ea3 v\u00e0 t\u1ef1 tin. Trong h\u01b0\u1edbng d\u1eabn n\u00e0y, ch\u00fang t\u00f4i s\u1ebd \u0111\u01b0a b\u1ea1n qua c\u00e1c ch\u1ee7 \u0111\u1ec1 ng\u1eef ph\u00e1p ti\u1ebfng S\u00e9c c\u1ea7n thi\u1ebft, \u0111\u01b0\u1ee3c nh\u00f3m l\u1ea1i theo tr\u00ecnh t\u1ef1 s\u1ebd t\u1ea1o \u0111i\u1ec1u ki\u1ec7n thu\u1eadn l\u1ee3i cho vi\u1ec7c h\u1ecdc v\u00e0 hi\u1ec3u ng\u00f4n ng\u1eef c\u1ee7a b\u1ea1n.<\/p>\n\n\n\n<h3 class=\"wp-block-heading\" id=\"h-1-nouns\">1. Danh t\u1eeb:<\/h3>\n\n\n\n<p>B\u1eaft \u0111\u1ea7u h\u1ecdc v\u1edbi danh t\u1eeb ti\u1ebfng S\u00e9c, v\u00ec ch\u00fang l\u00e0 n\u1ec1n t\u1ea3ng c\u1ee7a ng\u00f4n ng\u1eef. Danh t\u1eeb ti\u1ebfng S\u00e9c c\u00f3 ba gi\u1edbi t\u00ednh (nam, n\u1eef v\u00e0 trung t\u00ednh) v\u00e0 b\u1ea3y tr\u01b0\u1eddng h\u1ee3p (danh ngh\u0129a, sinh d\u1ee5c, dative, accusative, vocative, locative v\u00e0 instrumental). Hi\u1ec3u gi\u1edbi t\u00ednh v\u00e0 h\u1ec7 th\u1ed1ng tr\u01b0\u1eddng h\u1ee3p l\u00e0 r\u1ea5t quan tr\u1ecdng \u0111\u1ec3 h\u00ecnh th\u00e0nh c\u00e2u th\u00edch h\u1ee3p.<\/p>\n\n\n\n<h3 class=\"wp-block-heading\" id=\"h-2-articles\">2. B\u00e0i vi\u1ebft:<\/h3>\n\n\n\n<p>ti\u1ebfng S\u00e9c kh\u00f4ng c\u00f3 m\u1ea1o t\u1eeb kh\u00f4ng x\u00e1c \u0111\u1ecbnh (a, an), v\u00e0 m\u1ea1o t\u1eeb x\u00e1c \u0111\u1ecbnh (the) ch\u1ec9 \u0111\u01b0\u1ee3c s\u1eed d\u1ee5ng trong m\u1ed9t s\u1ed1 t\u00ecnh hu\u1ed1ng c\u1ee5 th\u1ec3. T\u00ecm hi\u1ec3u khi n\u00e0o v\u00e0 l\u00e0m th\u1ebf n\u00e0o \u0111\u1ec3 s\u1eed d\u1ee5ng m\u1ea1o t\u1eeb x\u00e1c \u0111\u1ecbnh \u0111\u1ec3 <a href=\"https:\/\/talkpal.ai\/vi\/hoc-tieng-anh-nang-cao\/\">n\u00e2ng cao<\/a> hi\u1ec3u bi\u1ebft c\u1ee7a b\u1ea1n <a href=\"https:\/\/talkpal.ai\/vi\/ve\/\">v\u1ec1<\/a> ng\u1eef ph\u00e1p ti\u1ebfng S\u00e9c.<\/p>\n\n\n\n<h3 class=\"wp-block-heading\" id=\"h-3-pronouns-determiners\">3. \u0110\u1ea1i t\u1eeb\/X\u00e1c \u0111\u1ecbnh:<\/h3>\n\n\n\n<p>\u0110\u1ea1i t\u1eeb thay th\u1ebf danh t\u1eeb trong c\u00e2u, trong khi c\u00e1c t\u1eeb x\u00e1c \u0111\u1ecbnh ch\u1ec9 \u0111\u1ecbnh ho\u1eb7c s\u1eeda \u0111\u1ed5i danh t\u1eeb. L\u00e0m quen v\u1edbi c\u00e1c \u0111\u1ea1i t\u1eeb c\u00e1 nh\u00e2n, s\u1edf h\u1eefu, bi\u1ec3u di\u1ec5n, ph\u1ea3n x\u1ea1 v\u00e0 nghi v\u1ea5n ti\u1ebfng S\u00e9c, c\u0169ng nh\u01b0 c\u00e1c t\u1eeb quy\u1ebft \u0111\u1ecbnh, \u0111\u1ec3 t\u1ea1o ra c\u00e1c c\u00e2u ph\u1ee9c t\u1ea1p h\u01a1n.<\/p>\n\n\n\n<h3 class=\"wp-block-heading\" id=\"h-4-adjectives\">4. T\u00ednh t\u1eeb:<\/h3>\n\n\n\n<p>T\u00ednh t\u1eeb m\u00f4 t\u1ea3 ho\u1eb7c s\u1eeda \u0111\u1ed5i danh t\u1eeb trong ti\u1ebfng S\u00e9c. T\u00ecm hi\u1ec3u c\u00e1ch s\u1eed d\u1ee5ng ch\u00fang \u0111\u00fang gi\u1edbi t\u00ednh, s\u1ed1 v\u00e0 ch\u1eef hoa \u0111\u1ec3 ph\u00f9 h\u1ee3p v\u1edbi danh t\u1eeb m\u00e0 h\u1ecd m\u00f4 t\u1ea3.<\/p>\n\n\n\n<h3 class=\"wp-block-heading\" id=\"h-5-adverbs\">5. Tr\u1ea1ng t\u1eeb:<\/h3>\n\n\n\n<p>Tr\u1ea1ng t\u1eeb s\u1eeda \u0111\u1ed5i \u0111\u1ed9ng t\u1eeb, t\u00ednh t\u1eeb ho\u1eb7c c\u00e1c tr\u1ea1ng t\u1eeb kh\u00e1c. Ch\u00fang cung c\u1ea5p th\u00f4ng tin b\u1ed5 sung v\u1ec1 h\u00e0nh \u0111\u1ed9ng, ch\u1eb3ng h\u1ea1n nh\u01b0 c\u00e1ch th\u1ee9c, th\u1eddi gian ho\u1eb7c \u0111\u1ecba \u0111i\u1ec3m. N\u1eafm v\u1eefng tr\u1ea1ng t\u1eeb ti\u1ebfng S\u00e9c s\u1ebd gi\u00fap b\u1ea1n truy\u1ec1n t\u1ea3i th\u00f4ng \u0111i\u1ec7p c\u1ee7a m\u00ecnh ch\u00ednh x\u00e1c h\u01a1n.<\/p>\n\n\n\n<h3 class=\"wp-block-heading\" id=\"h-6-verbs\">6. \u0110\u1ed9ng t\u1eeb:<\/h3>\n\n\n\n<p>\u0110\u1ed9ng t\u1eeb ti\u1ebfng S\u00e9c r\u1ea5t c\u1ea7n thi\u1ebft \u0111\u1ec3 th\u1ec3 hi\u1ec7n h\u00e0nh \u0111\u1ed9ng, s\u1ef1 ki\u1ec7n ho\u1eb7c tr\u1ea1ng th\u00e1i. T\u00ecm hi\u1ec3u c\u00e1c m\u1eabu chia t\u1eeb, th\u00ec (qu\u00e1 kh\u1ee9, hi\u1ec7n t\u1ea1i v\u00e0 t\u01b0\u01a1ng lai) v\u00e0 c\u00e1c kh\u00eda c\u1ea1nh (ho\u00e0n h\u1ea3o v\u00e0 kh\u00f4ng ho\u00e0n h\u1ea3o) \u0111\u1ec3 giao ti\u1ebfp hi\u1ec7u qu\u1ea3.<\/p>\n\n\n\n<h3 class=\"wp-block-heading\" id=\"h-7-tense-comparison\">7. So s\u00e1nh c\u0103ng th\u1eb3ng:<\/h3>\n\n\n\n<p>Hi\u1ec3u \u0111\u01b0\u1ee3c s\u1ef1 kh\u00e1c bi\u1ec7t v\u00e0 c\u00e1ch s\u1eed d\u1ee5ng th\u00ec ti\u1ebfng S\u00e9c (qu\u00e1 kh\u1ee9, hi\u1ec7n t\u1ea1i v\u00e0 t\u01b0\u01a1ng lai) s\u1ebd cho ph\u00e9p b\u1ea1n di\u1ec5n \u0111\u1ea1t suy ngh\u0129 c\u1ee7a m\u00ecnh m\u1ed9t c\u00e1ch ch\u00ednh x\u00e1c v\u00e0 tr\u00e1nh nh\u1ea7m l\u1eabn.<\/p>\n\n\n\n<h3 class=\"wp-block-heading\" id=\"h-8-progressive-and-perfect-progressive\">8. Ti\u1ebfn b\u1ed9 v\u00e0 Ti\u1ebfn b\u1ed9 ho\u00e0n h\u1ea3o:<\/h3>\n\n\n\n<p>Ti\u1ebfng S\u00e9c kh\u00f4ng c\u00f3 t\u1eeb t\u01b0\u01a1ng \u0111\u01b0\u01a1ng tr\u1ef1c ti\u1ebfp cho th\u00ec l\u0169y ti\u1ebfn v\u00e0 ti\u1ebfn b\u1ed9 ho\u00e0n h\u1ea3o c\u1ee7a ti\u1ebfng Anh. Thay v\u00e0o \u0111\u00f3, ng\u00f4n ng\u1eef s\u1eed d\u1ee5ng c\u00e1c kh\u00eda c\u1ea1nh \u0111\u1ed9ng t\u1eeb kh\u00e1c nhau (ho\u00e0n h\u1ea3o v\u00e0 kh\u00f4ng ho\u00e0n h\u1ea3o) v\u00e0 c\u1ea5u tr\u00fac \u0111\u1ec3 truy\u1ec1n \u0111\u1ea1t \u00fd ngh\u0129a t\u01b0\u01a1ng t\u1ef1. T\u00ecm hi\u1ec3u c\u00e1ch h\u00ecnh th\u00e0nh v\u00e0 s\u1eed d\u1ee5ng c\u00e1c c\u1ea5u tr\u00fac n\u00e0y \u0111\u1ec3 th\u1ec3 hi\u1ec7n c\u00e1c h\u00e0nh \u0111\u1ed9ng \u0111ang di\u1ec5n ra ho\u1eb7c \u0111\u00e3 ho\u00e0n th\u00e0nh.<\/p>\n\n\n\n<h3 class=\"wp-block-heading\" id=\"h-9-conditionals\">9. \u0110i\u1ec1u ki\u1ec7n:<\/h3>\n\n\n\n<p>\u0110i\u1ec1u ki\u1ec7n \u0111\u01b0\u1ee3c s\u1eed d\u1ee5ng \u0111\u1ec3 th\u1ec3 hi\u1ec7n c\u00e1c t\u00ecnh hu\u1ed1ng ho\u1eb7c \u0111i\u1ec1u ki\u1ec7n gi\u1ea3 \u0111\u1ecbnh. N\u1eafm v\u1eefng c\u00e1c d\u1ea1ng \u0111i\u1ec1u ki\u1ec7n c\u1ee7a S\u00e9c \u0111\u1ec3 th\u1ea3o lu\u1eadn v\u1ec1 c\u00e1c kh\u1ea3 n\u0103ng v\u00e0 \u0111\u01b0a ra d\u1ef1 \u0111o\u00e1n.<\/p>\n\n\n\n<h3 class=\"wp-block-heading\" id=\"h-10-prepositions\">10. Gi\u1edbi t\u1eeb:<\/h3>\n\n\n\n<p>Gi\u1edbi t\u1eeb \u0111\u01b0\u1ee3c s\u1eed d\u1ee5ng \u0111\u1ec3 ch\u1ec9 m\u1ed1i quan h\u1ec7 gi\u1eefa c\u00e1c t\u1eeb, ch\u1eb3ng h\u1ea1n nh\u01b0 v\u1ecb tr\u00ed, h\u01b0\u1edbng, th\u1eddi gian ho\u1eb7c nguy\u00ean nh\u00e2n. H\u1ecdc v\u00e0 s\u1eed d\u1ee5ng gi\u1edbi t\u1eeb ti\u1ebfng S\u00e9c m\u1ed9t c\u00e1ch ch\u00ednh x\u00e1c s\u1ebd gi\u00fap b\u1ea1n x\u00e2y d\u1ef1ng c\u00e1c c\u00e2u r\u00f5 r\u00e0ng v\u00e0 c\u00f3 \u00fd ngh\u0129a.<\/p>\n\n\n\n<h3 class=\"wp-block-heading\" id=\"h-11-sentences\">11. C\u00e2u:<\/h3>\n\n\n\n<p>Cu\u1ed1i c\u00f9ng, th\u1ef1c h\u00e0nh t\u1ea1o c\u00e2u ti\u1ebfng S\u00e9c b\u1eb1ng c\u00e1ch k\u1ebft h\u1ee3p c\u00e1c y\u1ebfu t\u1ed1 ng\u1eef ph\u00e1p b\u1ea1n \u0111\u00e3 h\u1ecdc. T\u1eadp trung v\u00e0o vi\u1ec7c t\u1ea1o c\u00e1c c\u00e2u \u0111\u01a1n gi\u1ea3n, ph\u1ee9c t\u1ea1p, ph\u1ee9c t\u1ea1p v\u00e0 ph\u1ee9c t\u1ea1p \u0111\u1ec3 n\u00e2ng cao kh\u1ea3 n\u0103ng l\u01b0u lo\u00e1t v\u00e0 k\u1ef9 n\u0103ng giao ti\u1ebfp c\u1ee7a b\u1ea1n b\u1eb1ng ti\u1ebfng S\u00e9c.<\/p>\n<\/div><\/div>\n\r\n<section class=\"learnNavigationSection\">\r\n            \r\n        <a href=\"https:\/\/talkpal.ai\/vi\/hoc-tieng-sec\/\">\r\n            <div class=\"learnNavigationWrapper\">\r\n                <div class=\"learnNavigationContent\">\r\n                    <img decoding=\"async\" src=\"https:\/\/talkpal.ai\/wp-content\/uploads\/2024\/08\/Czech.jpg\" alt=\"Czech Flag\">\r\n                    <div>\r\n                        <h4>Gi\u1edbi thi\u1ec7u v\u1ec1 ti\u1ebfng S\u00e9c<\/h4>\r\n                        <p>T\u00ecm hi\u1ec3u t\u1ea5t c\u1ea3 v\u1ec1 ng\u1eef ph\u00e1p ti\u1ebfng S\u00e9c.<\/p>\r\n                    <\/div>\r\n                <\/div>\r\n            <\/div>\r\n        <\/a>\r\n\r\n        \r\n        <a href=\"https:\/\/talkpal.ai\/vi\/ngu-phap-tieng-sec\/\">\r\n            <div class=\"learnNavigationWrapper\">\r\n                <div class=\"learnNavigationContent\">\r\n                    <img decoding=\"async\" src=\"https:\/\/talkpal.ai\/wp-content\/uploads\/2024\/08\/Czech.jpg\" alt=\"Czech Flag\">\r\n                    <div>\r\n                        <h4>B\u00e0i h\u1ecdc ng\u1eef ph\u00e1p ti\u1ebfng S\u00e9c<\/h4>\r\n                        <p>Th\u1ef1c h\u00e0nh ng\u1eef ph\u00e1p ti\u1ebfng S\u00e9c.<\/p>\r\n                    <\/div>\r\n                <\/div>\r\n            <\/div>\r\n        <\/a>\r\n\r\n        \r\n        <a href=\"https:\/\/talkpal.ai\/vocabulary_language\/czech\/\">\r\n            <div class=\"learnNavigationWrapper\">\r\n                <div class=\"learnNavigationContent\">\r\n                    <img decoding=\"async\" src=\"https:\/\/talkpal.ai\/wp-content\/uploads\/2024\/08\/Czech.jpg\" alt=\"Czech Flag\">\r\n                    <div>\r\n                        <h4>T\u1eeb v\u1ef1ng ti\u1ebfng S\u00e9c<\/h4>\r\n                        <p>M\u1edf r\u1ed9ng v\u1ed1n t\u1eeb v\u1ef1ng ti\u1ebfng S\u00e9c c\u1ee7a b\u1ea1n.<\/p>\r\n                    <\/div>\r\n                <\/div>\r\n            <\/div>\r\n        <\/a>\r\n\r\n            <\/section>","protected":false},"excerpt":{"rendered":"<p>Ch\u1ee7 \u0111\u1ec1 ng\u1eef ph\u00e1p ti\u1ebfng S\u00e9c H\u1ecdc m\u1ed9t ng\u00f4n ng\u1eef m\u1edbi c\u00f3 th\u1ec3 l\u00e0 m\u1ed9t tr\u1ea3i nghi\u1ec7m th\u00fa v\u1ecb v\u00e0 phong ph\u00fa, v\u00e0 ti\u1ebfng S\u00e9c c\u0169ng kh\u00f4ng ngo\u1ea1i l\u1ec7. V\u1edbi l\u1ecbch s\u1eed phong ph\u00fa v\u00e0 n\u00e9t quy\u1ebfn r\u0169 \u0111\u1ed9c \u0111\u00e1o c\u1ee7a ng\u01b0\u1eddi Slav, ng\u00f4n ng\u1eef S\u00e9c mang \u0111\u1ebfn cho ng\u01b0\u1eddi h\u1ecdc m\u1ed9t c\u1eeda ng\u00f5 v\u00e0o [&hellip;]<\/p>\n","protected":false},"author":6,"featured_media":1443682,"parent":0,"menu_order":0,"comment_status":"closed","ping_status":"closed","template":"LearningContentPage.php","meta":{"_acf_changed":false,"footnotes":""},"class_list":["post-1447164","page","type-page","status-publish","has-post-thumbnail","hentry"],"acf":[],"yoast_head":"<!-- This site is optimized with the Yoast SEO Premium plugin v27.2 (Yoast SEO v27.2) - https:\/\/yoast.com\/product\/yoast-seo-premium-wordpress\/ -->\n<title>B\u00e0i t\u1eadp ng\u1eef ph\u00e1p ti\u1ebfng S\u00e9c - Talkpal<\/title>\n<meta name=\"description\" content=\"M\u1edf kh\u00f3a b\u00ed m\u1eadt c\u1ee7a ti\u1ebfng S\u00e9c v\u1edbi c\u00e1c b\u00e0i t\u1eadp ng\u1eef ph\u00e1p ti\u1ebfng S\u00e9c c\u1ea7n thi\u1ebft \u0111\u1ec3 giao ti\u1ebfp t\u1ef1 tin.\" \/>\n<meta name=\"robots\" content=\"index, follow, max-snippet:-1, max-image-preview:large, max-video-preview:-1\" \/>\n<link rel=\"canonical\" href=\"https:\/\/talkpal.ai\/vi\/bai-tap-ngu-phap-tieng-sec\/\" \/>\n<meta property=\"og:locale\" content=\"vi_VN\" \/>\n<meta property=\"og:type\" content=\"article\" \/>\n<meta property=\"og:title\" content=\"B\u00e0i t\u1eadp ng\u1eef ph\u00e1p ti\u1ebfng S\u00e9c\" \/>\n<meta property=\"og:description\" content=\"Ch\u1ee7 \u0111\u1ec1 ng\u1eef ph\u00e1p ti\u1ebfng S\u00e9c H\u1ecdc m\u1ed9t ng\u00f4n ng\u1eef m\u1edbi c\u00f3 th\u1ec3 l\u00e0 m\u1ed9t tr\u1ea3i nghi\u1ec7m th\u00fa v\u1ecb v\u00e0 phong ph\u00fa, v\u00e0 ti\u1ebfng S\u00e9c c\u0169ng kh\u00f4ng ngo\u1ea1i l\u1ec7. V\u1edbi l\u1ecbch s\u1eed phong ph\u00fa v\u00e0\" \/>\n<meta property=\"og:url\" content=\"https:\/\/talkpal.ai\/vi\/bai-tap-ngu-phap-tieng-sec\/\" \/>\n<meta property=\"og:site_name\" content=\"Talkpal\" \/>\n<meta property=\"article:publisher\" content=\"https:\/\/www.facebook.com\/profile.php?id=100090733639311\" \/>\n<meta property=\"article:modified_time\" content=\"2025-12-17T16:27:28+00:00\" \/>\n<meta property=\"og:image\" content=\"https:\/\/talkpal.ai\/wp-content\/uploads\/2023\/05\/czech-republic.png\" \/>\n\t<meta property=\"og:image:width\" content=\"512\" \/>\n\t<meta property=\"og:image:height\" content=\"512\" \/>\n\t<meta property=\"og:image:type\" content=\"image\/png\" \/>\n<meta name=\"twitter:card\" content=\"summary_large_image\" \/>\n<meta name=\"twitter:site\" content=\"@talkpalai\" \/>\n<meta name=\"twitter:label1\" content=\"Est. reading time\" \/>\n\t<meta name=\"twitter:data1\" content=\"6 minutes\" \/>\n<script type=\"application\/ld+json\" class=\"yoast-schema-graph\">{\"@context\":\"https:\/\/schema.org\",\"@graph\":[{\"@type\":\"WebPage\",\"@id\":\"https:\/\/talkpal.ai\/vi\/bai-tap-ngu-phap-tieng-sec\/\",\"url\":\"https:\/\/talkpal.ai\/vi\/bai-tap-ngu-phap-tieng-sec\/\",\"name\":\"B\u00e0i t\u1eadp ng\u1eef ph\u00e1p ti\u1ebfng S\u00e9c - Talkpal\",\"isPartOf\":{\"@id\":\"https:\/\/talkpal.ai\/vi\/#website\"},\"primaryImageOfPage\":{\"@id\":\"https:\/\/talkpal.ai\/vi\/bai-tap-ngu-phap-tieng-sec\/#primaryimage\"},\"image\":{\"@id\":\"https:\/\/talkpal.ai\/vi\/bai-tap-ngu-phap-tieng-sec\/#primaryimage\"},\"thumbnailUrl\":\"https:\/\/talkpal.ai\/wp-content\/uploads\/2023\/05\/czech-republic.png\",\"datePublished\":\"2023-06-16T13:10:39+00:00\",\"dateModified\":\"2025-12-17T16:27:28+00:00\",\"description\":\"M\u1edf kh\u00f3a b\u00ed m\u1eadt c\u1ee7a ti\u1ebfng S\u00e9c v\u1edbi c\u00e1c b\u00e0i t\u1eadp ng\u1eef ph\u00e1p ti\u1ebfng S\u00e9c c\u1ea7n thi\u1ebft \u0111\u1ec3 giao ti\u1ebfp t\u1ef1 tin.\",\"breadcrumb\":{\"@id\":\"https:\/\/talkpal.ai\/vi\/bai-tap-ngu-phap-tieng-sec\/#breadcrumb\"},\"inLanguage\":\"vi-VN\",\"potentialAction\":[{\"@type\":\"ReadAction\",\"target\":[\"https:\/\/talkpal.ai\/vi\/bai-tap-ngu-phap-tieng-sec\/\"]}]},{\"@type\":\"ImageObject\",\"inLanguage\":\"vi-VN\",\"@id\":\"https:\/\/talkpal.ai\/vi\/bai-tap-ngu-phap-tieng-sec\/#primaryimage\",\"url\":\"https:\/\/talkpal.ai\/wp-content\/uploads\/2023\/05\/czech-republic.png\",\"contentUrl\":\"https:\/\/talkpal.ai\/wp-content\/uploads\/2023\/05\/czech-republic.png\",\"width\":512,\"height\":512,\"caption\":\"TalkPal Czech republic Flag\"},{\"@type\":\"BreadcrumbList\",\"@id\":\"https:\/\/talkpal.ai\/vi\/bai-tap-ngu-phap-tieng-sec\/#breadcrumb\",\"itemListElement\":[{\"@type\":\"ListItem\",\"position\":1,\"name\":\"Homepage\",\"item\":\"https:\/\/talkpal.ai\/vi\/giao-vien-ngon-ngu-ai-3\/\"},{\"@type\":\"ListItem\",\"position\":2,\"name\":\"B\u00e0i t\u1eadp ng\u1eef ph\u00e1p ti\u1ebfng S\u00e9c\"}]},{\"@type\":\"WebSite\",\"@id\":\"https:\/\/talkpal.ai\/vi\/#website\",\"url\":\"https:\/\/talkpal.ai\/vi\/\",\"name\":\"Talkpal\",\"description\":\"AI Language Learning\",\"publisher\":{\"@id\":\"https:\/\/talkpal.ai\/vi\/#organization\"},\"alternateName\":\"Talkpal AI\",\"potentialAction\":[{\"@type\":\"SearchAction\",\"target\":{\"@type\":\"EntryPoint\",\"urlTemplate\":\"https:\/\/talkpal.ai\/vi\/?s={search_term_string}\"},\"query-input\":{\"@type\":\"PropertyValueSpecification\",\"valueRequired\":true,\"valueName\":\"search_term_string\"}}],\"inLanguage\":\"vi-VN\"},{\"@type\":\"Organization\",\"@id\":\"https:\/\/talkpal.ai\/vi\/#organization\",\"name\":\"Talkpal, Inc.\",\"alternateName\":\"Talkpal AI\",\"url\":\"https:\/\/talkpal.ai\/vi\/\",\"logo\":{\"@type\":\"ImageObject\",\"inLanguage\":\"vi-VN\",\"@id\":\"https:\/\/talkpal.ai\/vi\/#\/schema\/logo\/image\/\",\"url\":\"https:\/\/talkpal.ai\/wp-content\/uploads\/2024\/03\/Talkpal-Logo-Icon.png\",\"contentUrl\":\"https:\/\/talkpal.ai\/wp-content\/uploads\/2024\/03\/Talkpal-Logo-Icon.png\",\"width\":2880,\"height\":2880,\"caption\":\"Talkpal, Inc.\"},\"image\":{\"@id\":\"https:\/\/talkpal.ai\/vi\/#\/schema\/logo\/image\/\"},\"sameAs\":[\"https:\/\/www.facebook.com\/profile.php?id=100090733639311\",\"https:\/\/x.com\/talkpalai\",\"https:\/\/www.linkedin.com\/company\/talkpal\/\",\"https:\/\/www.youtube.com\/@TalkPal\/\",\"https:\/\/www.tiktok.com\/@talkpal\",\"https:\/\/www.instagram.com\/talkpal_ai\/\",\"https:\/\/www.crunchbase.com\/organization\/talkpal-9cde\",\"https:\/\/www.g2.com\/products\/talkpal-for-business\/\",\"https:\/\/www.trustpilot.com\/review\/talkpal.ai\",\"https:\/\/www.capterra.com\/p\/10006800\/TalkPal\/\"],\"description\":\"Talkpal is a language learning web and mobile education app, powered by the latest AI technologies, that provides engaging experiences to its customers in many different languages to help them improve their language skills. Users can chat about unlimited amount of topics with the app and use other modes to practice their language learning.\",\"email\":\"support@talkpal.ai\",\"legalName\":\"Talkpal, Inc.\",\"foundingDate\":\"2023-04-03\",\"duns\":\"118989042\",\"numberOfEmployees\":{\"@type\":\"QuantitativeValue\",\"minValue\":\"11\",\"maxValue\":\"50\"},\"publishingPrinciples\":\"https:\/\/talkpal.ai\/publishing-principles\/\",\"actionableFeedbackPolicy\":\"https:\/\/talkpal.ai\/actionable-feedback-policy\/\",\"correctionsPolicy\":\"https:\/\/talkpal.ai\/corrections-policy\/\",\"ethicsPolicy\":\"https:\/\/talkpal.ai\/ethics-policy\/\",\"diversityPolicy\":\"https:\/\/talkpal.ai\/diversity-policy\/\",\"diversityStaffingReport\":\"https:\/\/talkpal.ai\/diversity-policy\/\"}]}<\/script>\n<!-- \/ Yoast SEO Premium plugin. -->","yoast_head_json":{"title":"B\u00e0i t\u1eadp ng\u1eef ph\u00e1p ti\u1ebfng S\u00e9c - Talkpal","description":"M\u1edf kh\u00f3a b\u00ed m\u1eadt c\u1ee7a ti\u1ebfng S\u00e9c v\u1edbi c\u00e1c b\u00e0i t\u1eadp ng\u1eef ph\u00e1p ti\u1ebfng S\u00e9c c\u1ea7n thi\u1ebft \u0111\u1ec3 giao ti\u1ebfp t\u1ef1 tin.","robots":{"index":"index","follow":"follow","max-snippet":"max-snippet:-1","max-image-preview":"max-image-preview:large","max-video-preview":"max-video-preview:-1"},"canonical":"https:\/\/talkpal.ai\/vi\/bai-tap-ngu-phap-tieng-sec\/","og_locale":"vi_VN","og_type":"article","og_title":"B\u00e0i t\u1eadp ng\u1eef ph\u00e1p ti\u1ebfng S\u00e9c","og_description":"Ch\u1ee7 \u0111\u1ec1 ng\u1eef ph\u00e1p ti\u1ebfng S\u00e9c H\u1ecdc m\u1ed9t ng\u00f4n ng\u1eef m\u1edbi c\u00f3 th\u1ec3 l\u00e0 m\u1ed9t tr\u1ea3i nghi\u1ec7m th\u00fa v\u1ecb v\u00e0 phong ph\u00fa, v\u00e0 ti\u1ebfng S\u00e9c c\u0169ng kh\u00f4ng ngo\u1ea1i l\u1ec7. V\u1edbi l\u1ecbch s\u1eed phong ph\u00fa v\u00e0","og_url":"https:\/\/talkpal.ai\/vi\/bai-tap-ngu-phap-tieng-sec\/","og_site_name":"Talkpal","article_publisher":"https:\/\/www.facebook.com\/profile.php?id=100090733639311","article_modified_time":"2025-12-17T16:27:28+00:00","og_image":[{"width":512,"height":512,"url":"https:\/\/talkpal.ai\/wp-content\/uploads\/2023\/05\/czech-republic.png","type":"image\/png"}],"twitter_card":"summary_large_image","twitter_site":"@talkpalai","twitter_misc":{"Est. reading time":"6 minutes"},"schema":{"@context":"https:\/\/schema.org","@graph":[{"@type":"WebPage","@id":"https:\/\/talkpal.ai\/vi\/bai-tap-ngu-phap-tieng-sec\/","url":"https:\/\/talkpal.ai\/vi\/bai-tap-ngu-phap-tieng-sec\/","name":"B\u00e0i t\u1eadp ng\u1eef ph\u00e1p ti\u1ebfng S\u00e9c - Talkpal","isPartOf":{"@id":"https:\/\/talkpal.ai\/vi\/#website"},"primaryImageOfPage":{"@id":"https:\/\/talkpal.ai\/vi\/bai-tap-ngu-phap-tieng-sec\/#primaryimage"},"image":{"@id":"https:\/\/talkpal.ai\/vi\/bai-tap-ngu-phap-tieng-sec\/#primaryimage"},"thumbnailUrl":"https:\/\/talkpal.ai\/wp-content\/uploads\/2023\/05\/czech-republic.png","datePublished":"2023-06-16T13:10:39+00:00","dateModified":"2025-12-17T16:27:28+00:00","description":"M\u1edf kh\u00f3a b\u00ed m\u1eadt c\u1ee7a ti\u1ebfng S\u00e9c v\u1edbi c\u00e1c b\u00e0i t\u1eadp ng\u1eef ph\u00e1p ti\u1ebfng S\u00e9c c\u1ea7n thi\u1ebft \u0111\u1ec3 giao ti\u1ebfp t\u1ef1 tin.","breadcrumb":{"@id":"https:\/\/talkpal.ai\/vi\/bai-tap-ngu-phap-tieng-sec\/#breadcrumb"},"inLanguage":"vi-VN","potentialAction":[{"@type":"ReadAction","target":["https:\/\/talkpal.ai\/vi\/bai-tap-ngu-phap-tieng-sec\/"]}]},{"@type":"ImageObject","inLanguage":"vi-VN","@id":"https:\/\/talkpal.ai\/vi\/bai-tap-ngu-phap-tieng-sec\/#primaryimage","url":"https:\/\/talkpal.ai\/wp-content\/uploads\/2023\/05\/czech-republic.png","contentUrl":"https:\/\/talkpal.ai\/wp-content\/uploads\/2023\/05\/czech-republic.png","width":512,"height":512,"caption":"TalkPal Czech republic Flag"},{"@type":"BreadcrumbList","@id":"https:\/\/talkpal.ai\/vi\/bai-tap-ngu-phap-tieng-sec\/#breadcrumb","itemListElement":[{"@type":"ListItem","position":1,"name":"Homepage","item":"https:\/\/talkpal.ai\/vi\/giao-vien-ngon-ngu-ai-3\/"},{"@type":"ListItem","position":2,"name":"B\u00e0i t\u1eadp ng\u1eef ph\u00e1p ti\u1ebfng S\u00e9c"}]},{"@type":"WebSite","@id":"https:\/\/talkpal.ai\/vi\/#website","url":"https:\/\/talkpal.ai\/vi\/","name":"Talkpal","description":"AI Language Learning","publisher":{"@id":"https:\/\/talkpal.ai\/vi\/#organization"},"alternateName":"Talkpal AI","potentialAction":[{"@type":"SearchAction","target":{"@type":"EntryPoint","urlTemplate":"https:\/\/talkpal.ai\/vi\/?s={search_term_string}"},"query-input":{"@type":"PropertyValueSpecification","valueRequired":true,"valueName":"search_term_string"}}],"inLanguage":"vi-VN"},{"@type":"Organization","@id":"https:\/\/talkpal.ai\/vi\/#organization","name":"Talkpal, Inc.","alternateName":"Talkpal AI","url":"https:\/\/talkpal.ai\/vi\/","logo":{"@type":"ImageObject","inLanguage":"vi-VN","@id":"https:\/\/talkpal.ai\/vi\/#\/schema\/logo\/image\/","url":"https:\/\/talkpal.ai\/wp-content\/uploads\/2024\/03\/Talkpal-Logo-Icon.png","contentUrl":"https:\/\/talkpal.ai\/wp-content\/uploads\/2024\/03\/Talkpal-Logo-Icon.png","width":2880,"height":2880,"caption":"Talkpal, Inc."},"image":{"@id":"https:\/\/talkpal.ai\/vi\/#\/schema\/logo\/image\/"},"sameAs":["https:\/\/www.facebook.com\/profile.php?id=100090733639311","https:\/\/x.com\/talkpalai","https:\/\/www.linkedin.com\/company\/talkpal\/","https:\/\/www.youtube.com\/@TalkPal\/","https:\/\/www.tiktok.com\/@talkpal","https:\/\/www.instagram.com\/talkpal_ai\/","https:\/\/www.crunchbase.com\/organization\/talkpal-9cde","https:\/\/www.g2.com\/products\/talkpal-for-business\/","https:\/\/www.trustpilot.com\/review\/talkpal.ai","https:\/\/www.capterra.com\/p\/10006800\/TalkPal\/"],"description":"Talkpal is a language learning web and mobile education app, powered by the latest AI technologies, that provides engaging experiences to its customers in many different languages to help them improve their language skills. Users can chat about unlimited amount of topics with the app and use other modes to practice their language learning.","email":"support@talkpal.ai","legalName":"Talkpal, Inc.","foundingDate":"2023-04-03","duns":"118989042","numberOfEmployees":{"@type":"QuantitativeValue","minValue":"11","maxValue":"50"},"publishingPrinciples":"https:\/\/talkpal.ai\/publishing-principles\/","actionableFeedbackPolicy":"https:\/\/talkpal.ai\/actionable-feedback-policy\/","correctionsPolicy":"https:\/\/talkpal.ai\/corrections-policy\/","ethicsPolicy":"https:\/\/talkpal.ai\/ethics-policy\/","diversityPolicy":"https:\/\/talkpal.ai\/diversity-policy\/","diversityStaffingReport":"https:\/\/talkpal.ai\/diversity-policy\/"}]}},"_links":{"self":[{"href":"https:\/\/talkpal.ai\/vi\/wp-json\/wp\/v2\/pages\/1447164","targetHints":{"allow":["GET"]}}],"collection":[{"href":"https:\/\/talkpal.ai\/vi\/wp-json\/wp\/v2\/pages"}],"about":[{"href":"https:\/\/talkpal.ai\/vi\/wp-json\/wp\/v2\/types\/page"}],"author":[{"embeddable":true,"href":"https:\/\/talkpal.ai\/vi\/wp-json\/wp\/v2\/users\/6"}],"replies":[{"embeddable":true,"href":"https:\/\/talkpal.ai\/vi\/wp-json\/wp\/v2\/comments?post=1447164"}],"version-history":[{"count":0,"href":"https:\/\/talkpal.ai\/vi\/wp-json\/wp\/v2\/pages\/1447164\/revisions"}],"wp:featuredmedia":[{"embeddable":true,"href":"https:\/\/talkpal.ai\/vi\/wp-json\/wp\/v2\/media\/1443682"}],"wp:attachment":[{"href":"https:\/\/talkpal.ai\/vi\/wp-json\/wp\/v2\/media?parent=1447164"}],"curies":[{"name":"wp","href":"https:\/\/api.w.org\/{rel}","templated":true}]}}