{"id":1447147,"date":"2023-06-16T13:19:10","date_gmt":"2023-06-16T13:19:10","guid":{"rendered":"https:\/\/talkpal.ai\/bai-tap-ngu-phap-tieng-dan-mach\/"},"modified":"2025-12-17T16:29:32","modified_gmt":"2025-12-17T16:29:32","slug":"bai-tap-ngu-phap-tieng-dan-mach","status":"publish","type":"page","link":"https:\/\/talkpal.ai\/vi\/bai-tap-ngu-phap-tieng-dan-mach\/","title":{"rendered":"B\u00e0i t\u1eadp ng\u1eef ph\u00e1p ti\u1ebfng \u0110an M\u1ea1ch"},"content":{"rendered":"\r\n\r\n\r\n<section class=\"languageChallengeSection\">\r\n    <div class=\"languageInfoWrapper\">\r\n        \r\n        <h1>B\u00e0i t\u1eadp ng\u1eef ph\u00e1p ti\u1ebfng \u0110an M\u1ea1ch<\/h1>\r\n        <p>S\u1eb5n s\u00e0ng c\u1ea3i thi\u1ec7n <a href=\"https:\/\/talkpal.ai\/learn-danish\/\">ti\u1ebfng \u0110an M\u1ea1ch<\/a> c\u1ee7a b\u1ea1n? Th\u1ef1c h\u00e0nh c\u00e1c b\u00e0i t\u1eadp ng\u1eef ph\u00e1p l\u00e0 m\u1ed9t c\u00e1ch tuy\u1ec7t v\u1eddi \u0111\u1ec3 n\u1eafm v\u1eefng c\u1ea5u tr\u00fac c\u00e2u, c\u00e1ch chia \u0111\u1ed9ng t\u1eeb v\u00e0 c\u00e1c t\u00ednh n\u0103ng \u0111\u1eb7c bi\u1ec7t c\u1ee7a <a href=\"https:\/\/talkpal.ai\/vi\/hoc-ngon-ngu-cho-cac-truong-ngon-ngu\/\">ng\u00f4n ng\u1eef<\/a> \u0110an M\u1ea1ch. B\u1eaft \u0111\u1ea7u l\u00e0m vi\u1ec7c v\u1edbi <a href=\"https:\/\/talkpal.ai\/danish-grammar\/\">ng\u1eef ph\u00e1p ti\u1ebfng \u0110an M\u1ea1ch<\/a> ngay h\u00f4m nay v\u00e0 xem c\u00e1c k\u1ef9 n\u0103ng v\u00e0 s\u1ef1 t\u1ef1 tin c\u1ee7a b\u1ea1n ph\u00e1t tri\u1ec3n sau m\u1ed7i b\u00e0i t\u1eadp!\n\n<\/p>\r\n\r\n                            <a class=\"getStartedHidden\" href=\"https:\/\/app.talkpal.ai\/vi\/signup?lng=\">B\u1eaft \u0111\u1ea7u nh\u00e9<\/a>\r\n        \r\n    <\/div>\r\n\r\n    <figure>\r\n    <img decoding=\"async\" width=\"768\" height=\"768\" src=\"https:\/\/talkpal.ai\/wp-content\/uploads\/2023\/06\/danish-768x768.png\" class=\"languageImage no-lazy\" alt=\"Language learning for career enhancement\" fetchpriority=\"high\" sizes=\"(max-width: 768px) 150px, 768px\" srcset=\"https:\/\/talkpal.ai\/wp-content\/uploads\/2023\/06\/danish-768x768.png 768w, https:\/\/talkpal.ai\/wp-content\/uploads\/2023\/06\/danish-300x300.png 300w\" \/>\r\n    \r\n\r\n    <\/figure>\r\n\r\n            <a class=\"getStartedVisible\" href=\"https:\/\/app.talkpal.ai\/vi\/signup?lng=\">B\u1eaft \u0111\u1ea7u nh\u00e9<\/a>\r\n    \r\n<\/section>\r\n\r\n\r\n<!-- <section class=\"grammarSection\">\r\n    <div class=\"grammarLinks\">\r\n            <\/div>\r\n<\/section> -->\r\n\r\n\r\n\r\n\r\n<section class=\"promotionalBanner\">\r\n    <p class=\"promotionalText\">C\u00e1ch hi\u1ec7u qu\u1ea3 nh\u1ea5t \u0111\u1ec3 h\u1ecdc m\u1ed9t ng\u00f4n ng\u1eef<\/p>\r\n    <a class=\"promotionalLink\" href=\"https:\/\/app.talkpal.ai\/vi\/signup?lng=\">D\u00f9ng th\u1eed Talkpal mi\u1ec5n ph\u00ed<\/a>\r\n<\/section>\n<div class=\"wp-block-group pageContainerStyle\"><div class=\"wp-block-group__inner-container is-layout-constrained wp-block-group-is-layout-constrained\">\n<h2 class=\"wp-block-heading\" id=\"h-danish-grammar-topics\">Ch\u1ee7 \u0111\u1ec1 ng\u1eef ph\u00e1p ti\u1ebfng \u0110an M\u1ea1ch<\/h2>\n\n\n\n<p><a href=\"https:\/\/talkpal.ai\/learn-danish\/\">H\u1ecdc ti\u1ebfng \u0110an M\u1ea1ch<\/a> c\u00f3 th\u1ec3 l\u00e0 m\u1ed9t tr\u1ea3i nghi\u1ec7m b\u1ed5 \u00edch v\u00e0 th\u00fa v\u1ecb cho nh\u1eefng <a href=\"https:\/\/talkpal.ai\/speaking-with-ai\/\">ai<\/a> quan t\u00e2m \u0111\u1ebfn vi\u1ec7c kh\u00e1m ph\u00e1 n\u1ec1n v\u0103n h\u00f3a v\u00e0 l\u1ecbch s\u1eed phong ph\u00fa c\u1ee7a \u0110an M\u1ea1ch. L\u00e0 m\u1ed9t ng\u00f4n ng\u1eef B\u1eafc \u0110\u1ee9c, ti\u1ebfng \u0110an M\u1ea1ch c\u00f3 nhi\u1ec1u \u0111i\u1ec3m t\u01b0\u01a1ng \u0111\u1ed3ng v\u1edbi c\u00e1c ng\u00f4n ng\u1eef Scandinavia kh\u00e1c nh\u01b0 <a href=\"https:\/\/talkpal.ai\/vi\/hoc-tieng-thuy-dien-truc-tuyen-voi-ai\/\">ti\u1ebfng Th\u1ee5y \u0110i\u1ec3n<\/a> v\u00e0 <a href=\"https:\/\/talkpal.ai\/learn-norwegian\/\">ti\u1ebfng Na Uy<\/a>. B\u1eb1ng c\u00e1ch th\u00e0nh th\u1ea1o ng\u00f4n ng\u1eef \u0110an M\u1ea1ch, b\u1ea1n m\u1edf ra c\u01a1 h\u1ed9i k\u1ebft n\u1ed1i v\u1edbi ng\u01b0\u1eddi b\u1ea3n ng\u1eef, th\u01b0\u1edfng th\u1ee9c v\u0103n h\u1ecdc \u0110an M\u1ea1ch v\u00e0 hi\u1ec3u s\u00e2u h\u01a1n <a href=\"https:\/\/talkpal.ai\/vi\/ve\/\">v\u1ec1<\/a> x\u00e3 h\u1ed9i \u0110an M\u1ea1ch. \u0110\u1ec3 \u0111\u1ea1t \u0111\u01b0\u1ee3c s\u1ef1 <a href=\"https:\/\/talkpal.ai\/vi\/muc-do-luu-loat\/\">l\u01b0u lo\u00e1t<\/a> trong ti\u1ebfng \u0110an M\u1ea1ch, \u0111i\u1ec1u c\u1ea7n thi\u1ebft l\u00e0 ph\u1ea3i l\u00e0m quen v\u1edbi c\u00e1c ch\u1ee7 \u0111\u1ec1 ng\u1eef ph\u00e1p kh\u00e1c nhau, \u0111\u00e2y l\u00e0 c\u00e1c kh\u1ed1i x\u00e2y d\u1ef1ng c\u1ee7a ng\u00f4n ng\u1eef. Trong h\u01b0\u1edbng d\u1eabn n\u00e0y, ch\u00fang ta s\u1ebd kh\u00e1m ph\u00e1 tr\u00ecnh t\u1ef1 m\u00e0 b\u1ea1n n\u00ean tu\u00e2n theo khi h\u1ecdc ng\u1eef ph\u00e1p ti\u1ebfng \u0110an M\u1ea1ch, bao g\u1ed3m c\u00e1c ch\u1ee7 \u0111\u1ec1 nh\u01b0 th\u00ec, \u0111\u1ed9ng t\u1eeb, danh t\u1eeb, v.v.<\/p>\n\n\n\n<h3 class=\"wp-block-heading\" id=\"h-1-nouns-articles-and-pronouns-determiners\">1. Danh t\u1eeb, m\u1ea1o t\u1eeb v\u00e0 \u0111\u1ea1i t\u1eeb\/t\u1eeb x\u00e1c \u0111\u1ecbnh:<\/h3>\n\n\n\n<p>B\u1eaft \u0111\u1ea7u b\u1eb1ng c\u00e1ch t\u00ecm hi\u1ec3u nh\u1eefng \u0111i\u1ec1u c\u01a1 b\u1ea3n v\u1ec1 danh t\u1eeb ti\u1ebfng \u0110an M\u1ea1ch, bao g\u1ed3m gi\u1edbi t\u00ednh v\u00e0 s\u1ed1 l\u01b0\u1ee3ng c\u1ee7a ch\u00fang. L\u00e0m quen v\u1edbi c\u00e1c m\u1ea1o t\u1eeb x\u00e1c \u0111\u1ecbnh v\u00e0 kh\u00f4ng x\u00e1c \u0111\u1ecbnh, c\u0169ng nh\u01b0 c\u00e1c lo\u1ea1i \u0111\u1ea1i t\u1eeb v\u00e0 t\u1eeb x\u00e1c \u0111\u1ecbnh kh\u00e1c nhau. \u0110i\u1ec1u n\u00e0y s\u1ebd gi\u00fap b\u1ea1n x\u00e2y d\u1ef1ng n\u1ec1n t\u1ea3ng v\u1eefng ch\u1eafc \u0111\u1ec3 h\u00ecnh th\u00e0nh c\u00e1c c\u00e2u \u0111\u01a1n gi\u1ea3n.<\/p>\n\n\n\n<h3 class=\"wp-block-heading\" id=\"h-2-adjectives-and-adverbs\">2. T\u00ednh t\u1eeb v\u00e0 tr\u1ea1ng t\u1eeb:<\/h3>\n\n\n\n<p>Sau khi hi\u1ec3u nh\u1eefng \u0111i\u1ec1u c\u01a1 b\u1ea3n v\u1ec1 danh t\u1eeb v\u00e0 \u0111\u1ea1i t\u1eeb, h\u00e3y chuy\u1ec3n sang t\u00ednh t\u1eeb v\u00e0 tr\u1ea1ng t\u1eeb. T\u00ecm hi\u1ec3u c\u00e1ch m\u00f4 t\u1ea3 danh t\u1eeb v\u1edbi s\u1ef1 \u0111\u1ed3ng \u00fd t\u00ednh t\u1eeb th\u00edch h\u1ee3p v\u00e0 s\u1eed d\u1ee5ng tr\u1ea1ng t\u1eeb \u0111\u1ec3 s\u1eeda \u0111\u1ed5i \u0111\u1ed9ng t\u1eeb, t\u00ednh t\u1eeb v\u00e0 c\u00e1c tr\u1ea1ng t\u1eeb kh\u00e1c.<\/p>\n\n\n\n<h3 class=\"wp-block-heading\" id=\"h-3-verbs-and-tenses\">3. \u0110\u1ed9ng t\u1eeb v\u00e0 th\u00ec:<\/h3>\n\n\n\n<p>N\u1eafm v\u1eefng c\u00e1ch chia \u0111\u1ed9ng t\u1eeb th\u00f4ng th\u01b0\u1eddng v\u00e0 b\u1ea5t quy t\u1eafc \u1edf th\u00ec hi\u1ec7n t\u1ea1i, qu\u00e1 kh\u1ee9 v\u00e0 t\u01b0\u01a1ng lai. Hi\u1ec3u \u0111\u01b0\u1ee3c so s\u00e1nh th\u00ec s\u1ebd gi\u00fap b\u1ea1n th\u1ec3 hi\u1ec7n c\u00e1c h\u00e0nh \u0111\u1ed9ng ho\u1eb7c s\u1ef1 ki\u1ec7n x\u1ea3y ra v\u00e0o c\u00e1c th\u1eddi \u0111i\u1ec3m kh\u00e1c nhau.<\/p>\n\n\n\n<h3 class=\"wp-block-heading\" id=\"h-4-progressive-and-perfect-progressive\">4. Ti\u1ebfn b\u1ed9 v\u00e0 Ti\u1ebfn b\u1ed9 ho\u00e0n h\u1ea3o:<\/h3>\n\n\n\n<p>Nh\u1eefng kh\u00eda c\u1ea1nh n\u00e0y c\u1ee7a ng\u1eef ph\u00e1p ti\u1ebfng \u0110an M\u1ea1ch cho ph\u00e9p b\u1ea1n m\u00f4 t\u1ea3 c\u00e1c h\u00e0nh \u0111\u1ed9ng ho\u1eb7c s\u1ef1 ki\u1ec7n \u0111ang di\u1ec5n ra v\u00e0 c\u00e1c h\u00e0nh \u0111\u1ed9ng \u0111\u00e3 \u0111\u01b0\u1ee3c ho\u00e0n th\u00e0nh nh\u01b0ng v\u1eabn c\u00f3 li\u00ean quan. T\u00ecm hi\u1ec3u c\u00e1c d\u1ea1ng \u0111\u1ed9ng t\u1eeb th\u00edch h\u1ee3p v\u00e0 tr\u1ee3 \u0111\u1ed9ng t\u1eeb \u0111\u01b0\u1ee3c s\u1eed d\u1ee5ng trong th\u00ec ti\u1ebfn b\u1ed9 v\u00e0 ti\u1ebfn b\u1ed9 ho\u00e0n h\u1ea3o.<\/p>\n\n\n\n<h3 class=\"wp-block-heading\" id=\"h-5-prepositions\">5. Gi\u1edbi t\u1eeb:<\/h3>\n\n\n\n<p>Nghi\u00ean c\u1ee9u c\u00e1ch s\u1eed d\u1ee5ng gi\u1edbi t\u1eeb \u0111\u1ec3 th\u1ec3 hi\u1ec7n m\u1ed1i quan h\u1ec7 gi\u1eefa c\u00e1c t\u1eeb, ch\u1eb3ng h\u1ea1n nh\u01b0 v\u1ecb tr\u00ed, h\u01b0\u1edbng, th\u1eddi gian v\u00e0 nguy\u00ean nh\u00e2n.<\/p>\n\n\n\n<h3 class=\"wp-block-heading\" id=\"h-6-sentences\">6. C\u00e2u:<\/h3>\n\n\n\n<p>H\u1ecdc c\u00e1ch x\u00e2y d\u1ef1ng c\u00e1c c\u00e2u \u0111\u01a1n gi\u1ea3n v\u00e0 ph\u1ee9c t\u1ea1p b\u1eb1ng c\u00e1ch s\u1eed d\u1ee5ng th\u1ee9 t\u1ef1 t\u1eeb ch\u00ednh x\u00e1c, \u0111i\u1ec1u n\u00e0y r\u1ea5t c\u1ea7n thi\u1ebft \u0111\u1ec3 giao ti\u1ebfp r\u00f5 r\u00e0ng v\u00e0 hi\u1ec7u qu\u1ea3 trong ti\u1ebfng \u0110an M\u1ea1ch.<\/p>\n\n\n\n<h3 class=\"wp-block-heading\" id=\"h-7-conditionals\">7. \u0110i\u1ec1u ki\u1ec7n:<\/h3>\n\n\n\n<p>Cu\u1ed1i c\u00f9ng, h\u00e3y t\u1ef1 l\u00e0m quen v\u1edbi c\u00e1c lo\u1ea1i \u0111i\u1ec1u ki\u1ec7n kh\u00e1c nhau \u0111\u01b0\u1ee3c s\u1eed d\u1ee5ng trong ti\u1ebfng \u0110an M\u1ea1ch \u0111\u1ec3 th\u1ec3 hi\u1ec7n c\u00e1c t\u00ecnh hu\u1ed1ng gi\u1ea3 \u0111\u1ecbnh v\u00e0 h\u1eadu qu\u1ea3 c\u1ee7a ch\u00fang.<\/p>\n\n\n\n<p>B\u1eb1ng c\u00e1ch l\u00e0m theo tr\u00ecnh t\u1ef1 n\u00e0y, b\u1ea1n c\u00f3 th\u1ec3 x\u00e2y d\u1ef1ng m\u1ed9t c\u00e1ch c\u00f3 h\u1ec7 th\u1ed1ng ki\u1ebfn th\u1ee9c c\u1ee7a m\u00ecnh v\u1ec1 ng\u1eef ph\u00e1p ti\u1ebfng \u0110an M\u1ea1ch v\u00e0 ph\u00e1t tri\u1ec3n c\u00e1c k\u1ef9 n\u0103ng c\u1ea7n thi\u1ebft \u0111\u1ec3 giao ti\u1ebfp hi\u1ec7u qu\u1ea3 b\u1eb1ng ng\u00f4n ng\u1eef n\u00e0y. H\u00e3y nh\u1edb luy\u1ec7n t\u1eadp th\u01b0\u1eddng xuy\u00ean v\u00e0 \u0111\u1eafm m\u00ecnh trong ng\u00f4n ng\u1eef c\u00e0ng nhi\u1ec1u c\u00e0ng t\u1ed1t \u0111\u1ec3 \u0111\u1ea1t \u0111\u01b0\u1ee3c k\u1ebft qu\u1ea3 t\u1ed1t nh\u1ea5t.<\/p>\n<\/div><\/div>\n\r\n<section class=\"learnNavigationSection\">\r\n            \r\n        <a href=\"https:\/\/talkpal.ai\/vi\/hoc-tieng-dan-mach\/\">\r\n            <div class=\"learnNavigationWrapper\">\r\n                <div class=\"learnNavigationContent\">\r\n                    <img decoding=\"async\" src=\"https:\/\/talkpal.ai\/wp-content\/uploads\/2024\/08\/Danish.jpg\" alt=\"Danish Flag\">\r\n                    <div>\r\n                        <h4>Gi\u1edbi thi\u1ec7u v\u1ec1 h\u1ecdc ti\u1ebfng \u0110an M\u1ea1ch<\/h4>\r\n                        <p>T\u00ecm hi\u1ec3u t\u1ea5t c\u1ea3 v\u1ec1 ng\u1eef ph\u00e1p ti\u1ebfng \u0110an M\u1ea1ch.<\/p>\r\n                    <\/div>\r\n                <\/div>\r\n            <\/div>\r\n        <\/a>\r\n\r\n        \r\n        <a href=\"https:\/\/talkpal.ai\/vi\/ngu-phap-tieng-dan-mach\/\">\r\n            <div class=\"learnNavigationWrapper\">\r\n                <div class=\"learnNavigationContent\">\r\n                    <img decoding=\"async\" src=\"https:\/\/talkpal.ai\/wp-content\/uploads\/2024\/08\/Danish.jpg\" alt=\"Danish Flag\">\r\n                    <div>\r\n                        <h4>B\u00e0i h\u1ecdc ng\u1eef ph\u00e1p ti\u1ebfng \u0110an M\u1ea1ch<\/h4>\r\n                        <p>Th\u1ef1c h\u00e0nh ng\u1eef ph\u00e1p ti\u1ebfng \u0110an M\u1ea1ch.<\/p>\r\n                    <\/div>\r\n                <\/div>\r\n            <\/div>\r\n        <\/a>\r\n\r\n        \r\n        <a href=\"https:\/\/talkpal.ai\/vocabulary_language\/danish\/\">\r\n            <div class=\"learnNavigationWrapper\">\r\n                <div class=\"learnNavigationContent\">\r\n                    <img decoding=\"async\" src=\"https:\/\/talkpal.ai\/wp-content\/uploads\/2024\/08\/Danish.jpg\" alt=\"Danish Flag\">\r\n                    <div>\r\n                        <h4>T\u1eeb v\u1ef1ng ti\u1ebfng \u0110an M\u1ea1ch<\/h4>\r\n                        <p>M\u1edf r\u1ed9ng v\u1ed1n t\u1eeb v\u1ef1ng ti\u1ebfng \u0110an M\u1ea1ch c\u1ee7a b\u1ea1n.<\/p>\r\n                    <\/div>\r\n                <\/div>\r\n            <\/div>\r\n        <\/a>\r\n\r\n            <\/section>","protected":false},"excerpt":{"rendered":"<p>Ch\u1ee7 \u0111\u1ec1 ng\u1eef ph\u00e1p ti\u1ebfng \u0110an M\u1ea1ch H\u1ecdc ti\u1ebfng \u0110an M\u1ea1ch c\u00f3 th\u1ec3 l\u00e0 m\u1ed9t tr\u1ea3i nghi\u1ec7m b\u1ed5 \u00edch v\u00e0 th\u00fa v\u1ecb cho nh\u1eefng ai quan t\u00e2m \u0111\u1ebfn vi\u1ec7c kh\u00e1m ph\u00e1 n\u1ec1n v\u0103n h\u00f3a v\u00e0 l\u1ecbch s\u1eed phong ph\u00fa c\u1ee7a \u0110an M\u1ea1ch. L\u00e0 m\u1ed9t ng\u00f4n ng\u1eef B\u1eafc \u0110\u1ee9c, ti\u1ebfng \u0110an M\u1ea1ch c\u00f3 nhi\u1ec1u \u0111i\u1ec3m t\u01b0\u01a1ng [&hellip;]<\/p>\n","protected":false},"author":6,"featured_media":1442222,"parent":0,"menu_order":0,"comment_status":"closed","ping_status":"closed","template":"LearningContentPage.php","meta":{"_acf_changed":false,"footnotes":""},"class_list":["post-1447147","page","type-page","status-publish","has-post-thumbnail","hentry"],"acf":[],"yoast_head":"<!-- This site is optimized with the Yoast SEO Premium plugin v27.2 (Yoast SEO v27.2) - https:\/\/yoast.com\/product\/yoast-seo-premium-wordpress\/ -->\n<title>B\u00e0i t\u1eadp ng\u1eef ph\u00e1p ti\u1ebfng \u0110an M\u1ea1ch - Talkpal<\/title>\n<meta name=\"description\" content=\"M\u1edf kh\u00f3a b\u00ed m\u1eadt c\u1ee7a B\u00e0i t\u1eadp ng\u1eef ph\u00e1p ti\u1ebfng \u0110an M\u1ea1ch \u0111\u1ec3 n\u00e2ng cao k\u1ef9 n\u0103ng ng\u00f4n ng\u1eef c\u1ee7a b\u1ea1n v\u00e0 k\u1ebft n\u1ed1i v\u1edbi v\u0103n h\u00f3a \u0110an M\u1ea1ch m\u1ed9t c\u00e1ch hi\u1ec7u qu\u1ea3.\" \/>\n<meta name=\"robots\" content=\"index, follow, max-snippet:-1, max-image-preview:large, max-video-preview:-1\" \/>\n<link rel=\"canonical\" href=\"https:\/\/talkpal.ai\/vi\/bai-tap-ngu-phap-tieng-dan-mach\/\" \/>\n<meta property=\"og:locale\" content=\"vi_VN\" \/>\n<meta property=\"og:type\" content=\"article\" \/>\n<meta property=\"og:title\" content=\"B\u00e0i t\u1eadp ng\u1eef ph\u00e1p ti\u1ebfng \u0110an M\u1ea1ch\" \/>\n<meta property=\"og:description\" content=\"Ch\u1ee7 \u0111\u1ec1 ng\u1eef ph\u00e1p ti\u1ebfng \u0110an M\u1ea1ch H\u1ecdc ti\u1ebfng \u0110an M\u1ea1ch c\u00f3 th\u1ec3 l\u00e0 m\u1ed9t tr\u1ea3i nghi\u1ec7m b\u1ed5 \u00edch v\u00e0 th\u00fa v\u1ecb cho nh\u1eefng ai quan t\u00e2m \u0111\u1ebfn vi\u1ec7c kh\u00e1m ph\u00e1 n\u1ec1n v\u0103n h\u00f3a v\u00e0 l\u1ecbch\" \/>\n<meta property=\"og:url\" content=\"https:\/\/talkpal.ai\/vi\/bai-tap-ngu-phap-tieng-dan-mach\/\" \/>\n<meta property=\"og:site_name\" content=\"Talkpal\" \/>\n<meta property=\"article:publisher\" content=\"https:\/\/www.facebook.com\/profile.php?id=100090733639311\" \/>\n<meta property=\"article:modified_time\" content=\"2025-12-17T16:29:32+00:00\" \/>\n<meta property=\"og:image\" content=\"https:\/\/talkpal.ai\/wp-content\/uploads\/2023\/05\/denmark.png\" \/>\n\t<meta property=\"og:image:width\" content=\"512\" \/>\n\t<meta property=\"og:image:height\" content=\"512\" \/>\n\t<meta property=\"og:image:type\" content=\"image\/png\" \/>\n<meta name=\"twitter:card\" content=\"summary_large_image\" \/>\n<meta name=\"twitter:site\" content=\"@talkpalai\" \/>\n<meta name=\"twitter:label1\" content=\"Est. reading time\" \/>\n\t<meta name=\"twitter:data1\" content=\"5 minutes\" \/>\n<script type=\"application\/ld+json\" class=\"yoast-schema-graph\">{\"@context\":\"https:\/\/schema.org\",\"@graph\":[{\"@type\":\"WebPage\",\"@id\":\"https:\/\/talkpal.ai\/vi\/bai-tap-ngu-phap-tieng-dan-mach\/\",\"url\":\"https:\/\/talkpal.ai\/vi\/bai-tap-ngu-phap-tieng-dan-mach\/\",\"name\":\"B\u00e0i t\u1eadp ng\u1eef ph\u00e1p ti\u1ebfng \u0110an M\u1ea1ch - Talkpal\",\"isPartOf\":{\"@id\":\"https:\/\/talkpal.ai\/vi\/#website\"},\"primaryImageOfPage\":{\"@id\":\"https:\/\/talkpal.ai\/vi\/bai-tap-ngu-phap-tieng-dan-mach\/#primaryimage\"},\"image\":{\"@id\":\"https:\/\/talkpal.ai\/vi\/bai-tap-ngu-phap-tieng-dan-mach\/#primaryimage\"},\"thumbnailUrl\":\"https:\/\/talkpal.ai\/wp-content\/uploads\/2023\/05\/denmark.png\",\"datePublished\":\"2023-06-16T13:19:10+00:00\",\"dateModified\":\"2025-12-17T16:29:32+00:00\",\"description\":\"M\u1edf kh\u00f3a b\u00ed m\u1eadt c\u1ee7a B\u00e0i t\u1eadp ng\u1eef ph\u00e1p ti\u1ebfng \u0110an M\u1ea1ch \u0111\u1ec3 n\u00e2ng cao k\u1ef9 n\u0103ng ng\u00f4n ng\u1eef c\u1ee7a b\u1ea1n v\u00e0 k\u1ebft n\u1ed1i v\u1edbi v\u0103n h\u00f3a \u0110an M\u1ea1ch m\u1ed9t c\u00e1ch hi\u1ec7u qu\u1ea3.\",\"breadcrumb\":{\"@id\":\"https:\/\/talkpal.ai\/vi\/bai-tap-ngu-phap-tieng-dan-mach\/#breadcrumb\"},\"inLanguage\":\"vi-VN\",\"potentialAction\":[{\"@type\":\"ReadAction\",\"target\":[\"https:\/\/talkpal.ai\/vi\/bai-tap-ngu-phap-tieng-dan-mach\/\"]}]},{\"@type\":\"ImageObject\",\"inLanguage\":\"vi-VN\",\"@id\":\"https:\/\/talkpal.ai\/vi\/bai-tap-ngu-phap-tieng-dan-mach\/#primaryimage\",\"url\":\"https:\/\/talkpal.ai\/wp-content\/uploads\/2023\/05\/denmark.png\",\"contentUrl\":\"https:\/\/talkpal.ai\/wp-content\/uploads\/2023\/05\/denmark.png\",\"width\":512,\"height\":512,\"caption\":\"TalkPal Denmark Flag\"},{\"@type\":\"BreadcrumbList\",\"@id\":\"https:\/\/talkpal.ai\/vi\/bai-tap-ngu-phap-tieng-dan-mach\/#breadcrumb\",\"itemListElement\":[{\"@type\":\"ListItem\",\"position\":1,\"name\":\"Homepage\",\"item\":\"https:\/\/talkpal.ai\/vi\/giao-vien-ngon-ngu-ai-3\/\"},{\"@type\":\"ListItem\",\"position\":2,\"name\":\"B\u00e0i t\u1eadp ng\u1eef ph\u00e1p ti\u1ebfng \u0110an M\u1ea1ch\"}]},{\"@type\":\"WebSite\",\"@id\":\"https:\/\/talkpal.ai\/vi\/#website\",\"url\":\"https:\/\/talkpal.ai\/vi\/\",\"name\":\"Talkpal\",\"description\":\"AI Language Learning\",\"publisher\":{\"@id\":\"https:\/\/talkpal.ai\/vi\/#organization\"},\"alternateName\":\"Talkpal AI\",\"potentialAction\":[{\"@type\":\"SearchAction\",\"target\":{\"@type\":\"EntryPoint\",\"urlTemplate\":\"https:\/\/talkpal.ai\/vi\/?s={search_term_string}\"},\"query-input\":{\"@type\":\"PropertyValueSpecification\",\"valueRequired\":true,\"valueName\":\"search_term_string\"}}],\"inLanguage\":\"vi-VN\"},{\"@type\":\"Organization\",\"@id\":\"https:\/\/talkpal.ai\/vi\/#organization\",\"name\":\"Talkpal, Inc.\",\"alternateName\":\"Talkpal AI\",\"url\":\"https:\/\/talkpal.ai\/vi\/\",\"logo\":{\"@type\":\"ImageObject\",\"inLanguage\":\"vi-VN\",\"@id\":\"https:\/\/talkpal.ai\/vi\/#\/schema\/logo\/image\/\",\"url\":\"https:\/\/talkpal.ai\/wp-content\/uploads\/2024\/03\/Talkpal-Logo-Icon.png\",\"contentUrl\":\"https:\/\/talkpal.ai\/wp-content\/uploads\/2024\/03\/Talkpal-Logo-Icon.png\",\"width\":2880,\"height\":2880,\"caption\":\"Talkpal, Inc.\"},\"image\":{\"@id\":\"https:\/\/talkpal.ai\/vi\/#\/schema\/logo\/image\/\"},\"sameAs\":[\"https:\/\/www.facebook.com\/profile.php?id=100090733639311\",\"https:\/\/x.com\/talkpalai\",\"https:\/\/www.linkedin.com\/company\/talkpal\/\",\"https:\/\/www.youtube.com\/@TalkPal\/\",\"https:\/\/www.tiktok.com\/@talkpal\",\"https:\/\/www.instagram.com\/talkpal_ai\/\",\"https:\/\/www.crunchbase.com\/organization\/talkpal-9cde\",\"https:\/\/www.g2.com\/products\/talkpal-for-business\/\",\"https:\/\/www.trustpilot.com\/review\/talkpal.ai\",\"https:\/\/www.capterra.com\/p\/10006800\/TalkPal\/\"],\"description\":\"Talkpal is a language learning web and mobile education app, powered by the latest AI technologies, that provides engaging experiences to its customers in many different languages to help them improve their language skills. Users can chat about unlimited amount of topics with the app and use other modes to practice their language learning.\",\"email\":\"support@talkpal.ai\",\"legalName\":\"Talkpal, Inc.\",\"foundingDate\":\"2023-04-03\",\"duns\":\"118989042\",\"numberOfEmployees\":{\"@type\":\"QuantitativeValue\",\"minValue\":\"11\",\"maxValue\":\"50\"},\"publishingPrinciples\":\"https:\/\/talkpal.ai\/publishing-principles\/\",\"actionableFeedbackPolicy\":\"https:\/\/talkpal.ai\/actionable-feedback-policy\/\",\"correctionsPolicy\":\"https:\/\/talkpal.ai\/corrections-policy\/\",\"ethicsPolicy\":\"https:\/\/talkpal.ai\/ethics-policy\/\",\"diversityPolicy\":\"https:\/\/talkpal.ai\/diversity-policy\/\",\"diversityStaffingReport\":\"https:\/\/talkpal.ai\/diversity-policy\/\"}]}<\/script>\n<!-- \/ Yoast SEO Premium plugin. -->","yoast_head_json":{"title":"B\u00e0i t\u1eadp ng\u1eef ph\u00e1p ti\u1ebfng \u0110an M\u1ea1ch - Talkpal","description":"M\u1edf kh\u00f3a b\u00ed m\u1eadt c\u1ee7a B\u00e0i t\u1eadp ng\u1eef ph\u00e1p ti\u1ebfng \u0110an M\u1ea1ch \u0111\u1ec3 n\u00e2ng cao k\u1ef9 n\u0103ng ng\u00f4n ng\u1eef c\u1ee7a b\u1ea1n v\u00e0 k\u1ebft n\u1ed1i v\u1edbi v\u0103n h\u00f3a \u0110an M\u1ea1ch m\u1ed9t c\u00e1ch hi\u1ec7u qu\u1ea3.","robots":{"index":"index","follow":"follow","max-snippet":"max-snippet:-1","max-image-preview":"max-image-preview:large","max-video-preview":"max-video-preview:-1"},"canonical":"https:\/\/talkpal.ai\/vi\/bai-tap-ngu-phap-tieng-dan-mach\/","og_locale":"vi_VN","og_type":"article","og_title":"B\u00e0i t\u1eadp ng\u1eef ph\u00e1p ti\u1ebfng \u0110an M\u1ea1ch","og_description":"Ch\u1ee7 \u0111\u1ec1 ng\u1eef ph\u00e1p ti\u1ebfng \u0110an M\u1ea1ch H\u1ecdc ti\u1ebfng \u0110an M\u1ea1ch c\u00f3 th\u1ec3 l\u00e0 m\u1ed9t tr\u1ea3i nghi\u1ec7m b\u1ed5 \u00edch v\u00e0 th\u00fa v\u1ecb cho nh\u1eefng ai quan t\u00e2m \u0111\u1ebfn vi\u1ec7c kh\u00e1m ph\u00e1 n\u1ec1n v\u0103n h\u00f3a v\u00e0 l\u1ecbch","og_url":"https:\/\/talkpal.ai\/vi\/bai-tap-ngu-phap-tieng-dan-mach\/","og_site_name":"Talkpal","article_publisher":"https:\/\/www.facebook.com\/profile.php?id=100090733639311","article_modified_time":"2025-12-17T16:29:32+00:00","og_image":[{"width":512,"height":512,"url":"https:\/\/talkpal.ai\/wp-content\/uploads\/2023\/05\/denmark.png","type":"image\/png"}],"twitter_card":"summary_large_image","twitter_site":"@talkpalai","twitter_misc":{"Est. reading time":"5 minutes"},"schema":{"@context":"https:\/\/schema.org","@graph":[{"@type":"WebPage","@id":"https:\/\/talkpal.ai\/vi\/bai-tap-ngu-phap-tieng-dan-mach\/","url":"https:\/\/talkpal.ai\/vi\/bai-tap-ngu-phap-tieng-dan-mach\/","name":"B\u00e0i t\u1eadp ng\u1eef ph\u00e1p ti\u1ebfng \u0110an M\u1ea1ch - Talkpal","isPartOf":{"@id":"https:\/\/talkpal.ai\/vi\/#website"},"primaryImageOfPage":{"@id":"https:\/\/talkpal.ai\/vi\/bai-tap-ngu-phap-tieng-dan-mach\/#primaryimage"},"image":{"@id":"https:\/\/talkpal.ai\/vi\/bai-tap-ngu-phap-tieng-dan-mach\/#primaryimage"},"thumbnailUrl":"https:\/\/talkpal.ai\/wp-content\/uploads\/2023\/05\/denmark.png","datePublished":"2023-06-16T13:19:10+00:00","dateModified":"2025-12-17T16:29:32+00:00","description":"M\u1edf kh\u00f3a b\u00ed m\u1eadt c\u1ee7a B\u00e0i t\u1eadp ng\u1eef ph\u00e1p ti\u1ebfng \u0110an M\u1ea1ch \u0111\u1ec3 n\u00e2ng cao k\u1ef9 n\u0103ng ng\u00f4n ng\u1eef c\u1ee7a b\u1ea1n v\u00e0 k\u1ebft n\u1ed1i v\u1edbi v\u0103n h\u00f3a \u0110an M\u1ea1ch m\u1ed9t c\u00e1ch hi\u1ec7u qu\u1ea3.","breadcrumb":{"@id":"https:\/\/talkpal.ai\/vi\/bai-tap-ngu-phap-tieng-dan-mach\/#breadcrumb"},"inLanguage":"vi-VN","potentialAction":[{"@type":"ReadAction","target":["https:\/\/talkpal.ai\/vi\/bai-tap-ngu-phap-tieng-dan-mach\/"]}]},{"@type":"ImageObject","inLanguage":"vi-VN","@id":"https:\/\/talkpal.ai\/vi\/bai-tap-ngu-phap-tieng-dan-mach\/#primaryimage","url":"https:\/\/talkpal.ai\/wp-content\/uploads\/2023\/05\/denmark.png","contentUrl":"https:\/\/talkpal.ai\/wp-content\/uploads\/2023\/05\/denmark.png","width":512,"height":512,"caption":"TalkPal Denmark Flag"},{"@type":"BreadcrumbList","@id":"https:\/\/talkpal.ai\/vi\/bai-tap-ngu-phap-tieng-dan-mach\/#breadcrumb","itemListElement":[{"@type":"ListItem","position":1,"name":"Homepage","item":"https:\/\/talkpal.ai\/vi\/giao-vien-ngon-ngu-ai-3\/"},{"@type":"ListItem","position":2,"name":"B\u00e0i t\u1eadp ng\u1eef ph\u00e1p ti\u1ebfng \u0110an M\u1ea1ch"}]},{"@type":"WebSite","@id":"https:\/\/talkpal.ai\/vi\/#website","url":"https:\/\/talkpal.ai\/vi\/","name":"Talkpal","description":"AI Language Learning","publisher":{"@id":"https:\/\/talkpal.ai\/vi\/#organization"},"alternateName":"Talkpal AI","potentialAction":[{"@type":"SearchAction","target":{"@type":"EntryPoint","urlTemplate":"https:\/\/talkpal.ai\/vi\/?s={search_term_string}"},"query-input":{"@type":"PropertyValueSpecification","valueRequired":true,"valueName":"search_term_string"}}],"inLanguage":"vi-VN"},{"@type":"Organization","@id":"https:\/\/talkpal.ai\/vi\/#organization","name":"Talkpal, Inc.","alternateName":"Talkpal AI","url":"https:\/\/talkpal.ai\/vi\/","logo":{"@type":"ImageObject","inLanguage":"vi-VN","@id":"https:\/\/talkpal.ai\/vi\/#\/schema\/logo\/image\/","url":"https:\/\/talkpal.ai\/wp-content\/uploads\/2024\/03\/Talkpal-Logo-Icon.png","contentUrl":"https:\/\/talkpal.ai\/wp-content\/uploads\/2024\/03\/Talkpal-Logo-Icon.png","width":2880,"height":2880,"caption":"Talkpal, Inc."},"image":{"@id":"https:\/\/talkpal.ai\/vi\/#\/schema\/logo\/image\/"},"sameAs":["https:\/\/www.facebook.com\/profile.php?id=100090733639311","https:\/\/x.com\/talkpalai","https:\/\/www.linkedin.com\/company\/talkpal\/","https:\/\/www.youtube.com\/@TalkPal\/","https:\/\/www.tiktok.com\/@talkpal","https:\/\/www.instagram.com\/talkpal_ai\/","https:\/\/www.crunchbase.com\/organization\/talkpal-9cde","https:\/\/www.g2.com\/products\/talkpal-for-business\/","https:\/\/www.trustpilot.com\/review\/talkpal.ai","https:\/\/www.capterra.com\/p\/10006800\/TalkPal\/"],"description":"Talkpal is a language learning web and mobile education app, powered by the latest AI technologies, that provides engaging experiences to its customers in many different languages to help them improve their language skills. Users can chat about unlimited amount of topics with the app and use other modes to practice their language learning.","email":"support@talkpal.ai","legalName":"Talkpal, Inc.","foundingDate":"2023-04-03","duns":"118989042","numberOfEmployees":{"@type":"QuantitativeValue","minValue":"11","maxValue":"50"},"publishingPrinciples":"https:\/\/talkpal.ai\/publishing-principles\/","actionableFeedbackPolicy":"https:\/\/talkpal.ai\/actionable-feedback-policy\/","correctionsPolicy":"https:\/\/talkpal.ai\/corrections-policy\/","ethicsPolicy":"https:\/\/talkpal.ai\/ethics-policy\/","diversityPolicy":"https:\/\/talkpal.ai\/diversity-policy\/","diversityStaffingReport":"https:\/\/talkpal.ai\/diversity-policy\/"}]}},"_links":{"self":[{"href":"https:\/\/talkpal.ai\/vi\/wp-json\/wp\/v2\/pages\/1447147","targetHints":{"allow":["GET"]}}],"collection":[{"href":"https:\/\/talkpal.ai\/vi\/wp-json\/wp\/v2\/pages"}],"about":[{"href":"https:\/\/talkpal.ai\/vi\/wp-json\/wp\/v2\/types\/page"}],"author":[{"embeddable":true,"href":"https:\/\/talkpal.ai\/vi\/wp-json\/wp\/v2\/users\/6"}],"replies":[{"embeddable":true,"href":"https:\/\/talkpal.ai\/vi\/wp-json\/wp\/v2\/comments?post=1447147"}],"version-history":[{"count":0,"href":"https:\/\/talkpal.ai\/vi\/wp-json\/wp\/v2\/pages\/1447147\/revisions"}],"wp:featuredmedia":[{"embeddable":true,"href":"https:\/\/talkpal.ai\/vi\/wp-json\/wp\/v2\/media\/1442222"}],"wp:attachment":[{"href":"https:\/\/talkpal.ai\/vi\/wp-json\/wp\/v2\/media?parent=1447147"}],"curies":[{"name":"wp","href":"https:\/\/api.w.org\/{rel}","templated":true}]}}