{"id":1447135,"date":"2023-06-21T14:01:18","date_gmt":"2023-06-21T14:01:18","guid":{"rendered":"https:\/\/talkpal.ai\/bai-tap-ngu-phap-galicia\/"},"modified":"2025-12-17T15:58:59","modified_gmt":"2025-12-17T15:58:59","slug":"bai-tap-ngu-phap-galicia","status":"publish","type":"page","link":"https:\/\/talkpal.ai\/vi\/bai-tap-ngu-phap-galicia\/","title":{"rendered":"B\u00e0i t\u1eadp ng\u1eef ph\u00e1p Galicia"},"content":{"rendered":"\r\n\r\n\r\n<section class=\"languageChallengeSection\">\r\n    <div class=\"languageInfoWrapper\">\r\n        \r\n        <h1>B\u00e0i t\u1eadp ng\u1eef ph\u00e1p Galicia<\/h1>\r\n        <p>B\u1ea1n \u0111ang t\u00ecm c\u00e1ch n\u00e2ng cao k\u1ef9 n\u0103ng <a href=\"https:\/\/talkpal.ai\/vi\/hoc-ngon-ngu-cho-cac-truong-ngon-ngu\/\">ng\u00f4n ng\u1eef<\/a> <a href=\"https:\/\/talkpal.ai\/learn-galician\/\">Galicia<\/a> c\u1ee7a m\u00ecnh? Th\u1ef1c h\u00e0nh c\u00e1c b\u00e0i t\u1eadp <a href=\"https:\/\/talkpal.ai\/vi\/ngu-phap\/\">ng\u1eef ph\u00e1p<\/a> l\u00e0 m\u1ed9t c\u00e1ch tuy\u1ec7t v\u1eddi \u0111\u1ec3 n\u1eafm v\u1eefng c\u1ea5u tr\u00fac c\u00e2u, d\u1ea1ng \u0111\u1ed9ng t\u1eeb v\u00e0 c\u00e1c \u0111\u1eb7c \u0111i\u1ec3m n\u1ed5i b\u1eadt c\u1ee7a ti\u1ebfng Galicia. B\u1eaft \u0111\u1ea7u l\u00e0m vi\u1ec7c v\u1edbi <a href=\"https:\/\/talkpal.ai\/vi\/ngu-phap\/\">ng\u1eef ph\u00e1p<\/a> Galicia ngay h\u00f4m nay v\u00e0 xem s\u1ef1 hi\u1ec3u bi\u1ebft v\u00e0 s\u1ef1 t\u1ef1 tin c\u1ee7a b\u1ea1n ph\u00e1t tri\u1ec3n v\u1edbi m\u1ed7i b\u00e0i t\u1eadp!<\/p>\r\n\r\n                            <a class=\"getStartedHidden\" href=\"https:\/\/app.talkpal.ai\/vi\/signup?lng=\">B\u1eaft \u0111\u1ea7u nh\u00e9<\/a>\r\n        \r\n    <\/div>\r\n\r\n    <figure>\r\n    <img decoding=\"async\" width=\"768\" height=\"768\" src=\"https:\/\/talkpal.ai\/wp-content\/uploads\/2023\/06\/galician-768x768.png\" class=\"languageImage no-lazy\" alt=\"Language immersion powerful learning method\" fetchpriority=\"high\" sizes=\"(max-width: 768px) 150px, 768px\" srcset=\"https:\/\/talkpal.ai\/wp-content\/uploads\/2023\/06\/galician-768x768.png 768w, https:\/\/talkpal.ai\/wp-content\/uploads\/2023\/06\/galician-300x300.png 300w\" \/>\r\n    \r\n\r\n    <\/figure>\r\n\r\n            <a class=\"getStartedVisible\" href=\"https:\/\/app.talkpal.ai\/vi\/signup?lng=\">B\u1eaft \u0111\u1ea7u nh\u00e9<\/a>\r\n    \r\n<\/section>\r\n\r\n\r\n<!-- <section class=\"grammarSection\">\r\n    <div class=\"grammarLinks\">\r\n            <\/div>\r\n<\/section> -->\r\n\r\n\r\n\r\n\r\n<section class=\"promotionalBanner\">\r\n    <p class=\"promotionalText\">C\u00e1ch hi\u1ec7u qu\u1ea3 nh\u1ea5t \u0111\u1ec3 h\u1ecdc m\u1ed9t ng\u00f4n ng\u1eef<\/p>\r\n    <a class=\"promotionalLink\" href=\"https:\/\/app.talkpal.ai\/vi\/signup?lng=\">D\u00f9ng th\u1eed Talkpal mi\u1ec5n ph\u00ed<\/a>\r\n<\/section>\n<div class=\"wp-block-group pageContainerStyle\"><div class=\"wp-block-group__inner-container is-layout-constrained wp-block-group-is-layout-constrained\">\n<h2 class=\"wp-block-heading\" id=\"h-galician-grammar-topics\">Ch\u1ee7 \u0111\u1ec1 ng\u1eef ph\u00e1p Galicia<\/h2>\n\n\n\n<p>Ng\u1eef ph\u00e1p Galicia l\u00e0 nghi\u00ean c\u1ee9u <a href=\"https:\/\/talkpal.ai\/vi\/ve\/\">v\u1ec1<\/a> c\u1ea5u tr\u00fac ng\u00f4n ng\u1eef, quy t\u1eafc v\u00e0 c\u00e1c th\u00e0nh ph\u1ea7n c\u1ee7a ng\u00f4n ng\u1eef Galicia, m\u1ed9t ng\u00f4n ng\u1eef Romance \u0111\u01b0\u1ee3c n\u00f3i trong c\u1ed9ng \u0111\u1ed3ng t\u1ef1 tr\u1ecb Galicia \u1edf t\u00e2y b\u1eafc T\u00e2y Ban Nha. Chia s\u1ebb m\u1ed1i quan h\u1ec7 ch\u1eb7t ch\u1ebd v\u1edbi <a href=\"https:\/\/talkpal.ai\/learn-portuguese\/\">ti\u1ebfng B\u1ed3 \u0110\u00e0o Nha<\/a>, ng\u1eef ph\u00e1p Galicia bao g\u1ed3m nhi\u1ec1u y\u1ebfu t\u1ed1 kh\u00e1c nhau h\u1ed7 tr\u1ee3 h\u00ecnh th\u00e0nh v\u00e0 hi\u1ec3u ng\u00f4n ng\u1eef, ch\u1eb3ng h\u1ea1n nh\u01b0 chia \u0111\u1ed9ng t\u1eeb, danh t\u1eeb v\u00e0 s\u1ef1 \u0111\u1ed3ng \u00fd t\u00ednh t\u1eeb, v\u00e0 vi\u1ec7c s\u1eed d\u1ee5ng m\u1ea1o t\u1eeb, \u0111\u1ea1i t\u1eeb, tr\u1ea1ng t\u1eeb v\u00e0 gi\u1edbi t\u1eeb. <a href=\"https:\/\/talkpal.ai\/grammar\/\">H\u1ecdc ng\u1eef ph\u00e1p<\/a> Galicia m\u1ed9t c\u00e1ch c\u00f3 c\u1ea5u tr\u00fac s\u1ebd \u0111\u1ea3m b\u1ea3o qu\u00e1 tr\u00ecnh h\u1ecdc t\u1eadp su\u00f4n s\u1ebb v\u00e0 hi\u1ec7u qu\u1ea3 \u0111\u1ed3ng th\u1eddi cung c\u1ea5p s\u1ef1 hi\u1ec3u bi\u1ebft s\u00e2u s\u1eafc v\u1ec1 ng\u00f4n ng\u1eef phong ph\u00fa v\u00e0 s\u00f4i \u0111\u1ed9ng n\u00e0y.<\/p>\n\n\n\n<h3 class=\"wp-block-heading\" id=\"h-1-nouns\">1. Danh t\u1eeb:<\/h3>\n\n\n\n<p>B\u1eaft \u0111\u1ea7u b\u1eb1ng vi\u1ec7c hi\u1ec3u kh\u00e1i ni\u1ec7m danh t\u1eeb trong ti\u1ebfng Galicia, \u0111\u01b0\u1ee3c ph\u00e2n th\u00e0nh hai gi\u1edbi t\u00ednh (nam v\u00e0 n\u1eef) v\u00e0 c\u00f3 th\u1ec3 l\u00e0 s\u1ed1 \u00edt ho\u1eb7c s\u1ed1 nhi\u1ec1u. T\u00ecm hi\u1ec3u c\u00e1ch x\u00e1c \u0111\u1ecbnh v\u00e0 s\u1eed d\u1ee5ng ch\u00fang m\u1ed9t c\u00e1ch ch\u00ednh x\u00e1c trong c\u00e2u.<\/p>\n\n\n\n<h3 class=\"wp-block-heading\" id=\"h-2-articles\">2. B\u00e0i vi\u1ebft:<\/h3>\n\n\n\n<p>Nghi\u00ean c\u1ee9u c\u00e1c m\u1ea1o t\u1eeb x\u00e1c \u0111\u1ecbnh v\u00e0 kh\u00f4ng x\u00e1c \u0111\u1ecbnh trong ti\u1ebfng Galicia, ph\u00f9 h\u1ee3p v\u1ec1 gi\u1edbi t\u00ednh v\u00e0 s\u1ed1 l\u01b0\u1ee3ng v\u1edbi danh t\u1eeb m\u00e0 ch\u00fang \u0111i k\u00e8m. \u0110i\u1ec1u n\u00e0y s\u1ebd gi\u00fap h\u00ecnh th\u00e0nh c\u00e1c c\u1ee5m t\u1eeb v\u00e0 c\u00e2u c\u01a1 b\u1ea3n hi\u1ec7u qu\u1ea3 h\u01a1n.<\/p>\n\n\n\n<h3 class=\"wp-block-heading\" id=\"h-3-adjectives\">3. T\u00ednh t\u1eeb:<\/h3>\n\n\n\n<p>T\u00ecm hi\u1ec3u v\u1ec1 t\u00ednh t\u1eeb trong ti\u1ebfng Galicia, \u0111\u1ed3ng \u00fd v\u1ec1 gi\u1edbi t\u00ednh v\u00e0 s\u1ed1 l\u01b0\u1ee3ng v\u1edbi danh t\u1eeb m\u00e0 ch\u00fang s\u1eeda \u0111\u1ed5i. Hi\u1ec3u c\u00e1c quy t\u1eafc s\u1eafp x\u1ebfp v\u00e0 th\u1ecfa thu\u1eadn s\u1ebd cho ph\u00e9p b\u1ea1n m\u00f4 t\u1ea3 c\u00e1c \u0111\u1ed3 v\u1eadt v\u00e0 con ng\u01b0\u1eddi m\u1ed9t c\u00e1ch ch\u00ednh x\u00e1c.<\/p>\n\n\n\n<h3 class=\"wp-block-heading\" id=\"h-4-pronouns-determiners\">4. \u0110\u1ea1i t\u1eeb\/T\u1eeb \u0111\u1ecbnh \u0111\u1ecbnh:<\/h3>\n\n\n\n<p>Nghi\u00ean c\u1ee9u c\u00e1c lo\u1ea1i \u0111\u1ea1i t\u1eeb v\u00e0 t\u1eeb x\u00e1c \u0111\u1ecbnh kh\u00e1c nhau trong ti\u1ebfng Galicia, c\u00f3 th\u1ec3 thay th\u1ebf ho\u1eb7c ch\u1ec9 danh t\u1eeb trong c\u00e2u. \u0110i\u1ec1u n\u00e0y bao g\u1ed3m c\u00e1c \u0111\u1ea1i t\u1eeb c\u00e1 nh\u00e2n, bi\u1ec3u hi\u1ec7n, s\u1edf h\u1eefu v\u00e0 nghi v\u1ea5n, trong s\u1ed1 nh\u1eefng \u0111\u1ea1i t\u1eeb kh\u00e1c.<\/p>\n\n\n\n<h3 class=\"wp-block-heading\" id=\"h-5-verbs\">5. \u0110\u1ed9ng t\u1eeb:<\/h3>\n\n\n\n<p>T\u1eadp trung v\u00e0o c\u00e1ch chia \u0111\u1ed9ng t\u1eeb, \u0111\u00e2y l\u00e0 m\u1ed9t kh\u00eda c\u1ea1nh quan tr\u1ecdng c\u1ee7a ng\u1eef ph\u00e1p Galicia. T\u00ecm hi\u1ec3u c\u00e1c th\u00ec v\u00e0 t\u00e2m tr\u1ea1ng kh\u00e1c nhau, \u0111\u1ed3ng th\u1eddi th\u1ef1c h\u00e0nh chia \u0111\u1ed9ng t\u1eeb th\u00f4ng th\u01b0\u1eddng v\u00e0 b\u1ea5t quy t\u1eafc.<\/p>\n\n\n\n<h3 class=\"wp-block-heading\" id=\"h-6-tense-comparison\">6. So s\u00e1nh c\u0103ng th\u1eb3ng:<\/h3>\n\n\n\n<p>Hi\u1ec3u s\u1ef1 kh\u00e1c bi\u1ec7t gi\u1eefa c\u00e1c th\u00ec kh\u00e1c nhau trong ti\u1ebfng Galicia v\u00e0 h\u1ecdc c\u00e1ch s\u1eed d\u1ee5ng ch\u00fang m\u1ed9t c\u00e1ch ch\u00ednh x\u00e1c \u0111\u1ec3 truy\u1ec1n \u0111\u1ea1t tham chi\u1ebfu th\u1eddi gian th\u00edch h\u1ee3p trong b\u00e0i ph\u00e1t bi\u1ec3u ho\u1eb7c b\u00e0i vi\u1ebft c\u1ee7a b\u1ea1n.<\/p>\n\n\n\n<h3 class=\"wp-block-heading\" id=\"h-7-progressive\">7. Ti\u1ebfn b\u1ed9:<\/h3>\n\n\n\n<p>Nghi\u00ean c\u1ee9u kh\u00eda c\u1ea1nh ti\u1ebfn b\u1ed9 trong ti\u1ebfng Galicia, ch\u1ec9 ra m\u1ed9t h\u00e0nh \u0111\u1ed9ng \u0111ang di\u1ec5n ra v\u00e0 h\u1ecdc c\u00e1ch h\u00ecnh th\u00e0nh v\u00e0 s\u1eed d\u1ee5ng n\u00f3 v\u1edbi c\u00e1c th\u00ec kh\u00e1c nhau.<\/p>\n\n\n\n<h3 class=\"wp-block-heading\" id=\"h-8-perfect-progressive\">8. Ti\u1ebfn b\u1ed9 ho\u00e0n h\u1ea3o:<\/h3>\n\n\n\n<p>T\u00ecm hi\u1ec3u v\u1ec1 kh\u00eda c\u1ea1nh ti\u1ebfn b\u1ed9 ho\u00e0n h\u1ea3o, k\u1ebft h\u1ee3p c\u00e1c kh\u00eda c\u1ea1nh ho\u00e0n h\u1ea3o v\u00e0 ti\u1ebfn b\u1ed9 \u0111\u1ec3 th\u1ec3 hi\u1ec7n m\u1ed9t h\u00e0nh \u0111\u1ed9ng \u0111ang di\u1ec5n ra v\u00e0 c\u00f3 th\u1ec3 ti\u1ebfp t\u1ee5c trong t\u01b0\u01a1ng lai.<\/p>\n\n\n\n<h3 class=\"wp-block-heading\" id=\"h-9-adverbs\">9. Tr\u1ea1ng t\u1eeb:<\/h3>\n\n\n\n<p>Kh\u00e1m ph\u00e1 tr\u1ea1ng t\u1eeb Galicia, cung c\u1ea5p th\u00eam th\u00f4ng tin v\u1ec1 \u0111\u1ed9ng t\u1eeb, t\u00ednh t\u1eeb ho\u1eb7c tr\u1ea1ng t\u1eeb kh\u00e1c. T\u00ecm hi\u1ec3u c\u00e1c lo\u1ea1i kh\u00e1c nhau v\u00e0 quy t\u1eafc s\u1eafp x\u1ebfp c\u1ee7a ch\u00fang trong c\u00e2u.<\/p>\n\n\n\n<h3 class=\"wp-block-heading\" id=\"h-10-prepositions\">10. Gi\u1edbi t\u1eeb:<\/h3>\n\n\n\n<p>Nghi\u00ean c\u1ee9u c\u00e1c gi\u1edbi t\u1eeb kh\u00e1c nhau trong ti\u1ebfng Galicia, cho th\u1ea5y m\u1ed1i quan h\u1ec7 gi\u1eefa c\u00e1c y\u1ebfu t\u1ed1 trong c\u00e2u, ch\u1eb3ng h\u1ea1n nh\u01b0 v\u1ecb tr\u00ed, h\u01b0\u1edbng, th\u1eddi gian ho\u1eb7c nguy\u00ean nh\u00e2n.<\/p>\n\n\n\n<h3 class=\"wp-block-heading\" id=\"h-11-conditionals\">11. \u0110i\u1ec1u ki\u1ec7n:<\/h3>\n\n\n\n<p>T\u00ecm hi\u1ec3u v\u1ec1 c\u00e1c c\u00e2u c\u00f3 \u0111i\u1ec1u ki\u1ec7n trong ti\u1ebfng Galicia, th\u1ec3 hi\u1ec7n c\u00e1c t\u00ecnh hu\u1ed1ng gi\u1ea3 \u0111\u1ecbnh ho\u1eb7c kh\u00f4ng th\u1ef1c t\u1ebf v\u00e0 h\u1eadu qu\u1ea3 c\u1ee7a ch\u00fang. Nghi\u00ean c\u1ee9u s\u1ef1 h\u00ecnh th\u00e0nh v\u00e0 s\u1eed d\u1ee5ng c\u00e1c lo\u1ea1i \u0111i\u1ec1u ki\u1ec7n kh\u00e1c nhau.<\/p>\n\n\n\n<h3 class=\"wp-block-heading\" id=\"h-12-sentences\">12. C\u00e2u:<\/h3>\n\n\n\n<p>Cu\u1ed1i c\u00f9ng, th\u1ef1c h\u00e0nh k\u1ebft h\u1ee3p t\u1ea5t c\u1ea3 c\u00e1c th\u00e0nh ph\u1ea7n ng\u1eef ph\u00e1p \u0111\u00e3 h\u1ecdc tr\u01b0\u1edbc \u0111\u00f3 \u0111\u1ec3 t\u1ea1o th\u00e0nh c\u00e1c c\u00e2u \u0111\u01a1n gi\u1ea3n v\u00e0 ph\u1ee9c t\u1ea1p trong ti\u1ebfng Galicia. \u0110i\u1ec1u n\u00e0y s\u1ebd gi\u00fap c\u1ee7ng c\u1ed1 s\u1ef1 hi\u1ec3u bi\u1ebft c\u1ee7a b\u1ea1n v\u1ec1 ng\u00f4n ng\u1eef v\u00e0 x\u00e2y d\u1ef1ng s\u1ef1 tr\u00f4i ch\u1ea3y c\u1ee7a b\u1ea1n.<\/p>\n<\/div><\/div>\n\r\n<section class=\"learnNavigationSection\">\r\n            \r\n        <a href=\"https:\/\/talkpal.ai\/vi\/hoc-tieng-galicia\/\">\r\n            <div class=\"learnNavigationWrapper\">\r\n                <div class=\"learnNavigationContent\">\r\n                    <img decoding=\"async\" src=\"https:\/\/talkpal.ai\/wp-content\/uploads\/2024\/08\/Galician.jpg\" alt=\"Galicia Flag\">\r\n                    <div>\r\n                        <h4>Gi\u1edbi thi\u1ec7u v\u1ec1 Galician Learning<\/h4>\r\n                        <p>T\u00ecm hi\u1ec3u t\u1ea5t c\u1ea3 v\u1ec1 ng\u1eef ph\u00e1p Galicia.<\/p>\r\n                    <\/div>\r\n                <\/div>\r\n            <\/div>\r\n        <\/a>\r\n\r\n        \r\n        <a href=\"https:\/\/talkpal.ai\/vi\/ngu-phap-galicia\/\">\r\n            <div class=\"learnNavigationWrapper\">\r\n                <div class=\"learnNavigationContent\">\r\n                    <img decoding=\"async\" src=\"https:\/\/talkpal.ai\/wp-content\/uploads\/2024\/08\/Galician.jpg\" alt=\"Galicia Flag\">\r\n                    <div>\r\n                        <h4>B\u00e0i h\u1ecdc ng\u1eef ph\u00e1p Galicia<\/h4>\r\n                        <p>Th\u1ef1c h\u00e0nh ng\u1eef ph\u00e1p Galicia.<\/p>\r\n                    <\/div>\r\n                <\/div>\r\n            <\/div>\r\n        <\/a>\r\n\r\n        \r\n        <a href=\"https:\/\/talkpal.ai\/vocabulary_language\/galician\/\">\r\n            <div class=\"learnNavigationWrapper\">\r\n                <div class=\"learnNavigationContent\">\r\n                    <img decoding=\"async\" src=\"https:\/\/talkpal.ai\/wp-content\/uploads\/2024\/08\/Galician.jpg\" alt=\"Galicia Flag\">\r\n                    <div>\r\n                        <h4>T\u1eeb v\u1ef1ng Galicia<\/h4>\r\n                        <p>M\u1edf r\u1ed9ng v\u1ed1n t\u1eeb v\u1ef1ng ti\u1ebfng Galicia c\u1ee7a b\u1ea1n.<\/p>\r\n                    <\/div>\r\n                <\/div>\r\n            <\/div>\r\n        <\/a>\r\n\r\n            <\/section>","protected":false},"excerpt":{"rendered":"<p>Ch\u1ee7 \u0111\u1ec1 ng\u1eef ph\u00e1p Galicia Ng\u1eef ph\u00e1p Galicia l\u00e0 nghi\u00ean c\u1ee9u v\u1ec1 c\u1ea5u tr\u00fac ng\u00f4n ng\u1eef, quy t\u1eafc v\u00e0 c\u00e1c th\u00e0nh ph\u1ea7n c\u1ee7a ng\u00f4n ng\u1eef Galicia, m\u1ed9t ng\u00f4n ng\u1eef Romance \u0111\u01b0\u1ee3c n\u00f3i trong c\u1ed9ng \u0111\u1ed3ng t\u1ef1 tr\u1ecb Galicia \u1edf t\u00e2y b\u1eafc T\u00e2y Ban Nha. Chia s\u1ebb m\u1ed1i quan h\u1ec7 ch\u1eb7t ch\u1ebd v\u1edbi ti\u1ebfng B\u1ed3 \u0110\u00e0o [&hellip;]<\/p>\n","protected":false},"author":6,"featured_media":1442273,"parent":0,"menu_order":0,"comment_status":"closed","ping_status":"closed","template":"LearningContentPage.php","meta":{"_acf_changed":false,"footnotes":""},"class_list":["post-1447135","page","type-page","status-publish","has-post-thumbnail","hentry"],"acf":[],"yoast_head":"<!-- This site is optimized with the Yoast SEO Premium plugin v27.2 (Yoast SEO v27.2) - https:\/\/yoast.com\/product\/yoast-seo-premium-wordpress\/ -->\n<title>B\u00e0i t\u1eadp ng\u1eef ph\u00e1p Galicia - Talkpal<\/title>\n<meta name=\"description\" content=\"Th\u1ef1c h\u00e0nh ng\u1eef ph\u00e1p Galicia d\u1ec5 d\u00e0ng \u2014 c\u1ea3i thi\u1ec7n nhanh ch\u00f3ng, tham gia v\u00e0o c\u00e1c b\u00e0i t\u1eadp t\u01b0\u01a1ng t\u00e1c r\u00f5 r\u00e0ng v\u00e0 c\u00f3 \u0111\u01b0\u1ee3c s\u1ef1 t\u1ef1 tin v\u1ec1 ng\u00f4n ng\u1eef\" \/>\n<meta name=\"robots\" content=\"index, follow, max-snippet:-1, max-image-preview:large, max-video-preview:-1\" \/>\n<link rel=\"canonical\" href=\"https:\/\/talkpal.ai\/vi\/bai-tap-ngu-phap-galicia\/\" \/>\n<meta property=\"og:locale\" content=\"vi_VN\" \/>\n<meta property=\"og:type\" content=\"article\" \/>\n<meta property=\"og:title\" content=\"B\u00e0i t\u1eadp ng\u1eef ph\u00e1p Galicia\" \/>\n<meta property=\"og:description\" content=\"Ch\u1ee7 \u0111\u1ec1 ng\u1eef ph\u00e1p Galicia Ng\u1eef ph\u00e1p Galicia l\u00e0 nghi\u00ean c\u1ee9u v\u1ec1 c\u1ea5u tr\u00fac ng\u00f4n ng\u1eef, quy t\u1eafc v\u00e0 c\u00e1c th\u00e0nh ph\u1ea7n c\u1ee7a ng\u00f4n ng\u1eef Galicia, m\u1ed9t ng\u00f4n ng\u1eef Romance \u0111\u01b0\u1ee3c n\u00f3i\" \/>\n<meta property=\"og:url\" content=\"https:\/\/talkpal.ai\/vi\/bai-tap-ngu-phap-galicia\/\" \/>\n<meta property=\"og:site_name\" content=\"Talkpal\" \/>\n<meta property=\"article:publisher\" content=\"https:\/\/www.facebook.com\/profile.php?id=100090733639311\" \/>\n<meta property=\"article:modified_time\" content=\"2025-12-17T15:58:59+00:00\" \/>\n<meta property=\"og:image\" content=\"https:\/\/talkpal.ai\/wp-content\/uploads\/2023\/05\/Galician-spain.png\" \/>\n\t<meta property=\"og:image:width\" content=\"512\" \/>\n\t<meta property=\"og:image:height\" content=\"512\" \/>\n\t<meta property=\"og:image:type\" content=\"image\/png\" \/>\n<meta name=\"twitter:card\" content=\"summary_large_image\" \/>\n<meta name=\"twitter:site\" content=\"@talkpalai\" \/>\n<meta name=\"twitter:label1\" content=\"Est. reading time\" \/>\n\t<meta name=\"twitter:data1\" content=\"5 minutes\" \/>\n<script type=\"application\/ld+json\" class=\"yoast-schema-graph\">{\"@context\":\"https:\/\/schema.org\",\"@graph\":[{\"@type\":\"WebPage\",\"@id\":\"https:\/\/talkpal.ai\/vi\/bai-tap-ngu-phap-galicia\/\",\"url\":\"https:\/\/talkpal.ai\/vi\/bai-tap-ngu-phap-galicia\/\",\"name\":\"B\u00e0i t\u1eadp ng\u1eef ph\u00e1p Galicia - Talkpal\",\"isPartOf\":{\"@id\":\"https:\/\/talkpal.ai\/vi\/#website\"},\"primaryImageOfPage\":{\"@id\":\"https:\/\/talkpal.ai\/vi\/bai-tap-ngu-phap-galicia\/#primaryimage\"},\"image\":{\"@id\":\"https:\/\/talkpal.ai\/vi\/bai-tap-ngu-phap-galicia\/#primaryimage\"},\"thumbnailUrl\":\"https:\/\/talkpal.ai\/wp-content\/uploads\/2023\/05\/Galician-spain.png\",\"datePublished\":\"2023-06-21T14:01:18+00:00\",\"dateModified\":\"2025-12-17T15:58:59+00:00\",\"description\":\"Th\u1ef1c h\u00e0nh ng\u1eef ph\u00e1p Galicia d\u1ec5 d\u00e0ng \u2014 c\u1ea3i thi\u1ec7n nhanh ch\u00f3ng, tham gia v\u00e0o c\u00e1c b\u00e0i t\u1eadp t\u01b0\u01a1ng t\u00e1c r\u00f5 r\u00e0ng v\u00e0 c\u00f3 \u0111\u01b0\u1ee3c s\u1ef1 t\u1ef1 tin v\u1ec1 ng\u00f4n ng\u1eef\",\"breadcrumb\":{\"@id\":\"https:\/\/talkpal.ai\/vi\/bai-tap-ngu-phap-galicia\/#breadcrumb\"},\"inLanguage\":\"vi-VN\",\"potentialAction\":[{\"@type\":\"ReadAction\",\"target\":[\"https:\/\/talkpal.ai\/vi\/bai-tap-ngu-phap-galicia\/\"]}]},{\"@type\":\"ImageObject\",\"inLanguage\":\"vi-VN\",\"@id\":\"https:\/\/talkpal.ai\/vi\/bai-tap-ngu-phap-galicia\/#primaryimage\",\"url\":\"https:\/\/talkpal.ai\/wp-content\/uploads\/2023\/05\/Galician-spain.png\",\"contentUrl\":\"https:\/\/talkpal.ai\/wp-content\/uploads\/2023\/05\/Galician-spain.png\",\"width\":512,\"height\":512,\"caption\":\"TalkPal Galician Flag\"},{\"@type\":\"BreadcrumbList\",\"@id\":\"https:\/\/talkpal.ai\/vi\/bai-tap-ngu-phap-galicia\/#breadcrumb\",\"itemListElement\":[{\"@type\":\"ListItem\",\"position\":1,\"name\":\"Homepage\",\"item\":\"https:\/\/talkpal.ai\/vi\/giao-vien-ngon-ngu-ai-3\/\"},{\"@type\":\"ListItem\",\"position\":2,\"name\":\"B\u00e0i t\u1eadp ng\u1eef ph\u00e1p Galicia\"}]},{\"@type\":\"WebSite\",\"@id\":\"https:\/\/talkpal.ai\/vi\/#website\",\"url\":\"https:\/\/talkpal.ai\/vi\/\",\"name\":\"Talkpal\",\"description\":\"AI Language Learning\",\"publisher\":{\"@id\":\"https:\/\/talkpal.ai\/vi\/#organization\"},\"alternateName\":\"Talkpal AI\",\"potentialAction\":[{\"@type\":\"SearchAction\",\"target\":{\"@type\":\"EntryPoint\",\"urlTemplate\":\"https:\/\/talkpal.ai\/vi\/?s={search_term_string}\"},\"query-input\":{\"@type\":\"PropertyValueSpecification\",\"valueRequired\":true,\"valueName\":\"search_term_string\"}}],\"inLanguage\":\"vi-VN\"},{\"@type\":\"Organization\",\"@id\":\"https:\/\/talkpal.ai\/vi\/#organization\",\"name\":\"Talkpal, Inc.\",\"alternateName\":\"Talkpal AI\",\"url\":\"https:\/\/talkpal.ai\/vi\/\",\"logo\":{\"@type\":\"ImageObject\",\"inLanguage\":\"vi-VN\",\"@id\":\"https:\/\/talkpal.ai\/vi\/#\/schema\/logo\/image\/\",\"url\":\"https:\/\/talkpal.ai\/wp-content\/uploads\/2024\/03\/Talkpal-Logo-Icon.png\",\"contentUrl\":\"https:\/\/talkpal.ai\/wp-content\/uploads\/2024\/03\/Talkpal-Logo-Icon.png\",\"width\":2880,\"height\":2880,\"caption\":\"Talkpal, Inc.\"},\"image\":{\"@id\":\"https:\/\/talkpal.ai\/vi\/#\/schema\/logo\/image\/\"},\"sameAs\":[\"https:\/\/www.facebook.com\/profile.php?id=100090733639311\",\"https:\/\/x.com\/talkpalai\",\"https:\/\/www.linkedin.com\/company\/talkpal\/\",\"https:\/\/www.youtube.com\/@TalkPal\/\",\"https:\/\/www.tiktok.com\/@talkpal\",\"https:\/\/www.instagram.com\/talkpal_ai\/\",\"https:\/\/www.crunchbase.com\/organization\/talkpal-9cde\",\"https:\/\/www.g2.com\/products\/talkpal-for-business\/\",\"https:\/\/www.trustpilot.com\/review\/talkpal.ai\",\"https:\/\/www.capterra.com\/p\/10006800\/TalkPal\/\"],\"description\":\"Talkpal is a language learning web and mobile education app, powered by the latest AI technologies, that provides engaging experiences to its customers in many different languages to help them improve their language skills. Users can chat about unlimited amount of topics with the app and use other modes to practice their language learning.\",\"email\":\"support@talkpal.ai\",\"legalName\":\"Talkpal, Inc.\",\"foundingDate\":\"2023-04-03\",\"duns\":\"118989042\",\"numberOfEmployees\":{\"@type\":\"QuantitativeValue\",\"minValue\":\"11\",\"maxValue\":\"50\"},\"publishingPrinciples\":\"https:\/\/talkpal.ai\/publishing-principles\/\",\"actionableFeedbackPolicy\":\"https:\/\/talkpal.ai\/actionable-feedback-policy\/\",\"correctionsPolicy\":\"https:\/\/talkpal.ai\/corrections-policy\/\",\"ethicsPolicy\":\"https:\/\/talkpal.ai\/ethics-policy\/\",\"diversityPolicy\":\"https:\/\/talkpal.ai\/diversity-policy\/\",\"diversityStaffingReport\":\"https:\/\/talkpal.ai\/diversity-policy\/\"}]}<\/script>\n<!-- \/ Yoast SEO Premium plugin. -->","yoast_head_json":{"title":"B\u00e0i t\u1eadp ng\u1eef ph\u00e1p Galicia - Talkpal","description":"Th\u1ef1c h\u00e0nh ng\u1eef ph\u00e1p Galicia d\u1ec5 d\u00e0ng \u2014 c\u1ea3i thi\u1ec7n nhanh ch\u00f3ng, tham gia v\u00e0o c\u00e1c b\u00e0i t\u1eadp t\u01b0\u01a1ng t\u00e1c r\u00f5 r\u00e0ng v\u00e0 c\u00f3 \u0111\u01b0\u1ee3c s\u1ef1 t\u1ef1 tin v\u1ec1 ng\u00f4n ng\u1eef","robots":{"index":"index","follow":"follow","max-snippet":"max-snippet:-1","max-image-preview":"max-image-preview:large","max-video-preview":"max-video-preview:-1"},"canonical":"https:\/\/talkpal.ai\/vi\/bai-tap-ngu-phap-galicia\/","og_locale":"vi_VN","og_type":"article","og_title":"B\u00e0i t\u1eadp ng\u1eef ph\u00e1p Galicia","og_description":"Ch\u1ee7 \u0111\u1ec1 ng\u1eef ph\u00e1p Galicia Ng\u1eef ph\u00e1p Galicia l\u00e0 nghi\u00ean c\u1ee9u v\u1ec1 c\u1ea5u tr\u00fac ng\u00f4n ng\u1eef, quy t\u1eafc v\u00e0 c\u00e1c th\u00e0nh ph\u1ea7n c\u1ee7a ng\u00f4n ng\u1eef Galicia, m\u1ed9t ng\u00f4n ng\u1eef Romance \u0111\u01b0\u1ee3c n\u00f3i","og_url":"https:\/\/talkpal.ai\/vi\/bai-tap-ngu-phap-galicia\/","og_site_name":"Talkpal","article_publisher":"https:\/\/www.facebook.com\/profile.php?id=100090733639311","article_modified_time":"2025-12-17T15:58:59+00:00","og_image":[{"width":512,"height":512,"url":"https:\/\/talkpal.ai\/wp-content\/uploads\/2023\/05\/Galician-spain.png","type":"image\/png"}],"twitter_card":"summary_large_image","twitter_site":"@talkpalai","twitter_misc":{"Est. reading time":"5 minutes"},"schema":{"@context":"https:\/\/schema.org","@graph":[{"@type":"WebPage","@id":"https:\/\/talkpal.ai\/vi\/bai-tap-ngu-phap-galicia\/","url":"https:\/\/talkpal.ai\/vi\/bai-tap-ngu-phap-galicia\/","name":"B\u00e0i t\u1eadp ng\u1eef ph\u00e1p Galicia - Talkpal","isPartOf":{"@id":"https:\/\/talkpal.ai\/vi\/#website"},"primaryImageOfPage":{"@id":"https:\/\/talkpal.ai\/vi\/bai-tap-ngu-phap-galicia\/#primaryimage"},"image":{"@id":"https:\/\/talkpal.ai\/vi\/bai-tap-ngu-phap-galicia\/#primaryimage"},"thumbnailUrl":"https:\/\/talkpal.ai\/wp-content\/uploads\/2023\/05\/Galician-spain.png","datePublished":"2023-06-21T14:01:18+00:00","dateModified":"2025-12-17T15:58:59+00:00","description":"Th\u1ef1c h\u00e0nh ng\u1eef ph\u00e1p Galicia d\u1ec5 d\u00e0ng \u2014 c\u1ea3i thi\u1ec7n nhanh ch\u00f3ng, tham gia v\u00e0o c\u00e1c b\u00e0i t\u1eadp t\u01b0\u01a1ng t\u00e1c r\u00f5 r\u00e0ng v\u00e0 c\u00f3 \u0111\u01b0\u1ee3c s\u1ef1 t\u1ef1 tin v\u1ec1 ng\u00f4n ng\u1eef","breadcrumb":{"@id":"https:\/\/talkpal.ai\/vi\/bai-tap-ngu-phap-galicia\/#breadcrumb"},"inLanguage":"vi-VN","potentialAction":[{"@type":"ReadAction","target":["https:\/\/talkpal.ai\/vi\/bai-tap-ngu-phap-galicia\/"]}]},{"@type":"ImageObject","inLanguage":"vi-VN","@id":"https:\/\/talkpal.ai\/vi\/bai-tap-ngu-phap-galicia\/#primaryimage","url":"https:\/\/talkpal.ai\/wp-content\/uploads\/2023\/05\/Galician-spain.png","contentUrl":"https:\/\/talkpal.ai\/wp-content\/uploads\/2023\/05\/Galician-spain.png","width":512,"height":512,"caption":"TalkPal Galician Flag"},{"@type":"BreadcrumbList","@id":"https:\/\/talkpal.ai\/vi\/bai-tap-ngu-phap-galicia\/#breadcrumb","itemListElement":[{"@type":"ListItem","position":1,"name":"Homepage","item":"https:\/\/talkpal.ai\/vi\/giao-vien-ngon-ngu-ai-3\/"},{"@type":"ListItem","position":2,"name":"B\u00e0i t\u1eadp ng\u1eef ph\u00e1p Galicia"}]},{"@type":"WebSite","@id":"https:\/\/talkpal.ai\/vi\/#website","url":"https:\/\/talkpal.ai\/vi\/","name":"Talkpal","description":"AI Language Learning","publisher":{"@id":"https:\/\/talkpal.ai\/vi\/#organization"},"alternateName":"Talkpal AI","potentialAction":[{"@type":"SearchAction","target":{"@type":"EntryPoint","urlTemplate":"https:\/\/talkpal.ai\/vi\/?s={search_term_string}"},"query-input":{"@type":"PropertyValueSpecification","valueRequired":true,"valueName":"search_term_string"}}],"inLanguage":"vi-VN"},{"@type":"Organization","@id":"https:\/\/talkpal.ai\/vi\/#organization","name":"Talkpal, Inc.","alternateName":"Talkpal AI","url":"https:\/\/talkpal.ai\/vi\/","logo":{"@type":"ImageObject","inLanguage":"vi-VN","@id":"https:\/\/talkpal.ai\/vi\/#\/schema\/logo\/image\/","url":"https:\/\/talkpal.ai\/wp-content\/uploads\/2024\/03\/Talkpal-Logo-Icon.png","contentUrl":"https:\/\/talkpal.ai\/wp-content\/uploads\/2024\/03\/Talkpal-Logo-Icon.png","width":2880,"height":2880,"caption":"Talkpal, Inc."},"image":{"@id":"https:\/\/talkpal.ai\/vi\/#\/schema\/logo\/image\/"},"sameAs":["https:\/\/www.facebook.com\/profile.php?id=100090733639311","https:\/\/x.com\/talkpalai","https:\/\/www.linkedin.com\/company\/talkpal\/","https:\/\/www.youtube.com\/@TalkPal\/","https:\/\/www.tiktok.com\/@talkpal","https:\/\/www.instagram.com\/talkpal_ai\/","https:\/\/www.crunchbase.com\/organization\/talkpal-9cde","https:\/\/www.g2.com\/products\/talkpal-for-business\/","https:\/\/www.trustpilot.com\/review\/talkpal.ai","https:\/\/www.capterra.com\/p\/10006800\/TalkPal\/"],"description":"Talkpal is a language learning web and mobile education app, powered by the latest AI technologies, that provides engaging experiences to its customers in many different languages to help them improve their language skills. Users can chat about unlimited amount of topics with the app and use other modes to practice their language learning.","email":"support@talkpal.ai","legalName":"Talkpal, Inc.","foundingDate":"2023-04-03","duns":"118989042","numberOfEmployees":{"@type":"QuantitativeValue","minValue":"11","maxValue":"50"},"publishingPrinciples":"https:\/\/talkpal.ai\/publishing-principles\/","actionableFeedbackPolicy":"https:\/\/talkpal.ai\/actionable-feedback-policy\/","correctionsPolicy":"https:\/\/talkpal.ai\/corrections-policy\/","ethicsPolicy":"https:\/\/talkpal.ai\/ethics-policy\/","diversityPolicy":"https:\/\/talkpal.ai\/diversity-policy\/","diversityStaffingReport":"https:\/\/talkpal.ai\/diversity-policy\/"}]}},"_links":{"self":[{"href":"https:\/\/talkpal.ai\/vi\/wp-json\/wp\/v2\/pages\/1447135","targetHints":{"allow":["GET"]}}],"collection":[{"href":"https:\/\/talkpal.ai\/vi\/wp-json\/wp\/v2\/pages"}],"about":[{"href":"https:\/\/talkpal.ai\/vi\/wp-json\/wp\/v2\/types\/page"}],"author":[{"embeddable":true,"href":"https:\/\/talkpal.ai\/vi\/wp-json\/wp\/v2\/users\/6"}],"replies":[{"embeddable":true,"href":"https:\/\/talkpal.ai\/vi\/wp-json\/wp\/v2\/comments?post=1447135"}],"version-history":[{"count":0,"href":"https:\/\/talkpal.ai\/vi\/wp-json\/wp\/v2\/pages\/1447135\/revisions"}],"wp:featuredmedia":[{"embeddable":true,"href":"https:\/\/talkpal.ai\/vi\/wp-json\/wp\/v2\/media\/1442273"}],"wp:attachment":[{"href":"https:\/\/talkpal.ai\/vi\/wp-json\/wp\/v2\/media?parent=1447135"}],"curies":[{"name":"wp","href":"https:\/\/api.w.org\/{rel}","templated":true}]}}