{"id":1447130,"date":"2023-06-16T13:25:56","date_gmt":"2023-06-16T13:25:56","guid":{"rendered":"https:\/\/talkpal.ai\/bai-tap-ngu-phap-tieng-estonia\/"},"modified":"2025-12-17T15:56:55","modified_gmt":"2025-12-17T15:56:55","slug":"bai-tap-ngu-phap-tieng-estonia","status":"publish","type":"page","link":"https:\/\/talkpal.ai\/vi\/bai-tap-ngu-phap-tieng-estonia\/","title":{"rendered":"B\u00e0i t\u1eadp ng\u1eef ph\u00e1p ti\u1ebfng Estonia"},"content":{"rendered":"\r\n\r\n\r\n<section class=\"languageChallengeSection\">\r\n    <div class=\"languageInfoWrapper\">\r\n        \r\n        <h1>B\u00e0i t\u1eadp ng\u1eef ph\u00e1p ti\u1ebfng Estonia<\/h1>\r\n        <p>B\u1ea1n mu\u1ed1n th\u00e0nh th\u1ea1o <a href=\"https:\/\/talkpal.ai\/learn-estonian\/\">ti\u1ebfng Estonia<\/a>? C\u00e1c b\u00e0i t\u1eadp <a href=\"https:\/\/talkpal.ai\/vi\/ngu-phap\/\">ng\u1eef ph\u00e1p<\/a> t\u1eadp trung l\u00e0 c\u00e1ch ho\u00e0n h\u1ea3o \u0111\u1ec3 hi\u1ec3u c\u1ea5u tr\u00fac c\u00e2u, d\u1ea1ng \u0111\u1ed9ng t\u1eeb v\u00e0 c\u00e1c m\u1eabu ch\u00ednh \u0111\u1ed9c \u0111\u00e1o c\u1ee7a <a href=\"https:\/\/talkpal.ai\/learn-estonian\/\">ti\u1ebfng Estonia<\/a>. B\u1eaft \u0111\u1ea7u th\u1ef1c h\u00e0nh <a href=\"https:\/\/talkpal.ai\/estonian-grammar\/\">ng\u1eef ph\u00e1p ti\u1ebfng Estonia<\/a> ngay h\u00f4m nay v\u00e0 xem c\u00e1c k\u1ef9 n\u0103ng v\u00e0 s\u1ef1 t\u1ef1 tin c\u1ee7a b\u1ea1n ph\u00e1t tri\u1ec3n sau m\u1ed7i phi\u00ean!<\/p>\r\n\r\n                            <a class=\"getStartedHidden\" href=\"https:\/\/app.talkpal.ai\/vi\/signup?lng=\">B\u1eaft \u0111\u1ea7u nh\u00e9<\/a>\r\n        \r\n    <\/div>\r\n\r\n    <figure>\r\n    <img decoding=\"async\" width=\"768\" height=\"768\" src=\"https:\/\/talkpal.ai\/wp-content\/uploads\/2023\/06\/Estonian-768x768.png\" class=\"languageImage no-lazy\" alt=\"Secret tricks of language learning\" fetchpriority=\"high\" sizes=\"(max-width: 768px) 150px, 768px\" srcset=\"https:\/\/talkpal.ai\/wp-content\/uploads\/2023\/06\/Estonian-768x768.png 768w, https:\/\/talkpal.ai\/wp-content\/uploads\/2023\/06\/Estonian-300x300.png 300w\" \/>\r\n    \r\n\r\n    <\/figure>\r\n\r\n            <a class=\"getStartedVisible\" href=\"https:\/\/app.talkpal.ai\/vi\/signup?lng=\">B\u1eaft \u0111\u1ea7u nh\u00e9<\/a>\r\n    \r\n<\/section>\r\n\r\n\r\n<!-- <section class=\"grammarSection\">\r\n    <div class=\"grammarLinks\">\r\n            <\/div>\r\n<\/section> -->\r\n\r\n\r\n\r\n\r\n<section class=\"promotionalBanner\">\r\n    <p class=\"promotionalText\">C\u00e1ch hi\u1ec7u qu\u1ea3 nh\u1ea5t \u0111\u1ec3 h\u1ecdc m\u1ed9t <a href=\"https:\/\/talkpal.ai\/vi\/hoc-ngon-ngu-cho-cac-truong-ngon-ngu\/\">ng\u00f4n ng\u1eef<\/a><\/p>\r\n    <a class=\"promotionalLink\" href=\"https:\/\/app.talkpal.ai\/vi\/signup?lng=\">D\u00f9ng th\u1eed Talkpal mi\u1ec5n ph\u00ed<\/a>\r\n<\/section>\n<div class=\"wp-block-group pageContainerStyle\"><div class=\"wp-block-group__inner-container is-layout-constrained wp-block-group-is-layout-constrained\">\n<h2 class=\"wp-block-heading\" id=\"h-estonian-grammar-topics\">Ch\u1ee7 \u0111\u1ec1 ng\u1eef ph\u00e1p ti\u1ebfng Estonia<\/h2>\n\n\n\n<p>H\u1ecdc m\u1ed9t ng\u00f4n ng\u1eef m\u1edbi c\u00f3 th\u1ec3 l\u00e0 m\u1ed9t h\u00e0nh tr\u00ecnh th\u00fa v\u1ecb v\u00e0 b\u1ed5 \u00edch, m\u1edf ra nh\u1eefng c\u01a1 h\u1ed9i m\u1edbi \u0111\u1ec3 ph\u00e1t tri\u1ec3n c\u00e1 nh\u00e2n, kh\u00e1m ph\u00e1 v\u0103n h\u00f3a v\u00e0 th\u0103ng ti\u1ebfn ngh\u1ec1 nghi\u1ec7p. Ti\u1ebfng <a href=\"https:\/\/talkpal.ai\/locations\/language-courses-in-estonia\/\">Estonia<\/a>, l\u00e0 m\u1ed9t ng\u00f4n ng\u1eef Uralic, mang \u0111\u1ebfn tr\u1ea3i nghi\u1ec7m ng\u00f4n ng\u1eef \u0111\u1ed9c \u0111\u00e1o v\u00e0 h\u1ea5p d\u1eabn cho nh\u1eefng ng\u01b0\u1eddi h\u1ecdc c\u00f3 th\u1ec3 quen thu\u1ed9c h\u01a1n v\u1edbi c\u00e1c ng\u00f4n ng\u1eef \u1ea4n-\u00c2u. V\u1edbi h\u1ec7 th\u1ed1ng ng\u1eef ph\u00e1p ph\u1ee9c t\u1ea1p v\u00e0 v\u1ed1n <a href=\"https:\/\/talkpal.ai\/vi\/tu-vung-tieng-anh\/\">t\u1eeb v\u1ef1ng<\/a> phong ph\u00fa, ti\u1ebfng Estonia mang \u0111\u1ebfn m\u1ed9t c\u01a1 h\u1ed9i \u0111\u1ea7y th\u1eed th\u00e1ch v\u00e0 h\u1ea5p d\u1eabn cho <a href=\"https:\/\/talkpal.ai\/talkpal-discount-for-language-enthusiasts\/\">nh\u1eefng ng\u01b0\u1eddi \u0111am m\u00ea ng\u00f4n ng\u1eef<\/a>. \u0110\u1ec3 t\u1eadn d\u1ee5ng t\u1ed1i \u0111a vi\u1ec7c <a href=\"https:\/\/talkpal.ai\/vi\/hoc-tieng-han-truc-tuyen-voi-ai\/\">h\u1ecdc ti\u1ebfng<\/a> Estonia c\u1ee7a b\u1ea1n, \u0111i\u1ec1u c\u1ea7n thi\u1ebft l\u00e0 ph\u1ea3i c\u00f3 m\u1ed9t c\u00e1ch ti\u1ebfp c\u1eadn c\u00f3 c\u1ea5u tr\u00fac, t\u1eadp trung v\u00e0o c\u00e1c ch\u1ee7 \u0111\u1ec1 ng\u1eef ph\u00e1p c\u1ee7a n\u00f3 theo tr\u00ecnh t\u1ef1 gi\u00fap b\u1ea1n x\u00e2y d\u1ef1ng n\u1ec1n t\u1ea3ng v\u1eefng ch\u1eafc v\u00e0 d\u1ea7n d\u1ea7n n\u00e2ng cao k\u1ef9 n\u0103ng c\u1ee7a m\u00ecnh.<\/p>\n\n\n\n<h3 class=\"wp-block-heading\" id=\"h-1-nouns-and-pronouns-determiners\">1. Danh t\u1eeb v\u00e0 \u0111\u1ea1i t\u1eeb\/t\u1eeb x\u00e1c \u0111\u1ecbnh:<\/h3>\n\n\n\n<p>B\u1eaft \u0111\u1ea7u b\u1eb1ng c\u00e1ch t\u00ecm hi\u1ec3u nh\u1eefng \u0111i\u1ec1u c\u01a1 b\u1ea3n v\u1ec1 danh t\u1eeb ti\u1ebfng Estonia, bao g\u1ed3m c\u1ea3 s\u1ef1 bi\u1ebfn d\u1ea1ng v\u00e0 tr\u01b0\u1eddng h\u1ee3p c\u1ee7a ch\u00fang. L\u00e0m quen v\u1edbi c\u00e1c \u0111\u1ea1i t\u1eeb v\u00e0 t\u1eeb quy\u1ebft \u0111\u1ecbnh c\u00f3 c\u00f9ng d\u1ea1ng v\u1edbi danh t\u1eeb, v\u00ec ch\u00fang r\u1ea5t c\u1ea7n thi\u1ebft \u0111\u1ec3 x\u00e2y d\u1ef1ng c\u00e1c c\u00e2u \u0111\u01a1n gi\u1ea3n.<\/p>\n\n\n\n<h3 class=\"wp-block-heading\" id=\"h-2-adjectives-and-adverbs\">2. T\u00ednh t\u1eeb v\u00e0 tr\u1ea1ng t\u1eeb:<\/h3>\n\n\n\n<p>Chuy\u1ec3n sang t\u00ednh t\u1eeb, t\u00ecm hi\u1ec3u c\u00e1ch ch\u00fang \u0111\u1ed3ng \u00fd v\u1edbi c\u00e1c danh t\u1eeb m\u00e0 ch\u00fang s\u1eeda \u0111\u1ed5i v\u00e0 l\u00e0m th\u1ebf n\u00e0o \u0111\u1ec3 t\u1eeb ch\u1ed1i ch\u00fang. Tr\u1ea1ng t\u1eeb, cung c\u1ea5p th\u00f4ng tin b\u1ed5 sung v\u1ec1 \u0111\u1ed9ng t\u1eeb, t\u00ednh t\u1eeb v\u00e0 c\u00e1c tr\u1ea1ng t\u1eeb kh\u00e1c, s\u1ebd gi\u00fap b\u1ea1n t\u1ea1o ra c\u00e1c c\u00e2u ph\u1ee9c t\u1ea1p v\u00e0 m\u00f4 t\u1ea3 h\u01a1n.<\/p>\n\n\n\n<h3 class=\"wp-block-heading\" id=\"h-3-verbs\">3. \u0110\u1ed9ng t\u1eeb:<\/h3>\n\n\n\n<p>Chia \u0111\u1ed9ng t\u1eeb ti\u1ebfng Estonia c\u00f3 th\u1ec3 ph\u1ee9c t\u1ea1p, nh\u01b0ng n\u00f3 r\u1ea5t c\u1ea7n thi\u1ebft \u0111\u1ec3 th\u00e0nh th\u1ea1o ng\u00f4n ng\u1eef. Nghi\u00ean c\u1ee9u c\u00e1c lo\u1ea1i \u0111\u1ed9ng t\u1eeb kh\u00e1c nhau, ki\u1ec3u chia \u0111\u1ed9ng t\u1eeb c\u1ee7a ch\u00fang v\u00e0 c\u00e1c th\u00ec kh\u00e1c nhau \u0111\u1ec3 th\u1ec3 hi\u1ec7n c\u00e1c h\u00e0nh \u0111\u1ed9ng v\u00e0 s\u1ef1 ki\u1ec7n trong hi\u1ec7n t\u1ea1i, qu\u00e1 kh\u1ee9 v\u00e0 t\u01b0\u01a1ng lai.<\/p>\n\n\n\n<h3 class=\"wp-block-heading\" id=\"h-4-tenses-and-tense-comparison\">4. So s\u00e1nh th\u00ec v\u00e0 th\u00ec:<\/h3>\n\n\n\n<p>Hi\u1ec3u s\u00e2u h\u01a1n v\u1ec1 th\u00ec b\u1eb1ng c\u00e1ch so s\u00e1nh c\u00e1ch s\u1eed d\u1ee5ng ch\u00fang trong c\u00e1c ng\u1eef c\u1ea3nh kh\u00e1c nhau. \u0110i\u1ec1u n\u00e0y s\u1ebd gi\u00fap b\u1ea1n ch\u1ecdn th\u00ec th\u00edch h\u1ee3p \u0111\u1ec3 truy\u1ec1n \u0111\u1ea1t \u00fd ngh\u0129a d\u1ef1 \u0111\u1ecbnh c\u1ee7a m\u00ecnh m\u1ed9t c\u00e1ch ch\u00ednh x\u00e1c.<\/p>\n\n\n\n<h3 class=\"wp-block-heading\" id=\"h-5-progressive-and-perfect-progressive\">5. Ti\u1ebfn b\u1ed9 v\u00e0 Ti\u1ebfn b\u1ed9 ho\u00e0n h\u1ea3o:<\/h3>\n\n\n\n<p>Nh\u1eefng kh\u00eda c\u1ea1nh n\u00e0y c\u1ee7a \u0111\u1ed9ng t\u1eeb ti\u1ebfng Estonia th\u1ec3 hi\u1ec7n c\u00e1c h\u00e0nh \u0111\u1ed9ng li\u00ean t\u1ee5c ho\u1eb7c li\u00ean t\u1ee5c. T\u00ecm hi\u1ec3u c\u00e1ch h\u00ecnh th\u00e0nh v\u00e0 s\u1eed d\u1ee5ng ch\u00fang \u0111\u1ec3 th\u00eam s\u1eafc th\u00e1i cho giao ti\u1ebfp c\u1ee7a b\u1ea1n.<\/p>\n\n\n\n<h3 class=\"wp-block-heading\" id=\"h-6-articles\">6. B\u00e0i vi\u1ebft:<\/h3>\n\n\n\n<p>Ti\u1ebfng Estonia kh\u00f4ng c\u00f3 m\u1ea1o t\u1eeb x\u00e1c \u0111\u1ecbnh ho\u1eb7c kh\u00f4ng x\u00e1c \u0111\u1ecbnh nh\u01b0 ti\u1ebfng Anh, nh\u01b0ng \u0111i\u1ec1u c\u1ea7n thi\u1ebft l\u00e0 ph\u1ea3i hi\u1ec3u c\u00e1ch truy\u1ec1n \u0111\u1ea1t c\u00f9ng m\u1ed9t ngh\u0129a b\u1eb1ng c\u00e1ch s\u1eed d\u1ee5ng c\u00e1c c\u00f4ng c\u1ee5 ng\u00f4n ng\u1eef kh\u00e1c.<\/p>\n\n\n\n<h3 class=\"wp-block-heading\" id=\"h-7-prepositions\">7. Gi\u1edbi t\u1eeb:<\/h3>\n\n\n\n<p>H\u1ecdc gi\u1edbi t\u1eeb ti\u1ebfng Estonia \u0111\u1ec3 th\u1ec3 hi\u1ec7n m\u1ed1i quan h\u1ec7 gi\u1eefa c\u00e1c t\u1eeb trong c\u00e2u, ch\u1eb3ng h\u1ea1n nh\u01b0 v\u1ecb tr\u00ed, h\u01b0\u1edbng v\u00e0 th\u1eddi gian.<\/p>\n\n\n\n<h3 class=\"wp-block-heading\" id=\"h-8-conditionals\">8. \u0110i\u1ec1u ki\u1ec7n:<\/h3>\n\n\n\n<p>N\u1eafm v\u1eefng t\u00e2m tr\u1ea1ng c\u00f3 \u0111i\u1ec1u ki\u1ec7n \u0111\u1ec3 th\u1ec3 hi\u1ec7n c\u00e1c t\u00ecnh hu\u1ed1ng ho\u1eb7c h\u00e0nh \u0111\u1ed9ng gi\u1ea3 \u0111\u1ecbnh t\u00f9y thu\u1ed9c v\u00e0o c\u00e1c \u0111i\u1ec1u ki\u1ec7n c\u1ee5 th\u1ec3.<\/p>\n\n\n\n<h3 class=\"wp-block-heading\" id=\"h-9-sentences\">9. C\u00e2u:<\/h3>\n\n\n\n<p>Cu\u1ed1i c\u00f9ng, th\u1ef1c h\u00e0nh x\u00e2y d\u1ef1ng c\u00e1c lo\u1ea1i c\u00e2u kh\u00e1c nhau &#8211; \u0111\u01a1n gi\u1ea3n, gh\u00e9p v\u00e0 ph\u1ee9c t\u1ea1p &#8211; b\u1eb1ng c\u00e1ch s\u1eed d\u1ee5ng t\u1ea5t c\u1ea3 c\u00e1c ch\u1ee7 \u0111\u1ec1 ng\u1eef ph\u00e1p b\u1ea1n \u0111\u00e3 h\u1ecdc. \u0110i\u1ec1u n\u00e0y s\u1ebd gi\u00fap b\u1ea1n tr\u1edf n\u00ean th\u00f4ng th\u1ea1o v\u00e0 t\u1ef1 tin h\u01a1n v\u1ec1 k\u1ef9 n\u0103ng giao ti\u1ebfp ti\u1ebfng Estonia c\u1ee7a m\u00ecnh.<\/p>\n<\/div><\/div>\n\r\n<section class=\"learnNavigationSection\">\r\n            \r\n        <a href=\"https:\/\/talkpal.ai\/vi\/hoc-tieng-estonia\/\">\r\n            <div class=\"learnNavigationWrapper\">\r\n                <div class=\"learnNavigationContent\">\r\n                    <img decoding=\"async\" src=\"https:\/\/talkpal.ai\/wp-content\/uploads\/2024\/08\/Estonian.jpg\" alt=\"Estonian Flag\">\r\n                    <div>\r\n                        <h4>Gi\u1edbi thi\u1ec7u v\u1ec1 Estonian Learning<\/h4>\r\n                        <p>T\u00ecm hi\u1ec3u t\u1ea5t c\u1ea3 v\u1ec1 ng\u1eef ph\u00e1p ti\u1ebfng Estonia.<\/p>\r\n                    <\/div>\r\n                <\/div>\r\n            <\/div>\r\n        <\/a>\r\n\r\n        \r\n        <a href=\"https:\/\/talkpal.ai\/vi\/ngu-phap-tieng-estonia\/\">\r\n            <div class=\"learnNavigationWrapper\">\r\n                <div class=\"learnNavigationContent\">\r\n                    <img decoding=\"async\" src=\"https:\/\/talkpal.ai\/wp-content\/uploads\/2024\/08\/Estonian.jpg\" alt=\"Estonian Flag\">\r\n                    <div>\r\n                        <h4>B\u00e0i h\u1ecdc ng\u1eef ph\u00e1p ti\u1ebfng Estonia<\/h4>\r\n                        <p>Th\u1ef1c h\u00e0nh ng\u1eef ph\u00e1p ti\u1ebfng Estonia.<\/p>\r\n                    <\/div>\r\n                <\/div>\r\n            <\/div>\r\n        <\/a>\r\n\r\n        \r\n        <a href=\"https:\/\/talkpal.ai\/vocabulary_language\/estonian\/\">\r\n            <div class=\"learnNavigationWrapper\">\r\n                <div class=\"learnNavigationContent\">\r\n                    <img decoding=\"async\" src=\"https:\/\/talkpal.ai\/wp-content\/uploads\/2024\/08\/Estonian.jpg\" alt=\"Estonian Flag\">\r\n                    <div>\r\n                        <h4>T\u1eeb v\u1ef1ng ti\u1ebfng Estonia<\/h4>\r\n                        <p>M\u1edf r\u1ed9ng v\u1ed1n t\u1eeb v\u1ef1ng ti\u1ebfng Estonia c\u1ee7a b\u1ea1n.<\/p>\r\n                    <\/div>\r\n                <\/div>\r\n            <\/div>\r\n        <\/a>\r\n\r\n            <\/section>","protected":false},"excerpt":{"rendered":"<p>Ch\u1ee7 \u0111\u1ec1 ng\u1eef ph\u00e1p ti\u1ebfng Estonia H\u1ecdc m\u1ed9t ng\u00f4n ng\u1eef m\u1edbi c\u00f3 th\u1ec3 l\u00e0 m\u1ed9t h\u00e0nh tr\u00ecnh th\u00fa v\u1ecb v\u00e0 b\u1ed5 \u00edch, m\u1edf ra nh\u1eefng c\u01a1 h\u1ed9i m\u1edbi \u0111\u1ec3 ph\u00e1t tri\u1ec3n c\u00e1 nh\u00e2n, kh\u00e1m ph\u00e1 v\u0103n h\u00f3a v\u00e0 th\u0103ng ti\u1ebfn ngh\u1ec1 nghi\u1ec7p. Ti\u1ebfng Estonia, l\u00e0 m\u1ed9t ng\u00f4n ng\u1eef Uralic, mang \u0111\u1ebfn tr\u1ea3i nghi\u1ec7m ng\u00f4n ng\u1eef [&hellip;]<\/p>\n","protected":false},"author":6,"featured_media":1442225,"parent":0,"menu_order":0,"comment_status":"closed","ping_status":"closed","template":"LearningContentPage.php","meta":{"_acf_changed":false,"footnotes":""},"class_list":["post-1447130","page","type-page","status-publish","has-post-thumbnail","hentry"],"acf":[],"yoast_head":"<!-- This site is optimized with the Yoast SEO Premium plugin v27.2 (Yoast SEO v27.2) - https:\/\/yoast.com\/product\/yoast-seo-premium-wordpress\/ -->\n<title>B\u00e0i t\u1eadp ng\u1eef ph\u00e1p ti\u1ebfng Estonia - Talkpal<\/title>\n<meta name=\"description\" content=\"Th\u1ef1c h\u00e0nh ng\u1eef ph\u00e1p ti\u1ebfng Estonia v\u1edbi c\u00e1c b\u00e0i t\u1eadp t\u01b0\u01a1ng t\u00e1c \u0111\u01b0\u1ee3c thi\u1ebft k\u1ebf \u0111\u1ec3 c\u1ea3i thi\u1ec7n k\u1ef9 n\u0103ng ng\u00f4n ng\u1eef c\u1ee7a b\u1ea1n m\u1ed9t c\u00e1ch nhanh ch\u00f3ng v\u00e0 hi\u1ec7u qu\u1ea3.\" \/>\n<meta name=\"robots\" content=\"index, follow, max-snippet:-1, max-image-preview:large, max-video-preview:-1\" \/>\n<link rel=\"canonical\" href=\"https:\/\/talkpal.ai\/vi\/bai-tap-ngu-phap-tieng-estonia\/\" \/>\n<meta property=\"og:locale\" content=\"vi_VN\" \/>\n<meta property=\"og:type\" content=\"article\" \/>\n<meta property=\"og:title\" content=\"B\u00e0i t\u1eadp ng\u1eef ph\u00e1p ti\u1ebfng Estonia\" \/>\n<meta property=\"og:description\" content=\"Ch\u1ee7 \u0111\u1ec1 ng\u1eef ph\u00e1p ti\u1ebfng Estonia H\u1ecdc m\u1ed9t ng\u00f4n ng\u1eef m\u1edbi c\u00f3 th\u1ec3 l\u00e0 m\u1ed9t h\u00e0nh tr\u00ecnh th\u00fa v\u1ecb v\u00e0 b\u1ed5 \u00edch, m\u1edf ra nh\u1eefng c\u01a1 h\u1ed9i m\u1edbi \u0111\u1ec3 ph\u00e1t tri\u1ec3n c\u00e1 nh\u00e2n, kh\u00e1m ph\u00e1 v\u0103n\" \/>\n<meta property=\"og:url\" content=\"https:\/\/talkpal.ai\/vi\/bai-tap-ngu-phap-tieng-estonia\/\" \/>\n<meta property=\"og:site_name\" content=\"Talkpal\" \/>\n<meta property=\"article:publisher\" content=\"https:\/\/www.facebook.com\/profile.php?id=100090733639311\" \/>\n<meta property=\"article:modified_time\" content=\"2025-12-17T15:56:55+00:00\" \/>\n<meta property=\"og:image\" content=\"https:\/\/talkpal.ai\/wp-content\/uploads\/2023\/05\/estonia.png\" \/>\n\t<meta property=\"og:image:width\" content=\"512\" \/>\n\t<meta property=\"og:image:height\" content=\"512\" \/>\n\t<meta property=\"og:image:type\" content=\"image\/png\" \/>\n<meta name=\"twitter:card\" content=\"summary_large_image\" \/>\n<meta name=\"twitter:site\" content=\"@talkpalai\" \/>\n<meta name=\"twitter:label1\" content=\"Est. reading time\" \/>\n\t<meta name=\"twitter:data1\" content=\"5 minutes\" \/>\n<script type=\"application\/ld+json\" class=\"yoast-schema-graph\">{\"@context\":\"https:\/\/schema.org\",\"@graph\":[{\"@type\":\"WebPage\",\"@id\":\"https:\/\/talkpal.ai\/vi\/bai-tap-ngu-phap-tieng-estonia\/\",\"url\":\"https:\/\/talkpal.ai\/vi\/bai-tap-ngu-phap-tieng-estonia\/\",\"name\":\"B\u00e0i t\u1eadp ng\u1eef ph\u00e1p ti\u1ebfng Estonia - Talkpal\",\"isPartOf\":{\"@id\":\"https:\/\/talkpal.ai\/vi\/#website\"},\"primaryImageOfPage\":{\"@id\":\"https:\/\/talkpal.ai\/vi\/bai-tap-ngu-phap-tieng-estonia\/#primaryimage\"},\"image\":{\"@id\":\"https:\/\/talkpal.ai\/vi\/bai-tap-ngu-phap-tieng-estonia\/#primaryimage\"},\"thumbnailUrl\":\"https:\/\/talkpal.ai\/wp-content\/uploads\/2023\/05\/estonia.png\",\"datePublished\":\"2023-06-16T13:25:56+00:00\",\"dateModified\":\"2025-12-17T15:56:55+00:00\",\"description\":\"Th\u1ef1c h\u00e0nh ng\u1eef ph\u00e1p ti\u1ebfng Estonia v\u1edbi c\u00e1c b\u00e0i t\u1eadp t\u01b0\u01a1ng t\u00e1c \u0111\u01b0\u1ee3c thi\u1ebft k\u1ebf \u0111\u1ec3 c\u1ea3i thi\u1ec7n k\u1ef9 n\u0103ng ng\u00f4n ng\u1eef c\u1ee7a b\u1ea1n m\u1ed9t c\u00e1ch nhanh ch\u00f3ng v\u00e0 hi\u1ec7u qu\u1ea3.\",\"breadcrumb\":{\"@id\":\"https:\/\/talkpal.ai\/vi\/bai-tap-ngu-phap-tieng-estonia\/#breadcrumb\"},\"inLanguage\":\"vi-VN\",\"potentialAction\":[{\"@type\":\"ReadAction\",\"target\":[\"https:\/\/talkpal.ai\/vi\/bai-tap-ngu-phap-tieng-estonia\/\"]}]},{\"@type\":\"ImageObject\",\"inLanguage\":\"vi-VN\",\"@id\":\"https:\/\/talkpal.ai\/vi\/bai-tap-ngu-phap-tieng-estonia\/#primaryimage\",\"url\":\"https:\/\/talkpal.ai\/wp-content\/uploads\/2023\/05\/estonia.png\",\"contentUrl\":\"https:\/\/talkpal.ai\/wp-content\/uploads\/2023\/05\/estonia.png\",\"width\":512,\"height\":512,\"caption\":\"TalkPal Estonia Flag\"},{\"@type\":\"BreadcrumbList\",\"@id\":\"https:\/\/talkpal.ai\/vi\/bai-tap-ngu-phap-tieng-estonia\/#breadcrumb\",\"itemListElement\":[{\"@type\":\"ListItem\",\"position\":1,\"name\":\"Homepage\",\"item\":\"https:\/\/talkpal.ai\/vi\/giao-vien-ngon-ngu-ai-3\/\"},{\"@type\":\"ListItem\",\"position\":2,\"name\":\"B\u00e0i t\u1eadp ng\u1eef ph\u00e1p ti\u1ebfng Estonia\"}]},{\"@type\":\"WebSite\",\"@id\":\"https:\/\/talkpal.ai\/vi\/#website\",\"url\":\"https:\/\/talkpal.ai\/vi\/\",\"name\":\"Talkpal\",\"description\":\"AI Language Learning\",\"publisher\":{\"@id\":\"https:\/\/talkpal.ai\/vi\/#organization\"},\"alternateName\":\"Talkpal AI\",\"potentialAction\":[{\"@type\":\"SearchAction\",\"target\":{\"@type\":\"EntryPoint\",\"urlTemplate\":\"https:\/\/talkpal.ai\/vi\/?s={search_term_string}\"},\"query-input\":{\"@type\":\"PropertyValueSpecification\",\"valueRequired\":true,\"valueName\":\"search_term_string\"}}],\"inLanguage\":\"vi-VN\"},{\"@type\":\"Organization\",\"@id\":\"https:\/\/talkpal.ai\/vi\/#organization\",\"name\":\"Talkpal, Inc.\",\"alternateName\":\"Talkpal AI\",\"url\":\"https:\/\/talkpal.ai\/vi\/\",\"logo\":{\"@type\":\"ImageObject\",\"inLanguage\":\"vi-VN\",\"@id\":\"https:\/\/talkpal.ai\/vi\/#\/schema\/logo\/image\/\",\"url\":\"https:\/\/talkpal.ai\/wp-content\/uploads\/2024\/03\/Talkpal-Logo-Icon.png\",\"contentUrl\":\"https:\/\/talkpal.ai\/wp-content\/uploads\/2024\/03\/Talkpal-Logo-Icon.png\",\"width\":2880,\"height\":2880,\"caption\":\"Talkpal, Inc.\"},\"image\":{\"@id\":\"https:\/\/talkpal.ai\/vi\/#\/schema\/logo\/image\/\"},\"sameAs\":[\"https:\/\/www.facebook.com\/profile.php?id=100090733639311\",\"https:\/\/x.com\/talkpalai\",\"https:\/\/www.linkedin.com\/company\/talkpal\/\",\"https:\/\/www.youtube.com\/@TalkPal\/\",\"https:\/\/www.tiktok.com\/@talkpal\",\"https:\/\/www.instagram.com\/talkpal_ai\/\",\"https:\/\/www.crunchbase.com\/organization\/talkpal-9cde\",\"https:\/\/www.g2.com\/products\/talkpal-for-business\/\",\"https:\/\/www.trustpilot.com\/review\/talkpal.ai\",\"https:\/\/www.capterra.com\/p\/10006800\/TalkPal\/\"],\"description\":\"Talkpal is a language learning web and mobile education app, powered by the latest AI technologies, that provides engaging experiences to its customers in many different languages to help them improve their language skills. Users can chat about unlimited amount of topics with the app and use other modes to practice their language learning.\",\"email\":\"support@talkpal.ai\",\"legalName\":\"Talkpal, Inc.\",\"foundingDate\":\"2023-04-03\",\"duns\":\"118989042\",\"numberOfEmployees\":{\"@type\":\"QuantitativeValue\",\"minValue\":\"11\",\"maxValue\":\"50\"},\"publishingPrinciples\":\"https:\/\/talkpal.ai\/publishing-principles\/\",\"actionableFeedbackPolicy\":\"https:\/\/talkpal.ai\/actionable-feedback-policy\/\",\"correctionsPolicy\":\"https:\/\/talkpal.ai\/corrections-policy\/\",\"ethicsPolicy\":\"https:\/\/talkpal.ai\/ethics-policy\/\",\"diversityPolicy\":\"https:\/\/talkpal.ai\/diversity-policy\/\",\"diversityStaffingReport\":\"https:\/\/talkpal.ai\/diversity-policy\/\"}]}<\/script>\n<!-- \/ Yoast SEO Premium plugin. -->","yoast_head_json":{"title":"B\u00e0i t\u1eadp ng\u1eef ph\u00e1p ti\u1ebfng Estonia - Talkpal","description":"Th\u1ef1c h\u00e0nh ng\u1eef ph\u00e1p ti\u1ebfng Estonia v\u1edbi c\u00e1c b\u00e0i t\u1eadp t\u01b0\u01a1ng t\u00e1c \u0111\u01b0\u1ee3c thi\u1ebft k\u1ebf \u0111\u1ec3 c\u1ea3i thi\u1ec7n k\u1ef9 n\u0103ng ng\u00f4n ng\u1eef c\u1ee7a b\u1ea1n m\u1ed9t c\u00e1ch nhanh ch\u00f3ng v\u00e0 hi\u1ec7u qu\u1ea3.","robots":{"index":"index","follow":"follow","max-snippet":"max-snippet:-1","max-image-preview":"max-image-preview:large","max-video-preview":"max-video-preview:-1"},"canonical":"https:\/\/talkpal.ai\/vi\/bai-tap-ngu-phap-tieng-estonia\/","og_locale":"vi_VN","og_type":"article","og_title":"B\u00e0i t\u1eadp ng\u1eef ph\u00e1p ti\u1ebfng Estonia","og_description":"Ch\u1ee7 \u0111\u1ec1 ng\u1eef ph\u00e1p ti\u1ebfng Estonia H\u1ecdc m\u1ed9t ng\u00f4n ng\u1eef m\u1edbi c\u00f3 th\u1ec3 l\u00e0 m\u1ed9t h\u00e0nh tr\u00ecnh th\u00fa v\u1ecb v\u00e0 b\u1ed5 \u00edch, m\u1edf ra nh\u1eefng c\u01a1 h\u1ed9i m\u1edbi \u0111\u1ec3 ph\u00e1t tri\u1ec3n c\u00e1 nh\u00e2n, kh\u00e1m ph\u00e1 v\u0103n","og_url":"https:\/\/talkpal.ai\/vi\/bai-tap-ngu-phap-tieng-estonia\/","og_site_name":"Talkpal","article_publisher":"https:\/\/www.facebook.com\/profile.php?id=100090733639311","article_modified_time":"2025-12-17T15:56:55+00:00","og_image":[{"width":512,"height":512,"url":"https:\/\/talkpal.ai\/wp-content\/uploads\/2023\/05\/estonia.png","type":"image\/png"}],"twitter_card":"summary_large_image","twitter_site":"@talkpalai","twitter_misc":{"Est. reading time":"5 minutes"},"schema":{"@context":"https:\/\/schema.org","@graph":[{"@type":"WebPage","@id":"https:\/\/talkpal.ai\/vi\/bai-tap-ngu-phap-tieng-estonia\/","url":"https:\/\/talkpal.ai\/vi\/bai-tap-ngu-phap-tieng-estonia\/","name":"B\u00e0i t\u1eadp ng\u1eef ph\u00e1p ti\u1ebfng Estonia - Talkpal","isPartOf":{"@id":"https:\/\/talkpal.ai\/vi\/#website"},"primaryImageOfPage":{"@id":"https:\/\/talkpal.ai\/vi\/bai-tap-ngu-phap-tieng-estonia\/#primaryimage"},"image":{"@id":"https:\/\/talkpal.ai\/vi\/bai-tap-ngu-phap-tieng-estonia\/#primaryimage"},"thumbnailUrl":"https:\/\/talkpal.ai\/wp-content\/uploads\/2023\/05\/estonia.png","datePublished":"2023-06-16T13:25:56+00:00","dateModified":"2025-12-17T15:56:55+00:00","description":"Th\u1ef1c h\u00e0nh ng\u1eef ph\u00e1p ti\u1ebfng Estonia v\u1edbi c\u00e1c b\u00e0i t\u1eadp t\u01b0\u01a1ng t\u00e1c \u0111\u01b0\u1ee3c thi\u1ebft k\u1ebf \u0111\u1ec3 c\u1ea3i thi\u1ec7n k\u1ef9 n\u0103ng ng\u00f4n ng\u1eef c\u1ee7a b\u1ea1n m\u1ed9t c\u00e1ch nhanh ch\u00f3ng v\u00e0 hi\u1ec7u qu\u1ea3.","breadcrumb":{"@id":"https:\/\/talkpal.ai\/vi\/bai-tap-ngu-phap-tieng-estonia\/#breadcrumb"},"inLanguage":"vi-VN","potentialAction":[{"@type":"ReadAction","target":["https:\/\/talkpal.ai\/vi\/bai-tap-ngu-phap-tieng-estonia\/"]}]},{"@type":"ImageObject","inLanguage":"vi-VN","@id":"https:\/\/talkpal.ai\/vi\/bai-tap-ngu-phap-tieng-estonia\/#primaryimage","url":"https:\/\/talkpal.ai\/wp-content\/uploads\/2023\/05\/estonia.png","contentUrl":"https:\/\/talkpal.ai\/wp-content\/uploads\/2023\/05\/estonia.png","width":512,"height":512,"caption":"TalkPal Estonia Flag"},{"@type":"BreadcrumbList","@id":"https:\/\/talkpal.ai\/vi\/bai-tap-ngu-phap-tieng-estonia\/#breadcrumb","itemListElement":[{"@type":"ListItem","position":1,"name":"Homepage","item":"https:\/\/talkpal.ai\/vi\/giao-vien-ngon-ngu-ai-3\/"},{"@type":"ListItem","position":2,"name":"B\u00e0i t\u1eadp ng\u1eef ph\u00e1p ti\u1ebfng Estonia"}]},{"@type":"WebSite","@id":"https:\/\/talkpal.ai\/vi\/#website","url":"https:\/\/talkpal.ai\/vi\/","name":"Talkpal","description":"AI Language Learning","publisher":{"@id":"https:\/\/talkpal.ai\/vi\/#organization"},"alternateName":"Talkpal AI","potentialAction":[{"@type":"SearchAction","target":{"@type":"EntryPoint","urlTemplate":"https:\/\/talkpal.ai\/vi\/?s={search_term_string}"},"query-input":{"@type":"PropertyValueSpecification","valueRequired":true,"valueName":"search_term_string"}}],"inLanguage":"vi-VN"},{"@type":"Organization","@id":"https:\/\/talkpal.ai\/vi\/#organization","name":"Talkpal, Inc.","alternateName":"Talkpal AI","url":"https:\/\/talkpal.ai\/vi\/","logo":{"@type":"ImageObject","inLanguage":"vi-VN","@id":"https:\/\/talkpal.ai\/vi\/#\/schema\/logo\/image\/","url":"https:\/\/talkpal.ai\/wp-content\/uploads\/2024\/03\/Talkpal-Logo-Icon.png","contentUrl":"https:\/\/talkpal.ai\/wp-content\/uploads\/2024\/03\/Talkpal-Logo-Icon.png","width":2880,"height":2880,"caption":"Talkpal, Inc."},"image":{"@id":"https:\/\/talkpal.ai\/vi\/#\/schema\/logo\/image\/"},"sameAs":["https:\/\/www.facebook.com\/profile.php?id=100090733639311","https:\/\/x.com\/talkpalai","https:\/\/www.linkedin.com\/company\/talkpal\/","https:\/\/www.youtube.com\/@TalkPal\/","https:\/\/www.tiktok.com\/@talkpal","https:\/\/www.instagram.com\/talkpal_ai\/","https:\/\/www.crunchbase.com\/organization\/talkpal-9cde","https:\/\/www.g2.com\/products\/talkpal-for-business\/","https:\/\/www.trustpilot.com\/review\/talkpal.ai","https:\/\/www.capterra.com\/p\/10006800\/TalkPal\/"],"description":"Talkpal is a language learning web and mobile education app, powered by the latest AI technologies, that provides engaging experiences to its customers in many different languages to help them improve their language skills. Users can chat about unlimited amount of topics with the app and use other modes to practice their language learning.","email":"support@talkpal.ai","legalName":"Talkpal, Inc.","foundingDate":"2023-04-03","duns":"118989042","numberOfEmployees":{"@type":"QuantitativeValue","minValue":"11","maxValue":"50"},"publishingPrinciples":"https:\/\/talkpal.ai\/publishing-principles\/","actionableFeedbackPolicy":"https:\/\/talkpal.ai\/actionable-feedback-policy\/","correctionsPolicy":"https:\/\/talkpal.ai\/corrections-policy\/","ethicsPolicy":"https:\/\/talkpal.ai\/ethics-policy\/","diversityPolicy":"https:\/\/talkpal.ai\/diversity-policy\/","diversityStaffingReport":"https:\/\/talkpal.ai\/diversity-policy\/"}]}},"_links":{"self":[{"href":"https:\/\/talkpal.ai\/vi\/wp-json\/wp\/v2\/pages\/1447130","targetHints":{"allow":["GET"]}}],"collection":[{"href":"https:\/\/talkpal.ai\/vi\/wp-json\/wp\/v2\/pages"}],"about":[{"href":"https:\/\/talkpal.ai\/vi\/wp-json\/wp\/v2\/types\/page"}],"author":[{"embeddable":true,"href":"https:\/\/talkpal.ai\/vi\/wp-json\/wp\/v2\/users\/6"}],"replies":[{"embeddable":true,"href":"https:\/\/talkpal.ai\/vi\/wp-json\/wp\/v2\/comments?post=1447130"}],"version-history":[{"count":0,"href":"https:\/\/talkpal.ai\/vi\/wp-json\/wp\/v2\/pages\/1447130\/revisions"}],"wp:featuredmedia":[{"embeddable":true,"href":"https:\/\/talkpal.ai\/vi\/wp-json\/wp\/v2\/media\/1442225"}],"wp:attachment":[{"href":"https:\/\/talkpal.ai\/vi\/wp-json\/wp\/v2\/media?parent=1447130"}],"curies":[{"name":"wp","href":"https:\/\/api.w.org\/{rel}","templated":true}]}}