{"id":1445747,"date":"2023-03-05T16:49:30","date_gmt":"2023-03-05T16:49:30","guid":{"rendered":"https:\/\/talkpal.ai\/blog\/"},"modified":"2025-12-17T18:50:06","modified_gmt":"2025-12-17T18:50:06","slug":"blog","status":"publish","type":"page","link":"https:\/\/talkpal.ai\/vi\/blog\/","title":{"rendered":"Blog"},"content":{"rendered":"<h1>Our Blog<\/h1>\n<p>Read more about <a href=\"https:\/\/talkpal.ai\/blog\/\">our blog<\/a> about <a href=\"https:\/\/talkpal.ai\/integrating-ai-in-language-learning\/\">AI language learning<\/a> &amp; more.&nbsp;Our <a href=\"https:\/\/talkpal.ai\/speaking-with-ai\/\">AI<\/a> language learning blog focuses on integrating artificial intelligence technologies into language <a href=\"https:\/\/talkpal.ai\/talkpal-for-education\/\">education<\/a>. It explores how AI-driven tools like chatbots, virtual tutors, and <a href=\"https:\/\/talkpal.ai\/mastering-speechma-unlock-powerful-speech-recognition-today\/\">speech recognition<\/a> software enhance <a href=\"https:\/\/talkpal.ai\/master-how-to-acquire-language-quickly-and-effectively\/\">language acquisition<\/a>. Posts delve into <a href=\"https:\/\/talkpal.ai\/unlock-your-potential-with-tutorsgpt-the-future-of-personalized-learning\/\">personalized learning<\/a> experiences, adaptive learning techniques, and real-time feedback mechanisms powered by AI. Readers can find reviews of the latest AI language apps, tips for maximizing learning efficiency, and insights into ongoing research and advancements in the field. The blog serves as a resource for educators, students, and tech enthusiasts, aiming to revolutionize traditional language learning with cutting-edge AI innovations.<\/p>\n<p>\t\t\t<a role=\"button\"><br \/>\n\t\t\t\t\t\t\t\t\ttry talkpal<br \/>\n\t\t\t\t\t<\/a><\/p>\n<h2>Insights<\/h2>\n<p>\t\t\t<a role=\"button\"><br \/>\n\t\t\t\t\t\t\t\t\ttry talkpal<br \/>\n\t\t\t\t\t<\/a><\/p>\n","protected":false},"excerpt":{"rendered":"<p>Our Blog Read more about our blog about AI language learning &amp; more.&nbsp;Our AI language learning blog focuses on integrating artificial intelligence technologies into language education. It explores how AI-driven tools like chatbots, virtual tutors, and speech recognition software enhance language acquisition. Posts delve into personalized learning experiences, adaptive learning techniques, and real-time feedback mechanisms [&hellip;]<\/p>\n","protected":false},"author":1,"featured_media":1445748,"parent":0,"menu_order":0,"comment_status":"closed","ping_status":"closed","template":"blog-overview-page.php","meta":{"_acf_changed":false,"footnotes":""},"class_list":["post-1445747","page","type-page","status-publish","has-post-thumbnail","hentry"],"acf":[],"yoast_head":"<!-- This site is optimized with the Yoast SEO Premium plugin v27.2 (Yoast SEO v27.2) - https:\/\/yoast.com\/product\/yoast-seo-premium-wordpress\/ -->\n<title>Blog - Talkpal<\/title>\n<meta name=\"description\" content=\"\u0110\u00e2y l\u00e0 blog TalkPal, cung c\u1ea5p r\u1ea5t nhi\u1ec1u th\u00f4ng tin chi ti\u1ebft v\u1ec1 vi\u1ec7c h\u1ecdc ng\u00f4n ng\u1eef v\u00e0 c\u00e1c c\u00f4ng ngh\u1ec7 m\u1edbi nh\u1ea5t trong khu v\u1ef1c. \u0110\u1ecdc th\u00eam t\u1ea1i \u0111\u00e2y.\" \/>\n<meta name=\"robots\" content=\"index, follow, max-snippet:-1, max-image-preview:large, max-video-preview:-1\" \/>\n<link rel=\"canonical\" href=\"https:\/\/talkpal.ai\/vi\/blog\/\" \/>\n<meta property=\"og:locale\" content=\"vi_VN\" \/>\n<meta property=\"og:type\" content=\"article\" \/>\n<meta property=\"og:title\" content=\"Blog\" \/>\n<meta property=\"og:description\" content=\"Our Blog Read more about our blog about AI language learning &amp; more.&nbsp;Our AI language learning blog focuses on integrating artificial intelligence\" \/>\n<meta property=\"og:url\" content=\"https:\/\/talkpal.ai\/vi\/blog\/\" \/>\n<meta property=\"og:site_name\" content=\"Talkpal\" \/>\n<meta property=\"article:publisher\" content=\"https:\/\/www.facebook.com\/profile.php?id=100090733639311\" \/>\n<meta property=\"article:modified_time\" content=\"2025-12-17T18:50:06+00:00\" \/>\n<meta property=\"og:image\" content=\"https:\/\/talkpal.ai\/wp-content\/uploads\/2023\/04\/24.-Superhero-Side-Kick-at-Psychologist.png\" \/>\n\t<meta property=\"og:image:width\" content=\"1024\" \/>\n\t<meta property=\"og:image:height\" content=\"1024\" \/>\n\t<meta property=\"og:image:type\" content=\"image\/png\" \/>\n<meta name=\"twitter:card\" content=\"summary_large_image\" \/>\n<meta name=\"twitter:site\" content=\"@talkpalai\" \/>\n<meta name=\"twitter:label1\" content=\"Est. reading time\" \/>\n\t<meta name=\"twitter:data1\" content=\"1 minute\" \/>\n<script type=\"application\/ld+json\" class=\"yoast-schema-graph\">{\"@context\":\"https:\/\/schema.org\",\"@graph\":[{\"@type\":\"WebPage\",\"@id\":\"https:\/\/talkpal.ai\/vi\/blog\/\",\"url\":\"https:\/\/talkpal.ai\/vi\/blog\/\",\"name\":\"Blog - Talkpal\",\"isPartOf\":{\"@id\":\"https:\/\/talkpal.ai\/vi\/#website\"},\"primaryImageOfPage\":{\"@id\":\"https:\/\/talkpal.ai\/vi\/blog\/#primaryimage\"},\"image\":{\"@id\":\"https:\/\/talkpal.ai\/vi\/blog\/#primaryimage\"},\"thumbnailUrl\":\"https:\/\/talkpal.ai\/wp-content\/uploads\/2023\/04\/24.-Superhero-Side-Kick-at-Psychologist.png\",\"datePublished\":\"2023-03-05T16:49:30+00:00\",\"dateModified\":\"2025-12-17T18:50:06+00:00\",\"description\":\"\u0110\u00e2y l\u00e0 blog TalkPal, cung c\u1ea5p r\u1ea5t nhi\u1ec1u th\u00f4ng tin chi ti\u1ebft v\u1ec1 vi\u1ec7c h\u1ecdc ng\u00f4n ng\u1eef v\u00e0 c\u00e1c c\u00f4ng ngh\u1ec7 m\u1edbi nh\u1ea5t trong khu v\u1ef1c. \u0110\u1ecdc th\u00eam t\u1ea1i \u0111\u00e2y.\",\"breadcrumb\":{\"@id\":\"https:\/\/talkpal.ai\/vi\/blog\/#breadcrumb\"},\"inLanguage\":\"vi-VN\",\"potentialAction\":[{\"@type\":\"ReadAction\",\"target\":[\"https:\/\/talkpal.ai\/vi\/blog\/\"]}]},{\"@type\":\"ImageObject\",\"inLanguage\":\"vi-VN\",\"@id\":\"https:\/\/talkpal.ai\/vi\/blog\/#primaryimage\",\"url\":\"https:\/\/talkpal.ai\/wp-content\/uploads\/2023\/04\/24.-Superhero-Side-Kick-at-Psychologist.png\",\"contentUrl\":\"https:\/\/talkpal.ai\/wp-content\/uploads\/2023\/04\/24.-Superhero-Side-Kick-at-Psychologist.png\",\"width\":1024,\"height\":1024,\"caption\":\"Superhero side-kick at Psychologist\"},{\"@type\":\"BreadcrumbList\",\"@id\":\"https:\/\/talkpal.ai\/vi\/blog\/#breadcrumb\",\"itemListElement\":[{\"@type\":\"ListItem\",\"position\":1,\"name\":\"Homepage\",\"item\":\"https:\/\/talkpal.ai\/vi\/giao-vien-ngon-ngu-ai-3\/\"},{\"@type\":\"ListItem\",\"position\":2,\"name\":\"Blog\"}]},{\"@type\":\"WebSite\",\"@id\":\"https:\/\/talkpal.ai\/vi\/#website\",\"url\":\"https:\/\/talkpal.ai\/vi\/\",\"name\":\"Talkpal\",\"description\":\"AI Language Learning\",\"publisher\":{\"@id\":\"https:\/\/talkpal.ai\/vi\/#organization\"},\"alternateName\":\"Talkpal AI\",\"potentialAction\":[{\"@type\":\"SearchAction\",\"target\":{\"@type\":\"EntryPoint\",\"urlTemplate\":\"https:\/\/talkpal.ai\/vi\/?s={search_term_string}\"},\"query-input\":{\"@type\":\"PropertyValueSpecification\",\"valueRequired\":true,\"valueName\":\"search_term_string\"}}],\"inLanguage\":\"vi-VN\"},{\"@type\":\"Organization\",\"@id\":\"https:\/\/talkpal.ai\/vi\/#organization\",\"name\":\"Talkpal, Inc.\",\"alternateName\":\"Talkpal AI\",\"url\":\"https:\/\/talkpal.ai\/vi\/\",\"logo\":{\"@type\":\"ImageObject\",\"inLanguage\":\"vi-VN\",\"@id\":\"https:\/\/talkpal.ai\/vi\/#\/schema\/logo\/image\/\",\"url\":\"https:\/\/talkpal.ai\/wp-content\/uploads\/2024\/03\/Talkpal-Logo-Icon.png\",\"contentUrl\":\"https:\/\/talkpal.ai\/wp-content\/uploads\/2024\/03\/Talkpal-Logo-Icon.png\",\"width\":2880,\"height\":2880,\"caption\":\"Talkpal, Inc.\"},\"image\":{\"@id\":\"https:\/\/talkpal.ai\/vi\/#\/schema\/logo\/image\/\"},\"sameAs\":[\"https:\/\/www.facebook.com\/profile.php?id=100090733639311\",\"https:\/\/x.com\/talkpalai\",\"https:\/\/www.linkedin.com\/company\/talkpal\/\",\"https:\/\/www.youtube.com\/@TalkPal\/\",\"https:\/\/www.tiktok.com\/@talkpal\",\"https:\/\/www.instagram.com\/talkpal_ai\/\",\"https:\/\/www.crunchbase.com\/organization\/talkpal-9cde\",\"https:\/\/www.g2.com\/products\/talkpal-for-business\/\",\"https:\/\/www.trustpilot.com\/review\/talkpal.ai\",\"https:\/\/www.capterra.com\/p\/10006800\/TalkPal\/\"],\"description\":\"Talkpal is a language learning web and mobile education app, powered by the latest AI technologies, that provides engaging experiences to its customers in many different languages to help them improve their language skills. Users can chat about unlimited amount of topics with the app and use other modes to practice their language learning.\",\"email\":\"support@talkpal.ai\",\"legalName\":\"Talkpal, Inc.\",\"foundingDate\":\"2023-04-03\",\"duns\":\"118989042\",\"numberOfEmployees\":{\"@type\":\"QuantitativeValue\",\"minValue\":\"11\",\"maxValue\":\"50\"},\"publishingPrinciples\":\"https:\/\/talkpal.ai\/publishing-principles\/\",\"actionableFeedbackPolicy\":\"https:\/\/talkpal.ai\/actionable-feedback-policy\/\",\"correctionsPolicy\":\"https:\/\/talkpal.ai\/corrections-policy\/\",\"ethicsPolicy\":\"https:\/\/talkpal.ai\/ethics-policy\/\",\"diversityPolicy\":\"https:\/\/talkpal.ai\/diversity-policy\/\",\"diversityStaffingReport\":\"https:\/\/talkpal.ai\/diversity-policy\/\"}]}<\/script>\n<!-- \/ Yoast SEO Premium plugin. -->","yoast_head_json":{"title":"Blog - Talkpal","description":"\u0110\u00e2y l\u00e0 blog TalkPal, cung c\u1ea5p r\u1ea5t nhi\u1ec1u th\u00f4ng tin chi ti\u1ebft v\u1ec1 vi\u1ec7c h\u1ecdc ng\u00f4n ng\u1eef v\u00e0 c\u00e1c c\u00f4ng ngh\u1ec7 m\u1edbi nh\u1ea5t trong khu v\u1ef1c. \u0110\u1ecdc th\u00eam t\u1ea1i \u0111\u00e2y.","robots":{"index":"index","follow":"follow","max-snippet":"max-snippet:-1","max-image-preview":"max-image-preview:large","max-video-preview":"max-video-preview:-1"},"canonical":"https:\/\/talkpal.ai\/vi\/blog\/","og_locale":"vi_VN","og_type":"article","og_title":"Blog","og_description":"Our Blog Read more about our blog about AI language learning &amp; more.&nbsp;Our AI language learning blog focuses on integrating artificial intelligence","og_url":"https:\/\/talkpal.ai\/vi\/blog\/","og_site_name":"Talkpal","article_publisher":"https:\/\/www.facebook.com\/profile.php?id=100090733639311","article_modified_time":"2025-12-17T18:50:06+00:00","og_image":[{"width":1024,"height":1024,"url":"https:\/\/talkpal.ai\/wp-content\/uploads\/2023\/04\/24.-Superhero-Side-Kick-at-Psychologist.png","type":"image\/png"}],"twitter_card":"summary_large_image","twitter_site":"@talkpalai","twitter_misc":{"Est. reading time":"1 minute"},"schema":{"@context":"https:\/\/schema.org","@graph":[{"@type":"WebPage","@id":"https:\/\/talkpal.ai\/vi\/blog\/","url":"https:\/\/talkpal.ai\/vi\/blog\/","name":"Blog - Talkpal","isPartOf":{"@id":"https:\/\/talkpal.ai\/vi\/#website"},"primaryImageOfPage":{"@id":"https:\/\/talkpal.ai\/vi\/blog\/#primaryimage"},"image":{"@id":"https:\/\/talkpal.ai\/vi\/blog\/#primaryimage"},"thumbnailUrl":"https:\/\/talkpal.ai\/wp-content\/uploads\/2023\/04\/24.-Superhero-Side-Kick-at-Psychologist.png","datePublished":"2023-03-05T16:49:30+00:00","dateModified":"2025-12-17T18:50:06+00:00","description":"\u0110\u00e2y l\u00e0 blog TalkPal, cung c\u1ea5p r\u1ea5t nhi\u1ec1u th\u00f4ng tin chi ti\u1ebft v\u1ec1 vi\u1ec7c h\u1ecdc ng\u00f4n ng\u1eef v\u00e0 c\u00e1c c\u00f4ng ngh\u1ec7 m\u1edbi nh\u1ea5t trong khu v\u1ef1c. \u0110\u1ecdc th\u00eam t\u1ea1i \u0111\u00e2y.","breadcrumb":{"@id":"https:\/\/talkpal.ai\/vi\/blog\/#breadcrumb"},"inLanguage":"vi-VN","potentialAction":[{"@type":"ReadAction","target":["https:\/\/talkpal.ai\/vi\/blog\/"]}]},{"@type":"ImageObject","inLanguage":"vi-VN","@id":"https:\/\/talkpal.ai\/vi\/blog\/#primaryimage","url":"https:\/\/talkpal.ai\/wp-content\/uploads\/2023\/04\/24.-Superhero-Side-Kick-at-Psychologist.png","contentUrl":"https:\/\/talkpal.ai\/wp-content\/uploads\/2023\/04\/24.-Superhero-Side-Kick-at-Psychologist.png","width":1024,"height":1024,"caption":"Superhero side-kick at Psychologist"},{"@type":"BreadcrumbList","@id":"https:\/\/talkpal.ai\/vi\/blog\/#breadcrumb","itemListElement":[{"@type":"ListItem","position":1,"name":"Homepage","item":"https:\/\/talkpal.ai\/vi\/giao-vien-ngon-ngu-ai-3\/"},{"@type":"ListItem","position":2,"name":"Blog"}]},{"@type":"WebSite","@id":"https:\/\/talkpal.ai\/vi\/#website","url":"https:\/\/talkpal.ai\/vi\/","name":"Talkpal","description":"AI Language Learning","publisher":{"@id":"https:\/\/talkpal.ai\/vi\/#organization"},"alternateName":"Talkpal AI","potentialAction":[{"@type":"SearchAction","target":{"@type":"EntryPoint","urlTemplate":"https:\/\/talkpal.ai\/vi\/?s={search_term_string}"},"query-input":{"@type":"PropertyValueSpecification","valueRequired":true,"valueName":"search_term_string"}}],"inLanguage":"vi-VN"},{"@type":"Organization","@id":"https:\/\/talkpal.ai\/vi\/#organization","name":"Talkpal, Inc.","alternateName":"Talkpal AI","url":"https:\/\/talkpal.ai\/vi\/","logo":{"@type":"ImageObject","inLanguage":"vi-VN","@id":"https:\/\/talkpal.ai\/vi\/#\/schema\/logo\/image\/","url":"https:\/\/talkpal.ai\/wp-content\/uploads\/2024\/03\/Talkpal-Logo-Icon.png","contentUrl":"https:\/\/talkpal.ai\/wp-content\/uploads\/2024\/03\/Talkpal-Logo-Icon.png","width":2880,"height":2880,"caption":"Talkpal, Inc."},"image":{"@id":"https:\/\/talkpal.ai\/vi\/#\/schema\/logo\/image\/"},"sameAs":["https:\/\/www.facebook.com\/profile.php?id=100090733639311","https:\/\/x.com\/talkpalai","https:\/\/www.linkedin.com\/company\/talkpal\/","https:\/\/www.youtube.com\/@TalkPal\/","https:\/\/www.tiktok.com\/@talkpal","https:\/\/www.instagram.com\/talkpal_ai\/","https:\/\/www.crunchbase.com\/organization\/talkpal-9cde","https:\/\/www.g2.com\/products\/talkpal-for-business\/","https:\/\/www.trustpilot.com\/review\/talkpal.ai","https:\/\/www.capterra.com\/p\/10006800\/TalkPal\/"],"description":"Talkpal is a language learning web and mobile education app, powered by the latest AI technologies, that provides engaging experiences to its customers in many different languages to help them improve their language skills. Users can chat about unlimited amount of topics with the app and use other modes to practice their language learning.","email":"support@talkpal.ai","legalName":"Talkpal, Inc.","foundingDate":"2023-04-03","duns":"118989042","numberOfEmployees":{"@type":"QuantitativeValue","minValue":"11","maxValue":"50"},"publishingPrinciples":"https:\/\/talkpal.ai\/publishing-principles\/","actionableFeedbackPolicy":"https:\/\/talkpal.ai\/actionable-feedback-policy\/","correctionsPolicy":"https:\/\/talkpal.ai\/corrections-policy\/","ethicsPolicy":"https:\/\/talkpal.ai\/ethics-policy\/","diversityPolicy":"https:\/\/talkpal.ai\/diversity-policy\/","diversityStaffingReport":"https:\/\/talkpal.ai\/diversity-policy\/"}]}},"_links":{"self":[{"href":"https:\/\/talkpal.ai\/vi\/wp-json\/wp\/v2\/pages\/1445747","targetHints":{"allow":["GET"]}}],"collection":[{"href":"https:\/\/talkpal.ai\/vi\/wp-json\/wp\/v2\/pages"}],"about":[{"href":"https:\/\/talkpal.ai\/vi\/wp-json\/wp\/v2\/types\/page"}],"author":[{"embeddable":true,"href":"https:\/\/talkpal.ai\/vi\/wp-json\/wp\/v2\/users\/1"}],"replies":[{"embeddable":true,"href":"https:\/\/talkpal.ai\/vi\/wp-json\/wp\/v2\/comments?post=1445747"}],"version-history":[{"count":0,"href":"https:\/\/talkpal.ai\/vi\/wp-json\/wp\/v2\/pages\/1445747\/revisions"}],"wp:featuredmedia":[{"embeddable":true,"href":"https:\/\/talkpal.ai\/vi\/wp-json\/wp\/v2\/media\/1445748"}],"wp:attachment":[{"href":"https:\/\/talkpal.ai\/vi\/wp-json\/wp\/v2\/media?parent=1445747"}],"curies":[{"name":"wp","href":"https:\/\/api.w.org\/{rel}","templated":true}]}}