{"id":1445657,"date":"2023-03-26T12:27:22","date_gmt":"2023-03-26T12:27:22","guid":{"rendered":"https:\/\/talkpal.ai\/ngu-phap-tieng-y\/"},"modified":"2025-09-06T20:24:29","modified_gmt":"2025-09-06T20:24:29","slug":"ngu-phap-tieng-y","status":"publish","type":"page","link":"https:\/\/talkpal.ai\/vi\/ngu-phap-tieng-y\/","title":{"rendered":"Ng\u1eef ph\u00e1p ti\u1ebfng \u00dd"},"content":{"rendered":"\r\n\r\n\r\n<section class=\"languageChallengeSection\">\r\n    <div class=\"languageInfoWrapper\">\r\n        \r\n        <h1>Ng\u1eef ph\u00e1p ti\u1ebfng \u00dd<\/h1>\r\n        <p>Kh\u00e1m ph\u00e1 n\u1ec1n t\u1ea3ng c\u1ee7a ng\u00f4n ng\u1eef \u00dd b\u1eb1ng c\u00e1ch t\u00ecm hi\u1ec3u c\u00e1c quy t\u1eafc <a href=\"https:\/\/talkpal.ai\/vi\/ngu-phap\/\">ng\u1eef ph\u00e1p<\/a> thi\u1ebft y\u1ebfu c\u1ee7a n\u00f3. N\u1eafm v\u1eefng <a href=\"https:\/\/talkpal.ai\/vi\/ngu-phap-tieng-nga\/\">ng\u1eef ph\u00e1p ti\u1ebfng<\/a> \u00dd s\u1ebd gi\u00fap b\u1ea1n t\u1ef1 tin th\u1ec3 hi\u1ec7n b\u1ea3n th\u00e2n v\u00e0 k\u1ebft n\u1ed1i s\u00e2u s\u1eafc h\u01a1n v\u1edbi n\u1ec1n v\u0103n h\u00f3a phong ph\u00fa c\u1ee7a \u00dd. B\u1eaft \u0111\u1ea7u h\u1ecdc ng\u1eef ph\u00e1p <a href=\"https:\/\/talkpal.ai\/vi\/hoc-tieng-y-truc-tuyen-voi-ai\/\">ti\u1ebfng \u00dd<\/a> ngay h\u00f4m nay v\u00e0 th\u1ef1c hi\u1ec7n b\u01b0\u1edbc \u0111\u1ea7u ti\u00ean c\u1ee7a b\u1ea1n \u0111\u1ec3 tr\u1edf n\u00ean tr\u00f4i ch\u1ea3y!<\/p>\r\n\r\n                            <a class=\"getStartedHidden\" href=\"https:\/\/app.talkpal.ai\/vi\/signup?lng=\">B\u1eaft \u0111\u1ea7u nh\u00e9<\/a>\r\n        \r\n    <\/div>\r\n\r\n    <figure>\r\n    <img decoding=\"async\" width=\"768\" height=\"768\" src=\"https:\/\/talkpal.ai\/wp-content\/uploads\/2023\/06\/italian-768x768.png\" class=\"languageImage no-lazy\" alt=\"Language learning for increased memory capacity\" fetchpriority=\"high\" sizes=\"(max-width: 768px) 150px, 768px\" srcset=\"https:\/\/talkpal.ai\/wp-content\/uploads\/2023\/06\/italian-768x768.png 768w, https:\/\/talkpal.ai\/wp-content\/uploads\/2023\/06\/italian-300x300.png 300w\" \/>\r\n    \r\n\r\n    <\/figure>\r\n\r\n            <a class=\"getStartedVisible\" href=\"https:\/\/app.talkpal.ai\/vi\/signup?lng=\">B\u1eaft \u0111\u1ea7u nh\u00e9<\/a>\r\n    \r\n<\/section>\r\n<section class=\"promotionalBanner\">\r\n    <p class=\"promotionalText\">C\u00e1ch hi\u1ec7u qu\u1ea3 nh\u1ea5t \u0111\u1ec3 h\u1ecdc m\u1ed9t ng\u00f4n ng\u1eef<\/p>\r\n    <a class=\"promotionalLink\" href=\"https:\/\/app.talkpal.ai\/vi\/signup?lng=\">D\u00f9ng th\u1eed Talkpal mi\u1ec5n ph\u00ed<\/a>\r\n<\/section>\n<div class=\"wp-block-group pageContainerStyle\"><div class=\"wp-block-group__inner-container is-layout-constrained wp-block-group-is-layout-constrained\">\n<h2 class=\"wp-block-heading\" id=\"h-mastering-the-art-of-italian-grammar-your-ultimate-guide\">N\u1eafm v\u1eefng ngh\u1ec7 thu\u1eadt ng\u1eef ph\u00e1p ti\u1ebfng \u00dd: H\u01b0\u1edbng d\u1eabn c\u01a1 b\u1ea3n c\u1ee7a b\u1ea1n<\/h2>\n\n\n\n<p>Ciao, <a href=\"https:\/\/talkpal.ai\/talkpal-discount-for-language-enthusiasts\/\">nh\u1eefng ng\u01b0\u1eddi \u0111am m\u00ea ng\u00f4n ng\u1eef<\/a>! S\u1eb5n s\u00e0ng \u0111i s\u00e2u v\u00e0o th\u1ebf gi\u1edbi ng\u1eef ph\u00e1p ti\u1ebfng \u00dd? B\u1ea1n \u0111\u00e3 \u0111\u1ebfn \u0111\u00fang n\u01a1i. \u0110\u01b0\u1ee3c \u0111\u00f3ng g\u00f3i v\u1edbi th\u00f4ng tin d\u1ec5 ti\u00eau h\u00f3a v\u00e0 gi\u1ecdng \u0111i\u1ec7u tr\u00f2 chuy\u1ec7n, b\u00e0i vi\u1ebft n\u00e0y s\u1ebd h\u01b0\u1edbng d\u1eabn b\u1ea1n qua th\u1ebf gi\u1edbi ng\u1eef ph\u00e1p ti\u1ebfng \u00dd h\u1ea5p d\u1eabn (v\u00e0 \u0111\u00f4i khi ph\u1ee9c t\u1ea1p) \u0111\u1ec3 b\u1ea1n c\u00f3 th\u1ec3 t\u1ef1 tin x\u00e2y d\u1ef1ng c\u00e2u v\u00e0 c\u00f3 nh\u1eefng cu\u1ed9c tr\u00f2 chuy\u1ec7n c\u00f3 \u00fd ngh\u0129a v\u1edbi ng\u01b0\u1eddi b\u1ea3n ng\u1eef. V\u00ec v\u1eady, h\u00e3y th\u1eaft d\u00e2y an to\u00e0n v\u00e0 b\u1eaft \u0111\u1ea7u!<\/p>\n\n\n\n<h3 class=\"wp-block-heading\" id=\"h-but-first-why-italian-grammar\">Nh\u01b0ng tr\u01b0\u1edbc ti\u00ean, t\u1ea1i sao l\u1ea1i l\u00e0 ng\u1eef ph\u00e1p ti\u1ebfng \u00dd?<\/h3>\n\n\n\n<p>N\u1ebfu b\u1ea1n \u0111ang <a href=\"https:\/\/talkpal.ai\/vi\/cuoc-cach-mang-cua-viec-hoc-tieng-y-voi-ai\/\">h\u1ecdc ti\u1ebfng \u00dd<\/a>, m\u1ed9t n\u1ec1n t\u1ea3ng v\u1eefng ch\u1eafc <a href=\"https:\/\/talkpal.ai\/vi\/ve\/\">v\u1ec1<\/a> ng\u1eef ph\u00e1p l\u00e0 r\u1ea5t quan tr\u1ecdng \u0111\u1ec3 n\u00f3i, \u0111\u1ecdc v\u00e0 vi\u1ebft tr\u00f4i ch\u1ea3y. Ng\u1eef ph\u00e1p ti\u1ebfng \u00dd tho\u1ea1t nghe c\u00f3 v\u1ebb ph\u1ee9c t\u1ea1p, nh\u01b0ng n\u00f3 t\u01b0\u01a1ng \u0111\u1ed1i \u0111\u01a1n gi\u1ea3n khi b\u1ea1n chia n\u00f3 th\u00e0nh c\u00e1c ph\u1ea7n nh\u1ecf h\u01a1n, d\u1ec5 qu\u1ea3n l\u00fd h\u01a1n. V\u00ec v\u1eady, h\u00e3y b\u1eaft \u0111\u1ea7u h\u00e0nh tr\u00ecnh c\u1ee7a b\u1ea1n \u0111\u1ec3 th\u00e0nh th\u1ea1o ng\u1eef ph\u00e1p ti\u1ebfng \u00dd!<\/p>\n\n\n\n<h3 class=\"wp-block-heading\" id=\"h-1-nouns-articles-and-gender\">1. Danh t\u1eeb, m\u1ea1o t\u1eeb, gi\u1edbi t\u00ednh<\/h3>\n\n\n\n<p>Danh t\u1eeb ti\u1ebfng \u00dd c\u00f3 hai gi\u1edbi t\u00ednh: nam t\u00ednh v\u00e0 n\u1eef t\u00ednh. Kh\u00f4ng gi\u1ed1ng nh\u01b0 <a href=\"https:\/\/talkpal.ai\/top-trang-web-luyen-noi-tieng-anh-hieu-qua-nhat-2024\/\">ti\u1ebfng Anh<\/a>, n\u01a1i gi\u1edbi t\u00ednh c\u1ee7a danh t\u1eeb kh\u00f4ng li\u00ean quan, ti\u1ebfng \u00dd y\u00eau c\u1ea7u gi\u1edbi t\u00ednh ch\u00ednh x\u00e1c \u0111\u1ec3 x\u00e2y d\u1ef1ng c\u00e2u th\u00edch h\u1ee3p. B\u1ea1n c\u00f3 th\u1ec3 \u0111o\u00e1n gi\u1edbi t\u00ednh c\u1ee7a c\u00e1c danh t\u1eeb nh\u01b0 &#8220;tavolo&#8221; (b\u1ea3ng) ho\u1eb7c &#8220;casa&#8221; (nh\u00e0) kh\u00f4ng? N\u1ebfu b\u1ea1n \u0111o\u00e1n nam t\u00ednh cho &#8220;tavolo&#8221; v\u00e0 n\u1eef t\u00ednh cho &#8220;casa&#8221;, h\u00e3y bravo!<\/p>\n\n\n\n<p>Trong ti\u1ebfng \u00dd, danh t\u1eeb th\u01b0\u1eddng k\u1ebft th\u00fac b\u1eb1ng &#8220;-o&#8221; cho nam t\u00ednh v\u00e0 &#8220;-a&#8221; cho n\u1eef t\u00ednh. C\u00f3 nh\u1eefng tr\u01b0\u1eddng h\u1ee3p ngo\u1ea1i l\u1ec7 &#8211; m\u1ed9t s\u1ed1 t\u1eeb k\u1ebft th\u00fac b\u1eb1ng &#8220;-e&#8221; v\u00e0 c\u00f3 th\u1ec3 l\u00e0 m\u1ed9t trong hai gi\u1edbi t\u00ednh &#8211; nh\u01b0ng b\u00e2y gi\u1edd, ch\u00fang ta h\u00e3y ghi nh\u1edb nguy\u00ean t\u1eafc c\u01a1 b\u1ea3n n\u00e0y.<\/p>\n\n\n\n<p>B\u00e2y gi\u1edd, ch\u00fang ta h\u00e3y n\u00f3i v\u1ec1 c\u00e1c b\u00e0i b\u00e1o. C\u0169ng gi\u1ed1ng nh\u01b0 trong ti\u1ebfng Anh, ch\u00fang ta c\u1ea7n m\u1ea1o t\u1eeb tr\u01b0\u1edbc danh t\u1eeb. Ti\u1ebfng \u00dd c\u00f3 m\u1ea1o t\u1eeb x\u00e1c \u0111\u1ecbnh (il, lo, la, i, gli, le) v\u00e0 m\u1ea1o t\u1eeb kh\u00f4ng x\u00e1c \u0111\u1ecbnh (un, uno, una).<\/p>\n\n\n\n<p>V\u00ec v\u1eady, l\u00e0m th\u1ebf n\u00e0o \u0111\u1ec3 ch\u00fang ta ch\u1ecdn m\u1ea1o t\u1eeb x\u00e1c \u0111\u1ecbnh n\u00e0o \u0111\u1ec3 s\u1eed d\u1ee5ng?<\/p>\n\n\n\n<p>\u2013 &#8220;il&#8221; v\u00e0 &#8220;i&#8221; cho danh t\u1eeb nam gi\u1edbi b\u1eaft \u0111\u1ea7u b\u1eb1ng ph\u1ee5 \u00e2m, v\u00ed d\u1ee5: il libro (s\u00e1ch), i libri (s\u00e1ch)<br\/>\u2013 &#8220;lo&#8221; v\u00e0 &#8220;gli&#8221; cho danh t\u1eeb nam gi\u1edbi b\u1eaft \u0111\u1ea7u b\u1eb1ng &#8220;s&#8221; theo sau l\u00e0 ph\u1ee5 \u00e2m, nguy\u00ean \u00e2m (ngo\u1ea1i tr\u1eeb &#8220;u&#8221;), ho\u1eb7c &#8220;z&#8221;, v\u00ed d\u1ee5: lo studente (h\u1ecdc sinh), gli studenti (h\u1ecdc sinh)<br\/>\u2013 &#8220;la&#8221; v\u00e0 &#8220;le&#8221; cho danh t\u1eeb n\u1eef t\u00ednh, v\u00ed d\u1ee5: la casa (ng\u00f4i nh\u00e0), le case (nh\u00e0)<\/p>\n\n\n\n<h3 class=\"wp-block-heading\" id=\"h-2-adjectives-and-agreement\">2. T\u00ednh t\u1eeb v\u00e0 th\u1ecfa thu\u1eadn<\/h3>\n\n\n\n<p>T\u00ednh t\u1eeb trong ti\u1ebfng \u00dd ph\u1ea3i \u0111\u1ed3ng \u00fd v\u1edbi danh t\u1eeb m\u00e0 ch\u00fang s\u1eeda \u0111\u1ed5i v\u1ec1 gi\u1edbi t\u00ednh v\u00e0 s\u1ed1. V\u00ed d\u1ee5: \u0111\u1ec3 m\u00f4 t\u1ea3 m\u1ed9t chi\u1ebfc b\u00e1nh pizza ngon, b\u1ea1n s\u1ebd n\u00f3i &#8220;una pizza deliziosa&#8221; ch\u1ee9 kh\u00f4ng ph\u1ea3i &#8220;delizioso&#8221;. H\u00e3y nh\u1edb r\u1eb1ng, t\u00ednh t\u1eeb th\u01b0\u1eddng theo sau danh t\u1eeb trong ti\u1ebfng \u00dd.<\/p>\n\n\n\n<h3 class=\"wp-block-heading\" id=\"h-3-verbs-tense-and-conjugation\">3. \u0110\u1ed9ng t\u1eeb, th\u00ec v\u00e0 chia \u0111\u1ed9ng t\u1eeb<\/h3>\n\n\n\n<p>\u0110\u1ed9ng t\u1eeb ti\u1ebfng \u00dd l\u00e0 m\u1ed9t ph\u1ea7n ch\u00ednh c\u1ee7a ng\u1eef ph\u00e1p. C\u00f3 ba lo\u1ea1i \u0111\u1ed9ng t\u1eeb (-are, -ere v\u00e0 -ire) v\u00e0 r\u1ea5t nhi\u1ec1u \u0111\u1ed9ng t\u1eeb b\u1ea5t quy t\u1eafc, v\u00ec v\u1eady ch\u00fang ta \u0111\u00e3 c\u1eaft b\u1ecf c\u00f4ng vi\u1ec7c c\u1ee7a m\u00ecnh! \u0110\u1ec3 cung c\u1ea5p cho b\u1ea1n m\u1ed9t c\u00e1i nh\u00ecn t\u1ed5ng quan nhanh, ch\u00fang ta h\u00e3y \u0111\u1ec1 c\u1eadp \u0111\u1ebfn th\u00ec hi\u1ec7n t\u1ea1i c\u1ee7a c\u00e1c \u0111\u1ed9ng t\u1eeb th\u00f4ng th\u01b0\u1eddng.<\/p>\n\n\n\n<p>\u2013 \u0110\u1ed9ng t\u1eeb &#8220;-are&#8221;: v\u00ed d\u1ee5: parlare (n\u00f3i): io parlo, tu parli, lui\/lei parla, noi parliamo, voi parlate, loro parlano<br\/>\u2013 \u0110\u1ed9ng t\u1eeb &#8220;-ere&#8221;: v\u00ed d\u1ee5: leggere (\u0111\u1ecdc): io leggo, tu leggi, lui\/lei legge, noi leggiamo, voi leggete, loro leggono<br\/>\u2013 \u0110\u1ed9ng t\u1eeb &#8220;-ire&#8221;: v\u00ed d\u1ee5: finire (k\u1ebft th\u00fac): io finisco, tu finisci, lui\/lei finisce, noi finiamo, voi finite, loro finiscono<\/p>\n\n\n\n<p>H\u00e3y nh\u1edb r\u1eb1ng, \u0111\u00e2y ch\u1ec9 l\u00e0 ph\u1ea7n n\u1ed5i c\u1ee7a t\u1ea3ng b\u0103ng ch\u00ecm! C\u00f3 nhi\u1ec1u th\u00ec v\u00e0 \u0111\u1ed9ng t\u1eeb b\u1ea5t quy t\u1eafc kh\u00e1c \u0111\u1ec3 h\u1ecdc, nh\u01b0ng m\u1ecdi h\u00e0nh tr\u00ecnh \u0111\u1ec1u b\u1eaft \u0111\u1ea7u v\u1edbi m\u1ed9t b\u01b0\u1edbc duy nh\u1ea5t.<\/p>\n\n\n\n<h3 class=\"wp-block-heading\" id=\"h-4-prepositions-pronouns-and-more\">4. Gi\u1edbi t\u1eeb, \u0111\u1ea1i t\u1eeb, v.v.!<\/h3>\n\n\n\n<p>Ng\u1eef ph\u00e1p ti\u1ebfng \u00dd c\u00f3 nhi\u1ec1u th\u00e0nh ph\u1ea7n kh\u00e1c nh\u01b0 gi\u1edbi t\u1eeb (di, a, da, in, su, v.v.), \u0111\u1ea1i t\u1eeb (io, tu, lui\/lei, v.v.), \u0111\u1ed9ng t\u1eeb ph\u1ea3n x\u1ea1 v\u00e0 bi\u1ec3u th\u1ee9c th\u00e0nh ng\u1eef. M\u1ed7i th\u00e0nh ph\u1ea7n l\u00e0 ch\u00eca kh\u00f3a \u0111\u1ec3 m\u1edf kh\u00f3a s\u1ef1 tr\u00f4i ch\u1ea3y c\u1ee7a b\u1ea1n, v\u00ec v\u1eady h\u00e3y th\u1ef1c hi\u1ec7n t\u1eebng b\u01b0\u1edbc m\u1ed9t.<\/p>\n\n\n\n<p>T\u00f3m l\u1ea1i, kh\u00f4ng c\u00f3 l\u1ed1i t\u1eaft n\u00e0o \u0111\u1ec3 th\u00e0nh th\u1ea1o ng\u1eef ph\u00e1p ti\u1ebfng \u00dd. N\u00f3 \u0111\u00f2i h\u1ecfi s\u1ef1 ki\u00ean tr\u00ec, luy\u1ec7n t\u1eadp v\u00e0 ki\u00ean nh\u1eabn. Nh\u01b0ng m\u1ed9t khi b\u1ea1n \u0111\u00e3 hi\u1ec3u r\u00f5 v\u1ec1 n\u00f3, b\u1ea1n s\u1ebd c\u00f3 th\u1ec3 tr\u1ea3i nghi\u1ec7m v\u1ebb \u0111\u1eb9p c\u1ee7a tr\u00f2 chuy\u1ec7n b\u1eb1ng ti\u1ebfng \u00dd, kh\u00e1m ph\u00e1 n\u1ec1n v\u0103n h\u00f3a v\u00e0 l\u1ecbch s\u1eed phong ph\u00fa, \u0111\u1ed3ng th\u1eddi \u0111\u00e1nh gi\u00e1 s\u00e2u h\u01a1n v\u1ec1 ng\u00f4n ng\u1eef n\u00e0y. Buona fortuna!<\/p>\n<\/div><\/div>\n\r\n<section class=\"learnNavigationSection\">\r\n            \r\n        <a href=\"https:\/\/talkpal.ai\/vi\/hoc-tieng-y\/\">\r\n            <div class=\"learnNavigationWrapper\">\r\n                <div class=\"learnNavigationContent\">\r\n                    <img decoding=\"async\" src=\"https:\/\/talkpal.ai\/wp-content\/uploads\/2024\/08\/Italian.jpg\" alt=\"Italian Flag\">\r\n                    <div>\r\n                        <h4>Gi\u1edbi thi\u1ec7u v\u1ec1 ti\u1ebfng \u00dd<\/h4>\r\n                        <p>T\u00ecm hi\u1ec3u t\u1ea5t c\u1ea3 v\u1ec1 ng\u1eef ph\u00e1p ti\u1ebfng \u00dd.<\/p>\r\n                    <\/div>\r\n                <\/div>\r\n            <\/div>\r\n        <\/a>\r\n\r\n        \r\n        <a href=\"https:\/\/talkpal.ai\/vi\/bai-tap-ngu-phap-tieng-y\/\">\r\n            <div class=\"learnNavigationWrapper\">\r\n                <div class=\"learnNavigationContent\">\r\n                    <img decoding=\"async\" src=\"https:\/\/talkpal.ai\/wp-content\/uploads\/2024\/08\/Italian.jpg\" alt=\"Italian Flag\">\r\n                    <div>\r\n                        <h4>B\u00e0i t\u1eadp ng\u1eef ph\u00e1p ti\u1ebfng \u00dd<\/h4>\r\n                        <p>Th\u1ef1c h\u00e0nh ng\u1eef ph\u00e1p ti\u1ebfng \u00dd.<\/p>\r\n                    <\/div>\r\n                <\/div>\r\n            <\/div>\r\n        <\/a>\r\n\r\n        \r\n        <a href=\"https:\/\/talkpal.ai\/vocabulary_language\/italian\/\">\r\n            <div class=\"learnNavigationWrapper\">\r\n                <div class=\"learnNavigationContent\">\r\n                    <img decoding=\"async\" src=\"https:\/\/talkpal.ai\/wp-content\/uploads\/2024\/08\/Italian.jpg\" alt=\"Italian Flag\">\r\n                    <div>\r\n                        <h4>T\u1eeb v\u1ef1ng ti\u1ebfng \u00dd<\/h4>\r\n                        <p>M\u1edf r\u1ed9ng v\u1ed1n t\u1eeb v\u1ef1ng ti\u1ebfng \u00dd c\u1ee7a b\u1ea1n.<\/p>\r\n                    <\/div>\r\n                <\/div>\r\n            <\/div>\r\n        <\/a>\r\n\r\n            <\/section>","protected":false},"excerpt":{"rendered":"<p>N\u1eafm v\u1eefng ngh\u1ec7 thu\u1eadt ng\u1eef ph\u00e1p ti\u1ebfng \u00dd: H\u01b0\u1edbng d\u1eabn c\u01a1 b\u1ea3n c\u1ee7a b\u1ea1n Ciao, nh\u1eefng ng\u01b0\u1eddi \u0111am m\u00ea ng\u00f4n ng\u1eef! S\u1eb5n s\u00e0ng \u0111i s\u00e2u v\u00e0o th\u1ebf gi\u1edbi ng\u1eef ph\u00e1p ti\u1ebfng \u00dd? B\u1ea1n \u0111\u00e3 \u0111\u1ebfn \u0111\u00fang n\u01a1i. \u0110\u01b0\u1ee3c \u0111\u00f3ng g\u00f3i v\u1edbi th\u00f4ng tin d\u1ec5 ti\u00eau h\u00f3a v\u00e0 gi\u1ecdng \u0111i\u1ec7u tr\u00f2 chuy\u1ec7n, b\u00e0i vi\u1ebft n\u00e0y s\u1ebd [&hellip;]<\/p>\n","protected":false},"author":1,"featured_media":1440165,"parent":0,"menu_order":0,"comment_status":"closed","ping_status":"closed","template":"LearningContentPage.php","meta":{"_acf_changed":false,"footnotes":""},"class_list":["post-1445657","page","type-page","status-publish","has-post-thumbnail","hentry"],"acf":[],"yoast_head":"<!-- This site is optimized with the Yoast SEO Premium plugin v27.2 (Yoast SEO v27.2) - https:\/\/yoast.com\/product\/yoast-seo-premium-wordpress\/ -->\n<title>Ng\u1eef ph\u00e1p ti\u1ebfng \u00dd - Talkpal<\/title>\n<meta name=\"description\" content=\"H\u1ecdc ng\u1eef ph\u00e1p ti\u1ebfng \u00dd d\u1ec5 d\u00e0ng - th\u1ef1c h\u00e0nh r\u00f5 r\u00e0ng, hi\u1ec3u quy t\u1eafc v\u00e0 n\u00f3i t\u1ed1t h\u01a1n v\u1edbi h\u01b0\u1edbng d\u1eabn \u0111\u01a1n gi\u1ea3n t\u1eeb TalkPal AI.\" \/>\n<meta name=\"robots\" content=\"index, follow, max-snippet:-1, max-image-preview:large, max-video-preview:-1\" \/>\n<link rel=\"canonical\" href=\"https:\/\/talkpal.ai\/vi\/ngu-phap-tieng-y\/\" \/>\n<meta property=\"og:locale\" content=\"vi_VN\" \/>\n<meta property=\"og:type\" content=\"article\" \/>\n<meta property=\"og:title\" content=\"Ng\u1eef ph\u00e1p ti\u1ebfng \u00dd\" \/>\n<meta property=\"og:description\" content=\"N\u1eafm v\u1eefng ngh\u1ec7 thu\u1eadt ng\u1eef ph\u00e1p ti\u1ebfng \u00dd: H\u01b0\u1edbng d\u1eabn c\u01a1 b\u1ea3n c\u1ee7a b\u1ea1n Ciao, nh\u1eefng ng\u01b0\u1eddi \u0111am m\u00ea ng\u00f4n ng\u1eef! S\u1eb5n s\u00e0ng \u0111i s\u00e2u v\u00e0o th\u1ebf gi\u1edbi ng\u1eef ph\u00e1p ti\u1ebfng \u00dd? B\u1ea1n \u0111\u00e3\" \/>\n<meta property=\"og:url\" content=\"https:\/\/talkpal.ai\/vi\/ngu-phap-tieng-y\/\" \/>\n<meta property=\"og:site_name\" content=\"Talkpal\" \/>\n<meta property=\"article:publisher\" content=\"https:\/\/www.facebook.com\/profile.php?id=100090733639311\" \/>\n<meta property=\"article:modified_time\" content=\"2025-09-06T20:24:29+00:00\" \/>\n<meta property=\"og:image\" content=\"https:\/\/talkpal.ai\/wp-content\/uploads\/2023\/03\/italy.png\" \/>\n\t<meta property=\"og:image:width\" content=\"512\" \/>\n\t<meta property=\"og:image:height\" content=\"512\" \/>\n\t<meta property=\"og:image:type\" content=\"image\/png\" \/>\n<meta name=\"twitter:card\" content=\"summary_large_image\" \/>\n<meta name=\"twitter:site\" content=\"@talkpalai\" \/>\n<meta name=\"twitter:label1\" content=\"Est. reading time\" \/>\n\t<meta name=\"twitter:data1\" content=\"6 minutes\" \/>\n<script type=\"application\/ld+json\" class=\"yoast-schema-graph\">{\"@context\":\"https:\/\/schema.org\",\"@graph\":[{\"@type\":\"WebPage\",\"@id\":\"https:\/\/talkpal.ai\/vi\/ngu-phap-tieng-y\/\",\"url\":\"https:\/\/talkpal.ai\/vi\/ngu-phap-tieng-y\/\",\"name\":\"Ng\u1eef ph\u00e1p ti\u1ebfng \u00dd - Talkpal\",\"isPartOf\":{\"@id\":\"https:\/\/talkpal.ai\/vi\/#website\"},\"primaryImageOfPage\":{\"@id\":\"https:\/\/talkpal.ai\/vi\/ngu-phap-tieng-y\/#primaryimage\"},\"image\":{\"@id\":\"https:\/\/talkpal.ai\/vi\/ngu-phap-tieng-y\/#primaryimage\"},\"thumbnailUrl\":\"https:\/\/talkpal.ai\/wp-content\/uploads\/2023\/03\/italy.png\",\"datePublished\":\"2023-03-26T12:27:22+00:00\",\"dateModified\":\"2025-09-06T20:24:29+00:00\",\"description\":\"H\u1ecdc ng\u1eef ph\u00e1p ti\u1ebfng \u00dd d\u1ec5 d\u00e0ng - th\u1ef1c h\u00e0nh r\u00f5 r\u00e0ng, hi\u1ec3u quy t\u1eafc v\u00e0 n\u00f3i t\u1ed1t h\u01a1n v\u1edbi h\u01b0\u1edbng d\u1eabn \u0111\u01a1n gi\u1ea3n t\u1eeb TalkPal AI.\",\"breadcrumb\":{\"@id\":\"https:\/\/talkpal.ai\/vi\/ngu-phap-tieng-y\/#breadcrumb\"},\"inLanguage\":\"vi-VN\",\"potentialAction\":[{\"@type\":\"ReadAction\",\"target\":[\"https:\/\/talkpal.ai\/vi\/ngu-phap-tieng-y\/\"]}]},{\"@type\":\"ImageObject\",\"inLanguage\":\"vi-VN\",\"@id\":\"https:\/\/talkpal.ai\/vi\/ngu-phap-tieng-y\/#primaryimage\",\"url\":\"https:\/\/talkpal.ai\/wp-content\/uploads\/2023\/03\/italy.png\",\"contentUrl\":\"https:\/\/talkpal.ai\/wp-content\/uploads\/2023\/03\/italy.png\",\"width\":512,\"height\":512,\"caption\":\"TalkPal AI learn Italian\"},{\"@type\":\"BreadcrumbList\",\"@id\":\"https:\/\/talkpal.ai\/vi\/ngu-phap-tieng-y\/#breadcrumb\",\"itemListElement\":[{\"@type\":\"ListItem\",\"position\":1,\"name\":\"Homepage\",\"item\":\"https:\/\/talkpal.ai\/vi\/giao-vien-ngon-ngu-ai-3\/\"},{\"@type\":\"ListItem\",\"position\":2,\"name\":\"Ng\u1eef ph\u00e1p ti\u1ebfng \u00dd\"}]},{\"@type\":\"WebSite\",\"@id\":\"https:\/\/talkpal.ai\/vi\/#website\",\"url\":\"https:\/\/talkpal.ai\/vi\/\",\"name\":\"Talkpal\",\"description\":\"AI Language Learning\",\"publisher\":{\"@id\":\"https:\/\/talkpal.ai\/vi\/#organization\"},\"alternateName\":\"Talkpal AI\",\"potentialAction\":[{\"@type\":\"SearchAction\",\"target\":{\"@type\":\"EntryPoint\",\"urlTemplate\":\"https:\/\/talkpal.ai\/vi\/?s={search_term_string}\"},\"query-input\":{\"@type\":\"PropertyValueSpecification\",\"valueRequired\":true,\"valueName\":\"search_term_string\"}}],\"inLanguage\":\"vi-VN\"},{\"@type\":\"Organization\",\"@id\":\"https:\/\/talkpal.ai\/vi\/#organization\",\"name\":\"Talkpal, Inc.\",\"alternateName\":\"Talkpal AI\",\"url\":\"https:\/\/talkpal.ai\/vi\/\",\"logo\":{\"@type\":\"ImageObject\",\"inLanguage\":\"vi-VN\",\"@id\":\"https:\/\/talkpal.ai\/vi\/#\/schema\/logo\/image\/\",\"url\":\"https:\/\/talkpal.ai\/wp-content\/uploads\/2024\/03\/Talkpal-Logo-Icon.png\",\"contentUrl\":\"https:\/\/talkpal.ai\/wp-content\/uploads\/2024\/03\/Talkpal-Logo-Icon.png\",\"width\":2880,\"height\":2880,\"caption\":\"Talkpal, Inc.\"},\"image\":{\"@id\":\"https:\/\/talkpal.ai\/vi\/#\/schema\/logo\/image\/\"},\"sameAs\":[\"https:\/\/www.facebook.com\/profile.php?id=100090733639311\",\"https:\/\/x.com\/talkpalai\",\"https:\/\/www.linkedin.com\/company\/talkpal\/\",\"https:\/\/www.youtube.com\/@TalkPal\/\",\"https:\/\/www.tiktok.com\/@talkpal\",\"https:\/\/www.instagram.com\/talkpal_ai\/\",\"https:\/\/www.crunchbase.com\/organization\/talkpal-9cde\",\"https:\/\/www.g2.com\/products\/talkpal-for-business\/\",\"https:\/\/www.trustpilot.com\/review\/talkpal.ai\",\"https:\/\/www.capterra.com\/p\/10006800\/TalkPal\/\"],\"description\":\"Talkpal is a language learning web and mobile education app, powered by the latest AI technologies, that provides engaging experiences to its customers in many different languages to help them improve their language skills. Users can chat about unlimited amount of topics with the app and use other modes to practice their language learning.\",\"email\":\"support@talkpal.ai\",\"legalName\":\"Talkpal, Inc.\",\"foundingDate\":\"2023-04-03\",\"duns\":\"118989042\",\"numberOfEmployees\":{\"@type\":\"QuantitativeValue\",\"minValue\":\"11\",\"maxValue\":\"50\"},\"publishingPrinciples\":\"https:\/\/talkpal.ai\/publishing-principles\/\",\"actionableFeedbackPolicy\":\"https:\/\/talkpal.ai\/actionable-feedback-policy\/\",\"correctionsPolicy\":\"https:\/\/talkpal.ai\/corrections-policy\/\",\"ethicsPolicy\":\"https:\/\/talkpal.ai\/ethics-policy\/\",\"diversityPolicy\":\"https:\/\/talkpal.ai\/diversity-policy\/\",\"diversityStaffingReport\":\"https:\/\/talkpal.ai\/diversity-policy\/\"}]}<\/script>\n<!-- \/ Yoast SEO Premium plugin. -->","yoast_head_json":{"title":"Ng\u1eef ph\u00e1p ti\u1ebfng \u00dd - Talkpal","description":"H\u1ecdc ng\u1eef ph\u00e1p ti\u1ebfng \u00dd d\u1ec5 d\u00e0ng - th\u1ef1c h\u00e0nh r\u00f5 r\u00e0ng, hi\u1ec3u quy t\u1eafc v\u00e0 n\u00f3i t\u1ed1t h\u01a1n v\u1edbi h\u01b0\u1edbng d\u1eabn \u0111\u01a1n gi\u1ea3n t\u1eeb TalkPal AI.","robots":{"index":"index","follow":"follow","max-snippet":"max-snippet:-1","max-image-preview":"max-image-preview:large","max-video-preview":"max-video-preview:-1"},"canonical":"https:\/\/talkpal.ai\/vi\/ngu-phap-tieng-y\/","og_locale":"vi_VN","og_type":"article","og_title":"Ng\u1eef ph\u00e1p ti\u1ebfng \u00dd","og_description":"N\u1eafm v\u1eefng ngh\u1ec7 thu\u1eadt ng\u1eef ph\u00e1p ti\u1ebfng \u00dd: H\u01b0\u1edbng d\u1eabn c\u01a1 b\u1ea3n c\u1ee7a b\u1ea1n Ciao, nh\u1eefng ng\u01b0\u1eddi \u0111am m\u00ea ng\u00f4n ng\u1eef! S\u1eb5n s\u00e0ng \u0111i s\u00e2u v\u00e0o th\u1ebf gi\u1edbi ng\u1eef ph\u00e1p ti\u1ebfng \u00dd? B\u1ea1n \u0111\u00e3","og_url":"https:\/\/talkpal.ai\/vi\/ngu-phap-tieng-y\/","og_site_name":"Talkpal","article_publisher":"https:\/\/www.facebook.com\/profile.php?id=100090733639311","article_modified_time":"2025-09-06T20:24:29+00:00","og_image":[{"width":512,"height":512,"url":"https:\/\/talkpal.ai\/wp-content\/uploads\/2023\/03\/italy.png","type":"image\/png"}],"twitter_card":"summary_large_image","twitter_site":"@talkpalai","twitter_misc":{"Est. reading time":"6 minutes"},"schema":{"@context":"https:\/\/schema.org","@graph":[{"@type":"WebPage","@id":"https:\/\/talkpal.ai\/vi\/ngu-phap-tieng-y\/","url":"https:\/\/talkpal.ai\/vi\/ngu-phap-tieng-y\/","name":"Ng\u1eef ph\u00e1p ti\u1ebfng \u00dd - Talkpal","isPartOf":{"@id":"https:\/\/talkpal.ai\/vi\/#website"},"primaryImageOfPage":{"@id":"https:\/\/talkpal.ai\/vi\/ngu-phap-tieng-y\/#primaryimage"},"image":{"@id":"https:\/\/talkpal.ai\/vi\/ngu-phap-tieng-y\/#primaryimage"},"thumbnailUrl":"https:\/\/talkpal.ai\/wp-content\/uploads\/2023\/03\/italy.png","datePublished":"2023-03-26T12:27:22+00:00","dateModified":"2025-09-06T20:24:29+00:00","description":"H\u1ecdc ng\u1eef ph\u00e1p ti\u1ebfng \u00dd d\u1ec5 d\u00e0ng - th\u1ef1c h\u00e0nh r\u00f5 r\u00e0ng, hi\u1ec3u quy t\u1eafc v\u00e0 n\u00f3i t\u1ed1t h\u01a1n v\u1edbi h\u01b0\u1edbng d\u1eabn \u0111\u01a1n gi\u1ea3n t\u1eeb TalkPal AI.","breadcrumb":{"@id":"https:\/\/talkpal.ai\/vi\/ngu-phap-tieng-y\/#breadcrumb"},"inLanguage":"vi-VN","potentialAction":[{"@type":"ReadAction","target":["https:\/\/talkpal.ai\/vi\/ngu-phap-tieng-y\/"]}]},{"@type":"ImageObject","inLanguage":"vi-VN","@id":"https:\/\/talkpal.ai\/vi\/ngu-phap-tieng-y\/#primaryimage","url":"https:\/\/talkpal.ai\/wp-content\/uploads\/2023\/03\/italy.png","contentUrl":"https:\/\/talkpal.ai\/wp-content\/uploads\/2023\/03\/italy.png","width":512,"height":512,"caption":"TalkPal AI learn Italian"},{"@type":"BreadcrumbList","@id":"https:\/\/talkpal.ai\/vi\/ngu-phap-tieng-y\/#breadcrumb","itemListElement":[{"@type":"ListItem","position":1,"name":"Homepage","item":"https:\/\/talkpal.ai\/vi\/giao-vien-ngon-ngu-ai-3\/"},{"@type":"ListItem","position":2,"name":"Ng\u1eef ph\u00e1p ti\u1ebfng \u00dd"}]},{"@type":"WebSite","@id":"https:\/\/talkpal.ai\/vi\/#website","url":"https:\/\/talkpal.ai\/vi\/","name":"Talkpal","description":"AI Language Learning","publisher":{"@id":"https:\/\/talkpal.ai\/vi\/#organization"},"alternateName":"Talkpal AI","potentialAction":[{"@type":"SearchAction","target":{"@type":"EntryPoint","urlTemplate":"https:\/\/talkpal.ai\/vi\/?s={search_term_string}"},"query-input":{"@type":"PropertyValueSpecification","valueRequired":true,"valueName":"search_term_string"}}],"inLanguage":"vi-VN"},{"@type":"Organization","@id":"https:\/\/talkpal.ai\/vi\/#organization","name":"Talkpal, Inc.","alternateName":"Talkpal AI","url":"https:\/\/talkpal.ai\/vi\/","logo":{"@type":"ImageObject","inLanguage":"vi-VN","@id":"https:\/\/talkpal.ai\/vi\/#\/schema\/logo\/image\/","url":"https:\/\/talkpal.ai\/wp-content\/uploads\/2024\/03\/Talkpal-Logo-Icon.png","contentUrl":"https:\/\/talkpal.ai\/wp-content\/uploads\/2024\/03\/Talkpal-Logo-Icon.png","width":2880,"height":2880,"caption":"Talkpal, Inc."},"image":{"@id":"https:\/\/talkpal.ai\/vi\/#\/schema\/logo\/image\/"},"sameAs":["https:\/\/www.facebook.com\/profile.php?id=100090733639311","https:\/\/x.com\/talkpalai","https:\/\/www.linkedin.com\/company\/talkpal\/","https:\/\/www.youtube.com\/@TalkPal\/","https:\/\/www.tiktok.com\/@talkpal","https:\/\/www.instagram.com\/talkpal_ai\/","https:\/\/www.crunchbase.com\/organization\/talkpal-9cde","https:\/\/www.g2.com\/products\/talkpal-for-business\/","https:\/\/www.trustpilot.com\/review\/talkpal.ai","https:\/\/www.capterra.com\/p\/10006800\/TalkPal\/"],"description":"Talkpal is a language learning web and mobile education app, powered by the latest AI technologies, that provides engaging experiences to its customers in many different languages to help them improve their language skills. Users can chat about unlimited amount of topics with the app and use other modes to practice their language learning.","email":"support@talkpal.ai","legalName":"Talkpal, Inc.","foundingDate":"2023-04-03","duns":"118989042","numberOfEmployees":{"@type":"QuantitativeValue","minValue":"11","maxValue":"50"},"publishingPrinciples":"https:\/\/talkpal.ai\/publishing-principles\/","actionableFeedbackPolicy":"https:\/\/talkpal.ai\/actionable-feedback-policy\/","correctionsPolicy":"https:\/\/talkpal.ai\/corrections-policy\/","ethicsPolicy":"https:\/\/talkpal.ai\/ethics-policy\/","diversityPolicy":"https:\/\/talkpal.ai\/diversity-policy\/","diversityStaffingReport":"https:\/\/talkpal.ai\/diversity-policy\/"}]}},"_links":{"self":[{"href":"https:\/\/talkpal.ai\/vi\/wp-json\/wp\/v2\/pages\/1445657","targetHints":{"allow":["GET"]}}],"collection":[{"href":"https:\/\/talkpal.ai\/vi\/wp-json\/wp\/v2\/pages"}],"about":[{"href":"https:\/\/talkpal.ai\/vi\/wp-json\/wp\/v2\/types\/page"}],"author":[{"embeddable":true,"href":"https:\/\/talkpal.ai\/vi\/wp-json\/wp\/v2\/users\/1"}],"replies":[{"embeddable":true,"href":"https:\/\/talkpal.ai\/vi\/wp-json\/wp\/v2\/comments?post=1445657"}],"version-history":[{"count":0,"href":"https:\/\/talkpal.ai\/vi\/wp-json\/wp\/v2\/pages\/1445657\/revisions"}],"wp:featuredmedia":[{"embeddable":true,"href":"https:\/\/talkpal.ai\/vi\/wp-json\/wp\/v2\/media\/1440165"}],"wp:attachment":[{"href":"https:\/\/talkpal.ai\/vi\/wp-json\/wp\/v2\/media?parent=1445657"}],"curies":[{"name":"wp","href":"https:\/\/api.w.org\/{rel}","templated":true}]}}