{"id":1445051,"date":"2023-05-14T13:59:24","date_gmt":"2023-05-14T13:59:24","guid":{"rendered":"https:\/\/talkpal.ai\/ngu-phap-tieng-afrikaans\/"},"modified":"2025-09-06T19:58:32","modified_gmt":"2025-09-06T19:58:32","slug":"ngu-phap-tieng-afrikaans","status":"publish","type":"page","link":"https:\/\/talkpal.ai\/vi\/ngu-phap-tieng-afrikaans\/","title":{"rendered":"Ng\u1eef ph\u00e1p ti\u1ebfng Afrikaans"},"content":{"rendered":"\r\n\r\n\r\n<section class=\"languageChallengeSection\">\r\n    <div class=\"languageInfoWrapper\">\r\n        \r\n        <h1>Ng\u1eef ph\u00e1p ti\u1ebfng Afrikaans<\/h1>\r\n        <p>Kh\u00e1m ph\u00e1 v\u1ebb \u0111\u1eb9p \u0111\u01a1n gi\u1ea3n c\u1ee7a ti\u1ebfng <a href=\"https:\/\/talkpal.ai\/learn-afrikaans\/\">Afrikaans<\/a> b\u1eb1ng c\u00e1ch t\u00ecm hi\u1ec3u c\u00e1c quy t\u1eafc <a href=\"https:\/\/talkpal.ai\/vi\/ngu-phap\/\">ng\u1eef ph\u00e1p<\/a> thi\u1ebft y\u1ebfu c\u1ee7a n\u00f3. N\u1eafm v\u1eefng <a href=\"https:\/\/talkpal.ai\/vi\/ngu-phap-tieng-nga\/\">ng\u1eef ph\u00e1p ti\u1ebfng<\/a> Afrikaans s\u1ebd gi\u00fap b\u1ea1n giao ti\u1ebfp hi\u1ec7u qu\u1ea3 v\u00e0 t\u1eadn h\u01b0\u1edfng v\u0103n h\u00f3a phong ph\u00fa c\u1ee7a ng\u01b0\u1eddi n\u00f3i. B\u1eaft \u0111\u1ea7u h\u00e0nh tr\u00ecnh ng\u1eef ph\u00e1p ti\u1ebfng Afrikaans c\u1ee7a b\u1ea1n ngay h\u00f4m nay v\u00e0 th\u1ef1c hi\u1ec7n b\u01b0\u1edbc \u0111\u1ea7u ti\u00ean h\u01b0\u1edbng t\u1edbi s\u1ef1 tr\u00f4i ch\u1ea3y!<\/p>\r\n\r\n                            <a class=\"getStartedHidden\" href=\"https:\/\/app.talkpal.ai\/vi\/signup?lng=\">B\u1eaft \u0111\u1ea7u nh\u00e9<\/a>\r\n        \r\n    <\/div>\r\n\r\n    <figure>\r\n    <img decoding=\"async\" width=\"768\" height=\"768\" src=\"https:\/\/talkpal.ai\/wp-content\/uploads\/2023\/06\/TalkPal-Afrikaans-768x768.png\" class=\"languageImage no-lazy\" alt=\"Language learning for global awareness\" fetchpriority=\"high\" sizes=\"(max-width: 768px) 150px, 768px\" srcset=\"https:\/\/talkpal.ai\/wp-content\/uploads\/2023\/06\/TalkPal-Afrikaans-768x768.png 768w, https:\/\/talkpal.ai\/wp-content\/uploads\/2023\/06\/TalkPal-Afrikaans-300x300.png 300w\" \/>\r\n    \r\n\r\n    <\/figure>\r\n\r\n            <a class=\"getStartedVisible\" href=\"https:\/\/app.talkpal.ai\/vi\/signup?lng=\">B\u1eaft \u0111\u1ea7u nh\u00e9<\/a>\r\n    \r\n<\/section>\r\n<section class=\"promotionalBanner\">\r\n    <p class=\"promotionalText\">C\u00e1ch hi\u1ec7u qu\u1ea3 nh\u1ea5t \u0111\u1ec3 h\u1ecdc m\u1ed9t <a href=\"https:\/\/talkpal.ai\/vi\/hoc-ngon-ngu-cho-cac-truong-ngon-ngu\/\">ng\u00f4n ng\u1eef<\/a><\/p>\r\n    <a class=\"promotionalLink\" href=\"https:\/\/app.talkpal.ai\/vi\/signup?lng=\">D\u00f9ng th\u1eed Talkpal mi\u1ec5n ph\u00ed<\/a>\r\n<\/section>\n<div class=\"wp-block-group pageContainerStyle\"><div class=\"wp-block-group__inner-container is-layout-constrained wp-block-group-is-layout-constrained\">\n<h2 class=\"wp-block-heading\" id=\"h-mastering-afrikaans-grammar-your-ultimate-guide\">N\u1eafm v\u1eefng ng\u1eef ph\u00e1p ti\u1ebfng Afrikaans: H\u01b0\u1edbng d\u1eabn c\u01a1 b\u1ea3n c\u1ee7a b\u1ea1n<\/h2>\n\n\n\n<p><strong>Goeie dag<\/strong>, <a href=\"https:\/\/talkpal.ai\/talkpal-discount-for-language-enthusiasts\/\">nh\u1eefng ng\u01b0\u1eddi \u0111am m\u00ea ng\u00f4n ng\u1eef<\/a>! B\u1ea1n \u0111\u00e3 s\u1eb5n s\u00e0ng b\u1eaft \u0111\u1ea7u cu\u1ed9c h\u00e0nh tr\u00ecnh v\u00e0o th\u1ebf gi\u1edbi ng\u1eef ph\u00e1p ti\u1ebfng Afrikaans ch\u01b0a? B\u1ea1n \u0111\u00e3 \u0111\u1ebfn \u0111\u00fang n\u01a1i. Ch\u1ee9a \u0111\u1ea7y th\u00f4ng tin d\u1ec5 hi\u1ec3u v\u00e0 gi\u1ecdng \u0111i\u1ec7u tr\u00f2 chuy\u1ec7n, b\u00e0i vi\u1ebft n\u00e0y s\u1ebd h\u01b0\u1edbng d\u1eabn b\u1ea1n qua l\u0129nh v\u1ef1c h\u1ea5p d\u1eabn c\u1ee7a ng\u1eef ph\u00e1p ti\u1ebfng Afrikaans. Ch\u1eb3ng bao l\u00e2u n\u1eefa, b\u1ea1n s\u1ebd c\u00f3 th\u1ec3 x\u00e2y d\u1ef1ng c\u00e1c c\u00e2u v\u00e0 c\u00f3 nh\u1eefng cu\u1ed9c tr\u00f2 chuy\u1ec7n c\u00f3 \u00fd ngh\u0129a v\u1edbi ng\u01b0\u1eddi b\u1ea3n ng\u1eef. V\u00ec v\u1eady, h\u00e3y b\u1eaft \u0111\u1ea7u!<\/p>\n\n\n\n<p><strong>Nh\u01b0ng tr\u01b0\u1edbc ti\u00ean, t\u1ea1i sao l\u1ea1i l\u00e0 ng\u1eef ph\u00e1p ti\u1ebfng Afrikaans?<\/strong><\/p>\n\n\n\n<p>N\u1ebfu b\u1ea1n \u0111ang <a href=\"https:\/\/talkpal.ai\/vi\/hoc-tieng-han-truc-tuyen-voi-ai\/\">h\u1ecdc ti\u1ebfng<\/a> Afrikaans, n\u1ec1n t\u1ea3ng ng\u1eef ph\u00e1p v\u1eefng ch\u1eafc l\u00e0 r\u1ea5t quan tr\u1ecdng \u0111\u1ec3 n\u00f3i, \u0111\u1ecdc v\u00e0 vi\u1ebft tr\u00f4i ch\u1ea3y. M\u1eb7c d\u00f9 ng\u1eef ph\u00e1p ti\u1ebfng Afrikaans tho\u1ea1t \u0111\u1ea7u c\u00f3 v\u1ebb ph\u1ee9c t\u1ea1p, nh\u01b0ng n\u00f3 t\u01b0\u01a1ng \u0111\u1ed1i \u0111\u01a1n gi\u1ea3n khi b\u1ea1n chia n\u00f3 th\u00e0nh c\u00e1c ph\u1ea7n nh\u1ecf h\u01a1n, d\u1ec5 qu\u1ea3n l\u00fd h\u01a1n. V\u00ec v\u1eady, h\u00e3y b\u1eaft \u0111\u1ea7u h\u00e0nh tr\u00ecnh c\u1ee7a b\u1ea1n \u0111\u1ec3 n\u1eafm v\u1eefng ng\u1eef ph\u00e1p ti\u1ebfng Afrikaans!<\/p>\n\n\n\n<h3 class=\"wp-block-heading\" id=\"h-1-nouns-gender-and-articles\">1. Danh t\u1eeb, gi\u1edbi t\u00ednh v\u00e0 m\u1ea1o t\u1eeb<\/h3>\n\n\n\n<p>Kh\u00f4ng gi\u1ed1ng nh\u01b0 nhi\u1ec1u ng\u00f4n ng\u1eef kh\u00e1c, danh t\u1eeb ti\u1ebfng Afrikaans kh\u00f4ng c\u00f3 gi\u1edbi t\u00ednh, khi\u1ebfn ch\u00fang d\u1ec5 h\u1ecdc h\u01a1n. M\u1ea1o t\u1eeb x\u00e1c \u0111\u1ecbnh &#8220;die&#8221; (the) \u0111\u01b0\u1ee3c s\u1eed d\u1ee5ng cho t\u1ea5t c\u1ea3 c\u00e1c danh t\u1eeb, trong khi m\u1ea1o t\u1eeb kh\u00f4ng x\u00e1c \u0111\u1ecbnh &#8221; &#8216;n &#8221; ho\u1eb7c &#8220;een&#8221; (a\/an) c\u0169ng kh\u00f4ng ph\u00e2n bi\u1ec7t gi\u1edbi t\u00ednh.  <\/p>\n\n\n\n<p>Ch\u1eb3ng h\u1ea1n:<\/p>\n\n\n\n<p>\u2013 Die Hond ()<\/p>\n\n\n\n<p>\u2013 &#8216;n hond (m\u1ed9t)<\/p>\n\n\n\n<h3 class=\"wp-block-heading\" id=\"h-2-adjectives\">2. T\u00ednh t\u1eeb<\/h3>\n\n\n\n<p>Trong ti\u1ebfng Afrikaans, t\u00ednh t\u1eeb th\u01b0\u1eddng \u0111\u1ee9ng tr\u01b0\u1edbc danh t\u1eeb m\u00e0 ch\u00fang s\u1eeda \u0111\u1ed5i v\u00e0 \u0111\u1ed3ng \u00fd v\u1edbi danh t\u1eeb <a href=\"https:\/\/talkpal.ai\/vi\/ve\/\">v\u1ec1<\/a> s\u1ed1. T\u00ednh t\u1eeb kh\u00f4ng c\u00f3 s\u1ef1 \u0111\u1ed3ng thu\u1eadn gi\u1edbi t\u00ednh. Ch\u1eb3ng h\u1ea1n:<\/p>\n\n\n\n<p>\u2013 &#8216;n groot huis (m\u1ed9t ng\u00f4i nh\u00e0 l\u1edbn)<\/p>\n\n\n\n<p>\u2013 Twee Groot Huise (Hai ng\u00f4i nh\u00e0 l\u1edbn)<\/p>\n\n\n\n<p>M\u1ed9t s\u1ed1 t\u00ednh t\u1eeb y\u00eau c\u1ea7u th\u00eam &#8220;-e&#8221; khi m\u00f4 t\u1ea3 m\u1ed9t danh t\u1eeb s\u1ed1 nhi\u1ec1u:<\/p>\n\n\n\n<p>\u2013 &#8216;n ou man (m\u1ed9t \u00f4ng gi\u00e0)<\/p>\n\n\n\n<p>\u2013 Twee ou Manne (hai \u00f4ng gi\u00e0)<\/p>\n\n\n\n<h3 class=\"wp-block-heading\" id=\"h-3-verbs-and-tense\">3. \u0110\u1ed9ng t\u1eeb v\u00e0 th\u00ec<\/h3>\n\n\n\n<p>\u0110\u1ed9ng t\u1eeb ti\u1ebfng Afrikaans t\u01b0\u01a1ng \u0111\u1ed1i d\u1ec5 h\u1ecdc v\u00ec ch\u00fang kh\u00f4ng \u0111\u01b0\u1ee3c chia \u0111\u1ed9ng t\u1eeb d\u1ef1a tr\u00ean ch\u1ee7 ng\u1eef c\u1ee7a c\u00e2u. Ngo\u00e0i ra, ti\u1ebfng Afrikaans c\u00f3 \u00edt th\u00ec h\u01a1n nhi\u1ec1u ng\u00f4n ng\u1eef kh\u00e1c. \u0110\u1ec3 cung c\u1ea5p cho b\u1ea1n h\u01b0\u01a1ng v\u1ecb c\u1ee7a c\u00e1c \u0111\u1ed9ng t\u1eeb ti\u1ebfng Afrikaans, ch\u00fang ta h\u00e3y th\u1ea3o lu\u1eadn v\u1ec1 c\u00e1c \u0111\u1ed9ng t\u1eeb th\u00f4ng th\u01b0\u1eddng \u1edf th\u00ec hi\u1ec7n t\u1ea1i:<\/p>\n\n\n\n<p>\u2013 Ek leer (T\u00f4i h\u1ecdc)<\/p>\n\n\n\n<p>\u2013 Jy \/ u leer (b\u1ea1n h\u1ecdc, kh\u00f4ng ch\u00ednh th\u1ee9c \/ ch\u00ednh th\u1ee9c)<\/p>\n\n\n\n<p>\u2013 Hy \/ sy \/ dit leer (anh \u1ea5y \/ c\u00f4 \u1ea5y \/ n\u00f3 h\u1ecdc)<\/p>\n\n\n\n<p>\u2013 Ons \/ julle leer (ch\u00fang t\u00f4i \/ t\u1ea5t c\u1ea3 c\u00e1c b\u1ea1n \u0111\u1ec1u h\u1ecdc)<\/p>\n\n\n\n<p>\u2013 Hulle leer (h\u1ecd h\u1ecdc)<\/p>\n\n\n\n<p>H\u00e3y nh\u1edb r\u1eb1ng, \u0111\u00e2y ch\u1ec9 l\u00e0 ph\u1ea7n n\u1ed5i c\u1ee7a t\u1ea3ng b\u0103ng ch\u00ecm! Khi b\u1ea1n ti\u1ebfn b\u1ed9 trong h\u1ecdc t\u1eadp, b\u1ea1n s\u1ebd g\u1eb7p ph\u1ea3i nhi\u1ec1u th\u00ec kh\u00e1c v\u00e0 m\u1ed9t s\u1ed1 \u0111\u1ed9ng t\u1eeb b\u1ea5t quy t\u1eafc.<\/p>\n\n\n\n<h3 class=\"wp-block-heading\" id=\"h-4-pronouns-prepositions-and-more\">4. \u0110\u1ea1i t\u1eeb, gi\u1edbi t\u1eeb, v.v.!<\/h3>\n\n\n\n<p>Ng\u1eef ph\u00e1p ti\u1ebfng Afrikaans bao g\u1ed3m c\u00e1c th\u00e0nh ph\u1ea7n kh\u00e1c nh\u01b0 \u0111\u1ea1i t\u1eeb (ek, jy, hy, sy, v.v.), gi\u1edbi t\u1eeb (in, op, met, v.v.) v\u00e0 c\u00e1c bi\u1ec3u th\u1ee9c th\u00e0nh ng\u1eef. Khi b\u1ea1n h\u1ecdc ng\u00f4n ng\u1eef, b\u1ea1n s\u1ebd c\u1ea7n ph\u1ea3i n\u1eafm v\u1eefng t\u1eebng y\u1ebfu t\u1ed1 n\u00e0y \u0111\u1ec3 tr\u00f4i ch\u1ea3y to\u00e0n di\u1ec7n.<\/p>\n\n\n\n<p>T\u00f3m l\u1ea1i, vi\u1ec7c th\u00e0nh th\u1ea1o ng\u1eef ph\u00e1p ti\u1ebfng Afrikaans \u0111\u00f2i h\u1ecfi s\u1ef1 ki\u00ean tr\u00ec, luy\u1ec7n t\u1eadp v\u00e0 ki\u00ean nh\u1eabn. Nh\u01b0ng m\u1ed9t khi b\u1ea1n \u0111\u00e3 n\u1eafm b\u1eaft \u0111\u01b0\u1ee3c s\u1ef1 ph\u1ee9c t\u1ea1p c\u1ee7a ng\u00f4n ng\u1eef, b\u1ea1n s\u1ebd tr\u00ean \u0111\u01b0\u1eddng tr\u00f2 chuy\u1ec7n v\u1edbi ng\u01b0\u1eddi b\u1ea3n ng\u1eef, tr\u1ea3i nghi\u1ec7m v\u0103n h\u00f3a v\u00e0 l\u1ecbch s\u1eed phong ph\u00fa c\u1ee7a th\u1ebf gi\u1edbi n\u00f3i ti\u1ebfng Afrikaans, \u0111\u1ed3ng th\u1eddi l\u00e0m s\u00e2u s\u1eafc th\u00eam t\u00ecnh y\u00eau c\u1ee7a b\u1ea1n \u0111\u1ed1i v\u1edbi ng\u00f4n ng\u1eef n\u00e0y. Sterkte (ch\u00fac may m\u1eafn)!<\/p>\n<\/div><\/div>\n\r\n<section class=\"learnNavigationSection\">\r\n            \r\n        <a href=\"https:\/\/talkpal.ai\/vi\/hoc-tieng-afrikaans\/\">\r\n            <div class=\"learnNavigationWrapper\">\r\n                <div class=\"learnNavigationContent\">\r\n                    <img decoding=\"async\" src=\"https:\/\/talkpal.ai\/wp-content\/uploads\/2024\/08\/Afrikaans.jpg\" alt=\"South Africa Flag\">\r\n                    <div>\r\n                        <h4>Gi\u1edbi thi\u1ec7u v\u1ec1 ti\u1ebfng Afrikaans Learning<\/h4>\r\n                        <p>T\u00ecm hi\u1ec3u t\u1ea5t c\u1ea3 v\u1ec1 ng\u1eef ph\u00e1p ti\u1ebfng Afrikaans.<\/p>\r\n                    <\/div>\r\n                <\/div>\r\n            <\/div>\r\n        <\/a>\r\n\r\n        \r\n        <a href=\"https:\/\/talkpal.ai\/vi\/bai-tap-ngu-phap-tieng-afrikaans\/\">\r\n            <div class=\"learnNavigationWrapper\">\r\n                <div class=\"learnNavigationContent\">\r\n                    <img decoding=\"async\" src=\"https:\/\/talkpal.ai\/wp-content\/uploads\/2024\/08\/Afrikaans.jpg\" alt=\"South Africa Flag\">\r\n                    <div>\r\n                        <h4>B\u00e0i t\u1eadp ng\u1eef ph\u00e1p ti\u1ebfng Afrikaans<\/h4>\r\n                        <p>Th\u1ef1c h\u00e0nh ng\u1eef ph\u00e1p ti\u1ebfng Afrikaans.<\/p>\r\n                    <\/div>\r\n                <\/div>\r\n            <\/div>\r\n        <\/a>\r\n\r\n        \r\n        <a href=\"https:\/\/talkpal.ai\/vocabulary_language\/afrikaans\/\">\r\n            <div class=\"learnNavigationWrapper\">\r\n                <div class=\"learnNavigationContent\">\r\n                    <img decoding=\"async\" src=\"https:\/\/talkpal.ai\/wp-content\/uploads\/2024\/08\/Afrikaans.jpg\" alt=\"South Africa Flag\">\r\n                    <div>\r\n                        <h4>T\u1eeb v\u1ef1ng ti\u1ebfng Afrikaans<\/h4>\r\n                        <p>M\u1edf r\u1ed9ng v\u1ed1n t\u1eeb v\u1ef1ng ti\u1ebfng Afrikaans c\u1ee7a b\u1ea1n.<\/p>\r\n                    <\/div>\r\n                <\/div>\r\n            <\/div>\r\n        <\/a>\r\n\r\n            <\/section>","protected":false},"excerpt":{"rendered":"<p>N\u1eafm v\u1eefng ng\u1eef ph\u00e1p ti\u1ebfng Afrikaans: H\u01b0\u1edbng d\u1eabn c\u01a1 b\u1ea3n c\u1ee7a b\u1ea1n Goeie dag, nh\u1eefng ng\u01b0\u1eddi \u0111am m\u00ea ng\u00f4n ng\u1eef! B\u1ea1n \u0111\u00e3 s\u1eb5n s\u00e0ng b\u1eaft \u0111\u1ea7u cu\u1ed9c h\u00e0nh tr\u00ecnh v\u00e0o th\u1ebf gi\u1edbi ng\u1eef ph\u00e1p ti\u1ebfng Afrikaans ch\u01b0a? B\u1ea1n \u0111\u00e3 \u0111\u1ebfn \u0111\u00fang n\u01a1i. Ch\u1ee9a \u0111\u1ea7y th\u00f4ng tin d\u1ec5 hi\u1ec3u v\u00e0 gi\u1ecdng \u0111i\u1ec7u tr\u00f2 chuy\u1ec7n, b\u00e0i vi\u1ebft [&hellip;]<\/p>\n","protected":false},"author":1,"featured_media":1445053,"parent":0,"menu_order":0,"comment_status":"closed","ping_status":"closed","template":"LearningContentPage.php","meta":{"_acf_changed":false,"footnotes":""},"class_list":["post-1445051","page","type-page","status-publish","has-post-thumbnail","hentry"],"acf":[],"yoast_head":"<!-- This site is optimized with the Yoast SEO Premium plugin v27.2 (Yoast SEO v27.2) - https:\/\/yoast.com\/product\/yoast-seo-premium-wordpress\/ -->\n<title>Ng\u1eef ph\u00e1p ti\u1ebfng Afrikaans - Talkpal<\/title>\n<meta name=\"description\" content=\"Kh\u00e1m ph\u00e1 ng\u1eef ph\u00e1p ti\u1ebfng Afrikaans v\u1edbi h\u01b0\u1edbng d\u1eabn th\u00e2n thi\u1ec7n v\u1edbi ng\u01b0\u1eddi m\u1edbi b\u1eaft \u0111\u1ea7u c\u1ee7a ch\u00fang t\u00f4i. N\u1eafm v\u1eefng c\u00e1ch x\u00e2y d\u1ef1ng c\u00e2u v\u00e0 n\u00e2ng cao k\u1ef9 n\u0103ng \u0111\u00e0m tho\u1ea1i c\u1ee7a b\u1ea1n.\" \/>\n<meta name=\"robots\" content=\"index, follow, max-snippet:-1, max-image-preview:large, max-video-preview:-1\" \/>\n<link rel=\"canonical\" href=\"https:\/\/talkpal.ai\/vi\/ngu-phap-tieng-afrikaans\/\" \/>\n<meta property=\"og:locale\" content=\"vi_VN\" \/>\n<meta property=\"og:type\" content=\"article\" \/>\n<meta property=\"og:title\" content=\"Ng\u1eef ph\u00e1p ti\u1ebfng Afrikaans\" \/>\n<meta property=\"og:description\" content=\"N\u1eafm v\u1eefng ng\u1eef ph\u00e1p ti\u1ebfng Afrikaans: H\u01b0\u1edbng d\u1eabn c\u01a1 b\u1ea3n c\u1ee7a b\u1ea1n Goeie dag, nh\u1eefng ng\u01b0\u1eddi \u0111am m\u00ea ng\u00f4n ng\u1eef! B\u1ea1n \u0111\u00e3 s\u1eb5n s\u00e0ng b\u1eaft \u0111\u1ea7u cu\u1ed9c h\u00e0nh tr\u00ecnh v\u00e0o th\u1ebf gi\u1edbi\" \/>\n<meta property=\"og:url\" content=\"https:\/\/talkpal.ai\/vi\/ngu-phap-tieng-afrikaans\/\" \/>\n<meta property=\"og:site_name\" content=\"Talkpal\" \/>\n<meta property=\"article:publisher\" content=\"https:\/\/www.facebook.com\/profile.php?id=100090733639311\" \/>\n<meta property=\"article:modified_time\" content=\"2025-09-06T19:58:32+00:00\" \/>\n<meta property=\"og:image\" content=\"https:\/\/talkpal.ai\/wp-content\/uploads\/2023\/05\/south-africa.png\" \/>\n\t<meta property=\"og:image:width\" content=\"512\" \/>\n\t<meta property=\"og:image:height\" content=\"512\" \/>\n\t<meta property=\"og:image:type\" content=\"image\/png\" \/>\n<meta name=\"twitter:card\" content=\"summary_large_image\" \/>\n<meta name=\"twitter:site\" content=\"@talkpalai\" \/>\n<meta name=\"twitter:label1\" content=\"Est. reading time\" \/>\n\t<meta name=\"twitter:data1\" content=\"5 minutes\" \/>\n<script type=\"application\/ld+json\" class=\"yoast-schema-graph\">{\"@context\":\"https:\/\/schema.org\",\"@graph\":[{\"@type\":\"WebPage\",\"@id\":\"https:\/\/talkpal.ai\/vi\/ngu-phap-tieng-afrikaans\/\",\"url\":\"https:\/\/talkpal.ai\/vi\/ngu-phap-tieng-afrikaans\/\",\"name\":\"Ng\u1eef ph\u00e1p ti\u1ebfng Afrikaans - Talkpal\",\"isPartOf\":{\"@id\":\"https:\/\/talkpal.ai\/vi\/#website\"},\"primaryImageOfPage\":{\"@id\":\"https:\/\/talkpal.ai\/vi\/ngu-phap-tieng-afrikaans\/#primaryimage\"},\"image\":{\"@id\":\"https:\/\/talkpal.ai\/vi\/ngu-phap-tieng-afrikaans\/#primaryimage\"},\"thumbnailUrl\":\"https:\/\/talkpal.ai\/wp-content\/uploads\/2023\/05\/south-africa.png\",\"datePublished\":\"2023-05-14T13:59:24+00:00\",\"dateModified\":\"2025-09-06T19:58:32+00:00\",\"description\":\"Kh\u00e1m ph\u00e1 ng\u1eef ph\u00e1p ti\u1ebfng Afrikaans v\u1edbi h\u01b0\u1edbng d\u1eabn th\u00e2n thi\u1ec7n v\u1edbi ng\u01b0\u1eddi m\u1edbi b\u1eaft \u0111\u1ea7u c\u1ee7a ch\u00fang t\u00f4i. N\u1eafm v\u1eefng c\u00e1ch x\u00e2y d\u1ef1ng c\u00e2u v\u00e0 n\u00e2ng cao k\u1ef9 n\u0103ng \u0111\u00e0m tho\u1ea1i c\u1ee7a b\u1ea1n.\",\"breadcrumb\":{\"@id\":\"https:\/\/talkpal.ai\/vi\/ngu-phap-tieng-afrikaans\/#breadcrumb\"},\"inLanguage\":\"vi-VN\",\"potentialAction\":[{\"@type\":\"ReadAction\",\"target\":[\"https:\/\/talkpal.ai\/vi\/ngu-phap-tieng-afrikaans\/\"]}]},{\"@type\":\"ImageObject\",\"inLanguage\":\"vi-VN\",\"@id\":\"https:\/\/talkpal.ai\/vi\/ngu-phap-tieng-afrikaans\/#primaryimage\",\"url\":\"https:\/\/talkpal.ai\/wp-content\/uploads\/2023\/05\/south-africa.png\",\"contentUrl\":\"https:\/\/talkpal.ai\/wp-content\/uploads\/2023\/05\/south-africa.png\",\"width\":512,\"height\":512,\"caption\":\"TalkPal South Arica Flag\"},{\"@type\":\"BreadcrumbList\",\"@id\":\"https:\/\/talkpal.ai\/vi\/ngu-phap-tieng-afrikaans\/#breadcrumb\",\"itemListElement\":[{\"@type\":\"ListItem\",\"position\":1,\"name\":\"Homepage\",\"item\":\"https:\/\/talkpal.ai\/vi\/giao-vien-ngon-ngu-ai-3\/\"},{\"@type\":\"ListItem\",\"position\":2,\"name\":\"Ng\u1eef ph\u00e1p ti\u1ebfng Afrikaans\"}]},{\"@type\":\"WebSite\",\"@id\":\"https:\/\/talkpal.ai\/vi\/#website\",\"url\":\"https:\/\/talkpal.ai\/vi\/\",\"name\":\"Talkpal\",\"description\":\"AI Language Learning\",\"publisher\":{\"@id\":\"https:\/\/talkpal.ai\/vi\/#organization\"},\"alternateName\":\"Talkpal AI\",\"potentialAction\":[{\"@type\":\"SearchAction\",\"target\":{\"@type\":\"EntryPoint\",\"urlTemplate\":\"https:\/\/talkpal.ai\/vi\/?s={search_term_string}\"},\"query-input\":{\"@type\":\"PropertyValueSpecification\",\"valueRequired\":true,\"valueName\":\"search_term_string\"}}],\"inLanguage\":\"vi-VN\"},{\"@type\":\"Organization\",\"@id\":\"https:\/\/talkpal.ai\/vi\/#organization\",\"name\":\"Talkpal, Inc.\",\"alternateName\":\"Talkpal AI\",\"url\":\"https:\/\/talkpal.ai\/vi\/\",\"logo\":{\"@type\":\"ImageObject\",\"inLanguage\":\"vi-VN\",\"@id\":\"https:\/\/talkpal.ai\/vi\/#\/schema\/logo\/image\/\",\"url\":\"https:\/\/talkpal.ai\/wp-content\/uploads\/2024\/03\/Talkpal-Logo-Icon.png\",\"contentUrl\":\"https:\/\/talkpal.ai\/wp-content\/uploads\/2024\/03\/Talkpal-Logo-Icon.png\",\"width\":2880,\"height\":2880,\"caption\":\"Talkpal, Inc.\"},\"image\":{\"@id\":\"https:\/\/talkpal.ai\/vi\/#\/schema\/logo\/image\/\"},\"sameAs\":[\"https:\/\/www.facebook.com\/profile.php?id=100090733639311\",\"https:\/\/x.com\/talkpalai\",\"https:\/\/www.linkedin.com\/company\/talkpal\/\",\"https:\/\/www.youtube.com\/@TalkPal\/\",\"https:\/\/www.tiktok.com\/@talkpal\",\"https:\/\/www.instagram.com\/talkpal_ai\/\",\"https:\/\/www.crunchbase.com\/organization\/talkpal-9cde\",\"https:\/\/www.g2.com\/products\/talkpal-for-business\/\",\"https:\/\/www.trustpilot.com\/review\/talkpal.ai\",\"https:\/\/www.capterra.com\/p\/10006800\/TalkPal\/\"],\"description\":\"Talkpal is a language learning web and mobile education app, powered by the latest AI technologies, that provides engaging experiences to its customers in many different languages to help them improve their language skills. Users can chat about unlimited amount of topics with the app and use other modes to practice their language learning.\",\"email\":\"support@talkpal.ai\",\"legalName\":\"Talkpal, Inc.\",\"foundingDate\":\"2023-04-03\",\"duns\":\"118989042\",\"numberOfEmployees\":{\"@type\":\"QuantitativeValue\",\"minValue\":\"11\",\"maxValue\":\"50\"},\"publishingPrinciples\":\"https:\/\/talkpal.ai\/publishing-principles\/\",\"actionableFeedbackPolicy\":\"https:\/\/talkpal.ai\/actionable-feedback-policy\/\",\"correctionsPolicy\":\"https:\/\/talkpal.ai\/corrections-policy\/\",\"ethicsPolicy\":\"https:\/\/talkpal.ai\/ethics-policy\/\",\"diversityPolicy\":\"https:\/\/talkpal.ai\/diversity-policy\/\",\"diversityStaffingReport\":\"https:\/\/talkpal.ai\/diversity-policy\/\"}]}<\/script>\n<!-- \/ Yoast SEO Premium plugin. -->","yoast_head_json":{"title":"Ng\u1eef ph\u00e1p ti\u1ebfng Afrikaans - Talkpal","description":"Kh\u00e1m ph\u00e1 ng\u1eef ph\u00e1p ti\u1ebfng Afrikaans v\u1edbi h\u01b0\u1edbng d\u1eabn th\u00e2n thi\u1ec7n v\u1edbi ng\u01b0\u1eddi m\u1edbi b\u1eaft \u0111\u1ea7u c\u1ee7a ch\u00fang t\u00f4i. N\u1eafm v\u1eefng c\u00e1ch x\u00e2y d\u1ef1ng c\u00e2u v\u00e0 n\u00e2ng cao k\u1ef9 n\u0103ng \u0111\u00e0m tho\u1ea1i c\u1ee7a b\u1ea1n.","robots":{"index":"index","follow":"follow","max-snippet":"max-snippet:-1","max-image-preview":"max-image-preview:large","max-video-preview":"max-video-preview:-1"},"canonical":"https:\/\/talkpal.ai\/vi\/ngu-phap-tieng-afrikaans\/","og_locale":"vi_VN","og_type":"article","og_title":"Ng\u1eef ph\u00e1p ti\u1ebfng Afrikaans","og_description":"N\u1eafm v\u1eefng ng\u1eef ph\u00e1p ti\u1ebfng Afrikaans: H\u01b0\u1edbng d\u1eabn c\u01a1 b\u1ea3n c\u1ee7a b\u1ea1n Goeie dag, nh\u1eefng ng\u01b0\u1eddi \u0111am m\u00ea ng\u00f4n ng\u1eef! B\u1ea1n \u0111\u00e3 s\u1eb5n s\u00e0ng b\u1eaft \u0111\u1ea7u cu\u1ed9c h\u00e0nh tr\u00ecnh v\u00e0o th\u1ebf gi\u1edbi","og_url":"https:\/\/talkpal.ai\/vi\/ngu-phap-tieng-afrikaans\/","og_site_name":"Talkpal","article_publisher":"https:\/\/www.facebook.com\/profile.php?id=100090733639311","article_modified_time":"2025-09-06T19:58:32+00:00","og_image":[{"width":512,"height":512,"url":"https:\/\/talkpal.ai\/wp-content\/uploads\/2023\/05\/south-africa.png","type":"image\/png"}],"twitter_card":"summary_large_image","twitter_site":"@talkpalai","twitter_misc":{"Est. reading time":"5 minutes"},"schema":{"@context":"https:\/\/schema.org","@graph":[{"@type":"WebPage","@id":"https:\/\/talkpal.ai\/vi\/ngu-phap-tieng-afrikaans\/","url":"https:\/\/talkpal.ai\/vi\/ngu-phap-tieng-afrikaans\/","name":"Ng\u1eef ph\u00e1p ti\u1ebfng Afrikaans - Talkpal","isPartOf":{"@id":"https:\/\/talkpal.ai\/vi\/#website"},"primaryImageOfPage":{"@id":"https:\/\/talkpal.ai\/vi\/ngu-phap-tieng-afrikaans\/#primaryimage"},"image":{"@id":"https:\/\/talkpal.ai\/vi\/ngu-phap-tieng-afrikaans\/#primaryimage"},"thumbnailUrl":"https:\/\/talkpal.ai\/wp-content\/uploads\/2023\/05\/south-africa.png","datePublished":"2023-05-14T13:59:24+00:00","dateModified":"2025-09-06T19:58:32+00:00","description":"Kh\u00e1m ph\u00e1 ng\u1eef ph\u00e1p ti\u1ebfng Afrikaans v\u1edbi h\u01b0\u1edbng d\u1eabn th\u00e2n thi\u1ec7n v\u1edbi ng\u01b0\u1eddi m\u1edbi b\u1eaft \u0111\u1ea7u c\u1ee7a ch\u00fang t\u00f4i. N\u1eafm v\u1eefng c\u00e1ch x\u00e2y d\u1ef1ng c\u00e2u v\u00e0 n\u00e2ng cao k\u1ef9 n\u0103ng \u0111\u00e0m tho\u1ea1i c\u1ee7a b\u1ea1n.","breadcrumb":{"@id":"https:\/\/talkpal.ai\/vi\/ngu-phap-tieng-afrikaans\/#breadcrumb"},"inLanguage":"vi-VN","potentialAction":[{"@type":"ReadAction","target":["https:\/\/talkpal.ai\/vi\/ngu-phap-tieng-afrikaans\/"]}]},{"@type":"ImageObject","inLanguage":"vi-VN","@id":"https:\/\/talkpal.ai\/vi\/ngu-phap-tieng-afrikaans\/#primaryimage","url":"https:\/\/talkpal.ai\/wp-content\/uploads\/2023\/05\/south-africa.png","contentUrl":"https:\/\/talkpal.ai\/wp-content\/uploads\/2023\/05\/south-africa.png","width":512,"height":512,"caption":"TalkPal South Arica Flag"},{"@type":"BreadcrumbList","@id":"https:\/\/talkpal.ai\/vi\/ngu-phap-tieng-afrikaans\/#breadcrumb","itemListElement":[{"@type":"ListItem","position":1,"name":"Homepage","item":"https:\/\/talkpal.ai\/vi\/giao-vien-ngon-ngu-ai-3\/"},{"@type":"ListItem","position":2,"name":"Ng\u1eef ph\u00e1p ti\u1ebfng Afrikaans"}]},{"@type":"WebSite","@id":"https:\/\/talkpal.ai\/vi\/#website","url":"https:\/\/talkpal.ai\/vi\/","name":"Talkpal","description":"AI Language Learning","publisher":{"@id":"https:\/\/talkpal.ai\/vi\/#organization"},"alternateName":"Talkpal AI","potentialAction":[{"@type":"SearchAction","target":{"@type":"EntryPoint","urlTemplate":"https:\/\/talkpal.ai\/vi\/?s={search_term_string}"},"query-input":{"@type":"PropertyValueSpecification","valueRequired":true,"valueName":"search_term_string"}}],"inLanguage":"vi-VN"},{"@type":"Organization","@id":"https:\/\/talkpal.ai\/vi\/#organization","name":"Talkpal, Inc.","alternateName":"Talkpal AI","url":"https:\/\/talkpal.ai\/vi\/","logo":{"@type":"ImageObject","inLanguage":"vi-VN","@id":"https:\/\/talkpal.ai\/vi\/#\/schema\/logo\/image\/","url":"https:\/\/talkpal.ai\/wp-content\/uploads\/2024\/03\/Talkpal-Logo-Icon.png","contentUrl":"https:\/\/talkpal.ai\/wp-content\/uploads\/2024\/03\/Talkpal-Logo-Icon.png","width":2880,"height":2880,"caption":"Talkpal, Inc."},"image":{"@id":"https:\/\/talkpal.ai\/vi\/#\/schema\/logo\/image\/"},"sameAs":["https:\/\/www.facebook.com\/profile.php?id=100090733639311","https:\/\/x.com\/talkpalai","https:\/\/www.linkedin.com\/company\/talkpal\/","https:\/\/www.youtube.com\/@TalkPal\/","https:\/\/www.tiktok.com\/@talkpal","https:\/\/www.instagram.com\/talkpal_ai\/","https:\/\/www.crunchbase.com\/organization\/talkpal-9cde","https:\/\/www.g2.com\/products\/talkpal-for-business\/","https:\/\/www.trustpilot.com\/review\/talkpal.ai","https:\/\/www.capterra.com\/p\/10006800\/TalkPal\/"],"description":"Talkpal is a language learning web and mobile education app, powered by the latest AI technologies, that provides engaging experiences to its customers in many different languages to help them improve their language skills. Users can chat about unlimited amount of topics with the app and use other modes to practice their language learning.","email":"support@talkpal.ai","legalName":"Talkpal, Inc.","foundingDate":"2023-04-03","duns":"118989042","numberOfEmployees":{"@type":"QuantitativeValue","minValue":"11","maxValue":"50"},"publishingPrinciples":"https:\/\/talkpal.ai\/publishing-principles\/","actionableFeedbackPolicy":"https:\/\/talkpal.ai\/actionable-feedback-policy\/","correctionsPolicy":"https:\/\/talkpal.ai\/corrections-policy\/","ethicsPolicy":"https:\/\/talkpal.ai\/ethics-policy\/","diversityPolicy":"https:\/\/talkpal.ai\/diversity-policy\/","diversityStaffingReport":"https:\/\/talkpal.ai\/diversity-policy\/"}]}},"_links":{"self":[{"href":"https:\/\/talkpal.ai\/vi\/wp-json\/wp\/v2\/pages\/1445051","targetHints":{"allow":["GET"]}}],"collection":[{"href":"https:\/\/talkpal.ai\/vi\/wp-json\/wp\/v2\/pages"}],"about":[{"href":"https:\/\/talkpal.ai\/vi\/wp-json\/wp\/v2\/types\/page"}],"author":[{"embeddable":true,"href":"https:\/\/talkpal.ai\/vi\/wp-json\/wp\/v2\/users\/1"}],"replies":[{"embeddable":true,"href":"https:\/\/talkpal.ai\/vi\/wp-json\/wp\/v2\/comments?post=1445051"}],"version-history":[{"count":0,"href":"https:\/\/talkpal.ai\/vi\/wp-json\/wp\/v2\/pages\/1445051\/revisions"}],"wp:featuredmedia":[{"embeddable":true,"href":"https:\/\/talkpal.ai\/vi\/wp-json\/wp\/v2\/media\/1445053"}],"wp:attachment":[{"href":"https:\/\/talkpal.ai\/vi\/wp-json\/wp\/v2\/media?parent=1445051"}],"curies":[{"name":"wp","href":"https:\/\/api.w.org\/{rel}","templated":true}]}}