{"id":1444959,"date":"2023-05-14T13:48:36","date_gmt":"2023-05-14T13:48:36","guid":{"rendered":"https:\/\/talkpal.ai\/ngu-phap-tieng-trung\/"},"modified":"2025-09-06T19:55:35","modified_gmt":"2025-09-06T19:55:35","slug":"ngu-phap-tieng-trung","status":"publish","type":"page","link":"https:\/\/talkpal.ai\/vi\/ngu-phap-tieng-trung\/","title":{"rendered":"Ng\u1eef ph\u00e1p ti\u1ebfng Trung"},"content":{"rendered":"\r\n\r\n\r\n<section class=\"languageChallengeSection\">\r\n    <div class=\"languageInfoWrapper\">\r\n        \r\n        <h1>Ng\u1eef ph\u00e1p ti\u1ebfng Trung<\/h1>\r\n        <p>C\u1ee7ng c\u1ed1 k\u1ef9 n\u0103ng ti\u1ebfng Trung c\u1ee7a b\u1ea1n b\u1eb1ng c\u00e1ch h\u1ecdc c\u00e1c c\u1ea5u tr\u00fac <a href=\"https:\/\/talkpal.ai\/vi\/ngu-phap\/\">ng\u1eef ph\u00e1p<\/a> ch\u00ednh v\u00e0 m\u00f4 h\u00ecnh s\u1eed d\u1ee5ng. B\u1eaft \u0111\u1ea7u c\u1ea3i thi\u1ec7n <a href=\"https:\/\/talkpal.ai\/vi\/ngu-phap-tieng-nga\/\">ng\u1eef ph\u00e1p ti\u1ebfng<\/a> Trung c\u1ee7a b\u1ea1n ngay h\u00f4m nay v\u00e0 giao ti\u1ebfp m\u1ed9t c\u00e1ch t\u1ef1 tin!<\/p>\r\n\r\n                            <a class=\"getStartedHidden\" href=\"https:\/\/app.talkpal.ai\/vi\/signup?lng=\">B\u1eaft \u0111\u1ea7u nh\u00e9<\/a>\r\n        \r\n    <\/div>\r\n\r\n    <figure>\r\n    <img decoding=\"async\" width=\"768\" height=\"768\" src=\"https:\/\/talkpal.ai\/wp-content\/uploads\/2023\/06\/chinese-768x768.png\" class=\"languageImage no-lazy\" alt=\"Language learning for flexible communication\" fetchpriority=\"high\" sizes=\"(max-width: 768px) 150px, 768px\" srcset=\"https:\/\/talkpal.ai\/wp-content\/uploads\/2023\/06\/chinese-768x768.png 768w, https:\/\/talkpal.ai\/wp-content\/uploads\/2023\/06\/chinese-300x300.png 300w\" \/>\r\n    \r\n\r\n    <\/figure>\r\n\r\n            <a class=\"getStartedVisible\" href=\"https:\/\/app.talkpal.ai\/vi\/signup?lng=\">B\u1eaft \u0111\u1ea7u nh\u00e9<\/a>\r\n    \r\n<\/section>\r\n<section class=\"promotionalBanner\">\r\n    <p class=\"promotionalText\">C\u00e1ch hi\u1ec7u qu\u1ea3 nh\u1ea5t \u0111\u1ec3 h\u1ecdc m\u1ed9t <a href=\"https:\/\/talkpal.ai\/vi\/hoc-ngon-ngu-cho-cac-truong-ngon-ngu\/\">ng\u00f4n ng\u1eef<\/a><\/p>\r\n    <a class=\"promotionalLink\" href=\"https:\/\/app.talkpal.ai\/vi\/signup?lng=\">D\u00f9ng th\u1eed Talkpal mi\u1ec5n ph\u00ed<\/a>\r\n<\/section>\n<div class=\"wp-block-group pageContainerStyle\"><div class=\"wp-block-group__inner-container is-layout-constrained wp-block-group-is-layout-constrained\">\n<h2 class=\"wp-block-heading\" id=\"h-chinese-grammar-the-key-to-mastering-mandarin\">Ng\u1eef ph\u00e1p ti\u1ebfng Trung: Ch\u00eca kh\u00f3a \u0111\u1ec3 n\u1eafm v\u1eefng ti\u1ebfng Quan Tho\u1ea1i<\/h2>\n\n\n\n<p>B\u1ea1n c\u00f3 ph\u1ea3i l\u00e0 m\u1ed9t ng\u01b0\u1eddi <a href=\"https:\/\/talkpal.ai\/vi\/ung-dung-mien-phi-de-hoc-ngon-ngu\/\">h\u1ecdc ng\u00f4n ng\u1eef<\/a> \u0111\u1ea7y tham v\u1ecdng, ng\u01b0\u1eddi \u0111\u00e3 \u0111\u1eb7t m\u1ee5c ti\u00eau th\u00e0nh th\u1ea1o ti\u1ebfng Quan Tho\u1ea1i? N\u1ebfu v\u1eady, xin ch\u00fac m\u1eebng! Gi\u1ea3i quy\u1ebft ti\u1ebfng Trung l\u00e0 m\u1ed9t c\u00e1ch tuy\u1ec7t v\u1eddi \u0111\u1ec3 m\u1edf r\u1ed9ng t\u01b0 duy to\u00e0n c\u1ea7u c\u1ee7a b\u1ea1n, k\u1ebft n\u1ed1i v\u1edbi nhi\u1ec1u di\u1ec5n gi\u1ea3 v\u00e0 th\u1eed th\u00e1ch b\u1ea3n th\u00e2n <a href=\"https:\/\/talkpal.ai\/vi\/ve\/\">v\u1ec1<\/a> m\u1eb7t tr\u00ed tu\u1ec7. Tuy nhi\u00ean, v\u1edbi 1,2 t\u1ef7 ng\u01b0\u1eddi b\u1ea3n ng\u1eef v\u00e0 h\u1ec7 th\u1ed1ng ng\u00f4n ng\u1eef r\u1ea5t kh\u00e1c so v\u1edbi ng\u00f4n ng\u1eef ph\u01b0\u01a1ng T\u00e2y, <a href=\"https:\/\/talkpal.ai\/vi\/ngu-phap-tieng-nga\/\">ng\u1eef ph\u00e1p ti\u1ebfng<\/a> Trung c\u00f3 v\u1ebb kh\u00e1 kh\u00f3 kh\u0103n. \u0110\u1eebng s\u1ee3! \u0110\u1ecdc ti\u1ebfp \u0111\u1ec3 bi\u1ebft m\u1ed9t <a href=\"https:\/\/talkpal.ai\/vi\/khoa-hoc\/\">kh\u00f3a h\u1ecdc<\/a> c\u1ea5p t\u1ed1c th\u00e2n thi\u1ec7n v\u1edbi ng\u01b0\u1eddi m\u1edbi b\u1eaft \u0111\u1ea7u v\u1ec1 ng\u1eef ph\u00e1p ti\u1ebfng Trung v\u1eeba h\u1ea5p d\u1eabn v\u1eeba nhi\u1ec1u th\u00f4ng tin.<\/p>\n\n\n\n<p><strong>\u0110i\u1ec1u \u0111\u1ea7u ti\u00ean: qu\u00ean \u0111i nh\u1eefng g\u00ec b\u1ea1n bi\u1ebft v\u1ec1 ng\u00f4n ng\u1eef ch\u00e2u \u00c2u!<\/strong><\/p>\n\n\n\n<p>M\u1ed9t l\u00fd do ch\u00ednh khi\u1ebfn sinh vi\u00ean ng\u00f4n ng\u1eef b\u1ecb \u0111e d\u1ecda b\u1edfi ng\u1eef ph\u00e1p ti\u1ebfng Trung l\u00e0 n\u00f3 ho\u00e0n to\u00e0n kh\u00e1c v\u1edbi c\u1ea5u tr\u00fac &#8220;ch\u1ee7 ng\u1eef-\u0111\u1ed9ng t\u1eeb-t\u00e2n ng\u1eef&#8221; m\u00e0 ch\u00fang ta quen thu\u1ed9c trong c\u00e1c ng\u00f4n ng\u1eef nh\u01b0 ti\u1ebfng Anh, ti\u1ebfng T\u00e2y Ban Nha ho\u1eb7c ti\u1ebfng Ph\u00e1p. V\u00ec v\u1eady, h\u00e3y h\u00edt m\u1ed9t h\u01a1i th\u1eadt s\u00e2u v\u00e0 h\u00e3y \u0111i s\u00e2u v\u00e0o m\u1ed9t v\u0169 tr\u1ee5 ho\u00e0n to\u00e0n m\u1edbi c\u1ee7a c\u00e1c quy t\u1eafc v\u00e0 kh\u00e1i ni\u1ec7m ng\u00f4n ng\u1eef!<\/p>\n\n\n\n<h3 class=\"wp-block-heading\" id=\"h-1-word-order-is-king\">1. Th\u1ee9 t\u1ef1 t\u1eeb l\u00e0 vua<\/h3>\n\n\n\n<p>M\u1eb7c d\u00f9 kh\u00f4ng c\u00f3 th\u00ec, chia \u0111\u1ed9ng t\u1eeb ho\u1eb7c s\u1ed1 nhi\u1ec1u trong ng\u1eef ph\u00e1p ti\u1ebfng Trung, nh\u01b0ng c\u1ea5u tr\u00fac c\u00e2u th\u00edch h\u1ee3p l\u00e0 \u0111i\u1ec1u t\u1ed1i quan tr\u1ecdng. V\u1eady l\u00e0m th\u1ebf n\u00e0o \u0111\u1ec3 \u0111\u1ea1t \u0111\u01b0\u1ee3c th\u1ee9 t\u1ef1 t\u1eeb ch\u00ednh x\u00e1c? Trong h\u1ea7u h\u1ebft c\u00e1c tr\u01b0\u1eddng h\u1ee3p, ch\u1ec9 c\u1ea7n l\u00e0m theo m\u00f4 h\u00ecnh &#8220;ch\u1ee7 ng\u1eef-\u0111\u1ed9ng t\u1eeb-t\u00e2n ng\u1eef&#8221; (t\u01b0\u01a1ng t\u1ef1 nh\u01b0 ti\u1ebfng Anh). Ch\u1eb3ng h\u1ea1n:<\/p>\n\n\n\n<p>Ti\u1ebfng Anh: T\u00f4i y\u00eau b\u1ea1n.<br\/>Ti\u1ebfng Trung: \u6211\u7231\u4f60\u3002 W\u01d2 \u00e0i n\u01d0.<\/p>\n\n\n\n<p>C\u00f3 nhi\u1ec1u c\u1ea5u tr\u00fac ph\u1ee9c t\u1ea1p h\u01a1n nh\u01b0ng ph\u00e1t tri\u1ec3n m\u1ed9t n\u1ec1n t\u1ea3ng v\u1eefng ch\u1eafc s\u1ebd gi\u00fap ch\u00fang d\u1ec5 n\u1eafm b\u1eaft h\u01a1n khi b\u1ea1n ti\u1ebfn b\u1ed9.<\/p>\n\n\n\n<h3 class=\"wp-block-heading\" id=\"h-2-particles-particles-everywhere\">2. C\u00e1c h\u1ea1t, h\u1ea1t \u1edf kh\u1eafp m\u1ecdi n\u01a1i!<\/h3>\n\n\n\n<p>Trong ng\u1eef ph\u00e1p Trung Qu\u1ed1c, c\u00e1c h\u1ea1t \u0111\u00f3ng m\u1ed9t vai tr\u00f2 quan tr\u1ecdng trong vi\u1ec7c truy\u1ec1n t\u1ea3i \u00fd ngh\u0129a. M\u1ed9t trong nh\u1eefng h\u1ea1t ph\u1ed5 bi\u1ebfn nh\u1ea5t l\u00e0 &#8220;\u4e86 (le)&#8221;, b\u00e1o hi\u1ec7u m\u1ed9t h\u00e0nh \u0111\u1ed9ng \u0111\u00e3 ho\u00e0n th\u00e0nh. Ch\u1eb3ng h\u1ea1n:<\/p>\n\n\n\n<p>\u6211\u5403\u4e86\u3002 W\u01d2 ch\u012b le. \u2013 &#8220;T\u00f4i \u0111\u00e3 \u0103n.&#8221;<\/p>\n\n\n\n<p>M\u1ed9t h\u1ea1t ph\u1ed5 bi\u1ebfn kh\u00e1c l\u00e0 &#8220;\u5427 (ba)&#8221;, bi\u1ebfn m\u1ed9t c\u00e2u n\u00f3i th\u00e0nh m\u1ed9t g\u1ee3i \u00fd ho\u1eb7c c\u00e2u h\u1ecfi:<\/p>\n\n\n\n<p>\u8d70\u5427!Z\u01d2u ba! \u2013 &#8220;\u0110i th\u00f4i!&#8221;<\/p>\n\n\n\n<p>Hi\u1ec3u \u0111\u01b0\u1ee3c ch\u1ee9c n\u0103ng c\u1ee7a c\u00e1c h\u1ea1t kh\u00e1c nhau l\u00e0 ch\u00eca kh\u00f3a \u0111\u1ec3 n\u1eafm v\u1eefng c\u00e1c s\u1eafc th\u00e1i c\u1ee7a ng\u1eef ph\u00e1p Trung Qu\u1ed1c.<\/p>\n\n\n\n<h3 class=\"wp-block-heading\" id=\"h-3-measure-words-quality-not-quantity\">3. \u0110o l\u01b0\u1eddng t\u1eeb: ch\u1ea5t l\u01b0\u1ee3ng ch\u1ee9 kh\u00f4ng ph\u1ea3i s\u1ed1 l\u01b0\u1ee3ng<\/h3>\n\n\n\n<p>Trong ti\u1ebfng Trung, danh t\u1eeb kh\u00f4ng c\u00f3 s\u1ed1 nhi\u1ec1u. Thay v\u00e0o \u0111\u00f3, h\u1ecd s\u1eed d\u1ee5ng c\u00e1c t\u1eeb \u0111o l\u01b0\u1eddng (c\u00f2n \u0111\u01b0\u1ee3c g\u1ecdi l\u00e0 b\u1ed9 ph\u00e2n lo\u1ea1i) \u0111\u1ec3 bi\u1ec3u th\u1ecb s\u1ed1 l\u01b0\u1ee3ng. C\u00e1c t\u1eeb \u0111o l\u01b0\u1eddng \u0111\u01b0\u1ee3c th\u00eam v\u00e0o gi\u1eefa s\u1ed1 v\u00e0 danh t\u1eeb. Ch\u1eb3ng h\u1ea1n:<\/p>\n\n\n\n<p>\u4e00\u672c\u4e66 \u2013 Y\u012b b\u011bn sh\u016b \u2013 &#8220;m\u1ed9t cu\u1ed1n s\u00e1ch&#8221;<\/p>\n\n\n\n<p>L\u01b0u \u00fd vi\u1ec7c s\u1eed d\u1ee5ng \u672c (b\u011bn) l\u00e0m t\u1eeb \u0111o l\u01b0\u1eddng cho s\u00e1ch. C\u00e1c danh t\u1eeb kh\u00e1c nhau y\u00eau c\u1ea7u c\u00e1c t\u1eeb \u0111o l\u01b0\u1eddng kh\u00e1c nhau, v\u00e0 m\u1eb7c d\u00f9 \u0111i\u1ec1u n\u00e0y ban \u0111\u1ea7u c\u00f3 v\u1ebb kh\u00f3 hi\u1ec3u, nh\u01b0ng n\u00f3 s\u1ebd tr\u1edf th\u00e0nh b\u1ea3n ch\u1ea5t th\u1ee9 hai khi th\u1ef1c h\u00e0nh.<\/p>\n\n\n\n<h3 class=\"wp-block-heading\" id=\"h-4-the-magic-of-compound-words\">4. S\u1ef1 k\u1ef3 di\u1ec7u c\u1ee7a c\u00e1c t\u1eeb gh\u00e9p<\/h3>\n\n\n\n<p>Ti\u1ebfng Trung c\u00f3 \u0111\u1ea7y \u0111\u1ee7 c\u00e1c t\u1eeb gh\u00e9p, \u0111\u01b0\u1ee3c h\u00ecnh th\u00e0nh b\u1eb1ng c\u00e1ch k\u1ebft h\u1ee3p hai ho\u1eb7c nhi\u1ec1u k\u00fd t\u1ef1. \u0110i\u1ec1u n\u00e0y kh\u00f4ng ch\u1ec9 \u0111\u01a1n gi\u1ea3n h\u00f3a vi\u1ec7c h\u1ecdc t\u1eeb v\u1ef1ng m\u00e0 c\u00f2n cho ph\u00e9p h\u00ecnh \u1ea3nh v\u00e0 b\u1ed1i c\u1ea3nh s\u1ed1ng \u0111\u1ed9ng. Ch\u1eb3ng h\u1ea1n:<\/p>\n\n\n\n<p>\u706b\u8f66 \u2013 Hu\u01d2ch\u0113 \u2013 &#8220;t\u00e0u h\u1ecfa&#8221; (ngh\u0129a \u0111en: &#8220;xe c\u1ee9u h\u1ecfa&#8221;)<br\/>\u7535\u8bdd \u2013 Di\u00e0nhu\u00e0 \u2013 &#8220;\u0111i\u1ec7n tho\u1ea1i&#8221; (ngh\u0129a \u0111en: &#8220;l\u1eddi n\u00f3i \u0111i\u1ec7n t\u1eed&#8221;)<\/p>\n\n\n\n<p>B\u1eb1ng c\u00e1ch hi\u1ec3u \u00fd ngh\u0129a c\u1ee7a t\u1eebng k\u00fd t\u1ef1, b\u1ea1n c\u00f3 th\u1ec3 d\u1ec5 d\u00e0ng suy ra \u00fd ngh\u0129a c\u1ee7a c\u00e1c t\u1eeb gh\u00e9p m\u00e0 b\u1ea1n ch\u01b0a t\u1eebng g\u1eb7p tr\u01b0\u1edbc \u0111\u00e2y.<\/p>\n\n\n\n<h3 class=\"wp-block-heading\" id=\"h-5-no-tenses-no-problem\">5. Kh\u00f4ng c\u00f3 th\u00ec? Kh\u00f4ng v\u1ea5n \u0111\u1ec1 g\u00ec!<\/h3>\n\n\n\n<p>M\u1ed9t trong nh\u1eefng kh\u00eda c\u1ea1nh m\u1edbi m\u1ebb nh\u1ea5t c\u1ee7a ti\u1ebfng Trung l\u00e0 thi\u1ebfu c\u00e1ch chia \u0111\u1ed9ng t\u1eeb cho c\u00e1c th\u00ec kh\u00e1c nhau. Nh\u01b0ng l\u00e0m th\u1ebf n\u00e0o \u0111\u1ec3 b\u1ea1n th\u1ec3 hi\u1ec7n th\u1eddi gian? Gi\u1ea3n d\u1ecb! Ch\u1ec9 c\u1ea7n bao g\u1ed3m c\u00e1c t\u1eeb cho bi\u1ebft khung th\u1eddi gian, ch\u1eb3ng h\u1ea1n nh\u01b0:<\/p>\n\n\n\n<p>\u6628\u5929 \u2013 Zu\u00f3ti\u0101n \u2013 &#8220;ng\u00e0y h\u00f4m qua&#8221;<br\/>\u660e\u5929 \u2013 M\u00edngti\u0101n \u2013 &#8220;ng\u00e0y mai&#8221;<\/p>\n\n\n\n<p><strong>Ch\u1eb3ng h\u1ea1n:<\/strong><\/p>\n\n\n\n<p>\u6211\u6628\u5929\u5403\u4e86\u996d\u3002 W\u01d2 zu\u00f3ti\u0101n ch\u012b le f\u00e0n. \u2013 &#8220;T\u00f4i \u0111\u00e3 \u0103n th\u1ee9c \u0103n ng\u00e0y h\u00f4m qua.&#8221;<br\/>\u6211\u660e\u5929\u5403\u996d\u3002 W\u01d2 m\u00edngti\u0101n ch\u012b f\u00e0n. \u2013 &#8220;T\u00f4i s\u1ebd \u0103n th\u1ee9c \u0103n v\u00e0o ng\u00e0y mai.&#8221;<\/p>\n\n\n\n<p>Ch\u00fac m\u1eebng! B\u1ea1n \u0111\u00e3 th\u1ef1c hi\u1ec7n nh\u1eefng b\u01b0\u1edbc \u0111\u1ea7u ti\u00ean \u0111\u1ec3 n\u1eafm v\u1eefng ng\u1eef ph\u00e1p ti\u1ebfng Trung. H\u00e3y nh\u1edb r\u1eb1ng: th\u1ef1c h\u00e0nh t\u1ea1o n\u00ean s\u1ef1 ho\u00e0n h\u1ea3o. V\u00ec v\u1eady, \u0111\u1eebng n\u00e9 tr\u00e1nh vi\u1ec7c kh\u00e1m ph\u00e1 c\u00e1c c\u1ea5u tr\u00fac ng\u1eef ph\u00e1p m\u1edbi, tr\u00f2 chuy\u1ec7n v\u1edbi ng\u01b0\u1eddi b\u1ea3n ng\u1eef v\u00e0 c\u1ee7ng c\u1ed1 n\u1ec1n t\u1ea3ng c\u1ee7a b\u1ea1n. Th\u1ebf gi\u1edbi ti\u1ebfng Quan Tho\u1ea1i \u0111ang ch\u1edd b\u1ea1n &#8211; vui v\u1ebb h\u1ecdc t\u1eadp!<\/p>\n<\/div><\/div>\n\r\n<section class=\"learnNavigationSection\">\r\n            \r\n        <a href=\"https:\/\/talkpal.ai\/vi\/hoc-tieng-trung\/\">\r\n            <div class=\"learnNavigationWrapper\">\r\n                <div class=\"learnNavigationContent\">\r\n                    <img decoding=\"async\" src=\"https:\/\/talkpal.ai\/wp-content\/uploads\/2024\/08\/Chinese.jpg\" alt=\"Chinese Flag\u00a0\">\r\n                    <div>\r\n                        <h4>Gi\u1edbi thi\u1ec7u v\u1ec1 vi\u1ec7c h\u1ecdc ti\u1ebfng Trung<\/h4>\r\n                        <p>T\u00ecm hi\u1ec3u t\u1ea5t c\u1ea3 v\u1ec1 ng\u1eef ph\u00e1p ti\u1ebfng Trung.<\/p>\r\n                    <\/div>\r\n                <\/div>\r\n            <\/div>\r\n        <\/a>\r\n\r\n        \r\n        <a href=\"https:\/\/talkpal.ai\/vi\/bai-tap-ngu-phap-tieng-trung\/\">\r\n            <div class=\"learnNavigationWrapper\">\r\n                <div class=\"learnNavigationContent\">\r\n                    <img decoding=\"async\" src=\"https:\/\/talkpal.ai\/wp-content\/uploads\/2024\/08\/Chinese.jpg\" alt=\"Chinese Flag\u00a0\">\r\n                    <div>\r\n                        <h4>B\u00e0i t\u1eadp ng\u1eef ph\u00e1p ti\u1ebfng Trung<\/h4>\r\n                        <p>Th\u1ef1c h\u00e0nh ng\u1eef ph\u00e1p ti\u1ebfng Trung.<\/p>\r\n                    <\/div>\r\n                <\/div>\r\n            <\/div>\r\n        <\/a>\r\n\r\n        \r\n        <a href=\"https:\/\/talkpal.ai\/vocabulary_language\/chinese\/\">\r\n            <div class=\"learnNavigationWrapper\">\r\n                <div class=\"learnNavigationContent\">\r\n                    <img decoding=\"async\" src=\"https:\/\/talkpal.ai\/wp-content\/uploads\/2024\/08\/Chinese.jpg\" alt=\"Chinese Flag\u00a0\">\r\n                    <div>\r\n                        <h4>T\u1eeb v\u1ef1ng ti\u1ebfng Trung<\/h4>\r\n                        <p>M\u1edf r\u1ed9ng v\u1ed1n t\u1eeb v\u1ef1ng ti\u1ebfng Trung c\u1ee7a b\u1ea1n.<\/p>\r\n                    <\/div>\r\n                <\/div>\r\n            <\/div>\r\n        <\/a>\r\n\r\n            <\/section>","protected":false},"excerpt":{"rendered":"<p>Ng\u1eef ph\u00e1p ti\u1ebfng Trung: Ch\u00eca kh\u00f3a \u0111\u1ec3 n\u1eafm v\u1eefng ti\u1ebfng Quan Tho\u1ea1i B\u1ea1n c\u00f3 ph\u1ea3i l\u00e0 m\u1ed9t ng\u01b0\u1eddi h\u1ecdc ng\u00f4n ng\u1eef \u0111\u1ea7y tham v\u1ecdng, ng\u01b0\u1eddi \u0111\u00e3 \u0111\u1eb7t m\u1ee5c ti\u00eau th\u00e0nh th\u1ea1o ti\u1ebfng Quan Tho\u1ea1i? N\u1ebfu v\u1eady, xin ch\u00fac m\u1eebng! Gi\u1ea3i quy\u1ebft ti\u1ebfng Trung l\u00e0 m\u1ed9t c\u00e1ch tuy\u1ec7t v\u1eddi \u0111\u1ec3 m\u1edf r\u1ed9ng t\u01b0 duy to\u00e0n c\u1ea7u [&hellip;]<\/p>\n","protected":false},"author":1,"featured_media":1440948,"parent":0,"menu_order":0,"comment_status":"closed","ping_status":"closed","template":"LearningContentPage.php","meta":{"_acf_changed":false,"footnotes":""},"class_list":["post-1444959","page","type-page","status-publish","has-post-thumbnail","hentry"],"acf":[],"yoast_head":"<!-- This site is optimized with the Yoast SEO Premium plugin v27.2 (Yoast SEO v27.2) - https:\/\/yoast.com\/product\/yoast-seo-premium-wordpress\/ -->\n<title>Ng\u1eef ph\u00e1p ti\u1ebfng Trung - Talkpal<\/title>\n<meta name=\"description\" content=\"M\u1edf kh\u00f3a b\u00ed m\u1eadt c\u1ee7a Ng\u1eef ph\u00e1p Trung Qu\u1ed1c \u0111\u1ec3 hi\u1ec3u r\u00f5 h\u01a1n v\u1ec1 ng\u00f4n ng\u1eef v\u00e0 v\u0103n h\u00f3a Trung Qu\u1ed1c.\" \/>\n<meta name=\"robots\" content=\"index, follow, max-snippet:-1, max-image-preview:large, max-video-preview:-1\" \/>\n<link rel=\"canonical\" href=\"https:\/\/talkpal.ai\/vi\/ngu-phap-tieng-trung\/\" \/>\n<meta property=\"og:locale\" content=\"vi_VN\" \/>\n<meta property=\"og:type\" content=\"article\" \/>\n<meta property=\"og:title\" content=\"Ng\u1eef ph\u00e1p ti\u1ebfng Trung\" \/>\n<meta property=\"og:description\" content=\"Ng\u1eef ph\u00e1p ti\u1ebfng Trung: Ch\u00eca kh\u00f3a \u0111\u1ec3 n\u1eafm v\u1eefng ti\u1ebfng Quan Tho\u1ea1i B\u1ea1n c\u00f3 ph\u1ea3i l\u00e0 m\u1ed9t ng\u01b0\u1eddi h\u1ecdc ng\u00f4n ng\u1eef \u0111\u1ea7y tham v\u1ecdng, ng\u01b0\u1eddi \u0111\u00e3 \u0111\u1eb7t m\u1ee5c ti\u00eau th\u00e0nh th\u1ea1o ti\u1ebfng\" \/>\n<meta property=\"og:url\" content=\"https:\/\/talkpal.ai\/vi\/ngu-phap-tieng-trung\/\" \/>\n<meta property=\"og:site_name\" content=\"Talkpal\" \/>\n<meta property=\"article:publisher\" content=\"https:\/\/www.facebook.com\/profile.php?id=100090733639311\" \/>\n<meta property=\"article:modified_time\" content=\"2025-09-06T19:55:35+00:00\" \/>\n<meta property=\"og:image\" content=\"https:\/\/talkpal.ai\/wp-content\/uploads\/2023\/04\/china.png\" \/>\n\t<meta property=\"og:image:width\" content=\"512\" \/>\n\t<meta property=\"og:image:height\" content=\"512\" \/>\n\t<meta property=\"og:image:type\" content=\"image\/png\" \/>\n<meta name=\"twitter:card\" content=\"summary_large_image\" \/>\n<meta name=\"twitter:site\" content=\"@talkpalai\" \/>\n<meta name=\"twitter:label1\" content=\"Est. reading time\" \/>\n\t<meta name=\"twitter:data1\" content=\"6 minutes\" \/>\n<script type=\"application\/ld+json\" class=\"yoast-schema-graph\">{\"@context\":\"https:\/\/schema.org\",\"@graph\":[{\"@type\":\"WebPage\",\"@id\":\"https:\/\/talkpal.ai\/vi\/ngu-phap-tieng-trung\/\",\"url\":\"https:\/\/talkpal.ai\/vi\/ngu-phap-tieng-trung\/\",\"name\":\"Ng\u1eef ph\u00e1p ti\u1ebfng Trung - Talkpal\",\"isPartOf\":{\"@id\":\"https:\/\/talkpal.ai\/vi\/#website\"},\"primaryImageOfPage\":{\"@id\":\"https:\/\/talkpal.ai\/vi\/ngu-phap-tieng-trung\/#primaryimage\"},\"image\":{\"@id\":\"https:\/\/talkpal.ai\/vi\/ngu-phap-tieng-trung\/#primaryimage\"},\"thumbnailUrl\":\"https:\/\/talkpal.ai\/wp-content\/uploads\/2023\/04\/china.png\",\"datePublished\":\"2023-05-14T13:48:36+00:00\",\"dateModified\":\"2025-09-06T19:55:35+00:00\",\"description\":\"M\u1edf kh\u00f3a b\u00ed m\u1eadt c\u1ee7a Ng\u1eef ph\u00e1p Trung Qu\u1ed1c \u0111\u1ec3 hi\u1ec3u r\u00f5 h\u01a1n v\u1ec1 ng\u00f4n ng\u1eef v\u00e0 v\u0103n h\u00f3a Trung Qu\u1ed1c.\",\"breadcrumb\":{\"@id\":\"https:\/\/talkpal.ai\/vi\/ngu-phap-tieng-trung\/#breadcrumb\"},\"inLanguage\":\"vi-VN\",\"potentialAction\":[{\"@type\":\"ReadAction\",\"target\":[\"https:\/\/talkpal.ai\/vi\/ngu-phap-tieng-trung\/\"]}]},{\"@type\":\"ImageObject\",\"inLanguage\":\"vi-VN\",\"@id\":\"https:\/\/talkpal.ai\/vi\/ngu-phap-tieng-trung\/#primaryimage\",\"url\":\"https:\/\/talkpal.ai\/wp-content\/uploads\/2023\/04\/china.png\",\"contentUrl\":\"https:\/\/talkpal.ai\/wp-content\/uploads\/2023\/04\/china.png\",\"width\":512,\"height\":512,\"caption\":\"TalkPal Catalan Flag\"},{\"@type\":\"BreadcrumbList\",\"@id\":\"https:\/\/talkpal.ai\/vi\/ngu-phap-tieng-trung\/#breadcrumb\",\"itemListElement\":[{\"@type\":\"ListItem\",\"position\":1,\"name\":\"Homepage\",\"item\":\"https:\/\/talkpal.ai\/vi\/giao-vien-ngon-ngu-ai-3\/\"},{\"@type\":\"ListItem\",\"position\":2,\"name\":\"Ng\u1eef ph\u00e1p ti\u1ebfng Trung\"}]},{\"@type\":\"WebSite\",\"@id\":\"https:\/\/talkpal.ai\/vi\/#website\",\"url\":\"https:\/\/talkpal.ai\/vi\/\",\"name\":\"Talkpal\",\"description\":\"AI Language Learning\",\"publisher\":{\"@id\":\"https:\/\/talkpal.ai\/vi\/#organization\"},\"alternateName\":\"Talkpal AI\",\"potentialAction\":[{\"@type\":\"SearchAction\",\"target\":{\"@type\":\"EntryPoint\",\"urlTemplate\":\"https:\/\/talkpal.ai\/vi\/?s={search_term_string}\"},\"query-input\":{\"@type\":\"PropertyValueSpecification\",\"valueRequired\":true,\"valueName\":\"search_term_string\"}}],\"inLanguage\":\"vi-VN\"},{\"@type\":\"Organization\",\"@id\":\"https:\/\/talkpal.ai\/vi\/#organization\",\"name\":\"Talkpal, Inc.\",\"alternateName\":\"Talkpal AI\",\"url\":\"https:\/\/talkpal.ai\/vi\/\",\"logo\":{\"@type\":\"ImageObject\",\"inLanguage\":\"vi-VN\",\"@id\":\"https:\/\/talkpal.ai\/vi\/#\/schema\/logo\/image\/\",\"url\":\"https:\/\/talkpal.ai\/wp-content\/uploads\/2024\/03\/Talkpal-Logo-Icon.png\",\"contentUrl\":\"https:\/\/talkpal.ai\/wp-content\/uploads\/2024\/03\/Talkpal-Logo-Icon.png\",\"width\":2880,\"height\":2880,\"caption\":\"Talkpal, Inc.\"},\"image\":{\"@id\":\"https:\/\/talkpal.ai\/vi\/#\/schema\/logo\/image\/\"},\"sameAs\":[\"https:\/\/www.facebook.com\/profile.php?id=100090733639311\",\"https:\/\/x.com\/talkpalai\",\"https:\/\/www.linkedin.com\/company\/talkpal\/\",\"https:\/\/www.youtube.com\/@TalkPal\/\",\"https:\/\/www.tiktok.com\/@talkpal\",\"https:\/\/www.instagram.com\/talkpal_ai\/\",\"https:\/\/www.crunchbase.com\/organization\/talkpal-9cde\",\"https:\/\/www.g2.com\/products\/talkpal-for-business\/\",\"https:\/\/www.trustpilot.com\/review\/talkpal.ai\",\"https:\/\/www.capterra.com\/p\/10006800\/TalkPal\/\"],\"description\":\"Talkpal is a language learning web and mobile education app, powered by the latest AI technologies, that provides engaging experiences to its customers in many different languages to help them improve their language skills. Users can chat about unlimited amount of topics with the app and use other modes to practice their language learning.\",\"email\":\"support@talkpal.ai\",\"legalName\":\"Talkpal, Inc.\",\"foundingDate\":\"2023-04-03\",\"duns\":\"118989042\",\"numberOfEmployees\":{\"@type\":\"QuantitativeValue\",\"minValue\":\"11\",\"maxValue\":\"50\"},\"publishingPrinciples\":\"https:\/\/talkpal.ai\/publishing-principles\/\",\"actionableFeedbackPolicy\":\"https:\/\/talkpal.ai\/actionable-feedback-policy\/\",\"correctionsPolicy\":\"https:\/\/talkpal.ai\/corrections-policy\/\",\"ethicsPolicy\":\"https:\/\/talkpal.ai\/ethics-policy\/\",\"diversityPolicy\":\"https:\/\/talkpal.ai\/diversity-policy\/\",\"diversityStaffingReport\":\"https:\/\/talkpal.ai\/diversity-policy\/\"}]}<\/script>\n<!-- \/ Yoast SEO Premium plugin. -->","yoast_head_json":{"title":"Ng\u1eef ph\u00e1p ti\u1ebfng Trung - Talkpal","description":"M\u1edf kh\u00f3a b\u00ed m\u1eadt c\u1ee7a Ng\u1eef ph\u00e1p Trung Qu\u1ed1c \u0111\u1ec3 hi\u1ec3u r\u00f5 h\u01a1n v\u1ec1 ng\u00f4n ng\u1eef v\u00e0 v\u0103n h\u00f3a Trung Qu\u1ed1c.","robots":{"index":"index","follow":"follow","max-snippet":"max-snippet:-1","max-image-preview":"max-image-preview:large","max-video-preview":"max-video-preview:-1"},"canonical":"https:\/\/talkpal.ai\/vi\/ngu-phap-tieng-trung\/","og_locale":"vi_VN","og_type":"article","og_title":"Ng\u1eef ph\u00e1p ti\u1ebfng Trung","og_description":"Ng\u1eef ph\u00e1p ti\u1ebfng Trung: Ch\u00eca kh\u00f3a \u0111\u1ec3 n\u1eafm v\u1eefng ti\u1ebfng Quan Tho\u1ea1i B\u1ea1n c\u00f3 ph\u1ea3i l\u00e0 m\u1ed9t ng\u01b0\u1eddi h\u1ecdc ng\u00f4n ng\u1eef \u0111\u1ea7y tham v\u1ecdng, ng\u01b0\u1eddi \u0111\u00e3 \u0111\u1eb7t m\u1ee5c ti\u00eau th\u00e0nh th\u1ea1o ti\u1ebfng","og_url":"https:\/\/talkpal.ai\/vi\/ngu-phap-tieng-trung\/","og_site_name":"Talkpal","article_publisher":"https:\/\/www.facebook.com\/profile.php?id=100090733639311","article_modified_time":"2025-09-06T19:55:35+00:00","og_image":[{"width":512,"height":512,"url":"https:\/\/talkpal.ai\/wp-content\/uploads\/2023\/04\/china.png","type":"image\/png"}],"twitter_card":"summary_large_image","twitter_site":"@talkpalai","twitter_misc":{"Est. reading time":"6 minutes"},"schema":{"@context":"https:\/\/schema.org","@graph":[{"@type":"WebPage","@id":"https:\/\/talkpal.ai\/vi\/ngu-phap-tieng-trung\/","url":"https:\/\/talkpal.ai\/vi\/ngu-phap-tieng-trung\/","name":"Ng\u1eef ph\u00e1p ti\u1ebfng Trung - Talkpal","isPartOf":{"@id":"https:\/\/talkpal.ai\/vi\/#website"},"primaryImageOfPage":{"@id":"https:\/\/talkpal.ai\/vi\/ngu-phap-tieng-trung\/#primaryimage"},"image":{"@id":"https:\/\/talkpal.ai\/vi\/ngu-phap-tieng-trung\/#primaryimage"},"thumbnailUrl":"https:\/\/talkpal.ai\/wp-content\/uploads\/2023\/04\/china.png","datePublished":"2023-05-14T13:48:36+00:00","dateModified":"2025-09-06T19:55:35+00:00","description":"M\u1edf kh\u00f3a b\u00ed m\u1eadt c\u1ee7a Ng\u1eef ph\u00e1p Trung Qu\u1ed1c \u0111\u1ec3 hi\u1ec3u r\u00f5 h\u01a1n v\u1ec1 ng\u00f4n ng\u1eef v\u00e0 v\u0103n h\u00f3a Trung Qu\u1ed1c.","breadcrumb":{"@id":"https:\/\/talkpal.ai\/vi\/ngu-phap-tieng-trung\/#breadcrumb"},"inLanguage":"vi-VN","potentialAction":[{"@type":"ReadAction","target":["https:\/\/talkpal.ai\/vi\/ngu-phap-tieng-trung\/"]}]},{"@type":"ImageObject","inLanguage":"vi-VN","@id":"https:\/\/talkpal.ai\/vi\/ngu-phap-tieng-trung\/#primaryimage","url":"https:\/\/talkpal.ai\/wp-content\/uploads\/2023\/04\/china.png","contentUrl":"https:\/\/talkpal.ai\/wp-content\/uploads\/2023\/04\/china.png","width":512,"height":512,"caption":"TalkPal Catalan Flag"},{"@type":"BreadcrumbList","@id":"https:\/\/talkpal.ai\/vi\/ngu-phap-tieng-trung\/#breadcrumb","itemListElement":[{"@type":"ListItem","position":1,"name":"Homepage","item":"https:\/\/talkpal.ai\/vi\/giao-vien-ngon-ngu-ai-3\/"},{"@type":"ListItem","position":2,"name":"Ng\u1eef ph\u00e1p ti\u1ebfng Trung"}]},{"@type":"WebSite","@id":"https:\/\/talkpal.ai\/vi\/#website","url":"https:\/\/talkpal.ai\/vi\/","name":"Talkpal","description":"AI Language Learning","publisher":{"@id":"https:\/\/talkpal.ai\/vi\/#organization"},"alternateName":"Talkpal AI","potentialAction":[{"@type":"SearchAction","target":{"@type":"EntryPoint","urlTemplate":"https:\/\/talkpal.ai\/vi\/?s={search_term_string}"},"query-input":{"@type":"PropertyValueSpecification","valueRequired":true,"valueName":"search_term_string"}}],"inLanguage":"vi-VN"},{"@type":"Organization","@id":"https:\/\/talkpal.ai\/vi\/#organization","name":"Talkpal, Inc.","alternateName":"Talkpal AI","url":"https:\/\/talkpal.ai\/vi\/","logo":{"@type":"ImageObject","inLanguage":"vi-VN","@id":"https:\/\/talkpal.ai\/vi\/#\/schema\/logo\/image\/","url":"https:\/\/talkpal.ai\/wp-content\/uploads\/2024\/03\/Talkpal-Logo-Icon.png","contentUrl":"https:\/\/talkpal.ai\/wp-content\/uploads\/2024\/03\/Talkpal-Logo-Icon.png","width":2880,"height":2880,"caption":"Talkpal, Inc."},"image":{"@id":"https:\/\/talkpal.ai\/vi\/#\/schema\/logo\/image\/"},"sameAs":["https:\/\/www.facebook.com\/profile.php?id=100090733639311","https:\/\/x.com\/talkpalai","https:\/\/www.linkedin.com\/company\/talkpal\/","https:\/\/www.youtube.com\/@TalkPal\/","https:\/\/www.tiktok.com\/@talkpal","https:\/\/www.instagram.com\/talkpal_ai\/","https:\/\/www.crunchbase.com\/organization\/talkpal-9cde","https:\/\/www.g2.com\/products\/talkpal-for-business\/","https:\/\/www.trustpilot.com\/review\/talkpal.ai","https:\/\/www.capterra.com\/p\/10006800\/TalkPal\/"],"description":"Talkpal is a language learning web and mobile education app, powered by the latest AI technologies, that provides engaging experiences to its customers in many different languages to help them improve their language skills. Users can chat about unlimited amount of topics with the app and use other modes to practice their language learning.","email":"support@talkpal.ai","legalName":"Talkpal, Inc.","foundingDate":"2023-04-03","duns":"118989042","numberOfEmployees":{"@type":"QuantitativeValue","minValue":"11","maxValue":"50"},"publishingPrinciples":"https:\/\/talkpal.ai\/publishing-principles\/","actionableFeedbackPolicy":"https:\/\/talkpal.ai\/actionable-feedback-policy\/","correctionsPolicy":"https:\/\/talkpal.ai\/corrections-policy\/","ethicsPolicy":"https:\/\/talkpal.ai\/ethics-policy\/","diversityPolicy":"https:\/\/talkpal.ai\/diversity-policy\/","diversityStaffingReport":"https:\/\/talkpal.ai\/diversity-policy\/"}]}},"_links":{"self":[{"href":"https:\/\/talkpal.ai\/vi\/wp-json\/wp\/v2\/pages\/1444959","targetHints":{"allow":["GET"]}}],"collection":[{"href":"https:\/\/talkpal.ai\/vi\/wp-json\/wp\/v2\/pages"}],"about":[{"href":"https:\/\/talkpal.ai\/vi\/wp-json\/wp\/v2\/types\/page"}],"author":[{"embeddable":true,"href":"https:\/\/talkpal.ai\/vi\/wp-json\/wp\/v2\/users\/1"}],"replies":[{"embeddable":true,"href":"https:\/\/talkpal.ai\/vi\/wp-json\/wp\/v2\/comments?post=1444959"}],"version-history":[{"count":0,"href":"https:\/\/talkpal.ai\/vi\/wp-json\/wp\/v2\/pages\/1444959\/revisions"}],"wp:featuredmedia":[{"embeddable":true,"href":"https:\/\/talkpal.ai\/vi\/wp-json\/wp\/v2\/media\/1440948"}],"wp:attachment":[{"href":"https:\/\/talkpal.ai\/vi\/wp-json\/wp\/v2\/media?parent=1444959"}],"curies":[{"name":"wp","href":"https:\/\/api.w.org\/{rel}","templated":true}]}}