{"id":1444372,"date":"2023-12-20T15:42:12","date_gmt":"2023-12-20T15:42:12","guid":{"rendered":"https:\/\/talkpal.ai\/huong-dan-them-ma-phieu-giam-gia-trong-stripe-checkout\/"},"modified":"2025-09-06T19:30:28","modified_gmt":"2025-09-06T19:30:28","slug":"huong-dan-them-ma-phieu-giam-gia-trong-stripe-checkout","status":"publish","type":"page","link":"https:\/\/talkpal.ai\/vi\/huong-dan-them-ma-phieu-giam-gia-trong-stripe-checkout\/","title":{"rendered":"H\u01b0\u1edbng d\u1eabn th\u00eam m\u00e3 phi\u1ebfu gi\u1ea3m gi\u00e1 trong Stripe Checkout"},"content":{"rendered":"\n<p>Th\u00eam m\u00e3 phi\u1ebfu gi\u1ea3m gi\u00e1 v\u00e0 \u0111\u01b0\u1ee3c gi\u1ea3m gi\u00e1.<\/p>\n\n<h2 class=\"wp-block-heading\" id=\"h-follow-the-steps\">L\u00e0m theo c\u00e1c b\u01b0\u1edbc<\/h2>\n\n<h3 class=\"wp-block-heading\" id=\"h-step-1\">B\u01b0\u1edbc 1:<\/h3>\n\n<p>Ch\u1ecdn m\u1ed9t g\u00f3i \u01b0u ti\u00ean.<\/p>\n\n<figure class=\"wp-block-image\"><img decoding=\"async\" src=\"https:\/\/talkpal.ai\/wp-content\/uploads\/2024\/12\/Choos-plan-screen-768x389.png\" alt=\"\"\/><\/figure>\n\n<h3 class=\"wp-block-heading\" id=\"h-step-2\">B\u01b0\u1edbc 2:<\/h3>\n\n<p>Ch\u1ecdn t\u00f9y ch\u1ecdn thanh to\u00e1n b\u1eb1ng th\u1ebb v\u00e0 nh\u1ea5n n\u00fat b\u1eaft \u0111\u1ea7u.<\/p>\n\n<figure class=\"wp-block-image\"><img decoding=\"async\" src=\"https:\/\/talkpal.ai\/wp-content\/uploads\/2024\/12\/Payment-method-screen-768x389.png\" alt=\"\"\/><\/figure>\n\n<h3 class=\"wp-block-heading\" id=\"h-step-3\">B\u01b0\u1edbc 3:<\/h3>\n\n<p>B\u1ea1n s\u1ebd \u0111\u01b0\u1ee3c chuy\u1ec3n h\u01b0\u1edbng \u0111\u1ebfn <a href=\"https:\/\/talkpal.ai\/locations\/language-courses-in-trang\/\">trang<\/a> thanh to\u00e1n Stripe.<\/p>\n\n<h3 class=\"wp-block-heading\" id=\"h-step-4\">B\u01b0\u1edbc 4:<\/h3>\n\n<p>Nh\u1ea5n &#8216;Th\u00eam m\u00e3 khuy\u1ebfn m\u00e3i&#8217; v\u00e0 nh\u1eadp M\u00e3, v\u00ed d\u1ee5: <strong>JOIN25<\/strong> v\u00e0 nh\u1ea5n &#8216;\u00c1p d\u1ee5ng&#8217;.<\/p>\n\n<figure class=\"wp-block-image\"><img decoding=\"async\" src=\"https:\/\/talkpal.ai\/wp-content\/uploads\/2024\/05\/Talkpal-Stripe-instructions-1024x593.png\" alt=\"\"\/><\/figure>\n\n<h3 class=\"wp-block-heading\" id=\"h-step-5\">B\u01b0\u1edbc 5:<\/h3>\n\n<p>\u0110i\u1ec1n th\u00f4ng tin th\u1ebb c\u1ee7a b\u1ea1n v\u00e0 b\u1eaft \u0111\u1ea7u kh\u00e1m ph\u00e1 t\u00e0i kho\u1ea3n Premium c\u1ee7a b\u1ea1n.<\/p>\n\n<p><\/p>\n","protected":false},"excerpt":{"rendered":"<p>Th\u00eam m\u00e3 phi\u1ebfu gi\u1ea3m gi\u00e1 v\u00e0 \u0111\u01b0\u1ee3c gi\u1ea3m gi\u00e1. L\u00e0m theo c\u00e1c b\u01b0\u1edbc B\u01b0\u1edbc 1: Ch\u1ecdn m\u1ed9t g\u00f3i \u01b0u ti\u00ean. B\u01b0\u1edbc 2: Ch\u1ecdn t\u00f9y ch\u1ecdn thanh to\u00e1n b\u1eb1ng th\u1ebb v\u00e0 nh\u1ea5n n\u00fat b\u1eaft \u0111\u1ea7u. B\u01b0\u1edbc 3: B\u1ea1n s\u1ebd \u0111\u01b0\u1ee3c chuy\u1ec3n h\u01b0\u1edbng \u0111\u1ebfn trang thanh to\u00e1n Stripe. B\u01b0\u1edbc 4: Nh\u1ea5n &#8216;Th\u00eam m\u00e3 khuy\u1ebfn m\u00e3i&#8217; v\u00e0 nh\u1eadp [&hellip;]<\/p>\n","protected":false},"author":6,"featured_media":1439689,"parent":0,"menu_order":0,"comment_status":"closed","ping_status":"closed","template":"","meta":{"_acf_changed":false,"footnotes":""},"class_list":["post-1444372","page","type-page","status-publish","has-post-thumbnail","hentry"],"acf":[],"yoast_head":"<!-- This site is optimized with the Yoast SEO Premium plugin v27.2 (Yoast SEO v27.2) - https:\/\/yoast.com\/product\/yoast-seo-premium-wordpress\/ -->\n<title>H\u01b0\u1edbng d\u1eabn th\u00eam m\u00e3 phi\u1ebfu gi\u1ea3m gi\u00e1 trong Stripe Checkout - Talkpal<\/title>\n<meta name=\"description\" content=\"T\u00ecm hi\u1ec3u c\u00e1ch d\u1ec5 d\u00e0ng th\u00eam m\u00e3 phi\u1ebfu gi\u1ea3m gi\u00e1 trong Stripe Checkout. L\u00e0m theo c\u00e1c b\u01b0\u1edbc \u0111\u01a1n gi\u1ea3n \u0111\u1ec3 n\u00e2ng cao tr\u1ea3i nghi\u1ec7m thanh to\u00e1n c\u1ee7a kh\u00e1ch h\u00e0ng.\" \/>\n<meta name=\"robots\" content=\"index, follow, max-snippet:-1, max-image-preview:large, max-video-preview:-1\" \/>\n<link rel=\"canonical\" href=\"https:\/\/talkpal.ai\/vi\/huong-dan-them-ma-phieu-giam-gia-trong-stripe-checkout\/\" \/>\n<meta property=\"og:locale\" content=\"vi_VN\" \/>\n<meta property=\"og:type\" content=\"article\" \/>\n<meta property=\"og:title\" content=\"H\u01b0\u1edbng d\u1eabn th\u00eam m\u00e3 phi\u1ebfu gi\u1ea3m gi\u00e1 trong Stripe Checkout\" \/>\n<meta property=\"og:description\" content=\"Th\u00eam m\u00e3 phi\u1ebfu gi\u1ea3m gi\u00e1 v\u00e0 \u0111\u01b0\u1ee3c gi\u1ea3m gi\u00e1. L\u00e0m theo c\u00e1c b\u01b0\u1edbc B\u01b0\u1edbc 1: Ch\u1ecdn m\u1ed9t g\u00f3i \u01b0u ti\u00ean. B\u01b0\u1edbc 2: Ch\u1ecdn t\u00f9y ch\u1ecdn thanh to\u00e1n b\u1eb1ng th\u1ebb v\u00e0 nh\u1ea5n n\u00fat b\u1eaft \u0111\u1ea7u.\" \/>\n<meta property=\"og:url\" content=\"https:\/\/talkpal.ai\/vi\/huong-dan-them-ma-phieu-giam-gia-trong-stripe-checkout\/\" \/>\n<meta property=\"og:site_name\" content=\"Talkpal\" \/>\n<meta property=\"article:publisher\" content=\"https:\/\/www.facebook.com\/profile.php?id=100090733639311\" \/>\n<meta property=\"article:modified_time\" content=\"2025-09-06T19:30:28+00:00\" \/>\n<meta property=\"og:image\" content=\"https:\/\/talkpal.ai\/wp-content\/uploads\/2024\/03\/Talkpal-Logo-Icon.png\" \/>\n\t<meta property=\"og:image:width\" content=\"2880\" \/>\n\t<meta property=\"og:image:height\" content=\"2880\" \/>\n\t<meta property=\"og:image:type\" content=\"image\/png\" \/>\n<meta name=\"twitter:card\" content=\"summary_large_image\" \/>\n<meta name=\"twitter:site\" content=\"@talkpalai\" \/>\n<meta name=\"twitter:label1\" content=\"Est. reading time\" \/>\n\t<meta name=\"twitter:data1\" content=\"1 minute\" \/>\n<script type=\"application\/ld+json\" class=\"yoast-schema-graph\">{\"@context\":\"https:\/\/schema.org\",\"@graph\":[{\"@type\":\"WebPage\",\"@id\":\"https:\/\/talkpal.ai\/vi\/huong-dan-them-ma-phieu-giam-gia-trong-stripe-checkout\/\",\"url\":\"https:\/\/talkpal.ai\/vi\/huong-dan-them-ma-phieu-giam-gia-trong-stripe-checkout\/\",\"name\":\"H\u01b0\u1edbng d\u1eabn th\u00eam m\u00e3 phi\u1ebfu gi\u1ea3m gi\u00e1 trong Stripe Checkout - Talkpal\",\"isPartOf\":{\"@id\":\"https:\/\/talkpal.ai\/vi\/#website\"},\"primaryImageOfPage\":{\"@id\":\"https:\/\/talkpal.ai\/vi\/huong-dan-them-ma-phieu-giam-gia-trong-stripe-checkout\/#primaryimage\"},\"image\":{\"@id\":\"https:\/\/talkpal.ai\/vi\/huong-dan-them-ma-phieu-giam-gia-trong-stripe-checkout\/#primaryimage\"},\"thumbnailUrl\":\"https:\/\/talkpal.ai\/wp-content\/uploads\/2024\/03\/Talkpal-Logo-Icon.png\",\"datePublished\":\"2023-12-20T15:42:12+00:00\",\"dateModified\":\"2025-09-06T19:30:28+00:00\",\"description\":\"T\u00ecm hi\u1ec3u c\u00e1ch d\u1ec5 d\u00e0ng th\u00eam m\u00e3 phi\u1ebfu gi\u1ea3m gi\u00e1 trong Stripe Checkout. L\u00e0m theo c\u00e1c b\u01b0\u1edbc \u0111\u01a1n gi\u1ea3n \u0111\u1ec3 n\u00e2ng cao tr\u1ea3i nghi\u1ec7m thanh to\u00e1n c\u1ee7a kh\u00e1ch h\u00e0ng.\",\"breadcrumb\":{\"@id\":\"https:\/\/talkpal.ai\/vi\/huong-dan-them-ma-phieu-giam-gia-trong-stripe-checkout\/#breadcrumb\"},\"inLanguage\":\"vi-VN\",\"potentialAction\":[{\"@type\":\"ReadAction\",\"target\":[\"https:\/\/talkpal.ai\/vi\/huong-dan-them-ma-phieu-giam-gia-trong-stripe-checkout\/\"]}]},{\"@type\":\"ImageObject\",\"inLanguage\":\"vi-VN\",\"@id\":\"https:\/\/talkpal.ai\/vi\/huong-dan-them-ma-phieu-giam-gia-trong-stripe-checkout\/#primaryimage\",\"url\":\"https:\/\/talkpal.ai\/wp-content\/uploads\/2024\/03\/Talkpal-Logo-Icon.png\",\"contentUrl\":\"https:\/\/talkpal.ai\/wp-content\/uploads\/2024\/03\/Talkpal-Logo-Icon.png\",\"width\":2880,\"height\":2880,\"caption\":\"Logo Talkpal kh\u00f4ng c\u00f3 d\u1ea5u ch\u1eef\"},{\"@type\":\"BreadcrumbList\",\"@id\":\"https:\/\/talkpal.ai\/vi\/huong-dan-them-ma-phieu-giam-gia-trong-stripe-checkout\/#breadcrumb\",\"itemListElement\":[{\"@type\":\"ListItem\",\"position\":1,\"name\":\"Homepage\",\"item\":\"https:\/\/talkpal.ai\/vi\/giao-vien-ngon-ngu-ai-3\/\"},{\"@type\":\"ListItem\",\"position\":2,\"name\":\"H\u01b0\u1edbng d\u1eabn th\u00eam m\u00e3 phi\u1ebfu gi\u1ea3m gi\u00e1 trong Stripe Checkout\"}]},{\"@type\":\"WebSite\",\"@id\":\"https:\/\/talkpal.ai\/vi\/#website\",\"url\":\"https:\/\/talkpal.ai\/vi\/\",\"name\":\"Talkpal\",\"description\":\"AI Language Learning\",\"publisher\":{\"@id\":\"https:\/\/talkpal.ai\/vi\/#organization\"},\"alternateName\":\"Talkpal AI\",\"potentialAction\":[{\"@type\":\"SearchAction\",\"target\":{\"@type\":\"EntryPoint\",\"urlTemplate\":\"https:\/\/talkpal.ai\/vi\/?s={search_term_string}\"},\"query-input\":{\"@type\":\"PropertyValueSpecification\",\"valueRequired\":true,\"valueName\":\"search_term_string\"}}],\"inLanguage\":\"vi-VN\"},{\"@type\":\"Organization\",\"@id\":\"https:\/\/talkpal.ai\/vi\/#organization\",\"name\":\"Talkpal, Inc.\",\"alternateName\":\"Talkpal AI\",\"url\":\"https:\/\/talkpal.ai\/vi\/\",\"logo\":{\"@type\":\"ImageObject\",\"inLanguage\":\"vi-VN\",\"@id\":\"https:\/\/talkpal.ai\/vi\/#\/schema\/logo\/image\/\",\"url\":\"https:\/\/talkpal.ai\/wp-content\/uploads\/2024\/03\/Talkpal-Logo-Icon.png\",\"contentUrl\":\"https:\/\/talkpal.ai\/wp-content\/uploads\/2024\/03\/Talkpal-Logo-Icon.png\",\"width\":2880,\"height\":2880,\"caption\":\"Talkpal, Inc.\"},\"image\":{\"@id\":\"https:\/\/talkpal.ai\/vi\/#\/schema\/logo\/image\/\"},\"sameAs\":[\"https:\/\/www.facebook.com\/profile.php?id=100090733639311\",\"https:\/\/x.com\/talkpalai\",\"https:\/\/www.linkedin.com\/company\/talkpal\/\",\"https:\/\/www.youtube.com\/@TalkPal\/\",\"https:\/\/www.tiktok.com\/@talkpal\",\"https:\/\/www.instagram.com\/talkpal_ai\/\",\"https:\/\/www.crunchbase.com\/organization\/talkpal-9cde\",\"https:\/\/www.g2.com\/products\/talkpal-for-business\/\",\"https:\/\/www.trustpilot.com\/review\/talkpal.ai\",\"https:\/\/www.capterra.com\/p\/10006800\/TalkPal\/\"],\"description\":\"Talkpal is a language learning web and mobile education app, powered by the latest AI technologies, that provides engaging experiences to its customers in many different languages to help them improve their language skills. Users can chat about unlimited amount of topics with the app and use other modes to practice their language learning.\",\"email\":\"support@talkpal.ai\",\"legalName\":\"Talkpal, Inc.\",\"foundingDate\":\"2023-04-03\",\"duns\":\"118989042\",\"numberOfEmployees\":{\"@type\":\"QuantitativeValue\",\"minValue\":\"11\",\"maxValue\":\"50\"},\"publishingPrinciples\":\"https:\/\/talkpal.ai\/publishing-principles\/\",\"actionableFeedbackPolicy\":\"https:\/\/talkpal.ai\/actionable-feedback-policy\/\",\"correctionsPolicy\":\"https:\/\/talkpal.ai\/corrections-policy\/\",\"ethicsPolicy\":\"https:\/\/talkpal.ai\/ethics-policy\/\",\"diversityPolicy\":\"https:\/\/talkpal.ai\/diversity-policy\/\",\"diversityStaffingReport\":\"https:\/\/talkpal.ai\/diversity-policy\/\"}]}<\/script>\n<!-- \/ Yoast SEO Premium plugin. -->","yoast_head_json":{"title":"H\u01b0\u1edbng d\u1eabn th\u00eam m\u00e3 phi\u1ebfu gi\u1ea3m gi\u00e1 trong Stripe Checkout - Talkpal","description":"T\u00ecm hi\u1ec3u c\u00e1ch d\u1ec5 d\u00e0ng th\u00eam m\u00e3 phi\u1ebfu gi\u1ea3m gi\u00e1 trong Stripe Checkout. L\u00e0m theo c\u00e1c b\u01b0\u1edbc \u0111\u01a1n gi\u1ea3n \u0111\u1ec3 n\u00e2ng cao tr\u1ea3i nghi\u1ec7m thanh to\u00e1n c\u1ee7a kh\u00e1ch h\u00e0ng.","robots":{"index":"index","follow":"follow","max-snippet":"max-snippet:-1","max-image-preview":"max-image-preview:large","max-video-preview":"max-video-preview:-1"},"canonical":"https:\/\/talkpal.ai\/vi\/huong-dan-them-ma-phieu-giam-gia-trong-stripe-checkout\/","og_locale":"vi_VN","og_type":"article","og_title":"H\u01b0\u1edbng d\u1eabn th\u00eam m\u00e3 phi\u1ebfu gi\u1ea3m gi\u00e1 trong Stripe Checkout","og_description":"Th\u00eam m\u00e3 phi\u1ebfu gi\u1ea3m gi\u00e1 v\u00e0 \u0111\u01b0\u1ee3c gi\u1ea3m gi\u00e1. L\u00e0m theo c\u00e1c b\u01b0\u1edbc B\u01b0\u1edbc 1: Ch\u1ecdn m\u1ed9t g\u00f3i \u01b0u ti\u00ean. B\u01b0\u1edbc 2: Ch\u1ecdn t\u00f9y ch\u1ecdn thanh to\u00e1n b\u1eb1ng th\u1ebb v\u00e0 nh\u1ea5n n\u00fat b\u1eaft \u0111\u1ea7u.","og_url":"https:\/\/talkpal.ai\/vi\/huong-dan-them-ma-phieu-giam-gia-trong-stripe-checkout\/","og_site_name":"Talkpal","article_publisher":"https:\/\/www.facebook.com\/profile.php?id=100090733639311","article_modified_time":"2025-09-06T19:30:28+00:00","og_image":[{"width":2880,"height":2880,"url":"https:\/\/talkpal.ai\/wp-content\/uploads\/2024\/03\/Talkpal-Logo-Icon.png","type":"image\/png"}],"twitter_card":"summary_large_image","twitter_site":"@talkpalai","twitter_misc":{"Est. reading time":"1 minute"},"schema":{"@context":"https:\/\/schema.org","@graph":[{"@type":"WebPage","@id":"https:\/\/talkpal.ai\/vi\/huong-dan-them-ma-phieu-giam-gia-trong-stripe-checkout\/","url":"https:\/\/talkpal.ai\/vi\/huong-dan-them-ma-phieu-giam-gia-trong-stripe-checkout\/","name":"H\u01b0\u1edbng d\u1eabn th\u00eam m\u00e3 phi\u1ebfu gi\u1ea3m gi\u00e1 trong Stripe Checkout - Talkpal","isPartOf":{"@id":"https:\/\/talkpal.ai\/vi\/#website"},"primaryImageOfPage":{"@id":"https:\/\/talkpal.ai\/vi\/huong-dan-them-ma-phieu-giam-gia-trong-stripe-checkout\/#primaryimage"},"image":{"@id":"https:\/\/talkpal.ai\/vi\/huong-dan-them-ma-phieu-giam-gia-trong-stripe-checkout\/#primaryimage"},"thumbnailUrl":"https:\/\/talkpal.ai\/wp-content\/uploads\/2024\/03\/Talkpal-Logo-Icon.png","datePublished":"2023-12-20T15:42:12+00:00","dateModified":"2025-09-06T19:30:28+00:00","description":"T\u00ecm hi\u1ec3u c\u00e1ch d\u1ec5 d\u00e0ng th\u00eam m\u00e3 phi\u1ebfu gi\u1ea3m gi\u00e1 trong Stripe Checkout. L\u00e0m theo c\u00e1c b\u01b0\u1edbc \u0111\u01a1n gi\u1ea3n \u0111\u1ec3 n\u00e2ng cao tr\u1ea3i nghi\u1ec7m thanh to\u00e1n c\u1ee7a kh\u00e1ch h\u00e0ng.","breadcrumb":{"@id":"https:\/\/talkpal.ai\/vi\/huong-dan-them-ma-phieu-giam-gia-trong-stripe-checkout\/#breadcrumb"},"inLanguage":"vi-VN","potentialAction":[{"@type":"ReadAction","target":["https:\/\/talkpal.ai\/vi\/huong-dan-them-ma-phieu-giam-gia-trong-stripe-checkout\/"]}]},{"@type":"ImageObject","inLanguage":"vi-VN","@id":"https:\/\/talkpal.ai\/vi\/huong-dan-them-ma-phieu-giam-gia-trong-stripe-checkout\/#primaryimage","url":"https:\/\/talkpal.ai\/wp-content\/uploads\/2024\/03\/Talkpal-Logo-Icon.png","contentUrl":"https:\/\/talkpal.ai\/wp-content\/uploads\/2024\/03\/Talkpal-Logo-Icon.png","width":2880,"height":2880,"caption":"Logo Talkpal kh\u00f4ng c\u00f3 d\u1ea5u ch\u1eef"},{"@type":"BreadcrumbList","@id":"https:\/\/talkpal.ai\/vi\/huong-dan-them-ma-phieu-giam-gia-trong-stripe-checkout\/#breadcrumb","itemListElement":[{"@type":"ListItem","position":1,"name":"Homepage","item":"https:\/\/talkpal.ai\/vi\/giao-vien-ngon-ngu-ai-3\/"},{"@type":"ListItem","position":2,"name":"H\u01b0\u1edbng d\u1eabn th\u00eam m\u00e3 phi\u1ebfu gi\u1ea3m gi\u00e1 trong Stripe Checkout"}]},{"@type":"WebSite","@id":"https:\/\/talkpal.ai\/vi\/#website","url":"https:\/\/talkpal.ai\/vi\/","name":"Talkpal","description":"AI Language Learning","publisher":{"@id":"https:\/\/talkpal.ai\/vi\/#organization"},"alternateName":"Talkpal AI","potentialAction":[{"@type":"SearchAction","target":{"@type":"EntryPoint","urlTemplate":"https:\/\/talkpal.ai\/vi\/?s={search_term_string}"},"query-input":{"@type":"PropertyValueSpecification","valueRequired":true,"valueName":"search_term_string"}}],"inLanguage":"vi-VN"},{"@type":"Organization","@id":"https:\/\/talkpal.ai\/vi\/#organization","name":"Talkpal, Inc.","alternateName":"Talkpal AI","url":"https:\/\/talkpal.ai\/vi\/","logo":{"@type":"ImageObject","inLanguage":"vi-VN","@id":"https:\/\/talkpal.ai\/vi\/#\/schema\/logo\/image\/","url":"https:\/\/talkpal.ai\/wp-content\/uploads\/2024\/03\/Talkpal-Logo-Icon.png","contentUrl":"https:\/\/talkpal.ai\/wp-content\/uploads\/2024\/03\/Talkpal-Logo-Icon.png","width":2880,"height":2880,"caption":"Talkpal, Inc."},"image":{"@id":"https:\/\/talkpal.ai\/vi\/#\/schema\/logo\/image\/"},"sameAs":["https:\/\/www.facebook.com\/profile.php?id=100090733639311","https:\/\/x.com\/talkpalai","https:\/\/www.linkedin.com\/company\/talkpal\/","https:\/\/www.youtube.com\/@TalkPal\/","https:\/\/www.tiktok.com\/@talkpal","https:\/\/www.instagram.com\/talkpal_ai\/","https:\/\/www.crunchbase.com\/organization\/talkpal-9cde","https:\/\/www.g2.com\/products\/talkpal-for-business\/","https:\/\/www.trustpilot.com\/review\/talkpal.ai","https:\/\/www.capterra.com\/p\/10006800\/TalkPal\/"],"description":"Talkpal is a language learning web and mobile education app, powered by the latest AI technologies, that provides engaging experiences to its customers in many different languages to help them improve their language skills. Users can chat about unlimited amount of topics with the app and use other modes to practice their language learning.","email":"support@talkpal.ai","legalName":"Talkpal, Inc.","foundingDate":"2023-04-03","duns":"118989042","numberOfEmployees":{"@type":"QuantitativeValue","minValue":"11","maxValue":"50"},"publishingPrinciples":"https:\/\/talkpal.ai\/publishing-principles\/","actionableFeedbackPolicy":"https:\/\/talkpal.ai\/actionable-feedback-policy\/","correctionsPolicy":"https:\/\/talkpal.ai\/corrections-policy\/","ethicsPolicy":"https:\/\/talkpal.ai\/ethics-policy\/","diversityPolicy":"https:\/\/talkpal.ai\/diversity-policy\/","diversityStaffingReport":"https:\/\/talkpal.ai\/diversity-policy\/"}]}},"_links":{"self":[{"href":"https:\/\/talkpal.ai\/vi\/wp-json\/wp\/v2\/pages\/1444372","targetHints":{"allow":["GET"]}}],"collection":[{"href":"https:\/\/talkpal.ai\/vi\/wp-json\/wp\/v2\/pages"}],"about":[{"href":"https:\/\/talkpal.ai\/vi\/wp-json\/wp\/v2\/types\/page"}],"author":[{"embeddable":true,"href":"https:\/\/talkpal.ai\/vi\/wp-json\/wp\/v2\/users\/6"}],"replies":[{"embeddable":true,"href":"https:\/\/talkpal.ai\/vi\/wp-json\/wp\/v2\/comments?post=1444372"}],"version-history":[{"count":0,"href":"https:\/\/talkpal.ai\/vi\/wp-json\/wp\/v2\/pages\/1444372\/revisions"}],"wp:featuredmedia":[{"embeddable":true,"href":"https:\/\/talkpal.ai\/vi\/wp-json\/wp\/v2\/media\/1439689"}],"wp:attachment":[{"href":"https:\/\/talkpal.ai\/vi\/wp-json\/wp\/v2\/media?parent=1444372"}],"curies":[{"name":"wp","href":"https:\/\/api.w.org\/{rel}","templated":true}]}}