{"id":1444354,"date":"2023-12-06T14:21:16","date_gmt":"2023-12-06T14:21:16","guid":{"rendered":"https:\/\/talkpal.ai\/chung-chi-ngon-ngu\/"},"modified":"2026-01-07T14:18:16","modified_gmt":"2026-01-07T14:18:16","slug":"chung-chi-ngon-ngu","status":"publish","type":"page","link":"https:\/\/talkpal.ai\/vi\/chung-chi-ngon-ngu\/","title":{"rendered":"Ch\u1ee9ng ch\u1ec9 ng\u00f4n ng\u1eef"},"content":{"rendered":"\r\n\r\n\r\n<section class=\"languageChallengeSection\">\r\n    <div class=\"languageInfoWrapper\">\r\n        \r\n        <h1>Ch\u1ee9ng ch\u1ec9 ng\u00f4n ng\u1eef<\/h1>\r\n        <p>Ch\u1ee9ng ch\u1ec9 <a href=\"https:\/\/talkpal.ai\/vi\/hoc-ngon-ngu-cho-cac-truong-ngon-ngu\/\">ng\u00f4n ng\u1eef<\/a>, \u0111\u01b0\u1ee3c c\u00f4ng nh\u1eadn tr\u00ean to\u00e0n th\u1ebf gi\u1edbi, n\u00e2ng cao \u0111\u00e1ng k\u1ec3 h\u00e0nh tr\u00ecnh c\u00e1 nh\u00e2n, ngh\u1ec1 nghi\u1ec7p v\u00e0 h\u1ecdc t\u1eadp c\u1ee7a m\u1ed9t ng\u01b0\u1eddi. Ch\u00fang \u0111\u00f3ng vai tr\u00f2 l\u00e0 b\u1eb1ng ch\u1ee9ng n\u1ed5i b\u1eadt v\u1ec1 kh\u1ea3 n\u0103ng, m\u1edf ra c\u00e1nh c\u1eeda vi\u1ec7c l\u00e0m, gi\u00e1o d\u1ee5c v\u00e0 hi\u1ec3u bi\u1ebft v\u0103n h\u00f3a.\n\nTrong c\u00e1c th\u1ecb tr\u01b0\u1eddng vi\u1ec7c l\u00e0m c\u1ea1nh tranh, c\u00e1c ch\u1ee9ng ch\u1ec9 nh\u01b0 TOEFL (ti\u1ebfng Anh), DSH (ti\u1ebfng \u0110\u1ee9c), DELF (ti\u1ebfng Ph\u00e1p) ho\u1eb7c DELE (ti\u1ebfng T\u00e2y Ban Nha) c\u00f3 th\u1ec3 mang l\u1ea1i l\u1ee3i th\u1ebf ri\u00eang bi\u1ec7t. Nh\u1eefng ch\u1ee9ng ch\u1ec9 n\u00e0y ch\u1ee9ng minh kh\u1ea3 n\u0103ng ng\u00f4n ng\u1eef, thu h\u00fat c\u00e1c nh\u00e0 tuy\u1ec3n d\u1ee5ng trong c\u00e1c l\u0129nh v\u1ef1c kh\u00e1c nhau nh\u01b0 kinh doanh, ch\u0103m s\u00f3c s\u1ee9c kh\u1ecfe v\u00e0 du l\u1ecbch. Kh\u00e1m ph\u00e1 v\u00e0 kh\u00e1m ph\u00e1 v\u1ec1 c\u00e1c ch\u1ee9ng ch\u1ec9 ng\u00f4n ng\u1eef kh\u00e1c nhau v\u00e0 t\u00ecm hi\u1ec3u c\u00e1ch TalkPal c\u00f3 th\u1ec3 gi\u00fap b\u1ea1n chu\u1ea9n b\u1ecb cho ch\u00fang.<\/p>\r\n\r\n                            <a class=\"getStartedHidden\" href=\"https:\/\/app.talkpal.ai\/vi\/signup?lng=\">B\u1eaft \u0111\u1ea7u nh\u00e9<\/a>\r\n        \r\n    <\/div>\r\n\r\n    <figure>\r\n    <img decoding=\"async\" width=\"768\" height=\"768\" src=\"https:\/\/talkpal.ai\/wp-content\/uploads\/2026\/01\/curly-girl-with-phone-yellow-background-768x768.webp\" class=\"languageImage no-lazy\" alt=\"Default alt text\" fetchpriority=\"high\" sizes=\"(max-width: 768px) 150px, 768px\" srcset=\"https:\/\/talkpal.ai\/wp-content\/uploads\/2026\/01\/curly-girl-with-phone-yellow-background-768x768.webp 768w, https:\/\/talkpal.ai\/wp-content\/uploads\/2026\/01\/curly-girl-with-phone-yellow-background-300x300.webp 300w\" \/>\r\n    \r\n\r\n    <\/figure>\r\n\r\n            <a class=\"getStartedVisible\" href=\"https:\/\/app.talkpal.ai\/vi\/signup?lng=\">B\u1eaft \u0111\u1ea7u nh\u00e9<\/a>\r\n    \r\n<\/section>\n<div class=\"wp-block-group pageContainerStyle\"><div class=\"wp-block-group__inner-container is-layout-constrained wp-block-group-is-layout-constrained\">\n<h2 class=\"wp-block-heading\" id=\"h-language-certificates\">Ch\u1ee9ng ch\u1ec9 ng\u00f4n ng\u1eef<\/h2>\n\n\n\r\n                    <div class=\"methodWraper\">\r\n            <div class=\"methodContent\">\r\n                <img decoding=\"async\" src=\"https:\/\/talkpal.ai\/wp-content\/uploads\/2025\/05\/check_icon.png\" alt=\"Checkmark Icon\">\r\n                <h3>Ti\u1ebfng Anh:<\/h3>\r\n            <\/div>\r\n            <p>&#8211; IELTS (H\u1ec7 th\u1ed1ng ki\u1ec3m tra ti\u1ebfng Anh qu\u1ed1c t\u1ebf)\n&#8211; TOEFL (B\u00e0i ki\u1ec3m tra ti\u1ebfng Anh nh\u01b0 m\u1ed9t ngo\u1ea1i ng\u1eef)\n&#8211; K\u1ef3 thi ti\u1ebfng Anh Cambridge\n&#8211; PTE (B\u00e0i ki\u1ec3m tra ti\u1ebfng Anh Pearson) H\u1ecdc thu\u1eadt\n&#8211; OET (B\u00e0i ki\u1ec3m tra ti\u1ebfng Anh ngh\u1ec1 nghi\u1ec7p)\n&#8211; CELPIP (Ch\u01b0\u01a1ng tr\u00ecnh ch\u1ec9 s\u1ed1 th\u00f4ng th\u1ea1o ti\u1ebfng Anh Canada)<\/p>\r\n        <\/div>\r\n                    <div class=\"methodWraper\">\r\n            <div class=\"methodContent\">\r\n                <img decoding=\"async\" src=\"https:\/\/talkpal.ai\/wp-content\/uploads\/2025\/05\/check_icon.png\" alt=\"Checkmark Icon\">\r\n                <h3>Ti\u1ebfng T\u00e2y Ban Nha:<\/h3>\r\n            <\/div>\r\n            <p>&#8211; DELE (V\u0103n b\u1eb1ng de Espa\u00f1ol como Lengua Extranjera)\n&#8211; SIELE (Servicio Internacional de Evaluaci\u00f3n de la Lengua Espa\u00f1ola)\n&#8211; CELU (Certificado de Espa\u00f1ol: Lengua y Uso)<\/p>\r\n        <\/div>\r\n                    <div class=\"methodWraper\">\r\n            <div class=\"methodContent\">\r\n                <img decoding=\"async\" src=\"https:\/\/talkpal.ai\/wp-content\/uploads\/2025\/05\/check_icon.png\" alt=\"Checkmark Icon\">\r\n                <h3>Ti\u1ebfng \u0110\u1ee9c:<\/h3>\r\n            <\/div>\r\n            <p>&#8211; TestDaF (Th\u1eed nghi\u1ec7m Deutsch als Fremdsprache) Goethe-Zertifikat\n&#8211; DSH (Deutsche Sprachpr\u00fcfung f\u00fcr den Hochschulzugang)\n&#8211; \u00d6SD (\u00d6sterreichisches Sprachdiplom Deutsch)\n&#8211; telc (Ch\u1ee9ng ch\u1ec9 ng\u00f4n ng\u1eef ch\u00e2u \u00c2u)<\/p>\r\n        <\/div>\r\n                    <div class=\"methodWraper\">\r\n            <div class=\"methodContent\">\r\n                <img decoding=\"async\" src=\"https:\/\/talkpal.ai\/wp-content\/uploads\/2025\/05\/check_icon.png\" alt=\"Checkmark Icon\">\r\n                <h3>Ph\u00e1p:<\/h3>\r\n            <\/div>\r\n            <p>&#8211; DELF\/DALF (Dipl\u00f4me d&#039;Etudes en Langue Fran\u00e7aise)\n&#8211; TEF (Test d&#039;Evaluation de Fran\u00e7ais)\n&#8211; TCF (Test de Connaissance du Fran\u00e7ais)\n&#8211; TEFAQ (Test d&#039;Evaluation de Fran\u00e7ais adapt\u00e9 au Qu\u00e9bec)<\/p>\r\n        <\/div>\r\n    <\/div><\/div>\n","protected":false},"excerpt":{"rendered":"<p>Ch\u1ee9ng ch\u1ec9 ng\u00f4n ng\u1eef<\/p>\n","protected":false},"author":8,"featured_media":1439689,"parent":0,"menu_order":0,"comment_status":"closed","ping_status":"closed","template":"LearningContentPage.php","meta":{"_acf_changed":false,"footnotes":""},"class_list":["post-1444354","page","type-page","status-publish","has-post-thumbnail","hentry"],"acf":[],"yoast_head":"<!-- This site is optimized with the Yoast SEO Premium plugin v27.2 (Yoast SEO v27.2) - https:\/\/yoast.com\/product\/yoast-seo-premium-wordpress\/ -->\n<title>Ch\u1ee9ng ch\u1ec9 ng\u00f4n ng\u1eef - Talkpal<\/title>\n<meta name=\"description\" content=\"Th\u0103ng ti\u1ebfn s\u1ef1 nghi\u1ec7p c\u1ee7a b\u1ea1n v\u1edbi c\u00e1c ch\u1ee9ng ch\u1ec9 ng\u00f4n ng\u1eef \u0111\u01b0\u1ee3c c\u00f4ng nh\u1eadn - x\u00e1c nh\u1eadn k\u1ef9 n\u0103ng, n\u00e2ng cao uy t\u00edn v\u00e0 m\u1edf ra c\u00e1c c\u01a1 h\u1ed9i to\u00e0n c\u1ea7u\" \/>\n<meta name=\"robots\" content=\"index, follow, max-snippet:-1, max-image-preview:large, max-video-preview:-1\" \/>\n<link rel=\"canonical\" href=\"https:\/\/talkpal.ai\/vi\/chung-chi-ngon-ngu\/\" \/>\n<meta property=\"og:locale\" content=\"vi_VN\" \/>\n<meta property=\"og:type\" content=\"article\" \/>\n<meta property=\"og:title\" content=\"Ch\u1ee9ng ch\u1ec9 ng\u00f4n ng\u1eef\" \/>\n<meta property=\"og:description\" content=\"Ch\u1ee9ng ch\u1ec9 ng\u00f4n ng\u1eef\" \/>\n<meta property=\"og:url\" content=\"https:\/\/talkpal.ai\/vi\/chung-chi-ngon-ngu\/\" \/>\n<meta property=\"og:site_name\" content=\"Talkpal\" \/>\n<meta property=\"article:publisher\" content=\"https:\/\/www.facebook.com\/profile.php?id=100090733639311\" \/>\n<meta property=\"article:modified_time\" content=\"2026-01-07T14:18:16+00:00\" \/>\n<meta property=\"og:image\" content=\"https:\/\/talkpal.ai\/wp-content\/uploads\/2024\/03\/Talkpal-Logo-Icon.png\" \/>\n\t<meta property=\"og:image:width\" content=\"2880\" \/>\n\t<meta property=\"og:image:height\" content=\"2880\" \/>\n\t<meta property=\"og:image:type\" content=\"image\/png\" \/>\n<meta name=\"twitter:card\" content=\"summary_large_image\" \/>\n<meta name=\"twitter:site\" content=\"@talkpalai\" \/>\n<script type=\"application\/ld+json\" class=\"yoast-schema-graph\">{\"@context\":\"https:\/\/schema.org\",\"@graph\":[{\"@type\":\"WebPage\",\"@id\":\"https:\/\/talkpal.ai\/vi\/chung-chi-ngon-ngu\/\",\"url\":\"https:\/\/talkpal.ai\/vi\/chung-chi-ngon-ngu\/\",\"name\":\"Ch\u1ee9ng ch\u1ec9 ng\u00f4n ng\u1eef - Talkpal\",\"isPartOf\":{\"@id\":\"https:\/\/talkpal.ai\/vi\/#website\"},\"primaryImageOfPage\":{\"@id\":\"https:\/\/talkpal.ai\/vi\/chung-chi-ngon-ngu\/#primaryimage\"},\"image\":{\"@id\":\"https:\/\/talkpal.ai\/vi\/chung-chi-ngon-ngu\/#primaryimage\"},\"thumbnailUrl\":\"https:\/\/talkpal.ai\/wp-content\/uploads\/2024\/03\/Talkpal-Logo-Icon.png\",\"datePublished\":\"2023-12-06T14:21:16+00:00\",\"dateModified\":\"2026-01-07T14:18:16+00:00\",\"description\":\"Th\u0103ng ti\u1ebfn s\u1ef1 nghi\u1ec7p c\u1ee7a b\u1ea1n v\u1edbi c\u00e1c ch\u1ee9ng ch\u1ec9 ng\u00f4n ng\u1eef \u0111\u01b0\u1ee3c c\u00f4ng nh\u1eadn - x\u00e1c nh\u1eadn k\u1ef9 n\u0103ng, n\u00e2ng cao uy t\u00edn v\u00e0 m\u1edf ra c\u00e1c c\u01a1 h\u1ed9i to\u00e0n c\u1ea7u\",\"breadcrumb\":{\"@id\":\"https:\/\/talkpal.ai\/vi\/chung-chi-ngon-ngu\/#breadcrumb\"},\"inLanguage\":\"vi-VN\",\"potentialAction\":[{\"@type\":\"ReadAction\",\"target\":[\"https:\/\/talkpal.ai\/vi\/chung-chi-ngon-ngu\/\"]}]},{\"@type\":\"ImageObject\",\"inLanguage\":\"vi-VN\",\"@id\":\"https:\/\/talkpal.ai\/vi\/chung-chi-ngon-ngu\/#primaryimage\",\"url\":\"https:\/\/talkpal.ai\/wp-content\/uploads\/2024\/03\/Talkpal-Logo-Icon.png\",\"contentUrl\":\"https:\/\/talkpal.ai\/wp-content\/uploads\/2024\/03\/Talkpal-Logo-Icon.png\",\"width\":2880,\"height\":2880,\"caption\":\"Logo TalkPal\"},{\"@type\":\"BreadcrumbList\",\"@id\":\"https:\/\/talkpal.ai\/vi\/chung-chi-ngon-ngu\/#breadcrumb\",\"itemListElement\":[{\"@type\":\"ListItem\",\"position\":1,\"name\":\"Homepage\",\"item\":\"https:\/\/talkpal.ai\/vi\/giao-vien-ngon-ngu-ai-3\/\"},{\"@type\":\"ListItem\",\"position\":2,\"name\":\"Ch\u1ee9ng ch\u1ec9 ng\u00f4n ng\u1eef\"}]},{\"@type\":\"WebSite\",\"@id\":\"https:\/\/talkpal.ai\/vi\/#website\",\"url\":\"https:\/\/talkpal.ai\/vi\/\",\"name\":\"Talkpal\",\"description\":\"AI Language Learning\",\"publisher\":{\"@id\":\"https:\/\/talkpal.ai\/vi\/#organization\"},\"alternateName\":\"Talkpal AI\",\"potentialAction\":[{\"@type\":\"SearchAction\",\"target\":{\"@type\":\"EntryPoint\",\"urlTemplate\":\"https:\/\/talkpal.ai\/vi\/?s={search_term_string}\"},\"query-input\":{\"@type\":\"PropertyValueSpecification\",\"valueRequired\":true,\"valueName\":\"search_term_string\"}}],\"inLanguage\":\"vi-VN\"},{\"@type\":\"Organization\",\"@id\":\"https:\/\/talkpal.ai\/vi\/#organization\",\"name\":\"Talkpal, Inc.\",\"alternateName\":\"Talkpal AI\",\"url\":\"https:\/\/talkpal.ai\/vi\/\",\"logo\":{\"@type\":\"ImageObject\",\"inLanguage\":\"vi-VN\",\"@id\":\"https:\/\/talkpal.ai\/vi\/#\/schema\/logo\/image\/\",\"url\":\"https:\/\/talkpal.ai\/wp-content\/uploads\/2024\/03\/Talkpal-Logo-Icon.png\",\"contentUrl\":\"https:\/\/talkpal.ai\/wp-content\/uploads\/2024\/03\/Talkpal-Logo-Icon.png\",\"width\":2880,\"height\":2880,\"caption\":\"Talkpal, Inc.\"},\"image\":{\"@id\":\"https:\/\/talkpal.ai\/vi\/#\/schema\/logo\/image\/\"},\"sameAs\":[\"https:\/\/www.facebook.com\/profile.php?id=100090733639311\",\"https:\/\/x.com\/talkpalai\",\"https:\/\/www.linkedin.com\/company\/talkpal\/\",\"https:\/\/www.youtube.com\/@TalkPal\/\",\"https:\/\/www.tiktok.com\/@talkpal\",\"https:\/\/www.instagram.com\/talkpal_ai\/\",\"https:\/\/www.crunchbase.com\/organization\/talkpal-9cde\",\"https:\/\/www.g2.com\/products\/talkpal-for-business\/\",\"https:\/\/www.trustpilot.com\/review\/talkpal.ai\",\"https:\/\/www.capterra.com\/p\/10006800\/TalkPal\/\"],\"description\":\"Talkpal is a language learning web and mobile education app, powered by the latest AI technologies, that provides engaging experiences to its customers in many different languages to help them improve their language skills. Users can chat about unlimited amount of topics with the app and use other modes to practice their language learning.\",\"email\":\"support@talkpal.ai\",\"legalName\":\"Talkpal, Inc.\",\"foundingDate\":\"2023-04-03\",\"duns\":\"118989042\",\"numberOfEmployees\":{\"@type\":\"QuantitativeValue\",\"minValue\":\"11\",\"maxValue\":\"50\"},\"publishingPrinciples\":\"https:\/\/talkpal.ai\/publishing-principles\/\",\"actionableFeedbackPolicy\":\"https:\/\/talkpal.ai\/actionable-feedback-policy\/\",\"correctionsPolicy\":\"https:\/\/talkpal.ai\/corrections-policy\/\",\"ethicsPolicy\":\"https:\/\/talkpal.ai\/ethics-policy\/\",\"diversityPolicy\":\"https:\/\/talkpal.ai\/diversity-policy\/\",\"diversityStaffingReport\":\"https:\/\/talkpal.ai\/diversity-policy\/\"}]}<\/script>\n<!-- \/ Yoast SEO Premium plugin. -->","yoast_head_json":{"title":"Ch\u1ee9ng ch\u1ec9 ng\u00f4n ng\u1eef - Talkpal","description":"Th\u0103ng ti\u1ebfn s\u1ef1 nghi\u1ec7p c\u1ee7a b\u1ea1n v\u1edbi c\u00e1c ch\u1ee9ng ch\u1ec9 ng\u00f4n ng\u1eef \u0111\u01b0\u1ee3c c\u00f4ng nh\u1eadn - x\u00e1c nh\u1eadn k\u1ef9 n\u0103ng, n\u00e2ng cao uy t\u00edn v\u00e0 m\u1edf ra c\u00e1c c\u01a1 h\u1ed9i to\u00e0n c\u1ea7u","robots":{"index":"index","follow":"follow","max-snippet":"max-snippet:-1","max-image-preview":"max-image-preview:large","max-video-preview":"max-video-preview:-1"},"canonical":"https:\/\/talkpal.ai\/vi\/chung-chi-ngon-ngu\/","og_locale":"vi_VN","og_type":"article","og_title":"Ch\u1ee9ng ch\u1ec9 ng\u00f4n ng\u1eef","og_description":"Ch\u1ee9ng ch\u1ec9 ng\u00f4n ng\u1eef","og_url":"https:\/\/talkpal.ai\/vi\/chung-chi-ngon-ngu\/","og_site_name":"Talkpal","article_publisher":"https:\/\/www.facebook.com\/profile.php?id=100090733639311","article_modified_time":"2026-01-07T14:18:16+00:00","og_image":[{"width":2880,"height":2880,"url":"https:\/\/talkpal.ai\/wp-content\/uploads\/2024\/03\/Talkpal-Logo-Icon.png","type":"image\/png"}],"twitter_card":"summary_large_image","twitter_site":"@talkpalai","schema":{"@context":"https:\/\/schema.org","@graph":[{"@type":"WebPage","@id":"https:\/\/talkpal.ai\/vi\/chung-chi-ngon-ngu\/","url":"https:\/\/talkpal.ai\/vi\/chung-chi-ngon-ngu\/","name":"Ch\u1ee9ng ch\u1ec9 ng\u00f4n ng\u1eef - Talkpal","isPartOf":{"@id":"https:\/\/talkpal.ai\/vi\/#website"},"primaryImageOfPage":{"@id":"https:\/\/talkpal.ai\/vi\/chung-chi-ngon-ngu\/#primaryimage"},"image":{"@id":"https:\/\/talkpal.ai\/vi\/chung-chi-ngon-ngu\/#primaryimage"},"thumbnailUrl":"https:\/\/talkpal.ai\/wp-content\/uploads\/2024\/03\/Talkpal-Logo-Icon.png","datePublished":"2023-12-06T14:21:16+00:00","dateModified":"2026-01-07T14:18:16+00:00","description":"Th\u0103ng ti\u1ebfn s\u1ef1 nghi\u1ec7p c\u1ee7a b\u1ea1n v\u1edbi c\u00e1c ch\u1ee9ng ch\u1ec9 ng\u00f4n ng\u1eef \u0111\u01b0\u1ee3c c\u00f4ng nh\u1eadn - x\u00e1c nh\u1eadn k\u1ef9 n\u0103ng, n\u00e2ng cao uy t\u00edn v\u00e0 m\u1edf ra c\u00e1c c\u01a1 h\u1ed9i to\u00e0n c\u1ea7u","breadcrumb":{"@id":"https:\/\/talkpal.ai\/vi\/chung-chi-ngon-ngu\/#breadcrumb"},"inLanguage":"vi-VN","potentialAction":[{"@type":"ReadAction","target":["https:\/\/talkpal.ai\/vi\/chung-chi-ngon-ngu\/"]}]},{"@type":"ImageObject","inLanguage":"vi-VN","@id":"https:\/\/talkpal.ai\/vi\/chung-chi-ngon-ngu\/#primaryimage","url":"https:\/\/talkpal.ai\/wp-content\/uploads\/2024\/03\/Talkpal-Logo-Icon.png","contentUrl":"https:\/\/talkpal.ai\/wp-content\/uploads\/2024\/03\/Talkpal-Logo-Icon.png","width":2880,"height":2880,"caption":"Logo TalkPal"},{"@type":"BreadcrumbList","@id":"https:\/\/talkpal.ai\/vi\/chung-chi-ngon-ngu\/#breadcrumb","itemListElement":[{"@type":"ListItem","position":1,"name":"Homepage","item":"https:\/\/talkpal.ai\/vi\/giao-vien-ngon-ngu-ai-3\/"},{"@type":"ListItem","position":2,"name":"Ch\u1ee9ng ch\u1ec9 ng\u00f4n ng\u1eef"}]},{"@type":"WebSite","@id":"https:\/\/talkpal.ai\/vi\/#website","url":"https:\/\/talkpal.ai\/vi\/","name":"Talkpal","description":"AI Language Learning","publisher":{"@id":"https:\/\/talkpal.ai\/vi\/#organization"},"alternateName":"Talkpal AI","potentialAction":[{"@type":"SearchAction","target":{"@type":"EntryPoint","urlTemplate":"https:\/\/talkpal.ai\/vi\/?s={search_term_string}"},"query-input":{"@type":"PropertyValueSpecification","valueRequired":true,"valueName":"search_term_string"}}],"inLanguage":"vi-VN"},{"@type":"Organization","@id":"https:\/\/talkpal.ai\/vi\/#organization","name":"Talkpal, Inc.","alternateName":"Talkpal AI","url":"https:\/\/talkpal.ai\/vi\/","logo":{"@type":"ImageObject","inLanguage":"vi-VN","@id":"https:\/\/talkpal.ai\/vi\/#\/schema\/logo\/image\/","url":"https:\/\/talkpal.ai\/wp-content\/uploads\/2024\/03\/Talkpal-Logo-Icon.png","contentUrl":"https:\/\/talkpal.ai\/wp-content\/uploads\/2024\/03\/Talkpal-Logo-Icon.png","width":2880,"height":2880,"caption":"Talkpal, Inc."},"image":{"@id":"https:\/\/talkpal.ai\/vi\/#\/schema\/logo\/image\/"},"sameAs":["https:\/\/www.facebook.com\/profile.php?id=100090733639311","https:\/\/x.com\/talkpalai","https:\/\/www.linkedin.com\/company\/talkpal\/","https:\/\/www.youtube.com\/@TalkPal\/","https:\/\/www.tiktok.com\/@talkpal","https:\/\/www.instagram.com\/talkpal_ai\/","https:\/\/www.crunchbase.com\/organization\/talkpal-9cde","https:\/\/www.g2.com\/products\/talkpal-for-business\/","https:\/\/www.trustpilot.com\/review\/talkpal.ai","https:\/\/www.capterra.com\/p\/10006800\/TalkPal\/"],"description":"Talkpal is a language learning web and mobile education app, powered by the latest AI technologies, that provides engaging experiences to its customers in many different languages to help them improve their language skills. Users can chat about unlimited amount of topics with the app and use other modes to practice their language learning.","email":"support@talkpal.ai","legalName":"Talkpal, Inc.","foundingDate":"2023-04-03","duns":"118989042","numberOfEmployees":{"@type":"QuantitativeValue","minValue":"11","maxValue":"50"},"publishingPrinciples":"https:\/\/talkpal.ai\/publishing-principles\/","actionableFeedbackPolicy":"https:\/\/talkpal.ai\/actionable-feedback-policy\/","correctionsPolicy":"https:\/\/talkpal.ai\/corrections-policy\/","ethicsPolicy":"https:\/\/talkpal.ai\/ethics-policy\/","diversityPolicy":"https:\/\/talkpal.ai\/diversity-policy\/","diversityStaffingReport":"https:\/\/talkpal.ai\/diversity-policy\/"}]}},"_links":{"self":[{"href":"https:\/\/talkpal.ai\/vi\/wp-json\/wp\/v2\/pages\/1444354","targetHints":{"allow":["GET"]}}],"collection":[{"href":"https:\/\/talkpal.ai\/vi\/wp-json\/wp\/v2\/pages"}],"about":[{"href":"https:\/\/talkpal.ai\/vi\/wp-json\/wp\/v2\/types\/page"}],"author":[{"embeddable":true,"href":"https:\/\/talkpal.ai\/vi\/wp-json\/wp\/v2\/users\/8"}],"replies":[{"embeddable":true,"href":"https:\/\/talkpal.ai\/vi\/wp-json\/wp\/v2\/comments?post=1444354"}],"version-history":[{"count":0,"href":"https:\/\/talkpal.ai\/vi\/wp-json\/wp\/v2\/pages\/1444354\/revisions"}],"wp:featuredmedia":[{"embeddable":true,"href":"https:\/\/talkpal.ai\/vi\/wp-json\/wp\/v2\/media\/1439689"}],"wp:attachment":[{"href":"https:\/\/talkpal.ai\/vi\/wp-json\/wp\/v2\/media?parent=1444354"}],"curies":[{"name":"wp","href":"https:\/\/api.w.org\/{rel}","templated":true}]}}