{"id":1443811,"date":"2023-05-14T14:10:42","date_gmt":"2023-05-14T14:10:42","guid":{"rendered":"https:\/\/talkpal.ai\/ngu-phap-tieng-litva\/"},"modified":"2025-12-12T10:41:31","modified_gmt":"2025-12-12T10:41:31","slug":"ngu-phap-tieng-litva","status":"publish","type":"page","link":"https:\/\/talkpal.ai\/vi\/ngu-phap-tieng-litva\/","title":{"rendered":"Ng\u1eef ph\u00e1p ti\u1ebfng Litva"},"content":{"rendered":"\r\n\r\n\r\n<section class=\"languageChallengeSection\">\r\n    <div class=\"languageInfoWrapper\">\r\n        \r\n        <h1>Ng\u1eef ph\u00e1p ti\u1ebfng Litva<\/h1>\r\n        <p>B\u1eaft \u0111\u1ea7u h\u00e0nh tr\u00ecnh c\u1ee7a b\u1ea1n v\u00e0o <a href=\"https:\/\/talkpal.ai\/vi\/ngu-phap\/\">ng\u1eef ph\u00e1p<\/a> Litva v\u00e0 kh\u00e1m ph\u00e1 m\u1ed9t trong nh\u1eefng <a href=\"https:\/\/talkpal.ai\/vi\/hoc-ngon-ngu-cho-cac-truong-ngon-ngu\/\">ng\u00f4n ng\u1eef<\/a> l\u00e2u \u0111\u1eddi nh\u1ea5t v\u00e0 h\u1ea5p d\u1eabn nh\u1ea5t \u1edf Ch\u00e2u \u00c2u. T\u00ecm hi\u1ec3u c\u00e1c quy t\u1eafc v\u00e0 m\u00f4 h\u00ecnh c\u1ea7n thi\u1ebft \u0111\u1ec3 x\u00e2y d\u1ef1ng n\u1ec1n t\u1ea3ng ng\u00f4n ng\u1eef v\u1eefng ch\u1eafc. \u0110i s\u00e2u ngay b\u00e2y gi\u1edd v\u00e0 b\u1eaft \u0111\u1ea7u th\u00e0nh th\u1ea1o <a href=\"https:\/\/talkpal.ai\/learn-lithuanian\/\">ti\u1ebfng Litva<\/a> ngay h\u00f4m nay!<\/p>\r\n\r\n                            <a class=\"getStartedHidden\" href=\"https:\/\/app.talkpal.ai\/vi\/signup?lng=\">B\u1eaft \u0111\u1ea7u nh\u00e9<\/a>\r\n        \r\n    <\/div>\r\n\r\n    <figure>\r\n    <img decoding=\"async\" width=\"768\" height=\"768\" src=\"https:\/\/talkpal.ai\/wp-content\/uploads\/2023\/06\/lithuenian-768x768.png\" class=\"languageImage no-lazy\" alt=\"Language learning for boosting creativity\" fetchpriority=\"high\" sizes=\"(max-width: 768px) 150px, 768px\" srcset=\"https:\/\/talkpal.ai\/wp-content\/uploads\/2023\/06\/lithuenian-768x768.png 768w, https:\/\/talkpal.ai\/wp-content\/uploads\/2023\/06\/lithuenian-300x300.png 300w\" \/>\r\n    \r\n\r\n    <\/figure>\r\n\r\n            <a class=\"getStartedVisible\" href=\"https:\/\/app.talkpal.ai\/vi\/signup?lng=\">B\u1eaft \u0111\u1ea7u nh\u00e9<\/a>\r\n    \r\n<\/section>\r\n<section class=\"promotionalBanner\">\r\n    <p class=\"promotionalText\">C\u00e1ch hi\u1ec7u qu\u1ea3 nh\u1ea5t \u0111\u1ec3 h\u1ecdc m\u1ed9t ng\u00f4n ng\u1eef<\/p>\r\n    <a class=\"promotionalLink\" href=\"https:\/\/app.talkpal.ai\/vi\/signup?lng=\">D\u00f9ng th\u1eed Talkpal mi\u1ec5n ph\u00ed<\/a>\r\n<\/section>\n<div class=\"wp-block-group pageContainerStyle\"><div class=\"wp-block-group__inner-container is-layout-constrained wp-block-group-is-layout-constrained\">\n<h2 class=\"wp-block-heading\" id=\"h-lithuanian-grammar-a-fascinating-journey-through-language\">Ng\u1eef ph\u00e1p ti\u1ebfng Lithuania: M\u1ed9t h\u00e0nh tr\u00ecnh h\u1ea5p d\u1eabn qua ng\u00f4n ng\u1eef<\/h2>\n\n\n\n<p>B\u1ea1n \u0111\u00e3 bao gi\u1edd ngh\u0129 \u0111\u1ebfn vi\u1ec7c <a href=\"https:\/\/talkpal.ai\/learn-lithuanian\/\">h\u1ecdc ti\u1ebfng Litva<\/a> hay ch\u1ec9 \u0111\u01a1n gi\u1ea3n l\u00e0 b\u1ecb h\u1ea5p d\u1eabn b\u1edfi ng\u1eef ph\u00e1p \u0111\u1ed9c \u0111\u00e1o c\u1ee7a n\u00f3 ch\u01b0a? Ch\u00e0, b\u1ea1n \u0111ang \u0111\u01b0\u1ee3c chi\u00eau \u0111\u00e3i! <a href=\"https:\/\/talkpal.ai\/vi\/ngu-phap-tieng-nga\/\">Ng\u1eef ph\u00e1p ti\u1ebfng<\/a> Litva tho\u1ea1t nghe c\u00f3 v\u1ebb \u0111\u1eb7c bi\u1ec7t, nh\u01b0ng \u0111\u1eebng nh\u1ea7m l\u1eabn &#8211; n\u00f3 th\u1ec3 hi\u1ec7n logic ng\u00f4n ng\u1eef tinh t\u1ebf. Trong b\u00e0i vi\u1ebft n\u00e0y, ch\u00fang t\u00f4i s\u1ebd tr\u00ecnh b\u00e0y c\u00e1c kh\u00eda c\u1ea1nh kh\u00e1c nhau c\u1ee7a <a href=\"https:\/\/talkpal.ai\/lithuanian-grammar\/\">ng\u1eef ph\u00e1p ti\u1ebfng Litva<\/a>, cho ph\u00e9p b\u1ea1n \u0111\u00e1nh gi\u00e1 cao s\u1ef1 quy\u1ebfn r\u0169 c\u1ee7a n\u00f3.<\/p>\n\n\n\n<p>\u0110\u1ea7u ti\u00ean, m\u1ed9t b\u1ed1i c\u1ea3nh ng\u1eafn g\u1ecdn: Ti\u1ebfng Litva l\u00e0 m\u1ed9t ng\u00f4n ng\u1eef Baltic ch\u1ee7 y\u1ebfu \u0111\u01b0\u1ee3c s\u1eed d\u1ee5ng \u1edf Litva nh\u01b0ng c\u0169ng \u0111\u01b0\u1ee3c t\u00ecm th\u1ea5y \u1edf c\u00e1c n\u01b0\u1edbc l\u00e1ng gi\u1ec1ng. L\u00e0 m\u1ed9t trong nh\u1eefng ng\u00f4n ng\u1eef \u1ea4n-\u00c2u l\u00e2u \u0111\u1eddi nh\u1ea5t c\u00f2n s\u1ed1ng, n\u00f3 v\u1eabn gi\u1eef \u0111\u01b0\u1ee3c c\u00e1c \u0111\u1eb7c \u0111i\u1ec3m c\u1ed5 x\u01b0a, mang l\u1ea1i c\u00e1i nh\u00ecn s\u00e2u s\u1eafc <a href=\"https:\/\/talkpal.ai\/vi\/ve\/\">v\u1ec1<\/a> s\u1ef1 ph\u00e1t tri\u1ec3n c\u1ee7a c\u00e1c ng\u00f4n ng\u1eef kh\u00e1c trong h\u1ecd ng\u00f4n ng\u1eef. \u00dd ngh\u0129a l\u1ecbch s\u1eed n\u00e0y l\u00e0m cho ti\u1ebfng <a href=\"https:\/\/talkpal.ai\/locations\/language-courses-in-lithuania\/\">Lithuania<\/a> \u0111\u1eb7c bi\u1ec7t quy\u1ebfn r\u0169 \u0111\u1ed1i v\u1edbi nh\u1eefng ng\u01b0\u1eddi y\u00eau ng\u00f4n ng\u1eef.<\/p>\n\n\n\n<p>B\u00e2y gi\u1edd ch\u00fang ta h\u00e3y \u0111i s\u00e2u v\u00e0o m\u1ed9t s\u1ed1 kh\u00eda c\u1ea1nh ch\u00ednh c\u1ee7a <a href=\"https:\/\/talkpal.ai\/lithuanian-grammar\/\">ng\u1eef ph\u00e1p ti\u1ebfng Litva<\/a>.<\/p>\n\n\n\n<h3 class=\"wp-block-heading\" id=\"h-1-nouns-cases-and-declensions\">1. Danh t\u1eeb, tr\u01b0\u1eddng h\u1ee3p v\u00e0 s\u1ef1 bi\u1ebfn d\u1ea1ng<\/h3>\n\n\n\n<p>M\u1ed9t trong nh\u1eefng \u0111\u1eb7c \u0111i\u1ec3m n\u1ed5i b\u1eadt nh\u1ea5t c\u1ee7a ng\u1eef ph\u00e1p ti\u1ebfng Litva l\u00e0 h\u1ec7 th\u1ed1ng ch\u1eef hoa ph\u1ee9c t\u1ea1p c\u1ee7a n\u00f3. Danh t\u1eeb \u00e1p d\u1ee5ng c\u00e1c d\u1ea1ng kh\u00e1c nhau t\u00f9y thu\u1ed9c v\u00e0o ch\u1ee9c n\u0103ng c\u1ee7a ch\u00fang trong c\u00e2u v\u00e0 li\u1ec7u ch\u00fang ph\u1ea3n \u00e1nh ch\u1ee7 ng\u1eef, \u0111\u1ed1i t\u01b0\u1ee3ng hay ng\u01b0\u1eddi nh\u1eadn h\u00e0nh \u0111\u1ed9ng. Ti\u1ebfng Litva c\u00f3 b\u1ea3y tr\u01b0\u1eddng h\u1ee3p: danh ngh\u0129a, sinh d\u1ee5c, dative, accusative, instrumental, locative v\u00e0 vocative.<\/p>\n\n\n\n<p>L\u1ea5y danh t\u1eeb &#8220;vaikas&#8221; (\u0111\u1ee9a tr\u1ebb) l\u00e0m v\u00ed d\u1ee5. N\u00f3 c\u00f3 th\u1ec3 bi\u1ebfn th\u00e0nh &#8220;vaiko&#8221;, &#8220;vaikui&#8221;, &#8220;vaik\u0105&#8221;, v.v. d\u1ef1a tr\u00ean vai tr\u00f2 c\u1ee7a n\u00f3 trong m\u1ed9t c\u00e2u. Ngo\u00e0i ra, c\u00e1c k\u1ebft th\u00fac b\u1ecb \u1ea3nh h\u01b0\u1edfng b\u1edfi gi\u1edbi t\u00ednh c\u1ee7a danh t\u1eeb (nam t\u00ednh ho\u1eb7c n\u1eef t\u00ednh) v\u00e0 \u0111\u01b0\u1ee3c chia th\u00e0nh c\u00e1c bi\u1ebfn d\u1ea1ng, l\u00e0m cho ng\u00f4n ng\u1eef tr\u1edf n\u00ean linh ho\u1ea1t h\u01a1n.<\/p>\n\n\n\n<h3 class=\"wp-block-heading\" id=\"h-2-verb-conjugation-and-tenses\">2. Chia \u0111\u1ed9ng t\u1eeb v\u00e0 th\u00ec<\/h3>\n\n\n\n<p>\u0110\u1ed9ng t\u1eeb ti\u1ebfng Litva thay \u0111\u1ed5i k\u1ebft th\u00fac c\u1ee7a ch\u00fang t\u00f9y thu\u1ed9c v\u00e0o ng\u01b0\u1eddi v\u00e0 s\u1ed1 (s\u1ed1 \u00edt ho\u1eb7c s\u1ed1 nhi\u1ec1u) c\u1ee7a ch\u1ee7 ng\u1eef. V\u00ed d\u1ee5, \u0111\u1ed9ng t\u1eeb &#8220;eiti&#8221; (\u0111i) c\u00f3 th\u1ec3 tr\u1edf th\u00e0nh &#8220;einu&#8221; (t\u00f4i \u0111i), &#8220;einate&#8221; (b\u1ea1n -s\u1ed1 nhi\u1ec1u- \u0111i), &#8220;eina&#8221; (h\u1ecd \u0111i), trong s\u1ed1 c\u00e1c d\u1ea1ng kh\u00e1c.<\/p>\n\n\n\n<p>Ti\u1ebfng Litva c\u00f3 b\u1ed1n th\u00ec ch\u00ednh: hi\u1ec7n t\u1ea1i, qu\u00e1 kh\u1ee9, qu\u00e1 kh\u1ee9 l\u1eb7p \u0111i l\u1eb7p l\u1ea1i v\u00e0 t\u01b0\u01a1ng lai. \u0110i\u1ec1u th\u00fa v\u1ecb l\u00e0 ng\u00f4n ng\u1eef n\u00e0y c\u0169ng c\u00f3 c\u00e1c \u0111i\u1ec3m \u0111\u00e1nh d\u1ea5u kh\u00eda c\u1ea1nh: ho\u00e0n h\u1ea3o v\u00e0 kh\u00f4ng ho\u00e0n h\u1ea3o. C\u00e1c \u0111i\u1ec3m \u0111\u00e1nh d\u1ea5u n\u00e0y cung c\u1ea5p th\u00f4ng tin b\u1ed5 sung v\u1ec1 vi\u1ec7c m\u1ed9t h\u00e0nh \u0111\u1ed9ng \u0111\u00e3 ho\u00e0n th\u00e0nh hay \u0111ang di\u1ec5n ra. V\u00ed d\u1ee5, &#8220;ne\u0161ti&#8221; (mang &#8211; kh\u00f4ng ho\u00e0n h\u1ea3o) so v\u1edbi &#8220;nat&#8221; (\u0111\u00e3 mang &#8211; ho\u00e0n h\u1ea3o).<\/p>\n\n\n\n<h3 class=\"wp-block-heading\" id=\"h-3-sentence-structure-and-word-order\">3. C\u1ea5u tr\u00fac c\u00e2u v\u00e0 th\u1ee9 t\u1ef1 t\u1eeb<\/h3>\n\n\n\n<p>M\u1eb7c d\u00f9 ti\u1ebfng Litva th\u01b0\u1eddng tu\u00e2n theo tr\u1eadt t\u1ef1 t\u1eeb SVO (ch\u1ee7 ng\u1eef-\u0111\u1ed9ng t\u1eeb-t\u00e2n ng\u1eef), h\u1ec7 th\u1ed1ng ch\u1eef hoa c\u1ee7a n\u00f3 cho ph\u00e9p linh ho\u1ea1t \u0111\u00e1ng k\u1ec3. Kh\u00f4ng gi\u1ed1ng nh\u01b0 ti\u1ebfng Anh, n\u01a1i tr\u1eadt t\u1ef1 t\u1eeb th\u01b0\u1eddng x\u00e1c \u0111\u1ecbnh \u00fd ngh\u0129a c\u1ee7a c\u00e2u, vi\u1ec7c di chuy\u1ec3n c\u00e1c t\u1eeb trong ti\u1ebfng Litva kh\u00f4ng l\u00e0m thay \u0111\u1ed5i ngh\u0129a. V\u00ed d\u1ee5, &#8220;kat\u0117 valgo \u017euv\u012f&#8221; (con m\u00e8o \u0103n c\u00e1) c\u0169ng c\u00f3 th\u1ec3 l\u00e0 &#8220;\u017euv\u012f valgo kat\u0117&#8221; m\u00e0 kh\u00f4ng l\u00e0m m\u1ea5t ho\u1eb7c thay \u0111\u1ed5i \u00fd ngh\u0129a c\u1ee7a n\u00f3.<\/p>\n\n\n\n<p>S\u1ef1 linh ho\u1ea1t n\u00e0y cho ph\u00e9p b\u1ea1n ch\u01a1i v\u1edbi c\u1ea5u tr\u00fac c\u00e2u, nh\u1ea5n m\u1ea1nh m\u1ed9t s\u1ed1 y\u1ebfu t\u1ed1 nh\u1ea5t \u0111\u1ecbnh ho\u1eb7c t\u1ea1o ra c\u00e1c s\u1eafc th\u00e1i khi b\u1ea1n tr\u1edf n\u00ean th\u00e0nh th\u1ea1o ng\u00f4n ng\u1eef h\u01a1n.<\/p>\n\n\n\n<h3 class=\"wp-block-heading\" id=\"h-4-adjectives-adverbs-and-agreement-rules\">4. T\u00ednh t\u1eeb, tr\u1ea1ng t\u1eeb v\u00e0 quy t\u1eafc th\u1ecfa thu\u1eadn<\/h3>\n\n\n\n<p>Gi\u1ed1ng nh\u01b0 nhi\u1ec1u ng\u00f4n ng\u1eef kh\u00e1c, t\u00ednh t\u1eeb v\u00e0 tr\u1ea1ng t\u1eeb trong ti\u1ebfng Litva m\u00f4 t\u1ea3 danh t\u1eeb v\u00e0 \u0111\u1ed9ng t\u1eeb, nh\u01b0ng ch\u00fang c\u0169ng tu\u00e2n theo c\u00e1c quy t\u1eafc th\u1ecfa thu\u1eadn c\u1ee5 th\u1ec3. \u0110\u1eb7c bi\u1ec7t, t\u00ednh t\u1eeb ph\u1ea3i \u0111\u1ed3ng \u00fd v\u1edbi danh t\u1eeb m\u00e0 ch\u00fang s\u1eeda \u0111\u1ed5i trong tr\u01b0\u1eddng h\u1ee3p, gi\u1edbi t\u00ednh v\u00e0 s\u1ed1. M\u1ed9t khi b\u1ea1n n\u1eafm b\u1eaft \u0111\u01b0\u1ee3c c\u00e1c tr\u01b0\u1eddng h\u1ee3p danh t\u1eeb v\u00e0 c\u00e1ch chia \u0111\u1ed9ng t\u1eeb, nh\u1eefng quy t\u1eafc n\u00e0y s\u1ebd \u0111\u1ebfn m\u1ed9t c\u00e1ch t\u1ef1 nhi\u00ean h\u01a1n.<\/p>\n\n\n\n<p>V\u00ec v\u1eady, b\u1ea1n \u0111\u00e3 s\u1eb5n s\u00e0ng \u0111\u1ec3 \u0111i s\u00e2u v\u00e0o ng\u1eef ph\u00e1p ti\u1ebfng Litva ch\u01b0a? V\u1edbi s\u1ef1 ki\u00ean tr\u00ec, c\u1ed1ng hi\u1ebfn v\u00e0 ngu\u1ed3n l\u1ef1c th\u00edch h\u1ee3p, h\u1ecdc ti\u1ebfng Litva &#8211; gi\u00e0u l\u1ecbch s\u1eed v\u00e0 di s\u1ea3n v\u0103n h\u00f3a &#8211; l\u00e0 m\u1ed9t tr\u1ea3i nghi\u1ec7m v\u00f4 c\u00f9ng b\u1ed5 \u00edch. Gi\u1ea3i quy\u1ebft ng\u00f4n ng\u1eef t\u1eebng b\u01b0\u1edbc, th\u1ef1c h\u00e0nh nh\u1ea5t qu\u00e1n v\u00e0 lu\u00f4n c\u1edfi m\u1edf \u0111\u1ec3 h\u1ecdc h\u1ecfi t\u1eeb nh\u1eefng sai l\u1ea7m c\u1ee7a b\u1ea1n. S\u0117km\u0117s! (Ch\u00fac may m\u1eafn!)<\/p>\n<\/div><\/div>\n\r\n<section class=\"learnNavigationSection\">\r\n            \r\n        <a href=\"https:\/\/talkpal.ai\/vi\/hoc-tieng-litva\/\">\r\n            <div class=\"learnNavigationWrapper\">\r\n                <div class=\"learnNavigationContent\">\r\n                    <img decoding=\"async\" src=\"https:\/\/talkpal.ai\/wp-content\/uploads\/2024\/08\/Lithuanian.jpg\" alt=\"Lithuanian Flag\">\r\n                    <div>\r\n                        <h4>Gi\u1edbi thi\u1ec7u v\u1ec1 H\u1ecdc t\u1eadp ti\u1ebfng Lithuania<\/h4>\r\n                        <p>T\u00ecm hi\u1ec3u t\u1ea5t c\u1ea3 v\u1ec1 ng\u1eef ph\u00e1p ti\u1ebfng Litva.<\/p>\r\n                    <\/div>\r\n                <\/div>\r\n            <\/div>\r\n        <\/a>\r\n\r\n        \r\n        <a href=\"https:\/\/talkpal.ai\/vi\/bai-tap-ngu-phap-tieng-litva\/\">\r\n            <div class=\"learnNavigationWrapper\">\r\n                <div class=\"learnNavigationContent\">\r\n                    <img decoding=\"async\" src=\"https:\/\/talkpal.ai\/wp-content\/uploads\/2024\/08\/Lithuanian.jpg\" alt=\"Lithuanian Flag\">\r\n                    <div>\r\n                        <h4>B\u00e0i t\u1eadp ng\u1eef ph\u00e1p ti\u1ebfng Litva<\/h4>\r\n                        <p>Th\u1ef1c h\u00e0nh ng\u1eef ph\u00e1p ti\u1ebfng Litva.<\/p>\r\n                    <\/div>\r\n                <\/div>\r\n            <\/div>\r\n        <\/a>\r\n\r\n        \r\n        <a href=\"https:\/\/talkpal.ai\/vocabulary_language\/lithuanian\/\">\r\n            <div class=\"learnNavigationWrapper\">\r\n                <div class=\"learnNavigationContent\">\r\n                    <img decoding=\"async\" src=\"https:\/\/talkpal.ai\/wp-content\/uploads\/2024\/08\/Lithuanian.jpg\" alt=\"Lithuanian Flag\">\r\n                    <div>\r\n                        <h4>T\u1eeb v\u1ef1ng ti\u1ebfng Litva<\/h4>\r\n                        <p>M\u1edf r\u1ed9ng v\u1ed1n t\u1eeb v\u1ef1ng ti\u1ebfng Litva c\u1ee7a b\u1ea1n.<\/p>\r\n                    <\/div>\r\n                <\/div>\r\n            <\/div>\r\n        <\/a>\r\n\r\n            <\/section>","protected":false},"excerpt":{"rendered":"<p>Ng\u1eef ph\u00e1p ti\u1ebfng Lithuania: M\u1ed9t h\u00e0nh tr\u00ecnh h\u1ea5p d\u1eabn qua ng\u00f4n ng\u1eef B\u1ea1n \u0111\u00e3 bao gi\u1edd ngh\u0129 \u0111\u1ebfn vi\u1ec7c h\u1ecdc ti\u1ebfng Litva hay ch\u1ec9 \u0111\u01a1n gi\u1ea3n l\u00e0 b\u1ecb h\u1ea5p d\u1eabn b\u1edfi ng\u1eef ph\u00e1p \u0111\u1ed9c \u0111\u00e1o c\u1ee7a n\u00f3 ch\u01b0a? Ch\u00e0, b\u1ea1n \u0111ang \u0111\u01b0\u1ee3c chi\u00eau \u0111\u00e3i! Ng\u1eef ph\u00e1p ti\u1ebfng Litva tho\u1ea1t nghe c\u00f3 v\u1ebb \u0111\u1eb7c bi\u1ec7t, nh\u01b0ng [&hellip;]<\/p>\n","protected":false},"author":1,"featured_media":1443812,"parent":0,"menu_order":0,"comment_status":"closed","ping_status":"closed","template":"LearningContentPage.php","meta":{"_acf_changed":false,"footnotes":""},"class_list":["post-1443811","page","type-page","status-publish","has-post-thumbnail","hentry"],"acf":[],"yoast_head":"<!-- This site is optimized with the Yoast SEO Premium plugin v27.2 (Yoast SEO v27.2) - https:\/\/yoast.com\/product\/yoast-seo-premium-wordpress\/ -->\n<title>Ng\u1eef ph\u00e1p ti\u1ebfng Litva - Talkpal<\/title>\n<meta name=\"description\" content=\"Kh\u00e1m ph\u00e1 c\u00e1ch ng\u1eef ph\u00e1p ti\u1ebfng Litva ph\u1ea3n \u00e1nh s\u1ef1 phong ph\u00fa v\u00e0 logic l\u1ecbch s\u1eed, khi\u1ebfn n\u00f3 tr\u1edf th\u00e0nh m\u1ed9t nghi\u00ean c\u1ee9u ho\u00e0n h\u1ea3o cho nh\u1eefng ng\u01b0\u1eddi y\u00eau ng\u00f4n ng\u1eef.\" \/>\n<meta name=\"robots\" content=\"index, follow, max-snippet:-1, max-image-preview:large, max-video-preview:-1\" \/>\n<link rel=\"canonical\" href=\"https:\/\/talkpal.ai\/vi\/ngu-phap-tieng-litva\/\" \/>\n<meta property=\"og:locale\" content=\"vi_VN\" \/>\n<meta property=\"og:type\" content=\"article\" \/>\n<meta property=\"og:title\" content=\"Ng\u1eef ph\u00e1p ti\u1ebfng Litva\" \/>\n<meta property=\"og:description\" content=\"Ng\u1eef ph\u00e1p ti\u1ebfng Lithuania: M\u1ed9t h\u00e0nh tr\u00ecnh h\u1ea5p d\u1eabn qua ng\u00f4n ng\u1eef B\u1ea1n \u0111\u00e3 bao gi\u1edd ngh\u0129 \u0111\u1ebfn vi\u1ec7c h\u1ecdc ti\u1ebfng Litva hay ch\u1ec9 \u0111\u01a1n gi\u1ea3n l\u00e0 b\u1ecb h\u1ea5p d\u1eabn b\u1edfi ng\u1eef ph\u00e1p \u0111\u1ed9c\" \/>\n<meta property=\"og:url\" content=\"https:\/\/talkpal.ai\/vi\/ngu-phap-tieng-litva\/\" \/>\n<meta property=\"og:site_name\" content=\"Talkpal\" \/>\n<meta property=\"article:publisher\" content=\"https:\/\/www.facebook.com\/profile.php?id=100090733639311\" \/>\n<meta property=\"article:modified_time\" content=\"2025-12-12T10:41:31+00:00\" \/>\n<meta property=\"og:image\" content=\"https:\/\/talkpal.ai\/wp-content\/uploads\/2023\/05\/Lithuanian.png\" \/>\n\t<meta property=\"og:image:width\" content=\"512\" \/>\n\t<meta property=\"og:image:height\" content=\"512\" \/>\n\t<meta property=\"og:image:type\" content=\"image\/png\" \/>\n<meta name=\"twitter:card\" content=\"summary_large_image\" \/>\n<meta name=\"twitter:site\" content=\"@talkpalai\" \/>\n<meta name=\"twitter:label1\" content=\"Est. reading time\" \/>\n\t<meta name=\"twitter:data1\" content=\"6 minutes\" \/>\n<script type=\"application\/ld+json\" class=\"yoast-schema-graph\">{\"@context\":\"https:\/\/schema.org\",\"@graph\":[{\"@type\":\"WebPage\",\"@id\":\"https:\/\/talkpal.ai\/vi\/ngu-phap-tieng-litva\/\",\"url\":\"https:\/\/talkpal.ai\/vi\/ngu-phap-tieng-litva\/\",\"name\":\"Ng\u1eef ph\u00e1p ti\u1ebfng Litva - Talkpal\",\"isPartOf\":{\"@id\":\"https:\/\/talkpal.ai\/vi\/#website\"},\"primaryImageOfPage\":{\"@id\":\"https:\/\/talkpal.ai\/vi\/ngu-phap-tieng-litva\/#primaryimage\"},\"image\":{\"@id\":\"https:\/\/talkpal.ai\/vi\/ngu-phap-tieng-litva\/#primaryimage\"},\"thumbnailUrl\":\"https:\/\/talkpal.ai\/wp-content\/uploads\/2023\/05\/Lithuanian.png\",\"datePublished\":\"2023-05-14T14:10:42+00:00\",\"dateModified\":\"2025-12-12T10:41:31+00:00\",\"description\":\"Kh\u00e1m ph\u00e1 c\u00e1ch ng\u1eef ph\u00e1p ti\u1ebfng Litva ph\u1ea3n \u00e1nh s\u1ef1 phong ph\u00fa v\u00e0 logic l\u1ecbch s\u1eed, khi\u1ebfn n\u00f3 tr\u1edf th\u00e0nh m\u1ed9t nghi\u00ean c\u1ee9u ho\u00e0n h\u1ea3o cho nh\u1eefng ng\u01b0\u1eddi y\u00eau ng\u00f4n ng\u1eef.\",\"breadcrumb\":{\"@id\":\"https:\/\/talkpal.ai\/vi\/ngu-phap-tieng-litva\/#breadcrumb\"},\"inLanguage\":\"vi-VN\",\"potentialAction\":[{\"@type\":\"ReadAction\",\"target\":[\"https:\/\/talkpal.ai\/vi\/ngu-phap-tieng-litva\/\"]}]},{\"@type\":\"ImageObject\",\"inLanguage\":\"vi-VN\",\"@id\":\"https:\/\/talkpal.ai\/vi\/ngu-phap-tieng-litva\/#primaryimage\",\"url\":\"https:\/\/talkpal.ai\/wp-content\/uploads\/2023\/05\/Lithuanian.png\",\"contentUrl\":\"https:\/\/talkpal.ai\/wp-content\/uploads\/2023\/05\/Lithuanian.png\",\"width\":512,\"height\":512,\"caption\":\"TalkPal Lithuanian Flag\"},{\"@type\":\"BreadcrumbList\",\"@id\":\"https:\/\/talkpal.ai\/vi\/ngu-phap-tieng-litva\/#breadcrumb\",\"itemListElement\":[{\"@type\":\"ListItem\",\"position\":1,\"name\":\"Homepage\",\"item\":\"https:\/\/talkpal.ai\/vi\/giao-vien-ngon-ngu-ai-3\/\"},{\"@type\":\"ListItem\",\"position\":2,\"name\":\"Ng\u1eef ph\u00e1p ti\u1ebfng Litva\"}]},{\"@type\":\"WebSite\",\"@id\":\"https:\/\/talkpal.ai\/vi\/#website\",\"url\":\"https:\/\/talkpal.ai\/vi\/\",\"name\":\"Talkpal\",\"description\":\"AI Language Learning\",\"publisher\":{\"@id\":\"https:\/\/talkpal.ai\/vi\/#organization\"},\"alternateName\":\"Talkpal AI\",\"potentialAction\":[{\"@type\":\"SearchAction\",\"target\":{\"@type\":\"EntryPoint\",\"urlTemplate\":\"https:\/\/talkpal.ai\/vi\/?s={search_term_string}\"},\"query-input\":{\"@type\":\"PropertyValueSpecification\",\"valueRequired\":true,\"valueName\":\"search_term_string\"}}],\"inLanguage\":\"vi-VN\"},{\"@type\":\"Organization\",\"@id\":\"https:\/\/talkpal.ai\/vi\/#organization\",\"name\":\"Talkpal, Inc.\",\"alternateName\":\"Talkpal AI\",\"url\":\"https:\/\/talkpal.ai\/vi\/\",\"logo\":{\"@type\":\"ImageObject\",\"inLanguage\":\"vi-VN\",\"@id\":\"https:\/\/talkpal.ai\/vi\/#\/schema\/logo\/image\/\",\"url\":\"https:\/\/talkpal.ai\/wp-content\/uploads\/2024\/03\/Talkpal-Logo-Icon.png\",\"contentUrl\":\"https:\/\/talkpal.ai\/wp-content\/uploads\/2024\/03\/Talkpal-Logo-Icon.png\",\"width\":2880,\"height\":2880,\"caption\":\"Talkpal, Inc.\"},\"image\":{\"@id\":\"https:\/\/talkpal.ai\/vi\/#\/schema\/logo\/image\/\"},\"sameAs\":[\"https:\/\/www.facebook.com\/profile.php?id=100090733639311\",\"https:\/\/x.com\/talkpalai\",\"https:\/\/www.linkedin.com\/company\/talkpal\/\",\"https:\/\/www.youtube.com\/@TalkPal\/\",\"https:\/\/www.tiktok.com\/@talkpal\",\"https:\/\/www.instagram.com\/talkpal_ai\/\",\"https:\/\/www.crunchbase.com\/organization\/talkpal-9cde\",\"https:\/\/www.g2.com\/products\/talkpal-for-business\/\",\"https:\/\/www.trustpilot.com\/review\/talkpal.ai\",\"https:\/\/www.capterra.com\/p\/10006800\/TalkPal\/\"],\"description\":\"Talkpal is a language learning web and mobile education app, powered by the latest AI technologies, that provides engaging experiences to its customers in many different languages to help them improve their language skills. Users can chat about unlimited amount of topics with the app and use other modes to practice their language learning.\",\"email\":\"support@talkpal.ai\",\"legalName\":\"Talkpal, Inc.\",\"foundingDate\":\"2023-04-03\",\"duns\":\"118989042\",\"numberOfEmployees\":{\"@type\":\"QuantitativeValue\",\"minValue\":\"11\",\"maxValue\":\"50\"},\"publishingPrinciples\":\"https:\/\/talkpal.ai\/publishing-principles\/\",\"actionableFeedbackPolicy\":\"https:\/\/talkpal.ai\/actionable-feedback-policy\/\",\"correctionsPolicy\":\"https:\/\/talkpal.ai\/corrections-policy\/\",\"ethicsPolicy\":\"https:\/\/talkpal.ai\/ethics-policy\/\",\"diversityPolicy\":\"https:\/\/talkpal.ai\/diversity-policy\/\",\"diversityStaffingReport\":\"https:\/\/talkpal.ai\/diversity-policy\/\"}]}<\/script>\n<!-- \/ Yoast SEO Premium plugin. -->","yoast_head_json":{"title":"Ng\u1eef ph\u00e1p ti\u1ebfng Litva - Talkpal","description":"Kh\u00e1m ph\u00e1 c\u00e1ch ng\u1eef ph\u00e1p ti\u1ebfng Litva ph\u1ea3n \u00e1nh s\u1ef1 phong ph\u00fa v\u00e0 logic l\u1ecbch s\u1eed, khi\u1ebfn n\u00f3 tr\u1edf th\u00e0nh m\u1ed9t nghi\u00ean c\u1ee9u ho\u00e0n h\u1ea3o cho nh\u1eefng ng\u01b0\u1eddi y\u00eau ng\u00f4n ng\u1eef.","robots":{"index":"index","follow":"follow","max-snippet":"max-snippet:-1","max-image-preview":"max-image-preview:large","max-video-preview":"max-video-preview:-1"},"canonical":"https:\/\/talkpal.ai\/vi\/ngu-phap-tieng-litva\/","og_locale":"vi_VN","og_type":"article","og_title":"Ng\u1eef ph\u00e1p ti\u1ebfng Litva","og_description":"Ng\u1eef ph\u00e1p ti\u1ebfng Lithuania: M\u1ed9t h\u00e0nh tr\u00ecnh h\u1ea5p d\u1eabn qua ng\u00f4n ng\u1eef B\u1ea1n \u0111\u00e3 bao gi\u1edd ngh\u0129 \u0111\u1ebfn vi\u1ec7c h\u1ecdc ti\u1ebfng Litva hay ch\u1ec9 \u0111\u01a1n gi\u1ea3n l\u00e0 b\u1ecb h\u1ea5p d\u1eabn b\u1edfi ng\u1eef ph\u00e1p \u0111\u1ed9c","og_url":"https:\/\/talkpal.ai\/vi\/ngu-phap-tieng-litva\/","og_site_name":"Talkpal","article_publisher":"https:\/\/www.facebook.com\/profile.php?id=100090733639311","article_modified_time":"2025-12-12T10:41:31+00:00","og_image":[{"width":512,"height":512,"url":"https:\/\/talkpal.ai\/wp-content\/uploads\/2023\/05\/Lithuanian.png","type":"image\/png"}],"twitter_card":"summary_large_image","twitter_site":"@talkpalai","twitter_misc":{"Est. reading time":"6 minutes"},"schema":{"@context":"https:\/\/schema.org","@graph":[{"@type":"WebPage","@id":"https:\/\/talkpal.ai\/vi\/ngu-phap-tieng-litva\/","url":"https:\/\/talkpal.ai\/vi\/ngu-phap-tieng-litva\/","name":"Ng\u1eef ph\u00e1p ti\u1ebfng Litva - Talkpal","isPartOf":{"@id":"https:\/\/talkpal.ai\/vi\/#website"},"primaryImageOfPage":{"@id":"https:\/\/talkpal.ai\/vi\/ngu-phap-tieng-litva\/#primaryimage"},"image":{"@id":"https:\/\/talkpal.ai\/vi\/ngu-phap-tieng-litva\/#primaryimage"},"thumbnailUrl":"https:\/\/talkpal.ai\/wp-content\/uploads\/2023\/05\/Lithuanian.png","datePublished":"2023-05-14T14:10:42+00:00","dateModified":"2025-12-12T10:41:31+00:00","description":"Kh\u00e1m ph\u00e1 c\u00e1ch ng\u1eef ph\u00e1p ti\u1ebfng Litva ph\u1ea3n \u00e1nh s\u1ef1 phong ph\u00fa v\u00e0 logic l\u1ecbch s\u1eed, khi\u1ebfn n\u00f3 tr\u1edf th\u00e0nh m\u1ed9t nghi\u00ean c\u1ee9u ho\u00e0n h\u1ea3o cho nh\u1eefng ng\u01b0\u1eddi y\u00eau ng\u00f4n ng\u1eef.","breadcrumb":{"@id":"https:\/\/talkpal.ai\/vi\/ngu-phap-tieng-litva\/#breadcrumb"},"inLanguage":"vi-VN","potentialAction":[{"@type":"ReadAction","target":["https:\/\/talkpal.ai\/vi\/ngu-phap-tieng-litva\/"]}]},{"@type":"ImageObject","inLanguage":"vi-VN","@id":"https:\/\/talkpal.ai\/vi\/ngu-phap-tieng-litva\/#primaryimage","url":"https:\/\/talkpal.ai\/wp-content\/uploads\/2023\/05\/Lithuanian.png","contentUrl":"https:\/\/talkpal.ai\/wp-content\/uploads\/2023\/05\/Lithuanian.png","width":512,"height":512,"caption":"TalkPal Lithuanian Flag"},{"@type":"BreadcrumbList","@id":"https:\/\/talkpal.ai\/vi\/ngu-phap-tieng-litva\/#breadcrumb","itemListElement":[{"@type":"ListItem","position":1,"name":"Homepage","item":"https:\/\/talkpal.ai\/vi\/giao-vien-ngon-ngu-ai-3\/"},{"@type":"ListItem","position":2,"name":"Ng\u1eef ph\u00e1p ti\u1ebfng Litva"}]},{"@type":"WebSite","@id":"https:\/\/talkpal.ai\/vi\/#website","url":"https:\/\/talkpal.ai\/vi\/","name":"Talkpal","description":"AI Language Learning","publisher":{"@id":"https:\/\/talkpal.ai\/vi\/#organization"},"alternateName":"Talkpal AI","potentialAction":[{"@type":"SearchAction","target":{"@type":"EntryPoint","urlTemplate":"https:\/\/talkpal.ai\/vi\/?s={search_term_string}"},"query-input":{"@type":"PropertyValueSpecification","valueRequired":true,"valueName":"search_term_string"}}],"inLanguage":"vi-VN"},{"@type":"Organization","@id":"https:\/\/talkpal.ai\/vi\/#organization","name":"Talkpal, Inc.","alternateName":"Talkpal AI","url":"https:\/\/talkpal.ai\/vi\/","logo":{"@type":"ImageObject","inLanguage":"vi-VN","@id":"https:\/\/talkpal.ai\/vi\/#\/schema\/logo\/image\/","url":"https:\/\/talkpal.ai\/wp-content\/uploads\/2024\/03\/Talkpal-Logo-Icon.png","contentUrl":"https:\/\/talkpal.ai\/wp-content\/uploads\/2024\/03\/Talkpal-Logo-Icon.png","width":2880,"height":2880,"caption":"Talkpal, Inc."},"image":{"@id":"https:\/\/talkpal.ai\/vi\/#\/schema\/logo\/image\/"},"sameAs":["https:\/\/www.facebook.com\/profile.php?id=100090733639311","https:\/\/x.com\/talkpalai","https:\/\/www.linkedin.com\/company\/talkpal\/","https:\/\/www.youtube.com\/@TalkPal\/","https:\/\/www.tiktok.com\/@talkpal","https:\/\/www.instagram.com\/talkpal_ai\/","https:\/\/www.crunchbase.com\/organization\/talkpal-9cde","https:\/\/www.g2.com\/products\/talkpal-for-business\/","https:\/\/www.trustpilot.com\/review\/talkpal.ai","https:\/\/www.capterra.com\/p\/10006800\/TalkPal\/"],"description":"Talkpal is a language learning web and mobile education app, powered by the latest AI technologies, that provides engaging experiences to its customers in many different languages to help them improve their language skills. Users can chat about unlimited amount of topics with the app and use other modes to practice their language learning.","email":"support@talkpal.ai","legalName":"Talkpal, Inc.","foundingDate":"2023-04-03","duns":"118989042","numberOfEmployees":{"@type":"QuantitativeValue","minValue":"11","maxValue":"50"},"publishingPrinciples":"https:\/\/talkpal.ai\/publishing-principles\/","actionableFeedbackPolicy":"https:\/\/talkpal.ai\/actionable-feedback-policy\/","correctionsPolicy":"https:\/\/talkpal.ai\/corrections-policy\/","ethicsPolicy":"https:\/\/talkpal.ai\/ethics-policy\/","diversityPolicy":"https:\/\/talkpal.ai\/diversity-policy\/","diversityStaffingReport":"https:\/\/talkpal.ai\/diversity-policy\/"}]}},"_links":{"self":[{"href":"https:\/\/talkpal.ai\/vi\/wp-json\/wp\/v2\/pages\/1443811","targetHints":{"allow":["GET"]}}],"collection":[{"href":"https:\/\/talkpal.ai\/vi\/wp-json\/wp\/v2\/pages"}],"about":[{"href":"https:\/\/talkpal.ai\/vi\/wp-json\/wp\/v2\/types\/page"}],"author":[{"embeddable":true,"href":"https:\/\/talkpal.ai\/vi\/wp-json\/wp\/v2\/users\/1"}],"replies":[{"embeddable":true,"href":"https:\/\/talkpal.ai\/vi\/wp-json\/wp\/v2\/comments?post=1443811"}],"version-history":[{"count":0,"href":"https:\/\/talkpal.ai\/vi\/wp-json\/wp\/v2\/pages\/1443811\/revisions"}],"wp:featuredmedia":[{"embeddable":true,"href":"https:\/\/talkpal.ai\/vi\/wp-json\/wp\/v2\/media\/1443812"}],"wp:attachment":[{"href":"https:\/\/talkpal.ai\/vi\/wp-json\/wp\/v2\/media?parent=1443811"}],"curies":[{"name":"wp","href":"https:\/\/api.w.org\/{rel}","templated":true}]}}