{"id":1442965,"date":"2023-12-05T11:40:43","date_gmt":"2023-12-05T11:40:43","guid":{"rendered":"https:\/\/talkpal.ai\/chung-chi-tieng-duc\/"},"modified":"2026-01-07T15:04:45","modified_gmt":"2026-01-07T15:04:45","slug":"chung-chi-tieng-duc","status":"publish","type":"page","link":"https:\/\/talkpal.ai\/vi\/chung-chi-tieng-duc\/","title":{"rendered":"Ch\u1ee9ng ch\u1ec9 ti\u1ebfng \u0110\u1ee9c"},"content":{"rendered":"\r\n\r\n\r\n<section class=\"languageChallengeSection\">\r\n    <div class=\"languageInfoWrapper\">\r\n        \r\n        <h1>Ch\u1ee9ng ch\u1ec9 ti\u1ebfng \u0110\u1ee9c<\/h1>\r\n        <p>TalkPal l\u00e0 m\u1ed9t \u1ee9ng d\u1ee5ng h\u1ecdc ng\u00f4n ng\u1eef do AI t\u1ea1o ra c\u00f3 th\u1ec3 gi\u00fap ng\u01b0\u1eddi d\u00f9ng chu\u1ea9n b\u1ecb cho c\u00e1c k\u1ef3 thi ti\u1ebfng Anh n\u00e0y. V\u1edbi tr\u1ecdng t\u00e2m ch\u00ednh l\u00e0 c\u1ea3i thi\u1ec7n k\u1ef9 n\u0103ng n\u00f3i v\u00e0 nghe, TalkPal cung c\u1ea5p c\u00e1c cu\u1ed9c tr\u00f2 chuy\u1ec7n t\u01b0\u01a1ng t\u00e1c th\u1ef1c t\u1ebf v\u00e0 th\u1ef1c h\u00e0nh ph\u00e1t \u00e2m. B\u1ea3n ch\u1ea5t AI c\u1ee7a n\u00f3 cho ph\u00e9p ph\u1ea3n h\u1ed3i \u0111\u01b0\u1ee3c c\u00e1 nh\u00e2n h\u00f3a, gi\u00fap ng\u01b0\u1eddi d\u00f9ng hi\u1ec3u ti\u1ebfn tr\u00ecnh v\u00e0 c\u00e1c l\u0129nh v\u1ef1c c\u1ea7n c\u1ea3i thi\u1ec7n c\u1ee7a h\u1ecd. Tr\u00ecnh \u0111\u1ed9 <a href=\"https:\/\/talkpal.ai\/vi\/noi-tieng-duc\/\">ti\u1ebfng \u0110\u1ee9c<\/a> th\u01b0\u1eddng \u0111\u01b0\u1ee3c \u0111\u00e1nh gi\u00e1 th\u00f4ng qua m\u1ed9t s\u1ed1 k\u1ef3 thi nh\u01b0 TestDaF, Goethe-Zertifikat, DSH, \u00d6SD v\u00e0 telc. C\u00e1c k\u1ef3 thi n\u00e0y cung c\u1ea5p \u0111\u00e1nh gi\u00e1 kh\u1ea3 n\u0103ng c\u1ee7a ng\u01b0\u1eddi kh\u00f4ng ph\u1ea3i l\u00e0 ng\u01b0\u1eddi b\u1ea3n ng\u1eef trong ti\u1ebfng \u0110\u1ee9c v\u00e0 \u0111\u01b0\u1ee3c c\u00f4ng nh\u1eadn r\u1ed9ng r\u00e3i l\u00e0 ch\u1ee9ng ch\u1ec9 tr\u00ecnh \u0111\u1ed9 ch\u00ednh th\u1ee9c. M\u1ed7i b\u00e0i ki\u1ec3m tra c\u00f3 nh\u1eefng \u0111\u1eb7c \u0111i\u1ec3m c\u1ee5 th\u1ec3 gi\u00fap ph\u00e2n bi\u1ec7t n\u00f3 v\u1edbi nh\u1eefng b\u00e0i ki\u1ec3m tra kh\u00e1c v\u1ec1 tr\u00ecnh \u0111\u1ed9 th\u00f4ng th\u1ea1o ng\u00f4n ng\u1eef, c\u00e1ch s\u1eed d\u1ee5ng \u1ee9ng d\u1ee5ng v\u00e0 h\u1ec7 th\u1ed1ng t\u00ednh \u0111i\u1ec3m.<\/p>\r\n\r\n                \r\n    <\/div>\r\n\r\n    <figure>\r\n    <img decoding=\"async\" width=\"768\" height=\"768\" src=\"https:\/\/talkpal.ai\/wp-content\/uploads\/2026\/01\/group-with-phone-in-circle-768x768.webp\" class=\"languageImage no-lazy\" alt=\"Default alt text\" fetchpriority=\"high\" sizes=\"(max-width: 768px) 150px, 768px\" srcset=\"https:\/\/talkpal.ai\/wp-content\/uploads\/2026\/01\/group-with-phone-in-circle-768x768.webp 768w, https:\/\/talkpal.ai\/wp-content\/uploads\/2026\/01\/group-with-phone-in-circle-300x300.webp 300w\" \/>\r\n    \r\n\r\n    <\/figure>\r\n\r\n    \r\n<\/section>\n<div class=\"wp-block-group pageContainerStyle\"><div class=\"wp-block-group__inner-container is-layout-constrained wp-block-group-is-layout-constrained\">\n<h2 class=\"wp-block-heading\" id=\"h-german-language-certificates\">Ch\u1ee9ng ch\u1ec9 ti\u1ebfng \u0110\u1ee9c<\/h2>\n\n\n\r\n                    <div class=\"methodWraper\">\r\n            <div class=\"methodContent\">\r\n                <img decoding=\"async\" src=\"https:\/\/talkpal.ai\/wp-content\/uploads\/2025\/05\/check_icon.png\" alt=\"Checkmark Icon\">\r\n                <h3>TestDaF:<\/h3>\r\n            <\/div>\r\n            <p>TestDaF (Test Deutsch als Fremdsprache): \u0110\u00e2y l\u00e0 m\u1ed9t b\u00e0i ki\u1ec3m tra ti\u00eau chu\u1ea9n \u0111\u01b0\u1ee3c thi\u1ebft k\u1ebf cho nh\u1eefng ng\u01b0\u1eddi h\u1ecdc ti\u1ebfng \u0110\u1ee9c n\u01b0\u1edbc ngo\u00e0i c\u00f3 k\u1ebf ho\u1ea1ch h\u1ecdc t\u1eadp ho\u1eb7c ti\u1ebfn h\u00e0nh nghi\u00ean c\u1ee9u t\u1ea1i \u0110\u1ee9c. K\u1ef3 thi ki\u1ec3m tra tr\u00ecnh \u0111\u1ed9 c\u1ee7a th\u00ed sinh trong c\u1ea3 b\u1ed1n kh\u00eda c\u1ea1nh c\u1ee7a vi\u1ec7c h\u1ecdc ng\u00f4n ng\u1eef &#8211; \u0111\u1ecdc, vi\u1ebft, nghe v\u00e0 n\u00f3i.<\/p>\r\n        <\/div>\r\n                    <div class=\"methodWraper\">\r\n            <div class=\"methodContent\">\r\n                <img decoding=\"async\" src=\"https:\/\/talkpal.ai\/wp-content\/uploads\/2025\/05\/check_icon.png\" alt=\"Checkmark Icon\">\r\n                <h3>Goethe-Zertifikat:<\/h3>\r\n            <\/div>\r\n            <p>Goethe-Zertifikat \u0111\u01b0\u1ee3c c\u00f4ng nh\u1eadn tr\u00ean to\u00e0n th\u1ebf gi\u1edbi, b\u00e0i ki\u1ec3m tra Goethe-Zertifikat c\u00f3 nhi\u1ec1u c\u1ea5p \u0111\u1ed9 kh\u00e1c nhau \u0111\u1ec3 ph\u00f9 h\u1ee3p v\u1edbi tr\u00ecnh \u0111\u1ed9 th\u00e0nh th\u1ea1o c\u1ee7a nh\u1eefng ng\u01b0\u1eddi h\u1ecdc kh\u00e1c nhau. N\u00f3 \u0111\u01b0\u1ee3c chia th\u00e0nh s\u00e1u m\u00f4-\u0111un: A1 (s\u01a1 c\u1ea5p), A2, B1, B2, C1 v\u00e0 C2 (cao c\u1ea5p).<\/p>\r\n        <\/div>\r\n                    <div class=\"methodWraper\">\r\n            <div class=\"methodContent\">\r\n                <img decoding=\"async\" src=\"https:\/\/talkpal.ai\/wp-content\/uploads\/2025\/05\/check_icon.png\" alt=\"Checkmark Icon\">\r\n                <h3>DSH:<\/h3>\r\n            <\/div>\r\n            <p>DSH (Deutsche Sprachpr\u00fcfung f\u00fcr den Hochschulzugang): K\u1ef3 thi n\u00e0y h\u01b0\u1edbng \u0111\u1ebfn nh\u1eefng ng\u01b0\u1eddi mu\u1ed1n theo h\u1ecdc t\u1ea1i m\u1ed9t tr\u01b0\u1eddng \u0111\u1ea1i h\u1ecdc c\u1ee7a \u0110\u1ee9c v\u00e0 c\u1ea7n ch\u1ee9ng minh tr\u00ecnh \u0111\u1ed9 ng\u00f4n ng\u1eef c\u1ee7a m\u00ecnh. DSH th\u01b0\u1eddng \u0111\u01b0\u1ee3c cung c\u1ea5p th\u00f4ng qua c\u00e1c tr\u01b0\u1eddng \u0111\u1ea1i h\u1ecdc v\u00e0 \u0111i\u1ec3m \u0111\u1eadu th\u01b0\u1eddng kh\u00e1 cao.<\/p>\r\n        <\/div>\r\n                    <div class=\"methodWraper\">\r\n            <div class=\"methodContent\">\r\n                <img decoding=\"async\" src=\"https:\/\/talkpal.ai\/wp-content\/uploads\/2025\/05\/check_icon.png\" alt=\"Checkmark Icon\">\r\n                <h3>\u00d6SD:<\/h3>\r\n            <\/div>\r\n            <p>\u00d6SD (\u00d6sterreichisches Sprachdiplom Deutsch): Ch\u1ee9ng ch\u1ec9 \u00d6SD cung c\u1ea5p b\u1eb1ng ch\u1ee9ng \u0111\u01b0\u1ee3c qu\u1ed1c t\u1ebf c\u00f4ng nh\u1eadn v\u1ec1 kh\u1ea3 n\u0103ng ti\u1ebfng \u0110\u1ee9c. V\u1edbi c\u00e1c k\u1ef3 thi kh\u00e1c nhau \u0111\u1ec3 ph\u1ee5c v\u1ee5 cho c\u00e1c m\u1ee9c \u0111\u1ed9 th\u00e0nh th\u1ea1o kh\u00e1c nhau, \u0111\u00e2y l\u00e0 m\u1ed9t l\u1ef1a ch\u1ecdn ph\u1ed5 bi\u1ebfn c\u1ee7a nh\u1eefng ng\u01b0\u1eddi h\u1ecdc nh\u1eb1m hi\u1ec3u bi\u1ebft r\u1ed9ng r\u00e3i v\u1ec1 ti\u1ebfng \u0110\u1ee9c.<\/p>\r\n        <\/div>\r\n                    <div class=\"methodWraper\">\r\n            <div class=\"methodContent\">\r\n                <img decoding=\"async\" src=\"https:\/\/talkpal.ai\/wp-content\/uploads\/2025\/05\/check_icon.png\" alt=\"Checkmark Icon\">\r\n                <h3>\u0110i\u1ec7n tho\u1ea1i:<\/h3>\r\n            <\/div>\r\n            <p>telc (Ch\u1ee9ng ch\u1ec9 ng\u00f4n ng\u1eef ch\u00e2u \u00c2u): \u0110\u00e2y l\u00e0 m\u1ed9t h\u1ec7 th\u1ed1ng ti\u00eau chu\u1ea9n qu\u1ed1c t\u1ebf kh\u00e1c \u0111\u1ec3 ki\u1ec3m tra tr\u00ecnh \u0111\u1ed9 ng\u00f4n ng\u1eef. telc cung c\u1ea5p ch\u1ee9ng ch\u1ec9 cho t\u1ea5t c\u1ea3 c\u00e1c c\u1ea5p \u0111\u1ed9, t\u1eeb A1 \u0111\u1ebfn C2. Tr\u1ecdng t\u00e2m l\u00e0 cu\u1ed9c s\u1ed1ng h\u00e0ng ng\u00e0y v\u00e0 c\u00e1c t\u00ecnh hu\u1ed1ng n\u01a1i l\u00e0m vi\u1ec7c, l\u00e0m cho ch\u1ee9ng ch\u1ec9 \u0111\u1eb7c bi\u1ec7t h\u1eefu \u00edch cho nh\u1eefng ng\u01b0\u1eddi t\u00ecm ki\u1ebfm vi\u1ec7c l\u00e0m \u1edf c\u00e1c n\u01b0\u1edbc n\u00f3i ti\u1ebfng \u0110\u1ee9c.<\/p>\r\n        <\/div>\r\n    <\/div><\/div>\n","protected":false},"excerpt":{"rendered":"<p>Ch\u1ee9ng ch\u1ec9 ti\u1ebfng \u0110\u1ee9c<\/p>\n","protected":false},"author":8,"featured_media":1440182,"parent":0,"menu_order":0,"comment_status":"closed","ping_status":"closed","template":"simpleContentPage.php","meta":{"_acf_changed":false,"footnotes":""},"class_list":["post-1442965","page","type-page","status-publish","has-post-thumbnail","hentry"],"acf":[],"yoast_head":"<!-- This site is optimized with the Yoast SEO Premium plugin v27.2 (Yoast SEO v27.2) - https:\/\/yoast.com\/product\/yoast-seo-premium-wordpress\/ -->\n<title>Ch\u1ee9ng ch\u1ec9 ti\u1ebfng \u0110\u1ee9c - Talkpal<\/title>\n<meta name=\"description\" content=\"Ki\u1ebfm \u0111\u01b0\u1ee3c Ch\u1ee9ng ch\u1ec9 ti\u1ebfng \u0110\u1ee9c \u0111\u01b0\u1ee3c c\u00f4ng nh\u1eadn - x\u00e1c nh\u1eadn k\u1ef9 n\u0103ng c\u1ee7a b\u1ea1n v\u00e0 th\u00fac \u0111\u1ea9y s\u1ef1 nghi\u1ec7p c\u1ee7a b\u1ea1n!\" \/>\n<meta name=\"robots\" content=\"index, follow, max-snippet:-1, max-image-preview:large, max-video-preview:-1\" \/>\n<link rel=\"canonical\" href=\"https:\/\/talkpal.ai\/vi\/chung-chi-tieng-duc\/\" \/>\n<meta property=\"og:locale\" content=\"vi_VN\" \/>\n<meta property=\"og:type\" content=\"article\" \/>\n<meta property=\"og:title\" content=\"Ch\u1ee9ng ch\u1ec9 ti\u1ebfng \u0110\u1ee9c\" \/>\n<meta property=\"og:description\" content=\"Ch\u1ee9ng ch\u1ec9 ti\u1ebfng \u0110\u1ee9c\" \/>\n<meta property=\"og:url\" content=\"https:\/\/talkpal.ai\/vi\/chung-chi-tieng-duc\/\" \/>\n<meta property=\"og:site_name\" content=\"Talkpal\" \/>\n<meta property=\"article:publisher\" content=\"https:\/\/www.facebook.com\/profile.php?id=100090733639311\" \/>\n<meta property=\"article:modified_time\" content=\"2026-01-07T15:04:45+00:00\" \/>\n<meta property=\"og:image\" content=\"https:\/\/talkpal.ai\/wp-content\/uploads\/2023\/03\/germany.png\" \/>\n\t<meta property=\"og:image:width\" content=\"512\" \/>\n\t<meta property=\"og:image:height\" content=\"512\" \/>\n\t<meta property=\"og:image:type\" content=\"image\/png\" \/>\n<meta name=\"twitter:card\" content=\"summary_large_image\" \/>\n<meta name=\"twitter:site\" content=\"@talkpalai\" \/>\n<script type=\"application\/ld+json\" class=\"yoast-schema-graph\">{\"@context\":\"https:\/\/schema.org\",\"@graph\":[{\"@type\":\"WebPage\",\"@id\":\"https:\/\/talkpal.ai\/vi\/chung-chi-tieng-duc\/\",\"url\":\"https:\/\/talkpal.ai\/vi\/chung-chi-tieng-duc\/\",\"name\":\"Ch\u1ee9ng ch\u1ec9 ti\u1ebfng \u0110\u1ee9c - Talkpal\",\"isPartOf\":{\"@id\":\"https:\/\/talkpal.ai\/vi\/#website\"},\"primaryImageOfPage\":{\"@id\":\"https:\/\/talkpal.ai\/vi\/chung-chi-tieng-duc\/#primaryimage\"},\"image\":{\"@id\":\"https:\/\/talkpal.ai\/vi\/chung-chi-tieng-duc\/#primaryimage\"},\"thumbnailUrl\":\"https:\/\/talkpal.ai\/wp-content\/uploads\/2023\/03\/germany.png\",\"datePublished\":\"2023-12-05T11:40:43+00:00\",\"dateModified\":\"2026-01-07T15:04:45+00:00\",\"description\":\"Ki\u1ebfm \u0111\u01b0\u1ee3c Ch\u1ee9ng ch\u1ec9 ti\u1ebfng \u0110\u1ee9c \u0111\u01b0\u1ee3c c\u00f4ng nh\u1eadn - x\u00e1c nh\u1eadn k\u1ef9 n\u0103ng c\u1ee7a b\u1ea1n v\u00e0 th\u00fac \u0111\u1ea9y s\u1ef1 nghi\u1ec7p c\u1ee7a b\u1ea1n!\",\"breadcrumb\":{\"@id\":\"https:\/\/talkpal.ai\/vi\/chung-chi-tieng-duc\/#breadcrumb\"},\"inLanguage\":\"vi-VN\",\"potentialAction\":[{\"@type\":\"ReadAction\",\"target\":[\"https:\/\/talkpal.ai\/vi\/chung-chi-tieng-duc\/\"]}]},{\"@type\":\"ImageObject\",\"inLanguage\":\"vi-VN\",\"@id\":\"https:\/\/talkpal.ai\/vi\/chung-chi-tieng-duc\/#primaryimage\",\"url\":\"https:\/\/talkpal.ai\/wp-content\/uploads\/2023\/03\/germany.png\",\"contentUrl\":\"https:\/\/talkpal.ai\/wp-content\/uploads\/2023\/03\/germany.png\",\"width\":512,\"height\":512,\"caption\":\"TalkPal AI learn German\"},{\"@type\":\"BreadcrumbList\",\"@id\":\"https:\/\/talkpal.ai\/vi\/chung-chi-tieng-duc\/#breadcrumb\",\"itemListElement\":[{\"@type\":\"ListItem\",\"position\":1,\"name\":\"Homepage\",\"item\":\"https:\/\/talkpal.ai\/vi\/giao-vien-ngon-ngu-ai-3\/\"},{\"@type\":\"ListItem\",\"position\":2,\"name\":\"Ch\u1ee9ng ch\u1ec9 ti\u1ebfng \u0110\u1ee9c\"}]},{\"@type\":\"WebSite\",\"@id\":\"https:\/\/talkpal.ai\/vi\/#website\",\"url\":\"https:\/\/talkpal.ai\/vi\/\",\"name\":\"Talkpal\",\"description\":\"AI Language Learning\",\"publisher\":{\"@id\":\"https:\/\/talkpal.ai\/vi\/#organization\"},\"alternateName\":\"Talkpal AI\",\"potentialAction\":[{\"@type\":\"SearchAction\",\"target\":{\"@type\":\"EntryPoint\",\"urlTemplate\":\"https:\/\/talkpal.ai\/vi\/?s={search_term_string}\"},\"query-input\":{\"@type\":\"PropertyValueSpecification\",\"valueRequired\":true,\"valueName\":\"search_term_string\"}}],\"inLanguage\":\"vi-VN\"},{\"@type\":\"Organization\",\"@id\":\"https:\/\/talkpal.ai\/vi\/#organization\",\"name\":\"Talkpal, Inc.\",\"alternateName\":\"Talkpal AI\",\"url\":\"https:\/\/talkpal.ai\/vi\/\",\"logo\":{\"@type\":\"ImageObject\",\"inLanguage\":\"vi-VN\",\"@id\":\"https:\/\/talkpal.ai\/vi\/#\/schema\/logo\/image\/\",\"url\":\"https:\/\/talkpal.ai\/wp-content\/uploads\/2024\/03\/Talkpal-Logo-Icon.png\",\"contentUrl\":\"https:\/\/talkpal.ai\/wp-content\/uploads\/2024\/03\/Talkpal-Logo-Icon.png\",\"width\":2880,\"height\":2880,\"caption\":\"Talkpal, Inc.\"},\"image\":{\"@id\":\"https:\/\/talkpal.ai\/vi\/#\/schema\/logo\/image\/\"},\"sameAs\":[\"https:\/\/www.facebook.com\/profile.php?id=100090733639311\",\"https:\/\/x.com\/talkpalai\",\"https:\/\/www.linkedin.com\/company\/talkpal\/\",\"https:\/\/www.youtube.com\/@TalkPal\/\",\"https:\/\/www.tiktok.com\/@talkpal\",\"https:\/\/www.instagram.com\/talkpal_ai\/\",\"https:\/\/www.crunchbase.com\/organization\/talkpal-9cde\",\"https:\/\/www.g2.com\/products\/talkpal-for-business\/\",\"https:\/\/www.trustpilot.com\/review\/talkpal.ai\",\"https:\/\/www.capterra.com\/p\/10006800\/TalkPal\/\"],\"description\":\"Talkpal is a language learning web and mobile education app, powered by the latest AI technologies, that provides engaging experiences to its customers in many different languages to help them improve their language skills. Users can chat about unlimited amount of topics with the app and use other modes to practice their language learning.\",\"email\":\"support@talkpal.ai\",\"legalName\":\"Talkpal, Inc.\",\"foundingDate\":\"2023-04-03\",\"duns\":\"118989042\",\"numberOfEmployees\":{\"@type\":\"QuantitativeValue\",\"minValue\":\"11\",\"maxValue\":\"50\"},\"publishingPrinciples\":\"https:\/\/talkpal.ai\/publishing-principles\/\",\"actionableFeedbackPolicy\":\"https:\/\/talkpal.ai\/actionable-feedback-policy\/\",\"correctionsPolicy\":\"https:\/\/talkpal.ai\/corrections-policy\/\",\"ethicsPolicy\":\"https:\/\/talkpal.ai\/ethics-policy\/\",\"diversityPolicy\":\"https:\/\/talkpal.ai\/diversity-policy\/\",\"diversityStaffingReport\":\"https:\/\/talkpal.ai\/diversity-policy\/\"}]}<\/script>\n<!-- \/ Yoast SEO Premium plugin. -->","yoast_head_json":{"title":"Ch\u1ee9ng ch\u1ec9 ti\u1ebfng \u0110\u1ee9c - Talkpal","description":"Ki\u1ebfm \u0111\u01b0\u1ee3c Ch\u1ee9ng ch\u1ec9 ti\u1ebfng \u0110\u1ee9c \u0111\u01b0\u1ee3c c\u00f4ng nh\u1eadn - x\u00e1c nh\u1eadn k\u1ef9 n\u0103ng c\u1ee7a b\u1ea1n v\u00e0 th\u00fac \u0111\u1ea9y s\u1ef1 nghi\u1ec7p c\u1ee7a b\u1ea1n!","robots":{"index":"index","follow":"follow","max-snippet":"max-snippet:-1","max-image-preview":"max-image-preview:large","max-video-preview":"max-video-preview:-1"},"canonical":"https:\/\/talkpal.ai\/vi\/chung-chi-tieng-duc\/","og_locale":"vi_VN","og_type":"article","og_title":"Ch\u1ee9ng ch\u1ec9 ti\u1ebfng \u0110\u1ee9c","og_description":"Ch\u1ee9ng ch\u1ec9 ti\u1ebfng \u0110\u1ee9c","og_url":"https:\/\/talkpal.ai\/vi\/chung-chi-tieng-duc\/","og_site_name":"Talkpal","article_publisher":"https:\/\/www.facebook.com\/profile.php?id=100090733639311","article_modified_time":"2026-01-07T15:04:45+00:00","og_image":[{"width":512,"height":512,"url":"https:\/\/talkpal.ai\/wp-content\/uploads\/2023\/03\/germany.png","type":"image\/png"}],"twitter_card":"summary_large_image","twitter_site":"@talkpalai","schema":{"@context":"https:\/\/schema.org","@graph":[{"@type":"WebPage","@id":"https:\/\/talkpal.ai\/vi\/chung-chi-tieng-duc\/","url":"https:\/\/talkpal.ai\/vi\/chung-chi-tieng-duc\/","name":"Ch\u1ee9ng ch\u1ec9 ti\u1ebfng \u0110\u1ee9c - Talkpal","isPartOf":{"@id":"https:\/\/talkpal.ai\/vi\/#website"},"primaryImageOfPage":{"@id":"https:\/\/talkpal.ai\/vi\/chung-chi-tieng-duc\/#primaryimage"},"image":{"@id":"https:\/\/talkpal.ai\/vi\/chung-chi-tieng-duc\/#primaryimage"},"thumbnailUrl":"https:\/\/talkpal.ai\/wp-content\/uploads\/2023\/03\/germany.png","datePublished":"2023-12-05T11:40:43+00:00","dateModified":"2026-01-07T15:04:45+00:00","description":"Ki\u1ebfm \u0111\u01b0\u1ee3c Ch\u1ee9ng ch\u1ec9 ti\u1ebfng \u0110\u1ee9c \u0111\u01b0\u1ee3c c\u00f4ng nh\u1eadn - x\u00e1c nh\u1eadn k\u1ef9 n\u0103ng c\u1ee7a b\u1ea1n v\u00e0 th\u00fac \u0111\u1ea9y s\u1ef1 nghi\u1ec7p c\u1ee7a b\u1ea1n!","breadcrumb":{"@id":"https:\/\/talkpal.ai\/vi\/chung-chi-tieng-duc\/#breadcrumb"},"inLanguage":"vi-VN","potentialAction":[{"@type":"ReadAction","target":["https:\/\/talkpal.ai\/vi\/chung-chi-tieng-duc\/"]}]},{"@type":"ImageObject","inLanguage":"vi-VN","@id":"https:\/\/talkpal.ai\/vi\/chung-chi-tieng-duc\/#primaryimage","url":"https:\/\/talkpal.ai\/wp-content\/uploads\/2023\/03\/germany.png","contentUrl":"https:\/\/talkpal.ai\/wp-content\/uploads\/2023\/03\/germany.png","width":512,"height":512,"caption":"TalkPal AI learn German"},{"@type":"BreadcrumbList","@id":"https:\/\/talkpal.ai\/vi\/chung-chi-tieng-duc\/#breadcrumb","itemListElement":[{"@type":"ListItem","position":1,"name":"Homepage","item":"https:\/\/talkpal.ai\/vi\/giao-vien-ngon-ngu-ai-3\/"},{"@type":"ListItem","position":2,"name":"Ch\u1ee9ng ch\u1ec9 ti\u1ebfng \u0110\u1ee9c"}]},{"@type":"WebSite","@id":"https:\/\/talkpal.ai\/vi\/#website","url":"https:\/\/talkpal.ai\/vi\/","name":"Talkpal","description":"AI Language Learning","publisher":{"@id":"https:\/\/talkpal.ai\/vi\/#organization"},"alternateName":"Talkpal AI","potentialAction":[{"@type":"SearchAction","target":{"@type":"EntryPoint","urlTemplate":"https:\/\/talkpal.ai\/vi\/?s={search_term_string}"},"query-input":{"@type":"PropertyValueSpecification","valueRequired":true,"valueName":"search_term_string"}}],"inLanguage":"vi-VN"},{"@type":"Organization","@id":"https:\/\/talkpal.ai\/vi\/#organization","name":"Talkpal, Inc.","alternateName":"Talkpal AI","url":"https:\/\/talkpal.ai\/vi\/","logo":{"@type":"ImageObject","inLanguage":"vi-VN","@id":"https:\/\/talkpal.ai\/vi\/#\/schema\/logo\/image\/","url":"https:\/\/talkpal.ai\/wp-content\/uploads\/2024\/03\/Talkpal-Logo-Icon.png","contentUrl":"https:\/\/talkpal.ai\/wp-content\/uploads\/2024\/03\/Talkpal-Logo-Icon.png","width":2880,"height":2880,"caption":"Talkpal, Inc."},"image":{"@id":"https:\/\/talkpal.ai\/vi\/#\/schema\/logo\/image\/"},"sameAs":["https:\/\/www.facebook.com\/profile.php?id=100090733639311","https:\/\/x.com\/talkpalai","https:\/\/www.linkedin.com\/company\/talkpal\/","https:\/\/www.youtube.com\/@TalkPal\/","https:\/\/www.tiktok.com\/@talkpal","https:\/\/www.instagram.com\/talkpal_ai\/","https:\/\/www.crunchbase.com\/organization\/talkpal-9cde","https:\/\/www.g2.com\/products\/talkpal-for-business\/","https:\/\/www.trustpilot.com\/review\/talkpal.ai","https:\/\/www.capterra.com\/p\/10006800\/TalkPal\/"],"description":"Talkpal is a language learning web and mobile education app, powered by the latest AI technologies, that provides engaging experiences to its customers in many different languages to help them improve their language skills. Users can chat about unlimited amount of topics with the app and use other modes to practice their language learning.","email":"support@talkpal.ai","legalName":"Talkpal, Inc.","foundingDate":"2023-04-03","duns":"118989042","numberOfEmployees":{"@type":"QuantitativeValue","minValue":"11","maxValue":"50"},"publishingPrinciples":"https:\/\/talkpal.ai\/publishing-principles\/","actionableFeedbackPolicy":"https:\/\/talkpal.ai\/actionable-feedback-policy\/","correctionsPolicy":"https:\/\/talkpal.ai\/corrections-policy\/","ethicsPolicy":"https:\/\/talkpal.ai\/ethics-policy\/","diversityPolicy":"https:\/\/talkpal.ai\/diversity-policy\/","diversityStaffingReport":"https:\/\/talkpal.ai\/diversity-policy\/"}]}},"_links":{"self":[{"href":"https:\/\/talkpal.ai\/vi\/wp-json\/wp\/v2\/pages\/1442965","targetHints":{"allow":["GET"]}}],"collection":[{"href":"https:\/\/talkpal.ai\/vi\/wp-json\/wp\/v2\/pages"}],"about":[{"href":"https:\/\/talkpal.ai\/vi\/wp-json\/wp\/v2\/types\/page"}],"author":[{"embeddable":true,"href":"https:\/\/talkpal.ai\/vi\/wp-json\/wp\/v2\/users\/8"}],"replies":[{"embeddable":true,"href":"https:\/\/talkpal.ai\/vi\/wp-json\/wp\/v2\/comments?post=1442965"}],"version-history":[{"count":0,"href":"https:\/\/talkpal.ai\/vi\/wp-json\/wp\/v2\/pages\/1442965\/revisions"}],"wp:featuredmedia":[{"embeddable":true,"href":"https:\/\/talkpal.ai\/vi\/wp-json\/wp\/v2\/media\/1440182"}],"wp:attachment":[{"href":"https:\/\/talkpal.ai\/vi\/wp-json\/wp\/v2\/media?parent=1442965"}],"curies":[{"name":"wp","href":"https:\/\/api.w.org\/{rel}","templated":true}]}}