{"id":1442917,"date":"2023-04-16T14:07:10","date_gmt":"2023-04-16T14:07:10","guid":{"rendered":"https:\/\/talkpal.ai\/dang-ky\/"},"modified":"2023-04-16T14:07:10","modified_gmt":"2023-04-16T14:07:10","slug":"dang-ky","status":"publish","type":"page","link":"https:\/\/talkpal.ai\/vi\/dang-ky\/","title":{"rendered":"\u0110\u0103ng k\u00fd"},"content":{"rendered":"","protected":false},"excerpt":{"rendered":"","protected":false},"author":1,"featured_media":1439689,"parent":0,"menu_order":0,"comment_status":"closed","ping_status":"closed","template":"frontPage.php","meta":{"_acf_changed":false,"footnotes":""},"class_list":["post-1442917","page","type-page","status-publish","has-post-thumbnail","hentry"],"acf":[],"yoast_head":"<!-- This site is optimized with the Yoast SEO Premium plugin v27.2 (Yoast SEO v27.2) - https:\/\/yoast.com\/product\/yoast-seo-premium-wordpress\/ -->\n<title>\u0110\u0103ng k\u00fd - Talkpal<\/title>\n<meta name=\"description\" content=\"\u0110\u0103ng k\u00fd Talkpal v\u00e0 c\u1ea3i thi\u1ec7n k\u1ef9 n\u0103ng ng\u00f4n ng\u1eef c\u1ee7a b\u1ea1n th\u00f4ng qua c\u00e1c b\u00e0i h\u1ecdc t\u01b0\u01a1ng t\u00e1c, ph\u1ea3n h\u1ed3i \u0111\u01b0\u1ee3c c\u00e1 nh\u00e2n h\u00f3a v\u00e0 c\u00e1c b\u00e0i t\u1eadp th\u1ef1c h\u00e0nh h\u1ea5p d\u1eabn\" \/>\n<meta name=\"robots\" content=\"noindex, follow\" \/>\n<meta property=\"og:locale\" content=\"vi_VN\" \/>\n<meta property=\"og:type\" content=\"article\" \/>\n<meta property=\"og:title\" content=\"\u0110\u0103ng k\u00fd\" \/>\n<meta property=\"og:url\" content=\"https:\/\/talkpal.ai\/vi\/dang-ky\/\" \/>\n<meta property=\"og:site_name\" content=\"Talkpal\" \/>\n<meta property=\"article:publisher\" content=\"https:\/\/www.facebook.com\/profile.php?id=100090733639311\" \/>\n<meta property=\"og:image\" content=\"https:\/\/talkpal.ai\/wp-content\/uploads\/2024\/03\/Talkpal-Logo-Icon.png\" \/>\n\t<meta property=\"og:image:width\" content=\"2880\" \/>\n\t<meta property=\"og:image:height\" content=\"2880\" \/>\n\t<meta property=\"og:image:type\" content=\"image\/png\" \/>\n<meta name=\"twitter:card\" content=\"summary_large_image\" \/>\n<meta name=\"twitter:site\" content=\"@talkpalai\" \/>\n<script type=\"application\/ld+json\" class=\"yoast-schema-graph\">{\"@context\":\"https:\/\/schema.org\",\"@graph\":[{\"@type\":\"WebPage\",\"@id\":\"https:\/\/talkpal.ai\/vi\/dang-ky\/\",\"url\":\"https:\/\/talkpal.ai\/vi\/dang-ky\/\",\"name\":\"\u0110\u0103ng k\u00fd - Talkpal\",\"isPartOf\":{\"@id\":\"https:\/\/talkpal.ai\/vi\/#website\"},\"primaryImageOfPage\":{\"@id\":\"https:\/\/talkpal.ai\/vi\/dang-ky\/#primaryimage\"},\"image\":{\"@id\":\"https:\/\/talkpal.ai\/vi\/dang-ky\/#primaryimage\"},\"thumbnailUrl\":\"https:\/\/talkpal.ai\/wp-content\/uploads\/2024\/03\/Talkpal-Logo-Icon.png\",\"datePublished\":\"2023-04-16T14:07:10+00:00\",\"description\":\"\u0110\u0103ng k\u00fd Talkpal v\u00e0 c\u1ea3i thi\u1ec7n k\u1ef9 n\u0103ng ng\u00f4n ng\u1eef c\u1ee7a b\u1ea1n th\u00f4ng qua c\u00e1c b\u00e0i h\u1ecdc t\u01b0\u01a1ng t\u00e1c, ph\u1ea3n h\u1ed3i \u0111\u01b0\u1ee3c c\u00e1 nh\u00e2n h\u00f3a v\u00e0 c\u00e1c b\u00e0i t\u1eadp th\u1ef1c h\u00e0nh h\u1ea5p d\u1eabn\",\"breadcrumb\":{\"@id\":\"https:\/\/talkpal.ai\/vi\/dang-ky\/#breadcrumb\"},\"inLanguage\":\"vi-VN\",\"potentialAction\":[{\"@type\":\"ReadAction\",\"target\":[\"https:\/\/talkpal.ai\/vi\/dang-ky\/\"]}]},{\"@type\":\"ImageObject\",\"inLanguage\":\"vi-VN\",\"@id\":\"https:\/\/talkpal.ai\/vi\/dang-ky\/#primaryimage\",\"url\":\"https:\/\/talkpal.ai\/wp-content\/uploads\/2024\/03\/Talkpal-Logo-Icon.png\",\"contentUrl\":\"https:\/\/talkpal.ai\/wp-content\/uploads\/2024\/03\/Talkpal-Logo-Icon.png\",\"width\":2880,\"height\":2880,\"caption\":\"Logo Talkpal kh\u00f4ng c\u00f3 d\u1ea5u ch\u1eef\"},{\"@type\":\"BreadcrumbList\",\"@id\":\"https:\/\/talkpal.ai\/vi\/dang-ky\/#breadcrumb\",\"itemListElement\":[{\"@type\":\"ListItem\",\"position\":1,\"name\":\"Homepage\",\"item\":\"https:\/\/talkpal.ai\/vi\/giao-vien-ngon-ngu-ai-3\/\"},{\"@type\":\"ListItem\",\"position\":2,\"name\":\"\u0110\u0103ng k\u00fd\"}]},{\"@type\":\"WebSite\",\"@id\":\"https:\/\/talkpal.ai\/vi\/#website\",\"url\":\"https:\/\/talkpal.ai\/vi\/\",\"name\":\"Talkpal\",\"description\":\"AI Language Learning\",\"publisher\":{\"@id\":\"https:\/\/talkpal.ai\/vi\/#organization\"},\"alternateName\":\"Talkpal AI\",\"potentialAction\":[{\"@type\":\"SearchAction\",\"target\":{\"@type\":\"EntryPoint\",\"urlTemplate\":\"https:\/\/talkpal.ai\/vi\/?s={search_term_string}\"},\"query-input\":{\"@type\":\"PropertyValueSpecification\",\"valueRequired\":true,\"valueName\":\"search_term_string\"}}],\"inLanguage\":\"vi-VN\"},{\"@type\":\"Organization\",\"@id\":\"https:\/\/talkpal.ai\/vi\/#organization\",\"name\":\"Talkpal, Inc.\",\"alternateName\":\"Talkpal AI\",\"url\":\"https:\/\/talkpal.ai\/vi\/\",\"logo\":{\"@type\":\"ImageObject\",\"inLanguage\":\"vi-VN\",\"@id\":\"https:\/\/talkpal.ai\/vi\/#\/schema\/logo\/image\/\",\"url\":\"https:\/\/talkpal.ai\/wp-content\/uploads\/2024\/03\/Talkpal-Logo-Icon.png\",\"contentUrl\":\"https:\/\/talkpal.ai\/wp-content\/uploads\/2024\/03\/Talkpal-Logo-Icon.png\",\"width\":2880,\"height\":2880,\"caption\":\"Talkpal, Inc.\"},\"image\":{\"@id\":\"https:\/\/talkpal.ai\/vi\/#\/schema\/logo\/image\/\"},\"sameAs\":[\"https:\/\/www.facebook.com\/profile.php?id=100090733639311\",\"https:\/\/x.com\/talkpalai\",\"https:\/\/www.linkedin.com\/company\/talkpal\/\",\"https:\/\/www.youtube.com\/@TalkPal\/\",\"https:\/\/www.tiktok.com\/@talkpal\",\"https:\/\/www.instagram.com\/talkpal_ai\/\",\"https:\/\/www.crunchbase.com\/organization\/talkpal-9cde\",\"https:\/\/www.g2.com\/products\/talkpal-for-business\/\",\"https:\/\/www.trustpilot.com\/review\/talkpal.ai\",\"https:\/\/www.capterra.com\/p\/10006800\/TalkPal\/\"],\"description\":\"Talkpal is a language learning web and mobile education app, powered by the latest AI technologies, that provides engaging experiences to its customers in many different languages to help them improve their language skills. Users can chat about unlimited amount of topics with the app and use other modes to practice their language learning.\",\"email\":\"support@talkpal.ai\",\"legalName\":\"Talkpal, Inc.\",\"foundingDate\":\"2023-04-03\",\"duns\":\"118989042\",\"numberOfEmployees\":{\"@type\":\"QuantitativeValue\",\"minValue\":\"11\",\"maxValue\":\"50\"},\"publishingPrinciples\":\"https:\/\/talkpal.ai\/publishing-principles\/\",\"actionableFeedbackPolicy\":\"https:\/\/talkpal.ai\/actionable-feedback-policy\/\",\"correctionsPolicy\":\"https:\/\/talkpal.ai\/corrections-policy\/\",\"ethicsPolicy\":\"https:\/\/talkpal.ai\/ethics-policy\/\",\"diversityPolicy\":\"https:\/\/talkpal.ai\/diversity-policy\/\",\"diversityStaffingReport\":\"https:\/\/talkpal.ai\/diversity-policy\/\"}]}<\/script>\n<!-- \/ Yoast SEO Premium plugin. -->","yoast_head_json":{"title":"\u0110\u0103ng k\u00fd - Talkpal","description":"\u0110\u0103ng k\u00fd Talkpal v\u00e0 c\u1ea3i thi\u1ec7n k\u1ef9 n\u0103ng ng\u00f4n ng\u1eef c\u1ee7a b\u1ea1n th\u00f4ng qua c\u00e1c b\u00e0i h\u1ecdc t\u01b0\u01a1ng t\u00e1c, ph\u1ea3n h\u1ed3i \u0111\u01b0\u1ee3c c\u00e1 nh\u00e2n h\u00f3a v\u00e0 c\u00e1c b\u00e0i t\u1eadp th\u1ef1c h\u00e0nh h\u1ea5p d\u1eabn","robots":{"index":"noindex","follow":"follow"},"og_locale":"vi_VN","og_type":"article","og_title":"\u0110\u0103ng k\u00fd","og_url":"https:\/\/talkpal.ai\/vi\/dang-ky\/","og_site_name":"Talkpal","article_publisher":"https:\/\/www.facebook.com\/profile.php?id=100090733639311","og_image":[{"width":2880,"height":2880,"url":"https:\/\/talkpal.ai\/wp-content\/uploads\/2024\/03\/Talkpal-Logo-Icon.png","type":"image\/png"}],"twitter_card":"summary_large_image","twitter_site":"@talkpalai","schema":{"@context":"https:\/\/schema.org","@graph":[{"@type":"WebPage","@id":"https:\/\/talkpal.ai\/vi\/dang-ky\/","url":"https:\/\/talkpal.ai\/vi\/dang-ky\/","name":"\u0110\u0103ng k\u00fd - Talkpal","isPartOf":{"@id":"https:\/\/talkpal.ai\/vi\/#website"},"primaryImageOfPage":{"@id":"https:\/\/talkpal.ai\/vi\/dang-ky\/#primaryimage"},"image":{"@id":"https:\/\/talkpal.ai\/vi\/dang-ky\/#primaryimage"},"thumbnailUrl":"https:\/\/talkpal.ai\/wp-content\/uploads\/2024\/03\/Talkpal-Logo-Icon.png","datePublished":"2023-04-16T14:07:10+00:00","description":"\u0110\u0103ng k\u00fd Talkpal v\u00e0 c\u1ea3i thi\u1ec7n k\u1ef9 n\u0103ng ng\u00f4n ng\u1eef c\u1ee7a b\u1ea1n th\u00f4ng qua c\u00e1c b\u00e0i h\u1ecdc t\u01b0\u01a1ng t\u00e1c, ph\u1ea3n h\u1ed3i \u0111\u01b0\u1ee3c c\u00e1 nh\u00e2n h\u00f3a v\u00e0 c\u00e1c b\u00e0i t\u1eadp th\u1ef1c h\u00e0nh h\u1ea5p d\u1eabn","breadcrumb":{"@id":"https:\/\/talkpal.ai\/vi\/dang-ky\/#breadcrumb"},"inLanguage":"vi-VN","potentialAction":[{"@type":"ReadAction","target":["https:\/\/talkpal.ai\/vi\/dang-ky\/"]}]},{"@type":"ImageObject","inLanguage":"vi-VN","@id":"https:\/\/talkpal.ai\/vi\/dang-ky\/#primaryimage","url":"https:\/\/talkpal.ai\/wp-content\/uploads\/2024\/03\/Talkpal-Logo-Icon.png","contentUrl":"https:\/\/talkpal.ai\/wp-content\/uploads\/2024\/03\/Talkpal-Logo-Icon.png","width":2880,"height":2880,"caption":"Logo Talkpal kh\u00f4ng c\u00f3 d\u1ea5u ch\u1eef"},{"@type":"BreadcrumbList","@id":"https:\/\/talkpal.ai\/vi\/dang-ky\/#breadcrumb","itemListElement":[{"@type":"ListItem","position":1,"name":"Homepage","item":"https:\/\/talkpal.ai\/vi\/giao-vien-ngon-ngu-ai-3\/"},{"@type":"ListItem","position":2,"name":"\u0110\u0103ng k\u00fd"}]},{"@type":"WebSite","@id":"https:\/\/talkpal.ai\/vi\/#website","url":"https:\/\/talkpal.ai\/vi\/","name":"Talkpal","description":"AI Language Learning","publisher":{"@id":"https:\/\/talkpal.ai\/vi\/#organization"},"alternateName":"Talkpal AI","potentialAction":[{"@type":"SearchAction","target":{"@type":"EntryPoint","urlTemplate":"https:\/\/talkpal.ai\/vi\/?s={search_term_string}"},"query-input":{"@type":"PropertyValueSpecification","valueRequired":true,"valueName":"search_term_string"}}],"inLanguage":"vi-VN"},{"@type":"Organization","@id":"https:\/\/talkpal.ai\/vi\/#organization","name":"Talkpal, Inc.","alternateName":"Talkpal AI","url":"https:\/\/talkpal.ai\/vi\/","logo":{"@type":"ImageObject","inLanguage":"vi-VN","@id":"https:\/\/talkpal.ai\/vi\/#\/schema\/logo\/image\/","url":"https:\/\/talkpal.ai\/wp-content\/uploads\/2024\/03\/Talkpal-Logo-Icon.png","contentUrl":"https:\/\/talkpal.ai\/wp-content\/uploads\/2024\/03\/Talkpal-Logo-Icon.png","width":2880,"height":2880,"caption":"Talkpal, Inc."},"image":{"@id":"https:\/\/talkpal.ai\/vi\/#\/schema\/logo\/image\/"},"sameAs":["https:\/\/www.facebook.com\/profile.php?id=100090733639311","https:\/\/x.com\/talkpalai","https:\/\/www.linkedin.com\/company\/talkpal\/","https:\/\/www.youtube.com\/@TalkPal\/","https:\/\/www.tiktok.com\/@talkpal","https:\/\/www.instagram.com\/talkpal_ai\/","https:\/\/www.crunchbase.com\/organization\/talkpal-9cde","https:\/\/www.g2.com\/products\/talkpal-for-business\/","https:\/\/www.trustpilot.com\/review\/talkpal.ai","https:\/\/www.capterra.com\/p\/10006800\/TalkPal\/"],"description":"Talkpal is a language learning web and mobile education app, powered by the latest AI technologies, that provides engaging experiences to its customers in many different languages to help them improve their language skills. Users can chat about unlimited amount of topics with the app and use other modes to practice their language learning.","email":"support@talkpal.ai","legalName":"Talkpal, Inc.","foundingDate":"2023-04-03","duns":"118989042","numberOfEmployees":{"@type":"QuantitativeValue","minValue":"11","maxValue":"50"},"publishingPrinciples":"https:\/\/talkpal.ai\/publishing-principles\/","actionableFeedbackPolicy":"https:\/\/talkpal.ai\/actionable-feedback-policy\/","correctionsPolicy":"https:\/\/talkpal.ai\/corrections-policy\/","ethicsPolicy":"https:\/\/talkpal.ai\/ethics-policy\/","diversityPolicy":"https:\/\/talkpal.ai\/diversity-policy\/","diversityStaffingReport":"https:\/\/talkpal.ai\/diversity-policy\/"}]}},"_links":{"self":[{"href":"https:\/\/talkpal.ai\/vi\/wp-json\/wp\/v2\/pages\/1442917","targetHints":{"allow":["GET"]}}],"collection":[{"href":"https:\/\/talkpal.ai\/vi\/wp-json\/wp\/v2\/pages"}],"about":[{"href":"https:\/\/talkpal.ai\/vi\/wp-json\/wp\/v2\/types\/page"}],"author":[{"embeddable":true,"href":"https:\/\/talkpal.ai\/vi\/wp-json\/wp\/v2\/users\/1"}],"replies":[{"embeddable":true,"href":"https:\/\/talkpal.ai\/vi\/wp-json\/wp\/v2\/comments?post=1442917"}],"version-history":[{"count":0,"href":"https:\/\/talkpal.ai\/vi\/wp-json\/wp\/v2\/pages\/1442917\/revisions"}],"wp:featuredmedia":[{"embeddable":true,"href":"https:\/\/talkpal.ai\/vi\/wp-json\/wp\/v2\/media\/1439689"}],"wp:attachment":[{"href":"https:\/\/talkpal.ai\/vi\/wp-json\/wp\/v2\/media?parent=1442917"}],"curies":[{"name":"wp","href":"https:\/\/api.w.org\/{rel}","templated":true}]}}